{"id":148950,"date":"2023-05-14T14:18:46","date_gmt":"2023-05-14T14:18:46","guid":{"rendered":"http:\/\/talkpal.ai\/polska-gramatika\/"},"modified":"2025-12-17T17:14:50","modified_gmt":"2025-12-17T17:14:50","slug":"polska-gramatika","status":"publish","type":"page","link":"https:\/\/talkpal.ai\/sk\/polska-gramatika\/","title":{"rendered":"Po\u013esk\u00e1 gramatika"},"content":{"rendered":"\r\n\r\n\r\n<section class=\"languageChallengeSection\">\r\n    <div class=\"languageInfoWrapper\">\r\n        \r\n        <h1>Po\u013esk\u00e1 gramatika<\/h1>\r\n        <p>Ponorte sa do fascinuj\u00faceho sveta po\u013eskej gramatiky a objavte z\u00e1klady jedn\u00e9ho z najroz\u0161\u00edrenej\u0161\u00edch jazykov v strednej Eur\u00f3pe. Ak si osvoj\u00edte z\u00e1kladn\u00e9 pravidl\u00e1, budete komunikova\u0165 efekt\u00edvnej\u0161ie a lep\u0161ie pochop\u00edte po\u013esk\u00fa kult\u00faru. Za\u010dnite sa u\u010di\u0165 po\u013esk\u00fa gramatiku e\u0161te dnes a urobte prv\u00fd krok k plynulosti!<\/p>\r\n\r\n                            <a class=\"getStartedHidden\" href=\"https:\/\/app.talkpal.ai\/sk\/signup?lng=\">Za\u010dni<\/a>\r\n        \r\n    <\/div>\r\n\r\n    <figure>\r\n    <img decoding=\"async\" width=\"768\" height=\"768\" src=\"https:\/\/talkpal.ai\/wp-content\/uploads\/2023\/06\/polish-768x768.png\" class=\"languageImage no-lazy\" alt=\"Practical tips on language learning techniques\" fetchpriority=\"high\" sizes=\"(max-width: 768px) 150px, 768px\" srcset=\"https:\/\/talkpal.ai\/wp-content\/uploads\/2023\/06\/polish-768x768.png 768w, https:\/\/talkpal.ai\/wp-content\/uploads\/2023\/06\/polish-300x300.png 300w\" \/>\r\n    \r\n\r\n    <\/figure>\r\n\r\n            <a class=\"getStartedVisible\" href=\"https:\/\/app.talkpal.ai\/sk\/signup?lng=\">Za\u010dni<\/a>\r\n    \r\n<\/section>\r\n<section class=\"promotionalBanner\">\r\n    <p class=\"promotionalText\">Najefekt\u00edvnej\u0161\u00ed sp\u00f4sob, ako sa nau\u010di\u0165 jazyk<\/p>\r\n    <a class=\"promotionalLink\" href=\"https:\/\/app.talkpal.ai\/sk\/signup?lng=\">Vysk\u00fa\u0161ajte Talkpal zadarmo<\/a>\r\n<\/section>\n<div class=\"wp-block-group pageContainerStyle\"><div class=\"wp-block-group__inner-container is-layout-constrained wp-block-group-is-layout-constrained\">\n<h2 class=\"wp-block-heading\" id=\"h-breaking-down-the-puzzle-of-polish-grammar\">Rozbitie sklada\u010dky po\u013eskej gramatiky<\/h2>\n\n\n\n<p><a href=\"https:\/\/talkpal.ai\/learn-polish\/\">Po\u013e\u0161tina<\/a>, slovansk\u00fd jazyk, je n\u00e1ro\u010dn\u00e1 a obohacuj\u00faca pre \u0161tudentov jazykov, ktor\u00ed h\u013eadaj\u00fa jedine\u010dn\u00e9 jazykov\u00e9 dobrodru\u017estvo. Ke\u010f sa ponor\u00edte do po\u013e\u0161tiny, odhal\u00edte fascinuj\u00facu hist\u00f3riu a kult\u00faru, ktor\u00e1 dop\u013a\u0148a bohatstvo samotn\u00e9ho jazyka. Hoci sa <a href=\"https:\/\/talkpal.ai\/polish-grammar\/\">po\u013esk\u00e1 gramatika<\/a> m\u00f4\u017ee zda\u0165 zlo\u017eit\u00e1, jej dekon\u0161trukcia na zvl\u00e1dnute\u013en\u00e9 prvky rob\u00ed proces u\u010denia pr\u00edstupnej\u0161\u00edm. Cie\u013eom tohto \u010dl\u00e1nku je predstavi\u0165 v\u00e1m podmaniv\u00fd svet po\u013eskej gramatiky a poskytn\u00fa\u0165 n\u00e1vod, ako rie\u0161i\u0165 jej zlo\u017eitos\u0165.<\/p>\n\n\n\n<h3 class=\"wp-block-heading\" id=\"h-1-noun-gender-and-cases\">1. Podstatn\u00e9 meno Pohlavie a pr\u00edpady<\/h3>\n\n\n\n<p>Po\u013esk\u00e9 podstatn\u00e9 men\u00e1 maj\u00fa gramatick\u00e9 rody &#8211; mu\u017esk\u00fd, \u017eensk\u00fd a stredn\u00fd &#8211; ktor\u00e9 ovplyv\u0148uj\u00fa tvary pr\u00eddavn\u00fdch mien, z\u00e1men a slovies, ktor\u00e9 ich sprev\u00e1dzaj\u00fa. Okrem toho m\u00e1 <a href=\"https:\/\/talkpal.ai\/learn-polish\/\">po\u013e\u0161tina<\/a> sedem gramatick\u00fdch p\u00e1dov: nominat\u00edv, genit\u00edv, dat\u00edv, akuzat\u00edv, in\u0161trument\u00e1l, lokat\u00edv a vokat\u00edv. Obozn\u00e1menie sa s rodov\u00fdm a pr\u00edpadov\u00fdm syst\u00e9mom je rozhoduj\u00face pre pochopenie a zostavenie presn\u00fdch po\u013esk\u00fdch viet.<\/p>\n\n\n\n<h3 class=\"wp-block-heading\" id=\"h-2-verb-conjugation-person-tense-and-aspect\">2. \u010casovanie slovies: osoba, \u010das a aspekt<\/h3>\n\n\n\n<p>Po\u013esk\u00e9 sloves\u00e1 musia by\u0165 \u010dasovan\u00e9 pod\u013ea \u010dasu, aspektu a osoby (prv\u00fd, druh\u00fd alebo tret\u00ed). Existuj\u00fa tri hlavn\u00e9 \u010dasy: pr\u00edtomnos\u0165, minulos\u0165 a bud\u00facnos\u0165. Okrem toho maj\u00fa po\u013esk\u00e9 sloves\u00e1 dva aspekty: dokonal\u00fd (pre dokon\u010den\u00e9 \u010dinnosti) a nedokonal\u00fd (pre prebiehaj\u00face alebo zvy\u010dajne vykon\u00e1van\u00e9 \u010dinnosti). Zvl\u00e1dnutie t\u00fdchto pravidiel konjug\u00e1cie v\u00fdrazne zlep\u0161\u00ed va\u0161e verb\u00e1lne komunika\u010dn\u00e9 schopnosti v po\u013e\u0161tine.<\/p>\n\n\n\n<h3 class=\"wp-block-heading\" id=\"h-3-adjectives-agreement-and-placement\">3. Pr\u00eddavn\u00e9 men\u00e1: dohoda a umiestnenie<\/h3>\n\n\n\n<p>Po\u013esk\u00e9 pr\u00eddavn\u00e9 men\u00e1 musia s\u00fahlasi\u0165 s podstatn\u00fdm menom, ktor\u00e9 upravuj\u00fa, pokia\u013e ide o rod, \u010d\u00edslo a p\u00e1d. Pr\u00eddavn\u00e9 men\u00e1 zvy\u010dajne predch\u00e1dzaj\u00fa podstatn\u00e9mu menu, \u010do poskytuje z\u00e1kladn\u00fd opisn\u00fd kontext vety.<\/p>\n\n\n\n<p>Pr\u00edklady:<\/p>\n\n\n\n<p>&#8211; czerwona sukienka (\u010derven\u00e9 \u0161aty)<\/p>\n\n\n\n<p>&#8211; pi\u0119kny ogr\u00f3d (kr\u00e1sna z\u00e1hrada)<\/p>\n\n\n\n<h3 class=\"wp-block-heading\" id=\"h-4-pronouns-types-and-uses\">4. Z\u00e1men\u00e1: typy a pou\u017eitie<\/h3>\n\n\n\n<p>Po\u013esk\u00e9 z\u00e1men\u00e1 maj\u00fa r\u00f4zne formy, vr\u00e1tane osobn\u00fdch, privlast\u0148ovac\u00edch, reflex\u00edvnych, demon\u0161trat\u00edvnych a opytovac\u00edch z\u00e1men. Ak pochop\u00edte, ako a kedy pou\u017e\u00edva\u0165 tieto z\u00e1men\u00e1, va\u0161a po\u013esk\u00e1 <a href=\"https:\/\/talkpal.ai\/sq\/gramatika\/\">gramatika<\/a> bude presnej\u0161ia a zlep\u0161\u00ed va\u0161e celkov\u00e9 jazykov\u00e9 zru\u010dnosti.<\/p>\n\n\n\n<h3 class=\"wp-block-heading\" id=\"h-5-negation-conveying-the-opposite\">5. Neg\u00e1cia: Sprostredkovanie opaku<\/h3>\n\n\n\n<p>V po\u013eskej gramatike sa neg\u00e1cia dosahuje pridan\u00edm slova &#8222;nie&#8220; pred sloves\u00e1, pr\u00eddavn\u00e9 men\u00e1, pr\u00edslovky alebo z\u00e1men\u00e1. Osobitn\u00e9 pravidl\u00e1 sa v\u0161ak vz\u0165ahuj\u00fa na neg\u00e1ciu viet s podstatn\u00fdmi menami, ktor\u00e9 m\u00f4\u017eu vy\u017eadova\u0165 dodato\u010dn\u00fa predlo\u017eku alebo in\u00fa formu podstatn\u00e9ho mena. Rozpoznanie t\u00fdchto nega\u010dn\u00fdch vzorov v\u00e1m pom\u00f4\u017ee jasne vyjadri\u0165 zam\u00fd\u0161\u013ean\u00fd v\u00fdznam v po\u013e\u0161tine.<\/p>\n\n\n\n<h3 class=\"wp-block-heading\" id=\"h-6-engage-with-the-language\">6. Zapojte sa do jazyka<\/h3>\n\n\n\n<p>Najefekt\u00edvnej\u0161\u00edm sp\u00f4sobom, ako pochopi\u0165 a internalizova\u0165 po\u013esk\u00fa gramatiku, je pravidelne sa zaobera\u0165 jazykom. Od \u010d\u00edtania po\u013eskej literat\u00fary, sledovania po\u013esk\u00fdch filmov alebo akt\u00edvnej konverz\u00e1cie s roden\u00fdmi hovorcami, ponorenie sa do r\u00f4znych kontextov posiln\u00ed va\u0161e ch\u00e1panie gramatiky a z\u00e1rove\u0148 roz\u0161\u00edri va\u0161u slovn\u00fa z\u00e1sobu.<\/p>\n\n\n\n<h3 class=\"wp-block-heading\" id=\"h-conclusion\">Z\u00e1ver<\/h3>\n\n\n\n<p>Hoci sa po\u013esk\u00e1 gramatika m\u00f4\u017ee zda\u0165 spletit\u00e1, d\u00f4sledn\u00e9 precvi\u010dovanie a rie\u0161enie krok za krokom v\u00e1m pom\u00f4\u017ee zdokonali\u0165 sa v tomto jedine\u010dnom jazyku. Prijmite v\u00fdzvu, ke\u010f za\u010dnete svoju cestu po\u013esk\u00fdm jazykom, a \u010doskoro zist\u00edte, \u017ee s istotou dek\u00f3dujete zlo\u017eitos\u0165 jeho gramatiky. Ve\u013ea \u0161\u0165astia pri \u0161t\u00fadiu a u\u017eite si objavovanie vrstiev po\u013eskej gramatiky!<\/p>\n<\/div><\/div>\n\r\n<section class=\"learnNavigationSection\">\r\n            \r\n        <a href=\"https:\/\/talkpal.ai\/sk\/ucte-sa-po-pol\/\">\r\n            <div class=\"learnNavigationWrapper\">\r\n                <div class=\"learnNavigationContent\">\r\n                    <img decoding=\"async\" src=\"https:\/\/talkpal.ai\/wp-content\/uploads\/2024\/08\/Polish.jpg\" alt=\"Polish Flag\">\r\n                    <div>\r\n                        <h4>O po\u013eskom vzdel\u00e1van\u00ed<\/h4>\r\n                        <p>Zistite v\u0161etko o po\u013eskej gramatike.<\/p>\r\n                    <\/div>\r\n                <\/div>\r\n            <\/div>\r\n        <\/a>\r\n\r\n        \r\n        <a href=\"https:\/\/talkpal.ai\/sk\/polske-gramaticke-cvicenia\/\">\r\n            <div class=\"learnNavigationWrapper\">\r\n                <div class=\"learnNavigationContent\">\r\n                    <img decoding=\"async\" src=\"https:\/\/talkpal.ai\/wp-content\/uploads\/2024\/08\/Polish.jpg\" alt=\"Polish Flag\">\r\n                    <div>\r\n                        <h4>Cvi\u010denie z po\u013eskej gramatiky<\/h4>\r\n                        <p>Precvi\u010dte si po\u013esk\u00fa gramatiku.<\/p>\r\n                    <\/div>\r\n                <\/div>\r\n            <\/div>\r\n        <\/a>\r\n\r\n        \r\n        <a href=\"https:\/\/talkpal.ai\/vocabulary_language\/polish\/\">\r\n            <div class=\"learnNavigationWrapper\">\r\n                <div class=\"learnNavigationContent\">\r\n                    <img decoding=\"async\" src=\"https:\/\/talkpal.ai\/wp-content\/uploads\/2024\/08\/Polish.jpg\" alt=\"Polish Flag\">\r\n                    <div>\r\n                        <h4>Po\u013esk\u00e1 slovn\u00e1 z\u00e1soba<\/h4>\r\n                        <p>Roz\u0161\u00edrte si po\u013esk\u00fa slovn\u00fa z\u00e1sobu.<\/p>\r\n                    <\/div>\r\n                <\/div>\r\n            <\/div>\r\n        <\/a>\r\n\r\n            <\/section>","protected":false},"excerpt":{"rendered":"<p>Rozbitie sklada\u010dky po\u013eskej gramatiky Po\u013e\u0161tina, slovansk\u00fd jazyk, je n\u00e1ro\u010dn\u00e1 a obohacuj\u00faca pre \u0161tudentov jazykov, ktor\u00ed h\u013eadaj\u00fa jedine\u010dn\u00e9 jazykov\u00e9 dobrodru\u017estvo. Ke\u010f sa ponor\u00edte do po\u013e\u0161tiny, odhal\u00edte fascinuj\u00facu hist\u00f3riu a kult\u00faru, ktor\u00e1 dop\u013a\u0148a bohatstvo samotn\u00e9ho jazyka. Hoci sa po\u013esk\u00e1 gramatika m\u00f4\u017ee zda\u0165 zlo\u017eit\u00e1, jej dekon\u0161trukcia na zvl\u00e1dnute\u013en\u00e9 prvky rob\u00ed proces u\u010denia pr\u00edstupnej\u0161\u00edm. Cie\u013eom tohto \u010dl\u00e1nku je predstavi\u0165 [&hellip;]<\/p>\n","protected":false},"author":1,"featured_media":117401,"parent":0,"menu_order":0,"comment_status":"closed","ping_status":"closed","template":"LearningContentPage.php","meta":{"_acf_changed":false,"footnotes":""},"class_list":["post-148950","page","type-page","status-publish","has-post-thumbnail","hentry"],"acf":[],"yoast_head":"<!-- This site is optimized with the Yoast SEO Premium plugin v27.2 (Yoast SEO v27.2) - https:\/\/yoast.com\/product\/yoast-seo-premium-wordpress\/ -->\n<title>Po\u013esk\u00e1 gramatika - Talkpal<\/title>\n<meta name=\"description\" content=\"Zvl\u00e1dnite po\u013esk\u00fa gramatiku pomocou interakt\u00edvnych cvi\u010den\u00ed ur\u010den\u00fdch pre v\u0161etky \u00farovne vzdel\u00e1vania. Zlep\u0161ite svoje po\u013esk\u00e9 zru\u010dnosti!\" \/>\n<meta name=\"robots\" content=\"index, follow, max-snippet:-1, max-image-preview:large, max-video-preview:-1\" \/>\n<link rel=\"canonical\" href=\"https:\/\/talkpal.ai\/sk\/polska-gramatika\/\" \/>\n<meta property=\"og:locale\" content=\"sk_SK\" \/>\n<meta property=\"og:type\" content=\"article\" \/>\n<meta property=\"og:title\" content=\"Po\u013esk\u00e1 gramatika\" \/>\n<meta property=\"og:description\" content=\"Rozbitie sklada\u010dky po\u013eskej gramatiky Po\u013e\u0161tina, slovansk\u00fd jazyk, je n\u00e1ro\u010dn\u00e1 a obohacuj\u00faca pre \u0161tudentov jazykov, ktor\u00ed h\u013eadaj\u00fa jedine\u010dn\u00e9 jazykov\u00e9\" \/>\n<meta property=\"og:url\" content=\"https:\/\/talkpal.ai\/sk\/polska-gramatika\/\" \/>\n<meta property=\"og:site_name\" content=\"Talkpal\" \/>\n<meta property=\"article:publisher\" content=\"https:\/\/www.facebook.com\/profile.php?id=100090733639311\" \/>\n<meta property=\"article:modified_time\" content=\"2025-12-17T17:14:50+00:00\" \/>\n<meta property=\"og:image\" content=\"https:\/\/talkpal.ai\/wp-content\/uploads\/2023\/05\/poland.png\" \/>\n\t<meta property=\"og:image:width\" content=\"512\" \/>\n\t<meta property=\"og:image:height\" content=\"512\" \/>\n\t<meta property=\"og:image:type\" content=\"image\/png\" \/>\n<meta name=\"twitter:card\" content=\"summary_large_image\" \/>\n<meta name=\"twitter:site\" content=\"@talkpalai\" \/>\n<meta name=\"twitter:label1\" content=\"Predpokladan\u00fd \u010das \u010d\u00edtania\" \/>\n\t<meta name=\"twitter:data1\" content=\"3 min\u00faty\" \/>\n<script type=\"application\/ld+json\" class=\"yoast-schema-graph\">{\"@context\":\"https:\/\/schema.org\",\"@graph\":[{\"@type\":\"WebPage\",\"@id\":\"https:\/\/talkpal.ai\/sk\/polska-gramatika\/\",\"url\":\"https:\/\/talkpal.ai\/sk\/polska-gramatika\/\",\"name\":\"Po\u013esk\u00e1 gramatika - Talkpal\",\"isPartOf\":{\"@id\":\"https:\/\/talkpal.ai\/sk\/#website\"},\"primaryImageOfPage\":{\"@id\":\"https:\/\/talkpal.ai\/sk\/polska-gramatika\/#primaryimage\"},\"image\":{\"@id\":\"https:\/\/talkpal.ai\/sk\/polska-gramatika\/#primaryimage\"},\"thumbnailUrl\":\"https:\/\/talkpal.ai\/wp-content\/uploads\/2023\/05\/poland.png\",\"datePublished\":\"2023-05-14T14:18:46+00:00\",\"dateModified\":\"2025-12-17T17:14:50+00:00\",\"description\":\"Zvl\u00e1dnite po\u013esk\u00fa gramatiku pomocou interakt\u00edvnych cvi\u010den\u00ed ur\u010den\u00fdch pre v\u0161etky \u00farovne vzdel\u00e1vania. Zlep\u0161ite svoje po\u013esk\u00e9 zru\u010dnosti!\",\"breadcrumb\":{\"@id\":\"https:\/\/talkpal.ai\/sk\/polska-gramatika\/#breadcrumb\"},\"inLanguage\":\"sk-SK\",\"potentialAction\":[{\"@type\":\"ReadAction\",\"target\":[\"https:\/\/talkpal.ai\/sk\/polska-gramatika\/\"]}]},{\"@type\":\"ImageObject\",\"inLanguage\":\"sk-SK\",\"@id\":\"https:\/\/talkpal.ai\/sk\/polska-gramatika\/#primaryimage\",\"url\":\"https:\/\/talkpal.ai\/wp-content\/uploads\/2023\/05\/poland.png\",\"contentUrl\":\"https:\/\/talkpal.ai\/wp-content\/uploads\/2023\/05\/poland.png\",\"width\":512,\"height\":512},{\"@type\":\"BreadcrumbList\",\"@id\":\"https:\/\/talkpal.ai\/sk\/polska-gramatika\/#breadcrumb\",\"itemListElement\":[{\"@type\":\"ListItem\",\"position\":1,\"name\":\"Homepage\",\"item\":\"https:\/\/talkpal.ai\/sk\/\"},{\"@type\":\"ListItem\",\"position\":2,\"name\":\"Po\u013esk\u00e1 gramatika\"}]},{\"@type\":\"WebSite\",\"@id\":\"https:\/\/talkpal.ai\/sk\/#website\",\"url\":\"https:\/\/talkpal.ai\/sk\/\",\"name\":\"Talkpal\",\"description\":\"AI Language Learning\",\"publisher\":{\"@id\":\"https:\/\/talkpal.ai\/sk\/#organization\"},\"alternateName\":\"Talkpal AI\",\"potentialAction\":[{\"@type\":\"SearchAction\",\"target\":{\"@type\":\"EntryPoint\",\"urlTemplate\":\"https:\/\/talkpal.ai\/sk\/?s={search_term_string}\"},\"query-input\":{\"@type\":\"PropertyValueSpecification\",\"valueRequired\":true,\"valueName\":\"search_term_string\"}}],\"inLanguage\":\"sk-SK\"},{\"@type\":\"Organization\",\"@id\":\"https:\/\/talkpal.ai\/sk\/#organization\",\"name\":\"Talkpal, Inc.\",\"alternateName\":\"Talkpal AI\",\"url\":\"https:\/\/talkpal.ai\/sk\/\",\"logo\":{\"@type\":\"ImageObject\",\"inLanguage\":\"sk-SK\",\"@id\":\"https:\/\/talkpal.ai\/sk\/#\/schema\/logo\/image\/\",\"url\":\"https:\/\/talkpal.ai\/wp-content\/uploads\/2024\/03\/Talkpal-Logo-Icon.png\",\"contentUrl\":\"https:\/\/talkpal.ai\/wp-content\/uploads\/2024\/03\/Talkpal-Logo-Icon.png\",\"width\":2880,\"height\":2880,\"caption\":\"Talkpal, Inc.\"},\"image\":{\"@id\":\"https:\/\/talkpal.ai\/sk\/#\/schema\/logo\/image\/\"},\"sameAs\":[\"https:\/\/www.facebook.com\/profile.php?id=100090733639311\",\"https:\/\/x.com\/talkpalai\",\"https:\/\/www.linkedin.com\/company\/talkpal\/\",\"https:\/\/www.youtube.com\/@TalkPal\/\",\"https:\/\/www.tiktok.com\/@talkpal\",\"https:\/\/www.instagram.com\/talkpal_ai\/\",\"https:\/\/www.crunchbase.com\/organization\/talkpal-9cde\",\"https:\/\/www.g2.com\/products\/talkpal-for-business\/\",\"https:\/\/www.trustpilot.com\/review\/talkpal.ai\",\"https:\/\/www.capterra.com\/p\/10006800\/TalkPal\/\"],\"description\":\"Talkpal is a language learning web and mobile education app, powered by the latest AI technologies, that provides engaging experiences to its customers in many different languages to help them improve their language skills. Users can chat about unlimited amount of topics with the app and use other modes to practice their language learning.\",\"email\":\"support@talkpal.ai\",\"legalName\":\"Talkpal, Inc.\",\"foundingDate\":\"2023-04-03\",\"duns\":\"118989042\",\"numberOfEmployees\":{\"@type\":\"QuantitativeValue\",\"minValue\":\"11\",\"maxValue\":\"50\"},\"publishingPrinciples\":\"https:\/\/talkpal.ai\/publishing-principles\/\",\"actionableFeedbackPolicy\":\"https:\/\/talkpal.ai\/actionable-feedback-policy\/\",\"correctionsPolicy\":\"https:\/\/talkpal.ai\/corrections-policy\/\",\"ethicsPolicy\":\"https:\/\/talkpal.ai\/ethics-policy\/\",\"diversityPolicy\":\"https:\/\/talkpal.ai\/diversity-policy\/\",\"diversityStaffingReport\":\"https:\/\/talkpal.ai\/diversity-policy\/\"}]}<\/script>\n<!-- \/ Yoast SEO Premium plugin. -->","yoast_head_json":{"title":"Po\u013esk\u00e1 gramatika - Talkpal","description":"Zvl\u00e1dnite po\u013esk\u00fa gramatiku pomocou interakt\u00edvnych cvi\u010den\u00ed ur\u010den\u00fdch pre v\u0161etky \u00farovne vzdel\u00e1vania. Zlep\u0161ite svoje po\u013esk\u00e9 zru\u010dnosti!","robots":{"index":"index","follow":"follow","max-snippet":"max-snippet:-1","max-image-preview":"max-image-preview:large","max-video-preview":"max-video-preview:-1"},"canonical":"https:\/\/talkpal.ai\/sk\/polska-gramatika\/","og_locale":"sk_SK","og_type":"article","og_title":"Po\u013esk\u00e1 gramatika","og_description":"Rozbitie sklada\u010dky po\u013eskej gramatiky Po\u013e\u0161tina, slovansk\u00fd jazyk, je n\u00e1ro\u010dn\u00e1 a obohacuj\u00faca pre \u0161tudentov jazykov, ktor\u00ed h\u013eadaj\u00fa jedine\u010dn\u00e9 jazykov\u00e9","og_url":"https:\/\/talkpal.ai\/sk\/polska-gramatika\/","og_site_name":"Talkpal","article_publisher":"https:\/\/www.facebook.com\/profile.php?id=100090733639311","article_modified_time":"2025-12-17T17:14:50+00:00","og_image":[{"width":512,"height":512,"url":"https:\/\/talkpal.ai\/wp-content\/uploads\/2023\/05\/poland.png","type":"image\/png"}],"twitter_card":"summary_large_image","twitter_site":"@talkpalai","twitter_misc":{"Predpokladan\u00fd \u010das \u010d\u00edtania":"3 min\u00faty"},"schema":{"@context":"https:\/\/schema.org","@graph":[{"@type":"WebPage","@id":"https:\/\/talkpal.ai\/sk\/polska-gramatika\/","url":"https:\/\/talkpal.ai\/sk\/polska-gramatika\/","name":"Po\u013esk\u00e1 gramatika - Talkpal","isPartOf":{"@id":"https:\/\/talkpal.ai\/sk\/#website"},"primaryImageOfPage":{"@id":"https:\/\/talkpal.ai\/sk\/polska-gramatika\/#primaryimage"},"image":{"@id":"https:\/\/talkpal.ai\/sk\/polska-gramatika\/#primaryimage"},"thumbnailUrl":"https:\/\/talkpal.ai\/wp-content\/uploads\/2023\/05\/poland.png","datePublished":"2023-05-14T14:18:46+00:00","dateModified":"2025-12-17T17:14:50+00:00","description":"Zvl\u00e1dnite po\u013esk\u00fa gramatiku pomocou interakt\u00edvnych cvi\u010den\u00ed ur\u010den\u00fdch pre v\u0161etky \u00farovne vzdel\u00e1vania. Zlep\u0161ite svoje po\u013esk\u00e9 zru\u010dnosti!","breadcrumb":{"@id":"https:\/\/talkpal.ai\/sk\/polska-gramatika\/#breadcrumb"},"inLanguage":"sk-SK","potentialAction":[{"@type":"ReadAction","target":["https:\/\/talkpal.ai\/sk\/polska-gramatika\/"]}]},{"@type":"ImageObject","inLanguage":"sk-SK","@id":"https:\/\/talkpal.ai\/sk\/polska-gramatika\/#primaryimage","url":"https:\/\/talkpal.ai\/wp-content\/uploads\/2023\/05\/poland.png","contentUrl":"https:\/\/talkpal.ai\/wp-content\/uploads\/2023\/05\/poland.png","width":512,"height":512},{"@type":"BreadcrumbList","@id":"https:\/\/talkpal.ai\/sk\/polska-gramatika\/#breadcrumb","itemListElement":[{"@type":"ListItem","position":1,"name":"Homepage","item":"https:\/\/talkpal.ai\/sk\/"},{"@type":"ListItem","position":2,"name":"Po\u013esk\u00e1 gramatika"}]},{"@type":"WebSite","@id":"https:\/\/talkpal.ai\/sk\/#website","url":"https:\/\/talkpal.ai\/sk\/","name":"Talkpal","description":"AI Language Learning","publisher":{"@id":"https:\/\/talkpal.ai\/sk\/#organization"},"alternateName":"Talkpal AI","potentialAction":[{"@type":"SearchAction","target":{"@type":"EntryPoint","urlTemplate":"https:\/\/talkpal.ai\/sk\/?s={search_term_string}"},"query-input":{"@type":"PropertyValueSpecification","valueRequired":true,"valueName":"search_term_string"}}],"inLanguage":"sk-SK"},{"@type":"Organization","@id":"https:\/\/talkpal.ai\/sk\/#organization","name":"Talkpal, Inc.","alternateName":"Talkpal AI","url":"https:\/\/talkpal.ai\/sk\/","logo":{"@type":"ImageObject","inLanguage":"sk-SK","@id":"https:\/\/talkpal.ai\/sk\/#\/schema\/logo\/image\/","url":"https:\/\/talkpal.ai\/wp-content\/uploads\/2024\/03\/Talkpal-Logo-Icon.png","contentUrl":"https:\/\/talkpal.ai\/wp-content\/uploads\/2024\/03\/Talkpal-Logo-Icon.png","width":2880,"height":2880,"caption":"Talkpal, Inc."},"image":{"@id":"https:\/\/talkpal.ai\/sk\/#\/schema\/logo\/image\/"},"sameAs":["https:\/\/www.facebook.com\/profile.php?id=100090733639311","https:\/\/x.com\/talkpalai","https:\/\/www.linkedin.com\/company\/talkpal\/","https:\/\/www.youtube.com\/@TalkPal\/","https:\/\/www.tiktok.com\/@talkpal","https:\/\/www.instagram.com\/talkpal_ai\/","https:\/\/www.crunchbase.com\/organization\/talkpal-9cde","https:\/\/www.g2.com\/products\/talkpal-for-business\/","https:\/\/www.trustpilot.com\/review\/talkpal.ai","https:\/\/www.capterra.com\/p\/10006800\/TalkPal\/"],"description":"Talkpal is a language learning web and mobile education app, powered by the latest AI technologies, that provides engaging experiences to its customers in many different languages to help them improve their language skills. Users can chat about unlimited amount of topics with the app and use other modes to practice their language learning.","email":"support@talkpal.ai","legalName":"Talkpal, Inc.","foundingDate":"2023-04-03","duns":"118989042","numberOfEmployees":{"@type":"QuantitativeValue","minValue":"11","maxValue":"50"},"publishingPrinciples":"https:\/\/talkpal.ai\/publishing-principles\/","actionableFeedbackPolicy":"https:\/\/talkpal.ai\/actionable-feedback-policy\/","correctionsPolicy":"https:\/\/talkpal.ai\/corrections-policy\/","ethicsPolicy":"https:\/\/talkpal.ai\/ethics-policy\/","diversityPolicy":"https:\/\/talkpal.ai\/diversity-policy\/","diversityStaffingReport":"https:\/\/talkpal.ai\/diversity-policy\/"}]}},"_links":{"self":[{"href":"https:\/\/talkpal.ai\/sk\/wp-json\/wp\/v2\/pages\/148950","targetHints":{"allow":["GET"]}}],"collection":[{"href":"https:\/\/talkpal.ai\/sk\/wp-json\/wp\/v2\/pages"}],"about":[{"href":"https:\/\/talkpal.ai\/sk\/wp-json\/wp\/v2\/types\/page"}],"author":[{"embeddable":true,"href":"https:\/\/talkpal.ai\/sk\/wp-json\/wp\/v2\/users\/1"}],"replies":[{"embeddable":true,"href":"https:\/\/talkpal.ai\/sk\/wp-json\/wp\/v2\/comments?post=148950"}],"version-history":[{"count":0,"href":"https:\/\/talkpal.ai\/sk\/wp-json\/wp\/v2\/pages\/148950\/revisions"}],"wp:featuredmedia":[{"embeddable":true,"href":"https:\/\/talkpal.ai\/sk\/wp-json\/wp\/v2\/media\/117401"}],"wp:attachment":[{"href":"https:\/\/talkpal.ai\/sk\/wp-json\/wp\/v2\/media?parent=148950"}],"curies":[{"name":"wp","href":"https:\/\/api.w.org\/{rel}","templated":true}]}}