{"id":148624,"date":"2023-05-14T14:18:22","date_gmt":"2023-05-14T14:18:22","guid":{"rendered":"http:\/\/talkpal.ai\/perzska-gramatika\/"},"modified":"2025-12-12T10:39:22","modified_gmt":"2025-12-12T10:39:22","slug":"perzska-gramatika","status":"publish","type":"page","link":"https:\/\/talkpal.ai\/sk\/perzska-gramatika\/","title":{"rendered":"Perzsk\u00e1 gramatika"},"content":{"rendered":"\r\n\r\n\r\n<section class=\"languageChallengeSection\">\r\n    <div class=\"languageInfoWrapper\">\r\n        \r\n        <h1>Perzsk\u00e1 gramatika<\/h1>\r\n        <p>Zauj\u00edma v\u00e1s perz\u0161tina? Presk\u00famajte perzsk\u00fa gramatiku, ktor\u00e1 je zn\u00e1ma svojou jednoduchos\u0165ou &#8211; \u017eiadne podstatn\u00e9 men\u00e1, jednoduch\u00e9 slovesn\u00e9 tvary a flexibiln\u00e1 \u0161trukt\u00fara viet ju robia osvie\u017euj\u00faco pr\u00edstupnou. Za\u010dnite svoje perzsk\u00e9 dobrodru\u017estvo e\u0161te dnes &#8211; zvl\u00e1dnutie perzskej gramatiky v\u00e1m otvor\u00ed nov\u00e9 mo\u017enosti komunik\u00e1cie a ponor\u00ed v\u00e1s do bohatej po\u00e9zie a kult\u00fary nielen Ir\u00e1nu!<\/p>\r\n\r\n                            <a class=\"getStartedHidden\" href=\"https:\/\/app.talkpal.ai\/sk\/signup?lng=\">Za\u010dni<\/a>\r\n        \r\n    <\/div>\r\n\r\n    <figure>\r\n    <img decoding=\"async\" width=\"768\" height=\"768\" src=\"https:\/\/talkpal.ai\/wp-content\/uploads\/2023\/06\/persian-768x768.png\" class=\"languageImage no-lazy\" alt=\"Language learning to comprehend global news\" fetchpriority=\"high\" sizes=\"(max-width: 768px) 150px, 768px\" srcset=\"https:\/\/talkpal.ai\/wp-content\/uploads\/2023\/06\/persian-768x768.png 768w, https:\/\/talkpal.ai\/wp-content\/uploads\/2023\/06\/persian-300x300.png 300w\" \/>\r\n    \r\n\r\n    <\/figure>\r\n\r\n            <a class=\"getStartedVisible\" href=\"https:\/\/app.talkpal.ai\/sk\/signup?lng=\">Za\u010dni<\/a>\r\n    \r\n<\/section>\r\n<section class=\"promotionalBanner\">\r\n    <p class=\"promotionalText\">Najefekt\u00edvnej\u0161\u00ed sp\u00f4sob, ako sa nau\u010di\u0165 jazyk<\/p>\r\n    <a class=\"promotionalLink\" href=\"https:\/\/app.talkpal.ai\/sk\/signup?lng=\">Vysk\u00fa\u0161ajte Talkpal zadarmo<\/a>\r\n<\/section>\n<div class=\"wp-block-group pageContainerStyle\"><div class=\"wp-block-group__inner-container is-layout-constrained wp-block-group-is-layout-constrained\">\n<h2 class=\"wp-block-heading\" id=\"h-mastering-persian-grammar-your-ultimate-guide\">Zvl\u00e1dnutie perzskej gramatiky: V\u00e1\u0161 kone\u010dn\u00fd sprievodca<\/h2>\n\n\n\n<p>Salam, <a href=\"https:\/\/talkpal.ai\/talkpal-discount-for-language-enthusiasts\/\">jazykov\u00ed nad\u0161enci<\/a>! Ste pripraven\u00ed vyda\u0165 sa na cestu do sveta perzskej gramatiky? Ste na spr\u00e1vnom mieste. Tento \u010dl\u00e1nok pln\u00fd \u013eahko zrozumite\u013en\u00fdch inform\u00e1ci\u00ed a konverza\u010dn\u00e9ho t\u00f3nu v\u00e1s prevedie podmanivou oblas\u0165ou perzskej gramatiky. \u010coskoro budete schopn\u00ed tvori\u0165 vety a vies\u0165 zmyslupln\u00e9 rozhovory s roden\u00fdmi hovorcami. Za\u010dnime teda odha\u013eova\u0165 tajomstv\u00e1 perzskej gramatiky!<\/p>\n\n\n\n<p><strong>Ale najprv, pre\u010do perzsk\u00e1 gramatika?<\/strong><\/p>\n\n\n\n<p>Ak sa u\u010d\u00edte <a href=\"https:\/\/talkpal.ai\/learn-persian\/\">perzsk\u00fd<\/a> jazyk, je pre plynul\u00e9 rozpr\u00e1vanie, \u010d\u00edtanie a p\u00edsanie nevyhnutn\u00e9 ma\u0165 siln\u00e9 z\u00e1klady gramatiky. Zatia\u013e \u010do <a href=\"https:\/\/talkpal.ai\/persian-grammar\/\">perzsk\u00e1 gramatika<\/a> sa m\u00f4\u017ee spo\u010diatku zda\u0165 zlo\u017eit\u00e1, stane sa pr\u00edstupnej\u0161ou, ke\u010f ju rozdel\u00edte na men\u0161ie a lep\u0161ie zvl\u00e1dnute\u013en\u00e9 segmenty. Tak za\u010dnime va\u0161u cestu k zvl\u00e1dnutiu perzskej gramatiky!<\/p>\n\n\n\n<h3 class=\"wp-block-heading\" id=\"h-1-nouns-gender-and-number\">1. Podstatn\u00e9 men\u00e1, rod a \u010d\u00edslo<\/h3>\n\n\n\n<p>V perz\u0161tine podstatn\u00e9 men\u00e1 nemaj\u00fa rod, \u010do je jednoduch\u0161ie ako v mnoh\u00fdch in\u00fdch jazykoch. Tvar jednotn\u00e9ho \u010d\u00edsla podstatn\u00fdch mien zost\u00e1va rovnak\u00fd, zatia\u013e \u010do tvar mno\u017en\u00e9ho \u010d\u00edsla sa zvy\u010dajne kon\u010d\u00ed na &#8222;-\u0647\u0627&#8220; alebo &#8222;-\u0627\u0646&#8220;. Napr\u00edklad:<\/p>\n\n\n\n<p>&#8211; \u06a9\u062a\u0627\u0628 (ket\u0101b &#8211; kniha)<\/p>\n\n\n\n<p>&#8211; \u06a9\u062a\u0627\u0628\u0647\u0627 (ket\u0101b-h\u0101 &#8211; knihy)<\/p>\n\n\n\n<h3 class=\"wp-block-heading\" id=\"h-2-adjectives-agreement-and-definite-articles\">2. Pr\u00eddavn\u00e9 men\u00e1, dohoda a ur\u010dit\u00e9 \u010dl\u00e1nky<\/h3>\n\n\n\n<p>Pr\u00eddavn\u00e9 men\u00e1 v perz\u0161tine zvy\u010dajne nasleduj\u00fa za podstatn\u00fdm menom, ktor\u00e9 modifikuj\u00fa, a nemusia sa zhodova\u0165 v rode alebo \u010d\u00edsle. Napr\u00edklad:<\/p>\n\n\n\n<p><strong>&#8211; \u062e\u0627\u0646\u0647 \u0628\u0632\u0631\u06af (kh\u0101ne bozorg &#8211; ve\u013ek\u00fd dom)<\/strong><\/p>\n\n\n\n<p><strong>&#8211; \u0645\u0646\u0632\u0644 \u06a9\u0648\u0686\u06a9 (manzel kuchak &#8211; mal\u00fd dom\u010dek)<\/strong><\/p>\n\n\n\n<p>V perz\u0161tine neexistuje ur\u010dit\u00fd \u010dlen, ale neur\u010dit\u00fd \u010dlen sa prid\u00e1va ako pr\u00edpona &#8222;-\u06cc&#8220; (i) pre slov\u00e1 v jednotnom \u010d\u00edsle.<\/p>\n\n\n\n<h3 class=\"wp-block-heading\" id=\"h-3-verbs-tense-and-conjugation\">3. Sloves\u00e1, \u010dasovanie a \u010dasovanie<\/h3>\n\n\n\n<p>Perzsk\u00e9 sloves\u00e1 hraj\u00fa rozhoduj\u00facu \u00falohu v gramatike a s\u00fa nevyhnutn\u00e9 pre kon\u0161trukciu viet. Ka\u017ed\u00e9 sloveso m\u00e1 kore\u0148, ktor\u00fd sa kombinuje s r\u00f4znymi predponami a pr\u00edponami, aby nazna\u010dil \u010das a s\u00fahlas s predmetom.<\/p>\n\n\n\n<p>Pre stru\u010dn\u00fd preh\u013ead si preberieme pravideln\u00e9 sloves\u00e1 v pr\u00edtomnom \u010dase:<\/p>\n\n\n\n<p><strong>&#8211; \u0645\u0646 \u0645\u06cc\u062e\u0648\u0627\u0646\u0645 (man mikh\u0101nam &#8211; \u010c\u00edtal som)<\/strong><\/p>\n\n\n\n<p><strong>&#8211; \u062a\u0648 \u0645\u06cc\u062e\u0648\u0627\u0646\u06cc (to mikh\u0101ni &#8211; \u010d\u00edtate, neform\u00e1lne)<\/strong><\/p>\n\n\n\n<p><strong>&#8211; \u0627\u0648 \u0645\u06cc\u062e\u0648\u0627\u0646\u062f (u mikh\u0101nad &#8211; \u010d\u00edta)<\/strong><\/p>\n\n\n\n<p>Pam\u00e4tajte, \u017ee toto je len za\u010diatok! Stretnete sa s r\u00f4znymi in\u00fdmi \u010dasmi, nepravideln\u00fdmi slovesami a zlo\u017eitos\u0165ami, ke\u010f sa ponor\u00edte hlb\u0161ie do perzskej gramatiky.<\/p>\n\n\n\n<h3 class=\"wp-block-heading\" id=\"h-4-pronouns-prepositions-and-more\">4. Z\u00e1men\u00e1, predlo\u017eky a \u010fal\u0161ie!<\/h3>\n\n\n\n<p>Perzsk\u00e1 <a href=\"https:\/\/talkpal.ai\/sq\/gramatika\/\">gramatika<\/a> zah\u0155\u0148a \u010fal\u0161ie zlo\u017eky, ako s\u00fa z\u00e1men\u00e1 (\u0645\u0646, \u062a\u0648, \u0627\u0648 at\u010f.), predlo\u017eky (\u0628\u0647, \u0627\u0632, \u062f\u0631 at\u010f.) a idiomatick\u00e9 v\u00fdrazy. K\u013e\u00fa\u010dom k dosiahnutiu komplexnej plynulosti perz\u0161tiny je postupn\u00e9 zvl\u00e1dnutie jednotliv\u00fdch prvkov.<\/p>\n\n\n\n<p>Na z\u00e1ver chcem poveda\u0165, \u017ee na zvl\u00e1dnutie perzskej gramatiky neexistuje \u017eiadna skratka. Vy\u017eaduje si to vytrvalos\u0165, prax a trpezlivos\u0165. Ke\u010f v\u0161ak pochop\u00edte jeho zlo\u017eitosti, budete dobre pripraven\u00ed oceni\u0165 nuansy konverz\u00e1cie v perz\u0161tine, spozna\u0165 bohat\u00fa kult\u00faru a hist\u00f3riu perzsky hovoriacich oblast\u00ed a preh\u013abi\u0165 svoju l\u00e1sku k tomuto jazyku. \u0645\u0648\u0641\u0642 \u0628\u0627\u0634\u06cc\u062f (movaffagh b\u0101shid &#8211; ve\u013ea \u0161\u0165astia)!<\/p>\n<\/div><\/div>\n\r\n<section class=\"learnNavigationSection\">\r\n            \r\n        <a href=\"https:\/\/talkpal.ai\/sk\/naucte-sa-perzsky\/\">\r\n            <div class=\"learnNavigationWrapper\">\r\n                <div class=\"learnNavigationContent\">\r\n                    <img decoding=\"async\" src=\"https:\/\/talkpal.ai\/wp-content\/uploads\/2024\/08\/Persian.jpg\" alt=\"Persian Flag\">\r\n                    <div>\r\n                        <h4>O perzskom vzdel\u00e1van\u00ed<\/h4>\r\n                        <p>Zistite v\u0161etko o perzskej gramatike.<\/p>\r\n                    <\/div>\r\n                <\/div>\r\n            <\/div>\r\n        <\/a>\r\n\r\n        \r\n        <a href=\"https:\/\/talkpal.ai\/sk\/perzske-gramaticke-cvicenia\/\">\r\n            <div class=\"learnNavigationWrapper\">\r\n                <div class=\"learnNavigationContent\">\r\n                    <img decoding=\"async\" src=\"https:\/\/talkpal.ai\/wp-content\/uploads\/2024\/08\/Persian.jpg\" alt=\"Persian Flag\">\r\n                    <div>\r\n                        <h4>Cvi\u010denie z perzskej gramatiky<\/h4>\r\n                        <p>Precvi\u010dte si perzsk\u00fa gramatiku.<\/p>\r\n                    <\/div>\r\n                <\/div>\r\n            <\/div>\r\n        <\/a>\r\n\r\n        \r\n        <a href=\"https:\/\/talkpal.ai\/vocabulary_language\/persian\/\">\r\n            <div class=\"learnNavigationWrapper\">\r\n                <div class=\"learnNavigationContent\">\r\n                    <img decoding=\"async\" src=\"https:\/\/talkpal.ai\/wp-content\/uploads\/2024\/08\/Persian.jpg\" alt=\"Persian Flag\">\r\n                    <div>\r\n                        <h4>Perzsk\u00e1 slovn\u00e1 z\u00e1soba<\/h4>\r\n                        <p>Roz\u0161\u00edrte si slovn\u00fa z\u00e1sobu perz\u0161tiny.<\/p>\r\n                    <\/div>\r\n                <\/div>\r\n            <\/div>\r\n        <\/a>\r\n\r\n            <\/section>","protected":false},"excerpt":{"rendered":"<p>Zvl\u00e1dnutie perzskej gramatiky: V\u00e1\u0161 kone\u010dn\u00fd sprievodca Salam, jazykov\u00ed nad\u0161enci! Ste pripraven\u00ed vyda\u0165 sa na cestu do sveta perzskej gramatiky? Ste na spr\u00e1vnom mieste. Tento \u010dl\u00e1nok pln\u00fd \u013eahko zrozumite\u013en\u00fdch inform\u00e1ci\u00ed a konverza\u010dn\u00e9ho t\u00f3nu v\u00e1s prevedie podmanivou oblas\u0165ou perzskej gramatiky. \u010coskoro budete schopn\u00ed tvori\u0165 vety a vies\u0165 zmyslupln\u00e9 rozhovory s roden\u00fdmi hovorcami. Za\u010dnime teda odha\u013eova\u0165 tajomstv\u00e1 perzskej [&hellip;]<\/p>\n","protected":false},"author":1,"featured_media":117114,"parent":0,"menu_order":0,"comment_status":"closed","ping_status":"closed","template":"LearningContentPage.php","meta":{"_acf_changed":false,"footnotes":""},"class_list":["post-148624","page","type-page","status-publish","has-post-thumbnail","hentry"],"acf":[],"yoast_head":"<!-- This site is optimized with the Yoast SEO Premium plugin v27.2 (Yoast SEO v27.2) - https:\/\/yoast.com\/product\/yoast-seo-premium-wordpress\/ -->\n<title>Perzsk\u00e1 gramatika - Talkpal<\/title>\n<meta name=\"description\" content=\"Presk\u00famajte zlo\u017eitosti perzskej gramatiky, aby ste lep\u0161ie porozumeli perzsk\u00e9mu jazyku a plynule ho ovl\u00e1dali.\" \/>\n<meta name=\"robots\" content=\"index, follow, max-snippet:-1, max-image-preview:large, max-video-preview:-1\" \/>\n<link rel=\"canonical\" href=\"https:\/\/talkpal.ai\/sk\/perzska-gramatika\/\" \/>\n<meta property=\"og:locale\" content=\"sk_SK\" \/>\n<meta property=\"og:type\" content=\"article\" \/>\n<meta property=\"og:title\" content=\"Perzsk\u00e1 gramatika\" \/>\n<meta property=\"og:description\" content=\"Zvl\u00e1dnutie perzskej gramatiky: V\u00e1\u0161 kone\u010dn\u00fd sprievodca Salam, jazykov\u00ed nad\u0161enci! Ste pripraven\u00ed vyda\u0165 sa na cestu do sveta perzskej gramatiky? Ste na\" \/>\n<meta property=\"og:url\" content=\"https:\/\/talkpal.ai\/sk\/perzska-gramatika\/\" \/>\n<meta property=\"og:site_name\" content=\"Talkpal\" \/>\n<meta property=\"article:publisher\" content=\"https:\/\/www.facebook.com\/profile.php?id=100090733639311\" \/>\n<meta property=\"article:modified_time\" content=\"2025-12-12T10:39:22+00:00\" \/>\n<meta property=\"og:image\" content=\"https:\/\/talkpal.ai\/wp-content\/uploads\/2023\/05\/Persian-iran.png\" \/>\n\t<meta property=\"og:image:width\" content=\"512\" \/>\n\t<meta property=\"og:image:height\" content=\"512\" \/>\n\t<meta property=\"og:image:type\" content=\"image\/png\" \/>\n<meta name=\"twitter:card\" content=\"summary_large_image\" \/>\n<meta name=\"twitter:site\" content=\"@talkpalai\" \/>\n<meta name=\"twitter:label1\" content=\"Predpokladan\u00fd \u010das \u010d\u00edtania\" \/>\n\t<meta name=\"twitter:data1\" content=\"2 min\u00faty\" \/>\n<script type=\"application\/ld+json\" class=\"yoast-schema-graph\">{\"@context\":\"https:\/\/schema.org\",\"@graph\":[{\"@type\":\"WebPage\",\"@id\":\"https:\/\/talkpal.ai\/sk\/perzska-gramatika\/\",\"url\":\"https:\/\/talkpal.ai\/sk\/perzska-gramatika\/\",\"name\":\"Perzsk\u00e1 gramatika - Talkpal\",\"isPartOf\":{\"@id\":\"https:\/\/talkpal.ai\/sk\/#website\"},\"primaryImageOfPage\":{\"@id\":\"https:\/\/talkpal.ai\/sk\/perzska-gramatika\/#primaryimage\"},\"image\":{\"@id\":\"https:\/\/talkpal.ai\/sk\/perzska-gramatika\/#primaryimage\"},\"thumbnailUrl\":\"https:\/\/talkpal.ai\/wp-content\/uploads\/2023\/05\/Persian-iran.png\",\"datePublished\":\"2023-05-14T14:18:22+00:00\",\"dateModified\":\"2025-12-12T10:39:22+00:00\",\"description\":\"Presk\u00famajte zlo\u017eitosti perzskej gramatiky, aby ste lep\u0161ie porozumeli perzsk\u00e9mu jazyku a plynule ho ovl\u00e1dali.\",\"breadcrumb\":{\"@id\":\"https:\/\/talkpal.ai\/sk\/perzska-gramatika\/#breadcrumb\"},\"inLanguage\":\"sk-SK\",\"potentialAction\":[{\"@type\":\"ReadAction\",\"target\":[\"https:\/\/talkpal.ai\/sk\/perzska-gramatika\/\"]}]},{\"@type\":\"ImageObject\",\"inLanguage\":\"sk-SK\",\"@id\":\"https:\/\/talkpal.ai\/sk\/perzska-gramatika\/#primaryimage\",\"url\":\"https:\/\/talkpal.ai\/wp-content\/uploads\/2023\/05\/Persian-iran.png\",\"contentUrl\":\"https:\/\/talkpal.ai\/wp-content\/uploads\/2023\/05\/Persian-iran.png\",\"width\":512,\"height\":512},{\"@type\":\"BreadcrumbList\",\"@id\":\"https:\/\/talkpal.ai\/sk\/perzska-gramatika\/#breadcrumb\",\"itemListElement\":[{\"@type\":\"ListItem\",\"position\":1,\"name\":\"Homepage\",\"item\":\"https:\/\/talkpal.ai\/sk\/\"},{\"@type\":\"ListItem\",\"position\":2,\"name\":\"Perzsk\u00e1 gramatika\"}]},{\"@type\":\"WebSite\",\"@id\":\"https:\/\/talkpal.ai\/sk\/#website\",\"url\":\"https:\/\/talkpal.ai\/sk\/\",\"name\":\"Talkpal\",\"description\":\"AI Language Learning\",\"publisher\":{\"@id\":\"https:\/\/talkpal.ai\/sk\/#organization\"},\"alternateName\":\"Talkpal AI\",\"potentialAction\":[{\"@type\":\"SearchAction\",\"target\":{\"@type\":\"EntryPoint\",\"urlTemplate\":\"https:\/\/talkpal.ai\/sk\/?s={search_term_string}\"},\"query-input\":{\"@type\":\"PropertyValueSpecification\",\"valueRequired\":true,\"valueName\":\"search_term_string\"}}],\"inLanguage\":\"sk-SK\"},{\"@type\":\"Organization\",\"@id\":\"https:\/\/talkpal.ai\/sk\/#organization\",\"name\":\"Talkpal, Inc.\",\"alternateName\":\"Talkpal AI\",\"url\":\"https:\/\/talkpal.ai\/sk\/\",\"logo\":{\"@type\":\"ImageObject\",\"inLanguage\":\"sk-SK\",\"@id\":\"https:\/\/talkpal.ai\/sk\/#\/schema\/logo\/image\/\",\"url\":\"https:\/\/talkpal.ai\/wp-content\/uploads\/2024\/03\/Talkpal-Logo-Icon.png\",\"contentUrl\":\"https:\/\/talkpal.ai\/wp-content\/uploads\/2024\/03\/Talkpal-Logo-Icon.png\",\"width\":2880,\"height\":2880,\"caption\":\"Talkpal, Inc.\"},\"image\":{\"@id\":\"https:\/\/talkpal.ai\/sk\/#\/schema\/logo\/image\/\"},\"sameAs\":[\"https:\/\/www.facebook.com\/profile.php?id=100090733639311\",\"https:\/\/x.com\/talkpalai\",\"https:\/\/www.linkedin.com\/company\/talkpal\/\",\"https:\/\/www.youtube.com\/@TalkPal\/\",\"https:\/\/www.tiktok.com\/@talkpal\",\"https:\/\/www.instagram.com\/talkpal_ai\/\",\"https:\/\/www.crunchbase.com\/organization\/talkpal-9cde\",\"https:\/\/www.g2.com\/products\/talkpal-for-business\/\",\"https:\/\/www.trustpilot.com\/review\/talkpal.ai\",\"https:\/\/www.capterra.com\/p\/10006800\/TalkPal\/\"],\"description\":\"Talkpal is a language learning web and mobile education app, powered by the latest AI technologies, that provides engaging experiences to its customers in many different languages to help them improve their language skills. Users can chat about unlimited amount of topics with the app and use other modes to practice their language learning.\",\"email\":\"support@talkpal.ai\",\"legalName\":\"Talkpal, Inc.\",\"foundingDate\":\"2023-04-03\",\"duns\":\"118989042\",\"numberOfEmployees\":{\"@type\":\"QuantitativeValue\",\"minValue\":\"11\",\"maxValue\":\"50\"},\"publishingPrinciples\":\"https:\/\/talkpal.ai\/publishing-principles\/\",\"actionableFeedbackPolicy\":\"https:\/\/talkpal.ai\/actionable-feedback-policy\/\",\"correctionsPolicy\":\"https:\/\/talkpal.ai\/corrections-policy\/\",\"ethicsPolicy\":\"https:\/\/talkpal.ai\/ethics-policy\/\",\"diversityPolicy\":\"https:\/\/talkpal.ai\/diversity-policy\/\",\"diversityStaffingReport\":\"https:\/\/talkpal.ai\/diversity-policy\/\"}]}<\/script>\n<!-- \/ Yoast SEO Premium plugin. -->","yoast_head_json":{"title":"Perzsk\u00e1 gramatika - Talkpal","description":"Presk\u00famajte zlo\u017eitosti perzskej gramatiky, aby ste lep\u0161ie porozumeli perzsk\u00e9mu jazyku a plynule ho ovl\u00e1dali.","robots":{"index":"index","follow":"follow","max-snippet":"max-snippet:-1","max-image-preview":"max-image-preview:large","max-video-preview":"max-video-preview:-1"},"canonical":"https:\/\/talkpal.ai\/sk\/perzska-gramatika\/","og_locale":"sk_SK","og_type":"article","og_title":"Perzsk\u00e1 gramatika","og_description":"Zvl\u00e1dnutie perzskej gramatiky: V\u00e1\u0161 kone\u010dn\u00fd sprievodca Salam, jazykov\u00ed nad\u0161enci! Ste pripraven\u00ed vyda\u0165 sa na cestu do sveta perzskej gramatiky? Ste na","og_url":"https:\/\/talkpal.ai\/sk\/perzska-gramatika\/","og_site_name":"Talkpal","article_publisher":"https:\/\/www.facebook.com\/profile.php?id=100090733639311","article_modified_time":"2025-12-12T10:39:22+00:00","og_image":[{"width":512,"height":512,"url":"https:\/\/talkpal.ai\/wp-content\/uploads\/2023\/05\/Persian-iran.png","type":"image\/png"}],"twitter_card":"summary_large_image","twitter_site":"@talkpalai","twitter_misc":{"Predpokladan\u00fd \u010das \u010d\u00edtania":"2 min\u00faty"},"schema":{"@context":"https:\/\/schema.org","@graph":[{"@type":"WebPage","@id":"https:\/\/talkpal.ai\/sk\/perzska-gramatika\/","url":"https:\/\/talkpal.ai\/sk\/perzska-gramatika\/","name":"Perzsk\u00e1 gramatika - Talkpal","isPartOf":{"@id":"https:\/\/talkpal.ai\/sk\/#website"},"primaryImageOfPage":{"@id":"https:\/\/talkpal.ai\/sk\/perzska-gramatika\/#primaryimage"},"image":{"@id":"https:\/\/talkpal.ai\/sk\/perzska-gramatika\/#primaryimage"},"thumbnailUrl":"https:\/\/talkpal.ai\/wp-content\/uploads\/2023\/05\/Persian-iran.png","datePublished":"2023-05-14T14:18:22+00:00","dateModified":"2025-12-12T10:39:22+00:00","description":"Presk\u00famajte zlo\u017eitosti perzskej gramatiky, aby ste lep\u0161ie porozumeli perzsk\u00e9mu jazyku a plynule ho ovl\u00e1dali.","breadcrumb":{"@id":"https:\/\/talkpal.ai\/sk\/perzska-gramatika\/#breadcrumb"},"inLanguage":"sk-SK","potentialAction":[{"@type":"ReadAction","target":["https:\/\/talkpal.ai\/sk\/perzska-gramatika\/"]}]},{"@type":"ImageObject","inLanguage":"sk-SK","@id":"https:\/\/talkpal.ai\/sk\/perzska-gramatika\/#primaryimage","url":"https:\/\/talkpal.ai\/wp-content\/uploads\/2023\/05\/Persian-iran.png","contentUrl":"https:\/\/talkpal.ai\/wp-content\/uploads\/2023\/05\/Persian-iran.png","width":512,"height":512},{"@type":"BreadcrumbList","@id":"https:\/\/talkpal.ai\/sk\/perzska-gramatika\/#breadcrumb","itemListElement":[{"@type":"ListItem","position":1,"name":"Homepage","item":"https:\/\/talkpal.ai\/sk\/"},{"@type":"ListItem","position":2,"name":"Perzsk\u00e1 gramatika"}]},{"@type":"WebSite","@id":"https:\/\/talkpal.ai\/sk\/#website","url":"https:\/\/talkpal.ai\/sk\/","name":"Talkpal","description":"AI Language Learning","publisher":{"@id":"https:\/\/talkpal.ai\/sk\/#organization"},"alternateName":"Talkpal AI","potentialAction":[{"@type":"SearchAction","target":{"@type":"EntryPoint","urlTemplate":"https:\/\/talkpal.ai\/sk\/?s={search_term_string}"},"query-input":{"@type":"PropertyValueSpecification","valueRequired":true,"valueName":"search_term_string"}}],"inLanguage":"sk-SK"},{"@type":"Organization","@id":"https:\/\/talkpal.ai\/sk\/#organization","name":"Talkpal, Inc.","alternateName":"Talkpal AI","url":"https:\/\/talkpal.ai\/sk\/","logo":{"@type":"ImageObject","inLanguage":"sk-SK","@id":"https:\/\/talkpal.ai\/sk\/#\/schema\/logo\/image\/","url":"https:\/\/talkpal.ai\/wp-content\/uploads\/2024\/03\/Talkpal-Logo-Icon.png","contentUrl":"https:\/\/talkpal.ai\/wp-content\/uploads\/2024\/03\/Talkpal-Logo-Icon.png","width":2880,"height":2880,"caption":"Talkpal, Inc."},"image":{"@id":"https:\/\/talkpal.ai\/sk\/#\/schema\/logo\/image\/"},"sameAs":["https:\/\/www.facebook.com\/profile.php?id=100090733639311","https:\/\/x.com\/talkpalai","https:\/\/www.linkedin.com\/company\/talkpal\/","https:\/\/www.youtube.com\/@TalkPal\/","https:\/\/www.tiktok.com\/@talkpal","https:\/\/www.instagram.com\/talkpal_ai\/","https:\/\/www.crunchbase.com\/organization\/talkpal-9cde","https:\/\/www.g2.com\/products\/talkpal-for-business\/","https:\/\/www.trustpilot.com\/review\/talkpal.ai","https:\/\/www.capterra.com\/p\/10006800\/TalkPal\/"],"description":"Talkpal is a language learning web and mobile education app, powered by the latest AI technologies, that provides engaging experiences to its customers in many different languages to help them improve their language skills. Users can chat about unlimited amount of topics with the app and use other modes to practice their language learning.","email":"support@talkpal.ai","legalName":"Talkpal, Inc.","foundingDate":"2023-04-03","duns":"118989042","numberOfEmployees":{"@type":"QuantitativeValue","minValue":"11","maxValue":"50"},"publishingPrinciples":"https:\/\/talkpal.ai\/publishing-principles\/","actionableFeedbackPolicy":"https:\/\/talkpal.ai\/actionable-feedback-policy\/","correctionsPolicy":"https:\/\/talkpal.ai\/corrections-policy\/","ethicsPolicy":"https:\/\/talkpal.ai\/ethics-policy\/","diversityPolicy":"https:\/\/talkpal.ai\/diversity-policy\/","diversityStaffingReport":"https:\/\/talkpal.ai\/diversity-policy\/"}]}},"_links":{"self":[{"href":"https:\/\/talkpal.ai\/sk\/wp-json\/wp\/v2\/pages\/148624","targetHints":{"allow":["GET"]}}],"collection":[{"href":"https:\/\/talkpal.ai\/sk\/wp-json\/wp\/v2\/pages"}],"about":[{"href":"https:\/\/talkpal.ai\/sk\/wp-json\/wp\/v2\/types\/page"}],"author":[{"embeddable":true,"href":"https:\/\/talkpal.ai\/sk\/wp-json\/wp\/v2\/users\/1"}],"replies":[{"embeddable":true,"href":"https:\/\/talkpal.ai\/sk\/wp-json\/wp\/v2\/comments?post=148624"}],"version-history":[{"count":0,"href":"https:\/\/talkpal.ai\/sk\/wp-json\/wp\/v2\/pages\/148624\/revisions"}],"wp:featuredmedia":[{"embeddable":true,"href":"https:\/\/talkpal.ai\/sk\/wp-json\/wp\/v2\/media\/117114"}],"wp:attachment":[{"href":"https:\/\/talkpal.ai\/sk\/wp-json\/wp\/v2\/media?parent=148624"}],"curies":[{"name":"wp","href":"https:\/\/api.w.org\/{rel}","templated":true}]}}