{"id":148341,"date":"2023-05-14T14:13:06","date_gmt":"2023-05-14T14:13:06","guid":{"rendered":"http:\/\/talkpal.ai\/norska-gramatika\/"},"modified":"2025-12-17T17:35:34","modified_gmt":"2025-12-17T17:35:34","slug":"norska-gramatika","status":"publish","type":"page","link":"https:\/\/talkpal.ai\/sk\/norska-gramatika\/","title":{"rendered":"N\u00f3rska gramatika"},"content":{"rendered":"\r\n\r\n\r\n<section class=\"languageChallengeSection\">\r\n    <div class=\"languageInfoWrapper\">\r\n        \r\n        <h1>N\u00f3rska gramatika<\/h1>\r\n        <p>Zozn\u00e1mte sa so z\u00e1kladmi n\u00f3rskej gramatiky a nau\u010dte sa s istotou komunikova\u0165 v jednom z najkraj\u0161\u00edch \u0161kandin\u00e1vskych jazykov. Pochopenie n\u00f3rskej gramatiky v\u00e1m otvor\u00ed dvere k nov\u00fdm kult\u00farnym z\u00e1\u017eitkom a zmyslupln\u00fdm rozhovorom. Za\u010dnite sa u\u010di\u0165 n\u00f3rsku gramatiku e\u0161te dnes a urobte prv\u00fd krok k plynulosti jazyka!<\/p>\r\n\r\n                            <a class=\"getStartedHidden\" href=\"https:\/\/app.talkpal.ai\/sk\/signup?lng=\">Za\u010dni<\/a>\r\n        \r\n    <\/div>\r\n\r\n    <figure>\r\n    <img decoding=\"async\" width=\"768\" height=\"768\" src=\"https:\/\/talkpal.ai\/wp-content\/uploads\/2023\/06\/norwegian-768x768.png\" class=\"languageImage no-lazy\" alt=\"Language learning for extensive vocabulary\" fetchpriority=\"high\" sizes=\"(max-width: 768px) 150px, 768px\" srcset=\"https:\/\/talkpal.ai\/wp-content\/uploads\/2023\/06\/norwegian-768x768.png 768w, https:\/\/talkpal.ai\/wp-content\/uploads\/2023\/06\/norwegian-300x300.png 300w\" \/>\r\n    \r\n\r\n    <\/figure>\r\n\r\n            <a class=\"getStartedVisible\" href=\"https:\/\/app.talkpal.ai\/sk\/signup?lng=\">Za\u010dni<\/a>\r\n    \r\n<\/section>\r\n<section class=\"promotionalBanner\">\r\n    <p class=\"promotionalText\">Najefekt\u00edvnej\u0161\u00ed sp\u00f4sob, ako sa nau\u010di\u0165 jazyk<\/p>\r\n    <a class=\"promotionalLink\" href=\"https:\/\/app.talkpal.ai\/sk\/signup?lng=\">Vysk\u00fa\u0161ajte Talkpal zadarmo<\/a>\r\n<\/section>\n<div class=\"wp-block-group pageContainerStyle\"><div class=\"wp-block-group__inner-container is-layout-constrained wp-block-group-is-layout-constrained\">\n<h2 class=\"wp-block-heading\" id=\"h-dive-into-norwegian-grammar-a-comprehensive-guide\">Ponorte sa do n\u00f3rskej gramatiky: komplexn\u00fd sprievodca<\/h2>\n\n\n\n<p><a href=\"https:\/\/talkpal.ai\/learn-norwegian\/\">N\u00f3r\u010dina<\/a>, fascinuj\u00faci a expres\u00edvny jazyk, pon\u00faka \u0161tudentom jazykov jedine\u010dn\u00fa pr\u00edle\u017eitos\u0165 presk\u00fama\u0165 bohat\u00e9 kult\u00farne a historick\u00e9 dedi\u010dstvo N\u00f3rska. Dobrou spr\u00e1vou je, \u017ee <a href=\"https:\/\/talkpal.ai\/norwegian-grammar\/\">n\u00f3rska gramatika<\/a> zdie\u013ea niektor\u00e9 podobnosti s angli\u010dtinou, \u010do z nej rob\u00ed pr\u00edstupn\u00fd jazyk na u\u010denie. Tento \u010dl\u00e1nok v\u00e1s prevedie z\u00e1kladn\u00fdmi aspektmi n\u00f3rskej gramatiky, \u010d\u00edm zabezpe\u010d\u00ed, \u017ee si vybudujete siln\u00e9 z\u00e1klady a s istotou pochop\u00edte jazyk.<\/p>\n\n\n\n<h3 class=\"wp-block-heading\" id=\"h-1-embracing-norwegian-nouns-and-articles\">1. Prijatie n\u00f3rskych podstatn\u00fdch mien a \u010dl\u00e1nkov<\/h3>\n\n\n\n<p>N\u00f3rske podstatn\u00e9 men\u00e1, rovnako ako ich anglick\u00e9 n\u00e1protivky, predstavuj\u00fa \u013eud\u00ed, miesta, veci alebo my\u0161lienky. S\u00fa rozdelen\u00e9 do troch pohlav\u00ed: mu\u017esk\u00e9, \u017eensk\u00e9 a kastrovan\u00e9. Rod je rozhoduj\u00faci pri ur\u010dovan\u00ed koncoviek podstatn\u00fdch mien a \u010dlenov, s ktor\u00fdmi sa maj\u00fa sp\u00e1ja\u0165.<\/p>\n\n\n\n<p>V n\u00f3r\u010dine existuj\u00fa dva typy \u010dl\u00e1nkov: ur\u010dit\u00fd a neur\u010dit\u00fd. Ur\u010dit\u00e9 \u010dleny sa objavuj\u00fa ako pr\u00edpony na konci podstatn\u00fdch mien, zatia\u013e \u010do neur\u010dit\u00e9 \u010dleny s\u00fa samostatn\u00e9 slov\u00e1, ktor\u00e9 predch\u00e1dzaj\u00fa podstatn\u00fdm men\u00e1m. \u010cl\u00e1nky musia s\u00fahlasi\u0165 s podstatn\u00fdmi menami v rode a \u010d\u00edsle.<\/p>\n\n\n\n<p><strong>&#8211; Ur\u010dit\u00e9 \u010dleny: -(mu\u017esk\u00fd rod), -a (\u017eensk\u00fd rod), -et (stredn\u00fd rod)<\/strong><\/p>\n\n\n\n<p><strong>&#8211; Neur\u010dit\u00e9 \u010dleny: en (mu\u017esk\u00fd rod), ei (\u017eensk\u00fd rod), et (stredn\u00fd rod)<\/strong><\/p>\n\n\n\n<h3 class=\"wp-block-heading\" id=\"h-2-mastering-norwegian-verbs-conjugation-and-tenses\">2. Zvl\u00e1dnutie n\u00f3rskych slovies: \u010dasovanie a \u010dasy<\/h3>\n\n\n\n<p>N\u00f3rske sloves\u00e1 sa daj\u00fa relat\u00edvne \u013eahko nau\u010di\u0165, preto\u017ee maj\u00fa menej \u010dasovania ako mnoh\u00e9 in\u00e9 <a href=\"https:\/\/talkpal.ai\/what-language-is-spoken-on-the-international-space-station\/\">jazyky<\/a>. Sloves\u00e1 s\u00fa \u010dasovan\u00e9 pod\u013ea \u010dasu a n\u00e1lady. N\u00f3rske sloves\u00e1 s\u00fa prim\u00e1rne rozdelen\u00e9 do \u0161tyroch skup\u00edn, z ktor\u00fdch ka\u017ed\u00e1 m\u00e1 svoj \u010dasovac\u00ed vzor. Dobrou spr\u00e1vou v\u0161ak je, \u017ee na rozdiel od mnoh\u00fdch in\u00fdch jazykov n\u00f3rske sloves\u00e1 nemenia svoju formu na z\u00e1klade predmetu alebo \u010d\u00edsla.<\/p>\n\n\n\n<p>N\u00f3r\u010dina m\u00e1 menej \u010dasov ako <a href=\"https:\/\/talkpal.ai\/learn-english-with-ai\/\">angli\u010dtina<\/a>, iba tri \u010dasy: pr\u00edtomn\u00fd \u010das, minul\u00fd \u010das a minul\u00fd dokonal\u00fd \u010das. Pr\u00edtomn\u00fd \u010das sa pou\u017e\u00edva na vyjadrenie s\u00fa\u010dasn\u00fdch a bud\u00facich udalost\u00ed, zatia\u013e \u010do minul\u00fd \u010das ozna\u010duje dokon\u010den\u00e9 akcie a minul\u00fd dokonal\u00fd \u010das ozna\u010duje sk\u00fasenos\u0165 alebo stavy, ktor\u00e9 sa stali pred konkr\u00e9tnym bodom v minulosti.<\/p>\n\n\n\n<h3 class=\"wp-block-heading\" id=\"h-3-expressing-yourself-with-norwegian-adjectives-and-adverbs\">3. Vyjadrovanie sa n\u00f3rskymi pr\u00eddavn\u00fdmi menami a pr\u00edslovkami<\/h3>\n\n\n\n<p>Pou\u017e\u00edvanie pr\u00eddavn\u00fdch mien efekt\u00edvne zvy\u0161uje va\u0161u schopnos\u0165 vyjadrova\u0165 sa v n\u00f3r\u010dine. Pr\u00eddavn\u00e9 men\u00e1 opisuj\u00fa vlastnosti alebo charakteristiky podstatn\u00fdch mien a musia s\u00fahlasi\u0165 s podstatn\u00fdmi menami v rode a po\u010dte. V n\u00f3r\u010dine sa pr\u00eddavn\u00e9 men\u00e1 zvy\u010dajne vyskytuj\u00fa pred podstatn\u00fdm menom, ktor\u00e9 opisuj\u00fa.<\/p>\n\n\n\n<p>Pr\u00edslovky v n\u00f3r\u010dine upravuj\u00fa sloves\u00e1, pr\u00eddavn\u00e9 men\u00e1 alebo in\u00e9 pr\u00edslovky. Sprostredk\u00favaj\u00fa inform\u00e1cie o tom, ako, kedy, kde a v akom rozsahu doch\u00e1dza k akcii. Na rozdiel od pr\u00eddavn\u00fdch mien zost\u00e1vaj\u00fa pr\u00edslovky rovnak\u00e9 bez oh\u013eadu na rod alebo po\u010det op\u00edsan\u00fdch podstatn\u00fdch mien.<\/p>\n\n\n\n<h3 class=\"wp-block-heading\" id=\"h-4-constructing-sentences-with-norwegian-pronouns-and-word-order\">4. Vytv\u00e1ranie viet s n\u00f3rskymi z\u00e1menami a slovosledom<\/h3>\n\n\n\n<p>N\u00f3rske z\u00e1men\u00e1 nahr\u00e1dzaj\u00fa podstatn\u00e9 men\u00e1 a zvy\u010dajne s\u00fahlasia s podstatn\u00fdm menom, ktor\u00e9 predstavuj\u00fa v rode, \u010d\u00edsle a p\u00e1de. V n\u00f3r\u010dine existuj\u00fa r\u00f4zne druhy z\u00e1men vr\u00e1tane osobn\u00fdch, privlast\u0148ovac\u00edch, demon\u0161trat\u00edvnych, reflex\u00edvnych, relat\u00edvnych a opytovac\u00edch z\u00e1men.<\/p>\n\n\n\n<p>N\u00f3rska vetn\u00e1 \u0161trukt\u00fara sa riadi porad\u00edm podmet-sloveso-objekt (SVO), podobne ako angli\u010dtina. Pou\u017e\u00edva v\u0161ak aj pravidlo slovesnej sekundy (V2), v ktorom sloveso zvy\u010dajne zauj\u00edma druh\u00fa poz\u00edciu v hlavn\u00fdch vet\u00e1ch. Porozumenie a precvi\u010dovanie n\u00f3rskeho slovosledu je nevyhnutn\u00e9 na dosiahnutie plynulosti jazyka.<\/p>\n\n\n\n<h3 class=\"wp-block-heading\" id=\"h-conclusion\">Z\u00e1ver<\/h3>\n\n\n\n<p>Dosiahnutie plynulosti v n\u00f3rskej gramatike si vy\u017eaduje odhodlanie, prax a otvoren\u00fa myse\u013e pri sk\u00faman\u00ed jedine\u010dn\u00fdch vlastnost\u00ed tohto jazyka. \u010ci u\u017e sa chcete ponori\u0165 do n\u00f3rskej kult\u00fary, alebo sa chcete nau\u010di\u0165 nov\u00fd jazyk, zvl\u00e1dnutie n\u00f3rskej gramatiky je z\u00e1kladom \u00faspe\u0161nej komunik\u00e1cie. Ke\u010f sa ponor\u00edte do n\u00f3rskych podstatn\u00fdch mien, slovies, pr\u00eddavn\u00fdch mien a slovosledu, nezabudnite si tento proces vychutna\u0165 a v\u00e1\u017ei\u0165 si bohat\u00e9 jazykov\u00e9 sk\u00fasenosti, ktor\u00e9 na v\u00e1s \u010dakaj\u00fa. <a href=\"https:\/\/talkpal.ai\/culture\/how-do-you-say-good-luck-with-that-in-norwegian\/\">Lykke til<\/a>!<\/p>\n<\/div><\/div>\n\r\n<section class=\"learnNavigationSection\">\r\n            \r\n        <a href=\"https:\/\/talkpal.ai\/sk\/naucte-sa-norsky\/\">\r\n            <div class=\"learnNavigationWrapper\">\r\n                <div class=\"learnNavigationContent\">\r\n                    <img decoding=\"async\" src=\"https:\/\/talkpal.ai\/wp-content\/uploads\/2024\/08\/Norwegian.jpg\" alt=\"Norwegian Flag\">\r\n                    <div>\r\n                        <h4>O n\u00f3rskom vzdel\u00e1van\u00ed<\/h4>\r\n                        <p>Zistite v\u0161etko o n\u00f3rskej gramatike.<\/p>\r\n                    <\/div>\r\n                <\/div>\r\n            <\/div>\r\n        <\/a>\r\n\r\n        \r\n        <a href=\"https:\/\/talkpal.ai\/sk\/norske-gramaticke-cvicenia\/\">\r\n            <div class=\"learnNavigationWrapper\">\r\n                <div class=\"learnNavigationContent\">\r\n                    <img decoding=\"async\" src=\"https:\/\/talkpal.ai\/wp-content\/uploads\/2024\/08\/Norwegian.jpg\" alt=\"Norwegian Flag\">\r\n                    <div>\r\n                        <h4>Cvi\u010denie z n\u00f3rskej gramatiky<\/h4>\r\n                        <p>Precvi\u010dte si n\u00f3rsku gramatiku.<\/p>\r\n                    <\/div>\r\n                <\/div>\r\n            <\/div>\r\n        <\/a>\r\n\r\n        \r\n        <a href=\"https:\/\/talkpal.ai\/vocabulary_language\/norwegian\/\">\r\n            <div class=\"learnNavigationWrapper\">\r\n                <div class=\"learnNavigationContent\">\r\n                    <img decoding=\"async\" src=\"https:\/\/talkpal.ai\/wp-content\/uploads\/2024\/08\/Norwegian.jpg\" alt=\"Norwegian Flag\">\r\n                    <div>\r\n                        <h4>N\u00f3rska slovn\u00e1 z\u00e1soba<\/h4>\r\n                        <p>Roz\u0161\u00edrte si n\u00f3rsku slovn\u00fa z\u00e1sobu.<\/p>\r\n                    <\/div>\r\n                <\/div>\r\n            <\/div>\r\n        <\/a>\r\n\r\n            <\/section>","protected":false},"excerpt":{"rendered":"<p>Ponorte sa do n\u00f3rskej gramatiky: komplexn\u00fd sprievodca N\u00f3r\u010dina, fascinuj\u00faci a expres\u00edvny jazyk, pon\u00faka \u0161tudentom jazykov jedine\u010dn\u00fa pr\u00edle\u017eitos\u0165 presk\u00fama\u0165 bohat\u00e9 kult\u00farne a historick\u00e9 dedi\u010dstvo N\u00f3rska. Dobrou spr\u00e1vou je, \u017ee n\u00f3rska gramatika zdie\u013ea niektor\u00e9 podobnosti s angli\u010dtinou, \u010do z nej rob\u00ed pr\u00edstupn\u00fd jazyk na u\u010denie. Tento \u010dl\u00e1nok v\u00e1s prevedie z\u00e1kladn\u00fdmi aspektmi n\u00f3rskej gramatiky, \u010d\u00edm zabezpe\u010d\u00ed, \u017ee si [&hellip;]<\/p>\n","protected":false},"author":1,"featured_media":116846,"parent":0,"menu_order":0,"comment_status":"closed","ping_status":"closed","template":"LearningContentPage.php","meta":{"_acf_changed":false,"footnotes":""},"class_list":["post-148341","page","type-page","status-publish","has-post-thumbnail","hentry"],"acf":[],"yoast_head":"<!-- This site is optimized with the Yoast SEO Premium plugin v27.2 (Yoast SEO v27.2) - https:\/\/yoast.com\/product\/yoast-seo-premium-wordpress\/ -->\n<title>N\u00f3rska gramatika - Talkpal<\/title>\n<meta name=\"description\" content=\"Presk\u00famajte zlo\u017eitosti n\u00f3rskej gramatiky a posu\u0148te svoje jazykov\u00e9 zru\u010dnosti na vy\u0161\u0161iu \u00farove\u0148.\" \/>\n<meta name=\"robots\" content=\"index, follow, max-snippet:-1, max-image-preview:large, max-video-preview:-1\" \/>\n<link rel=\"canonical\" href=\"https:\/\/talkpal.ai\/sk\/norska-gramatika\/\" \/>\n<meta property=\"og:locale\" content=\"sk_SK\" \/>\n<meta property=\"og:type\" content=\"article\" \/>\n<meta property=\"og:title\" content=\"N\u00f3rska gramatika\" \/>\n<meta property=\"og:description\" content=\"Ponorte sa do n\u00f3rskej gramatiky: komplexn\u00fd sprievodca N\u00f3r\u010dina, fascinuj\u00faci a expres\u00edvny jazyk, pon\u00faka \u0161tudentom jazykov jedine\u010dn\u00fa pr\u00edle\u017eitos\u0165 presk\u00fama\u0165\" \/>\n<meta property=\"og:url\" content=\"https:\/\/talkpal.ai\/sk\/norska-gramatika\/\" \/>\n<meta property=\"og:site_name\" content=\"Talkpal\" \/>\n<meta property=\"article:publisher\" content=\"https:\/\/www.facebook.com\/profile.php?id=100090733639311\" \/>\n<meta property=\"article:modified_time\" content=\"2025-12-17T17:35:34+00:00\" \/>\n<meta property=\"og:image\" content=\"https:\/\/talkpal.ai\/wp-content\/uploads\/2023\/05\/norway.png\" \/>\n\t<meta property=\"og:image:width\" content=\"512\" \/>\n\t<meta property=\"og:image:height\" content=\"512\" \/>\n\t<meta property=\"og:image:type\" content=\"image\/png\" \/>\n<meta name=\"twitter:card\" content=\"summary_large_image\" \/>\n<meta name=\"twitter:site\" content=\"@talkpalai\" \/>\n<meta name=\"twitter:label1\" content=\"Predpokladan\u00fd \u010das \u010d\u00edtania\" \/>\n\t<meta name=\"twitter:data1\" content=\"4 min\u00faty\" \/>\n<script type=\"application\/ld+json\" class=\"yoast-schema-graph\">{\"@context\":\"https:\/\/schema.org\",\"@graph\":[{\"@type\":\"WebPage\",\"@id\":\"https:\/\/talkpal.ai\/sk\/norska-gramatika\/\",\"url\":\"https:\/\/talkpal.ai\/sk\/norska-gramatika\/\",\"name\":\"N\u00f3rska gramatika - Talkpal\",\"isPartOf\":{\"@id\":\"https:\/\/talkpal.ai\/sk\/#website\"},\"primaryImageOfPage\":{\"@id\":\"https:\/\/talkpal.ai\/sk\/norska-gramatika\/#primaryimage\"},\"image\":{\"@id\":\"https:\/\/talkpal.ai\/sk\/norska-gramatika\/#primaryimage\"},\"thumbnailUrl\":\"https:\/\/talkpal.ai\/wp-content\/uploads\/2023\/05\/norway.png\",\"datePublished\":\"2023-05-14T14:13:06+00:00\",\"dateModified\":\"2025-12-17T17:35:34+00:00\",\"description\":\"Presk\u00famajte zlo\u017eitosti n\u00f3rskej gramatiky a posu\u0148te svoje jazykov\u00e9 zru\u010dnosti na vy\u0161\u0161iu \u00farove\u0148.\",\"breadcrumb\":{\"@id\":\"https:\/\/talkpal.ai\/sk\/norska-gramatika\/#breadcrumb\"},\"inLanguage\":\"sk-SK\",\"potentialAction\":[{\"@type\":\"ReadAction\",\"target\":[\"https:\/\/talkpal.ai\/sk\/norska-gramatika\/\"]}]},{\"@type\":\"ImageObject\",\"inLanguage\":\"sk-SK\",\"@id\":\"https:\/\/talkpal.ai\/sk\/norska-gramatika\/#primaryimage\",\"url\":\"https:\/\/talkpal.ai\/wp-content\/uploads\/2023\/05\/norway.png\",\"contentUrl\":\"https:\/\/talkpal.ai\/wp-content\/uploads\/2023\/05\/norway.png\",\"width\":512,\"height\":512},{\"@type\":\"BreadcrumbList\",\"@id\":\"https:\/\/talkpal.ai\/sk\/norska-gramatika\/#breadcrumb\",\"itemListElement\":[{\"@type\":\"ListItem\",\"position\":1,\"name\":\"Homepage\",\"item\":\"https:\/\/talkpal.ai\/sk\/\"},{\"@type\":\"ListItem\",\"position\":2,\"name\":\"N\u00f3rska gramatika\"}]},{\"@type\":\"WebSite\",\"@id\":\"https:\/\/talkpal.ai\/sk\/#website\",\"url\":\"https:\/\/talkpal.ai\/sk\/\",\"name\":\"Talkpal\",\"description\":\"AI Language Learning\",\"publisher\":{\"@id\":\"https:\/\/talkpal.ai\/sk\/#organization\"},\"alternateName\":\"Talkpal AI\",\"potentialAction\":[{\"@type\":\"SearchAction\",\"target\":{\"@type\":\"EntryPoint\",\"urlTemplate\":\"https:\/\/talkpal.ai\/sk\/?s={search_term_string}\"},\"query-input\":{\"@type\":\"PropertyValueSpecification\",\"valueRequired\":true,\"valueName\":\"search_term_string\"}}],\"inLanguage\":\"sk-SK\"},{\"@type\":\"Organization\",\"@id\":\"https:\/\/talkpal.ai\/sk\/#organization\",\"name\":\"Talkpal, Inc.\",\"alternateName\":\"Talkpal AI\",\"url\":\"https:\/\/talkpal.ai\/sk\/\",\"logo\":{\"@type\":\"ImageObject\",\"inLanguage\":\"sk-SK\",\"@id\":\"https:\/\/talkpal.ai\/sk\/#\/schema\/logo\/image\/\",\"url\":\"https:\/\/talkpal.ai\/wp-content\/uploads\/2024\/03\/Talkpal-Logo-Icon.png\",\"contentUrl\":\"https:\/\/talkpal.ai\/wp-content\/uploads\/2024\/03\/Talkpal-Logo-Icon.png\",\"width\":2880,\"height\":2880,\"caption\":\"Talkpal, Inc.\"},\"image\":{\"@id\":\"https:\/\/talkpal.ai\/sk\/#\/schema\/logo\/image\/\"},\"sameAs\":[\"https:\/\/www.facebook.com\/profile.php?id=100090733639311\",\"https:\/\/x.com\/talkpalai\",\"https:\/\/www.linkedin.com\/company\/talkpal\/\",\"https:\/\/www.youtube.com\/@TalkPal\/\",\"https:\/\/www.tiktok.com\/@talkpal\",\"https:\/\/www.instagram.com\/talkpal_ai\/\",\"https:\/\/www.crunchbase.com\/organization\/talkpal-9cde\",\"https:\/\/www.g2.com\/products\/talkpal-for-business\/\",\"https:\/\/www.trustpilot.com\/review\/talkpal.ai\",\"https:\/\/www.capterra.com\/p\/10006800\/TalkPal\/\"],\"description\":\"Talkpal is a language learning web and mobile education app, powered by the latest AI technologies, that provides engaging experiences to its customers in many different languages to help them improve their language skills. Users can chat about unlimited amount of topics with the app and use other modes to practice their language learning.\",\"email\":\"support@talkpal.ai\",\"legalName\":\"Talkpal, Inc.\",\"foundingDate\":\"2023-04-03\",\"duns\":\"118989042\",\"numberOfEmployees\":{\"@type\":\"QuantitativeValue\",\"minValue\":\"11\",\"maxValue\":\"50\"},\"publishingPrinciples\":\"https:\/\/talkpal.ai\/publishing-principles\/\",\"actionableFeedbackPolicy\":\"https:\/\/talkpal.ai\/actionable-feedback-policy\/\",\"correctionsPolicy\":\"https:\/\/talkpal.ai\/corrections-policy\/\",\"ethicsPolicy\":\"https:\/\/talkpal.ai\/ethics-policy\/\",\"diversityPolicy\":\"https:\/\/talkpal.ai\/diversity-policy\/\",\"diversityStaffingReport\":\"https:\/\/talkpal.ai\/diversity-policy\/\"}]}<\/script>\n<!-- \/ Yoast SEO Premium plugin. -->","yoast_head_json":{"title":"N\u00f3rska gramatika - Talkpal","description":"Presk\u00famajte zlo\u017eitosti n\u00f3rskej gramatiky a posu\u0148te svoje jazykov\u00e9 zru\u010dnosti na vy\u0161\u0161iu \u00farove\u0148.","robots":{"index":"index","follow":"follow","max-snippet":"max-snippet:-1","max-image-preview":"max-image-preview:large","max-video-preview":"max-video-preview:-1"},"canonical":"https:\/\/talkpal.ai\/sk\/norska-gramatika\/","og_locale":"sk_SK","og_type":"article","og_title":"N\u00f3rska gramatika","og_description":"Ponorte sa do n\u00f3rskej gramatiky: komplexn\u00fd sprievodca N\u00f3r\u010dina, fascinuj\u00faci a expres\u00edvny jazyk, pon\u00faka \u0161tudentom jazykov jedine\u010dn\u00fa pr\u00edle\u017eitos\u0165 presk\u00fama\u0165","og_url":"https:\/\/talkpal.ai\/sk\/norska-gramatika\/","og_site_name":"Talkpal","article_publisher":"https:\/\/www.facebook.com\/profile.php?id=100090733639311","article_modified_time":"2025-12-17T17:35:34+00:00","og_image":[{"width":512,"height":512,"url":"https:\/\/talkpal.ai\/wp-content\/uploads\/2023\/05\/norway.png","type":"image\/png"}],"twitter_card":"summary_large_image","twitter_site":"@talkpalai","twitter_misc":{"Predpokladan\u00fd \u010das \u010d\u00edtania":"4 min\u00faty"},"schema":{"@context":"https:\/\/schema.org","@graph":[{"@type":"WebPage","@id":"https:\/\/talkpal.ai\/sk\/norska-gramatika\/","url":"https:\/\/talkpal.ai\/sk\/norska-gramatika\/","name":"N\u00f3rska gramatika - Talkpal","isPartOf":{"@id":"https:\/\/talkpal.ai\/sk\/#website"},"primaryImageOfPage":{"@id":"https:\/\/talkpal.ai\/sk\/norska-gramatika\/#primaryimage"},"image":{"@id":"https:\/\/talkpal.ai\/sk\/norska-gramatika\/#primaryimage"},"thumbnailUrl":"https:\/\/talkpal.ai\/wp-content\/uploads\/2023\/05\/norway.png","datePublished":"2023-05-14T14:13:06+00:00","dateModified":"2025-12-17T17:35:34+00:00","description":"Presk\u00famajte zlo\u017eitosti n\u00f3rskej gramatiky a posu\u0148te svoje jazykov\u00e9 zru\u010dnosti na vy\u0161\u0161iu \u00farove\u0148.","breadcrumb":{"@id":"https:\/\/talkpal.ai\/sk\/norska-gramatika\/#breadcrumb"},"inLanguage":"sk-SK","potentialAction":[{"@type":"ReadAction","target":["https:\/\/talkpal.ai\/sk\/norska-gramatika\/"]}]},{"@type":"ImageObject","inLanguage":"sk-SK","@id":"https:\/\/talkpal.ai\/sk\/norska-gramatika\/#primaryimage","url":"https:\/\/talkpal.ai\/wp-content\/uploads\/2023\/05\/norway.png","contentUrl":"https:\/\/talkpal.ai\/wp-content\/uploads\/2023\/05\/norway.png","width":512,"height":512},{"@type":"BreadcrumbList","@id":"https:\/\/talkpal.ai\/sk\/norska-gramatika\/#breadcrumb","itemListElement":[{"@type":"ListItem","position":1,"name":"Homepage","item":"https:\/\/talkpal.ai\/sk\/"},{"@type":"ListItem","position":2,"name":"N\u00f3rska gramatika"}]},{"@type":"WebSite","@id":"https:\/\/talkpal.ai\/sk\/#website","url":"https:\/\/talkpal.ai\/sk\/","name":"Talkpal","description":"AI Language Learning","publisher":{"@id":"https:\/\/talkpal.ai\/sk\/#organization"},"alternateName":"Talkpal AI","potentialAction":[{"@type":"SearchAction","target":{"@type":"EntryPoint","urlTemplate":"https:\/\/talkpal.ai\/sk\/?s={search_term_string}"},"query-input":{"@type":"PropertyValueSpecification","valueRequired":true,"valueName":"search_term_string"}}],"inLanguage":"sk-SK"},{"@type":"Organization","@id":"https:\/\/talkpal.ai\/sk\/#organization","name":"Talkpal, Inc.","alternateName":"Talkpal AI","url":"https:\/\/talkpal.ai\/sk\/","logo":{"@type":"ImageObject","inLanguage":"sk-SK","@id":"https:\/\/talkpal.ai\/sk\/#\/schema\/logo\/image\/","url":"https:\/\/talkpal.ai\/wp-content\/uploads\/2024\/03\/Talkpal-Logo-Icon.png","contentUrl":"https:\/\/talkpal.ai\/wp-content\/uploads\/2024\/03\/Talkpal-Logo-Icon.png","width":2880,"height":2880,"caption":"Talkpal, Inc."},"image":{"@id":"https:\/\/talkpal.ai\/sk\/#\/schema\/logo\/image\/"},"sameAs":["https:\/\/www.facebook.com\/profile.php?id=100090733639311","https:\/\/x.com\/talkpalai","https:\/\/www.linkedin.com\/company\/talkpal\/","https:\/\/www.youtube.com\/@TalkPal\/","https:\/\/www.tiktok.com\/@talkpal","https:\/\/www.instagram.com\/talkpal_ai\/","https:\/\/www.crunchbase.com\/organization\/talkpal-9cde","https:\/\/www.g2.com\/products\/talkpal-for-business\/","https:\/\/www.trustpilot.com\/review\/talkpal.ai","https:\/\/www.capterra.com\/p\/10006800\/TalkPal\/"],"description":"Talkpal is a language learning web and mobile education app, powered by the latest AI technologies, that provides engaging experiences to its customers in many different languages to help them improve their language skills. Users can chat about unlimited amount of topics with the app and use other modes to practice their language learning.","email":"support@talkpal.ai","legalName":"Talkpal, Inc.","foundingDate":"2023-04-03","duns":"118989042","numberOfEmployees":{"@type":"QuantitativeValue","minValue":"11","maxValue":"50"},"publishingPrinciples":"https:\/\/talkpal.ai\/publishing-principles\/","actionableFeedbackPolicy":"https:\/\/talkpal.ai\/actionable-feedback-policy\/","correctionsPolicy":"https:\/\/talkpal.ai\/corrections-policy\/","ethicsPolicy":"https:\/\/talkpal.ai\/ethics-policy\/","diversityPolicy":"https:\/\/talkpal.ai\/diversity-policy\/","diversityStaffingReport":"https:\/\/talkpal.ai\/diversity-policy\/"}]}},"_links":{"self":[{"href":"https:\/\/talkpal.ai\/sk\/wp-json\/wp\/v2\/pages\/148341","targetHints":{"allow":["GET"]}}],"collection":[{"href":"https:\/\/talkpal.ai\/sk\/wp-json\/wp\/v2\/pages"}],"about":[{"href":"https:\/\/talkpal.ai\/sk\/wp-json\/wp\/v2\/types\/page"}],"author":[{"embeddable":true,"href":"https:\/\/talkpal.ai\/sk\/wp-json\/wp\/v2\/users\/1"}],"replies":[{"embeddable":true,"href":"https:\/\/talkpal.ai\/sk\/wp-json\/wp\/v2\/comments?post=148341"}],"version-history":[{"count":0,"href":"https:\/\/talkpal.ai\/sk\/wp-json\/wp\/v2\/pages\/148341\/revisions"}],"wp:featuredmedia":[{"embeddable":true,"href":"https:\/\/talkpal.ai\/sk\/wp-json\/wp\/v2\/media\/116846"}],"wp:attachment":[{"href":"https:\/\/talkpal.ai\/sk\/wp-json\/wp\/v2\/media?parent=148341"}],"curies":[{"name":"wp","href":"https:\/\/api.w.org\/{rel}","templated":true}]}}