{"id":1481560,"date":"2025-11-27T16:56:24","date_gmt":"2025-11-27T16:56:24","guid":{"rendered":"https:\/\/talkpal.ai\/talkpal-vianocna-zlava\/"},"modified":"2026-01-22T14:04:23","modified_gmt":"2026-01-22T14:04:23","slug":"talkpal-vianocna-zlava","status":"publish","type":"page","link":"https:\/\/talkpal.ai\/sk\/talkpal-vianocna-zlava\/","title":{"rendered":"Talkpal viano\u010dn\u00e1 z\u013eava"},"content":{"rendered":"<section class=\"languageChallengeSection\">\r\n    <div class=\"languageInfoWrapper\">\r\n        \r\n        <h1>Talkpal viano\u010dn\u00e1 z\u013eava<\/h1>\r\n        <p>Ste pripraven\u00ed posilni\u0165 svoje jazykov\u00e9 schopnosti? Tieto Vianoce pon\u00faka Talkpal exkluz\u00edvnu 79% z\u013eavu, ktor\u00e1 v\u00e1m pom\u00f4\u017ee u\u010di\u0165 sa r\u00fdchlej\u0161ie a m\u00fadrej\u0161ie. Odomkni v\u0161etky pr\u00e9miov\u00e9 funkcie, precvi\u010duj si re\u00e1lne rozhovory s AI a buduj plynulos\u0165 za polovicu n\u00e1kladov.<\/p>\r\n\r\n                    <a class=\"getStartedHidden\" href=\"https:\/\/app.talkpal.ai\/signup?discount=50\">\r\n                Z\u00edskajte z\u013eavu            <\/a>\r\n            <\/div>\r\n\r\n            <figure>\r\n            <img decoding=\"async\" class=\"no-lazy\" src=\"https:\/\/talkpal.ai\/wp-content\/uploads\/2026\/01\/curly-girl-with-phone-yellow-background.webp\" alt=\"\" fetchpriority=\"high\" \/>\r\n        <\/figure>\r\n        \r\n                    <a class=\"getStartedVisible\" href=\"https:\/\/app.talkpal.ai\/signup?discount=50\">\r\n                Z\u00edskajte z\u013eavu            <\/a>\r\n        <\/section><section class=\"featureSection\">\r\n    <div class=\"featureIntroduce\">\r\n        <a class=\"introduceLink\" href=\"https:\/\/app.talkpal.ai\/sk\/signup?lng=\">\r\n            <img decoding=\"async\" src=\"https:\/\/talkpal.ai\/wp-content\/themes\/talkpal\/assets\/img\/Sparkle.svg\" alt=\"\" \/>najpokro\u010dilej\u0161\u00ed\n  AI<\/a>\r\n        <h3 class=\"featureTitle\">Rozdiel v talkpale<\/h3>\r\n    <\/div>\r\n            <div class=\"introduceWrapper\">\r\n                            <a class=\"introducCard\" href=\"https:\/\/app.talkpal.ai\/sk\/signup?lng=\">\r\n\r\n                    \r\n                                                <img decoding=\"async\" src=\"https:\/\/talkpal.ai\/wp-content\/uploads\/2025\/05\/Immersive_conversations.png\" alt=\"Immersive Conversation Screenshot\" \/>\r\n                        <h4 class=\"introduceTitle\">Personalizovan\u00e9 vzdel\u00e1vanie<\/h4>\r\n                        <p class=\"cardText\">Ka\u017ed\u00fd \u0161tudent m\u00e1 in\u00fa cestu, s cestovan\u00edm, pr\u00e1cou a nabit\u00fdm programom. Talkpal vyu\u017e\u00edva pokro\u010dil\u00fa AI na u\u010denie sa z mili\u00f3nov \u0161tudijn\u00fdch vzorcov a vytv\u00e1ra personalizovan\u00e9, efekt\u00edvne a p\u00fatav\u00e9 z\u00e1\u017eitky prisp\u00f4soben\u00e9 v\u00e1m.<\/p>\r\n                    \r\n                <\/a>\r\n                            <a class=\"introducCard\" href=\"https:\/\/app.talkpal.ai\/sk\/signup?lng=\">\r\n\r\n                    \r\n                                                <img decoding=\"async\" src=\"https:\/\/talkpal.ai\/wp-content\/uploads\/2025\/05\/Realtime_feedback.png\" alt=\"Feedback Screenshot\" \/>\r\n                        <h4 class=\"introduceTitle\">Najmodernej\u0161ia technol\u00f3gia<\/h4>\r\n                        <p class=\"cardText\">Na\u0161ou misiou je spr\u00edstupni\u0165 personalizovan\u00e9 u\u010denie jazykov ka\u017ed\u00e9mu kombin\u00e1ciou najmodernej\u0161ej AI s overen\u00fdmi vyu\u010dovac\u00edmi met\u00f3dami. Tieto Vianoce s\u00fa pr\u00edstupnej\u0161ie ne\u017e kedyko\u013evek predt\u00fdm. S Talkpalom z\u00edskate cestu prisp\u00f4soben\u00fa na mieru, ktor\u00e1 sa prisp\u00f4sob\u00ed v\u00e1\u0161mu tempu, \u017eivotn\u00e9mu \u0161t\u00fdlu a cie\u013eom, kamko\u013evek v\u00e1s \u017eivot zavedie.<\/p>\r\n                    \r\n                <\/a>\r\n                            <a class=\"introducCard\" href=\"https:\/\/app.talkpal.ai\/sk\/signup?lng=\">\r\n\r\n                    \r\n                                                <img decoding=\"async\" src=\"https:\/\/talkpal.ai\/wp-content\/uploads\/2025\/05\/Personalization.png\" alt=\"Personalization Screenshot\" \/>\r\n                        <h4 class=\"introduceTitle\">Z\u00e1bava pri u\u010den\u00ed<\/h4>\r\n                        <p class=\"cardText\">Ver\u00edme, \u017ee u\u010denie sa jazykov by malo by\u0165 pr\u00edjemn\u00e9 a motivuj\u00face. Preto v\u00e1s Talkpal udr\u017e\u00ed zapojen\u00fdch a in\u0161pirovan\u00fdch, tak\u017ee to p\u00f4sob\u00ed menej ako \u0161t\u00fadium a viac ako dobrodru\u017estvo. Pridajte sa k tis\u00edcom \u0161tudentov po celom svete a vyu\u017eite na\u0161u viano\u010dn\u00fa ponuku, aby ste za\u010dali zdokona\u013eova\u0165 svoj \u010fal\u0161\u00ed jazyk.<\/p>\r\n                    \r\n                <\/a>\r\n                            <\/div>\r\n                     <a class=\"featureSectionLink\" href=\"https:\/\/app.talkpal.ai\/signup?discount=50\">\r\n                Z\u00edskajte z\u013eavu            <\/a>\r\n                \r\n<\/section>\r\n\r\n\r\n<section class=\"smartFunSection\">\r\n            \r\n            <div class=\"smartFunCard\">\r\n                <div class=\"smartFunWrapper\"><img decoding=\"async\" src=\"https:\/\/talkpal.ai\/wp-content\/uploads\/2025\/05\/1.png\" alt=\"Learning Stats Screenshot\"><\/div>\r\n                <h3>Prisp\u00f4soben\u00e9 v\u00e1m<\/h3>\r\n                <p>Talkpal vyu\u017e\u00edva technol\u00f3giu poh\u00e1\u0148an\u00fa umelou inteligenciou na poskytovanie personalizovan\u00fdch seden\u00ed prisp\u00f4soben\u00fdch va\u0161ej \u00farovni a tempu. Ka\u017ed\u00e1 lekcia vyhovuje va\u0161im potreb\u00e1m a pom\u00e1ha v\u00e1m dosahova\u0165 stabiln\u00fd pokrok, \u010di u\u017e doma alebo v zahrani\u010d\u00ed.<\/p>\r\n            <\/div>\r\n\r\n        \r\n            <div class=\"smartFunCard\">\r\n                <div class=\"smartFunWrapper\"><img decoding=\"async\" src=\"https:\/\/talkpal.ai\/wp-content\/uploads\/2025\/05\/2.png\" alt=\"Pronunciation Score Screenshot\"><\/div>\r\n                <h3>Efekt\u00edvne a \u00fa\u010dinn\u00e9<\/h3>\r\n                <p>Posilnite svoje \u010ditate\u013esk\u00e9, po\u010d\u00favacie a re\u010dn\u00edcke zru\u010dnosti efekt\u00edvne s Talkpalom. Na\u0161e inovat\u00edvne n\u00e1stroje robia \u0161t\u00fadium jazyka efekt\u00edvnym a pr\u00edjemn\u00fdm pre \u0161tudentov s r\u00f4znymi rozvrhmi.<\/p>\r\n            <\/div>\r\n\r\n        \r\n            <div class=\"smartFunCard\">\r\n                <div class=\"smartFunWrapper\"><img decoding=\"async\" src=\"https:\/\/talkpal.ai\/wp-content\/uploads\/2025\/05\/3.png\" alt=\"Chat Topics Screenshot\"><\/div>\r\n                <h3>Udr\u017eujte si anga\u017eovanos\u0165<\/h3>\r\n                <p>Platforma kombinuje gamifikovan\u00e9 prvky, p\u00fatav\u00e9 v\u00fdzvy a podnetn\u00e9 podnety, aby v\u00e1s udr\u017eala motivovan\u00fdch a konzistentn\u00fdch. S Talkpalom sa u\u010denie jazyka st\u00e1va z\u00e1bavn\u00fdm ka\u017edodenn\u00fdm zvykom, nie \u010fal\u0161ou povinnos\u0165ou.<\/p>\r\n            <\/div>\r\n\r\n        \r\n            <div class=\"smartFunCard\">\r\n                <div class=\"smartFunWrapper\"><img decoding=\"async\" src=\"https:\/\/talkpal.ai\/wp-content\/uploads\/2025\/05\/4.png\" alt=\"Dashboard Screenshot\"><\/div>\r\n                <h3>U\u017eite si u\u010denie<\/h3>\r\n                <p>Zvl\u00e1dnutie nov\u00e9ho jazyka nemus\u00ed by\u0165 \u00fanavn\u00e9. Talkpal pon\u00faka interakt\u00edvne cvi\u010denia, \u017eiv\u00e9 postavy a od\u013eah\u010den\u00e9 AI rozhovory, aby bolo u\u010denie pr\u00edjemnou s\u00fa\u010das\u0165ou v\u00e1\u0161ho d\u0148a. Zabezpe\u010dte viano\u010dn\u00fa z\u013eavu 79 % a za\u010dnite u\u017e dnes.<\/p>\r\n            <\/div>\r\n\r\n            \r\n<\/section>\r\n\r\n<section class=\"promotionalBanner\">\r\n    <p class=\"promotionalText\">Talkpal viano\u010dn\u00e1 z\u013eava \u2013 Za\u010dnite sa u\u010di\u0165 so z\u013eavnenou cenou<\/p>\r\n                <a class=\"promotionalLink\" href=\"https:\/\/app.talkpal.ai\/signup?discount=50\">\r\n                Z\u00edskajte z\u013eavu            <\/a>\r\n            \r\n<\/section>","protected":false},"excerpt":{"rendered":"","protected":false},"author":20,"featured_media":0,"parent":0,"menu_order":0,"comment_status":"closed","ping_status":"closed","template":"LearningContentPage.php","meta":{"_acf_changed":false,"footnotes":""},"class_list":["post-1481560","page","type-page","status-publish","hentry"],"acf":[],"yoast_head":"<!-- This site is optimized with the Yoast SEO Premium plugin v27.2 (Yoast SEO v27.2) - https:\/\/yoast.com\/product\/yoast-seo-premium-wordpress\/ -->\n<title>Talkpal viano\u010dn\u00e1 z\u013eava - Talkpal<\/title>\n<meta name=\"description\" content=\"U\u0161etrite 79 % na Talkpal Premium tieto Vianoce a u\u010dte sa jazyky r\u00fdchlej\u0161ie s na\u0161\u00edm pokro\u010dil\u00fdm AI lektorom konverz\u00e1ci\u00ed.\" \/>\n<meta name=\"robots\" content=\"index, follow, max-snippet:-1, max-image-preview:large, max-video-preview:-1\" \/>\n<link rel=\"canonical\" href=\"https:\/\/talkpal.ai\/sk\/talkpal-vianocna-zlava\/\" \/>\n<meta property=\"og:locale\" content=\"sk_SK\" \/>\n<meta property=\"og:type\" content=\"article\" \/>\n<meta property=\"og:title\" content=\"Talkpal viano\u010dn\u00e1 z\u013eava\" \/>\n<meta property=\"og:url\" content=\"https:\/\/talkpal.ai\/sk\/talkpal-vianocna-zlava\/\" \/>\n<meta property=\"og:site_name\" content=\"Talkpal\" \/>\n<meta property=\"article:publisher\" content=\"https:\/\/www.facebook.com\/profile.php?id=100090733639311\" \/>\n<meta property=\"article:modified_time\" content=\"2026-01-22T14:04:23+00:00\" \/>\n<meta property=\"og:image\" content=\"https:\/\/talkpal.ai\/wp-content\/uploads\/2025\/02\/Progress-tab-16_9.png\" \/>\n\t<meta property=\"og:image:width\" content=\"2880\" \/>\n\t<meta property=\"og:image:height\" content=\"1620\" \/>\n\t<meta property=\"og:image:type\" content=\"image\/png\" \/>\n<meta name=\"twitter:card\" content=\"summary_large_image\" \/>\n<meta name=\"twitter:site\" content=\"@talkpalai\" \/>\n<script type=\"application\/ld+json\" class=\"yoast-schema-graph\">{\"@context\":\"https:\/\/schema.org\",\"@graph\":[{\"@type\":\"WebPage\",\"@id\":\"https:\/\/talkpal.ai\/sk\/talkpal-vianocna-zlava\/\",\"url\":\"https:\/\/talkpal.ai\/sk\/talkpal-vianocna-zlava\/\",\"name\":\"Talkpal viano\u010dn\u00e1 z\u013eava - Talkpal\",\"isPartOf\":{\"@id\":\"https:\/\/talkpal.ai\/sk\/#website\"},\"datePublished\":\"2025-11-27T16:56:24+00:00\",\"dateModified\":\"2026-01-22T14:04:23+00:00\",\"description\":\"U\u0161etrite 79 % na Talkpal Premium tieto Vianoce a u\u010dte sa jazyky r\u00fdchlej\u0161ie s na\u0161\u00edm pokro\u010dil\u00fdm AI lektorom konverz\u00e1ci\u00ed.\",\"breadcrumb\":{\"@id\":\"https:\/\/talkpal.ai\/sk\/talkpal-vianocna-zlava\/#breadcrumb\"},\"inLanguage\":\"sk-SK\",\"potentialAction\":[{\"@type\":\"ReadAction\",\"target\":[\"https:\/\/talkpal.ai\/sk\/talkpal-vianocna-zlava\/\"]}]},{\"@type\":\"BreadcrumbList\",\"@id\":\"https:\/\/talkpal.ai\/sk\/talkpal-vianocna-zlava\/#breadcrumb\",\"itemListElement\":[{\"@type\":\"ListItem\",\"position\":1,\"name\":\"Homepage\",\"item\":\"https:\/\/talkpal.ai\/sk\/\"},{\"@type\":\"ListItem\",\"position\":2,\"name\":\"Talkpal viano\u010dn\u00e1 z\u013eava\"}]},{\"@type\":\"WebSite\",\"@id\":\"https:\/\/talkpal.ai\/sk\/#website\",\"url\":\"https:\/\/talkpal.ai\/sk\/\",\"name\":\"Talkpal\",\"description\":\"AI Language Learning\",\"publisher\":{\"@id\":\"https:\/\/talkpal.ai\/sk\/#organization\"},\"alternateName\":\"Talkpal AI\",\"potentialAction\":[{\"@type\":\"SearchAction\",\"target\":{\"@type\":\"EntryPoint\",\"urlTemplate\":\"https:\/\/talkpal.ai\/sk\/?s={search_term_string}\"},\"query-input\":{\"@type\":\"PropertyValueSpecification\",\"valueRequired\":true,\"valueName\":\"search_term_string\"}}],\"inLanguage\":\"sk-SK\"},{\"@type\":\"Organization\",\"@id\":\"https:\/\/talkpal.ai\/sk\/#organization\",\"name\":\"Talkpal, Inc.\",\"alternateName\":\"Talkpal AI\",\"url\":\"https:\/\/talkpal.ai\/sk\/\",\"logo\":{\"@type\":\"ImageObject\",\"inLanguage\":\"sk-SK\",\"@id\":\"https:\/\/talkpal.ai\/sk\/#\/schema\/logo\/image\/\",\"url\":\"https:\/\/talkpal.ai\/wp-content\/uploads\/2024\/03\/Talkpal-Logo-Icon.png\",\"contentUrl\":\"https:\/\/talkpal.ai\/wp-content\/uploads\/2024\/03\/Talkpal-Logo-Icon.png\",\"width\":2880,\"height\":2880,\"caption\":\"Talkpal, Inc.\"},\"image\":{\"@id\":\"https:\/\/talkpal.ai\/sk\/#\/schema\/logo\/image\/\"},\"sameAs\":[\"https:\/\/www.facebook.com\/profile.php?id=100090733639311\",\"https:\/\/x.com\/talkpalai\",\"https:\/\/www.linkedin.com\/company\/talkpal\/\",\"https:\/\/www.youtube.com\/@TalkPal\/\",\"https:\/\/www.tiktok.com\/@talkpal\",\"https:\/\/www.instagram.com\/talkpal_ai\/\",\"https:\/\/www.crunchbase.com\/organization\/talkpal-9cde\",\"https:\/\/www.g2.com\/products\/talkpal-for-business\/\",\"https:\/\/www.trustpilot.com\/review\/talkpal.ai\",\"https:\/\/www.capterra.com\/p\/10006800\/TalkPal\/\"],\"description\":\"Talkpal is a language learning web and mobile education app, powered by the latest AI technologies, that provides engaging experiences to its customers in many different languages to help them improve their language skills. Users can chat about unlimited amount of topics with the app and use other modes to practice their language learning.\",\"email\":\"support@talkpal.ai\",\"legalName\":\"Talkpal, Inc.\",\"foundingDate\":\"2023-04-03\",\"duns\":\"118989042\",\"numberOfEmployees\":{\"@type\":\"QuantitativeValue\",\"minValue\":\"11\",\"maxValue\":\"50\"},\"publishingPrinciples\":\"https:\/\/talkpal.ai\/publishing-principles\/\",\"actionableFeedbackPolicy\":\"https:\/\/talkpal.ai\/actionable-feedback-policy\/\",\"correctionsPolicy\":\"https:\/\/talkpal.ai\/corrections-policy\/\",\"ethicsPolicy\":\"https:\/\/talkpal.ai\/ethics-policy\/\",\"diversityPolicy\":\"https:\/\/talkpal.ai\/diversity-policy\/\",\"diversityStaffingReport\":\"https:\/\/talkpal.ai\/diversity-policy\/\"}]}<\/script>\n<!-- \/ Yoast SEO Premium plugin. -->","yoast_head_json":{"title":"Talkpal viano\u010dn\u00e1 z\u013eava - Talkpal","description":"U\u0161etrite 79 % na Talkpal Premium tieto Vianoce a u\u010dte sa jazyky r\u00fdchlej\u0161ie s na\u0161\u00edm pokro\u010dil\u00fdm AI lektorom konverz\u00e1ci\u00ed.","robots":{"index":"index","follow":"follow","max-snippet":"max-snippet:-1","max-image-preview":"max-image-preview:large","max-video-preview":"max-video-preview:-1"},"canonical":"https:\/\/talkpal.ai\/sk\/talkpal-vianocna-zlava\/","og_locale":"sk_SK","og_type":"article","og_title":"Talkpal viano\u010dn\u00e1 z\u013eava","og_url":"https:\/\/talkpal.ai\/sk\/talkpal-vianocna-zlava\/","og_site_name":"Talkpal","article_publisher":"https:\/\/www.facebook.com\/profile.php?id=100090733639311","article_modified_time":"2026-01-22T14:04:23+00:00","og_image":[{"width":2880,"height":1620,"url":"https:\/\/talkpal.ai\/wp-content\/uploads\/2025\/02\/Progress-tab-16_9.png","type":"image\/png"}],"twitter_card":"summary_large_image","twitter_site":"@talkpalai","schema":{"@context":"https:\/\/schema.org","@graph":[{"@type":"WebPage","@id":"https:\/\/talkpal.ai\/sk\/talkpal-vianocna-zlava\/","url":"https:\/\/talkpal.ai\/sk\/talkpal-vianocna-zlava\/","name":"Talkpal viano\u010dn\u00e1 z\u013eava - Talkpal","isPartOf":{"@id":"https:\/\/talkpal.ai\/sk\/#website"},"datePublished":"2025-11-27T16:56:24+00:00","dateModified":"2026-01-22T14:04:23+00:00","description":"U\u0161etrite 79 % na Talkpal Premium tieto Vianoce a u\u010dte sa jazyky r\u00fdchlej\u0161ie s na\u0161\u00edm pokro\u010dil\u00fdm AI lektorom konverz\u00e1ci\u00ed.","breadcrumb":{"@id":"https:\/\/talkpal.ai\/sk\/talkpal-vianocna-zlava\/#breadcrumb"},"inLanguage":"sk-SK","potentialAction":[{"@type":"ReadAction","target":["https:\/\/talkpal.ai\/sk\/talkpal-vianocna-zlava\/"]}]},{"@type":"BreadcrumbList","@id":"https:\/\/talkpal.ai\/sk\/talkpal-vianocna-zlava\/#breadcrumb","itemListElement":[{"@type":"ListItem","position":1,"name":"Homepage","item":"https:\/\/talkpal.ai\/sk\/"},{"@type":"ListItem","position":2,"name":"Talkpal viano\u010dn\u00e1 z\u013eava"}]},{"@type":"WebSite","@id":"https:\/\/talkpal.ai\/sk\/#website","url":"https:\/\/talkpal.ai\/sk\/","name":"Talkpal","description":"AI Language Learning","publisher":{"@id":"https:\/\/talkpal.ai\/sk\/#organization"},"alternateName":"Talkpal AI","potentialAction":[{"@type":"SearchAction","target":{"@type":"EntryPoint","urlTemplate":"https:\/\/talkpal.ai\/sk\/?s={search_term_string}"},"query-input":{"@type":"PropertyValueSpecification","valueRequired":true,"valueName":"search_term_string"}}],"inLanguage":"sk-SK"},{"@type":"Organization","@id":"https:\/\/talkpal.ai\/sk\/#organization","name":"Talkpal, Inc.","alternateName":"Talkpal AI","url":"https:\/\/talkpal.ai\/sk\/","logo":{"@type":"ImageObject","inLanguage":"sk-SK","@id":"https:\/\/talkpal.ai\/sk\/#\/schema\/logo\/image\/","url":"https:\/\/talkpal.ai\/wp-content\/uploads\/2024\/03\/Talkpal-Logo-Icon.png","contentUrl":"https:\/\/talkpal.ai\/wp-content\/uploads\/2024\/03\/Talkpal-Logo-Icon.png","width":2880,"height":2880,"caption":"Talkpal, Inc."},"image":{"@id":"https:\/\/talkpal.ai\/sk\/#\/schema\/logo\/image\/"},"sameAs":["https:\/\/www.facebook.com\/profile.php?id=100090733639311","https:\/\/x.com\/talkpalai","https:\/\/www.linkedin.com\/company\/talkpal\/","https:\/\/www.youtube.com\/@TalkPal\/","https:\/\/www.tiktok.com\/@talkpal","https:\/\/www.instagram.com\/talkpal_ai\/","https:\/\/www.crunchbase.com\/organization\/talkpal-9cde","https:\/\/www.g2.com\/products\/talkpal-for-business\/","https:\/\/www.trustpilot.com\/review\/talkpal.ai","https:\/\/www.capterra.com\/p\/10006800\/TalkPal\/"],"description":"Talkpal is a language learning web and mobile education app, powered by the latest AI technologies, that provides engaging experiences to its customers in many different languages to help them improve their language skills. Users can chat about unlimited amount of topics with the app and use other modes to practice their language learning.","email":"support@talkpal.ai","legalName":"Talkpal, Inc.","foundingDate":"2023-04-03","duns":"118989042","numberOfEmployees":{"@type":"QuantitativeValue","minValue":"11","maxValue":"50"},"publishingPrinciples":"https:\/\/talkpal.ai\/publishing-principles\/","actionableFeedbackPolicy":"https:\/\/talkpal.ai\/actionable-feedback-policy\/","correctionsPolicy":"https:\/\/talkpal.ai\/corrections-policy\/","ethicsPolicy":"https:\/\/talkpal.ai\/ethics-policy\/","diversityPolicy":"https:\/\/talkpal.ai\/diversity-policy\/","diversityStaffingReport":"https:\/\/talkpal.ai\/diversity-policy\/"}]}},"_links":{"self":[{"href":"https:\/\/talkpal.ai\/sk\/wp-json\/wp\/v2\/pages\/1481560","targetHints":{"allow":["GET"]}}],"collection":[{"href":"https:\/\/talkpal.ai\/sk\/wp-json\/wp\/v2\/pages"}],"about":[{"href":"https:\/\/talkpal.ai\/sk\/wp-json\/wp\/v2\/types\/page"}],"author":[{"embeddable":true,"href":"https:\/\/talkpal.ai\/sk\/wp-json\/wp\/v2\/users\/20"}],"replies":[{"embeddable":true,"href":"https:\/\/talkpal.ai\/sk\/wp-json\/wp\/v2\/comments?post=1481560"}],"version-history":[{"count":0,"href":"https:\/\/talkpal.ai\/sk\/wp-json\/wp\/v2\/pages\/1481560\/revisions"}],"wp:attachment":[{"href":"https:\/\/talkpal.ai\/sk\/wp-json\/wp\/v2\/media?parent=1481560"}],"curies":[{"name":"wp","href":"https:\/\/api.w.org\/{rel}","templated":true}]}}