{"id":147987,"date":"2023-05-14T14:12:45","date_gmt":"2023-05-14T14:12:45","guid":{"rendered":"http:\/\/talkpal.ai\/nepalska-gramatika\/"},"modified":"2025-12-17T16:59:40","modified_gmt":"2025-12-17T16:59:40","slug":"nepalska-gramatika","status":"publish","type":"page","link":"https:\/\/talkpal.ai\/sk\/nepalska-gramatika\/","title":{"rendered":"Nep\u00e1lska gramatika"},"content":{"rendered":"\r\n\r\n\r\n<section class=\"languageChallengeSection\">\r\n    <div class=\"languageInfoWrapper\">\r\n        \r\n        <h1>Nep\u00e1lska gramatika<\/h1>\r\n        <p>Zauj\u00edma v\u00e1s <a href=\"https:\/\/talkpal.ai\/learn-nepali\/\">nep\u00e1l\u010dina<\/a>? Objavte nep\u00e1lsku gramatiku s rodov\u00fdmi podstatn\u00fdmi menami, postpoz\u00edciami a flexibilnou vetnou \u0161trukt\u00farou, v\u010faka ktorej je jazyk expres\u00edvny a p\u00fatav\u00fd. Za\u010dnite sa u\u010di\u0165 e\u0161te dnes &#8211; zvl\u00e1dnutie nep\u00e1lskej gramatiky v\u00e1m umo\u017en\u00ed vies\u0165 zmyslupln\u00e9 rozhovory a spoj\u00ed v\u00e1s s rozmanit\u00fdmi kult\u00farami a trad\u00edciami Nep\u00e1lu!<\/p>\r\n\r\n                            <a class=\"getStartedHidden\" href=\"https:\/\/app.talkpal.ai\/sk\/signup?lng=\">Za\u010dni<\/a>\r\n        \r\n    <\/div>\r\n\r\n    <figure>\r\n    <img decoding=\"async\" width=\"768\" height=\"768\" src=\"https:\/\/talkpal.ai\/wp-content\/uploads\/2023\/06\/nepali-768x768.png\" class=\"languageImage no-lazy\" alt=\"Practical language learning for real-life application\" fetchpriority=\"high\" sizes=\"(max-width: 768px) 150px, 768px\" srcset=\"https:\/\/talkpal.ai\/wp-content\/uploads\/2023\/06\/nepali-768x768.png 768w, https:\/\/talkpal.ai\/wp-content\/uploads\/2023\/06\/nepali-300x300.png 300w\" \/>\r\n    \r\n\r\n    <\/figure>\r\n\r\n            <a class=\"getStartedVisible\" href=\"https:\/\/app.talkpal.ai\/sk\/signup?lng=\">Za\u010dni<\/a>\r\n    \r\n<\/section>\r\n<section class=\"promotionalBanner\">\r\n    <p class=\"promotionalText\">Najefekt\u00edvnej\u0161\u00ed sp\u00f4sob, ako sa nau\u010di\u0165 jazyk<\/p>\r\n    <a class=\"promotionalLink\" href=\"https:\/\/app.talkpal.ai\/sk\/signup?lng=\">Vysk\u00fa\u0161ajte Talkpal zadarmo<\/a>\r\n<\/section>\n<div class=\"wp-block-group pageContainerStyle\"><div class=\"wp-block-group__inner-container is-layout-constrained wp-block-group-is-layout-constrained\">\n<h2 class=\"wp-block-heading\" id=\"h-delving-into-the-richness-of-nepali-grammar-an-insightful-guide\">Ponorenie sa do bohatstva nep\u00e1lskej gramatiky: bystr\u00fd sprievodca<\/h2>\n\n\n\n<p>Nep\u00e1l\u010dina, indo\u00e1rijsk\u00fd jazyk, ktor\u00fdm hovor\u00ed viac ako 25 mili\u00f3nov \u013eud\u00ed v Nep\u00e1le a susedn\u00fdch regi\u00f3noch, je n\u00e1dhern\u00fd jazyk, ktor\u00fd ukazuje kult\u00farne bohatstvo a jazykov\u00fa rozmanitos\u0165 ju\u017enej \u00c1zie. Ak chcete efekt\u00edvne komunikova\u0165 v nep\u00e1l\u010dine a skuto\u010dne oceni\u0165 jej kr\u00e1su, mus\u00edte pochopi\u0165 jej gramatiku. V tomto \u010dl\u00e1nku poskytneme preh\u013ead z\u00e1kladn\u00fdch aspektov nep\u00e1lskej gramatiky a pon\u00fakneme praktick\u00e9 tipy, ktor\u00e9 v\u00e1m pom\u00f4\u017eu zvl\u00e1dnu\u0165 tento fascinuj\u00faci jazyk.<\/p>\n\n\n\n<h3 class=\"wp-block-heading\" id=\"h-key-aspects-of-nepali-grammar\">K\u013e\u00fa\u010dov\u00e9 aspekty nep\u00e1lskej gramatiky:<\/h3>\n\n\n\n<p><a href=\"https:\/\/talkpal.ai\/nepali-grammar\/\">Nep\u00e1lska gramatika<\/a> sa m\u00f4\u017ee spo\u010diatku zda\u0165 n\u00e1ro\u010dn\u00e1, ale s \u010dasom a praxou ju m\u00f4\u017eete zvl\u00e1dnu\u0165. Tu s\u00fa niektor\u00e9 z\u00e1kladn\u00e9 zlo\u017eky nep\u00e1lskej gramatiky, s ktor\u00fdmi sa m\u00f4\u017eete zozn\u00e1mi\u0165:<\/p>\n\n\n\n<p><strong>1. Podstatn\u00e9 men\u00e1:<\/strong> Nep\u00e1lske podstatn\u00e9 men\u00e1 nemaj\u00fa gramatick\u00fd rod, \u010do u\u013eah\u010duje \u0161tudentom, preto\u017ee nie je potrebn\u00e9 zapam\u00e4ta\u0165 si pohlavie ka\u017ed\u00e9ho podstatn\u00e9ho mena. Podstatn\u00e9 men\u00e1 sa v\u0161ak sklo\u0148uj\u00fa pre \u010d\u00edslo (jednotn\u00e9 a mno\u017en\u00e9 \u010d\u00edslo) a p\u00e1d (nominat\u00edv, genit\u00edv, dat\u00edv at\u010f.).<\/p>\n\n\n\n<p><strong>2. Z\u00e1men\u00e1<\/strong> : <a href=\"https:\/\/talkpal.ai\/sk\/grammar\/pronomi-personali-v-talianskej-gramatike\/\">Osobn\u00e9 z\u00e1men\u00e1<\/a> v nep\u00e1l\u010dine maj\u00fa tri formy: subjekt\u00edvne, objekt\u00edvne a privlast\u0148ovacie. S\u00fahlasia s podstatn\u00fdm menom, na ktor\u00e9 odkazuj\u00fa z h\u013eadiska \u010d\u00edsla, ale nie pohlavia. Existuj\u00fa aj r\u00f4zne z\u00e1men\u00e1 a \u010dasovanie slovies na z\u00e1klade \u00farovne formality (zdvoril\u00fd, zn\u00e1my alebo int\u00edmny).<\/p>\n\n\n\n<p><strong>3. Sloves\u00e1: Nep\u00e1lske sloves\u00e1<\/strong> sa sklo\u0148uj\u00fa pre \u010das (pr\u00edtomnos\u0165, minulos\u0165 a bud\u00facnos\u0165), n\u00e1ladu (indika\u010dn\u00fd, imperat\u00edvny alebo subjunkt\u00edvny) a aspekt (spojit\u00fd, dokonal\u00fd alebo jednoduch\u00fd). V z\u00e1vislosti od \u00farovne form\u00e1lnosti predmetu existuj\u00fa aj odli\u0161n\u00e9 slovesn\u00e9 tvary.<\/p>\n\n\n\n<p>4. Pr\u00eddavn\u00e9 men\u00e1 a <strong>pr\u00edslovky: Pr\u00eddavn\u00e9 men\u00e1<\/strong> v nep\u00e1l\u010dine zvy\u010dajne nasleduj\u00fa za podstatn\u00fdm menom, ktor\u00e9 upravuj\u00fa a s\u00fahlasia v po\u010dte a p\u00e1de. Pr\u00edslovky sa m\u00f4\u017eu pou\u017ei\u0165 na poskytnutie dodato\u010dn\u00fdch inform\u00e1ci\u00ed a vo v\u0161eobecnosti nemenia svoju formu.<\/p>\n\n\n\n<p><strong>5. Vetn\u00e1 \u0161trukt\u00fara:<\/strong> Typick\u00e1 nep\u00e1lska vetn\u00e1 \u0161trukt\u00fara sa riadi porad\u00edm podmet-objekt-sloveso (SOV). Slovosled v\u0161ak m\u00f4\u017ee by\u0165 flexibiln\u00fd v z\u00e1vislosti od d\u00f4razu a kontextu.<\/p>\n\n\n\n<h3 class=\"wp-block-heading\" id=\"h-tips-for-learning-nepali-grammar\">Tipy na v\u00fdu\u010dbu nep\u00e1lskej gramatiky:<\/h3>\n\n\n\n<p>Tu je nieko\u013eko \u00fa\u010dinn\u00fdch strat\u00e9gi\u00ed, v\u010faka ktor\u00fdm bude va\u0161a cesta u\u010denia sa nep\u00e1lskej gramatiky plynulej\u0161ia:<\/p>\n\n\n\n<p><strong>1. Za\u010dnite so z\u00e1kladmi:<\/strong> Zamerajte sa na u\u010denie z\u00e1kladov nep\u00e1lskej gramatiky, ako s\u00fa p\u00e1dy podstatn\u00fdch mien, z\u00e1men\u00e1 a \u010dasovanie slovies. Ako sa va\u0161e porozumenie zvy\u0161uje, postupne za\u010dle\u0148ujte zlo\u017eitej\u0161ie \u0161trukt\u00fary a pravidl\u00e1.<\/p>\n\n\n\n<p><strong>2. Pravidelne cvi\u010dte:<\/strong> D\u00f4slednos\u0165 je rozhoduj\u00faca pri u\u010den\u00ed sa nov\u00e9ho jazyka. Pride\u013ete konkr\u00e9tne \u010dasy ka\u017ed\u00fd de\u0148 alebo t\u00fd\u017ede\u0148 na precvi\u010dovanie gramatick\u00fdch cvi\u010den\u00ed, \u010d\u00edtanie a p\u00edsanie v nep\u00e1l\u010dine.<\/p>\n\n\n\n<p><strong>3. Pou\u017e\u00edvajte nat\u00edvne zdroje:<\/strong> Ponorte sa do autentick\u00fdch nep\u00e1lskych materi\u00e1lov, ako je literat\u00fara, spravodajsk\u00e9 \u010dl\u00e1nky a podcasty. To v\u00e1m pom\u00f4\u017ee nielen pochopi\u0165 nep\u00e1lsku gramatiku v kontexte, ale tie\u017e zlep\u0161i\u0165 va\u0161e celkov\u00e9 jazykov\u00e9 zru\u010dnosti.<\/p>\n\n\n\n<p>4. Spojte sa s roden\u00fdmi hovorcami: Zapojenie sa do konverz\u00e1ci\u00ed <strong>s roden\u00fdmi hovorcami<\/strong> nep\u00e1l\u010diny v\u00e1m umo\u017en\u00ed precvi\u010di\u0165 gramatiku v re\u00e1lnych \u017eivotn\u00fdch situ\u00e1ci\u00e1ch a z\u00edska\u0165 cenn\u00fa sp\u00e4tn\u00fa v\u00e4zbu. Zv\u00e1\u017ete pripojenie sa k skupin\u00e1m na v\u00fdmenu jazykov alebo online f\u00f3ram a spojte sa s nep\u00e1lsky hovoriacimi jednotlivcami.<\/p>\n\n\n\n<p>5. Bu\u010fte trpezliv\u00ed a vytrval\u00ed: Pam\u00e4tajte, \u017ee <a href=\"https:\/\/talkpal.ai\/sk\/ucenie\/\">u\u010denie sa<\/a> nov\u00e9ho jazyka si vy\u017eaduje \u010das, <strong>vytrvalos\u0165 a trpezlivos\u0165.<\/strong> Prijmite v\u00fdzvy a osl\u00e1vte svoj pokrok na ceste.<\/p>\n\n\n\n<h3 class=\"wp-block-heading\" id=\"h-conclusion\">Z\u00e1ver:<\/h3>\n\n\n\n<p>Nep\u00e1lska gramatika so svojimi jedine\u010dn\u00fdmi charakteristikami a spojen\u00edm s indo\u00e1rijskou jazykovou rodinou pon\u00faka fascinuj\u00facu jazykov\u00fa cestu. Pochopen\u00edm jeho k\u013e\u00fa\u010dov\u00fdch aspektov a dodr\u017eiavan\u00edm na\u0161ich praktick\u00fdch tipov si vydl\u00e1\u017edite cestu k jazykovej zdatnosti a z\u00edskate hlb\u0161ie uznanie nep\u00e1lskeho jazyka. Vydajte sa teda vpred s nad\u0161en\u00edm a zvedavos\u0165ou a prijmite jazykov\u00e9 poklady Nep\u00e1lu!<\/p>\n<\/div><\/div>\n\r\n<section class=\"learnNavigationSection\">\r\n            \r\n        <a href=\"https:\/\/talkpal.ai\/sk\/naucte-sa-nepalsky\/\">\r\n            <div class=\"learnNavigationWrapper\">\r\n                <div class=\"learnNavigationContent\">\r\n                    <img decoding=\"async\" src=\"https:\/\/talkpal.ai\/wp-content\/uploads\/2024\/08\/Nepali.jpg\" alt=\"Nepali Flag\">\r\n                    <div>\r\n                        <h4>O \u0161t\u00fadiu nep\u00e1l\u010diny<\/h4>\r\n                        <p>Zistite v\u0161etko o nep\u00e1lskej gramatike.<\/p>\r\n                    <\/div>\r\n                <\/div>\r\n            <\/div>\r\n        <\/a>\r\n\r\n        \r\n        <a href=\"https:\/\/talkpal.ai\/sk\/nepalske-gramaticke-cvicenia\/\">\r\n            <div class=\"learnNavigationWrapper\">\r\n                <div class=\"learnNavigationContent\">\r\n                    <img decoding=\"async\" src=\"https:\/\/talkpal.ai\/wp-content\/uploads\/2024\/08\/Nepali.jpg\" alt=\"Nepali Flag\">\r\n                    <div>\r\n                        <h4>Cvi\u010denie z nep\u00e1lskej gramatiky<\/h4>\r\n                        <p>Precvi\u010dte si nep\u00e1lsku gramatiku.<\/p>\r\n                    <\/div>\r\n                <\/div>\r\n            <\/div>\r\n        <\/a>\r\n\r\n        \r\n        <a href=\"https:\/\/talkpal.ai\/vocabulary_language\/nepali\/\">\r\n            <div class=\"learnNavigationWrapper\">\r\n                <div class=\"learnNavigationContent\">\r\n                    <img decoding=\"async\" src=\"https:\/\/talkpal.ai\/wp-content\/uploads\/2024\/08\/Nepali.jpg\" alt=\"Nepali Flag\">\r\n                    <div>\r\n                        <h4>Nep\u00e1lska slovn\u00e1 z\u00e1soba<\/h4>\r\n                        <p>Roz\u0161\u00edrte si svoju nep\u00e1lsku slovn\u00fa z\u00e1sobu.<\/p>\r\n                    <\/div>\r\n                <\/div>\r\n            <\/div>\r\n        <\/a>\r\n\r\n            <\/section>","protected":false},"excerpt":{"rendered":"<p>Ponorenie sa do bohatstva nep\u00e1lskej gramatiky: bystr\u00fd sprievodca Nep\u00e1l\u010dina, indo\u00e1rijsk\u00fd jazyk, ktor\u00fdm hovor\u00ed viac ako 25 mili\u00f3nov \u013eud\u00ed v Nep\u00e1le a susedn\u00fdch regi\u00f3noch, je n\u00e1dhern\u00fd jazyk, ktor\u00fd ukazuje kult\u00farne bohatstvo a jazykov\u00fa rozmanitos\u0165 ju\u017enej \u00c1zie. Ak chcete efekt\u00edvne komunikova\u0165 v nep\u00e1l\u010dine a skuto\u010dne oceni\u0165 jej kr\u00e1su, mus\u00edte pochopi\u0165 jej gramatiku. V tomto \u010dl\u00e1nku poskytneme preh\u013ead [&hellip;]<\/p>\n","protected":false},"author":1,"featured_media":116079,"parent":0,"menu_order":0,"comment_status":"closed","ping_status":"closed","template":"LearningContentPage.php","meta":{"_acf_changed":false,"footnotes":""},"class_list":["post-147987","page","type-page","status-publish","has-post-thumbnail","hentry"],"acf":[],"yoast_head":"<!-- This site is optimized with the Yoast SEO Premium plugin v27.2 (Yoast SEO v27.2) - https:\/\/yoast.com\/product\/yoast-seo-premium-wordpress\/ -->\n<title>Nep\u00e1lska gramatika - Talkpal<\/title>\n<meta name=\"description\" content=\"Presk\u00famajte nep\u00e1lsku gramatiku a zlep\u0161ite svoje porozumenie jazyka pomocou jasn\u00fdch a stru\u010dn\u00fdch vysvetlen\u00ed.\" \/>\n<meta name=\"robots\" content=\"index, follow, max-snippet:-1, max-image-preview:large, max-video-preview:-1\" \/>\n<link rel=\"canonical\" href=\"https:\/\/talkpal.ai\/sk\/nepalska-gramatika\/\" \/>\n<meta property=\"og:locale\" content=\"sk_SK\" \/>\n<meta property=\"og:type\" content=\"article\" \/>\n<meta property=\"og:title\" content=\"Nep\u00e1lska gramatika\" \/>\n<meta property=\"og:description\" content=\"Ponorenie sa do bohatstva nep\u00e1lskej gramatiky: bystr\u00fd sprievodca Nep\u00e1l\u010dina, indo\u00e1rijsk\u00fd jazyk, ktor\u00fdm hovor\u00ed viac ako 25 mili\u00f3nov \u013eud\u00ed v Nep\u00e1le a\" \/>\n<meta property=\"og:url\" content=\"https:\/\/talkpal.ai\/sk\/nepalska-gramatika\/\" \/>\n<meta property=\"og:site_name\" content=\"Talkpal\" \/>\n<meta property=\"article:publisher\" content=\"https:\/\/www.facebook.com\/profile.php?id=100090733639311\" \/>\n<meta property=\"article:modified_time\" content=\"2025-12-17T16:59:40+00:00\" \/>\n<meta property=\"og:image\" content=\"https:\/\/talkpal.ai\/wp-content\/uploads\/2023\/05\/nepal.png\" \/>\n\t<meta property=\"og:image:width\" content=\"512\" \/>\n\t<meta property=\"og:image:height\" content=\"512\" \/>\n\t<meta property=\"og:image:type\" content=\"image\/png\" \/>\n<meta name=\"twitter:card\" content=\"summary_large_image\" \/>\n<meta name=\"twitter:site\" content=\"@talkpalai\" \/>\n<meta name=\"twitter:label1\" content=\"Predpokladan\u00fd \u010das \u010d\u00edtania\" \/>\n\t<meta name=\"twitter:data1\" content=\"4 min\u00faty\" \/>\n<script type=\"application\/ld+json\" class=\"yoast-schema-graph\">{\"@context\":\"https:\/\/schema.org\",\"@graph\":[{\"@type\":\"WebPage\",\"@id\":\"https:\/\/talkpal.ai\/sk\/nepalska-gramatika\/\",\"url\":\"https:\/\/talkpal.ai\/sk\/nepalska-gramatika\/\",\"name\":\"Nep\u00e1lska gramatika - Talkpal\",\"isPartOf\":{\"@id\":\"https:\/\/talkpal.ai\/sk\/#website\"},\"primaryImageOfPage\":{\"@id\":\"https:\/\/talkpal.ai\/sk\/nepalska-gramatika\/#primaryimage\"},\"image\":{\"@id\":\"https:\/\/talkpal.ai\/sk\/nepalska-gramatika\/#primaryimage\"},\"thumbnailUrl\":\"https:\/\/talkpal.ai\/wp-content\/uploads\/2023\/05\/nepal.png\",\"datePublished\":\"2023-05-14T14:12:45+00:00\",\"dateModified\":\"2025-12-17T16:59:40+00:00\",\"description\":\"Presk\u00famajte nep\u00e1lsku gramatiku a zlep\u0161ite svoje porozumenie jazyka pomocou jasn\u00fdch a stru\u010dn\u00fdch vysvetlen\u00ed.\",\"breadcrumb\":{\"@id\":\"https:\/\/talkpal.ai\/sk\/nepalska-gramatika\/#breadcrumb\"},\"inLanguage\":\"sk-SK\",\"potentialAction\":[{\"@type\":\"ReadAction\",\"target\":[\"https:\/\/talkpal.ai\/sk\/nepalska-gramatika\/\"]}]},{\"@type\":\"ImageObject\",\"inLanguage\":\"sk-SK\",\"@id\":\"https:\/\/talkpal.ai\/sk\/nepalska-gramatika\/#primaryimage\",\"url\":\"https:\/\/talkpal.ai\/wp-content\/uploads\/2023\/05\/nepal.png\",\"contentUrl\":\"https:\/\/talkpal.ai\/wp-content\/uploads\/2023\/05\/nepal.png\",\"width\":512,\"height\":512},{\"@type\":\"BreadcrumbList\",\"@id\":\"https:\/\/talkpal.ai\/sk\/nepalska-gramatika\/#breadcrumb\",\"itemListElement\":[{\"@type\":\"ListItem\",\"position\":1,\"name\":\"Homepage\",\"item\":\"https:\/\/talkpal.ai\/sk\/\"},{\"@type\":\"ListItem\",\"position\":2,\"name\":\"Nep\u00e1lska gramatika\"}]},{\"@type\":\"WebSite\",\"@id\":\"https:\/\/talkpal.ai\/sk\/#website\",\"url\":\"https:\/\/talkpal.ai\/sk\/\",\"name\":\"Talkpal\",\"description\":\"AI Language Learning\",\"publisher\":{\"@id\":\"https:\/\/talkpal.ai\/sk\/#organization\"},\"alternateName\":\"Talkpal AI\",\"potentialAction\":[{\"@type\":\"SearchAction\",\"target\":{\"@type\":\"EntryPoint\",\"urlTemplate\":\"https:\/\/talkpal.ai\/sk\/?s={search_term_string}\"},\"query-input\":{\"@type\":\"PropertyValueSpecification\",\"valueRequired\":true,\"valueName\":\"search_term_string\"}}],\"inLanguage\":\"sk-SK\"},{\"@type\":\"Organization\",\"@id\":\"https:\/\/talkpal.ai\/sk\/#organization\",\"name\":\"Talkpal, Inc.\",\"alternateName\":\"Talkpal AI\",\"url\":\"https:\/\/talkpal.ai\/sk\/\",\"logo\":{\"@type\":\"ImageObject\",\"inLanguage\":\"sk-SK\",\"@id\":\"https:\/\/talkpal.ai\/sk\/#\/schema\/logo\/image\/\",\"url\":\"https:\/\/talkpal.ai\/wp-content\/uploads\/2024\/03\/Talkpal-Logo-Icon.png\",\"contentUrl\":\"https:\/\/talkpal.ai\/wp-content\/uploads\/2024\/03\/Talkpal-Logo-Icon.png\",\"width\":2880,\"height\":2880,\"caption\":\"Talkpal, Inc.\"},\"image\":{\"@id\":\"https:\/\/talkpal.ai\/sk\/#\/schema\/logo\/image\/\"},\"sameAs\":[\"https:\/\/www.facebook.com\/profile.php?id=100090733639311\",\"https:\/\/x.com\/talkpalai\",\"https:\/\/www.linkedin.com\/company\/talkpal\/\",\"https:\/\/www.youtube.com\/@TalkPal\/\",\"https:\/\/www.tiktok.com\/@talkpal\",\"https:\/\/www.instagram.com\/talkpal_ai\/\",\"https:\/\/www.crunchbase.com\/organization\/talkpal-9cde\",\"https:\/\/www.g2.com\/products\/talkpal-for-business\/\",\"https:\/\/www.trustpilot.com\/review\/talkpal.ai\",\"https:\/\/www.capterra.com\/p\/10006800\/TalkPal\/\"],\"description\":\"Talkpal is a language learning web and mobile education app, powered by the latest AI technologies, that provides engaging experiences to its customers in many different languages to help them improve their language skills. Users can chat about unlimited amount of topics with the app and use other modes to practice their language learning.\",\"email\":\"support@talkpal.ai\",\"legalName\":\"Talkpal, Inc.\",\"foundingDate\":\"2023-04-03\",\"duns\":\"118989042\",\"numberOfEmployees\":{\"@type\":\"QuantitativeValue\",\"minValue\":\"11\",\"maxValue\":\"50\"},\"publishingPrinciples\":\"https:\/\/talkpal.ai\/publishing-principles\/\",\"actionableFeedbackPolicy\":\"https:\/\/talkpal.ai\/actionable-feedback-policy\/\",\"correctionsPolicy\":\"https:\/\/talkpal.ai\/corrections-policy\/\",\"ethicsPolicy\":\"https:\/\/talkpal.ai\/ethics-policy\/\",\"diversityPolicy\":\"https:\/\/talkpal.ai\/diversity-policy\/\",\"diversityStaffingReport\":\"https:\/\/talkpal.ai\/diversity-policy\/\"}]}<\/script>\n<!-- \/ Yoast SEO Premium plugin. -->","yoast_head_json":{"title":"Nep\u00e1lska gramatika - Talkpal","description":"Presk\u00famajte nep\u00e1lsku gramatiku a zlep\u0161ite svoje porozumenie jazyka pomocou jasn\u00fdch a stru\u010dn\u00fdch vysvetlen\u00ed.","robots":{"index":"index","follow":"follow","max-snippet":"max-snippet:-1","max-image-preview":"max-image-preview:large","max-video-preview":"max-video-preview:-1"},"canonical":"https:\/\/talkpal.ai\/sk\/nepalska-gramatika\/","og_locale":"sk_SK","og_type":"article","og_title":"Nep\u00e1lska gramatika","og_description":"Ponorenie sa do bohatstva nep\u00e1lskej gramatiky: bystr\u00fd sprievodca Nep\u00e1l\u010dina, indo\u00e1rijsk\u00fd jazyk, ktor\u00fdm hovor\u00ed viac ako 25 mili\u00f3nov \u013eud\u00ed v Nep\u00e1le a","og_url":"https:\/\/talkpal.ai\/sk\/nepalska-gramatika\/","og_site_name":"Talkpal","article_publisher":"https:\/\/www.facebook.com\/profile.php?id=100090733639311","article_modified_time":"2025-12-17T16:59:40+00:00","og_image":[{"width":512,"height":512,"url":"https:\/\/talkpal.ai\/wp-content\/uploads\/2023\/05\/nepal.png","type":"image\/png"}],"twitter_card":"summary_large_image","twitter_site":"@talkpalai","twitter_misc":{"Predpokladan\u00fd \u010das \u010d\u00edtania":"4 min\u00faty"},"schema":{"@context":"https:\/\/schema.org","@graph":[{"@type":"WebPage","@id":"https:\/\/talkpal.ai\/sk\/nepalska-gramatika\/","url":"https:\/\/talkpal.ai\/sk\/nepalska-gramatika\/","name":"Nep\u00e1lska gramatika - Talkpal","isPartOf":{"@id":"https:\/\/talkpal.ai\/sk\/#website"},"primaryImageOfPage":{"@id":"https:\/\/talkpal.ai\/sk\/nepalska-gramatika\/#primaryimage"},"image":{"@id":"https:\/\/talkpal.ai\/sk\/nepalska-gramatika\/#primaryimage"},"thumbnailUrl":"https:\/\/talkpal.ai\/wp-content\/uploads\/2023\/05\/nepal.png","datePublished":"2023-05-14T14:12:45+00:00","dateModified":"2025-12-17T16:59:40+00:00","description":"Presk\u00famajte nep\u00e1lsku gramatiku a zlep\u0161ite svoje porozumenie jazyka pomocou jasn\u00fdch a stru\u010dn\u00fdch vysvetlen\u00ed.","breadcrumb":{"@id":"https:\/\/talkpal.ai\/sk\/nepalska-gramatika\/#breadcrumb"},"inLanguage":"sk-SK","potentialAction":[{"@type":"ReadAction","target":["https:\/\/talkpal.ai\/sk\/nepalska-gramatika\/"]}]},{"@type":"ImageObject","inLanguage":"sk-SK","@id":"https:\/\/talkpal.ai\/sk\/nepalska-gramatika\/#primaryimage","url":"https:\/\/talkpal.ai\/wp-content\/uploads\/2023\/05\/nepal.png","contentUrl":"https:\/\/talkpal.ai\/wp-content\/uploads\/2023\/05\/nepal.png","width":512,"height":512},{"@type":"BreadcrumbList","@id":"https:\/\/talkpal.ai\/sk\/nepalska-gramatika\/#breadcrumb","itemListElement":[{"@type":"ListItem","position":1,"name":"Homepage","item":"https:\/\/talkpal.ai\/sk\/"},{"@type":"ListItem","position":2,"name":"Nep\u00e1lska gramatika"}]},{"@type":"WebSite","@id":"https:\/\/talkpal.ai\/sk\/#website","url":"https:\/\/talkpal.ai\/sk\/","name":"Talkpal","description":"AI Language Learning","publisher":{"@id":"https:\/\/talkpal.ai\/sk\/#organization"},"alternateName":"Talkpal AI","potentialAction":[{"@type":"SearchAction","target":{"@type":"EntryPoint","urlTemplate":"https:\/\/talkpal.ai\/sk\/?s={search_term_string}"},"query-input":{"@type":"PropertyValueSpecification","valueRequired":true,"valueName":"search_term_string"}}],"inLanguage":"sk-SK"},{"@type":"Organization","@id":"https:\/\/talkpal.ai\/sk\/#organization","name":"Talkpal, Inc.","alternateName":"Talkpal AI","url":"https:\/\/talkpal.ai\/sk\/","logo":{"@type":"ImageObject","inLanguage":"sk-SK","@id":"https:\/\/talkpal.ai\/sk\/#\/schema\/logo\/image\/","url":"https:\/\/talkpal.ai\/wp-content\/uploads\/2024\/03\/Talkpal-Logo-Icon.png","contentUrl":"https:\/\/talkpal.ai\/wp-content\/uploads\/2024\/03\/Talkpal-Logo-Icon.png","width":2880,"height":2880,"caption":"Talkpal, Inc."},"image":{"@id":"https:\/\/talkpal.ai\/sk\/#\/schema\/logo\/image\/"},"sameAs":["https:\/\/www.facebook.com\/profile.php?id=100090733639311","https:\/\/x.com\/talkpalai","https:\/\/www.linkedin.com\/company\/talkpal\/","https:\/\/www.youtube.com\/@TalkPal\/","https:\/\/www.tiktok.com\/@talkpal","https:\/\/www.instagram.com\/talkpal_ai\/","https:\/\/www.crunchbase.com\/organization\/talkpal-9cde","https:\/\/www.g2.com\/products\/talkpal-for-business\/","https:\/\/www.trustpilot.com\/review\/talkpal.ai","https:\/\/www.capterra.com\/p\/10006800\/TalkPal\/"],"description":"Talkpal is a language learning web and mobile education app, powered by the latest AI technologies, that provides engaging experiences to its customers in many different languages to help them improve their language skills. Users can chat about unlimited amount of topics with the app and use other modes to practice their language learning.","email":"support@talkpal.ai","legalName":"Talkpal, Inc.","foundingDate":"2023-04-03","duns":"118989042","numberOfEmployees":{"@type":"QuantitativeValue","minValue":"11","maxValue":"50"},"publishingPrinciples":"https:\/\/talkpal.ai\/publishing-principles\/","actionableFeedbackPolicy":"https:\/\/talkpal.ai\/actionable-feedback-policy\/","correctionsPolicy":"https:\/\/talkpal.ai\/corrections-policy\/","ethicsPolicy":"https:\/\/talkpal.ai\/ethics-policy\/","diversityPolicy":"https:\/\/talkpal.ai\/diversity-policy\/","diversityStaffingReport":"https:\/\/talkpal.ai\/diversity-policy\/"}]}},"_links":{"self":[{"href":"https:\/\/talkpal.ai\/sk\/wp-json\/wp\/v2\/pages\/147987","targetHints":{"allow":["GET"]}}],"collection":[{"href":"https:\/\/talkpal.ai\/sk\/wp-json\/wp\/v2\/pages"}],"about":[{"href":"https:\/\/talkpal.ai\/sk\/wp-json\/wp\/v2\/types\/page"}],"author":[{"embeddable":true,"href":"https:\/\/talkpal.ai\/sk\/wp-json\/wp\/v2\/users\/1"}],"replies":[{"embeddable":true,"href":"https:\/\/talkpal.ai\/sk\/wp-json\/wp\/v2\/comments?post=147987"}],"version-history":[{"count":0,"href":"https:\/\/talkpal.ai\/sk\/wp-json\/wp\/v2\/pages\/147987\/revisions"}],"wp:featuredmedia":[{"embeddable":true,"href":"https:\/\/talkpal.ai\/sk\/wp-json\/wp\/v2\/media\/116079"}],"wp:attachment":[{"href":"https:\/\/talkpal.ai\/sk\/wp-json\/wp\/v2\/media?parent=147987"}],"curies":[{"name":"wp","href":"https:\/\/api.w.org\/{rel}","templated":true}]}}