{"id":1478445,"date":"2025-11-11T15:54:57","date_gmt":"2025-11-11T15:54:57","guid":{"rendered":"https:\/\/talkpal.ai\/bengalska-gramatika\/"},"modified":"2025-12-30T15:13:34","modified_gmt":"2025-12-30T15:13:34","slug":"bengalska-gramatika","status":"publish","type":"page","link":"https:\/\/talkpal.ai\/sk\/bengalska-gramatika\/","title":{"rendered":"Beng\u00e1lska gramatika"},"content":{"rendered":"\r\n\r\n\r\n<section class=\"languageChallengeSection\">\r\n    <div class=\"languageInfoWrapper\">\r\n        \r\n        <h1>Beng\u00e1lska gramatika<\/h1>\r\n        <p><a href=\"https:\/\/talkpal.ai\/bengali-grammar\/\">Beng\u00e1lska gramatika<\/a> sa m\u00f4\u017ee na prv\u00fd poh\u013ead zda\u0165 n\u00e1ro\u010dn\u00e1, ale v\u010faka jej jedine\u010dn\u00fdm vlastnostiam je <a href=\"https:\/\/talkpal.ai\/sk\/ucenie\/\">u\u010denie sa<\/a> jazyka obohacuj\u00facou sk\u00fasenos\u0165ou. Sk\u00faman\u00edm abecedy, mut\u00e1ci\u00ed a gramatick\u00fdch pravidiel z\u00edskate preh\u013ead o bohatej jazykovej trad\u00edcii. Za\u010dnite svoju cestu a objavte kr\u00e1sy beng\u00e1l\u010diny!<\/p>\r\n\r\n                            <a class=\"getStartedHidden\" href=\"https:\/\/app.talkpal.ai\/sk\/signup?lng=\">Za\u010dni<\/a>\r\n        \r\n    <\/div>\r\n\r\n    <figure>\r\n    <img decoding=\"async\" width=\"768\" height=\"768\" src=\"https:\/\/talkpal.ai\/wp-content\/uploads\/2023\/06\/welsh-768x768.png\" class=\"languageImage no-lazy\" alt=\"Language learning for better cognitive abilities\" fetchpriority=\"high\" sizes=\"(max-width: 768px) 150px, 768px\" srcset=\"https:\/\/talkpal.ai\/wp-content\/uploads\/2023\/06\/welsh-768x768.png 768w, https:\/\/talkpal.ai\/wp-content\/uploads\/2023\/06\/welsh-300x300.png 300w\" \/>\r\n    \r\n\r\n    <\/figure>\r\n\r\n            <a class=\"getStartedVisible\" href=\"https:\/\/app.talkpal.ai\/sk\/signup?lng=\">Za\u010dni<\/a>\r\n    \r\n<\/section><section class=\"promotionalBanner\">\r\n    <p class=\"promotionalText\">Najefekt\u00edvnej\u0161\u00ed sp\u00f4sob, ako sa nau\u010di\u0165 jazyk<\/p>\r\n    <a class=\"promotionalLink\" href=\"https:\/\/app.talkpal.ai\/sk\/signup?lng=\">Vysk\u00fa\u0161ajte Talkpal zadarmo<\/a>\r\n<\/section>\n<div class=\"wp-block-group pageContainerStyle\"><div class=\"wp-block-group__inner-container is-layout-constrained wp-block-group-is-layout-constrained\">\n<h2 class=\"wp-block-heading\" id=\"h-navigating-the-intricacies-of-bengali-grammar\">Navig\u00e1cia v zlo\u017eitosti beng\u00e1lskej gramatiky<\/h2>\n\n\n\n<p><a href=\"https:\/\/talkpal.ai\/sk\/ucte-sa-bengalcinu\/\">Beng\u00e1l\u010dina<\/a>, indo\u00e1rijsk\u00fd jazyk s bohatou hist\u00f3riou a kult\u00farnym v\u00fdznamom, pon\u00faka vzru\u0161uj\u00faci jazykov\u00fd z\u00e1\u017eitok pre t\u00fdch, ktor\u00ed t\u00fa\u017eia presk\u00fama\u0165 jeho jedine\u010dn\u00fd gramatick\u00fd syst\u00e9m. Ke\u010f sa vyd\u00e1te do r\u00ed\u0161e beng\u00e1l\u010diny, nielen\u017ee obohat\u00edte svoj jazykov\u00fd reperto\u00e1r, ale tie\u017e sa vyd\u00e1te na fascinuj\u00facu kult\u00farnu cestu. Aj ke\u010f sa beng\u00e1lska gramatika m\u00f4\u017ee na prv\u00fd poh\u013ead zda\u0165 komplikovan\u00e1, jej rozdelenie na z\u00e1kladn\u00e9 zlo\u017eky rob\u00ed u\u010denie jazyka pr\u00edstupnej\u0161\u00edm. V tomto \u010dl\u00e1nku presk\u00famame podmaniv\u00fd svet beng\u00e1lskej gramatiky a poskytneme tipy, ako zvl\u00e1dnu\u0165 jej zlo\u017eitos\u0165.<\/p>\n\n\n\n<h3 class=\"wp-block-heading\" id=\"h-1-bengali-alphabet-and-phonetics\">1. Beng\u00e1lska abeceda a fonetika<\/h3>\n\n\n\n<p>Beng\u00e1lske p\u00edsmo pou\u017e\u00edva abugidu s 11 samohl\u00e1skami a 39 spoluhl\u00e1skami spolu so znakmi ako chandrabindu, visarga a anusvara. Ak sa chcete nau\u010di\u0165 beng\u00e1lsku gramatiku, je d\u00f4le\u017eit\u00e9 zozn\u00e1mi\u0165 sa s t\u00fdmto charakteristick\u00fdm syst\u00e9mom p\u00edsania precvi\u010dovan\u00edm \u010d\u00edtania a p\u00edsania v beng\u00e1l\u010dine. Medzi k\u013e\u00fa\u010dov\u00e9 fonetick\u00e9 znaky patr\u00ed inherentn\u00e1 samohl\u00e1ska, kontrasty medzi zubn\u00fdmi a retroflexn\u00fdmi zvukmi a aspirovan\u00e9 verzus neaspirovan\u00e9 spoluhl\u00e1sky.<\/p>\n\n\n\n<h3 class=\"wp-block-heading\" id=\"h-2-sandhi-and-conjuncts-a-distinctive-bengali-feature\">2. Sandhi a konjunkcie: charakteristick\u00e1 beng\u00e1lska \u010drta<\/h3>\n\n\n\n<p>Jedn\u00fdm z najv\u00fdraznej\u0161\u00edch aspektov beng\u00e1l\u010diny je prevaha sandhi a spoluhl\u00e1sok, ktor\u00e9 m\u00f4\u017eu zmeni\u0165 v\u00fdslovnos\u0165 a pravopis na morf\u00e9mach a hraniciach slov. Be\u017en\u00e9 vzory zah\u0155\u0148aj\u00fa redukciu alebo el\u00faziu samohl\u00e1sok, asimil\u00e1ciu, nazaliz\u00e1ciu a tvorbu ligat\u00far v p\u00edsan\u00ed. Pochopenie toho, kedy a ako k t\u00fdmto striedaniam doch\u00e1dza, je \u017eivotne d\u00f4le\u017eit\u00e9 pre presn\u00fa komunik\u00e1ciu v beng\u00e1l\u010dine.<\/p>\n\n\n\n<h3 class=\"wp-block-heading\" id=\"h-3-nouns-and-pronouns-classifiers-and-cases\">3. Podstatn\u00e9 men\u00e1 a z\u00e1men\u00e1: klasifik\u00e1tory a p\u00e1dy<\/h3>\n\n\n\n<p>Beng\u00e1lske podstatn\u00e9 men\u00e1 nemaj\u00fa gramatick\u00fd rod a ozna\u010dovanie mno\u017en\u00e9ho \u010d\u00edsla \u010dasto zah\u0155\u0148a klasifik\u00e1tory. Zna\u010dky p\u00e1dov s\u00fa pripojen\u00e9 ako pr\u00edpony, napr\u00edklad genit\u00edv -r alebo -er, cie\u013e -ke a lok\u00e1l -e. Klasifik\u00e1tory ako -ta alebo -ti, -jon a -khana sa pou\u017e\u00edvaj\u00fa pri po\u010d\u00edtan\u00ed alebo \u0161pecifikovan\u00ed podstatn\u00fdch mien. Z\u00e1men\u00e1 v beng\u00e1l\u010dine zah\u0155\u0148aj\u00fa osobn\u00e9, privlast\u0148ovacie, reflex\u00edvne, ukazovacie a opytovacie formy a odr\u00e1\u017eaj\u00fa \u00farove\u0148 zdvorilosti, napr\u00edklad <a href=\"https:\/\/talkpal.ai\/locations\/language-courses-in-ami\/\">ami<\/a>, tumi, apni, tui, she, tara. Obozn\u00e1menie sa s t\u00fdmito z\u00e1menami a ich tvarmi v\u00fdrazne zlep\u0161\u00ed va\u0161e pochopenie beng\u00e1lskej gramatiky.<\/p>\n\n\n\n<h3 class=\"wp-block-heading\" id=\"h-4-verbs-structure-and-conjugation\">4. Sloves\u00e1: \u0161trukt\u00fara a \u010dasovanie<\/h3>\n\n\n\n<p>Beng\u00e1lske sloves\u00e1 maj\u00fa charakteristick\u00fa \u0161trukt\u00faru a \u010dasovan\u00fd vzor v z\u00e1vislosti od \u010dasu, aspektu, n\u00e1lady a zdvorilosti. Z\u00e1kladn\u00e9 \u010dasy s\u00fa pr\u00edtomn\u00e9, minul\u00e9 a bud\u00face, s \u010fal\u0161\u00edmi prvkami, ako s\u00fa progres\u00edvne a dokonal\u00e9 aspekty a podmienen\u00e9 a imperat\u00edvne n\u00e1lady. U\u010denie sa pravidiel \u010dasovania slovies, vr\u00e1tane be\u017en\u00fdch negat\u00edvnych vzorov s na, zlep\u0161\u00ed va\u0161u schopnos\u0165 efekt\u00edvne komunikova\u0165 v beng\u00e1l\u010dine.<\/p>\n\n\n\n<h3 class=\"wp-block-heading\" id=\"h-5-adjectives-agreement-and-placement\">5. Pr\u00eddavn\u00e9 men\u00e1: Zmluva a umiestnenie<\/h3>\n\n\n\n<p>Zhoda a umiestnenie V beng\u00e1lskej gramatike pr\u00eddavn\u00e9 men\u00e1 zvy\u010dajne predch\u00e1dzaj\u00fa podstatn\u00e9mu menu, ktor\u00e9 upravuj\u00fa, a nes\u00fahlasia s rodom alebo \u010d\u00edslom s podstatn\u00fdm menom. Porovn\u00e1vacie a superlat\u00edvne v\u00fdznamy sa \u010dasto vyjadruj\u00fa analyticky, napr\u00edklad beshi pre komparat\u00edvne a shobcheye pre superlat\u00edv, hoci existuj\u00fa aj form\u00e1lne pr\u00edpony ako -toro a -tomo.<\/p>\n\n\n\n<p><strong>Pr\u00edklady:<\/strong><\/p>\n\n\n\n<p><strong>\u2013 Chhoto bachchara (mal\u00e9 deti)<\/strong><\/p>\n\n\n\n<p><strong>\u2013 Boro Bhalobasha (Ve\u013ek\u00e1 l\u00e1ska)<\/strong><\/p>\n\n\n\n<h3 class=\"wp-block-heading\" id=\"h-6-engaging-with-the-language\">6. Zapojenie sa do jazyka<\/h3>\n\n\n\n<p>Naj\u00fa\u010dinnej\u0161\u00edm sp\u00f4sobom, ako plne pochopi\u0165 a osvoji\u0165 si beng\u00e1lsku gramatiku, je d\u00f4sledne sa zap\u00e1ja\u0165 do jazyka. \u010c\u00edtan\u00edm beng\u00e1lskej literat\u00fary, sledovan\u00edm beng\u00e1lskych filmov alebo telev\u00edznych seri\u00e1lov a akt\u00edvnou komunik\u00e1ciou s roden\u00fdmi hovoriacimi posiln\u00edte svoje porozumenie gramatike a z\u00e1rove\u0148 roz\u0161\u00edrite svoju slovn\u00fa z\u00e1sobu.<\/p>\n\n\n\n<h3 class=\"wp-block-heading\" id=\"h-conclusion\">Z\u00e1ver<\/h3>\n\n\n\n<p>Hoci sa beng\u00e1lska gramatika m\u00f4\u017ee zda\u0165 zlo\u017eit\u00e1, m\u00f4\u017eete sa sta\u0165 zdatn\u00fdmi v tomto kr\u00e1snom jazyku s odhodlan\u00edm, praxou a nad\u0161en\u00edm. Zameran\u00edm sa na z\u00e1kladn\u00e9 pravidl\u00e1 a zapojen\u00edm sa do jazyka v r\u00f4znych kontextoch r\u00fdchlo zlep\u0161\u00edte <a href=\"https:\/\/talkpal.ai\/sk\/gramatika\/\">svoje beng\u00e1lske gramatick\u00e9 zru\u010dnosti<\/a>. Shubho kamona (ve\u013ea \u0161\u0165astia) na va\u0161ej ceste za beng\u00e1lskym jazykom a u\u017eite si odha\u013eovanie z\u00e1hadn\u00e9ho, ale podmaniv\u00e9ho sveta beng\u00e1lskej gramatiky!<\/p>\n<\/div><\/div>\n\r\n<section class=\"learnNavigationSection\">\r\n            \r\n        <a href=\"https:\/\/talkpal.ai\/sk\/ucte-sa-bengalcinu\/\">\r\n            <div class=\"learnNavigationWrapper\">\r\n                <div class=\"learnNavigationContent\">\r\n                    <img decoding=\"async\" src=\"https:\/\/talkpal.ai\/wp-content\/uploads\/2025\/11\/Bengali.png\" alt=\"Bengali Flag\">\r\n                    <div>\r\n                        <h4>O u\u010den\u00ed sa beng\u00e1l\u010diny<\/h4>\r\n                        <p>Zistite v\u0161etko o beng\u00e1lskej gramatike.<\/p>\r\n                    <\/div>\r\n                <\/div>\r\n            <\/div>\r\n        <\/a>\r\n\r\n        \r\n        <a href=\"https:\/\/talkpal.ai\/sk\/bengalske-gramaticke-cvicenia\/\">\r\n            <div class=\"learnNavigationWrapper\">\r\n                <div class=\"learnNavigationContent\">\r\n                    <img decoding=\"async\" src=\"https:\/\/talkpal.ai\/wp-content\/uploads\/2025\/11\/Bengali.png\" alt=\"Bengali Flag\">\r\n                    <div>\r\n                        <h4>Cvi\u010denie z beng\u00e1lskej gramatiky<\/h4>\r\n                        <p>Precvi\u010dte si beng\u00e1lsku gramatiku.<\/p>\r\n                    <\/div>\r\n                <\/div>\r\n            <\/div>\r\n        <\/a>\r\n\r\n            <\/section>","protected":false},"excerpt":{"rendered":"<p>Navig\u00e1cia v zlo\u017eitosti beng\u00e1lskej gramatiky Beng\u00e1l\u010dina, indo\u00e1rijsk\u00fd jazyk s bohatou hist\u00f3riou a kult\u00farnym v\u00fdznamom, pon\u00faka vzru\u0161uj\u00faci jazykov\u00fd z\u00e1\u017eitok pre t\u00fdch, ktor\u00ed t\u00fa\u017eia presk\u00fama\u0165 jeho jedine\u010dn\u00fd gramatick\u00fd syst\u00e9m. Ke\u010f sa vyd\u00e1te do r\u00ed\u0161e beng\u00e1l\u010diny, nielen\u017ee obohat\u00edte svoj jazykov\u00fd reperto\u00e1r, ale tie\u017e sa vyd\u00e1te na fascinuj\u00facu kult\u00farnu cestu. Aj ke\u010f sa beng\u00e1lska gramatika m\u00f4\u017ee na prv\u00fd poh\u013ead [&hellip;]<\/p>\n","protected":false},"author":20,"featured_media":0,"parent":0,"menu_order":0,"comment_status":"closed","ping_status":"closed","template":"LearningContentPage.php","meta":{"_acf_changed":false,"footnotes":""},"class_list":["post-1478445","page","type-page","status-publish","hentry"],"acf":[],"yoast_head":"<!-- This site is optimized with the Yoast SEO Premium plugin v27.2 (Yoast SEO v27.2) - https:\/\/yoast.com\/product\/yoast-seo-premium-wordpress\/ -->\n<title>Beng\u00e1lska gramatika - Talkpal<\/title>\n<meta name=\"description\" content=\"Odha\u013ete tajomstv\u00e1 beng\u00e1lskej gramatiky a ur\u00fdchlite svoju cestu k u\u010deniu pomocou n\u00e1\u0161ho pokro\u010dil\u00e9ho AI jazykov\u00e9ho t\u00fatora.\" \/>\n<meta name=\"robots\" content=\"index, follow, max-snippet:-1, max-image-preview:large, max-video-preview:-1\" \/>\n<link rel=\"canonical\" href=\"https:\/\/talkpal.ai\/sk\/bengalska-gramatika\/\" \/>\n<meta property=\"og:locale\" content=\"sk_SK\" \/>\n<meta property=\"og:type\" content=\"article\" \/>\n<meta property=\"og:title\" content=\"Beng\u00e1lska gramatika\" \/>\n<meta property=\"og:description\" content=\"Navig\u00e1cia v zlo\u017eitosti beng\u00e1lskej gramatiky Beng\u00e1l\u010dina, indo\u00e1rijsk\u00fd jazyk s bohatou hist\u00f3riou a kult\u00farnym v\u00fdznamom, pon\u00faka vzru\u0161uj\u00faci jazykov\u00fd z\u00e1\u017eitok pre\" \/>\n<meta property=\"og:url\" content=\"https:\/\/talkpal.ai\/sk\/bengalska-gramatika\/\" \/>\n<meta property=\"og:site_name\" content=\"Talkpal\" \/>\n<meta property=\"article:publisher\" content=\"https:\/\/www.facebook.com\/profile.php?id=100090733639311\" \/>\n<meta property=\"article:modified_time\" content=\"2025-12-30T15:13:34+00:00\" \/>\n<meta property=\"og:image\" content=\"https:\/\/talkpal.ai\/wp-content\/uploads\/2025\/02\/Progress-tab-16_9.png\" \/>\n\t<meta property=\"og:image:width\" content=\"2880\" \/>\n\t<meta property=\"og:image:height\" content=\"1620\" \/>\n\t<meta property=\"og:image:type\" content=\"image\/png\" \/>\n<meta name=\"twitter:card\" content=\"summary_large_image\" \/>\n<meta name=\"twitter:site\" content=\"@talkpalai\" \/>\n<meta name=\"twitter:label1\" content=\"Predpokladan\u00fd \u010das \u010d\u00edtania\" \/>\n\t<meta name=\"twitter:data1\" content=\"4 min\u00faty\" \/>\n<script type=\"application\/ld+json\" class=\"yoast-schema-graph\">{\"@context\":\"https:\/\/schema.org\",\"@graph\":[{\"@type\":\"WebPage\",\"@id\":\"https:\/\/talkpal.ai\/sk\/bengalska-gramatika\/\",\"url\":\"https:\/\/talkpal.ai\/sk\/bengalska-gramatika\/\",\"name\":\"Beng\u00e1lska gramatika - Talkpal\",\"isPartOf\":{\"@id\":\"https:\/\/talkpal.ai\/sk\/#website\"},\"datePublished\":\"2025-11-11T15:54:57+00:00\",\"dateModified\":\"2025-12-30T15:13:34+00:00\",\"description\":\"Odha\u013ete tajomstv\u00e1 beng\u00e1lskej gramatiky a ur\u00fdchlite svoju cestu k u\u010deniu pomocou n\u00e1\u0161ho pokro\u010dil\u00e9ho AI jazykov\u00e9ho t\u00fatora.\",\"breadcrumb\":{\"@id\":\"https:\/\/talkpal.ai\/sk\/bengalska-gramatika\/#breadcrumb\"},\"inLanguage\":\"sk-SK\",\"potentialAction\":[{\"@type\":\"ReadAction\",\"target\":[\"https:\/\/talkpal.ai\/sk\/bengalska-gramatika\/\"]}]},{\"@type\":\"BreadcrumbList\",\"@id\":\"https:\/\/talkpal.ai\/sk\/bengalska-gramatika\/#breadcrumb\",\"itemListElement\":[{\"@type\":\"ListItem\",\"position\":1,\"name\":\"Homepage\",\"item\":\"https:\/\/talkpal.ai\/sk\/\"},{\"@type\":\"ListItem\",\"position\":2,\"name\":\"Beng\u00e1lska gramatika\"}]},{\"@type\":\"WebSite\",\"@id\":\"https:\/\/talkpal.ai\/sk\/#website\",\"url\":\"https:\/\/talkpal.ai\/sk\/\",\"name\":\"Talkpal\",\"description\":\"AI Language Learning\",\"publisher\":{\"@id\":\"https:\/\/talkpal.ai\/sk\/#organization\"},\"alternateName\":\"Talkpal AI\",\"potentialAction\":[{\"@type\":\"SearchAction\",\"target\":{\"@type\":\"EntryPoint\",\"urlTemplate\":\"https:\/\/talkpal.ai\/sk\/?s={search_term_string}\"},\"query-input\":{\"@type\":\"PropertyValueSpecification\",\"valueRequired\":true,\"valueName\":\"search_term_string\"}}],\"inLanguage\":\"sk-SK\"},{\"@type\":\"Organization\",\"@id\":\"https:\/\/talkpal.ai\/sk\/#organization\",\"name\":\"Talkpal, Inc.\",\"alternateName\":\"Talkpal AI\",\"url\":\"https:\/\/talkpal.ai\/sk\/\",\"logo\":{\"@type\":\"ImageObject\",\"inLanguage\":\"sk-SK\",\"@id\":\"https:\/\/talkpal.ai\/sk\/#\/schema\/logo\/image\/\",\"url\":\"https:\/\/talkpal.ai\/wp-content\/uploads\/2024\/03\/Talkpal-Logo-Icon.png\",\"contentUrl\":\"https:\/\/talkpal.ai\/wp-content\/uploads\/2024\/03\/Talkpal-Logo-Icon.png\",\"width\":2880,\"height\":2880,\"caption\":\"Talkpal, Inc.\"},\"image\":{\"@id\":\"https:\/\/talkpal.ai\/sk\/#\/schema\/logo\/image\/\"},\"sameAs\":[\"https:\/\/www.facebook.com\/profile.php?id=100090733639311\",\"https:\/\/x.com\/talkpalai\",\"https:\/\/www.linkedin.com\/company\/talkpal\/\",\"https:\/\/www.youtube.com\/@TalkPal\/\",\"https:\/\/www.tiktok.com\/@talkpal\",\"https:\/\/www.instagram.com\/talkpal_ai\/\",\"https:\/\/www.crunchbase.com\/organization\/talkpal-9cde\",\"https:\/\/www.g2.com\/products\/talkpal-for-business\/\",\"https:\/\/www.trustpilot.com\/review\/talkpal.ai\",\"https:\/\/www.capterra.com\/p\/10006800\/TalkPal\/\"],\"description\":\"Talkpal is a language learning web and mobile education app, powered by the latest AI technologies, that provides engaging experiences to its customers in many different languages to help them improve their language skills. Users can chat about unlimited amount of topics with the app and use other modes to practice their language learning.\",\"email\":\"support@talkpal.ai\",\"legalName\":\"Talkpal, Inc.\",\"foundingDate\":\"2023-04-03\",\"duns\":\"118989042\",\"numberOfEmployees\":{\"@type\":\"QuantitativeValue\",\"minValue\":\"11\",\"maxValue\":\"50\"},\"publishingPrinciples\":\"https:\/\/talkpal.ai\/publishing-principles\/\",\"actionableFeedbackPolicy\":\"https:\/\/talkpal.ai\/actionable-feedback-policy\/\",\"correctionsPolicy\":\"https:\/\/talkpal.ai\/corrections-policy\/\",\"ethicsPolicy\":\"https:\/\/talkpal.ai\/ethics-policy\/\",\"diversityPolicy\":\"https:\/\/talkpal.ai\/diversity-policy\/\",\"diversityStaffingReport\":\"https:\/\/talkpal.ai\/diversity-policy\/\"}]}<\/script>\n<!-- \/ Yoast SEO Premium plugin. -->","yoast_head_json":{"title":"Beng\u00e1lska gramatika - Talkpal","description":"Odha\u013ete tajomstv\u00e1 beng\u00e1lskej gramatiky a ur\u00fdchlite svoju cestu k u\u010deniu pomocou n\u00e1\u0161ho pokro\u010dil\u00e9ho AI jazykov\u00e9ho t\u00fatora.","robots":{"index":"index","follow":"follow","max-snippet":"max-snippet:-1","max-image-preview":"max-image-preview:large","max-video-preview":"max-video-preview:-1"},"canonical":"https:\/\/talkpal.ai\/sk\/bengalska-gramatika\/","og_locale":"sk_SK","og_type":"article","og_title":"Beng\u00e1lska gramatika","og_description":"Navig\u00e1cia v zlo\u017eitosti beng\u00e1lskej gramatiky Beng\u00e1l\u010dina, indo\u00e1rijsk\u00fd jazyk s bohatou hist\u00f3riou a kult\u00farnym v\u00fdznamom, pon\u00faka vzru\u0161uj\u00faci jazykov\u00fd z\u00e1\u017eitok pre","og_url":"https:\/\/talkpal.ai\/sk\/bengalska-gramatika\/","og_site_name":"Talkpal","article_publisher":"https:\/\/www.facebook.com\/profile.php?id=100090733639311","article_modified_time":"2025-12-30T15:13:34+00:00","og_image":[{"width":2880,"height":1620,"url":"https:\/\/talkpal.ai\/wp-content\/uploads\/2025\/02\/Progress-tab-16_9.png","type":"image\/png"}],"twitter_card":"summary_large_image","twitter_site":"@talkpalai","twitter_misc":{"Predpokladan\u00fd \u010das \u010d\u00edtania":"4 min\u00faty"},"schema":{"@context":"https:\/\/schema.org","@graph":[{"@type":"WebPage","@id":"https:\/\/talkpal.ai\/sk\/bengalska-gramatika\/","url":"https:\/\/talkpal.ai\/sk\/bengalska-gramatika\/","name":"Beng\u00e1lska gramatika - Talkpal","isPartOf":{"@id":"https:\/\/talkpal.ai\/sk\/#website"},"datePublished":"2025-11-11T15:54:57+00:00","dateModified":"2025-12-30T15:13:34+00:00","description":"Odha\u013ete tajomstv\u00e1 beng\u00e1lskej gramatiky a ur\u00fdchlite svoju cestu k u\u010deniu pomocou n\u00e1\u0161ho pokro\u010dil\u00e9ho AI jazykov\u00e9ho t\u00fatora.","breadcrumb":{"@id":"https:\/\/talkpal.ai\/sk\/bengalska-gramatika\/#breadcrumb"},"inLanguage":"sk-SK","potentialAction":[{"@type":"ReadAction","target":["https:\/\/talkpal.ai\/sk\/bengalska-gramatika\/"]}]},{"@type":"BreadcrumbList","@id":"https:\/\/talkpal.ai\/sk\/bengalska-gramatika\/#breadcrumb","itemListElement":[{"@type":"ListItem","position":1,"name":"Homepage","item":"https:\/\/talkpal.ai\/sk\/"},{"@type":"ListItem","position":2,"name":"Beng\u00e1lska gramatika"}]},{"@type":"WebSite","@id":"https:\/\/talkpal.ai\/sk\/#website","url":"https:\/\/talkpal.ai\/sk\/","name":"Talkpal","description":"AI Language Learning","publisher":{"@id":"https:\/\/talkpal.ai\/sk\/#organization"},"alternateName":"Talkpal AI","potentialAction":[{"@type":"SearchAction","target":{"@type":"EntryPoint","urlTemplate":"https:\/\/talkpal.ai\/sk\/?s={search_term_string}"},"query-input":{"@type":"PropertyValueSpecification","valueRequired":true,"valueName":"search_term_string"}}],"inLanguage":"sk-SK"},{"@type":"Organization","@id":"https:\/\/talkpal.ai\/sk\/#organization","name":"Talkpal, Inc.","alternateName":"Talkpal AI","url":"https:\/\/talkpal.ai\/sk\/","logo":{"@type":"ImageObject","inLanguage":"sk-SK","@id":"https:\/\/talkpal.ai\/sk\/#\/schema\/logo\/image\/","url":"https:\/\/talkpal.ai\/wp-content\/uploads\/2024\/03\/Talkpal-Logo-Icon.png","contentUrl":"https:\/\/talkpal.ai\/wp-content\/uploads\/2024\/03\/Talkpal-Logo-Icon.png","width":2880,"height":2880,"caption":"Talkpal, Inc."},"image":{"@id":"https:\/\/talkpal.ai\/sk\/#\/schema\/logo\/image\/"},"sameAs":["https:\/\/www.facebook.com\/profile.php?id=100090733639311","https:\/\/x.com\/talkpalai","https:\/\/www.linkedin.com\/company\/talkpal\/","https:\/\/www.youtube.com\/@TalkPal\/","https:\/\/www.tiktok.com\/@talkpal","https:\/\/www.instagram.com\/talkpal_ai\/","https:\/\/www.crunchbase.com\/organization\/talkpal-9cde","https:\/\/www.g2.com\/products\/talkpal-for-business\/","https:\/\/www.trustpilot.com\/review\/talkpal.ai","https:\/\/www.capterra.com\/p\/10006800\/TalkPal\/"],"description":"Talkpal is a language learning web and mobile education app, powered by the latest AI technologies, that provides engaging experiences to its customers in many different languages to help them improve their language skills. Users can chat about unlimited amount of topics with the app and use other modes to practice their language learning.","email":"support@talkpal.ai","legalName":"Talkpal, Inc.","foundingDate":"2023-04-03","duns":"118989042","numberOfEmployees":{"@type":"QuantitativeValue","minValue":"11","maxValue":"50"},"publishingPrinciples":"https:\/\/talkpal.ai\/publishing-principles\/","actionableFeedbackPolicy":"https:\/\/talkpal.ai\/actionable-feedback-policy\/","correctionsPolicy":"https:\/\/talkpal.ai\/corrections-policy\/","ethicsPolicy":"https:\/\/talkpal.ai\/ethics-policy\/","diversityPolicy":"https:\/\/talkpal.ai\/diversity-policy\/","diversityStaffingReport":"https:\/\/talkpal.ai\/diversity-policy\/"}]}},"_links":{"self":[{"href":"https:\/\/talkpal.ai\/sk\/wp-json\/wp\/v2\/pages\/1478445","targetHints":{"allow":["GET"]}}],"collection":[{"href":"https:\/\/talkpal.ai\/sk\/wp-json\/wp\/v2\/pages"}],"about":[{"href":"https:\/\/talkpal.ai\/sk\/wp-json\/wp\/v2\/types\/page"}],"author":[{"embeddable":true,"href":"https:\/\/talkpal.ai\/sk\/wp-json\/wp\/v2\/users\/20"}],"replies":[{"embeddable":true,"href":"https:\/\/talkpal.ai\/sk\/wp-json\/wp\/v2\/comments?post=1478445"}],"version-history":[{"count":0,"href":"https:\/\/talkpal.ai\/sk\/wp-json\/wp\/v2\/pages\/1478445\/revisions"}],"wp:attachment":[{"href":"https:\/\/talkpal.ai\/sk\/wp-json\/wp\/v2\/media?parent=1478445"}],"curies":[{"name":"wp","href":"https:\/\/api.w.org\/{rel}","templated":true}]}}