{"id":1478417,"date":"2025-11-11T15:33:20","date_gmt":"2025-11-11T15:33:20","guid":{"rendered":"https:\/\/talkpal.ai\/baskicke-gramaticke-cvicenia\/"},"modified":"2025-12-30T15:06:19","modified_gmt":"2025-12-30T15:06:19","slug":"baskicke-gramaticke-cvicenia","status":"publish","type":"page","link":"https:\/\/talkpal.ai\/sk\/baskicke-gramaticke-cvicenia\/","title":{"rendered":"Baskick\u00e9 gramatick\u00e9 cvi\u010denia"},"content":{"rendered":"\r\n\r\n\r\n<section class=\"languageChallengeSection\">\r\n    <div class=\"languageInfoWrapper\">\r\n        \r\n        <h1>Baskick\u00e9 gramatick\u00e9 cvi\u010denia<\/h1>\r\n        <p>Ste pripraven\u00ed ponori\u0165 sa do baskickej gramatiky? Precvi\u010denie nieko\u013ek\u00fdch z\u00e1kladov v\u00e1m pom\u00f4\u017ee pohodlne ovl\u00e1da\u0165 tento jedine\u010dn\u00fd a kr\u00e1sny jazyk. Vysk\u00fa\u0161ajte tieto cvi\u010denia, aby ste si vybudovali sebad\u00f4veru a zabavili sa pri tom!<\/p>\r\n\r\n                            <a class=\"getStartedHidden\" href=\"https:\/\/app.talkpal.ai\/sk\/signup?lng=\">Za\u010dni<\/a>\r\n        \r\n    <\/div>\r\n\r\n    <figure>\r\n    <img decoding=\"async\" width=\"768\" height=\"768\" src=\"https:\/\/talkpal.ai\/wp-content\/uploads\/2023\/06\/welsh-768x768.png\" class=\"languageImage no-lazy\" alt=\"Language learning for better cognitive abilities\" fetchpriority=\"high\" sizes=\"(max-width: 768px) 150px, 768px\" srcset=\"https:\/\/talkpal.ai\/wp-content\/uploads\/2023\/06\/welsh-768x768.png 768w, https:\/\/talkpal.ai\/wp-content\/uploads\/2023\/06\/welsh-300x300.png 300w\" \/>\r\n    \r\n\r\n    <\/figure>\r\n\r\n            <a class=\"getStartedVisible\" href=\"https:\/\/app.talkpal.ai\/sk\/signup?lng=\">Za\u010dni<\/a>\r\n    \r\n<\/section><section class=\"promotionalBanner\">\r\n    <p class=\"promotionalText\">Najefekt\u00edvnej\u0161\u00ed sp\u00f4sob, ako sa nau\u010di\u0165 jazyk<\/p>\r\n    <a class=\"promotionalLink\" href=\"https:\/\/app.talkpal.ai\/sk\/signup?lng=\">Vysk\u00fa\u0161ajte Talkpal zadarmo<\/a>\r\n<\/section>\n<div class=\"wp-block-group pageContainerStyle\"><div class=\"wp-block-group__inner-container is-layout-constrained wp-block-group-is-layout-constrained\">\n<h2 class=\"wp-block-heading\" id=\"h-basque-grammar-topics\">T\u00e9my baskickej gramatiky<\/h2>\n\n\n\n<p><a href=\"https:\/\/talkpal.ai\/sk\/najvacsie-chyby-ktorych-sa-treba-vyvarovat-pri-uceni-sa-noveho-jazyka\/\">U\u010denie sa nov\u00e9ho jazyka<\/a> Nau\u010di\u0165 sa nov\u00fd jazyk m\u00f4\u017ee by\u0165 n\u00e1ro\u010dn\u00e9, ale obohacuj\u00face \u00fasilie. <a href=\"https:\/\/talkpal.ai\/learn-basque\/\">Baski\u010dtina<\/a>, jazykov\u00fd izol\u00e1t, ktor\u00fdm sa hovor\u00ed v Baskicku, nie je v\u00fdnimkou. V\u010faka svojim jedine\u010dn\u00fdm vlastnostiam a \u0161trukt\u00faram, vr\u00e1tane ergativity a rozsiahleho p\u00e1dov\u00e9ho syst\u00e9mu, <a href=\"https:\/\/talkpal.ai\/sk\/talkpal-pre-vzdelavanie\/\">si u\u010denie<\/a> baski\u010dtiny vy\u017eaduje systematick\u00fd pr\u00edstup k pochopeniu jeho gramatiky. T\u00e1to pr\u00edru\u010dka na\u010drt\u00e1va k\u013e\u00fa\u010dov\u00e9 oblasti<a href=\"https:\/\/talkpal.ai\/sk\/baskicka-gramatika\/\"> baskickej gramatiky <\/a>v logickom porad\u00ed pre <a href=\"https:\/\/talkpal.ai\/sk\/chatbot-s-umelou-inteligenciou-na-ucenie-jazykov\/\">u\u010denie sa jazykov<\/a>, po\u010dn\u00fac z\u00e1kladmi, ako s\u00fa podstatn\u00e9 men\u00e1 a \u010dleny, a pokra\u010duj\u00fac k zlo\u017eitej\u0161\u00edm oblastiam, ako s\u00fa \u010dasy a kon\u0161trukcia viet.<\/p>\n\n\n\n<h3 class=\"wp-block-heading\" id=\"h-1-nouns\">1. Podstatn\u00e9 men\u00e1:<\/h3>\n\n\n\n<p>Za\u010dnite svoju cestu baskick\u00fdm jazykom u\u010den\u00edm sa podstatn\u00fdch mien. To zah\u0155\u0148a pochopenie be\u017en\u00fdch a vlastn\u00fdch podstatn\u00fdch mien, ako s\u00fa \u010d\u00edslo a ur\u010ditos\u0165 ozna\u010den\u00e9 pr\u00edponami a ako funguj\u00fa p\u00e1dov\u00e9 koncovky pre \u00falohy ako absol\u00fatne, ergat\u00edv a dat\u00edv.<\/p>\n\n\n\n<h3 class=\"wp-block-heading\" id=\"h-2-articles\">2. \u010cl\u00e1nky:<\/h3>\n\n\n\n<p>\u010cl\u00e1nky v baski\u010dtine funguj\u00fa inak ako v <a href=\"https:\/\/talkpal.ai\/ai-english-speaking-practice\/\">angli\u010dtine<\/a>. Ur\u010dit\u00fd \u010dlen je pr\u00edpona pripojen\u00e1 k podstatn\u00e9mu menu a neexistuje \u017eiadny skuto\u010dn\u00fd neur\u010dit\u00fd \u010dlen. Zvl\u00e1dnutie ozna\u010dovania ur\u010ditosti a \u010d\u00edsla je pri stavbe viet k\u013e\u00fa\u010dov\u00e9.<\/p>\n\n\n\n<h3 class=\"wp-block-heading\" id=\"h-3-adjectives\">3. Pr\u00eddavn\u00e9 men\u00e1:<\/h3>\n\n\n\n<p>Pr\u00eddavn\u00e9 men\u00e1 v baski\u010dtine zvy\u010dajne nasleduj\u00fa za podstatn\u00fdmi menami. Zistite, ako sa \u010dl\u00e1nok prip\u00e1ja ku koncu celej podstatnej fr\u00e1zy a ako vytv\u00e1ra\u0165 komparat\u00edvy a superlat\u00edvy, napr\u00edklad s -ago pre komparat\u00edvne a -en s \u010dlenom pre superlat\u00edv.<\/p>\n\n\n\n<h3 class=\"wp-block-heading\" id=\"h-4-pronouns-determiners\">4. Z\u00e1men\u00e1\/determin\u00e1tory:<\/h3>\n\n\n\n<p>Z\u00e1men\u00e1 a determinanty s\u00fa v baski\u010dtine nevyhnutn\u00e9; nahr\u00e1dzaj\u00fa podstatn\u00e9 men\u00e1 a poskytuj\u00fa inform\u00e1cie o mno\u017estve, vlastn\u00edctve a \u010fal\u0161\u00edch. Venujte pozornos\u0165 privlast\u0148ovac\u00edm determinantom a tomu, ako sa osoba a \u010d\u00edslo odr\u00e1\u017eaj\u00fa v pomocnom slovese.<\/p>\n\n\n\n<h3 class=\"wp-block-heading\" id=\"h-5-verbs\">5. Sloves\u00e1:<\/h3>\n\n\n\n<p>Baskick\u00e9 sloves\u00e1 s\u00fa preva\u017ene perifrastick\u00e9, pou\u017e\u00edvaj\u00fa pomocn\u00e9 sloves\u00e1, ktor\u00e9 s\u00fahlasia s podmetom a predmetmi. Za\u010dnite pr\u00edtomn\u00fdm \u010dasom be\u017en\u00fdch pomocn\u00fdch slovesn\u00fdch a hlavn\u00fdch slovesn\u00fdch pr\u00ed\u010dasti\u00ed, potom postupne sk\u00famajte minulos\u0165 a bud\u00facnos\u0165, ako aj rozkazovacie formy.<\/p>\n\n\n\n<h3 class=\"wp-block-heading\" id=\"h-6-tenses\">6. \u010casy:<\/h3>\n\n\n\n<p>Po zvl\u00e1dnut\u00ed slovesn\u00fdch tvarov sa ponorte hlb\u0161ie do baskick\u00e9ho \u010dasu a aspektu. Pochopte, ako s\u00fa s\u00fa\u010dasn\u00e9, minul\u00e9 a bud\u00face v\u00fdznamy vyjadren\u00e9 pomocn\u00fdmi slovami a pr\u00ed\u010dastiami a ako aspektov\u00e9 rozdiely ovplyv\u0148uj\u00fa pou\u017e\u00edvanie v r\u00f4znych kontextoch.<\/p>\n\n\n\n<h3 class=\"wp-block-heading\" id=\"h-7-tense-comparison\">7. Nap\u00e4t\u00e9 porovnanie:<\/h3>\n\n\n\n<p>Porovn\u00e1vanie \u010dasov v baski\u010dtine pom\u00e1ha pochopi\u0165 sled udalost\u00ed. Porovnanie rovnakej slovesnej fr\u00e1zy medzi s\u00fa\u010dasn\u00fdmi, minul\u00fdmi a bud\u00facimi pomocn\u00fdmi v\u00fdrazmi poskytne lep\u0161ie pochopenie toho, ako <a href=\"https:\/\/talkpal.ai\/learn-basque\/\">baski\u010dtina<\/a> zaobch\u00e1dza s \u010dasom a aspektom.<\/p>\n\n\n\n<h3 class=\"wp-block-heading\" id=\"h-8-progressive\">8. Progres\u00edvne:<\/h3>\n\n\n\n<p>Progres\u00edvny v baski\u010dtine sa pou\u017e\u00edva na vyjadrenie prebiehaj\u00facich \u010dinov. Tvor\u00ed sa tvarom -tzen slovesa spolu s ari izan ako pomocn\u00fdm predmetom.<\/p>\n\n\n\n<h3 class=\"wp-block-heading\" id=\"h-9-perfect-progressive\">9. Perfektne progres\u00edvne:<\/h3>\n\n\n\n<p>Pou\u017e\u00edva sa na vyjadrenie akci\u00ed, ktor\u00e9 prebiehali a\u017e do ur\u010dit\u00e9ho bodu. V baski\u010dtine sa tvor\u00ed s dokonav\u00fdm izan spolu s ari a tvarom -tzen hlavn\u00e9ho slovesa.<\/p>\n\n\n\n<h3 class=\"wp-block-heading\" id=\"h-10-conditionals\">10. Podmienky:<\/h3>\n\n\n\n<p>Podmienen\u00e9 vyjadruj\u00fa hypotetick\u00e9 situ\u00e1cie a ich mo\u017en\u00e9 v\u00fdsledky. V baski\u010dtine sa tvoria s podmiene\u010dn\u00fdmi pomocn\u00fdmi slovami a vetami zaveden\u00fdmi s ba a dodaj\u00fa va\u0161im jazykov\u00fdm schopnostiam nuansy a presnos\u0165.<\/p>\n\n\n\n<h3 class=\"wp-block-heading\" id=\"h-11-adverbs\">11. Pr\u00edslovky:<\/h3>\n\n\n\n<p>Pr\u00edslovky v baski\u010dtine upravuj\u00fa sloves\u00e1, pr\u00eddavn\u00e9 men\u00e1 alebo in\u00e9 pr\u00edslovky. Poskytuj\u00fa inform\u00e1cie o sp\u00f4sobe, mieste, \u010dase, stupni a \u010fal\u0161\u00edch a m\u00f4\u017eu by\u0165 tvoren\u00e9 be\u017en\u00fdmi pr\u00edslovkov\u00fdmi slovami alebo pr\u00edponami ako -ki alebo -z v z\u00e1vislosti od kontextu.<\/p>\n\n\n\n<h3 class=\"wp-block-heading\" id=\"h-12-prepositions\">12. Predlo\u017eky:<\/h3>\n\n\n\n<p>Baski\u010dtina prim\u00e1rne pou\u017e\u00edva postpoz\u00edcie a p\u00e1dov\u00e9 koncovky, a nie predlo\u017eky. Vyjadruj\u00fa vz\u0165ahy \u010dasu, miesta, smeru a \u010fal\u0161\u00edch vec\u00ed a s\u00fa nevyhnutn\u00e9 na prepojenie slov a fr\u00e1z.<\/p>\n\n\n\n<h3 class=\"wp-block-heading\" id=\"h-13-sentences\">13. Vety:<\/h3>\n\n\n\n<p>Nakoniec si precvi\u010dte kon\u0161trukciu viet. To bude zah\u0155\u0148a\u0165 pou\u017eitie v\u0161etk\u00fdch predt\u00fdm nau\u010den\u00fdch gramatick\u00fdch bodov v kontexte, venovanie pozornosti typick\u00e9mu baskick\u00e9ho slovosledu SV, umiestneniu zamerania a neg\u00e1cii, \u010d\u00edm sa zabezpe\u010d\u00ed komplexn\u00e9 pochopenie baskick\u00e9ho jazyka.<\/p>\n<\/div><\/div>\n\r\n<section class=\"learnNavigationSection\">\r\n            \r\n        <a href=\"https:\/\/talkpal.ai\/sk\/naucte-sa-baskictinu\/\">\r\n            <div class=\"learnNavigationWrapper\">\r\n                <div class=\"learnNavigationContent\">\r\n                    <img decoding=\"async\" src=\"https:\/\/talkpal.ai\/wp-content\/uploads\/2025\/11\/Basque.png\" alt=\"Basque Flag\">\r\n                    <div>\r\n                        <h4>O baskickej v\u00fdu\u010dbe<\/h4>\r\n                        <p>Zistite v\u0161etko o baskickej gramatike.<\/p>\r\n                    <\/div>\r\n                <\/div>\r\n            <\/div>\r\n        <\/a>\r\n\r\n        \r\n        <a href=\"https:\/\/talkpal.ai\/sk\/baskicka-gramatika\/\">\r\n            <div class=\"learnNavigationWrapper\">\r\n                <div class=\"learnNavigationContent\">\r\n                    <img decoding=\"async\" src=\"https:\/\/talkpal.ai\/wp-content\/uploads\/2025\/11\/Basque.png\" alt=\"Basque Flag\">\r\n                    <div>\r\n                        <h4>Lekcie baskickej gramatiky<\/h4>\r\n                        <p>Precvi\u010dujte si baskick\u00fa gramatiku.<\/p>\r\n                    <\/div>\r\n                <\/div>\r\n            <\/div>\r\n        <\/a>\r\n\r\n            <\/section>","protected":false},"excerpt":{"rendered":"<p>T\u00e9my baskickej gramatiky U\u010denie sa nov\u00e9ho jazyka Nau\u010di\u0165 sa nov\u00fd jazyk m\u00f4\u017ee by\u0165 n\u00e1ro\u010dn\u00e9, ale obohacuj\u00face \u00fasilie. Baski\u010dtina, jazykov\u00fd izol\u00e1t, ktor\u00fdm sa hovor\u00ed v Baskicku, nie je v\u00fdnimkou. V\u010faka svojim jedine\u010dn\u00fdm vlastnostiam a \u0161trukt\u00faram, vr\u00e1tane ergativity a rozsiahleho p\u00e1dov\u00e9ho syst\u00e9mu, si u\u010denie baski\u010dtiny vy\u017eaduje systematick\u00fd pr\u00edstup k pochopeniu jeho gramatiky. T\u00e1to pr\u00edru\u010dka na\u010drt\u00e1va k\u013e\u00fa\u010dov\u00e9 oblasti [&hellip;]<\/p>\n","protected":false},"author":20,"featured_media":0,"parent":0,"menu_order":0,"comment_status":"closed","ping_status":"closed","template":"LearningContentPage.php","meta":{"_acf_changed":false,"footnotes":""},"class_list":["post-1478417","page","type-page","status-publish","hentry"],"acf":[],"yoast_head":"<!-- This site is optimized with the Yoast SEO Premium plugin v27.2 (Yoast SEO v27.2) - https:\/\/yoast.com\/product\/yoast-seo-premium-wordpress\/ -->\n<title>Baskick\u00e9 gramatick\u00e9 cvi\u010denia - Talkpal<\/title>\n<meta name=\"description\" content=\"Zvl\u00e1dnite baskick\u00fa gramatiku pomocou p\u00fatav\u00fdch cvi\u010den\u00ed na podstatn\u00e9 men\u00e1, sloves\u00e1 a \u010dasy, ktor\u00e9 zv\u00fd\u0161ia va\u0161u jazykov\u00fa vybavenos\u0165.\" \/>\n<meta name=\"robots\" content=\"index, follow, max-snippet:-1, max-image-preview:large, max-video-preview:-1\" \/>\n<link rel=\"canonical\" href=\"https:\/\/talkpal.ai\/sk\/baskicke-gramaticke-cvicenia\/\" \/>\n<meta property=\"og:locale\" content=\"sk_SK\" \/>\n<meta property=\"og:type\" content=\"article\" \/>\n<meta property=\"og:title\" content=\"Baskick\u00e9 gramatick\u00e9 cvi\u010denia\" \/>\n<meta property=\"og:description\" content=\"T\u00e9my baskickej gramatiky U\u010denie sa nov\u00e9ho jazyka Nau\u010di\u0165 sa nov\u00fd jazyk m\u00f4\u017ee by\u0165 n\u00e1ro\u010dn\u00e9, ale obohacuj\u00face \u00fasilie. Baski\u010dtina, jazykov\u00fd izol\u00e1t, ktor\u00fdm sa\" \/>\n<meta property=\"og:url\" content=\"https:\/\/talkpal.ai\/sk\/baskicke-gramaticke-cvicenia\/\" \/>\n<meta property=\"og:site_name\" content=\"Talkpal\" \/>\n<meta property=\"article:publisher\" content=\"https:\/\/www.facebook.com\/profile.php?id=100090733639311\" \/>\n<meta property=\"article:modified_time\" content=\"2025-12-30T15:06:19+00:00\" \/>\n<meta property=\"og:image\" content=\"https:\/\/talkpal.ai\/wp-content\/uploads\/2025\/02\/Progress-tab-16_9.png\" \/>\n\t<meta property=\"og:image:width\" content=\"2880\" \/>\n\t<meta property=\"og:image:height\" content=\"1620\" \/>\n\t<meta property=\"og:image:type\" content=\"image\/png\" \/>\n<meta name=\"twitter:card\" content=\"summary_large_image\" \/>\n<meta name=\"twitter:site\" content=\"@talkpalai\" \/>\n<meta name=\"twitter:label1\" content=\"Predpokladan\u00fd \u010das \u010d\u00edtania\" \/>\n\t<meta name=\"twitter:data1\" content=\"4 min\u00faty\" \/>\n<script type=\"application\/ld+json\" class=\"yoast-schema-graph\">{\"@context\":\"https:\/\/schema.org\",\"@graph\":[{\"@type\":\"WebPage\",\"@id\":\"https:\/\/talkpal.ai\/sk\/baskicke-gramaticke-cvicenia\/\",\"url\":\"https:\/\/talkpal.ai\/sk\/baskicke-gramaticke-cvicenia\/\",\"name\":\"Baskick\u00e9 gramatick\u00e9 cvi\u010denia - Talkpal\",\"isPartOf\":{\"@id\":\"https:\/\/talkpal.ai\/sk\/#website\"},\"datePublished\":\"2025-11-11T15:33:20+00:00\",\"dateModified\":\"2025-12-30T15:06:19+00:00\",\"description\":\"Zvl\u00e1dnite baskick\u00fa gramatiku pomocou p\u00fatav\u00fdch cvi\u010den\u00ed na podstatn\u00e9 men\u00e1, sloves\u00e1 a \u010dasy, ktor\u00e9 zv\u00fd\u0161ia va\u0161u jazykov\u00fa vybavenos\u0165.\",\"breadcrumb\":{\"@id\":\"https:\/\/talkpal.ai\/sk\/baskicke-gramaticke-cvicenia\/#breadcrumb\"},\"inLanguage\":\"sk-SK\",\"potentialAction\":[{\"@type\":\"ReadAction\",\"target\":[\"https:\/\/talkpal.ai\/sk\/baskicke-gramaticke-cvicenia\/\"]}]},{\"@type\":\"BreadcrumbList\",\"@id\":\"https:\/\/talkpal.ai\/sk\/baskicke-gramaticke-cvicenia\/#breadcrumb\",\"itemListElement\":[{\"@type\":\"ListItem\",\"position\":1,\"name\":\"Homepage\",\"item\":\"https:\/\/talkpal.ai\/sk\/\"},{\"@type\":\"ListItem\",\"position\":2,\"name\":\"Baskick\u00e9 gramatick\u00e9 cvi\u010denia\"}]},{\"@type\":\"WebSite\",\"@id\":\"https:\/\/talkpal.ai\/sk\/#website\",\"url\":\"https:\/\/talkpal.ai\/sk\/\",\"name\":\"Talkpal\",\"description\":\"AI Language Learning\",\"publisher\":{\"@id\":\"https:\/\/talkpal.ai\/sk\/#organization\"},\"alternateName\":\"Talkpal AI\",\"potentialAction\":[{\"@type\":\"SearchAction\",\"target\":{\"@type\":\"EntryPoint\",\"urlTemplate\":\"https:\/\/talkpal.ai\/sk\/?s={search_term_string}\"},\"query-input\":{\"@type\":\"PropertyValueSpecification\",\"valueRequired\":true,\"valueName\":\"search_term_string\"}}],\"inLanguage\":\"sk-SK\"},{\"@type\":\"Organization\",\"@id\":\"https:\/\/talkpal.ai\/sk\/#organization\",\"name\":\"Talkpal, Inc.\",\"alternateName\":\"Talkpal AI\",\"url\":\"https:\/\/talkpal.ai\/sk\/\",\"logo\":{\"@type\":\"ImageObject\",\"inLanguage\":\"sk-SK\",\"@id\":\"https:\/\/talkpal.ai\/sk\/#\/schema\/logo\/image\/\",\"url\":\"https:\/\/talkpal.ai\/wp-content\/uploads\/2024\/03\/Talkpal-Logo-Icon.png\",\"contentUrl\":\"https:\/\/talkpal.ai\/wp-content\/uploads\/2024\/03\/Talkpal-Logo-Icon.png\",\"width\":2880,\"height\":2880,\"caption\":\"Talkpal, Inc.\"},\"image\":{\"@id\":\"https:\/\/talkpal.ai\/sk\/#\/schema\/logo\/image\/\"},\"sameAs\":[\"https:\/\/www.facebook.com\/profile.php?id=100090733639311\",\"https:\/\/x.com\/talkpalai\",\"https:\/\/www.linkedin.com\/company\/talkpal\/\",\"https:\/\/www.youtube.com\/@TalkPal\/\",\"https:\/\/www.tiktok.com\/@talkpal\",\"https:\/\/www.instagram.com\/talkpal_ai\/\",\"https:\/\/www.crunchbase.com\/organization\/talkpal-9cde\",\"https:\/\/www.g2.com\/products\/talkpal-for-business\/\",\"https:\/\/www.trustpilot.com\/review\/talkpal.ai\",\"https:\/\/www.capterra.com\/p\/10006800\/TalkPal\/\"],\"description\":\"Talkpal is a language learning web and mobile education app, powered by the latest AI technologies, that provides engaging experiences to its customers in many different languages to help them improve their language skills. Users can chat about unlimited amount of topics with the app and use other modes to practice their language learning.\",\"email\":\"support@talkpal.ai\",\"legalName\":\"Talkpal, Inc.\",\"foundingDate\":\"2023-04-03\",\"duns\":\"118989042\",\"numberOfEmployees\":{\"@type\":\"QuantitativeValue\",\"minValue\":\"11\",\"maxValue\":\"50\"},\"publishingPrinciples\":\"https:\/\/talkpal.ai\/publishing-principles\/\",\"actionableFeedbackPolicy\":\"https:\/\/talkpal.ai\/actionable-feedback-policy\/\",\"correctionsPolicy\":\"https:\/\/talkpal.ai\/corrections-policy\/\",\"ethicsPolicy\":\"https:\/\/talkpal.ai\/ethics-policy\/\",\"diversityPolicy\":\"https:\/\/talkpal.ai\/diversity-policy\/\",\"diversityStaffingReport\":\"https:\/\/talkpal.ai\/diversity-policy\/\"}]}<\/script>\n<!-- \/ Yoast SEO Premium plugin. -->","yoast_head_json":{"title":"Baskick\u00e9 gramatick\u00e9 cvi\u010denia - Talkpal","description":"Zvl\u00e1dnite baskick\u00fa gramatiku pomocou p\u00fatav\u00fdch cvi\u010den\u00ed na podstatn\u00e9 men\u00e1, sloves\u00e1 a \u010dasy, ktor\u00e9 zv\u00fd\u0161ia va\u0161u jazykov\u00fa vybavenos\u0165.","robots":{"index":"index","follow":"follow","max-snippet":"max-snippet:-1","max-image-preview":"max-image-preview:large","max-video-preview":"max-video-preview:-1"},"canonical":"https:\/\/talkpal.ai\/sk\/baskicke-gramaticke-cvicenia\/","og_locale":"sk_SK","og_type":"article","og_title":"Baskick\u00e9 gramatick\u00e9 cvi\u010denia","og_description":"T\u00e9my baskickej gramatiky U\u010denie sa nov\u00e9ho jazyka Nau\u010di\u0165 sa nov\u00fd jazyk m\u00f4\u017ee by\u0165 n\u00e1ro\u010dn\u00e9, ale obohacuj\u00face \u00fasilie. Baski\u010dtina, jazykov\u00fd izol\u00e1t, ktor\u00fdm sa","og_url":"https:\/\/talkpal.ai\/sk\/baskicke-gramaticke-cvicenia\/","og_site_name":"Talkpal","article_publisher":"https:\/\/www.facebook.com\/profile.php?id=100090733639311","article_modified_time":"2025-12-30T15:06:19+00:00","og_image":[{"width":2880,"height":1620,"url":"https:\/\/talkpal.ai\/wp-content\/uploads\/2025\/02\/Progress-tab-16_9.png","type":"image\/png"}],"twitter_card":"summary_large_image","twitter_site":"@talkpalai","twitter_misc":{"Predpokladan\u00fd \u010das \u010d\u00edtania":"4 min\u00faty"},"schema":{"@context":"https:\/\/schema.org","@graph":[{"@type":"WebPage","@id":"https:\/\/talkpal.ai\/sk\/baskicke-gramaticke-cvicenia\/","url":"https:\/\/talkpal.ai\/sk\/baskicke-gramaticke-cvicenia\/","name":"Baskick\u00e9 gramatick\u00e9 cvi\u010denia - Talkpal","isPartOf":{"@id":"https:\/\/talkpal.ai\/sk\/#website"},"datePublished":"2025-11-11T15:33:20+00:00","dateModified":"2025-12-30T15:06:19+00:00","description":"Zvl\u00e1dnite baskick\u00fa gramatiku pomocou p\u00fatav\u00fdch cvi\u010den\u00ed na podstatn\u00e9 men\u00e1, sloves\u00e1 a \u010dasy, ktor\u00e9 zv\u00fd\u0161ia va\u0161u jazykov\u00fa vybavenos\u0165.","breadcrumb":{"@id":"https:\/\/talkpal.ai\/sk\/baskicke-gramaticke-cvicenia\/#breadcrumb"},"inLanguage":"sk-SK","potentialAction":[{"@type":"ReadAction","target":["https:\/\/talkpal.ai\/sk\/baskicke-gramaticke-cvicenia\/"]}]},{"@type":"BreadcrumbList","@id":"https:\/\/talkpal.ai\/sk\/baskicke-gramaticke-cvicenia\/#breadcrumb","itemListElement":[{"@type":"ListItem","position":1,"name":"Homepage","item":"https:\/\/talkpal.ai\/sk\/"},{"@type":"ListItem","position":2,"name":"Baskick\u00e9 gramatick\u00e9 cvi\u010denia"}]},{"@type":"WebSite","@id":"https:\/\/talkpal.ai\/sk\/#website","url":"https:\/\/talkpal.ai\/sk\/","name":"Talkpal","description":"AI Language Learning","publisher":{"@id":"https:\/\/talkpal.ai\/sk\/#organization"},"alternateName":"Talkpal AI","potentialAction":[{"@type":"SearchAction","target":{"@type":"EntryPoint","urlTemplate":"https:\/\/talkpal.ai\/sk\/?s={search_term_string}"},"query-input":{"@type":"PropertyValueSpecification","valueRequired":true,"valueName":"search_term_string"}}],"inLanguage":"sk-SK"},{"@type":"Organization","@id":"https:\/\/talkpal.ai\/sk\/#organization","name":"Talkpal, Inc.","alternateName":"Talkpal AI","url":"https:\/\/talkpal.ai\/sk\/","logo":{"@type":"ImageObject","inLanguage":"sk-SK","@id":"https:\/\/talkpal.ai\/sk\/#\/schema\/logo\/image\/","url":"https:\/\/talkpal.ai\/wp-content\/uploads\/2024\/03\/Talkpal-Logo-Icon.png","contentUrl":"https:\/\/talkpal.ai\/wp-content\/uploads\/2024\/03\/Talkpal-Logo-Icon.png","width":2880,"height":2880,"caption":"Talkpal, Inc."},"image":{"@id":"https:\/\/talkpal.ai\/sk\/#\/schema\/logo\/image\/"},"sameAs":["https:\/\/www.facebook.com\/profile.php?id=100090733639311","https:\/\/x.com\/talkpalai","https:\/\/www.linkedin.com\/company\/talkpal\/","https:\/\/www.youtube.com\/@TalkPal\/","https:\/\/www.tiktok.com\/@talkpal","https:\/\/www.instagram.com\/talkpal_ai\/","https:\/\/www.crunchbase.com\/organization\/talkpal-9cde","https:\/\/www.g2.com\/products\/talkpal-for-business\/","https:\/\/www.trustpilot.com\/review\/talkpal.ai","https:\/\/www.capterra.com\/p\/10006800\/TalkPal\/"],"description":"Talkpal is a language learning web and mobile education app, powered by the latest AI technologies, that provides engaging experiences to its customers in many different languages to help them improve their language skills. Users can chat about unlimited amount of topics with the app and use other modes to practice their language learning.","email":"support@talkpal.ai","legalName":"Talkpal, Inc.","foundingDate":"2023-04-03","duns":"118989042","numberOfEmployees":{"@type":"QuantitativeValue","minValue":"11","maxValue":"50"},"publishingPrinciples":"https:\/\/talkpal.ai\/publishing-principles\/","actionableFeedbackPolicy":"https:\/\/talkpal.ai\/actionable-feedback-policy\/","correctionsPolicy":"https:\/\/talkpal.ai\/corrections-policy\/","ethicsPolicy":"https:\/\/talkpal.ai\/ethics-policy\/","diversityPolicy":"https:\/\/talkpal.ai\/diversity-policy\/","diversityStaffingReport":"https:\/\/talkpal.ai\/diversity-policy\/"}]}},"_links":{"self":[{"href":"https:\/\/talkpal.ai\/sk\/wp-json\/wp\/v2\/pages\/1478417","targetHints":{"allow":["GET"]}}],"collection":[{"href":"https:\/\/talkpal.ai\/sk\/wp-json\/wp\/v2\/pages"}],"about":[{"href":"https:\/\/talkpal.ai\/sk\/wp-json\/wp\/v2\/types\/page"}],"author":[{"embeddable":true,"href":"https:\/\/talkpal.ai\/sk\/wp-json\/wp\/v2\/users\/20"}],"replies":[{"embeddable":true,"href":"https:\/\/talkpal.ai\/sk\/wp-json\/wp\/v2\/comments?post=1478417"}],"version-history":[{"count":0,"href":"https:\/\/talkpal.ai\/sk\/wp-json\/wp\/v2\/pages\/1478417\/revisions"}],"wp:attachment":[{"href":"https:\/\/talkpal.ai\/sk\/wp-json\/wp\/v2\/media?parent=1478417"}],"curies":[{"name":"wp","href":"https:\/\/api.w.org\/{rel}","templated":true}]}}