{"id":1478409,"date":"2025-11-11T15:33:17","date_gmt":"2025-11-11T15:33:17","guid":{"rendered":"https:\/\/talkpal.ai\/baskicka-gramatika\/"},"modified":"2025-12-30T15:32:21","modified_gmt":"2025-12-30T15:32:21","slug":"baskicka-gramatika","status":"publish","type":"page","link":"https:\/\/talkpal.ai\/sk\/baskicka-gramatika\/","title":{"rendered":"Baskick\u00e1 gramatika"},"content":{"rendered":"\r\n\r\n\r\n<section class=\"languageChallengeSection\">\r\n    <div class=\"languageInfoWrapper\">\r\n        \r\n        <h1>Baskick\u00e1 gramatika<\/h1>\r\n        <p><a href=\"https:\/\/talkpal.ai\/cs\/baskicka-gramatika\/\">Baskick\u00e1 gramatika<\/a> sa m\u00f4\u017ee na prv\u00fd poh\u013ead zda\u0165 n\u00e1ro\u010dn\u00e1, ale v\u010faka jej jedine\u010dn\u00fdm vlastnostiam je <a href=\"https:\/\/talkpal.ai\/sk\/ucenie\/\">u\u010denie sa<\/a> jazyka obohacuj\u00facou sk\u00fasenos\u0165ou. Sk\u00faman\u00edm abecedy, mut\u00e1ci\u00ed a gramatick\u00fdch pravidiel z\u00edskate preh\u013ead o bohatej jazykovej trad\u00edcii. Za\u010dnite svoju cestu a objavte kr\u00e1sy baskicka!<\/p>\r\n\r\n                            <a class=\"getStartedHidden\" href=\"https:\/\/app.talkpal.ai\/sk\/signup?lng=\">Za\u010dni<\/a>\r\n        \r\n    <\/div>\r\n\r\n    <figure>\r\n    <img decoding=\"async\" width=\"768\" height=\"768\" src=\"https:\/\/talkpal.ai\/wp-content\/uploads\/2023\/06\/welsh-768x768.png\" class=\"languageImage no-lazy\" alt=\"Language learning for better cognitive abilities\" fetchpriority=\"high\" sizes=\"(max-width: 768px) 150px, 768px\" srcset=\"https:\/\/talkpal.ai\/wp-content\/uploads\/2023\/06\/welsh-768x768.png 768w, https:\/\/talkpal.ai\/wp-content\/uploads\/2023\/06\/welsh-300x300.png 300w\" \/>\r\n    \r\n\r\n    <\/figure>\r\n\r\n            <a class=\"getStartedVisible\" href=\"https:\/\/app.talkpal.ai\/sk\/signup?lng=\">Za\u010dni<\/a>\r\n    \r\n<\/section><section class=\"promotionalBanner\">\r\n    <p class=\"promotionalText\">Najefekt\u00edvnej\u0161\u00ed sp\u00f4sob, ako sa nau\u010di\u0165 jazyk<\/p>\r\n    <a class=\"promotionalLink\" href=\"https:\/\/app.talkpal.ai\/sk\/signup?lng=\">Vysk\u00fa\u0161ajte Talkpal zadarmo<\/a>\r\n<\/section>\n<div class=\"wp-block-group pageContainerStyle\"><div class=\"wp-block-group__inner-container is-layout-constrained wp-block-group-is-layout-constrained\">\n<h2 class=\"wp-block-heading\" id=\"h-navigating-the-intricacies-of-basque-grammar\">Navig\u00e1cia v zlo\u017eitosti baskickej gramatiky<\/h2>\n\n\n\n<p><a href=\"https:\/\/talkpal.ai\/sk\/naucte-sa-baskictinu\/\">Baski\u010dtina<\/a>, jazykov\u00fd izol\u00e1t s bohatou hist\u00f3riou a kult\u00farnym v\u00fdznamom, pon\u00faka vzru\u0161uj\u00faci jazykov\u00fd z\u00e1\u017eitok pre t\u00fdch, ktor\u00ed t\u00fa\u017eia presk\u00fama\u0165 jeho jedine\u010dn\u00fd gramatick\u00fd syst\u00e9m. Ke\u010f sa vyd\u00e1te do r\u00ed\u0161e baski\u010dtiny, obohat\u00edte nielen svoj jazykov\u00fd reperto\u00e1r, ale aj fascinuj\u00facu kult\u00farnu cestu. Aj ke\u010f sa baskick\u00e1 gramatika m\u00f4\u017ee na prv\u00fd poh\u013ead zda\u0165 komplikovan\u00e1, jej rozdelenie na z\u00e1kladn\u00e9 zlo\u017eky rob\u00ed u\u010denie jazyka pr\u00edstupnej\u0161\u00edm. V tomto \u010dl\u00e1nku presk\u00famame podmaniv\u00fd svet baskickej gramatiky a poskytneme tipy, ako zvl\u00e1dnu\u0165 jej zlo\u017eitos\u0165.<\/p>\n\n\n\n<h3 class=\"wp-block-heading\" id=\"h-1-basque-alphabet-and-phonetics\">1. Baskick\u00e1 abeceda a fonetika<\/h3>\n\n\n\n<p>Baskick\u00e1 abeceda v \u0161tandardnej baski\u010dtine pozost\u00e1va z 27 p\u00edsmen. Medzi charakteristick\u00e9 znaky patria digrafy &#8222;tx&#8220;, &#8222;tz&#8220; a &#8222;ts&#8220;, ktor\u00e9 predstavuj\u00fa jedine\u010dn\u00e9 zvuky, p\u00edsmeno &#8222;x&#8220; vyslovovan\u00e9 ako anglick\u00e9 &#8222;sh&#8220; a kontrast medzi jednoduch\u00fdm &#8222;r&#8220; a dvojit\u00fdm &#8222;rr&#8220;. Niektor\u00e9 p\u00edsmen\u00e1 ako &#8222;c&#8220;, &#8222;q&#8220;, &#8222;v&#8220;, &#8222;w&#8220; a &#8222;y&#8220; sa vyskytuj\u00fa hlavne v prevzat\u00fdch slov\u00e1ch. Ak sa chcete nau\u010di\u0165 baskick\u00fa gramatiku, je d\u00f4le\u017eit\u00e9 zozn\u00e1mi\u0165 sa s t\u00fdmto syst\u00e9mom p\u00edsania precvi\u010dovan\u00edm \u010d\u00edtania a p\u00edsania v baski\u010dtine.<\/p>\n\n\n\n<h3 class=\"wp-block-heading\" id=\"h-2-case-suffixes-and-ergativity-a-core-basque-feature\">2. Pr\u00edpony p\u00e1dov a ergativita: z\u00e1kladn\u00e1 baskick\u00e1 vlastnos\u0165<\/h3>\n\n\n\n<p>Jedn\u00fdm z najv\u00fdraznej\u0161\u00edch aspektov baskickej gramatiky je jej ergat\u00edvno-absol\u00fatne zarovnanie a bohat\u00fd syst\u00e9m p\u00e1dov\u00fdch pr\u00edpon. Podstatn\u00e9 men\u00e1 a pln\u00e9 podstatn\u00e9 men\u00e1 maj\u00fa koncovky, ktor\u00e9 ozna\u010duj\u00fa ich \u00falohu vo vete, ako napr\u00edklad absol\u00fatny (\u010dasto nula alebo -a\/-ak s ur\u010dit\u00fdm \u010dlenom), ergat\u00edv (-k alebo -ek), dat\u00edv (-ri alebo -ei), genit\u00edv (-ren), iness\u00edv (-n), alativ (-ra), ablat\u00edv (-tik), in\u0161trument\u00e1l (-z) a komit\u00edv (-ekin). Pochopenie toho, kedy a ako sa tieto koncovky pou\u017e\u00edvaj\u00fa a \u017ee sa prip\u00e1jaj\u00fa k posledn\u00e9mu slovu podstatn\u00e9ho mena, je \u017eivotne d\u00f4le\u017eit\u00e9 pre presn\u00fa komunik\u00e1ciu v baski\u010dtine.<\/p>\n\n\n\n<h3 class=\"wp-block-heading\" id=\"h-3-nouns-and-pronouns-gender-and-cases\">3. Podstatn\u00e9 men\u00e1 a z\u00e1men\u00e1: rod a pr\u00edpady<\/h3>\n\n\n\n<p>Baskick\u00e9 podstatn\u00e9 men\u00e1 nemaj\u00fa gramatick\u00fd rod, \u010do zjednodu\u0161uje zhodu, ale interaguj\u00fa s rozsiahlym p\u00e1dov\u00fdm syst\u00e9mom a ur\u010ditos\u0165ou. \u010c\u00edslo a ur\u010ditos\u0165 sa zvy\u010dajne vyjadruj\u00fa pr\u00edponami \u010dlenov -a (ur\u010dit\u00e9 jednotn\u00e9 \u010d\u00edslo) a -ak (ur\u010dit\u00e9 mno\u017en\u00e9 \u010d\u00edslo alebo ergat\u00edvne jednotn\u00e9 \u010d\u00edslo). Z\u00e1men\u00e1 v baski\u010dtine zah\u0155\u0148aj\u00fa osobn\u00e9 (ni, hi, zu, zuek, gu, bera, haiek), privlast\u0148ovacie (nire, zure, bere, gure, zuen, haien), zvratn\u00e9 (bere burua), ukazovacie (hau, hori, hura) a opytovacie (nor, zer, zein) z\u00e1men\u00e1. Obozn\u00e1menie sa s t\u00fdmito z\u00e1menami a ich tvarmi naprie\u010d p\u00e1dmi v\u00fdrazne zlep\u0161\u00ed va\u0161e pochopenie baskickej gramatiky.<\/p>\n\n\n\n<h3 class=\"wp-block-heading\" id=\"h-4-verbs-structure-and-conjugation\">4. Sloves\u00e1: \u0161trukt\u00fara a \u010dasovanie<\/h3>\n\n\n\n<p>Baskick\u00e9 sloves\u00e1 sa vo ve\u013ekej miere spoliehaj\u00fa na pomocn\u00e9 sloves\u00e1 a vyjadruj\u00fa s\u00fahlas s podmetom a \u010dasto aj s priamymi a nepriamymi predmetmi. Mnoh\u00e9 \u010dasy s\u00fa perifrastick\u00e9, postaven\u00e9 z pr\u00ed\u010dasti\u00ed a pomocn\u00fdch slovies izan a edun, zatia\u013e \u010do obmedzen\u00fd s\u00fabor slovies m\u00e1 aj syntetick\u00e9 tvary. Z\u00e1kladn\u00e9 \u010dasy v baski\u010dtine s\u00fa pr\u00edtomn\u00e9, minul\u00e9 a bud\u00face, s \u010fal\u0161\u00edmi prvkami, ako s\u00fa podmie\u0148ovacie a rozkazovacie n\u00e1lady. U\u010denie sa, ako funguje pomocn\u00e1 selekcia, spolu so z\u00e1kladn\u00fdmi konjuga\u010dn\u00fdmi vzormi, zlep\u0161\u00ed va\u0161u schopnos\u0165 efekt\u00edvne komunikova\u0165 v baski\u010dtine.<\/p>\n\n\n\n<h3 class=\"wp-block-heading\" id=\"h-5-adjectives-agreement-and-placement\">5. Pr\u00eddavn\u00e9 men\u00e1: Zmluva a umiestnenie<\/h3>\n\n\n\n<p>V baskickej gramatike pr\u00eddavn\u00e9 men\u00e1 zvy\u010dajne nasleduj\u00fa za podstatn\u00fdm menom, ktor\u00e9 upravuj\u00fa. Samotn\u00e9 pr\u00eddavn\u00e9 men\u00e1 sa nemenia pre \u010d\u00edslo alebo rod, ale determinant a pr\u00edpona p\u00e1du pre cel\u00fa podstatn\u00fa fr\u00e1zu sa objavuj\u00fa na poslednom prvku, \u010dasto na pr\u00eddavnom mene. Porovn\u00e1vacie a superlat\u00edvy sa be\u017ene tvoria s -ago a -en alebo -ena, ktor\u00e9 s\u00fa nevyhnutn\u00e9 na to, aby ste sa nau\u010dili prirodzenej\u0161ie komunikova\u0165.<\/p>\n\n\n\n<p><strong>Pr\u00edklady:<\/strong><\/p>\n\n\n\n<p><strong>\u2013 ume txikiak (mal\u00e9 deti)<\/strong><\/p>\n\n\n\n<p><strong>\u2013 Maitasun Handi (Ve\u013ek\u00e1 l\u00e1ska)<\/strong><\/p>\n\n\n\n<h3 class=\"wp-block-heading\" id=\"h-6-engaging-with-the-language\">6. Zapojenie sa do jazyka<\/h3>\n\n\n\n<p>Naj\u00fa\u010dinnej\u0161\u00edm sp\u00f4sobom, ako plne pochopi\u0165 a osvoji\u0165 si baskick\u00fa gramatiku, je d\u00f4sledne sa zap\u00e1ja\u0165 do jazyka. \u010c\u00edtan\u00edm baskickej literat\u00fary, sledovan\u00edm baskick\u00fdch filmov alebo telev\u00edznych seri\u00e1lov, po\u010d\u00favan\u00edm baskick\u00e9ho r\u00e1dia a akt\u00edvnou komunik\u00e1ciou s roden\u00fdmi hovoriacimi posiln\u00edte svoje porozumenie gramatike a z\u00e1rove\u0148 roz\u0161\u00edrite svoju slovn\u00fa z\u00e1sobu.<\/p>\n\n\n\n<h3 class=\"wp-block-heading\" id=\"h-conclusion\">Z\u00e1ver<\/h3>\n\n\n\n<p>Hoci sa baskick\u00e1 gramatika m\u00f4\u017ee zda\u0165 zlo\u017eit\u00e1, m\u00f4\u017eete sa sta\u0165 zdatn\u00fdmi v tomto kr\u00e1snom jazyku s odhodlan\u00edm, praxou a nad\u0161en\u00edm. Zameran\u00edm sa na z\u00e1kladn\u00e9 pravidl\u00e1 a zapojen\u00edm sa do jazyka v r\u00f4znych kontextoch si r\u00fdchlo zlep\u0161\u00edte <a href=\"https:\/\/talkpal.ai\/sk\/gramatika\/\">svoje baskick\u00e9 gramatick\u00e9 zru\u010dnosti<\/a>. Zorte (ve\u013ea \u0161\u0165astia) na svojej ceste za baskick\u00fdm jazykom a u\u017eite si odha\u013eovanie z\u00e1hadn\u00e9ho, ale podmaniv\u00e9ho sveta baskickej gramatiky!<\/p>\n<\/div><\/div>\n\r\n<section class=\"learnNavigationSection\">\r\n            \r\n        <a href=\"https:\/\/talkpal.ai\/sk\/naucte-sa-baskictinu\/\">\r\n            <div class=\"learnNavigationWrapper\">\r\n                <div class=\"learnNavigationContent\">\r\n                    <img decoding=\"async\" src=\"https:\/\/talkpal.ai\/wp-content\/uploads\/2025\/11\/Basque.png\" alt=\"Basque Flag\">\r\n                    <div>\r\n                        <h4>O baskickej v\u00fdu\u010dbe<\/h4>\r\n                        <p>Zistite v\u0161etko o baskickej gramatike.<\/p>\r\n                    <\/div>\r\n                <\/div>\r\n            <\/div>\r\n        <\/a>\r\n\r\n        \r\n        <a href=\"https:\/\/talkpal.ai\/sk\/baskicke-gramaticke-cvicenia\/\">\r\n            <div class=\"learnNavigationWrapper\">\r\n                <div class=\"learnNavigationContent\">\r\n                    <img decoding=\"async\" src=\"https:\/\/talkpal.ai\/wp-content\/uploads\/2025\/11\/Basque.png\" alt=\"Basque Flag\">\r\n                    <div>\r\n                        <h4>Cvi\u010denie z baskickej gramatiky<\/h4>\r\n                        <p>Precvi\u010dujte si baskick\u00fa gramatiku.<\/p>\r\n                    <\/div>\r\n                <\/div>\r\n            <\/div>\r\n        <\/a>\r\n\r\n            <\/section>\n<p><\/p>\n","protected":false},"excerpt":{"rendered":"<p>Navig\u00e1cia v zlo\u017eitosti baskickej gramatiky Baski\u010dtina, jazykov\u00fd izol\u00e1t s bohatou hist\u00f3riou a kult\u00farnym v\u00fdznamom, pon\u00faka vzru\u0161uj\u00faci jazykov\u00fd z\u00e1\u017eitok pre t\u00fdch, ktor\u00ed t\u00fa\u017eia presk\u00fama\u0165 jeho jedine\u010dn\u00fd gramatick\u00fd syst\u00e9m. Ke\u010f sa vyd\u00e1te do r\u00ed\u0161e baski\u010dtiny, obohat\u00edte nielen svoj jazykov\u00fd reperto\u00e1r, ale aj fascinuj\u00facu kult\u00farnu cestu. Aj ke\u010f sa baskick\u00e1 gramatika m\u00f4\u017ee na prv\u00fd poh\u013ead zda\u0165 komplikovan\u00e1, jej [&hellip;]<\/p>\n","protected":false},"author":20,"featured_media":0,"parent":0,"menu_order":0,"comment_status":"closed","ping_status":"closed","template":"LearningContentPage.php","meta":{"_acf_changed":false,"footnotes":""},"class_list":["post-1478409","page","type-page","status-publish","hentry"],"acf":[],"yoast_head":"<!-- This site is optimized with the Yoast SEO Premium plugin v27.2 (Yoast SEO v27.2) - https:\/\/yoast.com\/product\/yoast-seo-premium-wordpress\/ -->\n<title>Baskick\u00e1 gramatika - Talkpal<\/title>\n<meta name=\"description\" content=\"Osvojte si baskick\u00fa gramatiku pomocou tejto pr\u00edru\u010dky, ktor\u00e1 obsahuje abecedu, fonetiku, p\u00e1dov\u00e9 pr\u00edpony a pravidl\u00e1 \u010dasovania slovies.\" \/>\n<meta name=\"robots\" content=\"index, follow, max-snippet:-1, max-image-preview:large, max-video-preview:-1\" \/>\n<link rel=\"canonical\" href=\"https:\/\/talkpal.ai\/sk\/baskicka-gramatika\/\" \/>\n<meta property=\"og:locale\" content=\"sk_SK\" \/>\n<meta property=\"og:type\" content=\"article\" \/>\n<meta property=\"og:title\" content=\"Baskick\u00e1 gramatika\" \/>\n<meta property=\"og:description\" content=\"Navig\u00e1cia v zlo\u017eitosti baskickej gramatiky Baski\u010dtina, jazykov\u00fd izol\u00e1t s bohatou hist\u00f3riou a kult\u00farnym v\u00fdznamom, pon\u00faka vzru\u0161uj\u00faci jazykov\u00fd z\u00e1\u017eitok pre\" \/>\n<meta property=\"og:url\" content=\"https:\/\/talkpal.ai\/sk\/baskicka-gramatika\/\" \/>\n<meta property=\"og:site_name\" content=\"Talkpal\" \/>\n<meta property=\"article:publisher\" content=\"https:\/\/www.facebook.com\/profile.php?id=100090733639311\" \/>\n<meta property=\"article:modified_time\" content=\"2025-12-30T15:32:21+00:00\" \/>\n<meta property=\"og:image\" content=\"https:\/\/talkpal.ai\/wp-content\/uploads\/2025\/02\/Progress-tab-16_9.png\" \/>\n\t<meta property=\"og:image:width\" content=\"2880\" \/>\n\t<meta property=\"og:image:height\" content=\"1620\" \/>\n\t<meta property=\"og:image:type\" content=\"image\/png\" \/>\n<meta name=\"twitter:card\" content=\"summary_large_image\" \/>\n<meta name=\"twitter:site\" content=\"@talkpalai\" \/>\n<meta name=\"twitter:label1\" content=\"Predpokladan\u00fd \u010das \u010d\u00edtania\" \/>\n\t<meta name=\"twitter:data1\" content=\"4 min\u00faty\" \/>\n<script type=\"application\/ld+json\" class=\"yoast-schema-graph\">{\"@context\":\"https:\/\/schema.org\",\"@graph\":[{\"@type\":\"WebPage\",\"@id\":\"https:\/\/talkpal.ai\/sk\/baskicka-gramatika\/\",\"url\":\"https:\/\/talkpal.ai\/sk\/baskicka-gramatika\/\",\"name\":\"Baskick\u00e1 gramatika - Talkpal\",\"isPartOf\":{\"@id\":\"https:\/\/talkpal.ai\/sk\/#website\"},\"datePublished\":\"2025-11-11T15:33:17+00:00\",\"dateModified\":\"2025-12-30T15:32:21+00:00\",\"description\":\"Osvojte si baskick\u00fa gramatiku pomocou tejto pr\u00edru\u010dky, ktor\u00e1 obsahuje abecedu, fonetiku, p\u00e1dov\u00e9 pr\u00edpony a pravidl\u00e1 \u010dasovania slovies.\",\"breadcrumb\":{\"@id\":\"https:\/\/talkpal.ai\/sk\/baskicka-gramatika\/#breadcrumb\"},\"inLanguage\":\"sk-SK\",\"potentialAction\":[{\"@type\":\"ReadAction\",\"target\":[\"https:\/\/talkpal.ai\/sk\/baskicka-gramatika\/\"]}]},{\"@type\":\"BreadcrumbList\",\"@id\":\"https:\/\/talkpal.ai\/sk\/baskicka-gramatika\/#breadcrumb\",\"itemListElement\":[{\"@type\":\"ListItem\",\"position\":1,\"name\":\"Homepage\",\"item\":\"https:\/\/talkpal.ai\/sk\/\"},{\"@type\":\"ListItem\",\"position\":2,\"name\":\"Baskick\u00e1 gramatika\"}]},{\"@type\":\"WebSite\",\"@id\":\"https:\/\/talkpal.ai\/sk\/#website\",\"url\":\"https:\/\/talkpal.ai\/sk\/\",\"name\":\"Talkpal\",\"description\":\"AI Language Learning\",\"publisher\":{\"@id\":\"https:\/\/talkpal.ai\/sk\/#organization\"},\"alternateName\":\"Talkpal AI\",\"potentialAction\":[{\"@type\":\"SearchAction\",\"target\":{\"@type\":\"EntryPoint\",\"urlTemplate\":\"https:\/\/talkpal.ai\/sk\/?s={search_term_string}\"},\"query-input\":{\"@type\":\"PropertyValueSpecification\",\"valueRequired\":true,\"valueName\":\"search_term_string\"}}],\"inLanguage\":\"sk-SK\"},{\"@type\":\"Organization\",\"@id\":\"https:\/\/talkpal.ai\/sk\/#organization\",\"name\":\"Talkpal, Inc.\",\"alternateName\":\"Talkpal AI\",\"url\":\"https:\/\/talkpal.ai\/sk\/\",\"logo\":{\"@type\":\"ImageObject\",\"inLanguage\":\"sk-SK\",\"@id\":\"https:\/\/talkpal.ai\/sk\/#\/schema\/logo\/image\/\",\"url\":\"https:\/\/talkpal.ai\/wp-content\/uploads\/2024\/03\/Talkpal-Logo-Icon.png\",\"contentUrl\":\"https:\/\/talkpal.ai\/wp-content\/uploads\/2024\/03\/Talkpal-Logo-Icon.png\",\"width\":2880,\"height\":2880,\"caption\":\"Talkpal, Inc.\"},\"image\":{\"@id\":\"https:\/\/talkpal.ai\/sk\/#\/schema\/logo\/image\/\"},\"sameAs\":[\"https:\/\/www.facebook.com\/profile.php?id=100090733639311\",\"https:\/\/x.com\/talkpalai\",\"https:\/\/www.linkedin.com\/company\/talkpal\/\",\"https:\/\/www.youtube.com\/@TalkPal\/\",\"https:\/\/www.tiktok.com\/@talkpal\",\"https:\/\/www.instagram.com\/talkpal_ai\/\",\"https:\/\/www.crunchbase.com\/organization\/talkpal-9cde\",\"https:\/\/www.g2.com\/products\/talkpal-for-business\/\",\"https:\/\/www.trustpilot.com\/review\/talkpal.ai\",\"https:\/\/www.capterra.com\/p\/10006800\/TalkPal\/\"],\"description\":\"Talkpal is a language learning web and mobile education app, powered by the latest AI technologies, that provides engaging experiences to its customers in many different languages to help them improve their language skills. Users can chat about unlimited amount of topics with the app and use other modes to practice their language learning.\",\"email\":\"support@talkpal.ai\",\"legalName\":\"Talkpal, Inc.\",\"foundingDate\":\"2023-04-03\",\"duns\":\"118989042\",\"numberOfEmployees\":{\"@type\":\"QuantitativeValue\",\"minValue\":\"11\",\"maxValue\":\"50\"},\"publishingPrinciples\":\"https:\/\/talkpal.ai\/publishing-principles\/\",\"actionableFeedbackPolicy\":\"https:\/\/talkpal.ai\/actionable-feedback-policy\/\",\"correctionsPolicy\":\"https:\/\/talkpal.ai\/corrections-policy\/\",\"ethicsPolicy\":\"https:\/\/talkpal.ai\/ethics-policy\/\",\"diversityPolicy\":\"https:\/\/talkpal.ai\/diversity-policy\/\",\"diversityStaffingReport\":\"https:\/\/talkpal.ai\/diversity-policy\/\"}]}<\/script>\n<!-- \/ Yoast SEO Premium plugin. -->","yoast_head_json":{"title":"Baskick\u00e1 gramatika - Talkpal","description":"Osvojte si baskick\u00fa gramatiku pomocou tejto pr\u00edru\u010dky, ktor\u00e1 obsahuje abecedu, fonetiku, p\u00e1dov\u00e9 pr\u00edpony a pravidl\u00e1 \u010dasovania slovies.","robots":{"index":"index","follow":"follow","max-snippet":"max-snippet:-1","max-image-preview":"max-image-preview:large","max-video-preview":"max-video-preview:-1"},"canonical":"https:\/\/talkpal.ai\/sk\/baskicka-gramatika\/","og_locale":"sk_SK","og_type":"article","og_title":"Baskick\u00e1 gramatika","og_description":"Navig\u00e1cia v zlo\u017eitosti baskickej gramatiky Baski\u010dtina, jazykov\u00fd izol\u00e1t s bohatou hist\u00f3riou a kult\u00farnym v\u00fdznamom, pon\u00faka vzru\u0161uj\u00faci jazykov\u00fd z\u00e1\u017eitok pre","og_url":"https:\/\/talkpal.ai\/sk\/baskicka-gramatika\/","og_site_name":"Talkpal","article_publisher":"https:\/\/www.facebook.com\/profile.php?id=100090733639311","article_modified_time":"2025-12-30T15:32:21+00:00","og_image":[{"width":2880,"height":1620,"url":"https:\/\/talkpal.ai\/wp-content\/uploads\/2025\/02\/Progress-tab-16_9.png","type":"image\/png"}],"twitter_card":"summary_large_image","twitter_site":"@talkpalai","twitter_misc":{"Predpokladan\u00fd \u010das \u010d\u00edtania":"4 min\u00faty"},"schema":{"@context":"https:\/\/schema.org","@graph":[{"@type":"WebPage","@id":"https:\/\/talkpal.ai\/sk\/baskicka-gramatika\/","url":"https:\/\/talkpal.ai\/sk\/baskicka-gramatika\/","name":"Baskick\u00e1 gramatika - Talkpal","isPartOf":{"@id":"https:\/\/talkpal.ai\/sk\/#website"},"datePublished":"2025-11-11T15:33:17+00:00","dateModified":"2025-12-30T15:32:21+00:00","description":"Osvojte si baskick\u00fa gramatiku pomocou tejto pr\u00edru\u010dky, ktor\u00e1 obsahuje abecedu, fonetiku, p\u00e1dov\u00e9 pr\u00edpony a pravidl\u00e1 \u010dasovania slovies.","breadcrumb":{"@id":"https:\/\/talkpal.ai\/sk\/baskicka-gramatika\/#breadcrumb"},"inLanguage":"sk-SK","potentialAction":[{"@type":"ReadAction","target":["https:\/\/talkpal.ai\/sk\/baskicka-gramatika\/"]}]},{"@type":"BreadcrumbList","@id":"https:\/\/talkpal.ai\/sk\/baskicka-gramatika\/#breadcrumb","itemListElement":[{"@type":"ListItem","position":1,"name":"Homepage","item":"https:\/\/talkpal.ai\/sk\/"},{"@type":"ListItem","position":2,"name":"Baskick\u00e1 gramatika"}]},{"@type":"WebSite","@id":"https:\/\/talkpal.ai\/sk\/#website","url":"https:\/\/talkpal.ai\/sk\/","name":"Talkpal","description":"AI Language Learning","publisher":{"@id":"https:\/\/talkpal.ai\/sk\/#organization"},"alternateName":"Talkpal AI","potentialAction":[{"@type":"SearchAction","target":{"@type":"EntryPoint","urlTemplate":"https:\/\/talkpal.ai\/sk\/?s={search_term_string}"},"query-input":{"@type":"PropertyValueSpecification","valueRequired":true,"valueName":"search_term_string"}}],"inLanguage":"sk-SK"},{"@type":"Organization","@id":"https:\/\/talkpal.ai\/sk\/#organization","name":"Talkpal, Inc.","alternateName":"Talkpal AI","url":"https:\/\/talkpal.ai\/sk\/","logo":{"@type":"ImageObject","inLanguage":"sk-SK","@id":"https:\/\/talkpal.ai\/sk\/#\/schema\/logo\/image\/","url":"https:\/\/talkpal.ai\/wp-content\/uploads\/2024\/03\/Talkpal-Logo-Icon.png","contentUrl":"https:\/\/talkpal.ai\/wp-content\/uploads\/2024\/03\/Talkpal-Logo-Icon.png","width":2880,"height":2880,"caption":"Talkpal, Inc."},"image":{"@id":"https:\/\/talkpal.ai\/sk\/#\/schema\/logo\/image\/"},"sameAs":["https:\/\/www.facebook.com\/profile.php?id=100090733639311","https:\/\/x.com\/talkpalai","https:\/\/www.linkedin.com\/company\/talkpal\/","https:\/\/www.youtube.com\/@TalkPal\/","https:\/\/www.tiktok.com\/@talkpal","https:\/\/www.instagram.com\/talkpal_ai\/","https:\/\/www.crunchbase.com\/organization\/talkpal-9cde","https:\/\/www.g2.com\/products\/talkpal-for-business\/","https:\/\/www.trustpilot.com\/review\/talkpal.ai","https:\/\/www.capterra.com\/p\/10006800\/TalkPal\/"],"description":"Talkpal is a language learning web and mobile education app, powered by the latest AI technologies, that provides engaging experiences to its customers in many different languages to help them improve their language skills. Users can chat about unlimited amount of topics with the app and use other modes to practice their language learning.","email":"support@talkpal.ai","legalName":"Talkpal, Inc.","foundingDate":"2023-04-03","duns":"118989042","numberOfEmployees":{"@type":"QuantitativeValue","minValue":"11","maxValue":"50"},"publishingPrinciples":"https:\/\/talkpal.ai\/publishing-principles\/","actionableFeedbackPolicy":"https:\/\/talkpal.ai\/actionable-feedback-policy\/","correctionsPolicy":"https:\/\/talkpal.ai\/corrections-policy\/","ethicsPolicy":"https:\/\/talkpal.ai\/ethics-policy\/","diversityPolicy":"https:\/\/talkpal.ai\/diversity-policy\/","diversityStaffingReport":"https:\/\/talkpal.ai\/diversity-policy\/"}]}},"_links":{"self":[{"href":"https:\/\/talkpal.ai\/sk\/wp-json\/wp\/v2\/pages\/1478409","targetHints":{"allow":["GET"]}}],"collection":[{"href":"https:\/\/talkpal.ai\/sk\/wp-json\/wp\/v2\/pages"}],"about":[{"href":"https:\/\/talkpal.ai\/sk\/wp-json\/wp\/v2\/types\/page"}],"author":[{"embeddable":true,"href":"https:\/\/talkpal.ai\/sk\/wp-json\/wp\/v2\/users\/20"}],"replies":[{"embeddable":true,"href":"https:\/\/talkpal.ai\/sk\/wp-json\/wp\/v2\/comments?post=1478409"}],"version-history":[{"count":0,"href":"https:\/\/talkpal.ai\/sk\/wp-json\/wp\/v2\/pages\/1478409\/revisions"}],"wp:attachment":[{"href":"https:\/\/talkpal.ai\/sk\/wp-json\/wp\/v2\/media?parent=1478409"}],"curies":[{"name":"wp","href":"https:\/\/api.w.org\/{rel}","templated":true}]}}