{"id":1478365,"date":"2025-11-11T15:06:48","date_gmt":"2025-11-11T15:06:48","guid":{"rendered":"https:\/\/talkpal.ai\/cvicenia-z-asamskej-gramatiky\/"},"modified":"2025-12-30T15:22:54","modified_gmt":"2025-12-30T15:22:54","slug":"cvicenia-z-asamskej-gramatiky","status":"publish","type":"page","link":"https:\/\/talkpal.ai\/sk\/cvicenia-z-asamskej-gramatiky\/","title":{"rendered":"Cvi\u010denia z \u00e1s\u00e1mskej gramatiky"},"content":{"rendered":"\r\n\r\n\r\n<section class=\"languageChallengeSection\">\r\n    <div class=\"languageInfoWrapper\">\r\n        \r\n        <h1>Cvi\u010denia z \u00e1s\u00e1mskej gramatiky<\/h1>\r\n        <p>Ste pripraven\u00ed ponori\u0165 sa do \u00e1s\u00e1mskej gramatiky? Precvi\u010denie nieko\u013ek\u00fdch z\u00e1kladov v\u00e1m pom\u00f4\u017ee pohodlne ovl\u00e1da\u0165 tento jedine\u010dn\u00fd a kr\u00e1sny jazyk. Vysk\u00fa\u0161ajte tieto cvi\u010denia, aby ste si vybudovali sebad\u00f4veru a zabavili sa pri tom!<\/p>\r\n\r\n                            <a class=\"getStartedHidden\" href=\"https:\/\/app.talkpal.ai\/sk\/signup?lng=\">Za\u010dni<\/a>\r\n        \r\n    <\/div>\r\n\r\n    <figure>\r\n    <img decoding=\"async\" width=\"768\" height=\"768\" src=\"https:\/\/talkpal.ai\/wp-content\/uploads\/2023\/06\/welsh-768x768.png\" class=\"languageImage no-lazy\" alt=\"Language learning for better cognitive abilities\" fetchpriority=\"high\" sizes=\"(max-width: 768px) 150px, 768px\" srcset=\"https:\/\/talkpal.ai\/wp-content\/uploads\/2023\/06\/welsh-768x768.png 768w, https:\/\/talkpal.ai\/wp-content\/uploads\/2023\/06\/welsh-300x300.png 300w\" \/>\r\n    \r\n\r\n    <\/figure>\r\n\r\n            <a class=\"getStartedVisible\" href=\"https:\/\/app.talkpal.ai\/sk\/signup?lng=\">Za\u010dni<\/a>\r\n    \r\n<\/section><section class=\"promotionalBanner\">\r\n    <p class=\"promotionalText\">Najefekt\u00edvnej\u0161\u00ed sp\u00f4sob, ako sa nau\u010di\u0165 jazyk<\/p>\r\n    <a class=\"promotionalLink\" href=\"https:\/\/app.talkpal.ai\/sk\/signup?lng=\">Vysk\u00fa\u0161ajte Talkpal zadarmo<\/a>\r\n<\/section>\n<div class=\"wp-block-group pageContainerStyle\"><div class=\"wp-block-group__inner-container is-layout-constrained wp-block-group-is-layout-constrained\">\n<h2 class=\"wp-block-heading\" id=\"h-assamese-grammar-topics\">T\u00e9my \u00e1s\u00e1mskej gramatiky<\/h2>\n\n\n\n<p><a href=\"https:\/\/talkpal.ai\/sk\/najvacsie-chyby-ktorych-sa-treba-vyvarovat-pri-uceni-sa-noveho-jazyka\/\">Nau\u010di\u0165 sa nov\u00fd jazyk<\/a> m\u00f4\u017ee by\u0165 n\u00e1ro\u010dn\u00e9, ale obohacuj\u00face \u00fasilie. \u00c1s\u00e1m\u010dina, indo\u00e1rijsk\u00fd jazyk, ktor\u00fdm sa hovor\u00ed hlavne v Assame a susedn\u00fdch regi\u00f3noch, nie je v\u00fdnimkou. V\u010faka svojim charakteristick\u00fdm vlastnostiam a \u0161trukt\u00faram <a href=\"https:\/\/talkpal.ai\/sk\/talkpal-pre-vzdelavanie\/\">\u0165a\u017e\u00ed u\u010denie<\/a> \u00e1s\u00e1m\u010diny zo systematick\u00e9ho pr\u00edstupu k pochopeniu jeho gramatiky. T\u00e1to pr\u00edru\u010dka na\u010drt\u00e1va k\u013e\u00fa\u010dov\u00e9 oblasti <a href=\"https:\/\/talkpal.ai\/sk\/asamska-gramatika\/\">\u00e1s\u00e1mskej gramatiky<\/a> v logickom porad\u00ed pre <a href=\"https:\/\/talkpal.ai\/sk\/chatbot-s-umelou-inteligenciou-na-ucenie-jazykov\/\">u\u010denie sa jazykov<\/a>, po\u010dn\u00fac z\u00e1kladmi, ako s\u00fa podstatn\u00e9 men\u00e1 a determinanty, a pokra\u010duj\u00fac k zlo\u017eitej\u0161\u00edm oblastiam, ako s\u00fa \u010dasy a kon\u0161trukcia viet.<\/p>\n\n\n\n<h3 class=\"wp-block-heading\" id=\"h-1-nouns\">1. Podstatn\u00e9 men\u00e1:<\/h3>\n\n\n\n<p>Za\u010dnite svoju cestu za \u00e1s\u00e1m\u010dinou u\u010den\u00edm sa podstatn\u00fdch mien. To zah\u0155\u0148a pochopenie be\u017en\u00fdch a vlastn\u00fdch mien, po\u010ditate\u013en\u00fdch a nespo\u010d\u00edtate\u013en\u00fdch podstatn\u00fdch mien, sp\u00f4sobu tvorby mno\u017en\u00e9ho \u010d\u00edsla a \u00falohy klasifik\u00e1torov \u010d\u00edsel. \u00c1s\u00e1m\u010dina nem\u00e1 gramatick\u00fd rod.<\/p>\n\n\n\n<h3 class=\"wp-block-heading\" id=\"h-2-articles\">2. \u010cl\u00e1nky:<\/h3>\n\n\n\n<p>\u00c1s\u00e1m\u010dina nepou\u017e\u00edva ur\u010dit\u00e9 alebo neur\u010dit\u00e9 \u010dleny ako <a href=\"https:\/\/talkpal.ai\/ai-english-speaking-practice\/\">angli\u010dtina<\/a>. Ur\u010ditos\u0165 a neur\u010ditos\u0165 sa vyjadruj\u00fa prostredn\u00edctvom kontextu, ukazovac\u00edch znakov a \u010d\u00edslovky jedna funguj\u00facej ako neur\u010dit\u00e1 zna\u010dka. Pochopenie t\u00fdchto vzorcov je pri kon\u0161trukcii viet k\u013e\u00fa\u010dov\u00e9.<\/p>\n\n\n\n<h3 class=\"wp-block-heading\" id=\"h-3-adjectives\">3. Pr\u00eddavn\u00e9 men\u00e1:<\/h3>\n\n\n\n<p>V \u00e1s\u00e1m\u010dine pr\u00eddavn\u00e9 men\u00e1 zvy\u010dajne predch\u00e1dzaj\u00fa podstatn\u00fdm men\u00e1m, ktor\u00e9 upravuj\u00fa. Nau\u010dte sa, ako sa pr\u00eddavn\u00e9 men\u00e1 pou\u017e\u00edvaj\u00fa v atrib\u00fatov\u00fdch a predikat\u00edvnych poz\u00edci\u00e1ch, \u017ee sa nezhoduj\u00fa s rodom a ako vytv\u00e1ra\u0165 komparat\u00edvy a superlat\u00edvy pomocou \u010dast\u00edc alebo perifrastick\u00fdch kon\u0161trukci\u00ed.<\/p>\n\n\n\n<h3 class=\"wp-block-heading\" id=\"h-4-pronouns-determiners\">4. Z\u00e1men\u00e1\/determin\u00e1tory:<\/h3>\n\n\n\n<p>Z\u00e1men\u00e1 a determinanty s\u00fa v \u00e1s\u00e1m\u010dine nevyhnutn\u00e9. \u0160tudujte osobn\u00e9, ukazovacie, opytovacie a privlast\u0148ovacie z\u00e1men\u00e1 vr\u00e1tane rozli\u0161ovania po\u010dtu a \u00farovn\u00ed form\u00e1lnosti alebo \u010destnosti. Nau\u010dte sa determin\u00e1tory mno\u017estva a pou\u017e\u00edvanie klasifik\u00e1torov s \u010d\u00edslicami.<\/p>\n\n\n\n<h3 class=\"wp-block-heading\" id=\"h-5-verbs\">5. Sloves\u00e1:<\/h3>\n\n\n\n<p>\u00c1s\u00e1mske sloves\u00e1 menia tvar pod\u013ea \u010dasu, aspektu, n\u00e1lady, osoby a niekedy aj \u010destnej \u00farovne. Za\u010dnite so z\u00e1kladn\u00fdmi pr\u00edtomn\u00fdmi tvarmi a postupne sk\u00famajte minulos\u0165 a bud\u00facnos\u0165 spolu s nekone\u010dn\u00fdmi tvarmi, ako s\u00fa pr\u00ed\u010dastia a slovesn\u00e9 podstatn\u00e9 men\u00e1.<\/p>\n\n\n\n<h3 class=\"wp-block-heading\" id=\"h-6-tenses\">6. \u010casy:<\/h3>\n\n\n\n<p>Po zvl\u00e1dnut\u00ed slovesn\u00fdch foriem sa ponorte hlb\u0161ie do \u00e1s\u00e1mskeho \u010dasu a aspektu. Pochopte, ako sa s\u00fa\u010dasnos\u0165, minulos\u0165 a bud\u00facnos\u0165 sp\u00e1jaj\u00fa s aspektmi, ako s\u00fa dokonal\u00e9 a progres\u00edvne, a ako sa pou\u017e\u00edvaj\u00fa v r\u00f4znych kontextoch.<\/p>\n\n\n\n<h3 class=\"wp-block-heading\" id=\"h-7-tense-comparison\">7. Nap\u00e4t\u00e9 porovnanie:<\/h3>\n\n\n\n<p>Porovn\u00e1vanie \u010dasov a aspektov v \u00e1s\u00e1m\u010dine pom\u00e1ha pochopi\u0165 postupnos\u0165 a nuansy udalost\u00ed. Porovnanie toho ist\u00e9ho slovesa naprie\u010d \u010dasmi a aspektmi poskytne jasnej\u0161ie pochopenie pou\u017eitia.<\/p>\n\n\n\n<h3 class=\"wp-block-heading\" id=\"h-8-progressive\">8. Progres\u00edvne:<\/h3>\n\n\n\n<p>Progres\u00edvny aspekt v \u00e1s\u00e1m\u010dine vyjadruje prebiehaj\u00face \u010diny. Be\u017ene sa tvor\u00ed pr\u00ed\u010dastiem slovesa spolu s pr\u00edslu\u0161n\u00fdmi tvarmi slovesa by\u0165.<\/p>\n\n\n\n<h3 class=\"wp-block-heading\" id=\"h-9-perfect-progressive\">9. Perfektne progres\u00edvne:<\/h3>\n\n\n\n<p>Tento aspekt vyjadruje \u010dinnosti, ktor\u00e9 prebiehali a\u017e do ur\u010dit\u00e9ho bodu. V \u00e1s\u00e1m\u010dine sa tvor\u00ed pomocou participi\u00e1lnych tvarov v kombin\u00e1cii s pomocn\u00fdmi tvarmi slovesa by\u0165 ozna\u010dova\u0165 kontinuitu a\u017e do referen\u010dn\u00e9ho \u010dasu.<\/p>\n\n\n\n<h3 class=\"wp-block-heading\" id=\"h-10-conditionals\">10. Podmienky:<\/h3>\n\n\n\n<p>Podmienen\u00e9 vyjadruj\u00fa hypotetick\u00e9 situ\u00e1cie a ich mo\u017en\u00e9 v\u00fdsledky. Nau\u010dte sa kondicion\u00e1lne kon\u0161trukcie pomocou spojiek, ako napr\u00edklad \u010di a ako r\u00f4zne \u010dasy a aspekty ovplyv\u0148uj\u00fa v\u00fdznam a zdvorilos\u0165.<\/p>\n\n\n\n<h3 class=\"wp-block-heading\" id=\"h-11-adverbs\">11. Pr\u00edslovky:<\/h3>\n\n\n\n<p>Pr\u00edslovky v \u00e1s\u00e1m\u010dine upravuj\u00fa sloves\u00e1, pr\u00eddavn\u00e9 men\u00e1 alebo in\u00e9 pr\u00edslovky. Mnoh\u00e9 pr\u00edslovkov\u00e9 v\u00fdznamy s\u00fa vyjadren\u00e9 aj prostredn\u00edctvom postpozi\u010dn\u00fdch fr\u00e1z. Poskytuj\u00fa inform\u00e1cie o sp\u00f4sobe, mieste, \u010dase, stupni a \u010fal\u0161ie.<\/p>\n\n\n\n<h3 class=\"wp-block-heading\" id=\"h-12-prepositions\">12. Predlo\u017eky:<\/h3>\n\n\n\n<p>\u00c1s\u00e1m\u010dina prim\u00e1rne pou\u017e\u00edva postpoz\u00edcie, ktor\u00e9 nasleduj\u00fa za podstatn\u00fdm menom, a nie za predlo\u017ekami. Tieto prvky sp\u00e1jaj\u00fa slov\u00e1 a fr\u00e1zy a vyjadruj\u00fa vz\u0165ahy \u010dasu, miesta, smeru, vlastn\u00edctva a \u010fal\u0161\u00edch.<\/p>\n\n\n\n<h3 class=\"wp-block-heading\" id=\"h-13-sentences\">13. Vety:<\/h3>\n\n\n\n<p>Nakoniec si precvi\u010dte kon\u0161trukciu viet. \u00c1s\u00e1m\u010dina sa zvy\u010dajne riadi porad\u00edm podmetu a objektu Sloveso, pou\u017e\u00edva postpoz\u00edcie a m\u00e1 nastaven\u00e9 vzory pre neg\u00e1ciu a d\u00f4raz. <a href=\"https:\/\/talkpal.ai\/es\/descargar-la-aplicacion-talkpal-para-android-e-ios\/\">Aplik\u00e1cia<\/a> v\u0161etk\u00fdch predt\u00fdm nau\u010den\u00fdch gramatick\u00fdch bodov v kontexte zabezpe\u010d\u00ed komplexn\u00e9 pochopenie \u00e1s\u00e1mskeho jazyka.<\/p>\n<\/div><\/div>\n\r\n<section class=\"learnNavigationSection\">\r\n            \r\n        <a href=\"https:\/\/talkpal.ai\/sk\/vyucba-asamciny\/\">\r\n            <div class=\"learnNavigationWrapper\">\r\n                <div class=\"learnNavigationContent\">\r\n                    <img decoding=\"async\" src=\"https:\/\/talkpal.ai\/wp-content\/uploads\/2025\/11\/Assamese.png\" alt=\"Indian Simplified Flag\">\r\n                    <div>\r\n                        <h4>Inform\u00e1cie o v\u00fdu\u010dbe \u00e1s\u00e1m\u010diny<\/h4>\r\n                        <p>Zistite v\u0161etko o \u00e1s\u00e1mskej gramatike.<\/p>\r\n                    <\/div>\r\n                <\/div>\r\n            <\/div>\r\n        <\/a>\r\n\r\n        \r\n        <a href=\"https:\/\/talkpal.ai\/sk\/asamska-gramatika\/\">\r\n            <div class=\"learnNavigationWrapper\">\r\n                <div class=\"learnNavigationContent\">\r\n                    <img decoding=\"async\" src=\"https:\/\/talkpal.ai\/wp-content\/uploads\/2025\/11\/Assamese.png\" alt=\"Indian Simplified Flag\">\r\n                    <div>\r\n                        <h4>Lekcie \u00e1s\u00e1mskej gramatiky<\/h4>\r\n                        <p>Precvi\u010dujte si \u00e1s\u00e1msku gramatiku.<\/p>\r\n                    <\/div>\r\n                <\/div>\r\n            <\/div>\r\n        <\/a>\r\n\r\n            <\/section>","protected":false},"excerpt":{"rendered":"<p>T\u00e9my \u00e1s\u00e1mskej gramatiky Nau\u010di\u0165 sa nov\u00fd jazyk m\u00f4\u017ee by\u0165 n\u00e1ro\u010dn\u00e9, ale obohacuj\u00face \u00fasilie. \u00c1s\u00e1m\u010dina, indo\u00e1rijsk\u00fd jazyk, ktor\u00fdm sa hovor\u00ed hlavne v Assame a susedn\u00fdch regi\u00f3noch, nie je v\u00fdnimkou. V\u010faka svojim charakteristick\u00fdm vlastnostiam a \u0161trukt\u00faram \u0165a\u017e\u00ed u\u010denie \u00e1s\u00e1m\u010diny zo systematick\u00e9ho pr\u00edstupu k pochopeniu jeho gramatiky. T\u00e1to pr\u00edru\u010dka na\u010drt\u00e1va k\u013e\u00fa\u010dov\u00e9 oblasti \u00e1s\u00e1mskej gramatiky v logickom porad\u00ed pre [&hellip;]<\/p>\n","protected":false},"author":20,"featured_media":0,"parent":0,"menu_order":0,"comment_status":"closed","ping_status":"closed","template":"LearningContentPage.php","meta":{"_acf_changed":false,"footnotes":""},"class_list":["post-1478365","page","type-page","status-publish","hentry"],"acf":[],"yoast_head":"<!-- This site is optimized with the Yoast SEO Premium plugin v27.2 (Yoast SEO v27.2) - https:\/\/yoast.com\/product\/yoast-seo-premium-wordpress\/ -->\n<title>Cvi\u010denia z \u00e1s\u00e1mskej gramatiky - Talkpal<\/title>\n<meta name=\"description\" content=\"Ovl\u00e1dnite as\u00e1msku gramatiku pomocou interakt\u00edvnych cvi\u010den\u00ed navrhnut\u00fdch tak, aby ste dnes efekt\u00edvne zv\u00fd\u0161ili svoje znalosti a jazykov\u00e9 zru\u010dnosti.\" \/>\n<meta name=\"robots\" content=\"index, follow, max-snippet:-1, max-image-preview:large, max-video-preview:-1\" \/>\n<link rel=\"canonical\" href=\"https:\/\/talkpal.ai\/sk\/cvicenia-z-asamskej-gramatiky\/\" \/>\n<meta property=\"og:locale\" content=\"sk_SK\" \/>\n<meta property=\"og:type\" content=\"article\" \/>\n<meta property=\"og:title\" content=\"Cvi\u010denia z \u00e1s\u00e1mskej gramatiky\" \/>\n<meta property=\"og:description\" content=\"T\u00e9my \u00e1s\u00e1mskej gramatiky Nau\u010di\u0165 sa nov\u00fd jazyk m\u00f4\u017ee by\u0165 n\u00e1ro\u010dn\u00e9, ale obohacuj\u00face \u00fasilie. \u00c1s\u00e1m\u010dina, indo\u00e1rijsk\u00fd jazyk, ktor\u00fdm sa hovor\u00ed hlavne v Assame a\" \/>\n<meta property=\"og:url\" content=\"https:\/\/talkpal.ai\/sk\/cvicenia-z-asamskej-gramatiky\/\" \/>\n<meta property=\"og:site_name\" content=\"Talkpal\" \/>\n<meta property=\"article:publisher\" content=\"https:\/\/www.facebook.com\/profile.php?id=100090733639311\" \/>\n<meta property=\"article:modified_time\" content=\"2025-12-30T15:22:54+00:00\" \/>\n<meta property=\"og:image\" content=\"https:\/\/talkpal.ai\/wp-content\/uploads\/2025\/02\/Progress-tab-16_9.png\" \/>\n\t<meta property=\"og:image:width\" content=\"2880\" \/>\n\t<meta property=\"og:image:height\" content=\"1620\" \/>\n\t<meta property=\"og:image:type\" content=\"image\/png\" \/>\n<meta name=\"twitter:card\" content=\"summary_large_image\" \/>\n<meta name=\"twitter:site\" content=\"@talkpalai\" \/>\n<meta name=\"twitter:label1\" content=\"Predpokladan\u00fd \u010das \u010d\u00edtania\" \/>\n\t<meta name=\"twitter:data1\" content=\"4 min\u00faty\" \/>\n<script type=\"application\/ld+json\" class=\"yoast-schema-graph\">{\"@context\":\"https:\/\/schema.org\",\"@graph\":[{\"@type\":\"WebPage\",\"@id\":\"https:\/\/talkpal.ai\/sk\/cvicenia-z-asamskej-gramatiky\/\",\"url\":\"https:\/\/talkpal.ai\/sk\/cvicenia-z-asamskej-gramatiky\/\",\"name\":\"Cvi\u010denia z \u00e1s\u00e1mskej gramatiky - Talkpal\",\"isPartOf\":{\"@id\":\"https:\/\/talkpal.ai\/sk\/#website\"},\"datePublished\":\"2025-11-11T15:06:48+00:00\",\"dateModified\":\"2025-12-30T15:22:54+00:00\",\"description\":\"Ovl\u00e1dnite as\u00e1msku gramatiku pomocou interakt\u00edvnych cvi\u010den\u00ed navrhnut\u00fdch tak, aby ste dnes efekt\u00edvne zv\u00fd\u0161ili svoje znalosti a jazykov\u00e9 zru\u010dnosti.\",\"breadcrumb\":{\"@id\":\"https:\/\/talkpal.ai\/sk\/cvicenia-z-asamskej-gramatiky\/#breadcrumb\"},\"inLanguage\":\"sk-SK\",\"potentialAction\":[{\"@type\":\"ReadAction\",\"target\":[\"https:\/\/talkpal.ai\/sk\/cvicenia-z-asamskej-gramatiky\/\"]}]},{\"@type\":\"BreadcrumbList\",\"@id\":\"https:\/\/talkpal.ai\/sk\/cvicenia-z-asamskej-gramatiky\/#breadcrumb\",\"itemListElement\":[{\"@type\":\"ListItem\",\"position\":1,\"name\":\"Homepage\",\"item\":\"https:\/\/talkpal.ai\/sk\/\"},{\"@type\":\"ListItem\",\"position\":2,\"name\":\"Cvi\u010denia z \u00e1s\u00e1mskej gramatiky\"}]},{\"@type\":\"WebSite\",\"@id\":\"https:\/\/talkpal.ai\/sk\/#website\",\"url\":\"https:\/\/talkpal.ai\/sk\/\",\"name\":\"Talkpal\",\"description\":\"AI Language Learning\",\"publisher\":{\"@id\":\"https:\/\/talkpal.ai\/sk\/#organization\"},\"alternateName\":\"Talkpal AI\",\"potentialAction\":[{\"@type\":\"SearchAction\",\"target\":{\"@type\":\"EntryPoint\",\"urlTemplate\":\"https:\/\/talkpal.ai\/sk\/?s={search_term_string}\"},\"query-input\":{\"@type\":\"PropertyValueSpecification\",\"valueRequired\":true,\"valueName\":\"search_term_string\"}}],\"inLanguage\":\"sk-SK\"},{\"@type\":\"Organization\",\"@id\":\"https:\/\/talkpal.ai\/sk\/#organization\",\"name\":\"Talkpal, Inc.\",\"alternateName\":\"Talkpal AI\",\"url\":\"https:\/\/talkpal.ai\/sk\/\",\"logo\":{\"@type\":\"ImageObject\",\"inLanguage\":\"sk-SK\",\"@id\":\"https:\/\/talkpal.ai\/sk\/#\/schema\/logo\/image\/\",\"url\":\"https:\/\/talkpal.ai\/wp-content\/uploads\/2024\/03\/Talkpal-Logo-Icon.png\",\"contentUrl\":\"https:\/\/talkpal.ai\/wp-content\/uploads\/2024\/03\/Talkpal-Logo-Icon.png\",\"width\":2880,\"height\":2880,\"caption\":\"Talkpal, Inc.\"},\"image\":{\"@id\":\"https:\/\/talkpal.ai\/sk\/#\/schema\/logo\/image\/\"},\"sameAs\":[\"https:\/\/www.facebook.com\/profile.php?id=100090733639311\",\"https:\/\/x.com\/talkpalai\",\"https:\/\/www.linkedin.com\/company\/talkpal\/\",\"https:\/\/www.youtube.com\/@TalkPal\/\",\"https:\/\/www.tiktok.com\/@talkpal\",\"https:\/\/www.instagram.com\/talkpal_ai\/\",\"https:\/\/www.crunchbase.com\/organization\/talkpal-9cde\",\"https:\/\/www.g2.com\/products\/talkpal-for-business\/\",\"https:\/\/www.trustpilot.com\/review\/talkpal.ai\",\"https:\/\/www.capterra.com\/p\/10006800\/TalkPal\/\"],\"description\":\"Talkpal is a language learning web and mobile education app, powered by the latest AI technologies, that provides engaging experiences to its customers in many different languages to help them improve their language skills. Users can chat about unlimited amount of topics with the app and use other modes to practice their language learning.\",\"email\":\"support@talkpal.ai\",\"legalName\":\"Talkpal, Inc.\",\"foundingDate\":\"2023-04-03\",\"duns\":\"118989042\",\"numberOfEmployees\":{\"@type\":\"QuantitativeValue\",\"minValue\":\"11\",\"maxValue\":\"50\"},\"publishingPrinciples\":\"https:\/\/talkpal.ai\/publishing-principles\/\",\"actionableFeedbackPolicy\":\"https:\/\/talkpal.ai\/actionable-feedback-policy\/\",\"correctionsPolicy\":\"https:\/\/talkpal.ai\/corrections-policy\/\",\"ethicsPolicy\":\"https:\/\/talkpal.ai\/ethics-policy\/\",\"diversityPolicy\":\"https:\/\/talkpal.ai\/diversity-policy\/\",\"diversityStaffingReport\":\"https:\/\/talkpal.ai\/diversity-policy\/\"}]}<\/script>\n<!-- \/ Yoast SEO Premium plugin. -->","yoast_head_json":{"title":"Cvi\u010denia z \u00e1s\u00e1mskej gramatiky - Talkpal","description":"Ovl\u00e1dnite as\u00e1msku gramatiku pomocou interakt\u00edvnych cvi\u010den\u00ed navrhnut\u00fdch tak, aby ste dnes efekt\u00edvne zv\u00fd\u0161ili svoje znalosti a jazykov\u00e9 zru\u010dnosti.","robots":{"index":"index","follow":"follow","max-snippet":"max-snippet:-1","max-image-preview":"max-image-preview:large","max-video-preview":"max-video-preview:-1"},"canonical":"https:\/\/talkpal.ai\/sk\/cvicenia-z-asamskej-gramatiky\/","og_locale":"sk_SK","og_type":"article","og_title":"Cvi\u010denia z \u00e1s\u00e1mskej gramatiky","og_description":"T\u00e9my \u00e1s\u00e1mskej gramatiky Nau\u010di\u0165 sa nov\u00fd jazyk m\u00f4\u017ee by\u0165 n\u00e1ro\u010dn\u00e9, ale obohacuj\u00face \u00fasilie. \u00c1s\u00e1m\u010dina, indo\u00e1rijsk\u00fd jazyk, ktor\u00fdm sa hovor\u00ed hlavne v Assame a","og_url":"https:\/\/talkpal.ai\/sk\/cvicenia-z-asamskej-gramatiky\/","og_site_name":"Talkpal","article_publisher":"https:\/\/www.facebook.com\/profile.php?id=100090733639311","article_modified_time":"2025-12-30T15:22:54+00:00","og_image":[{"width":2880,"height":1620,"url":"https:\/\/talkpal.ai\/wp-content\/uploads\/2025\/02\/Progress-tab-16_9.png","type":"image\/png"}],"twitter_card":"summary_large_image","twitter_site":"@talkpalai","twitter_misc":{"Predpokladan\u00fd \u010das \u010d\u00edtania":"4 min\u00faty"},"schema":{"@context":"https:\/\/schema.org","@graph":[{"@type":"WebPage","@id":"https:\/\/talkpal.ai\/sk\/cvicenia-z-asamskej-gramatiky\/","url":"https:\/\/talkpal.ai\/sk\/cvicenia-z-asamskej-gramatiky\/","name":"Cvi\u010denia z \u00e1s\u00e1mskej gramatiky - Talkpal","isPartOf":{"@id":"https:\/\/talkpal.ai\/sk\/#website"},"datePublished":"2025-11-11T15:06:48+00:00","dateModified":"2025-12-30T15:22:54+00:00","description":"Ovl\u00e1dnite as\u00e1msku gramatiku pomocou interakt\u00edvnych cvi\u010den\u00ed navrhnut\u00fdch tak, aby ste dnes efekt\u00edvne zv\u00fd\u0161ili svoje znalosti a jazykov\u00e9 zru\u010dnosti.","breadcrumb":{"@id":"https:\/\/talkpal.ai\/sk\/cvicenia-z-asamskej-gramatiky\/#breadcrumb"},"inLanguage":"sk-SK","potentialAction":[{"@type":"ReadAction","target":["https:\/\/talkpal.ai\/sk\/cvicenia-z-asamskej-gramatiky\/"]}]},{"@type":"BreadcrumbList","@id":"https:\/\/talkpal.ai\/sk\/cvicenia-z-asamskej-gramatiky\/#breadcrumb","itemListElement":[{"@type":"ListItem","position":1,"name":"Homepage","item":"https:\/\/talkpal.ai\/sk\/"},{"@type":"ListItem","position":2,"name":"Cvi\u010denia z \u00e1s\u00e1mskej gramatiky"}]},{"@type":"WebSite","@id":"https:\/\/talkpal.ai\/sk\/#website","url":"https:\/\/talkpal.ai\/sk\/","name":"Talkpal","description":"AI Language Learning","publisher":{"@id":"https:\/\/talkpal.ai\/sk\/#organization"},"alternateName":"Talkpal AI","potentialAction":[{"@type":"SearchAction","target":{"@type":"EntryPoint","urlTemplate":"https:\/\/talkpal.ai\/sk\/?s={search_term_string}"},"query-input":{"@type":"PropertyValueSpecification","valueRequired":true,"valueName":"search_term_string"}}],"inLanguage":"sk-SK"},{"@type":"Organization","@id":"https:\/\/talkpal.ai\/sk\/#organization","name":"Talkpal, Inc.","alternateName":"Talkpal AI","url":"https:\/\/talkpal.ai\/sk\/","logo":{"@type":"ImageObject","inLanguage":"sk-SK","@id":"https:\/\/talkpal.ai\/sk\/#\/schema\/logo\/image\/","url":"https:\/\/talkpal.ai\/wp-content\/uploads\/2024\/03\/Talkpal-Logo-Icon.png","contentUrl":"https:\/\/talkpal.ai\/wp-content\/uploads\/2024\/03\/Talkpal-Logo-Icon.png","width":2880,"height":2880,"caption":"Talkpal, Inc."},"image":{"@id":"https:\/\/talkpal.ai\/sk\/#\/schema\/logo\/image\/"},"sameAs":["https:\/\/www.facebook.com\/profile.php?id=100090733639311","https:\/\/x.com\/talkpalai","https:\/\/www.linkedin.com\/company\/talkpal\/","https:\/\/www.youtube.com\/@TalkPal\/","https:\/\/www.tiktok.com\/@talkpal","https:\/\/www.instagram.com\/talkpal_ai\/","https:\/\/www.crunchbase.com\/organization\/talkpal-9cde","https:\/\/www.g2.com\/products\/talkpal-for-business\/","https:\/\/www.trustpilot.com\/review\/talkpal.ai","https:\/\/www.capterra.com\/p\/10006800\/TalkPal\/"],"description":"Talkpal is a language learning web and mobile education app, powered by the latest AI technologies, that provides engaging experiences to its customers in many different languages to help them improve their language skills. Users can chat about unlimited amount of topics with the app and use other modes to practice their language learning.","email":"support@talkpal.ai","legalName":"Talkpal, Inc.","foundingDate":"2023-04-03","duns":"118989042","numberOfEmployees":{"@type":"QuantitativeValue","minValue":"11","maxValue":"50"},"publishingPrinciples":"https:\/\/talkpal.ai\/publishing-principles\/","actionableFeedbackPolicy":"https:\/\/talkpal.ai\/actionable-feedback-policy\/","correctionsPolicy":"https:\/\/talkpal.ai\/corrections-policy\/","ethicsPolicy":"https:\/\/talkpal.ai\/ethics-policy\/","diversityPolicy":"https:\/\/talkpal.ai\/diversity-policy\/","diversityStaffingReport":"https:\/\/talkpal.ai\/diversity-policy\/"}]}},"_links":{"self":[{"href":"https:\/\/talkpal.ai\/sk\/wp-json\/wp\/v2\/pages\/1478365","targetHints":{"allow":["GET"]}}],"collection":[{"href":"https:\/\/talkpal.ai\/sk\/wp-json\/wp\/v2\/pages"}],"about":[{"href":"https:\/\/talkpal.ai\/sk\/wp-json\/wp\/v2\/types\/page"}],"author":[{"embeddable":true,"href":"https:\/\/talkpal.ai\/sk\/wp-json\/wp\/v2\/users\/20"}],"replies":[{"embeddable":true,"href":"https:\/\/talkpal.ai\/sk\/wp-json\/wp\/v2\/comments?post=1478365"}],"version-history":[{"count":0,"href":"https:\/\/talkpal.ai\/sk\/wp-json\/wp\/v2\/pages\/1478365\/revisions"}],"wp:attachment":[{"href":"https:\/\/talkpal.ai\/sk\/wp-json\/wp\/v2\/media?parent=1478365"}],"curies":[{"name":"wp","href":"https:\/\/api.w.org\/{rel}","templated":true}]}}