{"id":1478340,"date":"2025-11-11T15:06:39","date_gmt":"2025-11-11T15:06:39","guid":{"rendered":"https:\/\/talkpal.ai\/asamska-gramatika\/"},"modified":"2025-12-30T15:41:11","modified_gmt":"2025-12-30T15:41:11","slug":"asamska-gramatika","status":"publish","type":"page","link":"https:\/\/talkpal.ai\/sk\/asamska-gramatika\/","title":{"rendered":"\u00c1s\u00e1mska gramatika"},"content":{"rendered":"\r\n\r\n\r\n<section class=\"languageChallengeSection\">\r\n    <div class=\"languageInfoWrapper\">\r\n        \r\n        <h1>\u00c1s\u00e1mska gramatika<\/h1>\r\n        <p>\u00c1s\u00e1mska <a href=\"https:\/\/talkpal.ai\/sq\/gramatika\/\">gramatika<\/a> sa m\u00f4\u017ee na prv\u00fd poh\u013ead zda\u0165 n\u00e1ro\u010dn\u00e1, ale v\u010faka jej jedine\u010dn\u00fdm vlastnostiam je <a href=\"https:\/\/talkpal.ai\/sk\/ucenie\/\">u\u010denie sa<\/a> jazyka obohacuj\u00facou sk\u00fasenos\u0165ou. Sk\u00faman\u00edm abecedy, mut\u00e1ci\u00ed a gramatick\u00fdch pravidiel z\u00edskate preh\u013ead o bohatej jazykovej trad\u00edcii. Za\u010dnite svoju cestu a objavte kr\u00e1sy \u00e1s\u00e1m\u010diny!<\/p>\r\n\r\n                            <a class=\"getStartedHidden\" href=\"https:\/\/app.talkpal.ai\/sk\/signup?lng=\">Za\u010dni<\/a>\r\n        \r\n    <\/div>\r\n\r\n    <figure>\r\n    <img decoding=\"async\" width=\"768\" height=\"768\" src=\"https:\/\/talkpal.ai\/wp-content\/uploads\/2023\/06\/welsh-768x768.png\" class=\"languageImage no-lazy\" alt=\"Language learning for better cognitive abilities\" fetchpriority=\"high\" sizes=\"(max-width: 768px) 150px, 768px\" srcset=\"https:\/\/talkpal.ai\/wp-content\/uploads\/2023\/06\/welsh-768x768.png 768w, https:\/\/talkpal.ai\/wp-content\/uploads\/2023\/06\/welsh-300x300.png 300w\" \/>\r\n    \r\n\r\n    <\/figure>\r\n\r\n            <a class=\"getStartedVisible\" href=\"https:\/\/app.talkpal.ai\/sk\/signup?lng=\">Za\u010dni<\/a>\r\n    \r\n<\/section><section class=\"promotionalBanner\">\r\n    <p class=\"promotionalText\">Najefekt\u00edvnej\u0161\u00ed sp\u00f4sob, ako sa nau\u010di\u0165 jazyk<\/p>\r\n    <a class=\"promotionalLink\" href=\"https:\/\/app.talkpal.ai\/sk\/signup?lng=\">Vysk\u00fa\u0161ajte Talkpal zadarmo<\/a>\r\n<\/section>\n<div class=\"wp-block-group pageContainerStyle\"><div class=\"wp-block-group__inner-container is-layout-constrained wp-block-group-is-layout-constrained\">\n<h2 class=\"wp-block-heading\" id=\"h-navigating-the-intricacies-of-assamese-grammar\">Navig\u00e1cia v zlo\u017eitosti \u00e1s\u00e1mskej gramatiky<\/h2>\n\n\n\n<p><a href=\"https:\/\/talkpal.ai\/sk\/vyucba-asamciny\/\">\u00c1s\u00e1m\u010dina<\/a>, indo\u00e1rijsk\u00fd jazyk s bohatou hist\u00f3riou a kult\u00farnym v\u00fdznamom, pon\u00faka vzru\u0161uj\u00faci jazykov\u00fd z\u00e1\u017eitok pre t\u00fdch, ktor\u00ed t\u00fa\u017eia presk\u00fama\u0165 jeho jedine\u010dn\u00fd gramatick\u00fd syst\u00e9m. Ke\u010f sa vyd\u00e1te do r\u00ed\u0161e \u00e1s\u00e1m\u010diny, nielen\u017ee obohat\u00edte svoj jazykov\u00fd reperto\u00e1r, ale aj prijmete fascinuj\u00facu kult\u00farnu cestu. Aj ke\u010f sa \u00e1s\u00e1mska gramatika m\u00f4\u017ee na prv\u00fd poh\u013ead zda\u0165 komplikovan\u00e1, jej rozdelenie na z\u00e1kladn\u00e9 zlo\u017eky rob\u00ed u\u010denie jazyka pr\u00edstupnej\u0161\u00edm. V tomto \u010dl\u00e1nku presk\u00famame podmaniv\u00fd svet \u00e1s\u00e1mskej gramatiky a poskytneme tipy, ako zvl\u00e1dnu\u0165 jej zlo\u017eitos\u0165.<\/p>\n\n\n\n<h3 class=\"wp-block-heading\" id=\"h-1-assamese-alphabet-and-phonetics\">1. \u00c1s\u00e1mska abeceda a fonetika<\/h3>\n\n\n\n<p>\u00c1s\u00e1msky syst\u00e9m p\u00edsma pou\u017e\u00edva v\u00fdchodn\u00e9 p\u00edsmo Nagari a zah\u0155\u0148a charakteristick\u00e9 znaky a zvukov\u00e9 hodnoty, ako napr\u00edklad \u09f0 ra a \u09f1 wa, ako aj zhluky spoluhl\u00e1sok a diakritiku samohl\u00e1sok. Ak sa chcete nau\u010di\u0165 \u00e1s\u00e1msku gramatiku, je d\u00f4le\u017eit\u00e9 zozn\u00e1mi\u0165 sa s t\u00fdmto p\u00edsmom a jeho fonetikou precvi\u010dovan\u00edm \u010d\u00edtania a p\u00edsania v \u00e1s\u00e1m\u010dine.<\/p>\n\n\n\n<h3 class=\"wp-block-heading\" id=\"h-2-sandhi-and-sound-changes-a-peculiar-assamese-feature\">2. Sandhi a zmeny zvuku: Zvl\u00e1\u0161tna \u00e1s\u00e1mska vlastnos\u0165<\/h3>\n\n\n\n<p>Pozoruhodn\u00fdm aspektom \u00e1s\u00e1m\u010diny je \u00faloha sandhi a fonologick\u00fdch altern\u00e1ci\u00ed, ku ktor\u00fdm doch\u00e1dza, ke\u010f sa slov\u00e1 sp\u00e1jaj\u00fa alebo ke\u010f sa prip\u00e1jaj\u00fa pr\u00edpony. Stretnete sa s procesmi ako <a href=\"https:\/\/talkpal.ai\/culture\/how-does-the-schwa-deletion-rule-affect-hindi-pronunciation\/\">schwa deletion<\/a> v hovorovej re\u010di, k\u013azav\u00e9 vkladanie medzi samohl\u00e1skami a striedav\u00e9 formy p\u00e1dov\u00fdch zna\u010diek a pr\u00edpon, napr\u00edklad -or alebo -ar pre genit\u00edv a -ok alebo -ak pre akuz\u00edv alebo dat\u00edv. Pochopenie toho, kedy a ako k t\u00fdmto zmen\u00e1m doch\u00e1dza, je nevyhnutn\u00e9 pre presn\u00fa a prirodzen\u00fa komunik\u00e1ciu v \u00e1s\u00e1m\u010dine.<\/p>\n\n\n\n<h3 class=\"wp-block-heading\" id=\"h-3-nouns-and-pronouns-number-classifiers-and-cases\">3. Podstatn\u00e9 men\u00e1 a z\u00e1men\u00e1: \u010d\u00edslo, klasifik\u00e1tory a p\u00e1dy<\/h3>\n\n\n\n<p>\u00c1s\u00e1mske podstatn\u00e9 men\u00e1 nemaj\u00fa gramatick\u00fd rod, ale \u010d\u00edslo a ur\u010ditos\u0165 sa vyjadruj\u00fa prostredn\u00edctvom zna\u010diek a klasifik\u00e1torov v mno\u017enom \u010d\u00edsle. Be\u017en\u00e9 zna\u010dky mno\u017en\u00e9ho \u010d\u00edsla zah\u0155\u0148aj\u00fa -bor a -bilak, zatia\u013e \u010do klasifik\u00e1tory ako -ta, -khon a -zoni s\u00fa \u010dast\u00e9 v podstatn\u00fdch men\u00e1ch s \u010d\u00edslovkami alebo ur\u010ditos\u0165ou. \u00c1s\u00e1m\u010dina pou\u017e\u00edva postpoz\u00edcie a p\u00e1dov\u00e9 zna\u010dky, vr\u00e1tane genit\u00edvu -or alebo -ar, akuz\u00edvu alebo dat\u00edvu -ok alebo -ak, lokat\u00edvu -at alebo -ot, in\u0161trument\u00e1lu alebo agent\u00edvu -e, ablat\u00edvu -pora a komitat\u00edvu logot. Z\u00e1men\u00e1 zah\u0155\u0148aj\u00fa osobn\u00e9 tvary ako moi I, toi alebo tumi alebo apuni u s r\u00f4znou \u00farov\u0148ou zn\u00e1mosti a zdvorilosti a se he alebo ona s mno\u017en\u00fdm \u010d\u00edslom ako <a href=\"https:\/\/talkpal.ai\/locations\/language-courses-in-ami\/\">ami<\/a> we a teolok they. Privlast\u0148ovacie tvary sa vytv\u00e1raj\u00fa s genit\u00edvom, ako napr\u00edklad mur my, tomar ur, apunar your civile, tar his alebo her. Reflex\u00edvne nij a nijeke, demon\u0161trat\u00edvne eita this a seita tamto a ot\u00e1zky ako kune who, ki what, kot where a ketiya when s\u00fa nevyhnutn\u00e9 na u\u010denie.<\/p>\n\n\n\n<h3 class=\"wp-block-heading\" id=\"h-4-verbs-structure-and-conjugation\">4. Sloves\u00e1: \u0161trukt\u00fara a \u010dasovanie<\/h3>\n\n\n\n<p>\u00c1s\u00e1mske sloves\u00e1 s\u00fa ozna\u010den\u00e9 pre \u010das, aspekt, n\u00e1ladu a polaritu, \u010dasto s pomocn\u00fdmi slovesami, a vykazuj\u00fa obmedzen\u00fa zhodu. Z\u00e1kladn\u00e9 \u010dasy s\u00fa pr\u00edtomn\u00e9, minul\u00e9 a bud\u00face, spolu s aspektmi ako progres\u00edvny a perfekt\u00edvny. Neg\u00e1cia zvy\u010dajne pou\u017e\u00edva na pred slovesom alebo pomocn\u00fdm a z\u00e1porn\u00e1 existenci\u00e1la je nai. Imperat\u00edvy sa l\u00ed\u0161ia pod\u013ea \u00farovne zdvorilosti, napr\u00edklad kor do, kora alebo korun polite. U\u010denie sa z\u00e1kladn\u00fdch konjuga\u010dn\u00fdch vzorcov a toho, ako pomocn\u00e9 l\u00e1tky vyjadruj\u00fa aspekt, v\u00fdrazne zlep\u0161\u00ed va\u0161u schopnos\u0165 efekt\u00edvne komunikova\u0165 v \u00e1s\u00e1m\u010dine.<\/p>\n\n\n\n<h3 class=\"wp-block-heading\" id=\"h-5-adjectives-agreement-and-placement\">5. Pr\u00eddavn\u00e9 men\u00e1: Zmluva a umiestnenie<\/h3>\n\n\n\n<p>n \u00c1s\u00e1mska gramatika, pr\u00eddavn\u00e9 men\u00e1 zvy\u010dajne predch\u00e1dzaj\u00fa podstatn\u00e9mu menu, ktor\u00e9 upravuj\u00fa, a nes\u00fahlasia s rodom alebo \u010d\u00edslom s podstatn\u00fdm menom. Stupne porovnania sa be\u017ene tvoria s pr\u00edslovkami a perifrastick\u00fdmi kon\u0161trukciami, napr\u00edklad pou\u017eit\u00edm besi pre viac a ve\u013emi zna\u010diek pre zd\u00f4raznenie. U\u010denie sa be\u017en\u00fdch vzorcov v\u00e1m pom\u00f4\u017ee znie\u0165 prirodzene v ka\u017edodennej re\u010di.  <\/p>\n\n\n\n<p><strong>Pr\u00edklady:<\/strong><\/p>\n\n\n\n<p><strong>\u2013 Dangor Morom (Ve\u013ek\u00e1 l\u00e1ska)<\/strong><\/p>\n\n\n\n<p><strong>\u2013 Xoru Sishu-bilak (mal\u00e9 deti)<\/strong><\/p>\n\n\n\n<h3 class=\"wp-block-heading\" id=\"h-6-engaging-with-the-language\">6. Zapojenie sa do jazyka<\/h3>\n\n\n\n<p>Naj\u00fa\u010dinnej\u0161\u00edm sp\u00f4sobom, ako plne pochopi\u0165 a osvoji\u0165 si \u00e1s\u00e1msku gramatiku, je d\u00f4sledne sa zap\u00e1ja\u0165 do jazyka. \u010c\u00edtan\u00edm \u00e1s\u00e1mskej literat\u00fary, sledovan\u00edm \u00e1s\u00e1mskych filmov alebo telev\u00edznych seri\u00e1lov, po\u010d\u00favan\u00edm \u00e1s\u00e1mskych spr\u00e1v alebo r\u00e1dia a akt\u00edvnou komunik\u00e1ciou s roden\u00fdmi hovoriacimi posiln\u00edte svoje porozumenie gramatike a z\u00e1rove\u0148 roz\u0161\u00edrite svoju slovn\u00fa z\u00e1sobu.<\/p>\n\n\n\n<h3 class=\"wp-block-heading\" id=\"h-conclusion\">Z\u00e1ver<\/h3>\n\n\n\n<p>Hoci sa v\u00e1m asamsk\u00e1 gramatika m\u00f4\u017ee zda\u0165 zlo\u017eit\u00e1, m\u00f4\u017eete sa sta\u0165 zdatn\u00fdmi v tomto kr\u00e1snom jazyku s odhodlan\u00edm, praxou a nad\u0161en\u00edm. Zameran\u00edm sa na z\u00e1kladn\u00e9 pravidl\u00e1 a zapojen\u00edm sa do jazyka v r\u00f4znych kontextoch r\u00fdchlo zlep\u0161\u00edte <a href=\"https:\/\/talkpal.ai\/sk\/gramatika\/\">svoje gramatick\u00e9 zru\u010dnosti<\/a> v \u00e1s\u00e1m\u010dine. Xubheccha (ve\u013ea \u0161\u0165astia) na va\u0161ej ceste za \u00e1s\u00e1m\u010dinou a u\u017eite si odha\u013eovanie bohat\u00e9ho a podmaniv\u00e9ho sveta \u00e1s\u00e1mskej gramatiky!<\/p>\n<\/div><\/div>\n\r\n<section class=\"learnNavigationSection\">\r\n            \r\n        <a href=\"https:\/\/talkpal.ai\/sk\/vyucba-asamciny\/\">\r\n            <div class=\"learnNavigationWrapper\">\r\n                <div class=\"learnNavigationContent\">\r\n                    <img decoding=\"async\" src=\"https:\/\/talkpal.ai\/wp-content\/uploads\/2025\/11\/Assamese.png\" alt=\"Indian Simplified Flag\">\r\n                    <div>\r\n                        <h4>Inform\u00e1cie o v\u00fdu\u010dbe \u00e1s\u00e1m\u010diny<\/h4>\r\n                        <p>Zistite v\u0161etko o \u00e1s\u00e1mskej gramatike.<\/p>\r\n                    <\/div>\r\n                <\/div>\r\n            <\/div>\r\n        <\/a>\r\n\r\n        \r\n        <a href=\"https:\/\/talkpal.ai\/sk\/cvicenia-z-asamskej-gramatiky\/\">\r\n            <div class=\"learnNavigationWrapper\">\r\n                <div class=\"learnNavigationContent\">\r\n                    <img decoding=\"async\" src=\"https:\/\/talkpal.ai\/wp-content\/uploads\/2025\/11\/Assamese.png\" alt=\"Indian Simplified Flag\">\r\n                    <div>\r\n                        <h4>Cvi\u010denie z \u00e1s\u00e1mskej gramatiky<\/h4>\r\n                        <p>Precvi\u010dujte si \u00e1s\u00e1msku gramatiku.<\/p>\r\n                    <\/div>\r\n                <\/div>\r\n            <\/div>\r\n        <\/a>\r\n\r\n            <\/section>","protected":false},"excerpt":{"rendered":"<p>Navig\u00e1cia v zlo\u017eitosti \u00e1s\u00e1mskej gramatiky \u00c1s\u00e1m\u010dina, indo\u00e1rijsk\u00fd jazyk s bohatou hist\u00f3riou a kult\u00farnym v\u00fdznamom, pon\u00faka vzru\u0161uj\u00faci jazykov\u00fd z\u00e1\u017eitok pre t\u00fdch, ktor\u00ed t\u00fa\u017eia presk\u00fama\u0165 jeho jedine\u010dn\u00fd gramatick\u00fd syst\u00e9m. Ke\u010f sa vyd\u00e1te do r\u00ed\u0161e \u00e1s\u00e1m\u010diny, nielen\u017ee obohat\u00edte svoj jazykov\u00fd reperto\u00e1r, ale aj prijmete fascinuj\u00facu kult\u00farnu cestu. Aj ke\u010f sa \u00e1s\u00e1mska gramatika m\u00f4\u017ee na prv\u00fd poh\u013ead zda\u0165 komplikovan\u00e1, [&hellip;]<\/p>\n","protected":false},"author":20,"featured_media":0,"parent":0,"menu_order":0,"comment_status":"closed","ping_status":"closed","template":"LearningContentPage.php","meta":{"_acf_changed":false,"footnotes":""},"class_list":["post-1478340","page","type-page","status-publish","hentry"],"acf":[],"yoast_head":"<!-- This site is optimized with the Yoast SEO Premium plugin v27.2 (Yoast SEO v27.2) - https:\/\/yoast.com\/product\/yoast-seo-premium-wordpress\/ -->\n<title>\u00c1s\u00e1mska gramatika - Talkpal<\/title>\n<meta name=\"description\" content=\"Zvl\u00e1dnite zlo\u017eitosti asamskej gramatiky s Talkpal AI, aby ste zv\u00fd\u0161ili svoju \u00farove\u0148 a hovorili s absol\u00fatnou istotou e\u0161te dnes.\" \/>\n<meta name=\"robots\" content=\"index, follow, max-snippet:-1, max-image-preview:large, max-video-preview:-1\" \/>\n<link rel=\"canonical\" href=\"https:\/\/talkpal.ai\/sk\/asamska-gramatika\/\" \/>\n<meta property=\"og:locale\" content=\"sk_SK\" \/>\n<meta property=\"og:type\" content=\"article\" \/>\n<meta property=\"og:title\" content=\"\u00c1s\u00e1mska gramatika\" \/>\n<meta property=\"og:description\" content=\"Navig\u00e1cia v zlo\u017eitosti \u00e1s\u00e1mskej gramatiky \u00c1s\u00e1m\u010dina, indo\u00e1rijsk\u00fd jazyk s bohatou hist\u00f3riou a kult\u00farnym v\u00fdznamom, pon\u00faka vzru\u0161uj\u00faci jazykov\u00fd z\u00e1\u017eitok pre\" \/>\n<meta property=\"og:url\" content=\"https:\/\/talkpal.ai\/sk\/asamska-gramatika\/\" \/>\n<meta property=\"og:site_name\" content=\"Talkpal\" \/>\n<meta property=\"article:publisher\" content=\"https:\/\/www.facebook.com\/profile.php?id=100090733639311\" \/>\n<meta property=\"article:modified_time\" content=\"2025-12-30T15:41:11+00:00\" \/>\n<meta property=\"og:image\" content=\"https:\/\/talkpal.ai\/wp-content\/uploads\/2025\/02\/Progress-tab-16_9.png\" \/>\n\t<meta property=\"og:image:width\" content=\"2880\" \/>\n\t<meta property=\"og:image:height\" content=\"1620\" \/>\n\t<meta property=\"og:image:type\" content=\"image\/png\" \/>\n<meta name=\"twitter:card\" content=\"summary_large_image\" \/>\n<meta name=\"twitter:site\" content=\"@talkpalai\" \/>\n<meta name=\"twitter:label1\" content=\"Predpokladan\u00fd \u010das \u010d\u00edtania\" \/>\n\t<meta name=\"twitter:data1\" content=\"4 min\u00faty\" \/>\n<script type=\"application\/ld+json\" class=\"yoast-schema-graph\">{\"@context\":\"https:\/\/schema.org\",\"@graph\":[{\"@type\":\"WebPage\",\"@id\":\"https:\/\/talkpal.ai\/sk\/asamska-gramatika\/\",\"url\":\"https:\/\/talkpal.ai\/sk\/asamska-gramatika\/\",\"name\":\"\u00c1s\u00e1mska gramatika - Talkpal\",\"isPartOf\":{\"@id\":\"https:\/\/talkpal.ai\/sk\/#website\"},\"datePublished\":\"2025-11-11T15:06:39+00:00\",\"dateModified\":\"2025-12-30T15:41:11+00:00\",\"description\":\"Zvl\u00e1dnite zlo\u017eitosti asamskej gramatiky s Talkpal AI, aby ste zv\u00fd\u0161ili svoju \u00farove\u0148 a hovorili s absol\u00fatnou istotou e\u0161te dnes.\",\"breadcrumb\":{\"@id\":\"https:\/\/talkpal.ai\/sk\/asamska-gramatika\/#breadcrumb\"},\"inLanguage\":\"sk-SK\",\"potentialAction\":[{\"@type\":\"ReadAction\",\"target\":[\"https:\/\/talkpal.ai\/sk\/asamska-gramatika\/\"]}]},{\"@type\":\"BreadcrumbList\",\"@id\":\"https:\/\/talkpal.ai\/sk\/asamska-gramatika\/#breadcrumb\",\"itemListElement\":[{\"@type\":\"ListItem\",\"position\":1,\"name\":\"Homepage\",\"item\":\"https:\/\/talkpal.ai\/sk\/\"},{\"@type\":\"ListItem\",\"position\":2,\"name\":\"\u00c1s\u00e1mska gramatika\"}]},{\"@type\":\"WebSite\",\"@id\":\"https:\/\/talkpal.ai\/sk\/#website\",\"url\":\"https:\/\/talkpal.ai\/sk\/\",\"name\":\"Talkpal\",\"description\":\"AI Language Learning\",\"publisher\":{\"@id\":\"https:\/\/talkpal.ai\/sk\/#organization\"},\"alternateName\":\"Talkpal AI\",\"potentialAction\":[{\"@type\":\"SearchAction\",\"target\":{\"@type\":\"EntryPoint\",\"urlTemplate\":\"https:\/\/talkpal.ai\/sk\/?s={search_term_string}\"},\"query-input\":{\"@type\":\"PropertyValueSpecification\",\"valueRequired\":true,\"valueName\":\"search_term_string\"}}],\"inLanguage\":\"sk-SK\"},{\"@type\":\"Organization\",\"@id\":\"https:\/\/talkpal.ai\/sk\/#organization\",\"name\":\"Talkpal, Inc.\",\"alternateName\":\"Talkpal AI\",\"url\":\"https:\/\/talkpal.ai\/sk\/\",\"logo\":{\"@type\":\"ImageObject\",\"inLanguage\":\"sk-SK\",\"@id\":\"https:\/\/talkpal.ai\/sk\/#\/schema\/logo\/image\/\",\"url\":\"https:\/\/talkpal.ai\/wp-content\/uploads\/2024\/03\/Talkpal-Logo-Icon.png\",\"contentUrl\":\"https:\/\/talkpal.ai\/wp-content\/uploads\/2024\/03\/Talkpal-Logo-Icon.png\",\"width\":2880,\"height\":2880,\"caption\":\"Talkpal, Inc.\"},\"image\":{\"@id\":\"https:\/\/talkpal.ai\/sk\/#\/schema\/logo\/image\/\"},\"sameAs\":[\"https:\/\/www.facebook.com\/profile.php?id=100090733639311\",\"https:\/\/x.com\/talkpalai\",\"https:\/\/www.linkedin.com\/company\/talkpal\/\",\"https:\/\/www.youtube.com\/@TalkPal\/\",\"https:\/\/www.tiktok.com\/@talkpal\",\"https:\/\/www.instagram.com\/talkpal_ai\/\",\"https:\/\/www.crunchbase.com\/organization\/talkpal-9cde\",\"https:\/\/www.g2.com\/products\/talkpal-for-business\/\",\"https:\/\/www.trustpilot.com\/review\/talkpal.ai\",\"https:\/\/www.capterra.com\/p\/10006800\/TalkPal\/\"],\"description\":\"Talkpal is a language learning web and mobile education app, powered by the latest AI technologies, that provides engaging experiences to its customers in many different languages to help them improve their language skills. Users can chat about unlimited amount of topics with the app and use other modes to practice their language learning.\",\"email\":\"support@talkpal.ai\",\"legalName\":\"Talkpal, Inc.\",\"foundingDate\":\"2023-04-03\",\"duns\":\"118989042\",\"numberOfEmployees\":{\"@type\":\"QuantitativeValue\",\"minValue\":\"11\",\"maxValue\":\"50\"},\"publishingPrinciples\":\"https:\/\/talkpal.ai\/publishing-principles\/\",\"actionableFeedbackPolicy\":\"https:\/\/talkpal.ai\/actionable-feedback-policy\/\",\"correctionsPolicy\":\"https:\/\/talkpal.ai\/corrections-policy\/\",\"ethicsPolicy\":\"https:\/\/talkpal.ai\/ethics-policy\/\",\"diversityPolicy\":\"https:\/\/talkpal.ai\/diversity-policy\/\",\"diversityStaffingReport\":\"https:\/\/talkpal.ai\/diversity-policy\/\"}]}<\/script>\n<!-- \/ Yoast SEO Premium plugin. -->","yoast_head_json":{"title":"\u00c1s\u00e1mska gramatika - Talkpal","description":"Zvl\u00e1dnite zlo\u017eitosti asamskej gramatiky s Talkpal AI, aby ste zv\u00fd\u0161ili svoju \u00farove\u0148 a hovorili s absol\u00fatnou istotou e\u0161te dnes.","robots":{"index":"index","follow":"follow","max-snippet":"max-snippet:-1","max-image-preview":"max-image-preview:large","max-video-preview":"max-video-preview:-1"},"canonical":"https:\/\/talkpal.ai\/sk\/asamska-gramatika\/","og_locale":"sk_SK","og_type":"article","og_title":"\u00c1s\u00e1mska gramatika","og_description":"Navig\u00e1cia v zlo\u017eitosti \u00e1s\u00e1mskej gramatiky \u00c1s\u00e1m\u010dina, indo\u00e1rijsk\u00fd jazyk s bohatou hist\u00f3riou a kult\u00farnym v\u00fdznamom, pon\u00faka vzru\u0161uj\u00faci jazykov\u00fd z\u00e1\u017eitok pre","og_url":"https:\/\/talkpal.ai\/sk\/asamska-gramatika\/","og_site_name":"Talkpal","article_publisher":"https:\/\/www.facebook.com\/profile.php?id=100090733639311","article_modified_time":"2025-12-30T15:41:11+00:00","og_image":[{"width":2880,"height":1620,"url":"https:\/\/talkpal.ai\/wp-content\/uploads\/2025\/02\/Progress-tab-16_9.png","type":"image\/png"}],"twitter_card":"summary_large_image","twitter_site":"@talkpalai","twitter_misc":{"Predpokladan\u00fd \u010das \u010d\u00edtania":"4 min\u00faty"},"schema":{"@context":"https:\/\/schema.org","@graph":[{"@type":"WebPage","@id":"https:\/\/talkpal.ai\/sk\/asamska-gramatika\/","url":"https:\/\/talkpal.ai\/sk\/asamska-gramatika\/","name":"\u00c1s\u00e1mska gramatika - Talkpal","isPartOf":{"@id":"https:\/\/talkpal.ai\/sk\/#website"},"datePublished":"2025-11-11T15:06:39+00:00","dateModified":"2025-12-30T15:41:11+00:00","description":"Zvl\u00e1dnite zlo\u017eitosti asamskej gramatiky s Talkpal AI, aby ste zv\u00fd\u0161ili svoju \u00farove\u0148 a hovorili s absol\u00fatnou istotou e\u0161te dnes.","breadcrumb":{"@id":"https:\/\/talkpal.ai\/sk\/asamska-gramatika\/#breadcrumb"},"inLanguage":"sk-SK","potentialAction":[{"@type":"ReadAction","target":["https:\/\/talkpal.ai\/sk\/asamska-gramatika\/"]}]},{"@type":"BreadcrumbList","@id":"https:\/\/talkpal.ai\/sk\/asamska-gramatika\/#breadcrumb","itemListElement":[{"@type":"ListItem","position":1,"name":"Homepage","item":"https:\/\/talkpal.ai\/sk\/"},{"@type":"ListItem","position":2,"name":"\u00c1s\u00e1mska gramatika"}]},{"@type":"WebSite","@id":"https:\/\/talkpal.ai\/sk\/#website","url":"https:\/\/talkpal.ai\/sk\/","name":"Talkpal","description":"AI Language Learning","publisher":{"@id":"https:\/\/talkpal.ai\/sk\/#organization"},"alternateName":"Talkpal AI","potentialAction":[{"@type":"SearchAction","target":{"@type":"EntryPoint","urlTemplate":"https:\/\/talkpal.ai\/sk\/?s={search_term_string}"},"query-input":{"@type":"PropertyValueSpecification","valueRequired":true,"valueName":"search_term_string"}}],"inLanguage":"sk-SK"},{"@type":"Organization","@id":"https:\/\/talkpal.ai\/sk\/#organization","name":"Talkpal, Inc.","alternateName":"Talkpal AI","url":"https:\/\/talkpal.ai\/sk\/","logo":{"@type":"ImageObject","inLanguage":"sk-SK","@id":"https:\/\/talkpal.ai\/sk\/#\/schema\/logo\/image\/","url":"https:\/\/talkpal.ai\/wp-content\/uploads\/2024\/03\/Talkpal-Logo-Icon.png","contentUrl":"https:\/\/talkpal.ai\/wp-content\/uploads\/2024\/03\/Talkpal-Logo-Icon.png","width":2880,"height":2880,"caption":"Talkpal, Inc."},"image":{"@id":"https:\/\/talkpal.ai\/sk\/#\/schema\/logo\/image\/"},"sameAs":["https:\/\/www.facebook.com\/profile.php?id=100090733639311","https:\/\/x.com\/talkpalai","https:\/\/www.linkedin.com\/company\/talkpal\/","https:\/\/www.youtube.com\/@TalkPal\/","https:\/\/www.tiktok.com\/@talkpal","https:\/\/www.instagram.com\/talkpal_ai\/","https:\/\/www.crunchbase.com\/organization\/talkpal-9cde","https:\/\/www.g2.com\/products\/talkpal-for-business\/","https:\/\/www.trustpilot.com\/review\/talkpal.ai","https:\/\/www.capterra.com\/p\/10006800\/TalkPal\/"],"description":"Talkpal is a language learning web and mobile education app, powered by the latest AI technologies, that provides engaging experiences to its customers in many different languages to help them improve their language skills. Users can chat about unlimited amount of topics with the app and use other modes to practice their language learning.","email":"support@talkpal.ai","legalName":"Talkpal, Inc.","foundingDate":"2023-04-03","duns":"118989042","numberOfEmployees":{"@type":"QuantitativeValue","minValue":"11","maxValue":"50"},"publishingPrinciples":"https:\/\/talkpal.ai\/publishing-principles\/","actionableFeedbackPolicy":"https:\/\/talkpal.ai\/actionable-feedback-policy\/","correctionsPolicy":"https:\/\/talkpal.ai\/corrections-policy\/","ethicsPolicy":"https:\/\/talkpal.ai\/ethics-policy\/","diversityPolicy":"https:\/\/talkpal.ai\/diversity-policy\/","diversityStaffingReport":"https:\/\/talkpal.ai\/diversity-policy\/"}]}},"_links":{"self":[{"href":"https:\/\/talkpal.ai\/sk\/wp-json\/wp\/v2\/pages\/1478340","targetHints":{"allow":["GET"]}}],"collection":[{"href":"https:\/\/talkpal.ai\/sk\/wp-json\/wp\/v2\/pages"}],"about":[{"href":"https:\/\/talkpal.ai\/sk\/wp-json\/wp\/v2\/types\/page"}],"author":[{"embeddable":true,"href":"https:\/\/talkpal.ai\/sk\/wp-json\/wp\/v2\/users\/20"}],"replies":[{"embeddable":true,"href":"https:\/\/talkpal.ai\/sk\/wp-json\/wp\/v2\/comments?post=1478340"}],"version-history":[{"count":0,"href":"https:\/\/talkpal.ai\/sk\/wp-json\/wp\/v2\/pages\/1478340\/revisions"}],"wp:attachment":[{"href":"https:\/\/talkpal.ai\/sk\/wp-json\/wp\/v2\/media?parent=1478340"}],"curies":[{"name":"wp","href":"https:\/\/api.w.org\/{rel}","templated":true}]}}