{"id":1478329,"date":"2025-11-11T12:32:58","date_gmt":"2025-11-11T12:32:58","guid":{"rendered":"https:\/\/talkpal.ai\/albanske-gramaticke-cvicenia\/"},"modified":"2025-12-30T15:38:54","modified_gmt":"2025-12-30T15:38:54","slug":"albanske-gramaticke-cvicenia","status":"publish","type":"page","link":"https:\/\/talkpal.ai\/sk\/albanske-gramaticke-cvicenia\/","title":{"rendered":"Alb\u00e1nske gramatick\u00e9 cvi\u010denia"},"content":{"rendered":"\r\n\r\n\r\n<section class=\"languageChallengeSection\">\r\n    <div class=\"languageInfoWrapper\">\r\n        \r\n        <h1>Alb\u00e1nske gramatick\u00e9 cvi\u010denia<\/h1>\r\n        <p>Ste pripraven\u00ed ponori\u0165 sa do alb\u00e1nskej gramatiky? Precvi\u010denie nieko\u013ek\u00fdch z\u00e1kladov v\u00e1m pom\u00f4\u017ee pohodlne ovl\u00e1da\u0165 tento jedine\u010dn\u00fd a kr\u00e1sny jazyk. Vysk\u00fa\u0161ajte tieto cvi\u010denia, aby ste si vybudovali sebad\u00f4veru a zabavili sa pri tom!<\/p>\r\n\r\n                            <a class=\"getStartedHidden\" href=\"https:\/\/app.talkpal.ai\/sk\/signup?lng=\">Za\u010dni<\/a>\r\n        \r\n    <\/div>\r\n\r\n    <figure>\r\n    <img decoding=\"async\" width=\"768\" height=\"768\" src=\"https:\/\/talkpal.ai\/wp-content\/uploads\/2023\/06\/welsh-768x768.png\" class=\"languageImage no-lazy\" alt=\"Language learning for better cognitive abilities\" fetchpriority=\"high\" sizes=\"(max-width: 768px) 150px, 768px\" srcset=\"https:\/\/talkpal.ai\/wp-content\/uploads\/2023\/06\/welsh-768x768.png 768w, https:\/\/talkpal.ai\/wp-content\/uploads\/2023\/06\/welsh-300x300.png 300w\" \/>\r\n    \r\n\r\n    <\/figure>\r\n\r\n            <a class=\"getStartedVisible\" href=\"https:\/\/app.talkpal.ai\/sk\/signup?lng=\">Za\u010dni<\/a>\r\n    \r\n<\/section><section class=\"promotionalBanner\">\r\n    <p class=\"promotionalText\">Najefekt\u00edvnej\u0161\u00ed sp\u00f4sob, ako sa nau\u010di\u0165 jazyk<\/p>\r\n    <a class=\"promotionalLink\" href=\"https:\/\/app.talkpal.ai\/sk\/signup?lng=\">Vysk\u00fa\u0161ajte Talkpal zadarmo<\/a>\r\n<\/section>\n<div class=\"wp-block-group pageContainerStyle\"><div class=\"wp-block-group__inner-container is-layout-constrained wp-block-group-is-layout-constrained\">\n<h2 class=\"wp-block-heading\" id=\"h-albanian-grammar-topics\">Alb\u00e1nske gramatick\u00e9 t\u00e9my<\/h2>\n\n\n\n<p><a href=\"https:\/\/talkpal.ai\/sk\/najvacsie-chyby-ktorych-sa-treba-vyvarovat-pri-uceni-sa-noveho-jazyka\/\">Nau\u010di\u0165 sa nov\u00fd jazyk<\/a> m\u00f4\u017ee by\u0165 n\u00e1ro\u010dn\u00e9, ale obohacuj\u00face \u00fasilie. <a href=\"https:\/\/talkpal.ai\/learn-albanian\/\">Alb\u00e1n\u010dina<\/a>, indoeur\u00f3psky jazyk, ktor\u00fdm sa hovor\u00ed najm\u00e4 v Alb\u00e1nsku, nie je v\u00fdnimkou. V\u010faka svojim jedine\u010dn\u00fdm vlastnostiam a \u0161trukt\u00faram <a href=\"https:\/\/talkpal.ai\/sk\/talkpal-pre-vzdelavanie\/\">si u\u010denie<\/a> alb\u00e1nskeho jazyka vy\u017eaduje systematick\u00fd pr\u00edstup k pochopeniu jeho bohatej gramatiky. T\u00e1to pr\u00edru\u010dka na\u010drt\u00e1va k\u013e\u00fa\u010dov\u00e9 oblasti <a href=\"https:\/\/talkpal.ai\/sk\/albanska-gramatika\/\">alb\u00e1nskej gramatiky<\/a> v logickom porad\u00ed pre <a href=\"https:\/\/talkpal.ai\/sk\/chatbot-s-umelou-inteligenciou-na-ucenie-jazykov\/\">u\u010denie sa jazykov<\/a>, po\u010dn\u00fac z\u00e1kladmi, ako s\u00fa podstatn\u00e9 men\u00e1 a \u010dleny, a pokra\u010duj\u00fac zlo\u017eitej\u0161\u00edmi oblas\u0165ami, ako s\u00fa \u010dasy a kon\u0161trukcia viet.<\/p>\n\n\n\n<h3 class=\"wp-block-heading\" id=\"h-1-nouns\">1. Podstatn\u00e9 men\u00e1:<\/h3>\n\n\n\n<p>Za\u010dnite svoju cestu alb\u00e1nskym jazykom u\u010den\u00edm sa podstatn\u00fdch mien. To zah\u0155\u0148a pochopenie rodu a \u010d\u00edsla, be\u017en\u00fdch a vlastn\u00fdch podstatn\u00fdch mien a ich tvarov mno\u017en\u00e9ho \u010d\u00edsla. Alb\u00e1nske podstatn\u00e9 men\u00e1 sa tie\u017e sklo\u0148uj\u00fa pre p\u00e1d a maj\u00fa neur\u010dit\u00e9 aj ur\u010dit\u00e9 tvary, pri\u010dom ur\u010ditos\u0165 je \u010dasto ozna\u010den\u00e1 pr\u00edponou pripojenou k podstatn\u00e9mu menu.<\/p>\n\n\n\n<h3 class=\"wp-block-heading\" id=\"h-2-articles\">2. \u010cl\u00e1nky:<\/h3>\n\n\n\n<p>\u010cl\u00e1nky v alb\u00e1n\u010dine funguj\u00fa inak ako <a href=\"https:\/\/talkpal.ai\/ai-english-speaking-practice\/\">v angli\u010dtine<\/a>. Ur\u010dit\u00fd \u010dlen je zvy\u010dajne pr\u00edpona pridan\u00e1 k podstatn\u00e9mu menu, zatia\u013e \u010do neur\u010dit\u00fd \u010dlen je samostatn\u00e9 slovo nj\u00eb v jednotnom \u010d\u00edsle. Alb\u00e1n\u010dina tie\u017e pou\u017e\u00edva odkazuj\u00faci \u010dlen pred pr\u00eddavn\u00fdmi menami a v ur\u010dit\u00fdch genit\u00edvnych kon\u0161trukci\u00e1ch, ktor\u00e9 sa zhoduj\u00fa v rode a po\u010dte.<\/p>\n\n\n\n<h3 class=\"wp-block-heading\" id=\"h-3-adjectives\">3. Pr\u00eddavn\u00e9 men\u00e1:<\/h3>\n\n\n\n<p>Pr\u00eddavn\u00e9 men\u00e1 v alb\u00e1n\u010dine zvy\u010dajne nasleduj\u00fa za podstatn\u00fdmi menami. S\u00fahlas je vyjadren\u00fd prostredn\u00edctvom spojovacieho \u010dl\u00e1nku umiestnen\u00e9ho pred pr\u00eddavn\u00fdm menom, ktor\u00fd odr\u00e1\u017ea rod, \u010d\u00edslo a p\u00e1d podstatn\u00e9ho mena. Nau\u010dte sa vytv\u00e1ra\u0165 komparat\u00edvy a superlat\u00edvy, be\u017ene s m\u00eb pre komparat\u00edvny a ur\u010dit\u00fd tvar pre superlat\u00edv.<\/p>\n\n\n\n<h3 class=\"wp-block-heading\" id=\"h-4-pronouns-determiners\">4. Z\u00e1men\u00e1\/determin\u00e1tory:<\/h3>\n\n\n\n<p>Z\u00e1men\u00e1 a determinanty s\u00fa v alb\u00e1n\u010dine nevyhnutn\u00e9; nahr\u00e1dzaj\u00fa podstatn\u00e9 men\u00e1 a poskytuj\u00fa inform\u00e1cie o osobe, vlastn\u00edctve, mno\u017estve a \u010fal\u0161\u00edch. Venujte osobitn\u00fa pozornos\u0165 z\u00e1men\u00e1m klitick\u00e9ho predmetu, ktor\u00e9 sa \u010dasto vyskytuj\u00fa pred slovesom, a privlast\u0148ovac\u00edm determin\u00e1torom, ktor\u00e9 s\u00fahlasia s podstatn\u00fdm menom, ktor\u00e9 upravuj\u00fa.<\/p>\n\n\n\n<h3 class=\"wp-block-heading\" id=\"h-5-verbs\">5. Sloves\u00e1:<\/h3>\n\n\n\n<p>Alb\u00e1nske sloves\u00e1 menia tvar osoby a \u010d\u00edsla a pou\u017e\u00edvaj\u00fa sa v nieko\u013ek\u00fdch n\u00e1lad\u00e1ch, ako je indikat\u00edv, konjunkt\u00edv, rozkazovac\u00ed sp\u00f4sob, podmie\u0148ovac\u00ed a obdivn\u00fd. Za\u010dnite pr\u00edtomn\u00fdm \u010dasom a spolo\u010dn\u00fdmi minul\u00fdmi formami, potom sa roz\u0161\u00edrte na \u010fal\u0161ie n\u00e1lady a hlasy vr\u00e1tane pas\u00edvnych form\u00e1ci\u00ed.<\/p>\n\n\n\n<h3 class=\"wp-block-heading\" id=\"h-6-tenses\">6. \u010casy:<\/h3>\n\n\n\n<p>Po zvl\u00e1dnut\u00ed slovesn\u00fdch foriem sa ponorte hlb\u0161ie do alb\u00e1nskych \u010dasov. K\u013e\u00fa\u010dov\u00e9 \u010dasy zah\u0155\u0148aj\u00fa pr\u00edtomn\u00fd, imperfekt\u00edvny, aorist, pr\u00edtomn\u00fd perfekt\u00edvny, pluperfekt\u00edvny a bud\u00faci tvar. Zistite, ako sa jednotliv\u00e9 \u010dasy pou\u017e\u00edvaj\u00fa v kontexte na vyjadrenie dokon\u010den\u00fdch akci\u00ed, prebiehaj\u00facich minul\u00fdch akci\u00ed a bud\u00facich udalost\u00ed.<\/p>\n\n\n\n<h3 class=\"wp-block-heading\" id=\"h-7-tense-comparison\">7. Nap\u00e4t\u00e9 porovnanie:<\/h3>\n\n\n\n<p>Porovn\u00e1vanie \u010dasov v alb\u00e1n\u010dine pom\u00e1ha pochopi\u0165 postupnos\u0165 a aspekt udalost\u00ed. Porovnajte aorist s pr\u00edtomn\u00fdm dokonal\u00fdm a imperfekt s aoristom, aby ste videli, ako alb\u00e1n\u010dina rozli\u0161uje jednotliv\u00e9 dokon\u010den\u00e9 \u010diny, prebiehaj\u00face minul\u00e9 \u010diny a s\u00fa\u010dasn\u00fd v\u00fdznam.<\/p>\n\n\n\n<h3 class=\"wp-block-heading\" id=\"h-8-progressive\">8. Progres\u00edvne:<\/h3>\n\n\n\n<p>Progres\u00edvny aspekt v alb\u00e1n\u010dine sa be\u017ene vyjadruje \u010dasticou po pred kone\u010dn\u00fdm slovesom alebo \u0161trukt\u00farou jam duke, za ktorou nasleduje slovesn\u00e9 podstatn\u00e9 meno alebo pr\u00ed\u010dastie. Pou\u017eite ich na vyjadrenie prebiehaj\u00facich \u010dinov v s\u00fa\u010dasnosti alebo minulosti.<\/p>\n\n\n\n<h3 class=\"wp-block-heading\" id=\"h-9-perfect-progressive\">9. Perfektne progres\u00edvne:<\/h3>\n\n\n\n<p>Tento aspekt sa pou\u017e\u00edva na vyjadrenie akci\u00ed, ktor\u00e9 prebiehali a\u017e do ur\u010dit\u00e9ho bodu. V alb\u00e1n\u010dine sa tvor\u00ed s kam qen\u00eb duke, za ktor\u00fdm nasleduje pr\u00ed\u010dastie pre pr\u00edtomn\u00fd dokonav\u00fd a kisha qen\u00eb duke pre minul\u00fd dokonav\u00fd progres\u00edvny.<\/p>\n\n\n\n<h3 class=\"wp-block-heading\" id=\"h-10-conditionals\">10. Podmienky:<\/h3>\n\n\n\n<p>Podmienen\u00e9 vyjadruj\u00fa hypotetick\u00e9 situ\u00e1cie a ich mo\u017en\u00e9 v\u00fdsledky. Alb\u00e1n\u010dina pou\u017e\u00edva tvary s do t\u00eb plus pr\u00edslu\u0161n\u00fd tvar slovesa pre potenci\u00e1lne alebo nere\u00e1lne situ\u00e1cie a if-vety zaveden\u00e9 n\u00ebse alebo po t\u00eb. Ich zvl\u00e1dnutie dod\u00e1 va\u0161im jazykov\u00fdm schopnostiam nuansy.<\/p>\n\n\n\n<h3 class=\"wp-block-heading\" id=\"h-11-adverbs\">11. Pr\u00edslovky:<\/h3>\n\n\n\n<p>Pr\u00edslovky v alb\u00e1n\u010dine upravuj\u00fa sloves\u00e1, pr\u00eddavn\u00e9 men\u00e1 alebo in\u00e9 pr\u00edslovky. Poskytuj\u00fa inform\u00e1cie o sp\u00f4sobe, mieste, \u010dase, stupni a \u010fal\u0161\u00edch, \u010dasto pou\u017e\u00edvaj\u00fa tvary identick\u00e9 s pr\u00eddavn\u00fdmi menami alebo pevn\u00fdmi pr\u00edslovkami ako tani, dje, k\u00ebtu a atje.<\/p>\n\n\n\n<h3 class=\"wp-block-heading\" id=\"h-12-prepositions\">12. Predlo\u017eky:<\/h3>\n\n\n\n<p>Predlo\u017eky sp\u00e1jaj\u00fa slov\u00e1 a fr\u00e1zy dohromady. Vyjadruj\u00fa vz\u0165ahy \u010dasu, miesta, smeru a \u010fal\u0161\u00edch, pri\u010dom pou\u017e\u00edvaj\u00fa be\u017en\u00e9 polo\u017eky ako n\u00eb, te, tek, me, pa, p\u00ebr, nga, mbi, n\u00ebn, para a pas. Zistite, ako sa kombinuj\u00fa s p\u00e1dmi a odkazuj\u00facim \u010dl\u00e1nkom v podstatn\u00fdch men\u00e1ch.<\/p>\n\n\n\n<h3 class=\"wp-block-heading\" id=\"h-13-sentences\">13. Vety:<\/h3>\n\n\n\n<p>Nakoniec si precvi\u010dte kon\u0161trukciu viet. Alb\u00e1n\u010dina m\u00e1 zvy\u010dajne flexibiln\u00fd slovosled so spolo\u010dn\u00fdm vzorom SVO, pou\u017e\u00edva klitick\u00e9 z\u00e1men\u00e1 pred slovesom, neguje nuk a vytv\u00e1ra ot\u00e1zky inton\u00e1ciou alebo a. Pou\u017eitie v\u0161etk\u00fdch predt\u00fdm nau\u010den\u00fdch gramatick\u00fdch bodov v kontexte zabezpe\u010d\u00ed komplexn\u00e9 pochopenie alb\u00e1nskeho jazyka.<\/p>\n<\/div><\/div>\n\r\n<section class=\"learnNavigationSection\">\r\n            \r\n        <a href=\"https:\/\/talkpal.ai\/sk\/ucte-sa-albansky\/\">\r\n            <div class=\"learnNavigationWrapper\">\r\n                <div class=\"learnNavigationContent\">\r\n                    <img decoding=\"async\" src=\"https:\/\/talkpal.ai\/wp-content\/uploads\/2025\/11\/Albanian.png\" alt=\"Albanian Flag\">\r\n                    <div>\r\n                        <h4>O v\u00fdu\u010dbe alb\u00e1nskeho jazyka<\/h4>\r\n                        <p>Zistite v\u0161etko o alb\u00e1nskej gramatike.<\/p>\r\n                    <\/div>\r\n                <\/div>\r\n            <\/div>\r\n        <\/a>\r\n\r\n        \r\n        <a href=\"https:\/\/talkpal.ai\/sk\/albanska-gramatika\/\">\r\n            <div class=\"learnNavigationWrapper\">\r\n                <div class=\"learnNavigationContent\">\r\n                    <img decoding=\"async\" src=\"https:\/\/talkpal.ai\/wp-content\/uploads\/2025\/11\/Albanian.png\" alt=\"Albanian Flag\">\r\n                    <div>\r\n                        <h4>Lekcie alb\u00e1nskej gramatiky<\/h4>\r\n                        <p>Precvi\u010dujte si alb\u00e1nsku gramatiku.<\/p>\r\n                    <\/div>\r\n                <\/div>\r\n            <\/div>\r\n        <\/a>\r\n\r\n            <\/section>","protected":false},"excerpt":{"rendered":"<p>Alb\u00e1nske gramatick\u00e9 t\u00e9my Nau\u010di\u0165 sa nov\u00fd jazyk m\u00f4\u017ee by\u0165 n\u00e1ro\u010dn\u00e9, ale obohacuj\u00face \u00fasilie. Alb\u00e1n\u010dina, indoeur\u00f3psky jazyk, ktor\u00fdm sa hovor\u00ed najm\u00e4 v Alb\u00e1nsku, nie je v\u00fdnimkou. V\u010faka svojim jedine\u010dn\u00fdm vlastnostiam a \u0161trukt\u00faram si u\u010denie alb\u00e1nskeho jazyka vy\u017eaduje systematick\u00fd pr\u00edstup k pochopeniu jeho bohatej gramatiky. T\u00e1to pr\u00edru\u010dka na\u010drt\u00e1va k\u013e\u00fa\u010dov\u00e9 oblasti alb\u00e1nskej gramatiky v logickom porad\u00ed pre u\u010denie [&hellip;]<\/p>\n","protected":false},"author":20,"featured_media":0,"parent":0,"menu_order":0,"comment_status":"closed","ping_status":"closed","template":"LearningContentPage.php","meta":{"_acf_changed":false,"footnotes":""},"class_list":["post-1478329","page","type-page","status-publish","hentry"],"acf":[],"yoast_head":"<!-- This site is optimized with the Yoast SEO Premium plugin v27.2 (Yoast SEO v27.2) - https:\/\/yoast.com\/product\/yoast-seo-premium-wordpress\/ -->\n<title>Alb\u00e1nske gramatick\u00e9 cvi\u010denia - Talkpal<\/title>\n<meta name=\"description\" content=\"Zdokona\u013ete sa v alb\u00e1n\u010dine pomocou interakt\u00edvnych gramatick\u00fdch cvi\u010den\u00ed Talkpal, ktor\u00e9 obsahuj\u00fa podstatn\u00e9 men\u00e1, sloves\u00e1, \u010dasy a vetn\u00e9 kon\u0161trukcie.\" \/>\n<meta name=\"robots\" content=\"index, follow, max-snippet:-1, max-image-preview:large, max-video-preview:-1\" \/>\n<link rel=\"canonical\" href=\"https:\/\/talkpal.ai\/sk\/albanske-gramaticke-cvicenia\/\" \/>\n<meta property=\"og:locale\" content=\"sk_SK\" \/>\n<meta property=\"og:type\" content=\"article\" \/>\n<meta property=\"og:title\" content=\"Alb\u00e1nske gramatick\u00e9 cvi\u010denia\" \/>\n<meta property=\"og:description\" content=\"Alb\u00e1nske gramatick\u00e9 t\u00e9my Nau\u010di\u0165 sa nov\u00fd jazyk m\u00f4\u017ee by\u0165 n\u00e1ro\u010dn\u00e9, ale obohacuj\u00face \u00fasilie. Alb\u00e1n\u010dina, indoeur\u00f3psky jazyk, ktor\u00fdm sa hovor\u00ed najm\u00e4 v Alb\u00e1nsku,\" \/>\n<meta property=\"og:url\" content=\"https:\/\/talkpal.ai\/sk\/albanske-gramaticke-cvicenia\/\" \/>\n<meta property=\"og:site_name\" content=\"Talkpal\" \/>\n<meta property=\"article:publisher\" content=\"https:\/\/www.facebook.com\/profile.php?id=100090733639311\" \/>\n<meta property=\"article:modified_time\" content=\"2025-12-30T15:38:54+00:00\" \/>\n<meta property=\"og:image\" content=\"https:\/\/talkpal.ai\/wp-content\/uploads\/2025\/02\/Progress-tab-16_9.png\" \/>\n\t<meta property=\"og:image:width\" content=\"2880\" \/>\n\t<meta property=\"og:image:height\" content=\"1620\" \/>\n\t<meta property=\"og:image:type\" content=\"image\/png\" \/>\n<meta name=\"twitter:card\" content=\"summary_large_image\" \/>\n<meta name=\"twitter:site\" content=\"@talkpalai\" \/>\n<meta name=\"twitter:label1\" content=\"Predpokladan\u00fd \u010das \u010d\u00edtania\" \/>\n\t<meta name=\"twitter:data1\" content=\"4 min\u00faty\" \/>\n<script type=\"application\/ld+json\" class=\"yoast-schema-graph\">{\"@context\":\"https:\/\/schema.org\",\"@graph\":[{\"@type\":\"WebPage\",\"@id\":\"https:\/\/talkpal.ai\/sk\/albanske-gramaticke-cvicenia\/\",\"url\":\"https:\/\/talkpal.ai\/sk\/albanske-gramaticke-cvicenia\/\",\"name\":\"Alb\u00e1nske gramatick\u00e9 cvi\u010denia - Talkpal\",\"isPartOf\":{\"@id\":\"https:\/\/talkpal.ai\/sk\/#website\"},\"datePublished\":\"2025-11-11T12:32:58+00:00\",\"dateModified\":\"2025-12-30T15:38:54+00:00\",\"description\":\"Zdokona\u013ete sa v alb\u00e1n\u010dine pomocou interakt\u00edvnych gramatick\u00fdch cvi\u010den\u00ed Talkpal, ktor\u00e9 obsahuj\u00fa podstatn\u00e9 men\u00e1, sloves\u00e1, \u010dasy a vetn\u00e9 kon\u0161trukcie.\",\"breadcrumb\":{\"@id\":\"https:\/\/talkpal.ai\/sk\/albanske-gramaticke-cvicenia\/#breadcrumb\"},\"inLanguage\":\"sk-SK\",\"potentialAction\":[{\"@type\":\"ReadAction\",\"target\":[\"https:\/\/talkpal.ai\/sk\/albanske-gramaticke-cvicenia\/\"]}]},{\"@type\":\"BreadcrumbList\",\"@id\":\"https:\/\/talkpal.ai\/sk\/albanske-gramaticke-cvicenia\/#breadcrumb\",\"itemListElement\":[{\"@type\":\"ListItem\",\"position\":1,\"name\":\"Homepage\",\"item\":\"https:\/\/talkpal.ai\/sk\/\"},{\"@type\":\"ListItem\",\"position\":2,\"name\":\"Alb\u00e1nske gramatick\u00e9 cvi\u010denia\"}]},{\"@type\":\"WebSite\",\"@id\":\"https:\/\/talkpal.ai\/sk\/#website\",\"url\":\"https:\/\/talkpal.ai\/sk\/\",\"name\":\"Talkpal\",\"description\":\"AI Language Learning\",\"publisher\":{\"@id\":\"https:\/\/talkpal.ai\/sk\/#organization\"},\"alternateName\":\"Talkpal AI\",\"potentialAction\":[{\"@type\":\"SearchAction\",\"target\":{\"@type\":\"EntryPoint\",\"urlTemplate\":\"https:\/\/talkpal.ai\/sk\/?s={search_term_string}\"},\"query-input\":{\"@type\":\"PropertyValueSpecification\",\"valueRequired\":true,\"valueName\":\"search_term_string\"}}],\"inLanguage\":\"sk-SK\"},{\"@type\":\"Organization\",\"@id\":\"https:\/\/talkpal.ai\/sk\/#organization\",\"name\":\"Talkpal, Inc.\",\"alternateName\":\"Talkpal AI\",\"url\":\"https:\/\/talkpal.ai\/sk\/\",\"logo\":{\"@type\":\"ImageObject\",\"inLanguage\":\"sk-SK\",\"@id\":\"https:\/\/talkpal.ai\/sk\/#\/schema\/logo\/image\/\",\"url\":\"https:\/\/talkpal.ai\/wp-content\/uploads\/2024\/03\/Talkpal-Logo-Icon.png\",\"contentUrl\":\"https:\/\/talkpal.ai\/wp-content\/uploads\/2024\/03\/Talkpal-Logo-Icon.png\",\"width\":2880,\"height\":2880,\"caption\":\"Talkpal, Inc.\"},\"image\":{\"@id\":\"https:\/\/talkpal.ai\/sk\/#\/schema\/logo\/image\/\"},\"sameAs\":[\"https:\/\/www.facebook.com\/profile.php?id=100090733639311\",\"https:\/\/x.com\/talkpalai\",\"https:\/\/www.linkedin.com\/company\/talkpal\/\",\"https:\/\/www.youtube.com\/@TalkPal\/\",\"https:\/\/www.tiktok.com\/@talkpal\",\"https:\/\/www.instagram.com\/talkpal_ai\/\",\"https:\/\/www.crunchbase.com\/organization\/talkpal-9cde\",\"https:\/\/www.g2.com\/products\/talkpal-for-business\/\",\"https:\/\/www.trustpilot.com\/review\/talkpal.ai\",\"https:\/\/www.capterra.com\/p\/10006800\/TalkPal\/\"],\"description\":\"Talkpal is a language learning web and mobile education app, powered by the latest AI technologies, that provides engaging experiences to its customers in many different languages to help them improve their language skills. Users can chat about unlimited amount of topics with the app and use other modes to practice their language learning.\",\"email\":\"support@talkpal.ai\",\"legalName\":\"Talkpal, Inc.\",\"foundingDate\":\"2023-04-03\",\"duns\":\"118989042\",\"numberOfEmployees\":{\"@type\":\"QuantitativeValue\",\"minValue\":\"11\",\"maxValue\":\"50\"},\"publishingPrinciples\":\"https:\/\/talkpal.ai\/publishing-principles\/\",\"actionableFeedbackPolicy\":\"https:\/\/talkpal.ai\/actionable-feedback-policy\/\",\"correctionsPolicy\":\"https:\/\/talkpal.ai\/corrections-policy\/\",\"ethicsPolicy\":\"https:\/\/talkpal.ai\/ethics-policy\/\",\"diversityPolicy\":\"https:\/\/talkpal.ai\/diversity-policy\/\",\"diversityStaffingReport\":\"https:\/\/talkpal.ai\/diversity-policy\/\"}]}<\/script>\n<!-- \/ Yoast SEO Premium plugin. -->","yoast_head_json":{"title":"Alb\u00e1nske gramatick\u00e9 cvi\u010denia - Talkpal","description":"Zdokona\u013ete sa v alb\u00e1n\u010dine pomocou interakt\u00edvnych gramatick\u00fdch cvi\u010den\u00ed Talkpal, ktor\u00e9 obsahuj\u00fa podstatn\u00e9 men\u00e1, sloves\u00e1, \u010dasy a vetn\u00e9 kon\u0161trukcie.","robots":{"index":"index","follow":"follow","max-snippet":"max-snippet:-1","max-image-preview":"max-image-preview:large","max-video-preview":"max-video-preview:-1"},"canonical":"https:\/\/talkpal.ai\/sk\/albanske-gramaticke-cvicenia\/","og_locale":"sk_SK","og_type":"article","og_title":"Alb\u00e1nske gramatick\u00e9 cvi\u010denia","og_description":"Alb\u00e1nske gramatick\u00e9 t\u00e9my Nau\u010di\u0165 sa nov\u00fd jazyk m\u00f4\u017ee by\u0165 n\u00e1ro\u010dn\u00e9, ale obohacuj\u00face \u00fasilie. Alb\u00e1n\u010dina, indoeur\u00f3psky jazyk, ktor\u00fdm sa hovor\u00ed najm\u00e4 v Alb\u00e1nsku,","og_url":"https:\/\/talkpal.ai\/sk\/albanske-gramaticke-cvicenia\/","og_site_name":"Talkpal","article_publisher":"https:\/\/www.facebook.com\/profile.php?id=100090733639311","article_modified_time":"2025-12-30T15:38:54+00:00","og_image":[{"width":2880,"height":1620,"url":"https:\/\/talkpal.ai\/wp-content\/uploads\/2025\/02\/Progress-tab-16_9.png","type":"image\/png"}],"twitter_card":"summary_large_image","twitter_site":"@talkpalai","twitter_misc":{"Predpokladan\u00fd \u010das \u010d\u00edtania":"4 min\u00faty"},"schema":{"@context":"https:\/\/schema.org","@graph":[{"@type":"WebPage","@id":"https:\/\/talkpal.ai\/sk\/albanske-gramaticke-cvicenia\/","url":"https:\/\/talkpal.ai\/sk\/albanske-gramaticke-cvicenia\/","name":"Alb\u00e1nske gramatick\u00e9 cvi\u010denia - Talkpal","isPartOf":{"@id":"https:\/\/talkpal.ai\/sk\/#website"},"datePublished":"2025-11-11T12:32:58+00:00","dateModified":"2025-12-30T15:38:54+00:00","description":"Zdokona\u013ete sa v alb\u00e1n\u010dine pomocou interakt\u00edvnych gramatick\u00fdch cvi\u010den\u00ed Talkpal, ktor\u00e9 obsahuj\u00fa podstatn\u00e9 men\u00e1, sloves\u00e1, \u010dasy a vetn\u00e9 kon\u0161trukcie.","breadcrumb":{"@id":"https:\/\/talkpal.ai\/sk\/albanske-gramaticke-cvicenia\/#breadcrumb"},"inLanguage":"sk-SK","potentialAction":[{"@type":"ReadAction","target":["https:\/\/talkpal.ai\/sk\/albanske-gramaticke-cvicenia\/"]}]},{"@type":"BreadcrumbList","@id":"https:\/\/talkpal.ai\/sk\/albanske-gramaticke-cvicenia\/#breadcrumb","itemListElement":[{"@type":"ListItem","position":1,"name":"Homepage","item":"https:\/\/talkpal.ai\/sk\/"},{"@type":"ListItem","position":2,"name":"Alb\u00e1nske gramatick\u00e9 cvi\u010denia"}]},{"@type":"WebSite","@id":"https:\/\/talkpal.ai\/sk\/#website","url":"https:\/\/talkpal.ai\/sk\/","name":"Talkpal","description":"AI Language Learning","publisher":{"@id":"https:\/\/talkpal.ai\/sk\/#organization"},"alternateName":"Talkpal AI","potentialAction":[{"@type":"SearchAction","target":{"@type":"EntryPoint","urlTemplate":"https:\/\/talkpal.ai\/sk\/?s={search_term_string}"},"query-input":{"@type":"PropertyValueSpecification","valueRequired":true,"valueName":"search_term_string"}}],"inLanguage":"sk-SK"},{"@type":"Organization","@id":"https:\/\/talkpal.ai\/sk\/#organization","name":"Talkpal, Inc.","alternateName":"Talkpal AI","url":"https:\/\/talkpal.ai\/sk\/","logo":{"@type":"ImageObject","inLanguage":"sk-SK","@id":"https:\/\/talkpal.ai\/sk\/#\/schema\/logo\/image\/","url":"https:\/\/talkpal.ai\/wp-content\/uploads\/2024\/03\/Talkpal-Logo-Icon.png","contentUrl":"https:\/\/talkpal.ai\/wp-content\/uploads\/2024\/03\/Talkpal-Logo-Icon.png","width":2880,"height":2880,"caption":"Talkpal, Inc."},"image":{"@id":"https:\/\/talkpal.ai\/sk\/#\/schema\/logo\/image\/"},"sameAs":["https:\/\/www.facebook.com\/profile.php?id=100090733639311","https:\/\/x.com\/talkpalai","https:\/\/www.linkedin.com\/company\/talkpal\/","https:\/\/www.youtube.com\/@TalkPal\/","https:\/\/www.tiktok.com\/@talkpal","https:\/\/www.instagram.com\/talkpal_ai\/","https:\/\/www.crunchbase.com\/organization\/talkpal-9cde","https:\/\/www.g2.com\/products\/talkpal-for-business\/","https:\/\/www.trustpilot.com\/review\/talkpal.ai","https:\/\/www.capterra.com\/p\/10006800\/TalkPal\/"],"description":"Talkpal is a language learning web and mobile education app, powered by the latest AI technologies, that provides engaging experiences to its customers in many different languages to help them improve their language skills. Users can chat about unlimited amount of topics with the app and use other modes to practice their language learning.","email":"support@talkpal.ai","legalName":"Talkpal, Inc.","foundingDate":"2023-04-03","duns":"118989042","numberOfEmployees":{"@type":"QuantitativeValue","minValue":"11","maxValue":"50"},"publishingPrinciples":"https:\/\/talkpal.ai\/publishing-principles\/","actionableFeedbackPolicy":"https:\/\/talkpal.ai\/actionable-feedback-policy\/","correctionsPolicy":"https:\/\/talkpal.ai\/corrections-policy\/","ethicsPolicy":"https:\/\/talkpal.ai\/ethics-policy\/","diversityPolicy":"https:\/\/talkpal.ai\/diversity-policy\/","diversityStaffingReport":"https:\/\/talkpal.ai\/diversity-policy\/"}]}},"_links":{"self":[{"href":"https:\/\/talkpal.ai\/sk\/wp-json\/wp\/v2\/pages\/1478329","targetHints":{"allow":["GET"]}}],"collection":[{"href":"https:\/\/talkpal.ai\/sk\/wp-json\/wp\/v2\/pages"}],"about":[{"href":"https:\/\/talkpal.ai\/sk\/wp-json\/wp\/v2\/types\/page"}],"author":[{"embeddable":true,"href":"https:\/\/talkpal.ai\/sk\/wp-json\/wp\/v2\/users\/20"}],"replies":[{"embeddable":true,"href":"https:\/\/talkpal.ai\/sk\/wp-json\/wp\/v2\/comments?post=1478329"}],"version-history":[{"count":0,"href":"https:\/\/talkpal.ai\/sk\/wp-json\/wp\/v2\/pages\/1478329\/revisions"}],"wp:attachment":[{"href":"https:\/\/talkpal.ai\/sk\/wp-json\/wp\/v2\/media?parent=1478329"}],"curies":[{"name":"wp","href":"https:\/\/api.w.org\/{rel}","templated":true}]}}