{"id":1478312,"date":"2025-11-11T12:01:19","date_gmt":"2025-11-11T12:01:19","guid":{"rendered":"https:\/\/talkpal.ai\/albanska-gramatika\/"},"modified":"2025-12-30T15:34:08","modified_gmt":"2025-12-30T15:34:08","slug":"albanska-gramatika","status":"publish","type":"page","link":"https:\/\/talkpal.ai\/sk\/albanska-gramatika\/","title":{"rendered":"Alb\u00e1nska gramatika"},"content":{"rendered":"\r\n\r\n\r\n<section class=\"languageChallengeSection\">\r\n    <div class=\"languageInfoWrapper\">\r\n        \r\n        <h1>Alb\u00e1nska gramatika<\/h1>\r\n        <p>Alb\u00e1nska <a href=\"https:\/\/talkpal.ai\/sq\/gramatika\/\">gramatika<\/a> sa m\u00f4\u017ee na prv\u00fd poh\u013ead zda\u0165 n\u00e1ro\u010dn\u00e1, ale v\u010faka jej jedine\u010dn\u00fdm vlastnostiam je <a href=\"https:\/\/talkpal.ai\/sk\/ucenie\/\">u\u010denie sa<\/a> jazyka obohacuj\u00facou sk\u00fasenos\u0165ou. Sk\u00faman\u00edm abecedy, mut\u00e1ci\u00ed a gramatick\u00fdch pravidiel z\u00edskate preh\u013ead o bohatej jazykovej trad\u00edcii. Za\u010dnite svoju cestu a objavte kr\u00e1sy alb\u00e1n\u010diny!<\/p>\r\n\r\n                            <a class=\"getStartedHidden\" href=\"https:\/\/app.talkpal.ai\/sk\/signup?lng=\">Za\u010dni<\/a>\r\n        \r\n    <\/div>\r\n\r\n    <figure>\r\n    <img decoding=\"async\" width=\"768\" height=\"768\" src=\"https:\/\/talkpal.ai\/wp-content\/uploads\/2023\/06\/welsh-768x768.png\" class=\"languageImage no-lazy\" alt=\"Language learning for better cognitive abilities\" fetchpriority=\"high\" sizes=\"(max-width: 768px) 150px, 768px\" srcset=\"https:\/\/talkpal.ai\/wp-content\/uploads\/2023\/06\/welsh-768x768.png 768w, https:\/\/talkpal.ai\/wp-content\/uploads\/2023\/06\/welsh-300x300.png 300w\" \/>\r\n    \r\n\r\n    <\/figure>\r\n\r\n            <a class=\"getStartedVisible\" href=\"https:\/\/app.talkpal.ai\/sk\/signup?lng=\">Za\u010dni<\/a>\r\n    \r\n<\/section><section class=\"promotionalBanner\">\r\n    <p class=\"promotionalText\">Najefekt\u00edvnej\u0161\u00ed sp\u00f4sob, ako sa nau\u010di\u0165 jazyk<\/p>\r\n    <a class=\"promotionalLink\" href=\"https:\/\/app.talkpal.ai\/sk\/signup?lng=\">Vysk\u00fa\u0161ajte Talkpal zadarmo<\/a>\r\n<\/section>\n<div class=\"wp-block-group pageContainerStyle\"><div class=\"wp-block-group__inner-container is-layout-constrained wp-block-group-is-layout-constrained\">\n<h2 class=\"wp-block-heading\" id=\"h-navigating-the-intricacies-of-albanian-grammar\">Navig\u00e1cia v zlo\u017eitosti alb\u00e1nskej gramatiky<\/h2>\n\n\n\n<p><a href=\"https:\/\/talkpal.ai\/sk\/ucte-sa-albansky\/\">Alb\u00e1n\u010dina<\/a>, indoeur\u00f3psky jazyk s odli\u0161n\u00fdm odvetv\u00edm a hlbok\u00fdmi kult\u00farnymi kore\u0148mi, pon\u00faka obohacuj\u00facu cestu pre \u0161tudentov, ktor\u00fdch pri\u0165ahuje jeho jedine\u010dn\u00e1 gramatika a zvukov\u00fd syst\u00e9m. Pri objavovan\u00ed alb\u00e1nskej jazykovky roz\u0161\u00edrite svoj jazykov\u00fd s\u00fabor n\u00e1strojov a z\u00e1rove\u0148 sa spoj\u00edte s kult\u00farou Alb\u00e1nska a \u0161ir\u0161\u00edm alb\u00e1nsky hovoriacim svetom. Alb\u00e1nska gramatika m\u00f4\u017ee na prv\u00fd poh\u013ead vyzera\u0165 zlo\u017eito, ale jej rozdelenie na z\u00e1kladn\u00e9 \u010dasti u\u013eah\u010duje pokrok. Ni\u017e\u0161ie je uveden\u00fd podrobn\u00fd sprievodca z\u00e1kladn\u00fdmi vecami s tipmi, ktor\u00e9 v\u00e1m pom\u00f4\u017eu ich zvl\u00e1dnu\u0165.<\/p>\n\n\n\n<h3 class=\"wp-block-heading\" id=\"h-1-albanian-alphabet-and-phonetics\">1. Alb\u00e1nska abeceda a fonetika<\/h3>\n\n\n\n<p>Alb\u00e1nska abeceda m\u00e1 36 p\u00edsmen, vr\u00e1tane nieko\u013ek\u00fdch, ktor\u00e9 s\u00fa nap\u00edsan\u00e9 ako digrafy, ale po\u010d\u00edtaj\u00fa sa ako jednotliv\u00e9 p\u00edsmen\u00e1, ako napr\u00edklad dh, gj, ll, nj, rr, sh, th, xh, zh. Pou\u017e\u00edva tie\u017e \u00e7 a \u00eb a samohl\u00e1ska y predstavuje bl\u00edzky predn\u00fd zaoblen\u00fd zvuk. Kontrast medzi r a rr je zmyslupln\u00fd a q a gj s\u00fa palatin\u00e1lne zast\u00e1vky odli\u0161n\u00e9 od k a g. Zozn\u00e1menie sa s t\u00fdmito zvukmi a p\u00edsmenami prostredn\u00edctvom \u010d\u00edtania nahlas a precvi\u010dovania po\u010d\u00favania je k\u013e\u00fa\u010dov\u00fdm prv\u00fdm krokom.<\/p>\n\n\n\n<h3 class=\"wp-block-heading\" id=\"h-2-definite-articles-and-linkers-a-distinctive-albanian-feature\">2. Ur\u010dit\u00e9 \u010dleny a odkazy: charakteristick\u00e1 alb\u00e1nska \u010drta<\/h3>\n\n\n\n<p>Charakteristick\u00fdm znakom alb\u00e1nskej \u010d\u00edn\u0161tiny je pr\u00edpona ur\u010dit\u00fd \u010dlen, ktor\u00e1 sa prip\u00e1ja k podstatn\u00fdm men\u00e1m a l\u00ed\u0161i sa pod\u013ea rodu a \u010d\u00edsla. \u010eal\u0161ou pozoruhodnou \u010drtou je spojovacia \u010dastica v podstatnom mene, typicky i alebo e v neur\u010ditom a t\u00eb alebo s\u00eb v ur\u010ditom a p\u00e1dovom kontexte, pou\u017e\u00edvan\u00e1 pred pr\u00eddavn\u00fdmi menami a niektor\u00fdmi modifik\u00e1tormi. Pochopenie toho, kedy a ako sa ur\u010ditos\u0165 a spojka objavuj\u00fa, je nevyhnutn\u00e9 pre presn\u00fa komunik\u00e1ciu v alb\u00e1n\u010dine.<\/p>\n\n\n\n<h3 class=\"wp-block-heading\" id=\"h-3-nouns-and-pronouns-gender-and-cases\">3. Podstatn\u00e9 men\u00e1 a z\u00e1men\u00e1: rod a pr\u00edpady<\/h3>\n\n\n\n<p>Alb\u00e1nske podstatn\u00e9 men\u00e1 maj\u00fa gramatick\u00fd rod (mu\u017esk\u00fd alebo \u017eensk\u00fd rod) a riadia sa r\u00f4znymi vzormi tvorby mno\u017en\u00e9ho \u010d\u00edsla. Jazyk ozna\u010duje p\u00e1dov\u00e9 vz\u0165ahy v podstatnom mene, tradi\u010dne p\u00e4\u0165 p\u00e1dov v \u0161tandardnom jazyku. Z\u00e1men\u00e1 zah\u0155\u0148aj\u00fa osobn\u00e9, privlast\u0148ovac\u00ed, reflex\u00edvne, ukazovacie a opytovacie tvary, ako aj predmetov\u00e9 klitiky, ktor\u00e9 sa via\u017eu na sloveso. Obozn\u00e1menie sa s t\u00fdmito z\u00e1menami a ich umiestnen\u00edm v\u00fdrazne zlep\u0161\u00ed va\u0161e pochopenie alb\u00e1nskej gramatiky.<\/p>\n\n\n\n<h3 class=\"wp-block-heading\" id=\"h-4-verbs-structure-and-conjugation\">4. Sloves\u00e1: \u0161trukt\u00fara a \u010dasovanie<\/h3>\n\n\n\n<p>Alb\u00e1nske sloves\u00e1 maj\u00fa odli\u0161n\u00fa \u0161trukt\u00faru a \u010dasovanie v z\u00e1vislosti od \u010dasu, n\u00e1lady a osoby. Z\u00e1kladn\u00e9 \u010dasy zah\u0155\u0148aj\u00fa pr\u00edtomn\u00fd, jednoduch\u00fd minul\u00fd, nedokonav\u00fd a zlo\u017een\u00fd dokonav\u00fd, spolu s bud\u00facnos\u0165ou tvorenou do t\u00eb plus konjunkt\u00edv. <a href=\"https:\/\/talkpal.ai\/learn-albanian\/\">Alb\u00e1n\u010dina<\/a> tie\u017e vo ve\u013ekej miere pou\u017e\u00edva konjunkt\u00edv a zah\u0155\u0148a podmie\u0148ovacie a rozkazovacie n\u00e1lady. U\u010denie sa pravidiel \u010dasovania be\u017en\u00fdch slovies zlep\u0161\u00ed va\u0161u schopnos\u0165 efekt\u00edvne komunikova\u0165 v alb\u00e1n\u010dine.<\/p>\n\n\n\n<h3 class=\"wp-block-heading\" id=\"h-5-adjectives-agreement-and-placement\">5. Pr\u00eddavn\u00e9 men\u00e1: Zmluva a umiestnenie<\/h3>\n\n\n\n<p>V alb\u00e1nskej gramatike pr\u00eddavn\u00e9 men\u00e1 zvy\u010dajne nasleduj\u00fa za podstatn\u00fdm menom, ktor\u00e9 upravuj\u00fa a s\u00fahlasia prostredn\u00edctvom spojovacej \u010dastice, ktor\u00e1 ukazuje rod a \u010d\u00edslo. Niektor\u00e9 pr\u00eddavn\u00e9 men\u00e1 maj\u00fa nepravideln\u00e9 porovn\u00e1vacie a superlat\u00edvne vzory a komparat\u00edvy \u010dasto pou\u017e\u00edvaj\u00fa m\u00eb plus pr\u00eddavn\u00e9 meno, zatia\u013e \u010do superlat\u00edvy prid\u00e1vaj\u00fa s\u00fahlasn\u00fd \u010dlen. Zvl\u00e1dnutie dohody a umiestnenia v\u00e1m pom\u00f4\u017ee znie\u0165 prirodzene.<\/p>\n\n\n\n<p><strong>Pr\u00edklady:<\/strong><\/p>\n\n\n\n<p><strong>\u2013 Dashuri e Madhe (Ve\u013ek\u00e1 l\u00e1ska)<\/strong><\/p>\n\n\n\n<p><strong>\u2013 f\u00ebmij\u00eb t\u00eb vegj\u00ebl (mal\u00e9 deti)<\/strong><\/p>\n\n\n\n<h3 class=\"wp-block-heading\" id=\"h-6-engaging-with-the-language\">6. Zapojenie sa do jazyka<\/h3>\n\n\n\n<p>Najefekt\u00edvnej\u0161\u00edm sp\u00f4sobom, ako plne pochopi\u0165 a osvoji\u0165 si alb\u00e1nsku gramatiku, je d\u00f4sledne sa zaobera\u0165 jazykom. \u010c\u00edtan\u00edm alb\u00e1nskej literat\u00fary, sledovan\u00edm alb\u00e1nskych filmov alebo telev\u00edznych seri\u00e1lov, sledovan\u00edm spr\u00e1v a podcastov a akt\u00edvnou komunik\u00e1ciou s roden\u00fdmi hovoriacimi posiln\u00edte svoje porozumenie gramatike a z\u00e1rove\u0148 roz\u0161\u00edrite svoju slovn\u00fa z\u00e1sobu.<\/p>\n\n\n\n<h3 class=\"wp-block-heading\" id=\"h-conclusion\">Z\u00e1ver<\/h3>\n\n\n\n<p>Hoci sa alb\u00e1nska gramatika m\u00f4\u017ee zda\u0165 zlo\u017eit\u00e1, v tomto kr\u00e1snom jazyku sa m\u00f4\u017eete nau\u010di\u0165 s odhodlan\u00edm, praxou a nad\u0161en\u00edm. Zameran\u00edm sa na z\u00e1kladn\u00e9 pravidl\u00e1 a zapojen\u00edm sa do jazyka v r\u00f4znych kontextoch si r\u00fdchlo zlep\u0161\u00edte <a href=\"https:\/\/talkpal.ai\/sk\/gramatika\/\">svoje znalosti alb\u00e1nskej gramatiky<\/a>. Suksese so svojou alb\u00e1nskou jazykovou cestou a u\u017eite si odha\u013eovanie expres\u00edvneho a podmaniv\u00e9ho sveta alb\u00e1nskej gramatiky.<\/p>\n<\/div><\/div>\n\r\n<section class=\"learnNavigationSection\">\r\n            \r\n        <a href=\"https:\/\/talkpal.ai\/sk\/ucte-sa-albansky\/\">\r\n            <div class=\"learnNavigationWrapper\">\r\n                <div class=\"learnNavigationContent\">\r\n                    <img decoding=\"async\" src=\"https:\/\/talkpal.ai\/wp-content\/uploads\/2025\/11\/Albanian.png\" alt=\"Albanian Flag\">\r\n                    <div>\r\n                        <h4>O v\u00fdu\u010dbe alb\u00e1nskeho jazyka<\/h4>\r\n                        <p>Zistite v\u0161etko o alb\u00e1nskej gramatike.<\/p>\r\n                    <\/div>\r\n                <\/div>\r\n            <\/div>\r\n        <\/a>\r\n\r\n        \r\n        <a href=\"https:\/\/talkpal.ai\/sk\/albanske-gramaticke-cvicenia\/\">\r\n            <div class=\"learnNavigationWrapper\">\r\n                <div class=\"learnNavigationContent\">\r\n                    <img decoding=\"async\" src=\"https:\/\/talkpal.ai\/wp-content\/uploads\/2025\/11\/Albanian.png\" alt=\"Albanian Flag\">\r\n                    <div>\r\n                        <h4>Cvi\u010denie z alb\u00e1nskej gramatiky<\/h4>\r\n                        <p>Precvi\u010dujte si alb\u00e1nsku gramatiku.<\/p>\r\n                    <\/div>\r\n                <\/div>\r\n            <\/div>\r\n        <\/a>\r\n\r\n            <\/section>","protected":false},"excerpt":{"rendered":"<p>Navig\u00e1cia v zlo\u017eitosti alb\u00e1nskej gramatiky Alb\u00e1n\u010dina, indoeur\u00f3psky jazyk s odli\u0161n\u00fdm odvetv\u00edm a hlbok\u00fdmi kult\u00farnymi kore\u0148mi, pon\u00faka obohacuj\u00facu cestu pre \u0161tudentov, ktor\u00fdch pri\u0165ahuje jeho jedine\u010dn\u00e1 gramatika a zvukov\u00fd syst\u00e9m. Pri objavovan\u00ed alb\u00e1nskej jazykovky roz\u0161\u00edrite svoj jazykov\u00fd s\u00fabor n\u00e1strojov a z\u00e1rove\u0148 sa spoj\u00edte s kult\u00farou Alb\u00e1nska a \u0161ir\u0161\u00edm alb\u00e1nsky hovoriacim svetom. Alb\u00e1nska gramatika m\u00f4\u017ee na prv\u00fd poh\u013ead [&hellip;]<\/p>\n","protected":false},"author":20,"featured_media":0,"parent":0,"menu_order":0,"comment_status":"closed","ping_status":"closed","template":"LearningContentPage.php","meta":{"_acf_changed":false,"footnotes":""},"class_list":["post-1478312","page","type-page","status-publish","hentry"],"acf":[],"yoast_head":"<!-- This site is optimized with the Yoast SEO Premium plugin v27.2 (Yoast SEO v27.2) - https:\/\/yoast.com\/product\/yoast-seo-premium-wordpress\/ -->\n<title>Alb\u00e1nska gramatika - Talkpal<\/title>\n<meta name=\"description\" content=\"Zvl\u00e1dnite z\u00e1klady alb\u00e1nskej gramatiky vr\u00e1tane p\u00e1dov a slovies pomocou interakt\u00edvnej pr\u00edru\u010dky na v\u00fdu\u010dbu jazyka s umelou inteligenciou od spolo\u010dnosti Talkpal.\" \/>\n<meta name=\"robots\" content=\"index, follow, max-snippet:-1, max-image-preview:large, max-video-preview:-1\" \/>\n<link rel=\"canonical\" href=\"https:\/\/talkpal.ai\/sk\/albanska-gramatika\/\" \/>\n<meta property=\"og:locale\" content=\"sk_SK\" \/>\n<meta property=\"og:type\" content=\"article\" \/>\n<meta property=\"og:title\" content=\"Alb\u00e1nska gramatika\" \/>\n<meta property=\"og:description\" content=\"Navig\u00e1cia v zlo\u017eitosti alb\u00e1nskej gramatiky Alb\u00e1n\u010dina, indoeur\u00f3psky jazyk s odli\u0161n\u00fdm odvetv\u00edm a hlbok\u00fdmi kult\u00farnymi kore\u0148mi, pon\u00faka obohacuj\u00facu cestu pre\" \/>\n<meta property=\"og:url\" content=\"https:\/\/talkpal.ai\/sk\/albanska-gramatika\/\" \/>\n<meta property=\"og:site_name\" content=\"Talkpal\" \/>\n<meta property=\"article:publisher\" content=\"https:\/\/www.facebook.com\/profile.php?id=100090733639311\" \/>\n<meta property=\"article:modified_time\" content=\"2025-12-30T15:34:08+00:00\" \/>\n<meta property=\"og:image\" content=\"https:\/\/talkpal.ai\/wp-content\/uploads\/2025\/02\/Progress-tab-16_9.png\" \/>\n\t<meta property=\"og:image:width\" content=\"2880\" \/>\n\t<meta property=\"og:image:height\" content=\"1620\" \/>\n\t<meta property=\"og:image:type\" content=\"image\/png\" \/>\n<meta name=\"twitter:card\" content=\"summary_large_image\" \/>\n<meta name=\"twitter:site\" content=\"@talkpalai\" \/>\n<meta name=\"twitter:label1\" content=\"Predpokladan\u00fd \u010das \u010d\u00edtania\" \/>\n\t<meta name=\"twitter:data1\" content=\"4 min\u00faty\" \/>\n<script type=\"application\/ld+json\" class=\"yoast-schema-graph\">{\"@context\":\"https:\/\/schema.org\",\"@graph\":[{\"@type\":\"WebPage\",\"@id\":\"https:\/\/talkpal.ai\/sk\/albanska-gramatika\/\",\"url\":\"https:\/\/talkpal.ai\/sk\/albanska-gramatika\/\",\"name\":\"Alb\u00e1nska gramatika - Talkpal\",\"isPartOf\":{\"@id\":\"https:\/\/talkpal.ai\/sk\/#website\"},\"datePublished\":\"2025-11-11T12:01:19+00:00\",\"dateModified\":\"2025-12-30T15:34:08+00:00\",\"description\":\"Zvl\u00e1dnite z\u00e1klady alb\u00e1nskej gramatiky vr\u00e1tane p\u00e1dov a slovies pomocou interakt\u00edvnej pr\u00edru\u010dky na v\u00fdu\u010dbu jazyka s umelou inteligenciou od spolo\u010dnosti Talkpal.\",\"breadcrumb\":{\"@id\":\"https:\/\/talkpal.ai\/sk\/albanska-gramatika\/#breadcrumb\"},\"inLanguage\":\"sk-SK\",\"potentialAction\":[{\"@type\":\"ReadAction\",\"target\":[\"https:\/\/talkpal.ai\/sk\/albanska-gramatika\/\"]}]},{\"@type\":\"BreadcrumbList\",\"@id\":\"https:\/\/talkpal.ai\/sk\/albanska-gramatika\/#breadcrumb\",\"itemListElement\":[{\"@type\":\"ListItem\",\"position\":1,\"name\":\"Homepage\",\"item\":\"https:\/\/talkpal.ai\/sk\/\"},{\"@type\":\"ListItem\",\"position\":2,\"name\":\"Alb\u00e1nska gramatika\"}]},{\"@type\":\"WebSite\",\"@id\":\"https:\/\/talkpal.ai\/sk\/#website\",\"url\":\"https:\/\/talkpal.ai\/sk\/\",\"name\":\"Talkpal\",\"description\":\"AI Language Learning\",\"publisher\":{\"@id\":\"https:\/\/talkpal.ai\/sk\/#organization\"},\"alternateName\":\"Talkpal AI\",\"potentialAction\":[{\"@type\":\"SearchAction\",\"target\":{\"@type\":\"EntryPoint\",\"urlTemplate\":\"https:\/\/talkpal.ai\/sk\/?s={search_term_string}\"},\"query-input\":{\"@type\":\"PropertyValueSpecification\",\"valueRequired\":true,\"valueName\":\"search_term_string\"}}],\"inLanguage\":\"sk-SK\"},{\"@type\":\"Organization\",\"@id\":\"https:\/\/talkpal.ai\/sk\/#organization\",\"name\":\"Talkpal, Inc.\",\"alternateName\":\"Talkpal AI\",\"url\":\"https:\/\/talkpal.ai\/sk\/\",\"logo\":{\"@type\":\"ImageObject\",\"inLanguage\":\"sk-SK\",\"@id\":\"https:\/\/talkpal.ai\/sk\/#\/schema\/logo\/image\/\",\"url\":\"https:\/\/talkpal.ai\/wp-content\/uploads\/2024\/03\/Talkpal-Logo-Icon.png\",\"contentUrl\":\"https:\/\/talkpal.ai\/wp-content\/uploads\/2024\/03\/Talkpal-Logo-Icon.png\",\"width\":2880,\"height\":2880,\"caption\":\"Talkpal, Inc.\"},\"image\":{\"@id\":\"https:\/\/talkpal.ai\/sk\/#\/schema\/logo\/image\/\"},\"sameAs\":[\"https:\/\/www.facebook.com\/profile.php?id=100090733639311\",\"https:\/\/x.com\/talkpalai\",\"https:\/\/www.linkedin.com\/company\/talkpal\/\",\"https:\/\/www.youtube.com\/@TalkPal\/\",\"https:\/\/www.tiktok.com\/@talkpal\",\"https:\/\/www.instagram.com\/talkpal_ai\/\",\"https:\/\/www.crunchbase.com\/organization\/talkpal-9cde\",\"https:\/\/www.g2.com\/products\/talkpal-for-business\/\",\"https:\/\/www.trustpilot.com\/review\/talkpal.ai\",\"https:\/\/www.capterra.com\/p\/10006800\/TalkPal\/\"],\"description\":\"Talkpal is a language learning web and mobile education app, powered by the latest AI technologies, that provides engaging experiences to its customers in many different languages to help them improve their language skills. Users can chat about unlimited amount of topics with the app and use other modes to practice their language learning.\",\"email\":\"support@talkpal.ai\",\"legalName\":\"Talkpal, Inc.\",\"foundingDate\":\"2023-04-03\",\"duns\":\"118989042\",\"numberOfEmployees\":{\"@type\":\"QuantitativeValue\",\"minValue\":\"11\",\"maxValue\":\"50\"},\"publishingPrinciples\":\"https:\/\/talkpal.ai\/publishing-principles\/\",\"actionableFeedbackPolicy\":\"https:\/\/talkpal.ai\/actionable-feedback-policy\/\",\"correctionsPolicy\":\"https:\/\/talkpal.ai\/corrections-policy\/\",\"ethicsPolicy\":\"https:\/\/talkpal.ai\/ethics-policy\/\",\"diversityPolicy\":\"https:\/\/talkpal.ai\/diversity-policy\/\",\"diversityStaffingReport\":\"https:\/\/talkpal.ai\/diversity-policy\/\"}]}<\/script>\n<!-- \/ Yoast SEO Premium plugin. -->","yoast_head_json":{"title":"Alb\u00e1nska gramatika - Talkpal","description":"Zvl\u00e1dnite z\u00e1klady alb\u00e1nskej gramatiky vr\u00e1tane p\u00e1dov a slovies pomocou interakt\u00edvnej pr\u00edru\u010dky na v\u00fdu\u010dbu jazyka s umelou inteligenciou od spolo\u010dnosti Talkpal.","robots":{"index":"index","follow":"follow","max-snippet":"max-snippet:-1","max-image-preview":"max-image-preview:large","max-video-preview":"max-video-preview:-1"},"canonical":"https:\/\/talkpal.ai\/sk\/albanska-gramatika\/","og_locale":"sk_SK","og_type":"article","og_title":"Alb\u00e1nska gramatika","og_description":"Navig\u00e1cia v zlo\u017eitosti alb\u00e1nskej gramatiky Alb\u00e1n\u010dina, indoeur\u00f3psky jazyk s odli\u0161n\u00fdm odvetv\u00edm a hlbok\u00fdmi kult\u00farnymi kore\u0148mi, pon\u00faka obohacuj\u00facu cestu pre","og_url":"https:\/\/talkpal.ai\/sk\/albanska-gramatika\/","og_site_name":"Talkpal","article_publisher":"https:\/\/www.facebook.com\/profile.php?id=100090733639311","article_modified_time":"2025-12-30T15:34:08+00:00","og_image":[{"width":2880,"height":1620,"url":"https:\/\/talkpal.ai\/wp-content\/uploads\/2025\/02\/Progress-tab-16_9.png","type":"image\/png"}],"twitter_card":"summary_large_image","twitter_site":"@talkpalai","twitter_misc":{"Predpokladan\u00fd \u010das \u010d\u00edtania":"4 min\u00faty"},"schema":{"@context":"https:\/\/schema.org","@graph":[{"@type":"WebPage","@id":"https:\/\/talkpal.ai\/sk\/albanska-gramatika\/","url":"https:\/\/talkpal.ai\/sk\/albanska-gramatika\/","name":"Alb\u00e1nska gramatika - Talkpal","isPartOf":{"@id":"https:\/\/talkpal.ai\/sk\/#website"},"datePublished":"2025-11-11T12:01:19+00:00","dateModified":"2025-12-30T15:34:08+00:00","description":"Zvl\u00e1dnite z\u00e1klady alb\u00e1nskej gramatiky vr\u00e1tane p\u00e1dov a slovies pomocou interakt\u00edvnej pr\u00edru\u010dky na v\u00fdu\u010dbu jazyka s umelou inteligenciou od spolo\u010dnosti Talkpal.","breadcrumb":{"@id":"https:\/\/talkpal.ai\/sk\/albanska-gramatika\/#breadcrumb"},"inLanguage":"sk-SK","potentialAction":[{"@type":"ReadAction","target":["https:\/\/talkpal.ai\/sk\/albanska-gramatika\/"]}]},{"@type":"BreadcrumbList","@id":"https:\/\/talkpal.ai\/sk\/albanska-gramatika\/#breadcrumb","itemListElement":[{"@type":"ListItem","position":1,"name":"Homepage","item":"https:\/\/talkpal.ai\/sk\/"},{"@type":"ListItem","position":2,"name":"Alb\u00e1nska gramatika"}]},{"@type":"WebSite","@id":"https:\/\/talkpal.ai\/sk\/#website","url":"https:\/\/talkpal.ai\/sk\/","name":"Talkpal","description":"AI Language Learning","publisher":{"@id":"https:\/\/talkpal.ai\/sk\/#organization"},"alternateName":"Talkpal AI","potentialAction":[{"@type":"SearchAction","target":{"@type":"EntryPoint","urlTemplate":"https:\/\/talkpal.ai\/sk\/?s={search_term_string}"},"query-input":{"@type":"PropertyValueSpecification","valueRequired":true,"valueName":"search_term_string"}}],"inLanguage":"sk-SK"},{"@type":"Organization","@id":"https:\/\/talkpal.ai\/sk\/#organization","name":"Talkpal, Inc.","alternateName":"Talkpal AI","url":"https:\/\/talkpal.ai\/sk\/","logo":{"@type":"ImageObject","inLanguage":"sk-SK","@id":"https:\/\/talkpal.ai\/sk\/#\/schema\/logo\/image\/","url":"https:\/\/talkpal.ai\/wp-content\/uploads\/2024\/03\/Talkpal-Logo-Icon.png","contentUrl":"https:\/\/talkpal.ai\/wp-content\/uploads\/2024\/03\/Talkpal-Logo-Icon.png","width":2880,"height":2880,"caption":"Talkpal, Inc."},"image":{"@id":"https:\/\/talkpal.ai\/sk\/#\/schema\/logo\/image\/"},"sameAs":["https:\/\/www.facebook.com\/profile.php?id=100090733639311","https:\/\/x.com\/talkpalai","https:\/\/www.linkedin.com\/company\/talkpal\/","https:\/\/www.youtube.com\/@TalkPal\/","https:\/\/www.tiktok.com\/@talkpal","https:\/\/www.instagram.com\/talkpal_ai\/","https:\/\/www.crunchbase.com\/organization\/talkpal-9cde","https:\/\/www.g2.com\/products\/talkpal-for-business\/","https:\/\/www.trustpilot.com\/review\/talkpal.ai","https:\/\/www.capterra.com\/p\/10006800\/TalkPal\/"],"description":"Talkpal is a language learning web and mobile education app, powered by the latest AI technologies, that provides engaging experiences to its customers in many different languages to help them improve their language skills. Users can chat about unlimited amount of topics with the app and use other modes to practice their language learning.","email":"support@talkpal.ai","legalName":"Talkpal, Inc.","foundingDate":"2023-04-03","duns":"118989042","numberOfEmployees":{"@type":"QuantitativeValue","minValue":"11","maxValue":"50"},"publishingPrinciples":"https:\/\/talkpal.ai\/publishing-principles\/","actionableFeedbackPolicy":"https:\/\/talkpal.ai\/actionable-feedback-policy\/","correctionsPolicy":"https:\/\/talkpal.ai\/corrections-policy\/","ethicsPolicy":"https:\/\/talkpal.ai\/ethics-policy\/","diversityPolicy":"https:\/\/talkpal.ai\/diversity-policy\/","diversityStaffingReport":"https:\/\/talkpal.ai\/diversity-policy\/"}]}},"_links":{"self":[{"href":"https:\/\/talkpal.ai\/sk\/wp-json\/wp\/v2\/pages\/1478312","targetHints":{"allow":["GET"]}}],"collection":[{"href":"https:\/\/talkpal.ai\/sk\/wp-json\/wp\/v2\/pages"}],"about":[{"href":"https:\/\/talkpal.ai\/sk\/wp-json\/wp\/v2\/types\/page"}],"author":[{"embeddable":true,"href":"https:\/\/talkpal.ai\/sk\/wp-json\/wp\/v2\/users\/20"}],"replies":[{"embeddable":true,"href":"https:\/\/talkpal.ai\/sk\/wp-json\/wp\/v2\/comments?post=1478312"}],"version-history":[{"count":0,"href":"https:\/\/talkpal.ai\/sk\/wp-json\/wp\/v2\/pages\/1478312\/revisions"}],"wp:attachment":[{"href":"https:\/\/talkpal.ai\/sk\/wp-json\/wp\/v2\/media?parent=1478312"}],"curies":[{"name":"wp","href":"https:\/\/api.w.org\/{rel}","templated":true}]}}