{"id":1478273,"date":"2025-11-12T17:24:56","date_gmt":"2025-11-12T17:24:56","guid":{"rendered":"https:\/\/talkpal.ai\/uzbecke-gramaticke-cvicenia\/"},"modified":"2025-12-30T13:35:17","modified_gmt":"2025-12-30T13:35:17","slug":"uzbecke-gramaticke-cvicenia","status":"publish","type":"page","link":"https:\/\/talkpal.ai\/sk\/uzbecke-gramaticke-cvicenia\/","title":{"rendered":"Uzbeck\u00e9 gramatick\u00e9 cvi\u010denia"},"content":{"rendered":"\r\n\r\n\r\n<section class=\"languageChallengeSection\">\r\n    <div class=\"languageInfoWrapper\">\r\n        \r\n        <h1>Uzbeck\u00e9 gramatick\u00e9 cvi\u010denia<\/h1>\r\n        <p>Ste pripraven\u00ed ponori\u0165 sa do uzbeckej gramatiky? Precvi\u010denie nieko\u013ek\u00fdch z\u00e1kladov v\u00e1m pom\u00f4\u017ee pohodlne ovl\u00e1da\u0165 tento jedine\u010dn\u00fd a kr\u00e1sny jazyk. Vysk\u00fa\u0161ajte tieto cvi\u010denia, aby ste si vybudovali sebad\u00f4veru a zabavili sa pri tom!<\/p>\r\n\r\n                            <a class=\"getStartedHidden\" href=\"https:\/\/app.talkpal.ai\/sk\/signup?lng=\">Za\u010dni<\/a>\r\n        \r\n    <\/div>\r\n\r\n    <figure>\r\n    <img decoding=\"async\" width=\"768\" height=\"768\" src=\"https:\/\/talkpal.ai\/wp-content\/uploads\/2023\/06\/welsh-768x768.png\" class=\"languageImage no-lazy\" alt=\"Language learning for better cognitive abilities\" fetchpriority=\"high\" sizes=\"(max-width: 768px) 150px, 768px\" srcset=\"https:\/\/talkpal.ai\/wp-content\/uploads\/2023\/06\/welsh-768x768.png 768w, https:\/\/talkpal.ai\/wp-content\/uploads\/2023\/06\/welsh-300x300.png 300w\" \/>\r\n    \r\n\r\n    <\/figure>\r\n\r\n            <a class=\"getStartedVisible\" href=\"https:\/\/app.talkpal.ai\/sk\/signup?lng=\">Za\u010dni<\/a>\r\n    \r\n<\/section><section class=\"promotionalBanner\">\r\n    <p class=\"promotionalText\">Najefekt\u00edvnej\u0161\u00ed sp\u00f4sob, ako sa nau\u010di\u0165 jazyk<\/p>\r\n    <a class=\"promotionalLink\" href=\"https:\/\/app.talkpal.ai\/sk\/signup?lng=\">Vysk\u00fa\u0161ajte Talkpal zadarmo<\/a>\r\n<\/section>\n<div class=\"wp-block-group pageContainerStyle\"><div class=\"wp-block-group__inner-container is-layout-constrained wp-block-group-is-layout-constrained\">\n<h2 class=\"wp-block-heading\" id=\"h-uzbek-grammar-topics\">Uzbeck\u00e9 gramatick\u00e9 t\u00e9my<\/h2>\n\n\n\n<p><a href=\"https:\/\/talkpal.ai\/sk\/najvacsie-chyby-ktorych-sa-treba-vyvarovat-pri-uceni-sa-noveho-jazyka\/\">Nau\u010di\u0165 sa nov\u00fd jazyk<\/a> m\u00f4\u017ee by\u0165 n\u00e1ro\u010dn\u00e9, ale obohacuj\u00face \u00fasilie. <a href=\"https:\/\/talkpal.ai\/learn-uzbek\/\">Uzbe\u010dtina<\/a>, turkick\u00fd jazyk, ktor\u00fdm sa hovor\u00ed najm\u00e4 v Uzbekistane a susedn\u00fdch regi\u00f3noch, nie je v\u00fdnimkou. V\u010faka svojim aglutina\u010dn\u00fdm vlastnostiam a \u0161trukt\u00faram <a href=\"https:\/\/talkpal.ai\/sk\/talkpal-pre-vzdelavanie\/\">si u\u010denie<\/a> uzbeck\u00e9ho jazyka vy\u017eaduje systematick\u00fd pr\u00edstup k pochopeniu jeho gramatiky. T\u00e1to pr\u00edru\u010dka na\u010drt\u00e1va k\u013e\u00fa\u010dov\u00e9 oblasti <a href=\"https:\/\/talkpal.ai\/sk\/uzbecka-gramatika\/\">uzbeckej gramatiky<\/a> v logickom porad\u00ed pre <a href=\"https:\/\/talkpal.ai\/sk\/talkpal-pre-vzdelavanie\/\">u\u010denie sa jazykov<\/a>, po\u010dn\u00fac z\u00e1kladmi, ako s\u00fa podstatn\u00e9 men\u00e1 a \u010dleny, a pokra\u010duj\u00fac k zlo\u017eitej\u0161\u00edm oblastiam, ako s\u00fa \u010dasy a kon\u0161trukcia viet.<\/p>\n\n\n\n<h3 class=\"wp-block-heading\" id=\"h-1-nouns\">1. Podstatn\u00e9 men\u00e1:<\/h3>\n\n\n\n<p>Za\u010dnite svoju cestu uzbeck\u00fdm jazykom u\u010den\u00edm sa podstatn\u00fdch mien. To zah\u0155\u0148a pochopenie r\u00f4znych kateg\u00f3ri\u00ed podstatn\u00fdch mien, ako s\u00fa v\u0161eobecn\u00e9 a vlastn\u00e9 podstatn\u00e9 men\u00e1, ako aj ich tvary mno\u017en\u00e9ho \u010d\u00edsla. Nau\u010dte sa mno\u017en\u00e9 \u010d\u00edslo pr\u00edpony -lar a hlavn\u00fdch koncoviek ako -ni, -ga, -da, -dan a -ning.<\/p>\n\n\n\n<h3 class=\"wp-block-heading\" id=\"h-2-articles\">2. \u010cl\u00e1nky:<\/h3>\n\n\n\n<p>Uzbe\u010dtina nem\u00e1 \u010dl\u00e1nky. Pochopenie toho, ako je ur\u010ditos\u0165 vyjadren\u00e1 kontextom, slovosledom a priamou zna\u010dkou objektu -ni, je rozhoduj\u00face pri kon\u0161trukcii viet.<\/p>\n\n\n\n<h3 class=\"wp-block-heading\" id=\"h-3-adjectives\">3. Pr\u00eddavn\u00e9 men\u00e1:<\/h3>\n\n\n\n<p>Pr\u00eddavn\u00e9 men\u00e1 v uzbeckom jazyku zvy\u010dajne predch\u00e1dzaj\u00fa podstatn\u00fdm men\u00e1m, na rozdiel od angli\u010dtiny v niektor\u00fdch pr\u00edpadoch. Nezhoduj\u00fa sa v pohlav\u00ed ani po\u010dte. Nau\u010dte sa, ako vytv\u00e1ra\u0165 komparat\u00edvy a superlat\u00edvy pomocou -roq a eng a ako zosil\u0148ova\u010de ako juda ovplyv\u0148uj\u00fa v\u00fdznam.<\/p>\n\n\n\n<h3 class=\"wp-block-heading\" id=\"h-4-pronouns-determiners\">4. Z\u00e1men\u00e1\/determin\u00e1tory:<\/h3>\n\n\n\n<p>Z\u00e1men\u00e1 a determinanty s\u00fa v uzbe\u010dtine nevyhnutn\u00e9; nahr\u00e1dzaj\u00fa podstatn\u00e9 men\u00e1 a poskytuj\u00fa inform\u00e1cie o mno\u017estve, vlastn\u00edctve a \u010fal\u0161\u00edch. Nau\u010dte sa <a href=\"https:\/\/talkpal.ai\/sk\/grammar\/pronomi-personali-v-talianskej-gramatike\/\">osobn\u00e9 z\u00e1men\u00e1<\/a>, ukazovacie slov\u00e1 ako bu, shu, u, privlast\u0148ovacie pr\u00edpony ako -im, -ing, -i a ako sa kombinuj\u00fa s p\u00e1dov\u00fdmi koncovkami pre spr\u00e1vne pou\u017eitie.<\/p>\n\n\n\n<h3 class=\"wp-block-heading\" id=\"h-5-verbs\">5. Sloves\u00e1:<\/h3>\n\n\n\n<p>Uzbeck\u00e9 sloves\u00e1 maj\u00fa r\u00f4zne tvary v z\u00e1vislosti od \u010dasu, aspektu, n\u00e1lady a osoby. Za\u010dnite s pr\u00edtomn\u00fdm habitu\u00e1lnym -adi a pr\u00edtomn\u00fdm progres\u00edvnym -yapti alebo -moqda, potom presk\u00famajte jednoduch\u00e9 minul\u00e9 -di, v\u00fdsledn\u00e9 -gan a bud\u00face v\u00fdrazy ako -adi a -moqchi.<\/p>\n\n\n\n<h3 class=\"wp-block-heading\" id=\"h-6-tenses\">6. \u010casy:<\/h3>\n\n\n\n<p>Po zvl\u00e1dnut\u00ed slovesn\u00fdch foriem sa ponorte hlb\u0161ie do uzbeck\u00fdch \u010dasov a aspektov. To zah\u0155\u0148a pochopenie rozdielov medzi s\u00fa\u010dasn\u00fdmi obvykl\u00fdmi, s\u00fa\u010dasn\u00fdmi progres\u00edvnymi, jednoduch\u00fdmi minul\u00fdmi, v\u00fdsledn\u00fdmi alebo sk\u00fasenostn\u00fdmi -gan a bud\u00facimi formami, spolu s t\u00fdm, ako sa pou\u017e\u00edvaj\u00fa v r\u00f4znych kontextoch a registroch.<\/p>\n\n\n\n<h3 class=\"wp-block-heading\" id=\"h-7-tense-comparison\">7. Nap\u00e4t\u00e9 porovnanie:<\/h3>\n\n\n\n<p>Porovn\u00e1vanie \u010dasov v uzbeckom jazyku pom\u00e1ha pochopi\u0165 postupnos\u0165 a aspekt udalost\u00ed. Porovnanie rovnak\u00e9ho slovesa v obvyklej, progres\u00edvnej, minulej, v\u00fdslednej a bud\u00facej forme poskytne lep\u0161ie pochopenie uzbeck\u00e9ho jazyka.<\/p>\n\n\n\n<h3 class=\"wp-block-heading\" id=\"h-8-progressive\">8. Progres\u00edvne:<\/h3>\n\n\n\n<p>Progres\u00edvny v uzbeckom jazyku sa pou\u017e\u00edva na vyjadrenie prebiehaj\u00facich \u010dinov. Tvor\u00ed sa pomocou zna\u010diek -yap- alebo -moqda pripojen\u00fdch k kme\u0148u slovesa alebo pomocou pomocn\u00e9ho znaku, ako je yotmoq v analytick\u00fdch kon\u0161trukci\u00e1ch.<\/p>\n\n\n\n<h3 class=\"wp-block-heading\" id=\"h-9-perfect-progressive\">9. Perfektne progres\u00edvne:<\/h3>\n\n\n\n<p>Pou\u017e\u00edva sa na vyjadrenie akci\u00ed, ktor\u00e9 prebiehali a\u017e do ur\u010dit\u00e9ho bodu. V uzbe\u010dtine sa vyjadruje kon\u0161trukciami ako -ib kelmoq alebo -ib turmoq, alebo pou\u017eit\u00edm progres\u00edvnej formy s edi na nastavenie minul\u00e9ho referen\u010dn\u00e9ho bodu.<\/p>\n\n\n\n<h3 class=\"wp-block-heading\" id=\"h-10-conditionals\">10. Podmienky:<\/h3>\n\n\n\n<p>Podmienen\u00e9 vyjadruj\u00fa hypotetick\u00e9 situ\u00e1cie a ich mo\u017en\u00e9 v\u00fdsledky. S\u00fa d\u00f4le\u017eitou s\u00fa\u010das\u0165ou uzbeckej gramatiky a skomplikuj\u00fa va\u0161e jazykov\u00e9 zru\u010dnosti. Pou\u017e\u00edvajte pr\u00edponu -sa, \u010dasto s agarom, a tvorte kontrafaktu\u00e1lne so vzormi ako -gan bo&#8217;lardi alebo bo&#8217;lganida.<\/p>\n\n\n\n<h3 class=\"wp-block-heading\" id=\"h-11-adverbs\">11. Pr\u00edslovky:<\/h3>\n\n\n\n<p>Pr\u00edslovky v uzbeckom jazyku upravuj\u00fa sloves\u00e1, pr\u00eddavn\u00e9 men\u00e1 alebo in\u00e9 pr\u00edslovky. Poskytuj\u00fa inform\u00e1cie o sp\u00f4sobe, mieste, \u010dase, stupni a \u010fal\u0161ie. Mnoh\u00e9 pr\u00edslovky s\u00fa lexik\u00e1lne a niektor\u00e9 s\u00fa tvoren\u00e9 pr\u00edponami ako -cha alebo -lab.<\/p>\n\n\n\n<h3 class=\"wp-block-heading\" id=\"h-12-prepositions\">12. Predlo\u017eky:<\/h3>\n\n\n\n<p>Predlo\u017eky sp\u00e1jaj\u00fa slov\u00e1 a fr\u00e1zy dohromady. V uzbe\u010dtine sa tieto vz\u0165ahy vyjadruj\u00fa predov\u0161etk\u00fdm p\u00e1dov\u00fdmi koncovkami a postpoz\u00edciami, a nie predlo\u017ekami. Nau\u010dte sa pou\u017e\u00edva\u0165 ve\u013ek\u00e9 a mal\u00e9 p\u00edsmen\u00e1 ako -da, -dan, -ga a be\u017en\u00e9 postpoz\u00edcie ako uchun, bilan, oldin, keyin, tomon a kabi.<\/p>\n\n\n\n<h3 class=\"wp-block-heading\" id=\"h-13-sentences\">13. Vety:<\/h3>\n\n\n\n<p>Nakoniec si precvi\u010dte kon\u0161trukciu viet. To bude zah\u0155\u0148a\u0165 pou\u017eitie v\u0161etk\u00fdch predt\u00fdm nau\u010den\u00fdch gramatick\u00fdch bodov v kontexte, \u010d\u00edm sa zabezpe\u010d\u00ed komplexn\u00e9 pochopenie uzbeck\u00e9ho jazyka. Venujte pozornos\u0165 typick\u00e9mu slovosledu SV, ot\u00e1zkovej \u010dastici mi a neg\u00e1cii s -ma pre sloves\u00e1 a emas pre nomin\u00e1lne predik\u00e1ty.<\/p>\n<\/div><\/div>\n\r\n<section class=\"learnNavigationSection\">\r\n            \r\n        <a href=\"https:\/\/talkpal.ai\/sk\/naucte-sa-uzbecky\/\">\r\n            <div class=\"learnNavigationWrapper\">\r\n                <div class=\"learnNavigationContent\">\r\n                    <img decoding=\"async\" src=\"https:\/\/talkpal.ai\/wp-content\/uploads\/2025\/11\/Uzbek.png\" alt=\"Uzbek Flag\">\r\n                    <div>\r\n                        <h4>O uzbeckom vzdel\u00e1van\u00ed<\/h4>\r\n                        <p>Zistite v\u0161etko o uzbeckej gramatike.<\/p>\r\n                    <\/div>\r\n                <\/div>\r\n            <\/div>\r\n        <\/a>\r\n\r\n        \r\n        <a href=\"https:\/\/talkpal.ai\/sk\/uzbecka-gramatika\/\">\r\n            <div class=\"learnNavigationWrapper\">\r\n                <div class=\"learnNavigationContent\">\r\n                    <img decoding=\"async\" src=\"https:\/\/talkpal.ai\/wp-content\/uploads\/2025\/11\/Uzbek.png\" alt=\"Uzbek Flag\">\r\n                    <div>\r\n                        <h4>Lekcie uzbeckej gramatiky<\/h4>\r\n                        <p>Precvi\u010dte si uzbeck\u00fa gramatiku.<\/p>\r\n                    <\/div>\r\n                <\/div>\r\n            <\/div>\r\n        <\/a>\r\n\r\n            <\/section>","protected":false},"excerpt":{"rendered":"<p>Uzbeck\u00e9 gramatick\u00e9 t\u00e9my Nau\u010di\u0165 sa nov\u00fd jazyk m\u00f4\u017ee by\u0165 n\u00e1ro\u010dn\u00e9, ale obohacuj\u00face \u00fasilie. Uzbe\u010dtina, turkick\u00fd jazyk, ktor\u00fdm sa hovor\u00ed najm\u00e4 v Uzbekistane a susedn\u00fdch regi\u00f3noch, nie je v\u00fdnimkou. V\u010faka svojim aglutina\u010dn\u00fdm vlastnostiam a \u0161trukt\u00faram si u\u010denie uzbeck\u00e9ho jazyka vy\u017eaduje systematick\u00fd pr\u00edstup k pochopeniu jeho gramatiky. T\u00e1to pr\u00edru\u010dka na\u010drt\u00e1va k\u013e\u00fa\u010dov\u00e9 oblasti uzbeckej gramatiky v logickom porad\u00ed [&hellip;]<\/p>\n","protected":false},"author":20,"featured_media":0,"parent":0,"menu_order":0,"comment_status":"closed","ping_status":"closed","template":"LearningContentPage.php","meta":{"_acf_changed":false,"footnotes":""},"class_list":["post-1478273","page","type-page","status-publish","hentry"],"acf":[],"yoast_head":"<!-- This site is optimized with the Yoast SEO Premium plugin v27.2 (Yoast SEO v27.2) - https:\/\/yoast.com\/product\/yoast-seo-premium-wordpress\/ -->\n<title>Uzbeck\u00e9 gramatick\u00e9 cvi\u010denia - Talkpal<\/title>\n<meta name=\"description\" content=\"Zvl\u00e1dnite uzbeck\u00fa gramatiku pomocou interakt\u00edvnych cvi\u010den\u00ed na podstatn\u00e9 men\u00e1, sloves\u00e1 a \u010dasy, aby ste si vybudovali plynulos\u0165 jazyka.\" \/>\n<meta name=\"robots\" content=\"index, follow, max-snippet:-1, max-image-preview:large, max-video-preview:-1\" \/>\n<link rel=\"canonical\" href=\"https:\/\/talkpal.ai\/sk\/uzbecke-gramaticke-cvicenia\/\" \/>\n<meta property=\"og:locale\" content=\"sk_SK\" \/>\n<meta property=\"og:type\" content=\"article\" \/>\n<meta property=\"og:title\" content=\"Uzbeck\u00e9 gramatick\u00e9 cvi\u010denia\" \/>\n<meta property=\"og:description\" content=\"Uzbeck\u00e9 gramatick\u00e9 t\u00e9my Nau\u010di\u0165 sa nov\u00fd jazyk m\u00f4\u017ee by\u0165 n\u00e1ro\u010dn\u00e9, ale obohacuj\u00face \u00fasilie. Uzbe\u010dtina, turkick\u00fd jazyk, ktor\u00fdm sa hovor\u00ed najm\u00e4 v Uzbekistane a\" \/>\n<meta property=\"og:url\" content=\"https:\/\/talkpal.ai\/sk\/uzbecke-gramaticke-cvicenia\/\" \/>\n<meta property=\"og:site_name\" content=\"Talkpal\" \/>\n<meta property=\"article:publisher\" content=\"https:\/\/www.facebook.com\/profile.php?id=100090733639311\" \/>\n<meta property=\"article:modified_time\" content=\"2025-12-30T13:35:17+00:00\" \/>\n<meta property=\"og:image\" content=\"https:\/\/talkpal.ai\/wp-content\/uploads\/2025\/02\/Progress-tab-16_9.png\" \/>\n\t<meta property=\"og:image:width\" content=\"2880\" \/>\n\t<meta property=\"og:image:height\" content=\"1620\" \/>\n\t<meta property=\"og:image:type\" content=\"image\/png\" \/>\n<meta name=\"twitter:card\" content=\"summary_large_image\" \/>\n<meta name=\"twitter:site\" content=\"@talkpalai\" \/>\n<meta name=\"twitter:label1\" content=\"Predpokladan\u00fd \u010das \u010d\u00edtania\" \/>\n\t<meta name=\"twitter:data1\" content=\"4 min\u00faty\" \/>\n<script type=\"application\/ld+json\" class=\"yoast-schema-graph\">{\"@context\":\"https:\/\/schema.org\",\"@graph\":[{\"@type\":\"WebPage\",\"@id\":\"https:\/\/talkpal.ai\/sk\/uzbecke-gramaticke-cvicenia\/\",\"url\":\"https:\/\/talkpal.ai\/sk\/uzbecke-gramaticke-cvicenia\/\",\"name\":\"Uzbeck\u00e9 gramatick\u00e9 cvi\u010denia - Talkpal\",\"isPartOf\":{\"@id\":\"https:\/\/talkpal.ai\/sk\/#website\"},\"datePublished\":\"2025-11-12T17:24:56+00:00\",\"dateModified\":\"2025-12-30T13:35:17+00:00\",\"description\":\"Zvl\u00e1dnite uzbeck\u00fa gramatiku pomocou interakt\u00edvnych cvi\u010den\u00ed na podstatn\u00e9 men\u00e1, sloves\u00e1 a \u010dasy, aby ste si vybudovali plynulos\u0165 jazyka.\",\"breadcrumb\":{\"@id\":\"https:\/\/talkpal.ai\/sk\/uzbecke-gramaticke-cvicenia\/#breadcrumb\"},\"inLanguage\":\"sk-SK\",\"potentialAction\":[{\"@type\":\"ReadAction\",\"target\":[\"https:\/\/talkpal.ai\/sk\/uzbecke-gramaticke-cvicenia\/\"]}]},{\"@type\":\"BreadcrumbList\",\"@id\":\"https:\/\/talkpal.ai\/sk\/uzbecke-gramaticke-cvicenia\/#breadcrumb\",\"itemListElement\":[{\"@type\":\"ListItem\",\"position\":1,\"name\":\"Homepage\",\"item\":\"https:\/\/talkpal.ai\/sk\/\"},{\"@type\":\"ListItem\",\"position\":2,\"name\":\"Uzbeck\u00e9 gramatick\u00e9 cvi\u010denia\"}]},{\"@type\":\"WebSite\",\"@id\":\"https:\/\/talkpal.ai\/sk\/#website\",\"url\":\"https:\/\/talkpal.ai\/sk\/\",\"name\":\"Talkpal\",\"description\":\"AI Language Learning\",\"publisher\":{\"@id\":\"https:\/\/talkpal.ai\/sk\/#organization\"},\"alternateName\":\"Talkpal AI\",\"potentialAction\":[{\"@type\":\"SearchAction\",\"target\":{\"@type\":\"EntryPoint\",\"urlTemplate\":\"https:\/\/talkpal.ai\/sk\/?s={search_term_string}\"},\"query-input\":{\"@type\":\"PropertyValueSpecification\",\"valueRequired\":true,\"valueName\":\"search_term_string\"}}],\"inLanguage\":\"sk-SK\"},{\"@type\":\"Organization\",\"@id\":\"https:\/\/talkpal.ai\/sk\/#organization\",\"name\":\"Talkpal, Inc.\",\"alternateName\":\"Talkpal AI\",\"url\":\"https:\/\/talkpal.ai\/sk\/\",\"logo\":{\"@type\":\"ImageObject\",\"inLanguage\":\"sk-SK\",\"@id\":\"https:\/\/talkpal.ai\/sk\/#\/schema\/logo\/image\/\",\"url\":\"https:\/\/talkpal.ai\/wp-content\/uploads\/2024\/03\/Talkpal-Logo-Icon.png\",\"contentUrl\":\"https:\/\/talkpal.ai\/wp-content\/uploads\/2024\/03\/Talkpal-Logo-Icon.png\",\"width\":2880,\"height\":2880,\"caption\":\"Talkpal, Inc.\"},\"image\":{\"@id\":\"https:\/\/talkpal.ai\/sk\/#\/schema\/logo\/image\/\"},\"sameAs\":[\"https:\/\/www.facebook.com\/profile.php?id=100090733639311\",\"https:\/\/x.com\/talkpalai\",\"https:\/\/www.linkedin.com\/company\/talkpal\/\",\"https:\/\/www.youtube.com\/@TalkPal\/\",\"https:\/\/www.tiktok.com\/@talkpal\",\"https:\/\/www.instagram.com\/talkpal_ai\/\",\"https:\/\/www.crunchbase.com\/organization\/talkpal-9cde\",\"https:\/\/www.g2.com\/products\/talkpal-for-business\/\",\"https:\/\/www.trustpilot.com\/review\/talkpal.ai\",\"https:\/\/www.capterra.com\/p\/10006800\/TalkPal\/\"],\"description\":\"Talkpal is a language learning web and mobile education app, powered by the latest AI technologies, that provides engaging experiences to its customers in many different languages to help them improve their language skills. Users can chat about unlimited amount of topics with the app and use other modes to practice their language learning.\",\"email\":\"support@talkpal.ai\",\"legalName\":\"Talkpal, Inc.\",\"foundingDate\":\"2023-04-03\",\"duns\":\"118989042\",\"numberOfEmployees\":{\"@type\":\"QuantitativeValue\",\"minValue\":\"11\",\"maxValue\":\"50\"},\"publishingPrinciples\":\"https:\/\/talkpal.ai\/publishing-principles\/\",\"actionableFeedbackPolicy\":\"https:\/\/talkpal.ai\/actionable-feedback-policy\/\",\"correctionsPolicy\":\"https:\/\/talkpal.ai\/corrections-policy\/\",\"ethicsPolicy\":\"https:\/\/talkpal.ai\/ethics-policy\/\",\"diversityPolicy\":\"https:\/\/talkpal.ai\/diversity-policy\/\",\"diversityStaffingReport\":\"https:\/\/talkpal.ai\/diversity-policy\/\"}]}<\/script>\n<!-- \/ Yoast SEO Premium plugin. -->","yoast_head_json":{"title":"Uzbeck\u00e9 gramatick\u00e9 cvi\u010denia - Talkpal","description":"Zvl\u00e1dnite uzbeck\u00fa gramatiku pomocou interakt\u00edvnych cvi\u010den\u00ed na podstatn\u00e9 men\u00e1, sloves\u00e1 a \u010dasy, aby ste si vybudovali plynulos\u0165 jazyka.","robots":{"index":"index","follow":"follow","max-snippet":"max-snippet:-1","max-image-preview":"max-image-preview:large","max-video-preview":"max-video-preview:-1"},"canonical":"https:\/\/talkpal.ai\/sk\/uzbecke-gramaticke-cvicenia\/","og_locale":"sk_SK","og_type":"article","og_title":"Uzbeck\u00e9 gramatick\u00e9 cvi\u010denia","og_description":"Uzbeck\u00e9 gramatick\u00e9 t\u00e9my Nau\u010di\u0165 sa nov\u00fd jazyk m\u00f4\u017ee by\u0165 n\u00e1ro\u010dn\u00e9, ale obohacuj\u00face \u00fasilie. Uzbe\u010dtina, turkick\u00fd jazyk, ktor\u00fdm sa hovor\u00ed najm\u00e4 v Uzbekistane a","og_url":"https:\/\/talkpal.ai\/sk\/uzbecke-gramaticke-cvicenia\/","og_site_name":"Talkpal","article_publisher":"https:\/\/www.facebook.com\/profile.php?id=100090733639311","article_modified_time":"2025-12-30T13:35:17+00:00","og_image":[{"width":2880,"height":1620,"url":"https:\/\/talkpal.ai\/wp-content\/uploads\/2025\/02\/Progress-tab-16_9.png","type":"image\/png"}],"twitter_card":"summary_large_image","twitter_site":"@talkpalai","twitter_misc":{"Predpokladan\u00fd \u010das \u010d\u00edtania":"4 min\u00faty"},"schema":{"@context":"https:\/\/schema.org","@graph":[{"@type":"WebPage","@id":"https:\/\/talkpal.ai\/sk\/uzbecke-gramaticke-cvicenia\/","url":"https:\/\/talkpal.ai\/sk\/uzbecke-gramaticke-cvicenia\/","name":"Uzbeck\u00e9 gramatick\u00e9 cvi\u010denia - Talkpal","isPartOf":{"@id":"https:\/\/talkpal.ai\/sk\/#website"},"datePublished":"2025-11-12T17:24:56+00:00","dateModified":"2025-12-30T13:35:17+00:00","description":"Zvl\u00e1dnite uzbeck\u00fa gramatiku pomocou interakt\u00edvnych cvi\u010den\u00ed na podstatn\u00e9 men\u00e1, sloves\u00e1 a \u010dasy, aby ste si vybudovali plynulos\u0165 jazyka.","breadcrumb":{"@id":"https:\/\/talkpal.ai\/sk\/uzbecke-gramaticke-cvicenia\/#breadcrumb"},"inLanguage":"sk-SK","potentialAction":[{"@type":"ReadAction","target":["https:\/\/talkpal.ai\/sk\/uzbecke-gramaticke-cvicenia\/"]}]},{"@type":"BreadcrumbList","@id":"https:\/\/talkpal.ai\/sk\/uzbecke-gramaticke-cvicenia\/#breadcrumb","itemListElement":[{"@type":"ListItem","position":1,"name":"Homepage","item":"https:\/\/talkpal.ai\/sk\/"},{"@type":"ListItem","position":2,"name":"Uzbeck\u00e9 gramatick\u00e9 cvi\u010denia"}]},{"@type":"WebSite","@id":"https:\/\/talkpal.ai\/sk\/#website","url":"https:\/\/talkpal.ai\/sk\/","name":"Talkpal","description":"AI Language Learning","publisher":{"@id":"https:\/\/talkpal.ai\/sk\/#organization"},"alternateName":"Talkpal AI","potentialAction":[{"@type":"SearchAction","target":{"@type":"EntryPoint","urlTemplate":"https:\/\/talkpal.ai\/sk\/?s={search_term_string}"},"query-input":{"@type":"PropertyValueSpecification","valueRequired":true,"valueName":"search_term_string"}}],"inLanguage":"sk-SK"},{"@type":"Organization","@id":"https:\/\/talkpal.ai\/sk\/#organization","name":"Talkpal, Inc.","alternateName":"Talkpal AI","url":"https:\/\/talkpal.ai\/sk\/","logo":{"@type":"ImageObject","inLanguage":"sk-SK","@id":"https:\/\/talkpal.ai\/sk\/#\/schema\/logo\/image\/","url":"https:\/\/talkpal.ai\/wp-content\/uploads\/2024\/03\/Talkpal-Logo-Icon.png","contentUrl":"https:\/\/talkpal.ai\/wp-content\/uploads\/2024\/03\/Talkpal-Logo-Icon.png","width":2880,"height":2880,"caption":"Talkpal, Inc."},"image":{"@id":"https:\/\/talkpal.ai\/sk\/#\/schema\/logo\/image\/"},"sameAs":["https:\/\/www.facebook.com\/profile.php?id=100090733639311","https:\/\/x.com\/talkpalai","https:\/\/www.linkedin.com\/company\/talkpal\/","https:\/\/www.youtube.com\/@TalkPal\/","https:\/\/www.tiktok.com\/@talkpal","https:\/\/www.instagram.com\/talkpal_ai\/","https:\/\/www.crunchbase.com\/organization\/talkpal-9cde","https:\/\/www.g2.com\/products\/talkpal-for-business\/","https:\/\/www.trustpilot.com\/review\/talkpal.ai","https:\/\/www.capterra.com\/p\/10006800\/TalkPal\/"],"description":"Talkpal is a language learning web and mobile education app, powered by the latest AI technologies, that provides engaging experiences to its customers in many different languages to help them improve their language skills. Users can chat about unlimited amount of topics with the app and use other modes to practice their language learning.","email":"support@talkpal.ai","legalName":"Talkpal, Inc.","foundingDate":"2023-04-03","duns":"118989042","numberOfEmployees":{"@type":"QuantitativeValue","minValue":"11","maxValue":"50"},"publishingPrinciples":"https:\/\/talkpal.ai\/publishing-principles\/","actionableFeedbackPolicy":"https:\/\/talkpal.ai\/actionable-feedback-policy\/","correctionsPolicy":"https:\/\/talkpal.ai\/corrections-policy\/","ethicsPolicy":"https:\/\/talkpal.ai\/ethics-policy\/","diversityPolicy":"https:\/\/talkpal.ai\/diversity-policy\/","diversityStaffingReport":"https:\/\/talkpal.ai\/diversity-policy\/"}]}},"_links":{"self":[{"href":"https:\/\/talkpal.ai\/sk\/wp-json\/wp\/v2\/pages\/1478273","targetHints":{"allow":["GET"]}}],"collection":[{"href":"https:\/\/talkpal.ai\/sk\/wp-json\/wp\/v2\/pages"}],"about":[{"href":"https:\/\/talkpal.ai\/sk\/wp-json\/wp\/v2\/types\/page"}],"author":[{"embeddable":true,"href":"https:\/\/talkpal.ai\/sk\/wp-json\/wp\/v2\/users\/20"}],"replies":[{"embeddable":true,"href":"https:\/\/talkpal.ai\/sk\/wp-json\/wp\/v2\/comments?post=1478273"}],"version-history":[{"count":0,"href":"https:\/\/talkpal.ai\/sk\/wp-json\/wp\/v2\/pages\/1478273\/revisions"}],"wp:attachment":[{"href":"https:\/\/talkpal.ai\/sk\/wp-json\/wp\/v2\/media?parent=1478273"}],"curies":[{"name":"wp","href":"https:\/\/api.w.org\/{rel}","templated":true}]}}