{"id":1478205,"date":"2025-11-12T17:11:45","date_gmt":"2025-11-12T17:11:45","guid":{"rendered":"https:\/\/talkpal.ai\/telugska-gramatika\/"},"modified":"2025-12-30T11:48:29","modified_gmt":"2025-12-30T11:48:29","slug":"telugska-gramatika","status":"publish","type":"page","link":"https:\/\/talkpal.ai\/sk\/telugska-gramatika\/","title":{"rendered":"Telugsk\u00e1 gramatika"},"content":{"rendered":"\r\n\r\n\r\n<section class=\"languageChallengeSection\">\r\n    <div class=\"languageInfoWrapper\">\r\n        \r\n        <h1>Telugsk\u00e1 gramatika<\/h1>\r\n        <p>Telugsk\u00e1 <a href=\"https:\/\/talkpal.ai\/sq\/gramatika\/\">gramatika<\/a> sa m\u00f4\u017ee na prv\u00fd poh\u013ead zda\u0165 n\u00e1ro\u010dn\u00e1, ale v\u010faka jej jedine\u010dn\u00fdm vlastnostiam je <a href=\"https:\/\/talkpal.ai\/sk\/ucenie\/\">u\u010denie sa<\/a> jazyka obohacuj\u00facou sk\u00fasenos\u0165ou. Sk\u00faman\u00edm abecedy, mut\u00e1ci\u00ed a gramatick\u00fdch pravidiel z\u00edskate preh\u013ead o bohatej jazykovej trad\u00edcii. Za\u010dnite svoju cestu a objavte kr\u00e1sy telug\u010diny!<\/p>\r\n\r\n                            <a class=\"getStartedHidden\" href=\"https:\/\/app.talkpal.ai\/sk\/signup?lng=\">Za\u010dni<\/a>\r\n        \r\n    <\/div>\r\n\r\n    <figure>\r\n    <img decoding=\"async\" width=\"768\" height=\"768\" src=\"https:\/\/talkpal.ai\/wp-content\/uploads\/2023\/06\/welsh-768x768.png\" class=\"languageImage no-lazy\" alt=\"Language learning for better cognitive abilities\" fetchpriority=\"high\" sizes=\"(max-width: 768px) 150px, 768px\" srcset=\"https:\/\/talkpal.ai\/wp-content\/uploads\/2023\/06\/welsh-768x768.png 768w, https:\/\/talkpal.ai\/wp-content\/uploads\/2023\/06\/welsh-300x300.png 300w\" \/>\r\n    \r\n\r\n    <\/figure>\r\n\r\n            <a class=\"getStartedVisible\" href=\"https:\/\/app.talkpal.ai\/sk\/signup?lng=\">Za\u010dni<\/a>\r\n    \r\n<\/section><section class=\"promotionalBanner\">\r\n    <p class=\"promotionalText\">Najefekt\u00edvnej\u0161\u00ed sp\u00f4sob, ako sa nau\u010di\u0165 jazyk<\/p>\r\n    <a class=\"promotionalLink\" href=\"https:\/\/app.talkpal.ai\/sk\/signup?lng=\">Vysk\u00fa\u0161ajte Talkpal zadarmo<\/a>\r\n<\/section>\n<div class=\"wp-block-group pageContainerStyle\"><div class=\"wp-block-group__inner-container is-layout-constrained wp-block-group-is-layout-constrained\">\n<h2 class=\"wp-block-heading\" id=\"h-navigating-the-intricacies-of-telugu-grammar\">Navig\u00e1cia v zlo\u017eitosti telugskej gramatiky<\/h2>\n\n\n\n<p><a href=\"https:\/\/talkpal.ai\/sk\/naucte-sa-telugcinu\/\">Telug\u010dina<\/a>, dr\u00e1vidsk\u00fd jazyk so \u017eivou liter\u00e1rnou trad\u00edciou a kult\u00farnym v\u00fdznamom v \u00c1ndhraprad\u00e9\u0161i a Telangane, pon\u00faka vzru\u0161uj\u00faci jazykov\u00fd z\u00e1\u017eitok pre t\u00fdch, ktor\u00ed t\u00fa\u017eia presk\u00fama\u0165 jeho jedine\u010dn\u00fd gramatick\u00fd syst\u00e9m. Ke\u010f sa vyd\u00e1te do r\u00ed\u0161e telug\u010diny, nielen\u017ee obohat\u00edte svoj jazykov\u00fd reperto\u00e1r, ale aj prijmete fascinuj\u00facu kult\u00farnu cestu. Aj ke\u010f sa gramatika telug\u010diny m\u00f4\u017ee na prv\u00fd poh\u013ead zda\u0165 komplikovan\u00e1, jej rozdelenie na z\u00e1kladn\u00e9 zlo\u017eky rob\u00ed u\u010denie jazyka pr\u00edstupnej\u0161\u00edm. V tomto \u010dl\u00e1nku presk\u00famame podmaniv\u00fd svet telugskej gramatiky a poskytneme tipy, ako zvl\u00e1dnu\u0165 jeho zlo\u017eitos\u0165.<\/p>\n\n\n\n<h3 class=\"wp-block-heading\" id=\"h-1-telugu-alphabet-and-phonetics\">1. Telugsk\u00e1 abeceda a fonetika<\/h3>\n\n\n\n<p>Telugsk\u00e9 p\u00edsmo obsahuje 16 samohl\u00e1sok a 36 spoluhl\u00e1sok spolu so znakmi ako anusvara a visarga. Je to abugida, kde spoluhl\u00e1skov\u00e9 symboly nes\u00fa inherentn\u00fa samohl\u00e1sku, ktor\u00fa mo\u017eno upravi\u0165 diakritikou samohl\u00e1sok naz\u00fdvanou gunintalu. Telugsk\u00e1 fonetika zah\u0155\u0148a jasn\u00e9 kontrasty dlh\u00fdch a kr\u00e1tkych samohl\u00e1sok a s\u00fabor retroflexn\u00fdch spoluhl\u00e1sok. Ak sa chcete nau\u010di\u0165 telugsk\u00fa gramatiku, je d\u00f4le\u017eit\u00e9 zozn\u00e1mi\u0165 sa s t\u00fdmto charakteristick\u00fdm syst\u00e9mom p\u00edsania precvi\u010dovan\u00edm \u010d\u00edtania a p\u00edsania v telug\u010dine.<\/p>\n\n\n\n<h3 class=\"wp-block-heading\" id=\"h-2-sandhi-and-assimilation-a-notable-telugu-feature\">2. Sandhi a asimil\u00e1cia: Pozoruhodn\u00e1 telugsk\u00e1 funkcia<\/h3>\n\n\n\n<p>Jedn\u00fdm z najv\u00fdraznej\u0161\u00edch aspektov telugskej gramatiky je pou\u017eitie sandhi a fonologickej asimil\u00e1cie, ktor\u00e9 sp\u00f4sobuj\u00fa zmenu zvukov na hraniciach slov a morf\u00e9m. Samohl\u00e1sky sa m\u00f4\u017eu sp\u00e1ja\u0165 alebo predl\u017eova\u0165 a spoluhl\u00e1sky sa m\u00f4\u017eu asimilova\u0165 alebo geminova\u0165. Pochopenie toho, kedy a ako k t\u00fdmto zmen\u00e1m doch\u00e1dza, v re\u010di aj pravopise, je nevyhnutn\u00e9 pre presn\u00fa komunik\u00e1ciu v telug\u010dine.<\/p>\n\n\n\n<h3 class=\"wp-block-heading\" id=\"h-3-nouns-and-pronouns-gender-and-cases\">3. Podstatn\u00e9 men\u00e1 a z\u00e1men\u00e1: rod a pr\u00edpady<\/h3>\n\n\n\n<p>Telugsk\u00e9 podstatn\u00e9 men\u00e1 nie s\u00fa ozna\u010den\u00e9 pre gramatick\u00fd rod rovnak\u00fdm sp\u00f4sobom ako niektor\u00e9 indoeur\u00f3pske <a href=\"https:\/\/talkpal.ai\/what-language-is-spoken-on-the-international-space-station\/\">jazyky<\/a>, ale zhoda sa odr\u00e1\u017ea v sloves\u00e1ch a z\u00e1men\u00e1ch, ktor\u00e9 rozli\u0161uj\u00fa mu\u017esk\u00fd, \u017eensk\u00fd a stredn\u00fd rod v tretej osobe. Mno\u017en\u00e9 \u010d\u00edslo sa be\u017ene tvor\u00ed s pr\u00edponou -lu, hoci vzory sa l\u00ed\u0161ia pod\u013ea triedy podstatn\u00e9ho mena. <a href=\"https:\/\/talkpal.ai\/learn-telugu\/\">Telug\u010dina<\/a> pou\u017e\u00edva na ozna\u010denie vz\u0165ahov pr\u00edpony p\u00e1dov, ako napr\u00edklad akuz\u00edv -ni, dat\u00edv -ki alebo -ku, genit\u00edv -di alebo -yokka, in\u0161trument\u00e1l -to, lok\u00e1l -lo a ablat\u00edv -nundi. Z\u00e1men\u00e1 zah\u0155\u0148aj\u00fa osobn\u00e9 (nenu, nuvvu, meeru, atanu, ame, adi), privlast\u0148ovacie (naa, nee, maa, me), reflex\u00edvne (tanu v r\u00f4znych funkci\u00e1ch), ukazovacie (idi, adi, ivvi, avi) a opytovacie (emi, evaru, \u0113di). Obozn\u00e1menie sa s t\u00fdmito formami v\u00fdrazne zlep\u0161\u00ed va\u0161e pochopenie telugskej gramatiky.<\/p>\n\n\n\n<h3 class=\"wp-block-heading\" id=\"h-4-verbs-structure-and-conjugation\">4. Sloves\u00e1: \u0161trukt\u00fara a \u010dasovanie<\/h3>\n\n\n\n<p>Telugsk\u00e9 sloves\u00e1 s\u00fa aglutinat\u00edvne a \u010dasovan\u00e9 pre osobu, \u010d\u00edslo a \u010dasto rod, s dodato\u010dn\u00fdm ozna\u010den\u00edm pre \u010das, aspekt, n\u00e1ladu a zdvorilos\u0165. Be\u017en\u00e9 \u010dasy a aspekty zah\u0155\u0148aj\u00fa minul\u00fd, bud\u00faci a \u0161iroko pou\u017e\u00edvan\u00fd pr\u00edtomn\u00fd progres\u00edvny v -tunn- form\u00e1ch. N\u00e1lada je vyjadren\u00e1 imperat\u00edvnymi a podmienen\u00fdmi formami a \u00farovne zdvorilosti s\u00fa ozna\u010den\u00e9 \u00factiv\u00fdmi koncovkami ako -andi. U\u010denie sa slovesn\u00fdch kme\u0148ov a \u010dasovac\u00edch vzorov zlep\u0161\u00ed va\u0161u schopnos\u0165 efekt\u00edvne komunikova\u0165 v telug\u010dine.<\/p>\n\n\n\n<h3 class=\"wp-block-heading\" id=\"h-5-adjectives-agreement-and-placement\">5. Pr\u00eddavn\u00e9 men\u00e1: Zmluva a umiestnenie<\/h3>\n\n\n\n<p>V telugskej gramatike pr\u00eddavn\u00e9 men\u00e1 zvy\u010dajne predch\u00e1dzaj\u00fa podstatn\u00e9mu menu, ktor\u00e9 upravuj\u00fa, a vo v\u0161eobecnosti nemenia tvar \u010d\u00edsla alebo rodu. Participi\u00e1lne pr\u00eddavn\u00e9 men\u00e1 a ur\u010dit\u00e9 prevzat\u00e9 formy m\u00f4\u017eu vykazova\u0165 \u010fal\u0161iu morfol\u00f3giu a porovnanie sa \u010dasto vyjadruje analyticky pomocou slov ako inka pre viac a atyantha alebo ch\u0101la pre v\u00e4\u010d\u0161inu, s porovnan\u00edm ozna\u010denia kanna. Tieto vzorce s\u00fa nevyhnutn\u00e9 na to, aby ste sa nau\u010dili prirodzenej\u0161ie komunikova\u0165.<\/p>\n\n\n\n<p><strong>Pr\u00edklady:<\/strong><\/p>\n\n\n\n<p><strong>\u2013 Pedda Prema (Ve\u013ek\u00e1 l\u00e1ska)<\/strong><\/p>\n\n\n\n<p><strong>\u2013 Chinna Pillalu (mal\u00e9 deti)<\/strong><\/p>\n\n\n\n<h3 class=\"wp-block-heading\" id=\"h-6-engaging-with-the-language\">6. Zapojenie sa do jazyka<\/h3>\n\n\n\n<p>Naj\u00fa\u010dinnej\u0161\u00edm sp\u00f4sobom, ako plne pochopi\u0165 a osvoji\u0165 si telugsk\u00fa gramatiku, je d\u00f4sledne sa zap\u00e1ja\u0165 do jazyka. \u010c\u00edtan\u00edm telugskej literat\u00fary, sledovan\u00edm telugsk\u00fdch filmov alebo telev\u00edznych seri\u00e1lov a akt\u00edvnou komunik\u00e1ciou s roden\u00fdmi hovoriacimi posiln\u00edte svoje porozumenie gramatike a z\u00e1rove\u0148 si roz\u0161\u00edrite slovn\u00fa z\u00e1sobu.<\/p>\n\n\n\n<h3 class=\"wp-block-heading\" id=\"h-conclusion\">Z\u00e1ver<\/h3>\n\n\n\n<p>Aj ke\u010f sa <a href=\"https:\/\/talkpal.ai\/telugu-grammar\/\">telugsk\u00e1 gramatika<\/a> m\u00f4\u017ee zda\u0165 zlo\u017eit\u00e1, m\u00f4\u017eete sa sta\u0165 zdatn\u00fdmi v tomto kr\u00e1snom jazyku s odhodlan\u00edm, praxou a nad\u0161en\u00edm. Zameran\u00edm sa na z\u00e1kladn\u00e9 pravidl\u00e1 a zapojen\u00edm sa do jazyka v r\u00f4znych kontextoch r\u00fdchlo zlep\u0161\u00edte <a href=\"https:\/\/talkpal.ai\/sk\/gramatika\/\">svoje gramatick\u00e9 zru\u010dnosti<\/a> v telug\u010dine. Shubhakankshalu (v\u0161etko najlep\u0161ie) s va\u0161ou jazykovou cestou telug\u010diny a u\u017eite si odha\u013eovanie bohat\u00e9ho a podmaniv\u00e9ho sveta telugskej gramatiky!<\/p>\n<\/div><\/div>\n\r\n<section class=\"learnNavigationSection\">\r\n            \r\n        <a href=\"https:\/\/talkpal.ai\/sk\/naucte-sa-telugcinu\/\">\r\n            <div class=\"learnNavigationWrapper\">\r\n                <div class=\"learnNavigationContent\">\r\n                    <img decoding=\"async\" src=\"https:\/\/talkpal.ai\/wp-content\/uploads\/2025\/11\/Telugu.png\" alt=\"Indian Simplified Flag\">\r\n                    <div>\r\n                        <h4>O v\u00fdu\u010dbe telug\u010diny<\/h4>\r\n                        <p>Zistite v\u0161etko o telugskej gramatike.<\/p>\r\n                    <\/div>\r\n                <\/div>\r\n            <\/div>\r\n        <\/a>\r\n\r\n        \r\n        <a href=\"https:\/\/talkpal.ai\/sk\/telugske-gramaticke-cvicenia\/\">\r\n            <div class=\"learnNavigationWrapper\">\r\n                <div class=\"learnNavigationContent\">\r\n                    <img decoding=\"async\" src=\"https:\/\/talkpal.ai\/wp-content\/uploads\/2025\/11\/Telugu.png\" alt=\"Indian Simplified Flag\">\r\n                    <div>\r\n                        <h4>Cvi\u010denie z telugskej gramatiky<\/h4>\r\n                        <p>Precvi\u010dte si telugsk\u00fa gramatiku.<\/p>\r\n                    <\/div>\r\n                <\/div>\r\n            <\/div>\r\n        <\/a>\r\n\r\n            <\/section>","protected":false},"excerpt":{"rendered":"<p>Navig\u00e1cia v zlo\u017eitosti telugskej gramatiky Telug\u010dina, dr\u00e1vidsk\u00fd jazyk so \u017eivou liter\u00e1rnou trad\u00edciou a kult\u00farnym v\u00fdznamom v \u00c1ndhraprad\u00e9\u0161i a Telangane, pon\u00faka vzru\u0161uj\u00faci jazykov\u00fd z\u00e1\u017eitok pre t\u00fdch, ktor\u00ed t\u00fa\u017eia presk\u00fama\u0165 jeho jedine\u010dn\u00fd gramatick\u00fd syst\u00e9m. Ke\u010f sa vyd\u00e1te do r\u00ed\u0161e telug\u010diny, nielen\u017ee obohat\u00edte svoj jazykov\u00fd reperto\u00e1r, ale aj prijmete fascinuj\u00facu kult\u00farnu cestu. Aj ke\u010f sa gramatika telug\u010diny m\u00f4\u017ee [&hellip;]<\/p>\n","protected":false},"author":20,"featured_media":0,"parent":0,"menu_order":0,"comment_status":"closed","ping_status":"closed","template":"LearningContentPage.php","meta":{"_acf_changed":false,"footnotes":""},"class_list":["post-1478205","page","type-page","status-publish","hentry"],"acf":[],"yoast_head":"<!-- This site is optimized with the Yoast SEO Premium plugin v27.2 (Yoast SEO v27.2) - https:\/\/yoast.com\/product\/yoast-seo-premium-wordpress\/ -->\n<title>Telugsk\u00e1 gramatika - Talkpal<\/title>\n<meta name=\"description\" content=\"Ovl\u00e1dajte pravidl\u00e1 telugskej gramatiky vr\u00e1tane sandhi, p\u00e1dov a \u010dasovania slovies pomocou n\u00e1\u0161ho komplexn\u00e9ho sprievodcu a interakt\u00edvnych cvi\u010den\u00ed.\" \/>\n<meta name=\"robots\" content=\"index, follow, max-snippet:-1, max-image-preview:large, max-video-preview:-1\" \/>\n<link rel=\"canonical\" href=\"https:\/\/talkpal.ai\/sk\/telugska-gramatika\/\" \/>\n<meta property=\"og:locale\" content=\"sk_SK\" \/>\n<meta property=\"og:type\" content=\"article\" \/>\n<meta property=\"og:title\" content=\"Telugsk\u00e1 gramatika\" \/>\n<meta property=\"og:description\" content=\"Navig\u00e1cia v zlo\u017eitosti telugskej gramatiky Telug\u010dina, dr\u00e1vidsk\u00fd jazyk so \u017eivou liter\u00e1rnou trad\u00edciou a kult\u00farnym v\u00fdznamom v \u00c1ndhraprad\u00e9\u0161i a Telangane,\" \/>\n<meta property=\"og:url\" content=\"https:\/\/talkpal.ai\/sk\/telugska-gramatika\/\" \/>\n<meta property=\"og:site_name\" content=\"Talkpal\" \/>\n<meta property=\"article:publisher\" content=\"https:\/\/www.facebook.com\/profile.php?id=100090733639311\" \/>\n<meta property=\"article:modified_time\" content=\"2025-12-30T11:48:29+00:00\" \/>\n<meta property=\"og:image\" content=\"https:\/\/talkpal.ai\/wp-content\/uploads\/2025\/02\/Progress-tab-16_9.png\" \/>\n\t<meta property=\"og:image:width\" content=\"2880\" \/>\n\t<meta property=\"og:image:height\" content=\"1620\" \/>\n\t<meta property=\"og:image:type\" content=\"image\/png\" \/>\n<meta name=\"twitter:card\" content=\"summary_large_image\" \/>\n<meta name=\"twitter:site\" content=\"@talkpalai\" \/>\n<meta name=\"twitter:label1\" content=\"Predpokladan\u00fd \u010das \u010d\u00edtania\" \/>\n\t<meta name=\"twitter:data1\" content=\"4 min\u00faty\" \/>\n<script type=\"application\/ld+json\" class=\"yoast-schema-graph\">{\"@context\":\"https:\/\/schema.org\",\"@graph\":[{\"@type\":\"WebPage\",\"@id\":\"https:\/\/talkpal.ai\/sk\/telugska-gramatika\/\",\"url\":\"https:\/\/talkpal.ai\/sk\/telugska-gramatika\/\",\"name\":\"Telugsk\u00e1 gramatika - Talkpal\",\"isPartOf\":{\"@id\":\"https:\/\/talkpal.ai\/sk\/#website\"},\"datePublished\":\"2025-11-12T17:11:45+00:00\",\"dateModified\":\"2025-12-30T11:48:29+00:00\",\"description\":\"Ovl\u00e1dajte pravidl\u00e1 telugskej gramatiky vr\u00e1tane sandhi, p\u00e1dov a \u010dasovania slovies pomocou n\u00e1\u0161ho komplexn\u00e9ho sprievodcu a interakt\u00edvnych cvi\u010den\u00ed.\",\"breadcrumb\":{\"@id\":\"https:\/\/talkpal.ai\/sk\/telugska-gramatika\/#breadcrumb\"},\"inLanguage\":\"sk-SK\",\"potentialAction\":[{\"@type\":\"ReadAction\",\"target\":[\"https:\/\/talkpal.ai\/sk\/telugska-gramatika\/\"]}]},{\"@type\":\"BreadcrumbList\",\"@id\":\"https:\/\/talkpal.ai\/sk\/telugska-gramatika\/#breadcrumb\",\"itemListElement\":[{\"@type\":\"ListItem\",\"position\":1,\"name\":\"Homepage\",\"item\":\"https:\/\/talkpal.ai\/sk\/\"},{\"@type\":\"ListItem\",\"position\":2,\"name\":\"Telugsk\u00e1 gramatika\"}]},{\"@type\":\"WebSite\",\"@id\":\"https:\/\/talkpal.ai\/sk\/#website\",\"url\":\"https:\/\/talkpal.ai\/sk\/\",\"name\":\"Talkpal\",\"description\":\"AI Language Learning\",\"publisher\":{\"@id\":\"https:\/\/talkpal.ai\/sk\/#organization\"},\"alternateName\":\"Talkpal AI\",\"potentialAction\":[{\"@type\":\"SearchAction\",\"target\":{\"@type\":\"EntryPoint\",\"urlTemplate\":\"https:\/\/talkpal.ai\/sk\/?s={search_term_string}\"},\"query-input\":{\"@type\":\"PropertyValueSpecification\",\"valueRequired\":true,\"valueName\":\"search_term_string\"}}],\"inLanguage\":\"sk-SK\"},{\"@type\":\"Organization\",\"@id\":\"https:\/\/talkpal.ai\/sk\/#organization\",\"name\":\"Talkpal, Inc.\",\"alternateName\":\"Talkpal AI\",\"url\":\"https:\/\/talkpal.ai\/sk\/\",\"logo\":{\"@type\":\"ImageObject\",\"inLanguage\":\"sk-SK\",\"@id\":\"https:\/\/talkpal.ai\/sk\/#\/schema\/logo\/image\/\",\"url\":\"https:\/\/talkpal.ai\/wp-content\/uploads\/2024\/03\/Talkpal-Logo-Icon.png\",\"contentUrl\":\"https:\/\/talkpal.ai\/wp-content\/uploads\/2024\/03\/Talkpal-Logo-Icon.png\",\"width\":2880,\"height\":2880,\"caption\":\"Talkpal, Inc.\"},\"image\":{\"@id\":\"https:\/\/talkpal.ai\/sk\/#\/schema\/logo\/image\/\"},\"sameAs\":[\"https:\/\/www.facebook.com\/profile.php?id=100090733639311\",\"https:\/\/x.com\/talkpalai\",\"https:\/\/www.linkedin.com\/company\/talkpal\/\",\"https:\/\/www.youtube.com\/@TalkPal\/\",\"https:\/\/www.tiktok.com\/@talkpal\",\"https:\/\/www.instagram.com\/talkpal_ai\/\",\"https:\/\/www.crunchbase.com\/organization\/talkpal-9cde\",\"https:\/\/www.g2.com\/products\/talkpal-for-business\/\",\"https:\/\/www.trustpilot.com\/review\/talkpal.ai\",\"https:\/\/www.capterra.com\/p\/10006800\/TalkPal\/\"],\"description\":\"Talkpal is a language learning web and mobile education app, powered by the latest AI technologies, that provides engaging experiences to its customers in many different languages to help them improve their language skills. Users can chat about unlimited amount of topics with the app and use other modes to practice their language learning.\",\"email\":\"support@talkpal.ai\",\"legalName\":\"Talkpal, Inc.\",\"foundingDate\":\"2023-04-03\",\"duns\":\"118989042\",\"numberOfEmployees\":{\"@type\":\"QuantitativeValue\",\"minValue\":\"11\",\"maxValue\":\"50\"},\"publishingPrinciples\":\"https:\/\/talkpal.ai\/publishing-principles\/\",\"actionableFeedbackPolicy\":\"https:\/\/talkpal.ai\/actionable-feedback-policy\/\",\"correctionsPolicy\":\"https:\/\/talkpal.ai\/corrections-policy\/\",\"ethicsPolicy\":\"https:\/\/talkpal.ai\/ethics-policy\/\",\"diversityPolicy\":\"https:\/\/talkpal.ai\/diversity-policy\/\",\"diversityStaffingReport\":\"https:\/\/talkpal.ai\/diversity-policy\/\"}]}<\/script>\n<!-- \/ Yoast SEO Premium plugin. -->","yoast_head_json":{"title":"Telugsk\u00e1 gramatika - Talkpal","description":"Ovl\u00e1dajte pravidl\u00e1 telugskej gramatiky vr\u00e1tane sandhi, p\u00e1dov a \u010dasovania slovies pomocou n\u00e1\u0161ho komplexn\u00e9ho sprievodcu a interakt\u00edvnych cvi\u010den\u00ed.","robots":{"index":"index","follow":"follow","max-snippet":"max-snippet:-1","max-image-preview":"max-image-preview:large","max-video-preview":"max-video-preview:-1"},"canonical":"https:\/\/talkpal.ai\/sk\/telugska-gramatika\/","og_locale":"sk_SK","og_type":"article","og_title":"Telugsk\u00e1 gramatika","og_description":"Navig\u00e1cia v zlo\u017eitosti telugskej gramatiky Telug\u010dina, dr\u00e1vidsk\u00fd jazyk so \u017eivou liter\u00e1rnou trad\u00edciou a kult\u00farnym v\u00fdznamom v \u00c1ndhraprad\u00e9\u0161i a Telangane,","og_url":"https:\/\/talkpal.ai\/sk\/telugska-gramatika\/","og_site_name":"Talkpal","article_publisher":"https:\/\/www.facebook.com\/profile.php?id=100090733639311","article_modified_time":"2025-12-30T11:48:29+00:00","og_image":[{"width":2880,"height":1620,"url":"https:\/\/talkpal.ai\/wp-content\/uploads\/2025\/02\/Progress-tab-16_9.png","type":"image\/png"}],"twitter_card":"summary_large_image","twitter_site":"@talkpalai","twitter_misc":{"Predpokladan\u00fd \u010das \u010d\u00edtania":"4 min\u00faty"},"schema":{"@context":"https:\/\/schema.org","@graph":[{"@type":"WebPage","@id":"https:\/\/talkpal.ai\/sk\/telugska-gramatika\/","url":"https:\/\/talkpal.ai\/sk\/telugska-gramatika\/","name":"Telugsk\u00e1 gramatika - Talkpal","isPartOf":{"@id":"https:\/\/talkpal.ai\/sk\/#website"},"datePublished":"2025-11-12T17:11:45+00:00","dateModified":"2025-12-30T11:48:29+00:00","description":"Ovl\u00e1dajte pravidl\u00e1 telugskej gramatiky vr\u00e1tane sandhi, p\u00e1dov a \u010dasovania slovies pomocou n\u00e1\u0161ho komplexn\u00e9ho sprievodcu a interakt\u00edvnych cvi\u010den\u00ed.","breadcrumb":{"@id":"https:\/\/talkpal.ai\/sk\/telugska-gramatika\/#breadcrumb"},"inLanguage":"sk-SK","potentialAction":[{"@type":"ReadAction","target":["https:\/\/talkpal.ai\/sk\/telugska-gramatika\/"]}]},{"@type":"BreadcrumbList","@id":"https:\/\/talkpal.ai\/sk\/telugska-gramatika\/#breadcrumb","itemListElement":[{"@type":"ListItem","position":1,"name":"Homepage","item":"https:\/\/talkpal.ai\/sk\/"},{"@type":"ListItem","position":2,"name":"Telugsk\u00e1 gramatika"}]},{"@type":"WebSite","@id":"https:\/\/talkpal.ai\/sk\/#website","url":"https:\/\/talkpal.ai\/sk\/","name":"Talkpal","description":"AI Language Learning","publisher":{"@id":"https:\/\/talkpal.ai\/sk\/#organization"},"alternateName":"Talkpal AI","potentialAction":[{"@type":"SearchAction","target":{"@type":"EntryPoint","urlTemplate":"https:\/\/talkpal.ai\/sk\/?s={search_term_string}"},"query-input":{"@type":"PropertyValueSpecification","valueRequired":true,"valueName":"search_term_string"}}],"inLanguage":"sk-SK"},{"@type":"Organization","@id":"https:\/\/talkpal.ai\/sk\/#organization","name":"Talkpal, Inc.","alternateName":"Talkpal AI","url":"https:\/\/talkpal.ai\/sk\/","logo":{"@type":"ImageObject","inLanguage":"sk-SK","@id":"https:\/\/talkpal.ai\/sk\/#\/schema\/logo\/image\/","url":"https:\/\/talkpal.ai\/wp-content\/uploads\/2024\/03\/Talkpal-Logo-Icon.png","contentUrl":"https:\/\/talkpal.ai\/wp-content\/uploads\/2024\/03\/Talkpal-Logo-Icon.png","width":2880,"height":2880,"caption":"Talkpal, Inc."},"image":{"@id":"https:\/\/talkpal.ai\/sk\/#\/schema\/logo\/image\/"},"sameAs":["https:\/\/www.facebook.com\/profile.php?id=100090733639311","https:\/\/x.com\/talkpalai","https:\/\/www.linkedin.com\/company\/talkpal\/","https:\/\/www.youtube.com\/@TalkPal\/","https:\/\/www.tiktok.com\/@talkpal","https:\/\/www.instagram.com\/talkpal_ai\/","https:\/\/www.crunchbase.com\/organization\/talkpal-9cde","https:\/\/www.g2.com\/products\/talkpal-for-business\/","https:\/\/www.trustpilot.com\/review\/talkpal.ai","https:\/\/www.capterra.com\/p\/10006800\/TalkPal\/"],"description":"Talkpal is a language learning web and mobile education app, powered by the latest AI technologies, that provides engaging experiences to its customers in many different languages to help them improve their language skills. Users can chat about unlimited amount of topics with the app and use other modes to practice their language learning.","email":"support@talkpal.ai","legalName":"Talkpal, Inc.","foundingDate":"2023-04-03","duns":"118989042","numberOfEmployees":{"@type":"QuantitativeValue","minValue":"11","maxValue":"50"},"publishingPrinciples":"https:\/\/talkpal.ai\/publishing-principles\/","actionableFeedbackPolicy":"https:\/\/talkpal.ai\/actionable-feedback-policy\/","correctionsPolicy":"https:\/\/talkpal.ai\/corrections-policy\/","ethicsPolicy":"https:\/\/talkpal.ai\/ethics-policy\/","diversityPolicy":"https:\/\/talkpal.ai\/diversity-policy\/","diversityStaffingReport":"https:\/\/talkpal.ai\/diversity-policy\/"}]}},"_links":{"self":[{"href":"https:\/\/talkpal.ai\/sk\/wp-json\/wp\/v2\/pages\/1478205","targetHints":{"allow":["GET"]}}],"collection":[{"href":"https:\/\/talkpal.ai\/sk\/wp-json\/wp\/v2\/pages"}],"about":[{"href":"https:\/\/talkpal.ai\/sk\/wp-json\/wp\/v2\/types\/page"}],"author":[{"embeddable":true,"href":"https:\/\/talkpal.ai\/sk\/wp-json\/wp\/v2\/users\/20"}],"replies":[{"embeddable":true,"href":"https:\/\/talkpal.ai\/sk\/wp-json\/wp\/v2\/comments?post=1478205"}],"version-history":[{"count":0,"href":"https:\/\/talkpal.ai\/sk\/wp-json\/wp\/v2\/pages\/1478205\/revisions"}],"wp:attachment":[{"href":"https:\/\/talkpal.ai\/sk\/wp-json\/wp\/v2\/media?parent=1478205"}],"curies":[{"name":"wp","href":"https:\/\/api.w.org\/{rel}","templated":true}]}}