{"id":1478151,"date":"2025-11-12T16:46:50","date_gmt":"2025-11-12T16:46:50","guid":{"rendered":"https:\/\/talkpal.ai\/sinhalske-gramaticke-cvicenia\/"},"modified":"2025-12-30T11:12:57","modified_gmt":"2025-12-30T11:12:57","slug":"sinhalske-gramaticke-cvicenia","status":"publish","type":"page","link":"https:\/\/talkpal.ai\/sk\/sinhalske-gramaticke-cvicenia\/","title":{"rendered":"Sinh\u00e1lske gramatick\u00e9 cvi\u010denia"},"content":{"rendered":"\r\n\r\n\r\n<section class=\"languageChallengeSection\">\r\n    <div class=\"languageInfoWrapper\">\r\n        \r\n        <h1>Sinh\u00e1lske gramatick\u00e9 cvi\u010denia<\/h1>\r\n        <p>Ste pripraven\u00ed ponori\u0165 sa do sinh\u00e1lskej gramatiky? Precvi\u010denie nieko\u013ek\u00fdch z\u00e1kladov v\u00e1m pom\u00f4\u017ee pohodlne ovl\u00e1da\u0165 tento jedine\u010dn\u00fd a kr\u00e1sny jazyk. Vysk\u00fa\u0161ajte tieto cvi\u010denia, aby ste si vybudovali sebad\u00f4veru a zabavili sa pri tom!<\/p>\r\n\r\n                            <a class=\"getStartedHidden\" href=\"https:\/\/app.talkpal.ai\/sk\/signup?lng=\">Za\u010dni<\/a>\r\n        \r\n    <\/div>\r\n\r\n    <figure>\r\n    <img decoding=\"async\" width=\"768\" height=\"768\" src=\"https:\/\/talkpal.ai\/wp-content\/uploads\/2023\/06\/welsh-768x768.png\" class=\"languageImage no-lazy\" alt=\"Language learning for better cognitive abilities\" fetchpriority=\"high\" sizes=\"(max-width: 768px) 150px, 768px\" srcset=\"https:\/\/talkpal.ai\/wp-content\/uploads\/2023\/06\/welsh-768x768.png 768w, https:\/\/talkpal.ai\/wp-content\/uploads\/2023\/06\/welsh-300x300.png 300w\" \/>\r\n    \r\n\r\n    <\/figure>\r\n\r\n            <a class=\"getStartedVisible\" href=\"https:\/\/app.talkpal.ai\/sk\/signup?lng=\">Za\u010dni<\/a>\r\n    \r\n<\/section><section class=\"promotionalBanner\">\r\n    <p class=\"promotionalText\">Najefekt\u00edvnej\u0161\u00ed sp\u00f4sob, ako sa nau\u010di\u0165 jazyk<\/p>\r\n    <a class=\"promotionalLink\" href=\"https:\/\/app.talkpal.ai\/sk\/signup?lng=\">Vysk\u00fa\u0161ajte Talkpal zadarmo<\/a>\r\n<\/section>\n<div class=\"wp-block-group pageContainerStyle\"><div class=\"wp-block-group__inner-container is-layout-constrained wp-block-group-is-layout-constrained\">\n<h2 class=\"wp-block-heading\" id=\"h-sinhala-grammar-topics\">Sinh\u00e1lske gramatick\u00e9 t\u00e9my<\/h2>\n\n\n\n<p><a href=\"https:\/\/talkpal.ai\/sk\/najvacsie-chyby-ktorych-sa-treba-vyvarovat-pri-uceni-sa-noveho-jazyka\/\">Nau\u010di\u0165 sa nov\u00fd jazyk<\/a> m\u00f4\u017ee by\u0165 n\u00e1ro\u010dn\u00e9, ale obohacuj\u00face \u00fasilie. <a href=\"https:\/\/talkpal.ai\/learn-sinhala\/\">Sinh\u00e1l\u010dina<\/a>, indo\u00e1rijsk\u00fd jazyk, ktor\u00fdm sa hovor\u00ed hlavne na Sr\u00ed Lanke, nie je v\u00fdnimkou. V\u010faka svojim jedine\u010dn\u00fdm vlastnostiam a \u0161trukt\u00faram <a href=\"https:\/\/talkpal.ai\/sk\/talkpal-pre-vzdelavanie\/\">si u\u010denie<\/a> sinh\u00e1l\u010diny vy\u017eaduje systematick\u00fd pr\u00edstup k pochopeniu jej gramatiky. T\u00e1to pr\u00edru\u010dka na\u010drt\u00e1va k\u013e\u00fa\u010dov\u00e9 oblasti <a href=\"https:\/\/talkpal.ai\/sk\/sinhalska-gramatika\/\">sinh\u00e1lskej gramatiky<\/a> v logickom porad\u00ed pre <a href=\"https:\/\/talkpal.ai\/sk\/talkpal-pre-vzdelavanie\/\">u\u010denie sa jazykov<\/a>, po\u010dn\u00fac z\u00e1kladmi, ako s\u00fa podstatn\u00e9 men\u00e1 a \u010dleny, a pokra\u010duj\u00fac k zlo\u017eitej\u0161\u00edm oblastiam, ako s\u00fa \u010dasy a kon\u0161trukcia viet.<\/p>\n\n\n\n<h3 class=\"wp-block-heading\" id=\"h-1-nouns\">1. Podstatn\u00e9 men\u00e1:<\/h3>\n\n\n\n<p>Za\u010dnite svoju sinh\u00e1lsku jazykov\u00fa cestu u\u010den\u00edm sa podstatn\u00fdch mien. To zah\u0155\u0148a pochopenie r\u00f4znych kateg\u00f3ri\u00ed podstatn\u00fdch mien, ako s\u00fa be\u017en\u00e9 a vlastn\u00e9 podstatn\u00e9 men\u00e1, ako aj ich tvary mno\u017en\u00e9ho \u010d\u00edsla a ako sa \u010d\u00edslo a ur\u010ditos\u0165 vyjadruj\u00fa v kontexte.<\/p>\n\n\n\n<h3 class=\"wp-block-heading\" id=\"h-2-articles\">2. \u010cl\u00e1nky:<\/h3>\n\n\n\n<p>Sinh\u00e1l\u010dina nepou\u017e\u00edva ur\u010dit\u00e9 alebo neur\u010dit\u00e9 \u010dleny rovnak\u00fdm sp\u00f4sobom ako <a href=\"https:\/\/talkpal.ai\/ai-english-speaking-practice\/\">angli\u010dtina<\/a>. Neur\u010ditos\u0165 s po\u010dtom podstatn\u00fdch mien sa \u010dasto prejavuje pr\u00edponou ako -ek alebo -ak, zatia\u013e \u010do ur\u010ditos\u0165 je zvy\u010dajne ozna\u010den\u00e1 kontextom a \u010dasticami, ako je \u0161pecifick\u00e1 zna\u010dka objektu -wa.<\/p>\n\n\n\n<h3 class=\"wp-block-heading\" id=\"h-3-adjectives\">3. Pr\u00eddavn\u00e9 men\u00e1:<\/h3>\n\n\n\n<p>Pr\u00eddavn\u00e9 men\u00e1 v sinh\u00e1l\u010dine zvy\u010dajne predch\u00e1dzaj\u00fa podstatn\u00fdm men\u00e1m, ktor\u00e9 upravuj\u00fa. Vo v\u0161eobecnosti sa nemenia pod\u013ea po\u010dtu alebo pohlavia. Nau\u010dte sa, ako vytv\u00e1ra\u0165 komparat\u00edvy s wada v\u00fdznamom viac a be\u017en\u00e9 sp\u00f4soby vyjadrenia superlat\u00edvu, \u010dasto pomocou zna\u010diek <a href=\"https:\/\/talkpal.ai\/locations\/language-courses-in-tama\/\">tama<\/a> a pr\u00edzvuku.<\/p>\n\n\n\n<h3 class=\"wp-block-heading\" id=\"h-4-pronouns-determiners\">4. Z\u00e1men\u00e1\/determin\u00e1tory:<\/h3>\n\n\n\n<p>Z\u00e1men\u00e1 a determinanty s\u00fa v sinh\u00e1l\u010dine nevyhnutn\u00e9; odr\u00e1\u017eaj\u00fa osobu, po\u010det a \u00farove\u0148 zdvorilosti alebo \u00facty. Posadnutos\u0165 sa be\u017ene prejavuje genit\u00edvnym markerom -ge. Ukazovatele ako toto a tamto a kvantifik\u00e1tory pom\u00e1haj\u00fa \u0161pecifikova\u0165 referenciu a kvantitu.<\/p>\n\n\n\n<h3 class=\"wp-block-heading\" id=\"h-5-verbs\">5. Sloves\u00e1:<\/h3>\n\n\n\n<p>Sinh\u00e1lske sloves\u00e1 menia tvar pod\u013ea \u010dasu, polarity a niekedy aj zdvorilosti, a nie pod\u013ea osoby alebo \u010d\u00edsla. Za\u010dnite so s\u00fa\u010dasn\u00fdmi formami pou\u017e\u00edvan\u00fdmi v ka\u017edodennej re\u010di, potom presk\u00famajte minulos\u0165 a bud\u00facnos\u0165, ako aj imperat\u00edvy a negat\u00edva.<\/p>\n\n\n\n<h3 class=\"wp-block-heading\" id=\"h-6-tenses\">6. \u010casy:<\/h3>\n\n\n\n<p>Po zvl\u00e1dnut\u00ed slovesn\u00fdch foriem sa ponorte hlb\u0161ie do sinh\u00e1lskych \u010dasov. Zamerajte sa na pr\u00edtomnos\u0165, minulos\u0165 a bud\u00facnos\u0165 a nau\u010dte sa, ako sa vytv\u00e1raj\u00fa dokonal\u00e9 v\u00fdznamy pomocou pomocn\u00fdch l\u00e1tok ako tiyenawa maj\u00fa a inna be v hovorovom pou\u017e\u00edvan\u00ed.<\/p>\n\n\n\n<h3 class=\"wp-block-heading\" id=\"h-7-tense-comparison\">7. Nap\u00e4t\u00e9 porovnanie:<\/h3>\n\n\n\n<p>Porovn\u00e1vanie \u010dasov v sinh\u00e1l\u010dine pom\u00e1ha pochopi\u0165 postupnos\u0165 a aspekt udalost\u00ed. Pou\u017eitie rovnak\u00e9ho slovesa v s\u00fa\u010dasn\u00fdch, minul\u00fdch, bud\u00facich a dokonal\u00fdch kon\u0161trukci\u00e1ch objasn\u00ed, ako sinh\u00e1l\u010dina vyjadruje \u010das a dokon\u010denie.<\/p>\n\n\n\n<h3 class=\"wp-block-heading\" id=\"h-8-progressive\">8. Progres\u00edvne:<\/h3>\n\n\n\n<p>Progres\u00edvny v sinh\u00e1l\u010dine vyjadruje pokra\u010duj\u00face \u010diny. Be\u017ene sa tvor\u00ed pr\u00ed\u010dastiem -min a slovesom inna <a href=\"https:\/\/talkpal.ai\/culture\/how-do-you-conjugate-the-verb-to-be-in-the-past-tense-in-somali\/\">to be<\/a> a v ka\u017edodennej re\u010di pr\u00edtomn\u00e1 forma s -nawa \u010dasto vyjadruje aj trval\u00fd v\u00fdznam.<\/p>\n\n\n\n<h3 class=\"wp-block-heading\" id=\"h-9-perfect-progressive\">9. Perfektne progres\u00edvne:<\/h3>\n\n\n\n<p>Pou\u017e\u00edva sa na vyjadrenie akci\u00ed, ktor\u00e9 prebiehali do ur\u010dit\u00e9ho bodu. Sinh\u00e1l\u010dina to \u010dasto vyjadruje kombin\u00e1ciami ako minul\u00e9 pr\u00ed\u010dastie + inna pre pokra\u010duj\u00faci v\u00fdsledok alebo minul\u00e9 pr\u00ed\u010dastie + tiyenawa, ktor\u00e9 ukazuje pokra\u010duj\u00faci stav a\u017e do s\u00fa\u010dasnosti, v z\u00e1vislosti od kontextu.<\/p>\n\n\n\n<h3 class=\"wp-block-heading\" id=\"h-10-conditionals\">10. Podmienky:<\/h3>\n\n\n\n<p>Podmienen\u00e9 vyjadruj\u00fa hypotetick\u00e9 situ\u00e1cie a ich mo\u017en\u00e9 v\u00fdsledky. Sinh\u00e1l\u010dina pou\u017e\u00edva \u010dastice ako nam alebo nang a podmie\u0148ovacie slovesn\u00e9 vzory na ozna\u010denie skuto\u010dn\u00fdch, hypotetick\u00fdch a kontrafaktu\u00e1lnych podmienok.<\/p>\n\n\n\n<h3 class=\"wp-block-heading\" id=\"h-11-adverbs\">11. Pr\u00edslovky:<\/h3>\n\n\n\n<p>Pr\u00edslovky v sinh\u00e1l\u010dine upravuj\u00fa sloves\u00e1, pr\u00eddavn\u00e9 men\u00e1 alebo in\u00e9 pr\u00edslovky. Mnoh\u00e9 s\u00fa tvoren\u00e9 in\u0161trument\u00e1lnou zna\u010dkou -in, ktor\u00e1 ozna\u010duje sp\u00f4sob, a s\u00fa tam vyhraden\u00e9 slov\u00e1 pre \u010das, miesto, stupe\u0148 a frekvenciu.<\/p>\n\n\n\n<h3 class=\"wp-block-heading\" id=\"h-12-prepositions\">12. Predlo\u017eky:<\/h3>\n\n\n\n<p>Sinh\u00e1l\u010dina prim\u00e1rne pou\u017e\u00edva postpoz\u00edcie a \u010dastice pr\u00edpadov namiesto predlo\u017eiek. Vz\u0165ahy \u010dasu, miesta, smeru a in\u00fdch v\u00e4zieb s\u00fa vyjadren\u00e9 zna\u010dkami ako -\u1e6da dat\u00edv, -ge genit\u00edv, -in in\u0161trument\u00e1lne a lok\u00e1lne formy.<\/p>\n\n\n\n<h3 class=\"wp-block-heading\" id=\"h-13-sentences\">13. Vety:<\/h3>\n\n\n\n<p>Nakoniec si precvi\u010dte kon\u0161trukciu viet. Sinh\u00e1l\u010dina sa zvy\u010dajne riadi predmetom, predmetom, slovosledom, slovosledom a pri ot\u00e1zkach a zd\u00f4raz\u0148ovan\u00ed sa spolieha na \u010dastice. To bude zah\u0155\u0148a\u0165 pou\u017eitie v\u0161etk\u00fdch predt\u00fdm nau\u010den\u00fdch gramatick\u00fdch bodov v kontexte, \u010d\u00edm sa zabezpe\u010d\u00ed komplexn\u00e9 pochopenie sinh\u00e1lskeho jazyka.<\/p>\n<\/div><\/div>\n\r\n<section class=\"learnNavigationSection\">\r\n            \r\n        <a href=\"https:\/\/talkpal.ai\/sk\/naucte-sa-sinhalcinu\/\">\r\n            <div class=\"learnNavigationWrapper\">\r\n                <div class=\"learnNavigationContent\">\r\n                    <img decoding=\"async\" src=\"https:\/\/talkpal.ai\/wp-content\/uploads\/2025\/11\/Sinhala.png\" alt=\"Sri Lankan Flag\">\r\n                    <div>\r\n                        <h4>O v\u00fdu\u010dbe sinh\u00e1l\u010diny<\/h4>\r\n                        <p>Zistite v\u0161etko o sinh\u00e1lskej gramatike.<\/p>\r\n                    <\/div>\r\n                <\/div>\r\n            <\/div>\r\n        <\/a>\r\n\r\n        \r\n        <a href=\"https:\/\/talkpal.ai\/sk\/sinhalska-gramatika\/\">\r\n            <div class=\"learnNavigationWrapper\">\r\n                <div class=\"learnNavigationContent\">\r\n                    <img decoding=\"async\" src=\"https:\/\/talkpal.ai\/wp-content\/uploads\/2025\/11\/Sinhala.png\" alt=\"Sri Lankan Flag\">\r\n                    <div>\r\n                        <h4>Lekcie sinh\u00e1lskej gramatiky<\/h4>\r\n                        <p>Precvi\u010dte si sinh\u00e1lsku gramatiku.<\/p>\r\n                    <\/div>\r\n                <\/div>\r\n            <\/div>\r\n        <\/a>\r\n\r\n            <\/section>","protected":false},"excerpt":{"rendered":"<p>Sinh\u00e1lske gramatick\u00e9 t\u00e9my Nau\u010di\u0165 sa nov\u00fd jazyk m\u00f4\u017ee by\u0165 n\u00e1ro\u010dn\u00e9, ale obohacuj\u00face \u00fasilie. Sinh\u00e1l\u010dina, indo\u00e1rijsk\u00fd jazyk, ktor\u00fdm sa hovor\u00ed hlavne na Sr\u00ed Lanke, nie je v\u00fdnimkou. V\u010faka svojim jedine\u010dn\u00fdm vlastnostiam a \u0161trukt\u00faram si u\u010denie sinh\u00e1l\u010diny vy\u017eaduje systematick\u00fd pr\u00edstup k pochopeniu jej gramatiky. T\u00e1to pr\u00edru\u010dka na\u010drt\u00e1va k\u013e\u00fa\u010dov\u00e9 oblasti sinh\u00e1lskej gramatiky v logickom porad\u00ed pre u\u010denie sa [&hellip;]<\/p>\n","protected":false},"author":20,"featured_media":0,"parent":0,"menu_order":0,"comment_status":"closed","ping_status":"closed","template":"LearningContentPage.php","meta":{"_acf_changed":false,"footnotes":""},"class_list":["post-1478151","page","type-page","status-publish","hentry"],"acf":[],"yoast_head":"<!-- This site is optimized with the Yoast SEO Premium plugin v27.2 (Yoast SEO v27.2) - https:\/\/yoast.com\/product\/yoast-seo-premium-wordpress\/ -->\n<title>Sinh\u00e1lske gramatick\u00e9 cvi\u010denia - Talkpal<\/title>\n<meta name=\"description\" content=\"Zvl\u00e1dnite sinh\u00e1lsku gramatiku pomocou interakt\u00edvnych cvi\u010den\u00ed, ktor\u00e9 sa t\u00fdkaj\u00fa podstatn\u00fdch mien, slovies a \u010dasov, aby ste si efekt\u00edvne zlep\u0161ili plynulos\u0165 jazyka.\" \/>\n<meta name=\"robots\" content=\"index, follow, max-snippet:-1, max-image-preview:large, max-video-preview:-1\" \/>\n<link rel=\"canonical\" href=\"https:\/\/talkpal.ai\/sk\/sinhalske-gramaticke-cvicenia\/\" \/>\n<meta property=\"og:locale\" content=\"sk_SK\" \/>\n<meta property=\"og:type\" content=\"article\" \/>\n<meta property=\"og:title\" content=\"Sinh\u00e1lske gramatick\u00e9 cvi\u010denia\" \/>\n<meta property=\"og:description\" content=\"Sinh\u00e1lske gramatick\u00e9 t\u00e9my Nau\u010di\u0165 sa nov\u00fd jazyk m\u00f4\u017ee by\u0165 n\u00e1ro\u010dn\u00e9, ale obohacuj\u00face \u00fasilie. Sinh\u00e1l\u010dina, indo\u00e1rijsk\u00fd jazyk, ktor\u00fdm sa hovor\u00ed hlavne na Sr\u00ed\" \/>\n<meta property=\"og:url\" content=\"https:\/\/talkpal.ai\/sk\/sinhalske-gramaticke-cvicenia\/\" \/>\n<meta property=\"og:site_name\" content=\"Talkpal\" \/>\n<meta property=\"article:publisher\" content=\"https:\/\/www.facebook.com\/profile.php?id=100090733639311\" \/>\n<meta property=\"article:modified_time\" content=\"2025-12-30T11:12:57+00:00\" \/>\n<meta property=\"og:image\" content=\"https:\/\/talkpal.ai\/wp-content\/uploads\/2025\/02\/Progress-tab-16_9.png\" \/>\n\t<meta property=\"og:image:width\" content=\"2880\" \/>\n\t<meta property=\"og:image:height\" content=\"1620\" \/>\n\t<meta property=\"og:image:type\" content=\"image\/png\" \/>\n<meta name=\"twitter:card\" content=\"summary_large_image\" \/>\n<meta name=\"twitter:site\" content=\"@talkpalai\" \/>\n<meta name=\"twitter:label1\" content=\"Predpokladan\u00fd \u010das \u010d\u00edtania\" \/>\n\t<meta name=\"twitter:data1\" content=\"4 min\u00faty\" \/>\n<script type=\"application\/ld+json\" class=\"yoast-schema-graph\">{\"@context\":\"https:\/\/schema.org\",\"@graph\":[{\"@type\":\"WebPage\",\"@id\":\"https:\/\/talkpal.ai\/sk\/sinhalske-gramaticke-cvicenia\/\",\"url\":\"https:\/\/talkpal.ai\/sk\/sinhalske-gramaticke-cvicenia\/\",\"name\":\"Sinh\u00e1lske gramatick\u00e9 cvi\u010denia - Talkpal\",\"isPartOf\":{\"@id\":\"https:\/\/talkpal.ai\/sk\/#website\"},\"datePublished\":\"2025-11-12T16:46:50+00:00\",\"dateModified\":\"2025-12-30T11:12:57+00:00\",\"description\":\"Zvl\u00e1dnite sinh\u00e1lsku gramatiku pomocou interakt\u00edvnych cvi\u010den\u00ed, ktor\u00e9 sa t\u00fdkaj\u00fa podstatn\u00fdch mien, slovies a \u010dasov, aby ste si efekt\u00edvne zlep\u0161ili plynulos\u0165 jazyka.\",\"breadcrumb\":{\"@id\":\"https:\/\/talkpal.ai\/sk\/sinhalske-gramaticke-cvicenia\/#breadcrumb\"},\"inLanguage\":\"sk-SK\",\"potentialAction\":[{\"@type\":\"ReadAction\",\"target\":[\"https:\/\/talkpal.ai\/sk\/sinhalske-gramaticke-cvicenia\/\"]}]},{\"@type\":\"BreadcrumbList\",\"@id\":\"https:\/\/talkpal.ai\/sk\/sinhalske-gramaticke-cvicenia\/#breadcrumb\",\"itemListElement\":[{\"@type\":\"ListItem\",\"position\":1,\"name\":\"Homepage\",\"item\":\"https:\/\/talkpal.ai\/sk\/\"},{\"@type\":\"ListItem\",\"position\":2,\"name\":\"Sinh\u00e1lske gramatick\u00e9 cvi\u010denia\"}]},{\"@type\":\"WebSite\",\"@id\":\"https:\/\/talkpal.ai\/sk\/#website\",\"url\":\"https:\/\/talkpal.ai\/sk\/\",\"name\":\"Talkpal\",\"description\":\"AI Language Learning\",\"publisher\":{\"@id\":\"https:\/\/talkpal.ai\/sk\/#organization\"},\"alternateName\":\"Talkpal AI\",\"potentialAction\":[{\"@type\":\"SearchAction\",\"target\":{\"@type\":\"EntryPoint\",\"urlTemplate\":\"https:\/\/talkpal.ai\/sk\/?s={search_term_string}\"},\"query-input\":{\"@type\":\"PropertyValueSpecification\",\"valueRequired\":true,\"valueName\":\"search_term_string\"}}],\"inLanguage\":\"sk-SK\"},{\"@type\":\"Organization\",\"@id\":\"https:\/\/talkpal.ai\/sk\/#organization\",\"name\":\"Talkpal, Inc.\",\"alternateName\":\"Talkpal AI\",\"url\":\"https:\/\/talkpal.ai\/sk\/\",\"logo\":{\"@type\":\"ImageObject\",\"inLanguage\":\"sk-SK\",\"@id\":\"https:\/\/talkpal.ai\/sk\/#\/schema\/logo\/image\/\",\"url\":\"https:\/\/talkpal.ai\/wp-content\/uploads\/2024\/03\/Talkpal-Logo-Icon.png\",\"contentUrl\":\"https:\/\/talkpal.ai\/wp-content\/uploads\/2024\/03\/Talkpal-Logo-Icon.png\",\"width\":2880,\"height\":2880,\"caption\":\"Talkpal, Inc.\"},\"image\":{\"@id\":\"https:\/\/talkpal.ai\/sk\/#\/schema\/logo\/image\/\"},\"sameAs\":[\"https:\/\/www.facebook.com\/profile.php?id=100090733639311\",\"https:\/\/x.com\/talkpalai\",\"https:\/\/www.linkedin.com\/company\/talkpal\/\",\"https:\/\/www.youtube.com\/@TalkPal\/\",\"https:\/\/www.tiktok.com\/@talkpal\",\"https:\/\/www.instagram.com\/talkpal_ai\/\",\"https:\/\/www.crunchbase.com\/organization\/talkpal-9cde\",\"https:\/\/www.g2.com\/products\/talkpal-for-business\/\",\"https:\/\/www.trustpilot.com\/review\/talkpal.ai\",\"https:\/\/www.capterra.com\/p\/10006800\/TalkPal\/\"],\"description\":\"Talkpal is a language learning web and mobile education app, powered by the latest AI technologies, that provides engaging experiences to its customers in many different languages to help them improve their language skills. Users can chat about unlimited amount of topics with the app and use other modes to practice their language learning.\",\"email\":\"support@talkpal.ai\",\"legalName\":\"Talkpal, Inc.\",\"foundingDate\":\"2023-04-03\",\"duns\":\"118989042\",\"numberOfEmployees\":{\"@type\":\"QuantitativeValue\",\"minValue\":\"11\",\"maxValue\":\"50\"},\"publishingPrinciples\":\"https:\/\/talkpal.ai\/publishing-principles\/\",\"actionableFeedbackPolicy\":\"https:\/\/talkpal.ai\/actionable-feedback-policy\/\",\"correctionsPolicy\":\"https:\/\/talkpal.ai\/corrections-policy\/\",\"ethicsPolicy\":\"https:\/\/talkpal.ai\/ethics-policy\/\",\"diversityPolicy\":\"https:\/\/talkpal.ai\/diversity-policy\/\",\"diversityStaffingReport\":\"https:\/\/talkpal.ai\/diversity-policy\/\"}]}<\/script>\n<!-- \/ Yoast SEO Premium plugin. -->","yoast_head_json":{"title":"Sinh\u00e1lske gramatick\u00e9 cvi\u010denia - Talkpal","description":"Zvl\u00e1dnite sinh\u00e1lsku gramatiku pomocou interakt\u00edvnych cvi\u010den\u00ed, ktor\u00e9 sa t\u00fdkaj\u00fa podstatn\u00fdch mien, slovies a \u010dasov, aby ste si efekt\u00edvne zlep\u0161ili plynulos\u0165 jazyka.","robots":{"index":"index","follow":"follow","max-snippet":"max-snippet:-1","max-image-preview":"max-image-preview:large","max-video-preview":"max-video-preview:-1"},"canonical":"https:\/\/talkpal.ai\/sk\/sinhalske-gramaticke-cvicenia\/","og_locale":"sk_SK","og_type":"article","og_title":"Sinh\u00e1lske gramatick\u00e9 cvi\u010denia","og_description":"Sinh\u00e1lske gramatick\u00e9 t\u00e9my Nau\u010di\u0165 sa nov\u00fd jazyk m\u00f4\u017ee by\u0165 n\u00e1ro\u010dn\u00e9, ale obohacuj\u00face \u00fasilie. Sinh\u00e1l\u010dina, indo\u00e1rijsk\u00fd jazyk, ktor\u00fdm sa hovor\u00ed hlavne na Sr\u00ed","og_url":"https:\/\/talkpal.ai\/sk\/sinhalske-gramaticke-cvicenia\/","og_site_name":"Talkpal","article_publisher":"https:\/\/www.facebook.com\/profile.php?id=100090733639311","article_modified_time":"2025-12-30T11:12:57+00:00","og_image":[{"width":2880,"height":1620,"url":"https:\/\/talkpal.ai\/wp-content\/uploads\/2025\/02\/Progress-tab-16_9.png","type":"image\/png"}],"twitter_card":"summary_large_image","twitter_site":"@talkpalai","twitter_misc":{"Predpokladan\u00fd \u010das \u010d\u00edtania":"4 min\u00faty"},"schema":{"@context":"https:\/\/schema.org","@graph":[{"@type":"WebPage","@id":"https:\/\/talkpal.ai\/sk\/sinhalske-gramaticke-cvicenia\/","url":"https:\/\/talkpal.ai\/sk\/sinhalske-gramaticke-cvicenia\/","name":"Sinh\u00e1lske gramatick\u00e9 cvi\u010denia - Talkpal","isPartOf":{"@id":"https:\/\/talkpal.ai\/sk\/#website"},"datePublished":"2025-11-12T16:46:50+00:00","dateModified":"2025-12-30T11:12:57+00:00","description":"Zvl\u00e1dnite sinh\u00e1lsku gramatiku pomocou interakt\u00edvnych cvi\u010den\u00ed, ktor\u00e9 sa t\u00fdkaj\u00fa podstatn\u00fdch mien, slovies a \u010dasov, aby ste si efekt\u00edvne zlep\u0161ili plynulos\u0165 jazyka.","breadcrumb":{"@id":"https:\/\/talkpal.ai\/sk\/sinhalske-gramaticke-cvicenia\/#breadcrumb"},"inLanguage":"sk-SK","potentialAction":[{"@type":"ReadAction","target":["https:\/\/talkpal.ai\/sk\/sinhalske-gramaticke-cvicenia\/"]}]},{"@type":"BreadcrumbList","@id":"https:\/\/talkpal.ai\/sk\/sinhalske-gramaticke-cvicenia\/#breadcrumb","itemListElement":[{"@type":"ListItem","position":1,"name":"Homepage","item":"https:\/\/talkpal.ai\/sk\/"},{"@type":"ListItem","position":2,"name":"Sinh\u00e1lske gramatick\u00e9 cvi\u010denia"}]},{"@type":"WebSite","@id":"https:\/\/talkpal.ai\/sk\/#website","url":"https:\/\/talkpal.ai\/sk\/","name":"Talkpal","description":"AI Language Learning","publisher":{"@id":"https:\/\/talkpal.ai\/sk\/#organization"},"alternateName":"Talkpal AI","potentialAction":[{"@type":"SearchAction","target":{"@type":"EntryPoint","urlTemplate":"https:\/\/talkpal.ai\/sk\/?s={search_term_string}"},"query-input":{"@type":"PropertyValueSpecification","valueRequired":true,"valueName":"search_term_string"}}],"inLanguage":"sk-SK"},{"@type":"Organization","@id":"https:\/\/talkpal.ai\/sk\/#organization","name":"Talkpal, Inc.","alternateName":"Talkpal AI","url":"https:\/\/talkpal.ai\/sk\/","logo":{"@type":"ImageObject","inLanguage":"sk-SK","@id":"https:\/\/talkpal.ai\/sk\/#\/schema\/logo\/image\/","url":"https:\/\/talkpal.ai\/wp-content\/uploads\/2024\/03\/Talkpal-Logo-Icon.png","contentUrl":"https:\/\/talkpal.ai\/wp-content\/uploads\/2024\/03\/Talkpal-Logo-Icon.png","width":2880,"height":2880,"caption":"Talkpal, Inc."},"image":{"@id":"https:\/\/talkpal.ai\/sk\/#\/schema\/logo\/image\/"},"sameAs":["https:\/\/www.facebook.com\/profile.php?id=100090733639311","https:\/\/x.com\/talkpalai","https:\/\/www.linkedin.com\/company\/talkpal\/","https:\/\/www.youtube.com\/@TalkPal\/","https:\/\/www.tiktok.com\/@talkpal","https:\/\/www.instagram.com\/talkpal_ai\/","https:\/\/www.crunchbase.com\/organization\/talkpal-9cde","https:\/\/www.g2.com\/products\/talkpal-for-business\/","https:\/\/www.trustpilot.com\/review\/talkpal.ai","https:\/\/www.capterra.com\/p\/10006800\/TalkPal\/"],"description":"Talkpal is a language learning web and mobile education app, powered by the latest AI technologies, that provides engaging experiences to its customers in many different languages to help them improve their language skills. Users can chat about unlimited amount of topics with the app and use other modes to practice their language learning.","email":"support@talkpal.ai","legalName":"Talkpal, Inc.","foundingDate":"2023-04-03","duns":"118989042","numberOfEmployees":{"@type":"QuantitativeValue","minValue":"11","maxValue":"50"},"publishingPrinciples":"https:\/\/talkpal.ai\/publishing-principles\/","actionableFeedbackPolicy":"https:\/\/talkpal.ai\/actionable-feedback-policy\/","correctionsPolicy":"https:\/\/talkpal.ai\/corrections-policy\/","ethicsPolicy":"https:\/\/talkpal.ai\/ethics-policy\/","diversityPolicy":"https:\/\/talkpal.ai\/diversity-policy\/","diversityStaffingReport":"https:\/\/talkpal.ai\/diversity-policy\/"}]}},"_links":{"self":[{"href":"https:\/\/talkpal.ai\/sk\/wp-json\/wp\/v2\/pages\/1478151","targetHints":{"allow":["GET"]}}],"collection":[{"href":"https:\/\/talkpal.ai\/sk\/wp-json\/wp\/v2\/pages"}],"about":[{"href":"https:\/\/talkpal.ai\/sk\/wp-json\/wp\/v2\/types\/page"}],"author":[{"embeddable":true,"href":"https:\/\/talkpal.ai\/sk\/wp-json\/wp\/v2\/users\/20"}],"replies":[{"embeddable":true,"href":"https:\/\/talkpal.ai\/sk\/wp-json\/wp\/v2\/comments?post=1478151"}],"version-history":[{"count":0,"href":"https:\/\/talkpal.ai\/sk\/wp-json\/wp\/v2\/pages\/1478151\/revisions"}],"wp:attachment":[{"href":"https:\/\/talkpal.ai\/sk\/wp-json\/wp\/v2\/media?parent=1478151"}],"curies":[{"name":"wp","href":"https:\/\/api.w.org\/{rel}","templated":true}]}}