{"id":1478147,"date":"2025-11-12T16:44:57","date_gmt":"2025-11-12T16:44:57","guid":{"rendered":"https:\/\/talkpal.ai\/sinhalska-gramatika\/"},"modified":"2025-12-30T11:10:05","modified_gmt":"2025-12-30T11:10:05","slug":"sinhalska-gramatika","status":"publish","type":"page","link":"https:\/\/talkpal.ai\/sk\/sinhalska-gramatika\/","title":{"rendered":"Sinh\u00e1lska gramatika"},"content":{"rendered":"\r\n\r\n\r\n<section class=\"languageChallengeSection\">\r\n    <div class=\"languageInfoWrapper\">\r\n        \r\n        <h1>Sinh\u00e1lska gramatika<\/h1>\r\n        <p><a href=\"https:\/\/talkpal.ai\/sinhala-grammar\/\">Sinh\u00e1lska gramatika<\/a> sa m\u00f4\u017ee na prv\u00fd poh\u013ead zda\u0165 n\u00e1ro\u010dn\u00e1, ale v\u010faka jej jedine\u010dn\u00fdm vlastnostiam je <a href=\"https:\/\/talkpal.ai\/sk\/ucenie\/\">u\u010denie sa<\/a> jazyka obohacuj\u00facou sk\u00fasenos\u0165ou. Sk\u00faman\u00edm abecedy, mut\u00e1ci\u00ed a gramatick\u00fdch pravidiel z\u00edskate preh\u013ead o bohatej jazykovej trad\u00edcii. Za\u010dnite svoju cestu a objavte kr\u00e1sy sinh\u00e1l\u010diny!<\/p>\r\n\r\n                            <a class=\"getStartedHidden\" href=\"https:\/\/app.talkpal.ai\/sk\/signup?lng=\">Za\u010dni<\/a>\r\n        \r\n    <\/div>\r\n\r\n    <figure>\r\n    <img decoding=\"async\" width=\"768\" height=\"768\" src=\"https:\/\/talkpal.ai\/wp-content\/uploads\/2023\/06\/welsh-768x768.png\" class=\"languageImage no-lazy\" alt=\"Language learning for better cognitive abilities\" fetchpriority=\"high\" sizes=\"(max-width: 768px) 150px, 768px\" srcset=\"https:\/\/talkpal.ai\/wp-content\/uploads\/2023\/06\/welsh-768x768.png 768w, https:\/\/talkpal.ai\/wp-content\/uploads\/2023\/06\/welsh-300x300.png 300w\" \/>\r\n    \r\n\r\n    <\/figure>\r\n\r\n            <a class=\"getStartedVisible\" href=\"https:\/\/app.talkpal.ai\/sk\/signup?lng=\">Za\u010dni<\/a>\r\n    \r\n<\/section><section class=\"promotionalBanner\">\r\n    <p class=\"promotionalText\">Najefekt\u00edvnej\u0161\u00ed sp\u00f4sob, ako sa nau\u010di\u0165 jazyk<\/p>\r\n    <a class=\"promotionalLink\" href=\"https:\/\/app.talkpal.ai\/sk\/signup?lng=\">Vysk\u00fa\u0161ajte Talkpal zadarmo<\/a>\r\n<\/section>\n<div class=\"wp-block-group pageContainerStyle\"><div class=\"wp-block-group__inner-container is-layout-constrained wp-block-group-is-layout-constrained\">\n<h2 class=\"wp-block-heading\" id=\"h-navigating-the-intricacies-of-sinhala-grammar\">Orient\u00e1cia v zlo\u017eitosti sinh\u00e1lskej gramatiky<\/h2>\n\n\n\n<p><a href=\"https:\/\/talkpal.ai\/sk\/naucte-sa-sinhalcinu\/\">Sinh\u00e1l\u010dina<\/a>, indo\u00e1rijsk\u00fd jazyk Sr\u00ed Lanky s bohatou hist\u00f3riou a kult\u00farnym v\u00fdznamom, pon\u00faka vzru\u0161uj\u00faci jazykov\u00fd z\u00e1\u017eitok pre t\u00fdch, ktor\u00ed t\u00fa\u017eia presk\u00fama\u0165 jeho jedine\u010dn\u00fd gramatick\u00fd syst\u00e9m. Ke\u010f sa vyd\u00e1te do r\u00ed\u0161e sinh\u00e1l\u010diny, nielen\u017ee obohat\u00edte svoj jazykov\u00fd reperto\u00e1r, ale tie\u017e prijmete fascinuj\u00facu kult\u00farnu cestu. Aj ke\u010f sa sinh\u00e1lska gramatika m\u00f4\u017ee na prv\u00fd poh\u013ead zda\u0165 komplikovan\u00e1, jej rozdelenie na z\u00e1kladn\u00e9 zlo\u017eky rob\u00ed u\u010denie jazyka pr\u00edstupnej\u0161\u00edm. V tomto \u010dl\u00e1nku presk\u00famame podmaniv\u00fd svet sinh\u00e1lskej gramatiky a poskytneme tipy, ako zvl\u00e1dnu\u0165 jej zlo\u017eitos\u0165.<\/p>\n\n\n\n<h3 class=\"wp-block-heading\" id=\"h-1-sinhala-alphabet-and-phonetics\">1. Sinh\u00e1lska abeceda a fonetika<\/h3>\n\n\n\n<p>Sinh\u00e1lsky syst\u00e9m p\u00edsania je abugida s vlastnou sadou spoluhl\u00e1sok a samohl\u00e1sok, p\u00edsan\u00fdch z\u013eava doprava. Spoluhl\u00e1sky nes\u00fa inherentn\u00fa samohl\u00e1sku, ktor\u00e1 je modifikovan\u00e1 diakritikou, a p\u00edsmo obsahuje charakteristick\u00e9 prvky ako rakaransaya a yansaya, ako aj prenazalizovan\u00e9 a retroflexn\u00e9 spoluhl\u00e1sky jedine\u010dn\u00e9 pre dan\u00fd jazyk. Ak sa chcete nau\u010di\u0165 sinh\u00e1lsku gramatiku, je d\u00f4le\u017eit\u00e9 zozn\u00e1mi\u0165 sa s t\u00fdmto charakteristick\u00fdm syst\u00e9mom p\u00edsania precvi\u010dovan\u00edm \u010d\u00edtania a p\u00edsania v sinh\u00e1l\u010dine.<\/p>\n\n\n\n<h3 class=\"wp-block-heading\" id=\"h-2-mutations-a-peculiar-sinhala-feature\">2. Mut\u00e1cie: Zvl\u00e1\u0161tna sinh\u00e1lska vlastnos\u0165<\/h3>\n\n\n\n<p><a href=\"https:\/\/talkpal.ai\/learn-sinhala\/\">Sinh\u00e1l\u010dina<\/a> nepou\u017e\u00edva po\u010diato\u010dn\u00e9 spoluhl\u00e1skov\u00e9 mut\u00e1cie. Namiesto toho je pozoruhodnou \u010drtou fonologick\u00e9 sandhi a asimil\u00e1cia, vr\u00e1tane zl\u00fa\u010denia samohl\u00e1sok a spoluhl\u00e1skovej gemin\u00e1cie cez morf\u00e9my a hranice slov. Stretnete sa aj s konjunktn\u00fdmi p\u00edsmenami a systematick\u00fdmi striedaniami v hovorenej sinh\u00e1l\u010dine, ktor\u00e9 ovplyv\u0148uj\u00fa v\u00fdslovnos\u0165 a rytmus. Pochopenie toho, kedy a ako doch\u00e1dza k t\u00fdmto zmen\u00e1m zvuku, je nevyhnutn\u00e9 pre presn\u00fa komunik\u00e1ciu v sinh\u00e1l\u010dine.<\/p>\n\n\n\n<h3 class=\"wp-block-heading\" id=\"h-3-nouns-and-pronouns-gender-and-cases\">3. Podstatn\u00e9 men\u00e1 a z\u00e1men\u00e1: rod a pr\u00edpady<\/h3>\n\n\n\n<p>Sinh\u00e1lske podstatn\u00e9 men\u00e1 neozna\u010duj\u00fa gramatick\u00fd rod tak, ako to robia mnoh\u00e9 eur\u00f3pske <a href=\"https:\/\/talkpal.ai\/what-language-is-spoken-on-the-international-space-station\/\">jazyky<\/a>, ale rozli\u0161uj\u00fa anim\u00e1ciu a pou\u017e\u00edvaj\u00fa r\u00f4zne strat\u00e9gie mno\u017en\u00e9ho \u010d\u00edsla, ako napr\u00edklad -l\u0101 pre \u017eiv\u00e9 a -val pre mnoh\u00e9 ne\u017eiv\u00e9. P\u00e1dov\u00e9 vz\u0165ahy sa vyjadruj\u00fa pr\u00edponami a postpoz\u00edciami, napr\u00edklad -\u1e6da pre dat\u00edv, -ge pre genit\u00edv a -in pre in\u0161trument\u00e1lne alebo ablat\u00edvne funkcie. Z\u00e1men\u00e1 v sinh\u00e1l\u010dine zah\u0155\u0148aj\u00fa osobn\u00e9 tvary s \u00farov\u0148ou form\u00e1lnosti a re\u0161pektu (napr. mama I, oy\u0101 alebo ob\u0101 you), privlast\u0148ovacie (mage my, ob\u0113 ur), reflex\u00edvne (tamange vlastn\u00e9), ukazovacie (ja toto, e tamto) a opytovacie (kavuda kto, mokakda \u010do). Obozn\u00e1menie sa s t\u00fdmito z\u00e1menami a ich tvarmi v\u00fdrazne zlep\u0161\u00ed va\u0161e pochopenie sinh\u00e1lskej gramatiky.<\/p>\n\n\n\n<h3 class=\"wp-block-heading\" id=\"h-4-verbs-structure-and-conjugation\">4. Sloves\u00e1: \u0161trukt\u00fara a \u010dasovanie<\/h3>\n\n\n\n<p>Sinh\u00e1l\u010dina je prim\u00e1rne SOV a sloves\u00e1 sa v hovorovom jazyku \u010dasuj\u00fa sk\u00f4r pre \u010das a polaritu ako pre osobu alebo \u010d\u00edslo. Z\u00e1kladn\u00e9 \u010dasy zah\u0155\u0148aj\u00fa pr\u00edtomn\u00fd-obvykl\u00fd, minul\u00fd a bud\u00faci, spolu s podmie\u0148ovac\u00edmi a rozkazovac\u00edmi n\u00e1ladami. Pr\u00edtomnos\u0165 sa be\u017ene tvor\u00ed pomocou -nava, mnoh\u00e9 minul\u00e9 formy s\u00fa zalo\u017een\u00e9 na kme\u0148och a negat\u00edvy s\u00fa budovan\u00e9 analyticky. U\u010denie sa vzorov \u010dasovania slovies a \u00falohy pr\u00ed\u010dasti\u00ed a pomocn\u00fdch slov zlep\u0161\u00ed va\u0161u schopnos\u0165 efekt\u00edvne komunikova\u0165 v sinh\u00e1l\u010dine.<\/p>\n\n\n\n<h3 class=\"wp-block-heading\" id=\"h-5-adjectives-agreement-and-placement\">5. Pr\u00eddavn\u00e9 men\u00e1: Zmluva a umiestnenie<\/h3>\n\n\n\n<p>V sinh\u00e1lskej gramatike pr\u00eddavn\u00e9 men\u00e1 zvy\u010dajne predch\u00e1dzaj\u00fa podstatn\u00e9mu menu, ktor\u00e9 upravuj\u00fa, a nezhoduj\u00fa sa s podstatn\u00fdm menom v po\u010dte alebo rode. Komparat\u00edvy sa \u010dasto tvoria s vada viac a superlat\u00edvy s klitick\u00fdm -ma, ktor\u00e9 s\u00fa nevyhnutn\u00e9 na to, aby ste sa nau\u010dili prirodzenej\u0161ie komunikova\u0165.<\/p>\n\n\n\n<p><strong>Pr\u00edklady:<\/strong><\/p>\n\n\n\n<p><strong>\u2013 loku ad\u0101re (ve\u013ek\u00e1 l\u00e1ska)<\/strong><\/p>\n\n\n\n<p><strong>\u2013 podi lamayi (mal\u00e9 deti)<\/strong><\/p>\n\n\n\n<h3 class=\"wp-block-heading\" id=\"h-6-engaging-with-the-language\">6. Zapojenie sa do jazyka<\/h3>\n\n\n\n<p>Naj\u00fa\u010dinnej\u0161\u00edm sp\u00f4sobom, ako plne pochopi\u0165 a osvoji\u0165 si sinh\u00e1lsku gramatiku, je d\u00f4sledne sa zaobera\u0165 jazykom. \u010c\u00edtan\u00edm sinh\u00e1lskej literat\u00fary, sledovan\u00edm sinh\u00e1lskych filmov alebo telev\u00edznych seri\u00e1lov a akt\u00edvnou komunik\u00e1ciou s roden\u00fdmi hovoriacimi posiln\u00edte svoje porozumenie gramatike a z\u00e1rove\u0148 si roz\u0161\u00edrite slovn\u00fa z\u00e1sobu.<\/p>\n\n\n\n<h3 class=\"wp-block-heading\" id=\"h-conclusion\">Z\u00e1ver<\/h3>\n\n\n\n<p>Hoci sa sinh\u00e1lska gramatika m\u00f4\u017ee zda\u0165 zlo\u017eit\u00e1, v tomto kr\u00e1snom jazyku sa m\u00f4\u017eete sta\u0165 zdatn\u00fdmi s odhodlan\u00edm, praxou a nad\u0161en\u00edm. Zameran\u00edm sa na z\u00e1kladn\u00e9 pravidl\u00e1 a zapojen\u00edm sa do jazyka v r\u00f4znych kontextoch r\u00fdchlo zlep\u0161\u00edte <a href=\"https:\/\/talkpal.ai\/sk\/gramatika\/\">svoje sinh\u00e1lske gramatick\u00e9 zru\u010dnosti<\/a>. Subha pathum (ve\u013ea \u0161\u0165astia) s va\u0161ou sinh\u00e1lskou jazykovou cestou a u\u017eite si odha\u013eovanie z\u00e1hadn\u00e9ho, ale podmaniv\u00e9ho sveta sinh\u00e1lskej gramatiky!<\/p>\n<\/div><\/div>\n\r\n<section class=\"learnNavigationSection\">\r\n            \r\n        <a href=\"https:\/\/talkpal.ai\/sk\/naucte-sa-sinhalcinu\/\">\r\n            <div class=\"learnNavigationWrapper\">\r\n                <div class=\"learnNavigationContent\">\r\n                    <img decoding=\"async\" src=\"https:\/\/talkpal.ai\/wp-content\/uploads\/2025\/11\/Sinhala.png\" alt=\"Sri Lankan Flag\">\r\n                    <div>\r\n                        <h4>O v\u00fdu\u010dbe sinh\u00e1l\u010diny<\/h4>\r\n                        <p>Zistite v\u0161etko o sinh\u00e1lskej gramatike.<\/p>\r\n                    <\/div>\r\n                <\/div>\r\n            <\/div>\r\n        <\/a>\r\n\r\n        \r\n        <a href=\"https:\/\/talkpal.ai\/sk\/sinhalske-gramaticke-cvicenia\/\">\r\n            <div class=\"learnNavigationWrapper\">\r\n                <div class=\"learnNavigationContent\">\r\n                    <img decoding=\"async\" src=\"https:\/\/talkpal.ai\/wp-content\/uploads\/2025\/11\/Sinhala.png\" alt=\"Sri Lankan Flag\">\r\n                    <div>\r\n                        <h4>Cvi\u010denie sinh\u00e1lskej gramatiky<\/h4>\r\n                        <p>Precvi\u010dte si sinh\u00e1lsku gramatiku.<\/p>\r\n                    <\/div>\r\n                <\/div>\r\n            <\/div>\r\n        <\/a>\r\n\r\n            <\/section>","protected":false},"excerpt":{"rendered":"<p>Orient\u00e1cia v zlo\u017eitosti sinh\u00e1lskej gramatiky Sinh\u00e1l\u010dina, indo\u00e1rijsk\u00fd jazyk Sr\u00ed Lanky s bohatou hist\u00f3riou a kult\u00farnym v\u00fdznamom, pon\u00faka vzru\u0161uj\u00faci jazykov\u00fd z\u00e1\u017eitok pre t\u00fdch, ktor\u00ed t\u00fa\u017eia presk\u00fama\u0165 jeho jedine\u010dn\u00fd gramatick\u00fd syst\u00e9m. Ke\u010f sa vyd\u00e1te do r\u00ed\u0161e sinh\u00e1l\u010diny, nielen\u017ee obohat\u00edte svoj jazykov\u00fd reperto\u00e1r, ale tie\u017e prijmete fascinuj\u00facu kult\u00farnu cestu. Aj ke\u010f sa sinh\u00e1lska gramatika m\u00f4\u017ee na prv\u00fd poh\u013ead [&hellip;]<\/p>\n","protected":false},"author":20,"featured_media":0,"parent":0,"menu_order":0,"comment_status":"closed","ping_status":"closed","template":"LearningContentPage.php","meta":{"_acf_changed":false,"footnotes":""},"class_list":["post-1478147","page","type-page","status-publish","hentry"],"acf":[],"yoast_head":"<!-- This site is optimized with the Yoast SEO Premium plugin v27.2 (Yoast SEO v27.2) - https:\/\/yoast.com\/product\/yoast-seo-premium-wordpress\/ -->\n<title>Sinh\u00e1lska gramatika - Talkpal<\/title>\n<meta name=\"description\" content=\"Ovl\u00e1dajte pravidl\u00e1 sinh\u00e1lskej gramatiky a zlep\u0161ite svoju plynulos\u0165 pomocou komplexn\u00e9ho a interakt\u00edvneho jazykov\u00e9ho sprievodcu Talkpal AI.\" \/>\n<meta name=\"robots\" content=\"index, follow, max-snippet:-1, max-image-preview:large, max-video-preview:-1\" \/>\n<link rel=\"canonical\" href=\"https:\/\/talkpal.ai\/sk\/sinhalska-gramatika\/\" \/>\n<meta property=\"og:locale\" content=\"sk_SK\" \/>\n<meta property=\"og:type\" content=\"article\" \/>\n<meta property=\"og:title\" content=\"Sinh\u00e1lska gramatika\" \/>\n<meta property=\"og:description\" content=\"Orient\u00e1cia v zlo\u017eitosti sinh\u00e1lskej gramatiky Sinh\u00e1l\u010dina, indo\u00e1rijsk\u00fd jazyk Sr\u00ed Lanky s bohatou hist\u00f3riou a kult\u00farnym v\u00fdznamom, pon\u00faka vzru\u0161uj\u00faci jazykov\u00fd\" \/>\n<meta property=\"og:url\" content=\"https:\/\/talkpal.ai\/sk\/sinhalska-gramatika\/\" \/>\n<meta property=\"og:site_name\" content=\"Talkpal\" \/>\n<meta property=\"article:publisher\" content=\"https:\/\/www.facebook.com\/profile.php?id=100090733639311\" \/>\n<meta property=\"article:modified_time\" content=\"2025-12-30T11:10:05+00:00\" \/>\n<meta property=\"og:image\" content=\"https:\/\/talkpal.ai\/wp-content\/uploads\/2025\/02\/Progress-tab-16_9.png\" \/>\n\t<meta property=\"og:image:width\" content=\"2880\" \/>\n\t<meta property=\"og:image:height\" content=\"1620\" \/>\n\t<meta property=\"og:image:type\" content=\"image\/png\" \/>\n<meta name=\"twitter:card\" content=\"summary_large_image\" \/>\n<meta name=\"twitter:site\" content=\"@talkpalai\" \/>\n<meta name=\"twitter:label1\" content=\"Predpokladan\u00fd \u010das \u010d\u00edtania\" \/>\n\t<meta name=\"twitter:data1\" content=\"4 min\u00faty\" \/>\n<script type=\"application\/ld+json\" class=\"yoast-schema-graph\">{\"@context\":\"https:\/\/schema.org\",\"@graph\":[{\"@type\":\"WebPage\",\"@id\":\"https:\/\/talkpal.ai\/sk\/sinhalska-gramatika\/\",\"url\":\"https:\/\/talkpal.ai\/sk\/sinhalska-gramatika\/\",\"name\":\"Sinh\u00e1lska gramatika - Talkpal\",\"isPartOf\":{\"@id\":\"https:\/\/talkpal.ai\/sk\/#website\"},\"datePublished\":\"2025-11-12T16:44:57+00:00\",\"dateModified\":\"2025-12-30T11:10:05+00:00\",\"description\":\"Ovl\u00e1dajte pravidl\u00e1 sinh\u00e1lskej gramatiky a zlep\u0161ite svoju plynulos\u0165 pomocou komplexn\u00e9ho a interakt\u00edvneho jazykov\u00e9ho sprievodcu Talkpal AI.\",\"breadcrumb\":{\"@id\":\"https:\/\/talkpal.ai\/sk\/sinhalska-gramatika\/#breadcrumb\"},\"inLanguage\":\"sk-SK\",\"potentialAction\":[{\"@type\":\"ReadAction\",\"target\":[\"https:\/\/talkpal.ai\/sk\/sinhalska-gramatika\/\"]}]},{\"@type\":\"BreadcrumbList\",\"@id\":\"https:\/\/talkpal.ai\/sk\/sinhalska-gramatika\/#breadcrumb\",\"itemListElement\":[{\"@type\":\"ListItem\",\"position\":1,\"name\":\"Homepage\",\"item\":\"https:\/\/talkpal.ai\/sk\/\"},{\"@type\":\"ListItem\",\"position\":2,\"name\":\"Sinh\u00e1lska gramatika\"}]},{\"@type\":\"WebSite\",\"@id\":\"https:\/\/talkpal.ai\/sk\/#website\",\"url\":\"https:\/\/talkpal.ai\/sk\/\",\"name\":\"Talkpal\",\"description\":\"AI Language Learning\",\"publisher\":{\"@id\":\"https:\/\/talkpal.ai\/sk\/#organization\"},\"alternateName\":\"Talkpal AI\",\"potentialAction\":[{\"@type\":\"SearchAction\",\"target\":{\"@type\":\"EntryPoint\",\"urlTemplate\":\"https:\/\/talkpal.ai\/sk\/?s={search_term_string}\"},\"query-input\":{\"@type\":\"PropertyValueSpecification\",\"valueRequired\":true,\"valueName\":\"search_term_string\"}}],\"inLanguage\":\"sk-SK\"},{\"@type\":\"Organization\",\"@id\":\"https:\/\/talkpal.ai\/sk\/#organization\",\"name\":\"Talkpal, Inc.\",\"alternateName\":\"Talkpal AI\",\"url\":\"https:\/\/talkpal.ai\/sk\/\",\"logo\":{\"@type\":\"ImageObject\",\"inLanguage\":\"sk-SK\",\"@id\":\"https:\/\/talkpal.ai\/sk\/#\/schema\/logo\/image\/\",\"url\":\"https:\/\/talkpal.ai\/wp-content\/uploads\/2024\/03\/Talkpal-Logo-Icon.png\",\"contentUrl\":\"https:\/\/talkpal.ai\/wp-content\/uploads\/2024\/03\/Talkpal-Logo-Icon.png\",\"width\":2880,\"height\":2880,\"caption\":\"Talkpal, Inc.\"},\"image\":{\"@id\":\"https:\/\/talkpal.ai\/sk\/#\/schema\/logo\/image\/\"},\"sameAs\":[\"https:\/\/www.facebook.com\/profile.php?id=100090733639311\",\"https:\/\/x.com\/talkpalai\",\"https:\/\/www.linkedin.com\/company\/talkpal\/\",\"https:\/\/www.youtube.com\/@TalkPal\/\",\"https:\/\/www.tiktok.com\/@talkpal\",\"https:\/\/www.instagram.com\/talkpal_ai\/\",\"https:\/\/www.crunchbase.com\/organization\/talkpal-9cde\",\"https:\/\/www.g2.com\/products\/talkpal-for-business\/\",\"https:\/\/www.trustpilot.com\/review\/talkpal.ai\",\"https:\/\/www.capterra.com\/p\/10006800\/TalkPal\/\"],\"description\":\"Talkpal is a language learning web and mobile education app, powered by the latest AI technologies, that provides engaging experiences to its customers in many different languages to help them improve their language skills. Users can chat about unlimited amount of topics with the app and use other modes to practice their language learning.\",\"email\":\"support@talkpal.ai\",\"legalName\":\"Talkpal, Inc.\",\"foundingDate\":\"2023-04-03\",\"duns\":\"118989042\",\"numberOfEmployees\":{\"@type\":\"QuantitativeValue\",\"minValue\":\"11\",\"maxValue\":\"50\"},\"publishingPrinciples\":\"https:\/\/talkpal.ai\/publishing-principles\/\",\"actionableFeedbackPolicy\":\"https:\/\/talkpal.ai\/actionable-feedback-policy\/\",\"correctionsPolicy\":\"https:\/\/talkpal.ai\/corrections-policy\/\",\"ethicsPolicy\":\"https:\/\/talkpal.ai\/ethics-policy\/\",\"diversityPolicy\":\"https:\/\/talkpal.ai\/diversity-policy\/\",\"diversityStaffingReport\":\"https:\/\/talkpal.ai\/diversity-policy\/\"}]}<\/script>\n<!-- \/ Yoast SEO Premium plugin. -->","yoast_head_json":{"title":"Sinh\u00e1lska gramatika - Talkpal","description":"Ovl\u00e1dajte pravidl\u00e1 sinh\u00e1lskej gramatiky a zlep\u0161ite svoju plynulos\u0165 pomocou komplexn\u00e9ho a interakt\u00edvneho jazykov\u00e9ho sprievodcu Talkpal AI.","robots":{"index":"index","follow":"follow","max-snippet":"max-snippet:-1","max-image-preview":"max-image-preview:large","max-video-preview":"max-video-preview:-1"},"canonical":"https:\/\/talkpal.ai\/sk\/sinhalska-gramatika\/","og_locale":"sk_SK","og_type":"article","og_title":"Sinh\u00e1lska gramatika","og_description":"Orient\u00e1cia v zlo\u017eitosti sinh\u00e1lskej gramatiky Sinh\u00e1l\u010dina, indo\u00e1rijsk\u00fd jazyk Sr\u00ed Lanky s bohatou hist\u00f3riou a kult\u00farnym v\u00fdznamom, pon\u00faka vzru\u0161uj\u00faci jazykov\u00fd","og_url":"https:\/\/talkpal.ai\/sk\/sinhalska-gramatika\/","og_site_name":"Talkpal","article_publisher":"https:\/\/www.facebook.com\/profile.php?id=100090733639311","article_modified_time":"2025-12-30T11:10:05+00:00","og_image":[{"width":2880,"height":1620,"url":"https:\/\/talkpal.ai\/wp-content\/uploads\/2025\/02\/Progress-tab-16_9.png","type":"image\/png"}],"twitter_card":"summary_large_image","twitter_site":"@talkpalai","twitter_misc":{"Predpokladan\u00fd \u010das \u010d\u00edtania":"4 min\u00faty"},"schema":{"@context":"https:\/\/schema.org","@graph":[{"@type":"WebPage","@id":"https:\/\/talkpal.ai\/sk\/sinhalska-gramatika\/","url":"https:\/\/talkpal.ai\/sk\/sinhalska-gramatika\/","name":"Sinh\u00e1lska gramatika - Talkpal","isPartOf":{"@id":"https:\/\/talkpal.ai\/sk\/#website"},"datePublished":"2025-11-12T16:44:57+00:00","dateModified":"2025-12-30T11:10:05+00:00","description":"Ovl\u00e1dajte pravidl\u00e1 sinh\u00e1lskej gramatiky a zlep\u0161ite svoju plynulos\u0165 pomocou komplexn\u00e9ho a interakt\u00edvneho jazykov\u00e9ho sprievodcu Talkpal AI.","breadcrumb":{"@id":"https:\/\/talkpal.ai\/sk\/sinhalska-gramatika\/#breadcrumb"},"inLanguage":"sk-SK","potentialAction":[{"@type":"ReadAction","target":["https:\/\/talkpal.ai\/sk\/sinhalska-gramatika\/"]}]},{"@type":"BreadcrumbList","@id":"https:\/\/talkpal.ai\/sk\/sinhalska-gramatika\/#breadcrumb","itemListElement":[{"@type":"ListItem","position":1,"name":"Homepage","item":"https:\/\/talkpal.ai\/sk\/"},{"@type":"ListItem","position":2,"name":"Sinh\u00e1lska gramatika"}]},{"@type":"WebSite","@id":"https:\/\/talkpal.ai\/sk\/#website","url":"https:\/\/talkpal.ai\/sk\/","name":"Talkpal","description":"AI Language Learning","publisher":{"@id":"https:\/\/talkpal.ai\/sk\/#organization"},"alternateName":"Talkpal AI","potentialAction":[{"@type":"SearchAction","target":{"@type":"EntryPoint","urlTemplate":"https:\/\/talkpal.ai\/sk\/?s={search_term_string}"},"query-input":{"@type":"PropertyValueSpecification","valueRequired":true,"valueName":"search_term_string"}}],"inLanguage":"sk-SK"},{"@type":"Organization","@id":"https:\/\/talkpal.ai\/sk\/#organization","name":"Talkpal, Inc.","alternateName":"Talkpal AI","url":"https:\/\/talkpal.ai\/sk\/","logo":{"@type":"ImageObject","inLanguage":"sk-SK","@id":"https:\/\/talkpal.ai\/sk\/#\/schema\/logo\/image\/","url":"https:\/\/talkpal.ai\/wp-content\/uploads\/2024\/03\/Talkpal-Logo-Icon.png","contentUrl":"https:\/\/talkpal.ai\/wp-content\/uploads\/2024\/03\/Talkpal-Logo-Icon.png","width":2880,"height":2880,"caption":"Talkpal, Inc."},"image":{"@id":"https:\/\/talkpal.ai\/sk\/#\/schema\/logo\/image\/"},"sameAs":["https:\/\/www.facebook.com\/profile.php?id=100090733639311","https:\/\/x.com\/talkpalai","https:\/\/www.linkedin.com\/company\/talkpal\/","https:\/\/www.youtube.com\/@TalkPal\/","https:\/\/www.tiktok.com\/@talkpal","https:\/\/www.instagram.com\/talkpal_ai\/","https:\/\/www.crunchbase.com\/organization\/talkpal-9cde","https:\/\/www.g2.com\/products\/talkpal-for-business\/","https:\/\/www.trustpilot.com\/review\/talkpal.ai","https:\/\/www.capterra.com\/p\/10006800\/TalkPal\/"],"description":"Talkpal is a language learning web and mobile education app, powered by the latest AI technologies, that provides engaging experiences to its customers in many different languages to help them improve their language skills. Users can chat about unlimited amount of topics with the app and use other modes to practice their language learning.","email":"support@talkpal.ai","legalName":"Talkpal, Inc.","foundingDate":"2023-04-03","duns":"118989042","numberOfEmployees":{"@type":"QuantitativeValue","minValue":"11","maxValue":"50"},"publishingPrinciples":"https:\/\/talkpal.ai\/publishing-principles\/","actionableFeedbackPolicy":"https:\/\/talkpal.ai\/actionable-feedback-policy\/","correctionsPolicy":"https:\/\/talkpal.ai\/corrections-policy\/","ethicsPolicy":"https:\/\/talkpal.ai\/ethics-policy\/","diversityPolicy":"https:\/\/talkpal.ai\/diversity-policy\/","diversityStaffingReport":"https:\/\/talkpal.ai\/diversity-policy\/"}]}},"_links":{"self":[{"href":"https:\/\/talkpal.ai\/sk\/wp-json\/wp\/v2\/pages\/1478147","targetHints":{"allow":["GET"]}}],"collection":[{"href":"https:\/\/talkpal.ai\/sk\/wp-json\/wp\/v2\/pages"}],"about":[{"href":"https:\/\/talkpal.ai\/sk\/wp-json\/wp\/v2\/types\/page"}],"author":[{"embeddable":true,"href":"https:\/\/talkpal.ai\/sk\/wp-json\/wp\/v2\/users\/20"}],"replies":[{"embeddable":true,"href":"https:\/\/talkpal.ai\/sk\/wp-json\/wp\/v2\/comments?post=1478147"}],"version-history":[{"count":0,"href":"https:\/\/talkpal.ai\/sk\/wp-json\/wp\/v2\/pages\/1478147\/revisions"}],"wp:attachment":[{"href":"https:\/\/talkpal.ai\/sk\/wp-json\/wp\/v2\/media?parent=1478147"}],"curies":[{"name":"wp","href":"https:\/\/api.w.org\/{rel}","templated":true}]}}