{"id":1478100,"date":"2025-11-12T16:31:52","date_gmt":"2025-11-12T16:31:52","guid":{"rendered":"https:\/\/talkpal.ai\/pandzabska-gramatika\/"},"modified":"2025-12-30T11:36:06","modified_gmt":"2025-12-30T11:36:06","slug":"pandzabska-gramatika","status":"publish","type":"page","link":"https:\/\/talkpal.ai\/sk\/pandzabska-gramatika\/","title":{"rendered":"Pand\u017e\u00e1bska gramatika"},"content":{"rendered":"\r\n\r\n\r\n<section class=\"languageChallengeSection\">\r\n    <div class=\"languageInfoWrapper\">\r\n        \r\n        <h1>Pand\u017e\u00e1bska gramatika<\/h1>\r\n        <p>Pand\u017e\u00e1bska <a href=\"https:\/\/talkpal.ai\/sq\/gramatika\/\">gramatika<\/a> sa m\u00f4\u017ee na prv\u00fd poh\u013ead zda\u0165 n\u00e1ro\u010dn\u00e1, ale v\u010faka jej jedine\u010dn\u00fdm vlastnostiam je <a href=\"https:\/\/talkpal.ai\/sk\/ucenie\/\">u\u010denie sa<\/a> jazyka obohacuj\u00facou sk\u00fasenos\u0165ou. Sk\u00faman\u00edm abecedy, mut\u00e1ci\u00ed a gramatick\u00fdch pravidiel z\u00edskate preh\u013ead o bohatej jazykovej trad\u00edcii. Za\u010dnite svoju cestu a objavte kr\u00e1sy pand\u017e\u00e1b\u010diny!<\/p>\r\n\r\n                            <a class=\"getStartedHidden\" href=\"https:\/\/app.talkpal.ai\/sk\/signup?lng=\">Za\u010dni<\/a>\r\n        \r\n    <\/div>\r\n\r\n    <figure>\r\n    <img decoding=\"async\" width=\"768\" height=\"768\" src=\"https:\/\/talkpal.ai\/wp-content\/uploads\/2023\/06\/welsh-768x768.png\" class=\"languageImage no-lazy\" alt=\"Language learning for better cognitive abilities\" fetchpriority=\"high\" sizes=\"(max-width: 768px) 150px, 768px\" srcset=\"https:\/\/talkpal.ai\/wp-content\/uploads\/2023\/06\/welsh-768x768.png 768w, https:\/\/talkpal.ai\/wp-content\/uploads\/2023\/06\/welsh-300x300.png 300w\" \/>\r\n    \r\n\r\n    <\/figure>\r\n\r\n            <a class=\"getStartedVisible\" href=\"https:\/\/app.talkpal.ai\/sk\/signup?lng=\">Za\u010dni<\/a>\r\n    \r\n<\/section><section class=\"promotionalBanner\">\r\n    <p class=\"promotionalText\">Najefekt\u00edvnej\u0161\u00ed sp\u00f4sob, ako sa nau\u010di\u0165 jazyk<\/p>\r\n    <a class=\"promotionalLink\" href=\"https:\/\/app.talkpal.ai\/sk\/signup?lng=\">Vysk\u00fa\u0161ajte Talkpal zadarmo<\/a>\r\n<\/section>\n<div class=\"wp-block-group pageContainerStyle\"><div class=\"wp-block-group__inner-container is-layout-constrained wp-block-group-is-layout-constrained\">\n<h2 class=\"wp-block-heading\" id=\"h-navigating-the-intricacies-of-punjabi-grammar\">Navig\u00e1cia v zlo\u017eitosti pand\u017e\u00e1bskej gramatiky<\/h2>\n\n\n\n<p><a href=\"https:\/\/talkpal.ai\/sk\/naucte-sa-pandzabsky\/\">Pand\u017e\u00e1b\u010dina<\/a>, indo\u00e1rijsk\u00fd jazyk s bohatou hist\u00f3riou a kult\u00farnym v\u00fdznamom, pon\u00faka vzru\u0161uj\u00faci jazykov\u00fd z\u00e1\u017eitok pre t\u00fdch, ktor\u00ed t\u00fa\u017eia presk\u00fama\u0165 jeho jedine\u010dn\u00fd gramatick\u00fd syst\u00e9m. Ke\u010f sa vyd\u00e1te do r\u00ed\u0161e pand\u017e\u00e1b\u010diny, nielen\u017ee obohat\u00edte svoj jazykov\u00fd reperto\u00e1r, ale aj prijmete fascinuj\u00facu kult\u00farnu cestu. Aj ke\u010f sa pand\u017e\u00e1bska gramatika m\u00f4\u017ee na prv\u00fd poh\u013ead zda\u0165 komplikovan\u00e1, jej rozdelenie na z\u00e1kladn\u00e9 zlo\u017eky rob\u00ed u\u010denie jazyka pr\u00edstupnej\u0161\u00edm. V tomto \u010dl\u00e1nku presk\u00famame podmaniv\u00fd svet pand\u017e\u00e1bskej gramatiky a poskytneme tipy, ako zvl\u00e1dnu\u0165 jej zlo\u017eitos\u0165.<\/p>\n\n\n\n<h3 class=\"wp-block-heading\" id=\"h-1-punjabi-alphabet-and-phonetics\">1. Pand\u017e\u00e1bska abeceda a fonetika<\/h3>\n\n\n\n<p>Pand\u017e\u00e1bsky syst\u00e9m p\u00edsma prim\u00e1rne pou\u017e\u00edva p\u00edsmo Gurmukhi, ktor\u00e9 zah\u0155\u0148a nez\u00e1visl\u00e9 samohl\u00e1sky, spoluhl\u00e1sky, samohl\u00e1skov\u00e9 znaky naz\u00fdvan\u00e9 matras, nazaliza\u010dn\u00e9 zna\u010dky ako bind\u012b a \u1e6dipp\u012b a addhak, ktor\u00fd ozna\u010duje zdvojenie spoluhl\u00e1sok. <a href=\"https:\/\/talkpal.ai\/learn-punjabi\/\">Pand\u017e\u00e1b\u010dina<\/a> sa v Pakistane p\u00ed\u0161e aj p\u00edsmom Shahmukhi. Ak sa chcete nau\u010di\u0165 pand\u017e\u00e1bsku gramatiku, je d\u00f4le\u017eit\u00e9 zozn\u00e1mi\u0165 sa s Gurmukhi precvi\u010dovan\u00edm \u010d\u00edtania a p\u00edsania v pand\u017e\u00e1b\u010dine.<\/p>\n\n\n\n<h3 class=\"wp-block-heading\" id=\"h-2-tones-a-distinctive-punjabi-feature\">2. T\u00f3ny: V\u00fdrazn\u00e1 pand\u017e\u00e1bska vlastnos\u0165<\/h3>\n\n\n\n<p>Jedn\u00fdm z najv\u00fdraznej\u0161\u00edch aspektov pand\u017e\u00e1b\u010diny je pou\u017e\u00edvanie t\u00f3nu, ktor\u00fd m\u00f4\u017ee zmeni\u0165 v\u00fdznam slov. Pand\u017e\u00e1b\u010dina sa be\u017ene opisuje ako trojt\u00f3nov\u00e1 a \u010dasto s\u00favisia s historick\u00fdmi zvukov\u00fdmi zmenami, ktor\u00e9 nie s\u00fa priamo ozna\u010den\u00e9 v modernom pravopise. Pochopenie fungovania t\u00f3nu a precvi\u010dovanie presnej v\u00fdslovnosti je \u017eivotne d\u00f4le\u017eit\u00e9 pre jasn\u00fa a presn\u00fa komunik\u00e1ciu v pand\u017e\u00e1b\u010dine.<\/p>\n\n\n\n<h3 class=\"wp-block-heading\" id=\"h-3-nouns-and-pronouns-gender-and-cases\">3. Podstatn\u00e9 men\u00e1 a z\u00e1men\u00e1: rod a pr\u00edpady<\/h3>\n\n\n\n<p>Pand\u017e\u00e1bske podstatn\u00e9 men\u00e1 maj\u00fa gramatick\u00fd rod, mu\u017esk\u00fd alebo \u017eensk\u00fd rod a mno\u017en\u00e9 \u010d\u00edslo sa riadi vzormi, ktor\u00e9 sa l\u00ed\u0161ia pod\u013ea typu podstatn\u00e9ho mena. Mnoh\u00e9 podstatn\u00e9 men\u00e1 mu\u017esk\u00e9ho rodu tvoria mno\u017en\u00e9 \u010d\u00edslo v -e a mnoh\u00e9 podstatn\u00e9 men\u00e1 \u017eensk\u00e9ho rodu v -\u0101\u1e41, aj ke\u010f existuj\u00fa nezrovnalosti. Pand\u017e\u00e1b\u010dina pou\u017e\u00edva \u0161ikm\u00e9 p\u00e1dy pred postpoz\u00edciami, ktor\u00e9 nasleduj\u00fa po podstatnom mene alebo z\u00e1mene. Z\u00e1men\u00e1 zah\u0155\u0148aj\u00fa osobn\u00e9, privlast\u0148ovac\u00ed, zvratn\u00e9, ukazovacie a opytovacie mno\u017einy, ako napr\u00edklad \u0a2e\u0a48\u0a02, \u0a24\u0a42\u0a70, \u0a09\u0a39, \u0a2e\u0a47\u0a30\u0a3e, \u0a06\u0a2a\u0a23\u0a3e, \u0a07\u0a39, \u0a09\u0a39, \u0a15\u0a4c\u0a23 a \u0a15\u0a40. Obozn\u00e1menie sa s t\u00fdmito z\u00e1menami a ich tvarmi v\u00fdrazne zlep\u0161\u00ed va\u0161e pochopenie pand\u017e\u00e1bskej gramatiky.<\/p>\n\n\n\n<h3 class=\"wp-block-heading\" id=\"h-4-verbs-structure-and-conjugation\">4. Sloves\u00e1: \u0161trukt\u00fara a \u010dasovanie<\/h3>\n\n\n\n<p>Pand\u017e\u00e1bske sloves\u00e1 vykazuj\u00fa aspekt a zhodu a zvy\u010dajne pou\u017e\u00edvaj\u00fa pr\u00ed\u010dastia v kombin\u00e1cii s pomocn\u00fdm slovesom \u0a39\u0a4b\u0a23\u0a3e na vyjadrenie \u010dasu a n\u00e1lady. Z\u00e1kladn\u00e9 rozdiely zah\u0155\u0148aj\u00fa pr\u00edtomn\u00e9 obvykl\u00e9, minul\u00e9 dokonan\u00e9 a bud\u00face spolu s podmienen\u00fdmi a imperat\u00edvnymi n\u00e1ladami. Zhoda \u010dasto z\u00e1vis\u00ed od rodu a \u010d\u00edsla a v mnoh\u00fdch dokonav\u00fdch tranzit\u00edvnych vet\u00e1ch pand\u017e\u00e1b\u010dina ozna\u010duje podmet \u0a28\u0a47, zatia\u013e \u010do sloveso s\u00fahlas\u00ed s predmetom. U\u010denie sa hlavn\u00fdch konjuga\u010dn\u00fdch vzorov a pomocn\u00e9ho pou\u017eitia zlep\u0161\u00ed va\u0161u schopnos\u0165 efekt\u00edvne komunikova\u0165 v pand\u017e\u00e1b\u010dine.<\/p>\n\n\n\n<h3 class=\"wp-block-heading\" id=\"h-5-adjectives-agreement-and-placement\">5. Pr\u00eddavn\u00e9 men\u00e1: Zmluva a umiestnenie<\/h3>\n\n\n\n<p>V pand\u017e\u00e1bskej gramatike pr\u00eddavn\u00e9 men\u00e1 zvy\u010dajne predch\u00e1dzaj\u00fa podstatn\u00e9mu menu, ktor\u00e9 upravuj\u00fa, a ke\u010f s\u00fa ozna\u010den\u00e9, zhoduj\u00fa sa v rode a \u010d\u00edsle s podstatn\u00fdm menom. Mnoh\u00e9 pr\u00eddavn\u00e9 men\u00e1 s\u00fa nemenn\u00e9, ale be\u017en\u00e9 opisn\u00e9 pr\u00eddavn\u00e9 men\u00e1 vykazuj\u00fa tvary mu\u017esk\u00e9ho, \u017eensk\u00e9ho a mno\u017en\u00e9ho \u010d\u00edsla. Porovn\u00e1vacie a superlat\u00edvne v\u00fdznamy sa \u010dasto tvoria analyticky s \u0a39\u0a4b\u0a30 pre viac a \u0a38\u0a2d \u0a24\u0a4b\u0a02 pre v\u00e4\u010d\u0161inu.<\/p>\n\n\n\n<p><strong>Pr\u00edklady:<\/strong><\/p>\n\n\n\n<p><strong>\u2013 \u0a35\u0a71\u0a21\u0a3e \u0a2a\u0a3f\u0a06\u0a30 (ve\u013ek\u00e1 l\u00e1ska)<\/strong><\/p>\n\n\n\n<p><strong>\u2013 \u0a1b\u0a4b\u0a1f\u0a47 \u0a2c\u0a71\u0a1a\u0a47 (mal\u00e9 deti)<\/strong><\/p>\n\n\n\n<h3 class=\"wp-block-heading\" id=\"h-6-engaging-with-the-language\">6. Zapojenie sa do jazyka<\/h3>\n\n\n\n<p>Naj\u00fa\u010dinnej\u0161\u00edm sp\u00f4sobom, ako plne pochopi\u0165 a osvoji\u0165 si pand\u017e\u00e1bsku gramatiku, je d\u00f4sledne sa zap\u00e1ja\u0165 do jazyka. \u010c\u00edtan\u00edm pand\u017e\u00e1bskej literat\u00fary, sledovan\u00edm pand\u017e\u00e1bskych filmov alebo telev\u00edznych seri\u00e1lov, po\u010d\u00favan\u00edm hudby a po\u00e9zie a akt\u00edvnou komunik\u00e1ciou s roden\u00fdmi hovoriacimi posiln\u00edte svoje porozumenie gramatike a z\u00e1rove\u0148 si roz\u0161\u00edrite slovn\u00fa z\u00e1sobu.<\/p>\n\n\n\n<h3 class=\"wp-block-heading\" id=\"h-conclusion\">Z\u00e1ver<\/h3>\n\n\n\n<p>Aj ke\u010f sa pand\u017e\u00e1bska gramatika m\u00f4\u017ee zda\u0165 zlo\u017eit\u00e1, m\u00f4\u017eete sa sta\u0165 zdatn\u00fdmi v tomto kr\u00e1snom jazyku s odhodlan\u00edm, praxou a nad\u0161en\u00edm. Zameran\u00edm sa na z\u00e1kladn\u00e9 pravidl\u00e1 a zapojen\u00edm sa do jazyka v r\u00f4znych kontextoch r\u00fdchlo zlep\u0161\u00edte <a href=\"https:\/\/talkpal.ai\/sk\/gramatika\/\">svoje pand\u017e\u00e1bske gramatick\u00e9 zru\u010dnosti<\/a>. Ve\u013ea \u0161\u0165astia na va\u0161ej ceste za pand\u017e\u00e1bskym jazykom a u\u017eite si odha\u013eovanie dynamick\u00e9ho a podmaniv\u00e9ho sveta pand\u017e\u00e1bskej gramatiky!<\/p>\n<\/div><\/div>\n\r\n<section class=\"learnNavigationSection\">\r\n            \r\n        <a href=\"https:\/\/talkpal.ai\/sk\/naucte-sa-pandzabsky\/\">\r\n            <div class=\"learnNavigationWrapper\">\r\n                <div class=\"learnNavigationContent\">\r\n                    <img decoding=\"async\" src=\"https:\/\/talkpal.ai\/wp-content\/uploads\/2025\/11\/Punjabi.png\" alt=\"Indian Simplified Flag\">\r\n                    <div>\r\n                        <h4>O pand\u017e\u00e1bskom vzdel\u00e1van\u00ed<\/h4>\r\n                        <p>Zistite v\u0161etko o pand\u017e\u00e1bskej gramatike.<\/p>\r\n                    <\/div>\r\n                <\/div>\r\n            <\/div>\r\n        <\/a>\r\n\r\n        \r\n        <a href=\"https:\/\/talkpal.ai\/sk\/pandzabske-gramaticke-cvicenia\/\">\r\n            <div class=\"learnNavigationWrapper\">\r\n                <div class=\"learnNavigationContent\">\r\n                    <img decoding=\"async\" src=\"https:\/\/talkpal.ai\/wp-content\/uploads\/2025\/11\/Punjabi.png\" alt=\"Indian Simplified Flag\">\r\n                    <div>\r\n                        <h4>Pand\u017e\u00e1bske gramatick\u00e9 cvi\u010denie<\/h4>\r\n                        <p>Precvi\u010dte si pand\u017e\u00e1bsku gramatiku.<\/p>\r\n                    <\/div>\r\n                <\/div>\r\n            <\/div>\r\n        <\/a>\r\n\r\n            <\/section>","protected":false},"excerpt":{"rendered":"<p>Navig\u00e1cia v zlo\u017eitosti pand\u017e\u00e1bskej gramatiky Pand\u017e\u00e1b\u010dina, indo\u00e1rijsk\u00fd jazyk s bohatou hist\u00f3riou a kult\u00farnym v\u00fdznamom, pon\u00faka vzru\u0161uj\u00faci jazykov\u00fd z\u00e1\u017eitok pre t\u00fdch, ktor\u00ed t\u00fa\u017eia presk\u00fama\u0165 jeho jedine\u010dn\u00fd gramatick\u00fd syst\u00e9m. Ke\u010f sa vyd\u00e1te do r\u00ed\u0161e pand\u017e\u00e1b\u010diny, nielen\u017ee obohat\u00edte svoj jazykov\u00fd reperto\u00e1r, ale aj prijmete fascinuj\u00facu kult\u00farnu cestu. Aj ke\u010f sa pand\u017e\u00e1bska gramatika m\u00f4\u017ee na prv\u00fd poh\u013ead zda\u0165 komplikovan\u00e1, [&hellip;]<\/p>\n","protected":false},"author":20,"featured_media":0,"parent":0,"menu_order":0,"comment_status":"closed","ping_status":"closed","template":"LearningContentPage.php","meta":{"_acf_changed":false,"footnotes":""},"class_list":["post-1478100","page","type-page","status-publish","hentry"],"acf":[],"yoast_head":"<!-- This site is optimized with the Yoast SEO Premium plugin v27.2 (Yoast SEO v27.2) - https:\/\/yoast.com\/product\/yoast-seo-premium-wordpress\/ -->\n<title>Pand\u017e\u00e1bska gramatika - Talkpal<\/title>\n<meta name=\"description\" content=\"Zvl\u00e1dnite z\u00e1klady pand\u017e\u00e1bskej gramatiky pomocou n\u00e1\u0161ho komplexn\u00e9ho sprievodcu, ktor\u00fd v\u00e1m umo\u017en\u00ed zlep\u0161i\u0165 si znalos\u0165 jazyka e\u0161te dnes.\" \/>\n<meta name=\"robots\" content=\"index, follow, max-snippet:-1, max-image-preview:large, max-video-preview:-1\" \/>\n<link rel=\"canonical\" href=\"https:\/\/talkpal.ai\/sk\/pandzabska-gramatika\/\" \/>\n<meta property=\"og:locale\" content=\"sk_SK\" \/>\n<meta property=\"og:type\" content=\"article\" \/>\n<meta property=\"og:title\" content=\"Pand\u017e\u00e1bska gramatika\" \/>\n<meta property=\"og:description\" content=\"Navig\u00e1cia v zlo\u017eitosti pand\u017e\u00e1bskej gramatiky Pand\u017e\u00e1b\u010dina, indo\u00e1rijsk\u00fd jazyk s bohatou hist\u00f3riou a kult\u00farnym v\u00fdznamom, pon\u00faka vzru\u0161uj\u00faci jazykov\u00fd z\u00e1\u017eitok\" \/>\n<meta property=\"og:url\" content=\"https:\/\/talkpal.ai\/sk\/pandzabska-gramatika\/\" \/>\n<meta property=\"og:site_name\" content=\"Talkpal\" \/>\n<meta property=\"article:publisher\" content=\"https:\/\/www.facebook.com\/profile.php?id=100090733639311\" \/>\n<meta property=\"article:modified_time\" content=\"2025-12-30T11:36:06+00:00\" \/>\n<meta property=\"og:image\" content=\"https:\/\/talkpal.ai\/wp-content\/uploads\/2025\/02\/Progress-tab-16_9.png\" \/>\n\t<meta property=\"og:image:width\" content=\"2880\" \/>\n\t<meta property=\"og:image:height\" content=\"1620\" \/>\n\t<meta property=\"og:image:type\" content=\"image\/png\" \/>\n<meta name=\"twitter:card\" content=\"summary_large_image\" \/>\n<meta name=\"twitter:site\" content=\"@talkpalai\" \/>\n<meta name=\"twitter:label1\" content=\"Predpokladan\u00fd \u010das \u010d\u00edtania\" \/>\n\t<meta name=\"twitter:data1\" content=\"4 min\u00faty\" \/>\n<script type=\"application\/ld+json\" class=\"yoast-schema-graph\">{\"@context\":\"https:\/\/schema.org\",\"@graph\":[{\"@type\":\"WebPage\",\"@id\":\"https:\/\/talkpal.ai\/sk\/pandzabska-gramatika\/\",\"url\":\"https:\/\/talkpal.ai\/sk\/pandzabska-gramatika\/\",\"name\":\"Pand\u017e\u00e1bska gramatika - Talkpal\",\"isPartOf\":{\"@id\":\"https:\/\/talkpal.ai\/sk\/#website\"},\"datePublished\":\"2025-11-12T16:31:52+00:00\",\"dateModified\":\"2025-12-30T11:36:06+00:00\",\"description\":\"Zvl\u00e1dnite z\u00e1klady pand\u017e\u00e1bskej gramatiky pomocou n\u00e1\u0161ho komplexn\u00e9ho sprievodcu, ktor\u00fd v\u00e1m umo\u017en\u00ed zlep\u0161i\u0165 si znalos\u0165 jazyka e\u0161te dnes.\",\"breadcrumb\":{\"@id\":\"https:\/\/talkpal.ai\/sk\/pandzabska-gramatika\/#breadcrumb\"},\"inLanguage\":\"sk-SK\",\"potentialAction\":[{\"@type\":\"ReadAction\",\"target\":[\"https:\/\/talkpal.ai\/sk\/pandzabska-gramatika\/\"]}]},{\"@type\":\"BreadcrumbList\",\"@id\":\"https:\/\/talkpal.ai\/sk\/pandzabska-gramatika\/#breadcrumb\",\"itemListElement\":[{\"@type\":\"ListItem\",\"position\":1,\"name\":\"Homepage\",\"item\":\"https:\/\/talkpal.ai\/sk\/\"},{\"@type\":\"ListItem\",\"position\":2,\"name\":\"Pand\u017e\u00e1bska gramatika\"}]},{\"@type\":\"WebSite\",\"@id\":\"https:\/\/talkpal.ai\/sk\/#website\",\"url\":\"https:\/\/talkpal.ai\/sk\/\",\"name\":\"Talkpal\",\"description\":\"AI Language Learning\",\"publisher\":{\"@id\":\"https:\/\/talkpal.ai\/sk\/#organization\"},\"alternateName\":\"Talkpal AI\",\"potentialAction\":[{\"@type\":\"SearchAction\",\"target\":{\"@type\":\"EntryPoint\",\"urlTemplate\":\"https:\/\/talkpal.ai\/sk\/?s={search_term_string}\"},\"query-input\":{\"@type\":\"PropertyValueSpecification\",\"valueRequired\":true,\"valueName\":\"search_term_string\"}}],\"inLanguage\":\"sk-SK\"},{\"@type\":\"Organization\",\"@id\":\"https:\/\/talkpal.ai\/sk\/#organization\",\"name\":\"Talkpal, Inc.\",\"alternateName\":\"Talkpal AI\",\"url\":\"https:\/\/talkpal.ai\/sk\/\",\"logo\":{\"@type\":\"ImageObject\",\"inLanguage\":\"sk-SK\",\"@id\":\"https:\/\/talkpal.ai\/sk\/#\/schema\/logo\/image\/\",\"url\":\"https:\/\/talkpal.ai\/wp-content\/uploads\/2024\/03\/Talkpal-Logo-Icon.png\",\"contentUrl\":\"https:\/\/talkpal.ai\/wp-content\/uploads\/2024\/03\/Talkpal-Logo-Icon.png\",\"width\":2880,\"height\":2880,\"caption\":\"Talkpal, Inc.\"},\"image\":{\"@id\":\"https:\/\/talkpal.ai\/sk\/#\/schema\/logo\/image\/\"},\"sameAs\":[\"https:\/\/www.facebook.com\/profile.php?id=100090733639311\",\"https:\/\/x.com\/talkpalai\",\"https:\/\/www.linkedin.com\/company\/talkpal\/\",\"https:\/\/www.youtube.com\/@TalkPal\/\",\"https:\/\/www.tiktok.com\/@talkpal\",\"https:\/\/www.instagram.com\/talkpal_ai\/\",\"https:\/\/www.crunchbase.com\/organization\/talkpal-9cde\",\"https:\/\/www.g2.com\/products\/talkpal-for-business\/\",\"https:\/\/www.trustpilot.com\/review\/talkpal.ai\",\"https:\/\/www.capterra.com\/p\/10006800\/TalkPal\/\"],\"description\":\"Talkpal is a language learning web and mobile education app, powered by the latest AI technologies, that provides engaging experiences to its customers in many different languages to help them improve their language skills. Users can chat about unlimited amount of topics with the app and use other modes to practice their language learning.\",\"email\":\"support@talkpal.ai\",\"legalName\":\"Talkpal, Inc.\",\"foundingDate\":\"2023-04-03\",\"duns\":\"118989042\",\"numberOfEmployees\":{\"@type\":\"QuantitativeValue\",\"minValue\":\"11\",\"maxValue\":\"50\"},\"publishingPrinciples\":\"https:\/\/talkpal.ai\/publishing-principles\/\",\"actionableFeedbackPolicy\":\"https:\/\/talkpal.ai\/actionable-feedback-policy\/\",\"correctionsPolicy\":\"https:\/\/talkpal.ai\/corrections-policy\/\",\"ethicsPolicy\":\"https:\/\/talkpal.ai\/ethics-policy\/\",\"diversityPolicy\":\"https:\/\/talkpal.ai\/diversity-policy\/\",\"diversityStaffingReport\":\"https:\/\/talkpal.ai\/diversity-policy\/\"}]}<\/script>\n<!-- \/ Yoast SEO Premium plugin. -->","yoast_head_json":{"title":"Pand\u017e\u00e1bska gramatika - Talkpal","description":"Zvl\u00e1dnite z\u00e1klady pand\u017e\u00e1bskej gramatiky pomocou n\u00e1\u0161ho komplexn\u00e9ho sprievodcu, ktor\u00fd v\u00e1m umo\u017en\u00ed zlep\u0161i\u0165 si znalos\u0165 jazyka e\u0161te dnes.","robots":{"index":"index","follow":"follow","max-snippet":"max-snippet:-1","max-image-preview":"max-image-preview:large","max-video-preview":"max-video-preview:-1"},"canonical":"https:\/\/talkpal.ai\/sk\/pandzabska-gramatika\/","og_locale":"sk_SK","og_type":"article","og_title":"Pand\u017e\u00e1bska gramatika","og_description":"Navig\u00e1cia v zlo\u017eitosti pand\u017e\u00e1bskej gramatiky Pand\u017e\u00e1b\u010dina, indo\u00e1rijsk\u00fd jazyk s bohatou hist\u00f3riou a kult\u00farnym v\u00fdznamom, pon\u00faka vzru\u0161uj\u00faci jazykov\u00fd z\u00e1\u017eitok","og_url":"https:\/\/talkpal.ai\/sk\/pandzabska-gramatika\/","og_site_name":"Talkpal","article_publisher":"https:\/\/www.facebook.com\/profile.php?id=100090733639311","article_modified_time":"2025-12-30T11:36:06+00:00","og_image":[{"width":2880,"height":1620,"url":"https:\/\/talkpal.ai\/wp-content\/uploads\/2025\/02\/Progress-tab-16_9.png","type":"image\/png"}],"twitter_card":"summary_large_image","twitter_site":"@talkpalai","twitter_misc":{"Predpokladan\u00fd \u010das \u010d\u00edtania":"4 min\u00faty"},"schema":{"@context":"https:\/\/schema.org","@graph":[{"@type":"WebPage","@id":"https:\/\/talkpal.ai\/sk\/pandzabska-gramatika\/","url":"https:\/\/talkpal.ai\/sk\/pandzabska-gramatika\/","name":"Pand\u017e\u00e1bska gramatika - Talkpal","isPartOf":{"@id":"https:\/\/talkpal.ai\/sk\/#website"},"datePublished":"2025-11-12T16:31:52+00:00","dateModified":"2025-12-30T11:36:06+00:00","description":"Zvl\u00e1dnite z\u00e1klady pand\u017e\u00e1bskej gramatiky pomocou n\u00e1\u0161ho komplexn\u00e9ho sprievodcu, ktor\u00fd v\u00e1m umo\u017en\u00ed zlep\u0161i\u0165 si znalos\u0165 jazyka e\u0161te dnes.","breadcrumb":{"@id":"https:\/\/talkpal.ai\/sk\/pandzabska-gramatika\/#breadcrumb"},"inLanguage":"sk-SK","potentialAction":[{"@type":"ReadAction","target":["https:\/\/talkpal.ai\/sk\/pandzabska-gramatika\/"]}]},{"@type":"BreadcrumbList","@id":"https:\/\/talkpal.ai\/sk\/pandzabska-gramatika\/#breadcrumb","itemListElement":[{"@type":"ListItem","position":1,"name":"Homepage","item":"https:\/\/talkpal.ai\/sk\/"},{"@type":"ListItem","position":2,"name":"Pand\u017e\u00e1bska gramatika"}]},{"@type":"WebSite","@id":"https:\/\/talkpal.ai\/sk\/#website","url":"https:\/\/talkpal.ai\/sk\/","name":"Talkpal","description":"AI Language Learning","publisher":{"@id":"https:\/\/talkpal.ai\/sk\/#organization"},"alternateName":"Talkpal AI","potentialAction":[{"@type":"SearchAction","target":{"@type":"EntryPoint","urlTemplate":"https:\/\/talkpal.ai\/sk\/?s={search_term_string}"},"query-input":{"@type":"PropertyValueSpecification","valueRequired":true,"valueName":"search_term_string"}}],"inLanguage":"sk-SK"},{"@type":"Organization","@id":"https:\/\/talkpal.ai\/sk\/#organization","name":"Talkpal, Inc.","alternateName":"Talkpal AI","url":"https:\/\/talkpal.ai\/sk\/","logo":{"@type":"ImageObject","inLanguage":"sk-SK","@id":"https:\/\/talkpal.ai\/sk\/#\/schema\/logo\/image\/","url":"https:\/\/talkpal.ai\/wp-content\/uploads\/2024\/03\/Talkpal-Logo-Icon.png","contentUrl":"https:\/\/talkpal.ai\/wp-content\/uploads\/2024\/03\/Talkpal-Logo-Icon.png","width":2880,"height":2880,"caption":"Talkpal, Inc."},"image":{"@id":"https:\/\/talkpal.ai\/sk\/#\/schema\/logo\/image\/"},"sameAs":["https:\/\/www.facebook.com\/profile.php?id=100090733639311","https:\/\/x.com\/talkpalai","https:\/\/www.linkedin.com\/company\/talkpal\/","https:\/\/www.youtube.com\/@TalkPal\/","https:\/\/www.tiktok.com\/@talkpal","https:\/\/www.instagram.com\/talkpal_ai\/","https:\/\/www.crunchbase.com\/organization\/talkpal-9cde","https:\/\/www.g2.com\/products\/talkpal-for-business\/","https:\/\/www.trustpilot.com\/review\/talkpal.ai","https:\/\/www.capterra.com\/p\/10006800\/TalkPal\/"],"description":"Talkpal is a language learning web and mobile education app, powered by the latest AI technologies, that provides engaging experiences to its customers in many different languages to help them improve their language skills. Users can chat about unlimited amount of topics with the app and use other modes to practice their language learning.","email":"support@talkpal.ai","legalName":"Talkpal, Inc.","foundingDate":"2023-04-03","duns":"118989042","numberOfEmployees":{"@type":"QuantitativeValue","minValue":"11","maxValue":"50"},"publishingPrinciples":"https:\/\/talkpal.ai\/publishing-principles\/","actionableFeedbackPolicy":"https:\/\/talkpal.ai\/actionable-feedback-policy\/","correctionsPolicy":"https:\/\/talkpal.ai\/corrections-policy\/","ethicsPolicy":"https:\/\/talkpal.ai\/ethics-policy\/","diversityPolicy":"https:\/\/talkpal.ai\/diversity-policy\/","diversityStaffingReport":"https:\/\/talkpal.ai\/diversity-policy\/"}]}},"_links":{"self":[{"href":"https:\/\/talkpal.ai\/sk\/wp-json\/wp\/v2\/pages\/1478100","targetHints":{"allow":["GET"]}}],"collection":[{"href":"https:\/\/talkpal.ai\/sk\/wp-json\/wp\/v2\/pages"}],"about":[{"href":"https:\/\/talkpal.ai\/sk\/wp-json\/wp\/v2\/types\/page"}],"author":[{"embeddable":true,"href":"https:\/\/talkpal.ai\/sk\/wp-json\/wp\/v2\/users\/20"}],"replies":[{"embeddable":true,"href":"https:\/\/talkpal.ai\/sk\/wp-json\/wp\/v2\/comments?post=1478100"}],"version-history":[{"count":0,"href":"https:\/\/talkpal.ai\/sk\/wp-json\/wp\/v2\/pages\/1478100\/revisions"}],"wp:attachment":[{"href":"https:\/\/talkpal.ai\/sk\/wp-json\/wp\/v2\/media?parent=1478100"}],"curies":[{"name":"wp","href":"https:\/\/api.w.org\/{rel}","templated":true}]}}