{"id":1478032,"date":"2025-11-12T16:07:26","date_gmt":"2025-11-12T16:07:26","guid":{"rendered":"https:\/\/talkpal.ai\/gramatika-oriya\/"},"modified":"2025-12-30T12:44:20","modified_gmt":"2025-12-30T12:44:20","slug":"gramatika-oriya","status":"publish","type":"page","link":"https:\/\/talkpal.ai\/sk\/gramatika-oriya\/","title":{"rendered":"Odijsk\u00e1 gramatika"},"content":{"rendered":"\r\n\r\n\r\n<section class=\"languageChallengeSection\">\r\n    <div class=\"languageInfoWrapper\">\r\n        \r\n        <h1>Odijsk\u00e1 gramatika<\/h1>\r\n        <p>Odijsk\u00e1 <a href=\"https:\/\/talkpal.ai\/sq\/gramatika\/\">gramatika<\/a> sa m\u00f4\u017ee na prv\u00fd poh\u013ead zda\u0165 n\u00e1ro\u010dn\u00e1, no jej jedine\u010dn\u00e9 vlastnosti robia u\u010denie jazyka obohacuj\u00facim z\u00e1\u017eitkom. Sk\u00faman\u00edm abecedy, mut\u00e1ci\u00ed a gramatick\u00fdch pravidiel z\u00edskate preh\u013ead o bohatej jazykovej trad\u00edcii. Za\u010dnite svoju cestu a objavte kr\u00e1su Odie!<\/p>\r\n\r\n                            <a class=\"getStartedHidden\" href=\"https:\/\/app.talkpal.ai\/sk\/signup?lng=\">Za\u010dni<\/a>\r\n        \r\n    <\/div>\r\n\r\n    <figure>\r\n    <img decoding=\"async\" width=\"768\" height=\"768\" src=\"https:\/\/talkpal.ai\/wp-content\/uploads\/2023\/06\/welsh-768x768.png\" class=\"languageImage no-lazy\" alt=\"Language learning for better cognitive abilities\" fetchpriority=\"high\" sizes=\"(max-width: 768px) 150px, 768px\" srcset=\"https:\/\/talkpal.ai\/wp-content\/uploads\/2023\/06\/welsh-768x768.png 768w, https:\/\/talkpal.ai\/wp-content\/uploads\/2023\/06\/welsh-300x300.png 300w\" \/>\r\n    \r\n\r\n    <\/figure>\r\n\r\n            <a class=\"getStartedVisible\" href=\"https:\/\/app.talkpal.ai\/sk\/signup?lng=\">Za\u010dni<\/a>\r\n    \r\n<\/section><section class=\"promotionalBanner\">\r\n    <p class=\"promotionalText\">Najefekt\u00edvnej\u0161\u00ed sp\u00f4sob, ako sa nau\u010di\u0165 jazyk<\/p>\r\n    <a class=\"promotionalLink\" href=\"https:\/\/app.talkpal.ai\/sk\/signup?lng=\">Vysk\u00fa\u0161ajte Talkpal zadarmo<\/a>\r\n<\/section>\n<div class=\"wp-block-group pageContainerStyle\"><div class=\"wp-block-group__inner-container is-layout-constrained wp-block-group-is-layout-constrained\">\n<h2 class=\"wp-block-heading\" id=\"h-navigating-the-intricacies-of-odia-grammar\">Orient\u00e1cia v zlo\u017eitostiach odijskej gramatiky<\/h2>\n\n\n\n<p><a href=\"https:\/\/talkpal.ai\/learn-oriya\/\">Odia<\/a>, zn\u00e1ma aj <a href=\"https:\/\/talkpal.ai\/learn-odia\/\">ako Odia<\/a>, je indo\u00e1rijsk\u00fd jazyk s bohatou liter\u00e1rnou trad\u00edciou a hlbok\u00fdmi kult\u00farnymi kore\u0148mi vo v\u00fdchodnej Indii. Pon\u00faka vzru\u0161uj\u00faci jazykov\u00fd z\u00e1\u017eitok pre \u0161tudentov, ktor\u00ed t\u00fa\u017eia presk\u00fama\u0165 jeho charakteristick\u00fd gramatick\u00fd syst\u00e9m. Ke\u010f sa vyd\u00e1te do sveta <a href=\"https:\/\/talkpal.ai\/learn-odia\/\">Odia<\/a>, nielen\u017ee obohat\u00edte svoj jazykov\u00fd reperto\u00e1r, ale aj prijmete fascinuj\u00facu kult\u00farnu cestu. Hoci sa gramatika odij\u010diny m\u00f4\u017ee na prv\u00fd poh\u013ead zda\u0165 zlo\u017eit\u00e1, rozdelenie na z\u00e1kladn\u00e9 komponenty rob\u00ed u\u010denie jazyka pr\u00edstupnej\u0161\u00edm. V tomto \u010dl\u00e1nku presk\u00famame fascinuj\u00faci svet gramatiky odij\u010diny a poskytneme tipy, ako zvl\u00e1dnu\u0165 jej zlo\u017eitos\u0165.<\/p>\n\n\n\n<h3 class=\"wp-block-heading\" id=\"h-1-odia-alphabet-and-phonetics\">1. Odijsk\u00e1 abeceda a fonetika<\/h3>\n\n\n\n<p>Odijsk\u00e9 p\u00edsmo je abugida s 11 samohl\u00e1skami a pribli\u017ene 35 spoluhl\u00e1skami, spolu s diakritikou a konjunkciami spoluhl\u00e1sok. Zah\u0155\u0148a retroflexn\u00e9 a aspirovan\u00e9 zvuky, ktor\u00e9 s\u00fa charakteristick\u00e9 pre indo\u00e1rijsk\u00e9 <a href=\"https:\/\/talkpal.ai\/what-language-is-spoken-on-the-international-space-station\/\">jazyky<\/a>. Znalos\u0165 p\u00edsma, samohl\u00e1sok a zhlukov spojok je k\u013e\u00fa\u010dov\u00e1 pre zvl\u00e1dnutie v\u00fdslovnosti a \u010d\u00edtania. Precvi\u010dujte si \u010d\u00edtan\u00edm a p\u00edsan\u00edm v odij\u010dine, aby ste si osvojili zodpovedanie zvuku a symbolu.<\/p>\n\n\n\n<h3 class=\"wp-block-heading\" id=\"h-2-case-markers-and-postpositions-a-distinctive-odia-feature\">2. Zna\u010dky pr\u00edpadov a postpoz\u00edcie: Charakteristick\u00fd znak odijsk\u00e9ho jazyka<\/h3>\n\n\n\n<p>V\u00fdrazn\u00fdm aspektom odijskej gramatiky je pou\u017e\u00edvanie p\u00e1dov\u00fdch zna\u010diek a postpoz\u00edci\u00ed namiesto predlo\u017eiek. Be\u017en\u00e9 markery zah\u0155\u0148aj\u00fa ku pre akuzat\u00edv a dat\u00edv, ra pre genit\u00edv, re pre lokat\u00edv, ru pre ablat\u00edv, saha pre komitat\u00edv, dwara pre in\u0161trument\u00e1lny alebo agent\u00edvny a pain pre \u00fa\u010del. Pochopenie, ako sa tieto zna\u010dky prip\u00e1jaj\u00fa k podstatn\u00fdm men\u00e1m a z\u00e1men\u00e1m, je k\u013e\u00fa\u010dov\u00e9 pre presn\u00fa komunik\u00e1ciu v odij\u010dine.<\/p>\n\n\n\n<h3 class=\"wp-block-heading\" id=\"h-3-nouns-and-pronouns-gender-and-cases\">3. Podstatn\u00e9 men\u00e1 a z\u00e1men\u00e1: rod a pr\u00edpady<\/h3>\n\n\n\n<p>Odijsk\u00e9 podstatn\u00e9 men\u00e1 nemaj\u00fa gramatick\u00fd rod a mno\u017en\u00e9 \u010d\u00edslo sa l\u00ed\u0161i pod\u013ea typu podstatn\u00e9ho mena a kontextu. \u013dudsk\u00e9 a \u017eiv\u00e9 podstatn\u00e9 men\u00e1 \u010dasto maj\u00fa mno\u017en\u00e9 \u010d\u00edslo -mane, zatia\u013e \u010do ne\u017eiv\u00e9 podstatn\u00e9 men\u00e1 m\u00f4\u017eu pou\u017e\u00edva\u0165 -gudika alebo zosta\u0165 neozna\u010den\u00e9, ak je mno\u017en\u00e9 \u010d\u00edslo jasn\u00e9 z kontextu. Z\u00e1men\u00e1 zah\u0155\u0148aj\u00fa osobn\u00e9, privlast\u0148ovac\u00ed, reflex\u00edvne, ukazovacie a opytovacie s\u00fabory s \u010destn\u00fdmi rozdielmi: mu I, tume you informal, apana you polite, se he or she, semane they. Privlast\u0148ovacie znaky zah\u0155\u0148aj\u00fa <a href=\"https:\/\/talkpal.ai\/locations\/language-courses-in-mora\/\">mora<\/a> my, tora ur, apanangkara your grande, tara his alebo jej. Obozn\u00e1menie sa s t\u00fdmito tvarmi a ich variantmi s p\u00e1dov\u00fdm ozna\u010den\u00edm v\u00fdrazne zlep\u0161\u00ed va\u0161e pochopenie gramatiky odia.<\/p>\n\n\n\n<h3 class=\"wp-block-heading\" id=\"h-4-verbs-structure-and-conjugation\">4. Sloves\u00e1: \u0161trukt\u00fara a \u010dasovanie<\/h3>\n\n\n\n<p>Odijsk\u00e9 sloves\u00e1 flexuj\u00fa \u010das, aspekt, sp\u00f4sob a s\u00fahlas, pri\u010dom \u010destn\u00e9 \u00farovne ovplyv\u0148uj\u00fa tvary slovies. Z\u00e1kladn\u00e9 \u010dasov\u00e9 form\u00e1cie zah\u0155\u0148aj\u00fa pr\u00edtomn\u00fd progres\u00edvny v -uchi, jednoduch\u00fd minul\u00fd v -ila a bud\u00faci v -iba, spolu so zlo\u017een\u00fdmi kon\u0161trukciami a pomocn\u00fdmi l\u00e1tkami. Akt\u00edvne sa vyu\u017e\u00edvaj\u00fa podmienen\u00e9 a imperat\u00edvne n\u00e1lady. Nau\u010denie sa vzorov \u010dasovania a ich vz\u00e1jomn\u00e9ho p\u00f4sobenia s osobou a zdvorilos\u0165ou zlep\u0161\u00ed va\u0161u schopnos\u0165 efekt\u00edvne komunikova\u0165 v odij\u010dine.<\/p>\n\n\n\n<h3 class=\"wp-block-heading\" id=\"h-5-adjectives-agreement-and-placement\">5. Pr\u00eddavn\u00e9 men\u00e1: Zmluva a umiestnenie<\/h3>\n\n\n\n<p>V odijskej gramatike pr\u00eddavn\u00e9 men\u00e1 zvy\u010dajne predch\u00e1dzaj\u00fa podstatn\u00e9mu menu, ktor\u00e9 upravuj\u00fa, a vo v\u0161eobecnosti sa nemenia pod\u013ea \u010d\u00edsla alebo rodu. Porovn\u00e1vacie a superlat\u00edvy sa be\u017ene tvoria s pr\u00edslovkami ako adhika more a sabutharu most, hoci formy tatsama m\u00f4\u017eu tie\u017e pou\u017e\u00edva\u0165 pr\u00edpony vo form\u00e1lnych registroch. Zvl\u00e1dnutie t\u00fdchto vzorov pom\u00e1ha re\u010di znie\u0165 prirodzene a idiomaticky.<\/p>\n\n\n\n<p><strong>Pr\u00edklady:<\/strong><\/p>\n\n\n\n<p><strong>\u2013 Bada Prema (Ve\u013ek\u00e1 l\u00e1ska)  <\/strong><\/p>\n\n\n\n<p><strong>\u2013 chhota pilamane (mal\u00e9 deti)<\/strong><\/p>\n\n\n\n<h3 class=\"wp-block-heading\" id=\"h-6-engaging-with-the-language\">6. Zapojenie sa do jazyka<\/h3>\n\n\n\n<p>Najefekt\u00edvnej\u0161\u00ed sp\u00f4sob, ako plne pochopi\u0165 a osvoji\u0165 si gramatiku odia, je neust\u00e1le sa zap\u00e1ja\u0165 do jazyka. \u010c\u00edtan\u00edm odijskej literat\u00fary, sledovan\u00edm odijsk\u00fdch filmov alebo telev\u00edznych seri\u00e1lov, sledovan\u00edm odijsk\u00fdch spr\u00e1v a akt\u00edvnou komunik\u00e1ciou s roden\u00fdmi hovoriacimi posiln\u00edte svoje porozumenie gramatike a z\u00e1rove\u0148 roz\u0161\u00edrite slovn\u00fa z\u00e1sobu.<\/p>\n\n\n\n<h3 class=\"wp-block-heading\" id=\"h-conclusion\">Z\u00e1ver<\/h3>\n\n\n\n<p>Aj ke\u010f sa gramatika odij\u010diny m\u00f4\u017ee zda\u0165 zlo\u017eit\u00e1, s odhodlan\u00edm, praxou a nad\u0161en\u00edm sa v tomto kr\u00e1snom jazyku m\u00f4\u017eete sta\u0165 zdatn\u00fdmi. Zameran\u00edm sa na z\u00e1kladn\u00e9 pravidl\u00e1 a zapojen\u00edm sa do jazyka v r\u00f4znych kontextoch r\u00fdchlo zlep\u0161\u00edte <a href=\"https:\/\/talkpal.ai\/sk\/gramatika\/\">svoje gramatick\u00e9 zru\u010dnosti<\/a> odia. Subha kamana (ve\u013ea \u0161\u0165astia) na tvojej jazykovej ceste odij\u010diny a u\u017e\u00edvaj si odha\u013eovanie elegantn\u00e9ho, no p\u00fatav\u00e9ho sveta odijskej gramatiky!<\/p>\n<\/div><\/div>\n\r\n<section class=\"learnNavigationSection\">\r\n            \r\n        <a href=\"https:\/\/talkpal.ai\/sk\/naucte-sa-jazyk-oriya\/\">\r\n            <div class=\"learnNavigationWrapper\">\r\n                <div class=\"learnNavigationContent\">\r\n                    <img decoding=\"async\" src=\"https:\/\/talkpal.ai\/wp-content\/uploads\/2025\/11\/Oriya.png\" alt=\"Indian Simplified Flag\">\r\n                    <div>\r\n                        <h4>O Odia Learning<\/h4>\r\n                        <p>Zistite v\u0161etko o gramatike odij\u010diny.<\/p>\r\n                    <\/div>\r\n                <\/div>\r\n            <\/div>\r\n        <\/a>\r\n\r\n        \r\n        <a href=\"https:\/\/talkpal.ai\/sk\/cvicenia-z-gramatiky-oriya\/\">\r\n            <div class=\"learnNavigationWrapper\">\r\n                <div class=\"learnNavigationContent\">\r\n                    <img decoding=\"async\" src=\"https:\/\/talkpal.ai\/wp-content\/uploads\/2025\/11\/Oriya.png\" alt=\"Indian Simplified Flag\">\r\n                    <div>\r\n                        <h4>Cvi\u010denie z gramatiky odij\u010diny<\/h4>\r\n                        <p>Precvi\u010dujte gramatiku odij\u010diny.<\/p>\r\n                    <\/div>\r\n                <\/div>\r\n            <\/div>\r\n        <\/a>\r\n\r\n            <\/section>","protected":false},"excerpt":{"rendered":"<p>Orient\u00e1cia v zlo\u017eitostiach odijskej gramatiky Odia, zn\u00e1ma aj ako Odia, je indo\u00e1rijsk\u00fd jazyk s bohatou liter\u00e1rnou trad\u00edciou a hlbok\u00fdmi kult\u00farnymi kore\u0148mi vo v\u00fdchodnej Indii. Pon\u00faka vzru\u0161uj\u00faci jazykov\u00fd z\u00e1\u017eitok pre \u0161tudentov, ktor\u00ed t\u00fa\u017eia presk\u00fama\u0165 jeho charakteristick\u00fd gramatick\u00fd syst\u00e9m. Ke\u010f sa vyd\u00e1te do sveta Odia, nielen\u017ee obohat\u00edte svoj jazykov\u00fd reperto\u00e1r, ale aj prijmete fascinuj\u00facu kult\u00farnu cestu. Hoci [&hellip;]<\/p>\n","protected":false},"author":20,"featured_media":0,"parent":0,"menu_order":0,"comment_status":"closed","ping_status":"closed","template":"LearningContentPage.php","meta":{"_acf_changed":false,"footnotes":""},"class_list":["post-1478032","page","type-page","status-publish","hentry"],"acf":[],"yoast_head":"<!-- This site is optimized with the Yoast SEO Premium plugin v27.2 (Yoast SEO v27.2) - https:\/\/yoast.com\/product\/yoast-seo-premium-wordpress\/ -->\n<title>Odijsk\u00e1 gramatika - Talkpal<\/title>\n<meta name=\"description\" content=\"Zvl\u00e1dnite z\u00e1klady odi\u00e1nskej gramatiky vr\u00e1tane abecedy, p\u00e1dov\u00fdch zna\u010diek a slovies pomocou na\u0161ej komplexnej pr\u00edru\u010dky na v\u00fdu\u010dbu jazyka.\" \/>\n<meta name=\"robots\" content=\"index, follow, max-snippet:-1, max-image-preview:large, max-video-preview:-1\" \/>\n<link rel=\"canonical\" href=\"https:\/\/talkpal.ai\/sk\/gramatika-oriya\/\" \/>\n<meta property=\"og:locale\" content=\"sk_SK\" \/>\n<meta property=\"og:type\" content=\"article\" \/>\n<meta property=\"og:title\" content=\"Odijsk\u00e1 gramatika\" \/>\n<meta property=\"og:description\" content=\"Orient\u00e1cia v zlo\u017eitostiach odijskej gramatiky Odia, zn\u00e1ma aj ako Odia, je indo\u00e1rijsk\u00fd jazyk s bohatou liter\u00e1rnou trad\u00edciou a hlbok\u00fdmi kult\u00farnymi kore\u0148mi\" \/>\n<meta property=\"og:url\" content=\"https:\/\/talkpal.ai\/sk\/gramatika-oriya\/\" \/>\n<meta property=\"og:site_name\" content=\"Talkpal\" \/>\n<meta property=\"article:publisher\" content=\"https:\/\/www.facebook.com\/profile.php?id=100090733639311\" \/>\n<meta property=\"article:modified_time\" content=\"2025-12-30T12:44:20+00:00\" \/>\n<meta property=\"og:image\" content=\"https:\/\/talkpal.ai\/wp-content\/uploads\/2025\/02\/Progress-tab-16_9.png\" \/>\n\t<meta property=\"og:image:width\" content=\"2880\" \/>\n\t<meta property=\"og:image:height\" content=\"1620\" \/>\n\t<meta property=\"og:image:type\" content=\"image\/png\" \/>\n<meta name=\"twitter:card\" content=\"summary_large_image\" \/>\n<meta name=\"twitter:site\" content=\"@talkpalai\" \/>\n<meta name=\"twitter:label1\" content=\"Predpokladan\u00fd \u010das \u010d\u00edtania\" \/>\n\t<meta name=\"twitter:data1\" content=\"4 min\u00faty\" \/>\n<script type=\"application\/ld+json\" class=\"yoast-schema-graph\">{\"@context\":\"https:\/\/schema.org\",\"@graph\":[{\"@type\":\"WebPage\",\"@id\":\"https:\/\/talkpal.ai\/sk\/gramatika-oriya\/\",\"url\":\"https:\/\/talkpal.ai\/sk\/gramatika-oriya\/\",\"name\":\"Odijsk\u00e1 gramatika - Talkpal\",\"isPartOf\":{\"@id\":\"https:\/\/talkpal.ai\/sk\/#website\"},\"datePublished\":\"2025-11-12T16:07:26+00:00\",\"dateModified\":\"2025-12-30T12:44:20+00:00\",\"description\":\"Zvl\u00e1dnite z\u00e1klady odi\u00e1nskej gramatiky vr\u00e1tane abecedy, p\u00e1dov\u00fdch zna\u010diek a slovies pomocou na\u0161ej komplexnej pr\u00edru\u010dky na v\u00fdu\u010dbu jazyka.\",\"breadcrumb\":{\"@id\":\"https:\/\/talkpal.ai\/sk\/gramatika-oriya\/#breadcrumb\"},\"inLanguage\":\"sk-SK\",\"potentialAction\":[{\"@type\":\"ReadAction\",\"target\":[\"https:\/\/talkpal.ai\/sk\/gramatika-oriya\/\"]}]},{\"@type\":\"BreadcrumbList\",\"@id\":\"https:\/\/talkpal.ai\/sk\/gramatika-oriya\/#breadcrumb\",\"itemListElement\":[{\"@type\":\"ListItem\",\"position\":1,\"name\":\"Homepage\",\"item\":\"https:\/\/talkpal.ai\/sk\/\"},{\"@type\":\"ListItem\",\"position\":2,\"name\":\"Odijsk\u00e1 gramatika\"}]},{\"@type\":\"WebSite\",\"@id\":\"https:\/\/talkpal.ai\/sk\/#website\",\"url\":\"https:\/\/talkpal.ai\/sk\/\",\"name\":\"Talkpal\",\"description\":\"AI Language Learning\",\"publisher\":{\"@id\":\"https:\/\/talkpal.ai\/sk\/#organization\"},\"alternateName\":\"Talkpal AI\",\"potentialAction\":[{\"@type\":\"SearchAction\",\"target\":{\"@type\":\"EntryPoint\",\"urlTemplate\":\"https:\/\/talkpal.ai\/sk\/?s={search_term_string}\"},\"query-input\":{\"@type\":\"PropertyValueSpecification\",\"valueRequired\":true,\"valueName\":\"search_term_string\"}}],\"inLanguage\":\"sk-SK\"},{\"@type\":\"Organization\",\"@id\":\"https:\/\/talkpal.ai\/sk\/#organization\",\"name\":\"Talkpal, Inc.\",\"alternateName\":\"Talkpal AI\",\"url\":\"https:\/\/talkpal.ai\/sk\/\",\"logo\":{\"@type\":\"ImageObject\",\"inLanguage\":\"sk-SK\",\"@id\":\"https:\/\/talkpal.ai\/sk\/#\/schema\/logo\/image\/\",\"url\":\"https:\/\/talkpal.ai\/wp-content\/uploads\/2024\/03\/Talkpal-Logo-Icon.png\",\"contentUrl\":\"https:\/\/talkpal.ai\/wp-content\/uploads\/2024\/03\/Talkpal-Logo-Icon.png\",\"width\":2880,\"height\":2880,\"caption\":\"Talkpal, Inc.\"},\"image\":{\"@id\":\"https:\/\/talkpal.ai\/sk\/#\/schema\/logo\/image\/\"},\"sameAs\":[\"https:\/\/www.facebook.com\/profile.php?id=100090733639311\",\"https:\/\/x.com\/talkpalai\",\"https:\/\/www.linkedin.com\/company\/talkpal\/\",\"https:\/\/www.youtube.com\/@TalkPal\/\",\"https:\/\/www.tiktok.com\/@talkpal\",\"https:\/\/www.instagram.com\/talkpal_ai\/\",\"https:\/\/www.crunchbase.com\/organization\/talkpal-9cde\",\"https:\/\/www.g2.com\/products\/talkpal-for-business\/\",\"https:\/\/www.trustpilot.com\/review\/talkpal.ai\",\"https:\/\/www.capterra.com\/p\/10006800\/TalkPal\/\"],\"description\":\"Talkpal is a language learning web and mobile education app, powered by the latest AI technologies, that provides engaging experiences to its customers in many different languages to help them improve their language skills. Users can chat about unlimited amount of topics with the app and use other modes to practice their language learning.\",\"email\":\"support@talkpal.ai\",\"legalName\":\"Talkpal, Inc.\",\"foundingDate\":\"2023-04-03\",\"duns\":\"118989042\",\"numberOfEmployees\":{\"@type\":\"QuantitativeValue\",\"minValue\":\"11\",\"maxValue\":\"50\"},\"publishingPrinciples\":\"https:\/\/talkpal.ai\/publishing-principles\/\",\"actionableFeedbackPolicy\":\"https:\/\/talkpal.ai\/actionable-feedback-policy\/\",\"correctionsPolicy\":\"https:\/\/talkpal.ai\/corrections-policy\/\",\"ethicsPolicy\":\"https:\/\/talkpal.ai\/ethics-policy\/\",\"diversityPolicy\":\"https:\/\/talkpal.ai\/diversity-policy\/\",\"diversityStaffingReport\":\"https:\/\/talkpal.ai\/diversity-policy\/\"}]}<\/script>\n<!-- \/ Yoast SEO Premium plugin. -->","yoast_head_json":{"title":"Odijsk\u00e1 gramatika - Talkpal","description":"Zvl\u00e1dnite z\u00e1klady odi\u00e1nskej gramatiky vr\u00e1tane abecedy, p\u00e1dov\u00fdch zna\u010diek a slovies pomocou na\u0161ej komplexnej pr\u00edru\u010dky na v\u00fdu\u010dbu jazyka.","robots":{"index":"index","follow":"follow","max-snippet":"max-snippet:-1","max-image-preview":"max-image-preview:large","max-video-preview":"max-video-preview:-1"},"canonical":"https:\/\/talkpal.ai\/sk\/gramatika-oriya\/","og_locale":"sk_SK","og_type":"article","og_title":"Odijsk\u00e1 gramatika","og_description":"Orient\u00e1cia v zlo\u017eitostiach odijskej gramatiky Odia, zn\u00e1ma aj ako Odia, je indo\u00e1rijsk\u00fd jazyk s bohatou liter\u00e1rnou trad\u00edciou a hlbok\u00fdmi kult\u00farnymi kore\u0148mi","og_url":"https:\/\/talkpal.ai\/sk\/gramatika-oriya\/","og_site_name":"Talkpal","article_publisher":"https:\/\/www.facebook.com\/profile.php?id=100090733639311","article_modified_time":"2025-12-30T12:44:20+00:00","og_image":[{"width":2880,"height":1620,"url":"https:\/\/talkpal.ai\/wp-content\/uploads\/2025\/02\/Progress-tab-16_9.png","type":"image\/png"}],"twitter_card":"summary_large_image","twitter_site":"@talkpalai","twitter_misc":{"Predpokladan\u00fd \u010das \u010d\u00edtania":"4 min\u00faty"},"schema":{"@context":"https:\/\/schema.org","@graph":[{"@type":"WebPage","@id":"https:\/\/talkpal.ai\/sk\/gramatika-oriya\/","url":"https:\/\/talkpal.ai\/sk\/gramatika-oriya\/","name":"Odijsk\u00e1 gramatika - Talkpal","isPartOf":{"@id":"https:\/\/talkpal.ai\/sk\/#website"},"datePublished":"2025-11-12T16:07:26+00:00","dateModified":"2025-12-30T12:44:20+00:00","description":"Zvl\u00e1dnite z\u00e1klady odi\u00e1nskej gramatiky vr\u00e1tane abecedy, p\u00e1dov\u00fdch zna\u010diek a slovies pomocou na\u0161ej komplexnej pr\u00edru\u010dky na v\u00fdu\u010dbu jazyka.","breadcrumb":{"@id":"https:\/\/talkpal.ai\/sk\/gramatika-oriya\/#breadcrumb"},"inLanguage":"sk-SK","potentialAction":[{"@type":"ReadAction","target":["https:\/\/talkpal.ai\/sk\/gramatika-oriya\/"]}]},{"@type":"BreadcrumbList","@id":"https:\/\/talkpal.ai\/sk\/gramatika-oriya\/#breadcrumb","itemListElement":[{"@type":"ListItem","position":1,"name":"Homepage","item":"https:\/\/talkpal.ai\/sk\/"},{"@type":"ListItem","position":2,"name":"Odijsk\u00e1 gramatika"}]},{"@type":"WebSite","@id":"https:\/\/talkpal.ai\/sk\/#website","url":"https:\/\/talkpal.ai\/sk\/","name":"Talkpal","description":"AI Language Learning","publisher":{"@id":"https:\/\/talkpal.ai\/sk\/#organization"},"alternateName":"Talkpal AI","potentialAction":[{"@type":"SearchAction","target":{"@type":"EntryPoint","urlTemplate":"https:\/\/talkpal.ai\/sk\/?s={search_term_string}"},"query-input":{"@type":"PropertyValueSpecification","valueRequired":true,"valueName":"search_term_string"}}],"inLanguage":"sk-SK"},{"@type":"Organization","@id":"https:\/\/talkpal.ai\/sk\/#organization","name":"Talkpal, Inc.","alternateName":"Talkpal AI","url":"https:\/\/talkpal.ai\/sk\/","logo":{"@type":"ImageObject","inLanguage":"sk-SK","@id":"https:\/\/talkpal.ai\/sk\/#\/schema\/logo\/image\/","url":"https:\/\/talkpal.ai\/wp-content\/uploads\/2024\/03\/Talkpal-Logo-Icon.png","contentUrl":"https:\/\/talkpal.ai\/wp-content\/uploads\/2024\/03\/Talkpal-Logo-Icon.png","width":2880,"height":2880,"caption":"Talkpal, Inc."},"image":{"@id":"https:\/\/talkpal.ai\/sk\/#\/schema\/logo\/image\/"},"sameAs":["https:\/\/www.facebook.com\/profile.php?id=100090733639311","https:\/\/x.com\/talkpalai","https:\/\/www.linkedin.com\/company\/talkpal\/","https:\/\/www.youtube.com\/@TalkPal\/","https:\/\/www.tiktok.com\/@talkpal","https:\/\/www.instagram.com\/talkpal_ai\/","https:\/\/www.crunchbase.com\/organization\/talkpal-9cde","https:\/\/www.g2.com\/products\/talkpal-for-business\/","https:\/\/www.trustpilot.com\/review\/talkpal.ai","https:\/\/www.capterra.com\/p\/10006800\/TalkPal\/"],"description":"Talkpal is a language learning web and mobile education app, powered by the latest AI technologies, that provides engaging experiences to its customers in many different languages to help them improve their language skills. Users can chat about unlimited amount of topics with the app and use other modes to practice their language learning.","email":"support@talkpal.ai","legalName":"Talkpal, Inc.","foundingDate":"2023-04-03","duns":"118989042","numberOfEmployees":{"@type":"QuantitativeValue","minValue":"11","maxValue":"50"},"publishingPrinciples":"https:\/\/talkpal.ai\/publishing-principles\/","actionableFeedbackPolicy":"https:\/\/talkpal.ai\/actionable-feedback-policy\/","correctionsPolicy":"https:\/\/talkpal.ai\/corrections-policy\/","ethicsPolicy":"https:\/\/talkpal.ai\/ethics-policy\/","diversityPolicy":"https:\/\/talkpal.ai\/diversity-policy\/","diversityStaffingReport":"https:\/\/talkpal.ai\/diversity-policy\/"}]}},"_links":{"self":[{"href":"https:\/\/talkpal.ai\/sk\/wp-json\/wp\/v2\/pages\/1478032","targetHints":{"allow":["GET"]}}],"collection":[{"href":"https:\/\/talkpal.ai\/sk\/wp-json\/wp\/v2\/pages"}],"about":[{"href":"https:\/\/talkpal.ai\/sk\/wp-json\/wp\/v2\/types\/page"}],"author":[{"embeddable":true,"href":"https:\/\/talkpal.ai\/sk\/wp-json\/wp\/v2\/users\/20"}],"replies":[{"embeddable":true,"href":"https:\/\/talkpal.ai\/sk\/wp-json\/wp\/v2\/comments?post=1478032"}],"version-history":[{"count":0,"href":"https:\/\/talkpal.ai\/sk\/wp-json\/wp\/v2\/pages\/1478032\/revisions"}],"wp:attachment":[{"href":"https:\/\/talkpal.ai\/sk\/wp-json\/wp\/v2\/media?parent=1478032"}],"curies":[{"name":"wp","href":"https:\/\/api.w.org\/{rel}","templated":true}]}}