{"id":1478017,"date":"2025-11-12T15:57:33","date_gmt":"2025-11-12T15:57:33","guid":{"rendered":"https:\/\/talkpal.ai\/mongolske-gramaticke-cvicenia\/"},"modified":"2025-12-30T12:39:55","modified_gmt":"2025-12-30T12:39:55","slug":"mongolske-gramaticke-cvicenia","status":"publish","type":"page","link":"https:\/\/talkpal.ai\/sk\/mongolske-gramaticke-cvicenia\/","title":{"rendered":"Mongolsk\u00e9 gramatick\u00e9 cvi\u010denia"},"content":{"rendered":"\r\n\r\n\r\n<section class=\"languageChallengeSection\">\r\n    <div class=\"languageInfoWrapper\">\r\n        \r\n        <h1>Mongolsk\u00e9 gramatick\u00e9 cvi\u010denia<\/h1>\r\n        <p>Ste pripraven\u00ed ponori\u0165 sa do mongolskej gramatiky? Precvi\u010denie nieko\u013ek\u00fdch z\u00e1kladov v\u00e1m pom\u00f4\u017ee pohodlne ovl\u00e1da\u0165 tento jedine\u010dn\u00fd a kr\u00e1sny jazyk. Vysk\u00fa\u0161ajte tieto cvi\u010denia, aby ste si vybudovali sebad\u00f4veru a zabavili sa pri tom!<\/p>\r\n\r\n                            <a class=\"getStartedHidden\" href=\"https:\/\/app.talkpal.ai\/sk\/signup?lng=\">Za\u010dni<\/a>\r\n        \r\n    <\/div>\r\n\r\n    <figure>\r\n    <img decoding=\"async\" width=\"768\" height=\"768\" src=\"https:\/\/talkpal.ai\/wp-content\/uploads\/2023\/06\/welsh-768x768.png\" class=\"languageImage no-lazy\" alt=\"Language learning for better cognitive abilities\" fetchpriority=\"high\" sizes=\"(max-width: 768px) 150px, 768px\" srcset=\"https:\/\/talkpal.ai\/wp-content\/uploads\/2023\/06\/welsh-768x768.png 768w, https:\/\/talkpal.ai\/wp-content\/uploads\/2023\/06\/welsh-300x300.png 300w\" \/>\r\n    \r\n\r\n    <\/figure>\r\n\r\n            <a class=\"getStartedVisible\" href=\"https:\/\/app.talkpal.ai\/sk\/signup?lng=\">Za\u010dni<\/a>\r\n    \r\n<\/section><section class=\"promotionalBanner\">\r\n    <p class=\"promotionalText\">Najefekt\u00edvnej\u0161\u00ed sp\u00f4sob, ako sa nau\u010di\u0165 jazyk<\/p>\r\n    <a class=\"promotionalLink\" href=\"https:\/\/app.talkpal.ai\/sk\/signup?lng=\">Vysk\u00fa\u0161ajte Talkpal zadarmo<\/a>\r\n<\/section>\n<div class=\"wp-block-group pageContainerStyle\"><div class=\"wp-block-group__inner-container is-layout-constrained wp-block-group-is-layout-constrained\">\n<h2 class=\"wp-block-heading\" id=\"h-mongolian-grammar-topics\">T\u00e9my mongolskej gramatiky<\/h2>\n\n\n\n<p><a href=\"https:\/\/talkpal.ai\/sk\/najvacsie-chyby-ktorych-sa-treba-vyvarovat-pri-uceni-sa-noveho-jazyka\/\">Nau\u010di\u0165 sa nov\u00fd jazyk<\/a> m\u00f4\u017ee by\u0165 n\u00e1ro\u010dn\u00e9, ale obohacuj\u00face \u00fasilie. <a href=\"https:\/\/talkpal.ai\/learn-mongolian\/\">Mongol\u010dina<\/a>, <a href=\"https:\/\/talkpal.ai\/learn-mongolian\/\">mongolsk\u00fd<\/a> jazyk, ktor\u00fdm sa hovor\u00ed hlavne v Mongolsku a \u010dastiach severnej \u010c\u00edny, nie je v\u00fdnimkou. V\u010faka svojim jedine\u010dn\u00fdm vlastnostiam a \u0161trukt\u00faram, ako je harm\u00f3nia samohl\u00e1sok, aglutinat\u00edvna morfol\u00f3gia, bohat\u00e9 ozna\u010dovanie ve\u013ek\u00fdch a mal\u00fdch p\u00edsmen a postpoz\u00edcie, <a href=\"https:\/\/talkpal.ai\/sk\/talkpal-pre-vzdelavanie\/\">si u\u010denie<\/a> mongol\u010diny vy\u017eaduje systematick\u00fd pr\u00edstup k pochopeniu jej gramatiky. T\u00e1to pr\u00edru\u010dka na\u010drt\u00e1va k\u013e\u00fa\u010dov\u00e9 oblasti <a href=\"https:\/\/talkpal.ai\/sk\/mongolska-gramatika\/\">mongolskej gramatiky<\/a> v logickom porad\u00ed pre <a href=\"https:\/\/talkpal.ai\/sk\/talkpal-pre-vzdelavanie\/\">u\u010denie sa jazykov<\/a>, po\u010dn\u00fac z\u00e1kladmi, ako s\u00fa podstatn\u00e9 men\u00e1 a \u010dleny, a pokra\u010duj\u00fac k zlo\u017eitej\u0161\u00edm oblastiam, ako s\u00fa \u010dasy a kon\u0161trukcia viet.<\/p>\n\n\n\n<h3 class=\"wp-block-heading\" id=\"h-1-nouns\">1. Podstatn\u00e9 men\u00e1:<\/h3>\n\n\n\n<p>Za\u010dnite svoju cestu mongolsk\u00fdm jazykom u\u010den\u00edm sa podstatn\u00fdch mien. To zah\u0155\u0148a pochopenie r\u00f4znych kateg\u00f3ri\u00ed podstatn\u00fdch mien, ako s\u00fa v\u0161eobecn\u00e9 a vlastn\u00e9 podstatn\u00e9 men\u00e1, ako aj ich tvary mno\u017en\u00e9ho \u010d\u00edsla. Stretnete sa aj s p\u00e1dov\u00fdmi koncovkami, ktor\u00e9 ozna\u010duj\u00fa gramatick\u00e9 \u00falohy, ako je predmet, objekt, miesto a smer.<\/p>\n\n\n\n<h3 class=\"wp-block-heading\" id=\"h-2-articles\">2. \u010cl\u00e1nky:<\/h3>\n\n\n\n<p>\u010cl\u00e1nky v mongolskom jazyku sa nepou\u017e\u00edvaj\u00fa tak, ako sa pou\u017e\u00edvaj\u00fa v <a href=\"https:\/\/talkpal.ai\/ai-english-speaking-practice\/\">angli\u010dtine<\/a>. Mongol\u010dina nem\u00e1 ur\u010dit\u00e9 ani neur\u010dit\u00e9 \u010dleny. Namiesto toho sa ur\u010ditos\u0165 vyjadruje kontextom, slovosledom, ukazovac\u00edmi znakmi ako toto a tamto a niekedy ozna\u010den\u00edm p\u00e1dov, ako je akuz\u00edv pre ur\u010dit\u00e9 priame predmety.<\/p>\n\n\n\n<h3 class=\"wp-block-heading\" id=\"h-3-adjectives\">3. Pr\u00eddavn\u00e9 men\u00e1:<\/h3>\n\n\n\n<p>Pr\u00eddavn\u00e9 men\u00e1 v mongol\u010dine zvy\u010dajne predch\u00e1dzaj\u00fa ich podstatn\u00fdm men\u00e1m, \u010do sa pre niektor\u00fdch \u0161tudentov l\u00ed\u0161i od angli\u010dtiny. Nezhoduj\u00fa sa v pohlav\u00ed ani po\u010dte. Budete sa tie\u017e musie\u0165 nau\u010di\u0165, ako vytv\u00e1ra\u0165 porovn\u00e1vacie a superlat\u00edvy, \u010dasto so slovami ako viac a v\u00e4\u010d\u0161ina alebo s porovn\u00e1vac\u00edmi kon\u0161trukciami pomocou ako.<\/p>\n\n\n\n<h3 class=\"wp-block-heading\" id=\"h-4-pronouns-determiners\">4. Z\u00e1men\u00e1\/determin\u00e1tory:<\/h3>\n\n\n\n<p>Z\u00e1men\u00e1 a determinanty s\u00fa v mongol\u010dine nevyhnutn\u00e9; nahr\u00e1dzaj\u00fa podstatn\u00e9 men\u00e1 a poskytuj\u00fa inform\u00e1cie o mno\u017estve, vlastn\u00edctve a \u010fal\u0161\u00edch. Posadnutos\u0165 sa be\u017ene prejavuje genit\u00edvnymi tvarmi a privlast\u0148ovac\u00edmi z\u00e1menami a predmetov\u00e9 z\u00e1men\u00e1 m\u00f4\u017eu by\u0165 vynechan\u00e9, ke\u010f s\u00fa pochopen\u00e9 z kontextu. Demon\u0161trat\u00edvy ako toto a tamto, \u010d\u00edsla a kvantifik\u00e1tory s\u00fa k\u013e\u00fa\u010dov\u00fdmi determinantmi, ktor\u00e9 treba zvl\u00e1dnu\u0165.<\/p>\n\n\n\n<h3 class=\"wp-block-heading\" id=\"h-5-verbs\">5. Sloves\u00e1:<\/h3>\n\n\n\n<p>Mongolsk\u00e9 sloves\u00e1 maj\u00fa r\u00f4zne tvary v z\u00e1vislosti od \u010dasu, aspektu a n\u00e1lady, \u010dasto vytvoren\u00e9 pr\u00edponami a pomocn\u00fdmi slovesami. Osobn\u00e1 zhoda je obmedzen\u00e1 a t\u00e9my s\u00fa \u010dasto vynechan\u00e9, ak s\u00fa jasn\u00e9. Za\u010dnite so z\u00e1kladn\u00fdmi neminul\u00fdmi a minul\u00fdmi formami, potom presk\u00famajte obvykl\u00e9, bud\u00face z\u00e1mern\u00e9 a mod\u00e1lne pou\u017eitia.<\/p>\n\n\n\n<h3 class=\"wp-block-heading\" id=\"h-6-tenses\">6. \u010casy:<\/h3>\n\n\n\n<p>Po zvl\u00e1dnut\u00ed slovesn\u00fdch kme\u0148ov a z\u00e1kladn\u00fdch foriem sa ponorte hlb\u0161ie do mongolsk\u00e9ho \u010dasu a aspektu. To zah\u0155\u0148a pochopenie rozdielov medzi obvyklou pr\u00edtomnos\u0165ou, progres\u00edvnou pr\u00edtomnos\u0165ou, jednoduchou minulos\u0165ou, minul\u00fdm dokonav\u00fdm a neminul\u00fdm alebo bud\u00facim \u010d\u00edtan\u00edm a ako sa pou\u017e\u00edvaj\u00fa v r\u00f4znych kontextoch.<\/p>\n\n\n\n<h3 class=\"wp-block-heading\" id=\"h-7-tense-comparison\">7. Nap\u00e4t\u00e9 porovnanie:<\/h3>\n\n\n\n<p>Porovn\u00e1vanie \u010dasov v mongol\u010dine pom\u00e1ha pochopi\u0165 postupnos\u0165 a nuansy akci\u00ed. Porovnanie toho ist\u00e9ho slovesa v obvykl\u00fdch, progres\u00edvnych, minul\u00fdch a neminul\u00fdch tvaroch poskytne lep\u0161ie pochopenie v\u00fdznamov\u00fdch rozdielov a pou\u017eitia.<\/p>\n\n\n\n<h3 class=\"wp-block-heading\" id=\"h-8-progressive\">8. Progres\u00edvne:<\/h3>\n\n\n\n<p>Progres\u00edvny v mongol\u010dine sa pou\u017e\u00edva na vyjadrenie prebiehaj\u00facich \u010dinov. Vytv\u00e1ra sa pou\u017eit\u00edm kme\u0148a slovesa s pr\u00edponou pr\u00edslovby a pomocn\u00e9ho <a href=\"https:\/\/talkpal.ai\/culture\/how-do-you-conjugate-the-verb-to-be-in-the-past-tense-in-somali\/\">to be<\/a>, ktor\u00e9 sa be\u017ene vyjadruj\u00fa tvarom ekvivalentn\u00fdm by\u0165 robi\u0165.<\/p>\n\n\n\n<h3 class=\"wp-block-heading\" id=\"h-9-perfect-progressive\">9. Perfektne progres\u00edvne:<\/h3>\n\n\n\n<p>Tento v\u00fdznam sa pou\u017e\u00edva na vyjadrenie akci\u00ed, ktor\u00e9 prebiehali a\u017e do ur\u010dit\u00e9ho bodu. V mongol\u010dine sa vyjadruje pr\u00edslovkou plus pomocn\u00e9 v\u00fdrazy, ako napr\u00edklad pri\u0161iel alebo bol, ktor\u00e9 vyjadruj\u00fa pokra\u010dovanie a\u017e doteraz alebo a\u017e do minul\u00e9ho referen\u010dn\u00e9ho bodu.<\/p>\n\n\n\n<h3 class=\"wp-block-heading\" id=\"h-10-conditionals\">10. Podmienky:<\/h3>\n\n\n\n<p>Podmienen\u00e9 vyjadruj\u00fa hypotetick\u00e9 situ\u00e1cie a ich mo\u017en\u00e9 v\u00fdsledky. S\u00fa d\u00f4le\u017eitou s\u00fa\u010das\u0165ou mongolskej gramatiky a zvy\u010dajne sa tvoria s podmie\u0148ovac\u00edmi pr\u00edponami ekvivalentn\u00fdmi if, spolu s kon\u0161trukciami, ktor\u00e9 vyjadruj\u00fa skuto\u010dn\u00e9, potenci\u00e1lne alebo kontrafaktu\u00e1lne situ\u00e1cie.<\/p>\n\n\n\n<h3 class=\"wp-block-heading\" id=\"h-11-adverbs\">11. Pr\u00edslovky:<\/h3>\n\n\n\n<p>Pr\u00edslovky v mongol\u010dine upravuj\u00fa sloves\u00e1, pr\u00eddavn\u00e9 men\u00e1 alebo in\u00e9 pr\u00edslovky. Poskytuj\u00fa inform\u00e1cie o sp\u00f4sobe, mieste, \u010dase, stupni a \u010fal\u0161ie. Mnoho pr\u00edsloviek je odvoden\u00fdch od pr\u00eddavn\u00fdch mien s pr\u00edslovkov\u00fdmi pr\u00edponami a existuje ve\u013ea be\u017en\u00fdch pr\u00edsloviek pre \u010das a frekvenciu.<\/p>\n\n\n\n<h3 class=\"wp-block-heading\" id=\"h-12-prepositions\">12. Predlo\u017eky:<\/h3>\n\n\n\n<p>Predlo\u017eky v mongol\u010dine sa realizuj\u00fa predov\u0161etk\u00fdm ako postpoz\u00edcie a p\u00e1dov\u00e9 koncovky. Sp\u00e1jaj\u00fa slov\u00e1 a fr\u00e1zy dohromady a vyjadruj\u00fa vz\u0165ahy \u010dasu, miesta, smeru, \u00fa\u010delu, pr\u00ed\u010diny a \u010fal\u0161\u00edch. <a href=\"https:\/\/talkpal.ai\/sk\/ucenie\/\">U\u010denie sa<\/a> be\u017en\u00fdch postpoz\u00edci\u00ed a funkci\u00ed syst\u00e9mu pr\u00edpadov je nevyhnutn\u00e9.<\/p>\n\n\n\n<h3 class=\"wp-block-heading\" id=\"h-13-sentences\">13. Vety:<\/h3>\n\n\n\n<p>Nakoniec si precvi\u010dte kon\u0161trukciu viet. Mongol\u010dina zvy\u010dajne nasleduje po predmetovom predmete slovesn\u00fd poradie, pou\u017e\u00edva zv\u00fdraz\u0148ovanie t\u00e9my \u010dasticami a vytv\u00e1ra ot\u00e1zky s opytovac\u00edmi \u010dasticami a inton\u00e1ciou. To bude zah\u0155\u0148a\u0165 pou\u017eitie v\u0161etk\u00fdch predt\u00fdm nau\u010den\u00fdch gramatick\u00fdch bodov v kontexte, \u010d\u00edm sa zabezpe\u010d\u00ed komplexn\u00e9 pochopenie mongolsk\u00e9ho jazyka.<\/p>\n<\/div><\/div>\n\r\n<section class=\"learnNavigationSection\">\r\n            \r\n        <a href=\"https:\/\/talkpal.ai\/sk\/naucte-sa-mongolcinu\/\">\r\n            <div class=\"learnNavigationWrapper\">\r\n                <div class=\"learnNavigationContent\">\r\n                    <img decoding=\"async\" src=\"https:\/\/talkpal.ai\/wp-content\/uploads\/2025\/11\/Mongolian.png\" alt=\"Mongolian Flag\">\r\n                    <div>\r\n                        <h4>O v\u00fdu\u010dbe mongol\u010diny<\/h4>\r\n                        <p>Zistite v\u0161etko o mongolskej gramatike.<\/p>\r\n                    <\/div>\r\n                <\/div>\r\n            <\/div>\r\n        <\/a>\r\n\r\n        \r\n        <a href=\"https:\/\/talkpal.ai\/sk\/mongolska-gramatika\/\">\r\n            <div class=\"learnNavigationWrapper\">\r\n                <div class=\"learnNavigationContent\">\r\n                    <img decoding=\"async\" src=\"https:\/\/talkpal.ai\/wp-content\/uploads\/2025\/11\/Mongolian.png\" alt=\"Mongolian Flag\">\r\n                    <div>\r\n                        <h4>Lekcie mongolskej gramatiky<\/h4>\r\n                        <p>Precvi\u010dujte si mongolsk\u00fa gramatiku.<\/p>\r\n                    <\/div>\r\n                <\/div>\r\n            <\/div>\r\n        <\/a>\r\n\r\n            <\/section>","protected":false},"excerpt":{"rendered":"<p>T\u00e9my mongolskej gramatiky Nau\u010di\u0165 sa nov\u00fd jazyk m\u00f4\u017ee by\u0165 n\u00e1ro\u010dn\u00e9, ale obohacuj\u00face \u00fasilie. Mongol\u010dina, mongolsk\u00fd jazyk, ktor\u00fdm sa hovor\u00ed hlavne v Mongolsku a \u010dastiach severnej \u010c\u00edny, nie je v\u00fdnimkou. V\u010faka svojim jedine\u010dn\u00fdm vlastnostiam a \u0161trukt\u00faram, ako je harm\u00f3nia samohl\u00e1sok, aglutinat\u00edvna morfol\u00f3gia, bohat\u00e9 ozna\u010dovanie ve\u013ek\u00fdch a mal\u00fdch p\u00edsmen a postpoz\u00edcie, si u\u010denie mongol\u010diny vy\u017eaduje systematick\u00fd pr\u00edstup [&hellip;]<\/p>\n","protected":false},"author":20,"featured_media":0,"parent":0,"menu_order":0,"comment_status":"closed","ping_status":"closed","template":"LearningContentPage.php","meta":{"_acf_changed":false,"footnotes":""},"class_list":["post-1478017","page","type-page","status-publish","hentry"],"acf":[],"yoast_head":"<!-- This site is optimized with the Yoast SEO Premium plugin v27.2 (Yoast SEO v27.2) - https:\/\/yoast.com\/product\/yoast-seo-premium-wordpress\/ -->\n<title>Mongolsk\u00e9 gramatick\u00e9 cvi\u010denia - Talkpal<\/title>\n<meta name=\"description\" content=\"Zvl\u00e1dnite mongolsk\u00fa gramatiku pomocou interakt\u00edvnych cvi\u010den\u00ed a lekci\u00ed s umelou inteligenciou, ktor\u00e9 s\u00fa navrhnut\u00e9 tak, aby zlep\u0161ili va\u0161u plynulos\u0165 a porozumenie jazyka.\" \/>\n<meta name=\"robots\" content=\"index, follow, max-snippet:-1, max-image-preview:large, max-video-preview:-1\" \/>\n<link rel=\"canonical\" href=\"https:\/\/talkpal.ai\/sk\/mongolske-gramaticke-cvicenia\/\" \/>\n<meta property=\"og:locale\" content=\"sk_SK\" \/>\n<meta property=\"og:type\" content=\"article\" \/>\n<meta property=\"og:title\" content=\"Mongolsk\u00e9 gramatick\u00e9 cvi\u010denia\" \/>\n<meta property=\"og:description\" content=\"T\u00e9my mongolskej gramatiky Nau\u010di\u0165 sa nov\u00fd jazyk m\u00f4\u017ee by\u0165 n\u00e1ro\u010dn\u00e9, ale obohacuj\u00face \u00fasilie. Mongol\u010dina, mongolsk\u00fd jazyk, ktor\u00fdm sa hovor\u00ed hlavne v Mongolsku\" \/>\n<meta property=\"og:url\" content=\"https:\/\/talkpal.ai\/sk\/mongolske-gramaticke-cvicenia\/\" \/>\n<meta property=\"og:site_name\" content=\"Talkpal\" \/>\n<meta property=\"article:publisher\" content=\"https:\/\/www.facebook.com\/profile.php?id=100090733639311\" \/>\n<meta property=\"article:modified_time\" content=\"2025-12-30T12:39:55+00:00\" \/>\n<meta property=\"og:image\" content=\"https:\/\/talkpal.ai\/wp-content\/uploads\/2025\/02\/Progress-tab-16_9.png\" \/>\n\t<meta property=\"og:image:width\" content=\"2880\" \/>\n\t<meta property=\"og:image:height\" content=\"1620\" \/>\n\t<meta property=\"og:image:type\" content=\"image\/png\" \/>\n<meta name=\"twitter:card\" content=\"summary_large_image\" \/>\n<meta name=\"twitter:site\" content=\"@talkpalai\" \/>\n<meta name=\"twitter:label1\" content=\"Predpokladan\u00fd \u010das \u010d\u00edtania\" \/>\n\t<meta name=\"twitter:data1\" content=\"4 min\u00faty\" \/>\n<script type=\"application\/ld+json\" class=\"yoast-schema-graph\">{\"@context\":\"https:\/\/schema.org\",\"@graph\":[{\"@type\":\"WebPage\",\"@id\":\"https:\/\/talkpal.ai\/sk\/mongolske-gramaticke-cvicenia\/\",\"url\":\"https:\/\/talkpal.ai\/sk\/mongolske-gramaticke-cvicenia\/\",\"name\":\"Mongolsk\u00e9 gramatick\u00e9 cvi\u010denia - Talkpal\",\"isPartOf\":{\"@id\":\"https:\/\/talkpal.ai\/sk\/#website\"},\"datePublished\":\"2025-11-12T15:57:33+00:00\",\"dateModified\":\"2025-12-30T12:39:55+00:00\",\"description\":\"Zvl\u00e1dnite mongolsk\u00fa gramatiku pomocou interakt\u00edvnych cvi\u010den\u00ed a lekci\u00ed s umelou inteligenciou, ktor\u00e9 s\u00fa navrhnut\u00e9 tak, aby zlep\u0161ili va\u0161u plynulos\u0165 a porozumenie jazyka.\",\"breadcrumb\":{\"@id\":\"https:\/\/talkpal.ai\/sk\/mongolske-gramaticke-cvicenia\/#breadcrumb\"},\"inLanguage\":\"sk-SK\",\"potentialAction\":[{\"@type\":\"ReadAction\",\"target\":[\"https:\/\/talkpal.ai\/sk\/mongolske-gramaticke-cvicenia\/\"]}]},{\"@type\":\"BreadcrumbList\",\"@id\":\"https:\/\/talkpal.ai\/sk\/mongolske-gramaticke-cvicenia\/#breadcrumb\",\"itemListElement\":[{\"@type\":\"ListItem\",\"position\":1,\"name\":\"Homepage\",\"item\":\"https:\/\/talkpal.ai\/sk\/\"},{\"@type\":\"ListItem\",\"position\":2,\"name\":\"Mongolsk\u00e9 gramatick\u00e9 cvi\u010denia\"}]},{\"@type\":\"WebSite\",\"@id\":\"https:\/\/talkpal.ai\/sk\/#website\",\"url\":\"https:\/\/talkpal.ai\/sk\/\",\"name\":\"Talkpal\",\"description\":\"AI Language Learning\",\"publisher\":{\"@id\":\"https:\/\/talkpal.ai\/sk\/#organization\"},\"alternateName\":\"Talkpal AI\",\"potentialAction\":[{\"@type\":\"SearchAction\",\"target\":{\"@type\":\"EntryPoint\",\"urlTemplate\":\"https:\/\/talkpal.ai\/sk\/?s={search_term_string}\"},\"query-input\":{\"@type\":\"PropertyValueSpecification\",\"valueRequired\":true,\"valueName\":\"search_term_string\"}}],\"inLanguage\":\"sk-SK\"},{\"@type\":\"Organization\",\"@id\":\"https:\/\/talkpal.ai\/sk\/#organization\",\"name\":\"Talkpal, Inc.\",\"alternateName\":\"Talkpal AI\",\"url\":\"https:\/\/talkpal.ai\/sk\/\",\"logo\":{\"@type\":\"ImageObject\",\"inLanguage\":\"sk-SK\",\"@id\":\"https:\/\/talkpal.ai\/sk\/#\/schema\/logo\/image\/\",\"url\":\"https:\/\/talkpal.ai\/wp-content\/uploads\/2024\/03\/Talkpal-Logo-Icon.png\",\"contentUrl\":\"https:\/\/talkpal.ai\/wp-content\/uploads\/2024\/03\/Talkpal-Logo-Icon.png\",\"width\":2880,\"height\":2880,\"caption\":\"Talkpal, Inc.\"},\"image\":{\"@id\":\"https:\/\/talkpal.ai\/sk\/#\/schema\/logo\/image\/\"},\"sameAs\":[\"https:\/\/www.facebook.com\/profile.php?id=100090733639311\",\"https:\/\/x.com\/talkpalai\",\"https:\/\/www.linkedin.com\/company\/talkpal\/\",\"https:\/\/www.youtube.com\/@TalkPal\/\",\"https:\/\/www.tiktok.com\/@talkpal\",\"https:\/\/www.instagram.com\/talkpal_ai\/\",\"https:\/\/www.crunchbase.com\/organization\/talkpal-9cde\",\"https:\/\/www.g2.com\/products\/talkpal-for-business\/\",\"https:\/\/www.trustpilot.com\/review\/talkpal.ai\",\"https:\/\/www.capterra.com\/p\/10006800\/TalkPal\/\"],\"description\":\"Talkpal is a language learning web and mobile education app, powered by the latest AI technologies, that provides engaging experiences to its customers in many different languages to help them improve their language skills. Users can chat about unlimited amount of topics with the app and use other modes to practice their language learning.\",\"email\":\"support@talkpal.ai\",\"legalName\":\"Talkpal, Inc.\",\"foundingDate\":\"2023-04-03\",\"duns\":\"118989042\",\"numberOfEmployees\":{\"@type\":\"QuantitativeValue\",\"minValue\":\"11\",\"maxValue\":\"50\"},\"publishingPrinciples\":\"https:\/\/talkpal.ai\/publishing-principles\/\",\"actionableFeedbackPolicy\":\"https:\/\/talkpal.ai\/actionable-feedback-policy\/\",\"correctionsPolicy\":\"https:\/\/talkpal.ai\/corrections-policy\/\",\"ethicsPolicy\":\"https:\/\/talkpal.ai\/ethics-policy\/\",\"diversityPolicy\":\"https:\/\/talkpal.ai\/diversity-policy\/\",\"diversityStaffingReport\":\"https:\/\/talkpal.ai\/diversity-policy\/\"}]}<\/script>\n<!-- \/ Yoast SEO Premium plugin. -->","yoast_head_json":{"title":"Mongolsk\u00e9 gramatick\u00e9 cvi\u010denia - Talkpal","description":"Zvl\u00e1dnite mongolsk\u00fa gramatiku pomocou interakt\u00edvnych cvi\u010den\u00ed a lekci\u00ed s umelou inteligenciou, ktor\u00e9 s\u00fa navrhnut\u00e9 tak, aby zlep\u0161ili va\u0161u plynulos\u0165 a porozumenie jazyka.","robots":{"index":"index","follow":"follow","max-snippet":"max-snippet:-1","max-image-preview":"max-image-preview:large","max-video-preview":"max-video-preview:-1"},"canonical":"https:\/\/talkpal.ai\/sk\/mongolske-gramaticke-cvicenia\/","og_locale":"sk_SK","og_type":"article","og_title":"Mongolsk\u00e9 gramatick\u00e9 cvi\u010denia","og_description":"T\u00e9my mongolskej gramatiky Nau\u010di\u0165 sa nov\u00fd jazyk m\u00f4\u017ee by\u0165 n\u00e1ro\u010dn\u00e9, ale obohacuj\u00face \u00fasilie. Mongol\u010dina, mongolsk\u00fd jazyk, ktor\u00fdm sa hovor\u00ed hlavne v Mongolsku","og_url":"https:\/\/talkpal.ai\/sk\/mongolske-gramaticke-cvicenia\/","og_site_name":"Talkpal","article_publisher":"https:\/\/www.facebook.com\/profile.php?id=100090733639311","article_modified_time":"2025-12-30T12:39:55+00:00","og_image":[{"width":2880,"height":1620,"url":"https:\/\/talkpal.ai\/wp-content\/uploads\/2025\/02\/Progress-tab-16_9.png","type":"image\/png"}],"twitter_card":"summary_large_image","twitter_site":"@talkpalai","twitter_misc":{"Predpokladan\u00fd \u010das \u010d\u00edtania":"4 min\u00faty"},"schema":{"@context":"https:\/\/schema.org","@graph":[{"@type":"WebPage","@id":"https:\/\/talkpal.ai\/sk\/mongolske-gramaticke-cvicenia\/","url":"https:\/\/talkpal.ai\/sk\/mongolske-gramaticke-cvicenia\/","name":"Mongolsk\u00e9 gramatick\u00e9 cvi\u010denia - Talkpal","isPartOf":{"@id":"https:\/\/talkpal.ai\/sk\/#website"},"datePublished":"2025-11-12T15:57:33+00:00","dateModified":"2025-12-30T12:39:55+00:00","description":"Zvl\u00e1dnite mongolsk\u00fa gramatiku pomocou interakt\u00edvnych cvi\u010den\u00ed a lekci\u00ed s umelou inteligenciou, ktor\u00e9 s\u00fa navrhnut\u00e9 tak, aby zlep\u0161ili va\u0161u plynulos\u0165 a porozumenie jazyka.","breadcrumb":{"@id":"https:\/\/talkpal.ai\/sk\/mongolske-gramaticke-cvicenia\/#breadcrumb"},"inLanguage":"sk-SK","potentialAction":[{"@type":"ReadAction","target":["https:\/\/talkpal.ai\/sk\/mongolske-gramaticke-cvicenia\/"]}]},{"@type":"BreadcrumbList","@id":"https:\/\/talkpal.ai\/sk\/mongolske-gramaticke-cvicenia\/#breadcrumb","itemListElement":[{"@type":"ListItem","position":1,"name":"Homepage","item":"https:\/\/talkpal.ai\/sk\/"},{"@type":"ListItem","position":2,"name":"Mongolsk\u00e9 gramatick\u00e9 cvi\u010denia"}]},{"@type":"WebSite","@id":"https:\/\/talkpal.ai\/sk\/#website","url":"https:\/\/talkpal.ai\/sk\/","name":"Talkpal","description":"AI Language Learning","publisher":{"@id":"https:\/\/talkpal.ai\/sk\/#organization"},"alternateName":"Talkpal AI","potentialAction":[{"@type":"SearchAction","target":{"@type":"EntryPoint","urlTemplate":"https:\/\/talkpal.ai\/sk\/?s={search_term_string}"},"query-input":{"@type":"PropertyValueSpecification","valueRequired":true,"valueName":"search_term_string"}}],"inLanguage":"sk-SK"},{"@type":"Organization","@id":"https:\/\/talkpal.ai\/sk\/#organization","name":"Talkpal, Inc.","alternateName":"Talkpal AI","url":"https:\/\/talkpal.ai\/sk\/","logo":{"@type":"ImageObject","inLanguage":"sk-SK","@id":"https:\/\/talkpal.ai\/sk\/#\/schema\/logo\/image\/","url":"https:\/\/talkpal.ai\/wp-content\/uploads\/2024\/03\/Talkpal-Logo-Icon.png","contentUrl":"https:\/\/talkpal.ai\/wp-content\/uploads\/2024\/03\/Talkpal-Logo-Icon.png","width":2880,"height":2880,"caption":"Talkpal, Inc."},"image":{"@id":"https:\/\/talkpal.ai\/sk\/#\/schema\/logo\/image\/"},"sameAs":["https:\/\/www.facebook.com\/profile.php?id=100090733639311","https:\/\/x.com\/talkpalai","https:\/\/www.linkedin.com\/company\/talkpal\/","https:\/\/www.youtube.com\/@TalkPal\/","https:\/\/www.tiktok.com\/@talkpal","https:\/\/www.instagram.com\/talkpal_ai\/","https:\/\/www.crunchbase.com\/organization\/talkpal-9cde","https:\/\/www.g2.com\/products\/talkpal-for-business\/","https:\/\/www.trustpilot.com\/review\/talkpal.ai","https:\/\/www.capterra.com\/p\/10006800\/TalkPal\/"],"description":"Talkpal is a language learning web and mobile education app, powered by the latest AI technologies, that provides engaging experiences to its customers in many different languages to help them improve their language skills. Users can chat about unlimited amount of topics with the app and use other modes to practice their language learning.","email":"support@talkpal.ai","legalName":"Talkpal, Inc.","foundingDate":"2023-04-03","duns":"118989042","numberOfEmployees":{"@type":"QuantitativeValue","minValue":"11","maxValue":"50"},"publishingPrinciples":"https:\/\/talkpal.ai\/publishing-principles\/","actionableFeedbackPolicy":"https:\/\/talkpal.ai\/actionable-feedback-policy\/","correctionsPolicy":"https:\/\/talkpal.ai\/corrections-policy\/","ethicsPolicy":"https:\/\/talkpal.ai\/ethics-policy\/","diversityPolicy":"https:\/\/talkpal.ai\/diversity-policy\/","diversityStaffingReport":"https:\/\/talkpal.ai\/diversity-policy\/"}]}},"_links":{"self":[{"href":"https:\/\/talkpal.ai\/sk\/wp-json\/wp\/v2\/pages\/1478017","targetHints":{"allow":["GET"]}}],"collection":[{"href":"https:\/\/talkpal.ai\/sk\/wp-json\/wp\/v2\/pages"}],"about":[{"href":"https:\/\/talkpal.ai\/sk\/wp-json\/wp\/v2\/types\/page"}],"author":[{"embeddable":true,"href":"https:\/\/talkpal.ai\/sk\/wp-json\/wp\/v2\/users\/20"}],"replies":[{"embeddable":true,"href":"https:\/\/talkpal.ai\/sk\/wp-json\/wp\/v2\/comments?post=1478017"}],"version-history":[{"count":0,"href":"https:\/\/talkpal.ai\/sk\/wp-json\/wp\/v2\/pages\/1478017\/revisions"}],"wp:attachment":[{"href":"https:\/\/talkpal.ai\/sk\/wp-json\/wp\/v2\/media?parent=1478017"}],"curies":[{"name":"wp","href":"https:\/\/api.w.org\/{rel}","templated":true}]}}