{"id":1477938,"date":"2025-11-12T12:14:52","date_gmt":"2025-11-12T12:14:52","guid":{"rendered":"https:\/\/talkpal.ai\/laoska-gramatika\/"},"modified":"2025-12-30T14:12:04","modified_gmt":"2025-12-30T14:12:04","slug":"laoska-gramatika","status":"publish","type":"page","link":"https:\/\/talkpal.ai\/sk\/laoska-gramatika\/","title":{"rendered":"Laosk\u00e1 gramatika"},"content":{"rendered":"\r\n\r\n\r\n<section class=\"languageChallengeSection\">\r\n    <div class=\"languageInfoWrapper\">\r\n        \r\n        <h1>Laosk\u00e1 gramatika<\/h1>\r\n        <p><a href=\"https:\/\/talkpal.ai\/cs\/laoska-gramatika\/\">Laosk\u00e1 gramatika<\/a> sa m\u00f4\u017ee na prv\u00fd poh\u013ead zda\u0165 n\u00e1ro\u010dn\u00e1, ale v\u010faka jej jedine\u010dn\u00fdm vlastnostiam je <a href=\"https:\/\/talkpal.ai\/sk\/ucenie\/\">u\u010denie sa<\/a> jazyka obohacuj\u00facou sk\u00fasenos\u0165ou. Sk\u00faman\u00edm abecedy, mut\u00e1ci\u00ed a gramatick\u00fdch pravidiel z\u00edskate preh\u013ead o bohatej jazykovej trad\u00edcii. Za\u010dnite svoju cestu a objavte kr\u00e1sy Laosu!<\/p>\r\n\r\n                            <a class=\"getStartedHidden\" href=\"https:\/\/app.talkpal.ai\/sk\/signup?lng=\">Za\u010dni<\/a>\r\n        \r\n    <\/div>\r\n\r\n    <figure>\r\n    <img decoding=\"async\" width=\"768\" height=\"768\" src=\"https:\/\/talkpal.ai\/wp-content\/uploads\/2023\/06\/welsh-768x768.png\" class=\"languageImage no-lazy\" alt=\"Language learning for better cognitive abilities\" fetchpriority=\"high\" sizes=\"(max-width: 768px) 150px, 768px\" srcset=\"https:\/\/talkpal.ai\/wp-content\/uploads\/2023\/06\/welsh-768x768.png 768w, https:\/\/talkpal.ai\/wp-content\/uploads\/2023\/06\/welsh-300x300.png 300w\" \/>\r\n    \r\n\r\n    <\/figure>\r\n\r\n            <a class=\"getStartedVisible\" href=\"https:\/\/app.talkpal.ai\/sk\/signup?lng=\">Za\u010dni<\/a>\r\n    \r\n<\/section><section class=\"promotionalBanner\">\r\n    <p class=\"promotionalText\">Najefekt\u00edvnej\u0161\u00ed sp\u00f4sob, ako sa nau\u010di\u0165 jazyk<\/p>\r\n    <a class=\"promotionalLink\" href=\"https:\/\/app.talkpal.ai\/sk\/signup?lng=\">Vysk\u00fa\u0161ajte Talkpal zadarmo<\/a>\r\n<\/section>\n<div class=\"wp-block-group pageContainerStyle\"><div class=\"wp-block-group__inner-container is-layout-constrained wp-block-group-is-layout-constrained\">\n<h2 class=\"wp-block-heading\" id=\"h-navigating-the-intricacies-of-lao-grammar\">Navig\u00e1cia v zlo\u017eitosti laoskej gramatiky<\/h2>\n\n\n\n<p><a href=\"https:\/\/talkpal.ai\/sk\/naucte-sa-laostinu\/\">Lao<\/a>, jazyk Tai-Kadai s bohatou hist\u00f3riou a kult\u00farnym v\u00fdznamom, pon\u00faka vzru\u0161uj\u00faci jazykov\u00fd z\u00e1\u017eitok pre t\u00fdch, ktor\u00ed t\u00fa\u017eia presk\u00fama\u0165 jeho jedine\u010dn\u00fd gramatick\u00fd syst\u00e9m. Ke\u010f sa vyd\u00e1te do r\u00ed\u0161e Laosu, nielen\u017ee obohat\u00edte svoj jazykov\u00fd reperto\u00e1r, ale aj fascinuj\u00facu kult\u00farnu cestu. Aj ke\u010f sa laosk\u00e1 gramatika m\u00f4\u017ee na prv\u00fd poh\u013ead zda\u0165 nezn\u00e1ma, jej rozdelenie na z\u00e1kladn\u00e9 zlo\u017eky rob\u00ed u\u010denie sa jazyka pr\u00edstupnej\u0161\u00edm. V tomto \u010dl\u00e1nku presk\u00famame podmaniv\u00fd svet laoskej gramatiky a poskytneme tipy, ako zvl\u00e1dnu\u0165 jej zlo\u017eitos\u0165.<\/p>\n\n\n\n<h3 class=\"wp-block-heading\" id=\"h-1-lao-alphabet-and-phonetics\">1. Laosk\u00e1 abeceda a fonetika<\/h3>\n\n\n\n<p>Laosk\u00e9 p\u00edsmo pou\u017e\u00edva 27 spoluhl\u00e1sok, po\u010detn\u00e9 samohl\u00e1skov\u00e9 znaky a \u0161tyri t\u00f3nov\u00e9 zna\u010dky. Lao\u010dina je ton\u00e1lna, s piatimi t\u00f3nmi v \u0161tandardnom vientianskom dialekte. Ak sa chcete nau\u010di\u0165 laosk\u00fa gramatiku, je d\u00f4le\u017eit\u00e9 zozn\u00e1mi\u0165 sa s t\u00fdmto charakteristick\u00fdm syst\u00e9mom p\u00edsania precvi\u010dovan\u00edm \u010d\u00edtania a p\u00edsania v lao\u010dine.<\/p>\n\n\n\n<h3 class=\"wp-block-heading\" id=\"h-2-tone-system-a-defining-lao-feature\">2. T\u00f3nov\u00fd syst\u00e9m: Definuj\u00faca laosk\u00e1 vlastnos\u0165<\/h3>\n\n\n\n<p>Jedn\u00fdm z najv\u00fdraznej\u0161\u00edch aspektov laoskej gramatiky je jej t\u00f3nov\u00fd syst\u00e9m. Spoluhl\u00e1sky s\u00fa zoskupen\u00e9 do vysok\u00fdch, stredn\u00fdch a n\u00edzkych tried, ktor\u00e9 pri ur\u010dovan\u00ed t\u00f3nu interaguj\u00fa s t\u00f3nov\u00fdmi zna\u010dkami, d\u013a\u017ekou samohl\u00e1sok a typom slabik. Pochopenie toho, ako spoluhl\u00e1skov\u00e9 triedy a t\u00f3nov\u00e9 zna\u010dky formuj\u00fa v\u00fdslovnos\u0165, je \u017eivotne d\u00f4le\u017eit\u00e9 pre presn\u00fa komunik\u00e1ciu v lao\u0161tine.<\/p>\n\n\n\n<h3 class=\"wp-block-heading\" id=\"h-3-nouns-and-pronouns-classifiers-and-politeness\">3. Podstatn\u00e9 men\u00e1 a z\u00e1men\u00e1: klasifik\u00e1tory a zdvorilos\u0165<\/h3>\n\n\n\n<p>Laosk\u00e9 podstatn\u00e9 men\u00e1 nemaj\u00fa gramatick\u00fd rod ani p\u00e1d a mno\u017en\u00e9 \u010d\u00edslo sa zvy\u010dajne vyjadruje slovami ako &#8222;mnoho&#8220; alebo klasifik\u00e1tormi namiesto sklo\u0148ovania. Z\u00e1men\u00e1 v lao\u010dine zah\u0155\u0148aj\u00fa osobn\u00e9, privlast\u0148ovac\u00ed, reflex\u00edvne, ukazovacie a opytovacie tvary s mnoh\u00fdmi mo\u017enos\u0165ami formovan\u00fdmi vekom, postaven\u00edm a zdvorilos\u0165ou. Obozn\u00e1menie sa s t\u00fdmito z\u00e1menami, klasifik\u00e1tormi a privlast\u0148ovacou zna\u010dkou &#8222;khong&#8220; v\u00fdrazne zlep\u0161\u00ed va\u0161e pochopenie laoskej gramatiky.<\/p>\n\n\n\n<h3 class=\"wp-block-heading\" id=\"h-4-verbs-structure-and-conjugation\">4. Sloves\u00e1: \u0161trukt\u00fara a \u010dasovanie<\/h3>\n\n\n\n<p>Laosk\u00e9 sloves\u00e1 sa ne\u010dasuj\u00fa pre \u010das, n\u00e1ladu alebo osobu. \u010cas a aspekt s\u00fa vyjadren\u00e9 \u010dasticami ako &#8222;kamlang&#8220; pre progres\u00edvne, &#8222;laew&#8220; pre dokon\u010den\u00e9 akcie a &#8222;si&#8220; pre bud\u00facnos\u0165. Podmienen\u00e9 a imperat\u00edvne v\u00fdznamy s\u00fa tvoren\u00e9 \u010dasticami a kontextom. Ak sa nau\u010d\u00edte, ako lao\u010dina pou\u017e\u00edva \u010dastice, s\u00e9riov\u00e9 sloves\u00e1 a kopuly ako &#8222;pero&#8220; pre identitu a &#8222;yu&#8220; pre miesto, zlep\u0161\u00edte svoju schopnos\u0165 efekt\u00edvne komunikova\u0165 v lao\u0161tine.<\/p>\n\n\n\n<h3 class=\"wp-block-heading\" id=\"h-5-adjectives-agreement-and-placement\">5. Pr\u00eddavn\u00e9 men\u00e1: Zmluva a umiestnenie<\/h3>\n\n\n\n<p>V laoskej gramatike pr\u00eddavn\u00e9 men\u00e1 zvy\u010dajne nasleduj\u00fa po podstatnom mene, ktor\u00e9 upravuj\u00fa, a nezhoduj\u00fa sa v rode alebo po\u010dte. Porovn\u00e1vacie a superlat\u00edvy s\u00fa postaven\u00e9 z \u010dast\u00edc ako &#8222;kwaa&#8220; pre &#8222;viac ako&#8220; a &#8222;thi sut&#8220; pre &#8222;najviac&#8220;, ktor\u00e9 s\u00fa nevyhnutn\u00e9 na to, aby ste sa nau\u010dili prirodzenej\u0161ie komunikova\u0165.<\/p>\n\n\n\n<p><strong>Pr\u00edklady:<\/strong><\/p>\n\n\n\n<p><strong>\u2013 Khw\u0101m hak nyai (ve\u013ek\u00e1 l\u00e1ska)<\/strong><\/p>\n\n\n\n<p><strong>\u2013 dek n\u00f2i (mal\u00e9 deti)<\/strong><\/p>\n\n\n\n<h3 class=\"wp-block-heading\" id=\"h-6-engaging-with-the-language\">6. Zapojenie sa do jazyka<\/h3>\n\n\n\n<p>Naj\u00fa\u010dinnej\u0161\u00edm sp\u00f4sobom, ako plne pochopi\u0165 a osvoji\u0165 si laosk\u00fa gramatiku, je d\u00f4sledne sa zap\u00e1ja\u0165 do jazyka. \u010c\u00edtan\u00edm laoskej literat\u00fary, sledovan\u00edm laosk\u00fdch filmov alebo telev\u00edznych seri\u00e1lov a akt\u00edvnou komunik\u00e1ciou s roden\u00fdmi hovoriacimi posiln\u00edte svoje porozumenie gramatike a z\u00e1rove\u0148 si roz\u0161\u00edrite slovn\u00fa z\u00e1sobu.<\/p>\n\n\n\n<h3 class=\"wp-block-heading\" id=\"h-conclusion\">Z\u00e1ver<\/h3>\n\n\n\n<p>Hoci sa laosk\u00e1 gramatika m\u00f4\u017ee zda\u0165 zlo\u017eit\u00e1, m\u00f4\u017eete sa sta\u0165 zdatn\u00fdmi v tomto kr\u00e1snom jazyku s odhodlan\u00edm, praxou a nad\u0161en\u00edm. Zameran\u00edm sa na z\u00e1kladn\u00e9 pravidl\u00e1 a zapojen\u00edm sa do jazyka v r\u00f4znych kontextoch r\u00fdchlo zlep\u0161\u00edte <a href=\"https:\/\/talkpal.ai\/sk\/gramatika\/\">svoje laosk\u00e9 gramatick\u00e9 zru\u010dnosti<\/a>. Sok dii (ve\u013ea \u0161\u0165astia) na svojej ceste za laosk\u00fdm jazykom a u\u017eite si odha\u013eovanie z\u00e1hadn\u00e9ho, ale podmaniv\u00e9ho sveta laoskej gramatiky!<\/p>\n<\/div><\/div>\n\r\n<section class=\"learnNavigationSection\">\r\n            \r\n        <a href=\"https:\/\/talkpal.ai\/sk\/naucte-sa-laostinu\/\">\r\n            <div class=\"learnNavigationWrapper\">\r\n                <div class=\"learnNavigationContent\">\r\n                    <img decoding=\"async\" src=\"https:\/\/talkpal.ai\/wp-content\/uploads\/2025\/11\/Lao-1.png\" alt=\"Laotian Flag\">\r\n                    <div>\r\n                        <h4>O Lao Learning<\/h4>\r\n                        <p>Zistite v\u0161etko o Laoskej gramatike.<\/p>\r\n                    <\/div>\r\n                <\/div>\r\n            <\/div>\r\n        <\/a>\r\n\r\n        \r\n        <a href=\"https:\/\/talkpal.ai\/sk\/laoske-gramaticke-cvicenia\/\">\r\n            <div class=\"learnNavigationWrapper\">\r\n                <div class=\"learnNavigationContent\">\r\n                    <img decoding=\"async\" src=\"https:\/\/talkpal.ai\/wp-content\/uploads\/2025\/11\/Lao-1.png\" alt=\"Laotian Flag\">\r\n                    <div>\r\n                        <h4>Laosk\u00e9 gramatick\u00e9 cvi\u010denie<\/h4>\r\n                        <p>Precvi\u010dte si laosk\u00fa gramatiku.<\/p>\r\n                    <\/div>\r\n                <\/div>\r\n            <\/div>\r\n        <\/a>\r\n\r\n            <\/section>","protected":false},"excerpt":{"rendered":"<p>Navig\u00e1cia v zlo\u017eitosti laoskej gramatiky Lao, jazyk Tai-Kadai s bohatou hist\u00f3riou a kult\u00farnym v\u00fdznamom, pon\u00faka vzru\u0161uj\u00faci jazykov\u00fd z\u00e1\u017eitok pre t\u00fdch, ktor\u00ed t\u00fa\u017eia presk\u00fama\u0165 jeho jedine\u010dn\u00fd gramatick\u00fd syst\u00e9m. Ke\u010f sa vyd\u00e1te do r\u00ed\u0161e Laosu, nielen\u017ee obohat\u00edte svoj jazykov\u00fd reperto\u00e1r, ale aj fascinuj\u00facu kult\u00farnu cestu. Aj ke\u010f sa laosk\u00e1 gramatika m\u00f4\u017ee na prv\u00fd poh\u013ead zda\u0165 nezn\u00e1ma, jej [&hellip;]<\/p>\n","protected":false},"author":20,"featured_media":0,"parent":0,"menu_order":0,"comment_status":"closed","ping_status":"closed","template":"LearningContentPage.php","meta":{"_acf_changed":false,"footnotes":""},"class_list":["post-1477938","page","type-page","status-publish","hentry"],"acf":[],"yoast_head":"<!-- This site is optimized with the Yoast SEO Premium plugin v27.2 (Yoast SEO v27.2) - https:\/\/yoast.com\/product\/yoast-seo-premium-wordpress\/ -->\n<title>Laosk\u00e1 gramatika - Talkpal<\/title>\n<meta name=\"description\" content=\"Zvl\u00e1dnite z\u00e1klady laoskej gramatiky vr\u00e1tane t\u00f3nov\u00e9ho syst\u00e9mu a \u0161trukt\u00fary viet, aby ste zlep\u0161ili svoje jazykov\u00e9 znalosti pomocou aplik\u00e1cie Talkpal.\" \/>\n<meta name=\"robots\" content=\"index, follow, max-snippet:-1, max-image-preview:large, max-video-preview:-1\" \/>\n<link rel=\"canonical\" href=\"https:\/\/talkpal.ai\/sk\/laoska-gramatika\/\" \/>\n<meta property=\"og:locale\" content=\"sk_SK\" \/>\n<meta property=\"og:type\" content=\"article\" \/>\n<meta property=\"og:title\" content=\"Laosk\u00e1 gramatika\" \/>\n<meta property=\"og:description\" content=\"Navig\u00e1cia v zlo\u017eitosti laoskej gramatiky Lao, jazyk Tai-Kadai s bohatou hist\u00f3riou a kult\u00farnym v\u00fdznamom, pon\u00faka vzru\u0161uj\u00faci jazykov\u00fd z\u00e1\u017eitok pre t\u00fdch, ktor\u00ed\" \/>\n<meta property=\"og:url\" content=\"https:\/\/talkpal.ai\/sk\/laoska-gramatika\/\" \/>\n<meta property=\"og:site_name\" content=\"Talkpal\" \/>\n<meta property=\"article:publisher\" content=\"https:\/\/www.facebook.com\/profile.php?id=100090733639311\" \/>\n<meta property=\"article:modified_time\" content=\"2025-12-30T14:12:04+00:00\" \/>\n<meta property=\"og:image\" content=\"https:\/\/talkpal.ai\/wp-content\/uploads\/2025\/02\/Progress-tab-16_9.png\" \/>\n\t<meta property=\"og:image:width\" content=\"2880\" \/>\n\t<meta property=\"og:image:height\" content=\"1620\" \/>\n\t<meta property=\"og:image:type\" content=\"image\/png\" \/>\n<meta name=\"twitter:card\" content=\"summary_large_image\" \/>\n<meta name=\"twitter:site\" content=\"@talkpalai\" \/>\n<meta name=\"twitter:label1\" content=\"Predpokladan\u00fd \u010das \u010d\u00edtania\" \/>\n\t<meta name=\"twitter:data1\" content=\"3 min\u00faty\" \/>\n<script type=\"application\/ld+json\" class=\"yoast-schema-graph\">{\"@context\":\"https:\/\/schema.org\",\"@graph\":[{\"@type\":\"WebPage\",\"@id\":\"https:\/\/talkpal.ai\/sk\/laoska-gramatika\/\",\"url\":\"https:\/\/talkpal.ai\/sk\/laoska-gramatika\/\",\"name\":\"Laosk\u00e1 gramatika - Talkpal\",\"isPartOf\":{\"@id\":\"https:\/\/talkpal.ai\/sk\/#website\"},\"datePublished\":\"2025-11-12T12:14:52+00:00\",\"dateModified\":\"2025-12-30T14:12:04+00:00\",\"description\":\"Zvl\u00e1dnite z\u00e1klady laoskej gramatiky vr\u00e1tane t\u00f3nov\u00e9ho syst\u00e9mu a \u0161trukt\u00fary viet, aby ste zlep\u0161ili svoje jazykov\u00e9 znalosti pomocou aplik\u00e1cie Talkpal.\",\"breadcrumb\":{\"@id\":\"https:\/\/talkpal.ai\/sk\/laoska-gramatika\/#breadcrumb\"},\"inLanguage\":\"sk-SK\",\"potentialAction\":[{\"@type\":\"ReadAction\",\"target\":[\"https:\/\/talkpal.ai\/sk\/laoska-gramatika\/\"]}]},{\"@type\":\"BreadcrumbList\",\"@id\":\"https:\/\/talkpal.ai\/sk\/laoska-gramatika\/#breadcrumb\",\"itemListElement\":[{\"@type\":\"ListItem\",\"position\":1,\"name\":\"Homepage\",\"item\":\"https:\/\/talkpal.ai\/sk\/\"},{\"@type\":\"ListItem\",\"position\":2,\"name\":\"Laosk\u00e1 gramatika\"}]},{\"@type\":\"WebSite\",\"@id\":\"https:\/\/talkpal.ai\/sk\/#website\",\"url\":\"https:\/\/talkpal.ai\/sk\/\",\"name\":\"Talkpal\",\"description\":\"AI Language Learning\",\"publisher\":{\"@id\":\"https:\/\/talkpal.ai\/sk\/#organization\"},\"alternateName\":\"Talkpal AI\",\"potentialAction\":[{\"@type\":\"SearchAction\",\"target\":{\"@type\":\"EntryPoint\",\"urlTemplate\":\"https:\/\/talkpal.ai\/sk\/?s={search_term_string}\"},\"query-input\":{\"@type\":\"PropertyValueSpecification\",\"valueRequired\":true,\"valueName\":\"search_term_string\"}}],\"inLanguage\":\"sk-SK\"},{\"@type\":\"Organization\",\"@id\":\"https:\/\/talkpal.ai\/sk\/#organization\",\"name\":\"Talkpal, Inc.\",\"alternateName\":\"Talkpal AI\",\"url\":\"https:\/\/talkpal.ai\/sk\/\",\"logo\":{\"@type\":\"ImageObject\",\"inLanguage\":\"sk-SK\",\"@id\":\"https:\/\/talkpal.ai\/sk\/#\/schema\/logo\/image\/\",\"url\":\"https:\/\/talkpal.ai\/wp-content\/uploads\/2024\/03\/Talkpal-Logo-Icon.png\",\"contentUrl\":\"https:\/\/talkpal.ai\/wp-content\/uploads\/2024\/03\/Talkpal-Logo-Icon.png\",\"width\":2880,\"height\":2880,\"caption\":\"Talkpal, Inc.\"},\"image\":{\"@id\":\"https:\/\/talkpal.ai\/sk\/#\/schema\/logo\/image\/\"},\"sameAs\":[\"https:\/\/www.facebook.com\/profile.php?id=100090733639311\",\"https:\/\/x.com\/talkpalai\",\"https:\/\/www.linkedin.com\/company\/talkpal\/\",\"https:\/\/www.youtube.com\/@TalkPal\/\",\"https:\/\/www.tiktok.com\/@talkpal\",\"https:\/\/www.instagram.com\/talkpal_ai\/\",\"https:\/\/www.crunchbase.com\/organization\/talkpal-9cde\",\"https:\/\/www.g2.com\/products\/talkpal-for-business\/\",\"https:\/\/www.trustpilot.com\/review\/talkpal.ai\",\"https:\/\/www.capterra.com\/p\/10006800\/TalkPal\/\"],\"description\":\"Talkpal is a language learning web and mobile education app, powered by the latest AI technologies, that provides engaging experiences to its customers in many different languages to help them improve their language skills. Users can chat about unlimited amount of topics with the app and use other modes to practice their language learning.\",\"email\":\"support@talkpal.ai\",\"legalName\":\"Talkpal, Inc.\",\"foundingDate\":\"2023-04-03\",\"duns\":\"118989042\",\"numberOfEmployees\":{\"@type\":\"QuantitativeValue\",\"minValue\":\"11\",\"maxValue\":\"50\"},\"publishingPrinciples\":\"https:\/\/talkpal.ai\/publishing-principles\/\",\"actionableFeedbackPolicy\":\"https:\/\/talkpal.ai\/actionable-feedback-policy\/\",\"correctionsPolicy\":\"https:\/\/talkpal.ai\/corrections-policy\/\",\"ethicsPolicy\":\"https:\/\/talkpal.ai\/ethics-policy\/\",\"diversityPolicy\":\"https:\/\/talkpal.ai\/diversity-policy\/\",\"diversityStaffingReport\":\"https:\/\/talkpal.ai\/diversity-policy\/\"}]}<\/script>\n<!-- \/ Yoast SEO Premium plugin. -->","yoast_head_json":{"title":"Laosk\u00e1 gramatika - Talkpal","description":"Zvl\u00e1dnite z\u00e1klady laoskej gramatiky vr\u00e1tane t\u00f3nov\u00e9ho syst\u00e9mu a \u0161trukt\u00fary viet, aby ste zlep\u0161ili svoje jazykov\u00e9 znalosti pomocou aplik\u00e1cie Talkpal.","robots":{"index":"index","follow":"follow","max-snippet":"max-snippet:-1","max-image-preview":"max-image-preview:large","max-video-preview":"max-video-preview:-1"},"canonical":"https:\/\/talkpal.ai\/sk\/laoska-gramatika\/","og_locale":"sk_SK","og_type":"article","og_title":"Laosk\u00e1 gramatika","og_description":"Navig\u00e1cia v zlo\u017eitosti laoskej gramatiky Lao, jazyk Tai-Kadai s bohatou hist\u00f3riou a kult\u00farnym v\u00fdznamom, pon\u00faka vzru\u0161uj\u00faci jazykov\u00fd z\u00e1\u017eitok pre t\u00fdch, ktor\u00ed","og_url":"https:\/\/talkpal.ai\/sk\/laoska-gramatika\/","og_site_name":"Talkpal","article_publisher":"https:\/\/www.facebook.com\/profile.php?id=100090733639311","article_modified_time":"2025-12-30T14:12:04+00:00","og_image":[{"width":2880,"height":1620,"url":"https:\/\/talkpal.ai\/wp-content\/uploads\/2025\/02\/Progress-tab-16_9.png","type":"image\/png"}],"twitter_card":"summary_large_image","twitter_site":"@talkpalai","twitter_misc":{"Predpokladan\u00fd \u010das \u010d\u00edtania":"3 min\u00faty"},"schema":{"@context":"https:\/\/schema.org","@graph":[{"@type":"WebPage","@id":"https:\/\/talkpal.ai\/sk\/laoska-gramatika\/","url":"https:\/\/talkpal.ai\/sk\/laoska-gramatika\/","name":"Laosk\u00e1 gramatika - Talkpal","isPartOf":{"@id":"https:\/\/talkpal.ai\/sk\/#website"},"datePublished":"2025-11-12T12:14:52+00:00","dateModified":"2025-12-30T14:12:04+00:00","description":"Zvl\u00e1dnite z\u00e1klady laoskej gramatiky vr\u00e1tane t\u00f3nov\u00e9ho syst\u00e9mu a \u0161trukt\u00fary viet, aby ste zlep\u0161ili svoje jazykov\u00e9 znalosti pomocou aplik\u00e1cie Talkpal.","breadcrumb":{"@id":"https:\/\/talkpal.ai\/sk\/laoska-gramatika\/#breadcrumb"},"inLanguage":"sk-SK","potentialAction":[{"@type":"ReadAction","target":["https:\/\/talkpal.ai\/sk\/laoska-gramatika\/"]}]},{"@type":"BreadcrumbList","@id":"https:\/\/talkpal.ai\/sk\/laoska-gramatika\/#breadcrumb","itemListElement":[{"@type":"ListItem","position":1,"name":"Homepage","item":"https:\/\/talkpal.ai\/sk\/"},{"@type":"ListItem","position":2,"name":"Laosk\u00e1 gramatika"}]},{"@type":"WebSite","@id":"https:\/\/talkpal.ai\/sk\/#website","url":"https:\/\/talkpal.ai\/sk\/","name":"Talkpal","description":"AI Language Learning","publisher":{"@id":"https:\/\/talkpal.ai\/sk\/#organization"},"alternateName":"Talkpal AI","potentialAction":[{"@type":"SearchAction","target":{"@type":"EntryPoint","urlTemplate":"https:\/\/talkpal.ai\/sk\/?s={search_term_string}"},"query-input":{"@type":"PropertyValueSpecification","valueRequired":true,"valueName":"search_term_string"}}],"inLanguage":"sk-SK"},{"@type":"Organization","@id":"https:\/\/talkpal.ai\/sk\/#organization","name":"Talkpal, Inc.","alternateName":"Talkpal AI","url":"https:\/\/talkpal.ai\/sk\/","logo":{"@type":"ImageObject","inLanguage":"sk-SK","@id":"https:\/\/talkpal.ai\/sk\/#\/schema\/logo\/image\/","url":"https:\/\/talkpal.ai\/wp-content\/uploads\/2024\/03\/Talkpal-Logo-Icon.png","contentUrl":"https:\/\/talkpal.ai\/wp-content\/uploads\/2024\/03\/Talkpal-Logo-Icon.png","width":2880,"height":2880,"caption":"Talkpal, Inc."},"image":{"@id":"https:\/\/talkpal.ai\/sk\/#\/schema\/logo\/image\/"},"sameAs":["https:\/\/www.facebook.com\/profile.php?id=100090733639311","https:\/\/x.com\/talkpalai","https:\/\/www.linkedin.com\/company\/talkpal\/","https:\/\/www.youtube.com\/@TalkPal\/","https:\/\/www.tiktok.com\/@talkpal","https:\/\/www.instagram.com\/talkpal_ai\/","https:\/\/www.crunchbase.com\/organization\/talkpal-9cde","https:\/\/www.g2.com\/products\/talkpal-for-business\/","https:\/\/www.trustpilot.com\/review\/talkpal.ai","https:\/\/www.capterra.com\/p\/10006800\/TalkPal\/"],"description":"Talkpal is a language learning web and mobile education app, powered by the latest AI technologies, that provides engaging experiences to its customers in many different languages to help them improve their language skills. Users can chat about unlimited amount of topics with the app and use other modes to practice their language learning.","email":"support@talkpal.ai","legalName":"Talkpal, Inc.","foundingDate":"2023-04-03","duns":"118989042","numberOfEmployees":{"@type":"QuantitativeValue","minValue":"11","maxValue":"50"},"publishingPrinciples":"https:\/\/talkpal.ai\/publishing-principles\/","actionableFeedbackPolicy":"https:\/\/talkpal.ai\/actionable-feedback-policy\/","correctionsPolicy":"https:\/\/talkpal.ai\/corrections-policy\/","ethicsPolicy":"https:\/\/talkpal.ai\/ethics-policy\/","diversityPolicy":"https:\/\/talkpal.ai\/diversity-policy\/","diversityStaffingReport":"https:\/\/talkpal.ai\/diversity-policy\/"}]}},"_links":{"self":[{"href":"https:\/\/talkpal.ai\/sk\/wp-json\/wp\/v2\/pages\/1477938","targetHints":{"allow":["GET"]}}],"collection":[{"href":"https:\/\/talkpal.ai\/sk\/wp-json\/wp\/v2\/pages"}],"about":[{"href":"https:\/\/talkpal.ai\/sk\/wp-json\/wp\/v2\/types\/page"}],"author":[{"embeddable":true,"href":"https:\/\/talkpal.ai\/sk\/wp-json\/wp\/v2\/users\/20"}],"replies":[{"embeddable":true,"href":"https:\/\/talkpal.ai\/sk\/wp-json\/wp\/v2\/comments?post=1477938"}],"version-history":[{"count":0,"href":"https:\/\/talkpal.ai\/sk\/wp-json\/wp\/v2\/pages\/1477938\/revisions"}],"wp:attachment":[{"href":"https:\/\/talkpal.ai\/sk\/wp-json\/wp\/v2\/media?parent=1477938"}],"curies":[{"name":"wp","href":"https:\/\/api.w.org\/{rel}","templated":true}]}}