{"id":1477913,"date":"2025-11-12T11:25:18","date_gmt":"2025-11-12T11:25:18","guid":{"rendered":"https:\/\/talkpal.ai\/khmerske-gramaticke-cvicenia\/"},"modified":"2025-12-30T14:43:19","modified_gmt":"2025-12-30T14:43:19","slug":"khmerske-gramaticke-cvicenia","status":"publish","type":"page","link":"https:\/\/talkpal.ai\/sk\/khmerske-gramaticke-cvicenia\/","title":{"rendered":"Khm\u00e9rske gramatick\u00e9 cvi\u010denia"},"content":{"rendered":"\r\n\r\n\r\n<section class=\"languageChallengeSection\">\r\n    <div class=\"languageInfoWrapper\">\r\n        \r\n        <h1>Khm\u00e9rske gramatick\u00e9 cvi\u010denia<\/h1>\r\n        <p>Ste pripraven\u00ed ponori\u0165 sa do khm\u00e9rskej gramatiky? Precvi\u010denie nieko\u013ek\u00fdch z\u00e1kladov v\u00e1m pom\u00f4\u017ee pohodlne ovl\u00e1da\u0165 tento jedine\u010dn\u00fd a kr\u00e1sny jazyk. Vysk\u00fa\u0161ajte tieto cvi\u010denia, aby ste si vybudovali sebad\u00f4veru a zabavili sa pri tom!<\/p>\r\n\r\n                            <a class=\"getStartedHidden\" href=\"https:\/\/app.talkpal.ai\/sk\/signup?lng=\">Za\u010dni<\/a>\r\n        \r\n    <\/div>\r\n\r\n    <figure>\r\n    <img decoding=\"async\" width=\"768\" height=\"768\" src=\"https:\/\/talkpal.ai\/wp-content\/uploads\/2023\/06\/welsh-768x768.png\" class=\"languageImage no-lazy\" alt=\"Language learning for better cognitive abilities\" fetchpriority=\"high\" sizes=\"(max-width: 768px) 150px, 768px\" srcset=\"https:\/\/talkpal.ai\/wp-content\/uploads\/2023\/06\/welsh-768x768.png 768w, https:\/\/talkpal.ai\/wp-content\/uploads\/2023\/06\/welsh-300x300.png 300w\" \/>\r\n    \r\n\r\n    <\/figure>\r\n\r\n            <a class=\"getStartedVisible\" href=\"https:\/\/app.talkpal.ai\/sk\/signup?lng=\">Za\u010dni<\/a>\r\n    \r\n<\/section><section class=\"promotionalBanner\">\r\n    <p class=\"promotionalText\">Najefekt\u00edvnej\u0161\u00ed sp\u00f4sob, ako sa nau\u010di\u0165 jazyk<\/p>\r\n    <a class=\"promotionalLink\" href=\"https:\/\/app.talkpal.ai\/sk\/signup?lng=\">Vysk\u00fa\u0161ajte Talkpal zadarmo<\/a>\r\n<\/section>\n<div class=\"wp-block-group pageContainerStyle\"><div class=\"wp-block-group__inner-container is-layout-constrained wp-block-group-is-layout-constrained\">\n<h2 class=\"wp-block-heading\" id=\"h-khmer-grammar-topics\">T\u00e9my khm\u00e9rskej gramatiky<\/h2>\n\n\n\n<p><a href=\"https:\/\/talkpal.ai\/sk\/najvacsie-chyby-ktorych-sa-treba-vyvarovat-pri-uceni-sa-noveho-jazyka\/\">Nau\u010di\u0165 sa nov\u00fd jazyk<\/a> m\u00f4\u017ee by\u0165 n\u00e1ro\u010dn\u00e9, ale obohacuj\u00face \u00fasilie. V\u00fdnimkou nie je ani <a href=\"https:\/\/talkpal.ai\/learn-khmer\/\">khm\u00e9r\u010dina<\/a>, rak\u00fasko\u00e1zijsk\u00fd jazyk, ktor\u00fdm sa hovor\u00ed hlavne v Kambod\u017ei. V\u010faka svojej analytickej \u0161trukt\u00fare a charakteristick\u00fdm \u010dasticiam <a href=\"https:\/\/talkpal.ai\/sk\/talkpal-pre-vzdelavanie\/\">si u\u010denie<\/a> khm\u00e9r\u010diny vy\u017eaduje systematick\u00fd pr\u00edstup k pochopeniu toho, ako sa buduje v\u00fdznam bez sklo\u0148ovania. T\u00e1to pr\u00edru\u010dka na\u010drt\u00e1va k\u013e\u00fa\u010dov\u00e9 oblasti <a href=\"https:\/\/talkpal.ai\/sk\/khmerska-gramatika\/\">khm\u00e9rskej gramatiky<\/a> v logickom porad\u00ed pre <a href=\"https:\/\/talkpal.ai\/sk\/chatbot-s-umelou-inteligenciou-na-ucenie-jazykov\/\">u\u010denie sa jazykov<\/a>, po\u010dn\u00fac z\u00e1kladmi, ako s\u00fa podstatn\u00e9 men\u00e1 a \u010dleny, a pokra\u010duj\u00fac k zlo\u017eitej\u0161\u00edm oblastiam, ako s\u00fa \u010dasy a kon\u0161trukcia viet.<\/p>\n\n\n\n<h3 class=\"wp-block-heading\" id=\"h-1-nouns\">1. Podstatn\u00e9 men\u00e1:<\/h3>\n\n\n\n<p>Za\u010dnite svoju cestu khm\u00e9rskym jazykom u\u010den\u00edm sa podstatn\u00fdch mien. To zah\u0155\u0148a pochopenie be\u017en\u00fdch a vlastn\u00fdch podstatn\u00fdch mien, ako sa pluralita \u010dasto prejavuje kvantifik\u00e1tormi, klasifik\u00e1tormi alebo reduplik\u00e1ciou namiesto sklo\u0148ovania a absenciou gramatick\u00e9ho rodu alebo p\u00e1du.<\/p>\n\n\n\n<h3 class=\"wp-block-heading\" id=\"h-2-articles\">2. \u010cl\u00e1nky:<\/h3>\n\n\n\n<p><a href=\"https:\/\/talkpal.ai\/learn-khmer\/\">Khm\u00e9r\u010dina<\/a> nepou\u017e\u00edva ur\u010dit\u00e9 alebo neur\u010dit\u00e9 \u010dleny ako v <a href=\"https:\/\/talkpal.ai\/ai-english-speaking-practice\/\">angli\u010dtine<\/a>. Ur\u010ditos\u0165 sa vyjadruje prostredn\u00edctvom kontextu alebo ukazovac\u00edch znakov ako \u1793\u17c1\u17c7 this a \u1793\u17c4\u17c7 that, zatia\u013e \u010do neur\u010ditos\u0165 m\u00f4\u017ee by\u0165 vyjadren\u00e1 \u010d\u00edslicou \u1798\u17bd\u1799 one alebo slovami ako \u1798\u17bd\u1799\u1785\u17c6\u1793\u17bd\u1793 some.<\/p>\n\n\n\n<h3 class=\"wp-block-heading\" id=\"h-3-adjectives\">3. Pr\u00eddavn\u00e9 men\u00e1:<\/h3>\n\n\n\n<p>Pr\u00eddavn\u00e9 men\u00e1 v khm\u00e9r\u010dine zvy\u010dajne nasleduj\u00fa za podstatn\u00fdmi menami a m\u00f4\u017eu fungova\u0165 ako dat\u00edvne sloves\u00e1 v pr\u00edsudkoch. Nau\u010dte sa zna\u010dky stup\u0148a a porovnanie, ako napr\u00edklad \u178e\u17b6\u179f\u17cb ve\u013emi, \u1787\u17b6\u1784 pre porovn\u00e1vacie a \u1787\u17b6\u1784\u1782\u17c1 pre superlat\u00edv, ako aj reduplik\u00e1ciu pre d\u00f4raz.<\/p>\n\n\n\n<h3 class=\"wp-block-heading\" id=\"h-4-pronouns-determiners\">4. Z\u00e1men\u00e1\/determin\u00e1tory:<\/h3>\n\n\n\n<p>Z\u00e1men\u00e1 a determinanty s\u00fa v khm\u00e9r\u010dine nevyhnutn\u00e9 a odr\u00e1\u017eaj\u00fa \u00farove\u0148 form\u00e1lnosti a soci\u00e1lnych vz\u0165ahov. Osvojte si <a href=\"https:\/\/talkpal.ai\/sk\/grammar\/pronomi-personali-v-talianskej-gramatike\/\">osobn\u00e9 z\u00e1men\u00e1<\/a>, ukazovacie men\u00e1, kvantifik\u00e1tory, \u010d\u00edslovky s klasifik\u00e1tormi a vlastn\u00edctvo pomocou \u179a\u1794\u179f\u17cb alebo sekvenci\u00ed podstatn\u00fdch mien a podstatn\u00fdch mien pre jasn\u00fa a vhodn\u00fa komunik\u00e1ciu.<\/p>\n\n\n\n<h3 class=\"wp-block-heading\" id=\"h-5-verbs\">5. Sloves\u00e1:<\/h3>\n\n\n\n<p>Khm\u00e9rske sloves\u00e1 sa ne\u010dasuj\u00fa pre osobu alebo \u010das. Aspekt, \u010das a n\u00e1lada s\u00fa zn\u00e1zornen\u00e9 \u010dasticami a pr\u00edslovkami, ako napr\u00edklad \u1780\u17c6\u1796\u17bb\u1784 progres\u00edvny, \u1794\u17b6\u1793 dokon\u010den\u00fd alebo minul\u00fd, \u1793\u17b9\u1784 bud\u00facnos\u0165 alebo z\u00e1mer, \u1791\u17be\u1794 spravodliv\u00fd a \u178f\u17c2\u1784 obvykl\u00fd, spolu so s\u00e9riov\u00fdmi slovesn\u00fdmi kon\u0161trukciami a obmedzen\u00fdm pou\u017e\u00edvan\u00edm kop\u00fal ako \u1787\u17b6 pre klasifik\u00e1ciu a \u1793\u17c5 pre umiestnenie.<\/p>\n\n\n\n<h3 class=\"wp-block-heading\" id=\"h-6-tenses\">6. \u010casy:<\/h3>\n\n\n\n<p>Po zvl\u00e1dnut\u00ed pou\u017e\u00edvania slovies presk\u00famajte, ako khm\u00e9r\u010dina vyjadruje \u010das bez sklo\u0148ovac\u00edch \u010dasov. Pr\u00edtomnos\u0165 je \u010dasto neozna\u010den\u00e1, minulos\u0165 je be\u017ene ozna\u010den\u00e1 \u1794\u17b6\u1793 alebo \u010dasov\u00fdmi v\u00fdrazmi a bud\u00facnos\u0165 alebo z\u00e1mer je zobrazen\u00e1 \u1793\u17b9\u1784 alebo kontextom, pri\u010dom \u00fapln\u00e1 nuansa je \u010dasto ozna\u010den\u00e1 u\u017e \u17a0\u17be\u1799.<\/p>\n\n\n\n<h3 class=\"wp-block-heading\" id=\"h-7-tense-comparison\">7. Nap\u00e4t\u00e9 porovnanie:<\/h3>\n\n\n\n<p>Porovn\u00e1vanie \u010dasu a aspektu v khm\u00e9r\u010dine sa zameriava sk\u00f4r na \u010dastice a pr\u00edslovky ako na zmeny slovies. Pou\u017eitie rovnak\u00e9ho slovesa s \u010dasticami ako \u1794\u17b6\u1793, \u1793\u17b9\u1784 a \u1780\u17c6\u1796\u17bb\u1784 v r\u00f4znych kontextoch objasn\u00ed, ako sa vyjadruj\u00fa postupnosti udalost\u00ed.<\/p>\n\n\n\n<h3 class=\"wp-block-heading\" id=\"h-8-progressive\">8. Progres\u00edvne:<\/h3>\n\n\n\n<p>Progres\u00edvny v khm\u00e9r\u010dine sa pou\u017e\u00edva na vyjadrenie prebiehaj\u00facich \u010dinov. Vytv\u00e1ra sa umiestnen\u00edm \u1780\u17c6\u1796\u17bb\u1784 pred hlavn\u00e9 sloveso, s volite\u013en\u00fdm \u178f\u17c2 pre zd\u00f4raznenie, a m\u00f4\u017ee sa kombinova\u0165 s \u010dasov\u00fdmi v\u00fdrazmi pre zrozumite\u013enos\u0165.<\/p>\n\n\n\n<h3 class=\"wp-block-heading\" id=\"h-9-perfect-progressive\">9. Perfektne progres\u00edvne:<\/h3>\n\n\n\n<p>Pou\u017e\u00edva sa na vyjadrenie akci\u00ed, ktor\u00e9 prebiehali do ur\u010dit\u00e9ho bodu. V khm\u00e9r\u010dine mo\u017eno doteraj\u0161iu kontinuitu zobrazi\u0165 pomocou \u1780\u17c6\u1796\u17bb\u1784 &#8230; \u1798\u1780 alebo \u1794\u17b6\u1793 + sloveso + \u1798\u1780 spolu s trvac\u00edmi fr\u00e1zami, v z\u00e1vislosti od kontextu a d\u00f4razu.<\/p>\n\n\n\n<h3 class=\"wp-block-heading\" id=\"h-10-conditionals\">10. Podmienky:<\/h3>\n\n\n\n<p>Kondicion\u00e1ly vyjadruj\u00fa hypotetick\u00e9 situ\u00e1cie a v\u00fdsledky. Khm\u00e9ri be\u017ene pou\u017e\u00edvaj\u00fa \u1794\u17be alebo \u1794\u17d2\u179a\u179f\u17b7\u1793\u1794\u17be pre if v podmienkovej vete, pri\u010dom v\u00fdsledok je \u010dasto ozna\u010den\u00fd \u010dasticami ako \u1793\u17c4\u17c7 alebo vhodn\u00fdmi mod\u00e1lmi pre nuansy.<\/p>\n\n\n\n<h3 class=\"wp-block-heading\" id=\"h-11-adverbs\">11. Pr\u00edslovky:<\/h3>\n\n\n\n<p>Pr\u00edslovky v khm\u00e9r\u010dine upravuj\u00fa sloves\u00e1, pr\u00eddavn\u00e9 men\u00e1 alebo in\u00e9 pr\u00edslovky a zah\u0155\u0148aj\u00fa sp\u00f4sob, miesto, \u010das a stupe\u0148. Poz\u00edcia je flexibiln\u00e1, s \u010dasov\u00fdmi pr\u00edslovkami \u010dasto na za\u010diatku, \u010dasto za slovesom a stup\u0148ov\u00fdmi slovami ako \u178e\u17b6\u179f\u17cb a \u1794\u1793\u17d2\u178f\u17b7\u1785 tvaruj\u00facou intenzitu.<\/p>\n\n\n\n<h3 class=\"wp-block-heading\" id=\"h-12-prepositions\">12. Predlo\u017eky:<\/h3>\n\n\n\n<p>Predlo\u017eky sp\u00e1jaj\u00fa slov\u00e1 a fr\u00e1zy, aby uk\u00e1zali vz\u0165ahy \u010dasu, miesta a smeru. Khm\u00e9r\u010dina pou\u017e\u00edva polo\u017eky ako \u1793\u17c5 at alebo in, \u1791\u17c5 to, \u1796\u17b8 from a vz\u0165ahov\u00e9 formy ako \u1781\u17b6\u1784\u1780\u17d2\u179a\u17c4\u1799 behind a \u179b\u17be on, \u010dasto v kombin\u00e1cii s podstatn\u00fdmi menami miesta.<\/p>\n\n\n\n<h3 class=\"wp-block-heading\" id=\"h-13-sentences\">13. Vety:<\/h3>\n\n\n\n<p>Nakoniec si precvi\u010dte kon\u0161trukciu viet. Khm\u00e9r\u010dina inklinuje k poriadku SVO s \u010dast\u00fdmi \u0161trukt\u00farami t\u00e9m a koment\u00e1rov. Hlavn\u00e1 neg\u00e1cia s \u1798\u17b7\u1793 &#8230; \u1791\u17c1 v \u0161tandardnom pou\u017eit\u00ed a be\u017en\u00fdch hovorov\u00fdch form\u00e1ch, rozkazovac\u00edch sp\u00f4soboch s \u010dasticami ako \u179f\u17bc\u1798 a integr\u00e1cia v\u0161etk\u00fdch predt\u00fdm nau\u010den\u00fdch gramatick\u00fdch bodov do kontextu.<\/p>\n<\/div><\/div>\n\r\n<section class=\"learnNavigationSection\">\r\n            \r\n        <a href=\"https:\/\/talkpal.ai\/sk\/naucte-sa-walestinu\/\">\r\n            <div class=\"learnNavigationWrapper\">\r\n                <div class=\"learnNavigationContent\">\r\n                    <img decoding=\"async\" src=\"https:\/\/talkpal.ai\/wp-content\/uploads\/2025\/11\/Khmer.png\" alt=\"Cambodian Flag\">\r\n                    <div>\r\n                        <h4>O khm\u00e9rskom vzdel\u00e1van\u00ed<\/h4>\r\n                        <p>Zistite v\u0161etko o khm\u00e9rskej gramatike.<\/p>\r\n                    <\/div>\r\n                <\/div>\r\n            <\/div>\r\n        <\/a>\r\n\r\n        \r\n        <a href=\"https:\/\/talkpal.ai\/sk\/khmerska-gramatika\/\">\r\n            <div class=\"learnNavigationWrapper\">\r\n                <div class=\"learnNavigationContent\">\r\n                    <img decoding=\"async\" src=\"https:\/\/talkpal.ai\/wp-content\/uploads\/2025\/11\/Khmer.png\" alt=\"Cambodian Flag\">\r\n                    <div>\r\n                        <h4>Lekcie khm\u00e9rskej gramatiky<\/h4>\r\n                        <p>Precvi\u010dte si khm\u00e9rsku gramatiku.<\/p>\r\n                    <\/div>\r\n                <\/div>\r\n            <\/div>\r\n        <\/a>\r\n\r\n            <\/section>","protected":false},"excerpt":{"rendered":"<p>T\u00e9my khm\u00e9rskej gramatiky Nau\u010di\u0165 sa nov\u00fd jazyk m\u00f4\u017ee by\u0165 n\u00e1ro\u010dn\u00e9, ale obohacuj\u00face \u00fasilie. V\u00fdnimkou nie je ani khm\u00e9r\u010dina, rak\u00fasko\u00e1zijsk\u00fd jazyk, ktor\u00fdm sa hovor\u00ed hlavne v Kambod\u017ei. V\u010faka svojej analytickej \u0161trukt\u00fare a charakteristick\u00fdm \u010dasticiam si u\u010denie khm\u00e9r\u010diny vy\u017eaduje systematick\u00fd pr\u00edstup k pochopeniu toho, ako sa buduje v\u00fdznam bez sklo\u0148ovania. T\u00e1to pr\u00edru\u010dka na\u010drt\u00e1va k\u013e\u00fa\u010dov\u00e9 oblasti khm\u00e9rskej gramatiky [&hellip;]<\/p>\n","protected":false},"author":20,"featured_media":0,"parent":0,"menu_order":0,"comment_status":"closed","ping_status":"closed","template":"LearningContentPage.php","meta":{"_acf_changed":false,"footnotes":""},"class_list":["post-1477913","page","type-page","status-publish","hentry"],"acf":[],"yoast_head":"<!-- This site is optimized with the Yoast SEO Premium plugin v27.2 (Yoast SEO v27.2) - https:\/\/yoast.com\/product\/yoast-seo-premium-wordpress\/ -->\n<title>Khm\u00e9rske gramatick\u00e9 cvi\u010denia - Talkpal<\/title>\n<meta name=\"description\" content=\"Zlep\u0161ite svoje znalosti pomocou interakt\u00edvnych cvi\u010den\u00ed khm\u00e9rskej gramatiky, ktor\u00e9 v\u00e1m pom\u00f4\u017eu hovori\u0165 a p\u00edsa\u0165 s istotou.\" \/>\n<meta name=\"robots\" content=\"index, follow, max-snippet:-1, max-image-preview:large, max-video-preview:-1\" \/>\n<link rel=\"canonical\" href=\"https:\/\/talkpal.ai\/sk\/khmerske-gramaticke-cvicenia\/\" \/>\n<meta property=\"og:locale\" content=\"sk_SK\" \/>\n<meta property=\"og:type\" content=\"article\" \/>\n<meta property=\"og:title\" content=\"Khm\u00e9rske gramatick\u00e9 cvi\u010denia\" \/>\n<meta property=\"og:description\" content=\"T\u00e9my khm\u00e9rskej gramatiky Nau\u010di\u0165 sa nov\u00fd jazyk m\u00f4\u017ee by\u0165 n\u00e1ro\u010dn\u00e9, ale obohacuj\u00face \u00fasilie. V\u00fdnimkou nie je ani khm\u00e9r\u010dina, rak\u00fasko\u00e1zijsk\u00fd jazyk, ktor\u00fdm sa\" \/>\n<meta property=\"og:url\" content=\"https:\/\/talkpal.ai\/sk\/khmerske-gramaticke-cvicenia\/\" \/>\n<meta property=\"og:site_name\" content=\"Talkpal\" \/>\n<meta property=\"article:publisher\" content=\"https:\/\/www.facebook.com\/profile.php?id=100090733639311\" \/>\n<meta property=\"article:modified_time\" content=\"2025-12-30T14:43:19+00:00\" \/>\n<meta property=\"og:image\" content=\"https:\/\/talkpal.ai\/wp-content\/uploads\/2025\/02\/Progress-tab-16_9.png\" \/>\n\t<meta property=\"og:image:width\" content=\"2880\" \/>\n\t<meta property=\"og:image:height\" content=\"1620\" \/>\n\t<meta property=\"og:image:type\" content=\"image\/png\" \/>\n<meta name=\"twitter:card\" content=\"summary_large_image\" \/>\n<meta name=\"twitter:site\" content=\"@talkpalai\" \/>\n<meta name=\"twitter:label1\" content=\"Predpokladan\u00fd \u010das \u010d\u00edtania\" \/>\n\t<meta name=\"twitter:data1\" content=\"4 min\u00faty\" \/>\n<script type=\"application\/ld+json\" class=\"yoast-schema-graph\">{\"@context\":\"https:\/\/schema.org\",\"@graph\":[{\"@type\":\"WebPage\",\"@id\":\"https:\/\/talkpal.ai\/sk\/khmerske-gramaticke-cvicenia\/\",\"url\":\"https:\/\/talkpal.ai\/sk\/khmerske-gramaticke-cvicenia\/\",\"name\":\"Khm\u00e9rske gramatick\u00e9 cvi\u010denia - Talkpal\",\"isPartOf\":{\"@id\":\"https:\/\/talkpal.ai\/sk\/#website\"},\"datePublished\":\"2025-11-12T11:25:18+00:00\",\"dateModified\":\"2025-12-30T14:43:19+00:00\",\"description\":\"Zlep\u0161ite svoje znalosti pomocou interakt\u00edvnych cvi\u010den\u00ed khm\u00e9rskej gramatiky, ktor\u00e9 v\u00e1m pom\u00f4\u017eu hovori\u0165 a p\u00edsa\u0165 s istotou.\",\"breadcrumb\":{\"@id\":\"https:\/\/talkpal.ai\/sk\/khmerske-gramaticke-cvicenia\/#breadcrumb\"},\"inLanguage\":\"sk-SK\",\"potentialAction\":[{\"@type\":\"ReadAction\",\"target\":[\"https:\/\/talkpal.ai\/sk\/khmerske-gramaticke-cvicenia\/\"]}]},{\"@type\":\"BreadcrumbList\",\"@id\":\"https:\/\/talkpal.ai\/sk\/khmerske-gramaticke-cvicenia\/#breadcrumb\",\"itemListElement\":[{\"@type\":\"ListItem\",\"position\":1,\"name\":\"Homepage\",\"item\":\"https:\/\/talkpal.ai\/sk\/\"},{\"@type\":\"ListItem\",\"position\":2,\"name\":\"Khm\u00e9rske gramatick\u00e9 cvi\u010denia\"}]},{\"@type\":\"WebSite\",\"@id\":\"https:\/\/talkpal.ai\/sk\/#website\",\"url\":\"https:\/\/talkpal.ai\/sk\/\",\"name\":\"Talkpal\",\"description\":\"AI Language Learning\",\"publisher\":{\"@id\":\"https:\/\/talkpal.ai\/sk\/#organization\"},\"alternateName\":\"Talkpal AI\",\"potentialAction\":[{\"@type\":\"SearchAction\",\"target\":{\"@type\":\"EntryPoint\",\"urlTemplate\":\"https:\/\/talkpal.ai\/sk\/?s={search_term_string}\"},\"query-input\":{\"@type\":\"PropertyValueSpecification\",\"valueRequired\":true,\"valueName\":\"search_term_string\"}}],\"inLanguage\":\"sk-SK\"},{\"@type\":\"Organization\",\"@id\":\"https:\/\/talkpal.ai\/sk\/#organization\",\"name\":\"Talkpal, Inc.\",\"alternateName\":\"Talkpal AI\",\"url\":\"https:\/\/talkpal.ai\/sk\/\",\"logo\":{\"@type\":\"ImageObject\",\"inLanguage\":\"sk-SK\",\"@id\":\"https:\/\/talkpal.ai\/sk\/#\/schema\/logo\/image\/\",\"url\":\"https:\/\/talkpal.ai\/wp-content\/uploads\/2024\/03\/Talkpal-Logo-Icon.png\",\"contentUrl\":\"https:\/\/talkpal.ai\/wp-content\/uploads\/2024\/03\/Talkpal-Logo-Icon.png\",\"width\":2880,\"height\":2880,\"caption\":\"Talkpal, Inc.\"},\"image\":{\"@id\":\"https:\/\/talkpal.ai\/sk\/#\/schema\/logo\/image\/\"},\"sameAs\":[\"https:\/\/www.facebook.com\/profile.php?id=100090733639311\",\"https:\/\/x.com\/talkpalai\",\"https:\/\/www.linkedin.com\/company\/talkpal\/\",\"https:\/\/www.youtube.com\/@TalkPal\/\",\"https:\/\/www.tiktok.com\/@talkpal\",\"https:\/\/www.instagram.com\/talkpal_ai\/\",\"https:\/\/www.crunchbase.com\/organization\/talkpal-9cde\",\"https:\/\/www.g2.com\/products\/talkpal-for-business\/\",\"https:\/\/www.trustpilot.com\/review\/talkpal.ai\",\"https:\/\/www.capterra.com\/p\/10006800\/TalkPal\/\"],\"description\":\"Talkpal is a language learning web and mobile education app, powered by the latest AI technologies, that provides engaging experiences to its customers in many different languages to help them improve their language skills. Users can chat about unlimited amount of topics with the app and use other modes to practice their language learning.\",\"email\":\"support@talkpal.ai\",\"legalName\":\"Talkpal, Inc.\",\"foundingDate\":\"2023-04-03\",\"duns\":\"118989042\",\"numberOfEmployees\":{\"@type\":\"QuantitativeValue\",\"minValue\":\"11\",\"maxValue\":\"50\"},\"publishingPrinciples\":\"https:\/\/talkpal.ai\/publishing-principles\/\",\"actionableFeedbackPolicy\":\"https:\/\/talkpal.ai\/actionable-feedback-policy\/\",\"correctionsPolicy\":\"https:\/\/talkpal.ai\/corrections-policy\/\",\"ethicsPolicy\":\"https:\/\/talkpal.ai\/ethics-policy\/\",\"diversityPolicy\":\"https:\/\/talkpal.ai\/diversity-policy\/\",\"diversityStaffingReport\":\"https:\/\/talkpal.ai\/diversity-policy\/\"}]}<\/script>\n<!-- \/ Yoast SEO Premium plugin. -->","yoast_head_json":{"title":"Khm\u00e9rske gramatick\u00e9 cvi\u010denia - Talkpal","description":"Zlep\u0161ite svoje znalosti pomocou interakt\u00edvnych cvi\u010den\u00ed khm\u00e9rskej gramatiky, ktor\u00e9 v\u00e1m pom\u00f4\u017eu hovori\u0165 a p\u00edsa\u0165 s istotou.","robots":{"index":"index","follow":"follow","max-snippet":"max-snippet:-1","max-image-preview":"max-image-preview:large","max-video-preview":"max-video-preview:-1"},"canonical":"https:\/\/talkpal.ai\/sk\/khmerske-gramaticke-cvicenia\/","og_locale":"sk_SK","og_type":"article","og_title":"Khm\u00e9rske gramatick\u00e9 cvi\u010denia","og_description":"T\u00e9my khm\u00e9rskej gramatiky Nau\u010di\u0165 sa nov\u00fd jazyk m\u00f4\u017ee by\u0165 n\u00e1ro\u010dn\u00e9, ale obohacuj\u00face \u00fasilie. V\u00fdnimkou nie je ani khm\u00e9r\u010dina, rak\u00fasko\u00e1zijsk\u00fd jazyk, ktor\u00fdm sa","og_url":"https:\/\/talkpal.ai\/sk\/khmerske-gramaticke-cvicenia\/","og_site_name":"Talkpal","article_publisher":"https:\/\/www.facebook.com\/profile.php?id=100090733639311","article_modified_time":"2025-12-30T14:43:19+00:00","og_image":[{"width":2880,"height":1620,"url":"https:\/\/talkpal.ai\/wp-content\/uploads\/2025\/02\/Progress-tab-16_9.png","type":"image\/png"}],"twitter_card":"summary_large_image","twitter_site":"@talkpalai","twitter_misc":{"Predpokladan\u00fd \u010das \u010d\u00edtania":"4 min\u00faty"},"schema":{"@context":"https:\/\/schema.org","@graph":[{"@type":"WebPage","@id":"https:\/\/talkpal.ai\/sk\/khmerske-gramaticke-cvicenia\/","url":"https:\/\/talkpal.ai\/sk\/khmerske-gramaticke-cvicenia\/","name":"Khm\u00e9rske gramatick\u00e9 cvi\u010denia - Talkpal","isPartOf":{"@id":"https:\/\/talkpal.ai\/sk\/#website"},"datePublished":"2025-11-12T11:25:18+00:00","dateModified":"2025-12-30T14:43:19+00:00","description":"Zlep\u0161ite svoje znalosti pomocou interakt\u00edvnych cvi\u010den\u00ed khm\u00e9rskej gramatiky, ktor\u00e9 v\u00e1m pom\u00f4\u017eu hovori\u0165 a p\u00edsa\u0165 s istotou.","breadcrumb":{"@id":"https:\/\/talkpal.ai\/sk\/khmerske-gramaticke-cvicenia\/#breadcrumb"},"inLanguage":"sk-SK","potentialAction":[{"@type":"ReadAction","target":["https:\/\/talkpal.ai\/sk\/khmerske-gramaticke-cvicenia\/"]}]},{"@type":"BreadcrumbList","@id":"https:\/\/talkpal.ai\/sk\/khmerske-gramaticke-cvicenia\/#breadcrumb","itemListElement":[{"@type":"ListItem","position":1,"name":"Homepage","item":"https:\/\/talkpal.ai\/sk\/"},{"@type":"ListItem","position":2,"name":"Khm\u00e9rske gramatick\u00e9 cvi\u010denia"}]},{"@type":"WebSite","@id":"https:\/\/talkpal.ai\/sk\/#website","url":"https:\/\/talkpal.ai\/sk\/","name":"Talkpal","description":"AI Language Learning","publisher":{"@id":"https:\/\/talkpal.ai\/sk\/#organization"},"alternateName":"Talkpal AI","potentialAction":[{"@type":"SearchAction","target":{"@type":"EntryPoint","urlTemplate":"https:\/\/talkpal.ai\/sk\/?s={search_term_string}"},"query-input":{"@type":"PropertyValueSpecification","valueRequired":true,"valueName":"search_term_string"}}],"inLanguage":"sk-SK"},{"@type":"Organization","@id":"https:\/\/talkpal.ai\/sk\/#organization","name":"Talkpal, Inc.","alternateName":"Talkpal AI","url":"https:\/\/talkpal.ai\/sk\/","logo":{"@type":"ImageObject","inLanguage":"sk-SK","@id":"https:\/\/talkpal.ai\/sk\/#\/schema\/logo\/image\/","url":"https:\/\/talkpal.ai\/wp-content\/uploads\/2024\/03\/Talkpal-Logo-Icon.png","contentUrl":"https:\/\/talkpal.ai\/wp-content\/uploads\/2024\/03\/Talkpal-Logo-Icon.png","width":2880,"height":2880,"caption":"Talkpal, Inc."},"image":{"@id":"https:\/\/talkpal.ai\/sk\/#\/schema\/logo\/image\/"},"sameAs":["https:\/\/www.facebook.com\/profile.php?id=100090733639311","https:\/\/x.com\/talkpalai","https:\/\/www.linkedin.com\/company\/talkpal\/","https:\/\/www.youtube.com\/@TalkPal\/","https:\/\/www.tiktok.com\/@talkpal","https:\/\/www.instagram.com\/talkpal_ai\/","https:\/\/www.crunchbase.com\/organization\/talkpal-9cde","https:\/\/www.g2.com\/products\/talkpal-for-business\/","https:\/\/www.trustpilot.com\/review\/talkpal.ai","https:\/\/www.capterra.com\/p\/10006800\/TalkPal\/"],"description":"Talkpal is a language learning web and mobile education app, powered by the latest AI technologies, that provides engaging experiences to its customers in many different languages to help them improve their language skills. Users can chat about unlimited amount of topics with the app and use other modes to practice their language learning.","email":"support@talkpal.ai","legalName":"Talkpal, Inc.","foundingDate":"2023-04-03","duns":"118989042","numberOfEmployees":{"@type":"QuantitativeValue","minValue":"11","maxValue":"50"},"publishingPrinciples":"https:\/\/talkpal.ai\/publishing-principles\/","actionableFeedbackPolicy":"https:\/\/talkpal.ai\/actionable-feedback-policy\/","correctionsPolicy":"https:\/\/talkpal.ai\/corrections-policy\/","ethicsPolicy":"https:\/\/talkpal.ai\/ethics-policy\/","diversityPolicy":"https:\/\/talkpal.ai\/diversity-policy\/","diversityStaffingReport":"https:\/\/talkpal.ai\/diversity-policy\/"}]}},"_links":{"self":[{"href":"https:\/\/talkpal.ai\/sk\/wp-json\/wp\/v2\/pages\/1477913","targetHints":{"allow":["GET"]}}],"collection":[{"href":"https:\/\/talkpal.ai\/sk\/wp-json\/wp\/v2\/pages"}],"about":[{"href":"https:\/\/talkpal.ai\/sk\/wp-json\/wp\/v2\/types\/page"}],"author":[{"embeddable":true,"href":"https:\/\/talkpal.ai\/sk\/wp-json\/wp\/v2\/users\/20"}],"replies":[{"embeddable":true,"href":"https:\/\/talkpal.ai\/sk\/wp-json\/wp\/v2\/comments?post=1477913"}],"version-history":[{"count":0,"href":"https:\/\/talkpal.ai\/sk\/wp-json\/wp\/v2\/pages\/1477913\/revisions"}],"wp:attachment":[{"href":"https:\/\/talkpal.ai\/sk\/wp-json\/wp\/v2\/media?parent=1477913"}],"curies":[{"name":"wp","href":"https:\/\/api.w.org\/{rel}","templated":true}]}}