{"id":1477881,"date":"2025-11-12T10:09:39","date_gmt":"2025-11-12T10:09:39","guid":{"rendered":"https:\/\/talkpal.ai\/cvicenia-z-javskej-gramatiky\/"},"modified":"2025-12-30T14:36:20","modified_gmt":"2025-12-30T14:36:20","slug":"cvicenia-z-javskej-gramatiky","status":"publish","type":"page","link":"https:\/\/talkpal.ai\/sk\/cvicenia-z-javskej-gramatiky\/","title":{"rendered":"Cvi\u010denia z j\u00e1vskej gramatiky"},"content":{"rendered":"\r\n\r\n\r\n<section class=\"languageChallengeSection\">\r\n    <div class=\"languageInfoWrapper\">\r\n        \r\n        <h1>Cvi\u010denia z j\u00e1vskej gramatiky<\/h1>\r\n        <p>Ste pripraven\u00ed ponori\u0165 sa do j\u00e1vskej gramatiky? Precvi\u010denie nieko\u013ek\u00fdch z\u00e1kladov v\u00e1m pom\u00f4\u017ee pohodlne ovl\u00e1da\u0165 tento jedine\u010dn\u00fd a kr\u00e1sny jazyk. Vysk\u00fa\u0161ajte tieto cvi\u010denia, aby ste si vybudovali sebad\u00f4veru a zabavili sa pri tom!<\/p>\r\n\r\n                            <a class=\"getStartedHidden\" href=\"https:\/\/app.talkpal.ai\/sk\/signup?lng=\">Za\u010dni<\/a>\r\n        \r\n    <\/div>\r\n\r\n    <figure>\r\n    <img decoding=\"async\" width=\"768\" height=\"768\" src=\"https:\/\/talkpal.ai\/wp-content\/uploads\/2023\/06\/welsh-768x768.png\" class=\"languageImage no-lazy\" alt=\"Language learning for better cognitive abilities\" fetchpriority=\"high\" sizes=\"(max-width: 768px) 150px, 768px\" srcset=\"https:\/\/talkpal.ai\/wp-content\/uploads\/2023\/06\/welsh-768x768.png 768w, https:\/\/talkpal.ai\/wp-content\/uploads\/2023\/06\/welsh-300x300.png 300w\" \/>\r\n    \r\n\r\n    <\/figure>\r\n\r\n            <a class=\"getStartedVisible\" href=\"https:\/\/app.talkpal.ai\/sk\/signup?lng=\">Za\u010dni<\/a>\r\n    \r\n<\/section><section class=\"promotionalBanner\">\r\n    <p class=\"promotionalText\">Najefekt\u00edvnej\u0161\u00ed sp\u00f4sob, ako sa nau\u010di\u0165 jazyk<\/p>\r\n    <a class=\"promotionalLink\" href=\"https:\/\/app.talkpal.ai\/sk\/signup?lng=\">Vysk\u00fa\u0161ajte Talkpal zadarmo<\/a>\r\n<\/section>\n<div class=\"wp-block-group pageContainerStyle\"><div class=\"wp-block-group__inner-container is-layout-constrained wp-block-group-is-layout-constrained\">\n<h2 class=\"wp-block-heading\" id=\"h-javanese-grammar-topics\">T\u00e9my j\u00e1vskej gramatiky<\/h2>\n\n\n\n<p><a href=\"https:\/\/talkpal.ai\/sk\/najvacsie-chyby-ktorych-sa-treba-vyvarovat-pri-uceni-sa-noveho-jazyka\/\">Nau\u010di\u0165 sa nov\u00fd jazyk <\/a>m\u00f4\u017ee by\u0165 n\u00e1ro\u010dn\u00e9, ale obohacuj\u00face \u00fasilie. V\u00fdnimkou nie je ani jav\u00e1n\u010dina, austron\u00e9zsky jazyk, ktor\u00fdm sa hovor\u00ed hlavne na ostrove J\u00e1va. V\u010faka svojim jedine\u010dn\u00fdm vlastnostiam, ako s\u00fa \u00farovne re\u010di a afix\u00e1cia, <a href=\"https:\/\/talkpal.ai\/sk\/talkpal-pre-vzdelavanie\/\">si u\u010denie<\/a> jav\u00e1n\u010diny vy\u017eaduje systematick\u00fd pr\u00edstup k pochopeniu jej gramatiky. T\u00e1to pr\u00edru\u010dka na\u010drt\u00e1va k\u013e\u00fa\u010dov\u00e9 oblasti <a href=\"https:\/\/talkpal.ai\/sk\/javska-gramatika\/\">j\u00e1vskej gramatiky<\/a> v logickom porad\u00ed pre <a href=\"https:\/\/talkpal.ai\/sk\/chatbot-s-umelou-inteligenciou-na-ucenie-jazykov\/\">u\u010denie sa jazykov<\/a>, po\u010dn\u00fac z\u00e1kladmi, ako s\u00fa podstatn\u00e9 men\u00e1 a \u010dleny, a pokra\u010duj\u00fac k zlo\u017eitej\u0161\u00edm oblastiam, ako s\u00fa \u010dasy a kon\u0161trukcia viet.<\/p>\n\n\n\n<h3 class=\"wp-block-heading\" id=\"h-1-nouns\">1. Podstatn\u00e9 men\u00e1:<\/h3>\n\n\n\n<p>Za\u010dnite svoju cestu j\u00e1vskym jazykom u\u010den\u00edm sa podstatn\u00fdch mien. To zah\u0155\u0148a pochopenie r\u00f4znych kateg\u00f3ri\u00ed podstatn\u00fdch mien, ako s\u00fa be\u017en\u00e9 a vlastn\u00e9 podstatn\u00e9 men\u00e1, ako aj to, ako sa mno\u017en\u00e9 \u010d\u00edslo vyjadruje reduplik\u00e1ciou alebo kvantifik\u00e1tormi.<\/p>\n\n\n\n<h3 class=\"wp-block-heading\" id=\"h-2-articles\">2. \u010cl\u00e1nky:<\/h3>\n\n\n\n<p>\u010cl\u00e1nky v j\u00e1vskom jazyku sa nepou\u017e\u00edvaj\u00fa ako v <a href=\"https:\/\/talkpal.ai\/ai-english-speaking-practice\/\">angli\u010dtine<\/a>. Pochopenie toho, ako ozna\u010di\u0165 ur\u010ditos\u0165 ur\u010ditou pr\u00edponou -e alebo -ne a ukazovac\u00edmi znakmi, ako s\u00fa iki this a iku, je rozhoduj\u00face pri stavbe viet.<\/p>\n\n\n\n<h3 class=\"wp-block-heading\" id=\"h-3-adjectives\">3. Pr\u00eddavn\u00e9 men\u00e1:<\/h3>\n\n\n\n<p>Pr\u00eddavn\u00e9 men\u00e1 v j\u00e1v\u010dine zvy\u010dajne nasleduj\u00fa za podstatn\u00fdmi menami, \u010do sa l\u00ed\u0161i od angli\u010dtiny. Budete sa tie\u017e musie\u0165 nau\u010di\u0165, ako vytvori\u0165 porovnanie s luwih pre porovn\u00e1vanie a blednutie pre superlat\u00edv a ako reduplik\u00e1cia alebo zosil\u0148ova\u010de, ako je banget, pren\u00e1\u0161aj\u00fa stupe\u0148.<\/p>\n\n\n\n<h3 class=\"wp-block-heading\" id=\"h-4-pronouns-determiners\">4. Z\u00e1men\u00e1\/determin\u00e1tory:<\/h3>\n\n\n\n<p>Z\u00e1men\u00e1 a determinanty s\u00fa v j\u00e1v\u010dine nevyhnutn\u00e9; nahr\u00e1dzaj\u00fa podstatn\u00e9 men\u00e1 a poskytuj\u00fa inform\u00e1cie o mno\u017estve, vlastn\u00edctve a \u010fal\u0161\u00edch. Ich spr\u00e1vne pou\u017e\u00edvanie naprie\u010d \u00farov\u0148ami re\u010di, ako s\u00fa ngoko, madya a krama, je nevyhnutn\u00e9 pre efekt\u00edvnu komunik\u00e1ciu.<\/p>\n\n\n\n<h3 class=\"wp-block-heading\" id=\"h-5-verbs\">5. Sloves\u00e1:<\/h3>\n\n\n\n<p>J\u00e1vske sloves\u00e1 sa nesklo\u0148uj\u00fa pre osobu alebo \u010d\u00edslo, ale vykazuj\u00fa hlas a odvodenie s pr\u00edponami. Za\u010dnite s akt\u00edvnymi a pas\u00edvnymi vzormi ako N- a di- a postupne sk\u00famajte \u010fal\u0161ie formy a klitiky, ako s\u00fa tak- a ke-.<\/p>\n\n\n\n<h3 class=\"wp-block-heading\" id=\"h-6-tenses\">6. \u010casy:<\/h3>\n\n\n\n<p>Po zvl\u00e1dnut\u00ed slovesn\u00fdch tvarov sa ponorte hlb\u0161ie do toho, ako j\u00e1v\u010dina vyjadruje \u010das sk\u00f4r aspektom a modalitou ako \u010dasom. To zah\u0155\u0148a pochopenie zna\u010diek ako wis perfective, durung not yet, lagi progressive a arep alebo bakal future a ako sa pou\u017e\u00edvaj\u00fa v r\u00f4znych kontextoch.<\/p>\n\n\n\n<h3 class=\"wp-block-heading\" id=\"h-7-tense-comparison\">7. Nap\u00e4t\u00e9 porovnanie:<\/h3>\n\n\n\n<p>Porovn\u00e1vanie v\u00fdrazov aspektov a \u010dasu v j\u00e1v\u010dine pom\u00e1ha pochopi\u0165 postupnos\u0165 udalost\u00ed. Porovnanie toho ist\u00e9ho slovesa so zna\u010dkami ako wis, lagi a bakal spolu s \u010dasov\u00fdmi pr\u00edslovkami ako <a href=\"https:\/\/talkpal.ai\/locations\/language-courses-in-saiki\/\">saiki<\/a> now, wingi yesterday a sesuk tomorrow poskytne lep\u0161ie pochopenie jazyka.<\/p>\n\n\n\n<h3 class=\"wp-block-heading\" id=\"h-8-progressive\">8. Progres\u00edvne:<\/h3>\n\n\n\n<p>Progres\u00edvny v j\u00e1v\u010dine sa pou\u017e\u00edva na vyjadrenie prebiehaj\u00facich \u010dinov. Vznik\u00e1 pou\u017eit\u00edm \u010dastice lagi pred slovesom s form\u00e1lnymi ekvivalentmi, ako je nembe vo vy\u0161\u0161\u00edch registroch.<\/p>\n\n\n\n<h3 class=\"wp-block-heading\" id=\"h-9-perfect-progressive\">9. Perfektne progres\u00edvne:<\/h3>\n\n\n\n<p>Tento v\u00fdznam sa pou\u017e\u00edva na vyjadrenie akci\u00ed, ktor\u00e9 prebiehali a\u017e do ur\u010dit\u00e9ho bodu. V j\u00e1v\u010dine sa be\u017ene vyjadruje pomocou wis plus trvacej fr\u00e1zy, ako je suwe long time, za ktorou nasleduje sloveso, alebo s kon\u0161trukciami pou\u017e\u00edvaj\u00facimi saka since a nganti until.<\/p>\n\n\n\n<h3 class=\"wp-block-heading\" id=\"h-10-conditionals\">10. Podmienky:<\/h3>\n\n\n\n<p>Podmienen\u00e9 vyjadruj\u00fa hypotetick\u00e9 situ\u00e1cie a ich mo\u017en\u00e9 v\u00fdsledky. S\u00fa d\u00f4le\u017eitou s\u00fa\u010das\u0165ou j\u00e1vskej gramatiky a s\u00fa tvoren\u00e9 spojkami ako yen alebo nek if a \u010dasto pou\u017e\u00edvaj\u00fa prvky ako mesthi na zobrazenie o\u010dak\u00e1van\u00fdch v\u00fdsledkov, pri\u010dom kontrafaktu\u00e1ly s\u00fa vyjadren\u00e9 pomocou umpama alebo seandine.<\/p>\n\n\n\n<h3 class=\"wp-block-heading\" id=\"h-11-adverbs\">11. Pr\u00edslovky:<\/h3>\n\n\n\n<p>Pr\u00edslovky v j\u00e1v\u010dine upravuj\u00fa sloves\u00e1, pr\u00eddavn\u00e9 men\u00e1 alebo in\u00e9 pr\u00edslovky. Poskytuj\u00fa inform\u00e1cie o sp\u00f4sobe, mieste, \u010dase, stupni a \u010fal\u0161\u00edch, \u010dasto pou\u017e\u00edvaj\u00fa slov\u00e1 ako kanthi pre sp\u00f4sob, saiki pre s\u00fa\u010dasnos\u0165, kene pre tu a banget alebo sanget pre titul.<\/p>\n\n\n\n<h3 class=\"wp-block-heading\" id=\"h-12-prepositions\">12. Predlo\u017eky:<\/h3>\n\n\n\n<p>Predlo\u017eky sp\u00e1jaj\u00fa slov\u00e1 a fr\u00e1zy dohromady. Vyjadruj\u00fa vz\u0165ahy \u010dasu, miesta, smeru a \u010fal\u0161\u00edch vec\u00ed so spolo\u010dn\u00fdmi polo\u017ekami vr\u00e1tane ing alebo ning at alebo in, saka from, marang alebo menyang to, karo with a kanggo for.<\/p>\n\n\n\n<h3 class=\"wp-block-heading\" id=\"h-13-sentences\">13. Vety:<\/h3>\n\n\n\n<p>Nakoniec si precvi\u010dte kon\u0161trukciu viet. To bude zah\u0155\u0148a\u0165 pou\u017eitie v\u0161etk\u00fdch predt\u00fdm nau\u010den\u00fdch gramatick\u00fdch bodov v kontexte, vr\u00e1tane z\u00e1kladn\u00e9ho poradia SVO, neg\u00e1cie s ora a dudu a formul\u00e1rov ot\u00e1zok s apa, \u010d\u00edm sa zabezpe\u010d\u00ed komplexn\u00e9 pochopenie j\u00e1vskeho jazyka.<\/p>\n<\/div><\/div>\n\r\n<section class=\"learnNavigationSection\">\r\n            \r\n        <a href=\"https:\/\/talkpal.ai\/sk\/naucte-sa-javcinu\/\">\r\n            <div class=\"learnNavigationWrapper\">\r\n                <div class=\"learnNavigationContent\">\r\n                    <img decoding=\"async\" src=\"https:\/\/talkpal.ai\/wp-content\/uploads\/2025\/11\/Javanese.png\" alt=\"Indonesian Flag\">\r\n                    <div>\r\n                        <h4>O v\u00fdu\u010dbe j\u00e1v\u010diny<\/h4>\r\n                        <p>Zistite v\u0161etko o j\u00e1vskej gramatike.<\/p>\r\n                    <\/div>\r\n                <\/div>\r\n            <\/div>\r\n        <\/a>\r\n\r\n        \r\n        <a href=\"https:\/\/talkpal.ai\/sk\/javska-gramatika\/\">\r\n            <div class=\"learnNavigationWrapper\">\r\n                <div class=\"learnNavigationContent\">\r\n                    <img decoding=\"async\" src=\"https:\/\/talkpal.ai\/wp-content\/uploads\/2025\/11\/Javanese.png\" alt=\"Indonesian Flag\">\r\n                    <div>\r\n                        <h4>Lekcie j\u00e1vskej gramatiky<\/h4>\r\n                        <p>Precvi\u010dte si j\u00e1vsku gramatiku.<\/p>\r\n                    <\/div>\r\n                <\/div>\r\n            <\/div>\r\n        <\/a>\r\n\r\n            <\/section>","protected":false},"excerpt":{"rendered":"<p>T\u00e9my j\u00e1vskej gramatiky Nau\u010di\u0165 sa nov\u00fd jazyk m\u00f4\u017ee by\u0165 n\u00e1ro\u010dn\u00e9, ale obohacuj\u00face \u00fasilie. V\u00fdnimkou nie je ani jav\u00e1n\u010dina, austron\u00e9zsky jazyk, ktor\u00fdm sa hovor\u00ed hlavne na ostrove J\u00e1va. V\u010faka svojim jedine\u010dn\u00fdm vlastnostiam, ako s\u00fa \u00farovne re\u010di a afix\u00e1cia, si u\u010denie jav\u00e1n\u010diny vy\u017eaduje systematick\u00fd pr\u00edstup k pochopeniu jej gramatiky. T\u00e1to pr\u00edru\u010dka na\u010drt\u00e1va k\u013e\u00fa\u010dov\u00e9 oblasti j\u00e1vskej gramatiky v [&hellip;]<\/p>\n","protected":false},"author":20,"featured_media":0,"parent":0,"menu_order":0,"comment_status":"closed","ping_status":"closed","template":"LearningContentPage.php","meta":{"_acf_changed":false,"footnotes":""},"class_list":["post-1477881","page","type-page","status-publish","hentry"],"acf":[],"yoast_head":"<!-- This site is optimized with the Yoast SEO Premium plugin v27.2 (Yoast SEO v27.2) - https:\/\/yoast.com\/product\/yoast-seo-premium-wordpress\/ -->\n<title>Cvi\u010denia z j\u00e1vskej gramatiky - Talkpal<\/title>\n<meta name=\"description\" content=\"Ovl\u00e1dnite j\u00e1vsku gramatiku pomocou interakt\u00edvnych cvi\u010den\u00ed, ktor\u00e9 v\u00e1m pom\u00f4\u017eu precvi\u010di\u0165 podstatn\u00e9 men\u00e1, sloves\u00e1 a vetn\u00e9 kon\u0161trukcie.\" \/>\n<meta name=\"robots\" content=\"index, follow, max-snippet:-1, max-image-preview:large, max-video-preview:-1\" \/>\n<link rel=\"canonical\" href=\"https:\/\/talkpal.ai\/sk\/cvicenia-z-javskej-gramatiky\/\" \/>\n<meta property=\"og:locale\" content=\"sk_SK\" \/>\n<meta property=\"og:type\" content=\"article\" \/>\n<meta property=\"og:title\" content=\"Cvi\u010denia z j\u00e1vskej gramatiky\" \/>\n<meta property=\"og:description\" content=\"T\u00e9my j\u00e1vskej gramatiky Nau\u010di\u0165 sa nov\u00fd jazyk m\u00f4\u017ee by\u0165 n\u00e1ro\u010dn\u00e9, ale obohacuj\u00face \u00fasilie. V\u00fdnimkou nie je ani jav\u00e1n\u010dina, austron\u00e9zsky jazyk, ktor\u00fdm sa hovor\u00ed\" \/>\n<meta property=\"og:url\" content=\"https:\/\/talkpal.ai\/sk\/cvicenia-z-javskej-gramatiky\/\" \/>\n<meta property=\"og:site_name\" content=\"Talkpal\" \/>\n<meta property=\"article:publisher\" content=\"https:\/\/www.facebook.com\/profile.php?id=100090733639311\" \/>\n<meta property=\"article:modified_time\" content=\"2025-12-30T14:36:20+00:00\" \/>\n<meta property=\"og:image\" content=\"https:\/\/talkpal.ai\/wp-content\/uploads\/2025\/02\/Progress-tab-16_9.png\" \/>\n\t<meta property=\"og:image:width\" content=\"2880\" \/>\n\t<meta property=\"og:image:height\" content=\"1620\" \/>\n\t<meta property=\"og:image:type\" content=\"image\/png\" \/>\n<meta name=\"twitter:card\" content=\"summary_large_image\" \/>\n<meta name=\"twitter:site\" content=\"@talkpalai\" \/>\n<meta name=\"twitter:label1\" content=\"Predpokladan\u00fd \u010das \u010d\u00edtania\" \/>\n\t<meta name=\"twitter:data1\" content=\"4 min\u00faty\" \/>\n<script type=\"application\/ld+json\" class=\"yoast-schema-graph\">{\"@context\":\"https:\/\/schema.org\",\"@graph\":[{\"@type\":\"WebPage\",\"@id\":\"https:\/\/talkpal.ai\/sk\/cvicenia-z-javskej-gramatiky\/\",\"url\":\"https:\/\/talkpal.ai\/sk\/cvicenia-z-javskej-gramatiky\/\",\"name\":\"Cvi\u010denia z j\u00e1vskej gramatiky - Talkpal\",\"isPartOf\":{\"@id\":\"https:\/\/talkpal.ai\/sk\/#website\"},\"datePublished\":\"2025-11-12T10:09:39+00:00\",\"dateModified\":\"2025-12-30T14:36:20+00:00\",\"description\":\"Ovl\u00e1dnite j\u00e1vsku gramatiku pomocou interakt\u00edvnych cvi\u010den\u00ed, ktor\u00e9 v\u00e1m pom\u00f4\u017eu precvi\u010di\u0165 podstatn\u00e9 men\u00e1, sloves\u00e1 a vetn\u00e9 kon\u0161trukcie.\",\"breadcrumb\":{\"@id\":\"https:\/\/talkpal.ai\/sk\/cvicenia-z-javskej-gramatiky\/#breadcrumb\"},\"inLanguage\":\"sk-SK\",\"potentialAction\":[{\"@type\":\"ReadAction\",\"target\":[\"https:\/\/talkpal.ai\/sk\/cvicenia-z-javskej-gramatiky\/\"]}]},{\"@type\":\"BreadcrumbList\",\"@id\":\"https:\/\/talkpal.ai\/sk\/cvicenia-z-javskej-gramatiky\/#breadcrumb\",\"itemListElement\":[{\"@type\":\"ListItem\",\"position\":1,\"name\":\"Homepage\",\"item\":\"https:\/\/talkpal.ai\/sk\/\"},{\"@type\":\"ListItem\",\"position\":2,\"name\":\"Cvi\u010denia z j\u00e1vskej gramatiky\"}]},{\"@type\":\"WebSite\",\"@id\":\"https:\/\/talkpal.ai\/sk\/#website\",\"url\":\"https:\/\/talkpal.ai\/sk\/\",\"name\":\"Talkpal\",\"description\":\"AI Language Learning\",\"publisher\":{\"@id\":\"https:\/\/talkpal.ai\/sk\/#organization\"},\"alternateName\":\"Talkpal AI\",\"potentialAction\":[{\"@type\":\"SearchAction\",\"target\":{\"@type\":\"EntryPoint\",\"urlTemplate\":\"https:\/\/talkpal.ai\/sk\/?s={search_term_string}\"},\"query-input\":{\"@type\":\"PropertyValueSpecification\",\"valueRequired\":true,\"valueName\":\"search_term_string\"}}],\"inLanguage\":\"sk-SK\"},{\"@type\":\"Organization\",\"@id\":\"https:\/\/talkpal.ai\/sk\/#organization\",\"name\":\"Talkpal, Inc.\",\"alternateName\":\"Talkpal AI\",\"url\":\"https:\/\/talkpal.ai\/sk\/\",\"logo\":{\"@type\":\"ImageObject\",\"inLanguage\":\"sk-SK\",\"@id\":\"https:\/\/talkpal.ai\/sk\/#\/schema\/logo\/image\/\",\"url\":\"https:\/\/talkpal.ai\/wp-content\/uploads\/2024\/03\/Talkpal-Logo-Icon.png\",\"contentUrl\":\"https:\/\/talkpal.ai\/wp-content\/uploads\/2024\/03\/Talkpal-Logo-Icon.png\",\"width\":2880,\"height\":2880,\"caption\":\"Talkpal, Inc.\"},\"image\":{\"@id\":\"https:\/\/talkpal.ai\/sk\/#\/schema\/logo\/image\/\"},\"sameAs\":[\"https:\/\/www.facebook.com\/profile.php?id=100090733639311\",\"https:\/\/x.com\/talkpalai\",\"https:\/\/www.linkedin.com\/company\/talkpal\/\",\"https:\/\/www.youtube.com\/@TalkPal\/\",\"https:\/\/www.tiktok.com\/@talkpal\",\"https:\/\/www.instagram.com\/talkpal_ai\/\",\"https:\/\/www.crunchbase.com\/organization\/talkpal-9cde\",\"https:\/\/www.g2.com\/products\/talkpal-for-business\/\",\"https:\/\/www.trustpilot.com\/review\/talkpal.ai\",\"https:\/\/www.capterra.com\/p\/10006800\/TalkPal\/\"],\"description\":\"Talkpal is a language learning web and mobile education app, powered by the latest AI technologies, that provides engaging experiences to its customers in many different languages to help them improve their language skills. Users can chat about unlimited amount of topics with the app and use other modes to practice their language learning.\",\"email\":\"support@talkpal.ai\",\"legalName\":\"Talkpal, Inc.\",\"foundingDate\":\"2023-04-03\",\"duns\":\"118989042\",\"numberOfEmployees\":{\"@type\":\"QuantitativeValue\",\"minValue\":\"11\",\"maxValue\":\"50\"},\"publishingPrinciples\":\"https:\/\/talkpal.ai\/publishing-principles\/\",\"actionableFeedbackPolicy\":\"https:\/\/talkpal.ai\/actionable-feedback-policy\/\",\"correctionsPolicy\":\"https:\/\/talkpal.ai\/corrections-policy\/\",\"ethicsPolicy\":\"https:\/\/talkpal.ai\/ethics-policy\/\",\"diversityPolicy\":\"https:\/\/talkpal.ai\/diversity-policy\/\",\"diversityStaffingReport\":\"https:\/\/talkpal.ai\/diversity-policy\/\"}]}<\/script>\n<!-- \/ Yoast SEO Premium plugin. -->","yoast_head_json":{"title":"Cvi\u010denia z j\u00e1vskej gramatiky - Talkpal","description":"Ovl\u00e1dnite j\u00e1vsku gramatiku pomocou interakt\u00edvnych cvi\u010den\u00ed, ktor\u00e9 v\u00e1m pom\u00f4\u017eu precvi\u010di\u0165 podstatn\u00e9 men\u00e1, sloves\u00e1 a vetn\u00e9 kon\u0161trukcie.","robots":{"index":"index","follow":"follow","max-snippet":"max-snippet:-1","max-image-preview":"max-image-preview:large","max-video-preview":"max-video-preview:-1"},"canonical":"https:\/\/talkpal.ai\/sk\/cvicenia-z-javskej-gramatiky\/","og_locale":"sk_SK","og_type":"article","og_title":"Cvi\u010denia z j\u00e1vskej gramatiky","og_description":"T\u00e9my j\u00e1vskej gramatiky Nau\u010di\u0165 sa nov\u00fd jazyk m\u00f4\u017ee by\u0165 n\u00e1ro\u010dn\u00e9, ale obohacuj\u00face \u00fasilie. V\u00fdnimkou nie je ani jav\u00e1n\u010dina, austron\u00e9zsky jazyk, ktor\u00fdm sa hovor\u00ed","og_url":"https:\/\/talkpal.ai\/sk\/cvicenia-z-javskej-gramatiky\/","og_site_name":"Talkpal","article_publisher":"https:\/\/www.facebook.com\/profile.php?id=100090733639311","article_modified_time":"2025-12-30T14:36:20+00:00","og_image":[{"width":2880,"height":1620,"url":"https:\/\/talkpal.ai\/wp-content\/uploads\/2025\/02\/Progress-tab-16_9.png","type":"image\/png"}],"twitter_card":"summary_large_image","twitter_site":"@talkpalai","twitter_misc":{"Predpokladan\u00fd \u010das \u010d\u00edtania":"4 min\u00faty"},"schema":{"@context":"https:\/\/schema.org","@graph":[{"@type":"WebPage","@id":"https:\/\/talkpal.ai\/sk\/cvicenia-z-javskej-gramatiky\/","url":"https:\/\/talkpal.ai\/sk\/cvicenia-z-javskej-gramatiky\/","name":"Cvi\u010denia z j\u00e1vskej gramatiky - Talkpal","isPartOf":{"@id":"https:\/\/talkpal.ai\/sk\/#website"},"datePublished":"2025-11-12T10:09:39+00:00","dateModified":"2025-12-30T14:36:20+00:00","description":"Ovl\u00e1dnite j\u00e1vsku gramatiku pomocou interakt\u00edvnych cvi\u010den\u00ed, ktor\u00e9 v\u00e1m pom\u00f4\u017eu precvi\u010di\u0165 podstatn\u00e9 men\u00e1, sloves\u00e1 a vetn\u00e9 kon\u0161trukcie.","breadcrumb":{"@id":"https:\/\/talkpal.ai\/sk\/cvicenia-z-javskej-gramatiky\/#breadcrumb"},"inLanguage":"sk-SK","potentialAction":[{"@type":"ReadAction","target":["https:\/\/talkpal.ai\/sk\/cvicenia-z-javskej-gramatiky\/"]}]},{"@type":"BreadcrumbList","@id":"https:\/\/talkpal.ai\/sk\/cvicenia-z-javskej-gramatiky\/#breadcrumb","itemListElement":[{"@type":"ListItem","position":1,"name":"Homepage","item":"https:\/\/talkpal.ai\/sk\/"},{"@type":"ListItem","position":2,"name":"Cvi\u010denia z j\u00e1vskej gramatiky"}]},{"@type":"WebSite","@id":"https:\/\/talkpal.ai\/sk\/#website","url":"https:\/\/talkpal.ai\/sk\/","name":"Talkpal","description":"AI Language Learning","publisher":{"@id":"https:\/\/talkpal.ai\/sk\/#organization"},"alternateName":"Talkpal AI","potentialAction":[{"@type":"SearchAction","target":{"@type":"EntryPoint","urlTemplate":"https:\/\/talkpal.ai\/sk\/?s={search_term_string}"},"query-input":{"@type":"PropertyValueSpecification","valueRequired":true,"valueName":"search_term_string"}}],"inLanguage":"sk-SK"},{"@type":"Organization","@id":"https:\/\/talkpal.ai\/sk\/#organization","name":"Talkpal, Inc.","alternateName":"Talkpal AI","url":"https:\/\/talkpal.ai\/sk\/","logo":{"@type":"ImageObject","inLanguage":"sk-SK","@id":"https:\/\/talkpal.ai\/sk\/#\/schema\/logo\/image\/","url":"https:\/\/talkpal.ai\/wp-content\/uploads\/2024\/03\/Talkpal-Logo-Icon.png","contentUrl":"https:\/\/talkpal.ai\/wp-content\/uploads\/2024\/03\/Talkpal-Logo-Icon.png","width":2880,"height":2880,"caption":"Talkpal, Inc."},"image":{"@id":"https:\/\/talkpal.ai\/sk\/#\/schema\/logo\/image\/"},"sameAs":["https:\/\/www.facebook.com\/profile.php?id=100090733639311","https:\/\/x.com\/talkpalai","https:\/\/www.linkedin.com\/company\/talkpal\/","https:\/\/www.youtube.com\/@TalkPal\/","https:\/\/www.tiktok.com\/@talkpal","https:\/\/www.instagram.com\/talkpal_ai\/","https:\/\/www.crunchbase.com\/organization\/talkpal-9cde","https:\/\/www.g2.com\/products\/talkpal-for-business\/","https:\/\/www.trustpilot.com\/review\/talkpal.ai","https:\/\/www.capterra.com\/p\/10006800\/TalkPal\/"],"description":"Talkpal is a language learning web and mobile education app, powered by the latest AI technologies, that provides engaging experiences to its customers in many different languages to help them improve their language skills. Users can chat about unlimited amount of topics with the app and use other modes to practice their language learning.","email":"support@talkpal.ai","legalName":"Talkpal, Inc.","foundingDate":"2023-04-03","duns":"118989042","numberOfEmployees":{"@type":"QuantitativeValue","minValue":"11","maxValue":"50"},"publishingPrinciples":"https:\/\/talkpal.ai\/publishing-principles\/","actionableFeedbackPolicy":"https:\/\/talkpal.ai\/actionable-feedback-policy\/","correctionsPolicy":"https:\/\/talkpal.ai\/corrections-policy\/","ethicsPolicy":"https:\/\/talkpal.ai\/ethics-policy\/","diversityPolicy":"https:\/\/talkpal.ai\/diversity-policy\/","diversityStaffingReport":"https:\/\/talkpal.ai\/diversity-policy\/"}]}},"_links":{"self":[{"href":"https:\/\/talkpal.ai\/sk\/wp-json\/wp\/v2\/pages\/1477881","targetHints":{"allow":["GET"]}}],"collection":[{"href":"https:\/\/talkpal.ai\/sk\/wp-json\/wp\/v2\/pages"}],"about":[{"href":"https:\/\/talkpal.ai\/sk\/wp-json\/wp\/v2\/types\/page"}],"author":[{"embeddable":true,"href":"https:\/\/talkpal.ai\/sk\/wp-json\/wp\/v2\/users\/20"}],"replies":[{"embeddable":true,"href":"https:\/\/talkpal.ai\/sk\/wp-json\/wp\/v2\/comments?post=1477881"}],"version-history":[{"count":0,"href":"https:\/\/talkpal.ai\/sk\/wp-json\/wp\/v2\/pages\/1477881\/revisions"}],"wp:attachment":[{"href":"https:\/\/talkpal.ai\/sk\/wp-json\/wp\/v2\/media?parent=1477881"}],"curies":[{"name":"wp","href":"https:\/\/api.w.org\/{rel}","templated":true}]}}