{"id":1477434,"date":"2025-11-12T12:26:03","date_gmt":"2025-11-12T12:26:03","guid":{"rendered":"https:\/\/talkpal.ai\/cvicenia-z-malajalamskej-gramatiky\/"},"modified":"2025-12-30T13:56:25","modified_gmt":"2025-12-30T13:56:25","slug":"cvicenia-z-malajalamskej-gramatiky","status":"publish","type":"page","link":"https:\/\/talkpal.ai\/sk\/cvicenia-z-malajalamskej-gramatiky\/","title":{"rendered":"Cvi\u010denia z malaj\u00e1lamskej gramatiky"},"content":{"rendered":"\r\n\r\n\r\n<section class=\"languageChallengeSection\">\r\n    <div class=\"languageInfoWrapper\">\r\n        \r\n        <h1>Cvi\u010denia z malaj\u00e1lamskej gramatiky<\/h1>\r\n        <p>Ste pripraven\u00ed ponori\u0165 sa do malaj\u00e1lamskej gramatiky? Precvi\u010denie nieko\u013ek\u00fdch z\u00e1kladov v\u00e1m pom\u00f4\u017ee pohodlne ovl\u00e1da\u0165 tento jedine\u010dn\u00fd a kr\u00e1sny jazyk. Vysk\u00fa\u0161ajte tieto cvi\u010denia, aby ste si vybudovali sebad\u00f4veru a zabavili sa pri tom!<\/p>\r\n\r\n                            <a class=\"getStartedHidden\" href=\"https:\/\/app.talkpal.ai\/sk\/signup?lng=\">Za\u010dni<\/a>\r\n        \r\n    <\/div>\r\n\r\n    <figure>\r\n    <img decoding=\"async\" width=\"768\" height=\"768\" src=\"https:\/\/talkpal.ai\/wp-content\/uploads\/2023\/06\/welsh-768x768.png\" class=\"languageImage no-lazy\" alt=\"Language learning for better cognitive abilities\" fetchpriority=\"high\" sizes=\"(max-width: 768px) 150px, 768px\" srcset=\"https:\/\/talkpal.ai\/wp-content\/uploads\/2023\/06\/welsh-768x768.png 768w, https:\/\/talkpal.ai\/wp-content\/uploads\/2023\/06\/welsh-300x300.png 300w\" \/>\r\n    \r\n\r\n    <\/figure>\r\n\r\n            <a class=\"getStartedVisible\" href=\"https:\/\/app.talkpal.ai\/sk\/signup?lng=\">Za\u010dni<\/a>\r\n    \r\n<\/section><section class=\"promotionalBanner\">\r\n    <p class=\"promotionalText\">Najefekt\u00edvnej\u0161\u00ed sp\u00f4sob, ako sa nau\u010di\u0165 jazyk<\/p>\r\n    <a class=\"promotionalLink\" href=\"https:\/\/app.talkpal.ai\/sk\/signup?lng=\">Vysk\u00fa\u0161ajte Talkpal zadarmo<\/a>\r\n<\/section>\n<div class=\"wp-block-group pageContainerStyle\"><div class=\"wp-block-group__inner-container is-layout-constrained wp-block-group-is-layout-constrained\">\n<h2 class=\"wp-block-heading\" id=\"h-malayalam-grammar-topics\">T\u00e9my gramatiky malaj\u00e1lam\u010diny<\/h2>\n\n\n\n<p><a href=\"https:\/\/talkpal.ai\/sk\/najvacsie-chyby-ktorych-sa-treba-vyvarovat-pri-uceni-sa-noveho-jazyka\/\">Nau\u010di\u0165 sa nov\u00fd jazyk<\/a> m\u00f4\u017ee by\u0165 n\u00e1ro\u010dn\u00e9, ale obohacuj\u00face \u00fasilie. V\u00fdnimkou nie je ani <a href=\"https:\/\/talkpal.ai\/learn-malayalam\/\">malaj\u00e1lam\u010dina<\/a>, dr\u00e1vidsk\u00fd jazyk, ktor\u00fdm sa hovor\u00ed hlavne v Kerale a susedn\u00fdch regi\u00f3noch. V\u010faka svojim jedine\u010dn\u00fdm vlastnostiam a \u0161trukt\u00faram <a href=\"https:\/\/talkpal.ai\/sk\/talkpal-pre-vzdelavanie\/\">si u\u010denie<\/a> malaj\u00e1lam\u010diny vy\u017eaduje systematick\u00fd pr\u00edstup k pochopeniu jej bohatej gramatiky. T\u00e1to pr\u00edru\u010dka na\u010drt\u00e1va k\u013e\u00fa\u010dov\u00e9 oblasti <a href=\"https:\/\/talkpal.ai\/sk\/gramatika-malajalamciny\/\">malaj\u00e1lamskej gramatiky<\/a> v logickom porad\u00ed pre <a href=\"https:\/\/talkpal.ai\/sk\/chatbot-s-umelou-inteligenciou-na-ucenie-jazykov\/\">u\u010denie sa jazykov<\/a>, po\u010dn\u00fac z\u00e1kladmi, ako s\u00fa podstatn\u00e9 men\u00e1 a \u010dleny, a pokra\u010duj\u00fac k zlo\u017eitej\u0161\u00edm oblastiam, ako s\u00fa \u010dasy a kon\u0161trukcia viet.<\/p>\n\n\n\n<h3 class=\"wp-block-heading\" id=\"h-1-nouns\">1. Podstatn\u00e9 men\u00e1:<\/h3>\n\n\n\n<p>Za\u010dnite svoju cestu malaj\u00e1lamsk\u00fdm jazykom u\u010den\u00edm sa podstatn\u00fdch mien. To zah\u0155\u0148a pochopenie r\u00f4znych kateg\u00f3ri\u00ed podstatn\u00fdch mien, ako s\u00fa be\u017en\u00e9 a vlastn\u00e9 podstatn\u00e9 men\u00e1, ich mno\u017en\u00e9 \u010d\u00edsla ako -kal a -mar, a pou\u017e\u00edvanie p\u00e1dov\u00fdch koncoviek pre vz\u0165ahy, ako je umiestnenie a vlastn\u00edctvo.<\/p>\n\n\n\n<h3 class=\"wp-block-heading\" id=\"h-2-articles\">2. \u010cl\u00e1nky:<\/h3>\n\n\n\n<p><a href=\"https:\/\/talkpal.ai\/learn-malayalam\/\">Malaj\u00e1lam\u010dina<\/a> nem\u00e1 ur\u010dit\u00e9 ani neur\u010dit\u00e9 \u010dleny. Ur\u010ditos\u0165 a neur\u010ditos\u0165 sa vyjadruj\u00fa prostredn\u00edctvom kontextu, ukazovac\u00edch znakov ako ee this a aa that a \u010d\u00edslic ako oru one funguj\u00facich ako a alebo an.<\/p>\n\n\n\n<h3 class=\"wp-block-heading\" id=\"h-3-adjectives\">3. Pr\u00eddavn\u00e9 men\u00e1:<\/h3>\n\n\n\n<p>Pr\u00eddavn\u00e9 men\u00e1 v malaj\u00e1lam\u010dine zvy\u010dajne predch\u00e1dzaj\u00fa ich podstatn\u00fdm men\u00e1m a nezhoduj\u00fa sa v rode alebo po\u010dte. Nau\u010dte sa, ako sa vyjadruj\u00fa stupne, \u010dasto s kooduthalom pre porovn\u00e1vanie a ettavum pre superlat\u00edv, ako aj be\u017en\u00e9 predik\u00e1tov\u00e9 vzory.<\/p>\n\n\n\n<h3 class=\"wp-block-heading\" id=\"h-4-pronouns-determiners\">4. Z\u00e1men\u00e1\/determin\u00e1tory:<\/h3>\n\n\n\n<p>Z\u00e1men\u00e1 a determinanty s\u00fa v malaj\u00e1lam\u010dine nevyhnutn\u00e9; <a href=\"https:\/\/talkpal.ai\/sk\/grammar\/pronomi-personali-v-talianskej-gramatike\/\">Osobn\u00e9 z\u00e1men\u00e1<\/a> ozna\u010duj\u00fa zdvorilos\u0165 a soci\u00e1lny odstup a pre n\u00e1s existuje inkluz\u00edvny a exkluz\u00edvny rozdiel. Posadnutie sa be\u017ene tvor\u00ed genit\u00edvnou pr\u00edponou -ute a determinanty zah\u0155\u0148aj\u00fa ukazovatele a kvantifik\u00e1tory ako ella all a chila some.<\/p>\n\n\n\n<h3 class=\"wp-block-heading\" id=\"h-5-verbs\">5. Sloves\u00e1:<\/h3>\n\n\n\n<p>Malajsk\u00e9 sloves\u00e1 menia tvar pod\u013ea \u010dasu a aspektu, a nie pod\u013ea osoby alebo \u010d\u00edsla. Za\u010dnite s pr\u00edtomn\u00fdmi formami -unnu a postupne sk\u00famajte minulos\u0165 a bud\u00facnos\u0165, spolu so z\u00e1kladn\u00fdmi imperat\u00edvmi a nekone\u010dn\u00fdmi formami.<\/p>\n\n\n\n<h3 class=\"wp-block-heading\" id=\"h-6-tenses\">6. \u010casy:<\/h3>\n\n\n\n<p>Po zvl\u00e1dnut\u00ed slovesn\u00fdch tvarov sa ponorte hlb\u0161ie do malaj\u00e1lamsk\u00fdch \u010dasov. To zah\u0155\u0148a pochopenie pr\u00edtomn\u00e9ho -unnu, minul\u00fdch foriem ako -i alebo -ttu a bud\u00facnosti -um a toho, ako sa ka\u017ed\u00e1 z nich pou\u017e\u00edva v r\u00f4znych kontextoch.<\/p>\n\n\n\n<h3 class=\"wp-block-heading\" id=\"h-7-tense-comparison\">7. Nap\u00e4t\u00e9 porovnanie:<\/h3>\n\n\n\n<p>Porovn\u00e1vanie \u010dasov v malaj\u00e1lam\u010dine pom\u00e1ha pochopi\u0165 postupnos\u0165 udalost\u00ed. Porovnanie rovnak\u00e9ho slovesa v s\u00fa\u010dasnosti, minulosti a bud\u00facnosti poskytne lep\u0161ie pochopenie malaj\u00e1lamsk\u00e9ho jazyka.<\/p>\n\n\n\n<h3 class=\"wp-block-heading\" id=\"h-8-progressive\">8. Progres\u00edvne:<\/h3>\n\n\n\n<p>Progres\u00edvne v malaj\u00e1lam\u010dine sa \u010dasto vyjadruje pr\u00edtomn\u00fdm -unnu v kontexte a explicitnej\u0161ie perifrastick\u00fdmi kon\u0161trukciami pou\u017e\u00edvaj\u00facimi pomocn\u00fa irikkuka, ako je slovesn\u00fd kme\u0148 plus kkondu irikkuka na zobrazenie prebiehaj\u00facich dejov.<\/p>\n\n\n\n<h3 class=\"wp-block-heading\" id=\"h-9-perfect-progressive\">9. Perfektne progres\u00edvne:<\/h3>\n\n\n\n<p>Pou\u017e\u00edva sa na vyjadrenie akci\u00ed, ktor\u00e9 prebiehali a\u017e do ur\u010dit\u00e9ho bodu. Malaj\u00e1lam\u010dina be\u017ene pou\u017e\u00edva slovesn\u00fd kme\u0148 plus kkondu irikkunnu pre prebiehaj\u00face a\u017e doteraz a slovesn\u00e9 pr\u00ed\u010dastie plus u\u1e47\u1e6du vyjadruje v\u00fdsledn\u00e9 perfekty.<\/p>\n\n\n\n<h3 class=\"wp-block-heading\" id=\"h-10-conditionals\">10. Podmienky:<\/h3>\n\n\n\n<p>Podmienen\u00e9 vyjadruj\u00fa hypotetick\u00e9 situ\u00e1cie a ich mo\u017en\u00e9 v\u00fdsledky. V malaj\u00e1lam\u010dine s\u00fa tvoren\u00e9 koncovkami ako -e\u1e45kil a -\u0101l a ich zvl\u00e1dnutie dod\u00e1 va\u0161im jazykov\u00fdm schopnostiam nuansy a presnos\u0165.<\/p>\n\n\n\n<h3 class=\"wp-block-heading\" id=\"h-11-adverbs\">11. Pr\u00edslovky:<\/h3>\n\n\n\n<p>Pr\u00edslovky v malaj\u00e1lam\u010dine upravuj\u00fa sloves\u00e1, pr\u00eddavn\u00e9 men\u00e1 alebo in\u00e9 pr\u00edslovky. Poskytuj\u00fa inform\u00e1cie o sp\u00f4sobe, mieste, \u010dase, stupni a \u010fal\u0161\u00edch veciach a tvoria sa bu\u010f ako samostatn\u00e9 slov\u00e1, alebo z pr\u00eddavn\u00fdch mien, \u010dasto s -\u0101yi.<\/p>\n\n\n\n<h3 class=\"wp-block-heading\" id=\"h-12-prepositions\">12. Predlo\u017eky:<\/h3>\n\n\n\n<p>Malaj\u00e1lam\u010dina prim\u00e1rne pou\u017e\u00edva postpoz\u00edcie a p\u00e1dov\u00e9 pr\u00edpony namiesto predlo\u017eiek. Vz\u0165ahy \u010dasu, miesta, smeru a \u010fal\u0161\u00edch sa vyjadruj\u00fa koncovkami ako -il lokat\u00edv, -kku dat\u00edv, -\u0101l in\u0161trument\u00e1l a pr\u00edbuzn\u00fdmi postpoz\u00edciami.<\/p>\n\n\n\n<h3 class=\"wp-block-heading\" id=\"h-13-sentences\">13. Vety:<\/h3>\n\n\n\n<p>Nakoniec si precvi\u010dte kon\u0161trukciu viet. To bude zah\u0155\u0148a\u0165 pou\u017eitie v\u0161etk\u00fdch predt\u00fdm nau\u010den\u00fdch gramatick\u00fdch bodov v kontexte, s typick\u00fdm malaj\u00e1lamsk\u00fdm porad\u00edm podmet-objekt-sloves\u00e1 a klauz\u00e1lnymi \u0161trukt\u00farami, \u010d\u00edm sa zabezpe\u010d\u00ed komplexn\u00e9 pochopenie malaj\u00e1lamsk\u00e9ho jazyka.<\/p>\n<\/div><\/div>\n\r\n<section class=\"learnNavigationSection\">\r\n            \r\n        <a href=\"https:\/\/talkpal.ai\/sk\/naucte-sa-malajalamcinu\/\">\r\n            <div class=\"learnNavigationWrapper\">\r\n                <div class=\"learnNavigationContent\">\r\n                    <img decoding=\"async\" src=\"https:\/\/talkpal.ai\/wp-content\/uploads\/2025\/11\/Malayalam.png\" alt=\"Indian Simplified Flag\">\r\n                    <div>\r\n                        <h4>O u\u010den\u00ed malaj\u00e1lam\u010diny<\/h4>\r\n                        <p>Zistite v\u0161etko o malaj\u00e1lamskej gramatike.<\/p>\r\n                    <\/div>\r\n                <\/div>\r\n            <\/div>\r\n        <\/a>\r\n\r\n        \r\n        <a href=\"https:\/\/talkpal.ai\/sk\/gramatika-malajalamciny\/\">\r\n            <div class=\"learnNavigationWrapper\">\r\n                <div class=\"learnNavigationContent\">\r\n                    <img decoding=\"async\" src=\"https:\/\/talkpal.ai\/wp-content\/uploads\/2025\/11\/Malayalam.png\" alt=\"Indian Simplified Flag\">\r\n                    <div>\r\n                        <h4>Lekcie gramatiky malaj\u00e1lam\u010diny<\/h4>\r\n                        <p>Precvi\u010dte si malaj\u00e1lamsk\u00fa gramatiku.<\/p>\r\n                    <\/div>\r\n                <\/div>\r\n            <\/div>\r\n        <\/a>\r\n\r\n            <\/section>","protected":false},"excerpt":{"rendered":"<p>T\u00e9my gramatiky malaj\u00e1lam\u010diny Nau\u010di\u0165 sa nov\u00fd jazyk m\u00f4\u017ee by\u0165 n\u00e1ro\u010dn\u00e9, ale obohacuj\u00face \u00fasilie. V\u00fdnimkou nie je ani malaj\u00e1lam\u010dina, dr\u00e1vidsk\u00fd jazyk, ktor\u00fdm sa hovor\u00ed hlavne v Kerale a susedn\u00fdch regi\u00f3noch. V\u010faka svojim jedine\u010dn\u00fdm vlastnostiam a \u0161trukt\u00faram si u\u010denie malaj\u00e1lam\u010diny vy\u017eaduje systematick\u00fd pr\u00edstup k pochopeniu jej bohatej gramatiky. T\u00e1to pr\u00edru\u010dka na\u010drt\u00e1va k\u013e\u00fa\u010dov\u00e9 oblasti malaj\u00e1lamskej gramatiky v logickom [&hellip;]<\/p>\n","protected":false},"author":20,"featured_media":0,"parent":0,"menu_order":0,"comment_status":"closed","ping_status":"closed","template":"LearningContentPage.php","meta":{"_acf_changed":false,"footnotes":""},"class_list":["post-1477434","page","type-page","status-publish","hentry"],"acf":[],"yoast_head":"<!-- This site is optimized with the Yoast SEO Premium plugin v27.2 (Yoast SEO v27.2) - https:\/\/yoast.com\/product\/yoast-seo-premium-wordpress\/ -->\n<title>Cvi\u010denia z malaj\u00e1lamskej gramatiky - Talkpal<\/title>\n<meta name=\"description\" content=\"Zvl\u00e1dnite malajalajsk\u00fa gramatiku prostredn\u00edctvom interakt\u00edvnych cvi\u010den\u00ed navrhnut\u00fdch na zlep\u0161enie va\u0161ej plynulosti a schopnosti porozumie\u0165 jazyku e\u0161te dnes.\" \/>\n<meta name=\"robots\" content=\"index, follow, max-snippet:-1, max-image-preview:large, max-video-preview:-1\" \/>\n<link rel=\"canonical\" href=\"https:\/\/talkpal.ai\/sk\/cvicenia-z-malajalamskej-gramatiky\/\" \/>\n<meta property=\"og:locale\" content=\"sk_SK\" \/>\n<meta property=\"og:type\" content=\"article\" \/>\n<meta property=\"og:title\" content=\"Cvi\u010denia z malaj\u00e1lamskej gramatiky\" \/>\n<meta property=\"og:description\" content=\"T\u00e9my gramatiky malaj\u00e1lam\u010diny Nau\u010di\u0165 sa nov\u00fd jazyk m\u00f4\u017ee by\u0165 n\u00e1ro\u010dn\u00e9, ale obohacuj\u00face \u00fasilie. V\u00fdnimkou nie je ani malaj\u00e1lam\u010dina, dr\u00e1vidsk\u00fd jazyk, ktor\u00fdm sa\" \/>\n<meta property=\"og:url\" content=\"https:\/\/talkpal.ai\/sk\/cvicenia-z-malajalamskej-gramatiky\/\" \/>\n<meta property=\"og:site_name\" content=\"Talkpal\" \/>\n<meta property=\"article:publisher\" content=\"https:\/\/www.facebook.com\/profile.php?id=100090733639311\" \/>\n<meta property=\"article:modified_time\" content=\"2025-12-30T13:56:25+00:00\" \/>\n<meta property=\"og:image\" content=\"https:\/\/talkpal.ai\/wp-content\/uploads\/2025\/02\/Progress-tab-16_9.png\" \/>\n\t<meta property=\"og:image:width\" content=\"2880\" \/>\n\t<meta property=\"og:image:height\" content=\"1620\" \/>\n\t<meta property=\"og:image:type\" content=\"image\/png\" \/>\n<meta name=\"twitter:card\" content=\"summary_large_image\" \/>\n<meta name=\"twitter:site\" content=\"@talkpalai\" \/>\n<meta name=\"twitter:label1\" content=\"Predpokladan\u00fd \u010das \u010d\u00edtania\" \/>\n\t<meta name=\"twitter:data1\" content=\"4 min\u00faty\" \/>\n<script type=\"application\/ld+json\" class=\"yoast-schema-graph\">{\"@context\":\"https:\/\/schema.org\",\"@graph\":[{\"@type\":\"WebPage\",\"@id\":\"https:\/\/talkpal.ai\/sk\/cvicenia-z-malajalamskej-gramatiky\/\",\"url\":\"https:\/\/talkpal.ai\/sk\/cvicenia-z-malajalamskej-gramatiky\/\",\"name\":\"Cvi\u010denia z malaj\u00e1lamskej gramatiky - Talkpal\",\"isPartOf\":{\"@id\":\"https:\/\/talkpal.ai\/sk\/#website\"},\"datePublished\":\"2025-11-12T12:26:03+00:00\",\"dateModified\":\"2025-12-30T13:56:25+00:00\",\"description\":\"Zvl\u00e1dnite malajalajsk\u00fa gramatiku prostredn\u00edctvom interakt\u00edvnych cvi\u010den\u00ed navrhnut\u00fdch na zlep\u0161enie va\u0161ej plynulosti a schopnosti porozumie\u0165 jazyku e\u0161te dnes.\",\"breadcrumb\":{\"@id\":\"https:\/\/talkpal.ai\/sk\/cvicenia-z-malajalamskej-gramatiky\/#breadcrumb\"},\"inLanguage\":\"sk-SK\",\"potentialAction\":[{\"@type\":\"ReadAction\",\"target\":[\"https:\/\/talkpal.ai\/sk\/cvicenia-z-malajalamskej-gramatiky\/\"]}]},{\"@type\":\"BreadcrumbList\",\"@id\":\"https:\/\/talkpal.ai\/sk\/cvicenia-z-malajalamskej-gramatiky\/#breadcrumb\",\"itemListElement\":[{\"@type\":\"ListItem\",\"position\":1,\"name\":\"Homepage\",\"item\":\"https:\/\/talkpal.ai\/sk\/\"},{\"@type\":\"ListItem\",\"position\":2,\"name\":\"Cvi\u010denia z malaj\u00e1lamskej gramatiky\"}]},{\"@type\":\"WebSite\",\"@id\":\"https:\/\/talkpal.ai\/sk\/#website\",\"url\":\"https:\/\/talkpal.ai\/sk\/\",\"name\":\"Talkpal\",\"description\":\"AI Language Learning\",\"publisher\":{\"@id\":\"https:\/\/talkpal.ai\/sk\/#organization\"},\"alternateName\":\"Talkpal AI\",\"potentialAction\":[{\"@type\":\"SearchAction\",\"target\":{\"@type\":\"EntryPoint\",\"urlTemplate\":\"https:\/\/talkpal.ai\/sk\/?s={search_term_string}\"},\"query-input\":{\"@type\":\"PropertyValueSpecification\",\"valueRequired\":true,\"valueName\":\"search_term_string\"}}],\"inLanguage\":\"sk-SK\"},{\"@type\":\"Organization\",\"@id\":\"https:\/\/talkpal.ai\/sk\/#organization\",\"name\":\"Talkpal, Inc.\",\"alternateName\":\"Talkpal AI\",\"url\":\"https:\/\/talkpal.ai\/sk\/\",\"logo\":{\"@type\":\"ImageObject\",\"inLanguage\":\"sk-SK\",\"@id\":\"https:\/\/talkpal.ai\/sk\/#\/schema\/logo\/image\/\",\"url\":\"https:\/\/talkpal.ai\/wp-content\/uploads\/2024\/03\/Talkpal-Logo-Icon.png\",\"contentUrl\":\"https:\/\/talkpal.ai\/wp-content\/uploads\/2024\/03\/Talkpal-Logo-Icon.png\",\"width\":2880,\"height\":2880,\"caption\":\"Talkpal, Inc.\"},\"image\":{\"@id\":\"https:\/\/talkpal.ai\/sk\/#\/schema\/logo\/image\/\"},\"sameAs\":[\"https:\/\/www.facebook.com\/profile.php?id=100090733639311\",\"https:\/\/x.com\/talkpalai\",\"https:\/\/www.linkedin.com\/company\/talkpal\/\",\"https:\/\/www.youtube.com\/@TalkPal\/\",\"https:\/\/www.tiktok.com\/@talkpal\",\"https:\/\/www.instagram.com\/talkpal_ai\/\",\"https:\/\/www.crunchbase.com\/organization\/talkpal-9cde\",\"https:\/\/www.g2.com\/products\/talkpal-for-business\/\",\"https:\/\/www.trustpilot.com\/review\/talkpal.ai\",\"https:\/\/www.capterra.com\/p\/10006800\/TalkPal\/\"],\"description\":\"Talkpal is a language learning web and mobile education app, powered by the latest AI technologies, that provides engaging experiences to its customers in many different languages to help them improve their language skills. Users can chat about unlimited amount of topics with the app and use other modes to practice their language learning.\",\"email\":\"support@talkpal.ai\",\"legalName\":\"Talkpal, Inc.\",\"foundingDate\":\"2023-04-03\",\"duns\":\"118989042\",\"numberOfEmployees\":{\"@type\":\"QuantitativeValue\",\"minValue\":\"11\",\"maxValue\":\"50\"},\"publishingPrinciples\":\"https:\/\/talkpal.ai\/publishing-principles\/\",\"actionableFeedbackPolicy\":\"https:\/\/talkpal.ai\/actionable-feedback-policy\/\",\"correctionsPolicy\":\"https:\/\/talkpal.ai\/corrections-policy\/\",\"ethicsPolicy\":\"https:\/\/talkpal.ai\/ethics-policy\/\",\"diversityPolicy\":\"https:\/\/talkpal.ai\/diversity-policy\/\",\"diversityStaffingReport\":\"https:\/\/talkpal.ai\/diversity-policy\/\"}]}<\/script>\n<!-- \/ Yoast SEO Premium plugin. -->","yoast_head_json":{"title":"Cvi\u010denia z malaj\u00e1lamskej gramatiky - Talkpal","description":"Zvl\u00e1dnite malajalajsk\u00fa gramatiku prostredn\u00edctvom interakt\u00edvnych cvi\u010den\u00ed navrhnut\u00fdch na zlep\u0161enie va\u0161ej plynulosti a schopnosti porozumie\u0165 jazyku e\u0161te dnes.","robots":{"index":"index","follow":"follow","max-snippet":"max-snippet:-1","max-image-preview":"max-image-preview:large","max-video-preview":"max-video-preview:-1"},"canonical":"https:\/\/talkpal.ai\/sk\/cvicenia-z-malajalamskej-gramatiky\/","og_locale":"sk_SK","og_type":"article","og_title":"Cvi\u010denia z malaj\u00e1lamskej gramatiky","og_description":"T\u00e9my gramatiky malaj\u00e1lam\u010diny Nau\u010di\u0165 sa nov\u00fd jazyk m\u00f4\u017ee by\u0165 n\u00e1ro\u010dn\u00e9, ale obohacuj\u00face \u00fasilie. V\u00fdnimkou nie je ani malaj\u00e1lam\u010dina, dr\u00e1vidsk\u00fd jazyk, ktor\u00fdm sa","og_url":"https:\/\/talkpal.ai\/sk\/cvicenia-z-malajalamskej-gramatiky\/","og_site_name":"Talkpal","article_publisher":"https:\/\/www.facebook.com\/profile.php?id=100090733639311","article_modified_time":"2025-12-30T13:56:25+00:00","og_image":[{"width":2880,"height":1620,"url":"https:\/\/talkpal.ai\/wp-content\/uploads\/2025\/02\/Progress-tab-16_9.png","type":"image\/png"}],"twitter_card":"summary_large_image","twitter_site":"@talkpalai","twitter_misc":{"Predpokladan\u00fd \u010das \u010d\u00edtania":"4 min\u00faty"},"schema":{"@context":"https:\/\/schema.org","@graph":[{"@type":"WebPage","@id":"https:\/\/talkpal.ai\/sk\/cvicenia-z-malajalamskej-gramatiky\/","url":"https:\/\/talkpal.ai\/sk\/cvicenia-z-malajalamskej-gramatiky\/","name":"Cvi\u010denia z malaj\u00e1lamskej gramatiky - Talkpal","isPartOf":{"@id":"https:\/\/talkpal.ai\/sk\/#website"},"datePublished":"2025-11-12T12:26:03+00:00","dateModified":"2025-12-30T13:56:25+00:00","description":"Zvl\u00e1dnite malajalajsk\u00fa gramatiku prostredn\u00edctvom interakt\u00edvnych cvi\u010den\u00ed navrhnut\u00fdch na zlep\u0161enie va\u0161ej plynulosti a schopnosti porozumie\u0165 jazyku e\u0161te dnes.","breadcrumb":{"@id":"https:\/\/talkpal.ai\/sk\/cvicenia-z-malajalamskej-gramatiky\/#breadcrumb"},"inLanguage":"sk-SK","potentialAction":[{"@type":"ReadAction","target":["https:\/\/talkpal.ai\/sk\/cvicenia-z-malajalamskej-gramatiky\/"]}]},{"@type":"BreadcrumbList","@id":"https:\/\/talkpal.ai\/sk\/cvicenia-z-malajalamskej-gramatiky\/#breadcrumb","itemListElement":[{"@type":"ListItem","position":1,"name":"Homepage","item":"https:\/\/talkpal.ai\/sk\/"},{"@type":"ListItem","position":2,"name":"Cvi\u010denia z malaj\u00e1lamskej gramatiky"}]},{"@type":"WebSite","@id":"https:\/\/talkpal.ai\/sk\/#website","url":"https:\/\/talkpal.ai\/sk\/","name":"Talkpal","description":"AI Language Learning","publisher":{"@id":"https:\/\/talkpal.ai\/sk\/#organization"},"alternateName":"Talkpal AI","potentialAction":[{"@type":"SearchAction","target":{"@type":"EntryPoint","urlTemplate":"https:\/\/talkpal.ai\/sk\/?s={search_term_string}"},"query-input":{"@type":"PropertyValueSpecification","valueRequired":true,"valueName":"search_term_string"}}],"inLanguage":"sk-SK"},{"@type":"Organization","@id":"https:\/\/talkpal.ai\/sk\/#organization","name":"Talkpal, Inc.","alternateName":"Talkpal AI","url":"https:\/\/talkpal.ai\/sk\/","logo":{"@type":"ImageObject","inLanguage":"sk-SK","@id":"https:\/\/talkpal.ai\/sk\/#\/schema\/logo\/image\/","url":"https:\/\/talkpal.ai\/wp-content\/uploads\/2024\/03\/Talkpal-Logo-Icon.png","contentUrl":"https:\/\/talkpal.ai\/wp-content\/uploads\/2024\/03\/Talkpal-Logo-Icon.png","width":2880,"height":2880,"caption":"Talkpal, Inc."},"image":{"@id":"https:\/\/talkpal.ai\/sk\/#\/schema\/logo\/image\/"},"sameAs":["https:\/\/www.facebook.com\/profile.php?id=100090733639311","https:\/\/x.com\/talkpalai","https:\/\/www.linkedin.com\/company\/talkpal\/","https:\/\/www.youtube.com\/@TalkPal\/","https:\/\/www.tiktok.com\/@talkpal","https:\/\/www.instagram.com\/talkpal_ai\/","https:\/\/www.crunchbase.com\/organization\/talkpal-9cde","https:\/\/www.g2.com\/products\/talkpal-for-business\/","https:\/\/www.trustpilot.com\/review\/talkpal.ai","https:\/\/www.capterra.com\/p\/10006800\/TalkPal\/"],"description":"Talkpal is a language learning web and mobile education app, powered by the latest AI technologies, that provides engaging experiences to its customers in many different languages to help them improve their language skills. Users can chat about unlimited amount of topics with the app and use other modes to practice their language learning.","email":"support@talkpal.ai","legalName":"Talkpal, Inc.","foundingDate":"2023-04-03","duns":"118989042","numberOfEmployees":{"@type":"QuantitativeValue","minValue":"11","maxValue":"50"},"publishingPrinciples":"https:\/\/talkpal.ai\/publishing-principles\/","actionableFeedbackPolicy":"https:\/\/talkpal.ai\/actionable-feedback-policy\/","correctionsPolicy":"https:\/\/talkpal.ai\/corrections-policy\/","ethicsPolicy":"https:\/\/talkpal.ai\/ethics-policy\/","diversityPolicy":"https:\/\/talkpal.ai\/diversity-policy\/","diversityStaffingReport":"https:\/\/talkpal.ai\/diversity-policy\/"}]}},"_links":{"self":[{"href":"https:\/\/talkpal.ai\/sk\/wp-json\/wp\/v2\/pages\/1477434","targetHints":{"allow":["GET"]}}],"collection":[{"href":"https:\/\/talkpal.ai\/sk\/wp-json\/wp\/v2\/pages"}],"about":[{"href":"https:\/\/talkpal.ai\/sk\/wp-json\/wp\/v2\/types\/page"}],"author":[{"embeddable":true,"href":"https:\/\/talkpal.ai\/sk\/wp-json\/wp\/v2\/users\/20"}],"replies":[{"embeddable":true,"href":"https:\/\/talkpal.ai\/sk\/wp-json\/wp\/v2\/comments?post=1477434"}],"version-history":[{"count":0,"href":"https:\/\/talkpal.ai\/sk\/wp-json\/wp\/v2\/pages\/1477434\/revisions"}],"wp:attachment":[{"href":"https:\/\/talkpal.ai\/sk\/wp-json\/wp\/v2\/media?parent=1477434"}],"curies":[{"name":"wp","href":"https:\/\/api.w.org\/{rel}","templated":true}]}}