{"id":1477333,"date":"2025-11-12T12:26:29","date_gmt":"2025-11-12T12:26:29","guid":{"rendered":"https:\/\/talkpal.ai\/gramatika-malajalamciny\/"},"modified":"2025-12-30T13:58:09","modified_gmt":"2025-12-30T13:58:09","slug":"gramatika-malajalamciny","status":"publish","type":"page","link":"https:\/\/talkpal.ai\/sk\/gramatika-malajalamciny\/","title":{"rendered":"Gramatika malaj\u00e1lam\u010diny"},"content":{"rendered":"\r\n\r\n\r\n<section class=\"languageChallengeSection\">\r\n    <div class=\"languageInfoWrapper\">\r\n        \r\n        <h1>Gramatika malaj\u00e1lam\u010diny<\/h1>\r\n        <p>Gramatika malaj\u00e1lam\u010diny sa m\u00f4\u017ee na prv\u00fd poh\u013ead zda\u0165 n\u00e1ro\u010dn\u00e1, ale v\u010faka jej jedine\u010dn\u00fdm vlastnostiam je <a href=\"https:\/\/talkpal.ai\/sk\/ucenie\/\">u\u010denie sa<\/a> jazyka obohacuj\u00facou sk\u00fasenos\u0165ou. Sk\u00faman\u00edm abecedy, mut\u00e1ci\u00ed a gramatick\u00fdch pravidiel z\u00edskate preh\u013ead o bohatej jazykovej trad\u00edcii. Za\u010dnite svoju cestu a objavte kr\u00e1sy malaj\u00e1lam\u010diny!<\/p>\r\n\r\n                            <a class=\"getStartedHidden\" href=\"https:\/\/app.talkpal.ai\/sk\/signup?lng=\">Za\u010dni<\/a>\r\n        \r\n    <\/div>\r\n\r\n    <figure>\r\n    <img decoding=\"async\" width=\"768\" height=\"768\" src=\"https:\/\/talkpal.ai\/wp-content\/uploads\/2023\/06\/welsh-768x768.png\" class=\"languageImage no-lazy\" alt=\"Language learning for better cognitive abilities\" fetchpriority=\"high\" sizes=\"(max-width: 768px) 150px, 768px\" srcset=\"https:\/\/talkpal.ai\/wp-content\/uploads\/2023\/06\/welsh-768x768.png 768w, https:\/\/talkpal.ai\/wp-content\/uploads\/2023\/06\/welsh-300x300.png 300w\" \/>\r\n    \r\n\r\n    <\/figure>\r\n\r\n            <a class=\"getStartedVisible\" href=\"https:\/\/app.talkpal.ai\/sk\/signup?lng=\">Za\u010dni<\/a>\r\n    \r\n<\/section><section class=\"promotionalBanner\">\r\n    <p class=\"promotionalText\">Najefekt\u00edvnej\u0161\u00ed sp\u00f4sob, ako sa nau\u010di\u0165 jazyk<\/p>\r\n    <a class=\"promotionalLink\" href=\"https:\/\/app.talkpal.ai\/sk\/signup?lng=\">Vysk\u00fa\u0161ajte Talkpal zadarmo<\/a>\r\n<\/section>\n<div class=\"wp-block-group pageContainerStyle\"><div class=\"wp-block-group__inner-container is-layout-constrained wp-block-group-is-layout-constrained\">\n<h2 class=\"wp-block-heading\" id=\"h-navigating-the-intricacies-of-malayalam-grammar\">Navig\u00e1cia v zlo\u017eitosti malaj\u00e1lamskej gramatiky<\/h2>\n\n\n\n<p><a href=\"https:\/\/talkpal.ai\/sk\/naucte-sa-malajalamcinu\/\">Malaj\u00e1lam\u010dina<\/a>, dr\u00e1vidsk\u00fd jazyk s bohatou hist\u00f3riou a hlbok\u00fdmi kult\u00farnymi kore\u0148mi v Kerale a diasp\u00f3re, pon\u00faka vzru\u0161uj\u00faci jazykov\u00fd z\u00e1\u017eitok pre t\u00fdch, ktor\u00ed t\u00fa\u017eia presk\u00fama\u0165 jeho jedine\u010dn\u00fd gramatick\u00fd syst\u00e9m. Ke\u010f sa vyd\u00e1te do r\u00ed\u0161e malaj\u00e1lam\u010diny, nielen\u017ee obohat\u00edte svoj jazykov\u00fd reperto\u00e1r, ale aj prijmete fascinuj\u00facu kult\u00farnu cestu. Aj ke\u010f sa <a href=\"https:\/\/talkpal.ai\/malayalam-grammar\/\">malaj\u00e1lamsk\u00e1 gramatika<\/a> m\u00f4\u017ee na prv\u00fd poh\u013ead zda\u0165 zlo\u017eit\u00e1, jej rozdelenie na z\u00e1kladn\u00e9 zlo\u017eky rob\u00ed u\u010denie jazyka pr\u00edstupnej\u0161\u00edm. V tomto \u010dl\u00e1nku presk\u00famame podmaniv\u00fd svet malaj\u00e1lamskej gramatiky a poskytneme tipy, ako zvl\u00e1dnu\u0165 jeho zlo\u017eitos\u0165.<\/p>\n\n\n\n<h3 class=\"wp-block-heading\" id=\"h-1-malayalam-alphabet-and-phonetics\">1. Malajsk\u00e1 abeceda a fonetika<\/h3>\n\n\n\n<p>Malajsk\u00e9 p\u00edsmo je abugida, ktor\u00e1 obsahuje nez\u00e1visl\u00e9 samohl\u00e1sky, spoluhl\u00e1sky s vlastn\u00fdmi samohl\u00e1skami a z\u00e1visl\u00e9 samohl\u00e1sky. <a href=\"https:\/\/talkpal.ai\/talkpal-discount-for-students\/\">\u0160tudenti<\/a> by sa mali obozn\u00e1mi\u0165 s jeho samohl\u00e1skami a spoluhl\u00e1skami, vr\u00e1tane charakteristick\u00fdch zvukov, ako s\u00fa retroflexn\u00e9 spoluhl\u00e1sky a pozoruhodn\u00fd zvuk &#8222;zh&#8220;. K\u013e\u00fa\u010dov\u00e9 koncepty p\u00edsania zah\u0155\u0148aj\u00fa inherentn\u00fa samohl\u00e1sku a, znak virama naz\u00fdvan\u00fd chandrakkala na potla\u010denie samohl\u00e1sok, spoluhl\u00e1sky a \u0161peci\u00e1lne p\u00edsmen\u00e1 chillu. Ak sa chcete nau\u010di\u0165 malaj\u00e1lamsk\u00fa gramatiku, je d\u00f4le\u017eit\u00e9 precvi\u010di\u0165 si \u010d\u00edtanie a p\u00edsanie v malaj\u00e1lam\u010dine.<\/p>\n\n\n\n<h3 class=\"wp-block-heading\" id=\"h-2-sandhi-and-assimilation-a-peculiar-malayalam-feature\">2. Sandhi a asimil\u00e1cia: Zvl\u00e1\u0161tna malaj\u00e1lamsk\u00e1 vlastnos\u0165<\/h3>\n\n\n\n<p>Jedn\u00fdm z najv\u00fdraznej\u0161\u00edch aspektov malaj\u00e1lamskej fonol\u00f3gie je prevalencia sandhi, asimil\u00e1cie a spoluhl\u00e1skovej gemin\u00e1cie na morf\u00e9mach a hraniciach slov. Zvuky sa m\u00f4\u017eu meni\u0165, ke\u010f sa prid\u00e1vaj\u00fa pr\u00edpony alebo ke\u010f sa slov\u00e1 sp\u00e1jaj\u00fa do zlo\u017een\u00edn a nosov\u00e9 sa \u010dasto prisp\u00f4sobuj\u00fa nasleduj\u00facim spoluhl\u00e1skam. Pochopenie toho, kedy a ako k t\u00fdmto zmen\u00e1m doch\u00e1dza, je \u017eivotne d\u00f4le\u017eit\u00e9 pre prirodzen\u00fa v\u00fdslovnos\u0165 a presn\u00fa komunik\u00e1ciu v malaj\u00e1lam\u010dine.<\/p>\n\n\n\n<h3 class=\"wp-block-heading\" id=\"h-3-nouns-and-pronouns-gender-and-cases\">3. Podstatn\u00e9 men\u00e1 a z\u00e1men\u00e1: rod a pr\u00edpady<\/h3>\n\n\n\n<p>Malaj\u00e1lamsk\u00e9 podstatn\u00e9 men\u00e1 zvy\u010dajne neozna\u010duj\u00fa gramatick\u00fd rod a tvorba mno\u017en\u00e9ho \u010d\u00edsla \u010dasto pou\u017e\u00edva pr\u00edponu -kal, s nieko\u013ek\u00fdmi nezrovnalos\u0165ami a alternat\u00edvami. P\u00e1dov\u00e9 vz\u0165ahy sa vyjadruj\u00fa pr\u00edponami a postpoz\u00edciami, ako napr\u00edklad akuz\u00edv -e, dat\u00edv -kku alebo -inu, genit\u00edv -ude, in\u0161trument\u00e1l -al, lok\u00e1l -il, ablat\u00edv -il ninnu, sociat\u00edv -ote a vokat\u00edv -e. Z\u00e1men\u00e1 v malaj\u00e1lam\u010dine zah\u0155\u0148aj\u00fa <a href=\"https:\/\/talkpal.ai\/sk\/grammar\/pronomi-personali-v-talianskej-gramatike\/\">osobn\u00e9 z\u00e1men\u00e1<\/a> ako njan, ni, ningal, nammal, avan, aval a \u010destn\u00fd avar, ako aj privlast\u0148ovacie tvary prostredn\u00edctvom genit\u00edvu, zvratn\u00e9ho tan alebo tanne, ukazovatele ako i a aa a opytovacie ako aar, entu, vide a eppol. Obozn\u00e1menie sa s t\u00fdmito z\u00e1menami a ich tvarmi v\u00fdrazne zlep\u0161\u00ed va\u0161e pochopenie malaj\u00e1lamskej gramatiky.<\/p>\n\n\n\n<h3 class=\"wp-block-heading\" id=\"h-4-verbs-structure-and-conjugation\">4. Sloves\u00e1: \u0161trukt\u00fara a \u010dasovanie<\/h3>\n\n\n\n<p>Malajsk\u00e9 sloves\u00e1 sa prim\u00e1rne sklo\u0148uj\u00fa pre \u010das, aspekt, n\u00e1ladu a polaritu, nie pre osobu alebo \u010d\u00edslo. Z\u00e1kladn\u00e9 formy \u010dasov\u00e9ho aspektu zah\u0155\u0148aj\u00fa pr\u00edtomn\u00fd progres\u00edvny -unnu, minul\u00fd -i alebo -u a bud\u00faci -um. Neg\u00e1cia sa be\u017ene tvor\u00ed s -illa a d\u00f4le\u017eit\u00e9 n\u00e1lady zah\u0155\u0148aj\u00fa imperat\u00edv a kondicion\u00e1l, \u010dasto postaven\u00fd na spojk\u00e1ch ako -enkil alebo -al. Pomocn\u00e9 sloves\u00e1 a pr\u00ed\u010dastia s\u00fa \u00fastredn\u00fdm prvkom jazyka, pri\u010dom tvary ako -unna, -iya a -aya sa pou\u017e\u00edvaj\u00fa na vytv\u00e1ranie vz\u0165a\u017en\u00fdch viet a perifrastick\u00fdch kon\u0161trukci\u00ed. U\u010denie sa t\u00fdchto vzorov zlep\u0161\u00ed va\u0161u schopnos\u0165 efekt\u00edvne komunikova\u0165 v malaj\u00e1lam\u010dine.<\/p>\n\n\n\n<h3 class=\"wp-block-heading\" id=\"h-5-adjectives-agreement-and-placement\">5. Pr\u00eddavn\u00e9 men\u00e1: Zmluva a umiestnenie<\/h3>\n\n\n\n<p>V malaj\u00e1lamskej gramatike pr\u00eddavn\u00e9 men\u00e1 zvy\u010dajne predch\u00e1dzaj\u00fa podstatn\u00e9mu menu, ktor\u00e9 upravuj\u00fa, a nes\u00fahlasia s rodom alebo \u010d\u00edslom s podstatn\u00fdm menom. Mnoh\u00e9 opisn\u00e9 v\u00fdznamy s\u00fa vyjadren\u00e9 participi\u00e1lnymi alebo genit\u00edvnymi kon\u0161trukciami a komparat\u00edvy a superlat\u00edvy sa \u010dasto tvoria analyticky, napr\u00edklad s kooduthal pre komparat\u00edvne a etavum pre superlat\u00edv. Pochopenie t\u00fdchto vzorcov je nevyhnutn\u00e9 pre prirodzenej\u0161iu komunik\u00e1ciu.<\/p>\n\n\n\n<p><strong>Pr\u00edklady:<\/strong><\/p>\n\n\n\n<p><strong>\u2013 Valiya Sneham (Ve\u013ek\u00e1 l\u00e1ska)<\/strong><\/p>\n\n\n\n<p><strong>\u2013 Cheriya Kuttikal (mal\u00e9 deti)<\/strong><\/p>\n\n\n\n<h3 class=\"wp-block-heading\" id=\"h-6-engaging-with-the-language\">6. Zapojenie sa do jazyka<\/h3>\n\n\n\n<p>Naj\u00fa\u010dinnej\u0161\u00edm sp\u00f4sobom, ako plne pochopi\u0165 a osvoji\u0165 si malaj\u00e1lamsk\u00fa gramatiku, je d\u00f4sledne sa zap\u00e1ja\u0165 do jazyka. \u010c\u00edtan\u00edm malaj\u00e1lamskej literat\u00fary a nov\u00edn, sledovan\u00edm malaj\u00e1lamsk\u00fdch filmov alebo telev\u00edznych seri\u00e1lov, po\u010d\u00favan\u00edm piesn\u00ed a r\u00e1dia a akt\u00edvnou komunik\u00e1ciou s roden\u00fdmi hovoriacimi posiln\u00edte svoje porozumenie gramatike a z\u00e1rove\u0148 si roz\u0161\u00edrite slovn\u00fa z\u00e1sobu.<\/p>\n\n\n\n<h3 class=\"wp-block-heading\" id=\"h-conclusion\">Z\u00e1ver<\/h3>\n\n\n\n<p>Hoci sa malaj\u00e1lamsk\u00e1 gramatika m\u00f4\u017ee zda\u0165 zlo\u017eit\u00e1, m\u00f4\u017eete sa sta\u0165 zdatn\u00fdmi v tomto kr\u00e1snom jazyku s odhodlan\u00edm, praxou a nad\u0161en\u00edm. Zameran\u00edm sa na z\u00e1kladn\u00e9 pravidl\u00e1 a zapojen\u00edm sa do jazyka v r\u00f4znych kontextoch r\u00fdchlo zlep\u0161\u00edte <a href=\"https:\/\/talkpal.ai\/sk\/gramatika\/\">svoje gramatick\u00e9 zru\u010dnosti<\/a> v malaj\u00e1lam\u010dine. Ashamsakal (ve\u013ea \u0161\u0165astia) na va\u0161ej ceste za malaj\u00e1lamsk\u00fdm jazykom a u\u017eite si odha\u013eovanie z\u00e1hadn\u00e9ho, ale podmaniv\u00e9ho sveta malaj\u00e1lamskej gramatiky!<\/p>\n<\/div><\/div>\n\r\n<section class=\"learnNavigationSection\">\r\n            \r\n        <a href=\"https:\/\/talkpal.ai\/sk\/naucte-sa-malajalamcinu\/\">\r\n            <div class=\"learnNavigationWrapper\">\r\n                <div class=\"learnNavigationContent\">\r\n                    <img decoding=\"async\" src=\"https:\/\/talkpal.ai\/wp-content\/uploads\/2025\/11\/Malayalam.png\" alt=\"Indian Simplified Flag\">\r\n                    <div>\r\n                        <h4>O u\u010den\u00ed malaj\u00e1lam\u010diny<\/h4>\r\n                        <p>Zistite v\u0161etko o malaj\u00e1lamskej gramatike.<\/p>\r\n                    <\/div>\r\n                <\/div>\r\n            <\/div>\r\n        <\/a>\r\n\r\n        \r\n        <a href=\"https:\/\/talkpal.ai\/sk\/cvicenia-z-malajalamskej-gramatiky\/\">\r\n            <div class=\"learnNavigationWrapper\">\r\n                <div class=\"learnNavigationContent\">\r\n                    <img decoding=\"async\" src=\"https:\/\/talkpal.ai\/wp-content\/uploads\/2025\/11\/Malayalam.png\" alt=\"Indian Simplified Flag\">\r\n                    <div>\r\n                        <h4>Cvi\u010denie z malaj\u00e1lamskej gramatiky<\/h4>\r\n                        <p>Precvi\u010dte si malaj\u00e1lamsk\u00fa gramatiku.<\/p>\r\n                    <\/div>\r\n                <\/div>\r\n            <\/div>\r\n        <\/a>\r\n\r\n            <\/section>","protected":false},"excerpt":{"rendered":"<p>Navig\u00e1cia v zlo\u017eitosti malaj\u00e1lamskej gramatiky Malaj\u00e1lam\u010dina, dr\u00e1vidsk\u00fd jazyk s bohatou hist\u00f3riou a hlbok\u00fdmi kult\u00farnymi kore\u0148mi v Kerale a diasp\u00f3re, pon\u00faka vzru\u0161uj\u00faci jazykov\u00fd z\u00e1\u017eitok pre t\u00fdch, ktor\u00ed t\u00fa\u017eia presk\u00fama\u0165 jeho jedine\u010dn\u00fd gramatick\u00fd syst\u00e9m. Ke\u010f sa vyd\u00e1te do r\u00ed\u0161e malaj\u00e1lam\u010diny, nielen\u017ee obohat\u00edte svoj jazykov\u00fd reperto\u00e1r, ale aj prijmete fascinuj\u00facu kult\u00farnu cestu. Aj ke\u010f sa malaj\u00e1lamsk\u00e1 gramatika m\u00f4\u017ee [&hellip;]<\/p>\n","protected":false},"author":20,"featured_media":0,"parent":0,"menu_order":0,"comment_status":"closed","ping_status":"closed","template":"LearningContentPage.php","meta":{"_acf_changed":false,"footnotes":""},"class_list":["post-1477333","page","type-page","status-publish","hentry"],"acf":[],"yoast_head":"<!-- This site is optimized with the Yoast SEO Premium plugin v27.2 (Yoast SEO v27.2) - https:\/\/yoast.com\/product\/yoast-seo-premium-wordpress\/ -->\n<title>Gramatika malaj\u00e1lam\u010diny - Talkpal<\/title>\n<meta name=\"description\" content=\"Zvl\u00e1dnite pravidl\u00e1 malajzijskej gramatiky vr\u00e1tane abecedy, podstatn\u00fdch mien a slovies pomocou na\u0161ej komplexnej pr\u00edru\u010dky na v\u00fdu\u010dbu jazyka AI.\" \/>\n<meta name=\"robots\" content=\"index, follow, max-snippet:-1, max-image-preview:large, max-video-preview:-1\" \/>\n<link rel=\"canonical\" href=\"https:\/\/talkpal.ai\/sk\/gramatika-malajalamciny\/\" \/>\n<meta property=\"og:locale\" content=\"sk_SK\" \/>\n<meta property=\"og:type\" content=\"article\" \/>\n<meta property=\"og:title\" content=\"Gramatika malaj\u00e1lam\u010diny\" \/>\n<meta property=\"og:description\" content=\"Navig\u00e1cia v zlo\u017eitosti malaj\u00e1lamskej gramatiky Malaj\u00e1lam\u010dina, dr\u00e1vidsk\u00fd jazyk s bohatou hist\u00f3riou a hlbok\u00fdmi kult\u00farnymi kore\u0148mi v Kerale a diasp\u00f3re,\" \/>\n<meta property=\"og:url\" content=\"https:\/\/talkpal.ai\/sk\/gramatika-malajalamciny\/\" \/>\n<meta property=\"og:site_name\" content=\"Talkpal\" \/>\n<meta property=\"article:publisher\" content=\"https:\/\/www.facebook.com\/profile.php?id=100090733639311\" \/>\n<meta property=\"article:modified_time\" content=\"2025-12-30T13:58:09+00:00\" \/>\n<meta property=\"og:image\" content=\"https:\/\/talkpal.ai\/wp-content\/uploads\/2025\/02\/Progress-tab-16_9.png\" \/>\n\t<meta property=\"og:image:width\" content=\"2880\" \/>\n\t<meta property=\"og:image:height\" content=\"1620\" \/>\n\t<meta property=\"og:image:type\" content=\"image\/png\" \/>\n<meta name=\"twitter:card\" content=\"summary_large_image\" \/>\n<meta name=\"twitter:site\" content=\"@talkpalai\" \/>\n<meta name=\"twitter:label1\" content=\"Predpokladan\u00fd \u010das \u010d\u00edtania\" \/>\n\t<meta name=\"twitter:data1\" content=\"4 min\u00faty\" \/>\n<script type=\"application\/ld+json\" class=\"yoast-schema-graph\">{\"@context\":\"https:\/\/schema.org\",\"@graph\":[{\"@type\":\"WebPage\",\"@id\":\"https:\/\/talkpal.ai\/sk\/gramatika-malajalamciny\/\",\"url\":\"https:\/\/talkpal.ai\/sk\/gramatika-malajalamciny\/\",\"name\":\"Gramatika malaj\u00e1lam\u010diny - Talkpal\",\"isPartOf\":{\"@id\":\"https:\/\/talkpal.ai\/sk\/#website\"},\"datePublished\":\"2025-11-12T12:26:29+00:00\",\"dateModified\":\"2025-12-30T13:58:09+00:00\",\"description\":\"Zvl\u00e1dnite pravidl\u00e1 malajzijskej gramatiky vr\u00e1tane abecedy, podstatn\u00fdch mien a slovies pomocou na\u0161ej komplexnej pr\u00edru\u010dky na v\u00fdu\u010dbu jazyka AI.\",\"breadcrumb\":{\"@id\":\"https:\/\/talkpal.ai\/sk\/gramatika-malajalamciny\/#breadcrumb\"},\"inLanguage\":\"sk-SK\",\"potentialAction\":[{\"@type\":\"ReadAction\",\"target\":[\"https:\/\/talkpal.ai\/sk\/gramatika-malajalamciny\/\"]}]},{\"@type\":\"BreadcrumbList\",\"@id\":\"https:\/\/talkpal.ai\/sk\/gramatika-malajalamciny\/#breadcrumb\",\"itemListElement\":[{\"@type\":\"ListItem\",\"position\":1,\"name\":\"Homepage\",\"item\":\"https:\/\/talkpal.ai\/sk\/\"},{\"@type\":\"ListItem\",\"position\":2,\"name\":\"Gramatika malaj\u00e1lam\u010diny\"}]},{\"@type\":\"WebSite\",\"@id\":\"https:\/\/talkpal.ai\/sk\/#website\",\"url\":\"https:\/\/talkpal.ai\/sk\/\",\"name\":\"Talkpal\",\"description\":\"AI Language Learning\",\"publisher\":{\"@id\":\"https:\/\/talkpal.ai\/sk\/#organization\"},\"alternateName\":\"Talkpal AI\",\"potentialAction\":[{\"@type\":\"SearchAction\",\"target\":{\"@type\":\"EntryPoint\",\"urlTemplate\":\"https:\/\/talkpal.ai\/sk\/?s={search_term_string}\"},\"query-input\":{\"@type\":\"PropertyValueSpecification\",\"valueRequired\":true,\"valueName\":\"search_term_string\"}}],\"inLanguage\":\"sk-SK\"},{\"@type\":\"Organization\",\"@id\":\"https:\/\/talkpal.ai\/sk\/#organization\",\"name\":\"Talkpal, Inc.\",\"alternateName\":\"Talkpal AI\",\"url\":\"https:\/\/talkpal.ai\/sk\/\",\"logo\":{\"@type\":\"ImageObject\",\"inLanguage\":\"sk-SK\",\"@id\":\"https:\/\/talkpal.ai\/sk\/#\/schema\/logo\/image\/\",\"url\":\"https:\/\/talkpal.ai\/wp-content\/uploads\/2024\/03\/Talkpal-Logo-Icon.png\",\"contentUrl\":\"https:\/\/talkpal.ai\/wp-content\/uploads\/2024\/03\/Talkpal-Logo-Icon.png\",\"width\":2880,\"height\":2880,\"caption\":\"Talkpal, Inc.\"},\"image\":{\"@id\":\"https:\/\/talkpal.ai\/sk\/#\/schema\/logo\/image\/\"},\"sameAs\":[\"https:\/\/www.facebook.com\/profile.php?id=100090733639311\",\"https:\/\/x.com\/talkpalai\",\"https:\/\/www.linkedin.com\/company\/talkpal\/\",\"https:\/\/www.youtube.com\/@TalkPal\/\",\"https:\/\/www.tiktok.com\/@talkpal\",\"https:\/\/www.instagram.com\/talkpal_ai\/\",\"https:\/\/www.crunchbase.com\/organization\/talkpal-9cde\",\"https:\/\/www.g2.com\/products\/talkpal-for-business\/\",\"https:\/\/www.trustpilot.com\/review\/talkpal.ai\",\"https:\/\/www.capterra.com\/p\/10006800\/TalkPal\/\"],\"description\":\"Talkpal is a language learning web and mobile education app, powered by the latest AI technologies, that provides engaging experiences to its customers in many different languages to help them improve their language skills. Users can chat about unlimited amount of topics with the app and use other modes to practice their language learning.\",\"email\":\"support@talkpal.ai\",\"legalName\":\"Talkpal, Inc.\",\"foundingDate\":\"2023-04-03\",\"duns\":\"118989042\",\"numberOfEmployees\":{\"@type\":\"QuantitativeValue\",\"minValue\":\"11\",\"maxValue\":\"50\"},\"publishingPrinciples\":\"https:\/\/talkpal.ai\/publishing-principles\/\",\"actionableFeedbackPolicy\":\"https:\/\/talkpal.ai\/actionable-feedback-policy\/\",\"correctionsPolicy\":\"https:\/\/talkpal.ai\/corrections-policy\/\",\"ethicsPolicy\":\"https:\/\/talkpal.ai\/ethics-policy\/\",\"diversityPolicy\":\"https:\/\/talkpal.ai\/diversity-policy\/\",\"diversityStaffingReport\":\"https:\/\/talkpal.ai\/diversity-policy\/\"}]}<\/script>\n<!-- \/ Yoast SEO Premium plugin. -->","yoast_head_json":{"title":"Gramatika malaj\u00e1lam\u010diny - Talkpal","description":"Zvl\u00e1dnite pravidl\u00e1 malajzijskej gramatiky vr\u00e1tane abecedy, podstatn\u00fdch mien a slovies pomocou na\u0161ej komplexnej pr\u00edru\u010dky na v\u00fdu\u010dbu jazyka AI.","robots":{"index":"index","follow":"follow","max-snippet":"max-snippet:-1","max-image-preview":"max-image-preview:large","max-video-preview":"max-video-preview:-1"},"canonical":"https:\/\/talkpal.ai\/sk\/gramatika-malajalamciny\/","og_locale":"sk_SK","og_type":"article","og_title":"Gramatika malaj\u00e1lam\u010diny","og_description":"Navig\u00e1cia v zlo\u017eitosti malaj\u00e1lamskej gramatiky Malaj\u00e1lam\u010dina, dr\u00e1vidsk\u00fd jazyk s bohatou hist\u00f3riou a hlbok\u00fdmi kult\u00farnymi kore\u0148mi v Kerale a diasp\u00f3re,","og_url":"https:\/\/talkpal.ai\/sk\/gramatika-malajalamciny\/","og_site_name":"Talkpal","article_publisher":"https:\/\/www.facebook.com\/profile.php?id=100090733639311","article_modified_time":"2025-12-30T13:58:09+00:00","og_image":[{"width":2880,"height":1620,"url":"https:\/\/talkpal.ai\/wp-content\/uploads\/2025\/02\/Progress-tab-16_9.png","type":"image\/png"}],"twitter_card":"summary_large_image","twitter_site":"@talkpalai","twitter_misc":{"Predpokladan\u00fd \u010das \u010d\u00edtania":"4 min\u00faty"},"schema":{"@context":"https:\/\/schema.org","@graph":[{"@type":"WebPage","@id":"https:\/\/talkpal.ai\/sk\/gramatika-malajalamciny\/","url":"https:\/\/talkpal.ai\/sk\/gramatika-malajalamciny\/","name":"Gramatika malaj\u00e1lam\u010diny - Talkpal","isPartOf":{"@id":"https:\/\/talkpal.ai\/sk\/#website"},"datePublished":"2025-11-12T12:26:29+00:00","dateModified":"2025-12-30T13:58:09+00:00","description":"Zvl\u00e1dnite pravidl\u00e1 malajzijskej gramatiky vr\u00e1tane abecedy, podstatn\u00fdch mien a slovies pomocou na\u0161ej komplexnej pr\u00edru\u010dky na v\u00fdu\u010dbu jazyka AI.","breadcrumb":{"@id":"https:\/\/talkpal.ai\/sk\/gramatika-malajalamciny\/#breadcrumb"},"inLanguage":"sk-SK","potentialAction":[{"@type":"ReadAction","target":["https:\/\/talkpal.ai\/sk\/gramatika-malajalamciny\/"]}]},{"@type":"BreadcrumbList","@id":"https:\/\/talkpal.ai\/sk\/gramatika-malajalamciny\/#breadcrumb","itemListElement":[{"@type":"ListItem","position":1,"name":"Homepage","item":"https:\/\/talkpal.ai\/sk\/"},{"@type":"ListItem","position":2,"name":"Gramatika malaj\u00e1lam\u010diny"}]},{"@type":"WebSite","@id":"https:\/\/talkpal.ai\/sk\/#website","url":"https:\/\/talkpal.ai\/sk\/","name":"Talkpal","description":"AI Language Learning","publisher":{"@id":"https:\/\/talkpal.ai\/sk\/#organization"},"alternateName":"Talkpal AI","potentialAction":[{"@type":"SearchAction","target":{"@type":"EntryPoint","urlTemplate":"https:\/\/talkpal.ai\/sk\/?s={search_term_string}"},"query-input":{"@type":"PropertyValueSpecification","valueRequired":true,"valueName":"search_term_string"}}],"inLanguage":"sk-SK"},{"@type":"Organization","@id":"https:\/\/talkpal.ai\/sk\/#organization","name":"Talkpal, Inc.","alternateName":"Talkpal AI","url":"https:\/\/talkpal.ai\/sk\/","logo":{"@type":"ImageObject","inLanguage":"sk-SK","@id":"https:\/\/talkpal.ai\/sk\/#\/schema\/logo\/image\/","url":"https:\/\/talkpal.ai\/wp-content\/uploads\/2024\/03\/Talkpal-Logo-Icon.png","contentUrl":"https:\/\/talkpal.ai\/wp-content\/uploads\/2024\/03\/Talkpal-Logo-Icon.png","width":2880,"height":2880,"caption":"Talkpal, Inc."},"image":{"@id":"https:\/\/talkpal.ai\/sk\/#\/schema\/logo\/image\/"},"sameAs":["https:\/\/www.facebook.com\/profile.php?id=100090733639311","https:\/\/x.com\/talkpalai","https:\/\/www.linkedin.com\/company\/talkpal\/","https:\/\/www.youtube.com\/@TalkPal\/","https:\/\/www.tiktok.com\/@talkpal","https:\/\/www.instagram.com\/talkpal_ai\/","https:\/\/www.crunchbase.com\/organization\/talkpal-9cde","https:\/\/www.g2.com\/products\/talkpal-for-business\/","https:\/\/www.trustpilot.com\/review\/talkpal.ai","https:\/\/www.capterra.com\/p\/10006800\/TalkPal\/"],"description":"Talkpal is a language learning web and mobile education app, powered by the latest AI technologies, that provides engaging experiences to its customers in many different languages to help them improve their language skills. Users can chat about unlimited amount of topics with the app and use other modes to practice their language learning.","email":"support@talkpal.ai","legalName":"Talkpal, Inc.","foundingDate":"2023-04-03","duns":"118989042","numberOfEmployees":{"@type":"QuantitativeValue","minValue":"11","maxValue":"50"},"publishingPrinciples":"https:\/\/talkpal.ai\/publishing-principles\/","actionableFeedbackPolicy":"https:\/\/talkpal.ai\/actionable-feedback-policy\/","correctionsPolicy":"https:\/\/talkpal.ai\/corrections-policy\/","ethicsPolicy":"https:\/\/talkpal.ai\/ethics-policy\/","diversityPolicy":"https:\/\/talkpal.ai\/diversity-policy\/","diversityStaffingReport":"https:\/\/talkpal.ai\/diversity-policy\/"}]}},"_links":{"self":[{"href":"https:\/\/talkpal.ai\/sk\/wp-json\/wp\/v2\/pages\/1477333","targetHints":{"allow":["GET"]}}],"collection":[{"href":"https:\/\/talkpal.ai\/sk\/wp-json\/wp\/v2\/pages"}],"about":[{"href":"https:\/\/talkpal.ai\/sk\/wp-json\/wp\/v2\/types\/page"}],"author":[{"embeddable":true,"href":"https:\/\/talkpal.ai\/sk\/wp-json\/wp\/v2\/users\/20"}],"replies":[{"embeddable":true,"href":"https:\/\/talkpal.ai\/sk\/wp-json\/wp\/v2\/comments?post=1477333"}],"version-history":[{"count":0,"href":"https:\/\/talkpal.ai\/sk\/wp-json\/wp\/v2\/pages\/1477333\/revisions"}],"wp:attachment":[{"href":"https:\/\/talkpal.ai\/sk\/wp-json\/wp\/v2\/media?parent=1477333"}],"curies":[{"name":"wp","href":"https:\/\/api.w.org\/{rel}","templated":true}]}}