{"id":1477313,"date":"2025-11-12T16:20:16","date_gmt":"2025-11-12T16:20:16","guid":{"rendered":"https:\/\/talkpal.ai\/pastska-gramatika\/"},"modified":"2025-12-30T11:42:45","modified_gmt":"2025-12-30T11:42:45","slug":"pastska-gramatika","status":"publish","type":"page","link":"https:\/\/talkpal.ai\/sk\/pastska-gramatika\/","title":{"rendered":"Pa\u0161tsk\u00e1 gramatika"},"content":{"rendered":"\r\n\r\n\r\n<section class=\"languageChallengeSection\">\r\n    <div class=\"languageInfoWrapper\">\r\n        \r\n        <h1>Pa\u0161tsk\u00e1 gramatika<\/h1>\r\n        <p>Pa\u0161tsk\u00e1 <a href=\"https:\/\/talkpal.ai\/sq\/gramatika\/\">gramatika<\/a> sa m\u00f4\u017ee na prv\u00fd poh\u013ead zda\u0165 n\u00e1ro\u010dn\u00e1, ale v\u010faka jej jedine\u010dn\u00fdm vlastnostiam je <a href=\"https:\/\/talkpal.ai\/sk\/ucenie\/\">u\u010denie sa<\/a> jazyka obohacuj\u00facou sk\u00fasenos\u0165ou. Sk\u00faman\u00edm abecedy, mut\u00e1ci\u00ed a gramatick\u00fdch pravidiel z\u00edskate preh\u013ead o bohatej jazykovej trad\u00edcii. Za\u010dnite svoju cestu a objavte kr\u00e1sy pa\u0161t\u010diny!<\/p>\r\n\r\n                            <a class=\"getStartedHidden\" href=\"https:\/\/app.talkpal.ai\/sk\/signup?lng=\">Za\u010dni<\/a>\r\n        \r\n    <\/div>\r\n\r\n    <figure>\r\n    <img decoding=\"async\" width=\"768\" height=\"768\" src=\"https:\/\/talkpal.ai\/wp-content\/uploads\/2023\/06\/welsh-768x768.png\" class=\"languageImage no-lazy\" alt=\"Language learning for better cognitive abilities\" fetchpriority=\"high\" sizes=\"(max-width: 768px) 150px, 768px\" srcset=\"https:\/\/talkpal.ai\/wp-content\/uploads\/2023\/06\/welsh-768x768.png 768w, https:\/\/talkpal.ai\/wp-content\/uploads\/2023\/06\/welsh-300x300.png 300w\" \/>\r\n    \r\n\r\n    <\/figure>\r\n\r\n            <a class=\"getStartedVisible\" href=\"https:\/\/app.talkpal.ai\/sk\/signup?lng=\">Za\u010dni<\/a>\r\n    \r\n<\/section><section class=\"promotionalBanner\">\r\n    <p class=\"promotionalText\">Najefekt\u00edvnej\u0161\u00ed sp\u00f4sob, ako sa nau\u010di\u0165 jazyk<\/p>\r\n    <a class=\"promotionalLink\" href=\"https:\/\/app.talkpal.ai\/sk\/signup?lng=\">Vysk\u00fa\u0161ajte Talkpal zadarmo<\/a>\r\n<\/section>\n<div class=\"wp-block-group pageContainerStyle\"><div class=\"wp-block-group__inner-container is-layout-constrained wp-block-group-is-layout-constrained\">\n<h2 class=\"wp-block-heading\" id=\"h-navigating-the-intricacies-of-pashto-grammar\">Navig\u00e1cia v zlo\u017eitosti pa\u0161tskej gramatiky<\/h2>\n\n\n\n<p><a href=\"https:\/\/talkpal.ai\/sk\/ucte-sa-pastunsku\/\">Pa\u0161t\u010dina<\/a>, v\u00fdchodoir\u00e1nsky jazyk s bohatou hist\u00f3riou a kult\u00farnym v\u00fdznamom v Afganistane a Pakistane, pon\u00faka vzru\u0161uj\u00faci jazykov\u00fd z\u00e1\u017eitok pre t\u00fdch, ktor\u00ed t\u00fa\u017eia presk\u00fama\u0165 jeho jedine\u010dn\u00fd gramatick\u00fd syst\u00e9m. Ke\u010f sa vyd\u00e1te do r\u00ed\u0161e pa\u0161t\u010diny, nielen\u017ee obohat\u00edte svoj jazykov\u00fd reperto\u00e1r, ale tie\u017e sa vyd\u00e1te na fascinuj\u00facu kult\u00farnu cestu. Aj ke\u010f sa gramatika pa\u0161t\u010diny m\u00f4\u017ee na prv\u00fd poh\u013ead zda\u0165 komplikovan\u00e1, jej rozdelenie na z\u00e1kladn\u00e9 zlo\u017eky rob\u00ed u\u010denie jazyka pr\u00edstupnej\u0161\u00edm. V tomto \u010dl\u00e1nku presk\u00famame podmaniv\u00fd svet <a href=\"https:\/\/talkpal.ai\/sk\/cvicenia-z-pastskej-gramatiky\/\">pa\u0161tskej gramatiky<\/a> a poskytneme tipy, ako zvl\u00e1dnu\u0165 jej zlo\u017eitos\u0165.<\/p>\n\n\n\n<h3 class=\"wp-block-heading\" id=\"h-1-pashto-alphabet-and-phonetics\">1. Pa\u0161tsk\u00e1 abeceda a fonetika<\/h3>\n\n\n\n<p>Pa\u0161tsk\u00fd syst\u00e9m p\u00edsma je zalo\u017een\u00fd na perzsko-arabskom p\u00edsme a obsahuje \u010fal\u0161ie p\u00edsmen\u00e1 jedine\u010dn\u00e9 pre pa\u0161t\u010dinu, ako napr\u00edklad \u067c, \u0689, \u0693, \u06bc, \u0685, \u0681, \u069a, \u0696 a \u06ab. Ak sa chcete nau\u010di\u0165 pa\u0161tsk\u00fa gramatiku, je d\u00f4le\u017eit\u00e9 obozn\u00e1mi\u0165 sa s t\u00fdmto charakteristick\u00fdm p\u00edsmom a zvukov\u00fdm syst\u00e9mom pa\u0161t\u010diny, ktor\u00fd obsahuje retroflexn\u00e9 a aspirovan\u00e9 spoluhl\u00e1sky, ako aj charakteristick\u00e9 kontrasty samohl\u00e1sok.<\/p>\n\n\n\n<h3 class=\"wp-block-heading\" id=\"h-2-split-ergativity-a-peculiar-pashto-feature\">2. Rozdelen\u00e1 ergativita: Zvl\u00e1\u0161tna pa\u0161tsk\u00e1 vlastnos\u0165<\/h3>\n\n\n\n<p>Jedn\u00fdm z najv\u00fdraznej\u0161\u00edch aspektov pa\u0161tskej gramatiky je jej rozdelen\u00e1 ergativita v mnoh\u00fdch tranzit\u00edvnych vet\u00e1ch v minulom \u010dase. V t\u00fdchto kontextoch sa agent objavuje v \u0161ikmom p\u00e1de a slove m\u00e1 tendenciu s\u00fahlasi\u0165 s priamym predmetom v rode a \u010d\u00edsle, a nie s agentom. Pochopenie toho, kedy sa tento vzor zos\u00faladenia uplat\u0148uje a ako funguje dohoda, je \u017eivotne d\u00f4le\u017eit\u00e9 pre presn\u00fa komunik\u00e1ciu v pa\u0161t\u010dine.<\/p>\n\n\n\n<h3 class=\"wp-block-heading\" id=\"h-3-nouns-and-pronouns-gender-and-cases\">3. Podstatn\u00e9 men\u00e1 a z\u00e1men\u00e1: rod a pr\u00edpady<\/h3>\n\n\n\n<p>Pa\u0161tsk\u00e9 podstatn\u00e9 men\u00e1 maj\u00fa gramatick\u00fd rod (mu\u017esk\u00fd alebo \u017eensk\u00fd rod) a riadia sa nieko\u013ek\u00fdmi vzormi tvorby mno\u017en\u00e9ho \u010d\u00edsla, ktor\u00e9 sa l\u00ed\u0161ia pod\u013ea triedy podstatn\u00fdch mien. <a href=\"https:\/\/talkpal.ai\/learn-pashto\/\">Pa\u0161t\u010dina<\/a> tie\u017e rozli\u0161uje medzi priamymi a \u0161ikm\u00fdmi p\u00e1dmi, ktor\u00e9 ovplyv\u0148uj\u00fa, ako sa podstatn\u00e9 men\u00e1 a z\u00e1men\u00e1 spr\u00e1vaj\u00fa s pr\u00edstavmi a v ur\u010dit\u00fdch slovesn\u00fdch kon\u0161trukci\u00e1ch. Z\u00e1men\u00e1 v pa\u0161t\u010dine zah\u0155\u0148aj\u00fa osobn\u00e9, privlast\u0148ovac\u00ed, zvratn\u00e9, ukazovacie a opytovacie tvary s nez\u00e1visl\u00fdmi aj enklitick\u00fdmi variantmi. Obozn\u00e1menie sa s t\u00fdmito formami a ich rozli\u0161ovan\u00edm p\u00e1dov v\u00fdrazne zlep\u0161\u00ed va\u0161e pochopenie pa\u0161tskej gramatiky.<\/p>\n\n\n\n<h3 class=\"wp-block-heading\" id=\"h-4-verbs-structure-and-conjugation\">4. Sloves\u00e1: \u0161trukt\u00fara a \u010dasovanie<\/h3>\n\n\n\n<p>Pa\u0161tsk\u00e9 sloves\u00e1 sa riadia charakteristick\u00fdm syst\u00e9mom organizovan\u00fdm okolo aspektu a \u010dasu, so zhodou os\u00f4b a \u010d\u00edsel. Jadrov\u00e9 \u010dasy zah\u0155\u0148aj\u00fa pr\u00edtomnos\u0165, minulos\u0165 a bud\u00facnos\u0165, pri\u010dom bud\u00facnos\u0165 sa be\u017ene ozna\u010duje pomocou \u010dastice ba. Pa\u0161t\u010dina tie\u017e v\u00fdrazne vyu\u017e\u00edva n\u00e1lady ako podmie\u0148ovan\u00fd, konjunkt\u00edvny a rozkazovac\u00ed sp\u00f4sob a pou\u017e\u00edva nega\u010dn\u00e9 \u010dastice, ktor\u00e9 sa l\u00ed\u0161ia medzi v\u00fdrokmi a pr\u00edkazmi. U\u010denie sa konjuga\u010dn\u00fdch vzorov, vr\u00e1tane dokonav\u00fdch a nedokonav\u00fdch kme\u0148ov, zlep\u0161\u00ed va\u0161u schopnos\u0165 efekt\u00edvne komunikova\u0165 v pa\u0161t\u010dine.<\/p>\n\n\n\n<h3 class=\"wp-block-heading\" id=\"h-5-adjectives-agreement-and-placement\">5. Pr\u00eddavn\u00e9 men\u00e1: Zmluva a umiestnenie<\/h3>\n\n\n\n<p>V pa\u0161tskej gramatike pr\u00eddavn\u00e9 men\u00e1 zvy\u010dajne predch\u00e1dzaj\u00fa podstatn\u00e9mu menu, ktor\u00e9 upravuj\u00fa, a mnoh\u00e9 pr\u00eddavn\u00e9 men\u00e1 nemenia tvar rodu alebo \u010d\u00edsla. Niektor\u00e9 pr\u00eddavn\u00e9 men\u00e1 tvoria komparat\u00edvne a superlat\u00edvne v\u00fdznamy nepravidelne alebo prostredn\u00edctvom stanoven\u00fdch v\u00fdrazov, ktor\u00e9 s\u00fa nevyhnutn\u00e9 na to, aby ste sa nau\u010dili prirodzenej\u0161ie komunikova\u0165.<\/p>\n\n\n\n<p><strong>Pr\u00edklady:<\/strong><\/p>\n\n\n\n<p><strong>\u2013 Loy Kor (Ve\u013ek\u00fd dom)<\/strong><\/p>\n\n\n\n<p><strong>\u2013 kuchni mashuman (mal\u00e9 deti)<\/strong><\/p>\n\n\n\n<h3 class=\"wp-block-heading\" id=\"h-6-engaging-with-the-language\">6. Zapojenie sa do jazyka<\/h3>\n\n\n\n<p>Naj\u00fa\u010dinnej\u0161\u00edm sp\u00f4sobom, ako plne pochopi\u0165 a osvoji\u0165 si pa\u0161tsk\u00fa gramatiku, je d\u00f4sledne sa zap\u00e1ja\u0165 do jazyka. \u010c\u00edtan\u00edm pa\u0161tskej literat\u00fary, sledovan\u00edm pa\u0161tsk\u00fdch filmov alebo telev\u00edznych seri\u00e1lov, po\u010d\u00favan\u00edm r\u00e1dia a hudby a akt\u00edvnou komunik\u00e1ciou s roden\u00fdmi hovoriacimi posiln\u00edte svoje porozumenie gramatiky a z\u00e1rove\u0148 roz\u0161\u00edrite svoju slovn\u00fa z\u00e1sobu.<\/p>\n\n\n\n<h3 class=\"wp-block-heading\" id=\"h-conclusion\">Z\u00e1ver<\/h3>\n\n\n\n<p>Hoci sa pa\u0161tsk\u00e1 gramatika m\u00f4\u017ee zda\u0165 zlo\u017eit\u00e1, m\u00f4\u017eete sa sta\u0165 zdatn\u00fdmi v tomto kr\u00e1snom jazyku s odhodlan\u00edm, praxou a nad\u0161en\u00edm. Zameran\u00edm sa na z\u00e1kladn\u00e9 pravidl\u00e1 a zapojen\u00edm sa do jazyka v r\u00f4znych kontextoch r\u00fdchlo zlep\u0161\u00edte <a href=\"https:\/\/talkpal.ai\/sk\/gramatika\/\">svoje gramatick\u00e9 zru\u010dnosti<\/a> v pa\u0161t\u010dine. Kha bakht (ve\u013ea \u0161\u0165astia) na va\u0161ej ceste za pa\u0161tsk\u00fdm jazykom a u\u017eite si odha\u013eovanie z\u00e1hadn\u00e9ho, ale podmaniv\u00e9ho sveta pa\u0161tskej gramatiky!<\/p>\n<\/div><\/div>\n\r\n<section class=\"learnNavigationSection\">\r\n            \r\n        <a href=\"https:\/\/talkpal.ai\/sk\/ucte-sa-pastunsku\/\">\r\n            <div class=\"learnNavigationWrapper\">\r\n                <div class=\"learnNavigationContent\">\r\n                    <img decoding=\"async\" src=\"https:\/\/talkpal.ai\/wp-content\/uploads\/2025\/11\/Pashto.png\" alt=\"Afghan Flag\">\r\n                    <div>\r\n                        <h4>O v\u00fdu\u010dbe pa\u0161t\u0161tiny<\/h4>\r\n                        <p>Zistite v\u0161etko o pa\u0161tskej gramatike.<\/p>\r\n                    <\/div>\r\n                <\/div>\r\n            <\/div>\r\n        <\/a>\r\n\r\n        \r\n        <a href=\"https:\/\/talkpal.ai\/sk\/cvicenia-z-pastskej-gramatiky\/\">\r\n            <div class=\"learnNavigationWrapper\">\r\n                <div class=\"learnNavigationContent\">\r\n                    <img decoding=\"async\" src=\"https:\/\/talkpal.ai\/wp-content\/uploads\/2025\/11\/Pashto.png\" alt=\"Afghan Flag\">\r\n                    <div>\r\n                        <h4>Cvi\u010denie z pa\u0161tskej gramatiky<\/h4>\r\n                        <p>Cvi\u010dte pa\u0161t\u010dinu.<\/p>\r\n                    <\/div>\r\n                <\/div>\r\n            <\/div>\r\n        <\/a>\r\n\r\n            <\/section>","protected":false},"excerpt":{"rendered":"<p>Navig\u00e1cia v zlo\u017eitosti pa\u0161tskej gramatiky Pa\u0161t\u010dina, v\u00fdchodoir\u00e1nsky jazyk s bohatou hist\u00f3riou a kult\u00farnym v\u00fdznamom v Afganistane a Pakistane, pon\u00faka vzru\u0161uj\u00faci jazykov\u00fd z\u00e1\u017eitok pre t\u00fdch, ktor\u00ed t\u00fa\u017eia presk\u00fama\u0165 jeho jedine\u010dn\u00fd gramatick\u00fd syst\u00e9m. Ke\u010f sa vyd\u00e1te do r\u00ed\u0161e pa\u0161t\u010diny, nielen\u017ee obohat\u00edte svoj jazykov\u00fd reperto\u00e1r, ale tie\u017e sa vyd\u00e1te na fascinuj\u00facu kult\u00farnu cestu. Aj ke\u010f sa gramatika pa\u0161t\u010diny [&hellip;]<\/p>\n","protected":false},"author":20,"featured_media":0,"parent":0,"menu_order":0,"comment_status":"closed","ping_status":"closed","template":"LearningContentPage.php","meta":{"_acf_changed":false,"footnotes":""},"class_list":["post-1477313","page","type-page","status-publish","hentry"],"acf":[],"yoast_head":"<!-- This site is optimized with the Yoast SEO Premium plugin v27.2 (Yoast SEO v27.2) - https:\/\/yoast.com\/product\/yoast-seo-premium-wordpress\/ -->\n<title>Pa\u0161tsk\u00e1 gramatika - Talkpal<\/title>\n<meta name=\"description\" content=\"Ovl\u00e1dajte pa\u0161t\u00fansku gramatiku s touto komplexnou pr\u00edru\u010dkou, ktor\u00e1 zah\u0155\u0148a abecedu, fonetiku, rozdelenie ergativity, podstatn\u00e9 men\u00e1, z\u00e1men\u00e1, sloves\u00e1 a pr\u00eddavn\u00e9 men\u00e1.\" \/>\n<meta name=\"robots\" content=\"index, follow, max-snippet:-1, max-image-preview:large, max-video-preview:-1\" \/>\n<link rel=\"canonical\" href=\"https:\/\/talkpal.ai\/sk\/pastska-gramatika\/\" \/>\n<meta property=\"og:locale\" content=\"sk_SK\" \/>\n<meta property=\"og:type\" content=\"article\" \/>\n<meta property=\"og:title\" content=\"Pa\u0161tsk\u00e1 gramatika\" \/>\n<meta property=\"og:description\" content=\"Navig\u00e1cia v zlo\u017eitosti pa\u0161tskej gramatiky Pa\u0161t\u010dina, v\u00fdchodoir\u00e1nsky jazyk s bohatou hist\u00f3riou a kult\u00farnym v\u00fdznamom v Afganistane a Pakistane, pon\u00faka\" \/>\n<meta property=\"og:url\" content=\"https:\/\/talkpal.ai\/sk\/pastska-gramatika\/\" \/>\n<meta property=\"og:site_name\" content=\"Talkpal\" \/>\n<meta property=\"article:publisher\" content=\"https:\/\/www.facebook.com\/profile.php?id=100090733639311\" \/>\n<meta property=\"article:modified_time\" content=\"2025-12-30T11:42:45+00:00\" \/>\n<meta property=\"og:image\" content=\"https:\/\/talkpal.ai\/wp-content\/uploads\/2025\/02\/Progress-tab-16_9.png\" \/>\n\t<meta property=\"og:image:width\" content=\"2880\" \/>\n\t<meta property=\"og:image:height\" content=\"1620\" \/>\n\t<meta property=\"og:image:type\" content=\"image\/png\" \/>\n<meta name=\"twitter:card\" content=\"summary_large_image\" \/>\n<meta name=\"twitter:site\" content=\"@talkpalai\" \/>\n<meta name=\"twitter:label1\" content=\"Predpokladan\u00fd \u010das \u010d\u00edtania\" \/>\n\t<meta name=\"twitter:data1\" content=\"4 min\u00faty\" \/>\n<script type=\"application\/ld+json\" class=\"yoast-schema-graph\">{\"@context\":\"https:\/\/schema.org\",\"@graph\":[{\"@type\":\"WebPage\",\"@id\":\"https:\/\/talkpal.ai\/sk\/pastska-gramatika\/\",\"url\":\"https:\/\/talkpal.ai\/sk\/pastska-gramatika\/\",\"name\":\"Pa\u0161tsk\u00e1 gramatika - Talkpal\",\"isPartOf\":{\"@id\":\"https:\/\/talkpal.ai\/sk\/#website\"},\"datePublished\":\"2025-11-12T16:20:16+00:00\",\"dateModified\":\"2025-12-30T11:42:45+00:00\",\"description\":\"Ovl\u00e1dajte pa\u0161t\u00fansku gramatiku s touto komplexnou pr\u00edru\u010dkou, ktor\u00e1 zah\u0155\u0148a abecedu, fonetiku, rozdelenie ergativity, podstatn\u00e9 men\u00e1, z\u00e1men\u00e1, sloves\u00e1 a pr\u00eddavn\u00e9 men\u00e1.\",\"breadcrumb\":{\"@id\":\"https:\/\/talkpal.ai\/sk\/pastska-gramatika\/#breadcrumb\"},\"inLanguage\":\"sk-SK\",\"potentialAction\":[{\"@type\":\"ReadAction\",\"target\":[\"https:\/\/talkpal.ai\/sk\/pastska-gramatika\/\"]}]},{\"@type\":\"BreadcrumbList\",\"@id\":\"https:\/\/talkpal.ai\/sk\/pastska-gramatika\/#breadcrumb\",\"itemListElement\":[{\"@type\":\"ListItem\",\"position\":1,\"name\":\"Homepage\",\"item\":\"https:\/\/talkpal.ai\/sk\/\"},{\"@type\":\"ListItem\",\"position\":2,\"name\":\"Pa\u0161tsk\u00e1 gramatika\"}]},{\"@type\":\"WebSite\",\"@id\":\"https:\/\/talkpal.ai\/sk\/#website\",\"url\":\"https:\/\/talkpal.ai\/sk\/\",\"name\":\"Talkpal\",\"description\":\"AI Language Learning\",\"publisher\":{\"@id\":\"https:\/\/talkpal.ai\/sk\/#organization\"},\"alternateName\":\"Talkpal AI\",\"potentialAction\":[{\"@type\":\"SearchAction\",\"target\":{\"@type\":\"EntryPoint\",\"urlTemplate\":\"https:\/\/talkpal.ai\/sk\/?s={search_term_string}\"},\"query-input\":{\"@type\":\"PropertyValueSpecification\",\"valueRequired\":true,\"valueName\":\"search_term_string\"}}],\"inLanguage\":\"sk-SK\"},{\"@type\":\"Organization\",\"@id\":\"https:\/\/talkpal.ai\/sk\/#organization\",\"name\":\"Talkpal, Inc.\",\"alternateName\":\"Talkpal AI\",\"url\":\"https:\/\/talkpal.ai\/sk\/\",\"logo\":{\"@type\":\"ImageObject\",\"inLanguage\":\"sk-SK\",\"@id\":\"https:\/\/talkpal.ai\/sk\/#\/schema\/logo\/image\/\",\"url\":\"https:\/\/talkpal.ai\/wp-content\/uploads\/2024\/03\/Talkpal-Logo-Icon.png\",\"contentUrl\":\"https:\/\/talkpal.ai\/wp-content\/uploads\/2024\/03\/Talkpal-Logo-Icon.png\",\"width\":2880,\"height\":2880,\"caption\":\"Talkpal, Inc.\"},\"image\":{\"@id\":\"https:\/\/talkpal.ai\/sk\/#\/schema\/logo\/image\/\"},\"sameAs\":[\"https:\/\/www.facebook.com\/profile.php?id=100090733639311\",\"https:\/\/x.com\/talkpalai\",\"https:\/\/www.linkedin.com\/company\/talkpal\/\",\"https:\/\/www.youtube.com\/@TalkPal\/\",\"https:\/\/www.tiktok.com\/@talkpal\",\"https:\/\/www.instagram.com\/talkpal_ai\/\",\"https:\/\/www.crunchbase.com\/organization\/talkpal-9cde\",\"https:\/\/www.g2.com\/products\/talkpal-for-business\/\",\"https:\/\/www.trustpilot.com\/review\/talkpal.ai\",\"https:\/\/www.capterra.com\/p\/10006800\/TalkPal\/\"],\"description\":\"Talkpal is a language learning web and mobile education app, powered by the latest AI technologies, that provides engaging experiences to its customers in many different languages to help them improve their language skills. Users can chat about unlimited amount of topics with the app and use other modes to practice their language learning.\",\"email\":\"support@talkpal.ai\",\"legalName\":\"Talkpal, Inc.\",\"foundingDate\":\"2023-04-03\",\"duns\":\"118989042\",\"numberOfEmployees\":{\"@type\":\"QuantitativeValue\",\"minValue\":\"11\",\"maxValue\":\"50\"},\"publishingPrinciples\":\"https:\/\/talkpal.ai\/publishing-principles\/\",\"actionableFeedbackPolicy\":\"https:\/\/talkpal.ai\/actionable-feedback-policy\/\",\"correctionsPolicy\":\"https:\/\/talkpal.ai\/corrections-policy\/\",\"ethicsPolicy\":\"https:\/\/talkpal.ai\/ethics-policy\/\",\"diversityPolicy\":\"https:\/\/talkpal.ai\/diversity-policy\/\",\"diversityStaffingReport\":\"https:\/\/talkpal.ai\/diversity-policy\/\"}]}<\/script>\n<!-- \/ Yoast SEO Premium plugin. -->","yoast_head_json":{"title":"Pa\u0161tsk\u00e1 gramatika - Talkpal","description":"Ovl\u00e1dajte pa\u0161t\u00fansku gramatiku s touto komplexnou pr\u00edru\u010dkou, ktor\u00e1 zah\u0155\u0148a abecedu, fonetiku, rozdelenie ergativity, podstatn\u00e9 men\u00e1, z\u00e1men\u00e1, sloves\u00e1 a pr\u00eddavn\u00e9 men\u00e1.","robots":{"index":"index","follow":"follow","max-snippet":"max-snippet:-1","max-image-preview":"max-image-preview:large","max-video-preview":"max-video-preview:-1"},"canonical":"https:\/\/talkpal.ai\/sk\/pastska-gramatika\/","og_locale":"sk_SK","og_type":"article","og_title":"Pa\u0161tsk\u00e1 gramatika","og_description":"Navig\u00e1cia v zlo\u017eitosti pa\u0161tskej gramatiky Pa\u0161t\u010dina, v\u00fdchodoir\u00e1nsky jazyk s bohatou hist\u00f3riou a kult\u00farnym v\u00fdznamom v Afganistane a Pakistane, pon\u00faka","og_url":"https:\/\/talkpal.ai\/sk\/pastska-gramatika\/","og_site_name":"Talkpal","article_publisher":"https:\/\/www.facebook.com\/profile.php?id=100090733639311","article_modified_time":"2025-12-30T11:42:45+00:00","og_image":[{"width":2880,"height":1620,"url":"https:\/\/talkpal.ai\/wp-content\/uploads\/2025\/02\/Progress-tab-16_9.png","type":"image\/png"}],"twitter_card":"summary_large_image","twitter_site":"@talkpalai","twitter_misc":{"Predpokladan\u00fd \u010das \u010d\u00edtania":"4 min\u00faty"},"schema":{"@context":"https:\/\/schema.org","@graph":[{"@type":"WebPage","@id":"https:\/\/talkpal.ai\/sk\/pastska-gramatika\/","url":"https:\/\/talkpal.ai\/sk\/pastska-gramatika\/","name":"Pa\u0161tsk\u00e1 gramatika - Talkpal","isPartOf":{"@id":"https:\/\/talkpal.ai\/sk\/#website"},"datePublished":"2025-11-12T16:20:16+00:00","dateModified":"2025-12-30T11:42:45+00:00","description":"Ovl\u00e1dajte pa\u0161t\u00fansku gramatiku s touto komplexnou pr\u00edru\u010dkou, ktor\u00e1 zah\u0155\u0148a abecedu, fonetiku, rozdelenie ergativity, podstatn\u00e9 men\u00e1, z\u00e1men\u00e1, sloves\u00e1 a pr\u00eddavn\u00e9 men\u00e1.","breadcrumb":{"@id":"https:\/\/talkpal.ai\/sk\/pastska-gramatika\/#breadcrumb"},"inLanguage":"sk-SK","potentialAction":[{"@type":"ReadAction","target":["https:\/\/talkpal.ai\/sk\/pastska-gramatika\/"]}]},{"@type":"BreadcrumbList","@id":"https:\/\/talkpal.ai\/sk\/pastska-gramatika\/#breadcrumb","itemListElement":[{"@type":"ListItem","position":1,"name":"Homepage","item":"https:\/\/talkpal.ai\/sk\/"},{"@type":"ListItem","position":2,"name":"Pa\u0161tsk\u00e1 gramatika"}]},{"@type":"WebSite","@id":"https:\/\/talkpal.ai\/sk\/#website","url":"https:\/\/talkpal.ai\/sk\/","name":"Talkpal","description":"AI Language Learning","publisher":{"@id":"https:\/\/talkpal.ai\/sk\/#organization"},"alternateName":"Talkpal AI","potentialAction":[{"@type":"SearchAction","target":{"@type":"EntryPoint","urlTemplate":"https:\/\/talkpal.ai\/sk\/?s={search_term_string}"},"query-input":{"@type":"PropertyValueSpecification","valueRequired":true,"valueName":"search_term_string"}}],"inLanguage":"sk-SK"},{"@type":"Organization","@id":"https:\/\/talkpal.ai\/sk\/#organization","name":"Talkpal, Inc.","alternateName":"Talkpal AI","url":"https:\/\/talkpal.ai\/sk\/","logo":{"@type":"ImageObject","inLanguage":"sk-SK","@id":"https:\/\/talkpal.ai\/sk\/#\/schema\/logo\/image\/","url":"https:\/\/talkpal.ai\/wp-content\/uploads\/2024\/03\/Talkpal-Logo-Icon.png","contentUrl":"https:\/\/talkpal.ai\/wp-content\/uploads\/2024\/03\/Talkpal-Logo-Icon.png","width":2880,"height":2880,"caption":"Talkpal, Inc."},"image":{"@id":"https:\/\/talkpal.ai\/sk\/#\/schema\/logo\/image\/"},"sameAs":["https:\/\/www.facebook.com\/profile.php?id=100090733639311","https:\/\/x.com\/talkpalai","https:\/\/www.linkedin.com\/company\/talkpal\/","https:\/\/www.youtube.com\/@TalkPal\/","https:\/\/www.tiktok.com\/@talkpal","https:\/\/www.instagram.com\/talkpal_ai\/","https:\/\/www.crunchbase.com\/organization\/talkpal-9cde","https:\/\/www.g2.com\/products\/talkpal-for-business\/","https:\/\/www.trustpilot.com\/review\/talkpal.ai","https:\/\/www.capterra.com\/p\/10006800\/TalkPal\/"],"description":"Talkpal is a language learning web and mobile education app, powered by the latest AI technologies, that provides engaging experiences to its customers in many different languages to help them improve their language skills. Users can chat about unlimited amount of topics with the app and use other modes to practice their language learning.","email":"support@talkpal.ai","legalName":"Talkpal, Inc.","foundingDate":"2023-04-03","duns":"118989042","numberOfEmployees":{"@type":"QuantitativeValue","minValue":"11","maxValue":"50"},"publishingPrinciples":"https:\/\/talkpal.ai\/publishing-principles\/","actionableFeedbackPolicy":"https:\/\/talkpal.ai\/actionable-feedback-policy\/","correctionsPolicy":"https:\/\/talkpal.ai\/corrections-policy\/","ethicsPolicy":"https:\/\/talkpal.ai\/ethics-policy\/","diversityPolicy":"https:\/\/talkpal.ai\/diversity-policy\/","diversityStaffingReport":"https:\/\/talkpal.ai\/diversity-policy\/"}]}},"_links":{"self":[{"href":"https:\/\/talkpal.ai\/sk\/wp-json\/wp\/v2\/pages\/1477313","targetHints":{"allow":["GET"]}}],"collection":[{"href":"https:\/\/talkpal.ai\/sk\/wp-json\/wp\/v2\/pages"}],"about":[{"href":"https:\/\/talkpal.ai\/sk\/wp-json\/wp\/v2\/types\/page"}],"author":[{"embeddable":true,"href":"https:\/\/talkpal.ai\/sk\/wp-json\/wp\/v2\/users\/20"}],"replies":[{"embeddable":true,"href":"https:\/\/talkpal.ai\/sk\/wp-json\/wp\/v2\/comments?post=1477313"}],"version-history":[{"count":0,"href":"https:\/\/talkpal.ai\/sk\/wp-json\/wp\/v2\/pages\/1477313\/revisions"}],"wp:attachment":[{"href":"https:\/\/talkpal.ai\/sk\/wp-json\/wp\/v2\/media?parent=1477313"}],"curies":[{"name":"wp","href":"https:\/\/api.w.org\/{rel}","templated":true}]}}