{"id":147713,"date":"2023-05-14T14:12:25","date_gmt":"2023-05-14T14:12:25","guid":{"rendered":"http:\/\/talkpal.ai\/maorska-gramatika\/"},"modified":"2025-12-17T16:43:48","modified_gmt":"2025-12-17T16:43:48","slug":"maorska-gramatika","status":"publish","type":"page","link":"https:\/\/talkpal.ai\/sk\/maorska-gramatika\/","title":{"rendered":"Maorsk\u00e1 gramatika"},"content":{"rendered":"\r\n\r\n\r\n<section class=\"languageChallengeSection\">\r\n    <div class=\"languageInfoWrapper\">\r\n        \r\n        <h1>Maorsk\u00e1 gramatika<\/h1>\r\n        <p>Chcete sa nau\u010di\u0165 maorij\u010dinu? Zozn\u00e1mte sa s maorskou gramatikou, ktor\u00e1 je zn\u00e1ma svojou jednoduchos\u0165ou, pou\u017e\u00edvan\u00edm \u010dlenov a d\u00f4le\u017eitou \u00falohou \u010dast\u00edc pri tvorbe v\u00fdznamu. Za\u010dnite e\u0161te dnes &#8211; zvl\u00e1dnutie maorijskej gramatiky v\u00e1m pom\u00f4\u017ee hlb\u0161ie sa spoji\u0165 s bohat\u00fdm dedi\u010dstvom tohto jazyka a \u017eivou kult\u00farou Aotearoa Nov\u00e9ho Z\u00e9landu!<\/p>\r\n\r\n                            <a class=\"getStartedHidden\" href=\"https:\/\/app.talkpal.ai\/sk\/signup?lng=\">Za\u010dni<\/a>\r\n        \r\n    <\/div>\r\n\r\n    <figure>\r\n    <img decoding=\"async\" width=\"768\" height=\"768\" src=\"https:\/\/talkpal.ai\/wp-content\/uploads\/2023\/06\/maori-768x768.png\" class=\"languageImage no-lazy\" alt=\"Language learning for social and professional settings\" fetchpriority=\"high\" sizes=\"(max-width: 768px) 150px, 768px\" srcset=\"https:\/\/talkpal.ai\/wp-content\/uploads\/2023\/06\/maori-768x768.png 768w, https:\/\/talkpal.ai\/wp-content\/uploads\/2023\/06\/maori-300x300.png 300w\" \/>\r\n    \r\n\r\n    <\/figure>\r\n\r\n            <a class=\"getStartedVisible\" href=\"https:\/\/app.talkpal.ai\/sk\/signup?lng=\">Za\u010dni<\/a>\r\n    \r\n<\/section>\r\n<section class=\"promotionalBanner\">\r\n    <p class=\"promotionalText\">Najefekt\u00edvnej\u0161\u00ed sp\u00f4sob, ako sa nau\u010di\u0165 jazyk<\/p>\r\n    <a class=\"promotionalLink\" href=\"https:\/\/app.talkpal.ai\/sk\/signup?lng=\">Vysk\u00fa\u0161ajte Talkpal zadarmo<\/a>\r\n<\/section>\n<div class=\"wp-block-group pageContainerStyle\"><div class=\"wp-block-group__inner-container is-layout-constrained wp-block-group-is-layout-constrained\">\n<h2 class=\"wp-block-heading\" id=\"h-maori-grammar-your-ticket-to-a-vibrant-bicultural-world\">Maorsk\u00e1 gramatika: Va\u0161a vstupenka do pulzuj\u00faceho bikult\u00farneho sveta<\/h2>\n\n\n\n<p><a href=\"https:\/\/talkpal.ai\/culture\/how-do-you-say-lets-go-in-maori\/\">Kia ora<\/a>! Vitajte v n\u00e1dhernom svete maorsk\u00e9ho jazyka. <a href=\"https:\/\/talkpal.ai\/learn-maori\/\">Maor\u010dina<\/a> alebo te reo <a href=\"https:\/\/talkpal.ai\/learn-maori\/\">maori<\/a> ako p\u00f4vodn\u00fd jazyk Nov\u00e9ho Z\u00e9landu v\u00e1m pon\u00faka jedine\u010dn\u00fa pr\u00edle\u017eitos\u0165 spoji\u0165 sa so starobylou kult\u00farou a jej \u017eivou komunitou hovoriacich. Ako ka\u017ed\u00fd jazyk, aj <a href=\"https:\/\/talkpal.ai\/maori-grammar\/\">maorsk\u00e1 gramatika<\/a> sa m\u00f4\u017ee zda\u0165 n\u00e1ro\u010dn\u00e1, ale nebojte sa! Tento sprievodca vhodn\u00fd pre za\u010diato\u010dn\u00edkov zjednodu\u0161\u00ed z\u00e1kladn\u00e9 komponenty maorskej gramatiky pre vizu\u00e1lne p\u00fatav\u00fa a informat\u00edvnu cestu.<\/p>\n\n\n\n<h3 class=\"wp-block-heading\" id=\"h-1-starting-with-the-basics-maori-alphabet-and-pronunciation\">1. Po\u010dn\u00fac z\u00e1kladmi: maorsk\u00e1 abeceda a v\u00fdslovnos\u0165<\/h3>\n\n\n\n<p>Maori pou\u017e\u00edva modifikovan\u00e9 latinsk\u00e9 p\u00edsmo, ktor\u00e9 pozost\u00e1va iba z 15 p\u00edsmen: p\u00e4\u0165 samohl\u00e1sok (a, e, i, o a u) a desa\u0165 spoluhl\u00e1sok (h, k, m, n, p, r, t, w, ng a wh). Zozn\u00e1mte sa s t\u00fdmito p\u00edsmenami a ich odli\u0161nou v\u00fdslovnos\u0165ou, preto\u017ee polo\u017eia z\u00e1klady pre v\u0161etky nasleduj\u00face maorsk\u00e9 gramatick\u00e9 u\u010denie.<\/p>\n\n\n\n<h3 class=\"wp-block-heading\" id=\"h-2-exploring-maori-sentence-structure\">2. Sk\u00famanie maorskej vetnej \u0161trukt\u00fary<\/h3>\n\n\n\n<p>Vo svojej podstate sa <a href=\"https:\/\/talkpal.ai\/maori-grammar\/\">maorsk\u00e1 gramatika<\/a> riadi jednoduchou \u0161trukt\u00farou predmet-sloveso (-objekt), pri\u010dom sloveso zvy\u010dajne predch\u00e1dza predmetu. Najjasnej\u0161\u00ed sp\u00f4sob, ako pochopi\u0165 t\u00fato \u0161trukt\u00faru, je vidie\u0165 ju v akcii:<\/p>\n\n\n\n<p><strong>Sloven\u010dina: Die\u0165a sa hr\u00e1.<\/strong><\/p>\n\n\n\n<p><strong>Maori: Kei te t\u0101karo te tamaiti.<\/strong><\/p>\n\n\n\n<p>V maor\u010dine sa \u010das slovesa ozna\u010duje kombin\u00e1ciou \u010dast\u00edc alebo pridan\u00edm \u010dasov\u00e9ho ukazovate\u013ea do vety.<\/p>\n\n\n\n<h3 class=\"wp-block-heading\" id=\"h-3-demystifying-particles-building-blocks-of-maori-grammar\">3. Demystifik\u00e1cia \u010dast\u00edc: stavebn\u00e9 kamene maorskej gramatiky<\/h3>\n\n\n\n<p>\u010castice hraj\u00fa k\u013e\u00fa\u010dov\u00fa \u00falohu v maorskej gramatike, sp\u00e1jaj\u00fa slov\u00e1 a fr\u00e1zy dohromady a vytv\u00e1raj\u00fa koherentn\u00e9 a expres\u00edvne vety. Ako za\u010diato\u010dn\u00edk sa zamerajte na pochopenie nieko\u013ek\u00fdch z\u00e1kladn\u00fdch \u010dast\u00edc:<\/p>\n\n\n\n<p><strong>&#8211; Kia: pou\u017e\u00edva sa na vyjadrenie pr\u00edkazov, \u017eelan\u00ed a na ozna\u010denie \u00fa\u010delu \u010dinnosti.<\/strong><\/p>\n\n\n\n<p><strong>&#8211; Kei: pou\u017e\u00edva sa na tvorenie \u010dasu priebehov\u00e9ho.<\/strong><\/p>\n\n\n\n<p><strong>&#8211; Ko: pou\u017e\u00edva sa na ozna\u010denie predmetu vety.<\/strong><\/p>\n\n\n\n<h3 class=\"wp-block-heading\" id=\"h-4-getting-to-know-maori-pronouns\">4. Spozn\u00e1vanie maorsk\u00fdch z\u00e1men<\/h3>\n\n\n\n<p>Z\u00e1men\u00e1 v maor\u010dine nahr\u00e1dzaj\u00fa podstatn\u00e9 men\u00e1 a pom\u00e1haj\u00fa udr\u017eiava\u0165 va\u0161e rozhovory prirodzen\u00e9 a plynul\u00e9. Ako za\u010diato\u010dn\u00edk sa s\u00fastre\u010fte na pochopenie osobn\u00fdch a majetn\u00edckych z\u00e1men:<\/p>\n\n\n\n<p><a href=\"https:\/\/talkpal.ai\/sk\/grammar\/pronomi-personali-v-talianskej-gramatike\/\">Osobn\u00e9 z\u00e1men\u00e1<\/a>: ahau (I), koe (ty, jednotn\u00e9 \u010d\u00edslo), ia (on\/ona), t\u0101ua (my, vr\u00e1tane osoby, s ktorou sa hovor\u00ed), m\u0101ua (my, okrem osoby, s ktorou sa hovor\u00ed), koutou (ty, mno\u017en\u00e9 \u010d\u00edslo), r\u0101tau (oni)<\/p>\n\n\n\n<p>Privlast\u0148ovacie z\u00e1men\u00e1: taku\/t\u014dku (moje), t\u014du (ur, jednotn\u00e9 \u010d\u00edslo), t\u014dna (jeho\/ona), t\u014d t\u0101ua (n\u00e1\u0161, vr\u00e1tane hovorcu a posluch\u00e1\u010da), t\u014d m\u0101ua (n\u00e1\u0161, hovorca a niekto in\u00fd), t\u014d koutou (ur, mno\u017en\u00e9 \u010d\u00edslo), t\u014d r\u0101tau (ich)<\/p>\n\n\n\n<h3 class=\"wp-block-heading\" id=\"h-5-navigating-maori-nouns-and-adjectives\">5. Navig\u00e1cia v maorsk\u00fdch podstatn\u00fdch men\u00e1ch a pr\u00eddavn\u00fdch men\u00e1ch<\/h3>\n\n\n\n<p>Maorsk\u00e9 podstatn\u00e9 men\u00e1 a pr\u00eddavn\u00e9 men\u00e1 sa riadia jednoduch\u00fdmi gramatick\u00fdmi pravidlami, v\u010faka \u010domu je pre za\u010diato\u010dn\u00edkov \u013eahk\u00e9 porozumie\u0165. Pr\u00eddavn\u00e9 men\u00e1 zvy\u010dajne nasleduj\u00fa za podstatn\u00fdm menom, ktor\u00e9 opisuj\u00fa, a v mno\u017enom \u010d\u00edsle podstatn\u00fdch mien sa pred podstatn\u00e9 meno jednoducho prid\u00e1va \u010dastica &#8222;ng\u0101&#8220;. Napr\u00edklad:<\/p>\n\n\n\n<p><strong>Te whare nui &#8211; &#8222;ve\u013ek\u00fd dom&#8220;<\/strong><\/p>\n\n\n\n<p><strong>Ng\u0101 tamariki &#8211; &#8222;deti&#8220;<\/strong><\/p>\n\n\n\n<p>Tu to m\u00e1te! Urobili ste prv\u00e9 kroky k zvl\u00e1dnutiu maorskej gramatiky a obohatili ste svoju cestu maorsk\u00fdm jazykom a kult\u00farou. Pam\u00e4tajte, \u017ee prax, vytrvalos\u0165 a ponorenie s\u00fa nevyhnutn\u00e9 pre \u00faspech, tak\u017ee sa spojte s roden\u00fdmi hovorcami, presk\u00famajte maorsk\u00e9 texty a posilnite svoj jazykov\u00fd z\u00e1klad. <a href=\"https:\/\/talkpal.ai\/culture\/how-do-you-say-be-strong-in-maori\/\">Kia kaha<\/a>! (Bu\u010fte siln\u00ed!)<\/p>\n<\/div><\/div>\n\r\n<section class=\"learnNavigationSection\">\r\n            \r\n        <a href=\"https:\/\/talkpal.ai\/sk\/naucte-sa-maorsky\/\">\r\n            <div class=\"learnNavigationWrapper\">\r\n                <div class=\"learnNavigationContent\">\r\n                    <img decoding=\"async\" src=\"https:\/\/talkpal.ai\/wp-content\/uploads\/2024\/08\/Maori.jpg\" alt=\"New Zealand Flag\">\r\n                    <div>\r\n                        <h4>Lekcie maorskej gramatiky<\/h4>\r\n                        <p>Zistite v\u0161etko o maorskej gramatike.<\/p>\r\n                    <\/div>\r\n                <\/div>\r\n            <\/div>\r\n        <\/a>\r\n\r\n        \r\n        <a href=\"https:\/\/talkpal.ai\/sk\/maorske-gramaticke-cvicenia\/\">\r\n            <div class=\"learnNavigationWrapper\">\r\n                <div class=\"learnNavigationContent\">\r\n                    <img decoding=\"async\" src=\"https:\/\/talkpal.ai\/wp-content\/uploads\/2024\/08\/Maori.jpg\" alt=\"New Zealand Flag\">\r\n                    <div>\r\n                        <h4>Cvi\u010denie maorskej gramatiky<\/h4>\r\n                        <p>Precvi\u010dte si maorsk\u00fa gramatiku.<\/p>\r\n                    <\/div>\r\n                <\/div>\r\n            <\/div>\r\n        <\/a>\r\n\r\n        \r\n        <a href=\"https:\/\/talkpal.ai\/vocabulary_language\/maori\/\">\r\n            <div class=\"learnNavigationWrapper\">\r\n                <div class=\"learnNavigationContent\">\r\n                    <img decoding=\"async\" src=\"https:\/\/talkpal.ai\/wp-content\/uploads\/2024\/08\/Maori.jpg\" alt=\"New Zealand Flag\">\r\n                    <div>\r\n                        <h4>Maorsk\u00e1 slovn\u00e1 z\u00e1soba<\/h4>\r\n                        <p>Roz\u0161\u00edrte si maorsk\u00fa slovn\u00fa z\u00e1sobu.<\/p>\r\n                    <\/div>\r\n                <\/div>\r\n            <\/div>\r\n        <\/a>\r\n\r\n            <\/section>","protected":false},"excerpt":{"rendered":"<p>Maorsk\u00e1 gramatika: Va\u0161a vstupenka do pulzuj\u00faceho bikult\u00farneho sveta Kia ora! Vitajte v n\u00e1dhernom svete maorsk\u00e9ho jazyka. Maor\u010dina alebo te reo maori ako p\u00f4vodn\u00fd jazyk Nov\u00e9ho Z\u00e9landu v\u00e1m pon\u00faka jedine\u010dn\u00fa pr\u00edle\u017eitos\u0165 spoji\u0165 sa so starobylou kult\u00farou a jej \u017eivou komunitou hovoriacich. Ako ka\u017ed\u00fd jazyk, aj maorsk\u00e1 gramatika sa m\u00f4\u017ee zda\u0165 n\u00e1ro\u010dn\u00e1, ale nebojte sa! Tento sprievodca [&hellip;]<\/p>\n","protected":false},"author":1,"featured_media":116665,"parent":0,"menu_order":0,"comment_status":"closed","ping_status":"closed","template":"LearningContentPage.php","meta":{"_acf_changed":false,"footnotes":""},"class_list":["post-147713","page","type-page","status-publish","has-post-thumbnail","hentry"],"acf":[],"yoast_head":"<!-- This site is optimized with the Yoast SEO Premium plugin v27.2 (Yoast SEO v27.2) - https:\/\/yoast.com\/product\/yoast-seo-premium-wordpress\/ -->\n<title>Maorsk\u00e1 gramatika - Talkpal<\/title>\n<meta name=\"description\" content=\"Presk\u00famajte z\u00e1klady maorskej gramatiky s na\u0161\u00edm sprievodcom pre za\u010diato\u010dn\u00edkov. Objavte 15 p\u00edsmen a z\u00e1kladn\u00fdch pravidiel maorsk\u00e9ho jazyka te reo.\" \/>\n<meta name=\"robots\" content=\"index, follow, max-snippet:-1, max-image-preview:large, max-video-preview:-1\" \/>\n<link rel=\"canonical\" href=\"https:\/\/talkpal.ai\/sk\/maorska-gramatika\/\" \/>\n<meta property=\"og:locale\" content=\"sk_SK\" \/>\n<meta property=\"og:type\" content=\"article\" \/>\n<meta property=\"og:title\" content=\"Maorsk\u00e1 gramatika\" \/>\n<meta property=\"og:description\" content=\"Maorsk\u00e1 gramatika: Va\u0161a vstupenka do pulzuj\u00faceho bikult\u00farneho sveta Kia ora! Vitajte v n\u00e1dhernom svete maorsk\u00e9ho jazyka. Maor\u010dina alebo te reo maori ako\" \/>\n<meta property=\"og:url\" content=\"https:\/\/talkpal.ai\/sk\/maorska-gramatika\/\" \/>\n<meta property=\"og:site_name\" content=\"Talkpal\" \/>\n<meta property=\"article:publisher\" content=\"https:\/\/www.facebook.com\/profile.php?id=100090733639311\" \/>\n<meta property=\"article:modified_time\" content=\"2025-12-17T16:43:48+00:00\" \/>\n<meta property=\"og:image\" content=\"https:\/\/talkpal.ai\/wp-content\/uploads\/2023\/05\/Maori-new-zealand.png\" \/>\n\t<meta property=\"og:image:width\" content=\"512\" \/>\n\t<meta property=\"og:image:height\" content=\"512\" \/>\n\t<meta property=\"og:image:type\" content=\"image\/png\" \/>\n<meta name=\"twitter:card\" content=\"summary_large_image\" \/>\n<meta name=\"twitter:site\" content=\"@talkpalai\" \/>\n<meta name=\"twitter:label1\" content=\"Predpokladan\u00fd \u010das \u010d\u00edtania\" \/>\n\t<meta name=\"twitter:data1\" content=\"3 min\u00faty\" \/>\n<script type=\"application\/ld+json\" class=\"yoast-schema-graph\">{\"@context\":\"https:\/\/schema.org\",\"@graph\":[{\"@type\":\"WebPage\",\"@id\":\"https:\/\/talkpal.ai\/sk\/maorska-gramatika\/\",\"url\":\"https:\/\/talkpal.ai\/sk\/maorska-gramatika\/\",\"name\":\"Maorsk\u00e1 gramatika - Talkpal\",\"isPartOf\":{\"@id\":\"https:\/\/talkpal.ai\/sk\/#website\"},\"primaryImageOfPage\":{\"@id\":\"https:\/\/talkpal.ai\/sk\/maorska-gramatika\/#primaryimage\"},\"image\":{\"@id\":\"https:\/\/talkpal.ai\/sk\/maorska-gramatika\/#primaryimage\"},\"thumbnailUrl\":\"https:\/\/talkpal.ai\/wp-content\/uploads\/2023\/05\/Maori-new-zealand.png\",\"datePublished\":\"2023-05-14T14:12:25+00:00\",\"dateModified\":\"2025-12-17T16:43:48+00:00\",\"description\":\"Presk\u00famajte z\u00e1klady maorskej gramatiky s na\u0161\u00edm sprievodcom pre za\u010diato\u010dn\u00edkov. Objavte 15 p\u00edsmen a z\u00e1kladn\u00fdch pravidiel maorsk\u00e9ho jazyka te reo.\",\"breadcrumb\":{\"@id\":\"https:\/\/talkpal.ai\/sk\/maorska-gramatika\/#breadcrumb\"},\"inLanguage\":\"sk-SK\",\"potentialAction\":[{\"@type\":\"ReadAction\",\"target\":[\"https:\/\/talkpal.ai\/sk\/maorska-gramatika\/\"]}]},{\"@type\":\"ImageObject\",\"inLanguage\":\"sk-SK\",\"@id\":\"https:\/\/talkpal.ai\/sk\/maorska-gramatika\/#primaryimage\",\"url\":\"https:\/\/talkpal.ai\/wp-content\/uploads\/2023\/05\/Maori-new-zealand.png\",\"contentUrl\":\"https:\/\/talkpal.ai\/wp-content\/uploads\/2023\/05\/Maori-new-zealand.png\",\"width\":512,\"height\":512},{\"@type\":\"BreadcrumbList\",\"@id\":\"https:\/\/talkpal.ai\/sk\/maorska-gramatika\/#breadcrumb\",\"itemListElement\":[{\"@type\":\"ListItem\",\"position\":1,\"name\":\"Homepage\",\"item\":\"https:\/\/talkpal.ai\/sk\/\"},{\"@type\":\"ListItem\",\"position\":2,\"name\":\"Maorsk\u00e1 gramatika\"}]},{\"@type\":\"WebSite\",\"@id\":\"https:\/\/talkpal.ai\/sk\/#website\",\"url\":\"https:\/\/talkpal.ai\/sk\/\",\"name\":\"Talkpal\",\"description\":\"AI Language Learning\",\"publisher\":{\"@id\":\"https:\/\/talkpal.ai\/sk\/#organization\"},\"alternateName\":\"Talkpal AI\",\"potentialAction\":[{\"@type\":\"SearchAction\",\"target\":{\"@type\":\"EntryPoint\",\"urlTemplate\":\"https:\/\/talkpal.ai\/sk\/?s={search_term_string}\"},\"query-input\":{\"@type\":\"PropertyValueSpecification\",\"valueRequired\":true,\"valueName\":\"search_term_string\"}}],\"inLanguage\":\"sk-SK\"},{\"@type\":\"Organization\",\"@id\":\"https:\/\/talkpal.ai\/sk\/#organization\",\"name\":\"Talkpal, Inc.\",\"alternateName\":\"Talkpal AI\",\"url\":\"https:\/\/talkpal.ai\/sk\/\",\"logo\":{\"@type\":\"ImageObject\",\"inLanguage\":\"sk-SK\",\"@id\":\"https:\/\/talkpal.ai\/sk\/#\/schema\/logo\/image\/\",\"url\":\"https:\/\/talkpal.ai\/wp-content\/uploads\/2024\/03\/Talkpal-Logo-Icon.png\",\"contentUrl\":\"https:\/\/talkpal.ai\/wp-content\/uploads\/2024\/03\/Talkpal-Logo-Icon.png\",\"width\":2880,\"height\":2880,\"caption\":\"Talkpal, Inc.\"},\"image\":{\"@id\":\"https:\/\/talkpal.ai\/sk\/#\/schema\/logo\/image\/\"},\"sameAs\":[\"https:\/\/www.facebook.com\/profile.php?id=100090733639311\",\"https:\/\/x.com\/talkpalai\",\"https:\/\/www.linkedin.com\/company\/talkpal\/\",\"https:\/\/www.youtube.com\/@TalkPal\/\",\"https:\/\/www.tiktok.com\/@talkpal\",\"https:\/\/www.instagram.com\/talkpal_ai\/\",\"https:\/\/www.crunchbase.com\/organization\/talkpal-9cde\",\"https:\/\/www.g2.com\/products\/talkpal-for-business\/\",\"https:\/\/www.trustpilot.com\/review\/talkpal.ai\",\"https:\/\/www.capterra.com\/p\/10006800\/TalkPal\/\"],\"description\":\"Talkpal is a language learning web and mobile education app, powered by the latest AI technologies, that provides engaging experiences to its customers in many different languages to help them improve their language skills. Users can chat about unlimited amount of topics with the app and use other modes to practice their language learning.\",\"email\":\"support@talkpal.ai\",\"legalName\":\"Talkpal, Inc.\",\"foundingDate\":\"2023-04-03\",\"duns\":\"118989042\",\"numberOfEmployees\":{\"@type\":\"QuantitativeValue\",\"minValue\":\"11\",\"maxValue\":\"50\"},\"publishingPrinciples\":\"https:\/\/talkpal.ai\/publishing-principles\/\",\"actionableFeedbackPolicy\":\"https:\/\/talkpal.ai\/actionable-feedback-policy\/\",\"correctionsPolicy\":\"https:\/\/talkpal.ai\/corrections-policy\/\",\"ethicsPolicy\":\"https:\/\/talkpal.ai\/ethics-policy\/\",\"diversityPolicy\":\"https:\/\/talkpal.ai\/diversity-policy\/\",\"diversityStaffingReport\":\"https:\/\/talkpal.ai\/diversity-policy\/\"}]}<\/script>\n<!-- \/ Yoast SEO Premium plugin. -->","yoast_head_json":{"title":"Maorsk\u00e1 gramatika - Talkpal","description":"Presk\u00famajte z\u00e1klady maorskej gramatiky s na\u0161\u00edm sprievodcom pre za\u010diato\u010dn\u00edkov. Objavte 15 p\u00edsmen a z\u00e1kladn\u00fdch pravidiel maorsk\u00e9ho jazyka te reo.","robots":{"index":"index","follow":"follow","max-snippet":"max-snippet:-1","max-image-preview":"max-image-preview:large","max-video-preview":"max-video-preview:-1"},"canonical":"https:\/\/talkpal.ai\/sk\/maorska-gramatika\/","og_locale":"sk_SK","og_type":"article","og_title":"Maorsk\u00e1 gramatika","og_description":"Maorsk\u00e1 gramatika: Va\u0161a vstupenka do pulzuj\u00faceho bikult\u00farneho sveta Kia ora! Vitajte v n\u00e1dhernom svete maorsk\u00e9ho jazyka. Maor\u010dina alebo te reo maori ako","og_url":"https:\/\/talkpal.ai\/sk\/maorska-gramatika\/","og_site_name":"Talkpal","article_publisher":"https:\/\/www.facebook.com\/profile.php?id=100090733639311","article_modified_time":"2025-12-17T16:43:48+00:00","og_image":[{"width":512,"height":512,"url":"https:\/\/talkpal.ai\/wp-content\/uploads\/2023\/05\/Maori-new-zealand.png","type":"image\/png"}],"twitter_card":"summary_large_image","twitter_site":"@talkpalai","twitter_misc":{"Predpokladan\u00fd \u010das \u010d\u00edtania":"3 min\u00faty"},"schema":{"@context":"https:\/\/schema.org","@graph":[{"@type":"WebPage","@id":"https:\/\/talkpal.ai\/sk\/maorska-gramatika\/","url":"https:\/\/talkpal.ai\/sk\/maorska-gramatika\/","name":"Maorsk\u00e1 gramatika - Talkpal","isPartOf":{"@id":"https:\/\/talkpal.ai\/sk\/#website"},"primaryImageOfPage":{"@id":"https:\/\/talkpal.ai\/sk\/maorska-gramatika\/#primaryimage"},"image":{"@id":"https:\/\/talkpal.ai\/sk\/maorska-gramatika\/#primaryimage"},"thumbnailUrl":"https:\/\/talkpal.ai\/wp-content\/uploads\/2023\/05\/Maori-new-zealand.png","datePublished":"2023-05-14T14:12:25+00:00","dateModified":"2025-12-17T16:43:48+00:00","description":"Presk\u00famajte z\u00e1klady maorskej gramatiky s na\u0161\u00edm sprievodcom pre za\u010diato\u010dn\u00edkov. Objavte 15 p\u00edsmen a z\u00e1kladn\u00fdch pravidiel maorsk\u00e9ho jazyka te reo.","breadcrumb":{"@id":"https:\/\/talkpal.ai\/sk\/maorska-gramatika\/#breadcrumb"},"inLanguage":"sk-SK","potentialAction":[{"@type":"ReadAction","target":["https:\/\/talkpal.ai\/sk\/maorska-gramatika\/"]}]},{"@type":"ImageObject","inLanguage":"sk-SK","@id":"https:\/\/talkpal.ai\/sk\/maorska-gramatika\/#primaryimage","url":"https:\/\/talkpal.ai\/wp-content\/uploads\/2023\/05\/Maori-new-zealand.png","contentUrl":"https:\/\/talkpal.ai\/wp-content\/uploads\/2023\/05\/Maori-new-zealand.png","width":512,"height":512},{"@type":"BreadcrumbList","@id":"https:\/\/talkpal.ai\/sk\/maorska-gramatika\/#breadcrumb","itemListElement":[{"@type":"ListItem","position":1,"name":"Homepage","item":"https:\/\/talkpal.ai\/sk\/"},{"@type":"ListItem","position":2,"name":"Maorsk\u00e1 gramatika"}]},{"@type":"WebSite","@id":"https:\/\/talkpal.ai\/sk\/#website","url":"https:\/\/talkpal.ai\/sk\/","name":"Talkpal","description":"AI Language Learning","publisher":{"@id":"https:\/\/talkpal.ai\/sk\/#organization"},"alternateName":"Talkpal AI","potentialAction":[{"@type":"SearchAction","target":{"@type":"EntryPoint","urlTemplate":"https:\/\/talkpal.ai\/sk\/?s={search_term_string}"},"query-input":{"@type":"PropertyValueSpecification","valueRequired":true,"valueName":"search_term_string"}}],"inLanguage":"sk-SK"},{"@type":"Organization","@id":"https:\/\/talkpal.ai\/sk\/#organization","name":"Talkpal, Inc.","alternateName":"Talkpal AI","url":"https:\/\/talkpal.ai\/sk\/","logo":{"@type":"ImageObject","inLanguage":"sk-SK","@id":"https:\/\/talkpal.ai\/sk\/#\/schema\/logo\/image\/","url":"https:\/\/talkpal.ai\/wp-content\/uploads\/2024\/03\/Talkpal-Logo-Icon.png","contentUrl":"https:\/\/talkpal.ai\/wp-content\/uploads\/2024\/03\/Talkpal-Logo-Icon.png","width":2880,"height":2880,"caption":"Talkpal, Inc."},"image":{"@id":"https:\/\/talkpal.ai\/sk\/#\/schema\/logo\/image\/"},"sameAs":["https:\/\/www.facebook.com\/profile.php?id=100090733639311","https:\/\/x.com\/talkpalai","https:\/\/www.linkedin.com\/company\/talkpal\/","https:\/\/www.youtube.com\/@TalkPal\/","https:\/\/www.tiktok.com\/@talkpal","https:\/\/www.instagram.com\/talkpal_ai\/","https:\/\/www.crunchbase.com\/organization\/talkpal-9cde","https:\/\/www.g2.com\/products\/talkpal-for-business\/","https:\/\/www.trustpilot.com\/review\/talkpal.ai","https:\/\/www.capterra.com\/p\/10006800\/TalkPal\/"],"description":"Talkpal is a language learning web and mobile education app, powered by the latest AI technologies, that provides engaging experiences to its customers in many different languages to help them improve their language skills. Users can chat about unlimited amount of topics with the app and use other modes to practice their language learning.","email":"support@talkpal.ai","legalName":"Talkpal, Inc.","foundingDate":"2023-04-03","duns":"118989042","numberOfEmployees":{"@type":"QuantitativeValue","minValue":"11","maxValue":"50"},"publishingPrinciples":"https:\/\/talkpal.ai\/publishing-principles\/","actionableFeedbackPolicy":"https:\/\/talkpal.ai\/actionable-feedback-policy\/","correctionsPolicy":"https:\/\/talkpal.ai\/corrections-policy\/","ethicsPolicy":"https:\/\/talkpal.ai\/ethics-policy\/","diversityPolicy":"https:\/\/talkpal.ai\/diversity-policy\/","diversityStaffingReport":"https:\/\/talkpal.ai\/diversity-policy\/"}]}},"_links":{"self":[{"href":"https:\/\/talkpal.ai\/sk\/wp-json\/wp\/v2\/pages\/147713","targetHints":{"allow":["GET"]}}],"collection":[{"href":"https:\/\/talkpal.ai\/sk\/wp-json\/wp\/v2\/pages"}],"about":[{"href":"https:\/\/talkpal.ai\/sk\/wp-json\/wp\/v2\/types\/page"}],"author":[{"embeddable":true,"href":"https:\/\/talkpal.ai\/sk\/wp-json\/wp\/v2\/users\/1"}],"replies":[{"embeddable":true,"href":"https:\/\/talkpal.ai\/sk\/wp-json\/wp\/v2\/comments?post=147713"}],"version-history":[{"count":0,"href":"https:\/\/talkpal.ai\/sk\/wp-json\/wp\/v2\/pages\/147713\/revisions"}],"wp:featuredmedia":[{"embeddable":true,"href":"https:\/\/talkpal.ai\/sk\/wp-json\/wp\/v2\/media\/116665"}],"wp:attachment":[{"href":"https:\/\/talkpal.ai\/sk\/wp-json\/wp\/v2\/media?parent=147713"}],"curies":[{"name":"wp","href":"https:\/\/api.w.org\/{rel}","templated":true}]}}