{"id":147433,"date":"2023-05-14T14:12:07","date_gmt":"2023-05-14T14:12:07","guid":{"rendered":"http:\/\/talkpal.ai\/marathska-gramatika\/"},"modified":"2025-12-12T10:37:23","modified_gmt":"2025-12-12T10:37:23","slug":"marathska-gramatika","status":"publish","type":"page","link":"https:\/\/talkpal.ai\/sk\/marathska-gramatika\/","title":{"rendered":"Mar\u00e1thska gramatika"},"content":{"rendered":"\r\n\r\n\r\n<section class=\"languageChallengeSection\">\r\n    <div class=\"languageInfoWrapper\">\r\n        \r\n        <h1>Mar\u00e1thska gramatika<\/h1>\r\n        <p>Zauj\u00edma v\u00e1s <a href=\"https:\/\/talkpal.ai\/learn-marathi\/\">mar\u00e1th\u010dina<\/a>? Vst\u00fapte do gramatiky mar\u00e1th\u010diny, kde rodov\u00e9 podstatn\u00e9 men\u00e1, flexibiln\u00e1 \u0161trukt\u00fara viet a expres\u00edvne slovesn\u00e9 spojenia vytv\u00e1raj\u00fa \u017eiv\u00fd a dynamick\u00fd jazyk. Za\u010dnite sa u\u010di\u0165 e\u0161te dnes &#8211; zvl\u00e1dnutie mar\u00e1thskej gramatiky v\u00e1m pom\u00f4\u017ee komunikova\u0165 s istotou a spoji\u0165 sa s bohat\u00fdmi trad\u00edciami a kult\u00farou Mah\u00e1ra\u0161try!<\/p>\r\n\r\n                            <a class=\"getStartedHidden\" href=\"https:\/\/app.talkpal.ai\/sk\/signup?lng=\">Za\u010dni<\/a>\r\n        \r\n    <\/div>\r\n\r\n    <figure>\r\n    <img decoding=\"async\" width=\"768\" height=\"768\" src=\"https:\/\/talkpal.ai\/wp-content\/uploads\/2023\/06\/marathi-768x768.png\" class=\"languageImage no-lazy\" alt=\"Fun ways to make language learning interesting\" fetchpriority=\"high\" sizes=\"(max-width: 768px) 150px, 768px\" srcset=\"https:\/\/talkpal.ai\/wp-content\/uploads\/2023\/06\/marathi-768x768.png 768w, https:\/\/talkpal.ai\/wp-content\/uploads\/2023\/06\/marathi-300x300.png 300w\" \/>\r\n    \r\n\r\n    <\/figure>\r\n\r\n            <a class=\"getStartedVisible\" href=\"https:\/\/app.talkpal.ai\/sk\/signup?lng=\">Za\u010dni<\/a>\r\n    \r\n<\/section>\r\n<section class=\"promotionalBanner\">\r\n    <p class=\"promotionalText\">Najefekt\u00edvnej\u0161\u00ed sp\u00f4sob, ako sa nau\u010di\u0165 jazyk<\/p>\r\n    <a class=\"promotionalLink\" href=\"https:\/\/app.talkpal.ai\/sk\/signup?lng=\">Vysk\u00fa\u0161ajte Talkpal zadarmo<\/a>\r\n<\/section>\n<div class=\"wp-block-group pageContainerStyle\"><div class=\"wp-block-group__inner-container is-layout-constrained wp-block-group-is-layout-constrained\">\n<h2 class=\"wp-block-heading\" id=\"h-the-allure-of-marathi-grammar-unfolding-its-mysteries-and-intricacies\">P\u00f4vab mar\u00e1thskej gramatiky: odha\u013eovanie jej tajomstiev a zlo\u017eitost\u00ed<\/h2>\n\n\n\n<p>Pam\u00e4t\u00e1te si m\u00e4t\u00facu cestu u\u010denia sa anglickej gramatiky, za\u0165a\u017een\u00fa zlo\u017eit\u00fdmi pravidlami, v\u00fdnimkami a zlo\u017eitou terminol\u00f3giou? Ak sa teraz chyst\u00e1te <a href=\"https:\/\/talkpal.ai\/sk\/ucit-sa-po-slovensky\/\">u\u010di\u0165 sa<\/a> mar\u00e1th\u010dinu, pripravte sa na rovnako p\u00fatav\u00e9 sk\u00famanie mar\u00e1thskej gramatiky.<\/p>\n\n\n\n<p>Mar\u00e1th\u010dina, indo\u00e1rijsk\u00fd jazyk, ktor\u00fdm sa hovor\u00ed preva\u017ene v indickom \u0161t\u00e1te Mah\u00e1ra\u0161tra, sa m\u00f4\u017ee pochv\u00e1li\u0165 bohatou trad\u00edciou a jedine\u010dn\u00fdmi jazykov\u00fdmi \u010drtami. Ke\u010f sa ponor\u00edte do mystiky mar\u00e1thskej gramatiky, odhal\u00edte fascinuj\u00facu s\u00fahru jej abecedy, zlo\u017eit\u00fdch pravidiel a o\u010daruj\u00facej fonetiky. Po\u010fme teda spolo\u010dne odhali\u0165 p\u00f4vab mar\u00e1thskej gramatiky, jedno mal\u00e9 pravidlo za druh\u00fdm.<\/p>\n\n\n\n<p>Jednou z najv\u00fdraznej\u0161\u00edch \u010d\u0155t <strong>mar\u00e1thskej gramatiky<\/strong> je jej rozsiahle pou\u017e\u00edvanie sklo\u0148ovania podstatn\u00fdch mien. Tieto sklo\u0148ovania \u010dasto pom\u00e1haj\u00fa vyjadri\u0165 k\u013e\u00fa\u010dov\u00e9 gramatick\u00e9 prvky, ako s\u00fa \u010d\u00edslo, rod a p\u00e1d. Mar\u00e1th\u010dina m\u00e1 tri pohlavia \u2013 mu\u017esk\u00e9, \u017eensk\u00e9 a kastrovan\u00e9 \u2013 a ka\u017ed\u00e9 pohlavie m\u00e1 svoj charakteristick\u00fd s\u00fabor sklo\u0148ovac\u00edch vzorov. Okrem toho m\u00e1 jazyk dve \u010d\u00edsla \u2013 jednotn\u00e9 \u010d\u00edslo a mno\u017en\u00e9 \u010d\u00edslo \u2013 ktor\u00e9 pom\u00e1haj\u00fa vyjadri\u0165 mno\u017estvo podstatn\u00e9ho mena.<\/p>\n\n\n\n<p>\u010eal\u0161ou <strong>jedine\u010dnou \u010drtou mar\u00e1thskej gramatiky<\/strong> je sp\u00f4sob, ak\u00fdm sloves\u00e1 konjuguj\u00fa v z\u00e1vislosti od \u010dasu. Pri \u010dasovan\u00ed slovies v mar\u00e1th\u010dine mus\u00edte bra\u0165 do \u00favahy nielen \u010das slovesa, ale aj rod a \u010d\u00edslo predmetu. Mar\u00e1thske slovesn\u00e9 tvary zah\u0155\u0148aj\u00fa pr\u00edtomn\u00fd \u010das, minul\u00fd \u010das a bud\u00faci \u010das spolu s imperat\u00edvmi a subjunkt\u00edvami. Tieto rozsiahle konjug\u00e1cie dod\u00e1vaj\u00fa mar\u00e1th\u010dine h\u013abku a dynamiku, \u010do z nej rob\u00ed skuto\u010dne podmaniv\u00fd jazyk na presk\u00famanie.<\/p>\n\n\n\n<p><a href=\"https:\/\/talkpal.ai\/cs\/naucte-se-marathsky\/\">Mar\u00e1thsky jazyk<\/a> je tie\u017e zn\u00e1my svojou <strong>rozmanitos\u0165ou z\u00e1men.<\/strong> Mar\u00e1th\u010dina m\u00e1 mno\u017estvo osobn\u00fdch, demon\u0161trat\u00edvnych, opytovac\u00edch a reflex\u00edvnych z\u00e1men, z ktor\u00fdch ka\u017ed\u00e9 prich\u00e1dza s pr\u00edslu\u0161n\u00fdmi vzormi sklo\u0148ovania. Na prv\u00fd poh\u013ead sa to m\u00f4\u017ee zda\u0165 sk\u013eu\u010duj\u00face, ale ke\u010f sa ponor\u00edte hlb\u0161ie do jazyka, ocen\u00edte bezkonkuren\u010dn\u00fa presnos\u0165, ktor\u00fa pon\u00faka mar\u00e1thska <a href=\"https:\/\/talkpal.ai\/sq\/gramatika\/\">gramatika<\/a>.<\/p>\n\n\n\n<p>E\u0161te jeden zauj\u00edmav\u00fd aspekt mar\u00e1thskej gramatiky spo\u010d\u00edva v <strong>usporiadan\u00ed slov vo vete<\/strong>. Slovosled v mar\u00e1th\u010dine sa vo v\u0161eobecnosti riadi \u0161trukt\u00farou subjekt-objekt-sloveso (SOV), podobne ako in\u00e9 indo\u00e1rijsk\u00e9 <a href=\"https:\/\/talkpal.ai\/what-language-is-spoken-on-the-international-space-station\/\">jazyky<\/a>. T\u00e1to \u0161trukt\u00fara zvy\u010dajne umiest\u0148uje sloveso na koniec vety, \u010do m\u00f4\u017ee by\u0165 spo\u010diatku n\u00e1ro\u010dn\u00e9 pre anglicky hovoriacich \u013eud\u00ed.<\/p>\n\n\n\n<p>Pri ponoren\u00ed sa do <strong>mar\u00e1thskej fonetiky<\/strong> naraz\u00edte na hypnotizuj\u00facu \u0161k\u00e1lu zvukov, vysloven\u00fdch prostredn\u00edctvom 16 samohl\u00e1sok (swar) a 36 spoluhl\u00e1sok (vyanjan). P\u00edsmo d\u00e9van\u00e1gar\u00ed, ktor\u00e9 sa v mar\u00e1th\u010dine pou\u017e\u00edva, dod\u00e1va tomuto u\u017e aj tak podmaniv\u00e9mu jazyku e\u0161te viac \u0161armu.  <\/p>\n\n\n\n<p>Nau\u010di\u0165 sa mar\u00e1thsku gramatiku s nespo\u010detn\u00fdmi pravidlami a zlo\u017eitos\u0165ou m\u00f4\u017ee by\u0165 na prv\u00fd poh\u013ead nepochybne sk\u013eu\u010duj\u00facou \u00falohou. T\u00e1to v\u00fdzva je v\u0161ak tie\u017e to, \u010do ju rob\u00ed mimoriadne stimuluj\u00facou a pote\u0161uj\u00facou. Ke\u010f sa ponor\u00edte do o\u010daruj\u00faceho sveta mar\u00e1thskej gramatiky, odhal\u00edte nielen fungovanie jazyka, ale z\u00edskate aj hlb\u0161ie pochopenie kult\u00fary, hist\u00f3rie a m\u00fadrosti, ktor\u00fa steles\u0148uje.<\/p>\n\n\n\n<p>Pre\u010do sa teda nevyda\u0165 na toto jazykov\u00e9 dobrodru\u017estvo, aby ste presk\u00famali l\u00e1kav\u00e9 hlbiny mar\u00e1thskej gramatiky a odhalili jej nespo\u010detn\u00e9 tajomstv\u00e1 a nuansy, ktor\u00e9 \u010dakaj\u00fa na zvl\u00e1dnutie? Rados\u0165 z u\u010denia a pote\u0161enie z pochopenia jemnosti mar\u00e1thskej gramatiky s\u00fa vzdialen\u00e9 len p\u00e1r okamihov!<\/p>\n<\/div><\/div>\n\r\n<section class=\"learnNavigationSection\">\r\n            \r\n        <a href=\"https:\/\/talkpal.ai\/sk\/naucte-sa-marathcinu\/\">\r\n            <div class=\"learnNavigationWrapper\">\r\n                <div class=\"learnNavigationContent\">\r\n                    <img decoding=\"async\" src=\"https:\/\/talkpal.ai\/wp-content\/uploads\/2023\/05\/Marathi-india.png\" alt=\"TalkPal Marathi Flag\">\r\n                    <div>\r\n                        <h4>O \u0161t\u00fadiu mar\u00e1th\u010diny<\/h4>\r\n                        <p>Zistite v\u0161etko o mar\u00e1thskej gramatike.<\/p>\r\n                    <\/div>\r\n                <\/div>\r\n            <\/div>\r\n        <\/a>\r\n\r\n        \r\n        <a href=\"https:\/\/talkpal.ai\/sk\/marathske-gramaticke-cvicenia\/\">\r\n            <div class=\"learnNavigationWrapper\">\r\n                <div class=\"learnNavigationContent\">\r\n                    <img decoding=\"async\" src=\"https:\/\/talkpal.ai\/wp-content\/uploads\/2023\/05\/Marathi-india.png\" alt=\"TalkPal Marathi Flag\">\r\n                    <div>\r\n                        <h4>Cvi\u010denie z gramatiky mar\u00e1th\u010diny<\/h4>\r\n                        <p>Precvi\u010dte si mar\u00e1thsku gramatiku.<\/p>\r\n                    <\/div>\r\n                <\/div>\r\n            <\/div>\r\n        <\/a>\r\n\r\n        \r\n        <a href=\"https:\/\/talkpal.ai\/vocabulary_language\/marathi\/\">\r\n            <div class=\"learnNavigationWrapper\">\r\n                <div class=\"learnNavigationContent\">\r\n                    <img decoding=\"async\" src=\"https:\/\/talkpal.ai\/wp-content\/uploads\/2023\/05\/Marathi-india.png\" alt=\"TalkPal Marathi Flag\">\r\n                    <div>\r\n                        <h4>Mar\u00e1th\u010dina slovn\u00e1 z\u00e1soba<\/h4>\r\n                        <p>Roz\u0161\u00edrte si slovn\u00fa z\u00e1sobu mar\u00e1th\u010diny.<\/p>\r\n                    <\/div>\r\n                <\/div>\r\n            <\/div>\r\n        <\/a>\r\n\r\n            <\/section>","protected":false},"excerpt":{"rendered":"<p>P\u00f4vab mar\u00e1thskej gramatiky: odha\u013eovanie jej tajomstiev a zlo\u017eitost\u00ed Pam\u00e4t\u00e1te si m\u00e4t\u00facu cestu u\u010denia sa anglickej gramatiky, za\u0165a\u017een\u00fa zlo\u017eit\u00fdmi pravidlami, v\u00fdnimkami a zlo\u017eitou terminol\u00f3giou? Ak sa teraz chyst\u00e1te u\u010di\u0165 sa mar\u00e1th\u010dinu, pripravte sa na rovnako p\u00fatav\u00e9 sk\u00famanie mar\u00e1thskej gramatiky. Mar\u00e1th\u010dina, indo\u00e1rijsk\u00fd jazyk, ktor\u00fdm sa hovor\u00ed preva\u017ene v indickom \u0161t\u00e1te Mah\u00e1ra\u0161tra, sa m\u00f4\u017ee pochv\u00e1li\u0165 bohatou trad\u00edciou a [&hellip;]<\/p>\n","protected":false},"author":1,"featured_media":116374,"parent":0,"menu_order":0,"comment_status":"closed","ping_status":"closed","template":"LearningContentPage.php","meta":{"_acf_changed":false,"footnotes":""},"class_list":["post-147433","page","type-page","status-publish","has-post-thumbnail","hentry"],"acf":[],"yoast_head":"<!-- This site is optimized with the Yoast SEO Premium plugin v27.2 (Yoast SEO v27.2) - https:\/\/yoast.com\/product\/yoast-seo-premium-wordpress\/ -->\n<title>Mar\u00e1thska gramatika - Talkpal<\/title>\n<meta name=\"description\" content=\"Presk\u00famajte fascinuj\u00faci svet mar\u00e1thskej gramatiky a objavte jej jedine\u010dn\u00e9 pravidl\u00e1, fonetiku a sklo\u0148ovanie pri u\u010den\u00ed jazyka.\" \/>\n<meta name=\"robots\" content=\"index, follow, max-snippet:-1, max-image-preview:large, max-video-preview:-1\" \/>\n<link rel=\"canonical\" href=\"https:\/\/talkpal.ai\/sk\/marathska-gramatika\/\" \/>\n<meta property=\"og:locale\" content=\"sk_SK\" \/>\n<meta property=\"og:type\" content=\"article\" \/>\n<meta property=\"og:title\" content=\"Mar\u00e1thska gramatika\" \/>\n<meta property=\"og:description\" content=\"P\u00f4vab mar\u00e1thskej gramatiky: odha\u013eovanie jej tajomstiev a zlo\u017eitost\u00ed Pam\u00e4t\u00e1te si m\u00e4t\u00facu cestu u\u010denia sa anglickej gramatiky, za\u0165a\u017een\u00fa zlo\u017eit\u00fdmi pravidlami,\" \/>\n<meta property=\"og:url\" content=\"https:\/\/talkpal.ai\/sk\/marathska-gramatika\/\" \/>\n<meta property=\"og:site_name\" content=\"Talkpal\" \/>\n<meta property=\"article:publisher\" content=\"https:\/\/www.facebook.com\/profile.php?id=100090733639311\" \/>\n<meta property=\"article:modified_time\" content=\"2025-12-12T10:37:23+00:00\" \/>\n<meta property=\"og:image\" content=\"https:\/\/talkpal.ai\/wp-content\/uploads\/2023\/05\/Marathi-india.png\" \/>\n\t<meta property=\"og:image:width\" content=\"512\" \/>\n\t<meta property=\"og:image:height\" content=\"512\" \/>\n\t<meta property=\"og:image:type\" content=\"image\/png\" \/>\n<meta name=\"twitter:card\" content=\"summary_large_image\" \/>\n<meta name=\"twitter:site\" content=\"@talkpalai\" \/>\n<meta name=\"twitter:label1\" content=\"Predpokladan\u00fd \u010das \u010d\u00edtania\" \/>\n\t<meta name=\"twitter:data1\" content=\"3 min\u00faty\" \/>\n<script type=\"application\/ld+json\" class=\"yoast-schema-graph\">{\"@context\":\"https:\/\/schema.org\",\"@graph\":[{\"@type\":\"WebPage\",\"@id\":\"https:\/\/talkpal.ai\/sk\/marathska-gramatika\/\",\"url\":\"https:\/\/talkpal.ai\/sk\/marathska-gramatika\/\",\"name\":\"Mar\u00e1thska gramatika - Talkpal\",\"isPartOf\":{\"@id\":\"https:\/\/talkpal.ai\/sk\/#website\"},\"primaryImageOfPage\":{\"@id\":\"https:\/\/talkpal.ai\/sk\/marathska-gramatika\/#primaryimage\"},\"image\":{\"@id\":\"https:\/\/talkpal.ai\/sk\/marathska-gramatika\/#primaryimage\"},\"thumbnailUrl\":\"https:\/\/talkpal.ai\/wp-content\/uploads\/2023\/05\/Marathi-india.png\",\"datePublished\":\"2023-05-14T14:12:07+00:00\",\"dateModified\":\"2025-12-12T10:37:23+00:00\",\"description\":\"Presk\u00famajte fascinuj\u00faci svet mar\u00e1thskej gramatiky a objavte jej jedine\u010dn\u00e9 pravidl\u00e1, fonetiku a sklo\u0148ovanie pri u\u010den\u00ed jazyka.\",\"breadcrumb\":{\"@id\":\"https:\/\/talkpal.ai\/sk\/marathska-gramatika\/#breadcrumb\"},\"inLanguage\":\"sk-SK\",\"potentialAction\":[{\"@type\":\"ReadAction\",\"target\":[\"https:\/\/talkpal.ai\/sk\/marathska-gramatika\/\"]}]},{\"@type\":\"ImageObject\",\"inLanguage\":\"sk-SK\",\"@id\":\"https:\/\/talkpal.ai\/sk\/marathska-gramatika\/#primaryimage\",\"url\":\"https:\/\/talkpal.ai\/wp-content\/uploads\/2023\/05\/Marathi-india.png\",\"contentUrl\":\"https:\/\/talkpal.ai\/wp-content\/uploads\/2023\/05\/Marathi-india.png\",\"width\":512,\"height\":512},{\"@type\":\"BreadcrumbList\",\"@id\":\"https:\/\/talkpal.ai\/sk\/marathska-gramatika\/#breadcrumb\",\"itemListElement\":[{\"@type\":\"ListItem\",\"position\":1,\"name\":\"Homepage\",\"item\":\"https:\/\/talkpal.ai\/sk\/\"},{\"@type\":\"ListItem\",\"position\":2,\"name\":\"Mar\u00e1thska gramatika\"}]},{\"@type\":\"WebSite\",\"@id\":\"https:\/\/talkpal.ai\/sk\/#website\",\"url\":\"https:\/\/talkpal.ai\/sk\/\",\"name\":\"Talkpal\",\"description\":\"AI Language Learning\",\"publisher\":{\"@id\":\"https:\/\/talkpal.ai\/sk\/#organization\"},\"alternateName\":\"Talkpal AI\",\"potentialAction\":[{\"@type\":\"SearchAction\",\"target\":{\"@type\":\"EntryPoint\",\"urlTemplate\":\"https:\/\/talkpal.ai\/sk\/?s={search_term_string}\"},\"query-input\":{\"@type\":\"PropertyValueSpecification\",\"valueRequired\":true,\"valueName\":\"search_term_string\"}}],\"inLanguage\":\"sk-SK\"},{\"@type\":\"Organization\",\"@id\":\"https:\/\/talkpal.ai\/sk\/#organization\",\"name\":\"Talkpal, Inc.\",\"alternateName\":\"Talkpal AI\",\"url\":\"https:\/\/talkpal.ai\/sk\/\",\"logo\":{\"@type\":\"ImageObject\",\"inLanguage\":\"sk-SK\",\"@id\":\"https:\/\/talkpal.ai\/sk\/#\/schema\/logo\/image\/\",\"url\":\"https:\/\/talkpal.ai\/wp-content\/uploads\/2024\/03\/Talkpal-Logo-Icon.png\",\"contentUrl\":\"https:\/\/talkpal.ai\/wp-content\/uploads\/2024\/03\/Talkpal-Logo-Icon.png\",\"width\":2880,\"height\":2880,\"caption\":\"Talkpal, Inc.\"},\"image\":{\"@id\":\"https:\/\/talkpal.ai\/sk\/#\/schema\/logo\/image\/\"},\"sameAs\":[\"https:\/\/www.facebook.com\/profile.php?id=100090733639311\",\"https:\/\/x.com\/talkpalai\",\"https:\/\/www.linkedin.com\/company\/talkpal\/\",\"https:\/\/www.youtube.com\/@TalkPal\/\",\"https:\/\/www.tiktok.com\/@talkpal\",\"https:\/\/www.instagram.com\/talkpal_ai\/\",\"https:\/\/www.crunchbase.com\/organization\/talkpal-9cde\",\"https:\/\/www.g2.com\/products\/talkpal-for-business\/\",\"https:\/\/www.trustpilot.com\/review\/talkpal.ai\",\"https:\/\/www.capterra.com\/p\/10006800\/TalkPal\/\"],\"description\":\"Talkpal is a language learning web and mobile education app, powered by the latest AI technologies, that provides engaging experiences to its customers in many different languages to help them improve their language skills. Users can chat about unlimited amount of topics with the app and use other modes to practice their language learning.\",\"email\":\"support@talkpal.ai\",\"legalName\":\"Talkpal, Inc.\",\"foundingDate\":\"2023-04-03\",\"duns\":\"118989042\",\"numberOfEmployees\":{\"@type\":\"QuantitativeValue\",\"minValue\":\"11\",\"maxValue\":\"50\"},\"publishingPrinciples\":\"https:\/\/talkpal.ai\/publishing-principles\/\",\"actionableFeedbackPolicy\":\"https:\/\/talkpal.ai\/actionable-feedback-policy\/\",\"correctionsPolicy\":\"https:\/\/talkpal.ai\/corrections-policy\/\",\"ethicsPolicy\":\"https:\/\/talkpal.ai\/ethics-policy\/\",\"diversityPolicy\":\"https:\/\/talkpal.ai\/diversity-policy\/\",\"diversityStaffingReport\":\"https:\/\/talkpal.ai\/diversity-policy\/\"}]}<\/script>\n<!-- \/ Yoast SEO Premium plugin. -->","yoast_head_json":{"title":"Mar\u00e1thska gramatika - Talkpal","description":"Presk\u00famajte fascinuj\u00faci svet mar\u00e1thskej gramatiky a objavte jej jedine\u010dn\u00e9 pravidl\u00e1, fonetiku a sklo\u0148ovanie pri u\u010den\u00ed jazyka.","robots":{"index":"index","follow":"follow","max-snippet":"max-snippet:-1","max-image-preview":"max-image-preview:large","max-video-preview":"max-video-preview:-1"},"canonical":"https:\/\/talkpal.ai\/sk\/marathska-gramatika\/","og_locale":"sk_SK","og_type":"article","og_title":"Mar\u00e1thska gramatika","og_description":"P\u00f4vab mar\u00e1thskej gramatiky: odha\u013eovanie jej tajomstiev a zlo\u017eitost\u00ed Pam\u00e4t\u00e1te si m\u00e4t\u00facu cestu u\u010denia sa anglickej gramatiky, za\u0165a\u017een\u00fa zlo\u017eit\u00fdmi pravidlami,","og_url":"https:\/\/talkpal.ai\/sk\/marathska-gramatika\/","og_site_name":"Talkpal","article_publisher":"https:\/\/www.facebook.com\/profile.php?id=100090733639311","article_modified_time":"2025-12-12T10:37:23+00:00","og_image":[{"width":512,"height":512,"url":"https:\/\/talkpal.ai\/wp-content\/uploads\/2023\/05\/Marathi-india.png","type":"image\/png"}],"twitter_card":"summary_large_image","twitter_site":"@talkpalai","twitter_misc":{"Predpokladan\u00fd \u010das \u010d\u00edtania":"3 min\u00faty"},"schema":{"@context":"https:\/\/schema.org","@graph":[{"@type":"WebPage","@id":"https:\/\/talkpal.ai\/sk\/marathska-gramatika\/","url":"https:\/\/talkpal.ai\/sk\/marathska-gramatika\/","name":"Mar\u00e1thska gramatika - Talkpal","isPartOf":{"@id":"https:\/\/talkpal.ai\/sk\/#website"},"primaryImageOfPage":{"@id":"https:\/\/talkpal.ai\/sk\/marathska-gramatika\/#primaryimage"},"image":{"@id":"https:\/\/talkpal.ai\/sk\/marathska-gramatika\/#primaryimage"},"thumbnailUrl":"https:\/\/talkpal.ai\/wp-content\/uploads\/2023\/05\/Marathi-india.png","datePublished":"2023-05-14T14:12:07+00:00","dateModified":"2025-12-12T10:37:23+00:00","description":"Presk\u00famajte fascinuj\u00faci svet mar\u00e1thskej gramatiky a objavte jej jedine\u010dn\u00e9 pravidl\u00e1, fonetiku a sklo\u0148ovanie pri u\u010den\u00ed jazyka.","breadcrumb":{"@id":"https:\/\/talkpal.ai\/sk\/marathska-gramatika\/#breadcrumb"},"inLanguage":"sk-SK","potentialAction":[{"@type":"ReadAction","target":["https:\/\/talkpal.ai\/sk\/marathska-gramatika\/"]}]},{"@type":"ImageObject","inLanguage":"sk-SK","@id":"https:\/\/talkpal.ai\/sk\/marathska-gramatika\/#primaryimage","url":"https:\/\/talkpal.ai\/wp-content\/uploads\/2023\/05\/Marathi-india.png","contentUrl":"https:\/\/talkpal.ai\/wp-content\/uploads\/2023\/05\/Marathi-india.png","width":512,"height":512},{"@type":"BreadcrumbList","@id":"https:\/\/talkpal.ai\/sk\/marathska-gramatika\/#breadcrumb","itemListElement":[{"@type":"ListItem","position":1,"name":"Homepage","item":"https:\/\/talkpal.ai\/sk\/"},{"@type":"ListItem","position":2,"name":"Mar\u00e1thska gramatika"}]},{"@type":"WebSite","@id":"https:\/\/talkpal.ai\/sk\/#website","url":"https:\/\/talkpal.ai\/sk\/","name":"Talkpal","description":"AI Language Learning","publisher":{"@id":"https:\/\/talkpal.ai\/sk\/#organization"},"alternateName":"Talkpal AI","potentialAction":[{"@type":"SearchAction","target":{"@type":"EntryPoint","urlTemplate":"https:\/\/talkpal.ai\/sk\/?s={search_term_string}"},"query-input":{"@type":"PropertyValueSpecification","valueRequired":true,"valueName":"search_term_string"}}],"inLanguage":"sk-SK"},{"@type":"Organization","@id":"https:\/\/talkpal.ai\/sk\/#organization","name":"Talkpal, Inc.","alternateName":"Talkpal AI","url":"https:\/\/talkpal.ai\/sk\/","logo":{"@type":"ImageObject","inLanguage":"sk-SK","@id":"https:\/\/talkpal.ai\/sk\/#\/schema\/logo\/image\/","url":"https:\/\/talkpal.ai\/wp-content\/uploads\/2024\/03\/Talkpal-Logo-Icon.png","contentUrl":"https:\/\/talkpal.ai\/wp-content\/uploads\/2024\/03\/Talkpal-Logo-Icon.png","width":2880,"height":2880,"caption":"Talkpal, Inc."},"image":{"@id":"https:\/\/talkpal.ai\/sk\/#\/schema\/logo\/image\/"},"sameAs":["https:\/\/www.facebook.com\/profile.php?id=100090733639311","https:\/\/x.com\/talkpalai","https:\/\/www.linkedin.com\/company\/talkpal\/","https:\/\/www.youtube.com\/@TalkPal\/","https:\/\/www.tiktok.com\/@talkpal","https:\/\/www.instagram.com\/talkpal_ai\/","https:\/\/www.crunchbase.com\/organization\/talkpal-9cde","https:\/\/www.g2.com\/products\/talkpal-for-business\/","https:\/\/www.trustpilot.com\/review\/talkpal.ai","https:\/\/www.capterra.com\/p\/10006800\/TalkPal\/"],"description":"Talkpal is a language learning web and mobile education app, powered by the latest AI technologies, that provides engaging experiences to its customers in many different languages to help them improve their language skills. Users can chat about unlimited amount of topics with the app and use other modes to practice their language learning.","email":"support@talkpal.ai","legalName":"Talkpal, Inc.","foundingDate":"2023-04-03","duns":"118989042","numberOfEmployees":{"@type":"QuantitativeValue","minValue":"11","maxValue":"50"},"publishingPrinciples":"https:\/\/talkpal.ai\/publishing-principles\/","actionableFeedbackPolicy":"https:\/\/talkpal.ai\/actionable-feedback-policy\/","correctionsPolicy":"https:\/\/talkpal.ai\/corrections-policy\/","ethicsPolicy":"https:\/\/talkpal.ai\/ethics-policy\/","diversityPolicy":"https:\/\/talkpal.ai\/diversity-policy\/","diversityStaffingReport":"https:\/\/talkpal.ai\/diversity-policy\/"}]}},"_links":{"self":[{"href":"https:\/\/talkpal.ai\/sk\/wp-json\/wp\/v2\/pages\/147433","targetHints":{"allow":["GET"]}}],"collection":[{"href":"https:\/\/talkpal.ai\/sk\/wp-json\/wp\/v2\/pages"}],"about":[{"href":"https:\/\/talkpal.ai\/sk\/wp-json\/wp\/v2\/types\/page"}],"author":[{"embeddable":true,"href":"https:\/\/talkpal.ai\/sk\/wp-json\/wp\/v2\/users\/1"}],"replies":[{"embeddable":true,"href":"https:\/\/talkpal.ai\/sk\/wp-json\/wp\/v2\/comments?post=147433"}],"version-history":[{"count":0,"href":"https:\/\/talkpal.ai\/sk\/wp-json\/wp\/v2\/pages\/147433\/revisions"}],"wp:featuredmedia":[{"embeddable":true,"href":"https:\/\/talkpal.ai\/sk\/wp-json\/wp\/v2\/media\/116374"}],"wp:attachment":[{"href":"https:\/\/talkpal.ai\/sk\/wp-json\/wp\/v2\/media?parent=147433"}],"curies":[{"name":"wp","href":"https:\/\/api.w.org\/{rel}","templated":true}]}}