{"id":147073,"date":"2023-05-14T14:11:47","date_gmt":"2023-05-14T14:11:47","guid":{"rendered":"http:\/\/talkpal.ai\/malajska-gramatika\/"},"modified":"2025-12-17T16:40:30","modified_gmt":"2025-12-17T16:40:30","slug":"malajska-gramatika","status":"publish","type":"page","link":"https:\/\/talkpal.ai\/sk\/malajska-gramatika\/","title":{"rendered":"Malajsk\u00e1 gramatika"},"content":{"rendered":"\r\n\r\n\r\n<section class=\"languageChallengeSection\">\r\n    <div class=\"languageInfoWrapper\">\r\n        \r\n        <h1>Malajsk\u00e1 gramatika<\/h1>\r\n        <p>Ste zvedav\u00ed na v\u00fdu\u010dbu malaj\u010diny? Ponorte sa do malajskej gramatiky, ktor\u00e1 je zn\u00e1ma svojimi jednoduch\u00fdmi pravidlami, absenciou slovesnej konjug\u00e1cie a pou\u017e\u00edvan\u00edm afixov na vytv\u00e1ranie v\u00fdznamov. Za\u010dnite e\u0161te dnes &#8211; zvl\u00e1dnutie malajskej gramatiky v\u00e1m dod\u00e1 sebavedomie pri \u013eah\u0161ej komunik\u00e1cii a otvor\u00ed v\u00e1m dvere do rozmanit\u00fdch a dynamick\u00fdch kult\u00far juhov\u00fdchodnej \u00c1zie!<\/p>\r\n\r\n                            <a class=\"getStartedHidden\" href=\"https:\/\/app.talkpal.ai\/sk\/signup?lng=\">Za\u010dni<\/a>\r\n        \r\n    <\/div>\r\n\r\n    <figure>\r\n    <img decoding=\"async\" width=\"768\" height=\"768\" src=\"https:\/\/talkpal.ai\/wp-content\/uploads\/2023\/06\/malay-768x768.png\" class=\"languageImage no-lazy\" alt=\"Language learning for personal accomplishments\" fetchpriority=\"high\" sizes=\"(max-width: 768px) 150px, 768px\" srcset=\"https:\/\/talkpal.ai\/wp-content\/uploads\/2023\/06\/malay-768x768.png 768w, https:\/\/talkpal.ai\/wp-content\/uploads\/2023\/06\/malay-300x300.png 300w\" \/>\r\n    \r\n\r\n    <\/figure>\r\n\r\n            <a class=\"getStartedVisible\" href=\"https:\/\/app.talkpal.ai\/sk\/signup?lng=\">Za\u010dni<\/a>\r\n    \r\n<\/section>\r\n<section class=\"promotionalBanner\">\r\n    <p class=\"promotionalText\">Najefekt\u00edvnej\u0161\u00ed sp\u00f4sob, ako sa nau\u010di\u0165 jazyk<\/p>\r\n    <a class=\"promotionalLink\" href=\"https:\/\/app.talkpal.ai\/sk\/signup?lng=\">Vysk\u00fa\u0161ajte Talkpal zadarmo<\/a>\r\n<\/section>\n<div class=\"wp-block-group pageContainerStyle\"><div class=\"wp-block-group__inner-container is-layout-constrained wp-block-group-is-layout-constrained\">\n<h2 class=\"wp-block-heading\" id=\"h-malay-grammar-exploring-the-richness-of-bahasa-melayu\">Malajsk\u00e1 gramatika: Sk\u00famanie bohatstva Bahasa Melayu<\/h2>\n\n\n\n<p><a href=\"https:\/\/talkpal.ai\/learn-malay\/\">Malaj\u010dina<\/a> alebo <a href=\"https:\/\/talkpal.ai\/ms\/belajar-bahasa-melayu\/\">bahasa melayu<\/a> patr\u00ed medzi najpou\u017e\u00edvanej\u0161ie <a href=\"https:\/\/talkpal.ai\/what-language-is-spoken-on-the-international-space-station\/\">jazyky<\/a> na svete a sp\u00e1ja rozmanit\u00e9 n\u00e1rody Malajzie, Indon\u00e9zie, Bruneja a Singapuru. Ke\u010f sa za\u010dnete u\u010di\u0165 malaj\u010dinu, r\u00fdchlo objav\u00edte kr\u00e1su jej gramatiky a rozv\u00edjaj\u00faceho sa jazykov\u00e9ho prostredia. Cie\u013eom tohto \u010dl\u00e1nku je predstavi\u0165 v\u00e1m z\u00e1kladn\u00e9 princ\u00edpy malajskej gramatiky a vies\u0165 v\u00e1s k lep\u0161iemu pochopeniu a oceneniu tohto v\u0161estrann\u00e9ho jazyka.<\/p>\n\n\n\n<h3 class=\"wp-block-heading\" id=\"h-1-nouns-simplicity-rules\">1. Podstatn\u00e9 men\u00e1 \u2013 pravidl\u00e1 jednoduchosti<\/h3>\n\n\n\n<p>Na rozdiel od in\u00fdch jazykov <a href=\"https:\/\/talkpal.ai\/malay-grammar\/\">malajsk\u00e1 gramatika<\/a> neobsahuje deklin\u00e1ciu ani rodov\u00fa klasifik\u00e1ciu podstatn\u00fdch mien. Namiesto toho pou\u017e\u00edvanie podstatn\u00fdch mien kladie siln\u00fd d\u00f4raz na jednoduchos\u0165. Tvary podstatn\u00fdch mien v mno\u017enom \u010d\u00edsle sa vytv\u00e1raj\u00fa jednoduch\u00fdm duplikovan\u00edm. Znie to jednoducho, v\u0161ak? Napr\u00edklad slovo &#8222;jablko&#8220; je &#8222;buah epal&#8220;, tak\u017ee &#8222;jablk\u00e1&#8220; je &#8222;buah-buah epal&#8220;. Duplicitu m\u00f4\u017eete zru\u0161i\u0165 v neform\u00e1lnej re\u010di.<\/p>\n\n\n\n<h3 class=\"wp-block-heading\" id=\"h-2-adjectives-straightforward-descriptions\">2. Pr\u00eddavn\u00e9 men\u00e1 \u2013 jednoduch\u00e9 opisy<\/h3>\n\n\n\n<p>Malajsk\u00e9 pr\u00eddavn\u00e9 men\u00e1 zost\u00e1vaj\u00fa nezmenen\u00e9 bez oh\u013eadu na podstatn\u00e9 meno, ktor\u00e9 opisuj\u00fa, tak\u017ee ich pou\u017e\u00edvanie je neuverite\u013ene jednoduch\u00e9 &#8211; \u010fal\u0161\u00ed d\u00f4kaz jednoduchosti tohto jazyka. Umiestnenie pr\u00eddavn\u00fdch mien nasleduje za podstatn\u00fdm menom a vytv\u00e1ra pr\u00edjemn\u00fd tok vo vet\u00e1ch. Napr\u00edklad &#8222;ve\u013ek\u00fd dom&#8220; je &#8222;rumah besar&#8220;, pri\u010dom &#8222;rumah&#8220; znamen\u00e1 &#8222;dom&#8220; a &#8222;besar&#8220; znamen\u00e1 &#8222;ve\u013ek\u00fd&#8220;.<\/p>\n\n\n\n<h3 class=\"wp-block-heading\" id=\"h-3-verbs-the-magic-of-prefixes-and-suffixes\">3. Sloves\u00e1 \u2013 k\u00fazlo predp\u00f4n a pr\u00edpon<\/h3>\n\n\n\n<p>Malajsk\u00e9 sloves\u00e1 sa vyzna\u010duj\u00fa v\u0161estrannos\u0165ou, ktor\u00e1 je vzru\u0161uj\u00faca a z\u00e1rove\u0148 jednoduch\u00e1. V <a href=\"https:\/\/talkpal.ai\/ms\/belajar-bahasa-melayu\/\">bahasa melayu<\/a> sa \u010dasy nevyjadruj\u00fa explicitne prostredn\u00edctvom slovesn\u00fdch tvarov; namiesto toho sa uv\u00e1dzaj\u00fa prostredn\u00edctvom kontextu alebo \u010dasov\u00fdch zna\u010diek. Okrem toho malaj\u010dina vo ve\u013ekej miere vyu\u017e\u00edva predpony a pr\u00edpony na vyjadrenie r\u00f4znych slovesn\u00fdch aspektov.<\/p>\n\n\n\n<p>Existuj\u00fa tri z\u00e1kladn\u00e9 predpony: &#8222;meN-&#8222;, &#8222;ber-&#8220; a &#8222;ter-&#8222;. Predpona &#8222;meN-&#8220; m\u00e1 \u0161irok\u00e9 vyu\u017eitie vr\u00e1tane tvorenia \u010dinn\u00fdch slovies a ozna\u010dovania pr\u00ed\u010dinn\u00fdch dejov. Pritom &#8222;ber-&#8220; ozna\u010duje intranzit\u00edvne \u010dinnosti a &#8222;ter-&#8220; ozna\u010duje n\u00e1hodn\u00e9 udalosti alebo pas\u00edvne \u010dinnosti. Je d\u00f4le\u017eit\u00e9 si uvedomi\u0165, \u017ee ka\u017ed\u00e1 predpona m\u00f4\u017ee sp\u00f4sobi\u0165 mierne pravopisn\u00e9 zmeny z\u00e1kladn\u00e9ho slovesa.<\/p>\n\n\n\n<p>Sufixy, ako napr\u00edklad &#8222;-kan&#8220; a &#8222;-i&#8220;, pom\u00e1haj\u00fa doda\u0165 \u010fal\u0161iu \u0161pecifickos\u0165, zatia\u013e \u010do infix &#8222;-el-&#8220; dod\u00e1va z\u00e1kladn\u00e9mu slovesu intenzitu.<\/p>\n\n\n\n<h3 class=\"wp-block-heading\" id=\"h-4-prepositions-amp-particles-adding-flavor-to-sentences\">4. Predlo\u017eky a \u010dastice &#8211; pridanie chuti vet\u00e1m<\/h3>\n\n\n\n<p>Predlo\u017eky a \u010dastice hraj\u00fa d\u00f4le\u017eit\u00fa \u00falohu v malajskej gramatike, p\u00f4sobia ako jazykov\u00e9 lepidlo a poskytuj\u00fa z\u00e1kladn\u00fd kontext. Predlo\u017eky, ako napr\u00edklad &#8222;di&#8220; (na), &#8222;ke&#8220; (do) a &#8222;dari&#8220; (od), pom\u00e1haj\u00fa vytv\u00e1ra\u0165 vz\u0165ahy medzi slovami. Na druhej strane, \u010dastice ako &#8222;lah&#8220;, &#8222;kah&#8220; a &#8222;pun&#8220; sa pou\u017e\u00edvaj\u00fa na pridanie d\u00f4razu, em\u00f3ci\u00ed a ot\u00e1znikov do viet.<\/p>\n\n\n\n<p>Napr\u00edklad veta &#8222;Kamu pergi sana&#8220;, \u010do znamen\u00e1 &#8222;Ide\u0161 tam&#8220;, sa stane d\u00f4raznej\u0161ou, ak na jej koniec prid\u00e1te &#8222;lah&#8220;: &#8222;Kamu pergi sana lah.&#8220; Teraz to znamen\u00e1: &#8222;Cho\u010f tam (hne\u010f teraz).&#8220;<\/p>\n\n\n\n<h3 class=\"wp-block-heading\" id=\"h-5-embracing-the-journey\">5. Prijatie cesty<\/h3>\n\n\n\n<p>Zatia\u013e \u010do <a href=\"https:\/\/talkpal.ai\/malay-grammar\/\">malajsk\u00e1 gramatika<\/a> sa m\u00f4\u017ee zda\u0165 jednoduch\u00e1 v porovnan\u00ed s in\u00fdmi jazykmi, jej kr\u00e1sa spo\u010d\u00edva v bohatstve a rozmanitosti v\u00fdrazov dosiahnut\u00fdch prostredn\u00edctvom jednoduch\u00fdch pravidiel. Jednoduchos\u0165 u\u010denia malajskej gramatiky v\u00e1m umo\u017en\u00ed efekt\u00edvnej\u0161ie sa zapoji\u0165 do rozmanit\u00e9ho malajsky hovoriaceho sveta a ponori\u0165 sa do jeho jedine\u010dnej kult\u00fary.<\/p>\n\n\n\n<p>Predt\u00fdm, ako sa ponor\u00edte priamo do sveta Bahasa <a href=\"https:\/\/talkpal.ai\/learn-malay\/\">Melayu<\/a>, nezabudnite, \u017ee plavba nemus\u00ed by\u0165 v\u017edy hladk\u00e1. Majte otvoren\u00fa myse\u013e, komunikujte s roden\u00fdmi hovorcami a \u010do je najd\u00f4le\u017eitej\u0161ie, vychutnajte si z\u00e1\u017eitok z objavovania nuanci\u00ed v tomto kr\u00e1snom jazyku. Selamat belajar \u2013 \u0161\u0165astn\u00e9 u\u010denie!<\/p>\n<\/div><\/div>\n\r\n<section class=\"learnNavigationSection\">\r\n            \r\n        <a href=\"https:\/\/talkpal.ai\/sk\/naucte-sa-malajcinu\/\">\r\n            <div class=\"learnNavigationWrapper\">\r\n                <div class=\"learnNavigationContent\">\r\n                    <img decoding=\"async\" src=\"https:\/\/talkpal.ai\/wp-content\/uploads\/2024\/08\/Malay.jpg\" alt=\"Malaysian Flag\">\r\n                    <div>\r\n                        <h4>O malajskom vzdel\u00e1van\u00ed<\/h4>\r\n                        <p>Zistite v\u0161etko o malajskej gramatike.<\/p>\r\n                    <\/div>\r\n                <\/div>\r\n            <\/div>\r\n        <\/a>\r\n\r\n        \r\n        <a href=\"https:\/\/talkpal.ai\/sk\/malajske-gramaticke-cvicenia\/\">\r\n            <div class=\"learnNavigationWrapper\">\r\n                <div class=\"learnNavigationContent\">\r\n                    <img decoding=\"async\" src=\"https:\/\/talkpal.ai\/wp-content\/uploads\/2024\/08\/Malay.jpg\" alt=\"Malaysian Flag\">\r\n                    <div>\r\n                        <h4>Cvi\u010denie z malajskej gramatiky<\/h4>\r\n                        <p>Cvi\u010denie malajskej gramatiky<\/p>\r\n                    <\/div>\r\n                <\/div>\r\n            <\/div>\r\n        <\/a>\r\n\r\n        \r\n        <a href=\"https:\/\/talkpal.ai\/vocabulary_language\/malay\/\">\r\n            <div class=\"learnNavigationWrapper\">\r\n                <div class=\"learnNavigationContent\">\r\n                    <img decoding=\"async\" src=\"https:\/\/talkpal.ai\/wp-content\/uploads\/2024\/08\/Malay.jpg\" alt=\"Malaysian Flag\">\r\n                    <div>\r\n                        <h4>Malajsk\u00e1 slovn\u00e1 z\u00e1soba<\/h4>\r\n                        <p>Roz\u0161\u00edrte si slovn\u00fa z\u00e1sobu malaj\u010diny.<\/p>\r\n                    <\/div>\r\n                <\/div>\r\n            <\/div>\r\n        <\/a>\r\n\r\n            <\/section>","protected":false},"excerpt":{"rendered":"<p>Malajsk\u00e1 gramatika: Sk\u00famanie bohatstva Bahasa Melayu Malaj\u010dina alebo bahasa melayu patr\u00ed medzi najpou\u017e\u00edvanej\u0161ie jazyky na svete a sp\u00e1ja rozmanit\u00e9 n\u00e1rody Malajzie, Indon\u00e9zie, Bruneja a Singapuru. Ke\u010f sa za\u010dnete u\u010di\u0165 malaj\u010dinu, r\u00fdchlo objav\u00edte kr\u00e1su jej gramatiky a rozv\u00edjaj\u00faceho sa jazykov\u00e9ho prostredia. Cie\u013eom tohto \u010dl\u00e1nku je predstavi\u0165 v\u00e1m z\u00e1kladn\u00e9 princ\u00edpy malajskej gramatiky a vies\u0165 v\u00e1s k lep\u0161iemu [&hellip;]<\/p>\n","protected":false},"author":1,"featured_media":115811,"parent":0,"menu_order":0,"comment_status":"closed","ping_status":"closed","template":"LearningContentPage.php","meta":{"_acf_changed":false,"footnotes":""},"class_list":["post-147073","page","type-page","status-publish","has-post-thumbnail","hentry"],"acf":[],"yoast_head":"<!-- This site is optimized with the Yoast SEO Premium plugin v27.2 (Yoast SEO v27.2) - https:\/\/yoast.com\/product\/yoast-seo-premium-wordpress\/ -->\n<title>Malajsk\u00e1 gramatika - Talkpal<\/title>\n<meta name=\"description\" content=\"Presk\u00famajte malajsk\u00fa gramatiku a zistite, ako jej jednoduchos\u0165 m\u00f4\u017ee zlep\u0161i\u0165 va\u0161e porozumenie malajsk\u00e9ho jazyka.\" \/>\n<meta name=\"robots\" content=\"index, follow, max-snippet:-1, max-image-preview:large, max-video-preview:-1\" \/>\n<link rel=\"canonical\" href=\"https:\/\/talkpal.ai\/sk\/malajska-gramatika\/\" \/>\n<meta property=\"og:locale\" content=\"sk_SK\" \/>\n<meta property=\"og:type\" content=\"article\" \/>\n<meta property=\"og:title\" content=\"Malajsk\u00e1 gramatika\" \/>\n<meta property=\"og:description\" content=\"Malajsk\u00e1 gramatika: Sk\u00famanie bohatstva Bahasa Melayu Malaj\u010dina alebo bahasa melayu patr\u00ed medzi najpou\u017e\u00edvanej\u0161ie jazyky na svete a sp\u00e1ja rozmanit\u00e9 n\u00e1rody\" \/>\n<meta property=\"og:url\" content=\"https:\/\/talkpal.ai\/sk\/malajska-gramatika\/\" \/>\n<meta property=\"og:site_name\" content=\"Talkpal\" \/>\n<meta property=\"article:publisher\" content=\"https:\/\/www.facebook.com\/profile.php?id=100090733639311\" \/>\n<meta property=\"article:modified_time\" content=\"2025-12-17T16:40:30+00:00\" \/>\n<meta property=\"og:image\" content=\"https:\/\/talkpal.ai\/wp-content\/uploads\/2023\/05\/malaysia.png\" \/>\n\t<meta property=\"og:image:width\" content=\"512\" \/>\n\t<meta property=\"og:image:height\" content=\"512\" \/>\n\t<meta property=\"og:image:type\" content=\"image\/png\" \/>\n<meta name=\"twitter:card\" content=\"summary_large_image\" \/>\n<meta name=\"twitter:site\" content=\"@talkpalai\" \/>\n<meta name=\"twitter:label1\" content=\"Predpokladan\u00fd \u010das \u010d\u00edtania\" \/>\n\t<meta name=\"twitter:data1\" content=\"3 min\u00faty\" \/>\n<script type=\"application\/ld+json\" class=\"yoast-schema-graph\">{\"@context\":\"https:\/\/schema.org\",\"@graph\":[{\"@type\":\"WebPage\",\"@id\":\"https:\/\/talkpal.ai\/sk\/malajska-gramatika\/\",\"url\":\"https:\/\/talkpal.ai\/sk\/malajska-gramatika\/\",\"name\":\"Malajsk\u00e1 gramatika - Talkpal\",\"isPartOf\":{\"@id\":\"https:\/\/talkpal.ai\/sk\/#website\"},\"primaryImageOfPage\":{\"@id\":\"https:\/\/talkpal.ai\/sk\/malajska-gramatika\/#primaryimage\"},\"image\":{\"@id\":\"https:\/\/talkpal.ai\/sk\/malajska-gramatika\/#primaryimage\"},\"thumbnailUrl\":\"https:\/\/talkpal.ai\/wp-content\/uploads\/2023\/05\/malaysia.png\",\"datePublished\":\"2023-05-14T14:11:47+00:00\",\"dateModified\":\"2025-12-17T16:40:30+00:00\",\"description\":\"Presk\u00famajte malajsk\u00fa gramatiku a zistite, ako jej jednoduchos\u0165 m\u00f4\u017ee zlep\u0161i\u0165 va\u0161e porozumenie malajsk\u00e9ho jazyka.\",\"breadcrumb\":{\"@id\":\"https:\/\/talkpal.ai\/sk\/malajska-gramatika\/#breadcrumb\"},\"inLanguage\":\"sk-SK\",\"potentialAction\":[{\"@type\":\"ReadAction\",\"target\":[\"https:\/\/talkpal.ai\/sk\/malajska-gramatika\/\"]}]},{\"@type\":\"ImageObject\",\"inLanguage\":\"sk-SK\",\"@id\":\"https:\/\/talkpal.ai\/sk\/malajska-gramatika\/#primaryimage\",\"url\":\"https:\/\/talkpal.ai\/wp-content\/uploads\/2023\/05\/malaysia.png\",\"contentUrl\":\"https:\/\/talkpal.ai\/wp-content\/uploads\/2023\/05\/malaysia.png\",\"width\":512,\"height\":512},{\"@type\":\"BreadcrumbList\",\"@id\":\"https:\/\/talkpal.ai\/sk\/malajska-gramatika\/#breadcrumb\",\"itemListElement\":[{\"@type\":\"ListItem\",\"position\":1,\"name\":\"Homepage\",\"item\":\"https:\/\/talkpal.ai\/sk\/\"},{\"@type\":\"ListItem\",\"position\":2,\"name\":\"Malajsk\u00e1 gramatika\"}]},{\"@type\":\"WebSite\",\"@id\":\"https:\/\/talkpal.ai\/sk\/#website\",\"url\":\"https:\/\/talkpal.ai\/sk\/\",\"name\":\"Talkpal\",\"description\":\"AI Language Learning\",\"publisher\":{\"@id\":\"https:\/\/talkpal.ai\/sk\/#organization\"},\"alternateName\":\"Talkpal AI\",\"potentialAction\":[{\"@type\":\"SearchAction\",\"target\":{\"@type\":\"EntryPoint\",\"urlTemplate\":\"https:\/\/talkpal.ai\/sk\/?s={search_term_string}\"},\"query-input\":{\"@type\":\"PropertyValueSpecification\",\"valueRequired\":true,\"valueName\":\"search_term_string\"}}],\"inLanguage\":\"sk-SK\"},{\"@type\":\"Organization\",\"@id\":\"https:\/\/talkpal.ai\/sk\/#organization\",\"name\":\"Talkpal, Inc.\",\"alternateName\":\"Talkpal AI\",\"url\":\"https:\/\/talkpal.ai\/sk\/\",\"logo\":{\"@type\":\"ImageObject\",\"inLanguage\":\"sk-SK\",\"@id\":\"https:\/\/talkpal.ai\/sk\/#\/schema\/logo\/image\/\",\"url\":\"https:\/\/talkpal.ai\/wp-content\/uploads\/2024\/03\/Talkpal-Logo-Icon.png\",\"contentUrl\":\"https:\/\/talkpal.ai\/wp-content\/uploads\/2024\/03\/Talkpal-Logo-Icon.png\",\"width\":2880,\"height\":2880,\"caption\":\"Talkpal, Inc.\"},\"image\":{\"@id\":\"https:\/\/talkpal.ai\/sk\/#\/schema\/logo\/image\/\"},\"sameAs\":[\"https:\/\/www.facebook.com\/profile.php?id=100090733639311\",\"https:\/\/x.com\/talkpalai\",\"https:\/\/www.linkedin.com\/company\/talkpal\/\",\"https:\/\/www.youtube.com\/@TalkPal\/\",\"https:\/\/www.tiktok.com\/@talkpal\",\"https:\/\/www.instagram.com\/talkpal_ai\/\",\"https:\/\/www.crunchbase.com\/organization\/talkpal-9cde\",\"https:\/\/www.g2.com\/products\/talkpal-for-business\/\",\"https:\/\/www.trustpilot.com\/review\/talkpal.ai\",\"https:\/\/www.capterra.com\/p\/10006800\/TalkPal\/\"],\"description\":\"Talkpal is a language learning web and mobile education app, powered by the latest AI technologies, that provides engaging experiences to its customers in many different languages to help them improve their language skills. Users can chat about unlimited amount of topics with the app and use other modes to practice their language learning.\",\"email\":\"support@talkpal.ai\",\"legalName\":\"Talkpal, Inc.\",\"foundingDate\":\"2023-04-03\",\"duns\":\"118989042\",\"numberOfEmployees\":{\"@type\":\"QuantitativeValue\",\"minValue\":\"11\",\"maxValue\":\"50\"},\"publishingPrinciples\":\"https:\/\/talkpal.ai\/publishing-principles\/\",\"actionableFeedbackPolicy\":\"https:\/\/talkpal.ai\/actionable-feedback-policy\/\",\"correctionsPolicy\":\"https:\/\/talkpal.ai\/corrections-policy\/\",\"ethicsPolicy\":\"https:\/\/talkpal.ai\/ethics-policy\/\",\"diversityPolicy\":\"https:\/\/talkpal.ai\/diversity-policy\/\",\"diversityStaffingReport\":\"https:\/\/talkpal.ai\/diversity-policy\/\"}]}<\/script>\n<!-- \/ Yoast SEO Premium plugin. -->","yoast_head_json":{"title":"Malajsk\u00e1 gramatika - Talkpal","description":"Presk\u00famajte malajsk\u00fa gramatiku a zistite, ako jej jednoduchos\u0165 m\u00f4\u017ee zlep\u0161i\u0165 va\u0161e porozumenie malajsk\u00e9ho jazyka.","robots":{"index":"index","follow":"follow","max-snippet":"max-snippet:-1","max-image-preview":"max-image-preview:large","max-video-preview":"max-video-preview:-1"},"canonical":"https:\/\/talkpal.ai\/sk\/malajska-gramatika\/","og_locale":"sk_SK","og_type":"article","og_title":"Malajsk\u00e1 gramatika","og_description":"Malajsk\u00e1 gramatika: Sk\u00famanie bohatstva Bahasa Melayu Malaj\u010dina alebo bahasa melayu patr\u00ed medzi najpou\u017e\u00edvanej\u0161ie jazyky na svete a sp\u00e1ja rozmanit\u00e9 n\u00e1rody","og_url":"https:\/\/talkpal.ai\/sk\/malajska-gramatika\/","og_site_name":"Talkpal","article_publisher":"https:\/\/www.facebook.com\/profile.php?id=100090733639311","article_modified_time":"2025-12-17T16:40:30+00:00","og_image":[{"width":512,"height":512,"url":"https:\/\/talkpal.ai\/wp-content\/uploads\/2023\/05\/malaysia.png","type":"image\/png"}],"twitter_card":"summary_large_image","twitter_site":"@talkpalai","twitter_misc":{"Predpokladan\u00fd \u010das \u010d\u00edtania":"3 min\u00faty"},"schema":{"@context":"https:\/\/schema.org","@graph":[{"@type":"WebPage","@id":"https:\/\/talkpal.ai\/sk\/malajska-gramatika\/","url":"https:\/\/talkpal.ai\/sk\/malajska-gramatika\/","name":"Malajsk\u00e1 gramatika - Talkpal","isPartOf":{"@id":"https:\/\/talkpal.ai\/sk\/#website"},"primaryImageOfPage":{"@id":"https:\/\/talkpal.ai\/sk\/malajska-gramatika\/#primaryimage"},"image":{"@id":"https:\/\/talkpal.ai\/sk\/malajska-gramatika\/#primaryimage"},"thumbnailUrl":"https:\/\/talkpal.ai\/wp-content\/uploads\/2023\/05\/malaysia.png","datePublished":"2023-05-14T14:11:47+00:00","dateModified":"2025-12-17T16:40:30+00:00","description":"Presk\u00famajte malajsk\u00fa gramatiku a zistite, ako jej jednoduchos\u0165 m\u00f4\u017ee zlep\u0161i\u0165 va\u0161e porozumenie malajsk\u00e9ho jazyka.","breadcrumb":{"@id":"https:\/\/talkpal.ai\/sk\/malajska-gramatika\/#breadcrumb"},"inLanguage":"sk-SK","potentialAction":[{"@type":"ReadAction","target":["https:\/\/talkpal.ai\/sk\/malajska-gramatika\/"]}]},{"@type":"ImageObject","inLanguage":"sk-SK","@id":"https:\/\/talkpal.ai\/sk\/malajska-gramatika\/#primaryimage","url":"https:\/\/talkpal.ai\/wp-content\/uploads\/2023\/05\/malaysia.png","contentUrl":"https:\/\/talkpal.ai\/wp-content\/uploads\/2023\/05\/malaysia.png","width":512,"height":512},{"@type":"BreadcrumbList","@id":"https:\/\/talkpal.ai\/sk\/malajska-gramatika\/#breadcrumb","itemListElement":[{"@type":"ListItem","position":1,"name":"Homepage","item":"https:\/\/talkpal.ai\/sk\/"},{"@type":"ListItem","position":2,"name":"Malajsk\u00e1 gramatika"}]},{"@type":"WebSite","@id":"https:\/\/talkpal.ai\/sk\/#website","url":"https:\/\/talkpal.ai\/sk\/","name":"Talkpal","description":"AI Language Learning","publisher":{"@id":"https:\/\/talkpal.ai\/sk\/#organization"},"alternateName":"Talkpal AI","potentialAction":[{"@type":"SearchAction","target":{"@type":"EntryPoint","urlTemplate":"https:\/\/talkpal.ai\/sk\/?s={search_term_string}"},"query-input":{"@type":"PropertyValueSpecification","valueRequired":true,"valueName":"search_term_string"}}],"inLanguage":"sk-SK"},{"@type":"Organization","@id":"https:\/\/talkpal.ai\/sk\/#organization","name":"Talkpal, Inc.","alternateName":"Talkpal AI","url":"https:\/\/talkpal.ai\/sk\/","logo":{"@type":"ImageObject","inLanguage":"sk-SK","@id":"https:\/\/talkpal.ai\/sk\/#\/schema\/logo\/image\/","url":"https:\/\/talkpal.ai\/wp-content\/uploads\/2024\/03\/Talkpal-Logo-Icon.png","contentUrl":"https:\/\/talkpal.ai\/wp-content\/uploads\/2024\/03\/Talkpal-Logo-Icon.png","width":2880,"height":2880,"caption":"Talkpal, Inc."},"image":{"@id":"https:\/\/talkpal.ai\/sk\/#\/schema\/logo\/image\/"},"sameAs":["https:\/\/www.facebook.com\/profile.php?id=100090733639311","https:\/\/x.com\/talkpalai","https:\/\/www.linkedin.com\/company\/talkpal\/","https:\/\/www.youtube.com\/@TalkPal\/","https:\/\/www.tiktok.com\/@talkpal","https:\/\/www.instagram.com\/talkpal_ai\/","https:\/\/www.crunchbase.com\/organization\/talkpal-9cde","https:\/\/www.g2.com\/products\/talkpal-for-business\/","https:\/\/www.trustpilot.com\/review\/talkpal.ai","https:\/\/www.capterra.com\/p\/10006800\/TalkPal\/"],"description":"Talkpal is a language learning web and mobile education app, powered by the latest AI technologies, that provides engaging experiences to its customers in many different languages to help them improve their language skills. Users can chat about unlimited amount of topics with the app and use other modes to practice their language learning.","email":"support@talkpal.ai","legalName":"Talkpal, Inc.","foundingDate":"2023-04-03","duns":"118989042","numberOfEmployees":{"@type":"QuantitativeValue","minValue":"11","maxValue":"50"},"publishingPrinciples":"https:\/\/talkpal.ai\/publishing-principles\/","actionableFeedbackPolicy":"https:\/\/talkpal.ai\/actionable-feedback-policy\/","correctionsPolicy":"https:\/\/talkpal.ai\/corrections-policy\/","ethicsPolicy":"https:\/\/talkpal.ai\/ethics-policy\/","diversityPolicy":"https:\/\/talkpal.ai\/diversity-policy\/","diversityStaffingReport":"https:\/\/talkpal.ai\/diversity-policy\/"}]}},"_links":{"self":[{"href":"https:\/\/talkpal.ai\/sk\/wp-json\/wp\/v2\/pages\/147073","targetHints":{"allow":["GET"]}}],"collection":[{"href":"https:\/\/talkpal.ai\/sk\/wp-json\/wp\/v2\/pages"}],"about":[{"href":"https:\/\/talkpal.ai\/sk\/wp-json\/wp\/v2\/types\/page"}],"author":[{"embeddable":true,"href":"https:\/\/talkpal.ai\/sk\/wp-json\/wp\/v2\/users\/1"}],"replies":[{"embeddable":true,"href":"https:\/\/talkpal.ai\/sk\/wp-json\/wp\/v2\/comments?post=147073"}],"version-history":[{"count":0,"href":"https:\/\/talkpal.ai\/sk\/wp-json\/wp\/v2\/pages\/147073\/revisions"}],"wp:featuredmedia":[{"embeddable":true,"href":"https:\/\/talkpal.ai\/sk\/wp-json\/wp\/v2\/media\/115811"}],"wp:attachment":[{"href":"https:\/\/talkpal.ai\/sk\/wp-json\/wp\/v2\/media?parent=147073"}],"curies":[{"name":"wp","href":"https:\/\/api.w.org\/{rel}","templated":true}]}}