{"id":146744,"date":"2023-05-14T14:11:28","date_gmt":"2023-05-14T14:11:28","guid":{"rendered":"http:\/\/talkpal.ai\/macedonska-gramatika\/"},"modified":"2025-12-17T16:35:35","modified_gmt":"2025-12-17T16:35:35","slug":"macedonska-gramatika","status":"publish","type":"page","link":"https:\/\/talkpal.ai\/sk\/macedonska-gramatika\/","title":{"rendered":"Maced\u00f3nska gramatika"},"content":{"rendered":"\r\n\r\n\r\n<section class=\"languageChallengeSection\">\r\n    <div class=\"languageInfoWrapper\">\r\n        \r\n        <h1>Maced\u00f3nska gramatika<\/h1>\r\n        <p>Ponorte sa do fascinuj\u00faceho sveta maced\u00f3nskej gramatiky a objavte \u0161trukt\u00faru tohto jedine\u010dn\u00e9ho juhoslovansk\u00e9ho jazyka. Osvojenie si z\u00e1kladov maced\u00f3nskej gramatiky v\u00e1m umo\u017en\u00ed sebavedomej\u0161ie komunikova\u0165 a spozn\u00e1va\u0165 bohat\u00fa kult\u00faru Severn\u00e9ho Maced\u00f3nska. Za\u010dnite e\u0161te dnes a urobte prv\u00fd krok k zvl\u00e1dnutiu maced\u00f3n\u010diny!<\/p>\r\n\r\n                            <a class=\"getStartedHidden\" href=\"https:\/\/app.talkpal.ai\/sk\/signup?lng=\">Za\u010dni<\/a>\r\n        \r\n    <\/div>\r\n\r\n    <figure>\r\n    <img decoding=\"async\" width=\"768\" height=\"768\" src=\"https:\/\/talkpal.ai\/wp-content\/uploads\/2023\/06\/macedonian-768x768.png\" class=\"languageImage no-lazy\" alt=\"Language learning through conversational practice\" fetchpriority=\"high\" sizes=\"(max-width: 768px) 150px, 768px\" srcset=\"https:\/\/talkpal.ai\/wp-content\/uploads\/2023\/06\/macedonian-768x768.png 768w, https:\/\/talkpal.ai\/wp-content\/uploads\/2023\/06\/macedonian-300x300.png 300w\" \/>\r\n    \r\n\r\n    <\/figure>\r\n\r\n            <a class=\"getStartedVisible\" href=\"https:\/\/app.talkpal.ai\/sk\/signup?lng=\">Za\u010dni<\/a>\r\n    \r\n<\/section>\r\n<section class=\"promotionalBanner\">\r\n    <p class=\"promotionalText\">Najefekt\u00edvnej\u0161\u00ed sp\u00f4sob, ako sa nau\u010di\u0165 jazyk<\/p>\r\n    <a class=\"promotionalLink\" href=\"https:\/\/app.talkpal.ai\/sk\/signup?lng=\">Vysk\u00fa\u0161ajte Talkpal zadarmo<\/a>\r\n<\/section>\n<div class=\"wp-block-group pageContainerStyle\"><div class=\"wp-block-group__inner-container is-layout-constrained wp-block-group-is-layout-constrained\">\n<h2 class=\"wp-block-heading\" id=\"h-unraveling-the-mysteries-of-macedonian-grammar\">Odhalenie tajomstiev maced\u00f3nskej gramatiky<\/h2>\n\n\n\n<p><a href=\"https:\/\/talkpal.ai\/macedonian-grammar\/\">Maced\u00f3nska gramatika<\/a> &#8211; zlo\u017eit\u00e1 a z\u00e1rove\u0148 pr\u00edstupn\u00e1, fascinuj\u00faca a z\u00e1rove\u0148 p\u00f4vabn\u00e1, zlo\u017eit\u00e1 a z\u00e1rove\u0148 fascinuj\u00faca. Ke\u010f za\u010dnete svoju cestu do sveta maced\u00f3nskeho jazyka, m\u00f4\u017eete c\u00edti\u0165 zmes vzru\u0161enia a zastra\u0161ovania, pokia\u013e ide o de\u0161ifrovanie jeho gramatick\u00fdch z\u00e1had. Nebojte sa, horliv\u00fd jazykov\u00fd nad\u0161enec! Sme tu, aby sme v\u00e1s v tomto jazykovom dobrodru\u017estve podporili!<\/p>\n\n\n\n<p>V tomto p\u00fatavom \u010dl\u00e1nku si posvietime na z\u00e1kladn\u00e9 aspekty maced\u00f3nskej gramatiky a poskytneme v\u00e1m preh\u013ead, vysvetlenia a praktick\u00e9 pr\u00edklady. Prezrad\u00edme v\u00e1m, \u017ee tento fascinuj\u00faci balk\u00e1nsky jazyk je dostupnej\u0161\u00ed, ne\u017e si mysl\u00edte! Tak sa prip\u00fatajte a dovo\u013ete n\u00e1m zjednodu\u0161i\u0165 a demystifikova\u0165 maced\u00f3nsku gramatiku pre v\u00e1s.<\/p>\n\n\n\n<h3 class=\"wp-block-heading\" id=\"h-1-delightful-declensions-noun-cases-made-easy\">1. N\u00e1dhern\u00e9 sklo\u0148ovanie: jednoduch\u00e9 p\u00e1dy podstatn\u00fdch mien<\/h3>\n\n\n\n<p>Rovnako ako in\u00e9 slovansk\u00e9 <a href=\"https:\/\/talkpal.ai\/what-language-is-spoken-on-the-international-space-station\/\">jazyky<\/a>, <a href=\"https:\/\/talkpal.ai\/learn-macedonian\/\">maced\u00f3n\u010dina<\/a> m\u00e1 komplexn\u00fd syst\u00e9m podstatn\u00fdch mien, ktor\u00fd pozost\u00e1va z troch p\u00e1dov: nominat\u00edv, akuzat\u00edv a dat\u00edv. Aj ke\u010f je to menej sk\u013eu\u010duj\u00face ako jazyky s viacer\u00fdmi pr\u00edpadmi, zvl\u00e1dnutie t\u00fdchto nuanci\u00ed je nevyhnutn\u00e9 na dosiahnutie plynulosti. Tieto pr\u00edpady prira\u010fuj\u00fa r\u00f4zne \u00falohy podstatn\u00fdm men\u00e1m, z\u00e1men\u00e1m a pr\u00eddavn\u00fdm men\u00e1m vo vete. Tu je stru\u010dn\u00fd preh\u013ead:<\/p>\n\n\n\n<p><strong>&#8211; Nominat\u00edv: Predmet vety<\/strong><\/p>\n\n\n\n<p><strong>&#8211; Akuzat\u00edv: Priamy predmet alebo cie\u013e deja<\/strong><\/p>\n\n\n\n<p><strong>&#8211; Dat\u00edv: Nepriamy predmet alebo ukazovate\u013e smeru deja<\/strong><\/p>\n\n\n\n<p>Aby sme sa dostali na k\u013ab t\u00fdchto pr\u00edpadov, k\u013e\u00fa\u010dom je prax. \u010casom a vystaven\u00edm sa jazyku sa tieto rozdiely stan\u00fa druhou prirodzenos\u0165ou.<\/p>\n\n\n\n<h3 class=\"wp-block-heading\" id=\"h-2-amiable-adjectives-agreement-is-everything\">2. Priate\u013esk\u00e9 pr\u00eddavn\u00e9 men\u00e1: dohoda je v\u0161etko<\/h3>\n\n\n\n<p>Pr\u00eddavn\u00e9 men\u00e1 v maced\u00f3nskej gramatike s\u00fa kongeni\u00e1lne konformistick\u00e9. S\u00fahlasia s rodom, \u010d\u00edslom a p\u00e1dom podstatn\u00fdch mien, ktor\u00e9 opisuj\u00fa. To znamen\u00e1, \u017ee budete musie\u0165 upravi\u0165 tvar ka\u017ed\u00e9ho pr\u00eddavn\u00e9ho mena tak, aby zodpovedal charakteristike podstatn\u00e9ho mena.<\/p>\n\n\n\n<p>Aby bol tento proces plynulej\u0161\u00ed, zamerajte sa na osvojenie si z\u00e1kladn\u00fdch foriem pr\u00eddavn\u00fdch mien \u2013 mu\u017esk\u00fd, \u017eensk\u00fd a kastrovan\u00fd. Pri pravidelnej praxi sa proces dohody pr\u00eddavn\u00fdch mien \u010doskoro stane intuit\u00edvnym.<\/p>\n\n\n\n<h3 class=\"wp-block-heading\" id=\"h-3-vigorous-verbs-conjugation-and-aspect-mastery\">3. Siln\u00e9 sloves\u00e1: \u010dasovanie a zvl\u00e1dnutie aspektov<\/h3>\n\n\n\n<p>Rovnako ako u in\u00fdch slovansk\u00fdch jazykov, maced\u00f3nske sloves\u00e1 za\u017e\u00edvaj\u00fa zna\u010dn\u00e9 odch\u00fdlky. Konjug\u00e1cia z\u00e1vis\u00ed od nap\u00e4tia, n\u00e1lady, osoby, \u010d\u00edsla a \u010do je najd\u00f4le\u017eitej\u0161ie, aspektu.<\/p>\n\n\n\n<p>Maced\u00f3nske sloves\u00e1 maj\u00fa dva aspekty: dokonal\u00fd a nedokonal\u00fd. Dokonav\u00e9 sloves\u00e1 vyjadruj\u00fa \u00fapln\u00fa akciu, zatia\u013e \u010do nedokonav\u00e9 sloves\u00e1 vyjadruj\u00fa pokra\u010duj\u00facu alebo opakuj\u00facu sa \u010dinnos\u0165. Pochopenie tohto konceptu je rozhoduj\u00face pre zdokonalenie va\u0161ich gramatick\u00fdch znalost\u00ed.<\/p>\n\n\n\n<h3 class=\"wp-block-heading\" id=\"h-4-pitch-perfect-particles-mastering-stress-and-intonation\">4. Dokonal\u00e9 \u010dastice: zvl\u00e1dnutie stresu a inton\u00e1cie<\/h3>\n\n\n\n<p>Jedine\u010dnou maced\u00f3nskou v\u00fdzvou pre \u0161tudentov jazykov je zvl\u00e1dnutie charakteristick\u00e9ho syst\u00e9mu pr\u00edzvuku, ktor\u00fd slabik\u00e1m prira\u010fuje d\u00f4raz a inton\u00e1ciu. Tento syst\u00e9m m\u00f4\u017ee priamo ovplyvni\u0165 v\u00fdznam a porozumenie.<\/p>\n\n\n\n<p>Ak chcete dosiahnu\u0165 presnos\u0165 v\u00fdslovnosti a zrozumite\u013enos\u0165 komunik\u00e1cie, venujte ve\u013ek\u00fa pozornos\u0165 intona\u010dn\u00fdm vzorom v re\u010di roden\u00fdch maced\u00f3nskych hovoriacich. Ako za\u010diato\u010dn\u00edk m\u00f4\u017eete bojova\u0165, ale nezabudnite, \u017ee prax plod\u00ed d\u00f4veru a majstrovstvo.<\/p>\n\n\n\n<h3 class=\"wp-block-heading\" id=\"h-5-embrace-the-intricacies-persevere-and-prosper\">5. Prijmite zlo\u017eitosti: vytrvajte a prosperujte<\/h3>\n\n\n\n<p>Maced\u00f3nska gramatika sa na prv\u00fd poh\u013ead m\u00f4\u017ee zda\u0165 zlo\u017eit\u00e1, ale majte na pam\u00e4ti, \u017ee trpezlivos\u0165, prax a vytrvalos\u0165 s\u00fa tajomstvom \u00faspechu. Zapojte sa do jazyka prostredn\u00edctvom \u010d\u00edtania, p\u00edsania, po\u010d\u00favania a hovorenia. Prijmite v\u00fdzvy a odme\u0148te sa uspokojen\u00edm z pokroku.<\/p>\n\n\n\n<p>Tak\u017ee ste pripraven\u00ed ponori\u0165 sa do hypnotizuj\u00facej r\u00ed\u0161e maced\u00f3nskej gramatiky? Prijmite jeho zvl\u00e1\u0161tnosti a zlo\u017eitos\u0165, vychutnajte si jemnosti a pam\u00e4tajte, \u017ee s odhodlan\u00edm a nad\u0161en\u00edm m\u00f4\u017eete odomkn\u00fa\u0165 skuto\u010dn\u00fa kr\u00e1su maced\u00f3nskeho jazyka. \u0421\u043e \u0441\u0440\u0435\u045c\u0430! (Ve\u013ea \u0161\u0165astia!)<\/p>\n<\/div><\/div>\n\r\n<section class=\"learnNavigationSection\">\r\n            \r\n        <a href=\"https:\/\/talkpal.ai\/sk\/naucte-sa-macedonsky\/\">\r\n            <div class=\"learnNavigationWrapper\">\r\n                <div class=\"learnNavigationContent\">\r\n                    <img decoding=\"async\" src=\"https:\/\/talkpal.ai\/wp-content\/uploads\/2024\/08\/Macedonian.jpg\" alt=\"Macedonian Flag\">\r\n                    <div>\r\n                        <h4>O maced\u00f3nskom vzdel\u00e1van\u00ed<\/h4>\r\n                        <p>Zistite v\u0161etko o maced\u00f3nskej gramatike.<\/p>\r\n                    <\/div>\r\n                <\/div>\r\n            <\/div>\r\n        <\/a>\r\n\r\n        \r\n        <a href=\"https:\/\/talkpal.ai\/sk\/macedonske-gramaticke-cvicenia\/\">\r\n            <div class=\"learnNavigationWrapper\">\r\n                <div class=\"learnNavigationContent\">\r\n                    <img decoding=\"async\" src=\"https:\/\/talkpal.ai\/wp-content\/uploads\/2024\/08\/Macedonian.jpg\" alt=\"Macedonian Flag\">\r\n                    <div>\r\n                        <h4>Cvi\u010denie z maced\u00f3nskej gramatiky<\/h4>\r\n                        <p>Precvi\u010dte si maced\u00f3nsku gramatiku.<\/p>\r\n                    <\/div>\r\n                <\/div>\r\n            <\/div>\r\n        <\/a>\r\n\r\n        \r\n        <a href=\"https:\/\/talkpal.ai\/vocabulary_language\/macedonian\/\">\r\n            <div class=\"learnNavigationWrapper\">\r\n                <div class=\"learnNavigationContent\">\r\n                    <img decoding=\"async\" src=\"https:\/\/talkpal.ai\/wp-content\/uploads\/2024\/08\/Macedonian.jpg\" alt=\"Macedonian Flag\">\r\n                    <div>\r\n                        <h4>Maced\u00f3nska slovn\u00e1 z\u00e1soba<\/h4>\r\n                        <p>Roz\u0161\u00edrte si slovn\u00fa z\u00e1sobu maced\u00f3n\u010diny.<\/p>\r\n                    <\/div>\r\n                <\/div>\r\n            <\/div>\r\n        <\/a>\r\n\r\n            <\/section>","protected":false},"excerpt":{"rendered":"<p>Odhalenie tajomstiev maced\u00f3nskej gramatiky Maced\u00f3nska gramatika &#8211; zlo\u017eit\u00e1 a z\u00e1rove\u0148 pr\u00edstupn\u00e1, fascinuj\u00faca a z\u00e1rove\u0148 p\u00f4vabn\u00e1, zlo\u017eit\u00e1 a z\u00e1rove\u0148 fascinuj\u00faca. Ke\u010f za\u010dnete svoju cestu do sveta maced\u00f3nskeho jazyka, m\u00f4\u017eete c\u00edti\u0165 zmes vzru\u0161enia a zastra\u0161ovania, pokia\u013e ide o de\u0161ifrovanie jeho gramatick\u00fdch z\u00e1had. Nebojte sa, horliv\u00fd jazykov\u00fd nad\u0161enec! Sme tu, aby sme v\u00e1s v tomto jazykovom dobrodru\u017estve podporili! [&hellip;]<\/p>\n","protected":false},"author":1,"featured_media":115309,"parent":0,"menu_order":0,"comment_status":"closed","ping_status":"closed","template":"LearningContentPage.php","meta":{"_acf_changed":false,"footnotes":""},"class_list":["post-146744","page","type-page","status-publish","has-post-thumbnail","hentry"],"acf":[],"yoast_head":"<!-- This site is optimized with the Yoast SEO Premium plugin v27.2 (Yoast SEO v27.2) - https:\/\/yoast.com\/product\/yoast-seo-premium-wordpress\/ -->\n<title>Maced\u00f3nska gramatika - Talkpal<\/title>\n<meta name=\"description\" content=\"Ovl\u00e1dajte maced\u00f3nsku gramatiku bez n\u00e1mahy pomocou Talkpal, v\u00e1\u0161 jazykov\u00fd t\u00fator s umelou inteligenciou. Zlep\u0161ite si svoje znalosti maced\u00f3nskej gramatiky!\" \/>\n<meta name=\"robots\" content=\"index, follow, max-snippet:-1, max-image-preview:large, max-video-preview:-1\" \/>\n<link rel=\"canonical\" href=\"https:\/\/talkpal.ai\/sk\/macedonska-gramatika\/\" \/>\n<meta property=\"og:locale\" content=\"sk_SK\" \/>\n<meta property=\"og:type\" content=\"article\" \/>\n<meta property=\"og:title\" content=\"Maced\u00f3nska gramatika\" \/>\n<meta property=\"og:description\" content=\"Odhalenie tajomstiev maced\u00f3nskej gramatiky Maced\u00f3nska gramatika - zlo\u017eit\u00e1 a z\u00e1rove\u0148 pr\u00edstupn\u00e1, fascinuj\u00faca a z\u00e1rove\u0148 p\u00f4vabn\u00e1, zlo\u017eit\u00e1 a z\u00e1rove\u0148\" \/>\n<meta property=\"og:url\" content=\"https:\/\/talkpal.ai\/sk\/macedonska-gramatika\/\" \/>\n<meta property=\"og:site_name\" content=\"Talkpal\" \/>\n<meta property=\"article:publisher\" content=\"https:\/\/www.facebook.com\/profile.php?id=100090733639311\" \/>\n<meta property=\"article:modified_time\" content=\"2025-12-17T16:35:35+00:00\" \/>\n<meta property=\"og:image\" content=\"https:\/\/talkpal.ai\/wp-content\/uploads\/2023\/05\/republic-of-macedonia.png\" \/>\n\t<meta property=\"og:image:width\" content=\"512\" \/>\n\t<meta property=\"og:image:height\" content=\"512\" \/>\n\t<meta property=\"og:image:type\" content=\"image\/png\" \/>\n<meta name=\"twitter:card\" content=\"summary_large_image\" \/>\n<meta name=\"twitter:site\" content=\"@talkpalai\" \/>\n<meta name=\"twitter:label1\" content=\"Predpokladan\u00fd \u010das \u010d\u00edtania\" \/>\n\t<meta name=\"twitter:data1\" content=\"3 min\u00faty\" \/>\n<script type=\"application\/ld+json\" class=\"yoast-schema-graph\">{\"@context\":\"https:\/\/schema.org\",\"@graph\":[{\"@type\":\"WebPage\",\"@id\":\"https:\/\/talkpal.ai\/sk\/macedonska-gramatika\/\",\"url\":\"https:\/\/talkpal.ai\/sk\/macedonska-gramatika\/\",\"name\":\"Maced\u00f3nska gramatika - Talkpal\",\"isPartOf\":{\"@id\":\"https:\/\/talkpal.ai\/sk\/#website\"},\"primaryImageOfPage\":{\"@id\":\"https:\/\/talkpal.ai\/sk\/macedonska-gramatika\/#primaryimage\"},\"image\":{\"@id\":\"https:\/\/talkpal.ai\/sk\/macedonska-gramatika\/#primaryimage\"},\"thumbnailUrl\":\"https:\/\/talkpal.ai\/wp-content\/uploads\/2023\/05\/republic-of-macedonia.png\",\"datePublished\":\"2023-05-14T14:11:28+00:00\",\"dateModified\":\"2025-12-17T16:35:35+00:00\",\"description\":\"Ovl\u00e1dajte maced\u00f3nsku gramatiku bez n\u00e1mahy pomocou Talkpal, v\u00e1\u0161 jazykov\u00fd t\u00fator s umelou inteligenciou. Zlep\u0161ite si svoje znalosti maced\u00f3nskej gramatiky!\",\"breadcrumb\":{\"@id\":\"https:\/\/talkpal.ai\/sk\/macedonska-gramatika\/#breadcrumb\"},\"inLanguage\":\"sk-SK\",\"potentialAction\":[{\"@type\":\"ReadAction\",\"target\":[\"https:\/\/talkpal.ai\/sk\/macedonska-gramatika\/\"]}]},{\"@type\":\"ImageObject\",\"inLanguage\":\"sk-SK\",\"@id\":\"https:\/\/talkpal.ai\/sk\/macedonska-gramatika\/#primaryimage\",\"url\":\"https:\/\/talkpal.ai\/wp-content\/uploads\/2023\/05\/republic-of-macedonia.png\",\"contentUrl\":\"https:\/\/talkpal.ai\/wp-content\/uploads\/2023\/05\/republic-of-macedonia.png\",\"width\":512,\"height\":512},{\"@type\":\"BreadcrumbList\",\"@id\":\"https:\/\/talkpal.ai\/sk\/macedonska-gramatika\/#breadcrumb\",\"itemListElement\":[{\"@type\":\"ListItem\",\"position\":1,\"name\":\"Homepage\",\"item\":\"https:\/\/talkpal.ai\/sk\/\"},{\"@type\":\"ListItem\",\"position\":2,\"name\":\"Maced\u00f3nska gramatika\"}]},{\"@type\":\"WebSite\",\"@id\":\"https:\/\/talkpal.ai\/sk\/#website\",\"url\":\"https:\/\/talkpal.ai\/sk\/\",\"name\":\"Talkpal\",\"description\":\"AI Language Learning\",\"publisher\":{\"@id\":\"https:\/\/talkpal.ai\/sk\/#organization\"},\"alternateName\":\"Talkpal AI\",\"potentialAction\":[{\"@type\":\"SearchAction\",\"target\":{\"@type\":\"EntryPoint\",\"urlTemplate\":\"https:\/\/talkpal.ai\/sk\/?s={search_term_string}\"},\"query-input\":{\"@type\":\"PropertyValueSpecification\",\"valueRequired\":true,\"valueName\":\"search_term_string\"}}],\"inLanguage\":\"sk-SK\"},{\"@type\":\"Organization\",\"@id\":\"https:\/\/talkpal.ai\/sk\/#organization\",\"name\":\"Talkpal, Inc.\",\"alternateName\":\"Talkpal AI\",\"url\":\"https:\/\/talkpal.ai\/sk\/\",\"logo\":{\"@type\":\"ImageObject\",\"inLanguage\":\"sk-SK\",\"@id\":\"https:\/\/talkpal.ai\/sk\/#\/schema\/logo\/image\/\",\"url\":\"https:\/\/talkpal.ai\/wp-content\/uploads\/2024\/03\/Talkpal-Logo-Icon.png\",\"contentUrl\":\"https:\/\/talkpal.ai\/wp-content\/uploads\/2024\/03\/Talkpal-Logo-Icon.png\",\"width\":2880,\"height\":2880,\"caption\":\"Talkpal, Inc.\"},\"image\":{\"@id\":\"https:\/\/talkpal.ai\/sk\/#\/schema\/logo\/image\/\"},\"sameAs\":[\"https:\/\/www.facebook.com\/profile.php?id=100090733639311\",\"https:\/\/x.com\/talkpalai\",\"https:\/\/www.linkedin.com\/company\/talkpal\/\",\"https:\/\/www.youtube.com\/@TalkPal\/\",\"https:\/\/www.tiktok.com\/@talkpal\",\"https:\/\/www.instagram.com\/talkpal_ai\/\",\"https:\/\/www.crunchbase.com\/organization\/talkpal-9cde\",\"https:\/\/www.g2.com\/products\/talkpal-for-business\/\",\"https:\/\/www.trustpilot.com\/review\/talkpal.ai\",\"https:\/\/www.capterra.com\/p\/10006800\/TalkPal\/\"],\"description\":\"Talkpal is a language learning web and mobile education app, powered by the latest AI technologies, that provides engaging experiences to its customers in many different languages to help them improve their language skills. Users can chat about unlimited amount of topics with the app and use other modes to practice their language learning.\",\"email\":\"support@talkpal.ai\",\"legalName\":\"Talkpal, Inc.\",\"foundingDate\":\"2023-04-03\",\"duns\":\"118989042\",\"numberOfEmployees\":{\"@type\":\"QuantitativeValue\",\"minValue\":\"11\",\"maxValue\":\"50\"},\"publishingPrinciples\":\"https:\/\/talkpal.ai\/publishing-principles\/\",\"actionableFeedbackPolicy\":\"https:\/\/talkpal.ai\/actionable-feedback-policy\/\",\"correctionsPolicy\":\"https:\/\/talkpal.ai\/corrections-policy\/\",\"ethicsPolicy\":\"https:\/\/talkpal.ai\/ethics-policy\/\",\"diversityPolicy\":\"https:\/\/talkpal.ai\/diversity-policy\/\",\"diversityStaffingReport\":\"https:\/\/talkpal.ai\/diversity-policy\/\"}]}<\/script>\n<!-- \/ Yoast SEO Premium plugin. -->","yoast_head_json":{"title":"Maced\u00f3nska gramatika - Talkpal","description":"Ovl\u00e1dajte maced\u00f3nsku gramatiku bez n\u00e1mahy pomocou Talkpal, v\u00e1\u0161 jazykov\u00fd t\u00fator s umelou inteligenciou. Zlep\u0161ite si svoje znalosti maced\u00f3nskej gramatiky!","robots":{"index":"index","follow":"follow","max-snippet":"max-snippet:-1","max-image-preview":"max-image-preview:large","max-video-preview":"max-video-preview:-1"},"canonical":"https:\/\/talkpal.ai\/sk\/macedonska-gramatika\/","og_locale":"sk_SK","og_type":"article","og_title":"Maced\u00f3nska gramatika","og_description":"Odhalenie tajomstiev maced\u00f3nskej gramatiky Maced\u00f3nska gramatika - zlo\u017eit\u00e1 a z\u00e1rove\u0148 pr\u00edstupn\u00e1, fascinuj\u00faca a z\u00e1rove\u0148 p\u00f4vabn\u00e1, zlo\u017eit\u00e1 a z\u00e1rove\u0148","og_url":"https:\/\/talkpal.ai\/sk\/macedonska-gramatika\/","og_site_name":"Talkpal","article_publisher":"https:\/\/www.facebook.com\/profile.php?id=100090733639311","article_modified_time":"2025-12-17T16:35:35+00:00","og_image":[{"width":512,"height":512,"url":"https:\/\/talkpal.ai\/wp-content\/uploads\/2023\/05\/republic-of-macedonia.png","type":"image\/png"}],"twitter_card":"summary_large_image","twitter_site":"@talkpalai","twitter_misc":{"Predpokladan\u00fd \u010das \u010d\u00edtania":"3 min\u00faty"},"schema":{"@context":"https:\/\/schema.org","@graph":[{"@type":"WebPage","@id":"https:\/\/talkpal.ai\/sk\/macedonska-gramatika\/","url":"https:\/\/talkpal.ai\/sk\/macedonska-gramatika\/","name":"Maced\u00f3nska gramatika - Talkpal","isPartOf":{"@id":"https:\/\/talkpal.ai\/sk\/#website"},"primaryImageOfPage":{"@id":"https:\/\/talkpal.ai\/sk\/macedonska-gramatika\/#primaryimage"},"image":{"@id":"https:\/\/talkpal.ai\/sk\/macedonska-gramatika\/#primaryimage"},"thumbnailUrl":"https:\/\/talkpal.ai\/wp-content\/uploads\/2023\/05\/republic-of-macedonia.png","datePublished":"2023-05-14T14:11:28+00:00","dateModified":"2025-12-17T16:35:35+00:00","description":"Ovl\u00e1dajte maced\u00f3nsku gramatiku bez n\u00e1mahy pomocou Talkpal, v\u00e1\u0161 jazykov\u00fd t\u00fator s umelou inteligenciou. Zlep\u0161ite si svoje znalosti maced\u00f3nskej gramatiky!","breadcrumb":{"@id":"https:\/\/talkpal.ai\/sk\/macedonska-gramatika\/#breadcrumb"},"inLanguage":"sk-SK","potentialAction":[{"@type":"ReadAction","target":["https:\/\/talkpal.ai\/sk\/macedonska-gramatika\/"]}]},{"@type":"ImageObject","inLanguage":"sk-SK","@id":"https:\/\/talkpal.ai\/sk\/macedonska-gramatika\/#primaryimage","url":"https:\/\/talkpal.ai\/wp-content\/uploads\/2023\/05\/republic-of-macedonia.png","contentUrl":"https:\/\/talkpal.ai\/wp-content\/uploads\/2023\/05\/republic-of-macedonia.png","width":512,"height":512},{"@type":"BreadcrumbList","@id":"https:\/\/talkpal.ai\/sk\/macedonska-gramatika\/#breadcrumb","itemListElement":[{"@type":"ListItem","position":1,"name":"Homepage","item":"https:\/\/talkpal.ai\/sk\/"},{"@type":"ListItem","position":2,"name":"Maced\u00f3nska gramatika"}]},{"@type":"WebSite","@id":"https:\/\/talkpal.ai\/sk\/#website","url":"https:\/\/talkpal.ai\/sk\/","name":"Talkpal","description":"AI Language Learning","publisher":{"@id":"https:\/\/talkpal.ai\/sk\/#organization"},"alternateName":"Talkpal AI","potentialAction":[{"@type":"SearchAction","target":{"@type":"EntryPoint","urlTemplate":"https:\/\/talkpal.ai\/sk\/?s={search_term_string}"},"query-input":{"@type":"PropertyValueSpecification","valueRequired":true,"valueName":"search_term_string"}}],"inLanguage":"sk-SK"},{"@type":"Organization","@id":"https:\/\/talkpal.ai\/sk\/#organization","name":"Talkpal, Inc.","alternateName":"Talkpal AI","url":"https:\/\/talkpal.ai\/sk\/","logo":{"@type":"ImageObject","inLanguage":"sk-SK","@id":"https:\/\/talkpal.ai\/sk\/#\/schema\/logo\/image\/","url":"https:\/\/talkpal.ai\/wp-content\/uploads\/2024\/03\/Talkpal-Logo-Icon.png","contentUrl":"https:\/\/talkpal.ai\/wp-content\/uploads\/2024\/03\/Talkpal-Logo-Icon.png","width":2880,"height":2880,"caption":"Talkpal, Inc."},"image":{"@id":"https:\/\/talkpal.ai\/sk\/#\/schema\/logo\/image\/"},"sameAs":["https:\/\/www.facebook.com\/profile.php?id=100090733639311","https:\/\/x.com\/talkpalai","https:\/\/www.linkedin.com\/company\/talkpal\/","https:\/\/www.youtube.com\/@TalkPal\/","https:\/\/www.tiktok.com\/@talkpal","https:\/\/www.instagram.com\/talkpal_ai\/","https:\/\/www.crunchbase.com\/organization\/talkpal-9cde","https:\/\/www.g2.com\/products\/talkpal-for-business\/","https:\/\/www.trustpilot.com\/review\/talkpal.ai","https:\/\/www.capterra.com\/p\/10006800\/TalkPal\/"],"description":"Talkpal is a language learning web and mobile education app, powered by the latest AI technologies, that provides engaging experiences to its customers in many different languages to help them improve their language skills. Users can chat about unlimited amount of topics with the app and use other modes to practice their language learning.","email":"support@talkpal.ai","legalName":"Talkpal, Inc.","foundingDate":"2023-04-03","duns":"118989042","numberOfEmployees":{"@type":"QuantitativeValue","minValue":"11","maxValue":"50"},"publishingPrinciples":"https:\/\/talkpal.ai\/publishing-principles\/","actionableFeedbackPolicy":"https:\/\/talkpal.ai\/actionable-feedback-policy\/","correctionsPolicy":"https:\/\/talkpal.ai\/corrections-policy\/","ethicsPolicy":"https:\/\/talkpal.ai\/ethics-policy\/","diversityPolicy":"https:\/\/talkpal.ai\/diversity-policy\/","diversityStaffingReport":"https:\/\/talkpal.ai\/diversity-policy\/"}]}},"_links":{"self":[{"href":"https:\/\/talkpal.ai\/sk\/wp-json\/wp\/v2\/pages\/146744","targetHints":{"allow":["GET"]}}],"collection":[{"href":"https:\/\/talkpal.ai\/sk\/wp-json\/wp\/v2\/pages"}],"about":[{"href":"https:\/\/talkpal.ai\/sk\/wp-json\/wp\/v2\/types\/page"}],"author":[{"embeddable":true,"href":"https:\/\/talkpal.ai\/sk\/wp-json\/wp\/v2\/users\/1"}],"replies":[{"embeddable":true,"href":"https:\/\/talkpal.ai\/sk\/wp-json\/wp\/v2\/comments?post=146744"}],"version-history":[{"count":0,"href":"https:\/\/talkpal.ai\/sk\/wp-json\/wp\/v2\/pages\/146744\/revisions"}],"wp:featuredmedia":[{"embeddable":true,"href":"https:\/\/talkpal.ai\/sk\/wp-json\/wp\/v2\/media\/115309"}],"wp:attachment":[{"href":"https:\/\/talkpal.ai\/sk\/wp-json\/wp\/v2\/media?parent=146744"}],"curies":[{"name":"wp","href":"https:\/\/api.w.org\/{rel}","templated":true}]}}