{"id":146459,"date":"2023-05-14T14:11:00","date_gmt":"2023-05-14T14:11:00","guid":{"rendered":"http:\/\/talkpal.ai\/kazasska-gramatika\/"},"modified":"2025-12-17T17:18:14","modified_gmt":"2025-12-17T17:18:14","slug":"kazasska-gramatika","status":"publish","type":"page","link":"https:\/\/talkpal.ai\/sk\/kazasska-gramatika\/","title":{"rendered":"Kaza\u0161sk\u00e1 gramatika"},"content":{"rendered":"\r\n\r\n\r\n<section class=\"languageChallengeSection\">\r\n    <div class=\"languageInfoWrapper\">\r\n        \r\n        <h1>Kaza\u0161sk\u00e1 gramatika<\/h1>\r\n        <p><a href=\"https:\/\/talkpal.ai\/sk\/ucenie\/\">U\u010denie sa<\/a> kaza\u0161tiny otv\u00e1ra dvere do jazyka s bohatou hist\u00f3riou a kult\u00farou, ktor\u00e9ho z\u00e1kladom je fascinuj\u00faci gramatick\u00fd syst\u00e9m. Hoci sa <a href=\"https:\/\/talkpal.ai\/kazakh-grammar\/\">kaza\u0161sk\u00e1 gramatika<\/a> m\u00f4\u017ee na prv\u00fd poh\u013ead zda\u0165 zlo\u017eit\u00e1, pochopenie jej z\u00e1kladn\u00fdch vlastnost\u00ed &#8211; ako je harm\u00f3nia samohl\u00e1sok, p\u00e1dy podstatn\u00fdch mien a \u010dasovanie slovies &#8211; umo\u017e\u0148uje zvl\u00e1dnu\u0165 tento jazyk a prin\u00e1\u0161a \u00fa\u017eitok. Ponorte sa a objavte, v \u010dom je Kazachstan jedine\u010dn\u00fd!<\/p>\r\n\r\n                            <a class=\"getStartedHidden\" href=\"https:\/\/app.talkpal.ai\/sk\/signup?lng=\">Za\u010dni<\/a>\r\n        \r\n    <\/div>\r\n\r\n    <figure>\r\n    <img decoding=\"async\" width=\"768\" height=\"768\" src=\"https:\/\/talkpal.ai\/wp-content\/uploads\/2023\/06\/Khazak-768x768.png\" class=\"languageImage no-lazy\" alt=\"Language learning for increased negotiation skills\" fetchpriority=\"high\" sizes=\"(max-width: 768px) 150px, 768px\" srcset=\"https:\/\/talkpal.ai\/wp-content\/uploads\/2023\/06\/Khazak-768x768.png 768w, https:\/\/talkpal.ai\/wp-content\/uploads\/2023\/06\/Khazak-300x300.png 300w\" \/>\r\n    \r\n\r\n    <\/figure>\r\n\r\n            <a class=\"getStartedVisible\" href=\"https:\/\/app.talkpal.ai\/sk\/signup?lng=\">Za\u010dni<\/a>\r\n    \r\n<\/section>\r\n<section class=\"promotionalBanner\">\r\n    <p class=\"promotionalText\">Najefekt\u00edvnej\u0161\u00ed sp\u00f4sob, ako sa nau\u010di\u0165 jazyk<\/p>\r\n    <a class=\"promotionalLink\" href=\"https:\/\/app.talkpal.ai\/sk\/signup?lng=\">Vysk\u00fa\u0161ajte Talkpal zadarmo<\/a>\r\n<\/section>\n<div class=\"wp-block-group pageContainerStyle\"><div class=\"wp-block-group__inner-container is-layout-constrained wp-block-group-is-layout-constrained\">\n<h2 class=\"wp-block-heading\" id=\"h-kazakh-grammar-unlocking-the-secrets-of-the-kazakh-language\">Kaza\u0161sk\u00e1 gramatika: Odomknutie tajomstiev kaza\u0161sk\u00e9ho jazyka<\/h2>\n\n\n\n<p>Pokia\u013e ide o u\u010denie sa kaza\u0161sk\u00e9ho jazyka, pochopenie z\u00e1kladov kaza\u0161skej gramatiky je nevyhnutn\u00e9 na odomknutie jeho tajomstiev. Hoci sa to na prv\u00fd poh\u013ead m\u00f4\u017ee zda\u0165 zastra\u0161uj\u00face, gramatick\u00fd syst\u00e9m sa m\u00f4\u017ee pochv\u00e1li\u0165 jedine\u010dn\u00fdmi funkciami, v\u010faka ktor\u00fdm je jazyk fascinuj\u00faci. Cie\u013eom tohto \u010dl\u00e1nku je objasni\u0165 k\u013e\u00fa\u010dov\u00e9 aspekty kaza\u0161skej gramatiky a poskytn\u00fa\u0165 hovorov\u00fd a neform\u00e1lny \u00favod do bohatej \u0161trukt\u00fary tohto jazyka.<\/p>\n\n\n\n<h3 class=\"wp-block-heading\" id=\"h-1-nouns-harmony-in-cases-and-declensions\">1. podstatn\u00e9 men\u00e1 \u2013 harm\u00f3nia v p\u00e1doch a sklo\u0148ovaniach<\/h3>\n\n\n\n<p>Jednou z prv\u00fdch vec\u00ed, ktor\u00e9 treba v kaza\u0161skej gramatike zv\u00e1\u017ei\u0165, je \u0161trukt\u00fara podstatn\u00e9ho mena. Jazyk vyu\u017e\u00edva syst\u00e9m harm\u00f3nie samohl\u00e1sok, kde s\u00fa samohl\u00e1sky bu\u010f predn\u00e9 alebo zadn\u00e9 a uprednost\u0148uj\u00fa sa harmonick\u00e9 kombin\u00e1cie. Tento syst\u00e9m sa via\u017ee na podstatn\u00e9 meno mno\u017en\u00e9 \u010d\u00edslo, ktor\u00e9 je tvoren\u00e9 r\u00f4znymi pr\u00edponami, ktor\u00e9 zodpovedaj\u00fa harmonickej skupine po\u010diato\u010dn\u00e9ho podstatn\u00e9ho mena.<\/p>\n\n\n\n<p>Kaza\u0161sk\u00e9 podstatn\u00e9 men\u00e1 sa riadia siedmimi p\u00e1dmi: nominat\u00edv, genit\u00edv, dat\u00edv, akuzat\u00edv, lokat\u00edv, ablat\u00edv a in\u0161trument\u00e1l. Aj ke\u010f je to spo\u010diatku sk\u013eu\u010duj\u00face, zvl\u00e1dnutie t\u00fdchto pr\u00edpadov je rozhoduj\u00face pri vytv\u00e1ran\u00ed presn\u00fdch vetn\u00fdch \u0161trukt\u00far. Pr\u00edpady ur\u010duj\u00fa vz\u0165ahy medzi slovami, \u010do umo\u017e\u0148uje flexibilitu v slovoslede bez straty v\u00fdznamu.<\/p>\n\n\n\n<h3 class=\"wp-block-heading\" id=\"h-2-adjectives-agreement-and-comparison\">2. Pr\u00eddavn\u00e9 men\u00e1 \u2013 zhoda a porovnanie<\/h3>\n\n\n\n<p>Kaza\u0161sk\u00e9 pr\u00eddavn\u00e9 men\u00e1 sa pou\u017e\u00edvaj\u00fa na opis a poskytnutie \u010fal\u0161\u00edch inform\u00e1ci\u00ed o podstatn\u00fdch men\u00e1ch. Musia s\u00fahlasi\u0165 s podstatn\u00fdm menom, ktor\u00e9 upravuj\u00fa z h\u013eadiska p\u00e1du a \u010d\u00edsla. Okrem toho mo\u017eno pr\u00eddavn\u00e9 men\u00e1 porovn\u00e1va\u0165 pomocou porovn\u00e1vac\u00edch a superlat\u00edvnych stup\u0148ov, dosiahnut\u00fdch pridan\u00edm zodpovedaj\u00facich pr\u00edpon, aby vyjadrili r\u00f4zne \u00farovne d\u00f4razu.<\/p>\n\n\n\n<p>Napr\u00edklad slovo &#8222;kr\u00e1sny&#8220; v kaza\u0161tine je &#8222;\u0441\u044b\u04a3\u0448\u044b&#8220;. Pri opise kr\u00e1snej z\u00e1hrady (\u0431\u0430\u049b) by sa pou\u017eila fr\u00e1za &#8222;\u0441\u044b\u04a3\u0448\u044b \u0431\u0430\u049b&#8220;. Ak chcete poveda\u0165 &#8222;kraj\u0161\u00ed&#8220;, pou\u017eite &#8222;\u0441\u044b\u04a3\u0448\u044b\u0440\u0430\u049b&#8220;, zatia\u013e \u010do &#8222;najkraj\u0161\u00ed&#8220; by ste vytvorili pomocou &#8222;\u0441\u044b\u04a3\u0448\u044b&#8220;. Ak chcete poveda\u0165 &#8222;najkraj\u0161ia z\u00e1hrada&#8220;, pou\u017eite &#8222;\u0441\u044b\u04a3\u0448\u044b \u0431\u0430\u049b&#8220;.<\/p>\n\n\n\n<h3 class=\"wp-block-heading\" id=\"h-3-verbs-tense-mood-and-aspect\">3. Sloves\u00e1 &#8211; \u010das, n\u00e1lada a aspekt<\/h3>\n\n\n\n<p>Sloves\u00e1 v kaza\u0161\u010dine zobrazuj\u00fa \u010das, n\u00e1ladu a aspekt. Jazyk obsahuje tri hlavn\u00e9 \u010dasy: minulos\u0165, pr\u00edtomnos\u0165 a bud\u00facnos\u0165. Ka\u017ed\u00fd \u010das m\u00e1 odli\u0161n\u00e9 tvary zalo\u017een\u00e9 na podmetovom z\u00e1mene, n\u00e1lade (napr\u00edklad imperat\u00edvnej alebo podmienenej) a aspekte (\u010di je akcia dokonal\u00e1, odr\u00e1\u017ea dokon\u010den\u00fa \u010dinnos\u0165 alebo nedokonal\u00e1, \u010do nazna\u010duje prebiehaj\u00facu alebo obvykl\u00fa \u010dinnos\u0165).<\/p>\n\n\n\n<h3 class=\"wp-block-heading\" id=\"h-4-pronouns-personal-and-demonstrative\">4. Z\u00e1men\u00e1 \u2013 osobn\u00e9 a demon\u0161trat\u00edvne<\/h3>\n\n\n\n<p>Z\u00e1men\u00e1 v kaza\u0161skej gramatike zah\u0155\u0148aj\u00fa osobn\u00e9, majetn\u00edcke, demon\u0161trat\u00edvne, opytovacie a relat\u00edvne odrody. Musia s\u00fahlasi\u0165 v pr\u00edpade a \u010d\u00edsle s podstatn\u00fdm menom, na ktor\u00e9 odkazuj\u00fa alebo ktor\u00e9 nahr\u00e1dzaj\u00fa. Napr\u00edklad demon\u0161trat\u00edvne z\u00e1men\u00e1 maj\u00fa tri formy: proxim\u00e1lne (\u0431\u04b1\u043b), medi\u00e1lne (\u043e\u0441\u044b) a dist\u00e1lne (\u0430\u043d\u0430\u0443), v z\u00e1vislosti od vzdialenosti od re\u010dn\u00edka.<\/p>\n\n\n\n<h3 class=\"wp-block-heading\" id=\"h-5-embracing-the-uniqueness-of-kazakh-grammar\">5. Prijatie jedine\u010dnosti kaza\u0161skej gramatiky<\/h3>\n\n\n\n<p>Ke\u010f sa vyd\u00e1te na cestu kaza\u0161sk\u00fdm jazykom, nezabudnite, \u017ee nejde o to, aby ste zvl\u00e1dli v\u0161etky nuansy naraz. Pote\u0161te sa objavovan\u00edm jedine\u010dn\u00e9ho gramatick\u00e9ho syst\u00e9mu, ktor\u00fd odli\u0161uje kaza\u0161\u010dinu a venuje \u010das jej pochopeniu bez toho, aby ste sa c\u00edtili ohromen\u00ed.<\/p>\n\n\n\n<p>Ak ocen\u00edte a presk\u00famate osobitosti kaza\u0161skej gramatiky, m\u00f4\u017eete skuto\u010dne odhali\u0165 kr\u00e1su tohto jazyka a z\u00edska\u0165 lep\u0161\u00ed pr\u00edstup k bohat\u00e9mu kult\u00farnemu dedi\u010dstvu, ktor\u00e9 steles\u0148uje. \u0421\u04d9\u0442\u0442\u0456 \u043e\u049b\u0443 \u2013 \u0160\u0165astn\u00e9 u\u010denie!<\/p>\n<\/div><\/div>\n\r\n<section class=\"learnNavigationSection\">\r\n            \r\n        <a href=\"https:\/\/talkpal.ai\/sk\/naucte-sa-kazassky\/\">\r\n            <div class=\"learnNavigationWrapper\">\r\n                <div class=\"learnNavigationContent\">\r\n                    <img decoding=\"async\" src=\"https:\/\/talkpal.ai\/wp-content\/uploads\/2024\/08\/Kazakh.jpg\" alt=\"Kazakh Flag\">\r\n                    <div>\r\n                        <h4>O kaza\u0161skom vzdel\u00e1van\u00ed<\/h4>\r\n                        <p>Zistite v\u0161etko o kaza\u0161skej gramatike.<\/p>\r\n                    <\/div>\r\n                <\/div>\r\n            <\/div>\r\n        <\/a>\r\n\r\n        \r\n        <a href=\"https:\/\/talkpal.ai\/sk\/kazasske-gramaticke-cvicenia\/\">\r\n            <div class=\"learnNavigationWrapper\">\r\n                <div class=\"learnNavigationContent\">\r\n                    <img decoding=\"async\" src=\"https:\/\/talkpal.ai\/wp-content\/uploads\/2024\/08\/Kazakh.jpg\" alt=\"Kazakh Flag\">\r\n                    <div>\r\n                        <h4>Kaza\u0161sk\u00e9 gramatick\u00e9 cvi\u010denie<\/h4>\r\n                        <p>Precvi\u010dte si kaza\u0161sk\u00fa gramatiku.<\/p>\r\n                    <\/div>\r\n                <\/div>\r\n            <\/div>\r\n        <\/a>\r\n\r\n        \r\n        <a href=\"https:\/\/talkpal.ai\/vocabulary_language\/kazakh\/\">\r\n            <div class=\"learnNavigationWrapper\">\r\n                <div class=\"learnNavigationContent\">\r\n                    <img decoding=\"async\" src=\"https:\/\/talkpal.ai\/wp-content\/uploads\/2024\/08\/Kazakh.jpg\" alt=\"Kazakh Flag\">\r\n                    <div>\r\n                        <h4>Kaza\u0161sk\u00e1 slovn\u00e1 z\u00e1soba<\/h4>\r\n                        <p>Roz\u0161\u00edrte si kaza\u0161sk\u00fa slovn\u00fa z\u00e1sobu.<\/p>\r\n                    <\/div>\r\n                <\/div>\r\n            <\/div>\r\n        <\/a>\r\n\r\n            <\/section>","protected":false},"excerpt":{"rendered":"<p>Kaza\u0161sk\u00e1 gramatika: Odomknutie tajomstiev kaza\u0161sk\u00e9ho jazyka Pokia\u013e ide o u\u010denie sa kaza\u0161sk\u00e9ho jazyka, pochopenie z\u00e1kladov kaza\u0161skej gramatiky je nevyhnutn\u00e9 na odomknutie jeho tajomstiev. Hoci sa to na prv\u00fd poh\u013ead m\u00f4\u017ee zda\u0165 zastra\u0161uj\u00face, gramatick\u00fd syst\u00e9m sa m\u00f4\u017ee pochv\u00e1li\u0165 jedine\u010dn\u00fdmi funkciami, v\u010faka ktor\u00fdm je jazyk fascinuj\u00faci. Cie\u013eom tohto \u010dl\u00e1nku je objasni\u0165 k\u013e\u00fa\u010dov\u00e9 aspekty kaza\u0161skej gramatiky a poskytn\u00fa\u0165 [&hellip;]<\/p>\n","protected":false},"author":1,"featured_media":114247,"parent":0,"menu_order":0,"comment_status":"closed","ping_status":"closed","template":"LearningContentPage.php","meta":{"_acf_changed":false,"footnotes":""},"class_list":["post-146459","page","type-page","status-publish","has-post-thumbnail","hentry"],"acf":[],"yoast_head":"<!-- This site is optimized with the Yoast SEO Premium plugin v27.2 (Yoast SEO v27.2) - https:\/\/yoast.com\/product\/yoast-seo-premium-wordpress\/ -->\n<title>Kaza\u0161sk\u00e1 gramatika - Talkpal<\/title>\n<meta name=\"description\" content=\"Ovl\u00e1dnite kaza\u0161sk\u00fa gramatiku bez n\u00e1mahy - nau\u010dte sa z\u00e1kladn\u00e9 pravidl\u00e1, precvi\u010dte si \u0161trukt\u00faru viet a r\u00fdchlo zlep\u0161ite svoju plynulos\u0165\" \/>\n<meta name=\"robots\" content=\"index, follow, max-snippet:-1, max-image-preview:large, max-video-preview:-1\" \/>\n<link rel=\"canonical\" href=\"https:\/\/talkpal.ai\/sk\/kazasska-gramatika\/\" \/>\n<meta property=\"og:locale\" content=\"sk_SK\" \/>\n<meta property=\"og:type\" content=\"article\" \/>\n<meta property=\"og:title\" content=\"Kaza\u0161sk\u00e1 gramatika\" \/>\n<meta property=\"og:description\" content=\"Kaza\u0161sk\u00e1 gramatika: Odomknutie tajomstiev kaza\u0161sk\u00e9ho jazyka Pokia\u013e ide o u\u010denie sa kaza\u0161sk\u00e9ho jazyka, pochopenie z\u00e1kladov kaza\u0161skej gramatiky je\" \/>\n<meta property=\"og:url\" content=\"https:\/\/talkpal.ai\/sk\/kazasska-gramatika\/\" \/>\n<meta property=\"og:site_name\" content=\"Talkpal\" \/>\n<meta property=\"article:publisher\" content=\"https:\/\/www.facebook.com\/profile.php?id=100090733639311\" \/>\n<meta property=\"article:modified_time\" content=\"2025-12-17T17:18:14+00:00\" \/>\n<meta property=\"og:image\" content=\"https:\/\/talkpal.ai\/wp-content\/uploads\/2023\/05\/kazakhstan.png\" \/>\n\t<meta property=\"og:image:width\" content=\"512\" \/>\n\t<meta property=\"og:image:height\" content=\"512\" \/>\n\t<meta property=\"og:image:type\" content=\"image\/png\" \/>\n<meta name=\"twitter:card\" content=\"summary_large_image\" \/>\n<meta name=\"twitter:site\" content=\"@talkpalai\" \/>\n<meta name=\"twitter:label1\" content=\"Predpokladan\u00fd \u010das \u010d\u00edtania\" \/>\n\t<meta name=\"twitter:data1\" content=\"3 min\u00faty\" \/>\n<script type=\"application\/ld+json\" class=\"yoast-schema-graph\">{\"@context\":\"https:\/\/schema.org\",\"@graph\":[{\"@type\":\"WebPage\",\"@id\":\"https:\/\/talkpal.ai\/sk\/kazasska-gramatika\/\",\"url\":\"https:\/\/talkpal.ai\/sk\/kazasska-gramatika\/\",\"name\":\"Kaza\u0161sk\u00e1 gramatika - Talkpal\",\"isPartOf\":{\"@id\":\"https:\/\/talkpal.ai\/sk\/#website\"},\"primaryImageOfPage\":{\"@id\":\"https:\/\/talkpal.ai\/sk\/kazasska-gramatika\/#primaryimage\"},\"image\":{\"@id\":\"https:\/\/talkpal.ai\/sk\/kazasska-gramatika\/#primaryimage\"},\"thumbnailUrl\":\"https:\/\/talkpal.ai\/wp-content\/uploads\/2023\/05\/kazakhstan.png\",\"datePublished\":\"2023-05-14T14:11:00+00:00\",\"dateModified\":\"2025-12-17T17:18:14+00:00\",\"description\":\"Ovl\u00e1dnite kaza\u0161sk\u00fa gramatiku bez n\u00e1mahy - nau\u010dte sa z\u00e1kladn\u00e9 pravidl\u00e1, precvi\u010dte si \u0161trukt\u00faru viet a r\u00fdchlo zlep\u0161ite svoju plynulos\u0165\",\"breadcrumb\":{\"@id\":\"https:\/\/talkpal.ai\/sk\/kazasska-gramatika\/#breadcrumb\"},\"inLanguage\":\"sk-SK\",\"potentialAction\":[{\"@type\":\"ReadAction\",\"target\":[\"https:\/\/talkpal.ai\/sk\/kazasska-gramatika\/\"]}]},{\"@type\":\"ImageObject\",\"inLanguage\":\"sk-SK\",\"@id\":\"https:\/\/talkpal.ai\/sk\/kazasska-gramatika\/#primaryimage\",\"url\":\"https:\/\/talkpal.ai\/wp-content\/uploads\/2023\/05\/kazakhstan.png\",\"contentUrl\":\"https:\/\/talkpal.ai\/wp-content\/uploads\/2023\/05\/kazakhstan.png\",\"width\":512,\"height\":512},{\"@type\":\"BreadcrumbList\",\"@id\":\"https:\/\/talkpal.ai\/sk\/kazasska-gramatika\/#breadcrumb\",\"itemListElement\":[{\"@type\":\"ListItem\",\"position\":1,\"name\":\"Homepage\",\"item\":\"https:\/\/talkpal.ai\/sk\/\"},{\"@type\":\"ListItem\",\"position\":2,\"name\":\"Kaza\u0161sk\u00e1 gramatika\"}]},{\"@type\":\"WebSite\",\"@id\":\"https:\/\/talkpal.ai\/sk\/#website\",\"url\":\"https:\/\/talkpal.ai\/sk\/\",\"name\":\"Talkpal\",\"description\":\"AI Language Learning\",\"publisher\":{\"@id\":\"https:\/\/talkpal.ai\/sk\/#organization\"},\"alternateName\":\"Talkpal AI\",\"potentialAction\":[{\"@type\":\"SearchAction\",\"target\":{\"@type\":\"EntryPoint\",\"urlTemplate\":\"https:\/\/talkpal.ai\/sk\/?s={search_term_string}\"},\"query-input\":{\"@type\":\"PropertyValueSpecification\",\"valueRequired\":true,\"valueName\":\"search_term_string\"}}],\"inLanguage\":\"sk-SK\"},{\"@type\":\"Organization\",\"@id\":\"https:\/\/talkpal.ai\/sk\/#organization\",\"name\":\"Talkpal, Inc.\",\"alternateName\":\"Talkpal AI\",\"url\":\"https:\/\/talkpal.ai\/sk\/\",\"logo\":{\"@type\":\"ImageObject\",\"inLanguage\":\"sk-SK\",\"@id\":\"https:\/\/talkpal.ai\/sk\/#\/schema\/logo\/image\/\",\"url\":\"https:\/\/talkpal.ai\/wp-content\/uploads\/2024\/03\/Talkpal-Logo-Icon.png\",\"contentUrl\":\"https:\/\/talkpal.ai\/wp-content\/uploads\/2024\/03\/Talkpal-Logo-Icon.png\",\"width\":2880,\"height\":2880,\"caption\":\"Talkpal, Inc.\"},\"image\":{\"@id\":\"https:\/\/talkpal.ai\/sk\/#\/schema\/logo\/image\/\"},\"sameAs\":[\"https:\/\/www.facebook.com\/profile.php?id=100090733639311\",\"https:\/\/x.com\/talkpalai\",\"https:\/\/www.linkedin.com\/company\/talkpal\/\",\"https:\/\/www.youtube.com\/@TalkPal\/\",\"https:\/\/www.tiktok.com\/@talkpal\",\"https:\/\/www.instagram.com\/talkpal_ai\/\",\"https:\/\/www.crunchbase.com\/organization\/talkpal-9cde\",\"https:\/\/www.g2.com\/products\/talkpal-for-business\/\",\"https:\/\/www.trustpilot.com\/review\/talkpal.ai\",\"https:\/\/www.capterra.com\/p\/10006800\/TalkPal\/\"],\"description\":\"Talkpal is a language learning web and mobile education app, powered by the latest AI technologies, that provides engaging experiences to its customers in many different languages to help them improve their language skills. Users can chat about unlimited amount of topics with the app and use other modes to practice their language learning.\",\"email\":\"support@talkpal.ai\",\"legalName\":\"Talkpal, Inc.\",\"foundingDate\":\"2023-04-03\",\"duns\":\"118989042\",\"numberOfEmployees\":{\"@type\":\"QuantitativeValue\",\"minValue\":\"11\",\"maxValue\":\"50\"},\"publishingPrinciples\":\"https:\/\/talkpal.ai\/publishing-principles\/\",\"actionableFeedbackPolicy\":\"https:\/\/talkpal.ai\/actionable-feedback-policy\/\",\"correctionsPolicy\":\"https:\/\/talkpal.ai\/corrections-policy\/\",\"ethicsPolicy\":\"https:\/\/talkpal.ai\/ethics-policy\/\",\"diversityPolicy\":\"https:\/\/talkpal.ai\/diversity-policy\/\",\"diversityStaffingReport\":\"https:\/\/talkpal.ai\/diversity-policy\/\"}]}<\/script>\n<!-- \/ Yoast SEO Premium plugin. -->","yoast_head_json":{"title":"Kaza\u0161sk\u00e1 gramatika - Talkpal","description":"Ovl\u00e1dnite kaza\u0161sk\u00fa gramatiku bez n\u00e1mahy - nau\u010dte sa z\u00e1kladn\u00e9 pravidl\u00e1, precvi\u010dte si \u0161trukt\u00faru viet a r\u00fdchlo zlep\u0161ite svoju plynulos\u0165","robots":{"index":"index","follow":"follow","max-snippet":"max-snippet:-1","max-image-preview":"max-image-preview:large","max-video-preview":"max-video-preview:-1"},"canonical":"https:\/\/talkpal.ai\/sk\/kazasska-gramatika\/","og_locale":"sk_SK","og_type":"article","og_title":"Kaza\u0161sk\u00e1 gramatika","og_description":"Kaza\u0161sk\u00e1 gramatika: Odomknutie tajomstiev kaza\u0161sk\u00e9ho jazyka Pokia\u013e ide o u\u010denie sa kaza\u0161sk\u00e9ho jazyka, pochopenie z\u00e1kladov kaza\u0161skej gramatiky je","og_url":"https:\/\/talkpal.ai\/sk\/kazasska-gramatika\/","og_site_name":"Talkpal","article_publisher":"https:\/\/www.facebook.com\/profile.php?id=100090733639311","article_modified_time":"2025-12-17T17:18:14+00:00","og_image":[{"width":512,"height":512,"url":"https:\/\/talkpal.ai\/wp-content\/uploads\/2023\/05\/kazakhstan.png","type":"image\/png"}],"twitter_card":"summary_large_image","twitter_site":"@talkpalai","twitter_misc":{"Predpokladan\u00fd \u010das \u010d\u00edtania":"3 min\u00faty"},"schema":{"@context":"https:\/\/schema.org","@graph":[{"@type":"WebPage","@id":"https:\/\/talkpal.ai\/sk\/kazasska-gramatika\/","url":"https:\/\/talkpal.ai\/sk\/kazasska-gramatika\/","name":"Kaza\u0161sk\u00e1 gramatika - Talkpal","isPartOf":{"@id":"https:\/\/talkpal.ai\/sk\/#website"},"primaryImageOfPage":{"@id":"https:\/\/talkpal.ai\/sk\/kazasska-gramatika\/#primaryimage"},"image":{"@id":"https:\/\/talkpal.ai\/sk\/kazasska-gramatika\/#primaryimage"},"thumbnailUrl":"https:\/\/talkpal.ai\/wp-content\/uploads\/2023\/05\/kazakhstan.png","datePublished":"2023-05-14T14:11:00+00:00","dateModified":"2025-12-17T17:18:14+00:00","description":"Ovl\u00e1dnite kaza\u0161sk\u00fa gramatiku bez n\u00e1mahy - nau\u010dte sa z\u00e1kladn\u00e9 pravidl\u00e1, precvi\u010dte si \u0161trukt\u00faru viet a r\u00fdchlo zlep\u0161ite svoju plynulos\u0165","breadcrumb":{"@id":"https:\/\/talkpal.ai\/sk\/kazasska-gramatika\/#breadcrumb"},"inLanguage":"sk-SK","potentialAction":[{"@type":"ReadAction","target":["https:\/\/talkpal.ai\/sk\/kazasska-gramatika\/"]}]},{"@type":"ImageObject","inLanguage":"sk-SK","@id":"https:\/\/talkpal.ai\/sk\/kazasska-gramatika\/#primaryimage","url":"https:\/\/talkpal.ai\/wp-content\/uploads\/2023\/05\/kazakhstan.png","contentUrl":"https:\/\/talkpal.ai\/wp-content\/uploads\/2023\/05\/kazakhstan.png","width":512,"height":512},{"@type":"BreadcrumbList","@id":"https:\/\/talkpal.ai\/sk\/kazasska-gramatika\/#breadcrumb","itemListElement":[{"@type":"ListItem","position":1,"name":"Homepage","item":"https:\/\/talkpal.ai\/sk\/"},{"@type":"ListItem","position":2,"name":"Kaza\u0161sk\u00e1 gramatika"}]},{"@type":"WebSite","@id":"https:\/\/talkpal.ai\/sk\/#website","url":"https:\/\/talkpal.ai\/sk\/","name":"Talkpal","description":"AI Language Learning","publisher":{"@id":"https:\/\/talkpal.ai\/sk\/#organization"},"alternateName":"Talkpal AI","potentialAction":[{"@type":"SearchAction","target":{"@type":"EntryPoint","urlTemplate":"https:\/\/talkpal.ai\/sk\/?s={search_term_string}"},"query-input":{"@type":"PropertyValueSpecification","valueRequired":true,"valueName":"search_term_string"}}],"inLanguage":"sk-SK"},{"@type":"Organization","@id":"https:\/\/talkpal.ai\/sk\/#organization","name":"Talkpal, Inc.","alternateName":"Talkpal AI","url":"https:\/\/talkpal.ai\/sk\/","logo":{"@type":"ImageObject","inLanguage":"sk-SK","@id":"https:\/\/talkpal.ai\/sk\/#\/schema\/logo\/image\/","url":"https:\/\/talkpal.ai\/wp-content\/uploads\/2024\/03\/Talkpal-Logo-Icon.png","contentUrl":"https:\/\/talkpal.ai\/wp-content\/uploads\/2024\/03\/Talkpal-Logo-Icon.png","width":2880,"height":2880,"caption":"Talkpal, Inc."},"image":{"@id":"https:\/\/talkpal.ai\/sk\/#\/schema\/logo\/image\/"},"sameAs":["https:\/\/www.facebook.com\/profile.php?id=100090733639311","https:\/\/x.com\/talkpalai","https:\/\/www.linkedin.com\/company\/talkpal\/","https:\/\/www.youtube.com\/@TalkPal\/","https:\/\/www.tiktok.com\/@talkpal","https:\/\/www.instagram.com\/talkpal_ai\/","https:\/\/www.crunchbase.com\/organization\/talkpal-9cde","https:\/\/www.g2.com\/products\/talkpal-for-business\/","https:\/\/www.trustpilot.com\/review\/talkpal.ai","https:\/\/www.capterra.com\/p\/10006800\/TalkPal\/"],"description":"Talkpal is a language learning web and mobile education app, powered by the latest AI technologies, that provides engaging experiences to its customers in many different languages to help them improve their language skills. Users can chat about unlimited amount of topics with the app and use other modes to practice their language learning.","email":"support@talkpal.ai","legalName":"Talkpal, Inc.","foundingDate":"2023-04-03","duns":"118989042","numberOfEmployees":{"@type":"QuantitativeValue","minValue":"11","maxValue":"50"},"publishingPrinciples":"https:\/\/talkpal.ai\/publishing-principles\/","actionableFeedbackPolicy":"https:\/\/talkpal.ai\/actionable-feedback-policy\/","correctionsPolicy":"https:\/\/talkpal.ai\/corrections-policy\/","ethicsPolicy":"https:\/\/talkpal.ai\/ethics-policy\/","diversityPolicy":"https:\/\/talkpal.ai\/diversity-policy\/","diversityStaffingReport":"https:\/\/talkpal.ai\/diversity-policy\/"}]}},"_links":{"self":[{"href":"https:\/\/talkpal.ai\/sk\/wp-json\/wp\/v2\/pages\/146459","targetHints":{"allow":["GET"]}}],"collection":[{"href":"https:\/\/talkpal.ai\/sk\/wp-json\/wp\/v2\/pages"}],"about":[{"href":"https:\/\/talkpal.ai\/sk\/wp-json\/wp\/v2\/types\/page"}],"author":[{"embeddable":true,"href":"https:\/\/talkpal.ai\/sk\/wp-json\/wp\/v2\/users\/1"}],"replies":[{"embeddable":true,"href":"https:\/\/talkpal.ai\/sk\/wp-json\/wp\/v2\/comments?post=146459"}],"version-history":[{"count":0,"href":"https:\/\/talkpal.ai\/sk\/wp-json\/wp\/v2\/pages\/146459\/revisions"}],"wp:featuredmedia":[{"embeddable":true,"href":"https:\/\/talkpal.ai\/sk\/wp-json\/wp\/v2\/media\/114247"}],"wp:attachment":[{"href":"https:\/\/talkpal.ai\/sk\/wp-json\/wp\/v2\/media?parent=146459"}],"curies":[{"name":"wp","href":"https:\/\/api.w.org\/{rel}","templated":true}]}}