{"id":1462139,"date":"2025-10-22T19:55:16","date_gmt":"2025-10-22T19:55:16","guid":{"rendered":"https:\/\/talkpal.ai\/talkpal-zlava-pre-ucitelov\/"},"modified":"2026-01-22T14:58:01","modified_gmt":"2026-01-22T14:58:01","slug":"talkpal-zlava-pre-ucitelov","status":"publish","type":"page","link":"https:\/\/talkpal.ai\/sk\/talkpal-zlava-pre-ucitelov\/","title":{"rendered":"Talkpal z\u013eava pre u\u010dite\u013eov"},"content":{"rendered":"<section class=\"languageChallengeSection\">\r\n    <div class=\"languageInfoWrapper\">\r\n        \r\n        <h1>Talkpal z\u013eava pre u\u010dite\u013eov<\/h1>\r\n        <p>Ste u\u010dite\u013e a chcete si preh\u013abi\u0165 svoje jazykov\u00e9 zru\u010dnosti? Talkpal pon\u00faka exkluz\u00edvnu 79% z\u013eavu pre u\u010dite\u013eov, ktor\u00e1 v\u00e1m pom\u00f4\u017ee u\u010di\u0165 sa r\u00fdchlej\u0161ie a m\u00fadrej\u0161ie. Odomknite v\u0161etky pr\u00e9miov\u00e9 funkcie, precvi\u010dte si skuto\u010dn\u00e9 konverz\u00e1cie s umelou inteligenciou a budujte plynulos\u0165 \u2013 za polovi\u010dn\u00fa cenu.<\/p>\r\n\r\n                    <a class=\"getStartedHidden\" href=\"https:\/\/app.talkpal.ai\/signup?discount=50\">\r\n                Z\u00edskajte z\u013eavu            <\/a>\r\n            <\/div>\r\n\r\n            <figure>\r\n            <img decoding=\"async\" class=\"no-lazy\" src=\"https:\/\/talkpal.ai\/wp-content\/uploads\/2026\/01\/curly-girl-with-phone-yellow-background.webp\" alt=\"\" fetchpriority=\"high\" \/>\r\n        <\/figure>\r\n        \r\n                    <a class=\"getStartedVisible\" href=\"https:\/\/app.talkpal.ai\/signup?discount=50\">\r\n                Z\u00edskajte z\u013eavu            <\/a>\r\n        <\/section><section class=\"featureSection\">\r\n    <div class=\"featureIntroduce\">\r\n        <a class=\"introduceLink\" href=\"https:\/\/app.talkpal.ai\/sk\/signup?lng=\">\r\n            <img decoding=\"async\" src=\"https:\/\/talkpal.ai\/wp-content\/themes\/talkpal\/assets\/img\/Sparkle.svg\" alt=\"\" \/>najpokro\u010dilej\u0161\u00ed\n  AI<\/a>\r\n        <h3 class=\"featureTitle\">Rozdiel v talkpale<\/h3>\r\n    <\/div>\r\n            <div class=\"introduceWrapper\">\r\n                            <a class=\"introducCard\" href=\"https:\/\/app.talkpal.ai\/sk\/signup?lng=\">\r\n\r\n                    \r\n                                                <img decoding=\"async\" src=\"https:\/\/talkpal.ai\/wp-content\/uploads\/2025\/05\/Immersive_conversations.png\" alt=\"Immersive Conversation Screenshot\" \/>\r\n                        <h4 class=\"introduceTitle\">Personalizovan\u00e9 vzdel\u00e1vanie<\/h4>\r\n                        <p class=\"cardText\">Ka\u017ed\u00fd u\u010dite\u013e sa u\u010d\u00ed inak \u2013 a ka\u017ed\u00e1 vzdel\u00e1vacia cesta je jedine\u010dn\u00e1. Talkpal vyu\u017e\u00edva pokro\u010dil\u00fa umel\u00fa inteligenciu na anal\u00fdzu toho, ako mili\u00f3ny \u0161tudentov \u0161tuduj\u00fa jazyky, a prisp\u00f4sobuje sa v\u00e1\u0161mu osobn\u00e9mu \u0161t\u00fdlu, cie\u013eom a rozvrhu. V\u00fdsledok: personalizovan\u00e9, efekt\u00edvne a p\u00fatav\u00e9 prostredie pre u\u010dite\u013eov, ako ste vy.<\/p>\r\n                    \r\n                <\/a>\r\n                            <a class=\"introducCard\" href=\"https:\/\/app.talkpal.ai\/sk\/signup?lng=\">\r\n\r\n                    \r\n                                                <img decoding=\"async\" src=\"https:\/\/talkpal.ai\/wp-content\/uploads\/2025\/05\/Realtime_feedback.png\" alt=\"Feedback Screenshot\" \/>\r\n                        <h4 class=\"introduceTitle\">Najmodernej\u0161ia technol\u00f3gia<\/h4>\r\n                        <p class=\"cardText\">Na\u0161\u00edm poslan\u00edm je spr\u00edstupni\u0165 pedag\u00f3gom personalizovan\u00e9 jazykov\u00e9 vzdel\u00e1vanie kombin\u00e1ciou \u0161pi\u010dkovej umelej inteligencie s osved\u010den\u00fdmi vyu\u010dovac\u00edmi met\u00f3dami. S Talkpalom nechod\u00edte len na lekcie \u2013 idete po prisp\u00f4sobenej ceste, ktor\u00e1 sa prisp\u00f4sob\u00ed v\u00e1\u0161mu tempu, preferenci\u00e1m a cie\u013eom.<\/p>\r\n                    \r\n                <\/a>\r\n                            <a class=\"introducCard\" href=\"https:\/\/app.talkpal.ai\/sk\/signup?lng=\">\r\n\r\n                    \r\n                                                <img decoding=\"async\" src=\"https:\/\/talkpal.ai\/wp-content\/uploads\/2025\/05\/Personalization.png\" alt=\"Personalization Screenshot\" \/>\r\n                        <h4 class=\"introduceTitle\">Z\u00e1bava pri u\u010den\u00ed<\/h4>\r\n                        <p class=\"cardText\">Ver\u00edme, \u017ee u\u010denie sa jazykov by malo by\u0165 motivuj\u00face a pr\u00edjemn\u00e9. Preto v\u00e1s Talkpal zaujme a in\u0161piruje \u2013 tak\u017ee va\u0161e cvi\u010denie bude p\u00f4sobi\u0165 ako energizuj\u00faca prest\u00e1vka, nie ako fu\u0161ka. Pripojte sa k tis\u00edckam u\u010dite\u013eov, ktor\u00ed zvy\u0161uj\u00fa svoje jazykov\u00e9 zru\u010dnosti pomocou Talkpalu.<\/p>\r\n                    \r\n                <\/a>\r\n                            <\/div>\r\n                     <a class=\"featureSectionLink\" href=\"https:\/\/app.talkpal.ai\/signup?discount=50\">\r\n                Z\u00edskajte z\u013eavu            <\/a>\r\n                \r\n<\/section>\r\n\r\n\r\n<section class=\"smartFunSection\">\r\n            \r\n            <div class=\"smartFunCard\">\r\n                <div class=\"smartFunWrapper\"><img decoding=\"async\" src=\"https:\/\/talkpal.ai\/wp-content\/uploads\/2025\/05\/1.png\" alt=\"Learning Stats Screenshot\"><\/div>\r\n                <h3>Prisp\u00f4soben\u00e9 v\u00e1m<\/h3>\r\n                <p>Talkpal poskytuje rel\u00e1cie s umelou inteligenciou kalibrovan\u00e9 pod\u013ea va\u0161ej \u00farovne a tempa. Ka\u017ed\u00e1 lekcia je navrhnut\u00e1 pod\u013ea va\u0161ich individu\u00e1lnych potrieb a pom\u00e1ha v\u00e1m dosiahnu\u0165 stabiln\u00fd a merate\u013en\u00fd pokrok \u2013 dokonca aj pri nabitom programe.<\/p>\r\n            <\/div>\r\n\r\n        \r\n            <div class=\"smartFunCard\">\r\n                <div class=\"smartFunWrapper\"><img decoding=\"async\" src=\"https:\/\/talkpal.ai\/wp-content\/uploads\/2025\/05\/2.png\" alt=\"Pronunciation Score Screenshot\"><\/div>\r\n                <h3>Efekt\u00edvne a \u00fa\u010dinn\u00e9<\/h3>\r\n                <p>Zdokona\u013ete svoje zru\u010dnosti v \u010d\u00edtan\u00ed, po\u010d\u00favan\u00ed a rozpr\u00e1van\u00ed efekt\u00edvne. V\u010faka n\u00e1strojom Talkpal je \u0161t\u00fadium efekt\u00edvne a pr\u00edjemn\u00e9 pre pedag\u00f3gov zo v\u0161etk\u00fdch prostred\u00ed, s flexibilnou praxou, ktor\u00fa m\u00f4\u017eete zmesti\u0165 do ka\u017ed\u00e9ho d\u0148a.<\/p>\r\n            <\/div>\r\n\r\n        \r\n            <div class=\"smartFunCard\">\r\n                <div class=\"smartFunWrapper\"><img decoding=\"async\" src=\"https:\/\/talkpal.ai\/wp-content\/uploads\/2025\/05\/3.png\" alt=\"Chat Topics Screenshot\"><\/div>\r\n                <h3>Udr\u017eujte si anga\u017eovanos\u0165<\/h3>\r\n                <p>Zosta\u0148te konzistentn\u00ed s gamifikovan\u00fdmi prvkami, p\u00fatav\u00fdmi v\u00fdzvami a v\u00fdzvami na zamyslenie. S Talkpalom sa jazykov\u00e9 precvi\u010dovanie st\u00e1va z\u00e1bavn\u00fdm ka\u017edodenn\u00fdm zvykom \u2013 nie \u010fal\u0161ou \u00falohou na va\u0161om zozname \u00faloh.<\/p>\r\n            <\/div>\r\n\r\n        \r\n            <div class=\"smartFunCard\">\r\n                <div class=\"smartFunWrapper\"><img decoding=\"async\" src=\"https:\/\/talkpal.ai\/wp-content\/uploads\/2025\/05\/4.png\" alt=\"Dashboard Screenshot\"><\/div>\r\n                <h3>U\u017eite si u\u010denie<\/h3>\r\n                <p>Zvl\u00e1dnutie nov\u00e9ho jazyka nemus\u00ed by\u0165 \u00fanavn\u00e9. Talkpal pon\u00faka interakt\u00edvne cvi\u010denia, \u017eiv\u00e9 postavy a dokonca aj vtipn\u00e9 konverz\u00e1cie s umelou inteligenciou, v\u010faka \u010domu bude va\u0161a osobn\u00e1 vzdel\u00e1vacia cesta pr\u00edjemn\u00e1 a in\u0161pirat\u00edvna.<\/p>\r\n            <\/div>\r\n\r\n            \r\n<\/section>\r\n\r\n<section class=\"promotionalBanner\">\r\n    <p class=\"promotionalText\">Talkpal pre u\u010dite\u013eov &#8211; Za\u010dnite sa u\u010di\u0165 so zv\u00fdhodnenou cenou<\/p>\r\n                <a class=\"promotionalLink\" href=\"https:\/\/app.talkpal.ai\/signup?discount=50\">\r\n                Z\u00edskajte z\u013eavu            <\/a>\r\n            \r\n<\/section>","protected":false},"excerpt":{"rendered":"","protected":false},"author":20,"featured_media":0,"parent":0,"menu_order":0,"comment_status":"closed","ping_status":"closed","template":"LearningContentPage.php","meta":{"_acf_changed":false,"footnotes":""},"class_list":["post-1462139","page","type-page","status-publish","hentry"],"acf":[],"yoast_head":"<!-- This site is optimized with the Yoast SEO Premium plugin v27.2 (Yoast SEO v27.2) - https:\/\/yoast.com\/product\/yoast-seo-premium-wordpress\/ -->\n<title>Talkpal z\u013eava pre u\u010dite\u013eov - Talkpal<\/title>\n<meta name=\"description\" content=\"Odomkni exkluz\u00edvnu 79% u\u010dite\u013esk\u00fa z\u013eavu na Talkpal Premium a r\u00fdchlej\u0161ie sa nau\u010d jazyky s personalizovan\u00fdmi AI lekciami.\" \/>\n<meta name=\"robots\" content=\"index, follow, max-snippet:-1, max-image-preview:large, max-video-preview:-1\" \/>\n<link rel=\"canonical\" href=\"https:\/\/talkpal.ai\/sk\/talkpal-zlava-pre-ucitelov\/\" \/>\n<meta property=\"og:locale\" content=\"sk_SK\" \/>\n<meta property=\"og:type\" content=\"article\" \/>\n<meta property=\"og:title\" content=\"Talkpal z\u013eava pre u\u010dite\u013eov\" \/>\n<meta property=\"og:url\" content=\"https:\/\/talkpal.ai\/sk\/talkpal-zlava-pre-ucitelov\/\" \/>\n<meta property=\"og:site_name\" content=\"Talkpal\" \/>\n<meta property=\"article:publisher\" content=\"https:\/\/www.facebook.com\/profile.php?id=100090733639311\" \/>\n<meta property=\"article:modified_time\" content=\"2026-01-22T14:58:01+00:00\" \/>\n<meta property=\"og:image\" content=\"https:\/\/talkpal.ai\/wp-content\/uploads\/2025\/02\/Progress-tab-16_9.png\" \/>\n\t<meta property=\"og:image:width\" content=\"2880\" \/>\n\t<meta property=\"og:image:height\" content=\"1620\" \/>\n\t<meta property=\"og:image:type\" content=\"image\/png\" \/>\n<meta name=\"twitter:card\" content=\"summary_large_image\" \/>\n<meta name=\"twitter:site\" content=\"@talkpalai\" \/>\n<script type=\"application\/ld+json\" class=\"yoast-schema-graph\">{\"@context\":\"https:\/\/schema.org\",\"@graph\":[{\"@type\":\"WebPage\",\"@id\":\"https:\/\/talkpal.ai\/sk\/talkpal-zlava-pre-ucitelov\/\",\"url\":\"https:\/\/talkpal.ai\/sk\/talkpal-zlava-pre-ucitelov\/\",\"name\":\"Talkpal z\u013eava pre u\u010dite\u013eov - Talkpal\",\"isPartOf\":{\"@id\":\"https:\/\/talkpal.ai\/sk\/#website\"},\"datePublished\":\"2025-10-22T19:55:16+00:00\",\"dateModified\":\"2026-01-22T14:58:01+00:00\",\"description\":\"Odomkni exkluz\u00edvnu 79% u\u010dite\u013esk\u00fa z\u013eavu na Talkpal Premium a r\u00fdchlej\u0161ie sa nau\u010d jazyky s personalizovan\u00fdmi AI lekciami.\",\"breadcrumb\":{\"@id\":\"https:\/\/talkpal.ai\/sk\/talkpal-zlava-pre-ucitelov\/#breadcrumb\"},\"inLanguage\":\"sk-SK\",\"potentialAction\":[{\"@type\":\"ReadAction\",\"target\":[\"https:\/\/talkpal.ai\/sk\/talkpal-zlava-pre-ucitelov\/\"]}]},{\"@type\":\"BreadcrumbList\",\"@id\":\"https:\/\/talkpal.ai\/sk\/talkpal-zlava-pre-ucitelov\/#breadcrumb\",\"itemListElement\":[{\"@type\":\"ListItem\",\"position\":1,\"name\":\"Homepage\",\"item\":\"https:\/\/talkpal.ai\/sk\/\"},{\"@type\":\"ListItem\",\"position\":2,\"name\":\"Talkpal z\u013eava pre u\u010dite\u013eov\"}]},{\"@type\":\"WebSite\",\"@id\":\"https:\/\/talkpal.ai\/sk\/#website\",\"url\":\"https:\/\/talkpal.ai\/sk\/\",\"name\":\"Talkpal\",\"description\":\"AI Language Learning\",\"publisher\":{\"@id\":\"https:\/\/talkpal.ai\/sk\/#organization\"},\"alternateName\":\"Talkpal AI\",\"potentialAction\":[{\"@type\":\"SearchAction\",\"target\":{\"@type\":\"EntryPoint\",\"urlTemplate\":\"https:\/\/talkpal.ai\/sk\/?s={search_term_string}\"},\"query-input\":{\"@type\":\"PropertyValueSpecification\",\"valueRequired\":true,\"valueName\":\"search_term_string\"}}],\"inLanguage\":\"sk-SK\"},{\"@type\":\"Organization\",\"@id\":\"https:\/\/talkpal.ai\/sk\/#organization\",\"name\":\"Talkpal, Inc.\",\"alternateName\":\"Talkpal AI\",\"url\":\"https:\/\/talkpal.ai\/sk\/\",\"logo\":{\"@type\":\"ImageObject\",\"inLanguage\":\"sk-SK\",\"@id\":\"https:\/\/talkpal.ai\/sk\/#\/schema\/logo\/image\/\",\"url\":\"https:\/\/talkpal.ai\/wp-content\/uploads\/2024\/03\/Talkpal-Logo-Icon.png\",\"contentUrl\":\"https:\/\/talkpal.ai\/wp-content\/uploads\/2024\/03\/Talkpal-Logo-Icon.png\",\"width\":2880,\"height\":2880,\"caption\":\"Talkpal, Inc.\"},\"image\":{\"@id\":\"https:\/\/talkpal.ai\/sk\/#\/schema\/logo\/image\/\"},\"sameAs\":[\"https:\/\/www.facebook.com\/profile.php?id=100090733639311\",\"https:\/\/x.com\/talkpalai\",\"https:\/\/www.linkedin.com\/company\/talkpal\/\",\"https:\/\/www.youtube.com\/@TalkPal\/\",\"https:\/\/www.tiktok.com\/@talkpal\",\"https:\/\/www.instagram.com\/talkpal_ai\/\",\"https:\/\/www.crunchbase.com\/organization\/talkpal-9cde\",\"https:\/\/www.g2.com\/products\/talkpal-for-business\/\",\"https:\/\/www.trustpilot.com\/review\/talkpal.ai\",\"https:\/\/www.capterra.com\/p\/10006800\/TalkPal\/\"],\"description\":\"Talkpal is a language learning web and mobile education app, powered by the latest AI technologies, that provides engaging experiences to its customers in many different languages to help them improve their language skills. Users can chat about unlimited amount of topics with the app and use other modes to practice their language learning.\",\"email\":\"support@talkpal.ai\",\"legalName\":\"Talkpal, Inc.\",\"foundingDate\":\"2023-04-03\",\"duns\":\"118989042\",\"numberOfEmployees\":{\"@type\":\"QuantitativeValue\",\"minValue\":\"11\",\"maxValue\":\"50\"},\"publishingPrinciples\":\"https:\/\/talkpal.ai\/publishing-principles\/\",\"actionableFeedbackPolicy\":\"https:\/\/talkpal.ai\/actionable-feedback-policy\/\",\"correctionsPolicy\":\"https:\/\/talkpal.ai\/corrections-policy\/\",\"ethicsPolicy\":\"https:\/\/talkpal.ai\/ethics-policy\/\",\"diversityPolicy\":\"https:\/\/talkpal.ai\/diversity-policy\/\",\"diversityStaffingReport\":\"https:\/\/talkpal.ai\/diversity-policy\/\"}]}<\/script>\n<!-- \/ Yoast SEO Premium plugin. -->","yoast_head_json":{"title":"Talkpal z\u013eava pre u\u010dite\u013eov - Talkpal","description":"Odomkni exkluz\u00edvnu 79% u\u010dite\u013esk\u00fa z\u013eavu na Talkpal Premium a r\u00fdchlej\u0161ie sa nau\u010d jazyky s personalizovan\u00fdmi AI lekciami.","robots":{"index":"index","follow":"follow","max-snippet":"max-snippet:-1","max-image-preview":"max-image-preview:large","max-video-preview":"max-video-preview:-1"},"canonical":"https:\/\/talkpal.ai\/sk\/talkpal-zlava-pre-ucitelov\/","og_locale":"sk_SK","og_type":"article","og_title":"Talkpal z\u013eava pre u\u010dite\u013eov","og_url":"https:\/\/talkpal.ai\/sk\/talkpal-zlava-pre-ucitelov\/","og_site_name":"Talkpal","article_publisher":"https:\/\/www.facebook.com\/profile.php?id=100090733639311","article_modified_time":"2026-01-22T14:58:01+00:00","og_image":[{"width":2880,"height":1620,"url":"https:\/\/talkpal.ai\/wp-content\/uploads\/2025\/02\/Progress-tab-16_9.png","type":"image\/png"}],"twitter_card":"summary_large_image","twitter_site":"@talkpalai","schema":{"@context":"https:\/\/schema.org","@graph":[{"@type":"WebPage","@id":"https:\/\/talkpal.ai\/sk\/talkpal-zlava-pre-ucitelov\/","url":"https:\/\/talkpal.ai\/sk\/talkpal-zlava-pre-ucitelov\/","name":"Talkpal z\u013eava pre u\u010dite\u013eov - Talkpal","isPartOf":{"@id":"https:\/\/talkpal.ai\/sk\/#website"},"datePublished":"2025-10-22T19:55:16+00:00","dateModified":"2026-01-22T14:58:01+00:00","description":"Odomkni exkluz\u00edvnu 79% u\u010dite\u013esk\u00fa z\u013eavu na Talkpal Premium a r\u00fdchlej\u0161ie sa nau\u010d jazyky s personalizovan\u00fdmi AI lekciami.","breadcrumb":{"@id":"https:\/\/talkpal.ai\/sk\/talkpal-zlava-pre-ucitelov\/#breadcrumb"},"inLanguage":"sk-SK","potentialAction":[{"@type":"ReadAction","target":["https:\/\/talkpal.ai\/sk\/talkpal-zlava-pre-ucitelov\/"]}]},{"@type":"BreadcrumbList","@id":"https:\/\/talkpal.ai\/sk\/talkpal-zlava-pre-ucitelov\/#breadcrumb","itemListElement":[{"@type":"ListItem","position":1,"name":"Homepage","item":"https:\/\/talkpal.ai\/sk\/"},{"@type":"ListItem","position":2,"name":"Talkpal z\u013eava pre u\u010dite\u013eov"}]},{"@type":"WebSite","@id":"https:\/\/talkpal.ai\/sk\/#website","url":"https:\/\/talkpal.ai\/sk\/","name":"Talkpal","description":"AI Language Learning","publisher":{"@id":"https:\/\/talkpal.ai\/sk\/#organization"},"alternateName":"Talkpal AI","potentialAction":[{"@type":"SearchAction","target":{"@type":"EntryPoint","urlTemplate":"https:\/\/talkpal.ai\/sk\/?s={search_term_string}"},"query-input":{"@type":"PropertyValueSpecification","valueRequired":true,"valueName":"search_term_string"}}],"inLanguage":"sk-SK"},{"@type":"Organization","@id":"https:\/\/talkpal.ai\/sk\/#organization","name":"Talkpal, Inc.","alternateName":"Talkpal AI","url":"https:\/\/talkpal.ai\/sk\/","logo":{"@type":"ImageObject","inLanguage":"sk-SK","@id":"https:\/\/talkpal.ai\/sk\/#\/schema\/logo\/image\/","url":"https:\/\/talkpal.ai\/wp-content\/uploads\/2024\/03\/Talkpal-Logo-Icon.png","contentUrl":"https:\/\/talkpal.ai\/wp-content\/uploads\/2024\/03\/Talkpal-Logo-Icon.png","width":2880,"height":2880,"caption":"Talkpal, Inc."},"image":{"@id":"https:\/\/talkpal.ai\/sk\/#\/schema\/logo\/image\/"},"sameAs":["https:\/\/www.facebook.com\/profile.php?id=100090733639311","https:\/\/x.com\/talkpalai","https:\/\/www.linkedin.com\/company\/talkpal\/","https:\/\/www.youtube.com\/@TalkPal\/","https:\/\/www.tiktok.com\/@talkpal","https:\/\/www.instagram.com\/talkpal_ai\/","https:\/\/www.crunchbase.com\/organization\/talkpal-9cde","https:\/\/www.g2.com\/products\/talkpal-for-business\/","https:\/\/www.trustpilot.com\/review\/talkpal.ai","https:\/\/www.capterra.com\/p\/10006800\/TalkPal\/"],"description":"Talkpal is a language learning web and mobile education app, powered by the latest AI technologies, that provides engaging experiences to its customers in many different languages to help them improve their language skills. Users can chat about unlimited amount of topics with the app and use other modes to practice their language learning.","email":"support@talkpal.ai","legalName":"Talkpal, Inc.","foundingDate":"2023-04-03","duns":"118989042","numberOfEmployees":{"@type":"QuantitativeValue","minValue":"11","maxValue":"50"},"publishingPrinciples":"https:\/\/talkpal.ai\/publishing-principles\/","actionableFeedbackPolicy":"https:\/\/talkpal.ai\/actionable-feedback-policy\/","correctionsPolicy":"https:\/\/talkpal.ai\/corrections-policy\/","ethicsPolicy":"https:\/\/talkpal.ai\/ethics-policy\/","diversityPolicy":"https:\/\/talkpal.ai\/diversity-policy\/","diversityStaffingReport":"https:\/\/talkpal.ai\/diversity-policy\/"}]}},"_links":{"self":[{"href":"https:\/\/talkpal.ai\/sk\/wp-json\/wp\/v2\/pages\/1462139","targetHints":{"allow":["GET"]}}],"collection":[{"href":"https:\/\/talkpal.ai\/sk\/wp-json\/wp\/v2\/pages"}],"about":[{"href":"https:\/\/talkpal.ai\/sk\/wp-json\/wp\/v2\/types\/page"}],"author":[{"embeddable":true,"href":"https:\/\/talkpal.ai\/sk\/wp-json\/wp\/v2\/users\/20"}],"replies":[{"embeddable":true,"href":"https:\/\/talkpal.ai\/sk\/wp-json\/wp\/v2\/comments?post=1462139"}],"version-history":[{"count":0,"href":"https:\/\/talkpal.ai\/sk\/wp-json\/wp\/v2\/pages\/1462139\/revisions"}],"wp:attachment":[{"href":"https:\/\/talkpal.ai\/sk\/wp-json\/wp\/v2\/media?parent=1462139"}],"curies":[{"name":"wp","href":"https:\/\/api.w.org\/{rel}","templated":true}]}}