{"id":1462061,"date":"2025-10-22T12:21:47","date_gmt":"2025-10-22T12:21:47","guid":{"rendered":"https:\/\/talkpal.ai\/talkpal-zlava-pre-studentov\/"},"modified":"2026-01-22T14:59:09","modified_gmt":"2026-01-22T14:59:09","slug":"talkpal-zlava-pre-studentov","status":"publish","type":"page","link":"https:\/\/talkpal.ai\/sk\/talkpal-zlava-pre-studentov\/","title":{"rendered":"Talkpal z\u013eava pre \u0161tudentov"},"content":{"rendered":"<section class=\"languageChallengeSection\">\r\n    <div class=\"languageInfoWrapper\">\r\n        \r\n        <h1>Talkpal z\u013eava pre \u0161tudentov<\/h1>\r\n        <p>Ste \u0161tudent, ktor\u00fd si chce zlep\u0161i\u0165 svoje jazykov\u00e9 zru\u010dnosti? Talkpal pon\u00faka exkluz\u00edvnu 79% \u0161tudentsk\u00fa z\u013eavu, ktor\u00e1 v\u00e1m pom\u00f4\u017ee u\u010di\u0165 sa r\u00fdchlej\u0161ie a m\u00fadrej\u0161ie. Z\u00edskajte pr\u00edstup ku v\u0161etk\u00fdm pr\u00e9miov\u00fdm funkci\u00e1m, precvi\u010dte si skuto\u010dn\u00e9 konverz\u00e1cie s AI a dosiahnite plynulos\u0165 za polovi\u010dn\u00fa cenu.<\/p>\r\n\r\n                    <a class=\"getStartedHidden\" href=\"https:\/\/app.talkpal.ai\/signup?discount=50\">\r\n                Z\u00edskajte z\u013eavu            <\/a>\r\n            <\/div>\r\n\r\n            <figure>\r\n            <img decoding=\"async\" class=\"no-lazy\" src=\"https:\/\/talkpal.ai\/wp-content\/uploads\/2026\/01\/group-with-phone-in-circle.webp\" alt=\"\" fetchpriority=\"high\" \/>\r\n        <\/figure>\r\n        \r\n                    <a class=\"getStartedVisible\" href=\"https:\/\/app.talkpal.ai\/signup?discount=50\">\r\n                Z\u00edskajte z\u013eavu            <\/a>\r\n        <\/section><section class=\"featureSection\">\r\n    <div class=\"featureIntroduce\">\r\n        <a class=\"introduceLink\" href=\"https:\/\/app.talkpal.ai\/sk\/signup?lng=\">\r\n            <img decoding=\"async\" src=\"https:\/\/talkpal.ai\/wp-content\/themes\/talkpal\/assets\/img\/Sparkle.svg\" alt=\"\" \/>najpokro\u010dilej\u0161\u00ed\n  AI<\/a>\r\n        <h3 class=\"featureTitle\">Rozdiel v talkpale<\/h3>\r\n    <\/div>\r\n            <div class=\"introduceWrapper\">\r\n                            <a class=\"introducCard\" href=\"https:\/\/app.talkpal.ai\/sk\/signup?lng=\">\r\n\r\n                    \r\n                                                <img decoding=\"async\" src=\"https:\/\/talkpal.ai\/wp-content\/uploads\/2025\/05\/Immersive_conversations.png\" alt=\"Immersive Conversation Screenshot\" \/>\r\n                        <h4 class=\"introduceTitle\">Personalizovan\u00e9 vzdel\u00e1vanie<\/h4>\r\n                        <p class=\"cardText\">Ka\u017ed\u00fd \u0161tudent sa u\u010d\u00ed inak, rovnako ako jeho cesta k zvl\u00e1dnutiu nov\u00e9ho jazyka. V spolo\u010dnosti Talkpal pou\u017e\u00edvame pokro\u010dil\u00fa technol\u00f3giu umelej inteligencie, aby sme pochopili, ako sa mili\u00f3ny \u0161tudentov ka\u017ed\u00fd de\u0148 u\u010dia jazyky. To n\u00e1m pom\u00e1ha vytv\u00e1ra\u0165 personalizovan\u00e9, efekt\u00edvne a p\u00fatav\u00e9 vzdel\u00e1vacie sk\u00fasenosti navrhnut\u00e9 \u0161peci\u00e1lne pre \u0161tudentov, ako ste vy.<\/p>\r\n                    \r\n                <\/a>\r\n                            <a class=\"introducCard\" href=\"https:\/\/app.talkpal.ai\/sk\/signup?lng=\">\r\n\r\n                    \r\n                                                <img decoding=\"async\" src=\"https:\/\/talkpal.ai\/wp-content\/uploads\/2025\/05\/Realtime_feedback.png\" alt=\"Feedback Screenshot\" \/>\r\n                        <h4 class=\"introduceTitle\">Najmodernej\u0161ia technol\u00f3gia<\/h4>\r\n                        <p class=\"cardText\">Na\u0161\u00edm poslan\u00edm je spr\u00edstupni\u0165 personalizovan\u00e9 jazykov\u00e9 vzdel\u00e1vanie v\u0161etk\u00fdm \u0161tudentom kombin\u00e1ciou najnov\u0161\u00edch inov\u00e1ci\u00ed v oblasti AI s osved\u010den\u00fdmi vzdel\u00e1vac\u00edmi met\u00f3dami. S Talkpalom neabsolvujete len lekcie \u2013 za\u017eijete cestu na mieru, ktor\u00e1 sa prisp\u00f4sob\u00ed v\u00e1\u0161mu tempu, \u0161t\u00fdlu a cie\u013eom.<\/p>\r\n                    \r\n                <\/a>\r\n                            <a class=\"introducCard\" href=\"https:\/\/app.talkpal.ai\/sk\/signup?lng=\">\r\n\r\n                    \r\n                                                <img decoding=\"async\" src=\"https:\/\/talkpal.ai\/wp-content\/uploads\/2025\/05\/Personalization.png\" alt=\"Personalization Screenshot\" \/>\r\n                        <h4 class=\"introduceTitle\">Z\u00e1bava pri u\u010den\u00ed<\/h4>\r\n                        <p class=\"cardText\">Ver\u00edme, \u017ee u\u010denie sa jazyka by malo by\u0165 z\u00e1bavn\u00e9 a motivuj\u00face. Preto je Talkpal vytvoren\u00fd tak, aby \u0161tudentov zaujal a in\u0161piroval \u2013 v\u010faka \u010domu je u\u010denie menej ako \u0161t\u00fadium a viac ako vzru\u0161uj\u00face dobrodru\u017estvo. Pripojte sa k tis\u00edckam \u0161tudentov po celom svete a za\u010dnite ovl\u00e1da\u0165 svoj \u010fal\u0161\u00ed jazyk s Talkpalom!<\/p>\r\n                    \r\n                <\/a>\r\n                            <\/div>\r\n                     <a class=\"featureSectionLink\" href=\"https:\/\/app.talkpal.ai\/signup?discount=50\">\r\n                Z\u00edskajte z\u013eavu            <\/a>\r\n                \r\n<\/section>\r\n\r\n\r\n<section class=\"smartFunSection\">\r\n            \r\n            <div class=\"smartFunCard\">\r\n                <div class=\"smartFunWrapper\"><img decoding=\"async\" src=\"https:\/\/talkpal.ai\/wp-content\/uploads\/2025\/05\/1.png\" alt=\"Learning Stats Screenshot\"><\/div>\r\n                <h3>Prisp\u00f4soben\u00e9 v\u00e1m<\/h3>\r\n                <p>Talkpal vyu\u017e\u00edva technol\u00f3giu poh\u00e1\u0148an\u00fa umelou inteligenciou na poskytovanie personalizovan\u00fdch stretnut\u00ed jazykov\u00e9ho vzdel\u00e1vania prisp\u00f4soben\u00fdch \u00farovni a tempu ka\u017ed\u00e9ho \u0161tudenta. Ka\u017ed\u00e1 lekcia je navrhnut\u00e1 tak, aby vyhovovala va\u0161im individu\u00e1lnym vzdel\u00e1vac\u00edm potreb\u00e1m a pomohla v\u00e1m dosiahnu\u0165 stabiln\u00fd pokrok.<\/p>\r\n            <\/div>\r\n\r\n        \r\n            <div class=\"smartFunCard\">\r\n                <div class=\"smartFunWrapper\"><img decoding=\"async\" src=\"https:\/\/talkpal.ai\/wp-content\/uploads\/2025\/05\/2.png\" alt=\"Pronunciation Score Screenshot\"><\/div>\r\n                <h3>Efekt\u00edvne a \u00fa\u010dinn\u00e9<\/h3>\r\n                <p>Zlep\u0161ite svoje zru\u010dnosti v \u010d\u00edtan\u00ed, po\u010d\u00favan\u00ed a rozpr\u00e1van\u00ed efekt\u00edvne pomocou aplik\u00e1cie Talkpal. Na\u0161e inovat\u00edvne vzdel\u00e1vacie n\u00e1stroje s\u00fa vytvoren\u00e9 tak, aby bolo \u0161t\u00fadium jazykov efekt\u00edvne a pr\u00edjemn\u00e9 pre \u0161tudentov v\u0161etk\u00fdch prostred\u00ed.<\/p>\r\n            <\/div>\r\n\r\n        \r\n            <div class=\"smartFunCard\">\r\n                <div class=\"smartFunWrapper\"><img decoding=\"async\" src=\"https:\/\/talkpal.ai\/wp-content\/uploads\/2025\/05\/3.png\" alt=\"Chat Topics Screenshot\"><\/div>\r\n                <h3>Udr\u017eujte si anga\u017eovanos\u0165<\/h3>\r\n                <p>Platforma kombinuje gamifikovan\u00e9 prvky, p\u00fatav\u00e9 v\u00fdzvy a ot\u00e1zky na zamyslenie, aby boli \u0161tudenti motivovan\u00ed a konzistentn\u00ed. S Talkpalom sa u\u010denie jazykov st\u00e1va z\u00e1bavn\u00fdm ka\u017edodenn\u00fdm zvykom \u2013 nie \u00falohou.<\/p>\r\n            <\/div>\r\n\r\n        \r\n            <div class=\"smartFunCard\">\r\n                <div class=\"smartFunWrapper\"><img decoding=\"async\" src=\"https:\/\/talkpal.ai\/wp-content\/uploads\/2025\/05\/4.png\" alt=\"Dashboard Screenshot\"><\/div>\r\n                <h3>U\u017eite si u\u010denie<\/h3>\r\n                <p>Zvl\u00e1dnutie nov\u00e9ho jazyka nemus\u00ed by\u0165 \u00fanavn\u00e9. Talkpal pon\u00faka interakt\u00edvne cvi\u010denia, \u017eiv\u00e9 postavy a dokonca aj vtipn\u00e9 rozhovory s umelou inteligenciou, v\u010faka ktor\u00fdm sa u\u010denie stane pr\u00edjemnou a in\u0161pirat\u00edvnou s\u00fa\u010das\u0165ou d\u0148a ka\u017ed\u00e9ho \u0161tudenta.<\/p>\r\n            <\/div>\r\n\r\n            \r\n<\/section>\r\n\r\n<section class=\"promotionalBanner\">\r\n    <p class=\"promotionalText\">Talkpal pre \u0161tudentov &#8211; Za\u010dnite sa u\u010di\u0165 so zv\u00fdhodnenou cenou<\/p>\r\n                <a class=\"promotionalLink\" href=\"https:\/\/app.talkpal.ai\/signup?discount=50\">\r\n                Z\u00edskajte z\u013eavu            <\/a>\r\n            \r\n<\/section>","protected":false},"excerpt":{"rendered":"","protected":false},"author":10,"featured_media":0,"parent":0,"menu_order":0,"comment_status":"closed","ping_status":"closed","template":"LearningContentPage.php","meta":{"_acf_changed":false,"footnotes":""},"class_list":["post-1462061","page","type-page","status-publish","hentry"],"acf":[],"yoast_head":"<!-- This site is optimized with the Yoast SEO Premium plugin v27.2 (Yoast SEO v27.2) - https:\/\/yoast.com\/product\/yoast-seo-premium-wordpress\/ -->\n<title>Talkpal z\u013eava pre \u0161tudentov - Talkpal<\/title>\n<meta name=\"description\" content=\"Z\u00edskajte exkluz\u00edvnu \u0161tudentsk\u00fa z\u013eavu 79 % na Talkpal, aby ste sa mohli u\u010di\u0165 jazyky r\u00fdchlej\u0161ie s personalizovanou AI konverz\u00e1ciou.\" \/>\n<meta name=\"robots\" content=\"index, follow, max-snippet:-1, max-image-preview:large, max-video-preview:-1\" \/>\n<link rel=\"canonical\" href=\"https:\/\/talkpal.ai\/sk\/talkpal-zlava-pre-studentov\/\" \/>\n<meta property=\"og:locale\" content=\"sk_SK\" \/>\n<meta property=\"og:type\" content=\"article\" \/>\n<meta property=\"og:title\" content=\"Talkpal z\u013eava pre \u0161tudentov\" \/>\n<meta property=\"og:url\" content=\"https:\/\/talkpal.ai\/sk\/talkpal-zlava-pre-studentov\/\" \/>\n<meta property=\"og:site_name\" content=\"Talkpal\" \/>\n<meta property=\"article:publisher\" content=\"https:\/\/www.facebook.com\/profile.php?id=100090733639311\" \/>\n<meta property=\"article:modified_time\" content=\"2026-01-22T14:59:09+00:00\" \/>\n<meta property=\"og:image\" content=\"https:\/\/talkpal.ai\/wp-content\/uploads\/2025\/02\/Progress-tab-16_9.png\" \/>\n\t<meta property=\"og:image:width\" content=\"2880\" \/>\n\t<meta property=\"og:image:height\" content=\"1620\" \/>\n\t<meta property=\"og:image:type\" content=\"image\/png\" \/>\n<meta name=\"twitter:card\" content=\"summary_large_image\" \/>\n<meta name=\"twitter:site\" content=\"@talkpalai\" \/>\n<script type=\"application\/ld+json\" class=\"yoast-schema-graph\">{\"@context\":\"https:\/\/schema.org\",\"@graph\":[{\"@type\":\"WebPage\",\"@id\":\"https:\/\/talkpal.ai\/sk\/talkpal-zlava-pre-studentov\/\",\"url\":\"https:\/\/talkpal.ai\/sk\/talkpal-zlava-pre-studentov\/\",\"name\":\"Talkpal z\u013eava pre \u0161tudentov - Talkpal\",\"isPartOf\":{\"@id\":\"https:\/\/talkpal.ai\/sk\/#website\"},\"datePublished\":\"2025-10-22T12:21:47+00:00\",\"dateModified\":\"2026-01-22T14:59:09+00:00\",\"description\":\"Z\u00edskajte exkluz\u00edvnu \u0161tudentsk\u00fa z\u013eavu 79 % na Talkpal, aby ste sa mohli u\u010di\u0165 jazyky r\u00fdchlej\u0161ie s personalizovanou AI konverz\u00e1ciou.\",\"breadcrumb\":{\"@id\":\"https:\/\/talkpal.ai\/sk\/talkpal-zlava-pre-studentov\/#breadcrumb\"},\"inLanguage\":\"sk-SK\",\"potentialAction\":[{\"@type\":\"ReadAction\",\"target\":[\"https:\/\/talkpal.ai\/sk\/talkpal-zlava-pre-studentov\/\"]}]},{\"@type\":\"BreadcrumbList\",\"@id\":\"https:\/\/talkpal.ai\/sk\/talkpal-zlava-pre-studentov\/#breadcrumb\",\"itemListElement\":[{\"@type\":\"ListItem\",\"position\":1,\"name\":\"Homepage\",\"item\":\"https:\/\/talkpal.ai\/sk\/\"},{\"@type\":\"ListItem\",\"position\":2,\"name\":\"Talkpal z\u013eava pre \u0161tudentov\"}]},{\"@type\":\"WebSite\",\"@id\":\"https:\/\/talkpal.ai\/sk\/#website\",\"url\":\"https:\/\/talkpal.ai\/sk\/\",\"name\":\"Talkpal\",\"description\":\"AI Language Learning\",\"publisher\":{\"@id\":\"https:\/\/talkpal.ai\/sk\/#organization\"},\"alternateName\":\"Talkpal AI\",\"potentialAction\":[{\"@type\":\"SearchAction\",\"target\":{\"@type\":\"EntryPoint\",\"urlTemplate\":\"https:\/\/talkpal.ai\/sk\/?s={search_term_string}\"},\"query-input\":{\"@type\":\"PropertyValueSpecification\",\"valueRequired\":true,\"valueName\":\"search_term_string\"}}],\"inLanguage\":\"sk-SK\"},{\"@type\":\"Organization\",\"@id\":\"https:\/\/talkpal.ai\/sk\/#organization\",\"name\":\"Talkpal, Inc.\",\"alternateName\":\"Talkpal AI\",\"url\":\"https:\/\/talkpal.ai\/sk\/\",\"logo\":{\"@type\":\"ImageObject\",\"inLanguage\":\"sk-SK\",\"@id\":\"https:\/\/talkpal.ai\/sk\/#\/schema\/logo\/image\/\",\"url\":\"https:\/\/talkpal.ai\/wp-content\/uploads\/2024\/03\/Talkpal-Logo-Icon.png\",\"contentUrl\":\"https:\/\/talkpal.ai\/wp-content\/uploads\/2024\/03\/Talkpal-Logo-Icon.png\",\"width\":2880,\"height\":2880,\"caption\":\"Talkpal, Inc.\"},\"image\":{\"@id\":\"https:\/\/talkpal.ai\/sk\/#\/schema\/logo\/image\/\"},\"sameAs\":[\"https:\/\/www.facebook.com\/profile.php?id=100090733639311\",\"https:\/\/x.com\/talkpalai\",\"https:\/\/www.linkedin.com\/company\/talkpal\/\",\"https:\/\/www.youtube.com\/@TalkPal\/\",\"https:\/\/www.tiktok.com\/@talkpal\",\"https:\/\/www.instagram.com\/talkpal_ai\/\",\"https:\/\/www.crunchbase.com\/organization\/talkpal-9cde\",\"https:\/\/www.g2.com\/products\/talkpal-for-business\/\",\"https:\/\/www.trustpilot.com\/review\/talkpal.ai\",\"https:\/\/www.capterra.com\/p\/10006800\/TalkPal\/\"],\"description\":\"Talkpal is a language learning web and mobile education app, powered by the latest AI technologies, that provides engaging experiences to its customers in many different languages to help them improve their language skills. Users can chat about unlimited amount of topics with the app and use other modes to practice their language learning.\",\"email\":\"support@talkpal.ai\",\"legalName\":\"Talkpal, Inc.\",\"foundingDate\":\"2023-04-03\",\"duns\":\"118989042\",\"numberOfEmployees\":{\"@type\":\"QuantitativeValue\",\"minValue\":\"11\",\"maxValue\":\"50\"},\"publishingPrinciples\":\"https:\/\/talkpal.ai\/publishing-principles\/\",\"actionableFeedbackPolicy\":\"https:\/\/talkpal.ai\/actionable-feedback-policy\/\",\"correctionsPolicy\":\"https:\/\/talkpal.ai\/corrections-policy\/\",\"ethicsPolicy\":\"https:\/\/talkpal.ai\/ethics-policy\/\",\"diversityPolicy\":\"https:\/\/talkpal.ai\/diversity-policy\/\",\"diversityStaffingReport\":\"https:\/\/talkpal.ai\/diversity-policy\/\"}]}<\/script>\n<!-- \/ Yoast SEO Premium plugin. -->","yoast_head_json":{"title":"Talkpal z\u013eava pre \u0161tudentov - Talkpal","description":"Z\u00edskajte exkluz\u00edvnu \u0161tudentsk\u00fa z\u013eavu 79 % na Talkpal, aby ste sa mohli u\u010di\u0165 jazyky r\u00fdchlej\u0161ie s personalizovanou AI konverz\u00e1ciou.","robots":{"index":"index","follow":"follow","max-snippet":"max-snippet:-1","max-image-preview":"max-image-preview:large","max-video-preview":"max-video-preview:-1"},"canonical":"https:\/\/talkpal.ai\/sk\/talkpal-zlava-pre-studentov\/","og_locale":"sk_SK","og_type":"article","og_title":"Talkpal z\u013eava pre \u0161tudentov","og_url":"https:\/\/talkpal.ai\/sk\/talkpal-zlava-pre-studentov\/","og_site_name":"Talkpal","article_publisher":"https:\/\/www.facebook.com\/profile.php?id=100090733639311","article_modified_time":"2026-01-22T14:59:09+00:00","og_image":[{"width":2880,"height":1620,"url":"https:\/\/talkpal.ai\/wp-content\/uploads\/2025\/02\/Progress-tab-16_9.png","type":"image\/png"}],"twitter_card":"summary_large_image","twitter_site":"@talkpalai","schema":{"@context":"https:\/\/schema.org","@graph":[{"@type":"WebPage","@id":"https:\/\/talkpal.ai\/sk\/talkpal-zlava-pre-studentov\/","url":"https:\/\/talkpal.ai\/sk\/talkpal-zlava-pre-studentov\/","name":"Talkpal z\u013eava pre \u0161tudentov - Talkpal","isPartOf":{"@id":"https:\/\/talkpal.ai\/sk\/#website"},"datePublished":"2025-10-22T12:21:47+00:00","dateModified":"2026-01-22T14:59:09+00:00","description":"Z\u00edskajte exkluz\u00edvnu \u0161tudentsk\u00fa z\u013eavu 79 % na Talkpal, aby ste sa mohli u\u010di\u0165 jazyky r\u00fdchlej\u0161ie s personalizovanou AI konverz\u00e1ciou.","breadcrumb":{"@id":"https:\/\/talkpal.ai\/sk\/talkpal-zlava-pre-studentov\/#breadcrumb"},"inLanguage":"sk-SK","potentialAction":[{"@type":"ReadAction","target":["https:\/\/talkpal.ai\/sk\/talkpal-zlava-pre-studentov\/"]}]},{"@type":"BreadcrumbList","@id":"https:\/\/talkpal.ai\/sk\/talkpal-zlava-pre-studentov\/#breadcrumb","itemListElement":[{"@type":"ListItem","position":1,"name":"Homepage","item":"https:\/\/talkpal.ai\/sk\/"},{"@type":"ListItem","position":2,"name":"Talkpal z\u013eava pre \u0161tudentov"}]},{"@type":"WebSite","@id":"https:\/\/talkpal.ai\/sk\/#website","url":"https:\/\/talkpal.ai\/sk\/","name":"Talkpal","description":"AI Language Learning","publisher":{"@id":"https:\/\/talkpal.ai\/sk\/#organization"},"alternateName":"Talkpal AI","potentialAction":[{"@type":"SearchAction","target":{"@type":"EntryPoint","urlTemplate":"https:\/\/talkpal.ai\/sk\/?s={search_term_string}"},"query-input":{"@type":"PropertyValueSpecification","valueRequired":true,"valueName":"search_term_string"}}],"inLanguage":"sk-SK"},{"@type":"Organization","@id":"https:\/\/talkpal.ai\/sk\/#organization","name":"Talkpal, Inc.","alternateName":"Talkpal AI","url":"https:\/\/talkpal.ai\/sk\/","logo":{"@type":"ImageObject","inLanguage":"sk-SK","@id":"https:\/\/talkpal.ai\/sk\/#\/schema\/logo\/image\/","url":"https:\/\/talkpal.ai\/wp-content\/uploads\/2024\/03\/Talkpal-Logo-Icon.png","contentUrl":"https:\/\/talkpal.ai\/wp-content\/uploads\/2024\/03\/Talkpal-Logo-Icon.png","width":2880,"height":2880,"caption":"Talkpal, Inc."},"image":{"@id":"https:\/\/talkpal.ai\/sk\/#\/schema\/logo\/image\/"},"sameAs":["https:\/\/www.facebook.com\/profile.php?id=100090733639311","https:\/\/x.com\/talkpalai","https:\/\/www.linkedin.com\/company\/talkpal\/","https:\/\/www.youtube.com\/@TalkPal\/","https:\/\/www.tiktok.com\/@talkpal","https:\/\/www.instagram.com\/talkpal_ai\/","https:\/\/www.crunchbase.com\/organization\/talkpal-9cde","https:\/\/www.g2.com\/products\/talkpal-for-business\/","https:\/\/www.trustpilot.com\/review\/talkpal.ai","https:\/\/www.capterra.com\/p\/10006800\/TalkPal\/"],"description":"Talkpal is a language learning web and mobile education app, powered by the latest AI technologies, that provides engaging experiences to its customers in many different languages to help them improve their language skills. Users can chat about unlimited amount of topics with the app and use other modes to practice their language learning.","email":"support@talkpal.ai","legalName":"Talkpal, Inc.","foundingDate":"2023-04-03","duns":"118989042","numberOfEmployees":{"@type":"QuantitativeValue","minValue":"11","maxValue":"50"},"publishingPrinciples":"https:\/\/talkpal.ai\/publishing-principles\/","actionableFeedbackPolicy":"https:\/\/talkpal.ai\/actionable-feedback-policy\/","correctionsPolicy":"https:\/\/talkpal.ai\/corrections-policy\/","ethicsPolicy":"https:\/\/talkpal.ai\/ethics-policy\/","diversityPolicy":"https:\/\/talkpal.ai\/diversity-policy\/","diversityStaffingReport":"https:\/\/talkpal.ai\/diversity-policy\/"}]}},"_links":{"self":[{"href":"https:\/\/talkpal.ai\/sk\/wp-json\/wp\/v2\/pages\/1462061","targetHints":{"allow":["GET"]}}],"collection":[{"href":"https:\/\/talkpal.ai\/sk\/wp-json\/wp\/v2\/pages"}],"about":[{"href":"https:\/\/talkpal.ai\/sk\/wp-json\/wp\/v2\/types\/page"}],"author":[{"embeddable":true,"href":"https:\/\/talkpal.ai\/sk\/wp-json\/wp\/v2\/users\/10"}],"replies":[{"embeddable":true,"href":"https:\/\/talkpal.ai\/sk\/wp-json\/wp\/v2\/comments?post=1462061"}],"version-history":[{"count":0,"href":"https:\/\/talkpal.ai\/sk\/wp-json\/wp\/v2\/pages\/1462061\/revisions"}],"wp:attachment":[{"href":"https:\/\/talkpal.ai\/sk\/wp-json\/wp\/v2\/media?parent=1462061"}],"curies":[{"name":"wp","href":"https:\/\/api.w.org\/{rel}","templated":true}]}}