{"id":146092,"date":"2023-05-14T14:10:42","date_gmt":"2023-05-14T14:10:42","guid":{"rendered":"http:\/\/talkpal.ai\/litovska-gramatika\/"},"modified":"2025-12-12T10:42:06","modified_gmt":"2025-12-12T10:42:06","slug":"litovska-gramatika","status":"publish","type":"page","link":"https:\/\/talkpal.ai\/sk\/litovska-gramatika\/","title":{"rendered":"Litovsk\u00e1 gramatika"},"content":{"rendered":"\r\n\r\n\r\n<section class=\"languageChallengeSection\">\r\n    <div class=\"languageInfoWrapper\">\r\n        \r\n        <h1>Litovsk\u00e1 gramatika<\/h1>\r\n        <p>Za\u010dnite svoju cestu do litovskej gramatiky a objavte jeden z najstar\u0161\u00edch a najzauj\u00edmavej\u0161\u00edch jazykov v Eur\u00f3pe. Nau\u010dte sa z\u00e1kladn\u00e9 pravidl\u00e1 a vzory na vybudovanie pevn\u00fdch jazykov\u00fdch z\u00e1kladov. Ponorte sa a za\u010dnite ovl\u00e1da\u0165 litov\u010dinu e\u0161te dnes!<\/p>\r\n\r\n                            <a class=\"getStartedHidden\" href=\"https:\/\/app.talkpal.ai\/sk\/signup?lng=\">Za\u010dni<\/a>\r\n        \r\n    <\/div>\r\n\r\n    <figure>\r\n    <img decoding=\"async\" width=\"768\" height=\"768\" src=\"https:\/\/talkpal.ai\/wp-content\/uploads\/2023\/06\/lithuenian-768x768.png\" class=\"languageImage no-lazy\" alt=\"Language learning for boosting creativity\" fetchpriority=\"high\" sizes=\"(max-width: 768px) 150px, 768px\" srcset=\"https:\/\/talkpal.ai\/wp-content\/uploads\/2023\/06\/lithuenian-768x768.png 768w, https:\/\/talkpal.ai\/wp-content\/uploads\/2023\/06\/lithuenian-300x300.png 300w\" \/>\r\n    \r\n\r\n    <\/figure>\r\n\r\n            <a class=\"getStartedVisible\" href=\"https:\/\/app.talkpal.ai\/sk\/signup?lng=\">Za\u010dni<\/a>\r\n    \r\n<\/section>\r\n<section class=\"promotionalBanner\">\r\n    <p class=\"promotionalText\">Najefekt\u00edvnej\u0161\u00ed sp\u00f4sob, ako sa nau\u010di\u0165 jazyk<\/p>\r\n    <a class=\"promotionalLink\" href=\"https:\/\/app.talkpal.ai\/sk\/signup?lng=\">Vysk\u00fa\u0161ajte Talkpal zadarmo<\/a>\r\n<\/section>\n<div class=\"wp-block-group pageContainerStyle\"><div class=\"wp-block-group__inner-container is-layout-constrained wp-block-group-is-layout-constrained\">\n<h2 class=\"wp-block-heading\" id=\"h-lithuanian-grammar-a-fascinating-journey-through-language\">Litovsk\u00e1 gramatika: fascinuj\u00faca cesta jazykom<\/h2>\n\n\n\n<p>U\u017e ste niekedy uva\u017eovali o u\u010den\u00ed sa litov\u010diny alebo v\u00e1s jednoducho zaujala jej jedine\u010dn\u00e1 <a href=\"https:\/\/talkpal.ai\/sq\/gramatika\/\">gramatika<\/a>? Tak to v\u00e1s \u010dak\u00e1 z\u00e1\u017eitok! <a href=\"https:\/\/talkpal.ai\/lithuanian-grammar\/\">Litovsk\u00e1 gramatika<\/a> sa m\u00f4\u017ee na prv\u00fd poh\u013ead zda\u0165 zvl\u00e1\u0161tna, ale nenechajte sa pom\u00fdli\u0165 \u2013 ukazuje vynikaj\u00facu jazykov\u00fa logiku. V tomto \u010dl\u00e1nku rozvinieme r\u00f4zne aspekty litovskej gramatiky a umo\u017en\u00edme v\u00e1m oceni\u0165 jej k\u00fazlo.<\/p>\n\n\n\n<p>Po prv\u00e9, stru\u010dn\u00e9 pozadie: litov\u010dina je baltsk\u00fd jazyk, ktor\u00fdm sa hovor\u00ed predov\u0161etk\u00fdm v Litve, ale stret\u00e1va sa aj v susedn\u00fdch krajin\u00e1ch. Ako jeden z najstar\u0161\u00edch \u017eij\u00facich indoeur\u00f3pskych jazykov si zachov\u00e1va archaick\u00e9 \u010drty, ktor\u00e9 umo\u017e\u0148uj\u00fa nahliadnu\u0165 do v\u00fdvoja in\u00fdch jazykov v r\u00e1mci jazykovej rodiny. Tento historick\u00fd v\u00fdznam rob\u00ed litov\u010dinu obzvl\u00e1\u0161\u0165 podmanivou pre milovn\u00edkov jazykov.<\/p>\n\n\n\n<p>Po\u010fme sa teraz venova\u0165 niektor\u00fdm k\u013e\u00fa\u010dov\u00fdm aspektom litovskej gramatiky.<\/p>\n\n\n\n<h3 class=\"wp-block-heading\" id=\"h-1-nouns-cases-and-declensions\">1. Podstatn\u00e9 men\u00e1, p\u00e1dy a sklo\u0148ovanie<\/h3>\n\n\n\n<p>Jednou z najv\u00fdznamnej\u0161\u00edch \u010d\u0155t litovskej gramatiky je jej zlo\u017eit\u00fd syst\u00e9m pr\u00edpadov. Podstatn\u00e9 men\u00e1 maj\u00fa r\u00f4zne formy v z\u00e1vislosti od svojej funkcie vo vete a od toho, \u010di odr\u00e1\u017eaj\u00fa predmet, predmet alebo pr\u00edjemcu akcie. Litov\u010dina m\u00e1 sedem p\u00e1dov: nominat\u00edv, genit\u00edv, dat\u00edv, akuzat\u00edv, in\u0161trument\u00e1l, lokat\u00edv a vokat\u00edv.<\/p>\n\n\n\n<p>Vezmime si ako pr\u00edklad podstatn\u00e9 meno &#8222;die\u0165a&#8220;. M\u00f4\u017ee sa zmeni\u0165 na &#8222;vaiko&#8220;, &#8222;vaikui&#8220;, &#8222;vaik\u0105&#8220; at\u010f. v z\u00e1vislosti od \u00falohy, ktor\u00fa zohr\u00e1va vo vete. Okrem toho s\u00fa koncovky ovplyvnen\u00e9 rodom podstatn\u00e9ho mena (mu\u017esk\u00fd alebo \u017eensk\u00fd) a \u010falej sa delia na deklin\u00e1cie, \u010d\u00edm sa jazyk st\u00e1va e\u0161te univerz\u00e1lnej\u0161\u00edm.<\/p>\n\n\n\n<h3 class=\"wp-block-heading\" id=\"h-2-verb-conjugation-and-tenses\">2. \u010casovanie slovies a \u010dasy<\/h3>\n\n\n\n<p>Litovsk\u00e9 sloves\u00e1 menia svoje koncovky v z\u00e1vislosti od osoby a \u010d\u00edsla (jednotn\u00e9ho alebo mno\u017en\u00e9ho \u010d\u00edsla) podmetu. Napr\u00edklad sloveso &#8222;\u00eds\u0165&#8220; sa m\u00f4\u017ee zmeni\u0165 na &#8222;einu&#8220; (idem), &#8222;einate&#8220; (idete), &#8222;eina&#8220; (id\u00fa) a \u010fal\u0161ie tvary.<\/p>\n\n\n\n<p>Litov\u010dina m\u00e1 \u0161tyri hlavn\u00e9 \u010dasy: pr\u00edtomn\u00fd, minul\u00fd, minul\u00fd iterat\u00edvny a bud\u00faci. Zauj\u00edmav\u00e9 je, \u017ee jazyk obsahuje aj zna\u010dky str\u00e1n: perfektn\u00e9 a nedokonal\u00e9. Tieto zna\u010dky poskytuj\u00fa \u010fal\u0161ie inform\u00e1cie o tom, \u010di je akcia dokon\u010den\u00e1 alebo prebieha. Napr\u00edklad &#8222;ne\u0161ti&#8220; (nies\u0165 &#8211; imperfekt\u00edvum) oproti &#8222;nat&#8220; (nies\u0165 &#8211; perfekt\u00edvum).<\/p>\n\n\n\n<h3 class=\"wp-block-heading\" id=\"h-3-sentence-structure-and-word-order\">3. \u0160trukt\u00fara viet a poradie slov<\/h3>\n\n\n\n<p>Hoci litov\u010dina vo v\u0161eobecnosti dodr\u017eiava slovosled SVO (subjekt-sloveso-objekt), jej syst\u00e9m pr\u00edpadov umo\u017e\u0148uje zna\u010dn\u00fa flexibilitu. Na rozdiel od angli\u010dtiny, v ktorej poradie slov zvy\u010dajne ur\u010duje v\u00fdznam vety, v litov\u010dine premiest\u0148ovanie slov v\u00fdznam nemen\u00ed. Napr\u00edklad &#8222;kat\u0117 valgo \u017euv\u012f&#8220; (ma\u010dka \u017eerie rybu) m\u00f4\u017ee by\u0165 aj &#8222;\u017euv\u012f valgo kat\u0117&#8220; bez toho, aby sa stratil alebo zmenil jeho v\u00fdznam.<\/p>\n\n\n\n<p>T\u00e1to flexibilita v\u00e1m umo\u017e\u0148uje hra\u0165 sa so \u0161trukt\u00farou viet, zd\u00f4raz\u0148ova\u0165 ur\u010dit\u00e9 prvky alebo vytv\u00e1ra\u0165 nuansy, ke\u010f sa stanete zdatnej\u0161\u00edmi v jazyku.<\/p>\n\n\n\n<h3 class=\"wp-block-heading\" id=\"h-4-adjectives-adverbs-and-agreement-rules\">4. Pr\u00eddavn\u00e9 men\u00e1, pr\u00edslovky a pravidl\u00e1 dohody<\/h3>\n\n\n\n<p>Podobne ako mnoh\u00e9 <a href=\"https:\/\/talkpal.ai\/what-language-is-spoken-on-the-international-space-station\/\">jazyky<\/a>, aj pr\u00eddavn\u00e9 men\u00e1 a pr\u00edslovky v litov\u010dine opisuj\u00fa podstatn\u00e9 men\u00e1 a sloves\u00e1, ale riadia sa aj osobitn\u00fdmi pravidlami dohody. Pr\u00eddavn\u00e9 men\u00e1 musia najm\u00e4 s\u00fahlasi\u0165 s podstatn\u00fdm menom, ktor\u00e9 upravuj\u00fa v p\u00e1de, pohlav\u00ed a \u010d\u00edsle. Ke\u010f pochop\u00edte p\u00e1dy podstatn\u00fdch mien a \u010dasovanie slovies, tieto pravidl\u00e1 pr\u00eddu prirodzenej\u0161ie.<\/p>\n\n\n\n<p>Tak\u017ee ste pripraven\u00ed ponori\u0165 sa do litovskej gramatiky? S vytrvalos\u0165ou, odhodlan\u00edm a n\u00e1le\u017eit\u00fdmi zdrojmi je <a href=\"https:\/\/talkpal.ai\/sk\/ucenie\/\">u\u010denie sa<\/a> litov\u010diny &#8211; bohatej na hist\u00f3riu a kult\u00farne dedi\u010dstvo &#8211; nesmierne obohacuj\u00facou sk\u00fasenos\u0165ou. Pracujte s jazykom krok za krokom, d\u00f4sledne cvi\u010dte a zosta\u0148te otvoren\u00ed <a href=\"https:\/\/talkpal.ai\/sk\/ucit-sa-po-slovensky\/\">u\u010di\u0165 sa<\/a> zo svojich ch\u00fdb. S\u0117km\u0117s! (Ve\u013ea \u0161\u0165astia!)<\/p>\n<\/div><\/div>\n\r\n<section class=\"learnNavigationSection\">\r\n            \r\n        <a href=\"https:\/\/talkpal.ai\/sk\/naucte-sa-litovsky\/\">\r\n            <div class=\"learnNavigationWrapper\">\r\n                <div class=\"learnNavigationContent\">\r\n                    <img decoding=\"async\" src=\"https:\/\/talkpal.ai\/wp-content\/uploads\/2024\/08\/Lithuanian.jpg\" alt=\"Lithuanian Flag\">\r\n                    <div>\r\n                        <h4>O vzdel\u00e1van\u00ed v litov\u010dine<\/h4>\r\n                        <p>Zistite v\u0161etko o litovskej gramatike.<\/p>\r\n                    <\/div>\r\n                <\/div>\r\n            <\/div>\r\n        <\/a>\r\n\r\n        \r\n        <a href=\"https:\/\/talkpal.ai\/sk\/litovske-gramaticke-cvicenia\/\">\r\n            <div class=\"learnNavigationWrapper\">\r\n                <div class=\"learnNavigationContent\">\r\n                    <img decoding=\"async\" src=\"https:\/\/talkpal.ai\/wp-content\/uploads\/2024\/08\/Lithuanian.jpg\" alt=\"Lithuanian Flag\">\r\n                    <div>\r\n                        <h4>Cvi\u010denie z litovskej gramatiky<\/h4>\r\n                        <p>Precvi\u010dte si litovsk\u00fa gramatiku.<\/p>\r\n                    <\/div>\r\n                <\/div>\r\n            <\/div>\r\n        <\/a>\r\n\r\n        \r\n        <a href=\"https:\/\/talkpal.ai\/vocabulary_language\/lithuanian\/\">\r\n            <div class=\"learnNavigationWrapper\">\r\n                <div class=\"learnNavigationContent\">\r\n                    <img decoding=\"async\" src=\"https:\/\/talkpal.ai\/wp-content\/uploads\/2024\/08\/Lithuanian.jpg\" alt=\"Lithuanian Flag\">\r\n                    <div>\r\n                        <h4>Slovn\u00e1 z\u00e1soba litov\u010diny<\/h4>\r\n                        <p>Roz\u0161\u00edrte si slovn\u00fa z\u00e1sobu litov\u010diny.<\/p>\r\n                    <\/div>\r\n                <\/div>\r\n            <\/div>\r\n        <\/a>\r\n\r\n            <\/section>","protected":false},"excerpt":{"rendered":"<p>Litovsk\u00e1 gramatika: fascinuj\u00faca cesta jazykom U\u017e ste niekedy uva\u017eovali o u\u010den\u00ed sa litov\u010diny alebo v\u00e1s jednoducho zaujala jej jedine\u010dn\u00e1 gramatika? Tak to v\u00e1s \u010dak\u00e1 z\u00e1\u017eitok! Litovsk\u00e1 gramatika sa m\u00f4\u017ee na prv\u00fd poh\u013ead zda\u0165 zvl\u00e1\u0161tna, ale nenechajte sa pom\u00fdli\u0165 \u2013 ukazuje vynikaj\u00facu jazykov\u00fa logiku. V tomto \u010dl\u00e1nku rozvinieme r\u00f4zne aspekty litovskej gramatiky a umo\u017en\u00edme v\u00e1m oceni\u0165 [&hellip;]<\/p>\n","protected":false},"author":1,"featured_media":114749,"parent":0,"menu_order":0,"comment_status":"closed","ping_status":"closed","template":"LearningContentPage.php","meta":{"_acf_changed":false,"footnotes":""},"class_list":["post-146092","page","type-page","status-publish","has-post-thumbnail","hentry"],"acf":[],"yoast_head":"<!-- This site is optimized with the Yoast SEO Premium plugin v27.2 (Yoast SEO v27.2) - https:\/\/yoast.com\/product\/yoast-seo-premium-wordpress\/ -->\n<title>Litovsk\u00e1 gramatika - Talkpal<\/title>\n<meta name=\"description\" content=\"Zistite, ako litovsk\u00e1 gramatika odr\u00e1\u017ea historick\u00e9 bohatstvo a logiku, v\u010faka \u010domu je ide\u00e1lnym \u0161t\u00fadiom pre milovn\u00edkov jazyka.\" \/>\n<meta name=\"robots\" content=\"index, follow, max-snippet:-1, max-image-preview:large, max-video-preview:-1\" \/>\n<link rel=\"canonical\" href=\"https:\/\/talkpal.ai\/sk\/litovska-gramatika\/\" \/>\n<meta property=\"og:locale\" content=\"sk_SK\" \/>\n<meta property=\"og:type\" content=\"article\" \/>\n<meta property=\"og:title\" content=\"Litovsk\u00e1 gramatika\" \/>\n<meta property=\"og:description\" content=\"Litovsk\u00e1 gramatika: fascinuj\u00faca cesta jazykom U\u017e ste niekedy uva\u017eovali o u\u010den\u00ed sa litov\u010diny alebo v\u00e1s jednoducho zaujala jej jedine\u010dn\u00e1 gramatika? Tak to\" \/>\n<meta property=\"og:url\" content=\"https:\/\/talkpal.ai\/sk\/litovska-gramatika\/\" \/>\n<meta property=\"og:site_name\" content=\"Talkpal\" \/>\n<meta property=\"article:publisher\" content=\"https:\/\/www.facebook.com\/profile.php?id=100090733639311\" \/>\n<meta property=\"article:modified_time\" content=\"2025-12-12T10:42:06+00:00\" \/>\n<meta property=\"og:image\" content=\"https:\/\/talkpal.ai\/wp-content\/uploads\/2023\/05\/Lithuanian.png\" \/>\n\t<meta property=\"og:image:width\" content=\"512\" \/>\n\t<meta property=\"og:image:height\" content=\"512\" \/>\n\t<meta property=\"og:image:type\" content=\"image\/png\" \/>\n<meta name=\"twitter:card\" content=\"summary_large_image\" \/>\n<meta name=\"twitter:site\" content=\"@talkpalai\" \/>\n<meta name=\"twitter:label1\" content=\"Predpokladan\u00fd \u010das \u010d\u00edtania\" \/>\n\t<meta name=\"twitter:data1\" content=\"3 min\u00faty\" \/>\n<script type=\"application\/ld+json\" class=\"yoast-schema-graph\">{\"@context\":\"https:\/\/schema.org\",\"@graph\":[{\"@type\":\"WebPage\",\"@id\":\"https:\/\/talkpal.ai\/sk\/litovska-gramatika\/\",\"url\":\"https:\/\/talkpal.ai\/sk\/litovska-gramatika\/\",\"name\":\"Litovsk\u00e1 gramatika - Talkpal\",\"isPartOf\":{\"@id\":\"https:\/\/talkpal.ai\/sk\/#website\"},\"primaryImageOfPage\":{\"@id\":\"https:\/\/talkpal.ai\/sk\/litovska-gramatika\/#primaryimage\"},\"image\":{\"@id\":\"https:\/\/talkpal.ai\/sk\/litovska-gramatika\/#primaryimage\"},\"thumbnailUrl\":\"https:\/\/talkpal.ai\/wp-content\/uploads\/2023\/05\/Lithuanian.png\",\"datePublished\":\"2023-05-14T14:10:42+00:00\",\"dateModified\":\"2025-12-12T10:42:06+00:00\",\"description\":\"Zistite, ako litovsk\u00e1 gramatika odr\u00e1\u017ea historick\u00e9 bohatstvo a logiku, v\u010faka \u010domu je ide\u00e1lnym \u0161t\u00fadiom pre milovn\u00edkov jazyka.\",\"breadcrumb\":{\"@id\":\"https:\/\/talkpal.ai\/sk\/litovska-gramatika\/#breadcrumb\"},\"inLanguage\":\"sk-SK\",\"potentialAction\":[{\"@type\":\"ReadAction\",\"target\":[\"https:\/\/talkpal.ai\/sk\/litovska-gramatika\/\"]}]},{\"@type\":\"ImageObject\",\"inLanguage\":\"sk-SK\",\"@id\":\"https:\/\/talkpal.ai\/sk\/litovska-gramatika\/#primaryimage\",\"url\":\"https:\/\/talkpal.ai\/wp-content\/uploads\/2023\/05\/Lithuanian.png\",\"contentUrl\":\"https:\/\/talkpal.ai\/wp-content\/uploads\/2023\/05\/Lithuanian.png\",\"width\":512,\"height\":512},{\"@type\":\"BreadcrumbList\",\"@id\":\"https:\/\/talkpal.ai\/sk\/litovska-gramatika\/#breadcrumb\",\"itemListElement\":[{\"@type\":\"ListItem\",\"position\":1,\"name\":\"Homepage\",\"item\":\"https:\/\/talkpal.ai\/sk\/\"},{\"@type\":\"ListItem\",\"position\":2,\"name\":\"Litovsk\u00e1 gramatika\"}]},{\"@type\":\"WebSite\",\"@id\":\"https:\/\/talkpal.ai\/sk\/#website\",\"url\":\"https:\/\/talkpal.ai\/sk\/\",\"name\":\"Talkpal\",\"description\":\"AI Language Learning\",\"publisher\":{\"@id\":\"https:\/\/talkpal.ai\/sk\/#organization\"},\"alternateName\":\"Talkpal AI\",\"potentialAction\":[{\"@type\":\"SearchAction\",\"target\":{\"@type\":\"EntryPoint\",\"urlTemplate\":\"https:\/\/talkpal.ai\/sk\/?s={search_term_string}\"},\"query-input\":{\"@type\":\"PropertyValueSpecification\",\"valueRequired\":true,\"valueName\":\"search_term_string\"}}],\"inLanguage\":\"sk-SK\"},{\"@type\":\"Organization\",\"@id\":\"https:\/\/talkpal.ai\/sk\/#organization\",\"name\":\"Talkpal, Inc.\",\"alternateName\":\"Talkpal AI\",\"url\":\"https:\/\/talkpal.ai\/sk\/\",\"logo\":{\"@type\":\"ImageObject\",\"inLanguage\":\"sk-SK\",\"@id\":\"https:\/\/talkpal.ai\/sk\/#\/schema\/logo\/image\/\",\"url\":\"https:\/\/talkpal.ai\/wp-content\/uploads\/2024\/03\/Talkpal-Logo-Icon.png\",\"contentUrl\":\"https:\/\/talkpal.ai\/wp-content\/uploads\/2024\/03\/Talkpal-Logo-Icon.png\",\"width\":2880,\"height\":2880,\"caption\":\"Talkpal, Inc.\"},\"image\":{\"@id\":\"https:\/\/talkpal.ai\/sk\/#\/schema\/logo\/image\/\"},\"sameAs\":[\"https:\/\/www.facebook.com\/profile.php?id=100090733639311\",\"https:\/\/x.com\/talkpalai\",\"https:\/\/www.linkedin.com\/company\/talkpal\/\",\"https:\/\/www.youtube.com\/@TalkPal\/\",\"https:\/\/www.tiktok.com\/@talkpal\",\"https:\/\/www.instagram.com\/talkpal_ai\/\",\"https:\/\/www.crunchbase.com\/organization\/talkpal-9cde\",\"https:\/\/www.g2.com\/products\/talkpal-for-business\/\",\"https:\/\/www.trustpilot.com\/review\/talkpal.ai\",\"https:\/\/www.capterra.com\/p\/10006800\/TalkPal\/\"],\"description\":\"Talkpal is a language learning web and mobile education app, powered by the latest AI technologies, that provides engaging experiences to its customers in many different languages to help them improve their language skills. Users can chat about unlimited amount of topics with the app and use other modes to practice their language learning.\",\"email\":\"support@talkpal.ai\",\"legalName\":\"Talkpal, Inc.\",\"foundingDate\":\"2023-04-03\",\"duns\":\"118989042\",\"numberOfEmployees\":{\"@type\":\"QuantitativeValue\",\"minValue\":\"11\",\"maxValue\":\"50\"},\"publishingPrinciples\":\"https:\/\/talkpal.ai\/publishing-principles\/\",\"actionableFeedbackPolicy\":\"https:\/\/talkpal.ai\/actionable-feedback-policy\/\",\"correctionsPolicy\":\"https:\/\/talkpal.ai\/corrections-policy\/\",\"ethicsPolicy\":\"https:\/\/talkpal.ai\/ethics-policy\/\",\"diversityPolicy\":\"https:\/\/talkpal.ai\/diversity-policy\/\",\"diversityStaffingReport\":\"https:\/\/talkpal.ai\/diversity-policy\/\"}]}<\/script>\n<!-- \/ Yoast SEO Premium plugin. -->","yoast_head_json":{"title":"Litovsk\u00e1 gramatika - Talkpal","description":"Zistite, ako litovsk\u00e1 gramatika odr\u00e1\u017ea historick\u00e9 bohatstvo a logiku, v\u010faka \u010domu je ide\u00e1lnym \u0161t\u00fadiom pre milovn\u00edkov jazyka.","robots":{"index":"index","follow":"follow","max-snippet":"max-snippet:-1","max-image-preview":"max-image-preview:large","max-video-preview":"max-video-preview:-1"},"canonical":"https:\/\/talkpal.ai\/sk\/litovska-gramatika\/","og_locale":"sk_SK","og_type":"article","og_title":"Litovsk\u00e1 gramatika","og_description":"Litovsk\u00e1 gramatika: fascinuj\u00faca cesta jazykom U\u017e ste niekedy uva\u017eovali o u\u010den\u00ed sa litov\u010diny alebo v\u00e1s jednoducho zaujala jej jedine\u010dn\u00e1 gramatika? Tak to","og_url":"https:\/\/talkpal.ai\/sk\/litovska-gramatika\/","og_site_name":"Talkpal","article_publisher":"https:\/\/www.facebook.com\/profile.php?id=100090733639311","article_modified_time":"2025-12-12T10:42:06+00:00","og_image":[{"width":512,"height":512,"url":"https:\/\/talkpal.ai\/wp-content\/uploads\/2023\/05\/Lithuanian.png","type":"image\/png"}],"twitter_card":"summary_large_image","twitter_site":"@talkpalai","twitter_misc":{"Predpokladan\u00fd \u010das \u010d\u00edtania":"3 min\u00faty"},"schema":{"@context":"https:\/\/schema.org","@graph":[{"@type":"WebPage","@id":"https:\/\/talkpal.ai\/sk\/litovska-gramatika\/","url":"https:\/\/talkpal.ai\/sk\/litovska-gramatika\/","name":"Litovsk\u00e1 gramatika - Talkpal","isPartOf":{"@id":"https:\/\/talkpal.ai\/sk\/#website"},"primaryImageOfPage":{"@id":"https:\/\/talkpal.ai\/sk\/litovska-gramatika\/#primaryimage"},"image":{"@id":"https:\/\/talkpal.ai\/sk\/litovska-gramatika\/#primaryimage"},"thumbnailUrl":"https:\/\/talkpal.ai\/wp-content\/uploads\/2023\/05\/Lithuanian.png","datePublished":"2023-05-14T14:10:42+00:00","dateModified":"2025-12-12T10:42:06+00:00","description":"Zistite, ako litovsk\u00e1 gramatika odr\u00e1\u017ea historick\u00e9 bohatstvo a logiku, v\u010faka \u010domu je ide\u00e1lnym \u0161t\u00fadiom pre milovn\u00edkov jazyka.","breadcrumb":{"@id":"https:\/\/talkpal.ai\/sk\/litovska-gramatika\/#breadcrumb"},"inLanguage":"sk-SK","potentialAction":[{"@type":"ReadAction","target":["https:\/\/talkpal.ai\/sk\/litovska-gramatika\/"]}]},{"@type":"ImageObject","inLanguage":"sk-SK","@id":"https:\/\/talkpal.ai\/sk\/litovska-gramatika\/#primaryimage","url":"https:\/\/talkpal.ai\/wp-content\/uploads\/2023\/05\/Lithuanian.png","contentUrl":"https:\/\/talkpal.ai\/wp-content\/uploads\/2023\/05\/Lithuanian.png","width":512,"height":512},{"@type":"BreadcrumbList","@id":"https:\/\/talkpal.ai\/sk\/litovska-gramatika\/#breadcrumb","itemListElement":[{"@type":"ListItem","position":1,"name":"Homepage","item":"https:\/\/talkpal.ai\/sk\/"},{"@type":"ListItem","position":2,"name":"Litovsk\u00e1 gramatika"}]},{"@type":"WebSite","@id":"https:\/\/talkpal.ai\/sk\/#website","url":"https:\/\/talkpal.ai\/sk\/","name":"Talkpal","description":"AI Language Learning","publisher":{"@id":"https:\/\/talkpal.ai\/sk\/#organization"},"alternateName":"Talkpal AI","potentialAction":[{"@type":"SearchAction","target":{"@type":"EntryPoint","urlTemplate":"https:\/\/talkpal.ai\/sk\/?s={search_term_string}"},"query-input":{"@type":"PropertyValueSpecification","valueRequired":true,"valueName":"search_term_string"}}],"inLanguage":"sk-SK"},{"@type":"Organization","@id":"https:\/\/talkpal.ai\/sk\/#organization","name":"Talkpal, Inc.","alternateName":"Talkpal AI","url":"https:\/\/talkpal.ai\/sk\/","logo":{"@type":"ImageObject","inLanguage":"sk-SK","@id":"https:\/\/talkpal.ai\/sk\/#\/schema\/logo\/image\/","url":"https:\/\/talkpal.ai\/wp-content\/uploads\/2024\/03\/Talkpal-Logo-Icon.png","contentUrl":"https:\/\/talkpal.ai\/wp-content\/uploads\/2024\/03\/Talkpal-Logo-Icon.png","width":2880,"height":2880,"caption":"Talkpal, Inc."},"image":{"@id":"https:\/\/talkpal.ai\/sk\/#\/schema\/logo\/image\/"},"sameAs":["https:\/\/www.facebook.com\/profile.php?id=100090733639311","https:\/\/x.com\/talkpalai","https:\/\/www.linkedin.com\/company\/talkpal\/","https:\/\/www.youtube.com\/@TalkPal\/","https:\/\/www.tiktok.com\/@talkpal","https:\/\/www.instagram.com\/talkpal_ai\/","https:\/\/www.crunchbase.com\/organization\/talkpal-9cde","https:\/\/www.g2.com\/products\/talkpal-for-business\/","https:\/\/www.trustpilot.com\/review\/talkpal.ai","https:\/\/www.capterra.com\/p\/10006800\/TalkPal\/"],"description":"Talkpal is a language learning web and mobile education app, powered by the latest AI technologies, that provides engaging experiences to its customers in many different languages to help them improve their language skills. Users can chat about unlimited amount of topics with the app and use other modes to practice their language learning.","email":"support@talkpal.ai","legalName":"Talkpal, Inc.","foundingDate":"2023-04-03","duns":"118989042","numberOfEmployees":{"@type":"QuantitativeValue","minValue":"11","maxValue":"50"},"publishingPrinciples":"https:\/\/talkpal.ai\/publishing-principles\/","actionableFeedbackPolicy":"https:\/\/talkpal.ai\/actionable-feedback-policy\/","correctionsPolicy":"https:\/\/talkpal.ai\/corrections-policy\/","ethicsPolicy":"https:\/\/talkpal.ai\/ethics-policy\/","diversityPolicy":"https:\/\/talkpal.ai\/diversity-policy\/","diversityStaffingReport":"https:\/\/talkpal.ai\/diversity-policy\/"}]}},"_links":{"self":[{"href":"https:\/\/talkpal.ai\/sk\/wp-json\/wp\/v2\/pages\/146092","targetHints":{"allow":["GET"]}}],"collection":[{"href":"https:\/\/talkpal.ai\/sk\/wp-json\/wp\/v2\/pages"}],"about":[{"href":"https:\/\/talkpal.ai\/sk\/wp-json\/wp\/v2\/types\/page"}],"author":[{"embeddable":true,"href":"https:\/\/talkpal.ai\/sk\/wp-json\/wp\/v2\/users\/1"}],"replies":[{"embeddable":true,"href":"https:\/\/talkpal.ai\/sk\/wp-json\/wp\/v2\/comments?post=146092"}],"version-history":[{"count":0,"href":"https:\/\/talkpal.ai\/sk\/wp-json\/wp\/v2\/pages\/146092\/revisions"}],"wp:featuredmedia":[{"embeddable":true,"href":"https:\/\/talkpal.ai\/sk\/wp-json\/wp\/v2\/media\/114749"}],"wp:attachment":[{"href":"https:\/\/talkpal.ai\/sk\/wp-json\/wp\/v2\/media?parent=146092"}],"curies":[{"name":"wp","href":"https:\/\/api.w.org\/{rel}","templated":true}]}}