{"id":145805,"date":"2023-05-14T14:10:24","date_gmt":"2023-05-14T14:10:24","guid":{"rendered":"http:\/\/talkpal.ai\/lotysska-gramatika\/"},"modified":"2025-12-17T17:10:52","modified_gmt":"2025-12-17T17:10:52","slug":"lotysska-gramatika","status":"publish","type":"page","link":"https:\/\/talkpal.ai\/sk\/lotysska-gramatika\/","title":{"rendered":"Loty\u0161sk\u00e1 gramatika"},"content":{"rendered":"\r\n\r\n\r\n<section class=\"languageChallengeSection\">\r\n    <div class=\"languageInfoWrapper\">\r\n        \r\n        <h1>Loty\u0161sk\u00e1 gramatika<\/h1>\r\n        <p>Objavte jedine\u010dn\u00fd svet loty\u0161skej gramatiky a spoznajte kr\u00e1su jedn\u00e9ho z naj\u017eiv\u0161\u00edch jazykov pobaltsk\u00e9ho regi\u00f3nu. Ak pochop\u00edte jeho \u0161trukt\u00faru a pravidl\u00e1, posiln\u00edte svoje sebavedomie a komunika\u010dn\u00e9 zru\u010dnosti. Za\u010dnite sa u\u010di\u0165 loty\u0161sk\u00fa gramatiku e\u0161te dnes a urobte prv\u00fd krok k plynulosti!\n\n<\/p>\r\n\r\n                            <a class=\"getStartedHidden\" href=\"https:\/\/app.talkpal.ai\/sk\/signup?lng=\">Za\u010dni<\/a>\r\n        \r\n    <\/div>\r\n\r\n    <figure>\r\n    <img decoding=\"async\" width=\"768\" height=\"768\" src=\"https:\/\/talkpal.ai\/wp-content\/uploads\/2023\/06\/latvian-768x768.png\" class=\"languageImage no-lazy\" alt=\"Language learning to access more cultures\" fetchpriority=\"high\" sizes=\"(max-width: 768px) 150px, 768px\" srcset=\"https:\/\/talkpal.ai\/wp-content\/uploads\/2023\/06\/latvian-768x768.png 768w, https:\/\/talkpal.ai\/wp-content\/uploads\/2023\/06\/latvian-300x300.png 300w\" \/>\r\n    \r\n\r\n    <\/figure>\r\n\r\n            <a class=\"getStartedVisible\" href=\"https:\/\/app.talkpal.ai\/sk\/signup?lng=\">Za\u010dni<\/a>\r\n    \r\n<\/section>\r\n<section class=\"promotionalBanner\">\r\n    <p class=\"promotionalText\">Najefekt\u00edvnej\u0161\u00ed sp\u00f4sob, ako sa nau\u010di\u0165 jazyk<\/p>\r\n    <a class=\"promotionalLink\" href=\"https:\/\/app.talkpal.ai\/sk\/signup?lng=\">Vysk\u00fa\u0161ajte Talkpal zadarmo<\/a>\r\n<\/section>\n<div class=\"wp-block-group pageContainerStyle\"><div class=\"wp-block-group__inner-container is-layout-constrained wp-block-group-is-layout-constrained\">\n<h2 class=\"wp-block-heading\" id=\"h-the-ultimate-guide-to-latvian-grammar-navigating-the-intricacies-of-a-unique-language\">Kone\u010dn\u00fd sprievodca loty\u0161skou gramatikou: navig\u00e1cia v zlo\u017eitosti jedine\u010dn\u00e9ho jazyka<\/h2>\n\n\n\n<p><a href=\"https:\/\/talkpal.ai\/latvian-grammar\/\">Loty\u0161sk\u00e1 gramatika<\/a>, rovnako ako samotn\u00fd jazyk, predstavuje bohat\u00fa a fascinuj\u00facu tapis\u00e9riu jazykov\u00fdch prvkov. <a href=\"https:\/\/talkpal.ai\/learn-latvian\/\">Loty\u0161tina<\/a> ako baltsk\u00fd jazyk nadchne \u0161tudentov svojimi rozmanit\u00fdmi \u010drtami a v\u00fdzvou aj pre t\u00fdch najzdatnej\u0161\u00edch re\u010dn\u00edkov. V tejto pr\u00edru\u010dke sa zozn\u00e1mite s k\u013e\u00fa\u010dov\u00fdmi z\u00e1sadami loty\u0161skej gramatiky, objasn\u00edme jej zlo\u017eitos\u0165 a podpor\u00edme v\u00e1s na ceste k plynul\u00e9mu ovl\u00e1daniu tohto podmaniv\u00e9ho jazyka. Za\u010dnime!<\/p>\n\n\n\n<h3 class=\"wp-block-heading\" id=\"h-the-nuts-and-bolts-latvian-sentence-structure\">Matice a skrutky: loty\u0161sk\u00e1 vetn\u00e1 \u0161trukt\u00fara<\/h3>\n\n\n\n<p>Vo svojej podstate je <a href=\"https:\/\/talkpal.ai\/latvian-grammar\/\">loty\u0161sk\u00e1 gramatika<\/a> pomerne jednoduch\u00e1. Jazyk sa vo v\u0161eobecnosti riadi vetnou \u0161trukt\u00farou subjekt-sloveso-objekt (SVO), podobne ako <a href=\"https:\/\/talkpal.ai\/learn-english-with-ai\/\">angli\u010dtina<\/a> a mnoho \u010fal\u0161\u00edch jazykov. Napr\u00edklad veta &#8222;Jem jablko&#8220; sa preklad\u00e1 ako &#8222;Es \u0113du \u0101bolu&#8220; (Es \u0113du \u0101bolu). Jednoduch\u00e9, v\u0161ak? Ke\u010f v\u0161ak prenikneme hlb\u0161ie, naraz\u00edte na niektor\u00e9 zauj\u00edmav\u00e9 a charakteristick\u00e9 \u010drty loty\u0161skej gramatiky.<\/p>\n\n\n\n<h3 class=\"wp-block-heading\" id=\"h-meet-the-family-latvian-nouns-and-their-cases\">Zozn\u00e1mte sa s rodinou: loty\u0161sk\u00e9 podstatn\u00e9 men\u00e1 a ich pr\u00edpady<\/h3>\n\n\n\n<p>Jednou z najviac m\u00e4t\u00facich charakterist\u00edk loty\u0161skej gramatiky pre anglicky hovoriacich je pojem gramatick\u00e9 p\u00e1dy. V loty\u0161tine existuje sedem pr\u00edpadov: nominat\u00edv, genit\u00edv, dat\u00edv, akuzat\u00edv, lokat\u00edv, in\u0161trument\u00e1lny a vokat\u00edv. Ka\u017ed\u00fd pr\u00edpad m\u00e1 svoju vlastn\u00fa funkciu a ovplyv\u0148uje formu podstatn\u00fdch mien, pr\u00eddavn\u00fdch mien, z\u00e1men a niekedy aj slovies.<\/p>\n\n\n\n<p>Vezmime si napr\u00edklad slovo &#8222;\u0101bols&#8220; (\u0101bols), ktor\u00e9 znamen\u00e1 &#8222;jablko&#8220;:<\/p>\n\n\n\n<p><strong>&#8211; Nominat\u00edv (pou\u017e\u00edva sa pre predmety): \u0101bols<\/strong><\/p>\n\n\n\n<p><strong>&#8211; Genit\u00edv (pou\u017e\u00edva sa pre vlastn\u00edctvo): \u0101bola .<\/strong><\/p>\n\n\n\n<p><strong>&#8211; Dat\u00edv (pou\u017e\u00edva sa pre nepriame predmety): \u0101bolam<\/strong><\/p>\n\n\n\n<p><strong>&#8211; Akuzat\u00edvny p\u00e1d (pou\u017e\u00edva sa pre priame predmety): \u0101bolu<\/strong><\/p>\n\n\n\n<p><strong>&#8211; P\u00e1d lok\u00e1lu (pou\u017e\u00edva sa na ur\u010denie polohy): \u0101bol\u0101<\/strong><\/p>\n\n\n\n<p><strong>&#8211; In\u0161trument\u00e1l (pou\u017e\u00edva sa pre prostriedky, ktor\u00fdmi sa vykon\u00e1va \u010dinnos\u0165): \u0101bolu\/-iem<\/strong><\/p>\n\n\n\n<p><strong>&#8211; Vokat\u00edv (pou\u017e\u00edva sa na oslovenie niekoho alebo nie\u010doho): \u0101bol<\/strong><\/p>\n\n\n\n<p>Je d\u00f4le\u017eit\u00e9 obozn\u00e1mi\u0165 sa s t\u00fdmito pr\u00edpadmi, preto\u017ee m\u00f4\u017eu v\u00fdrazne zmeni\u0165 v\u00fdznam va\u0161ich viet.<\/p>\n\n\n\n<h3 class=\"wp-block-heading\" id=\"h-playing-with-numbers-latvian-plurals-and-genders\">Hra s \u010d\u00edslami: loty\u0161sk\u00e9 mno\u017en\u00e9 \u010d\u00edslo a rody<\/h3>\n\n\n\n<p>Pri tvoren\u00ed mno\u017en\u00e9ho \u010d\u00edsla v loty\u0161tine je d\u00f4le\u017eit\u00e9 ma\u0165 na pam\u00e4ti rod podstatn\u00e9ho mena. V loty\u0161tine maj\u00fa podstatn\u00e9 men\u00e1 dva rody \u2013 mu\u017esk\u00fd a \u017eensk\u00fd. Pohlavie ovplyv\u0148uje konce podstatn\u00fdch mien, pr\u00eddavn\u00fdch mien, \u010d\u00edslic a ur\u010dit\u00fdch slovesn\u00fdch tvarov.<\/p>\n\n\n\n<p>Vo v\u0161eobecnosti mu\u017esk\u00e9 podstatn\u00e9 men\u00e1 v nominat\u00edve mno\u017en\u00e9ho \u010d\u00edsla kon\u010dia na -i, zatia\u013e \u010do \u017eensk\u00e9 podstatn\u00e9 men\u00e1 kon\u010dia na -as. Napr\u00edklad &#8222;zirgs&#8220; (zirgs, podstatn\u00e9 meno mu\u017esk\u00e9ho rodu s v\u00fdznamom &#8222;k\u00f4\u0148&#8220;) sa men\u00ed na &#8222;zirgi&#8220; (zirgi, kone) a &#8222;sieviete&#8220; (sieviete, podstatn\u00e9 meno \u017eensk\u00e9ho rodu s v\u00fdznamom &#8222;\u017eena&#8220;) sa men\u00ed na &#8222;sievietes&#8220; (sievietes, \u017eeny).<\/p>\n\n\n\n<p>Samozrejme, existuj\u00fa aj v\u00fdnimky, preto je d\u00f4le\u017eit\u00e9 nau\u010di\u0165 sa podstatn\u00e9 men\u00e1 spolu s ich rodmi a pozna\u0165 nepravideln\u00fd plur\u00e1l.<\/p>\n\n\n\n<h3 class=\"wp-block-heading\" id=\"h-the-art-of-conjugation-latvian-verbs\">Umenie \u010dasovania: loty\u0161sk\u00e9 sloves\u00e1<\/h3>\n\n\n\n<p>Loty\u0161sk\u00e9 sloves\u00e1 sa m\u00f4\u017eu spo\u010diatku javi\u0165 sk\u013eu\u010duj\u00face kv\u00f4li ich po\u010detn\u00fdm \u010dasom, n\u00e1lad\u00e1m a \u010dasovaniu. K\u013e\u00fa\u010dom k ich pochopeniu je v\u0161ak rozpozna\u0165 spolo\u010dn\u00e9 vzorce a pravidelne ich praktizova\u0165.<\/p>\n\n\n\n<p>V loty\u0161tine s\u00fa sloves\u00e1 rozdelen\u00e9 do troch skup\u00edn na z\u00e1klade ich infinit\u00edvnych koncoviek, -t, -v\u00e4zby a -v\u00e4zby\/-t. Ka\u017ed\u00e1 skupina m\u00e1 \u0161pecifick\u00e9 pravidl\u00e1 konjug\u00e1cie. Ako pr\u00edklad si zoberme sloveso &#8222;las\u012bt&#8220; (las\u012bt, &#8222;\u010d\u00edta\u0165&#8220;):<\/p>\n\n\n\n<p><strong>Pr\u00edtomn\u00fd \u010das: Es lasu (Es lasu, &#8222;\u010d\u00edtam&#8220;)<\/strong><\/p>\n\n\n\n<p><strong>Minul\u00fd \u010das: Es las\u012bju (Es las\u012bju, &#8222;\u010d\u00edtal som&#8220;)<\/strong><\/p>\n\n\n\n<p><strong>Bud\u00faci \u010das: Es las\u012b\u0161u (Es las\u012b\u0161u, &#8222;budem \u010d\u00edta\u0165&#8220;)<\/strong><\/p>\n\n\n\n<p>Ako vid\u00edte, konce sa menia pod\u013ea \u010dasu. A to e\u0161te ani nie je povrch loty\u0161sk\u00fdch slovies! Nenechajte sa v\u0161ak odradi\u0165. S praxou a trpezlivos\u0165ou za\u010dnete rozpozn\u00e1va\u0165 vzory a zdol\u00e1te t\u00fato v\u00fdzvu.<\/p>\n\n\n\n<h3 class=\"wp-block-heading\" id=\"h-the-finishing-touches-latvian-adjectives-adverbs-and-more\">Posledn\u00e9 \u00fapravy: loty\u0161sk\u00e9 pr\u00eddavn\u00e9 men\u00e1, pr\u00edslovky a \u010fal\u0161ie<\/h3>\n\n\n\n<p>Pokia\u013e ide o loty\u0161sk\u00e9 pr\u00eddavn\u00e9 men\u00e1 a pr\u00edslovky, zohr\u00e1vaj\u00fa rozhoduj\u00facu \u00falohu pri prid\u00e1van\u00ed h\u013abky a zlo\u017eitosti v\u00e1\u0161mu prejavu. Pr\u00eddavn\u00e9 men\u00e1 musia s\u00fahlasi\u0165 s podstatn\u00fdmi menami, ktor\u00e9 upravuj\u00fa z h\u013eadiska rodu a p\u00e1du, s koncovkami, ktor\u00e9 sa pod\u013ea toho l\u00ed\u0161ia.<\/p>\n\n\n\n<p>Napr\u00edklad &#8222;gar\u0161\u012bgs&#8220; (gar\u0161\u012bgs) znamen\u00e1 &#8222;chutn\u00fd&#8220; a m\u00f4\u017eete ho vidie\u0165 ako &#8222;gar\u0161\u012bgs \u0101bols&#8220; (gar\u0161\u012bgs \u0101bols, &#8222;chutn\u00e9 jablko&#8220;) alebo &#8222;gar\u0161\u012bga zupa&#8220; (gar\u0161\u012bga zupa, &#8222;chutn\u00e1 polievka&#8220;), s r\u00f4znymi koncovkami pre podstatn\u00e9 men\u00e1 mu\u017esk\u00e9ho a \u017eensk\u00e9ho rodu.<\/p>\n\n\n\n<p>Pr\u00edslovky sa zvy\u010dajne riadia podobn\u00fdmi vzormi, \u010dasto odvoden\u00fdmi z pr\u00eddavn\u00fdch mien. V loty\u0161tine sa v\u00e4\u010d\u0161ina pr\u00edsloviek kon\u010d\u00ed na -i, \u010do je rovnak\u00fd tvar ako mu\u017esk\u00fd akuzat\u00edv jednotn\u00e9ho \u010d\u00edsla pre pr\u00eddavn\u00e9 men\u00e1.<\/p>\n\n\n\n<p>Na z\u00e1ver mo\u017eno poveda\u0165, \u017ee zlo\u017eitos\u0165 a osobitosti loty\u0161skej gramatiky s\u00fa s\u00edce n\u00e1ro\u010dn\u00e9, ale z\u00e1rove\u0148 dod\u00e1vaj\u00fa jazyku podmaniv\u00fa kr\u00e1su a charakter. V\u010faka kombin\u00e1cii vytrvalosti, zvedavosti a praktick\u00e9ho vyu\u017eitia sa \u010doskoro budete v loty\u0161skej gramatike orientova\u0165 s \u013eahkos\u0165ou a istotou. \u0160\u0165astn\u00e9 u\u010denie!<\/p>\n<\/div><\/div>\n\r\n<section class=\"learnNavigationSection\">\r\n            \r\n        <a href=\"https:\/\/talkpal.ai\/sk\/naucte-sa-lotyssky\/\">\r\n            <div class=\"learnNavigationWrapper\">\r\n                <div class=\"learnNavigationContent\">\r\n                    <img decoding=\"async\" src=\"https:\/\/talkpal.ai\/wp-content\/uploads\/2024\/08\/Latvian.jpg\" alt=\"Latvian Flag\">\r\n                    <div>\r\n                        <h4>O vzdel\u00e1van\u00ed v loty\u0161tine<\/h4>\r\n                        <p>Zistite v\u0161etko o loty\u0161skej gramatike.<\/p>\r\n                    <\/div>\r\n                <\/div>\r\n            <\/div>\r\n        <\/a>\r\n\r\n        \r\n        <a href=\"https:\/\/talkpal.ai\/sk\/lotysske-gramaticke-cvicenia\/\">\r\n            <div class=\"learnNavigationWrapper\">\r\n                <div class=\"learnNavigationContent\">\r\n                    <img decoding=\"async\" src=\"https:\/\/talkpal.ai\/wp-content\/uploads\/2024\/08\/Latvian.jpg\" alt=\"Latvian Flag\">\r\n                    <div>\r\n                        <h4>Cvi\u010denie z loty\u0161skej gramatiky<\/h4>\r\n                        <p>Precvi\u010dte si loty\u0161sk\u00fa gramatiku.<\/p>\r\n                    <\/div>\r\n                <\/div>\r\n            <\/div>\r\n        <\/a>\r\n\r\n        \r\n        <a href=\"https:\/\/talkpal.ai\/vocabulary_language\/latvian\/\">\r\n            <div class=\"learnNavigationWrapper\">\r\n                <div class=\"learnNavigationContent\">\r\n                    <img decoding=\"async\" src=\"https:\/\/talkpal.ai\/wp-content\/uploads\/2024\/08\/Latvian.jpg\" alt=\"Latvian Flag\">\r\n                    <div>\r\n                        <h4>Loty\u0161sk\u00e1 slovn\u00e1 z\u00e1soba<\/h4>\r\n                        <p>Roz\u0161\u00edrte si slovn\u00fa z\u00e1sobu loty\u0161tiny.<\/p>\r\n                    <\/div>\r\n                <\/div>\r\n            <\/div>\r\n        <\/a>\r\n\r\n            <\/section>","protected":false},"excerpt":{"rendered":"<p>Kone\u010dn\u00fd sprievodca loty\u0161skou gramatikou: navig\u00e1cia v zlo\u017eitosti jedine\u010dn\u00e9ho jazyka Loty\u0161sk\u00e1 gramatika, rovnako ako samotn\u00fd jazyk, predstavuje bohat\u00fa a fascinuj\u00facu tapis\u00e9riu jazykov\u00fdch prvkov. Loty\u0161tina ako baltsk\u00fd jazyk nadchne \u0161tudentov svojimi rozmanit\u00fdmi \u010drtami a v\u00fdzvou aj pre t\u00fdch najzdatnej\u0161\u00edch re\u010dn\u00edkov. V tejto pr\u00edru\u010dke sa zozn\u00e1mite s k\u013e\u00fa\u010dov\u00fdmi z\u00e1sadami loty\u0161skej gramatiky, objasn\u00edme jej zlo\u017eitos\u0165 a podpor\u00edme v\u00e1s na [&hellip;]<\/p>\n","protected":false},"author":1,"featured_media":114555,"parent":0,"menu_order":0,"comment_status":"closed","ping_status":"closed","template":"LearningContentPage.php","meta":{"_acf_changed":false,"footnotes":""},"class_list":["post-145805","page","type-page","status-publish","has-post-thumbnail","hentry"],"acf":[],"yoast_head":"<!-- This site is optimized with the Yoast SEO Premium plugin v27.2 (Yoast SEO v27.2) - https:\/\/yoast.com\/product\/yoast-seo-premium-wordpress\/ -->\n<title>Loty\u0161sk\u00e1 gramatika - Talkpal<\/title>\n<meta name=\"description\" content=\"Ovl\u00e1dajte loty\u0161sk\u00fa gramatiku s istotou - nau\u010dte sa pravidl\u00e1, precvi\u010dte si pou\u017e\u00edvanie a zv\u00fd\u0161te presnos\u0165 jazyka jednoducho pomocou Talkpals personalizovan\u00fdm poradenstvom umelej inteligencie.\" \/>\n<meta name=\"robots\" content=\"index, follow, max-snippet:-1, max-image-preview:large, max-video-preview:-1\" \/>\n<link rel=\"canonical\" href=\"https:\/\/talkpal.ai\/sk\/lotysska-gramatika\/\" \/>\n<meta property=\"og:locale\" content=\"sk_SK\" \/>\n<meta property=\"og:type\" content=\"article\" \/>\n<meta property=\"og:title\" content=\"Loty\u0161sk\u00e1 gramatika\" \/>\n<meta property=\"og:description\" content=\"Kone\u010dn\u00fd sprievodca loty\u0161skou gramatikou: navig\u00e1cia v zlo\u017eitosti jedine\u010dn\u00e9ho jazyka Loty\u0161sk\u00e1 gramatika, rovnako ako samotn\u00fd jazyk, predstavuje bohat\u00fa a\" \/>\n<meta property=\"og:url\" content=\"https:\/\/talkpal.ai\/sk\/lotysska-gramatika\/\" \/>\n<meta property=\"og:site_name\" content=\"Talkpal\" \/>\n<meta property=\"article:publisher\" content=\"https:\/\/www.facebook.com\/profile.php?id=100090733639311\" \/>\n<meta property=\"article:modified_time\" content=\"2025-12-17T17:10:52+00:00\" \/>\n<meta property=\"og:image\" content=\"https:\/\/talkpal.ai\/wp-content\/uploads\/2023\/05\/latvia.png\" \/>\n\t<meta property=\"og:image:width\" content=\"512\" \/>\n\t<meta property=\"og:image:height\" content=\"512\" \/>\n\t<meta property=\"og:image:type\" content=\"image\/png\" \/>\n<meta name=\"twitter:card\" content=\"summary_large_image\" \/>\n<meta name=\"twitter:site\" content=\"@talkpalai\" \/>\n<meta name=\"twitter:label1\" content=\"Predpokladan\u00fd \u010das \u010d\u00edtania\" \/>\n\t<meta name=\"twitter:data1\" content=\"4 min\u00faty\" \/>\n<script type=\"application\/ld+json\" class=\"yoast-schema-graph\">{\"@context\":\"https:\/\/schema.org\",\"@graph\":[{\"@type\":\"WebPage\",\"@id\":\"https:\/\/talkpal.ai\/sk\/lotysska-gramatika\/\",\"url\":\"https:\/\/talkpal.ai\/sk\/lotysska-gramatika\/\",\"name\":\"Loty\u0161sk\u00e1 gramatika - Talkpal\",\"isPartOf\":{\"@id\":\"https:\/\/talkpal.ai\/sk\/#website\"},\"primaryImageOfPage\":{\"@id\":\"https:\/\/talkpal.ai\/sk\/lotysska-gramatika\/#primaryimage\"},\"image\":{\"@id\":\"https:\/\/talkpal.ai\/sk\/lotysska-gramatika\/#primaryimage\"},\"thumbnailUrl\":\"https:\/\/talkpal.ai\/wp-content\/uploads\/2023\/05\/latvia.png\",\"datePublished\":\"2023-05-14T14:10:24+00:00\",\"dateModified\":\"2025-12-17T17:10:52+00:00\",\"description\":\"Ovl\u00e1dajte loty\u0161sk\u00fa gramatiku s istotou - nau\u010dte sa pravidl\u00e1, precvi\u010dte si pou\u017e\u00edvanie a zv\u00fd\u0161te presnos\u0165 jazyka jednoducho pomocou Talkpals personalizovan\u00fdm poradenstvom umelej inteligencie.\",\"breadcrumb\":{\"@id\":\"https:\/\/talkpal.ai\/sk\/lotysska-gramatika\/#breadcrumb\"},\"inLanguage\":\"sk-SK\",\"potentialAction\":[{\"@type\":\"ReadAction\",\"target\":[\"https:\/\/talkpal.ai\/sk\/lotysska-gramatika\/\"]}]},{\"@type\":\"ImageObject\",\"inLanguage\":\"sk-SK\",\"@id\":\"https:\/\/talkpal.ai\/sk\/lotysska-gramatika\/#primaryimage\",\"url\":\"https:\/\/talkpal.ai\/wp-content\/uploads\/2023\/05\/latvia.png\",\"contentUrl\":\"https:\/\/talkpal.ai\/wp-content\/uploads\/2023\/05\/latvia.png\",\"width\":512,\"height\":512},{\"@type\":\"BreadcrumbList\",\"@id\":\"https:\/\/talkpal.ai\/sk\/lotysska-gramatika\/#breadcrumb\",\"itemListElement\":[{\"@type\":\"ListItem\",\"position\":1,\"name\":\"Homepage\",\"item\":\"https:\/\/talkpal.ai\/sk\/\"},{\"@type\":\"ListItem\",\"position\":2,\"name\":\"Loty\u0161sk\u00e1 gramatika\"}]},{\"@type\":\"WebSite\",\"@id\":\"https:\/\/talkpal.ai\/sk\/#website\",\"url\":\"https:\/\/talkpal.ai\/sk\/\",\"name\":\"Talkpal\",\"description\":\"AI Language Learning\",\"publisher\":{\"@id\":\"https:\/\/talkpal.ai\/sk\/#organization\"},\"alternateName\":\"Talkpal AI\",\"potentialAction\":[{\"@type\":\"SearchAction\",\"target\":{\"@type\":\"EntryPoint\",\"urlTemplate\":\"https:\/\/talkpal.ai\/sk\/?s={search_term_string}\"},\"query-input\":{\"@type\":\"PropertyValueSpecification\",\"valueRequired\":true,\"valueName\":\"search_term_string\"}}],\"inLanguage\":\"sk-SK\"},{\"@type\":\"Organization\",\"@id\":\"https:\/\/talkpal.ai\/sk\/#organization\",\"name\":\"Talkpal, Inc.\",\"alternateName\":\"Talkpal AI\",\"url\":\"https:\/\/talkpal.ai\/sk\/\",\"logo\":{\"@type\":\"ImageObject\",\"inLanguage\":\"sk-SK\",\"@id\":\"https:\/\/talkpal.ai\/sk\/#\/schema\/logo\/image\/\",\"url\":\"https:\/\/talkpal.ai\/wp-content\/uploads\/2024\/03\/Talkpal-Logo-Icon.png\",\"contentUrl\":\"https:\/\/talkpal.ai\/wp-content\/uploads\/2024\/03\/Talkpal-Logo-Icon.png\",\"width\":2880,\"height\":2880,\"caption\":\"Talkpal, Inc.\"},\"image\":{\"@id\":\"https:\/\/talkpal.ai\/sk\/#\/schema\/logo\/image\/\"},\"sameAs\":[\"https:\/\/www.facebook.com\/profile.php?id=100090733639311\",\"https:\/\/x.com\/talkpalai\",\"https:\/\/www.linkedin.com\/company\/talkpal\/\",\"https:\/\/www.youtube.com\/@TalkPal\/\",\"https:\/\/www.tiktok.com\/@talkpal\",\"https:\/\/www.instagram.com\/talkpal_ai\/\",\"https:\/\/www.crunchbase.com\/organization\/talkpal-9cde\",\"https:\/\/www.g2.com\/products\/talkpal-for-business\/\",\"https:\/\/www.trustpilot.com\/review\/talkpal.ai\",\"https:\/\/www.capterra.com\/p\/10006800\/TalkPal\/\"],\"description\":\"Talkpal is a language learning web and mobile education app, powered by the latest AI technologies, that provides engaging experiences to its customers in many different languages to help them improve their language skills. Users can chat about unlimited amount of topics with the app and use other modes to practice their language learning.\",\"email\":\"support@talkpal.ai\",\"legalName\":\"Talkpal, Inc.\",\"foundingDate\":\"2023-04-03\",\"duns\":\"118989042\",\"numberOfEmployees\":{\"@type\":\"QuantitativeValue\",\"minValue\":\"11\",\"maxValue\":\"50\"},\"publishingPrinciples\":\"https:\/\/talkpal.ai\/publishing-principles\/\",\"actionableFeedbackPolicy\":\"https:\/\/talkpal.ai\/actionable-feedback-policy\/\",\"correctionsPolicy\":\"https:\/\/talkpal.ai\/corrections-policy\/\",\"ethicsPolicy\":\"https:\/\/talkpal.ai\/ethics-policy\/\",\"diversityPolicy\":\"https:\/\/talkpal.ai\/diversity-policy\/\",\"diversityStaffingReport\":\"https:\/\/talkpal.ai\/diversity-policy\/\"}]}<\/script>\n<!-- \/ Yoast SEO Premium plugin. -->","yoast_head_json":{"title":"Loty\u0161sk\u00e1 gramatika - Talkpal","description":"Ovl\u00e1dajte loty\u0161sk\u00fa gramatiku s istotou - nau\u010dte sa pravidl\u00e1, precvi\u010dte si pou\u017e\u00edvanie a zv\u00fd\u0161te presnos\u0165 jazyka jednoducho pomocou Talkpals personalizovan\u00fdm poradenstvom umelej inteligencie.","robots":{"index":"index","follow":"follow","max-snippet":"max-snippet:-1","max-image-preview":"max-image-preview:large","max-video-preview":"max-video-preview:-1"},"canonical":"https:\/\/talkpal.ai\/sk\/lotysska-gramatika\/","og_locale":"sk_SK","og_type":"article","og_title":"Loty\u0161sk\u00e1 gramatika","og_description":"Kone\u010dn\u00fd sprievodca loty\u0161skou gramatikou: navig\u00e1cia v zlo\u017eitosti jedine\u010dn\u00e9ho jazyka Loty\u0161sk\u00e1 gramatika, rovnako ako samotn\u00fd jazyk, predstavuje bohat\u00fa a","og_url":"https:\/\/talkpal.ai\/sk\/lotysska-gramatika\/","og_site_name":"Talkpal","article_publisher":"https:\/\/www.facebook.com\/profile.php?id=100090733639311","article_modified_time":"2025-12-17T17:10:52+00:00","og_image":[{"width":512,"height":512,"url":"https:\/\/talkpal.ai\/wp-content\/uploads\/2023\/05\/latvia.png","type":"image\/png"}],"twitter_card":"summary_large_image","twitter_site":"@talkpalai","twitter_misc":{"Predpokladan\u00fd \u010das \u010d\u00edtania":"4 min\u00faty"},"schema":{"@context":"https:\/\/schema.org","@graph":[{"@type":"WebPage","@id":"https:\/\/talkpal.ai\/sk\/lotysska-gramatika\/","url":"https:\/\/talkpal.ai\/sk\/lotysska-gramatika\/","name":"Loty\u0161sk\u00e1 gramatika - Talkpal","isPartOf":{"@id":"https:\/\/talkpal.ai\/sk\/#website"},"primaryImageOfPage":{"@id":"https:\/\/talkpal.ai\/sk\/lotysska-gramatika\/#primaryimage"},"image":{"@id":"https:\/\/talkpal.ai\/sk\/lotysska-gramatika\/#primaryimage"},"thumbnailUrl":"https:\/\/talkpal.ai\/wp-content\/uploads\/2023\/05\/latvia.png","datePublished":"2023-05-14T14:10:24+00:00","dateModified":"2025-12-17T17:10:52+00:00","description":"Ovl\u00e1dajte loty\u0161sk\u00fa gramatiku s istotou - nau\u010dte sa pravidl\u00e1, precvi\u010dte si pou\u017e\u00edvanie a zv\u00fd\u0161te presnos\u0165 jazyka jednoducho pomocou Talkpals personalizovan\u00fdm poradenstvom umelej inteligencie.","breadcrumb":{"@id":"https:\/\/talkpal.ai\/sk\/lotysska-gramatika\/#breadcrumb"},"inLanguage":"sk-SK","potentialAction":[{"@type":"ReadAction","target":["https:\/\/talkpal.ai\/sk\/lotysska-gramatika\/"]}]},{"@type":"ImageObject","inLanguage":"sk-SK","@id":"https:\/\/talkpal.ai\/sk\/lotysska-gramatika\/#primaryimage","url":"https:\/\/talkpal.ai\/wp-content\/uploads\/2023\/05\/latvia.png","contentUrl":"https:\/\/talkpal.ai\/wp-content\/uploads\/2023\/05\/latvia.png","width":512,"height":512},{"@type":"BreadcrumbList","@id":"https:\/\/talkpal.ai\/sk\/lotysska-gramatika\/#breadcrumb","itemListElement":[{"@type":"ListItem","position":1,"name":"Homepage","item":"https:\/\/talkpal.ai\/sk\/"},{"@type":"ListItem","position":2,"name":"Loty\u0161sk\u00e1 gramatika"}]},{"@type":"WebSite","@id":"https:\/\/talkpal.ai\/sk\/#website","url":"https:\/\/talkpal.ai\/sk\/","name":"Talkpal","description":"AI Language Learning","publisher":{"@id":"https:\/\/talkpal.ai\/sk\/#organization"},"alternateName":"Talkpal AI","potentialAction":[{"@type":"SearchAction","target":{"@type":"EntryPoint","urlTemplate":"https:\/\/talkpal.ai\/sk\/?s={search_term_string}"},"query-input":{"@type":"PropertyValueSpecification","valueRequired":true,"valueName":"search_term_string"}}],"inLanguage":"sk-SK"},{"@type":"Organization","@id":"https:\/\/talkpal.ai\/sk\/#organization","name":"Talkpal, Inc.","alternateName":"Talkpal AI","url":"https:\/\/talkpal.ai\/sk\/","logo":{"@type":"ImageObject","inLanguage":"sk-SK","@id":"https:\/\/talkpal.ai\/sk\/#\/schema\/logo\/image\/","url":"https:\/\/talkpal.ai\/wp-content\/uploads\/2024\/03\/Talkpal-Logo-Icon.png","contentUrl":"https:\/\/talkpal.ai\/wp-content\/uploads\/2024\/03\/Talkpal-Logo-Icon.png","width":2880,"height":2880,"caption":"Talkpal, Inc."},"image":{"@id":"https:\/\/talkpal.ai\/sk\/#\/schema\/logo\/image\/"},"sameAs":["https:\/\/www.facebook.com\/profile.php?id=100090733639311","https:\/\/x.com\/talkpalai","https:\/\/www.linkedin.com\/company\/talkpal\/","https:\/\/www.youtube.com\/@TalkPal\/","https:\/\/www.tiktok.com\/@talkpal","https:\/\/www.instagram.com\/talkpal_ai\/","https:\/\/www.crunchbase.com\/organization\/talkpal-9cde","https:\/\/www.g2.com\/products\/talkpal-for-business\/","https:\/\/www.trustpilot.com\/review\/talkpal.ai","https:\/\/www.capterra.com\/p\/10006800\/TalkPal\/"],"description":"Talkpal is a language learning web and mobile education app, powered by the latest AI technologies, that provides engaging experiences to its customers in many different languages to help them improve their language skills. Users can chat about unlimited amount of topics with the app and use other modes to practice their language learning.","email":"support@talkpal.ai","legalName":"Talkpal, Inc.","foundingDate":"2023-04-03","duns":"118989042","numberOfEmployees":{"@type":"QuantitativeValue","minValue":"11","maxValue":"50"},"publishingPrinciples":"https:\/\/talkpal.ai\/publishing-principles\/","actionableFeedbackPolicy":"https:\/\/talkpal.ai\/actionable-feedback-policy\/","correctionsPolicy":"https:\/\/talkpal.ai\/corrections-policy\/","ethicsPolicy":"https:\/\/talkpal.ai\/ethics-policy\/","diversityPolicy":"https:\/\/talkpal.ai\/diversity-policy\/","diversityStaffingReport":"https:\/\/talkpal.ai\/diversity-policy\/"}]}},"_links":{"self":[{"href":"https:\/\/talkpal.ai\/sk\/wp-json\/wp\/v2\/pages\/145805","targetHints":{"allow":["GET"]}}],"collection":[{"href":"https:\/\/talkpal.ai\/sk\/wp-json\/wp\/v2\/pages"}],"about":[{"href":"https:\/\/talkpal.ai\/sk\/wp-json\/wp\/v2\/types\/page"}],"author":[{"embeddable":true,"href":"https:\/\/talkpal.ai\/sk\/wp-json\/wp\/v2\/users\/1"}],"replies":[{"embeddable":true,"href":"https:\/\/talkpal.ai\/sk\/wp-json\/wp\/v2\/comments?post=145805"}],"version-history":[{"count":0,"href":"https:\/\/talkpal.ai\/sk\/wp-json\/wp\/v2\/pages\/145805\/revisions"}],"wp:featuredmedia":[{"embeddable":true,"href":"https:\/\/talkpal.ai\/sk\/wp-json\/wp\/v2\/media\/114555"}],"wp:attachment":[{"href":"https:\/\/talkpal.ai\/sk\/wp-json\/wp\/v2\/media?parent=145805"}],"curies":[{"name":"wp","href":"https:\/\/api.w.org\/{rel}","templated":true}]}}