{"id":145459,"date":"2023-05-14T14:09:47","date_gmt":"2023-05-14T14:09:47","guid":{"rendered":"http:\/\/talkpal.ai\/kannadska-gramatika\/"},"modified":"2025-12-11T16:21:22","modified_gmt":"2025-12-11T16:21:22","slug":"kannadska-gramatika","status":"publish","type":"page","link":"https:\/\/talkpal.ai\/sk\/kannadska-gramatika\/","title":{"rendered":"Kannadsk\u00e1 gramatika"},"content":{"rendered":"\r\n\r\n\r\n<section class=\"languageChallengeSection\">\r\n    <div class=\"languageInfoWrapper\">\r\n        \r\n        <h1>Kannadsk\u00e1 gramatika<\/h1>\r\n        <p>Te\u0161\u00edte sa na kannad\u010dinu? Ponorte sa do gramatiky kannad\u010diny, ktor\u00e1 obsahuje bohat\u00e9 slovesn\u00e9 tvary, podstatn\u00e9 men\u00e1 v rodov\u00fdch tvaroch a logick\u00fd syst\u00e9m p\u00e1dov, ktor\u00fd o\u017eivuje jazyk. Za\u010dnite sa u\u010di\u0165 e\u0161te dnes &#8211; zvl\u00e1dnutie gramatiky kannady v\u00e1m poskytne n\u00e1stroje, ktor\u00e9 v\u00e1m umo\u017enia hlb\u0161ie sa spoji\u0165 s \u017eivou kult\u00farou Karn\u00e1taky a s istotou komunikova\u0165 v jednom z najv\u00fdraznej\u0161\u00edch jazykov ju\u017enej Indie!<\/p>\r\n\r\n                            <a class=\"getStartedHidden\" href=\"https:\/\/app.talkpal.ai\/sk\/signup?lng=\">Za\u010dni<\/a>\r\n        \r\n    <\/div>\r\n\r\n    <figure>\r\n    <img decoding=\"async\" width=\"768\" height=\"768\" src=\"https:\/\/talkpal.ai\/wp-content\/uploads\/2023\/06\/Kannada-768x768.png\" class=\"languageImage no-lazy\" alt=\"Language learning for increased mental flexibility\" fetchpriority=\"high\" sizes=\"(max-width: 768px) 150px, 768px\" srcset=\"https:\/\/talkpal.ai\/wp-content\/uploads\/2023\/06\/Kannada-768x768.png 768w, https:\/\/talkpal.ai\/wp-content\/uploads\/2023\/06\/Kannada-300x300.png 300w\" \/>\r\n    \r\n\r\n    <\/figure>\r\n\r\n            <a class=\"getStartedVisible\" href=\"https:\/\/app.talkpal.ai\/sk\/signup?lng=\">Za\u010dni<\/a>\r\n    \r\n<\/section>\r\n<section class=\"promotionalBanner\">\r\n    <p class=\"promotionalText\">Najefekt\u00edvnej\u0161\u00ed sp\u00f4sob, ako sa nau\u010di\u0165 jazyk<\/p>\r\n    <a class=\"promotionalLink\" href=\"https:\/\/app.talkpal.ai\/sk\/signup?lng=\">Vysk\u00fa\u0161ajte Talkpal zadarmo<\/a>\r\n<\/section>\n<div class=\"wp-block-group pageContainerStyle\"><div class=\"wp-block-group__inner-container is-layout-constrained wp-block-group-is-layout-constrained\">\n<h2 class=\"wp-block-heading\" id=\"h-kannada-grammar-an-insight-into-the-richness-of-the-dravidian-language\">Kannadsk\u00e1 gramatika: Poh\u013ead na bohatstvo dravidsk\u00e9ho jazyka<\/h2>\n\n\n\n<p>Zamysleli ste sa niekedy nad jazykovou rozmanitos\u0165ou Indie? Ako jazykov\u00fd nad\u0161enec alebo zvedav\u00fd \u0161tudent by v\u00e1s mohol zauj\u00edma\u0165 bli\u017e\u0161\u00ed poh\u013ead na jeden z klasick\u00fdch jazykov Indie &#8211; kannad\u010dinu. <a href=\"https:\/\/talkpal.ai\/learn-kannada\/\">Kannad\u010dina<\/a> je dr\u00e1vidsk\u00fd jazyk, ktor\u00fdm sa hovor\u00ed preva\u017ene v ju\u017enom \u0161t\u00e1te Karn\u00e1taka. Je rodn\u00fdm jazykom pribli\u017ene 44 mili\u00f3nov \u013eud\u00ed, \u010do z neho rob\u00ed jeden z hlavn\u00fdch indick\u00fdch jazykov. Ponorme sa hlb\u0161ie do fascinuj\u00faceho sveta gramatiky kannady a dozvieme sa viac o tomto kr\u00e1snom jazyku.<\/p>\n\n\n\n<h3 class=\"wp-block-heading\" id=\"h-the-linguistic-alphabet-kannada-script\">Jazykov\u00e1 abeceda: kannadsk\u00e9 p\u00edsmo<\/h3>\n\n\n\n<p>Kannadsk\u00e9 p\u00edsmo, zn\u00e1me aj ako &#8222;\u0c95\u0ca8\u0ccd\u0ca8\u0ca1 \u0cb2\u0cbf\u0caa\u0cbf&#8220; (Kannada Lipi), je abugida &#8211; syst\u00e9m p\u00edsma so slabi\u010dn\u00fdmi abecedami. Ka\u017ed\u00e9 p\u00edsmeno predstavuje in\u00fa kombin\u00e1ciu spoluhl\u00e1sky a samohl\u00e1sky. Skript pozost\u00e1va zo 49 znakov, z toho 34 spoluhl\u00e1sok a 13 samohl\u00e1sok. Kannadsk\u00e9 p\u00edsmo s vizu\u00e1lne odli\u0161n\u00fdm vzh\u013eadom je \u00fa\u017easne jedine\u010dn\u00fdm sp\u00f4sobom vyjadrenia zvukov a v\u00fdznamov jazyka.<\/p>\n\n\n\n<h3 class=\"wp-block-heading\" id=\"h-nouns-pronouns-and-cases-more-than-meets-the-eye\">Podstatn\u00e9 men\u00e1, z\u00e1men\u00e1 a p\u00e1dy \u2013 viac, ako sa na prv\u00fd poh\u013ead zd\u00e1<\/h3>\n\n\n\n<p>Kannadsk\u00e9 podstatn\u00e9 men\u00e1 s\u00fa jedine\u010dn\u00e9 v\u010faka svojmu syst\u00e9mu sklo\u0148ovania \u2013 riadia sa syst\u00e9mom p\u00e1dov podobne ako in\u00e9 dr\u00e1vidsk\u00e9 <a href=\"https:\/\/talkpal.ai\/what-language-is-spoken-on-the-international-space-station\/\">jazyky<\/a>. V Kannade je osem pr\u00edpadov, ktor\u00e9 pom\u00e1haj\u00fa definova\u0165 vz\u0165ah medzi podstatn\u00fdm menom a ostatn\u00fdmi slovami vo vete: nominat\u00edv, akuzat\u00edv, in\u0161trument\u00e1l, dat\u00edv, ablat\u00edv, genit\u00edv, lokat\u00edv a vokat\u00edv. Podstatn\u00e9 men\u00e1 v kannad\u010dine s\u00fa tie\u017e klasifikovan\u00e9 pod\u013ea pohlavia (mu\u017esk\u00fd, \u017eensk\u00fd a kastrovan\u00fd) a \u010d\u00edsla (jednotn\u00e9, mno\u017en\u00e9 \u010d\u00edslo a du\u00e1lne &#8211; zriedkav\u00fd znak medzi indick\u00fdmi jazykmi).<\/p>\n\n\n\n<p>Z\u00e1men\u00e1 v Kannade s\u00fa tie\u017e fascinuj\u00face. Nes\u00fa rozdiely pre ka\u017ed\u00fa osobu (prv\u00fa, druh\u00fa a tretiu), \u010d\u00edslo (jednotn\u00e9, mno\u017en\u00e9 \u010d\u00edslo a du\u00e1lne) a pohlavie (mu\u017esk\u00e9, \u017eensk\u00e9 a kastrovan\u00e9). Okrem toho m\u00e1 kannad\u010dina nieko\u013eko \u010destn\u00fdch foriem oslovenia, \u010do dokazuje kult\u00farne aspekty \u00facty a zdvorilosti v tomto jazyku.<\/p>\n\n\n\n<h3 class=\"wp-block-heading\" id=\"h-venturing-into-verbs-tenses-aspects-and-moods\">P\u00fa\u0161\u0165anie sa do slovies: \u010dasy, aspekty a n\u00e1lady<\/h3>\n\n\n\n<p>Kannadsk\u00e9 sloves\u00e1 sa vyzna\u010duj\u00fa bohat\u00fdm syst\u00e9mom konjug\u00e1cie. Sloves\u00e1 sa konjuguj\u00fa pod\u013ea \u010dasu (minul\u00fd, pr\u00edtomn\u00fd a bud\u00faci), aspektu (dokonav\u00fd alebo nedokonal\u00fd) a n\u00e1lady (indikat\u00edvny, imperat\u00edvny a podmienen\u00fd). \u010eal\u0161ia zlo\u017eitos\u0165 sa prid\u00e1va s pr\u00edtomnos\u0165ou pr\u00ed\u010dinn\u00fdch slovies a pas\u00edvnych a akt\u00edvnych hlasov. \u010casovanie z\u00e1vis\u00ed od osoby, \u010d\u00edsla a pohlavia, v\u010faka \u010domu s\u00fa kannadsk\u00e9 slovesn\u00e9 tvary vysoko sklo\u0148ovan\u00e9 a zlo\u017eit\u00e9.<\/p>\n\n\n\n<h3 class=\"wp-block-heading\" id=\"h-adjectives-adverbs-and-more\">Pr\u00eddavn\u00e9 men\u00e1, pr\u00edslovky a \u010fal\u0161ie<\/h3>\n\n\n\n<p>Kannadsk\u00e9 pr\u00eddavn\u00e9 men\u00e1 a \u010d\u00edslice s\u00fahlasia s podstatn\u00fdmi menami, ktor\u00e9 upravuj\u00fa z h\u013eadiska pohlavia, \u010d\u00edsla a p\u00e1du. Pr\u00eddavn\u00e9 men\u00e1 sa m\u00f4\u017eu sklo\u0148ova\u0165 rovnak\u00fdm sp\u00f4sobom ako podstatn\u00e9 men\u00e1 a m\u00f4\u017eu sa dokonca kombinova\u0165 do pr\u00edsloviek. Jazyk tie\u017e pou\u017e\u00edva r\u00f4zne spojenia, \u010dastice a predlo\u017eky, aby spojil vety a ich zlo\u017eky do s\u00fadr\u017en\u00e9ho a expres\u00edvneho celku.<\/p>\n\n\n\n<h3 class=\"wp-block-heading\" id=\"h-embracing-the-beauty-of-kannada-grammar\">Objatie kr\u00e1sy kannadskej gramatiky<\/h3>\n\n\n\n<p>Svet kannadskej gramatiky je rovnako fascinuj\u00faci ako zlo\u017eit\u00fd. Zlo\u017eit\u00fd syst\u00e9m p\u00e1dov, jedine\u010dn\u00e9 p\u00edsmo a vysoko sklo\u0148ovan\u00e9 slovesn\u00e9 tvary dod\u00e1vaj\u00fa Kannade jej \u010daro a bohatstvo. Ponoren\u00edm sa do r\u00ed\u0161e tohto vynikaj\u00faceho jazyka z\u00edskate hlb\u0161ie pochopenie jazykovej a kult\u00farnej rozmanitosti Indie.<\/p>\n\n\n\n<p>Pre\u010do teda nepresk\u00fama\u0165 kr\u00e1sy Kannady \u010falej? S v\u00e1\u0161\u0148ou a zvedavos\u0165ou mo\u017eno \u010doskoro zist\u00edte, \u017ee si u\u017e\u00edvate n\u00e1dhern\u00fa literat\u00faru, kino a hudbu v tomto majest\u00e1tnom jazyku. \u0160\u0165astn\u00e9 u\u010denie!<\/p>\n<\/div><\/div>\n\r\n<section class=\"learnNavigationSection\">\r\n            \r\n        <a href=\"https:\/\/talkpal.ai\/sk\/naucte-sa-kannada\/\">\r\n            <div class=\"learnNavigationWrapper\">\r\n                <div class=\"learnNavigationContent\">\r\n                    <img decoding=\"async\" src=\"https:\/\/talkpal.ai\/wp-content\/uploads\/2024\/08\/Kannada.jpg\" alt=\"Indian Simplified Flag\">\r\n                    <div>\r\n                        <h4>O \u0161t\u00fadiu kannad\u010diny<\/h4>\r\n                        <p>Zistite v\u0161etko o kannadskej gramatike.<\/p>\r\n                    <\/div>\r\n                <\/div>\r\n            <\/div>\r\n        <\/a>\r\n\r\n        \r\n        <a href=\"https:\/\/talkpal.ai\/sk\/kannadske-gramaticke-cvicenia\/\">\r\n            <div class=\"learnNavigationWrapper\">\r\n                <div class=\"learnNavigationContent\">\r\n                    <img decoding=\"async\" src=\"https:\/\/talkpal.ai\/wp-content\/uploads\/2024\/08\/Kannada.jpg\" alt=\"Indian Simplified Flag\">\r\n                    <div>\r\n                        <h4>Cvi\u010denie z gramatiky kannad\u010diny<\/h4>\r\n                        <p>Precvi\u010dte si kannadsk\u00fa gramatiku.<\/p>\r\n                    <\/div>\r\n                <\/div>\r\n            <\/div>\r\n        <\/a>\r\n\r\n        \r\n        <a href=\"https:\/\/talkpal.ai\/vocabulary_language\/kannada\/\">\r\n            <div class=\"learnNavigationWrapper\">\r\n                <div class=\"learnNavigationContent\">\r\n                    <img decoding=\"async\" src=\"https:\/\/talkpal.ai\/wp-content\/uploads\/2024\/08\/Kannada.jpg\" alt=\"Indian Simplified Flag\">\r\n                    <div>\r\n                        <h4>Slovn\u00e1 z\u00e1soba kannad\u010diny<\/h4>\r\n                        <p>Roz\u0161\u00edrte si slovn\u00fa z\u00e1sobu kannad\u010diny.<\/p>\r\n                    <\/div>\r\n                <\/div>\r\n            <\/div>\r\n        <\/a>\r\n\r\n            <\/section>","protected":false},"excerpt":{"rendered":"<p>Kannadsk\u00e1 gramatika: Poh\u013ead na bohatstvo dravidsk\u00e9ho jazyka Zamysleli ste sa niekedy nad jazykovou rozmanitos\u0165ou Indie? Ako jazykov\u00fd nad\u0161enec alebo zvedav\u00fd \u0161tudent by v\u00e1s mohol zauj\u00edma\u0165 bli\u017e\u0161\u00ed poh\u013ead na jeden z klasick\u00fdch jazykov Indie &#8211; kannad\u010dinu. Kannad\u010dina je dr\u00e1vidsk\u00fd jazyk, ktor\u00fdm sa hovor\u00ed preva\u017ene v ju\u017enom \u0161t\u00e1te Karn\u00e1taka. Je rodn\u00fdm jazykom pribli\u017ene 44 mili\u00f3nov \u013eud\u00ed, \u010do [&hellip;]<\/p>\n","protected":false},"author":1,"featured_media":113628,"parent":0,"menu_order":0,"comment_status":"closed","ping_status":"closed","template":"LearningContentPage.php","meta":{"_acf_changed":false,"footnotes":""},"class_list":["post-145459","page","type-page","status-publish","has-post-thumbnail","hentry"],"acf":[],"yoast_head":"<!-- This site is optimized with the Yoast SEO Premium plugin v27.2 (Yoast SEO v27.2) - https:\/\/yoast.com\/product\/yoast-seo-premium-wordpress\/ -->\n<title>Kannadsk\u00e1 gramatika - Talkpal<\/title>\n<meta name=\"description\" content=\"U\u010dte sa kannadsk\u00fa gramatiku s istotou - pochopte k\u013e\u00fa\u010dov\u00e9 pravidl\u00e1, zdokona\u013ete stavbu viet a zv\u00fd\u0161te plynulos\u0165\" \/>\n<meta name=\"robots\" content=\"index, follow, max-snippet:-1, max-image-preview:large, max-video-preview:-1\" \/>\n<link rel=\"canonical\" href=\"https:\/\/talkpal.ai\/sk\/kannadska-gramatika\/\" \/>\n<meta property=\"og:locale\" content=\"sk_SK\" \/>\n<meta property=\"og:type\" content=\"article\" \/>\n<meta property=\"og:title\" content=\"Kannadsk\u00e1 gramatika\" \/>\n<meta property=\"og:description\" content=\"Kannadsk\u00e1 gramatika: Poh\u013ead na bohatstvo dravidsk\u00e9ho jazyka Zamysleli ste sa niekedy nad jazykovou rozmanitos\u0165ou Indie? Ako jazykov\u00fd nad\u0161enec alebo\" \/>\n<meta property=\"og:url\" content=\"https:\/\/talkpal.ai\/sk\/kannadska-gramatika\/\" \/>\n<meta property=\"og:site_name\" content=\"Talkpal\" \/>\n<meta property=\"article:publisher\" content=\"https:\/\/www.facebook.com\/profile.php?id=100090733639311\" \/>\n<meta property=\"article:modified_time\" content=\"2025-12-11T16:21:22+00:00\" \/>\n<meta property=\"og:image\" content=\"https:\/\/talkpal.ai\/wp-content\/uploads\/2023\/05\/Kannada-india.png\" \/>\n\t<meta property=\"og:image:width\" content=\"512\" \/>\n\t<meta property=\"og:image:height\" content=\"512\" \/>\n\t<meta property=\"og:image:type\" content=\"image\/png\" \/>\n<meta name=\"twitter:card\" content=\"summary_large_image\" \/>\n<meta name=\"twitter:site\" content=\"@talkpalai\" \/>\n<meta name=\"twitter:label1\" content=\"Predpokladan\u00fd \u010das \u010d\u00edtania\" \/>\n\t<meta name=\"twitter:data1\" content=\"3 min\u00faty\" \/>\n<script type=\"application\/ld+json\" class=\"yoast-schema-graph\">{\"@context\":\"https:\/\/schema.org\",\"@graph\":[{\"@type\":\"WebPage\",\"@id\":\"https:\/\/talkpal.ai\/sk\/kannadska-gramatika\/\",\"url\":\"https:\/\/talkpal.ai\/sk\/kannadska-gramatika\/\",\"name\":\"Kannadsk\u00e1 gramatika - Talkpal\",\"isPartOf\":{\"@id\":\"https:\/\/talkpal.ai\/sk\/#website\"},\"primaryImageOfPage\":{\"@id\":\"https:\/\/talkpal.ai\/sk\/kannadska-gramatika\/#primaryimage\"},\"image\":{\"@id\":\"https:\/\/talkpal.ai\/sk\/kannadska-gramatika\/#primaryimage\"},\"thumbnailUrl\":\"https:\/\/talkpal.ai\/wp-content\/uploads\/2023\/05\/Kannada-india.png\",\"datePublished\":\"2023-05-14T14:09:47+00:00\",\"dateModified\":\"2025-12-11T16:21:22+00:00\",\"description\":\"U\u010dte sa kannadsk\u00fa gramatiku s istotou - pochopte k\u013e\u00fa\u010dov\u00e9 pravidl\u00e1, zdokona\u013ete stavbu viet a zv\u00fd\u0161te plynulos\u0165\",\"breadcrumb\":{\"@id\":\"https:\/\/talkpal.ai\/sk\/kannadska-gramatika\/#breadcrumb\"},\"inLanguage\":\"sk-SK\",\"potentialAction\":[{\"@type\":\"ReadAction\",\"target\":[\"https:\/\/talkpal.ai\/sk\/kannadska-gramatika\/\"]}]},{\"@type\":\"ImageObject\",\"inLanguage\":\"sk-SK\",\"@id\":\"https:\/\/talkpal.ai\/sk\/kannadska-gramatika\/#primaryimage\",\"url\":\"https:\/\/talkpal.ai\/wp-content\/uploads\/2023\/05\/Kannada-india.png\",\"contentUrl\":\"https:\/\/talkpal.ai\/wp-content\/uploads\/2023\/05\/Kannada-india.png\",\"width\":512,\"height\":512},{\"@type\":\"BreadcrumbList\",\"@id\":\"https:\/\/talkpal.ai\/sk\/kannadska-gramatika\/#breadcrumb\",\"itemListElement\":[{\"@type\":\"ListItem\",\"position\":1,\"name\":\"Homepage\",\"item\":\"https:\/\/talkpal.ai\/sk\/\"},{\"@type\":\"ListItem\",\"position\":2,\"name\":\"Kannadsk\u00e1 gramatika\"}]},{\"@type\":\"WebSite\",\"@id\":\"https:\/\/talkpal.ai\/sk\/#website\",\"url\":\"https:\/\/talkpal.ai\/sk\/\",\"name\":\"Talkpal\",\"description\":\"AI Language Learning\",\"publisher\":{\"@id\":\"https:\/\/talkpal.ai\/sk\/#organization\"},\"alternateName\":\"Talkpal AI\",\"potentialAction\":[{\"@type\":\"SearchAction\",\"target\":{\"@type\":\"EntryPoint\",\"urlTemplate\":\"https:\/\/talkpal.ai\/sk\/?s={search_term_string}\"},\"query-input\":{\"@type\":\"PropertyValueSpecification\",\"valueRequired\":true,\"valueName\":\"search_term_string\"}}],\"inLanguage\":\"sk-SK\"},{\"@type\":\"Organization\",\"@id\":\"https:\/\/talkpal.ai\/sk\/#organization\",\"name\":\"Talkpal, Inc.\",\"alternateName\":\"Talkpal AI\",\"url\":\"https:\/\/talkpal.ai\/sk\/\",\"logo\":{\"@type\":\"ImageObject\",\"inLanguage\":\"sk-SK\",\"@id\":\"https:\/\/talkpal.ai\/sk\/#\/schema\/logo\/image\/\",\"url\":\"https:\/\/talkpal.ai\/wp-content\/uploads\/2024\/03\/Talkpal-Logo-Icon.png\",\"contentUrl\":\"https:\/\/talkpal.ai\/wp-content\/uploads\/2024\/03\/Talkpal-Logo-Icon.png\",\"width\":2880,\"height\":2880,\"caption\":\"Talkpal, Inc.\"},\"image\":{\"@id\":\"https:\/\/talkpal.ai\/sk\/#\/schema\/logo\/image\/\"},\"sameAs\":[\"https:\/\/www.facebook.com\/profile.php?id=100090733639311\",\"https:\/\/x.com\/talkpalai\",\"https:\/\/www.linkedin.com\/company\/talkpal\/\",\"https:\/\/www.youtube.com\/@TalkPal\/\",\"https:\/\/www.tiktok.com\/@talkpal\",\"https:\/\/www.instagram.com\/talkpal_ai\/\",\"https:\/\/www.crunchbase.com\/organization\/talkpal-9cde\",\"https:\/\/www.g2.com\/products\/talkpal-for-business\/\",\"https:\/\/www.trustpilot.com\/review\/talkpal.ai\",\"https:\/\/www.capterra.com\/p\/10006800\/TalkPal\/\"],\"description\":\"Talkpal is a language learning web and mobile education app, powered by the latest AI technologies, that provides engaging experiences to its customers in many different languages to help them improve their language skills. Users can chat about unlimited amount of topics with the app and use other modes to practice their language learning.\",\"email\":\"support@talkpal.ai\",\"legalName\":\"Talkpal, Inc.\",\"foundingDate\":\"2023-04-03\",\"duns\":\"118989042\",\"numberOfEmployees\":{\"@type\":\"QuantitativeValue\",\"minValue\":\"11\",\"maxValue\":\"50\"},\"publishingPrinciples\":\"https:\/\/talkpal.ai\/publishing-principles\/\",\"actionableFeedbackPolicy\":\"https:\/\/talkpal.ai\/actionable-feedback-policy\/\",\"correctionsPolicy\":\"https:\/\/talkpal.ai\/corrections-policy\/\",\"ethicsPolicy\":\"https:\/\/talkpal.ai\/ethics-policy\/\",\"diversityPolicy\":\"https:\/\/talkpal.ai\/diversity-policy\/\",\"diversityStaffingReport\":\"https:\/\/talkpal.ai\/diversity-policy\/\"}]}<\/script>\n<!-- \/ Yoast SEO Premium plugin. -->","yoast_head_json":{"title":"Kannadsk\u00e1 gramatika - Talkpal","description":"U\u010dte sa kannadsk\u00fa gramatiku s istotou - pochopte k\u013e\u00fa\u010dov\u00e9 pravidl\u00e1, zdokona\u013ete stavbu viet a zv\u00fd\u0161te plynulos\u0165","robots":{"index":"index","follow":"follow","max-snippet":"max-snippet:-1","max-image-preview":"max-image-preview:large","max-video-preview":"max-video-preview:-1"},"canonical":"https:\/\/talkpal.ai\/sk\/kannadska-gramatika\/","og_locale":"sk_SK","og_type":"article","og_title":"Kannadsk\u00e1 gramatika","og_description":"Kannadsk\u00e1 gramatika: Poh\u013ead na bohatstvo dravidsk\u00e9ho jazyka Zamysleli ste sa niekedy nad jazykovou rozmanitos\u0165ou Indie? Ako jazykov\u00fd nad\u0161enec alebo","og_url":"https:\/\/talkpal.ai\/sk\/kannadska-gramatika\/","og_site_name":"Talkpal","article_publisher":"https:\/\/www.facebook.com\/profile.php?id=100090733639311","article_modified_time":"2025-12-11T16:21:22+00:00","og_image":[{"width":512,"height":512,"url":"https:\/\/talkpal.ai\/wp-content\/uploads\/2023\/05\/Kannada-india.png","type":"image\/png"}],"twitter_card":"summary_large_image","twitter_site":"@talkpalai","twitter_misc":{"Predpokladan\u00fd \u010das \u010d\u00edtania":"3 min\u00faty"},"schema":{"@context":"https:\/\/schema.org","@graph":[{"@type":"WebPage","@id":"https:\/\/talkpal.ai\/sk\/kannadska-gramatika\/","url":"https:\/\/talkpal.ai\/sk\/kannadska-gramatika\/","name":"Kannadsk\u00e1 gramatika - Talkpal","isPartOf":{"@id":"https:\/\/talkpal.ai\/sk\/#website"},"primaryImageOfPage":{"@id":"https:\/\/talkpal.ai\/sk\/kannadska-gramatika\/#primaryimage"},"image":{"@id":"https:\/\/talkpal.ai\/sk\/kannadska-gramatika\/#primaryimage"},"thumbnailUrl":"https:\/\/talkpal.ai\/wp-content\/uploads\/2023\/05\/Kannada-india.png","datePublished":"2023-05-14T14:09:47+00:00","dateModified":"2025-12-11T16:21:22+00:00","description":"U\u010dte sa kannadsk\u00fa gramatiku s istotou - pochopte k\u013e\u00fa\u010dov\u00e9 pravidl\u00e1, zdokona\u013ete stavbu viet a zv\u00fd\u0161te plynulos\u0165","breadcrumb":{"@id":"https:\/\/talkpal.ai\/sk\/kannadska-gramatika\/#breadcrumb"},"inLanguage":"sk-SK","potentialAction":[{"@type":"ReadAction","target":["https:\/\/talkpal.ai\/sk\/kannadska-gramatika\/"]}]},{"@type":"ImageObject","inLanguage":"sk-SK","@id":"https:\/\/talkpal.ai\/sk\/kannadska-gramatika\/#primaryimage","url":"https:\/\/talkpal.ai\/wp-content\/uploads\/2023\/05\/Kannada-india.png","contentUrl":"https:\/\/talkpal.ai\/wp-content\/uploads\/2023\/05\/Kannada-india.png","width":512,"height":512},{"@type":"BreadcrumbList","@id":"https:\/\/talkpal.ai\/sk\/kannadska-gramatika\/#breadcrumb","itemListElement":[{"@type":"ListItem","position":1,"name":"Homepage","item":"https:\/\/talkpal.ai\/sk\/"},{"@type":"ListItem","position":2,"name":"Kannadsk\u00e1 gramatika"}]},{"@type":"WebSite","@id":"https:\/\/talkpal.ai\/sk\/#website","url":"https:\/\/talkpal.ai\/sk\/","name":"Talkpal","description":"AI Language Learning","publisher":{"@id":"https:\/\/talkpal.ai\/sk\/#organization"},"alternateName":"Talkpal AI","potentialAction":[{"@type":"SearchAction","target":{"@type":"EntryPoint","urlTemplate":"https:\/\/talkpal.ai\/sk\/?s={search_term_string}"},"query-input":{"@type":"PropertyValueSpecification","valueRequired":true,"valueName":"search_term_string"}}],"inLanguage":"sk-SK"},{"@type":"Organization","@id":"https:\/\/talkpal.ai\/sk\/#organization","name":"Talkpal, Inc.","alternateName":"Talkpal AI","url":"https:\/\/talkpal.ai\/sk\/","logo":{"@type":"ImageObject","inLanguage":"sk-SK","@id":"https:\/\/talkpal.ai\/sk\/#\/schema\/logo\/image\/","url":"https:\/\/talkpal.ai\/wp-content\/uploads\/2024\/03\/Talkpal-Logo-Icon.png","contentUrl":"https:\/\/talkpal.ai\/wp-content\/uploads\/2024\/03\/Talkpal-Logo-Icon.png","width":2880,"height":2880,"caption":"Talkpal, Inc."},"image":{"@id":"https:\/\/talkpal.ai\/sk\/#\/schema\/logo\/image\/"},"sameAs":["https:\/\/www.facebook.com\/profile.php?id=100090733639311","https:\/\/x.com\/talkpalai","https:\/\/www.linkedin.com\/company\/talkpal\/","https:\/\/www.youtube.com\/@TalkPal\/","https:\/\/www.tiktok.com\/@talkpal","https:\/\/www.instagram.com\/talkpal_ai\/","https:\/\/www.crunchbase.com\/organization\/talkpal-9cde","https:\/\/www.g2.com\/products\/talkpal-for-business\/","https:\/\/www.trustpilot.com\/review\/talkpal.ai","https:\/\/www.capterra.com\/p\/10006800\/TalkPal\/"],"description":"Talkpal is a language learning web and mobile education app, powered by the latest AI technologies, that provides engaging experiences to its customers in many different languages to help them improve their language skills. Users can chat about unlimited amount of topics with the app and use other modes to practice their language learning.","email":"support@talkpal.ai","legalName":"Talkpal, Inc.","foundingDate":"2023-04-03","duns":"118989042","numberOfEmployees":{"@type":"QuantitativeValue","minValue":"11","maxValue":"50"},"publishingPrinciples":"https:\/\/talkpal.ai\/publishing-principles\/","actionableFeedbackPolicy":"https:\/\/talkpal.ai\/actionable-feedback-policy\/","correctionsPolicy":"https:\/\/talkpal.ai\/corrections-policy\/","ethicsPolicy":"https:\/\/talkpal.ai\/ethics-policy\/","diversityPolicy":"https:\/\/talkpal.ai\/diversity-policy\/","diversityStaffingReport":"https:\/\/talkpal.ai\/diversity-policy\/"}]}},"_links":{"self":[{"href":"https:\/\/talkpal.ai\/sk\/wp-json\/wp\/v2\/pages\/145459","targetHints":{"allow":["GET"]}}],"collection":[{"href":"https:\/\/talkpal.ai\/sk\/wp-json\/wp\/v2\/pages"}],"about":[{"href":"https:\/\/talkpal.ai\/sk\/wp-json\/wp\/v2\/types\/page"}],"author":[{"embeddable":true,"href":"https:\/\/talkpal.ai\/sk\/wp-json\/wp\/v2\/users\/1"}],"replies":[{"embeddable":true,"href":"https:\/\/talkpal.ai\/sk\/wp-json\/wp\/v2\/comments?post=145459"}],"version-history":[{"count":0,"href":"https:\/\/talkpal.ai\/sk\/wp-json\/wp\/v2\/pages\/145459\/revisions"}],"wp:featuredmedia":[{"embeddable":true,"href":"https:\/\/talkpal.ai\/sk\/wp-json\/wp\/v2\/media\/113628"}],"wp:attachment":[{"href":"https:\/\/talkpal.ai\/sk\/wp-json\/wp\/v2\/media?parent=145459"}],"curies":[{"name":"wp","href":"https:\/\/api.w.org\/{rel}","templated":true}]}}