{"id":145097,"date":"2023-05-14T14:09:29","date_gmt":"2023-05-14T14:09:29","guid":{"rendered":"http:\/\/talkpal.ai\/indonezska-gramatika\/"},"modified":"2025-12-13T15:42:01","modified_gmt":"2025-12-13T15:42:01","slug":"indonezska-gramatika","status":"publish","type":"page","link":"https:\/\/talkpal.ai\/sk\/indonezska-gramatika\/","title":{"rendered":"Indon\u00e9zska gramatika"},"content":{"rendered":"\r\n\r\n\r\n<section class=\"languageChallengeSection\">\r\n    <div class=\"languageInfoWrapper\">\r\n        \r\n        <h1>Indon\u00e9zska gramatika<\/h1>\r\n        <p>Chcete sa nau\u010di\u0165 indon\u00e9zsky? V\u010faka jednoduchej gramatike &#8211; bez slovesn\u00fdch tvarov, bez rodov podstatn\u00fdch mien a s jednoduchou \u0161trukt\u00farou viet &#8211; je indon\u00e9z\u0161tina jedn\u00fdm z najpr\u00edvetivej\u0161\u00edch jazykov pre \u0161tudentov. Za\u010dnite svoju cestu e\u0161te dnes a zistite, ako v\u00e1m porozumenie indon\u00e9zskej gramatiky m\u00f4\u017ee r\u00fdchlo otvori\u0165 svet komunik\u00e1cie a \u017eiv\u00fdch kult\u00farnych z\u00e1\u017eitkov!<\/p>\r\n\r\n                            <a class=\"getStartedHidden\" href=\"https:\/\/app.talkpal.ai\/sk\/signup?lng=\">Za\u010dni<\/a>\r\n        \r\n    <\/div>\r\n\r\n    <figure>\r\n    <img decoding=\"async\" width=\"768\" height=\"768\" src=\"https:\/\/talkpal.ai\/wp-content\/uploads\/2023\/06\/indonesia-768x768.png\" class=\"languageImage no-lazy\" alt=\"Language learning for personal achievement\" fetchpriority=\"high\" sizes=\"(max-width: 768px) 150px, 768px\" srcset=\"https:\/\/talkpal.ai\/wp-content\/uploads\/2023\/06\/indonesia-768x768.png 768w, https:\/\/talkpal.ai\/wp-content\/uploads\/2023\/06\/indonesia-300x300.png 300w\" \/>\r\n    \r\n\r\n    <\/figure>\r\n\r\n            <a class=\"getStartedVisible\" href=\"https:\/\/app.talkpal.ai\/sk\/signup?lng=\">Za\u010dni<\/a>\r\n    \r\n<\/section>\r\n<section class=\"promotionalBanner\">\r\n    <p class=\"promotionalText\"><\/p>\r\n    <a class=\"promotionalLink\" href=\"https:\/\/app.talkpal.ai\/sk\/signup?lng=\"><\/a>\r\n<\/section>\n<div class=\"wp-block-group pageContainerStyle\"><div class=\"wp-block-group__inner-container is-layout-constrained wp-block-group-is-layout-constrained\">\n<h2 class=\"wp-block-heading\" id=\"h-the-wonders-of-indonesian-grammar-a-guide-for-language-learners\">Z\u00e1zraky indon\u00e9zskej gramatiky: Sprievodca pre \u0161tudentov jazykov<\/h2>\n\n\n\n<p><a href=\"https:\/\/talkpal.ai\/indonesian-grammar\/\">Indon\u00e9zska gramatika<\/a> &#8211; jednoduch\u00e1, ale elegantn\u00e1, pr\u00edvetiv\u00e1, ale p\u00fatav\u00e1, pr\u00edstupn\u00e1, ale strhuj\u00faca. Ke\u010f sa vyd\u00e1te na cestu u\u010denia sa indon\u00e9zskeho jazyka, bu\u010fte si ist\u00ed, \u017ee prijatie jeho gramatiky bude pr\u00edjemn\u00fdm z\u00e1\u017eitkom. Cie\u013eom tohto \u010dl\u00e1nku je poskytn\u00fa\u0165 v\u00e1m pochopenie k\u013e\u00fa\u010dov\u00fdch aspektov indon\u00e9zskej gramatiky a pom\u00f4c\u0165 v\u00e1m prija\u0165 kr\u00e1su tohto jazyka juhov\u00fdchodnej \u00c1zie.<\/p>\n\n\n\n<p>Po\u010fme sa ponori\u0165 do z\u00e1kladn\u00fdch prvkov indon\u00e9zskej gramatiky s vysvetleniami a pr\u00edkladmi, ktor\u00e9 n\u00e1dherne objas\u0148uj\u00fa pravidl\u00e1 a pojmy. Tak\u017ee sa pohodlne usa\u010fte, relaxujte a dovo\u013ete n\u00e1m odhali\u0165 pre v\u00e1s fascinuj\u00face tajomstv\u00e1 indon\u00e9zskej gramatiky.<\/p>\n\n\n\n<h3 class=\"wp-block-heading\" id=\"h-1-nouns-no-genders-no-plurals-no-stress\">1. Podstatn\u00e9 men\u00e1: \u017eiadne rody, \u017eiadne mno\u017en\u00e9 \u010d\u00edslo, \u017eiadny stres!<\/h3>\n\n\n\n<p>Jedn\u00fdm z najosvie\u017euj\u00facej\u0161\u00edch aspektov indon\u00e9zskej gramatiky je jednoduchos\u0165 syst\u00e9mu podstatn\u00fdch mien. Indon\u00e9zske podstatn\u00e9 men\u00e1 nemaj\u00fa rodov\u00e9 ani mno\u017en\u00e9 \u010d\u00edslo. To znamen\u00e1, \u017ee sa hovor\u00ed &#8222;anjing&#8220; (pes), \u010di u\u017e ide o jedno \u0161te\u0148a alebo skupinu dospel\u00fdch psov.<\/p>\n\n\n\n<p>Ak chcete ur\u010di\u0165 tvar mno\u017en\u00e9ho \u010d\u00edsla, m\u00f4\u017eete bu\u010f zopakova\u0165 podstatn\u00e9 meno (napr. &#8222;anak-anak&#8220; pre &#8222;deti&#8220;), alebo pou\u017ei\u0165 kvantitat\u00edvny v\u00fdraz ako &#8222;banyak&#8220; (ve\u013ea) alebo &#8222;beberapa&#8220; (nieko\u013eko). To je v\u0161etko! Nie je to v porovnan\u00ed s in\u00fdmi jazykmi z\u00e1van \u010derstv\u00e9ho vzduchu?<\/p>\n\n\n\n<h3 class=\"wp-block-heading\" id=\"h-2-pronouns-staying-humble-and-respectful\">2. Z\u00e1men\u00e1: zosta\u0165 pokorn\u00fd a \u00factiv\u00fd<\/h3>\n\n\n\n<p>Indon\u00e9zska <a href=\"https:\/\/talkpal.ai\/sq\/gramatika\/\">gramatika<\/a> pou\u017e\u00edva r\u00f4zne z\u00e1men\u00e1 na z\u00e1klade r\u00f4znych \u00farovn\u00ed formality. Pou\u017e\u00edvanie vhodn\u00e9ho z\u00e1mena pri oslovovan\u00ed niekoho je nevyhnutn\u00e9 na preuk\u00e1zanie \u00facty a pokory. Napr\u00edklad &#8222;aku&#8220; (ja\/mne) je neform\u00e1lne a int\u00edmne, &#8222;saya&#8220; je zdvoril\u00e9 a neutr\u00e1lne a &#8222;saya&#8220; je form\u00e1lne a pokorn\u00e9. Podobne &#8222;kamu&#8220; (vy) je neform\u00e1lne, &#8222;Anda&#8220; je zdvoril\u00e9 a &#8222;Bapak\/Ibu&#8220; (p\u00e1n\/pani) je vyhraden\u00e9 pre ve\u013emi form\u00e1lne situ\u00e1cie.<\/p>\n\n\n\n<p>Nezabudnite, \u017ee v nov\u00fdch alebo neist\u00fdch situ\u00e1ci\u00e1ch je v\u017edy dobr\u00e9 by\u0165 zdvoril\u00fd.<\/p>\n\n\n\n<h3 class=\"wp-block-heading\" id=\"h-3-verbs-no-conjugations-but-prefixes-and-suffixes-galore\">3. Sloves\u00e1: \u017diadne \u010dasovanie, ale predpony a pr\u00edpony habadej!<\/h3>\n\n\n\n<p>Indon\u00e9zske sloves\u00e1 zost\u00e1vaj\u00fa nezmenen\u00e9 bez oh\u013eadu na \u010das, n\u00e1ladu alebo predmet, \u010do ich rob\u00ed ove\u013ea jednoduch\u0161\u00edmi ako sloves\u00e1 v mnoh\u00fdch in\u00fdch jazykoch. Budete v\u0161ak musie\u0165 ovl\u00e1da\u0165 pou\u017e\u00edvanie predp\u00f4n a pr\u00edpon na \u00fapravu v\u00fdznamu slovesa.<\/p>\n\n\n\n<p>Medzi be\u017en\u00e9 predpony patria &#8222;me-&#8220; (akt\u00edvne sloves\u00e1), &#8222;di-&#8220; (pas\u00edvne sloves\u00e1) a &#8222;ber-&#8220; (stat\u00edvne sloves\u00e1). Medzi be\u017en\u00e9 pr\u00edpony patria &#8222;-kan&#8220; (kauzat\u00edvne sloves\u00e1) a &#8222;-i&#8220; (prechodn\u00e9 sloves\u00e1). Napr\u00edklad &#8222;makan&#8220; znamen\u00e1 &#8222;jes\u0165&#8220;, &#8222;memakan&#8220; znamen\u00e1 &#8222;konzumova\u0165&#8220; a &#8222;dimakan&#8220; znamen\u00e1 &#8222;by\u0165 zjeden\u00fd&#8220;.<\/p>\n\n\n\n<h3 class=\"wp-block-heading\" id=\"h-4-word-order-subject-verb-object-simplicity\">4. Slovosled slov: jednoduchos\u0165 predmetu-slovesa-objektu!<\/h3>\n\n\n\n<p>Indon\u00e9zska gramatika sa riadi jednoduch\u00fdm slovosledom podmet-sloveso-objekt (SVO), podobne ako <a href=\"https:\/\/talkpal.ai\/learn-english-with-ai\/\">angli\u010dtina<\/a>. V\u010faka tomu je kon\u0161trukcia viet a porozumenie pre anglicky hovoriacich ove\u013ea jednoduch\u0161ie. Napr\u00edklad &#8222;Saya memakan pisang&#8220; sa priamo preklad\u00e1 ako &#8222;ja (subjekt) jem (sloveso) ban\u00e1n (objekt)&#8220;.<\/p>\n\n\n\n<h3 class=\"wp-block-heading\" id=\"h-5-immerse-yourself-in-indonesian-practice-makes-perfect\">5. Ponorte sa do indon\u00e9z\u0161tiny: prax rob\u00ed majstra<\/h3>\n\n\n\n<p>Kr\u00e1sa indon\u00e9zskej gramatiky spo\u010d\u00edva v jej jednoduchosti a dostupnosti. Pravideln\u00e9 cvi\u010denie prostredn\u00edctvom \u010d\u00edtania, p\u00edsania, po\u010d\u00favania a hovorenia v\u00e1m pom\u00f4\u017ee zvl\u00e1dnu\u0165 jazyk a jeho gramatiku. Prijmite v\u00fdzvy, prekonajte zlo\u017eitos\u0165 a odomknite skuto\u010dn\u00e9 k\u00fazlo indon\u00e9zskeho jazyka.<\/p>\n\n\n\n<p>Tak\u017ee ste pripraven\u00ed ponori\u0165 sa do z\u00e1zrakov indon\u00e9zskej gramatiky? Pristupujte k nemu s d\u00f4verou a zvedavos\u0165ou as odhodlan\u00edm a vzru\u0161en\u00edm sa \u010doskoro m\u00f4\u017eete sta\u0165 v\u00fdre\u010dn\u00fdm indon\u00e9zskym re\u010dn\u00edkom. Selamat belajar! (\u0160\u0165astn\u00e9 \u0161t\u00fadium!)<\/p>\n<\/div><\/div>\n\r\n<section class=\"learnNavigationSection\">\r\n            \r\n        <a href=\"https:\/\/talkpal.ai\/sk\/naucte-sa-indonezsky-jazyk\/\">\r\n            <div class=\"learnNavigationWrapper\">\r\n                <div class=\"learnNavigationContent\">\r\n                    <img decoding=\"async\" src=\"https:\/\/talkpal.ai\/wp-content\/uploads\/2024\/08\/Indonesian.jpg\" alt=\"Indonesian Flag\">\r\n                    <div>\r\n                        <h4>O indon\u00e9zskom vzdel\u00e1van\u00ed<\/h4>\r\n                        <p>Zistite v\u0161etko o indon\u00e9zskej gramatike.<\/p>\r\n                    <\/div>\r\n                <\/div>\r\n            <\/div>\r\n        <\/a>\r\n\r\n        \r\n        <a href=\"https:\/\/talkpal.ai\/sk\/indonezske-gramaticke-cvicenia\/\">\r\n            <div class=\"learnNavigationWrapper\">\r\n                <div class=\"learnNavigationContent\">\r\n                    <img decoding=\"async\" src=\"https:\/\/talkpal.ai\/wp-content\/uploads\/2024\/08\/Indonesian.jpg\" alt=\"Indonesian Flag\">\r\n                    <div>\r\n                        <h4>Cvi\u010denie z indon\u00e9zskej gramatiky<\/h4>\r\n                        <p>Precvi\u010dte si indon\u00e9zsku gramatiku.<\/p>\r\n                    <\/div>\r\n                <\/div>\r\n            <\/div>\r\n        <\/a>\r\n\r\n        \r\n        <a href=\"https:\/\/talkpal.ai\/vocabulary_language\/indonesian\/\">\r\n            <div class=\"learnNavigationWrapper\">\r\n                <div class=\"learnNavigationContent\">\r\n                    <img decoding=\"async\" src=\"https:\/\/talkpal.ai\/wp-content\/uploads\/2024\/08\/Indonesian.jpg\" alt=\"Indonesian Flag\">\r\n                    <div>\r\n                        <h4>Indon\u00e9zska slovn\u00e1 z\u00e1soba<\/h4>\r\n                        <p>Roz\u0161\u00edrte si slovn\u00fa z\u00e1sobu indon\u00e9zskeho jazyka.<\/p>\r\n                    <\/div>\r\n                <\/div>\r\n            <\/div>\r\n        <\/a>\r\n\r\n            <\/section>","protected":false},"excerpt":{"rendered":"<p>Z\u00e1zraky indon\u00e9zskej gramatiky: Sprievodca pre \u0161tudentov jazykov Indon\u00e9zska gramatika &#8211; jednoduch\u00e1, ale elegantn\u00e1, pr\u00edvetiv\u00e1, ale p\u00fatav\u00e1, pr\u00edstupn\u00e1, ale strhuj\u00faca. Ke\u010f sa vyd\u00e1te na cestu u\u010denia sa indon\u00e9zskeho jazyka, bu\u010fte si ist\u00ed, \u017ee prijatie jeho gramatiky bude pr\u00edjemn\u00fdm z\u00e1\u017eitkom. Cie\u013eom tohto \u010dl\u00e1nku je poskytn\u00fa\u0165 v\u00e1m pochopenie k\u013e\u00fa\u010dov\u00fdch aspektov indon\u00e9zskej gramatiky a pom\u00f4c\u0165 v\u00e1m prija\u0165 kr\u00e1su tohto [&hellip;]<\/p>\n","protected":false},"author":1,"featured_media":113880,"parent":0,"menu_order":0,"comment_status":"closed","ping_status":"closed","template":"LearningContentPage.php","meta":{"_acf_changed":false,"footnotes":""},"class_list":["post-145097","page","type-page","status-publish","has-post-thumbnail","hentry"],"acf":[],"yoast_head":"<!-- This site is optimized with the Yoast SEO Premium plugin v27.2 (Yoast SEO v27.2) - https:\/\/yoast.com\/product\/yoast-seo-premium-wordpress\/ -->\n<title>Indon\u00e9zska gramatika - Talkpal<\/title>\n<meta name=\"description\" content=\"Zvl\u00e1dnite indon\u00e9zsku gramatiku bez n\u00e1mahy pomocou aplik\u00e1cie na u\u010denie jazykov s umelou inteligenciou Talkpal. Komunikujte s istotou pomocou Talkpals podporou umelej inteligencie.\" \/>\n<meta name=\"robots\" content=\"index, follow, max-snippet:-1, max-image-preview:large, max-video-preview:-1\" \/>\n<link rel=\"canonical\" href=\"https:\/\/talkpal.ai\/sk\/indonezska-gramatika\/\" \/>\n<meta property=\"og:locale\" content=\"sk_SK\" \/>\n<meta property=\"og:type\" content=\"article\" \/>\n<meta property=\"og:title\" content=\"Indon\u00e9zska gramatika\" \/>\n<meta property=\"og:description\" content=\"Z\u00e1zraky indon\u00e9zskej gramatiky: Sprievodca pre \u0161tudentov jazykov Indon\u00e9zska gramatika - jednoduch\u00e1, ale elegantn\u00e1, pr\u00edvetiv\u00e1, ale p\u00fatav\u00e1, pr\u00edstupn\u00e1, ale\" \/>\n<meta property=\"og:url\" content=\"https:\/\/talkpal.ai\/sk\/indonezska-gramatika\/\" \/>\n<meta property=\"og:site_name\" content=\"Talkpal\" \/>\n<meta property=\"article:publisher\" content=\"https:\/\/www.facebook.com\/profile.php?id=100090733639311\" \/>\n<meta property=\"article:modified_time\" content=\"2025-12-13T15:42:01+00:00\" \/>\n<meta property=\"og:image\" content=\"https:\/\/talkpal.ai\/wp-content\/uploads\/2023\/05\/indonesia.png\" \/>\n\t<meta property=\"og:image:width\" content=\"512\" \/>\n\t<meta property=\"og:image:height\" content=\"512\" \/>\n\t<meta property=\"og:image:type\" content=\"image\/png\" \/>\n<meta name=\"twitter:card\" content=\"summary_large_image\" \/>\n<meta name=\"twitter:site\" content=\"@talkpalai\" \/>\n<meta name=\"twitter:label1\" content=\"Predpokladan\u00fd \u010das \u010d\u00edtania\" \/>\n\t<meta name=\"twitter:data1\" content=\"3 min\u00faty\" \/>\n<script type=\"application\/ld+json\" class=\"yoast-schema-graph\">{\"@context\":\"https:\/\/schema.org\",\"@graph\":[{\"@type\":\"WebPage\",\"@id\":\"https:\/\/talkpal.ai\/sk\/indonezska-gramatika\/\",\"url\":\"https:\/\/talkpal.ai\/sk\/indonezska-gramatika\/\",\"name\":\"Indon\u00e9zska gramatika - Talkpal\",\"isPartOf\":{\"@id\":\"https:\/\/talkpal.ai\/sk\/#website\"},\"primaryImageOfPage\":{\"@id\":\"https:\/\/talkpal.ai\/sk\/indonezska-gramatika\/#primaryimage\"},\"image\":{\"@id\":\"https:\/\/talkpal.ai\/sk\/indonezska-gramatika\/#primaryimage\"},\"thumbnailUrl\":\"https:\/\/talkpal.ai\/wp-content\/uploads\/2023\/05\/indonesia.png\",\"datePublished\":\"2023-05-14T14:09:29+00:00\",\"dateModified\":\"2025-12-13T15:42:01+00:00\",\"description\":\"Zvl\u00e1dnite indon\u00e9zsku gramatiku bez n\u00e1mahy pomocou aplik\u00e1cie na u\u010denie jazykov s umelou inteligenciou Talkpal. Komunikujte s istotou pomocou Talkpals podporou umelej inteligencie.\",\"breadcrumb\":{\"@id\":\"https:\/\/talkpal.ai\/sk\/indonezska-gramatika\/#breadcrumb\"},\"inLanguage\":\"sk-SK\",\"potentialAction\":[{\"@type\":\"ReadAction\",\"target\":[\"https:\/\/talkpal.ai\/sk\/indonezska-gramatika\/\"]}]},{\"@type\":\"ImageObject\",\"inLanguage\":\"sk-SK\",\"@id\":\"https:\/\/talkpal.ai\/sk\/indonezska-gramatika\/#primaryimage\",\"url\":\"https:\/\/talkpal.ai\/wp-content\/uploads\/2023\/05\/indonesia.png\",\"contentUrl\":\"https:\/\/talkpal.ai\/wp-content\/uploads\/2023\/05\/indonesia.png\",\"width\":512,\"height\":512},{\"@type\":\"BreadcrumbList\",\"@id\":\"https:\/\/talkpal.ai\/sk\/indonezska-gramatika\/#breadcrumb\",\"itemListElement\":[{\"@type\":\"ListItem\",\"position\":1,\"name\":\"Homepage\",\"item\":\"https:\/\/talkpal.ai\/sk\/\"},{\"@type\":\"ListItem\",\"position\":2,\"name\":\"Indon\u00e9zska gramatika\"}]},{\"@type\":\"WebSite\",\"@id\":\"https:\/\/talkpal.ai\/sk\/#website\",\"url\":\"https:\/\/talkpal.ai\/sk\/\",\"name\":\"Talkpal\",\"description\":\"AI Language Learning\",\"publisher\":{\"@id\":\"https:\/\/talkpal.ai\/sk\/#organization\"},\"alternateName\":\"Talkpal AI\",\"potentialAction\":[{\"@type\":\"SearchAction\",\"target\":{\"@type\":\"EntryPoint\",\"urlTemplate\":\"https:\/\/talkpal.ai\/sk\/?s={search_term_string}\"},\"query-input\":{\"@type\":\"PropertyValueSpecification\",\"valueRequired\":true,\"valueName\":\"search_term_string\"}}],\"inLanguage\":\"sk-SK\"},{\"@type\":\"Organization\",\"@id\":\"https:\/\/talkpal.ai\/sk\/#organization\",\"name\":\"Talkpal, Inc.\",\"alternateName\":\"Talkpal AI\",\"url\":\"https:\/\/talkpal.ai\/sk\/\",\"logo\":{\"@type\":\"ImageObject\",\"inLanguage\":\"sk-SK\",\"@id\":\"https:\/\/talkpal.ai\/sk\/#\/schema\/logo\/image\/\",\"url\":\"https:\/\/talkpal.ai\/wp-content\/uploads\/2024\/03\/Talkpal-Logo-Icon.png\",\"contentUrl\":\"https:\/\/talkpal.ai\/wp-content\/uploads\/2024\/03\/Talkpal-Logo-Icon.png\",\"width\":2880,\"height\":2880,\"caption\":\"Talkpal, Inc.\"},\"image\":{\"@id\":\"https:\/\/talkpal.ai\/sk\/#\/schema\/logo\/image\/\"},\"sameAs\":[\"https:\/\/www.facebook.com\/profile.php?id=100090733639311\",\"https:\/\/x.com\/talkpalai\",\"https:\/\/www.linkedin.com\/company\/talkpal\/\",\"https:\/\/www.youtube.com\/@TalkPal\/\",\"https:\/\/www.tiktok.com\/@talkpal\",\"https:\/\/www.instagram.com\/talkpal_ai\/\",\"https:\/\/www.crunchbase.com\/organization\/talkpal-9cde\",\"https:\/\/www.g2.com\/products\/talkpal-for-business\/\",\"https:\/\/www.trustpilot.com\/review\/talkpal.ai\",\"https:\/\/www.capterra.com\/p\/10006800\/TalkPal\/\"],\"description\":\"Talkpal is a language learning web and mobile education app, powered by the latest AI technologies, that provides engaging experiences to its customers in many different languages to help them improve their language skills. Users can chat about unlimited amount of topics with the app and use other modes to practice their language learning.\",\"email\":\"support@talkpal.ai\",\"legalName\":\"Talkpal, Inc.\",\"foundingDate\":\"2023-04-03\",\"duns\":\"118989042\",\"numberOfEmployees\":{\"@type\":\"QuantitativeValue\",\"minValue\":\"11\",\"maxValue\":\"50\"},\"publishingPrinciples\":\"https:\/\/talkpal.ai\/publishing-principles\/\",\"actionableFeedbackPolicy\":\"https:\/\/talkpal.ai\/actionable-feedback-policy\/\",\"correctionsPolicy\":\"https:\/\/talkpal.ai\/corrections-policy\/\",\"ethicsPolicy\":\"https:\/\/talkpal.ai\/ethics-policy\/\",\"diversityPolicy\":\"https:\/\/talkpal.ai\/diversity-policy\/\",\"diversityStaffingReport\":\"https:\/\/talkpal.ai\/diversity-policy\/\"}]}<\/script>\n<!-- \/ Yoast SEO Premium plugin. -->","yoast_head_json":{"title":"Indon\u00e9zska gramatika - Talkpal","description":"Zvl\u00e1dnite indon\u00e9zsku gramatiku bez n\u00e1mahy pomocou aplik\u00e1cie na u\u010denie jazykov s umelou inteligenciou Talkpal. Komunikujte s istotou pomocou Talkpals podporou umelej inteligencie.","robots":{"index":"index","follow":"follow","max-snippet":"max-snippet:-1","max-image-preview":"max-image-preview:large","max-video-preview":"max-video-preview:-1"},"canonical":"https:\/\/talkpal.ai\/sk\/indonezska-gramatika\/","og_locale":"sk_SK","og_type":"article","og_title":"Indon\u00e9zska gramatika","og_description":"Z\u00e1zraky indon\u00e9zskej gramatiky: Sprievodca pre \u0161tudentov jazykov Indon\u00e9zska gramatika - jednoduch\u00e1, ale elegantn\u00e1, pr\u00edvetiv\u00e1, ale p\u00fatav\u00e1, pr\u00edstupn\u00e1, ale","og_url":"https:\/\/talkpal.ai\/sk\/indonezska-gramatika\/","og_site_name":"Talkpal","article_publisher":"https:\/\/www.facebook.com\/profile.php?id=100090733639311","article_modified_time":"2025-12-13T15:42:01+00:00","og_image":[{"width":512,"height":512,"url":"https:\/\/talkpal.ai\/wp-content\/uploads\/2023\/05\/indonesia.png","type":"image\/png"}],"twitter_card":"summary_large_image","twitter_site":"@talkpalai","twitter_misc":{"Predpokladan\u00fd \u010das \u010d\u00edtania":"3 min\u00faty"},"schema":{"@context":"https:\/\/schema.org","@graph":[{"@type":"WebPage","@id":"https:\/\/talkpal.ai\/sk\/indonezska-gramatika\/","url":"https:\/\/talkpal.ai\/sk\/indonezska-gramatika\/","name":"Indon\u00e9zska gramatika - Talkpal","isPartOf":{"@id":"https:\/\/talkpal.ai\/sk\/#website"},"primaryImageOfPage":{"@id":"https:\/\/talkpal.ai\/sk\/indonezska-gramatika\/#primaryimage"},"image":{"@id":"https:\/\/talkpal.ai\/sk\/indonezska-gramatika\/#primaryimage"},"thumbnailUrl":"https:\/\/talkpal.ai\/wp-content\/uploads\/2023\/05\/indonesia.png","datePublished":"2023-05-14T14:09:29+00:00","dateModified":"2025-12-13T15:42:01+00:00","description":"Zvl\u00e1dnite indon\u00e9zsku gramatiku bez n\u00e1mahy pomocou aplik\u00e1cie na u\u010denie jazykov s umelou inteligenciou Talkpal. Komunikujte s istotou pomocou Talkpals podporou umelej inteligencie.","breadcrumb":{"@id":"https:\/\/talkpal.ai\/sk\/indonezska-gramatika\/#breadcrumb"},"inLanguage":"sk-SK","potentialAction":[{"@type":"ReadAction","target":["https:\/\/talkpal.ai\/sk\/indonezska-gramatika\/"]}]},{"@type":"ImageObject","inLanguage":"sk-SK","@id":"https:\/\/talkpal.ai\/sk\/indonezska-gramatika\/#primaryimage","url":"https:\/\/talkpal.ai\/wp-content\/uploads\/2023\/05\/indonesia.png","contentUrl":"https:\/\/talkpal.ai\/wp-content\/uploads\/2023\/05\/indonesia.png","width":512,"height":512},{"@type":"BreadcrumbList","@id":"https:\/\/talkpal.ai\/sk\/indonezska-gramatika\/#breadcrumb","itemListElement":[{"@type":"ListItem","position":1,"name":"Homepage","item":"https:\/\/talkpal.ai\/sk\/"},{"@type":"ListItem","position":2,"name":"Indon\u00e9zska gramatika"}]},{"@type":"WebSite","@id":"https:\/\/talkpal.ai\/sk\/#website","url":"https:\/\/talkpal.ai\/sk\/","name":"Talkpal","description":"AI Language Learning","publisher":{"@id":"https:\/\/talkpal.ai\/sk\/#organization"},"alternateName":"Talkpal AI","potentialAction":[{"@type":"SearchAction","target":{"@type":"EntryPoint","urlTemplate":"https:\/\/talkpal.ai\/sk\/?s={search_term_string}"},"query-input":{"@type":"PropertyValueSpecification","valueRequired":true,"valueName":"search_term_string"}}],"inLanguage":"sk-SK"},{"@type":"Organization","@id":"https:\/\/talkpal.ai\/sk\/#organization","name":"Talkpal, Inc.","alternateName":"Talkpal AI","url":"https:\/\/talkpal.ai\/sk\/","logo":{"@type":"ImageObject","inLanguage":"sk-SK","@id":"https:\/\/talkpal.ai\/sk\/#\/schema\/logo\/image\/","url":"https:\/\/talkpal.ai\/wp-content\/uploads\/2024\/03\/Talkpal-Logo-Icon.png","contentUrl":"https:\/\/talkpal.ai\/wp-content\/uploads\/2024\/03\/Talkpal-Logo-Icon.png","width":2880,"height":2880,"caption":"Talkpal, Inc."},"image":{"@id":"https:\/\/talkpal.ai\/sk\/#\/schema\/logo\/image\/"},"sameAs":["https:\/\/www.facebook.com\/profile.php?id=100090733639311","https:\/\/x.com\/talkpalai","https:\/\/www.linkedin.com\/company\/talkpal\/","https:\/\/www.youtube.com\/@TalkPal\/","https:\/\/www.tiktok.com\/@talkpal","https:\/\/www.instagram.com\/talkpal_ai\/","https:\/\/www.crunchbase.com\/organization\/talkpal-9cde","https:\/\/www.g2.com\/products\/talkpal-for-business\/","https:\/\/www.trustpilot.com\/review\/talkpal.ai","https:\/\/www.capterra.com\/p\/10006800\/TalkPal\/"],"description":"Talkpal is a language learning web and mobile education app, powered by the latest AI technologies, that provides engaging experiences to its customers in many different languages to help them improve their language skills. Users can chat about unlimited amount of topics with the app and use other modes to practice their language learning.","email":"support@talkpal.ai","legalName":"Talkpal, Inc.","foundingDate":"2023-04-03","duns":"118989042","numberOfEmployees":{"@type":"QuantitativeValue","minValue":"11","maxValue":"50"},"publishingPrinciples":"https:\/\/talkpal.ai\/publishing-principles\/","actionableFeedbackPolicy":"https:\/\/talkpal.ai\/actionable-feedback-policy\/","correctionsPolicy":"https:\/\/talkpal.ai\/corrections-policy\/","ethicsPolicy":"https:\/\/talkpal.ai\/ethics-policy\/","diversityPolicy":"https:\/\/talkpal.ai\/diversity-policy\/","diversityStaffingReport":"https:\/\/talkpal.ai\/diversity-policy\/"}]}},"_links":{"self":[{"href":"https:\/\/talkpal.ai\/sk\/wp-json\/wp\/v2\/pages\/145097","targetHints":{"allow":["GET"]}}],"collection":[{"href":"https:\/\/talkpal.ai\/sk\/wp-json\/wp\/v2\/pages"}],"about":[{"href":"https:\/\/talkpal.ai\/sk\/wp-json\/wp\/v2\/types\/page"}],"author":[{"embeddable":true,"href":"https:\/\/talkpal.ai\/sk\/wp-json\/wp\/v2\/users\/1"}],"replies":[{"embeddable":true,"href":"https:\/\/talkpal.ai\/sk\/wp-json\/wp\/v2\/comments?post=145097"}],"version-history":[{"count":0,"href":"https:\/\/talkpal.ai\/sk\/wp-json\/wp\/v2\/pages\/145097\/revisions"}],"wp:featuredmedia":[{"embeddable":true,"href":"https:\/\/talkpal.ai\/sk\/wp-json\/wp\/v2\/media\/113880"}],"wp:attachment":[{"href":"https:\/\/talkpal.ai\/sk\/wp-json\/wp\/v2\/media?parent=145097"}],"curies":[{"name":"wp","href":"https:\/\/api.w.org\/{rel}","templated":true}]}}