{"id":144795,"date":"2023-05-14T14:09:11","date_gmt":"2023-05-14T14:09:11","guid":{"rendered":"http:\/\/talkpal.ai\/islandska-gramatika\/"},"modified":"2025-12-12T10:50:42","modified_gmt":"2025-12-12T10:50:42","slug":"islandska-gramatika","status":"publish","type":"page","link":"https:\/\/talkpal.ai\/sk\/islandska-gramatika\/","title":{"rendered":"Islandsk\u00e1 gramatika"},"content":{"rendered":"\r\n\r\n\r\n<section class=\"languageChallengeSection\">\r\n    <div class=\"languageInfoWrapper\">\r\n        \r\n        <h1>Islandsk\u00e1 gramatika<\/h1>\r\n        <p>Presk\u00famajte fascinuj\u00facu \u0161trukt\u00faru island\u010diny a nau\u010dte sa jej z\u00e1kladn\u00e9 gramatick\u00e9 pravidl\u00e1. Zvl\u00e1dnutie islandskej gramatiky v\u00e1m pom\u00f4\u017ee efekt\u00edvne komunikova\u0165 a hlb\u0161ie sa zozn\u00e1mi\u0165 s jedine\u010dnou kult\u00farou a hist\u00f3riou Islandu. Za\u010dnite sa u\u010di\u0165 islandsk\u00fa gramatiku dnes a urobte prv\u00fd krok k plynulosti!<\/p>\r\n\r\n                            <a class=\"getStartedHidden\" href=\"https:\/\/app.talkpal.ai\/sk\/signup?lng=\">Za\u010dni<\/a>\r\n        \r\n    <\/div>\r\n\r\n    <figure>\r\n    <img decoding=\"async\" width=\"768\" height=\"768\" src=\"https:\/\/talkpal.ai\/wp-content\/uploads\/2023\/06\/Icelandic-768x768.png\" class=\"languageImage no-lazy\" alt=\"Language learning for better job opportunities\" fetchpriority=\"high\" sizes=\"(max-width: 768px) 150px, 768px\" srcset=\"https:\/\/talkpal.ai\/wp-content\/uploads\/2023\/06\/Icelandic-768x768.png 768w, https:\/\/talkpal.ai\/wp-content\/uploads\/2023\/06\/Icelandic-300x300.png 300w\" \/>\r\n    \r\n\r\n    <\/figure>\r\n\r\n            <a class=\"getStartedVisible\" href=\"https:\/\/app.talkpal.ai\/sk\/signup?lng=\">Za\u010dni<\/a>\r\n    \r\n<\/section>\r\n<section class=\"promotionalBanner\">\r\n    <p class=\"promotionalText\">Najefekt\u00edvnej\u0161\u00ed sp\u00f4sob, ako sa nau\u010di\u0165 jazyk<\/p>\r\n    <a class=\"promotionalLink\" href=\"https:\/\/app.talkpal.ai\/sk\/signup?lng=\">Vysk\u00fa\u0161ajte Talkpal zadarmo<\/a>\r\n<\/section>\n<div class=\"wp-block-group pageContainerStyle\"><div class=\"wp-block-group__inner-container is-layout-constrained wp-block-group-is-layout-constrained\">\n<h2 class=\"wp-block-heading\" id=\"h-the-magic-of-icelandic-grammar-unlocking-the-secrets-of-the-viking-tongue\">K\u00fazlo islandskej gramatiky: Odomknutie tajomstiev vikingsk\u00e9ho jazyka<\/h2>\n\n\n\n<h3 class=\"wp-block-heading\" id=\"h-introduction-icelandic-the-land-of-fire-and-ice\">\u00davod: Island\u010dina, krajina oh\u0148a a \u013eadu<\/h3>\n\n\n\n<p><a href=\"https:\/\/talkpal.ai\/learn-icelandic\/\">Islandsk\u00fd<\/a> jazyk, ktor\u00fdm hovoria obyvatelia ohromuj\u00faceho ostrovn\u00e9ho \u0161t\u00e1tu Islandu, je zn\u00e1my svojou bohatou hist\u00f3riou, podmanivou poetickou trad\u00edciou a v\u00fdnimo\u010dnou schopnos\u0165ou prisp\u00f4sobi\u0165 sa a vyv\u00edja\u0165 sa s dobou. Islandsk\u00fd jazyk, ktor\u00fd poch\u00e1dza zo starej n\u00f3r\u010diny, m\u00e1 zvl\u00e1\u0161tne \u010daro, ktor\u00e9 fascinuje milovn\u00edkov jazykov a cti\u017eiadostiv\u00fdch polyglotov. Tak\u017ee, zapnite si bezpe\u010dnostn\u00e9 p\u00e1sy, priatelia! Chyst\u00e1me sa ponori\u0165 do n\u00e1dhern\u00e9ho, zlo\u017eit\u00e9ho sveta islandskej gramatiky, odha\u013eova\u0165 jej tajomstv\u00e1 a objavova\u0165 skryt\u00e9 poklady.<\/p>\n\n\n\n<h3 class=\"wp-block-heading\" id=\"h-1-runic-scripts-to-latin-alphabet-a-story-of-transformation\">1. Runov\u00e9 skripty latinskej abecedy: pr\u00edbeh transform\u00e1cie<\/h3>\n\n\n\n<p>Islandsk\u00e1 abeceda je dobrodru\u017estvo samo o sebe, pozost\u00e1vaj\u00face z 32 znakov, ktor\u00e9 poch\u00e1dzaj\u00fa z r\u00f4znych historick\u00fdch kore\u0148ov. Hoci je abeceda zalo\u017een\u00e1 predov\u0161etk\u00fdm na latinke, zachovala si niektor\u00e9 charakteristick\u00e9 znaky z runov\u00e9ho p\u00edsma svojich starovek\u00fdch n\u00f3rskych predchodcov. Zvl\u00e1dnutie t\u00fdchto znakov je prvou prek\u00e1\u017ekou pri u\u010den\u00ed sa jazyka, ale s praxou sa z v\u00e1s v okamihu stane majster!<\/p>\n\n\n\n<h3 class=\"wp-block-heading\" id=\"h-2-noun-mastery-getting-to-the-roots-of-icelandic-grammar\">2. Ovl\u00e1danie podstatn\u00fdch mien: Dosta\u0165 sa ku kore\u0148om islandskej gramatiky<\/h3>\n\n\n\n<p>Jednou zo z\u00e1kladn\u00fdch \u010d\u0155t islandskej gramatiky je sklo\u0148ovanie podstatn\u00fdch mien pod\u013ea pohlavia, \u010d\u00edsla a p\u00e1du. Islandsk\u00e9 podstatn\u00e9 men\u00e1 m\u00f4\u017eu by\u0165 \u017eensk\u00e9, mu\u017esk\u00e9 alebo kastrovan\u00e9 a ka\u017ed\u00fd rod prich\u00e1dza s jedine\u010dn\u00fdm s\u00faborom pravidiel sklo\u0148ovania. Hoci sa to m\u00f4\u017ee zda\u0165 ako jazykov\u00e1 jazda na horskej dr\u00e1he, pochopenie t\u00fdchto zlo\u017eitost\u00ed je nevyhnutn\u00e9 na pochopenie jazyka ako celku. Znalosti, ktor\u00e9 z\u00edskate, v\u00e1m otvoria svet mo\u017enost\u00ed na vyjadrenie cel\u00e9ho radu jemn\u00fdch a zlo\u017eit\u00fdch v\u00fdznamov &#8211; skuto\u010dn\u00e1 sl\u00e1va islandskej gramatiky!<\/p>\n\n\n\n<h3 class=\"wp-block-heading\" id=\"h-3-the-mighty-verb-icelandic-s-unsung-hero\">3. Mocn\u00e9 sloveso: islandsk\u00fd neopozeran\u00fd hrdina<\/h3>\n\n\n\n<p>Podobne ako podstatn\u00e9 men\u00e1, aj islandsk\u00e9 sloves\u00e1 prech\u00e1dzaj\u00fa rozsiahlou transform\u00e1ciou v z\u00e1vislosti od \u010dasu, n\u00e1lady, osoby a \u010d\u00edsla predmetu. Tento zlo\u017eit\u00fd syst\u00e9m m\u00f4\u017ee by\u0165 spo\u010diatku sk\u013eu\u010duj\u00faci, ale majte so mnou trpezlivos\u0165! Ke\u010f sa nau\u010d\u00edte pravideln\u00e9 vzory a nepravideln\u00e9 zvl\u00e1\u0161tnosti, zist\u00edte, ak\u00e9 elegantn\u00e9 a v\u0161estrann\u00e9 m\u00f4\u017ee by\u0165 islandsk\u00e9 sloveso. Dobytie islandsk\u00fdch slovies odomkne silu vyjadrova\u0165 my\u0161lienky, pocity a \u010diny s presnos\u0165ou a kreativitou.<\/p>\n\n\n\n<h3 class=\"wp-block-heading\" id=\"h-4-word-order-icelandic-s-flexible-backbone\">4. Poradie slov: Pru\u017en\u00fd z\u00e1klad island\u010diny<\/h3>\n\n\n\n<p>Na rozdiel od rigidity niektor\u00fdch prvkov islandskej gramatiky pon\u00faka jazyk flexibilitu v porad\u00ed slov. To znamen\u00e1, \u017ee predmet, sloveso a objekt m\u00f4\u017eete umiestni\u0165 v r\u00f4znych usporiadaniach, pokia\u013e zachov\u00e1te zhodu v rode, \u010d\u00edsle, p\u00e1de a \u010fal\u0161\u00edch &#8211; uvo\u013en\u00edte tak umelca v sebe! Prisp\u00f4sobenie va\u0161ich viet t\u00fdmto hrav\u00fdm sp\u00f4sobom m\u00f4\u017ee pom\u00f4c\u0165 vytvori\u0165 d\u00f4raz, nuansy a konverza\u010dn\u00fd t\u00f3n, v\u010faka \u010domu bude va\u0161a re\u010d p\u00fatavej\u0161ia a pr\u00edjemnej\u0161ia.<\/p>\n\n\n\n<h3 class=\"wp-block-heading\" id=\"h-5-embrace-the-culture-discover-the-pulse-of-the-icelandic-language\">5. Prijmite kult\u00faru: objavte pulz islandsk\u00e9ho jazyka<\/h3>\n\n\n\n<p>Islandsk\u00fd jazyk sa ned\u00e1 oddeli\u0165 od jeho kult\u00farnych kore\u0148ov, preto\u017ee je pevne sp\u00e4t\u00fd so s\u00e1gami, Eddami a jedine\u010dnou hist\u00f3riou a sveton\u00e1zorom n\u00e1roda. Ak sa chcete skuto\u010dne ponori\u0165 do jazyka, prijmite jeho kontext cel\u00fdm srdcom. Ponorte sa do jeho folkl\u00f3ru, pohltte jeho liter\u00e1rne poklady a spojte sa s roden\u00fdmi hovorcami. Tento pr\u00edstup je k\u013e\u00fa\u010dom k dosiahnutiu jazykov\u00fdch znalost\u00ed a hlb\u0161ieho spojenia s Islan\u010fanmi a ich bohat\u00fdm kult\u00farnym dedi\u010dstvom.<\/p>\n\n\n\n<h3 class=\"wp-block-heading\" id=\"h-conclusion-an-icelandic-grammar-journey-worth-taking\">Z\u00e1ver: Islandsk\u00e1 gramatick\u00e1 cesta, ktor\u00fa sa oplat\u00ed absolvova\u0165<\/h3>\n\n\n\n<p>Hoci sa <a href=\"https:\/\/talkpal.ai\/icelandic-grammar\/\">islandsk\u00e1 gramatika<\/a> m\u00f4\u017ee zda\u0165 ako impozantn\u00e1 v\u00fdzva, odmeny s\u00fa bohat\u00e9 pre t\u00fdch, ktor\u00ed sa do toho pustia. S vytrvalos\u0165ou, z\u00e1ujmom o kult\u00faru a ve\u013ekou d\u00e1vkou zvedavosti v\u00e1s zaujm\u00fa zlo\u017eitosti islandsk\u00e9ho jazyka. Pridajte sa k n\u00e1m v tomto dobrodru\u017estve a odha\u013ete k\u00fazlo islandskej gramatiky, krok za krokom.<\/p>\n<\/div><\/div>\n\r\n<section class=\"learnNavigationSection\">\r\n            \r\n        <a href=\"https:\/\/talkpal.ai\/sk\/naucte-sa-islandsky\/\">\r\n            <div class=\"learnNavigationWrapper\">\r\n                <div class=\"learnNavigationContent\">\r\n                    <img decoding=\"async\" src=\"https:\/\/talkpal.ai\/wp-content\/uploads\/2024\/08\/Icelandic.jpg\" alt=\"Iceland Flag\">\r\n                    <div>\r\n                        <h4>O islandskom vzdel\u00e1van\u00ed<\/h4>\r\n                        <p>Zistite v\u0161etko o islandskej gramatike.<\/p>\r\n                    <\/div>\r\n                <\/div>\r\n            <\/div>\r\n        <\/a>\r\n\r\n        \r\n        <a href=\"https:\/\/talkpal.ai\/sk\/islandske-gramaticke-cvicenia\/\">\r\n            <div class=\"learnNavigationWrapper\">\r\n                <div class=\"learnNavigationContent\">\r\n                    <img decoding=\"async\" src=\"https:\/\/talkpal.ai\/wp-content\/uploads\/2024\/08\/Icelandic.jpg\" alt=\"Iceland Flag\">\r\n                    <div>\r\n                        <h4>Cvi\u010denie z islandskej gramatiky<\/h4>\r\n                        <p>Precvi\u010dte si islandsk\u00fa gramatiku.<\/p>\r\n                    <\/div>\r\n                <\/div>\r\n            <\/div>\r\n        <\/a>\r\n\r\n        \r\n        <a href=\"https:\/\/talkpal.ai\/vocabulary_language\/icelandic\/\">\r\n            <div class=\"learnNavigationWrapper\">\r\n                <div class=\"learnNavigationContent\">\r\n                    <img decoding=\"async\" src=\"https:\/\/talkpal.ai\/wp-content\/uploads\/2024\/08\/Icelandic.jpg\" alt=\"Iceland Flag\">\r\n                    <div>\r\n                        <h4>Islandsk\u00e1 slovn\u00e1 z\u00e1soba<\/h4>\r\n                        <p>Roz\u0161\u00edrte si slovn\u00fa z\u00e1sobu island\u010diny.<\/p>\r\n                    <\/div>\r\n                <\/div>\r\n            <\/div>\r\n        <\/a>\r\n\r\n            <\/section>","protected":false},"excerpt":{"rendered":"<p>K\u00fazlo islandskej gramatiky: Odomknutie tajomstiev vikingsk\u00e9ho jazyka \u00davod: Island\u010dina, krajina oh\u0148a a \u013eadu Islandsk\u00fd jazyk, ktor\u00fdm hovoria obyvatelia ohromuj\u00faceho ostrovn\u00e9ho \u0161t\u00e1tu Islandu, je zn\u00e1my svojou bohatou hist\u00f3riou, podmanivou poetickou trad\u00edciou a v\u00fdnimo\u010dnou schopnos\u0165ou prisp\u00f4sobi\u0165 sa a vyv\u00edja\u0165 sa s dobou. Islandsk\u00fd jazyk, ktor\u00fd poch\u00e1dza zo starej n\u00f3r\u010diny, m\u00e1 zvl\u00e1\u0161tne \u010daro, ktor\u00e9 fascinuje milovn\u00edkov jazykov a [&hellip;]<\/p>\n","protected":false},"author":1,"featured_media":113361,"parent":0,"menu_order":0,"comment_status":"closed","ping_status":"closed","template":"LearningContentPage.php","meta":{"_acf_changed":false,"footnotes":""},"class_list":["post-144795","page","type-page","status-publish","has-post-thumbnail","hentry"],"acf":[],"yoast_head":"<!-- This site is optimized with the Yoast SEO Premium plugin v27.2 (Yoast SEO v27.2) - https:\/\/yoast.com\/product\/yoast-seo-premium-wordpress\/ -->\n<title>Islandsk\u00e1 gramatika - Talkpal<\/title>\n<meta name=\"description\" content=\"Nau\u010dte sa jasne islandsk\u00fa gramatiku - pochopte k\u013e\u00fa\u010dov\u00e9 gramatick\u00e9 pravidl\u00e1, tvorte spr\u00e1vne vety a r\u00fdchlo si zv\u00fd\u0161te sebad\u00f4veru pomocou Talkpallekci\u00ed s umelou inteligenciou.\" \/>\n<meta name=\"robots\" content=\"index, follow, max-snippet:-1, max-image-preview:large, max-video-preview:-1\" \/>\n<link rel=\"canonical\" href=\"https:\/\/talkpal.ai\/sk\/islandska-gramatika\/\" \/>\n<meta property=\"og:locale\" content=\"sk_SK\" \/>\n<meta property=\"og:type\" content=\"article\" \/>\n<meta property=\"og:title\" content=\"Islandsk\u00e1 gramatika\" \/>\n<meta property=\"og:description\" content=\"K\u00fazlo islandskej gramatiky: Odomknutie tajomstiev vikingsk\u00e9ho jazyka \u00davod: Island\u010dina, krajina oh\u0148a a \u013eadu Islandsk\u00fd jazyk, ktor\u00fdm hovoria obyvatelia\" \/>\n<meta property=\"og:url\" content=\"https:\/\/talkpal.ai\/sk\/islandska-gramatika\/\" \/>\n<meta property=\"og:site_name\" content=\"Talkpal\" \/>\n<meta property=\"article:publisher\" content=\"https:\/\/www.facebook.com\/profile.php?id=100090733639311\" \/>\n<meta property=\"article:modified_time\" content=\"2025-12-12T10:50:42+00:00\" \/>\n<meta property=\"og:image\" content=\"https:\/\/talkpal.ai\/wp-content\/uploads\/2023\/05\/iceland.png\" \/>\n\t<meta property=\"og:image:width\" content=\"512\" \/>\n\t<meta property=\"og:image:height\" content=\"512\" \/>\n\t<meta property=\"og:image:type\" content=\"image\/png\" \/>\n<meta name=\"twitter:card\" content=\"summary_large_image\" \/>\n<meta name=\"twitter:site\" content=\"@talkpalai\" \/>\n<meta name=\"twitter:label1\" content=\"Predpokladan\u00fd \u010das \u010d\u00edtania\" \/>\n\t<meta name=\"twitter:data1\" content=\"3 min\u00faty\" \/>\n<script type=\"application\/ld+json\" class=\"yoast-schema-graph\">{\"@context\":\"https:\/\/schema.org\",\"@graph\":[{\"@type\":\"WebPage\",\"@id\":\"https:\/\/talkpal.ai\/sk\/islandska-gramatika\/\",\"url\":\"https:\/\/talkpal.ai\/sk\/islandska-gramatika\/\",\"name\":\"Islandsk\u00e1 gramatika - Talkpal\",\"isPartOf\":{\"@id\":\"https:\/\/talkpal.ai\/sk\/#website\"},\"primaryImageOfPage\":{\"@id\":\"https:\/\/talkpal.ai\/sk\/islandska-gramatika\/#primaryimage\"},\"image\":{\"@id\":\"https:\/\/talkpal.ai\/sk\/islandska-gramatika\/#primaryimage\"},\"thumbnailUrl\":\"https:\/\/talkpal.ai\/wp-content\/uploads\/2023\/05\/iceland.png\",\"datePublished\":\"2023-05-14T14:09:11+00:00\",\"dateModified\":\"2025-12-12T10:50:42+00:00\",\"description\":\"Nau\u010dte sa jasne islandsk\u00fa gramatiku - pochopte k\u013e\u00fa\u010dov\u00e9 gramatick\u00e9 pravidl\u00e1, tvorte spr\u00e1vne vety a r\u00fdchlo si zv\u00fd\u0161te sebad\u00f4veru pomocou Talkpallekci\u00ed s umelou inteligenciou.\",\"breadcrumb\":{\"@id\":\"https:\/\/talkpal.ai\/sk\/islandska-gramatika\/#breadcrumb\"},\"inLanguage\":\"sk-SK\",\"potentialAction\":[{\"@type\":\"ReadAction\",\"target\":[\"https:\/\/talkpal.ai\/sk\/islandska-gramatika\/\"]}]},{\"@type\":\"ImageObject\",\"inLanguage\":\"sk-SK\",\"@id\":\"https:\/\/talkpal.ai\/sk\/islandska-gramatika\/#primaryimage\",\"url\":\"https:\/\/talkpal.ai\/wp-content\/uploads\/2023\/05\/iceland.png\",\"contentUrl\":\"https:\/\/talkpal.ai\/wp-content\/uploads\/2023\/05\/iceland.png\",\"width\":512,\"height\":512},{\"@type\":\"BreadcrumbList\",\"@id\":\"https:\/\/talkpal.ai\/sk\/islandska-gramatika\/#breadcrumb\",\"itemListElement\":[{\"@type\":\"ListItem\",\"position\":1,\"name\":\"Homepage\",\"item\":\"https:\/\/talkpal.ai\/sk\/\"},{\"@type\":\"ListItem\",\"position\":2,\"name\":\"Islandsk\u00e1 gramatika\"}]},{\"@type\":\"WebSite\",\"@id\":\"https:\/\/talkpal.ai\/sk\/#website\",\"url\":\"https:\/\/talkpal.ai\/sk\/\",\"name\":\"Talkpal\",\"description\":\"AI Language Learning\",\"publisher\":{\"@id\":\"https:\/\/talkpal.ai\/sk\/#organization\"},\"alternateName\":\"Talkpal AI\",\"potentialAction\":[{\"@type\":\"SearchAction\",\"target\":{\"@type\":\"EntryPoint\",\"urlTemplate\":\"https:\/\/talkpal.ai\/sk\/?s={search_term_string}\"},\"query-input\":{\"@type\":\"PropertyValueSpecification\",\"valueRequired\":true,\"valueName\":\"search_term_string\"}}],\"inLanguage\":\"sk-SK\"},{\"@type\":\"Organization\",\"@id\":\"https:\/\/talkpal.ai\/sk\/#organization\",\"name\":\"Talkpal, Inc.\",\"alternateName\":\"Talkpal AI\",\"url\":\"https:\/\/talkpal.ai\/sk\/\",\"logo\":{\"@type\":\"ImageObject\",\"inLanguage\":\"sk-SK\",\"@id\":\"https:\/\/talkpal.ai\/sk\/#\/schema\/logo\/image\/\",\"url\":\"https:\/\/talkpal.ai\/wp-content\/uploads\/2024\/03\/Talkpal-Logo-Icon.png\",\"contentUrl\":\"https:\/\/talkpal.ai\/wp-content\/uploads\/2024\/03\/Talkpal-Logo-Icon.png\",\"width\":2880,\"height\":2880,\"caption\":\"Talkpal, Inc.\"},\"image\":{\"@id\":\"https:\/\/talkpal.ai\/sk\/#\/schema\/logo\/image\/\"},\"sameAs\":[\"https:\/\/www.facebook.com\/profile.php?id=100090733639311\",\"https:\/\/x.com\/talkpalai\",\"https:\/\/www.linkedin.com\/company\/talkpal\/\",\"https:\/\/www.youtube.com\/@TalkPal\/\",\"https:\/\/www.tiktok.com\/@talkpal\",\"https:\/\/www.instagram.com\/talkpal_ai\/\",\"https:\/\/www.crunchbase.com\/organization\/talkpal-9cde\",\"https:\/\/www.g2.com\/products\/talkpal-for-business\/\",\"https:\/\/www.trustpilot.com\/review\/talkpal.ai\",\"https:\/\/www.capterra.com\/p\/10006800\/TalkPal\/\"],\"description\":\"Talkpal is a language learning web and mobile education app, powered by the latest AI technologies, that provides engaging experiences to its customers in many different languages to help them improve their language skills. Users can chat about unlimited amount of topics with the app and use other modes to practice their language learning.\",\"email\":\"support@talkpal.ai\",\"legalName\":\"Talkpal, Inc.\",\"foundingDate\":\"2023-04-03\",\"duns\":\"118989042\",\"numberOfEmployees\":{\"@type\":\"QuantitativeValue\",\"minValue\":\"11\",\"maxValue\":\"50\"},\"publishingPrinciples\":\"https:\/\/talkpal.ai\/publishing-principles\/\",\"actionableFeedbackPolicy\":\"https:\/\/talkpal.ai\/actionable-feedback-policy\/\",\"correctionsPolicy\":\"https:\/\/talkpal.ai\/corrections-policy\/\",\"ethicsPolicy\":\"https:\/\/talkpal.ai\/ethics-policy\/\",\"diversityPolicy\":\"https:\/\/talkpal.ai\/diversity-policy\/\",\"diversityStaffingReport\":\"https:\/\/talkpal.ai\/diversity-policy\/\"}]}<\/script>\n<!-- \/ Yoast SEO Premium plugin. -->","yoast_head_json":{"title":"Islandsk\u00e1 gramatika - Talkpal","description":"Nau\u010dte sa jasne islandsk\u00fa gramatiku - pochopte k\u013e\u00fa\u010dov\u00e9 gramatick\u00e9 pravidl\u00e1, tvorte spr\u00e1vne vety a r\u00fdchlo si zv\u00fd\u0161te sebad\u00f4veru pomocou Talkpallekci\u00ed s umelou inteligenciou.","robots":{"index":"index","follow":"follow","max-snippet":"max-snippet:-1","max-image-preview":"max-image-preview:large","max-video-preview":"max-video-preview:-1"},"canonical":"https:\/\/talkpal.ai\/sk\/islandska-gramatika\/","og_locale":"sk_SK","og_type":"article","og_title":"Islandsk\u00e1 gramatika","og_description":"K\u00fazlo islandskej gramatiky: Odomknutie tajomstiev vikingsk\u00e9ho jazyka \u00davod: Island\u010dina, krajina oh\u0148a a \u013eadu Islandsk\u00fd jazyk, ktor\u00fdm hovoria obyvatelia","og_url":"https:\/\/talkpal.ai\/sk\/islandska-gramatika\/","og_site_name":"Talkpal","article_publisher":"https:\/\/www.facebook.com\/profile.php?id=100090733639311","article_modified_time":"2025-12-12T10:50:42+00:00","og_image":[{"width":512,"height":512,"url":"https:\/\/talkpal.ai\/wp-content\/uploads\/2023\/05\/iceland.png","type":"image\/png"}],"twitter_card":"summary_large_image","twitter_site":"@talkpalai","twitter_misc":{"Predpokladan\u00fd \u010das \u010d\u00edtania":"3 min\u00faty"},"schema":{"@context":"https:\/\/schema.org","@graph":[{"@type":"WebPage","@id":"https:\/\/talkpal.ai\/sk\/islandska-gramatika\/","url":"https:\/\/talkpal.ai\/sk\/islandska-gramatika\/","name":"Islandsk\u00e1 gramatika - Talkpal","isPartOf":{"@id":"https:\/\/talkpal.ai\/sk\/#website"},"primaryImageOfPage":{"@id":"https:\/\/talkpal.ai\/sk\/islandska-gramatika\/#primaryimage"},"image":{"@id":"https:\/\/talkpal.ai\/sk\/islandska-gramatika\/#primaryimage"},"thumbnailUrl":"https:\/\/talkpal.ai\/wp-content\/uploads\/2023\/05\/iceland.png","datePublished":"2023-05-14T14:09:11+00:00","dateModified":"2025-12-12T10:50:42+00:00","description":"Nau\u010dte sa jasne islandsk\u00fa gramatiku - pochopte k\u013e\u00fa\u010dov\u00e9 gramatick\u00e9 pravidl\u00e1, tvorte spr\u00e1vne vety a r\u00fdchlo si zv\u00fd\u0161te sebad\u00f4veru pomocou Talkpallekci\u00ed s umelou inteligenciou.","breadcrumb":{"@id":"https:\/\/talkpal.ai\/sk\/islandska-gramatika\/#breadcrumb"},"inLanguage":"sk-SK","potentialAction":[{"@type":"ReadAction","target":["https:\/\/talkpal.ai\/sk\/islandska-gramatika\/"]}]},{"@type":"ImageObject","inLanguage":"sk-SK","@id":"https:\/\/talkpal.ai\/sk\/islandska-gramatika\/#primaryimage","url":"https:\/\/talkpal.ai\/wp-content\/uploads\/2023\/05\/iceland.png","contentUrl":"https:\/\/talkpal.ai\/wp-content\/uploads\/2023\/05\/iceland.png","width":512,"height":512},{"@type":"BreadcrumbList","@id":"https:\/\/talkpal.ai\/sk\/islandska-gramatika\/#breadcrumb","itemListElement":[{"@type":"ListItem","position":1,"name":"Homepage","item":"https:\/\/talkpal.ai\/sk\/"},{"@type":"ListItem","position":2,"name":"Islandsk\u00e1 gramatika"}]},{"@type":"WebSite","@id":"https:\/\/talkpal.ai\/sk\/#website","url":"https:\/\/talkpal.ai\/sk\/","name":"Talkpal","description":"AI Language Learning","publisher":{"@id":"https:\/\/talkpal.ai\/sk\/#organization"},"alternateName":"Talkpal AI","potentialAction":[{"@type":"SearchAction","target":{"@type":"EntryPoint","urlTemplate":"https:\/\/talkpal.ai\/sk\/?s={search_term_string}"},"query-input":{"@type":"PropertyValueSpecification","valueRequired":true,"valueName":"search_term_string"}}],"inLanguage":"sk-SK"},{"@type":"Organization","@id":"https:\/\/talkpal.ai\/sk\/#organization","name":"Talkpal, Inc.","alternateName":"Talkpal AI","url":"https:\/\/talkpal.ai\/sk\/","logo":{"@type":"ImageObject","inLanguage":"sk-SK","@id":"https:\/\/talkpal.ai\/sk\/#\/schema\/logo\/image\/","url":"https:\/\/talkpal.ai\/wp-content\/uploads\/2024\/03\/Talkpal-Logo-Icon.png","contentUrl":"https:\/\/talkpal.ai\/wp-content\/uploads\/2024\/03\/Talkpal-Logo-Icon.png","width":2880,"height":2880,"caption":"Talkpal, Inc."},"image":{"@id":"https:\/\/talkpal.ai\/sk\/#\/schema\/logo\/image\/"},"sameAs":["https:\/\/www.facebook.com\/profile.php?id=100090733639311","https:\/\/x.com\/talkpalai","https:\/\/www.linkedin.com\/company\/talkpal\/","https:\/\/www.youtube.com\/@TalkPal\/","https:\/\/www.tiktok.com\/@talkpal","https:\/\/www.instagram.com\/talkpal_ai\/","https:\/\/www.crunchbase.com\/organization\/talkpal-9cde","https:\/\/www.g2.com\/products\/talkpal-for-business\/","https:\/\/www.trustpilot.com\/review\/talkpal.ai","https:\/\/www.capterra.com\/p\/10006800\/TalkPal\/"],"description":"Talkpal is a language learning web and mobile education app, powered by the latest AI technologies, that provides engaging experiences to its customers in many different languages to help them improve their language skills. Users can chat about unlimited amount of topics with the app and use other modes to practice their language learning.","email":"support@talkpal.ai","legalName":"Talkpal, Inc.","foundingDate":"2023-04-03","duns":"118989042","numberOfEmployees":{"@type":"QuantitativeValue","minValue":"11","maxValue":"50"},"publishingPrinciples":"https:\/\/talkpal.ai\/publishing-principles\/","actionableFeedbackPolicy":"https:\/\/talkpal.ai\/actionable-feedback-policy\/","correctionsPolicy":"https:\/\/talkpal.ai\/corrections-policy\/","ethicsPolicy":"https:\/\/talkpal.ai\/ethics-policy\/","diversityPolicy":"https:\/\/talkpal.ai\/diversity-policy\/","diversityStaffingReport":"https:\/\/talkpal.ai\/diversity-policy\/"}]}},"_links":{"self":[{"href":"https:\/\/talkpal.ai\/sk\/wp-json\/wp\/v2\/pages\/144795","targetHints":{"allow":["GET"]}}],"collection":[{"href":"https:\/\/talkpal.ai\/sk\/wp-json\/wp\/v2\/pages"}],"about":[{"href":"https:\/\/talkpal.ai\/sk\/wp-json\/wp\/v2\/types\/page"}],"author":[{"embeddable":true,"href":"https:\/\/talkpal.ai\/sk\/wp-json\/wp\/v2\/users\/1"}],"replies":[{"embeddable":true,"href":"https:\/\/talkpal.ai\/sk\/wp-json\/wp\/v2\/comments?post=144795"}],"version-history":[{"count":0,"href":"https:\/\/talkpal.ai\/sk\/wp-json\/wp\/v2\/pages\/144795\/revisions"}],"wp:featuredmedia":[{"embeddable":true,"href":"https:\/\/talkpal.ai\/sk\/wp-json\/wp\/v2\/media\/113361"}],"wp:attachment":[{"href":"https:\/\/talkpal.ai\/sk\/wp-json\/wp\/v2\/media?parent=144795"}],"curies":[{"name":"wp","href":"https:\/\/api.w.org\/{rel}","templated":true}]}}