{"id":144492,"date":"2023-05-14T14:08:53","date_gmt":"2023-05-14T14:08:53","guid":{"rendered":"http:\/\/talkpal.ai\/madarska-gramatika\/"},"modified":"2025-12-12T10:45:59","modified_gmt":"2025-12-12T10:45:59","slug":"madarska-gramatika","status":"publish","type":"page","link":"https:\/\/talkpal.ai\/sk\/madarska-gramatika\/","title":{"rendered":"Ma\u010farsk\u00e1 gramatika"},"content":{"rendered":"\r\n\r\n\r\n<section class=\"languageChallengeSection\">\r\n    <div class=\"languageInfoWrapper\">\r\n        \r\n        <h1>Ma\u010farsk\u00e1 gramatika<\/h1>\r\n        <p>Ste pripraven\u00ed prija\u0165 skuto\u010dne jedine\u010dn\u00fa jazykov\u00fa v\u00fdzvu? Ponorte sa do ma\u010farskej gramatiky a objavte jej pozoruhodn\u00e9 vlastnosti. Za\u010dnite sa u\u010di\u0165 e\u0161te dnes a zistite, ako v\u00e1m zvl\u00e1dnutie ma\u010farskej gramatiky otvor\u00ed dvere k zmyslupln\u00fdm rozhovorom a hlbok\u00e9mu oceneniu bohat\u00e9ho jazykov\u00e9ho dedi\u010dstva Ma\u010farska!<\/p>\r\n\r\n                            <a class=\"getStartedHidden\" href=\"https:\/\/app.talkpal.ai\/sk\/signup?lng=\">Za\u010dni<\/a>\r\n        \r\n    <\/div>\r\n\r\n    <figure>\r\n    <img decoding=\"async\" width=\"768\" height=\"768\" src=\"https:\/\/talkpal.ai\/wp-content\/uploads\/2023\/06\/hungarian-768x768.png\" class=\"languageImage no-lazy\" alt=\"Language learning strategies for advanced learners\" fetchpriority=\"high\" sizes=\"(max-width: 768px) 150px, 768px\" srcset=\"https:\/\/talkpal.ai\/wp-content\/uploads\/2023\/06\/hungarian-768x768.png 768w, https:\/\/talkpal.ai\/wp-content\/uploads\/2023\/06\/hungarian-300x300.png 300w\" \/>\r\n    \r\n\r\n    <\/figure>\r\n\r\n            <a class=\"getStartedVisible\" href=\"https:\/\/app.talkpal.ai\/sk\/signup?lng=\">Za\u010dni<\/a>\r\n    \r\n<\/section>\r\n<section class=\"promotionalBanner\">\r\n    <p class=\"promotionalText\">Najefekt\u00edvnej\u0161\u00ed sp\u00f4sob, ako sa nau\u010di\u0165 jazyk<\/p>\r\n    <a class=\"promotionalLink\" href=\"https:\/\/app.talkpal.ai\/sk\/signup?lng=\">Vysk\u00fa\u0161ajte Talkpal zadarmo<\/a>\r\n<\/section>\n<div class=\"wp-block-group pageContainerStyle\"><div class=\"wp-block-group__inner-container is-layout-constrained wp-block-group-is-layout-constrained\">\n<h2 class=\"wp-block-heading\" id=\"h-title-unlocking-the-secrets-of-hungarian-grammar\">N\u00e1zov: Odomknutie tajomstiev ma\u010farskej gramatiky<\/h2>\n\n\n\n<p><a href=\"https:\/\/talkpal.ai\/learn-hungarian\/\">Ma\u010far\u010dina<\/a>, ugrof\u00ednsky jazyk, vynik\u00e1 svoj\u00edm jedine\u010dn\u00fdm gramatick\u00fdm syst\u00e9mom, \u010do z neho rob\u00ed fascinuj\u00facu v\u00fdzvu pre jazykov\u00fdch nad\u0161encov. <a href=\"https:\/\/talkpal.ai\/sk\/ucenie\/\">U\u010denie sa<\/a> ma\u010far\u010diny nielen roz\u0161iruje va\u0161e jazykov\u00e9 znalosti, ale tie\u017e v\u00e1m umo\u017e\u0148uje ponori\u0165 sa do podmanivej kult\u00fary a hist\u00f3rie Ma\u010farska. Zatia\u013e \u010do <a href=\"https:\/\/talkpal.ai\/hungarian-grammar\/\">ma\u010farsk\u00e1 gramatika<\/a> sa m\u00f4\u017ee spo\u010diatku zda\u0165 zastra\u0161uj\u00faca, jej rozdelenie na zvl\u00e1dnute\u013en\u00e9 zlo\u017eky rob\u00ed proces u\u010denia pr\u00edstupnej\u0161\u00edm. V tomto \u010dl\u00e1nku v\u00e1m predstav\u00edme zauj\u00edmav\u00fd svet ma\u010farskej gramatiky a pon\u00fakneme v\u00e1m n\u00e1vod na zvl\u00e1dnutie jej zlo\u017eitosti.<\/p>\n\n\n\n<h3 class=\"wp-block-heading\" id=\"h-1-word-order-a-flexible-feature\">1. Slovosled: flexibiln\u00e1 funkcia<\/h3>\n\n\n\n<p>Na rozdiel od mnoh\u00fdch in\u00fdch jazykov m\u00e1 <a href=\"https:\/\/talkpal.ai\/learn-hungarian\/\">ma\u010far\u010dina<\/a> relat\u00edvne flexibiln\u00fd slovosled. Zatia\u013e \u010do typick\u00e1 ma\u010farsk\u00e1 veta sleduje vzor subjekt-sloveso-objekt (SVO), in\u00e9 slovosledy s\u00fa tie\u017e be\u017en\u00e9 a pou\u017e\u00edvaj\u00fa sa na zd\u00f4raznenie r\u00f4znych \u010dast\u00ed vety. Obozn\u00e1menie sa s t\u00fdmito vari\u00e1ciami v\u00e1m umo\u017en\u00ed efekt\u00edvnej\u0161ie pochopi\u0165 a zostavi\u0165 ma\u010farsk\u00e9 vety.<\/p>\n\n\n\n<h3 class=\"wp-block-heading\" id=\"h-2-nouns-and-cases-the-role-of-suffixes\">2. Podstatn\u00e9 men\u00e1 a p\u00e1dy: \u00faloha pr\u00edpon<\/h3>\n\n\n\n<p>Ma\u010farsk\u00e9 podstatn\u00e9 men\u00e1 nemaj\u00fa gramatick\u00fd rod, \u010do zjednodu\u0161uje kon\u0161trukciu viet. Podstatn\u00e9 men\u00e1 a in\u00e9 \u010dasti re\u010di v ma\u010farskej gramatike v\u0161ak vyu\u017e\u00edvaj\u00fa mno\u017estvo pr\u00edpon na ozna\u010denie pr\u00edpadov, vlastn\u00edctva a plurality. Nau\u010di\u0165 sa tieto pr\u00edpony a ich pou\u017eitie v\u00fdrazne zlep\u0161\u00ed va\u0161u schopnos\u0165 komunikova\u0165 v ma\u010far\u010dine.<\/p>\n\n\n\n<p>Pr\u00edklady:<\/p>\n\n\n\n<p><strong>&#8211; h\u00e1z (dom) &#8211; h\u00e1zak (domy)<\/strong><\/p>\n\n\n\n<p><strong>&#8211; h\u00e1zban (v dome) &#8211; h\u00e1zakban (v domoch)<\/strong><\/p>\n\n\n\n<h3 class=\"wp-block-heading\" id=\"h-3-verbs-conjugation-and-tense\">3. Sloves\u00e1: \u010dasovanie a \u010das<\/h3>\n\n\n\n<p>Ma\u010farsk\u00e9 sloves\u00e1 sa konjuguj\u00fa pod\u013ea \u010dasu, n\u00e1lady, podmetu a ur\u010ditosti. Hoci v ma\u010far\u010dine existuje viacero \u010dasov, dobr\u00fdm v\u00fdchodiskom je nau\u010di\u0165 sa tri z\u00e1kladn\u00e9 \u010dasy &#8211; pr\u00edtomn\u00fd, minul\u00fd a bud\u00faci. Zozn\u00e1mte sa s pravideln\u00fdmi \u010dasovac\u00edmi vzormi slovies a nau\u010dte sa be\u017en\u00e9 nepravideln\u00e9 sloves\u00e1, aby ste zv\u00fd\u0161ili svoje verb\u00e1lne komunika\u010dn\u00e9 schopnosti.<\/p>\n\n\n\n<h3 class=\"wp-block-heading\" id=\"h-4-adjectives-agreement-and-placement\">4. Pr\u00eddavn\u00e9 men\u00e1: dohoda a umiestnenie<\/h3>\n\n\n\n<p>V ma\u010farskej gramatike musia pr\u00eddavn\u00e9 men\u00e1 s\u00fahlasi\u0165 s podstatn\u00fdm menom, ktor\u00e9 upravuj\u00fa z h\u013eadiska \u010d\u00edsla (jednotn\u00e9ho alebo mno\u017en\u00e9ho \u010d\u00edsla). Pr\u00eddavn\u00e9 men\u00e1 sa v\u0161ak nemusia zhodova\u0165 s podstatn\u00fdm menom pre gramatick\u00fd p\u00e1d. Pr\u00eddavn\u00e9 men\u00e1 zvy\u010dajne predch\u00e1dzaj\u00fa podstatn\u00e9mu menu a poskytuj\u00fa opisn\u00fd kontext vety.<\/p>\n\n\n\n<p>Pr\u00edklady:<\/p>\n\n\n\n<p><strong>&#8211; piros alma (\u010derven\u00e9 jablko)<\/strong><\/p>\n\n\n\n<p><strong>&#8211; sz\u00e9p vir\u00e1gok (kr\u00e1sne kvety)<\/strong><\/p>\n\n\n\n<h3 class=\"wp-block-heading\" id=\"h-5-vowel-harmony-a-unique-feature\">5. Harm\u00f3nia samohl\u00e1sok: jedine\u010dn\u00e1 vlastnos\u0165<\/h3>\n\n\n\n<p>Charakteristick\u00fdm aspektom ma\u010farskej gramatiky je harm\u00f3nia samohl\u00e1sok, ktor\u00e1 zah\u0155\u0148a zhodu samohl\u00e1sok v slov\u00e1ch. Harm\u00f3nia samohl\u00e1sok ovplyv\u0148uje sp\u00f4sob, ak\u00fdm s\u00fa pr\u00edpony tvoren\u00e9 a pripojen\u00e9 k slov\u00e1m. Porozumenie a precvi\u010dovanie harm\u00f3nie samohl\u00e1sok urob\u00ed va\u0161u p\u00edsan\u00fa a hovoren\u00fa ma\u010far\u010dinu presnej\u0161ou a prirodzenej\u0161ou.<\/p>\n\n\n\n<h3 class=\"wp-block-heading\" id=\"h-6-engaging-with-the-language\">6. Zapojenie sa do jazyka<\/h3>\n\n\n\n<p>Najefekt\u00edvnej\u0161\u00edm sp\u00f4sobom, ako plne pochopi\u0165 a internalizova\u0165 ma\u010farsk\u00fa gramatiku, je d\u00f4sledne sa zaobera\u0165 jazykom. \u010c\u00edtan\u00edm ma\u010farskej literat\u00fary, sledovan\u00edm dom\u00e1cich filmov alebo akt\u00edvnou konverz\u00e1ciou s roden\u00fdmi hovorcami posiln\u00edte svoje ch\u00e1panie gramatiky a z\u00e1rove\u0148 roz\u0161\u00edrite svoju slovn\u00fa z\u00e1sobu.<\/p>\n\n\n\n<h3 class=\"wp-block-heading\" id=\"h-conclusion\">Z\u00e1ver<\/h3>\n\n\n\n<p>Hoci sa ma\u010farsk\u00e1 gramatika m\u00f4\u017ee zda\u0165 zlo\u017eit\u00e1, pr\u00edstup k nej krok za krokom a d\u00f4sledn\u00e9 precvi\u010dovanie v\u00e1m pom\u00f4\u017ee zdokonali\u0165 sa v tomto fascinuj\u00facom jazyku. Prijmite t\u00fato v\u00fdzvu, ke\u010f sa vyd\u00e1te na cestu za ma\u010farsk\u00fdm jazykom, a \u010doskoro zist\u00edte, \u017ee sa s istotou orientujete v zlo\u017eitostiach jeho gramatiky. \u0160\u0165astn\u00e9 \u0161t\u00fadium a u\u017eite si objavovanie z\u00e1zrakov ma\u010farskej gramatiky!<\/p>\n<\/div><\/div>\n\r\n<section class=\"learnNavigationSection\">\r\n            \r\n        <a href=\"https:\/\/talkpal.ai\/sk\/naucte-sa-po-madarsky\/\">\r\n            <div class=\"learnNavigationWrapper\">\r\n                <div class=\"learnNavigationContent\">\r\n                    <img decoding=\"async\" src=\"https:\/\/talkpal.ai\/wp-content\/uploads\/2024\/08\/Hungarian.jpg\" alt=\"Hungarian Flag\">\r\n                    <div>\r\n                        <h4>O ma\u010farskom vzdel\u00e1van\u00ed<\/h4>\r\n                        <p>Zistite v\u0161etko o ma\u010farskej gramatike.<\/p>\r\n                    <\/div>\r\n                <\/div>\r\n            <\/div>\r\n        <\/a>\r\n\r\n        \r\n        <a href=\"https:\/\/talkpal.ai\/sk\/madarske-gramaticke-cvicenia\/\">\r\n            <div class=\"learnNavigationWrapper\">\r\n                <div class=\"learnNavigationContent\">\r\n                    <img decoding=\"async\" src=\"https:\/\/talkpal.ai\/wp-content\/uploads\/2024\/08\/Hungarian.jpg\" alt=\"Hungarian Flag\">\r\n                    <div>\r\n                        <h4>Cvi\u010denie z ma\u010farskej gramatiky<\/h4>\r\n                        <p>Precvi\u010dte si ma\u010farsk\u00fa gramatiku.<\/p>\r\n                    <\/div>\r\n                <\/div>\r\n            <\/div>\r\n        <\/a>\r\n\r\n        \r\n        <a href=\"https:\/\/talkpal.ai\/vocabulary_language\/hungarian\/\">\r\n            <div class=\"learnNavigationWrapper\">\r\n                <div class=\"learnNavigationContent\">\r\n                    <img decoding=\"async\" src=\"https:\/\/talkpal.ai\/wp-content\/uploads\/2024\/08\/Hungarian.jpg\" alt=\"Hungarian Flag\">\r\n                    <div>\r\n                        <h4>Ma\u010farsk\u00e1 slovn\u00e1 z\u00e1soba<\/h4>\r\n                        <p>Roz\u0161\u00edrte si slovn\u00fa z\u00e1sobu ma\u010far\u010diny.<\/p>\r\n                    <\/div>\r\n                <\/div>\r\n            <\/div>\r\n        <\/a>\r\n\r\n            <\/section>","protected":false},"excerpt":{"rendered":"<p>N\u00e1zov: Odomknutie tajomstiev ma\u010farskej gramatiky Ma\u010far\u010dina, ugrof\u00ednsky jazyk, vynik\u00e1 svoj\u00edm jedine\u010dn\u00fdm gramatick\u00fdm syst\u00e9mom, \u010do z neho rob\u00ed fascinuj\u00facu v\u00fdzvu pre jazykov\u00fdch nad\u0161encov. U\u010denie sa ma\u010far\u010diny nielen roz\u0161iruje va\u0161e jazykov\u00e9 znalosti, ale tie\u017e v\u00e1m umo\u017e\u0148uje ponori\u0165 sa do podmanivej kult\u00fary a hist\u00f3rie Ma\u010farska. Zatia\u013e \u010do ma\u010farsk\u00e1 gramatika sa m\u00f4\u017ee spo\u010diatku zda\u0165 zastra\u0161uj\u00faca, jej rozdelenie na zvl\u00e1dnute\u013en\u00e9 [&hellip;]<\/p>\n","protected":false},"author":1,"featured_media":113133,"parent":0,"menu_order":0,"comment_status":"closed","ping_status":"closed","template":"LearningContentPage.php","meta":{"_acf_changed":false,"footnotes":""},"class_list":["post-144492","page","type-page","status-publish","has-post-thumbnail","hentry"],"acf":[],"yoast_head":"<!-- This site is optimized with the Yoast SEO Premium plugin v27.2 (Yoast SEO v27.2) - https:\/\/yoast.com\/product\/yoast-seo-premium-wordpress\/ -->\n<title>Ma\u010farsk\u00e1 gramatika - Talkpal<\/title>\n<meta name=\"description\" content=\"Ovl\u00e1dnite ma\u010farsk\u00fa gramatiku - nau\u010dte sa gramatick\u00e9 pravidl\u00e1 a precvi\u010dte si tvorbu viet. Z\u00edskajte u\u017eito\u010dn\u00e9 poradenstvo od Talkpal AI.\" \/>\n<meta name=\"robots\" content=\"index, follow, max-snippet:-1, max-image-preview:large, max-video-preview:-1\" \/>\n<link rel=\"canonical\" href=\"https:\/\/talkpal.ai\/sk\/madarska-gramatika\/\" \/>\n<meta property=\"og:locale\" content=\"sk_SK\" \/>\n<meta property=\"og:type\" content=\"article\" \/>\n<meta property=\"og:title\" content=\"Ma\u010farsk\u00e1 gramatika\" \/>\n<meta property=\"og:description\" content=\"N\u00e1zov: Odomknutie tajomstiev ma\u010farskej gramatiky Ma\u010far\u010dina, ugrof\u00ednsky jazyk, vynik\u00e1 svoj\u00edm jedine\u010dn\u00fdm gramatick\u00fdm syst\u00e9mom, \u010do z neho rob\u00ed fascinuj\u00facu\" \/>\n<meta property=\"og:url\" content=\"https:\/\/talkpal.ai\/sk\/madarska-gramatika\/\" \/>\n<meta property=\"og:site_name\" content=\"Talkpal\" \/>\n<meta property=\"article:publisher\" content=\"https:\/\/www.facebook.com\/profile.php?id=100090733639311\" \/>\n<meta property=\"article:modified_time\" content=\"2025-12-12T10:45:59+00:00\" \/>\n<meta property=\"og:image\" content=\"https:\/\/talkpal.ai\/wp-content\/uploads\/2023\/05\/Hungarian.png\" \/>\n\t<meta property=\"og:image:width\" content=\"512\" \/>\n\t<meta property=\"og:image:height\" content=\"512\" \/>\n\t<meta property=\"og:image:type\" content=\"image\/png\" \/>\n<meta name=\"twitter:card\" content=\"summary_large_image\" \/>\n<meta name=\"twitter:site\" content=\"@talkpalai\" \/>\n<meta name=\"twitter:label1\" content=\"Predpokladan\u00fd \u010das \u010d\u00edtania\" \/>\n\t<meta name=\"twitter:data1\" content=\"3 min\u00faty\" \/>\n<script type=\"application\/ld+json\" class=\"yoast-schema-graph\">{\"@context\":\"https:\/\/schema.org\",\"@graph\":[{\"@type\":\"WebPage\",\"@id\":\"https:\/\/talkpal.ai\/sk\/madarska-gramatika\/\",\"url\":\"https:\/\/talkpal.ai\/sk\/madarska-gramatika\/\",\"name\":\"Ma\u010farsk\u00e1 gramatika - Talkpal\",\"isPartOf\":{\"@id\":\"https:\/\/talkpal.ai\/sk\/#website\"},\"primaryImageOfPage\":{\"@id\":\"https:\/\/talkpal.ai\/sk\/madarska-gramatika\/#primaryimage\"},\"image\":{\"@id\":\"https:\/\/talkpal.ai\/sk\/madarska-gramatika\/#primaryimage\"},\"thumbnailUrl\":\"https:\/\/talkpal.ai\/wp-content\/uploads\/2023\/05\/Hungarian.png\",\"datePublished\":\"2023-05-14T14:08:53+00:00\",\"dateModified\":\"2025-12-12T10:45:59+00:00\",\"description\":\"Ovl\u00e1dnite ma\u010farsk\u00fa gramatiku - nau\u010dte sa gramatick\u00e9 pravidl\u00e1 a precvi\u010dte si tvorbu viet. Z\u00edskajte u\u017eito\u010dn\u00e9 poradenstvo od Talkpal AI.\",\"breadcrumb\":{\"@id\":\"https:\/\/talkpal.ai\/sk\/madarska-gramatika\/#breadcrumb\"},\"inLanguage\":\"sk-SK\",\"potentialAction\":[{\"@type\":\"ReadAction\",\"target\":[\"https:\/\/talkpal.ai\/sk\/madarska-gramatika\/\"]}]},{\"@type\":\"ImageObject\",\"inLanguage\":\"sk-SK\",\"@id\":\"https:\/\/talkpal.ai\/sk\/madarska-gramatika\/#primaryimage\",\"url\":\"https:\/\/talkpal.ai\/wp-content\/uploads\/2023\/05\/Hungarian.png\",\"contentUrl\":\"https:\/\/talkpal.ai\/wp-content\/uploads\/2023\/05\/Hungarian.png\",\"width\":512,\"height\":512},{\"@type\":\"BreadcrumbList\",\"@id\":\"https:\/\/talkpal.ai\/sk\/madarska-gramatika\/#breadcrumb\",\"itemListElement\":[{\"@type\":\"ListItem\",\"position\":1,\"name\":\"Homepage\",\"item\":\"https:\/\/talkpal.ai\/sk\/\"},{\"@type\":\"ListItem\",\"position\":2,\"name\":\"Ma\u010farsk\u00e1 gramatika\"}]},{\"@type\":\"WebSite\",\"@id\":\"https:\/\/talkpal.ai\/sk\/#website\",\"url\":\"https:\/\/talkpal.ai\/sk\/\",\"name\":\"Talkpal\",\"description\":\"AI Language Learning\",\"publisher\":{\"@id\":\"https:\/\/talkpal.ai\/sk\/#organization\"},\"alternateName\":\"Talkpal AI\",\"potentialAction\":[{\"@type\":\"SearchAction\",\"target\":{\"@type\":\"EntryPoint\",\"urlTemplate\":\"https:\/\/talkpal.ai\/sk\/?s={search_term_string}\"},\"query-input\":{\"@type\":\"PropertyValueSpecification\",\"valueRequired\":true,\"valueName\":\"search_term_string\"}}],\"inLanguage\":\"sk-SK\"},{\"@type\":\"Organization\",\"@id\":\"https:\/\/talkpal.ai\/sk\/#organization\",\"name\":\"Talkpal, Inc.\",\"alternateName\":\"Talkpal AI\",\"url\":\"https:\/\/talkpal.ai\/sk\/\",\"logo\":{\"@type\":\"ImageObject\",\"inLanguage\":\"sk-SK\",\"@id\":\"https:\/\/talkpal.ai\/sk\/#\/schema\/logo\/image\/\",\"url\":\"https:\/\/talkpal.ai\/wp-content\/uploads\/2024\/03\/Talkpal-Logo-Icon.png\",\"contentUrl\":\"https:\/\/talkpal.ai\/wp-content\/uploads\/2024\/03\/Talkpal-Logo-Icon.png\",\"width\":2880,\"height\":2880,\"caption\":\"Talkpal, Inc.\"},\"image\":{\"@id\":\"https:\/\/talkpal.ai\/sk\/#\/schema\/logo\/image\/\"},\"sameAs\":[\"https:\/\/www.facebook.com\/profile.php?id=100090733639311\",\"https:\/\/x.com\/talkpalai\",\"https:\/\/www.linkedin.com\/company\/talkpal\/\",\"https:\/\/www.youtube.com\/@TalkPal\/\",\"https:\/\/www.tiktok.com\/@talkpal\",\"https:\/\/www.instagram.com\/talkpal_ai\/\",\"https:\/\/www.crunchbase.com\/organization\/talkpal-9cde\",\"https:\/\/www.g2.com\/products\/talkpal-for-business\/\",\"https:\/\/www.trustpilot.com\/review\/talkpal.ai\",\"https:\/\/www.capterra.com\/p\/10006800\/TalkPal\/\"],\"description\":\"Talkpal is a language learning web and mobile education app, powered by the latest AI technologies, that provides engaging experiences to its customers in many different languages to help them improve their language skills. Users can chat about unlimited amount of topics with the app and use other modes to practice their language learning.\",\"email\":\"support@talkpal.ai\",\"legalName\":\"Talkpal, Inc.\",\"foundingDate\":\"2023-04-03\",\"duns\":\"118989042\",\"numberOfEmployees\":{\"@type\":\"QuantitativeValue\",\"minValue\":\"11\",\"maxValue\":\"50\"},\"publishingPrinciples\":\"https:\/\/talkpal.ai\/publishing-principles\/\",\"actionableFeedbackPolicy\":\"https:\/\/talkpal.ai\/actionable-feedback-policy\/\",\"correctionsPolicy\":\"https:\/\/talkpal.ai\/corrections-policy\/\",\"ethicsPolicy\":\"https:\/\/talkpal.ai\/ethics-policy\/\",\"diversityPolicy\":\"https:\/\/talkpal.ai\/diversity-policy\/\",\"diversityStaffingReport\":\"https:\/\/talkpal.ai\/diversity-policy\/\"}]}<\/script>\n<!-- \/ Yoast SEO Premium plugin. -->","yoast_head_json":{"title":"Ma\u010farsk\u00e1 gramatika - Talkpal","description":"Ovl\u00e1dnite ma\u010farsk\u00fa gramatiku - nau\u010dte sa gramatick\u00e9 pravidl\u00e1 a precvi\u010dte si tvorbu viet. Z\u00edskajte u\u017eito\u010dn\u00e9 poradenstvo od Talkpal AI.","robots":{"index":"index","follow":"follow","max-snippet":"max-snippet:-1","max-image-preview":"max-image-preview:large","max-video-preview":"max-video-preview:-1"},"canonical":"https:\/\/talkpal.ai\/sk\/madarska-gramatika\/","og_locale":"sk_SK","og_type":"article","og_title":"Ma\u010farsk\u00e1 gramatika","og_description":"N\u00e1zov: Odomknutie tajomstiev ma\u010farskej gramatiky Ma\u010far\u010dina, ugrof\u00ednsky jazyk, vynik\u00e1 svoj\u00edm jedine\u010dn\u00fdm gramatick\u00fdm syst\u00e9mom, \u010do z neho rob\u00ed fascinuj\u00facu","og_url":"https:\/\/talkpal.ai\/sk\/madarska-gramatika\/","og_site_name":"Talkpal","article_publisher":"https:\/\/www.facebook.com\/profile.php?id=100090733639311","article_modified_time":"2025-12-12T10:45:59+00:00","og_image":[{"width":512,"height":512,"url":"https:\/\/talkpal.ai\/wp-content\/uploads\/2023\/05\/Hungarian.png","type":"image\/png"}],"twitter_card":"summary_large_image","twitter_site":"@talkpalai","twitter_misc":{"Predpokladan\u00fd \u010das \u010d\u00edtania":"3 min\u00faty"},"schema":{"@context":"https:\/\/schema.org","@graph":[{"@type":"WebPage","@id":"https:\/\/talkpal.ai\/sk\/madarska-gramatika\/","url":"https:\/\/talkpal.ai\/sk\/madarska-gramatika\/","name":"Ma\u010farsk\u00e1 gramatika - Talkpal","isPartOf":{"@id":"https:\/\/talkpal.ai\/sk\/#website"},"primaryImageOfPage":{"@id":"https:\/\/talkpal.ai\/sk\/madarska-gramatika\/#primaryimage"},"image":{"@id":"https:\/\/talkpal.ai\/sk\/madarska-gramatika\/#primaryimage"},"thumbnailUrl":"https:\/\/talkpal.ai\/wp-content\/uploads\/2023\/05\/Hungarian.png","datePublished":"2023-05-14T14:08:53+00:00","dateModified":"2025-12-12T10:45:59+00:00","description":"Ovl\u00e1dnite ma\u010farsk\u00fa gramatiku - nau\u010dte sa gramatick\u00e9 pravidl\u00e1 a precvi\u010dte si tvorbu viet. Z\u00edskajte u\u017eito\u010dn\u00e9 poradenstvo od Talkpal AI.","breadcrumb":{"@id":"https:\/\/talkpal.ai\/sk\/madarska-gramatika\/#breadcrumb"},"inLanguage":"sk-SK","potentialAction":[{"@type":"ReadAction","target":["https:\/\/talkpal.ai\/sk\/madarska-gramatika\/"]}]},{"@type":"ImageObject","inLanguage":"sk-SK","@id":"https:\/\/talkpal.ai\/sk\/madarska-gramatika\/#primaryimage","url":"https:\/\/talkpal.ai\/wp-content\/uploads\/2023\/05\/Hungarian.png","contentUrl":"https:\/\/talkpal.ai\/wp-content\/uploads\/2023\/05\/Hungarian.png","width":512,"height":512},{"@type":"BreadcrumbList","@id":"https:\/\/talkpal.ai\/sk\/madarska-gramatika\/#breadcrumb","itemListElement":[{"@type":"ListItem","position":1,"name":"Homepage","item":"https:\/\/talkpal.ai\/sk\/"},{"@type":"ListItem","position":2,"name":"Ma\u010farsk\u00e1 gramatika"}]},{"@type":"WebSite","@id":"https:\/\/talkpal.ai\/sk\/#website","url":"https:\/\/talkpal.ai\/sk\/","name":"Talkpal","description":"AI Language Learning","publisher":{"@id":"https:\/\/talkpal.ai\/sk\/#organization"},"alternateName":"Talkpal AI","potentialAction":[{"@type":"SearchAction","target":{"@type":"EntryPoint","urlTemplate":"https:\/\/talkpal.ai\/sk\/?s={search_term_string}"},"query-input":{"@type":"PropertyValueSpecification","valueRequired":true,"valueName":"search_term_string"}}],"inLanguage":"sk-SK"},{"@type":"Organization","@id":"https:\/\/talkpal.ai\/sk\/#organization","name":"Talkpal, Inc.","alternateName":"Talkpal AI","url":"https:\/\/talkpal.ai\/sk\/","logo":{"@type":"ImageObject","inLanguage":"sk-SK","@id":"https:\/\/talkpal.ai\/sk\/#\/schema\/logo\/image\/","url":"https:\/\/talkpal.ai\/wp-content\/uploads\/2024\/03\/Talkpal-Logo-Icon.png","contentUrl":"https:\/\/talkpal.ai\/wp-content\/uploads\/2024\/03\/Talkpal-Logo-Icon.png","width":2880,"height":2880,"caption":"Talkpal, Inc."},"image":{"@id":"https:\/\/talkpal.ai\/sk\/#\/schema\/logo\/image\/"},"sameAs":["https:\/\/www.facebook.com\/profile.php?id=100090733639311","https:\/\/x.com\/talkpalai","https:\/\/www.linkedin.com\/company\/talkpal\/","https:\/\/www.youtube.com\/@TalkPal\/","https:\/\/www.tiktok.com\/@talkpal","https:\/\/www.instagram.com\/talkpal_ai\/","https:\/\/www.crunchbase.com\/organization\/talkpal-9cde","https:\/\/www.g2.com\/products\/talkpal-for-business\/","https:\/\/www.trustpilot.com\/review\/talkpal.ai","https:\/\/www.capterra.com\/p\/10006800\/TalkPal\/"],"description":"Talkpal is a language learning web and mobile education app, powered by the latest AI technologies, that provides engaging experiences to its customers in many different languages to help them improve their language skills. Users can chat about unlimited amount of topics with the app and use other modes to practice their language learning.","email":"support@talkpal.ai","legalName":"Talkpal, Inc.","foundingDate":"2023-04-03","duns":"118989042","numberOfEmployees":{"@type":"QuantitativeValue","minValue":"11","maxValue":"50"},"publishingPrinciples":"https:\/\/talkpal.ai\/publishing-principles\/","actionableFeedbackPolicy":"https:\/\/talkpal.ai\/actionable-feedback-policy\/","correctionsPolicy":"https:\/\/talkpal.ai\/corrections-policy\/","ethicsPolicy":"https:\/\/talkpal.ai\/ethics-policy\/","diversityPolicy":"https:\/\/talkpal.ai\/diversity-policy\/","diversityStaffingReport":"https:\/\/talkpal.ai\/diversity-policy\/"}]}},"_links":{"self":[{"href":"https:\/\/talkpal.ai\/sk\/wp-json\/wp\/v2\/pages\/144492","targetHints":{"allow":["GET"]}}],"collection":[{"href":"https:\/\/talkpal.ai\/sk\/wp-json\/wp\/v2\/pages"}],"about":[{"href":"https:\/\/talkpal.ai\/sk\/wp-json\/wp\/v2\/types\/page"}],"author":[{"embeddable":true,"href":"https:\/\/talkpal.ai\/sk\/wp-json\/wp\/v2\/users\/1"}],"replies":[{"embeddable":true,"href":"https:\/\/talkpal.ai\/sk\/wp-json\/wp\/v2\/comments?post=144492"}],"version-history":[{"count":0,"href":"https:\/\/talkpal.ai\/sk\/wp-json\/wp\/v2\/pages\/144492\/revisions"}],"wp:featuredmedia":[{"embeddable":true,"href":"https:\/\/talkpal.ai\/sk\/wp-json\/wp\/v2\/media\/113133"}],"wp:attachment":[{"href":"https:\/\/talkpal.ai\/sk\/wp-json\/wp\/v2\/media?parent=144492"}],"curies":[{"name":"wp","href":"https:\/\/api.w.org\/{rel}","templated":true}]}}