{"id":144192,"date":"2023-05-14T14:04:48","date_gmt":"2023-05-14T14:04:48","guid":{"rendered":"http:\/\/talkpal.ai\/hebrejska-gramatika\/"},"modified":"2025-12-13T15:37:52","modified_gmt":"2025-12-13T15:37:52","slug":"hebrejska-gramatika","status":"publish","type":"page","link":"https:\/\/talkpal.ai\/sk\/hebrejska-gramatika\/","title":{"rendered":"Hebrejsk\u00e1 gramatika"},"content":{"rendered":"\r\n\r\n\r\n<section class=\"languageChallengeSection\">\r\n    <div class=\"languageInfoWrapper\">\r\n        \r\n        <h1>Hebrejsk\u00e1 gramatika<\/h1>\r\n        <p>Nau\u010dte sa hebrejsk\u00fa gramatiku a odhalte tajomstv\u00e1 jazyka s hlbok\u00fdmi historick\u00fdmi kore\u0148mi a modern\u00fdm v\u00fdznamom. Prijmite v\u00fdzvu a spojte sa s \u017eivou kult\u00farou prostredn\u00edctvom kr\u00e1sy hebrejskej gramatiky!<\/p>\r\n\r\n                            <a class=\"getStartedHidden\" href=\"https:\/\/app.talkpal.ai\/sk\/signup?lng=\">Za\u010dni<\/a>\r\n        \r\n    <\/div>\r\n\r\n    <figure>\r\n    <img decoding=\"async\" width=\"768\" height=\"768\" src=\"https:\/\/talkpal.ai\/wp-content\/uploads\/2023\/06\/hebrew-768x768.png\" class=\"languageImage no-lazy\" alt=\"Language learning for proficient communication\" fetchpriority=\"high\" sizes=\"(max-width: 768px) 150px, 768px\" srcset=\"https:\/\/talkpal.ai\/wp-content\/uploads\/2023\/06\/hebrew-768x768.png 768w, https:\/\/talkpal.ai\/wp-content\/uploads\/2023\/06\/hebrew-300x300.png 300w\" \/>\r\n    \r\n\r\n    <\/figure>\r\n\r\n            <a class=\"getStartedVisible\" href=\"https:\/\/app.talkpal.ai\/sk\/signup?lng=\">Za\u010dni<\/a>\r\n    \r\n<\/section>\r\n<section class=\"promotionalBanner\">\r\n    <p class=\"promotionalText\">Najefekt\u00edvnej\u0161\u00ed sp\u00f4sob, ako sa nau\u010di\u0165 jazyk<\/p>\r\n    <a class=\"promotionalLink\" href=\"https:\/\/app.talkpal.ai\/sk\/signup?lng=\">Vysk\u00fa\u0161ajte Talkpal zadarmo<\/a>\r\n<\/section>\n<div class=\"wp-block-group pageContainerStyle\"><div class=\"wp-block-group__inner-container is-layout-constrained wp-block-group-is-layout-constrained\">\n<h2 class=\"wp-block-heading\" id=\"h-mastering-hebrew-grammar-your-ultimate-guide\">Zvl\u00e1dnutie hebrejskej gramatiky: V\u00e1\u0161 kone\u010dn\u00fd sprievodca<\/h2>\n\n\n\n<p>Shalom, <a href=\"https:\/\/talkpal.ai\/talkpal-discount-for-language-enthusiasts\/\">jazykov\u00ed nad\u0161enci<\/a>! Ste pripraven\u00ed ponori\u0165 sa do fascinuj\u00faceho sveta hebrejskej gramatiky? Ste na spr\u00e1vnom mieste. Tento \u010dl\u00e1nok, pln\u00fd \u013eahko zrozumite\u013en\u00fdch inform\u00e1ci\u00ed a konverza\u010dn\u00e9ho t\u00f3nu, v\u00e1s prevedie hypnotizuj\u00facou oblas\u0165ou hebrejskej gramatiky. \u010coskoro budete schopn\u00ed tvori\u0165 vety a vies\u0165 zmyslupln\u00e9 rozhovory s roden\u00fdmi hovorcami. Tak za\u010dnime va\u0161u cestu k zvl\u00e1dnutiu hebrejskej gramatiky!<\/p>\n\n\n\n<p><strong>Ale najprv, pre\u010do hebrejsk\u00e1 gramatika?<\/strong><\/p>\n\n\n\n<p>Ak sa u\u010d\u00edte hebrej\u010dinu, pevn\u00e9 z\u00e1klady gramatiky s\u00fa nevyhnutn\u00e9 pre plynul\u00e9 rozpr\u00e1vanie, \u010d\u00edtanie a p\u00edsanie. Zatia\u013e \u010do <a href=\"https:\/\/talkpal.ai\/hebrew-grammar\/\">hebrejsk\u00e1 gramatika<\/a> sa m\u00f4\u017ee spo\u010diatku zda\u0165 zlo\u017eit\u00e1, st\u00e1va sa pr\u00edstupnej\u0161ou, ke\u010f sa rozdel\u00ed na men\u0161ie a lep\u0161ie zvl\u00e1dnute\u013en\u00e9 \u010dasti. Vydajme sa teda na t\u00fato vzru\u0161uj\u00facu cestu!<\/p>\n\n\n\n<h3 class=\"wp-block-heading\" id=\"h-1-nouns-gender-and-number\">1. Podstatn\u00e9 men\u00e1, rod a \u010d\u00edslo<\/h3>\n\n\n\n<p>Hebrejsk\u00e9 podstatn\u00e9 men\u00e1 maj\u00fa dva rody &#8211; mu\u017esk\u00fd a \u017eensk\u00fd &#8211; a m\u00f4\u017eu by\u0165 v jednotnom alebo mno\u017enom \u010d\u00edsle. Ur\u010denie rodu podstatn\u00e9ho mena je z\u00e1kladom spr\u00e1vnej stavby vety, preto\u017ee ovplyv\u0148uje ostatn\u00e9 \u010dasti re\u010di, ako s\u00fa sloves\u00e1 a pr\u00eddavn\u00e9 men\u00e1.  <\/p>\n\n\n\n<p>V\u0161eobecn\u00e9 pravidlo: ak sa podstatn\u00e9 meno kon\u010d\u00ed na &#8222;\u05d4&#8220; (hej) alebo &#8222;\u05ea&#8220; (tav), zvy\u010dajne je \u017eensk\u00e9ho rodu. Existuj\u00fa v\u0161ak v\u00fdnimky, tak\u017ee k\u013e\u00fa\u010dov\u00e9 je zapam\u00e4ta\u0165 si rody podstatn\u00fdch mien pri u\u010den\u00ed sa slovnej z\u00e1soby.<\/p>\n\n\n\n<p>Okrem toho maj\u00fa hebrejsk\u00e9 podstatn\u00e9 men\u00e1 r\u00f4zne formy v z\u00e1vislosti od po\u010dtu. Podstatn\u00e9 men\u00e1 mu\u017esk\u00e9ho rodu v mno\u017enom \u010d\u00edsle zvy\u010dajne kon\u010dia na &#8222;\u05d9\u05dd&#8220; (yim), zatia\u013e \u010do podstatn\u00e9 men\u00e1 \u017eensk\u00e9ho rodu v mno\u017enom \u010d\u00edsle kon\u010dia na &#8222;\u05d5\u05ea&#8220; (ot).<\/p>\n\n\n\n<h3 class=\"wp-block-heading\" id=\"h-2-adjectives-agreement-and-definite-articles\">2. Pr\u00eddavn\u00e9 men\u00e1, dohoda a ur\u010dit\u00e9 \u010dl\u00e1nky<\/h3>\n\n\n\n<p>Pr\u00eddavn\u00e9 men\u00e1 v hebrej\u010dine sa musia zhodova\u0165 v rode a \u010d\u00edsle s podstatn\u00fdm menom, ktor\u00e9 upravuj\u00fa. Ak chcete, aby pr\u00eddavn\u00e9 meno bolo \u017eensk\u00e9ho rodu, pridajte na koniec &#8222;\u05d4&#8220; (hej), ak ho e\u0161te nem\u00e1. Ak chcete vytvori\u0165 pr\u00eddavn\u00e9 meno v mno\u017enom \u010d\u00edsle, postupujte pod\u013ea rovnak\u00e9ho princ\u00edpu ako pri podstatn\u00fdch men\u00e1ch: pridajte &#8222;\u05d9\u05dd&#8220; pre mu\u017esk\u00fd rod a &#8222;\u05d5\u05ea&#8220; pre \u017eensk\u00fd rod.<\/p>\n\n\n\n<p>Ur\u010dit\u00fd \u010dlen &#8222;the&#8220; sa v hebrej\u010dine p\u00ed\u0161e &#8222;\u05d4&#8220; (hej) a prid\u00e1va sa ako predpona k podstatn\u00e9mu alebo pr\u00eddavn\u00e9mu menu. Napr\u00edklad &#8222;\u05d4\u05e1\u05e4\u05e8&#8220; (haSefer &#8211; kniha) alebo &#8222;\u05d4\u05db\u05d3\u05d5\u05e8 \u05d4\u05d2\u05d3\u05d5\u05dc&#8220; (hakadur hagadol &#8211; ve\u013ek\u00e1 lopta).<\/p>\n\n\n\n<h3 class=\"wp-block-heading\" id=\"h-3-verbs-tense-and-conjugation\">3. Sloves\u00e1, \u010dasovanie a \u010dasovanie<\/h3>\n\n\n\n<p>Hebrejsk\u00e9 sloves\u00e1 zohr\u00e1vaj\u00fa v gramatike k\u013e\u00fa\u010dov\u00fa \u00falohu a s\u00fa rozdelen\u00e9 do siedmich konjuga\u010dn\u00fdch skup\u00edn naz\u00fdvan\u00fdch &#8222;binyanim&#8220;. Ka\u017ed\u00e1 dvojhl\u00e1ska ovplyv\u0148uje v\u00fdznam a \u00falohu slovesa vo vete.<\/p>\n\n\n\n<p>Pre r\u00fdchly preh\u013ead si preberieme pr\u00edtomn\u00fd \u010das pravideln\u00fdch slovies:<\/p>\n\n\n\n<p><strong>&#8211; \u05d0\u05e0\u05d9 \u05e7\u05d5\u05e8\u05d0\/\u05ea (ani kore\/et &#8211; \u010d\u00edtam, masc.\/fem.)<\/strong><\/p>\n\n\n\n<p><strong>&#8211; \u05d0\u05ea\/\u05d4 \u05e7\u05d5\u05e8\u05d0\/\u05ea (ata\/at kore\/et &#8211; \u010d\u00edtate, masc.\/fem.)<\/strong><\/p>\n\n\n\n<p><strong>&#8211; \u05d4\u05d5\u05d0\/\u05d4\u05d9\u05d0 \u05e7\u05d5\u05e8\u05d0\/\u05ea (hu\/hi kore\/et &#8211; \u010d\u00edta)<\/strong><\/p>\n\n\n\n<p>Pam\u00e4tajte, \u017ee toto je len za\u010diatok! Mnoho \u010fal\u0161\u00edch \u010dasov, nepravideln\u00fdch slovies a binyansk\u00fdch zlo\u017eitost\u00ed sa objav\u00ed, ke\u010f budete postupova\u0165.<\/p>\n\n\n\n<h3 class=\"wp-block-heading\" id=\"h-4-pronouns-prepositions-and-more\">4. Z\u00e1men\u00e1, predlo\u017eky a \u010fal\u0161ie!<\/h3>\n\n\n\n<p>Hebrejsk\u00e1 <a href=\"https:\/\/talkpal.ai\/sq\/gramatika\/\">gramatika<\/a> zah\u0155\u0148a \u010fal\u0161ie zlo\u017eky, ako s\u00fa z\u00e1men\u00e1 (\u05d0\u05e0\u05d9, \u05d0\u05ea\u05d4, \u05d4\u05d5\u05d0, \u05d4\u05d9\u05d0 a tak \u010falej), predlo\u017eky (\u05d1, \u05dc, \u05de, \u05e2\u05dc at\u010f.) a idiomatick\u00e9 v\u00fdrazy. Zvl\u00e1dnutie ka\u017ed\u00e9ho prvku je nevyhnutn\u00e9 na dosiahnutie \u00faplnej plynulosti hebrej\u010diny, preto postupujte postupne.<\/p>\n\n\n\n<p>Na z\u00e1ver chcem poveda\u0165, \u017ee na zvl\u00e1dnutie hebrejskej gramatiky neexistuje \u017eiadna skratka. Vy\u017eaduje si to vytrvalos\u0165, prax a trpezlivos\u0165. Ke\u010f v\u0161ak pochop\u00edte jeho zlo\u017eitosti, vychutn\u00e1te si nuansy konverz\u00e1cie v hebrej\u010dine, spozn\u00e1te bohat\u00fa kult\u00faru a hist\u00f3riu a preh\u013abi sa v\u00e1\u0161 vz\u0165ah k tomuto jazyku. \u05d1\u05d4\u05e6\u05dc\u05d7\u05d4 (behatzlacha &#8211; ve\u013ea \u0161\u0165astia)!<\/p>\n<\/div><\/div>\n\r\n<section class=\"learnNavigationSection\">\r\n            \r\n        <a href=\"https:\/\/talkpal.ai\/sk\/naucte-sa-hebrejsky\/\">\r\n            <div class=\"learnNavigationWrapper\">\r\n                <div class=\"learnNavigationContent\">\r\n                    <img decoding=\"async\" src=\"https:\/\/talkpal.ai\/wp-content\/uploads\/2024\/08\/Hebrew.jpg\" alt=\"Israel Flag\">\r\n                    <div>\r\n                        <h4>O u\u010den\u00ed hebrej\u010diny<\/h4>\r\n                        <p>Zistite v\u0161etko o hebrejskej gramatike.<\/p>\r\n                    <\/div>\r\n                <\/div>\r\n            <\/div>\r\n        <\/a>\r\n\r\n        \r\n        <a href=\"https:\/\/talkpal.ai\/sk\/hebrejske-gramaticke-cvicenia\/\">\r\n            <div class=\"learnNavigationWrapper\">\r\n                <div class=\"learnNavigationContent\">\r\n                    <img decoding=\"async\" src=\"https:\/\/talkpal.ai\/wp-content\/uploads\/2024\/08\/Hebrew.jpg\" alt=\"Israel Flag\">\r\n                    <div>\r\n                        <h4>Cvi\u010denie z hebrejskej gramatiky<\/h4>\r\n                        <p>Precvi\u010dte si hebrejsk\u00fa gramatiku.<\/p>\r\n                    <\/div>\r\n                <\/div>\r\n            <\/div>\r\n        <\/a>\r\n\r\n        \r\n        <a href=\"https:\/\/talkpal.ai\/vocabulary_language\/hebrew\/\">\r\n            <div class=\"learnNavigationWrapper\">\r\n                <div class=\"learnNavigationContent\">\r\n                    <img decoding=\"async\" src=\"https:\/\/talkpal.ai\/wp-content\/uploads\/2024\/08\/Hebrew.jpg\" alt=\"Israel Flag\">\r\n                    <div>\r\n                        <h4>Hebrejsk\u00e1 slovn\u00e1 z\u00e1soba<\/h4>\r\n                        <p>Roz\u0161\u00edrte si slovn\u00fa z\u00e1sobu hebrej\u010diny.<\/p>\r\n                    <\/div>\r\n                <\/div>\r\n            <\/div>\r\n        <\/a>\r\n\r\n            <\/section>","protected":false},"excerpt":{"rendered":"<p>Zvl\u00e1dnutie hebrejskej gramatiky: V\u00e1\u0161 kone\u010dn\u00fd sprievodca Shalom, jazykov\u00ed nad\u0161enci! Ste pripraven\u00ed ponori\u0165 sa do fascinuj\u00faceho sveta hebrejskej gramatiky? Ste na spr\u00e1vnom mieste. Tento \u010dl\u00e1nok, pln\u00fd \u013eahko zrozumite\u013en\u00fdch inform\u00e1ci\u00ed a konverza\u010dn\u00e9ho t\u00f3nu, v\u00e1s prevedie hypnotizuj\u00facou oblas\u0165ou hebrejskej gramatiky. \u010coskoro budete schopn\u00ed tvori\u0165 vety a vies\u0165 zmyslupln\u00e9 rozhovory s roden\u00fdmi hovorcami. Tak za\u010dnime va\u0161u cestu k zvl\u00e1dnutiu [&hellip;]<\/p>\n","protected":false},"author":1,"featured_media":112890,"parent":0,"menu_order":0,"comment_status":"closed","ping_status":"closed","template":"LearningContentPage.php","meta":{"_acf_changed":false,"footnotes":""},"class_list":["post-144192","page","type-page","status-publish","has-post-thumbnail","hentry"],"acf":[],"yoast_head":"<!-- This site is optimized with the Yoast SEO Premium plugin v27.2 (Yoast SEO v27.2) - https:\/\/yoast.com\/product\/yoast-seo-premium-wordpress\/ -->\n<title>Hebrejsk\u00e1 gramatika - Talkpal<\/title>\n<meta name=\"description\" content=\"Zlep\u0161ite si hebrejsk\u00fa gramatiku s istotou - nau\u010dte sa k\u013e\u00fa\u010dov\u00e9 pravidl\u00e1, tvorte spr\u00e1vne vety a komunikujte jasne s Talkpals jednoduch\u00fdmi lekciami hebrej\u010diny.\" \/>\n<meta name=\"robots\" content=\"index, follow, max-snippet:-1, max-image-preview:large, max-video-preview:-1\" \/>\n<link rel=\"canonical\" href=\"https:\/\/talkpal.ai\/sk\/hebrejska-gramatika\/\" \/>\n<meta property=\"og:locale\" content=\"sk_SK\" \/>\n<meta property=\"og:type\" content=\"article\" \/>\n<meta property=\"og:title\" content=\"Hebrejsk\u00e1 gramatika\" \/>\n<meta property=\"og:description\" content=\"Zvl\u00e1dnutie hebrejskej gramatiky: V\u00e1\u0161 kone\u010dn\u00fd sprievodca Shalom, jazykov\u00ed nad\u0161enci! Ste pripraven\u00ed ponori\u0165 sa do fascinuj\u00faceho sveta hebrejskej gramatiky?\" \/>\n<meta property=\"og:url\" content=\"https:\/\/talkpal.ai\/sk\/hebrejska-gramatika\/\" \/>\n<meta property=\"og:site_name\" content=\"Talkpal\" \/>\n<meta property=\"article:publisher\" content=\"https:\/\/www.facebook.com\/profile.php?id=100090733639311\" \/>\n<meta property=\"article:modified_time\" content=\"2025-12-13T15:37:52+00:00\" \/>\n<meta property=\"og:image\" content=\"https:\/\/talkpal.ai\/wp-content\/uploads\/2023\/05\/israel.png\" \/>\n\t<meta property=\"og:image:width\" content=\"512\" \/>\n\t<meta property=\"og:image:height\" content=\"512\" \/>\n\t<meta property=\"og:image:type\" content=\"image\/png\" \/>\n<meta name=\"twitter:card\" content=\"summary_large_image\" \/>\n<meta name=\"twitter:site\" content=\"@talkpalai\" \/>\n<meta name=\"twitter:label1\" content=\"Predpokladan\u00fd \u010das \u010d\u00edtania\" \/>\n\t<meta name=\"twitter:data1\" content=\"3 min\u00faty\" \/>\n<script type=\"application\/ld+json\" class=\"yoast-schema-graph\">{\"@context\":\"https:\/\/schema.org\",\"@graph\":[{\"@type\":\"WebPage\",\"@id\":\"https:\/\/talkpal.ai\/sk\/hebrejska-gramatika\/\",\"url\":\"https:\/\/talkpal.ai\/sk\/hebrejska-gramatika\/\",\"name\":\"Hebrejsk\u00e1 gramatika - Talkpal\",\"isPartOf\":{\"@id\":\"https:\/\/talkpal.ai\/sk\/#website\"},\"primaryImageOfPage\":{\"@id\":\"https:\/\/talkpal.ai\/sk\/hebrejska-gramatika\/#primaryimage\"},\"image\":{\"@id\":\"https:\/\/talkpal.ai\/sk\/hebrejska-gramatika\/#primaryimage\"},\"thumbnailUrl\":\"https:\/\/talkpal.ai\/wp-content\/uploads\/2023\/05\/israel.png\",\"datePublished\":\"2023-05-14T14:04:48+00:00\",\"dateModified\":\"2025-12-13T15:37:52+00:00\",\"description\":\"Zlep\u0161ite si hebrejsk\u00fa gramatiku s istotou - nau\u010dte sa k\u013e\u00fa\u010dov\u00e9 pravidl\u00e1, tvorte spr\u00e1vne vety a komunikujte jasne s Talkpals jednoduch\u00fdmi lekciami hebrej\u010diny.\",\"breadcrumb\":{\"@id\":\"https:\/\/talkpal.ai\/sk\/hebrejska-gramatika\/#breadcrumb\"},\"inLanguage\":\"sk-SK\",\"potentialAction\":[{\"@type\":\"ReadAction\",\"target\":[\"https:\/\/talkpal.ai\/sk\/hebrejska-gramatika\/\"]}]},{\"@type\":\"ImageObject\",\"inLanguage\":\"sk-SK\",\"@id\":\"https:\/\/talkpal.ai\/sk\/hebrejska-gramatika\/#primaryimage\",\"url\":\"https:\/\/talkpal.ai\/wp-content\/uploads\/2023\/05\/israel.png\",\"contentUrl\":\"https:\/\/talkpal.ai\/wp-content\/uploads\/2023\/05\/israel.png\",\"width\":512,\"height\":512},{\"@type\":\"BreadcrumbList\",\"@id\":\"https:\/\/talkpal.ai\/sk\/hebrejska-gramatika\/#breadcrumb\",\"itemListElement\":[{\"@type\":\"ListItem\",\"position\":1,\"name\":\"Homepage\",\"item\":\"https:\/\/talkpal.ai\/sk\/\"},{\"@type\":\"ListItem\",\"position\":2,\"name\":\"Hebrejsk\u00e1 gramatika\"}]},{\"@type\":\"WebSite\",\"@id\":\"https:\/\/talkpal.ai\/sk\/#website\",\"url\":\"https:\/\/talkpal.ai\/sk\/\",\"name\":\"Talkpal\",\"description\":\"AI Language Learning\",\"publisher\":{\"@id\":\"https:\/\/talkpal.ai\/sk\/#organization\"},\"alternateName\":\"Talkpal AI\",\"potentialAction\":[{\"@type\":\"SearchAction\",\"target\":{\"@type\":\"EntryPoint\",\"urlTemplate\":\"https:\/\/talkpal.ai\/sk\/?s={search_term_string}\"},\"query-input\":{\"@type\":\"PropertyValueSpecification\",\"valueRequired\":true,\"valueName\":\"search_term_string\"}}],\"inLanguage\":\"sk-SK\"},{\"@type\":\"Organization\",\"@id\":\"https:\/\/talkpal.ai\/sk\/#organization\",\"name\":\"Talkpal, Inc.\",\"alternateName\":\"Talkpal AI\",\"url\":\"https:\/\/talkpal.ai\/sk\/\",\"logo\":{\"@type\":\"ImageObject\",\"inLanguage\":\"sk-SK\",\"@id\":\"https:\/\/talkpal.ai\/sk\/#\/schema\/logo\/image\/\",\"url\":\"https:\/\/talkpal.ai\/wp-content\/uploads\/2024\/03\/Talkpal-Logo-Icon.png\",\"contentUrl\":\"https:\/\/talkpal.ai\/wp-content\/uploads\/2024\/03\/Talkpal-Logo-Icon.png\",\"width\":2880,\"height\":2880,\"caption\":\"Talkpal, Inc.\"},\"image\":{\"@id\":\"https:\/\/talkpal.ai\/sk\/#\/schema\/logo\/image\/\"},\"sameAs\":[\"https:\/\/www.facebook.com\/profile.php?id=100090733639311\",\"https:\/\/x.com\/talkpalai\",\"https:\/\/www.linkedin.com\/company\/talkpal\/\",\"https:\/\/www.youtube.com\/@TalkPal\/\",\"https:\/\/www.tiktok.com\/@talkpal\",\"https:\/\/www.instagram.com\/talkpal_ai\/\",\"https:\/\/www.crunchbase.com\/organization\/talkpal-9cde\",\"https:\/\/www.g2.com\/products\/talkpal-for-business\/\",\"https:\/\/www.trustpilot.com\/review\/talkpal.ai\",\"https:\/\/www.capterra.com\/p\/10006800\/TalkPal\/\"],\"description\":\"Talkpal is a language learning web and mobile education app, powered by the latest AI technologies, that provides engaging experiences to its customers in many different languages to help them improve their language skills. Users can chat about unlimited amount of topics with the app and use other modes to practice their language learning.\",\"email\":\"support@talkpal.ai\",\"legalName\":\"Talkpal, Inc.\",\"foundingDate\":\"2023-04-03\",\"duns\":\"118989042\",\"numberOfEmployees\":{\"@type\":\"QuantitativeValue\",\"minValue\":\"11\",\"maxValue\":\"50\"},\"publishingPrinciples\":\"https:\/\/talkpal.ai\/publishing-principles\/\",\"actionableFeedbackPolicy\":\"https:\/\/talkpal.ai\/actionable-feedback-policy\/\",\"correctionsPolicy\":\"https:\/\/talkpal.ai\/corrections-policy\/\",\"ethicsPolicy\":\"https:\/\/talkpal.ai\/ethics-policy\/\",\"diversityPolicy\":\"https:\/\/talkpal.ai\/diversity-policy\/\",\"diversityStaffingReport\":\"https:\/\/talkpal.ai\/diversity-policy\/\"}]}<\/script>\n<!-- \/ Yoast SEO Premium plugin. -->","yoast_head_json":{"title":"Hebrejsk\u00e1 gramatika - Talkpal","description":"Zlep\u0161ite si hebrejsk\u00fa gramatiku s istotou - nau\u010dte sa k\u013e\u00fa\u010dov\u00e9 pravidl\u00e1, tvorte spr\u00e1vne vety a komunikujte jasne s Talkpals jednoduch\u00fdmi lekciami hebrej\u010diny.","robots":{"index":"index","follow":"follow","max-snippet":"max-snippet:-1","max-image-preview":"max-image-preview:large","max-video-preview":"max-video-preview:-1"},"canonical":"https:\/\/talkpal.ai\/sk\/hebrejska-gramatika\/","og_locale":"sk_SK","og_type":"article","og_title":"Hebrejsk\u00e1 gramatika","og_description":"Zvl\u00e1dnutie hebrejskej gramatiky: V\u00e1\u0161 kone\u010dn\u00fd sprievodca Shalom, jazykov\u00ed nad\u0161enci! Ste pripraven\u00ed ponori\u0165 sa do fascinuj\u00faceho sveta hebrejskej gramatiky?","og_url":"https:\/\/talkpal.ai\/sk\/hebrejska-gramatika\/","og_site_name":"Talkpal","article_publisher":"https:\/\/www.facebook.com\/profile.php?id=100090733639311","article_modified_time":"2025-12-13T15:37:52+00:00","og_image":[{"width":512,"height":512,"url":"https:\/\/talkpal.ai\/wp-content\/uploads\/2023\/05\/israel.png","type":"image\/png"}],"twitter_card":"summary_large_image","twitter_site":"@talkpalai","twitter_misc":{"Predpokladan\u00fd \u010das \u010d\u00edtania":"3 min\u00faty"},"schema":{"@context":"https:\/\/schema.org","@graph":[{"@type":"WebPage","@id":"https:\/\/talkpal.ai\/sk\/hebrejska-gramatika\/","url":"https:\/\/talkpal.ai\/sk\/hebrejska-gramatika\/","name":"Hebrejsk\u00e1 gramatika - Talkpal","isPartOf":{"@id":"https:\/\/talkpal.ai\/sk\/#website"},"primaryImageOfPage":{"@id":"https:\/\/talkpal.ai\/sk\/hebrejska-gramatika\/#primaryimage"},"image":{"@id":"https:\/\/talkpal.ai\/sk\/hebrejska-gramatika\/#primaryimage"},"thumbnailUrl":"https:\/\/talkpal.ai\/wp-content\/uploads\/2023\/05\/israel.png","datePublished":"2023-05-14T14:04:48+00:00","dateModified":"2025-12-13T15:37:52+00:00","description":"Zlep\u0161ite si hebrejsk\u00fa gramatiku s istotou - nau\u010dte sa k\u013e\u00fa\u010dov\u00e9 pravidl\u00e1, tvorte spr\u00e1vne vety a komunikujte jasne s Talkpals jednoduch\u00fdmi lekciami hebrej\u010diny.","breadcrumb":{"@id":"https:\/\/talkpal.ai\/sk\/hebrejska-gramatika\/#breadcrumb"},"inLanguage":"sk-SK","potentialAction":[{"@type":"ReadAction","target":["https:\/\/talkpal.ai\/sk\/hebrejska-gramatika\/"]}]},{"@type":"ImageObject","inLanguage":"sk-SK","@id":"https:\/\/talkpal.ai\/sk\/hebrejska-gramatika\/#primaryimage","url":"https:\/\/talkpal.ai\/wp-content\/uploads\/2023\/05\/israel.png","contentUrl":"https:\/\/talkpal.ai\/wp-content\/uploads\/2023\/05\/israel.png","width":512,"height":512},{"@type":"BreadcrumbList","@id":"https:\/\/talkpal.ai\/sk\/hebrejska-gramatika\/#breadcrumb","itemListElement":[{"@type":"ListItem","position":1,"name":"Homepage","item":"https:\/\/talkpal.ai\/sk\/"},{"@type":"ListItem","position":2,"name":"Hebrejsk\u00e1 gramatika"}]},{"@type":"WebSite","@id":"https:\/\/talkpal.ai\/sk\/#website","url":"https:\/\/talkpal.ai\/sk\/","name":"Talkpal","description":"AI Language Learning","publisher":{"@id":"https:\/\/talkpal.ai\/sk\/#organization"},"alternateName":"Talkpal AI","potentialAction":[{"@type":"SearchAction","target":{"@type":"EntryPoint","urlTemplate":"https:\/\/talkpal.ai\/sk\/?s={search_term_string}"},"query-input":{"@type":"PropertyValueSpecification","valueRequired":true,"valueName":"search_term_string"}}],"inLanguage":"sk-SK"},{"@type":"Organization","@id":"https:\/\/talkpal.ai\/sk\/#organization","name":"Talkpal, Inc.","alternateName":"Talkpal AI","url":"https:\/\/talkpal.ai\/sk\/","logo":{"@type":"ImageObject","inLanguage":"sk-SK","@id":"https:\/\/talkpal.ai\/sk\/#\/schema\/logo\/image\/","url":"https:\/\/talkpal.ai\/wp-content\/uploads\/2024\/03\/Talkpal-Logo-Icon.png","contentUrl":"https:\/\/talkpal.ai\/wp-content\/uploads\/2024\/03\/Talkpal-Logo-Icon.png","width":2880,"height":2880,"caption":"Talkpal, Inc."},"image":{"@id":"https:\/\/talkpal.ai\/sk\/#\/schema\/logo\/image\/"},"sameAs":["https:\/\/www.facebook.com\/profile.php?id=100090733639311","https:\/\/x.com\/talkpalai","https:\/\/www.linkedin.com\/company\/talkpal\/","https:\/\/www.youtube.com\/@TalkPal\/","https:\/\/www.tiktok.com\/@talkpal","https:\/\/www.instagram.com\/talkpal_ai\/","https:\/\/www.crunchbase.com\/organization\/talkpal-9cde","https:\/\/www.g2.com\/products\/talkpal-for-business\/","https:\/\/www.trustpilot.com\/review\/talkpal.ai","https:\/\/www.capterra.com\/p\/10006800\/TalkPal\/"],"description":"Talkpal is a language learning web and mobile education app, powered by the latest AI technologies, that provides engaging experiences to its customers in many different languages to help them improve their language skills. Users can chat about unlimited amount of topics with the app and use other modes to practice their language learning.","email":"support@talkpal.ai","legalName":"Talkpal, Inc.","foundingDate":"2023-04-03","duns":"118989042","numberOfEmployees":{"@type":"QuantitativeValue","minValue":"11","maxValue":"50"},"publishingPrinciples":"https:\/\/talkpal.ai\/publishing-principles\/","actionableFeedbackPolicy":"https:\/\/talkpal.ai\/actionable-feedback-policy\/","correctionsPolicy":"https:\/\/talkpal.ai\/corrections-policy\/","ethicsPolicy":"https:\/\/talkpal.ai\/ethics-policy\/","diversityPolicy":"https:\/\/talkpal.ai\/diversity-policy\/","diversityStaffingReport":"https:\/\/talkpal.ai\/diversity-policy\/"}]}},"_links":{"self":[{"href":"https:\/\/talkpal.ai\/sk\/wp-json\/wp\/v2\/pages\/144192","targetHints":{"allow":["GET"]}}],"collection":[{"href":"https:\/\/talkpal.ai\/sk\/wp-json\/wp\/v2\/pages"}],"about":[{"href":"https:\/\/talkpal.ai\/sk\/wp-json\/wp\/v2\/types\/page"}],"author":[{"embeddable":true,"href":"https:\/\/talkpal.ai\/sk\/wp-json\/wp\/v2\/users\/1"}],"replies":[{"embeddable":true,"href":"https:\/\/talkpal.ai\/sk\/wp-json\/wp\/v2\/comments?post=144192"}],"version-history":[{"count":0,"href":"https:\/\/talkpal.ai\/sk\/wp-json\/wp\/v2\/pages\/144192\/revisions"}],"wp:featuredmedia":[{"embeddable":true,"href":"https:\/\/talkpal.ai\/sk\/wp-json\/wp\/v2\/media\/112890"}],"wp:attachment":[{"href":"https:\/\/talkpal.ai\/sk\/wp-json\/wp\/v2\/media?parent=144192"}],"curies":[{"name":"wp","href":"https:\/\/api.w.org\/{rel}","templated":true}]}}