{"id":143890,"date":"2023-05-14T14:03:43","date_gmt":"2023-05-14T14:03:43","guid":{"rendered":"http:\/\/talkpal.ai\/galicijska-gramatika\/"},"modified":"2025-12-13T15:29:21","modified_gmt":"2025-12-13T15:29:21","slug":"galicijska-gramatika","status":"publish","type":"page","link":"https:\/\/talkpal.ai\/sk\/galicijska-gramatika\/","title":{"rendered":"Gal\u00edcijsk\u00e1 gramatika"},"content":{"rendered":"\r\n\r\n\r\n<section class=\"languageChallengeSection\">\r\n    <div class=\"languageInfoWrapper\">\r\n        \r\n        <h1>Gal\u00edcijsk\u00e1 gramatika<\/h1>\r\n        <p>Objavte \u010daro gal\u00edcijsk\u00e9ho jazyka t\u00fdm, \u017ee si osvoj\u00edte jeho z\u00e1kladn\u00e9 gramatick\u00e9 pravidl\u00e1. Pochopenie gal\u00edcijskej gramatiky v\u00e1m otvor\u00ed dvere k zmysluplnej komunik\u00e1cii a hlb\u0161iemu poznaniu \u017eivej kult\u00fary Gal\u00edcie. Za\u010dnite sa u\u010di\u0165 gal\u00edcijsk\u00fa gramatiku e\u0161te dnes a urobte prv\u00fd krok k plynulosti jazyka!<\/p>\r\n\r\n                            <a class=\"getStartedHidden\" href=\"https:\/\/app.talkpal.ai\/sk\/signup?lng=\">Za\u010dni<\/a>\r\n        \r\n    <\/div>\r\n\r\n    <figure>\r\n    <img decoding=\"async\" width=\"768\" height=\"768\" src=\"https:\/\/talkpal.ai\/wp-content\/uploads\/2023\/06\/galician-768x768.png\" class=\"languageImage no-lazy\" alt=\"Language immersion powerful learning method\" fetchpriority=\"high\" sizes=\"(max-width: 768px) 150px, 768px\" srcset=\"https:\/\/talkpal.ai\/wp-content\/uploads\/2023\/06\/galician-768x768.png 768w, https:\/\/talkpal.ai\/wp-content\/uploads\/2023\/06\/galician-300x300.png 300w\" \/>\r\n    \r\n\r\n    <\/figure>\r\n\r\n            <a class=\"getStartedVisible\" href=\"https:\/\/app.talkpal.ai\/sk\/signup?lng=\">Za\u010dni<\/a>\r\n    \r\n<\/section>\r\n<section class=\"promotionalBanner\">\r\n    <p class=\"promotionalText\">Najefekt\u00edvnej\u0161\u00ed sp\u00f4sob, ako sa nau\u010di\u0165 jazyk<\/p>\r\n    <a class=\"promotionalLink\" href=\"https:\/\/app.talkpal.ai\/sk\/signup?lng=\">Vysk\u00fa\u0161ajte Talkpal zadarmo<\/a>\r\n<\/section>\n<div class=\"wp-block-group pageContainerStyle\"><div class=\"wp-block-group__inner-container is-layout-constrained wp-block-group-is-layout-constrained\">\n<h2 class=\"wp-block-heading\" id=\"h-galician-grammar-unlocking-the-beauty-of-a-romance-language\">Gal\u00edcijsk\u00e1 gramatika: Odomknutie kr\u00e1sy rom\u00e1nskeho jazyka<\/h2>\n\n\n\n<p><a href=\"https:\/\/talkpal.ai\/learn-galician\/\">Gal\u00edcij\u010dina<\/a>, rom\u00e1nsky jazyk, ktor\u00fdm hovoria viac ako dva mili\u00f3ny \u013eud\u00ed v severoz\u00e1padnom \u0160panielsku, je jedine\u010dn\u00fd a podmaniv\u00fd dialekt, ktor\u00fd zdie\u013ea podobnosti s portugal\u010dinou. M\u00e1 v\u00fdrazn\u00fa fonol\u00f3giu, fascinuj\u00facu hist\u00f3riu a \u017eiv\u00fa poetick\u00fa trad\u00edciu. Ak chcete ovl\u00e1da\u0165 tento o\u010daruj\u00faci jazyk, je nevyhnutn\u00e9 porozumie\u0165 jeho gramatike. V tomto \u010dl\u00e1nku sa budeme zaobera\u0165 z\u00e1kladn\u00fdmi aspektmi gal\u00edcijskej gramatiky a poskytneme v\u00e1m tipy, ktor\u00e9 v\u00e1m pom\u00f4\u017eu dosiahnu\u0165 vynikaj\u00face v\u00fdsledky v tejto jazykovej ceste.<\/p>\n\n\n\n<h3 class=\"wp-block-heading\" id=\"h-key-components-of-galician-grammar\">K\u013e\u00fa\u010dov\u00e9 zlo\u017eky gal\u00edcijskej gramatiky:<\/h3>\n\n\n\n<p><a href=\"https:\/\/talkpal.ai\/galician-grammar\/\">Gal\u00edcijsk\u00e1 gramatika<\/a>, podobne ako in\u00e9 rom\u00e1nske <a href=\"https:\/\/talkpal.ai\/what-language-is-spoken-on-the-international-space-station\/\">jazyky<\/a>, pozost\u00e1va z r\u00f4znych pravidiel a \u0161trukt\u00far, ktor\u00e9 definuj\u00fa jej spr\u00e1vne pou\u017e\u00edvanie. Tu s\u00fa niektor\u00e9 z\u00e1kladn\u00e9 aspekty gal\u00edcijskej gramatiky, ktor\u00e9 by ste mali pozna\u0165:<\/p>\n\n\n\n<p><strong>1. Podstatn\u00e9 men\u00e1:<\/strong> Gal\u00edcijsk\u00e9 podstatn\u00e9 men\u00e1 maj\u00fa dva gramatick\u00e9 rody (mu\u017esk\u00fd a \u017eensk\u00fd) a sklo\u0148uj\u00fa sa pre \u010d\u00edslo (jednotn\u00e9 a mno\u017en\u00e9 \u010d\u00edslo). Pohlavie podstatn\u00e9ho mena ovplyv\u0148uje formu \u010dl\u00e1nkov, pr\u00eddavn\u00fdch mien a z\u00e1men, ktor\u00e9 ho sprev\u00e1dzaj\u00fa.<\/p>\n\n\n\n<p><strong>2. \u010cl\u00e1nky:<\/strong> Gal\u00edcij\u010dina m\u00e1 ur\u010dit\u00e9 \u010dl\u00e1nky (o, os, a, as) a neur\u010dit\u00e9 \u010dl\u00e1nky (un, uns, unha, unhas). Ur\u010dit\u00e9 \u010dl\u00e1nky sa pou\u017e\u00edvaj\u00fa na ozna\u010denie konkr\u00e9tnych objektov alebo \u013eud\u00ed, zatia\u013e \u010do neur\u010dit\u00e9 \u010dl\u00e1nky sa pou\u017e\u00edvaj\u00fa na v\u0161eobecn\u00e9 alebo ne\u0161pecifick\u00e9 odkazy.<\/p>\n\n\n\n<p>3. Pr\u00eddavn\u00e9 <strong>men\u00e1 a pr\u00edslovky: Pr\u00eddavn\u00e9<\/strong> men\u00e1 v gal\u00edcij\u010dine sa zvy\u010dajne zhoduj\u00fa v rode a po\u010dte s podstatn\u00fdmi menami, ktor\u00e9 upravuj\u00fa. Na druhej strane pr\u00edslovky s\u00fa nemenn\u00e9 a nemenia sa v z\u00e1vislosti od rodu alebo \u010d\u00edsla podstatn\u00e9ho mena.<\/p>\n\n\n\n<p><strong>4. Sloves\u00e1:<\/strong> Gal\u00edcijsk\u00e9 sloves\u00e1 s\u00fa \u010dasovan\u00e9 v troch pravideln\u00fdch vzoroch (ar, er, ir) a r\u00f4znych nepravideln\u00fdch vzoroch. Sloves\u00e1 sa sklo\u0148uj\u00fa pod\u013ea \u010dasu (pr\u00edtomn\u00fd, minul\u00fd, bud\u00faci at\u010f.), n\u00e1lady (indikat\u00edvny, subjunkt\u00edvny, imperat\u00edvny), aspektu (dokonav\u00fd, nedokonal\u00fd) a hlasu (akt\u00edvny, pas\u00edvny). Z\u00e1men\u00e1 sa \u010dasto vynech\u00e1vaj\u00fa v \u010dasovan\u00ed slovies, preto\u017ee slovesn\u00e1 forma zvy\u010dajne ozna\u010duje podmet.<\/p>\n\n\n\n<p><strong>5. \u0160trukt\u00fara vety:<\/strong> Gal\u00edcij\u010dina zvy\u010dajne pou\u017e\u00edva slovosled subjekt-sloveso-objekt (SVO) alebo sloveso-predmet-objekt (VSO) v z\u00e1vislosti od d\u00f4razu a kontextu. Tento slovosled je v\u0161ak flexibiln\u00fd.<\/p>\n\n\n\n<h3 class=\"wp-block-heading\" id=\"h-tips-for-learning-galician-grammar\">Tipy na v\u00fdu\u010dbu gal\u00edcijskej gramatiky:<\/h3>\n\n\n\n<p>Ak chcete vynikn\u00fa\u0165 na svojej ceste u\u010denia sa gal\u00edcijskej gramatiky, zv\u00e1\u017ete tieto u\u017eito\u010dn\u00e9 strat\u00e9gie:<\/p>\n\n\n\n<p><strong>1. Pravideln\u00e1 prax:<\/strong> Konzistentnos\u0165 je k\u013e\u00fa\u010dov\u00e1. Ka\u017ed\u00fd de\u0148 alebo t\u00fd\u017ede\u0148 venujte konkr\u00e9tne \u010dasy precvi\u010dovaniu gramatick\u00fdch cvi\u010den\u00ed, \u010d\u00edtaniu a p\u00edsaniu v gal\u00edcij\u010dine.<\/p>\n\n\n\n<p><strong>2. Pou\u017e\u00edvajte nat\u00edvne zdroje:<\/strong> Ponorte sa do autentick\u00fdch gal\u00edcijsk\u00fdch materi\u00e1lov, ako je literat\u00fara, spravodajsk\u00e9 \u010dl\u00e1nky a filmy. To v\u00e1m pom\u00f4\u017ee nielen vidie\u0165 gal\u00edcijsk\u00fa gramatiku v kontexte, ale tie\u017e zlep\u0161uje va\u0161e schopnosti \u010d\u00edtania a po\u010d\u00favania.<\/p>\n\n\n\n<p><strong>3. Nau\u010dte sa podstatn\u00e9 men\u00e1 rody a \u010dl\u00e1nky: Obozn\u00e1mte sa<\/strong> s gal\u00edcijsk\u00fdmi podstatn\u00fdmi menami rody a spr\u00e1vnym pou\u017e\u00edvan\u00edm \u010dl\u00e1nkov. To je rozhoduj\u00face pre vytv\u00e1ranie presn\u00fdch a s\u00favisl\u00fdch viet.<\/p>\n\n\n\n<p>4. Spojte sa s roden\u00fdmi hovorcami<strong>: Spojte sa s roden\u00fdmi hovorcami<\/strong> gal\u00edcij\u010diny prostredn\u00edctvom programov jazykovej v\u00fdmeny, soci\u00e1lnych m\u00e9di\u00ed alebo online f\u00f3r. To poskytuje pr\u00edle\u017eitosti precvi\u010di\u0165 si gramatiku v re\u00e1lnych konverz\u00e1ci\u00e1ch a z\u00edska\u0165 cenn\u00fa sp\u00e4tn\u00fa v\u00e4zbu.<\/p>\n\n\n\n<p><strong>5. Trpezlivos\u0165 a vytrvalos\u0165:<\/strong> <a href=\"https:\/\/talkpal.ai\/sk\/ucenie\/\">U\u010denie sa<\/a> nov\u00e9ho jazyka si vy\u017eaduje \u010das, odhodlanie a trpezlivos\u0165. Prijmite v\u00fdzvy a osl\u00e1vte svoj pokrok na ceste.<\/p>\n\n\n\n<h2 class=\"wp-block-heading\" id=\"h-conclusion\">Z\u00e1ver:<\/h2>\n\n\n\n<p>Gal\u00edcijsk\u00e1 <a href=\"https:\/\/talkpal.ai\/sq\/gramatika\/\">gramatika<\/a> so svojimi jedine\u010dn\u00fdmi vlastnos\u0165ami a spojen\u00edm s rom\u00e1nskou jazykovou rodinou dr\u017e\u00ed k\u013e\u00fa\u010d k zvl\u00e1dnutiu tohto podmaniv\u00e9ho dialektu. Ak pochop\u00edte jeho k\u013e\u00fa\u010dov\u00e9 zlo\u017eky a budete sa riadi\u0165 na\u0161imi strat\u00e9giami u\u010denia, budete na dobrej ceste k jazykovej zdatnosti. Vydajte sa teda na t\u00fato vzru\u0161uj\u00facu cestu a odomknite z\u00e1zraky gal\u00edcijsk\u00e9ho jazyka!<\/p>\n<\/div><\/div>\n\r\n<section class=\"learnNavigationSection\">\r\n            \r\n        <a href=\"https:\/\/talkpal.ai\/sk\/naucte-sa-galicijsky\/\">\r\n            <div class=\"learnNavigationWrapper\">\r\n                <div class=\"learnNavigationContent\">\r\n                    <img decoding=\"async\" src=\"https:\/\/talkpal.ai\/wp-content\/uploads\/2024\/08\/Galician.jpg\" alt=\"Galicia Flag\">\r\n                    <div>\r\n                        <h4>O gal\u00edcijskom vzdel\u00e1van\u00ed<\/h4>\r\n                        <p>Zistite v\u0161etko o gal\u00edcijskej gramatike.<\/p>\r\n                    <\/div>\r\n                <\/div>\r\n            <\/div>\r\n        <\/a>\r\n\r\n        \r\n        <a href=\"https:\/\/talkpal.ai\/sk\/galicijske-gramaticke-cvicenia\/\">\r\n            <div class=\"learnNavigationWrapper\">\r\n                <div class=\"learnNavigationContent\">\r\n                    <img decoding=\"async\" src=\"https:\/\/talkpal.ai\/wp-content\/uploads\/2024\/08\/Galician.jpg\" alt=\"Galicia Flag\">\r\n                    <div>\r\n                        <h4>Cvi\u010denie z gal\u00edcijskej gramatiky<\/h4>\r\n                        <p>Precvi\u010dte si gal\u00edcijsk\u00fa gramatiku.<\/p>\r\n                    <\/div>\r\n                <\/div>\r\n            <\/div>\r\n        <\/a>\r\n\r\n        \r\n        <a href=\"https:\/\/talkpal.ai\/vocabulary_language\/galician\/\">\r\n            <div class=\"learnNavigationWrapper\">\r\n                <div class=\"learnNavigationContent\">\r\n                    <img decoding=\"async\" src=\"https:\/\/talkpal.ai\/wp-content\/uploads\/2024\/08\/Galician.jpg\" alt=\"Galicia Flag\">\r\n                    <div>\r\n                        <h4>Slovn\u00e1 z\u00e1soba gal\u00edcij\u010diny<\/h4>\r\n                        <p>Roz\u0161\u00edrte si slovn\u00fa z\u00e1sobu gal\u00edcij\u010diny.<\/p>\r\n                    <\/div>\r\n                <\/div>\r\n            <\/div>\r\n        <\/a>\r\n\r\n            <\/section>","protected":false},"excerpt":{"rendered":"<p>Gal\u00edcijsk\u00e1 gramatika: Odomknutie kr\u00e1sy rom\u00e1nskeho jazyka Gal\u00edcij\u010dina, rom\u00e1nsky jazyk, ktor\u00fdm hovoria viac ako dva mili\u00f3ny \u013eud\u00ed v severoz\u00e1padnom \u0160panielsku, je jedine\u010dn\u00fd a podmaniv\u00fd dialekt, ktor\u00fd zdie\u013ea podobnosti s portugal\u010dinou. M\u00e1 v\u00fdrazn\u00fa fonol\u00f3giu, fascinuj\u00facu hist\u00f3riu a \u017eiv\u00fa poetick\u00fa trad\u00edciu. Ak chcete ovl\u00e1da\u0165 tento o\u010daruj\u00faci jazyk, je nevyhnutn\u00e9 porozumie\u0165 jeho gramatike. V tomto \u010dl\u00e1nku sa budeme zaobera\u0165 [&hellip;]<\/p>\n","protected":false},"author":1,"featured_media":111917,"parent":0,"menu_order":0,"comment_status":"closed","ping_status":"closed","template":"LearningContentPage.php","meta":{"_acf_changed":false,"footnotes":""},"class_list":["post-143890","page","type-page","status-publish","has-post-thumbnail","hentry"],"acf":[],"yoast_head":"<!-- This site is optimized with the Yoast SEO Premium plugin v27.2 (Yoast SEO v27.2) - https:\/\/yoast.com\/product\/yoast-seo-premium-wordpress\/ -->\n<title>Gal\u00edcijsk\u00e1 gramatika - Talkpal<\/title>\n<meta name=\"description\" content=\"Ovl\u00e1dajte gal\u00edcijsk\u00fa gramatiku jednoducho - nau\u010dte sa pravidl\u00e1, vytv\u00e1rajte spr\u00e1vne vety a komunikujte zrozumite\u013ene\" \/>\n<meta name=\"robots\" content=\"index, follow, max-snippet:-1, max-image-preview:large, max-video-preview:-1\" \/>\n<link rel=\"canonical\" href=\"https:\/\/talkpal.ai\/sk\/galicijska-gramatika\/\" \/>\n<meta property=\"og:locale\" content=\"sk_SK\" \/>\n<meta property=\"og:type\" content=\"article\" \/>\n<meta property=\"og:title\" content=\"Gal\u00edcijsk\u00e1 gramatika\" \/>\n<meta property=\"og:description\" content=\"Gal\u00edcijsk\u00e1 gramatika: Odomknutie kr\u00e1sy rom\u00e1nskeho jazyka Gal\u00edcij\u010dina, rom\u00e1nsky jazyk, ktor\u00fdm hovoria viac ako dva mili\u00f3ny \u013eud\u00ed v severoz\u00e1padnom\" \/>\n<meta property=\"og:url\" content=\"https:\/\/talkpal.ai\/sk\/galicijska-gramatika\/\" \/>\n<meta property=\"og:site_name\" content=\"Talkpal\" \/>\n<meta property=\"article:publisher\" content=\"https:\/\/www.facebook.com\/profile.php?id=100090733639311\" \/>\n<meta property=\"article:modified_time\" content=\"2025-12-13T15:29:21+00:00\" \/>\n<meta property=\"og:image\" content=\"https:\/\/talkpal.ai\/wp-content\/uploads\/2023\/05\/Galician-spain.png\" \/>\n\t<meta property=\"og:image:width\" content=\"512\" \/>\n\t<meta property=\"og:image:height\" content=\"512\" \/>\n\t<meta property=\"og:image:type\" content=\"image\/png\" \/>\n<meta name=\"twitter:card\" content=\"summary_large_image\" \/>\n<meta name=\"twitter:site\" content=\"@talkpalai\" \/>\n<meta name=\"twitter:label1\" content=\"Predpokladan\u00fd \u010das \u010d\u00edtania\" \/>\n\t<meta name=\"twitter:data1\" content=\"3 min\u00faty\" \/>\n<script type=\"application\/ld+json\" class=\"yoast-schema-graph\">{\"@context\":\"https:\/\/schema.org\",\"@graph\":[{\"@type\":\"WebPage\",\"@id\":\"https:\/\/talkpal.ai\/sk\/galicijska-gramatika\/\",\"url\":\"https:\/\/talkpal.ai\/sk\/galicijska-gramatika\/\",\"name\":\"Gal\u00edcijsk\u00e1 gramatika - Talkpal\",\"isPartOf\":{\"@id\":\"https:\/\/talkpal.ai\/sk\/#website\"},\"primaryImageOfPage\":{\"@id\":\"https:\/\/talkpal.ai\/sk\/galicijska-gramatika\/#primaryimage\"},\"image\":{\"@id\":\"https:\/\/talkpal.ai\/sk\/galicijska-gramatika\/#primaryimage\"},\"thumbnailUrl\":\"https:\/\/talkpal.ai\/wp-content\/uploads\/2023\/05\/Galician-spain.png\",\"datePublished\":\"2023-05-14T14:03:43+00:00\",\"dateModified\":\"2025-12-13T15:29:21+00:00\",\"description\":\"Ovl\u00e1dajte gal\u00edcijsk\u00fa gramatiku jednoducho - nau\u010dte sa pravidl\u00e1, vytv\u00e1rajte spr\u00e1vne vety a komunikujte zrozumite\u013ene\",\"breadcrumb\":{\"@id\":\"https:\/\/talkpal.ai\/sk\/galicijska-gramatika\/#breadcrumb\"},\"inLanguage\":\"sk-SK\",\"potentialAction\":[{\"@type\":\"ReadAction\",\"target\":[\"https:\/\/talkpal.ai\/sk\/galicijska-gramatika\/\"]}]},{\"@type\":\"ImageObject\",\"inLanguage\":\"sk-SK\",\"@id\":\"https:\/\/talkpal.ai\/sk\/galicijska-gramatika\/#primaryimage\",\"url\":\"https:\/\/talkpal.ai\/wp-content\/uploads\/2023\/05\/Galician-spain.png\",\"contentUrl\":\"https:\/\/talkpal.ai\/wp-content\/uploads\/2023\/05\/Galician-spain.png\",\"width\":512,\"height\":512},{\"@type\":\"BreadcrumbList\",\"@id\":\"https:\/\/talkpal.ai\/sk\/galicijska-gramatika\/#breadcrumb\",\"itemListElement\":[{\"@type\":\"ListItem\",\"position\":1,\"name\":\"Homepage\",\"item\":\"https:\/\/talkpal.ai\/sk\/\"},{\"@type\":\"ListItem\",\"position\":2,\"name\":\"Gal\u00edcijsk\u00e1 gramatika\"}]},{\"@type\":\"WebSite\",\"@id\":\"https:\/\/talkpal.ai\/sk\/#website\",\"url\":\"https:\/\/talkpal.ai\/sk\/\",\"name\":\"Talkpal\",\"description\":\"AI Language Learning\",\"publisher\":{\"@id\":\"https:\/\/talkpal.ai\/sk\/#organization\"},\"alternateName\":\"Talkpal AI\",\"potentialAction\":[{\"@type\":\"SearchAction\",\"target\":{\"@type\":\"EntryPoint\",\"urlTemplate\":\"https:\/\/talkpal.ai\/sk\/?s={search_term_string}\"},\"query-input\":{\"@type\":\"PropertyValueSpecification\",\"valueRequired\":true,\"valueName\":\"search_term_string\"}}],\"inLanguage\":\"sk-SK\"},{\"@type\":\"Organization\",\"@id\":\"https:\/\/talkpal.ai\/sk\/#organization\",\"name\":\"Talkpal, Inc.\",\"alternateName\":\"Talkpal AI\",\"url\":\"https:\/\/talkpal.ai\/sk\/\",\"logo\":{\"@type\":\"ImageObject\",\"inLanguage\":\"sk-SK\",\"@id\":\"https:\/\/talkpal.ai\/sk\/#\/schema\/logo\/image\/\",\"url\":\"https:\/\/talkpal.ai\/wp-content\/uploads\/2024\/03\/Talkpal-Logo-Icon.png\",\"contentUrl\":\"https:\/\/talkpal.ai\/wp-content\/uploads\/2024\/03\/Talkpal-Logo-Icon.png\",\"width\":2880,\"height\":2880,\"caption\":\"Talkpal, Inc.\"},\"image\":{\"@id\":\"https:\/\/talkpal.ai\/sk\/#\/schema\/logo\/image\/\"},\"sameAs\":[\"https:\/\/www.facebook.com\/profile.php?id=100090733639311\",\"https:\/\/x.com\/talkpalai\",\"https:\/\/www.linkedin.com\/company\/talkpal\/\",\"https:\/\/www.youtube.com\/@TalkPal\/\",\"https:\/\/www.tiktok.com\/@talkpal\",\"https:\/\/www.instagram.com\/talkpal_ai\/\",\"https:\/\/www.crunchbase.com\/organization\/talkpal-9cde\",\"https:\/\/www.g2.com\/products\/talkpal-for-business\/\",\"https:\/\/www.trustpilot.com\/review\/talkpal.ai\",\"https:\/\/www.capterra.com\/p\/10006800\/TalkPal\/\"],\"description\":\"Talkpal is a language learning web and mobile education app, powered by the latest AI technologies, that provides engaging experiences to its customers in many different languages to help them improve their language skills. Users can chat about unlimited amount of topics with the app and use other modes to practice their language learning.\",\"email\":\"support@talkpal.ai\",\"legalName\":\"Talkpal, Inc.\",\"foundingDate\":\"2023-04-03\",\"duns\":\"118989042\",\"numberOfEmployees\":{\"@type\":\"QuantitativeValue\",\"minValue\":\"11\",\"maxValue\":\"50\"},\"publishingPrinciples\":\"https:\/\/talkpal.ai\/publishing-principles\/\",\"actionableFeedbackPolicy\":\"https:\/\/talkpal.ai\/actionable-feedback-policy\/\",\"correctionsPolicy\":\"https:\/\/talkpal.ai\/corrections-policy\/\",\"ethicsPolicy\":\"https:\/\/talkpal.ai\/ethics-policy\/\",\"diversityPolicy\":\"https:\/\/talkpal.ai\/diversity-policy\/\",\"diversityStaffingReport\":\"https:\/\/talkpal.ai\/diversity-policy\/\"}]}<\/script>\n<!-- \/ Yoast SEO Premium plugin. -->","yoast_head_json":{"title":"Gal\u00edcijsk\u00e1 gramatika - Talkpal","description":"Ovl\u00e1dajte gal\u00edcijsk\u00fa gramatiku jednoducho - nau\u010dte sa pravidl\u00e1, vytv\u00e1rajte spr\u00e1vne vety a komunikujte zrozumite\u013ene","robots":{"index":"index","follow":"follow","max-snippet":"max-snippet:-1","max-image-preview":"max-image-preview:large","max-video-preview":"max-video-preview:-1"},"canonical":"https:\/\/talkpal.ai\/sk\/galicijska-gramatika\/","og_locale":"sk_SK","og_type":"article","og_title":"Gal\u00edcijsk\u00e1 gramatika","og_description":"Gal\u00edcijsk\u00e1 gramatika: Odomknutie kr\u00e1sy rom\u00e1nskeho jazyka Gal\u00edcij\u010dina, rom\u00e1nsky jazyk, ktor\u00fdm hovoria viac ako dva mili\u00f3ny \u013eud\u00ed v severoz\u00e1padnom","og_url":"https:\/\/talkpal.ai\/sk\/galicijska-gramatika\/","og_site_name":"Talkpal","article_publisher":"https:\/\/www.facebook.com\/profile.php?id=100090733639311","article_modified_time":"2025-12-13T15:29:21+00:00","og_image":[{"width":512,"height":512,"url":"https:\/\/talkpal.ai\/wp-content\/uploads\/2023\/05\/Galician-spain.png","type":"image\/png"}],"twitter_card":"summary_large_image","twitter_site":"@talkpalai","twitter_misc":{"Predpokladan\u00fd \u010das \u010d\u00edtania":"3 min\u00faty"},"schema":{"@context":"https:\/\/schema.org","@graph":[{"@type":"WebPage","@id":"https:\/\/talkpal.ai\/sk\/galicijska-gramatika\/","url":"https:\/\/talkpal.ai\/sk\/galicijska-gramatika\/","name":"Gal\u00edcijsk\u00e1 gramatika - Talkpal","isPartOf":{"@id":"https:\/\/talkpal.ai\/sk\/#website"},"primaryImageOfPage":{"@id":"https:\/\/talkpal.ai\/sk\/galicijska-gramatika\/#primaryimage"},"image":{"@id":"https:\/\/talkpal.ai\/sk\/galicijska-gramatika\/#primaryimage"},"thumbnailUrl":"https:\/\/talkpal.ai\/wp-content\/uploads\/2023\/05\/Galician-spain.png","datePublished":"2023-05-14T14:03:43+00:00","dateModified":"2025-12-13T15:29:21+00:00","description":"Ovl\u00e1dajte gal\u00edcijsk\u00fa gramatiku jednoducho - nau\u010dte sa pravidl\u00e1, vytv\u00e1rajte spr\u00e1vne vety a komunikujte zrozumite\u013ene","breadcrumb":{"@id":"https:\/\/talkpal.ai\/sk\/galicijska-gramatika\/#breadcrumb"},"inLanguage":"sk-SK","potentialAction":[{"@type":"ReadAction","target":["https:\/\/talkpal.ai\/sk\/galicijska-gramatika\/"]}]},{"@type":"ImageObject","inLanguage":"sk-SK","@id":"https:\/\/talkpal.ai\/sk\/galicijska-gramatika\/#primaryimage","url":"https:\/\/talkpal.ai\/wp-content\/uploads\/2023\/05\/Galician-spain.png","contentUrl":"https:\/\/talkpal.ai\/wp-content\/uploads\/2023\/05\/Galician-spain.png","width":512,"height":512},{"@type":"BreadcrumbList","@id":"https:\/\/talkpal.ai\/sk\/galicijska-gramatika\/#breadcrumb","itemListElement":[{"@type":"ListItem","position":1,"name":"Homepage","item":"https:\/\/talkpal.ai\/sk\/"},{"@type":"ListItem","position":2,"name":"Gal\u00edcijsk\u00e1 gramatika"}]},{"@type":"WebSite","@id":"https:\/\/talkpal.ai\/sk\/#website","url":"https:\/\/talkpal.ai\/sk\/","name":"Talkpal","description":"AI Language Learning","publisher":{"@id":"https:\/\/talkpal.ai\/sk\/#organization"},"alternateName":"Talkpal AI","potentialAction":[{"@type":"SearchAction","target":{"@type":"EntryPoint","urlTemplate":"https:\/\/talkpal.ai\/sk\/?s={search_term_string}"},"query-input":{"@type":"PropertyValueSpecification","valueRequired":true,"valueName":"search_term_string"}}],"inLanguage":"sk-SK"},{"@type":"Organization","@id":"https:\/\/talkpal.ai\/sk\/#organization","name":"Talkpal, Inc.","alternateName":"Talkpal AI","url":"https:\/\/talkpal.ai\/sk\/","logo":{"@type":"ImageObject","inLanguage":"sk-SK","@id":"https:\/\/talkpal.ai\/sk\/#\/schema\/logo\/image\/","url":"https:\/\/talkpal.ai\/wp-content\/uploads\/2024\/03\/Talkpal-Logo-Icon.png","contentUrl":"https:\/\/talkpal.ai\/wp-content\/uploads\/2024\/03\/Talkpal-Logo-Icon.png","width":2880,"height":2880,"caption":"Talkpal, Inc."},"image":{"@id":"https:\/\/talkpal.ai\/sk\/#\/schema\/logo\/image\/"},"sameAs":["https:\/\/www.facebook.com\/profile.php?id=100090733639311","https:\/\/x.com\/talkpalai","https:\/\/www.linkedin.com\/company\/talkpal\/","https:\/\/www.youtube.com\/@TalkPal\/","https:\/\/www.tiktok.com\/@talkpal","https:\/\/www.instagram.com\/talkpal_ai\/","https:\/\/www.crunchbase.com\/organization\/talkpal-9cde","https:\/\/www.g2.com\/products\/talkpal-for-business\/","https:\/\/www.trustpilot.com\/review\/talkpal.ai","https:\/\/www.capterra.com\/p\/10006800\/TalkPal\/"],"description":"Talkpal is a language learning web and mobile education app, powered by the latest AI technologies, that provides engaging experiences to its customers in many different languages to help them improve their language skills. Users can chat about unlimited amount of topics with the app and use other modes to practice their language learning.","email":"support@talkpal.ai","legalName":"Talkpal, Inc.","foundingDate":"2023-04-03","duns":"118989042","numberOfEmployees":{"@type":"QuantitativeValue","minValue":"11","maxValue":"50"},"publishingPrinciples":"https:\/\/talkpal.ai\/publishing-principles\/","actionableFeedbackPolicy":"https:\/\/talkpal.ai\/actionable-feedback-policy\/","correctionsPolicy":"https:\/\/talkpal.ai\/corrections-policy\/","ethicsPolicy":"https:\/\/talkpal.ai\/ethics-policy\/","diversityPolicy":"https:\/\/talkpal.ai\/diversity-policy\/","diversityStaffingReport":"https:\/\/talkpal.ai\/diversity-policy\/"}]}},"_links":{"self":[{"href":"https:\/\/talkpal.ai\/sk\/wp-json\/wp\/v2\/pages\/143890","targetHints":{"allow":["GET"]}}],"collection":[{"href":"https:\/\/talkpal.ai\/sk\/wp-json\/wp\/v2\/pages"}],"about":[{"href":"https:\/\/talkpal.ai\/sk\/wp-json\/wp\/v2\/types\/page"}],"author":[{"embeddable":true,"href":"https:\/\/talkpal.ai\/sk\/wp-json\/wp\/v2\/users\/1"}],"replies":[{"embeddable":true,"href":"https:\/\/talkpal.ai\/sk\/wp-json\/wp\/v2\/comments?post=143890"}],"version-history":[{"count":0,"href":"https:\/\/talkpal.ai\/sk\/wp-json\/wp\/v2\/pages\/143890\/revisions"}],"wp:featuredmedia":[{"embeddable":true,"href":"https:\/\/talkpal.ai\/sk\/wp-json\/wp\/v2\/media\/111917"}],"wp:attachment":[{"href":"https:\/\/talkpal.ai\/sk\/wp-json\/wp\/v2\/media?parent=143890"}],"curies":[{"name":"wp","href":"https:\/\/api.w.org\/{rel}","templated":true}]}}