{"id":143547,"date":"2023-05-14T14:03:23","date_gmt":"2023-05-14T14:03:23","guid":{"rendered":"http:\/\/talkpal.ai\/danska-gramatika\/"},"modified":"2025-12-13T15:25:22","modified_gmt":"2025-12-13T15:25:22","slug":"danska-gramatika","status":"publish","type":"page","link":"https:\/\/talkpal.ai\/sk\/danska-gramatika\/","title":{"rendered":"D\u00e1nska gramatika"},"content":{"rendered":"\r\n\r\n\r\n<section class=\"languageChallengeSection\">\r\n    <div class=\"languageInfoWrapper\">\r\n        \r\n        <h1>D\u00e1nska gramatika<\/h1>\r\n        <p>Odha\u013ete z\u00e1klady d\u00e1nskej gramatiky a za\u010dnite s istotou komunikova\u0165 v tomto o\u010daruj\u00facom \u0161kandin\u00e1vskom jazyku. Zvl\u00e1dnut\u00edm z\u00e1kladn\u00fdch pravidiel a \u0161trukt\u00far z\u00edskate zru\u010dnosti potrebn\u00e9 na nadviazanie kontaktu s d\u00e1nskymi hovorcami a spozn\u00e1te ich bohat\u00fa kult\u00faru na vlastnej ko\u017ei. Za\u010dnite sa u\u010di\u0165 d\u00e1nsku gramatiku e\u0161te dnes a urobte prv\u00fd krok k plynulosti!\n\n<\/p>\r\n\r\n                            <a class=\"getStartedHidden\" href=\"https:\/\/app.talkpal.ai\/sk\/signup?lng=\">Za\u010dni<\/a>\r\n        \r\n    <\/div>\r\n\r\n    <figure>\r\n    <img decoding=\"async\" width=\"768\" height=\"768\" src=\"https:\/\/talkpal.ai\/wp-content\/uploads\/2023\/06\/danish-768x768.png\" class=\"languageImage no-lazy\" alt=\"Language learning for career enhancement\" fetchpriority=\"high\" sizes=\"(max-width: 768px) 150px, 768px\" srcset=\"https:\/\/talkpal.ai\/wp-content\/uploads\/2023\/06\/danish-768x768.png 768w, https:\/\/talkpal.ai\/wp-content\/uploads\/2023\/06\/danish-300x300.png 300w\" \/>\r\n    \r\n\r\n    <\/figure>\r\n\r\n            <a class=\"getStartedVisible\" href=\"https:\/\/app.talkpal.ai\/sk\/signup?lng=\">Za\u010dni<\/a>\r\n    \r\n<\/section>\r\n<section class=\"promotionalBanner\">\r\n    <p class=\"promotionalText\">Najefekt\u00edvnej\u0161\u00ed sp\u00f4sob, ako sa nau\u010di\u0165 jazyk<\/p>\r\n    <a class=\"promotionalLink\" href=\"https:\/\/app.talkpal.ai\/sk\/signup?lng=\">Vysk\u00fa\u0161ajte Talkpal zadarmo<\/a>\r\n<\/section>\n<div class=\"wp-block-group pageContainerStyle\"><div class=\"wp-block-group__inner-container is-layout-constrained wp-block-group-is-layout-constrained\">\n<h2 class=\"wp-block-heading\" id=\"h-delving-into-the-depths-of-danish-grammar-unraveling-its-idiosyncrasies-and-charm\">Ponorenie sa do hlb\u00edn d\u00e1nskej gramatiky: odhalenie jej zvl\u00e1\u0161tnost\u00ed a \u0161armu<\/h2>\n\n\n\n<p>Pam\u00e4t\u00e1te si \u010dasy, ke\u010f sa u\u010denie anglickej gramatiky zdalo by\u0165 \u0165a\u017ek\u00fdm bojom s mno\u017estvom pravidiel, v\u00fdnimiek a zlo\u017eitej terminol\u00f3gie? Ak sa teraz chcete nau\u010di\u0165 d\u00e1nsky jazyk, pripravte sa na \u010fal\u0161iu strhuj\u00facu jazdu zlo\u017eitos\u0165ou a p\u00f4\u017eitkami d\u00e1nskej gramatiky.<\/p>\n\n\n\n<p><a href=\"https:\/\/talkpal.ai\/learn-danish\/\">D\u00e1n\u010dina<\/a>, severogerm\u00e1nsky jazyk, zdie\u013ea podobnosti s jazykmi ako <a href=\"https:\/\/talkpal.ai\/learn-norwegian\/\">n\u00f3r\u010dina<\/a> a \u0161v\u00e9d\u010dina. M\u00e1 v\u0161ak svoje vlastn\u00e9 jedine\u010dn\u00e9 vlastnosti, v\u010faka ktor\u00fdm je klenotom, ktor\u00fd stoj\u00ed za to presk\u00fama\u0165 do h\u013abky. Za\u010dnime odha\u013eova\u0165 z\u00e1zraky d\u00e1nskej gramatiky, jedno pravidlo po druhom.<\/p>\n\n\n\n<p><strong>Pozoruhodnou \u010drtou d\u00e1nskej gramatiky<\/strong> je jej jednoduchos\u0165, pokia\u013e ide o slovosled. D\u00e1n\u010dina sa riadi \u0161trukt\u00farou subjekt-sloveso-objekt (SVO), podobne ako <a href=\"https:\/\/talkpal.ai\/learn-english-with-ai\/\">angli\u010dtina<\/a>, v\u010faka \u010domu je pre anglicky hovoriacich relat\u00edvne \u013eahko pochopite\u013en\u00e1. Je tu v\u0161ak jeden zvrat &#8211; pou\u017e\u00edvanie slovosledu V2 v hlavn\u00fdch vet\u00e1ch, \u010do znamen\u00e1, \u017ee sloveso mus\u00ed by\u0165 v\u017edy druh\u00fdm prvkom. Toto pravidlo dod\u00e1va d\u00e1nskemu jazyku n\u00e1dych jedine\u010dnosti.<\/p>\n\n\n\n<p>\u010eal\u0161\u00edm roztomil\u00fdm aspektom d\u00e1nskej gramatiky je jej <strong>syst\u00e9m dvoch pohlav\u00ed<\/strong>. Zatia\u013e \u010do niektor\u00e9 <a href=\"https:\/\/talkpal.ai\/what-language-is-spoken-on-the-international-space-station\/\">jazyky<\/a> ako franc\u00faz\u0161tina alebo <a href=\"https:\/\/talkpal.ai\/learn-spanish\/\">\u0161paniel\u010dina<\/a> pozost\u00e1vaj\u00fa z oddelen\u00fdch rodov pre mu\u017esk\u00fd a \u017eensk\u00fd, d\u00e1n\u010dina to zjednodu\u0161uje pou\u017eit\u00edm dvoch hlavn\u00fdch rodov: spolo\u010dn\u00e9ho a kastrovan\u00e9ho. V d\u00e1n\u010dine patr\u00ed v\u00e4\u010d\u0161ina podstatn\u00fdch mien do kateg\u00f3rie &#8222;oby\u010dajn\u00fd&#8220;, tak\u017ee rodov\u00e1 zhoda s pr\u00eddavn\u00fdmi menami a \u010dlenmi je pomerne jednoduch\u00e1.<\/p>\n\n\n\n<p>Ponorte sa do oblasti <strong>\u010dasovania slovies<\/strong> a zist\u00edte, \u017ee d\u00e1n\u010dina zatie\u0148uje ostatn\u00e9 jazyky, pokia\u013e ide o jednoduchos\u0165. D\u00e1nske sloves\u00e1 sa nemenia pod\u013ea predmetu, tak\u017ee je \u013eahk\u00e9 zapam\u00e4ta\u0165 si a pochopi\u0165 r\u00f4zne formy. Pravideln\u00e9 sloves\u00e1 sleduj\u00fa predv\u00eddate\u013en\u00e9 vzory a dokonca aj nepravideln\u00e9 sloves\u00e1 predstavuj\u00fa mal\u00fa v\u00fdzvu, preto\u017ee ich nezrovnalosti s\u00fa ve\u013emi jemn\u00e9.<\/p>\n\n\n\n<p><a href=\"https:\/\/talkpal.ai\/danish-grammar\/\">D\u00e1nska gramatika<\/a> pon\u00faka jedine\u010dn\u00fa vlastnos\u0165 s <strong>pou\u017eit\u00edm neur\u010dit\u00fdch, \u010dl\u00e1nkov a demon\u0161tr\u00e1ci\u00ed<\/strong>. Neur\u010dit\u00fd \u010dlen je v angli\u010dtine ekvivalentom slova &#8222;a&#8220; alebo &#8222;an&#8220; a v d\u00e1n\u010dine m\u00f4\u017ee by\u0165 &#8222;en&#8220; pre v\u0161eobecn\u00fd rod alebo &#8222;et&#8220; pre podstatn\u00e9 men\u00e1 stredn\u00e9ho rodu. Ur\u010dit\u00fd \u010dlen, podobne ako &#8222;the&#8220; v angli\u010dtine, sa prip\u00e1ja na koniec podstatn\u00e9ho mena a sp\u00e1ja sa do jedn\u00e9ho slova. Demon\u0161tr\u00e1cie, ktor\u00e9 ozna\u010duj\u00fa <a href=\"https:\/\/talkpal.ai\/sv\/grammar\/konkreta-substantiv-i-slovensk-grammatik\/\">konkr\u00e9tne podstatn\u00e9 men\u00e1<\/a>, sa tie\u017e menia pod\u013ea pohlavia podstatn\u00e9ho mena, \u010do dod\u00e1va \u00farove\u0148 \u0161pecifickosti a \u0161armu.<\/p>\n\n\n\n<p>Nezab\u00fadajme na kr\u00e1su <strong>d\u00e1nskej v\u00fdslovnosti<\/strong>, ktor\u00e1 si vy\u017eaduje znalos\u0165 charakteristick\u00fdch samohl\u00e1sok a m\u00e4k\u010den\u00fdch spoluhl\u00e1sok. Pou\u017eitie st\u00f8d (glot\u00e1lna zast\u00e1vka) ho \u010falej odli\u0161uje od ostatn\u00fdch germ\u00e1nskych jazykov a dod\u00e1va d\u00e1n\u010dine jedine\u010dn\u00fd zvuk a p\u00f4vab.<\/p>\n\n\n\n<p>Ke\u010f sa ponor\u00edte do d\u00e1nskej gramatiky, nielen\u017ee sa nau\u010d\u00edte nov\u00fd jazyk, ale tie\u017e obohat\u00edte svoje kult\u00farne znalosti a pochop\u00edte D\u00e1nsko a jeho obyvate\u013eov. Aj ke\u010f je <a href=\"https:\/\/talkpal.ai\/danish-grammar\/\">d\u00e1nska gramatika<\/a> niekedy n\u00e1ro\u010dn\u00e1, pon\u00faka jedine\u010dn\u00fd z\u00e1\u017eitok z u\u010denia, ktor\u00fd otv\u00e1ra dvere nespo\u010detn\u00fdm k\u00fazlam a zvl\u00e1\u0161tnostiam, ktor\u00e9 z nej robia neodolate\u013en\u00fd jazyk na presk\u00famanie. Vezmite teda svoje jazykov\u00e9 knihy a vydajte sa na d\u00e1nske gramatick\u00e9 dobrodru\u017estvo, ktor\u00e9 s\u013eubuje, \u017ee v\u00e1s zaujme a in\u0161piruje na ka\u017edom kroku!<\/p>\n<\/div><\/div>\n\r\n<section class=\"learnNavigationSection\">\r\n            \r\n        <a href=\"https:\/\/talkpal.ai\/sk\/naucte-sa-po-dansky\/\">\r\n            <div class=\"learnNavigationWrapper\">\r\n                <div class=\"learnNavigationContent\">\r\n                    <img decoding=\"async\" src=\"https:\/\/talkpal.ai\/wp-content\/uploads\/2024\/08\/Danish.jpg\" alt=\"Danish Flag\">\r\n                    <div>\r\n                        <h4>O d\u00e1nskom vzdel\u00e1van\u00ed<\/h4>\r\n                        <p>Zistite v\u0161etko o d\u00e1nskej gramatike.<\/p>\r\n                    <\/div>\r\n                <\/div>\r\n            <\/div>\r\n        <\/a>\r\n\r\n        \r\n        <a href=\"https:\/\/talkpal.ai\/sk\/danske-gramaticke-cvicenia\/\">\r\n            <div class=\"learnNavigationWrapper\">\r\n                <div class=\"learnNavigationContent\">\r\n                    <img decoding=\"async\" src=\"https:\/\/talkpal.ai\/wp-content\/uploads\/2024\/08\/Danish.jpg\" alt=\"Danish Flag\">\r\n                    <div>\r\n                        <h4>Cvi\u010denie z d\u00e1nskej gramatiky<\/h4>\r\n                        <p>Precvi\u010dte si d\u00e1nsku gramatiku.<\/p>\r\n                    <\/div>\r\n                <\/div>\r\n            <\/div>\r\n        <\/a>\r\n\r\n        \r\n        <a href=\"https:\/\/talkpal.ai\/vocabulary_language\/danish\/\">\r\n            <div class=\"learnNavigationWrapper\">\r\n                <div class=\"learnNavigationContent\">\r\n                    <img decoding=\"async\" src=\"https:\/\/talkpal.ai\/wp-content\/uploads\/2024\/08\/Danish.jpg\" alt=\"Danish Flag\">\r\n                    <div>\r\n                        <h4>D\u00e1nska slovn\u00e1 z\u00e1soba<\/h4>\r\n                        <p>Roz\u0161\u00edrte si slovn\u00fa z\u00e1sobu d\u00e1n\u010diny.<\/p>\r\n                    <\/div>\r\n                <\/div>\r\n            <\/div>\r\n        <\/a>\r\n\r\n            <\/section>","protected":false},"excerpt":{"rendered":"<p>Ponorenie sa do hlb\u00edn d\u00e1nskej gramatiky: odhalenie jej zvl\u00e1\u0161tnost\u00ed a \u0161armu Pam\u00e4t\u00e1te si \u010dasy, ke\u010f sa u\u010denie anglickej gramatiky zdalo by\u0165 \u0165a\u017ek\u00fdm bojom s mno\u017estvom pravidiel, v\u00fdnimiek a zlo\u017eitej terminol\u00f3gie? Ak sa teraz chcete nau\u010di\u0165 d\u00e1nsky jazyk, pripravte sa na \u010fal\u0161iu strhuj\u00facu jazdu zlo\u017eitos\u0165ou a p\u00f4\u017eitkami d\u00e1nskej gramatiky. D\u00e1n\u010dina, severogerm\u00e1nsky jazyk, zdie\u013ea podobnosti s jazykmi [&hellip;]<\/p>\n","protected":false},"author":1,"featured_media":110891,"parent":0,"menu_order":0,"comment_status":"closed","ping_status":"closed","template":"LearningContentPage.php","meta":{"_acf_changed":false,"footnotes":""},"class_list":["post-143547","page","type-page","status-publish","has-post-thumbnail","hentry"],"acf":[],"yoast_head":"<!-- This site is optimized with the Yoast SEO Premium plugin v27.2 (Yoast SEO v27.2) - https:\/\/yoast.com\/product\/yoast-seo-premium-wordpress\/ -->\n<title>D\u00e1nska gramatika - Talkpal<\/title>\n<meta name=\"description\" content=\"Presk\u00famajte zlo\u017eitos\u0165 d\u00e1nskej gramatiky a objavte jej jedine\u010dn\u00e9 pravidl\u00e1 a vlastnosti. Nau\u010dte sa bez probl\u00e9mov ovl\u00e1da\u0165 jazyk.\" \/>\n<meta name=\"robots\" content=\"index, follow, max-snippet:-1, max-image-preview:large, max-video-preview:-1\" \/>\n<link rel=\"canonical\" href=\"https:\/\/talkpal.ai\/sk\/danska-gramatika\/\" \/>\n<meta property=\"og:locale\" content=\"sk_SK\" \/>\n<meta property=\"og:type\" content=\"article\" \/>\n<meta property=\"og:title\" content=\"D\u00e1nska gramatika\" \/>\n<meta property=\"og:description\" content=\"Ponorenie sa do hlb\u00edn d\u00e1nskej gramatiky: odhalenie jej zvl\u00e1\u0161tnost\u00ed a \u0161armu Pam\u00e4t\u00e1te si \u010dasy, ke\u010f sa u\u010denie anglickej gramatiky zdalo by\u0165 \u0165a\u017ek\u00fdm bojom s\" \/>\n<meta property=\"og:url\" content=\"https:\/\/talkpal.ai\/sk\/danska-gramatika\/\" \/>\n<meta property=\"og:site_name\" content=\"Talkpal\" \/>\n<meta property=\"article:publisher\" content=\"https:\/\/www.facebook.com\/profile.php?id=100090733639311\" \/>\n<meta property=\"article:modified_time\" content=\"2025-12-13T15:25:22+00:00\" \/>\n<meta property=\"og:image\" content=\"https:\/\/talkpal.ai\/wp-content\/uploads\/2023\/05\/denmark.png\" \/>\n\t<meta property=\"og:image:width\" content=\"512\" \/>\n\t<meta property=\"og:image:height\" content=\"512\" \/>\n\t<meta property=\"og:image:type\" content=\"image\/png\" \/>\n<meta name=\"twitter:card\" content=\"summary_large_image\" \/>\n<meta name=\"twitter:site\" content=\"@talkpalai\" \/>\n<meta name=\"twitter:label1\" content=\"Predpokladan\u00fd \u010das \u010d\u00edtania\" \/>\n\t<meta name=\"twitter:data1\" content=\"3 min\u00faty\" \/>\n<script type=\"application\/ld+json\" class=\"yoast-schema-graph\">{\"@context\":\"https:\/\/schema.org\",\"@graph\":[{\"@type\":\"WebPage\",\"@id\":\"https:\/\/talkpal.ai\/sk\/danska-gramatika\/\",\"url\":\"https:\/\/talkpal.ai\/sk\/danska-gramatika\/\",\"name\":\"D\u00e1nska gramatika - Talkpal\",\"isPartOf\":{\"@id\":\"https:\/\/talkpal.ai\/sk\/#website\"},\"primaryImageOfPage\":{\"@id\":\"https:\/\/talkpal.ai\/sk\/danska-gramatika\/#primaryimage\"},\"image\":{\"@id\":\"https:\/\/talkpal.ai\/sk\/danska-gramatika\/#primaryimage\"},\"thumbnailUrl\":\"https:\/\/talkpal.ai\/wp-content\/uploads\/2023\/05\/denmark.png\",\"datePublished\":\"2023-05-14T14:03:23+00:00\",\"dateModified\":\"2025-12-13T15:25:22+00:00\",\"description\":\"Presk\u00famajte zlo\u017eitos\u0165 d\u00e1nskej gramatiky a objavte jej jedine\u010dn\u00e9 pravidl\u00e1 a vlastnosti. Nau\u010dte sa bez probl\u00e9mov ovl\u00e1da\u0165 jazyk.\",\"breadcrumb\":{\"@id\":\"https:\/\/talkpal.ai\/sk\/danska-gramatika\/#breadcrumb\"},\"inLanguage\":\"sk-SK\",\"potentialAction\":[{\"@type\":\"ReadAction\",\"target\":[\"https:\/\/talkpal.ai\/sk\/danska-gramatika\/\"]}]},{\"@type\":\"ImageObject\",\"inLanguage\":\"sk-SK\",\"@id\":\"https:\/\/talkpal.ai\/sk\/danska-gramatika\/#primaryimage\",\"url\":\"https:\/\/talkpal.ai\/wp-content\/uploads\/2023\/05\/denmark.png\",\"contentUrl\":\"https:\/\/talkpal.ai\/wp-content\/uploads\/2023\/05\/denmark.png\",\"width\":512,\"height\":512},{\"@type\":\"BreadcrumbList\",\"@id\":\"https:\/\/talkpal.ai\/sk\/danska-gramatika\/#breadcrumb\",\"itemListElement\":[{\"@type\":\"ListItem\",\"position\":1,\"name\":\"Homepage\",\"item\":\"https:\/\/talkpal.ai\/sk\/\"},{\"@type\":\"ListItem\",\"position\":2,\"name\":\"D\u00e1nska gramatika\"}]},{\"@type\":\"WebSite\",\"@id\":\"https:\/\/talkpal.ai\/sk\/#website\",\"url\":\"https:\/\/talkpal.ai\/sk\/\",\"name\":\"Talkpal\",\"description\":\"AI Language Learning\",\"publisher\":{\"@id\":\"https:\/\/talkpal.ai\/sk\/#organization\"},\"alternateName\":\"Talkpal AI\",\"potentialAction\":[{\"@type\":\"SearchAction\",\"target\":{\"@type\":\"EntryPoint\",\"urlTemplate\":\"https:\/\/talkpal.ai\/sk\/?s={search_term_string}\"},\"query-input\":{\"@type\":\"PropertyValueSpecification\",\"valueRequired\":true,\"valueName\":\"search_term_string\"}}],\"inLanguage\":\"sk-SK\"},{\"@type\":\"Organization\",\"@id\":\"https:\/\/talkpal.ai\/sk\/#organization\",\"name\":\"Talkpal, Inc.\",\"alternateName\":\"Talkpal AI\",\"url\":\"https:\/\/talkpal.ai\/sk\/\",\"logo\":{\"@type\":\"ImageObject\",\"inLanguage\":\"sk-SK\",\"@id\":\"https:\/\/talkpal.ai\/sk\/#\/schema\/logo\/image\/\",\"url\":\"https:\/\/talkpal.ai\/wp-content\/uploads\/2024\/03\/Talkpal-Logo-Icon.png\",\"contentUrl\":\"https:\/\/talkpal.ai\/wp-content\/uploads\/2024\/03\/Talkpal-Logo-Icon.png\",\"width\":2880,\"height\":2880,\"caption\":\"Talkpal, Inc.\"},\"image\":{\"@id\":\"https:\/\/talkpal.ai\/sk\/#\/schema\/logo\/image\/\"},\"sameAs\":[\"https:\/\/www.facebook.com\/profile.php?id=100090733639311\",\"https:\/\/x.com\/talkpalai\",\"https:\/\/www.linkedin.com\/company\/talkpal\/\",\"https:\/\/www.youtube.com\/@TalkPal\/\",\"https:\/\/www.tiktok.com\/@talkpal\",\"https:\/\/www.instagram.com\/talkpal_ai\/\",\"https:\/\/www.crunchbase.com\/organization\/talkpal-9cde\",\"https:\/\/www.g2.com\/products\/talkpal-for-business\/\",\"https:\/\/www.trustpilot.com\/review\/talkpal.ai\",\"https:\/\/www.capterra.com\/p\/10006800\/TalkPal\/\"],\"description\":\"Talkpal is a language learning web and mobile education app, powered by the latest AI technologies, that provides engaging experiences to its customers in many different languages to help them improve their language skills. Users can chat about unlimited amount of topics with the app and use other modes to practice their language learning.\",\"email\":\"support@talkpal.ai\",\"legalName\":\"Talkpal, Inc.\",\"foundingDate\":\"2023-04-03\",\"duns\":\"118989042\",\"numberOfEmployees\":{\"@type\":\"QuantitativeValue\",\"minValue\":\"11\",\"maxValue\":\"50\"},\"publishingPrinciples\":\"https:\/\/talkpal.ai\/publishing-principles\/\",\"actionableFeedbackPolicy\":\"https:\/\/talkpal.ai\/actionable-feedback-policy\/\",\"correctionsPolicy\":\"https:\/\/talkpal.ai\/corrections-policy\/\",\"ethicsPolicy\":\"https:\/\/talkpal.ai\/ethics-policy\/\",\"diversityPolicy\":\"https:\/\/talkpal.ai\/diversity-policy\/\",\"diversityStaffingReport\":\"https:\/\/talkpal.ai\/diversity-policy\/\"}]}<\/script>\n<!-- \/ Yoast SEO Premium plugin. -->","yoast_head_json":{"title":"D\u00e1nska gramatika - Talkpal","description":"Presk\u00famajte zlo\u017eitos\u0165 d\u00e1nskej gramatiky a objavte jej jedine\u010dn\u00e9 pravidl\u00e1 a vlastnosti. Nau\u010dte sa bez probl\u00e9mov ovl\u00e1da\u0165 jazyk.","robots":{"index":"index","follow":"follow","max-snippet":"max-snippet:-1","max-image-preview":"max-image-preview:large","max-video-preview":"max-video-preview:-1"},"canonical":"https:\/\/talkpal.ai\/sk\/danska-gramatika\/","og_locale":"sk_SK","og_type":"article","og_title":"D\u00e1nska gramatika","og_description":"Ponorenie sa do hlb\u00edn d\u00e1nskej gramatiky: odhalenie jej zvl\u00e1\u0161tnost\u00ed a \u0161armu Pam\u00e4t\u00e1te si \u010dasy, ke\u010f sa u\u010denie anglickej gramatiky zdalo by\u0165 \u0165a\u017ek\u00fdm bojom s","og_url":"https:\/\/talkpal.ai\/sk\/danska-gramatika\/","og_site_name":"Talkpal","article_publisher":"https:\/\/www.facebook.com\/profile.php?id=100090733639311","article_modified_time":"2025-12-13T15:25:22+00:00","og_image":[{"width":512,"height":512,"url":"https:\/\/talkpal.ai\/wp-content\/uploads\/2023\/05\/denmark.png","type":"image\/png"}],"twitter_card":"summary_large_image","twitter_site":"@talkpalai","twitter_misc":{"Predpokladan\u00fd \u010das \u010d\u00edtania":"3 min\u00faty"},"schema":{"@context":"https:\/\/schema.org","@graph":[{"@type":"WebPage","@id":"https:\/\/talkpal.ai\/sk\/danska-gramatika\/","url":"https:\/\/talkpal.ai\/sk\/danska-gramatika\/","name":"D\u00e1nska gramatika - Talkpal","isPartOf":{"@id":"https:\/\/talkpal.ai\/sk\/#website"},"primaryImageOfPage":{"@id":"https:\/\/talkpal.ai\/sk\/danska-gramatika\/#primaryimage"},"image":{"@id":"https:\/\/talkpal.ai\/sk\/danska-gramatika\/#primaryimage"},"thumbnailUrl":"https:\/\/talkpal.ai\/wp-content\/uploads\/2023\/05\/denmark.png","datePublished":"2023-05-14T14:03:23+00:00","dateModified":"2025-12-13T15:25:22+00:00","description":"Presk\u00famajte zlo\u017eitos\u0165 d\u00e1nskej gramatiky a objavte jej jedine\u010dn\u00e9 pravidl\u00e1 a vlastnosti. Nau\u010dte sa bez probl\u00e9mov ovl\u00e1da\u0165 jazyk.","breadcrumb":{"@id":"https:\/\/talkpal.ai\/sk\/danska-gramatika\/#breadcrumb"},"inLanguage":"sk-SK","potentialAction":[{"@type":"ReadAction","target":["https:\/\/talkpal.ai\/sk\/danska-gramatika\/"]}]},{"@type":"ImageObject","inLanguage":"sk-SK","@id":"https:\/\/talkpal.ai\/sk\/danska-gramatika\/#primaryimage","url":"https:\/\/talkpal.ai\/wp-content\/uploads\/2023\/05\/denmark.png","contentUrl":"https:\/\/talkpal.ai\/wp-content\/uploads\/2023\/05\/denmark.png","width":512,"height":512},{"@type":"BreadcrumbList","@id":"https:\/\/talkpal.ai\/sk\/danska-gramatika\/#breadcrumb","itemListElement":[{"@type":"ListItem","position":1,"name":"Homepage","item":"https:\/\/talkpal.ai\/sk\/"},{"@type":"ListItem","position":2,"name":"D\u00e1nska gramatika"}]},{"@type":"WebSite","@id":"https:\/\/talkpal.ai\/sk\/#website","url":"https:\/\/talkpal.ai\/sk\/","name":"Talkpal","description":"AI Language Learning","publisher":{"@id":"https:\/\/talkpal.ai\/sk\/#organization"},"alternateName":"Talkpal AI","potentialAction":[{"@type":"SearchAction","target":{"@type":"EntryPoint","urlTemplate":"https:\/\/talkpal.ai\/sk\/?s={search_term_string}"},"query-input":{"@type":"PropertyValueSpecification","valueRequired":true,"valueName":"search_term_string"}}],"inLanguage":"sk-SK"},{"@type":"Organization","@id":"https:\/\/talkpal.ai\/sk\/#organization","name":"Talkpal, Inc.","alternateName":"Talkpal AI","url":"https:\/\/talkpal.ai\/sk\/","logo":{"@type":"ImageObject","inLanguage":"sk-SK","@id":"https:\/\/talkpal.ai\/sk\/#\/schema\/logo\/image\/","url":"https:\/\/talkpal.ai\/wp-content\/uploads\/2024\/03\/Talkpal-Logo-Icon.png","contentUrl":"https:\/\/talkpal.ai\/wp-content\/uploads\/2024\/03\/Talkpal-Logo-Icon.png","width":2880,"height":2880,"caption":"Talkpal, Inc."},"image":{"@id":"https:\/\/talkpal.ai\/sk\/#\/schema\/logo\/image\/"},"sameAs":["https:\/\/www.facebook.com\/profile.php?id=100090733639311","https:\/\/x.com\/talkpalai","https:\/\/www.linkedin.com\/company\/talkpal\/","https:\/\/www.youtube.com\/@TalkPal\/","https:\/\/www.tiktok.com\/@talkpal","https:\/\/www.instagram.com\/talkpal_ai\/","https:\/\/www.crunchbase.com\/organization\/talkpal-9cde","https:\/\/www.g2.com\/products\/talkpal-for-business\/","https:\/\/www.trustpilot.com\/review\/talkpal.ai","https:\/\/www.capterra.com\/p\/10006800\/TalkPal\/"],"description":"Talkpal is a language learning web and mobile education app, powered by the latest AI technologies, that provides engaging experiences to its customers in many different languages to help them improve their language skills. Users can chat about unlimited amount of topics with the app and use other modes to practice their language learning.","email":"support@talkpal.ai","legalName":"Talkpal, Inc.","foundingDate":"2023-04-03","duns":"118989042","numberOfEmployees":{"@type":"QuantitativeValue","minValue":"11","maxValue":"50"},"publishingPrinciples":"https:\/\/talkpal.ai\/publishing-principles\/","actionableFeedbackPolicy":"https:\/\/talkpal.ai\/actionable-feedback-policy\/","correctionsPolicy":"https:\/\/talkpal.ai\/corrections-policy\/","ethicsPolicy":"https:\/\/talkpal.ai\/ethics-policy\/","diversityPolicy":"https:\/\/talkpal.ai\/diversity-policy\/","diversityStaffingReport":"https:\/\/talkpal.ai\/diversity-policy\/"}]}},"_links":{"self":[{"href":"https:\/\/talkpal.ai\/sk\/wp-json\/wp\/v2\/pages\/143547","targetHints":{"allow":["GET"]}}],"collection":[{"href":"https:\/\/talkpal.ai\/sk\/wp-json\/wp\/v2\/pages"}],"about":[{"href":"https:\/\/talkpal.ai\/sk\/wp-json\/wp\/v2\/types\/page"}],"author":[{"embeddable":true,"href":"https:\/\/talkpal.ai\/sk\/wp-json\/wp\/v2\/users\/1"}],"replies":[{"embeddable":true,"href":"https:\/\/talkpal.ai\/sk\/wp-json\/wp\/v2\/comments?post=143547"}],"version-history":[{"count":0,"href":"https:\/\/talkpal.ai\/sk\/wp-json\/wp\/v2\/pages\/143547\/revisions"}],"wp:featuredmedia":[{"embeddable":true,"href":"https:\/\/talkpal.ai\/sk\/wp-json\/wp\/v2\/media\/110891"}],"wp:attachment":[{"href":"https:\/\/talkpal.ai\/sk\/wp-json\/wp\/v2\/media?parent=143547"}],"curies":[{"name":"wp","href":"https:\/\/api.w.org\/{rel}","templated":true}]}}