{"id":143224,"date":"2023-05-14T14:03:07","date_gmt":"2023-05-14T14:03:07","guid":{"rendered":"http:\/\/talkpal.ai\/ceska-gramatika\/"},"modified":"2025-12-13T15:21:34","modified_gmt":"2025-12-13T15:21:34","slug":"ceska-gramatika","status":"publish","type":"page","link":"https:\/\/talkpal.ai\/sk\/ceska-gramatika\/","title":{"rendered":"\u010cesk\u00e1 gramatika"},"content":{"rendered":"\r\n\r\n\r\n<section class=\"languageChallengeSection\">\r\n    <div class=\"languageInfoWrapper\">\r\n        \r\n        <h1>\u010cesk\u00e1 gramatika<\/h1>\r\n        <p>Presk\u00famajte zlo\u017eitosti \u010deskej gramatiky a otvorte si dvere k porozumeniu tohto stredoeur\u00f3pskeho jazyka. Ak si osvoj\u00edte z\u00e1kladn\u00e9 pravidl\u00e1 a vzory, budete komunikova\u0165 efekt\u00edvnej\u0161ie a z\u00edskate hlb\u0161\u00ed preh\u013ead o \u010deskej kult\u00fare. Za\u010dnite sa u\u010di\u0165 \u010desk\u00fa gramatiku e\u0161te dnes a urobte prv\u00fd krok k plynulosti!<\/p>\r\n\r\n                            <a class=\"getStartedHidden\" href=\"https:\/\/app.talkpal.ai\/sk\/signup?lng=\">Za\u010dni<\/a>\r\n        \r\n    <\/div>\r\n\r\n    <figure>\r\n    <img decoding=\"async\" width=\"768\" height=\"768\" src=\"https:\/\/talkpal.ai\/wp-content\/uploads\/2023\/06\/Czech-768x768.png\" class=\"languageImage no-lazy\" alt=\"Language learning for intellectual development\" fetchpriority=\"high\" sizes=\"(max-width: 768px) 150px, 768px\" srcset=\"https:\/\/talkpal.ai\/wp-content\/uploads\/2023\/06\/Czech-768x768.png 768w, https:\/\/talkpal.ai\/wp-content\/uploads\/2023\/06\/Czech-300x300.png 300w\" \/>\r\n    \r\n\r\n    <\/figure>\r\n\r\n            <a class=\"getStartedVisible\" href=\"https:\/\/app.talkpal.ai\/sk\/signup?lng=\">Za\u010dni<\/a>\r\n    \r\n<\/section>\r\n<section class=\"promotionalBanner\">\r\n    <p class=\"promotionalText\">Najefekt\u00edvnej\u0161\u00ed sp\u00f4sob, ako sa nau\u010di\u0165 jazyk<\/p>\r\n    <a class=\"promotionalLink\" href=\"https:\/\/app.talkpal.ai\/sk\/signup?lng=\">Vysk\u00fa\u0161ajte Talkpal zadarmo<\/a>\r\n<\/section>\n<div class=\"wp-block-group pageContainerStyle\"><div class=\"wp-block-group__inner-container is-layout-constrained wp-block-group-is-layout-constrained\">\n<h2 class=\"wp-block-heading\" id=\"h-czech-grammar-making-sense-of-the-czech-language-s-unique-structure\">\u010cesk\u00e1 gramatika: pochopenie jedine\u010dnej \u0161trukt\u00fary \u010desk\u00e9ho jazyka<\/h2>\n\n\n\n<p>Ak ste sa niekedy pok\u00fa\u0161ali nau\u010di\u0165 \u010desky &#8211; alebo ste si dokonca len pre\u010d\u00edtali nejak\u00fd \u010desk\u00fd \u010dl\u00e1nok \u010di knihu &#8211; pravdepodobne ste si v\u0161imli, \u017ee <a href=\"https:\/\/talkpal.ai\/sq\/gramatika\/\">gramatika<\/a> \u010de\u0161tiny m\u00f4\u017ee by\u0165 dos\u0165 n\u00e1ro\u010dn\u00e1. <a href=\"https:\/\/talkpal.ai\/sv\/grammar\/case-i-tjeckisk-grammatik\/\">\u010cesk\u00e1 gramatika<\/a>, v\u0161eobecne pova\u017eovan\u00e1 za jeden z najzlo\u017eitej\u0161\u00edch jazykov\u00fdch syst\u00e9mov, zmiatla mnoh\u00fdch zahrani\u010dn\u00fdch \u0161tudentov. Ale nenechajte sa t\u00fdm zastra\u0161i\u0165! Zvl\u00e1\u0161tnosti \u010deskej gramatiky s\u00fa to, \u010do ju rob\u00ed fascinuj\u00facou a jedine\u010dnou. V tomto \u010dl\u00e1nku v\u00e1m hovorov\u00fdm sp\u00f4sobom pribl\u00ed\u017eime nieko\u013eko k\u013e\u00fa\u010dov\u00fdch prvkov \u010deskej gramatiky a pom\u00f4\u017eeme v\u00e1m lep\u0161ie porozumie\u0165 tomuto kr\u00e1snemu jazyku.<\/p>\n\n\n\n<h3 class=\"wp-block-heading\" id=\"h-1-nouns-declensions-and-cases-galore\">1. Podstatn\u00e9 men\u00e1 \u2013 sklo\u0148ovanie a p\u00e1dy habadej!<\/h3>\n\n\n\n<p>Jednou z prv\u00fdch vec\u00ed, ktor\u00fa si v \u010deskej gramatike v\u0161imnete, je sklo\u0148ovanie podstatn\u00fdch mien. Sklo\u0148ovanie je skupina podstatn\u00fdch mien s podobn\u00fdmi gramatick\u00fdmi znakmi a <a href=\"https:\/\/talkpal.ai\/learn-czech\/\">\u010de\u0161tina<\/a> m\u00e1 a\u017e 14 odli\u0161n\u00fdch sklo\u0148ovan\u00ed. \u010co poviete na rozmanitos\u0165? Ka\u017ed\u00e9 sklo\u0148ovanie m\u00e1 \u0161pecifick\u00fd vzor na vyjadrenie tvarov podstatn\u00fdch mien v jednotnom a mno\u017enom \u010d\u00edsle.<\/p>\n\n\n\n<p>\u010cesk\u00e9 podstatn\u00e9 men\u00e1 maj\u00fa tie\u017e sedem r\u00f4znych p\u00e1dov: nominat\u00edv, genit\u00edv, dat\u00edv, akuzat\u00edv, vokat\u00edv, lokat\u00edv a in\u0161trument\u00e1l. Hoci sa tak\u00e9to \u010d\u00edslo m\u00f4\u017ee zda\u0165 odstra\u0161uj\u00face, je nevyhnutn\u00e9 pozna\u0165 tieto pr\u00edpady, preto\u017ee s\u00fa k\u013e\u00fa\u010dov\u00e9 pre vyjadrenie v\u00fdznamu. Napr\u00edklad v \u010de\u0161tine nie je poradie slov tak\u00e9 rozhoduj\u00face ako v angli\u010dtine &#8211; vz\u0165ahy medzi slovami nazna\u010duj\u00fa p\u00e1dy.<\/p>\n\n\n\n<h3 class=\"wp-block-heading\" id=\"h-2-adjectives-agreeing-with-nouns\">2. Pr\u00eddavn\u00e9 men\u00e1 \u2013 s\u00fahlas s podstatn\u00fdmi menami<\/h3>\n\n\n\n<p>\u010cesk\u00e9 pr\u00eddavn\u00e9 men\u00e1 maj\u00fa osobitn\u00fa povinnos\u0165: musia s\u00fahlasi\u0165 s podstatn\u00fdmi menami, ktor\u00e9 upravuj\u00fa v rode, \u010d\u00edsle a p\u00e1de. Predstavte si to ako dynamick\u00e9 duo, gramatick\u00e9 tango, kde sa jedna polovica elegantne prisp\u00f4sob\u00ed tak, aby dop\u013a\u0148ala druh\u00fa. T\u00e1to dohoda pom\u00e1ha vytv\u00e1ra\u0165 harm\u00f3niu vo vet\u00e1ch a zvy\u0161uje zrozumite\u013enos\u0165.<\/p>\n\n\n\n<p>Napr\u00edklad slovo &#8222;kr\u00e1sny&#8220; v \u010de\u0161tine je &#8222;kr\u00e1sn\u00fd&#8220;. Ak opisujete kr\u00e1sny dom (d\u016fm), ktor\u00fd je mu\u017esk\u00e9ho rodu, pou\u017eijete &#8222;kr\u00e1sn\u00fd dom&#8220;. Pre kr\u00e1snu diev\u010dinu (diev\u010da), ktor\u00e1 je \u017eensk\u00e9ho rodu, je to &#8222;kr\u00e1sna d\u00edvka&#8220;. A pre kr\u00e1sny de\u0148 (den), ktor\u00fd je stredn\u00e9ho rodu, sa povie &#8222;kr\u00e1sny de\u0148&#8220;. Pozrite sa, ako pr\u00eddavn\u00e9 meno tancuje spolu s podstatn\u00fdm menom?<\/p>\n\n\n\n<h3 class=\"wp-block-heading\" id=\"h-3-verbs-the-art-of-conjugation\">3. Sloves\u00e1 \u2013 umenie \u010dasovania<\/h3>\n\n\n\n<p>V \u010de\u0161tine umenie \u010dasovania \u2013 teda zmena slovesn\u00fdch tvarov na z\u00e1klade nap\u00e4tia, n\u00e1lady a osoby \u2013 nadob\u00fada vlastn\u00fd \u017eivot. \u010cesk\u00e9 sloves\u00e1 sa delia na dve kateg\u00f3rie: dokonav\u00e9 a nedokonav\u00e9. Dokonav\u00e9 sloves\u00e1 nazna\u010duj\u00fa, \u017ee akcia bola dokon\u010den\u00e1, zatia\u013e \u010do nedokonav\u00e9 sloves\u00e1 nazna\u010duj\u00fa prebiehaj\u00face alebo obvykl\u00e9 \u010dinnosti.  <\/p>\n\n\n\n<p>\u010cesk\u00e1 gramatika m\u00e1 nieko\u013eko vzru\u0161uj\u00facich zvl\u00e1\u0161tnost\u00ed, pokia\u013e ide o sloves\u00e1. Napr\u00edklad bud\u00faci \u010das sa tvor\u00ed pravidelne len pri nedokonav\u00fdch sloves\u00e1ch. Pri dokonav\u00fdch sloves\u00e1ch spl\u00fdva s pr\u00edtomn\u00fdm \u010dasom! <a href=\"https:\/\/talkpal.ai\/learn-czech\/\">\u010ce\u0161tina<\/a> namiesto \u0161pecifick\u00e9ho pas\u00edvneho hlasu zah\u0155\u0148a pas\u00edvne kon\u0161trukcie pomocou pomocn\u00fdch slovies. Nezab\u00fadajme ani na \u010desk\u00e9 zvratn\u00e9 sloves\u00e1, pri ktor\u00fdch sa \u010dinnos\u0165 vracia sp\u00e4\u0165 k predmetu, \u010do dod\u00e1va tomuto zauj\u00edmav\u00e9mu jazyku \u010fal\u0161iu vrstvu nu\u00e1ns.<\/p>\n\n\n\n<h3 class=\"wp-block-heading\" id=\"h-4-pronouns-the-mirror-of-linguistic-diversity\">4. Z\u00e1men\u00e1: zrkadlo jazykovej rozmanitosti<\/h3>\n\n\n\n<p>Z\u00e1men\u00e1 v \u010deskej gramatike &#8211; hovor\u00edme o osobn\u00fdch, privlast\u0148ovac\u00edch, ukazovac\u00edch, opytovac\u00edch a vz\u0165ahov\u00fdch z\u00e1men\u00e1ch &#8211; sa vyzna\u010duj\u00fa rovnakou rozmanitos\u0165ou ako ostatn\u00e9 \u010dasti re\u010di. Aj oni musia s\u00fahlasi\u0165 v rode, \u010d\u00edsle a p\u00e1de s podstatn\u00fdmi menami, ktor\u00e9 nahr\u00e1dzaj\u00fa alebo na ktor\u00e9 odkazuj\u00fa.<\/p>\n\n\n\n<p>Ak napr\u00edklad hovor\u00edte o knihe, ktor\u00e1 sa v\u00e1m p\u00e1\u010di, poviete &#8222;<a href=\"https:\/\/talkpal.ai\/culture\/how-to-say-i-like-in-slovak-using-mam-rad\/\">M\u00e1m r\u00e1d<\/a> tu knihu&#8220;. Tu je &#8222;tu&#8220; \u017eensk\u00fd tvar ukazovacieho z\u00e1mena &#8222;to&#8220;, ktor\u00fd sa zhoduje so z\u00e1menom &#8222;kniha&#8220;, ktor\u00e9 je tie\u017e \u017eensk\u00e9ho rodu.<\/p>\n\n\n\n<h3 class=\"wp-block-heading\" id=\"h-5-embracing-the-challenge\">5. Prijatie v\u00fdzvy<\/h3>\n\n\n\n<p>\u010cesk\u00e1 gramatika m\u00f4\u017ee by\u0165 m\u00e4t\u00faca a odstra\u0161uj\u00faca, ale aj v\u010faka nej je tento fascinuj\u00faci jazyk v\u00fdnimo\u010dn\u00fd. Nevyh\u00fdbajte sa tejto v\u00fdzve! Nezabudnite, \u017ee nejde o to, aby ste zvl\u00e1dli v\u0161etko naraz, ale o postupn\u00e9 napredovanie. Venujte \u010das pochopeniu jedine\u010dn\u00e9ho syst\u00e9mu \u010deskej gramatiky a budete na dobrej ceste k ovl\u00e1dnutiu tohto kr\u00e1sneho a zlo\u017eit\u00e9ho jazyka. A ke\u010f si osvoj\u00edte n\u00e1dhern\u00e9 nuansy, ktor\u00e9 pon\u00faka \u010desk\u00e1 gramatika, nepochybne objav\u00edte nov\u00e9 uznanie pre jej zlo\u017eitosti. \u0160\u0165astn\u00e9 u\u010denie!<\/p>\n<\/div><\/div>\n\r\n<section class=\"learnNavigationSection\">\r\n            \r\n        <a href=\"https:\/\/talkpal.ai\/sk\/ucte-sa-cesky\/\">\r\n            <div class=\"learnNavigationWrapper\">\r\n                <div class=\"learnNavigationContent\">\r\n                    <img decoding=\"async\" src=\"https:\/\/talkpal.ai\/wp-content\/uploads\/2024\/08\/Czech.jpg\" alt=\"Czech Flag\">\r\n                    <div>\r\n                        <h4>O \u010deskom vzdel\u00e1van\u00ed<\/h4>\r\n                        <p>Zistite v\u0161etko o \u010deskej gramatike.<\/p>\r\n                    <\/div>\r\n                <\/div>\r\n            <\/div>\r\n        <\/a>\r\n\r\n        \r\n        <a href=\"https:\/\/talkpal.ai\/sk\/ceske-gramaticke-cvicenia\/\">\r\n            <div class=\"learnNavigationWrapper\">\r\n                <div class=\"learnNavigationContent\">\r\n                    <img decoding=\"async\" src=\"https:\/\/talkpal.ai\/wp-content\/uploads\/2024\/08\/Czech.jpg\" alt=\"Czech Flag\">\r\n                    <div>\r\n                        <h4>Cvi\u010denie z \u010deskej gramatiky<\/h4>\r\n                        <p>Precvi\u010dte si \u010desk\u00fa gramatiku.<\/p>\r\n                    <\/div>\r\n                <\/div>\r\n            <\/div>\r\n        <\/a>\r\n\r\n        \r\n        <a href=\"https:\/\/talkpal.ai\/vocabulary_language\/czech\/\">\r\n            <div class=\"learnNavigationWrapper\">\r\n                <div class=\"learnNavigationContent\">\r\n                    <img decoding=\"async\" src=\"https:\/\/talkpal.ai\/wp-content\/uploads\/2024\/08\/Czech.jpg\" alt=\"Czech Flag\">\r\n                    <div>\r\n                        <h4>\u010cesk\u00e1 slovn\u00e1 z\u00e1soba<\/h4>\r\n                        <p>Roz\u0161\u00edrte si slovn\u00fa z\u00e1sobu \u010de\u0161tiny.<\/p>\r\n                    <\/div>\r\n                <\/div>\r\n            <\/div>\r\n        <\/a>\r\n\r\n            <\/section>","protected":false},"excerpt":{"rendered":"<p>\u010cesk\u00e1 gramatika: pochopenie jedine\u010dnej \u0161trukt\u00fary \u010desk\u00e9ho jazyka Ak ste sa niekedy pok\u00fa\u0161ali nau\u010di\u0165 \u010desky &#8211; alebo ste si dokonca len pre\u010d\u00edtali nejak\u00fd \u010desk\u00fd \u010dl\u00e1nok \u010di knihu &#8211; pravdepodobne ste si v\u0161imli, \u017ee gramatika \u010de\u0161tiny m\u00f4\u017ee by\u0165 dos\u0165 n\u00e1ro\u010dn\u00e1. \u010cesk\u00e1 gramatika, v\u0161eobecne pova\u017eovan\u00e1 za jeden z najzlo\u017eitej\u0161\u00edch jazykov\u00fdch syst\u00e9mov, zmiatla mnoh\u00fdch zahrani\u010dn\u00fdch \u0161tudentov. Ale nenechajte sa [&hellip;]<\/p>\n","protected":false},"author":1,"featured_media":111674,"parent":0,"menu_order":0,"comment_status":"closed","ping_status":"closed","template":"LearningContentPage.php","meta":{"_acf_changed":false,"footnotes":""},"class_list":["post-143224","page","type-page","status-publish","has-post-thumbnail","hentry"],"acf":[],"yoast_head":"<!-- This site is optimized with the Yoast SEO Premium plugin v27.2 (Yoast SEO v27.2) - https:\/\/yoast.com\/product\/yoast-seo-premium-wordpress\/ -->\n<title>\u010cesk\u00e1 gramatika - Talkpal<\/title>\n<meta name=\"description\" content=\"Odha\u013ete tajomstv\u00e1 \u010deskej gramatiky. Pre\u010d\u00edtajte si o jeho jedine\u010dnej zlo\u017eitosti a o tom, ako efekt\u00edvne zvl\u00e1dnu\u0165 sklo\u0148ovanie podstatn\u00fdch mien.\" \/>\n<meta name=\"robots\" content=\"index, follow, max-snippet:-1, max-image-preview:large, max-video-preview:-1\" \/>\n<link rel=\"canonical\" href=\"https:\/\/talkpal.ai\/sk\/ceska-gramatika\/\" \/>\n<meta property=\"og:locale\" content=\"sk_SK\" \/>\n<meta property=\"og:type\" content=\"article\" \/>\n<meta property=\"og:title\" content=\"\u010cesk\u00e1 gramatika\" \/>\n<meta property=\"og:description\" content=\"\u010cesk\u00e1 gramatika: pochopenie jedine\u010dnej \u0161trukt\u00fary \u010desk\u00e9ho jazyka Ak ste sa niekedy pok\u00fa\u0161ali nau\u010di\u0165 \u010desky - alebo ste si dokonca len pre\u010d\u00edtali nejak\u00fd \u010desk\u00fd\" \/>\n<meta property=\"og:url\" content=\"https:\/\/talkpal.ai\/sk\/ceska-gramatika\/\" \/>\n<meta property=\"og:site_name\" content=\"Talkpal\" \/>\n<meta property=\"article:publisher\" content=\"https:\/\/www.facebook.com\/profile.php?id=100090733639311\" \/>\n<meta property=\"article:modified_time\" content=\"2025-12-13T15:21:34+00:00\" \/>\n<meta property=\"og:image\" content=\"https:\/\/talkpal.ai\/wp-content\/uploads\/2023\/05\/czech-republic.png\" \/>\n\t<meta property=\"og:image:width\" content=\"512\" \/>\n\t<meta property=\"og:image:height\" content=\"512\" \/>\n\t<meta property=\"og:image:type\" content=\"image\/png\" \/>\n<meta name=\"twitter:card\" content=\"summary_large_image\" \/>\n<meta name=\"twitter:site\" content=\"@talkpalai\" \/>\n<meta name=\"twitter:label1\" content=\"Predpokladan\u00fd \u010das \u010d\u00edtania\" \/>\n\t<meta name=\"twitter:data1\" content=\"4 min\u00faty\" \/>\n<script type=\"application\/ld+json\" class=\"yoast-schema-graph\">{\"@context\":\"https:\/\/schema.org\",\"@graph\":[{\"@type\":\"WebPage\",\"@id\":\"https:\/\/talkpal.ai\/sk\/ceska-gramatika\/\",\"url\":\"https:\/\/talkpal.ai\/sk\/ceska-gramatika\/\",\"name\":\"\u010cesk\u00e1 gramatika - Talkpal\",\"isPartOf\":{\"@id\":\"https:\/\/talkpal.ai\/sk\/#website\"},\"primaryImageOfPage\":{\"@id\":\"https:\/\/talkpal.ai\/sk\/ceska-gramatika\/#primaryimage\"},\"image\":{\"@id\":\"https:\/\/talkpal.ai\/sk\/ceska-gramatika\/#primaryimage\"},\"thumbnailUrl\":\"https:\/\/talkpal.ai\/wp-content\/uploads\/2023\/05\/czech-republic.png\",\"datePublished\":\"2023-05-14T14:03:07+00:00\",\"dateModified\":\"2025-12-13T15:21:34+00:00\",\"description\":\"Odha\u013ete tajomstv\u00e1 \u010deskej gramatiky. Pre\u010d\u00edtajte si o jeho jedine\u010dnej zlo\u017eitosti a o tom, ako efekt\u00edvne zvl\u00e1dnu\u0165 sklo\u0148ovanie podstatn\u00fdch mien.\",\"breadcrumb\":{\"@id\":\"https:\/\/talkpal.ai\/sk\/ceska-gramatika\/#breadcrumb\"},\"inLanguage\":\"sk-SK\",\"potentialAction\":[{\"@type\":\"ReadAction\",\"target\":[\"https:\/\/talkpal.ai\/sk\/ceska-gramatika\/\"]}]},{\"@type\":\"ImageObject\",\"inLanguage\":\"sk-SK\",\"@id\":\"https:\/\/talkpal.ai\/sk\/ceska-gramatika\/#primaryimage\",\"url\":\"https:\/\/talkpal.ai\/wp-content\/uploads\/2023\/05\/czech-republic.png\",\"contentUrl\":\"https:\/\/talkpal.ai\/wp-content\/uploads\/2023\/05\/czech-republic.png\",\"width\":512,\"height\":512},{\"@type\":\"BreadcrumbList\",\"@id\":\"https:\/\/talkpal.ai\/sk\/ceska-gramatika\/#breadcrumb\",\"itemListElement\":[{\"@type\":\"ListItem\",\"position\":1,\"name\":\"Homepage\",\"item\":\"https:\/\/talkpal.ai\/sk\/\"},{\"@type\":\"ListItem\",\"position\":2,\"name\":\"\u010cesk\u00e1 gramatika\"}]},{\"@type\":\"WebSite\",\"@id\":\"https:\/\/talkpal.ai\/sk\/#website\",\"url\":\"https:\/\/talkpal.ai\/sk\/\",\"name\":\"Talkpal\",\"description\":\"AI Language Learning\",\"publisher\":{\"@id\":\"https:\/\/talkpal.ai\/sk\/#organization\"},\"alternateName\":\"Talkpal AI\",\"potentialAction\":[{\"@type\":\"SearchAction\",\"target\":{\"@type\":\"EntryPoint\",\"urlTemplate\":\"https:\/\/talkpal.ai\/sk\/?s={search_term_string}\"},\"query-input\":{\"@type\":\"PropertyValueSpecification\",\"valueRequired\":true,\"valueName\":\"search_term_string\"}}],\"inLanguage\":\"sk-SK\"},{\"@type\":\"Organization\",\"@id\":\"https:\/\/talkpal.ai\/sk\/#organization\",\"name\":\"Talkpal, Inc.\",\"alternateName\":\"Talkpal AI\",\"url\":\"https:\/\/talkpal.ai\/sk\/\",\"logo\":{\"@type\":\"ImageObject\",\"inLanguage\":\"sk-SK\",\"@id\":\"https:\/\/talkpal.ai\/sk\/#\/schema\/logo\/image\/\",\"url\":\"https:\/\/talkpal.ai\/wp-content\/uploads\/2024\/03\/Talkpal-Logo-Icon.png\",\"contentUrl\":\"https:\/\/talkpal.ai\/wp-content\/uploads\/2024\/03\/Talkpal-Logo-Icon.png\",\"width\":2880,\"height\":2880,\"caption\":\"Talkpal, Inc.\"},\"image\":{\"@id\":\"https:\/\/talkpal.ai\/sk\/#\/schema\/logo\/image\/\"},\"sameAs\":[\"https:\/\/www.facebook.com\/profile.php?id=100090733639311\",\"https:\/\/x.com\/talkpalai\",\"https:\/\/www.linkedin.com\/company\/talkpal\/\",\"https:\/\/www.youtube.com\/@TalkPal\/\",\"https:\/\/www.tiktok.com\/@talkpal\",\"https:\/\/www.instagram.com\/talkpal_ai\/\",\"https:\/\/www.crunchbase.com\/organization\/talkpal-9cde\",\"https:\/\/www.g2.com\/products\/talkpal-for-business\/\",\"https:\/\/www.trustpilot.com\/review\/talkpal.ai\",\"https:\/\/www.capterra.com\/p\/10006800\/TalkPal\/\"],\"description\":\"Talkpal is a language learning web and mobile education app, powered by the latest AI technologies, that provides engaging experiences to its customers in many different languages to help them improve their language skills. Users can chat about unlimited amount of topics with the app and use other modes to practice their language learning.\",\"email\":\"support@talkpal.ai\",\"legalName\":\"Talkpal, Inc.\",\"foundingDate\":\"2023-04-03\",\"duns\":\"118989042\",\"numberOfEmployees\":{\"@type\":\"QuantitativeValue\",\"minValue\":\"11\",\"maxValue\":\"50\"},\"publishingPrinciples\":\"https:\/\/talkpal.ai\/publishing-principles\/\",\"actionableFeedbackPolicy\":\"https:\/\/talkpal.ai\/actionable-feedback-policy\/\",\"correctionsPolicy\":\"https:\/\/talkpal.ai\/corrections-policy\/\",\"ethicsPolicy\":\"https:\/\/talkpal.ai\/ethics-policy\/\",\"diversityPolicy\":\"https:\/\/talkpal.ai\/diversity-policy\/\",\"diversityStaffingReport\":\"https:\/\/talkpal.ai\/diversity-policy\/\"}]}<\/script>\n<!-- \/ Yoast SEO Premium plugin. -->","yoast_head_json":{"title":"\u010cesk\u00e1 gramatika - Talkpal","description":"Odha\u013ete tajomstv\u00e1 \u010deskej gramatiky. Pre\u010d\u00edtajte si o jeho jedine\u010dnej zlo\u017eitosti a o tom, ako efekt\u00edvne zvl\u00e1dnu\u0165 sklo\u0148ovanie podstatn\u00fdch mien.","robots":{"index":"index","follow":"follow","max-snippet":"max-snippet:-1","max-image-preview":"max-image-preview:large","max-video-preview":"max-video-preview:-1"},"canonical":"https:\/\/talkpal.ai\/sk\/ceska-gramatika\/","og_locale":"sk_SK","og_type":"article","og_title":"\u010cesk\u00e1 gramatika","og_description":"\u010cesk\u00e1 gramatika: pochopenie jedine\u010dnej \u0161trukt\u00fary \u010desk\u00e9ho jazyka Ak ste sa niekedy pok\u00fa\u0161ali nau\u010di\u0165 \u010desky - alebo ste si dokonca len pre\u010d\u00edtali nejak\u00fd \u010desk\u00fd","og_url":"https:\/\/talkpal.ai\/sk\/ceska-gramatika\/","og_site_name":"Talkpal","article_publisher":"https:\/\/www.facebook.com\/profile.php?id=100090733639311","article_modified_time":"2025-12-13T15:21:34+00:00","og_image":[{"width":512,"height":512,"url":"https:\/\/talkpal.ai\/wp-content\/uploads\/2023\/05\/czech-republic.png","type":"image\/png"}],"twitter_card":"summary_large_image","twitter_site":"@talkpalai","twitter_misc":{"Predpokladan\u00fd \u010das \u010d\u00edtania":"4 min\u00faty"},"schema":{"@context":"https:\/\/schema.org","@graph":[{"@type":"WebPage","@id":"https:\/\/talkpal.ai\/sk\/ceska-gramatika\/","url":"https:\/\/talkpal.ai\/sk\/ceska-gramatika\/","name":"\u010cesk\u00e1 gramatika - Talkpal","isPartOf":{"@id":"https:\/\/talkpal.ai\/sk\/#website"},"primaryImageOfPage":{"@id":"https:\/\/talkpal.ai\/sk\/ceska-gramatika\/#primaryimage"},"image":{"@id":"https:\/\/talkpal.ai\/sk\/ceska-gramatika\/#primaryimage"},"thumbnailUrl":"https:\/\/talkpal.ai\/wp-content\/uploads\/2023\/05\/czech-republic.png","datePublished":"2023-05-14T14:03:07+00:00","dateModified":"2025-12-13T15:21:34+00:00","description":"Odha\u013ete tajomstv\u00e1 \u010deskej gramatiky. Pre\u010d\u00edtajte si o jeho jedine\u010dnej zlo\u017eitosti a o tom, ako efekt\u00edvne zvl\u00e1dnu\u0165 sklo\u0148ovanie podstatn\u00fdch mien.","breadcrumb":{"@id":"https:\/\/talkpal.ai\/sk\/ceska-gramatika\/#breadcrumb"},"inLanguage":"sk-SK","potentialAction":[{"@type":"ReadAction","target":["https:\/\/talkpal.ai\/sk\/ceska-gramatika\/"]}]},{"@type":"ImageObject","inLanguage":"sk-SK","@id":"https:\/\/talkpal.ai\/sk\/ceska-gramatika\/#primaryimage","url":"https:\/\/talkpal.ai\/wp-content\/uploads\/2023\/05\/czech-republic.png","contentUrl":"https:\/\/talkpal.ai\/wp-content\/uploads\/2023\/05\/czech-republic.png","width":512,"height":512},{"@type":"BreadcrumbList","@id":"https:\/\/talkpal.ai\/sk\/ceska-gramatika\/#breadcrumb","itemListElement":[{"@type":"ListItem","position":1,"name":"Homepage","item":"https:\/\/talkpal.ai\/sk\/"},{"@type":"ListItem","position":2,"name":"\u010cesk\u00e1 gramatika"}]},{"@type":"WebSite","@id":"https:\/\/talkpal.ai\/sk\/#website","url":"https:\/\/talkpal.ai\/sk\/","name":"Talkpal","description":"AI Language Learning","publisher":{"@id":"https:\/\/talkpal.ai\/sk\/#organization"},"alternateName":"Talkpal AI","potentialAction":[{"@type":"SearchAction","target":{"@type":"EntryPoint","urlTemplate":"https:\/\/talkpal.ai\/sk\/?s={search_term_string}"},"query-input":{"@type":"PropertyValueSpecification","valueRequired":true,"valueName":"search_term_string"}}],"inLanguage":"sk-SK"},{"@type":"Organization","@id":"https:\/\/talkpal.ai\/sk\/#organization","name":"Talkpal, Inc.","alternateName":"Talkpal AI","url":"https:\/\/talkpal.ai\/sk\/","logo":{"@type":"ImageObject","inLanguage":"sk-SK","@id":"https:\/\/talkpal.ai\/sk\/#\/schema\/logo\/image\/","url":"https:\/\/talkpal.ai\/wp-content\/uploads\/2024\/03\/Talkpal-Logo-Icon.png","contentUrl":"https:\/\/talkpal.ai\/wp-content\/uploads\/2024\/03\/Talkpal-Logo-Icon.png","width":2880,"height":2880,"caption":"Talkpal, Inc."},"image":{"@id":"https:\/\/talkpal.ai\/sk\/#\/schema\/logo\/image\/"},"sameAs":["https:\/\/www.facebook.com\/profile.php?id=100090733639311","https:\/\/x.com\/talkpalai","https:\/\/www.linkedin.com\/company\/talkpal\/","https:\/\/www.youtube.com\/@TalkPal\/","https:\/\/www.tiktok.com\/@talkpal","https:\/\/www.instagram.com\/talkpal_ai\/","https:\/\/www.crunchbase.com\/organization\/talkpal-9cde","https:\/\/www.g2.com\/products\/talkpal-for-business\/","https:\/\/www.trustpilot.com\/review\/talkpal.ai","https:\/\/www.capterra.com\/p\/10006800\/TalkPal\/"],"description":"Talkpal is a language learning web and mobile education app, powered by the latest AI technologies, that provides engaging experiences to its customers in many different languages to help them improve their language skills. Users can chat about unlimited amount of topics with the app and use other modes to practice their language learning.","email":"support@talkpal.ai","legalName":"Talkpal, Inc.","foundingDate":"2023-04-03","duns":"118989042","numberOfEmployees":{"@type":"QuantitativeValue","minValue":"11","maxValue":"50"},"publishingPrinciples":"https:\/\/talkpal.ai\/publishing-principles\/","actionableFeedbackPolicy":"https:\/\/talkpal.ai\/actionable-feedback-policy\/","correctionsPolicy":"https:\/\/talkpal.ai\/corrections-policy\/","ethicsPolicy":"https:\/\/talkpal.ai\/ethics-policy\/","diversityPolicy":"https:\/\/talkpal.ai\/diversity-policy\/","diversityStaffingReport":"https:\/\/talkpal.ai\/diversity-policy\/"}]}},"_links":{"self":[{"href":"https:\/\/talkpal.ai\/sk\/wp-json\/wp\/v2\/pages\/143224","targetHints":{"allow":["GET"]}}],"collection":[{"href":"https:\/\/talkpal.ai\/sk\/wp-json\/wp\/v2\/pages"}],"about":[{"href":"https:\/\/talkpal.ai\/sk\/wp-json\/wp\/v2\/types\/page"}],"author":[{"embeddable":true,"href":"https:\/\/talkpal.ai\/sk\/wp-json\/wp\/v2\/users\/1"}],"replies":[{"embeddable":true,"href":"https:\/\/talkpal.ai\/sk\/wp-json\/wp\/v2\/comments?post=143224"}],"version-history":[{"count":0,"href":"https:\/\/talkpal.ai\/sk\/wp-json\/wp\/v2\/pages\/143224\/revisions"}],"wp:featuredmedia":[{"embeddable":true,"href":"https:\/\/talkpal.ai\/sk\/wp-json\/wp\/v2\/media\/111674"}],"wp:attachment":[{"href":"https:\/\/talkpal.ai\/sk\/wp-json\/wp\/v2\/media?parent=143224"}],"curies":[{"name":"wp","href":"https:\/\/api.w.org\/{rel}","templated":true}]}}