{"id":142931,"date":"2023-05-14T14:02:30","date_gmt":"2023-05-14T14:02:30","guid":{"rendered":"http:\/\/talkpal.ai\/grecka-gramatika\/"},"modified":"2025-12-13T15:33:55","modified_gmt":"2025-12-13T15:33:55","slug":"grecka-gramatika","status":"publish","type":"page","link":"https:\/\/talkpal.ai\/sk\/grecka-gramatika\/","title":{"rendered":"Gr\u00e9cka gramatika"},"content":{"rendered":"\r\n\r\n\r\n<section class=\"languageChallengeSection\">\r\n    <div class=\"languageInfoWrapper\">\r\n        \r\n        <h1>Gr\u00e9cka gramatika<\/h1>\r\n        <p>Nau\u010dte sa gr\u00e9cku gramatiku a vst\u00fapte do sveta jedn\u00e9ho z najstar\u0161\u00edch a najvplyvnej\u0161\u00edch jazykov \u013eudstva. <a href=\"https:\/\/talkpal.ai\/learn-greek\/\">Gr\u00e9\u010dtina<\/a> v\u00e1s obozn\u00e1mi s jej jedine\u010dnou abecedou, v\u00fdrazn\u00fdmi slovesn\u00fdmi spojeniami a syst\u00e9mom p\u00e1dov podstatn\u00fdch mien, ktor\u00e9 utv\u00e1raj\u00fa v\u00fdznam. Pri objavovan\u00ed objav\u00edte korene mnoh\u00fdch anglick\u00fdch slov a nadvia\u017eete kontakt s bohat\u00fdm kult\u00farnym dedi\u010dstvom. Ponorte sa a u\u017eite si obohacuj\u00facu v\u00fdzvu pri u\u010den\u00ed gr\u00e9ckej gramatiky!<\/p>\r\n\r\n                            <a class=\"getStartedHidden\" href=\"https:\/\/app.talkpal.ai\/sk\/signup?lng=\">Za\u010dni<\/a>\r\n        \r\n    <\/div>\r\n\r\n    <figure>\r\n    <img decoding=\"async\" width=\"768\" height=\"768\" src=\"https:\/\/talkpal.ai\/wp-content\/uploads\/2023\/06\/greek-768x768.png\" class=\"languageImage no-lazy\" alt=\"Language learning to boost personal capability\" fetchpriority=\"high\" sizes=\"(max-width: 768px) 150px, 768px\" srcset=\"https:\/\/talkpal.ai\/wp-content\/uploads\/2023\/06\/greek-768x768.png 768w, https:\/\/talkpal.ai\/wp-content\/uploads\/2023\/06\/greek-300x300.png 300w\" \/>\r\n    \r\n\r\n    <\/figure>\r\n\r\n            <a class=\"getStartedVisible\" href=\"https:\/\/app.talkpal.ai\/sk\/signup?lng=\">Za\u010dni<\/a>\r\n    \r\n<\/section>\r\n<section class=\"promotionalBanner\">\r\n    <p class=\"promotionalText\">Najefekt\u00edvnej\u0161\u00ed sp\u00f4sob, ako sa nau\u010di\u0165 jazyk<\/p>\r\n    <a class=\"promotionalLink\" href=\"https:\/\/app.talkpal.ai\/sk\/signup?lng=\">Vysk\u00fa\u0161ajte Talkpal zadarmo<\/a>\r\n<\/section>\n<div class=\"wp-block-group pageContainerStyle\"><div class=\"wp-block-group__inner-container is-layout-constrained wp-block-group-is-layout-constrained\">\n<h2 class=\"wp-block-heading\" id=\"h-demystifying-greek-grammar-a-comprehensive-guide\">Demystifik\u00e1cia gr\u00e9ckej gramatiky: komplexn\u00fd sprievodca<\/h2>\n\n\n\n<p>Gr\u00e9\u010dtina, elegantn\u00fd a starobyl\u00fd jazyk, m\u00e1 osobitn\u00e9 miesto v jazykovej hist\u00f3rii a zost\u00e1va vplyvn\u00e1 dodnes. So siln\u00fdmi z\u00e1kladmi gr\u00e9ckej gramatiky z\u00edskate pr\u00edstup k bohatstvu kult\u00farnych a historick\u00fdch zdrojov a z\u00e1rove\u0148 odomknete \u010fal\u0161iu vrstvu v\u00fdznamu v anglickej slovnej z\u00e1sobe. Na rozdiel od v\u0161eobecn\u00e9ho presved\u010denia, <a href=\"https:\/\/talkpal.ai\/greek-grammar\/\">gr\u00e9cka gramatika<\/a> nie je tak\u00e1 zastra\u0161uj\u00faca, ako sa na prv\u00fd poh\u013ead m\u00f4\u017ee zda\u0165. V tomto \u010dl\u00e1nku v\u00e1m pom\u00f4\u017eeme zorientova\u0165 sa v z\u00e1kladn\u00fdch zlo\u017ek\u00e1ch gr\u00e9ckej gramatiky, aby ste sa mohli k tomuto jazyku pribl\u00ed\u017ei\u0165 s d\u00f4verou a nad\u0161en\u00edm.<\/p>\n\n\n\n<h3 class=\"wp-block-heading\" id=\"h-1-understanding-greek-nouns-cases-and-articles\">1. Pochopenie gr\u00e9ckych podstatn\u00fdch mien, pr\u00edpadov a \u010dl\u00e1nkov<\/h3>\n\n\n\n<p>Gr\u00e9cke podstatn\u00e9 men\u00e1 s\u00fa rozdelen\u00e9 do troch rodov: mu\u017esk\u00fd, \u017eensk\u00fd a kastrovan\u00fd. Ka\u017ed\u00e9 podstatn\u00e9 meno patr\u00ed do jednej z troch deklin\u00e1ci\u00ed, ktor\u00e9 ur\u010duj\u00fa koncovky podstatn\u00e9ho mena na z\u00e1klade jeho rodu, \u010d\u00edsla (jednotn\u00e9 alebo mno\u017en\u00e9 \u010d\u00edslo) a p\u00e1du. V gr\u00e9ckom jazyku existuje p\u00e4\u0165 pr\u00edpadov: nominat\u00edv, genit\u00edv, dat\u00edv, akuzat\u00edv a vokat\u00edv.<\/p>\n\n\n\n<p>Z\u00e1kladn\u00fd aspekt gr\u00e9ckej gramatiky sa to\u010d\u00ed okolo \u010dl\u00e1nku. Podobne ako anglick\u00e9 &#8222;the&#8220;, aj gr\u00e9cky ur\u010dit\u00fd \u010dlen je k\u013e\u00fa\u010dov\u00fd pre pochopenie gr\u00e9ckych textov. Gr\u00e9cky \u010dl\u00e1nok mus\u00ed s\u00fahlasi\u0165 s podstatn\u00fdm menom v rode, \u010d\u00edsle a p\u00e1de. Gr\u00e9\u010dtina m\u00e1 tie\u017e neur\u010dit\u00fd \u010dlen, ktor\u00fd funguje ako &#8222;a&#8220; alebo &#8222;an&#8220; v angli\u010dtine.<\/p>\n\n\n\n<h3 class=\"wp-block-heading\" id=\"h-2-tackling-greek-verbs-conjugation-and-moods\">2. Rie\u0161enie gr\u00e9ckych slovies: \u010dasovanie a n\u00e1lady<\/h3>\n\n\n\n<p>Gr\u00e9cke sloves\u00e1 sa vyzna\u010duj\u00fa svoj\u00edm \u010dasom, hlasom, n\u00e1ladou, osobou a \u010d\u00edslom. Sloves\u00e1 v gr\u00e9ckom jazyku s\u00fa konjugovan\u00e9 pod\u013ea ich \u010dasu, ktor\u00fd ozna\u010duje, kedy d\u00f4jde k akcii. Existuje sedem hlavn\u00fdch \u010dast\u00ed gr\u00e9ckeho slovesa, z ktor\u00fdch ka\u017ed\u00e1 zodpoved\u00e1 \u010dasu:<\/p>\n\n\n\n<p><strong>&#8211; S\u00fa\u010dasnos\u0165<\/strong><\/p>\n\n\n\n<p><strong>&#8211; Bud\u00facnos\u0165<\/strong><\/p>\n\n\n\n<p><strong>&#8211; Aorist (jednoduch\u00fd minul\u00fd \u010das)<\/strong><\/p>\n\n\n\n<p><strong>&#8211; Perfektn\u00e9<\/strong><\/p>\n\n\n\n<p><strong>&#8211; Bud\u00facnos\u0165 dokonav\u00e1<\/strong><\/p>\n\n\n\n<p><strong>&#8211; Pluperfektum<\/strong><\/p>\n\n\n\n<p><strong>&#8211; Aorist pas\u00edvny<\/strong><\/p>\n\n\n\n<p>Okrem toho maj\u00fa gr\u00e9cke sloves\u00e1 r\u00f4zne n\u00e1lady, ktor\u00e9 vyjadruj\u00fa postoj hovoriaceho k deju. Tieto n\u00e1lady s\u00fa imperat\u00edvne, indikat\u00edvne a subjunkt\u00edvne.<\/p>\n\n\n\n<h3 class=\"wp-block-heading\" id=\"h-3-crafting-expressive-sentences-with-greek-adjectives-and-adverbs\">3. Vytv\u00e1ranie expres\u00edvnych viet s gr\u00e9ckymi pr\u00eddavn\u00fdmi menami a pr\u00edslovkami<\/h3>\n\n\n\n<p>Gr\u00e9cke pr\u00eddavn\u00e9 men\u00e1 dod\u00e1vaj\u00fa va\u0161im vet\u00e1m farbu a popis. Podobne ako podstatn\u00e9 men\u00e1, pr\u00eddavn\u00e9 men\u00e1 v gr\u00e9\u010dtine sa musia zhodova\u0165 v rode, \u010d\u00edsle a p\u00e1de s podstatn\u00fdm menom, ktor\u00e9 opisuj\u00fa. Okrem toho pr\u00eddavn\u00e9 men\u00e1 patria k jedn\u00e9mu z troch deklin\u00e1ci\u00ed, \u010do ur\u010duje ich koncovky.<\/p>\n\n\n\n<p>Gr\u00e9cke pr\u00edslovky upravuj\u00fa sloves\u00e1, pr\u00eddavn\u00e9 men\u00e1 alebo in\u00e9 pr\u00edslovky. Vyjadruj\u00fa, ako, kedy, kde alebo v akom rozsahu sa vykon\u00e1va \u010dinnos\u0165. Na rozdiel od pr\u00eddavn\u00fdch mien pr\u00edslovky nemusia s\u00fahlasi\u0165 s podstatn\u00fdmi menami v rode, \u010d\u00edsle alebo p\u00e1de. V mnoh\u00fdch pr\u00edpadoch sa pr\u00edslovky tvoria pridan\u00edm \u0161pecifick\u00fdch koncoviek ku kore\u0148om pr\u00eddavn\u00fdch mien.<\/p>\n\n\n\n<h3 class=\"wp-block-heading\" id=\"h-4-exploring-greek-pronouns-and-greek-sentence-structure\">4. Sk\u00famanie gr\u00e9ckych z\u00e1men a gr\u00e9ckej vetnej \u0161trukt\u00fary<\/h3>\n\n\n\n<p>Z\u00e1men\u00e1 hraj\u00fa v\u00fdznamn\u00fa \u00falohu v gr\u00e9ckej gramatike, preto\u017ee nahr\u00e1dzaj\u00fa podstatn\u00e9 men\u00e1 a musia s\u00fahlasi\u0165 s podstatn\u00fdm menom, ktor\u00e9 predstavuj\u00fa v rode, po\u010dte a p\u00e1de. V gr\u00e9\u010dtine existuj\u00fa osobn\u00e9, reflex\u00edvne, demon\u0161trat\u00edvne, relat\u00edvne, opytovacie a <a href=\"https:\/\/talkpal.ai\/sk\/grammar\/neurcite-zamena-v-anglickej-gramatike\/\">neur\u010dit\u00e9 z\u00e1men\u00e1<\/a>.<\/p>\n\n\n\n<p>Gr\u00e9cka vetn\u00e1 \u0161trukt\u00fara sa prim\u00e1rne riadi porad\u00edm podmet-sloveso-objekt (SVO). V\u010faka svojej vysoko sklo\u0148ovanej povahe v\u0161ak gr\u00e9\u010dtina pon\u00faka v\u00e4\u010d\u0161iu flexibilitu v slovoslede, \u010do umo\u017e\u0148uje d\u00f4raz a poetick\u00fd v\u00fdraz. T\u00e1to flexibilita sa m\u00f4\u017ee na za\u010diatku zda\u0165 n\u00e1ro\u010dn\u00e1, ale ke\u010f sa zozn\u00e1mite s nuansami jazyka, stane sa pr\u00edstupnej\u0161ou.<\/p>\n\n\n\n<h3 class=\"wp-block-heading\" id=\"h-conclusion\">Z\u00e1ver<\/h3>\n\n\n\n<p>Ke\u010f sa vyd\u00e1te na cestu k zvl\u00e1dnutiu gr\u00e9ckej gramatiky, nezabudnite, \u017ee prax a vytrvalos\u0165 s\u00fa rozhoduj\u00face pre \u00faspech. Urobte si \u010das na rozl\u00fa\u0161tenie zlo\u017eitosti gr\u00e9ckych podstatn\u00fdch mien, slovies, pr\u00eddavn\u00fdch mien, pr\u00edsloviek a vetnej \u0161trukt\u00fary. Ke\u010f sa ponor\u00edte hlb\u0161ie do tohto fascinuj\u00faceho jazyka, zist\u00edte, \u017ee gr\u00e9cka gramatika sa st\u00e1va zn\u00e1mej\u0161ou a menej zastra\u0161uj\u00facou. Ve\u013ea \u0161\u0165astia a \u03ba\u03b1\u03bb\u03ae \u03b5\u03c0\u03b9\u03c4\u03c5\u03c7\u03af\u03b1!<\/p>\n<\/div><\/div>\n\r\n<section class=\"learnNavigationSection\">\r\n            \r\n        <a href=\"https:\/\/talkpal.ai\/sk\/naucte-sa-grecky\/\">\r\n            <div class=\"learnNavigationWrapper\">\r\n                <div class=\"learnNavigationContent\">\r\n                    <img decoding=\"async\" src=\"https:\/\/talkpal.ai\/wp-content\/uploads\/2024\/08\/Greek.jpg\" alt=\"Greek Flag\">\r\n                    <div>\r\n                        <h4>O gr\u00e9ckom vzdel\u00e1van\u00ed<\/h4>\r\n                        <p>Zistite v\u0161etko o gr\u00e9ckej gramatike.<\/p>\r\n                    <\/div>\r\n                <\/div>\r\n            <\/div>\r\n        <\/a>\r\n\r\n        \r\n        <a href=\"https:\/\/talkpal.ai\/sk\/grecke-gramaticke-cvicenia\/\">\r\n            <div class=\"learnNavigationWrapper\">\r\n                <div class=\"learnNavigationContent\">\r\n                    <img decoding=\"async\" src=\"https:\/\/talkpal.ai\/wp-content\/uploads\/2024\/08\/Greek.jpg\" alt=\"Greek Flag\">\r\n                    <div>\r\n                        <h4>Cvi\u010denie z gr\u00e9ckej gramatiky<\/h4>\r\n                        <p>Precvi\u010dte si gr\u00e9cku gramatiku.<\/p>\r\n                    <\/div>\r\n                <\/div>\r\n            <\/div>\r\n        <\/a>\r\n\r\n        \r\n        <a href=\"https:\/\/talkpal.ai\/vocabulary_language\/greek\/\">\r\n            <div class=\"learnNavigationWrapper\">\r\n                <div class=\"learnNavigationContent\">\r\n                    <img decoding=\"async\" src=\"https:\/\/talkpal.ai\/wp-content\/uploads\/2024\/08\/Greek.jpg\" alt=\"Greek Flag\">\r\n                    <div>\r\n                        <h4>Gr\u00e9cka slovn\u00e1 z\u00e1soba<\/h4>\r\n                        <p>Roz\u0161\u00edrte si gr\u00e9cku slovn\u00fa z\u00e1sobu.<\/p>\r\n                    <\/div>\r\n                <\/div>\r\n            <\/div>\r\n        <\/a>\r\n\r\n            <\/section>","protected":false},"excerpt":{"rendered":"<p>Demystifik\u00e1cia gr\u00e9ckej gramatiky: komplexn\u00fd sprievodca Gr\u00e9\u010dtina, elegantn\u00fd a starobyl\u00fd jazyk, m\u00e1 osobitn\u00e9 miesto v jazykovej hist\u00f3rii a zost\u00e1va vplyvn\u00e1 dodnes. So siln\u00fdmi z\u00e1kladmi gr\u00e9ckej gramatiky z\u00edskate pr\u00edstup k bohatstvu kult\u00farnych a historick\u00fdch zdrojov a z\u00e1rove\u0148 odomknete \u010fal\u0161iu vrstvu v\u00fdznamu v anglickej slovnej z\u00e1sobe. Na rozdiel od v\u0161eobecn\u00e9ho presved\u010denia, gr\u00e9cka gramatika nie je tak\u00e1 zastra\u0161uj\u00faca, ako [&hellip;]<\/p>\n","protected":false},"author":1,"featured_media":112644,"parent":0,"menu_order":0,"comment_status":"closed","ping_status":"closed","template":"LearningContentPage.php","meta":{"_acf_changed":false,"footnotes":""},"class_list":["post-142931","page","type-page","status-publish","has-post-thumbnail","hentry"],"acf":[],"yoast_head":"<!-- This site is optimized with the Yoast SEO Premium plugin v27.2 (Yoast SEO v27.2) - https:\/\/yoast.com\/product\/yoast-seo-premium-wordpress\/ -->\n<title>Gr\u00e9cka gramatika - Talkpal<\/title>\n<meta name=\"description\" content=\"Ovl\u00e1dajte gr\u00e9cku gramatiku s istotou - nau\u010dte sa d\u00f4le\u017eit\u00e9 pravidl\u00e1, precvi\u010dte si tvorbu viet a r\u00fdchlo si upevnite svoje zru\u010dnosti pomocou Talkpal AI.\" \/>\n<meta name=\"robots\" content=\"index, follow, max-snippet:-1, max-image-preview:large, max-video-preview:-1\" \/>\n<link rel=\"canonical\" href=\"https:\/\/talkpal.ai\/sk\/grecka-gramatika\/\" \/>\n<meta property=\"og:locale\" content=\"sk_SK\" \/>\n<meta property=\"og:type\" content=\"article\" \/>\n<meta property=\"og:title\" content=\"Gr\u00e9cka gramatika\" \/>\n<meta property=\"og:description\" content=\"Demystifik\u00e1cia gr\u00e9ckej gramatiky: komplexn\u00fd sprievodca Gr\u00e9\u010dtina, elegantn\u00fd a starobyl\u00fd jazyk, m\u00e1 osobitn\u00e9 miesto v jazykovej hist\u00f3rii a zost\u00e1va vplyvn\u00e1\" \/>\n<meta property=\"og:url\" content=\"https:\/\/talkpal.ai\/sk\/grecka-gramatika\/\" \/>\n<meta property=\"og:site_name\" content=\"Talkpal\" \/>\n<meta property=\"article:publisher\" content=\"https:\/\/www.facebook.com\/profile.php?id=100090733639311\" \/>\n<meta property=\"article:modified_time\" content=\"2025-12-13T15:33:55+00:00\" \/>\n<meta property=\"og:image\" content=\"https:\/\/talkpal.ai\/wp-content\/uploads\/2023\/05\/greece.png\" \/>\n\t<meta property=\"og:image:width\" content=\"512\" \/>\n\t<meta property=\"og:image:height\" content=\"512\" \/>\n\t<meta property=\"og:image:type\" content=\"image\/png\" \/>\n<meta name=\"twitter:card\" content=\"summary_large_image\" \/>\n<meta name=\"twitter:site\" content=\"@talkpalai\" \/>\n<meta name=\"twitter:label1\" content=\"Predpokladan\u00fd \u010das \u010d\u00edtania\" \/>\n\t<meta name=\"twitter:data1\" content=\"4 min\u00faty\" \/>\n<script type=\"application\/ld+json\" class=\"yoast-schema-graph\">{\"@context\":\"https:\/\/schema.org\",\"@graph\":[{\"@type\":\"WebPage\",\"@id\":\"https:\/\/talkpal.ai\/sk\/grecka-gramatika\/\",\"url\":\"https:\/\/talkpal.ai\/sk\/grecka-gramatika\/\",\"name\":\"Gr\u00e9cka gramatika - Talkpal\",\"isPartOf\":{\"@id\":\"https:\/\/talkpal.ai\/sk\/#website\"},\"primaryImageOfPage\":{\"@id\":\"https:\/\/talkpal.ai\/sk\/grecka-gramatika\/#primaryimage\"},\"image\":{\"@id\":\"https:\/\/talkpal.ai\/sk\/grecka-gramatika\/#primaryimage\"},\"thumbnailUrl\":\"https:\/\/talkpal.ai\/wp-content\/uploads\/2023\/05\/greece.png\",\"datePublished\":\"2023-05-14T14:02:30+00:00\",\"dateModified\":\"2025-12-13T15:33:55+00:00\",\"description\":\"Ovl\u00e1dajte gr\u00e9cku gramatiku s istotou - nau\u010dte sa d\u00f4le\u017eit\u00e9 pravidl\u00e1, precvi\u010dte si tvorbu viet a r\u00fdchlo si upevnite svoje zru\u010dnosti pomocou Talkpal AI.\",\"breadcrumb\":{\"@id\":\"https:\/\/talkpal.ai\/sk\/grecka-gramatika\/#breadcrumb\"},\"inLanguage\":\"sk-SK\",\"potentialAction\":[{\"@type\":\"ReadAction\",\"target\":[\"https:\/\/talkpal.ai\/sk\/grecka-gramatika\/\"]}]},{\"@type\":\"ImageObject\",\"inLanguage\":\"sk-SK\",\"@id\":\"https:\/\/talkpal.ai\/sk\/grecka-gramatika\/#primaryimage\",\"url\":\"https:\/\/talkpal.ai\/wp-content\/uploads\/2023\/05\/greece.png\",\"contentUrl\":\"https:\/\/talkpal.ai\/wp-content\/uploads\/2023\/05\/greece.png\",\"width\":512,\"height\":512},{\"@type\":\"BreadcrumbList\",\"@id\":\"https:\/\/talkpal.ai\/sk\/grecka-gramatika\/#breadcrumb\",\"itemListElement\":[{\"@type\":\"ListItem\",\"position\":1,\"name\":\"Homepage\",\"item\":\"https:\/\/talkpal.ai\/sk\/\"},{\"@type\":\"ListItem\",\"position\":2,\"name\":\"Gr\u00e9cka gramatika\"}]},{\"@type\":\"WebSite\",\"@id\":\"https:\/\/talkpal.ai\/sk\/#website\",\"url\":\"https:\/\/talkpal.ai\/sk\/\",\"name\":\"Talkpal\",\"description\":\"AI Language Learning\",\"publisher\":{\"@id\":\"https:\/\/talkpal.ai\/sk\/#organization\"},\"alternateName\":\"Talkpal AI\",\"potentialAction\":[{\"@type\":\"SearchAction\",\"target\":{\"@type\":\"EntryPoint\",\"urlTemplate\":\"https:\/\/talkpal.ai\/sk\/?s={search_term_string}\"},\"query-input\":{\"@type\":\"PropertyValueSpecification\",\"valueRequired\":true,\"valueName\":\"search_term_string\"}}],\"inLanguage\":\"sk-SK\"},{\"@type\":\"Organization\",\"@id\":\"https:\/\/talkpal.ai\/sk\/#organization\",\"name\":\"Talkpal, Inc.\",\"alternateName\":\"Talkpal AI\",\"url\":\"https:\/\/talkpal.ai\/sk\/\",\"logo\":{\"@type\":\"ImageObject\",\"inLanguage\":\"sk-SK\",\"@id\":\"https:\/\/talkpal.ai\/sk\/#\/schema\/logo\/image\/\",\"url\":\"https:\/\/talkpal.ai\/wp-content\/uploads\/2024\/03\/Talkpal-Logo-Icon.png\",\"contentUrl\":\"https:\/\/talkpal.ai\/wp-content\/uploads\/2024\/03\/Talkpal-Logo-Icon.png\",\"width\":2880,\"height\":2880,\"caption\":\"Talkpal, Inc.\"},\"image\":{\"@id\":\"https:\/\/talkpal.ai\/sk\/#\/schema\/logo\/image\/\"},\"sameAs\":[\"https:\/\/www.facebook.com\/profile.php?id=100090733639311\",\"https:\/\/x.com\/talkpalai\",\"https:\/\/www.linkedin.com\/company\/talkpal\/\",\"https:\/\/www.youtube.com\/@TalkPal\/\",\"https:\/\/www.tiktok.com\/@talkpal\",\"https:\/\/www.instagram.com\/talkpal_ai\/\",\"https:\/\/www.crunchbase.com\/organization\/talkpal-9cde\",\"https:\/\/www.g2.com\/products\/talkpal-for-business\/\",\"https:\/\/www.trustpilot.com\/review\/talkpal.ai\",\"https:\/\/www.capterra.com\/p\/10006800\/TalkPal\/\"],\"description\":\"Talkpal is a language learning web and mobile education app, powered by the latest AI technologies, that provides engaging experiences to its customers in many different languages to help them improve their language skills. Users can chat about unlimited amount of topics with the app and use other modes to practice their language learning.\",\"email\":\"support@talkpal.ai\",\"legalName\":\"Talkpal, Inc.\",\"foundingDate\":\"2023-04-03\",\"duns\":\"118989042\",\"numberOfEmployees\":{\"@type\":\"QuantitativeValue\",\"minValue\":\"11\",\"maxValue\":\"50\"},\"publishingPrinciples\":\"https:\/\/talkpal.ai\/publishing-principles\/\",\"actionableFeedbackPolicy\":\"https:\/\/talkpal.ai\/actionable-feedback-policy\/\",\"correctionsPolicy\":\"https:\/\/talkpal.ai\/corrections-policy\/\",\"ethicsPolicy\":\"https:\/\/talkpal.ai\/ethics-policy\/\",\"diversityPolicy\":\"https:\/\/talkpal.ai\/diversity-policy\/\",\"diversityStaffingReport\":\"https:\/\/talkpal.ai\/diversity-policy\/\"}]}<\/script>\n<!-- \/ Yoast SEO Premium plugin. -->","yoast_head_json":{"title":"Gr\u00e9cka gramatika - Talkpal","description":"Ovl\u00e1dajte gr\u00e9cku gramatiku s istotou - nau\u010dte sa d\u00f4le\u017eit\u00e9 pravidl\u00e1, precvi\u010dte si tvorbu viet a r\u00fdchlo si upevnite svoje zru\u010dnosti pomocou Talkpal AI.","robots":{"index":"index","follow":"follow","max-snippet":"max-snippet:-1","max-image-preview":"max-image-preview:large","max-video-preview":"max-video-preview:-1"},"canonical":"https:\/\/talkpal.ai\/sk\/grecka-gramatika\/","og_locale":"sk_SK","og_type":"article","og_title":"Gr\u00e9cka gramatika","og_description":"Demystifik\u00e1cia gr\u00e9ckej gramatiky: komplexn\u00fd sprievodca Gr\u00e9\u010dtina, elegantn\u00fd a starobyl\u00fd jazyk, m\u00e1 osobitn\u00e9 miesto v jazykovej hist\u00f3rii a zost\u00e1va vplyvn\u00e1","og_url":"https:\/\/talkpal.ai\/sk\/grecka-gramatika\/","og_site_name":"Talkpal","article_publisher":"https:\/\/www.facebook.com\/profile.php?id=100090733639311","article_modified_time":"2025-12-13T15:33:55+00:00","og_image":[{"width":512,"height":512,"url":"https:\/\/talkpal.ai\/wp-content\/uploads\/2023\/05\/greece.png","type":"image\/png"}],"twitter_card":"summary_large_image","twitter_site":"@talkpalai","twitter_misc":{"Predpokladan\u00fd \u010das \u010d\u00edtania":"4 min\u00faty"},"schema":{"@context":"https:\/\/schema.org","@graph":[{"@type":"WebPage","@id":"https:\/\/talkpal.ai\/sk\/grecka-gramatika\/","url":"https:\/\/talkpal.ai\/sk\/grecka-gramatika\/","name":"Gr\u00e9cka gramatika - Talkpal","isPartOf":{"@id":"https:\/\/talkpal.ai\/sk\/#website"},"primaryImageOfPage":{"@id":"https:\/\/talkpal.ai\/sk\/grecka-gramatika\/#primaryimage"},"image":{"@id":"https:\/\/talkpal.ai\/sk\/grecka-gramatika\/#primaryimage"},"thumbnailUrl":"https:\/\/talkpal.ai\/wp-content\/uploads\/2023\/05\/greece.png","datePublished":"2023-05-14T14:02:30+00:00","dateModified":"2025-12-13T15:33:55+00:00","description":"Ovl\u00e1dajte gr\u00e9cku gramatiku s istotou - nau\u010dte sa d\u00f4le\u017eit\u00e9 pravidl\u00e1, precvi\u010dte si tvorbu viet a r\u00fdchlo si upevnite svoje zru\u010dnosti pomocou Talkpal AI.","breadcrumb":{"@id":"https:\/\/talkpal.ai\/sk\/grecka-gramatika\/#breadcrumb"},"inLanguage":"sk-SK","potentialAction":[{"@type":"ReadAction","target":["https:\/\/talkpal.ai\/sk\/grecka-gramatika\/"]}]},{"@type":"ImageObject","inLanguage":"sk-SK","@id":"https:\/\/talkpal.ai\/sk\/grecka-gramatika\/#primaryimage","url":"https:\/\/talkpal.ai\/wp-content\/uploads\/2023\/05\/greece.png","contentUrl":"https:\/\/talkpal.ai\/wp-content\/uploads\/2023\/05\/greece.png","width":512,"height":512},{"@type":"BreadcrumbList","@id":"https:\/\/talkpal.ai\/sk\/grecka-gramatika\/#breadcrumb","itemListElement":[{"@type":"ListItem","position":1,"name":"Homepage","item":"https:\/\/talkpal.ai\/sk\/"},{"@type":"ListItem","position":2,"name":"Gr\u00e9cka gramatika"}]},{"@type":"WebSite","@id":"https:\/\/talkpal.ai\/sk\/#website","url":"https:\/\/talkpal.ai\/sk\/","name":"Talkpal","description":"AI Language Learning","publisher":{"@id":"https:\/\/talkpal.ai\/sk\/#organization"},"alternateName":"Talkpal AI","potentialAction":[{"@type":"SearchAction","target":{"@type":"EntryPoint","urlTemplate":"https:\/\/talkpal.ai\/sk\/?s={search_term_string}"},"query-input":{"@type":"PropertyValueSpecification","valueRequired":true,"valueName":"search_term_string"}}],"inLanguage":"sk-SK"},{"@type":"Organization","@id":"https:\/\/talkpal.ai\/sk\/#organization","name":"Talkpal, Inc.","alternateName":"Talkpal AI","url":"https:\/\/talkpal.ai\/sk\/","logo":{"@type":"ImageObject","inLanguage":"sk-SK","@id":"https:\/\/talkpal.ai\/sk\/#\/schema\/logo\/image\/","url":"https:\/\/talkpal.ai\/wp-content\/uploads\/2024\/03\/Talkpal-Logo-Icon.png","contentUrl":"https:\/\/talkpal.ai\/wp-content\/uploads\/2024\/03\/Talkpal-Logo-Icon.png","width":2880,"height":2880,"caption":"Talkpal, Inc."},"image":{"@id":"https:\/\/talkpal.ai\/sk\/#\/schema\/logo\/image\/"},"sameAs":["https:\/\/www.facebook.com\/profile.php?id=100090733639311","https:\/\/x.com\/talkpalai","https:\/\/www.linkedin.com\/company\/talkpal\/","https:\/\/www.youtube.com\/@TalkPal\/","https:\/\/www.tiktok.com\/@talkpal","https:\/\/www.instagram.com\/talkpal_ai\/","https:\/\/www.crunchbase.com\/organization\/talkpal-9cde","https:\/\/www.g2.com\/products\/talkpal-for-business\/","https:\/\/www.trustpilot.com\/review\/talkpal.ai","https:\/\/www.capterra.com\/p\/10006800\/TalkPal\/"],"description":"Talkpal is a language learning web and mobile education app, powered by the latest AI technologies, that provides engaging experiences to its customers in many different languages to help them improve their language skills. Users can chat about unlimited amount of topics with the app and use other modes to practice their language learning.","email":"support@talkpal.ai","legalName":"Talkpal, Inc.","foundingDate":"2023-04-03","duns":"118989042","numberOfEmployees":{"@type":"QuantitativeValue","minValue":"11","maxValue":"50"},"publishingPrinciples":"https:\/\/talkpal.ai\/publishing-principles\/","actionableFeedbackPolicy":"https:\/\/talkpal.ai\/actionable-feedback-policy\/","correctionsPolicy":"https:\/\/talkpal.ai\/corrections-policy\/","ethicsPolicy":"https:\/\/talkpal.ai\/ethics-policy\/","diversityPolicy":"https:\/\/talkpal.ai\/diversity-policy\/","diversityStaffingReport":"https:\/\/talkpal.ai\/diversity-policy\/"}]}},"_links":{"self":[{"href":"https:\/\/talkpal.ai\/sk\/wp-json\/wp\/v2\/pages\/142931","targetHints":{"allow":["GET"]}}],"collection":[{"href":"https:\/\/talkpal.ai\/sk\/wp-json\/wp\/v2\/pages"}],"about":[{"href":"https:\/\/talkpal.ai\/sk\/wp-json\/wp\/v2\/types\/page"}],"author":[{"embeddable":true,"href":"https:\/\/talkpal.ai\/sk\/wp-json\/wp\/v2\/users\/1"}],"replies":[{"embeddable":true,"href":"https:\/\/talkpal.ai\/sk\/wp-json\/wp\/v2\/comments?post=142931"}],"version-history":[{"count":0,"href":"https:\/\/talkpal.ai\/sk\/wp-json\/wp\/v2\/pages\/142931\/revisions"}],"wp:featuredmedia":[{"embeddable":true,"href":"https:\/\/talkpal.ai\/sk\/wp-json\/wp\/v2\/media\/112644"}],"wp:attachment":[{"href":"https:\/\/talkpal.ai\/sk\/wp-json\/wp\/v2\/media?parent=142931"}],"curies":[{"name":"wp","href":"https:\/\/api.w.org\/{rel}","templated":true}]}}