{"id":142594,"date":"2023-05-14T14:01:53","date_gmt":"2023-05-14T14:01:53","guid":{"rendered":"http:\/\/talkpal.ai\/estonska-gramatika\/"},"modified":"2025-12-13T15:19:26","modified_gmt":"2025-12-13T15:19:26","slug":"estonska-gramatika","status":"publish","type":"page","link":"https:\/\/talkpal.ai\/sk\/estonska-gramatika\/","title":{"rendered":"Est\u00f3nska gramatika"},"content":{"rendered":"\r\n\r\n\r\n<section class=\"languageChallengeSection\">\r\n    <div class=\"languageInfoWrapper\">\r\n        \r\n        <h1>Est\u00f3nska gramatika<\/h1>\r\n        <p>Uva\u017eujete o \u0161t\u00fadiu est\u00f3n\u010diny? Vst\u00fapte do sveta est\u00f3nskej gramatiky, kde aglutin\u00e1cia, samohl\u00e1skov\u00e1 harm\u00f3nia a \u0161irok\u00e1 \u0161k\u00e1la p\u00e1dov podstatn\u00fdch mien vytv\u00e1raj\u00fa skuto\u010dne osobit\u00fd jazykov\u00fd z\u00e1\u017eitok. Za\u010dnite objavova\u0165 e\u0161te dnes &#8211; zvl\u00e1dnutie est\u00f3nskej gramatiky nielen\u017ee zv\u00fd\u0161i va\u0161u plynulos\u0165, ale z\u00e1rove\u0148 v\u00e1s spoj\u00ed s bohatou kult\u00farou a hist\u00f3riou Est\u00f3nska!<\/p>\r\n\r\n                            <a class=\"getStartedHidden\" href=\"https:\/\/app.talkpal.ai\/sk\/signup?lng=\">Za\u010dni<\/a>\r\n        \r\n    <\/div>\r\n\r\n    <figure>\r\n    <img decoding=\"async\" width=\"768\" height=\"768\" src=\"https:\/\/talkpal.ai\/wp-content\/uploads\/2023\/06\/Estonian-768x768.png\" class=\"languageImage no-lazy\" alt=\"Secret tricks of language learning\" fetchpriority=\"high\" sizes=\"(max-width: 768px) 150px, 768px\" srcset=\"https:\/\/talkpal.ai\/wp-content\/uploads\/2023\/06\/Estonian-768x768.png 768w, https:\/\/talkpal.ai\/wp-content\/uploads\/2023\/06\/Estonian-300x300.png 300w\" \/>\r\n    \r\n\r\n    <\/figure>\r\n\r\n            <a class=\"getStartedVisible\" href=\"https:\/\/app.talkpal.ai\/sk\/signup?lng=\">Za\u010dni<\/a>\r\n    \r\n<\/section>\r\n<section class=\"promotionalBanner\">\r\n    <p class=\"promotionalText\">Najefekt\u00edvnej\u0161\u00ed sp\u00f4sob, ako sa nau\u010di\u0165 jazyk<\/p>\r\n    <a class=\"promotionalLink\" href=\"https:\/\/app.talkpal.ai\/sk\/signup?lng=\">Vysk\u00fa\u0161ajte Talkpal zadarmo<\/a>\r\n<\/section>\n<div class=\"wp-block-group pageContainerStyle\"><div class=\"wp-block-group__inner-container is-layout-constrained wp-block-group-is-layout-constrained\">\n<h2 class=\"wp-block-heading\" id=\"h-estonian-grammar-the-gateway-to-a-unique-language-journey\">Est\u00f3nska gramatika: br\u00e1na k jedine\u010dnej jazykovej ceste<\/h2>\n\n\n\n<p>Vitajte vo fascinuj\u00facom svete est\u00f3n\u010diny! S viac ako mili\u00f3nom roden\u00fdch hovorcov v\u00e1m <a href=\"https:\/\/talkpal.ai\/learn-estonian\/\">est\u00f3n\u010dina<\/a> pon\u00faka jedine\u010dn\u00fa pr\u00edle\u017eitos\u0165 roz\u0161\u00edri\u0165 si jazykov\u00e9 obzory a objavi\u0165 \u017eiv\u00fa kult\u00faru. Hoci sa zlo\u017eitos\u0165 est\u00f3nskej gramatiky m\u00f4\u017ee zda\u0165 na prv\u00fd poh\u013ead odstra\u0161uj\u00faca, tento priate\u013esk\u00fd sprievodca pre za\u010diato\u010dn\u00edkov je tu na to, aby v\u00e1m jednoduch\u00fdm a p\u00fatav\u00fdm sp\u00f4sobom vysvetlil z\u00e1klady est\u00f3nskej gramatiky.<\/p>\n\n\n\n<h3 class=\"wp-block-heading\" id=\"h-1-embracing-the-estonian-alphabet\">1. Prijatie est\u00f3nskej abecedy<\/h3>\n\n\n\n<p>Cesta k zvl\u00e1dnutiu est\u00f3n\u010diny za\u010d\u00edna jej abecedou. <a href=\"https:\/\/talkpal.ai\/learn-estonian\/\">Est\u00f3n\u010dina<\/a> pou\u017e\u00edva latinsk\u00e9 p\u00edsmo doplnen\u00e9 deviatimi \u0161peci\u00e1lnymi znakmi: \u00c4, \u00d6, \u00dc, \u00d5, \u0160, \u017d a ich mal\u00fdmi n\u00e1protivkami. Obozn\u00e1menie sa s t\u00fdmito postavami vytvor\u00ed siln\u00fd z\u00e1klad pre va\u0161e sk\u00fasenosti s u\u010den\u00edm est\u00f3n\u010diny.<\/p>\n\n\n\n<h3 class=\"wp-block-heading\" id=\"h-2-getting-a-grip-on-estonian-nouns\">2. Z\u00edskanie kontroly nad est\u00f3nskymi podstatn\u00fdmi menami<\/h3>\n\n\n\n<p>Na rozdiel od mnoh\u00fdch eur\u00f3pskych jazykov est\u00f3n\u010dina nerozli\u0161uje medzi mu\u017esk\u00fdm a \u017eensk\u00fdm pohlav\u00edm. Podstatn\u00e9 men\u00e1 sa namiesto toho klasifikuj\u00fa ako jednotn\u00e9 alebo mno\u017en\u00e9 \u010d\u00edslo a ka\u017ed\u00e9 podstatn\u00e9 meno m\u00e1 14 p\u00e1dov. Aj ke\u010f sa to m\u00f4\u017ee zda\u0165 ohromuj\u00face, je d\u00f4le\u017eit\u00e9 pochopi\u0165, \u017ee morfologick\u00e1 \u0161trukt\u00fara podstatn\u00fdch mien je pomerne pravideln\u00e1, \u010do u\u013eah\u010duje u\u010denie. Ak chcete <a href=\"https:\/\/talkpal.ai\/ko\/ai-%ec%96%b8%ec%96%b4-%ea%b5%90%ec%82%ac\/\">za\u010da\u0165<\/a>, zamerajte sa na zvl\u00e1dnutie najbe\u017enej\u0161\u00edch pr\u00edpadov: nominat\u00edv, genit\u00edv a partit\u00edv.<\/p>\n\n\n\n<h3 class=\"wp-block-heading\" id=\"h-3-conquering-estonian-verb-conjugation\">3. Dobytie est\u00f3nskeho \u010dasovania slovies<\/h3>\n\n\n\n<p>Est\u00f3nske sloves\u00e1 s\u00fa konjugovan\u00e9 na z\u00e1klade \u010dasu, osoby a \u010d\u00edsla. Existuj\u00fa iba tri \u010dasy: pr\u00edtomn\u00fd, minul\u00fd (k\u00f3dovan\u00fd minul\u00fdm \u00fa\u010dastn\u00edkom) a bud\u00faci (vyjadren\u00fd pr\u00edtomn\u00fdm \u010dasom slovesa v kombin\u00e1cii s bud\u00facim pomocn\u00fdm).<\/p>\n\n\n\n<p>Tu s\u00fa napr\u00edklad konjug\u00e1cie slovesa &#8222;lugema&#8220; (\u010d\u00edta\u0165):<\/p>\n\n\n\n<p><strong>&#8211; Pr\u00edtomn\u00ed: Ma loen (\u010d\u00edtam)<\/strong><\/p>\n\n\n\n<p><strong>&#8211; Minulos\u0165: Ma lugesin (\u010d\u00edtal som\/\u010d\u00edtala som)<\/strong><\/p>\n\n\n\n<p><strong>&#8211; Bud\u00facnos\u0165: Ma loen raamatuid (budem \u010d\u00edta\u0165 knihy)<\/strong><\/p>\n\n\n\n<h3 class=\"wp-block-heading\" id=\"h-4-unraveling-the-mystery-of-estonian-pronouns\">4. Odhalenie tajomstva est\u00f3nskych z\u00e1men<\/h3>\n\n\n\n<p>Z\u00e1men\u00e1 v est\u00f3n\u010dine sl\u00fa\u017eia na nahradenie podstatn\u00fdch mien a robia re\u010d plynulej\u0161ou a dynamickej\u0161ou. Zamerajte sa na u\u010denie osobn\u00fdch a privlast\u0148ovac\u00edch z\u00e1men:<\/p>\n\n\n\n<p><strong>&#8211; Osobn\u00e9 z\u00e1men\u00e1: mina (ja), sina (ty, neform\u00e1lne), tema (on\/ona), meie (my), teie (vy, mno\u017en\u00e9 \u010d\u00edslo\/form\u00e1lne), nemad (oni)<\/strong><\/p>\n\n\n\n<p><strong>&#8211; Privlast\u0148ovacie z\u00e1men\u00e1: minu (m\u00f4j), sinu (v\u00e1\u0161, neform\u00e1lne), tema (jeho\/jej), meie (n\u00e1\u0161), teie (v\u00e1\u0161, mno\u017en\u00e9 \u010d\u00edslo\/form\u00e1lne), nende (ich)<\/strong><\/p>\n\n\n\n<h3 class=\"wp-block-heading\" id=\"h-5-no-articles-no-problem\">5. \u017diadne \u010dl\u00e1nky, \u017eiadny probl\u00e9m!<\/h3>\n\n\n\n<p>Est\u00f3n\u010dina nepou\u017e\u00edva ur\u010dit\u00e9 alebo neur\u010dit\u00e9 \u010dl\u00e1nky, \u010do v\u00e1m umo\u017en\u00ed vyd\u00fdchnu\u0165 si. Napr\u00edklad:<\/p>\n\n\n\n<p><strong>&#8211; Koer &#8211; &#8222;pes&#8220; alebo &#8222;pes&#8220;<\/strong><\/p>\n\n\n\n<p><strong>&#8211; Maja &#8211; &#8222;dom&#8220; alebo &#8222;dom&#8220;<\/strong><\/p>\n\n\n\n<p>Zvl\u00e1dnutie est\u00f3nskej gramatiky je vzru\u0161uj\u00faci a obohacuj\u00faci proces, ktor\u00fd otv\u00e1ra dvere bohat\u00e9mu kult\u00farnemu z\u00e1\u017eitku. Pam\u00e4tajte, \u017ee prax je k\u013e\u00fa\u010dov\u00e1, tak\u017ee sa ponorte do est\u00f3nskej gramatiky, spojte sa s roden\u00fdmi hovorcami a vybudujte si pevn\u00fd z\u00e1klad pre svoju jazykov\u00fa cestu. Edu! (Ve\u013ea \u0161\u0165astia!)<\/p>\n<\/div><\/div>\n\r\n<section class=\"learnNavigationSection\">\r\n            \r\n        <a href=\"https:\/\/talkpal.ai\/sk\/naucte-sa-estonsky\/\">\r\n            <div class=\"learnNavigationWrapper\">\r\n                <div class=\"learnNavigationContent\">\r\n                    <img decoding=\"async\" src=\"https:\/\/talkpal.ai\/wp-content\/uploads\/2024\/08\/Estonian.jpg\" alt=\"Estonian Flag\">\r\n                    <div>\r\n                        <h4>O \u0161t\u00fadiu est\u00f3n\u010diny<\/h4>\r\n                        <p>Zistite v\u0161etko o est\u00f3nskej gramatike.<\/p>\r\n                    <\/div>\r\n                <\/div>\r\n            <\/div>\r\n        <\/a>\r\n\r\n        \r\n        <a href=\"https:\/\/talkpal.ai\/sk\/estonske-gramaticke-cvicenia\/\">\r\n            <div class=\"learnNavigationWrapper\">\r\n                <div class=\"learnNavigationContent\">\r\n                    <img decoding=\"async\" src=\"https:\/\/talkpal.ai\/wp-content\/uploads\/2024\/08\/Estonian.jpg\" alt=\"Estonian Flag\">\r\n                    <div>\r\n                        <h4>Cvi\u010denie z est\u00f3nskej gramatiky<\/h4>\r\n                        <p>Precvi\u010dte si est\u00f3nsku gramatiku.<\/p>\r\n                    <\/div>\r\n                <\/div>\r\n            <\/div>\r\n        <\/a>\r\n\r\n        \r\n        <a href=\"https:\/\/talkpal.ai\/vocabulary_language\/estonian\/\">\r\n            <div class=\"learnNavigationWrapper\">\r\n                <div class=\"learnNavigationContent\">\r\n                    <img decoding=\"async\" src=\"https:\/\/talkpal.ai\/wp-content\/uploads\/2024\/08\/Estonian.jpg\" alt=\"Estonian Flag\">\r\n                    <div>\r\n                        <h4>Est\u00f3nska slovn\u00e1 z\u00e1soba<\/h4>\r\n                        <p>Roz\u0161\u00edrte si slovn\u00fa z\u00e1sobu est\u00f3n\u010diny.<\/p>\r\n                    <\/div>\r\n                <\/div>\r\n            <\/div>\r\n        <\/a>\r\n\r\n            <\/section>","protected":false},"excerpt":{"rendered":"<p>Est\u00f3nska gramatika: br\u00e1na k jedine\u010dnej jazykovej ceste Vitajte vo fascinuj\u00facom svete est\u00f3n\u010diny! S viac ako mili\u00f3nom roden\u00fdch hovorcov v\u00e1m est\u00f3n\u010dina pon\u00faka jedine\u010dn\u00fa pr\u00edle\u017eitos\u0165 roz\u0161\u00edri\u0165 si jazykov\u00e9 obzory a objavi\u0165 \u017eiv\u00fa kult\u00faru. Hoci sa zlo\u017eitos\u0165 est\u00f3nskej gramatiky m\u00f4\u017ee zda\u0165 na prv\u00fd poh\u013ead odstra\u0161uj\u00faca, tento priate\u013esk\u00fd sprievodca pre za\u010diato\u010dn\u00edkov je tu na to, aby v\u00e1m jednoduch\u00fdm a [&hellip;]<\/p>\n","protected":false},"author":1,"featured_media":112404,"parent":0,"menu_order":0,"comment_status":"closed","ping_status":"closed","template":"LearningContentPage.php","meta":{"_acf_changed":false,"footnotes":""},"class_list":["post-142594","page","type-page","status-publish","has-post-thumbnail","hentry"],"acf":[],"yoast_head":"<!-- This site is optimized with the Yoast SEO Premium plugin v27.2 (Yoast SEO v27.2) - https:\/\/yoast.com\/product\/yoast-seo-premium-wordpress\/ -->\n<title>Est\u00f3nska gramatika - Talkpal<\/title>\n<meta name=\"description\" content=\"Presk\u00famajte z\u00e1kladn\u00e9 pojmy est\u00f3nskej gramatiky vr\u00e1tane p\u00e1dov, slovies, \u0161trukt\u00fary viet, v\u00fdslovnosti a tipov.\" \/>\n<meta name=\"robots\" content=\"index, follow, max-snippet:-1, max-image-preview:large, max-video-preview:-1\" \/>\n<link rel=\"canonical\" href=\"https:\/\/talkpal.ai\/sk\/estonska-gramatika\/\" \/>\n<meta property=\"og:locale\" content=\"sk_SK\" \/>\n<meta property=\"og:type\" content=\"article\" \/>\n<meta property=\"og:title\" content=\"Est\u00f3nska gramatika\" \/>\n<meta property=\"og:description\" content=\"Est\u00f3nska gramatika: br\u00e1na k jedine\u010dnej jazykovej ceste Vitajte vo fascinuj\u00facom svete est\u00f3n\u010diny! S viac ako mili\u00f3nom roden\u00fdch hovorcov v\u00e1m est\u00f3n\u010dina pon\u00faka\" \/>\n<meta property=\"og:url\" content=\"https:\/\/talkpal.ai\/sk\/estonska-gramatika\/\" \/>\n<meta property=\"og:site_name\" content=\"Talkpal\" \/>\n<meta property=\"article:publisher\" content=\"https:\/\/www.facebook.com\/profile.php?id=100090733639311\" \/>\n<meta property=\"article:modified_time\" content=\"2025-12-13T15:19:26+00:00\" \/>\n<meta property=\"og:image\" content=\"https:\/\/talkpal.ai\/wp-content\/uploads\/2023\/05\/estonia.png\" \/>\n\t<meta property=\"og:image:width\" content=\"512\" \/>\n\t<meta property=\"og:image:height\" content=\"512\" \/>\n\t<meta property=\"og:image:type\" content=\"image\/png\" \/>\n<meta name=\"twitter:card\" content=\"summary_large_image\" \/>\n<meta name=\"twitter:site\" content=\"@talkpalai\" \/>\n<meta name=\"twitter:label1\" content=\"Predpokladan\u00fd \u010das \u010d\u00edtania\" \/>\n\t<meta name=\"twitter:data1\" content=\"3 min\u00faty\" \/>\n<script type=\"application\/ld+json\" class=\"yoast-schema-graph\">{\"@context\":\"https:\/\/schema.org\",\"@graph\":[{\"@type\":\"WebPage\",\"@id\":\"https:\/\/talkpal.ai\/sk\/estonska-gramatika\/\",\"url\":\"https:\/\/talkpal.ai\/sk\/estonska-gramatika\/\",\"name\":\"Est\u00f3nska gramatika - Talkpal\",\"isPartOf\":{\"@id\":\"https:\/\/talkpal.ai\/sk\/#website\"},\"primaryImageOfPage\":{\"@id\":\"https:\/\/talkpal.ai\/sk\/estonska-gramatika\/#primaryimage\"},\"image\":{\"@id\":\"https:\/\/talkpal.ai\/sk\/estonska-gramatika\/#primaryimage\"},\"thumbnailUrl\":\"https:\/\/talkpal.ai\/wp-content\/uploads\/2023\/05\/estonia.png\",\"datePublished\":\"2023-05-14T14:01:53+00:00\",\"dateModified\":\"2025-12-13T15:19:26+00:00\",\"description\":\"Presk\u00famajte z\u00e1kladn\u00e9 pojmy est\u00f3nskej gramatiky vr\u00e1tane p\u00e1dov, slovies, \u0161trukt\u00fary viet, v\u00fdslovnosti a tipov.\",\"breadcrumb\":{\"@id\":\"https:\/\/talkpal.ai\/sk\/estonska-gramatika\/#breadcrumb\"},\"inLanguage\":\"sk-SK\",\"potentialAction\":[{\"@type\":\"ReadAction\",\"target\":[\"https:\/\/talkpal.ai\/sk\/estonska-gramatika\/\"]}]},{\"@type\":\"ImageObject\",\"inLanguage\":\"sk-SK\",\"@id\":\"https:\/\/talkpal.ai\/sk\/estonska-gramatika\/#primaryimage\",\"url\":\"https:\/\/talkpal.ai\/wp-content\/uploads\/2023\/05\/estonia.png\",\"contentUrl\":\"https:\/\/talkpal.ai\/wp-content\/uploads\/2023\/05\/estonia.png\",\"width\":512,\"height\":512},{\"@type\":\"BreadcrumbList\",\"@id\":\"https:\/\/talkpal.ai\/sk\/estonska-gramatika\/#breadcrumb\",\"itemListElement\":[{\"@type\":\"ListItem\",\"position\":1,\"name\":\"Homepage\",\"item\":\"https:\/\/talkpal.ai\/sk\/\"},{\"@type\":\"ListItem\",\"position\":2,\"name\":\"Est\u00f3nska gramatika\"}]},{\"@type\":\"WebSite\",\"@id\":\"https:\/\/talkpal.ai\/sk\/#website\",\"url\":\"https:\/\/talkpal.ai\/sk\/\",\"name\":\"Talkpal\",\"description\":\"AI Language Learning\",\"publisher\":{\"@id\":\"https:\/\/talkpal.ai\/sk\/#organization\"},\"alternateName\":\"Talkpal AI\",\"potentialAction\":[{\"@type\":\"SearchAction\",\"target\":{\"@type\":\"EntryPoint\",\"urlTemplate\":\"https:\/\/talkpal.ai\/sk\/?s={search_term_string}\"},\"query-input\":{\"@type\":\"PropertyValueSpecification\",\"valueRequired\":true,\"valueName\":\"search_term_string\"}}],\"inLanguage\":\"sk-SK\"},{\"@type\":\"Organization\",\"@id\":\"https:\/\/talkpal.ai\/sk\/#organization\",\"name\":\"Talkpal, Inc.\",\"alternateName\":\"Talkpal AI\",\"url\":\"https:\/\/talkpal.ai\/sk\/\",\"logo\":{\"@type\":\"ImageObject\",\"inLanguage\":\"sk-SK\",\"@id\":\"https:\/\/talkpal.ai\/sk\/#\/schema\/logo\/image\/\",\"url\":\"https:\/\/talkpal.ai\/wp-content\/uploads\/2024\/03\/Talkpal-Logo-Icon.png\",\"contentUrl\":\"https:\/\/talkpal.ai\/wp-content\/uploads\/2024\/03\/Talkpal-Logo-Icon.png\",\"width\":2880,\"height\":2880,\"caption\":\"Talkpal, Inc.\"},\"image\":{\"@id\":\"https:\/\/talkpal.ai\/sk\/#\/schema\/logo\/image\/\"},\"sameAs\":[\"https:\/\/www.facebook.com\/profile.php?id=100090733639311\",\"https:\/\/x.com\/talkpalai\",\"https:\/\/www.linkedin.com\/company\/talkpal\/\",\"https:\/\/www.youtube.com\/@TalkPal\/\",\"https:\/\/www.tiktok.com\/@talkpal\",\"https:\/\/www.instagram.com\/talkpal_ai\/\",\"https:\/\/www.crunchbase.com\/organization\/talkpal-9cde\",\"https:\/\/www.g2.com\/products\/talkpal-for-business\/\",\"https:\/\/www.trustpilot.com\/review\/talkpal.ai\",\"https:\/\/www.capterra.com\/p\/10006800\/TalkPal\/\"],\"description\":\"Talkpal is a language learning web and mobile education app, powered by the latest AI technologies, that provides engaging experiences to its customers in many different languages to help them improve their language skills. Users can chat about unlimited amount of topics with the app and use other modes to practice their language learning.\",\"email\":\"support@talkpal.ai\",\"legalName\":\"Talkpal, Inc.\",\"foundingDate\":\"2023-04-03\",\"duns\":\"118989042\",\"numberOfEmployees\":{\"@type\":\"QuantitativeValue\",\"minValue\":\"11\",\"maxValue\":\"50\"},\"publishingPrinciples\":\"https:\/\/talkpal.ai\/publishing-principles\/\",\"actionableFeedbackPolicy\":\"https:\/\/talkpal.ai\/actionable-feedback-policy\/\",\"correctionsPolicy\":\"https:\/\/talkpal.ai\/corrections-policy\/\",\"ethicsPolicy\":\"https:\/\/talkpal.ai\/ethics-policy\/\",\"diversityPolicy\":\"https:\/\/talkpal.ai\/diversity-policy\/\",\"diversityStaffingReport\":\"https:\/\/talkpal.ai\/diversity-policy\/\"}]}<\/script>\n<!-- \/ Yoast SEO Premium plugin. -->","yoast_head_json":{"title":"Est\u00f3nska gramatika - Talkpal","description":"Presk\u00famajte z\u00e1kladn\u00e9 pojmy est\u00f3nskej gramatiky vr\u00e1tane p\u00e1dov, slovies, \u0161trukt\u00fary viet, v\u00fdslovnosti a tipov.","robots":{"index":"index","follow":"follow","max-snippet":"max-snippet:-1","max-image-preview":"max-image-preview:large","max-video-preview":"max-video-preview:-1"},"canonical":"https:\/\/talkpal.ai\/sk\/estonska-gramatika\/","og_locale":"sk_SK","og_type":"article","og_title":"Est\u00f3nska gramatika","og_description":"Est\u00f3nska gramatika: br\u00e1na k jedine\u010dnej jazykovej ceste Vitajte vo fascinuj\u00facom svete est\u00f3n\u010diny! S viac ako mili\u00f3nom roden\u00fdch hovorcov v\u00e1m est\u00f3n\u010dina pon\u00faka","og_url":"https:\/\/talkpal.ai\/sk\/estonska-gramatika\/","og_site_name":"Talkpal","article_publisher":"https:\/\/www.facebook.com\/profile.php?id=100090733639311","article_modified_time":"2025-12-13T15:19:26+00:00","og_image":[{"width":512,"height":512,"url":"https:\/\/talkpal.ai\/wp-content\/uploads\/2023\/05\/estonia.png","type":"image\/png"}],"twitter_card":"summary_large_image","twitter_site":"@talkpalai","twitter_misc":{"Predpokladan\u00fd \u010das \u010d\u00edtania":"3 min\u00faty"},"schema":{"@context":"https:\/\/schema.org","@graph":[{"@type":"WebPage","@id":"https:\/\/talkpal.ai\/sk\/estonska-gramatika\/","url":"https:\/\/talkpal.ai\/sk\/estonska-gramatika\/","name":"Est\u00f3nska gramatika - Talkpal","isPartOf":{"@id":"https:\/\/talkpal.ai\/sk\/#website"},"primaryImageOfPage":{"@id":"https:\/\/talkpal.ai\/sk\/estonska-gramatika\/#primaryimage"},"image":{"@id":"https:\/\/talkpal.ai\/sk\/estonska-gramatika\/#primaryimage"},"thumbnailUrl":"https:\/\/talkpal.ai\/wp-content\/uploads\/2023\/05\/estonia.png","datePublished":"2023-05-14T14:01:53+00:00","dateModified":"2025-12-13T15:19:26+00:00","description":"Presk\u00famajte z\u00e1kladn\u00e9 pojmy est\u00f3nskej gramatiky vr\u00e1tane p\u00e1dov, slovies, \u0161trukt\u00fary viet, v\u00fdslovnosti a tipov.","breadcrumb":{"@id":"https:\/\/talkpal.ai\/sk\/estonska-gramatika\/#breadcrumb"},"inLanguage":"sk-SK","potentialAction":[{"@type":"ReadAction","target":["https:\/\/talkpal.ai\/sk\/estonska-gramatika\/"]}]},{"@type":"ImageObject","inLanguage":"sk-SK","@id":"https:\/\/talkpal.ai\/sk\/estonska-gramatika\/#primaryimage","url":"https:\/\/talkpal.ai\/wp-content\/uploads\/2023\/05\/estonia.png","contentUrl":"https:\/\/talkpal.ai\/wp-content\/uploads\/2023\/05\/estonia.png","width":512,"height":512},{"@type":"BreadcrumbList","@id":"https:\/\/talkpal.ai\/sk\/estonska-gramatika\/#breadcrumb","itemListElement":[{"@type":"ListItem","position":1,"name":"Homepage","item":"https:\/\/talkpal.ai\/sk\/"},{"@type":"ListItem","position":2,"name":"Est\u00f3nska gramatika"}]},{"@type":"WebSite","@id":"https:\/\/talkpal.ai\/sk\/#website","url":"https:\/\/talkpal.ai\/sk\/","name":"Talkpal","description":"AI Language Learning","publisher":{"@id":"https:\/\/talkpal.ai\/sk\/#organization"},"alternateName":"Talkpal AI","potentialAction":[{"@type":"SearchAction","target":{"@type":"EntryPoint","urlTemplate":"https:\/\/talkpal.ai\/sk\/?s={search_term_string}"},"query-input":{"@type":"PropertyValueSpecification","valueRequired":true,"valueName":"search_term_string"}}],"inLanguage":"sk-SK"},{"@type":"Organization","@id":"https:\/\/talkpal.ai\/sk\/#organization","name":"Talkpal, Inc.","alternateName":"Talkpal AI","url":"https:\/\/talkpal.ai\/sk\/","logo":{"@type":"ImageObject","inLanguage":"sk-SK","@id":"https:\/\/talkpal.ai\/sk\/#\/schema\/logo\/image\/","url":"https:\/\/talkpal.ai\/wp-content\/uploads\/2024\/03\/Talkpal-Logo-Icon.png","contentUrl":"https:\/\/talkpal.ai\/wp-content\/uploads\/2024\/03\/Talkpal-Logo-Icon.png","width":2880,"height":2880,"caption":"Talkpal, Inc."},"image":{"@id":"https:\/\/talkpal.ai\/sk\/#\/schema\/logo\/image\/"},"sameAs":["https:\/\/www.facebook.com\/profile.php?id=100090733639311","https:\/\/x.com\/talkpalai","https:\/\/www.linkedin.com\/company\/talkpal\/","https:\/\/www.youtube.com\/@TalkPal\/","https:\/\/www.tiktok.com\/@talkpal","https:\/\/www.instagram.com\/talkpal_ai\/","https:\/\/www.crunchbase.com\/organization\/talkpal-9cde","https:\/\/www.g2.com\/products\/talkpal-for-business\/","https:\/\/www.trustpilot.com\/review\/talkpal.ai","https:\/\/www.capterra.com\/p\/10006800\/TalkPal\/"],"description":"Talkpal is a language learning web and mobile education app, powered by the latest AI technologies, that provides engaging experiences to its customers in many different languages to help them improve their language skills. Users can chat about unlimited amount of topics with the app and use other modes to practice their language learning.","email":"support@talkpal.ai","legalName":"Talkpal, Inc.","foundingDate":"2023-04-03","duns":"118989042","numberOfEmployees":{"@type":"QuantitativeValue","minValue":"11","maxValue":"50"},"publishingPrinciples":"https:\/\/talkpal.ai\/publishing-principles\/","actionableFeedbackPolicy":"https:\/\/talkpal.ai\/actionable-feedback-policy\/","correctionsPolicy":"https:\/\/talkpal.ai\/corrections-policy\/","ethicsPolicy":"https:\/\/talkpal.ai\/ethics-policy\/","diversityPolicy":"https:\/\/talkpal.ai\/diversity-policy\/","diversityStaffingReport":"https:\/\/talkpal.ai\/diversity-policy\/"}]}},"_links":{"self":[{"href":"https:\/\/talkpal.ai\/sk\/wp-json\/wp\/v2\/pages\/142594","targetHints":{"allow":["GET"]}}],"collection":[{"href":"https:\/\/talkpal.ai\/sk\/wp-json\/wp\/v2\/pages"}],"about":[{"href":"https:\/\/talkpal.ai\/sk\/wp-json\/wp\/v2\/types\/page"}],"author":[{"embeddable":true,"href":"https:\/\/talkpal.ai\/sk\/wp-json\/wp\/v2\/users\/1"}],"replies":[{"embeddable":true,"href":"https:\/\/talkpal.ai\/sk\/wp-json\/wp\/v2\/comments?post=142594"}],"version-history":[{"count":0,"href":"https:\/\/talkpal.ai\/sk\/wp-json\/wp\/v2\/pages\/142594\/revisions"}],"wp:featuredmedia":[{"embeddable":true,"href":"https:\/\/talkpal.ai\/sk\/wp-json\/wp\/v2\/media\/112404"}],"wp:attachment":[{"href":"https:\/\/talkpal.ai\/sk\/wp-json\/wp\/v2\/media?parent=142594"}],"curies":[{"name":"wp","href":"https:\/\/api.w.org\/{rel}","templated":true}]}}