{"id":142293,"date":"2023-05-14T14:01:16","date_gmt":"2023-05-14T14:01:16","guid":{"rendered":"http:\/\/talkpal.ai\/chorvatska-gramatika\/"},"modified":"2025-12-11T16:39:20","modified_gmt":"2025-12-11T16:39:20","slug":"chorvatska-gramatika","status":"publish","type":"page","link":"https:\/\/talkpal.ai\/sk\/chorvatska-gramatika\/","title":{"rendered":"Chorv\u00e1tska gramatika"},"content":{"rendered":"\r\n\r\n\r\n<section class=\"languageChallengeSection\">\r\n    <div class=\"languageInfoWrapper\">\r\n        \r\n        <h1>Chorv\u00e1tska gramatika<\/h1>\r\n        <p>Objavte fascinuj\u00facu \u0161trukt\u00faru chorv\u00e1t\u010diny t\u00fdm, \u017ee sa nau\u010d\u00edte jej z\u00e1kladn\u00e9 gramatick\u00e9 pravidl\u00e1. Zvl\u00e1dnutie chorv\u00e1tskej gramatiky v\u00e1m otvor\u00ed nov\u00e9 mo\u017enosti komunik\u00e1cie a pom\u00f4\u017ee v\u00e1m lep\u0161ie spozna\u0165 kult\u00faru a dedi\u010dstvo tejto krajiny. Za\u010dnite sa u\u010di\u0165 chorv\u00e1tsku gramatiku e\u0161te dnes a urobte prv\u00fd krok k plynulosti!<\/p>\r\n\r\n                            <a class=\"getStartedHidden\" href=\"https:\/\/app.talkpal.ai\/sk\/signup?lng=\">Za\u010dni<\/a>\r\n        \r\n    <\/div>\r\n\r\n    <figure>\r\n    <img decoding=\"async\" width=\"768\" height=\"768\" src=\"https:\/\/talkpal.ai\/wp-content\/uploads\/2023\/06\/croatian-768x768.png\" class=\"languageImage no-lazy\" alt=\"Language learning for successful interaction\" fetchpriority=\"high\" sizes=\"(max-width: 768px) 150px, 768px\" srcset=\"https:\/\/talkpal.ai\/wp-content\/uploads\/2023\/06\/croatian-768x768.png 768w, https:\/\/talkpal.ai\/wp-content\/uploads\/2023\/06\/croatian-300x300.png 300w\" \/>\r\n    \r\n\r\n    <\/figure>\r\n\r\n            <a class=\"getStartedVisible\" href=\"https:\/\/app.talkpal.ai\/sk\/signup?lng=\">Za\u010dni<\/a>\r\n    \r\n<\/section>\r\n<section class=\"promotionalBanner\">\r\n    <p class=\"promotionalText\">Najefekt\u00edvnej\u0161\u00ed sp\u00f4sob, ako sa nau\u010di\u0165 jazyk<\/p>\r\n    <a class=\"promotionalLink\" href=\"https:\/\/app.talkpal.ai\/sk\/signup?lng=\">Vysk\u00fa\u0161ajte Talkpal zadarmo<\/a>\r\n<\/section>\n<div class=\"wp-block-group pageContainerStyle\"><div class=\"wp-block-group__inner-container is-layout-constrained wp-block-group-is-layout-constrained\">\n<h2 class=\"wp-block-heading\" id=\"h-a-journey-through-croatian-grammar-unraveling-the-complexities-made-easy\">Cesta chorv\u00e1tskou gramatikou: jednoduch\u00e9 odha\u013eovanie zlo\u017eitosti<\/h2>\n\n\n\n<p><a href=\"https:\/\/talkpal.ai\/croatian-grammar\/\">Chorv\u00e1tska gramatika<\/a>: l\u00e1kav\u00e1 a zastra\u0161uj\u00faca, jednoduch\u00e1 a zlo\u017eit\u00e1, tajomn\u00e1 a fascinuj\u00faca. Ke\u010f sa vyd\u00e1te na cestu u\u010denia sa chorv\u00e1tskeho jazyka, m\u00f4\u017eete sa c\u00edti\u0165 ohromen\u00ed my\u0161lienkou pochopi\u0165 jeho gramatick\u00e9 zlo\u017eitosti. Ale nebojte sa, neohrozen\u00fd lingvista, preto\u017ee sme tu, aby sme v\u00e1s sprev\u00e1dzali na ka\u017edom kroku!<\/p>\n\n\n\n<p>V tomto \u010dl\u00e1nku poskytneme z\u00e1kladn\u00e9 pochopenie chorv\u00e1tskych gramatick\u00fdch konceptov a poskytneme tipy a triky na zvl\u00e1dnutie tohto kr\u00e1sneho slovansk\u00e9ho jazyka. Len sa pohodlne usa\u010fte, relaxujte a zjednodu\u0161me t\u00fato zdanlivo komplikovan\u00fa z\u00e1le\u017eitos\u0165!<\/p>\n\n\n\n<h3 class=\"wp-block-heading\" id=\"h-1-heavenly-nouns-declining-in-style\">1. Nebesk\u00e9 podstatn\u00e9 men\u00e1: \u00dapadok \u0161t\u00fdlu<\/h3>\n\n\n\n<p>Ak pozn\u00e1te <a href=\"https:\/\/talkpal.ai\/what-language-is-spoken-on-the-international-space-station\/\">jazyky<\/a>, ako je latin\u010dina alebo nem\u010dina, potom pre v\u00e1s pojem sklo\u0148ovania podstatn\u00fdch mien nebude novinkou. Chorv\u00e1tska <a href=\"https:\/\/talkpal.ai\/sq\/gramatika\/\">gramatika<\/a> je postaven\u00e1 na z\u00e1kladoch sklo\u0148ovania s celkov\u00fdm po\u010dtom siedmich p\u00e1dov. \u00c1no, po\u010duli ste dobre! Ka\u017ed\u00e9 podstatn\u00e9 meno v chorv\u00e1t\u010dine m\u00f4\u017ee ma\u0165 a\u017e sedem r\u00f4znych tvarov v z\u00e1vislosti od jeho \u00falohy vo vete. Ale pre\u010do ten rozruch, p\u00fdtate sa? No, zni\u017euje potrebu predlo\u017eiek, \u010d\u00edm sa jazyk st\u00e1va presnej\u0161\u00edm.  <\/p>\n\n\n\n<p>Tu je r\u00fdchly preh\u013ead pr\u00edpadov:<\/p>\n\n\n\n<p><strong>&#8211; Nominat\u00edv:<\/strong> Predmet vety<\/p>\n\n\n\n<p><strong>&#8211; Genit\u00edv:<\/strong> Ozna\u010duje vlastn\u00edctvo alebo p\u00f4vod<\/p>\n\n\n\n<p><strong>&#8211; Dat\u00edv:<\/strong> Nepriamy predmet alebo cie\u013e<\/p>\n\n\n\n<p><strong>&#8211; Akuzat\u00edv:<\/strong> Priamy predmet alebo cie\u013e<\/p>\n\n\n\n<p><strong>&#8211; Vokat\u00edv:<\/strong> Pou\u017e\u00edva sa na oslovenie alebo privolanie niekoho<\/p>\n\n\n\n<p><strong>&#8211; Lokalita:<\/strong> Ozna\u010duje miesto<\/p>\n\n\n\n<p><strong>&#8211; In\u0161trument\u00e1lne n\u00e1stroje:<\/strong> Opisuje prostriedok, sp\u00f4sob alebo doprovod<\/p>\n\n\n\n<p>Predt\u00fdm, ako za\u010dnete panik\u00e1ri\u0165, nezabudnite, \u017ee cvi\u010denie rob\u00ed majstra. Pravideln\u00e1 expoz\u00edcia a pou\u017e\u00edvanie jazyka v\u00e1m pom\u00f4\u017ee postupne zvl\u00e1dnu\u0165 tieto sklo\u0148ovanie a sta\u0165 sa chorv\u00e1tskou gramatikou!<\/p>\n\n\n\n<h3 class=\"wp-block-heading\" id=\"h-2-adorable-adjectives-agreements-galore\">2. Rozko\u0161n\u00e9 pr\u00eddavn\u00e9 men\u00e1: doh\u00f4d habadej<\/h3>\n\n\n\n<p>Vo svete chorv\u00e1tskej gramatiky s\u00fa pr\u00eddavn\u00e9 men\u00e1 rady pr\u00edjemn\u00e9. Menia sa pod\u013ea pohlavia, \u010d\u00edsla a p\u00e1du podstatn\u00e9ho mena, ktor\u00e9 upravuj\u00fa. To znamen\u00e1, \u017ee tvar pr\u00eddavn\u00e9ho mena mus\u00edte upravi\u0165 v z\u00e1vislosti od toho, \u010di je podstatn\u00e9 meno mu\u017esk\u00e9ho, \u017eensk\u00e9ho alebo stredn\u00e9ho rodu, ako aj od toho, \u010di je v jednotnom alebo mno\u017enom \u010d\u00edsle.<\/p>\n\n\n\n<p>M\u00e1te probl\u00e9my s dohodou? Tu je mal\u00fd tip: s\u00fastre\u010fte sa na to, aby ste sa nau\u010dili kore\u0148 pr\u00eddavn\u00e9ho mena, a ostatn\u00e9 u\u017e p\u00f4jde samo. Napr\u00edklad kore\u0148 pr\u00eddavn\u00e9ho mena &#8222;kr\u00e1sny&#8220; je &#8222;lijep-&#8220; a pomocou r\u00f4znych koncoviek m\u00f4\u017eete vytvori\u0165 tvary ako &#8222;lijepa&#8220; (\u017eensk\u00fd rod, nominat\u00edv) alebo &#8222;lijepim&#8220; (mu\u017esk\u00fd\/ stredn\u00fd rod, in\u0161trument\u00e1l).<\/p>\n\n\n\n<h3 class=\"wp-block-heading\" id=\"h-3-vibrant-verbs-conjugating-to-perfection\">3. \u017div\u00e9 sloves\u00e1: \u010dasovanie k dokonalosti<\/h3>\n\n\n\n<p>Za\u010d\u00ednate tu vidie\u0165 nejak\u00fd vzor? Rovnako ako podstatn\u00e9 men\u00e1 a pr\u00eddavn\u00e9 men\u00e1, aj chorv\u00e1tske sloves\u00e1 s\u00fa pln\u00e9 vari\u00e1ci\u00ed. V tomto jazyku sloves\u00e1 prech\u00e1dzaj\u00fa \u010dasovan\u00edm na z\u00e1klade \u010dasu, n\u00e1lady, aspektu, osoby a \u010d\u00edsla.<\/p>\n\n\n\n<p>V chorv\u00e1t\u010dine existuj\u00fa tri hlavn\u00e9 \u010dasy: minul\u00fd, pr\u00edtomn\u00fd a bud\u00faci. Zatia\u013e \u010do pr\u00edtomn\u00fd \u010das sa m\u00f4\u017ee zda\u0165 relat\u00edvne \u013eahko pochopite\u013en\u00fd, minul\u00fd a bud\u00faci \u010das m\u00f4\u017ee by\u0165 zlo\u017eit\u00fd. Ale nebojte sa! Prax a vystavenie jazyku v\u00e1m pom\u00f4\u017ee prekona\u0165 tieto prek\u00e1\u017eky v \u017eiadnom momente.<\/p>\n\n\n\n<h3 class=\"wp-block-heading\" id=\"h-4-prepositions-cases-dynamic-duo\">4. Predlo\u017eky + pr\u00edpady = dynamick\u00e9 duo!<\/h3>\n\n\n\n<p>Chorv\u00e1tske predlo\u017eky m\u00f4\u017eu by\u0165 trochu zlo\u017eitej\u0161ie, preto\u017ee s\u00fa \u00fazko spojen\u00e9 s p\u00e1dmi podstatn\u00fdch mien. Napr\u00edklad predlo\u017eka &#8222;u&#8220; (v, do) sa pou\u017e\u00edva s akuzat\u00edvom, ak ozna\u010duje pohyb alebo smer, ale ak vyjadruje polohu, pou\u017e\u00edva sa s lok\u00e1lom.<\/p>\n\n\n\n<p>Aby ste sa vyhli nejasnostiam, spojte predlo\u017eku s pr\u00edpadom, ktor\u00fd vy\u017eaduje. Zapam\u00e4tajte si napr\u00edklad &#8222;u + lok\u00e1l = v&#8220; a &#8222;u + akuzat\u00edv = do&#8220;.<\/p>\n\n\n\n<h3 class=\"wp-block-heading\" id=\"h-5-tame-the-complexities-practice-makes-perfect\">5. Skrotte zlo\u017eitos\u0165: prax rob\u00ed majstra<\/h3>\n\n\n\n<p>Na prv\u00fd poh\u013ead sa chorv\u00e1tska gramatika m\u00f4\u017ee zda\u0165 ako labyrint, ale majte na pam\u00e4ti, \u017ee prax je tajnou ingredienciou \u00faspechu. Ponorte sa do jazyka \u010d\u00edtan\u00edm, p\u00edsan\u00edm, po\u010d\u00favan\u00edm a konverz\u00e1ciou. Preme\u0148te v\u00fdzvy na triumfy t\u00fdm, \u017ee umo\u017en\u00edte svojmu mozgu absorbova\u0165 a prisp\u00f4sobi\u0165 sa nov\u00e9mu jazykov\u00e9mu prostrediu.<\/p>\n\n\n\n<p>Tak\u017ee teraz, ke\u010f ste sa ponorili do \u010darovn\u00fdch v\u00f4d chorv\u00e1tskej gramatiky, ste pripraven\u00ed ponori\u0165 sa hlb\u0161ie? Prijmite zlo\u017eitos\u0165, vychutnajte si nuansy a pam\u00e4tajte, \u017ee s vytrvalos\u0165ou a v\u00e1\u0161\u0148ou m\u00f4\u017eete odomkn\u00fa\u0165 skuto\u010dn\u00fa kr\u00e1su chorv\u00e1tskeho jazyka. Sretno! (Ve\u013ea \u0161\u0165astia!)<\/p>\n<\/div><\/div>\n\r\n<section class=\"learnNavigationSection\">\r\n            \r\n        <a href=\"https:\/\/talkpal.ai\/sk\/naucte-sa-chorvatsky\/\">\r\n            <div class=\"learnNavigationWrapper\">\r\n                <div class=\"learnNavigationContent\">\r\n                    <img decoding=\"async\" src=\"https:\/\/talkpal.ai\/wp-content\/uploads\/2024\/08\/Croatian.jpg\" alt=\"Croatian Flag\">\r\n                    <div>\r\n                        <h4>O \u0161t\u00fadiu chorv\u00e1t\u010diny<\/h4>\r\n                        <p>Zistite v\u0161etko o chorv\u00e1tskej gramatike.<\/p>\r\n                    <\/div>\r\n                <\/div>\r\n            <\/div>\r\n        <\/a>\r\n\r\n        \r\n        <a href=\"https:\/\/talkpal.ai\/sk\/chorvatske-gramaticke-cvicenia\/\">\r\n            <div class=\"learnNavigationWrapper\">\r\n                <div class=\"learnNavigationContent\">\r\n                    <img decoding=\"async\" src=\"https:\/\/talkpal.ai\/wp-content\/uploads\/2024\/08\/Croatian.jpg\" alt=\"Croatian Flag\">\r\n                    <div>\r\n                        <h4>Cvi\u010denie z chorv\u00e1tskej gramatiky<\/h4>\r\n                        <p>Precvi\u010dte si chorv\u00e1tsku gramatiku.<\/p>\r\n                    <\/div>\r\n                <\/div>\r\n            <\/div>\r\n        <\/a>\r\n\r\n        \r\n        <a href=\"https:\/\/talkpal.ai\/vocabulary_language\/croatian\/\">\r\n            <div class=\"learnNavigationWrapper\">\r\n                <div class=\"learnNavigationContent\">\r\n                    <img decoding=\"async\" src=\"https:\/\/talkpal.ai\/wp-content\/uploads\/2024\/08\/Croatian.jpg\" alt=\"Croatian Flag\">\r\n                    <div>\r\n                        <h4>Slovn\u00e1 z\u00e1soba chorv\u00e1t\u010diny<\/h4>\r\n                        <p>Roz\u0161\u00edrte si slovn\u00fa z\u00e1sobu chorv\u00e1t\u010diny.<\/p>\r\n                    <\/div>\r\n                <\/div>\r\n            <\/div>\r\n        <\/a>\r\n\r\n            <\/section>","protected":false},"excerpt":{"rendered":"<p>Cesta chorv\u00e1tskou gramatikou: jednoduch\u00e9 odha\u013eovanie zlo\u017eitosti Chorv\u00e1tska gramatika: l\u00e1kav\u00e1 a zastra\u0161uj\u00faca, jednoduch\u00e1 a zlo\u017eit\u00e1, tajomn\u00e1 a fascinuj\u00faca. Ke\u010f sa vyd\u00e1te na cestu u\u010denia sa chorv\u00e1tskeho jazyka, m\u00f4\u017eete sa c\u00edti\u0165 ohromen\u00ed my\u0161lienkou pochopi\u0165 jeho gramatick\u00e9 zlo\u017eitosti. Ale nebojte sa, neohrozen\u00fd lingvista, preto\u017ee sme tu, aby sme v\u00e1s sprev\u00e1dzali na ka\u017edom kroku! V tomto \u010dl\u00e1nku poskytneme z\u00e1kladn\u00e9 [&hellip;]<\/p>\n","protected":false},"author":1,"featured_media":110089,"parent":0,"menu_order":0,"comment_status":"closed","ping_status":"closed","template":"LearningContentPage.php","meta":{"_acf_changed":false,"footnotes":""},"class_list":["post-142293","page","type-page","status-publish","has-post-thumbnail","hentry"],"acf":[],"yoast_head":"<!-- This site is optimized with the Yoast SEO Premium plugin v27.2 (Yoast SEO v27.2) - https:\/\/yoast.com\/product\/yoast-seo-premium-wordpress\/ -->\n<title>Chorv\u00e1tska gramatika - Talkpal<\/title>\n<meta name=\"description\" content=\"Presk\u00famajte chorv\u00e1tsku gramatiku a zlep\u0161ite svoje znalosti jazyka pomocou z\u00e1kladn\u00fdch tipov a zdrojov.\" \/>\n<meta name=\"robots\" content=\"index, follow, max-snippet:-1, max-image-preview:large, max-video-preview:-1\" \/>\n<link rel=\"canonical\" href=\"https:\/\/talkpal.ai\/sk\/chorvatska-gramatika\/\" \/>\n<meta property=\"og:locale\" content=\"sk_SK\" \/>\n<meta property=\"og:type\" content=\"article\" \/>\n<meta property=\"og:title\" content=\"Chorv\u00e1tska gramatika\" \/>\n<meta property=\"og:description\" content=\"Cesta chorv\u00e1tskou gramatikou: jednoduch\u00e9 odha\u013eovanie zlo\u017eitosti Chorv\u00e1tska gramatika: l\u00e1kav\u00e1 a zastra\u0161uj\u00faca, jednoduch\u00e1 a zlo\u017eit\u00e1, tajomn\u00e1 a fascinuj\u00faca.\" \/>\n<meta property=\"og:url\" content=\"https:\/\/talkpal.ai\/sk\/chorvatska-gramatika\/\" \/>\n<meta property=\"og:site_name\" content=\"Talkpal\" \/>\n<meta property=\"article:publisher\" content=\"https:\/\/www.facebook.com\/profile.php?id=100090733639311\" \/>\n<meta property=\"article:modified_time\" content=\"2025-12-11T16:39:20+00:00\" \/>\n<meta property=\"og:image\" content=\"https:\/\/talkpal.ai\/wp-content\/uploads\/2023\/05\/croatia.png\" \/>\n\t<meta property=\"og:image:width\" content=\"512\" \/>\n\t<meta property=\"og:image:height\" content=\"512\" \/>\n\t<meta property=\"og:image:type\" content=\"image\/png\" \/>\n<meta name=\"twitter:card\" content=\"summary_large_image\" \/>\n<meta name=\"twitter:site\" content=\"@talkpalai\" \/>\n<meta name=\"twitter:label1\" content=\"Predpokladan\u00fd \u010das \u010d\u00edtania\" \/>\n\t<meta name=\"twitter:data1\" content=\"4 min\u00faty\" \/>\n<script type=\"application\/ld+json\" class=\"yoast-schema-graph\">{\"@context\":\"https:\/\/schema.org\",\"@graph\":[{\"@type\":\"WebPage\",\"@id\":\"https:\/\/talkpal.ai\/sk\/chorvatska-gramatika\/\",\"url\":\"https:\/\/talkpal.ai\/sk\/chorvatska-gramatika\/\",\"name\":\"Chorv\u00e1tska gramatika - Talkpal\",\"isPartOf\":{\"@id\":\"https:\/\/talkpal.ai\/sk\/#website\"},\"primaryImageOfPage\":{\"@id\":\"https:\/\/talkpal.ai\/sk\/chorvatska-gramatika\/#primaryimage\"},\"image\":{\"@id\":\"https:\/\/talkpal.ai\/sk\/chorvatska-gramatika\/#primaryimage\"},\"thumbnailUrl\":\"https:\/\/talkpal.ai\/wp-content\/uploads\/2023\/05\/croatia.png\",\"datePublished\":\"2023-05-14T14:01:16+00:00\",\"dateModified\":\"2025-12-11T16:39:20+00:00\",\"description\":\"Presk\u00famajte chorv\u00e1tsku gramatiku a zlep\u0161ite svoje znalosti jazyka pomocou z\u00e1kladn\u00fdch tipov a zdrojov.\",\"breadcrumb\":{\"@id\":\"https:\/\/talkpal.ai\/sk\/chorvatska-gramatika\/#breadcrumb\"},\"inLanguage\":\"sk-SK\",\"potentialAction\":[{\"@type\":\"ReadAction\",\"target\":[\"https:\/\/talkpal.ai\/sk\/chorvatska-gramatika\/\"]}]},{\"@type\":\"ImageObject\",\"inLanguage\":\"sk-SK\",\"@id\":\"https:\/\/talkpal.ai\/sk\/chorvatska-gramatika\/#primaryimage\",\"url\":\"https:\/\/talkpal.ai\/wp-content\/uploads\/2023\/05\/croatia.png\",\"contentUrl\":\"https:\/\/talkpal.ai\/wp-content\/uploads\/2023\/05\/croatia.png\",\"width\":512,\"height\":512},{\"@type\":\"BreadcrumbList\",\"@id\":\"https:\/\/talkpal.ai\/sk\/chorvatska-gramatika\/#breadcrumb\",\"itemListElement\":[{\"@type\":\"ListItem\",\"position\":1,\"name\":\"Homepage\",\"item\":\"https:\/\/talkpal.ai\/sk\/\"},{\"@type\":\"ListItem\",\"position\":2,\"name\":\"Chorv\u00e1tska gramatika\"}]},{\"@type\":\"WebSite\",\"@id\":\"https:\/\/talkpal.ai\/sk\/#website\",\"url\":\"https:\/\/talkpal.ai\/sk\/\",\"name\":\"Talkpal\",\"description\":\"AI Language Learning\",\"publisher\":{\"@id\":\"https:\/\/talkpal.ai\/sk\/#organization\"},\"alternateName\":\"Talkpal AI\",\"potentialAction\":[{\"@type\":\"SearchAction\",\"target\":{\"@type\":\"EntryPoint\",\"urlTemplate\":\"https:\/\/talkpal.ai\/sk\/?s={search_term_string}\"},\"query-input\":{\"@type\":\"PropertyValueSpecification\",\"valueRequired\":true,\"valueName\":\"search_term_string\"}}],\"inLanguage\":\"sk-SK\"},{\"@type\":\"Organization\",\"@id\":\"https:\/\/talkpal.ai\/sk\/#organization\",\"name\":\"Talkpal, Inc.\",\"alternateName\":\"Talkpal AI\",\"url\":\"https:\/\/talkpal.ai\/sk\/\",\"logo\":{\"@type\":\"ImageObject\",\"inLanguage\":\"sk-SK\",\"@id\":\"https:\/\/talkpal.ai\/sk\/#\/schema\/logo\/image\/\",\"url\":\"https:\/\/talkpal.ai\/wp-content\/uploads\/2024\/03\/Talkpal-Logo-Icon.png\",\"contentUrl\":\"https:\/\/talkpal.ai\/wp-content\/uploads\/2024\/03\/Talkpal-Logo-Icon.png\",\"width\":2880,\"height\":2880,\"caption\":\"Talkpal, Inc.\"},\"image\":{\"@id\":\"https:\/\/talkpal.ai\/sk\/#\/schema\/logo\/image\/\"},\"sameAs\":[\"https:\/\/www.facebook.com\/profile.php?id=100090733639311\",\"https:\/\/x.com\/talkpalai\",\"https:\/\/www.linkedin.com\/company\/talkpal\/\",\"https:\/\/www.youtube.com\/@TalkPal\/\",\"https:\/\/www.tiktok.com\/@talkpal\",\"https:\/\/www.instagram.com\/talkpal_ai\/\",\"https:\/\/www.crunchbase.com\/organization\/talkpal-9cde\",\"https:\/\/www.g2.com\/products\/talkpal-for-business\/\",\"https:\/\/www.trustpilot.com\/review\/talkpal.ai\",\"https:\/\/www.capterra.com\/p\/10006800\/TalkPal\/\"],\"description\":\"Talkpal is a language learning web and mobile education app, powered by the latest AI technologies, that provides engaging experiences to its customers in many different languages to help them improve their language skills. Users can chat about unlimited amount of topics with the app and use other modes to practice their language learning.\",\"email\":\"support@talkpal.ai\",\"legalName\":\"Talkpal, Inc.\",\"foundingDate\":\"2023-04-03\",\"duns\":\"118989042\",\"numberOfEmployees\":{\"@type\":\"QuantitativeValue\",\"minValue\":\"11\",\"maxValue\":\"50\"},\"publishingPrinciples\":\"https:\/\/talkpal.ai\/publishing-principles\/\",\"actionableFeedbackPolicy\":\"https:\/\/talkpal.ai\/actionable-feedback-policy\/\",\"correctionsPolicy\":\"https:\/\/talkpal.ai\/corrections-policy\/\",\"ethicsPolicy\":\"https:\/\/talkpal.ai\/ethics-policy\/\",\"diversityPolicy\":\"https:\/\/talkpal.ai\/diversity-policy\/\",\"diversityStaffingReport\":\"https:\/\/talkpal.ai\/diversity-policy\/\"}]}<\/script>\n<!-- \/ Yoast SEO Premium plugin. -->","yoast_head_json":{"title":"Chorv\u00e1tska gramatika - Talkpal","description":"Presk\u00famajte chorv\u00e1tsku gramatiku a zlep\u0161ite svoje znalosti jazyka pomocou z\u00e1kladn\u00fdch tipov a zdrojov.","robots":{"index":"index","follow":"follow","max-snippet":"max-snippet:-1","max-image-preview":"max-image-preview:large","max-video-preview":"max-video-preview:-1"},"canonical":"https:\/\/talkpal.ai\/sk\/chorvatska-gramatika\/","og_locale":"sk_SK","og_type":"article","og_title":"Chorv\u00e1tska gramatika","og_description":"Cesta chorv\u00e1tskou gramatikou: jednoduch\u00e9 odha\u013eovanie zlo\u017eitosti Chorv\u00e1tska gramatika: l\u00e1kav\u00e1 a zastra\u0161uj\u00faca, jednoduch\u00e1 a zlo\u017eit\u00e1, tajomn\u00e1 a fascinuj\u00faca.","og_url":"https:\/\/talkpal.ai\/sk\/chorvatska-gramatika\/","og_site_name":"Talkpal","article_publisher":"https:\/\/www.facebook.com\/profile.php?id=100090733639311","article_modified_time":"2025-12-11T16:39:20+00:00","og_image":[{"width":512,"height":512,"url":"https:\/\/talkpal.ai\/wp-content\/uploads\/2023\/05\/croatia.png","type":"image\/png"}],"twitter_card":"summary_large_image","twitter_site":"@talkpalai","twitter_misc":{"Predpokladan\u00fd \u010das \u010d\u00edtania":"4 min\u00faty"},"schema":{"@context":"https:\/\/schema.org","@graph":[{"@type":"WebPage","@id":"https:\/\/talkpal.ai\/sk\/chorvatska-gramatika\/","url":"https:\/\/talkpal.ai\/sk\/chorvatska-gramatika\/","name":"Chorv\u00e1tska gramatika - Talkpal","isPartOf":{"@id":"https:\/\/talkpal.ai\/sk\/#website"},"primaryImageOfPage":{"@id":"https:\/\/talkpal.ai\/sk\/chorvatska-gramatika\/#primaryimage"},"image":{"@id":"https:\/\/talkpal.ai\/sk\/chorvatska-gramatika\/#primaryimage"},"thumbnailUrl":"https:\/\/talkpal.ai\/wp-content\/uploads\/2023\/05\/croatia.png","datePublished":"2023-05-14T14:01:16+00:00","dateModified":"2025-12-11T16:39:20+00:00","description":"Presk\u00famajte chorv\u00e1tsku gramatiku a zlep\u0161ite svoje znalosti jazyka pomocou z\u00e1kladn\u00fdch tipov a zdrojov.","breadcrumb":{"@id":"https:\/\/talkpal.ai\/sk\/chorvatska-gramatika\/#breadcrumb"},"inLanguage":"sk-SK","potentialAction":[{"@type":"ReadAction","target":["https:\/\/talkpal.ai\/sk\/chorvatska-gramatika\/"]}]},{"@type":"ImageObject","inLanguage":"sk-SK","@id":"https:\/\/talkpal.ai\/sk\/chorvatska-gramatika\/#primaryimage","url":"https:\/\/talkpal.ai\/wp-content\/uploads\/2023\/05\/croatia.png","contentUrl":"https:\/\/talkpal.ai\/wp-content\/uploads\/2023\/05\/croatia.png","width":512,"height":512},{"@type":"BreadcrumbList","@id":"https:\/\/talkpal.ai\/sk\/chorvatska-gramatika\/#breadcrumb","itemListElement":[{"@type":"ListItem","position":1,"name":"Homepage","item":"https:\/\/talkpal.ai\/sk\/"},{"@type":"ListItem","position":2,"name":"Chorv\u00e1tska gramatika"}]},{"@type":"WebSite","@id":"https:\/\/talkpal.ai\/sk\/#website","url":"https:\/\/talkpal.ai\/sk\/","name":"Talkpal","description":"AI Language Learning","publisher":{"@id":"https:\/\/talkpal.ai\/sk\/#organization"},"alternateName":"Talkpal AI","potentialAction":[{"@type":"SearchAction","target":{"@type":"EntryPoint","urlTemplate":"https:\/\/talkpal.ai\/sk\/?s={search_term_string}"},"query-input":{"@type":"PropertyValueSpecification","valueRequired":true,"valueName":"search_term_string"}}],"inLanguage":"sk-SK"},{"@type":"Organization","@id":"https:\/\/talkpal.ai\/sk\/#organization","name":"Talkpal, Inc.","alternateName":"Talkpal AI","url":"https:\/\/talkpal.ai\/sk\/","logo":{"@type":"ImageObject","inLanguage":"sk-SK","@id":"https:\/\/talkpal.ai\/sk\/#\/schema\/logo\/image\/","url":"https:\/\/talkpal.ai\/wp-content\/uploads\/2024\/03\/Talkpal-Logo-Icon.png","contentUrl":"https:\/\/talkpal.ai\/wp-content\/uploads\/2024\/03\/Talkpal-Logo-Icon.png","width":2880,"height":2880,"caption":"Talkpal, Inc."},"image":{"@id":"https:\/\/talkpal.ai\/sk\/#\/schema\/logo\/image\/"},"sameAs":["https:\/\/www.facebook.com\/profile.php?id=100090733639311","https:\/\/x.com\/talkpalai","https:\/\/www.linkedin.com\/company\/talkpal\/","https:\/\/www.youtube.com\/@TalkPal\/","https:\/\/www.tiktok.com\/@talkpal","https:\/\/www.instagram.com\/talkpal_ai\/","https:\/\/www.crunchbase.com\/organization\/talkpal-9cde","https:\/\/www.g2.com\/products\/talkpal-for-business\/","https:\/\/www.trustpilot.com\/review\/talkpal.ai","https:\/\/www.capterra.com\/p\/10006800\/TalkPal\/"],"description":"Talkpal is a language learning web and mobile education app, powered by the latest AI technologies, that provides engaging experiences to its customers in many different languages to help them improve their language skills. Users can chat about unlimited amount of topics with the app and use other modes to practice their language learning.","email":"support@talkpal.ai","legalName":"Talkpal, Inc.","foundingDate":"2023-04-03","duns":"118989042","numberOfEmployees":{"@type":"QuantitativeValue","minValue":"11","maxValue":"50"},"publishingPrinciples":"https:\/\/talkpal.ai\/publishing-principles\/","actionableFeedbackPolicy":"https:\/\/talkpal.ai\/actionable-feedback-policy\/","correctionsPolicy":"https:\/\/talkpal.ai\/corrections-policy\/","ethicsPolicy":"https:\/\/talkpal.ai\/ethics-policy\/","diversityPolicy":"https:\/\/talkpal.ai\/diversity-policy\/","diversityStaffingReport":"https:\/\/talkpal.ai\/diversity-policy\/"}]}},"_links":{"self":[{"href":"https:\/\/talkpal.ai\/sk\/wp-json\/wp\/v2\/pages\/142293","targetHints":{"allow":["GET"]}}],"collection":[{"href":"https:\/\/talkpal.ai\/sk\/wp-json\/wp\/v2\/pages"}],"about":[{"href":"https:\/\/talkpal.ai\/sk\/wp-json\/wp\/v2\/types\/page"}],"author":[{"embeddable":true,"href":"https:\/\/talkpal.ai\/sk\/wp-json\/wp\/v2\/users\/1"}],"replies":[{"embeddable":true,"href":"https:\/\/talkpal.ai\/sk\/wp-json\/wp\/v2\/comments?post=142293"}],"version-history":[{"count":0,"href":"https:\/\/talkpal.ai\/sk\/wp-json\/wp\/v2\/pages\/142293\/revisions"}],"wp:featuredmedia":[{"embeddable":true,"href":"https:\/\/talkpal.ai\/sk\/wp-json\/wp\/v2\/media\/110089"}],"wp:attachment":[{"href":"https:\/\/talkpal.ai\/sk\/wp-json\/wp\/v2\/media?parent=142293"}],"curies":[{"name":"wp","href":"https:\/\/api.w.org\/{rel}","templated":true}]}}