{"id":141981,"date":"2023-05-14T14:00:56","date_gmt":"2023-05-14T14:00:56","guid":{"rendered":"http:\/\/talkpal.ai\/katalanska-gramatika\/"},"modified":"2025-05-22T18:35:09","modified_gmt":"2025-05-22T18:35:09","slug":"katalanska-gramatika","status":"publish","type":"page","link":"https:\/\/talkpal.ai\/sk\/katalanska-gramatika\/","title":{"rendered":"Katal\u00e1nska gramatika"},"content":{"rendered":"\r\n\r\n\r\n<section class=\"languageChallengeSection\">\r\n    <div class=\"languageInfoWrapper\">\r\n        \r\n        <h1>Katal\u00e1nska gramatika<\/h1>\r\n        <p>Ponorte sa do sveta katal\u00e1nskej gramatiky a objavte jedine\u010dn\u00fa \u0161trukt\u00faru tohto \u017eiv\u00e9ho rom\u00e1nskeho jazyka. Zvl\u00e1dnutie z\u00e1kladov v\u00e1m pom\u00f4\u017ee efekt\u00edvnej\u0161ie komunikova\u0165 a nadviaza\u0165 kontakt s katal\u00e1nskou kult\u00farou na hlb\u0161ej \u00farovni. Za\u010dnite sa u\u010di\u0165 katal\u00e1nsku gramatiku e\u0161te dnes a urobte prv\u00fd krok k plynulosti!\n\n<\/p>\r\n\r\n                            <a class=\"getStartedHidden\" href=\"https:\/\/app.talkpal.ai\/sk\/signup?lng=\">Za\u010dni<\/a>\r\n        \r\n    <\/div>\r\n\r\n    <figure>\r\n    <img decoding=\"async\" width=\"768\" height=\"768\" src=\"https:\/\/talkpal.ai\/wp-content\/uploads\/2023\/06\/catalan-768x768.png\" class=\"languageImage no-lazy\" alt=\"Language learning techniques for fast learning\" fetchpriority=\"high\" sizes=\"(max-width: 768px) 150px, 768px\" srcset=\"https:\/\/talkpal.ai\/wp-content\/uploads\/2023\/06\/catalan-768x768.png 768w, https:\/\/talkpal.ai\/wp-content\/uploads\/2023\/06\/catalan-300x300.png 300w\" \/>\r\n    \r\n\r\n    <\/figure>\r\n\r\n            <a class=\"getStartedVisible\" href=\"https:\/\/app.talkpal.ai\/sk\/signup?lng=\">Za\u010dni<\/a>\r\n    \r\n<\/section>\r\n<section class=\"promotionalBanner\">\r\n    <p class=\"promotionalText\">Najefekt\u00edvnej\u0161\u00ed sp\u00f4sob, ako sa nau\u010di\u0165 jazyk<\/p>\r\n    <a class=\"promotionalLink\" href=\"https:\/\/app.talkpal.ai\/sk\/signup?lng=\">Vysk\u00fa\u0161ajte Talkpal zadarmo<\/a>\r\n<\/section>\n<div class=\"wp-block-group pageContainerStyle\"><div class=\"wp-block-group__inner-container is-layout-constrained wp-block-group-is-layout-constrained\">\n<h2 class=\"wp-block-heading\" id=\"h-catalan-grammar-a-quick-guide-for-language-enthusiasts\">Katal\u00e1nska gramatika: R\u00fdchly sprievodca pre jazykov\u00fdch nad\u0161encov<\/h2>\n\n\n\n<p>Pl\u00e1nujete sa nau\u010di\u0165 katal\u00e1n\u010dinu alebo ste len zvedav\u00ed na tento kr\u00e1sny rom\u00e1nsky jazyk? U\u017e neh\u013eadajte! Sme tu, aby sme v\u00e1s stru\u010dne obozn\u00e1mili s katal\u00e1nskou gramatikou a poskytli v\u00e1m z\u00e1kladn\u00e9 inform\u00e1cie. Po\u010fme sa ponori\u0165 do tohto o\u010daruj\u00faceho jazyka a presk\u00fama\u0165, ako funguje na gramatickej \u00farovni.<\/p>\n\n\n\n<p><a href=\"https:\/\/talkpal.ai\/learn-catalan\/\">Katal\u00e1n\u010dina<\/a>, ktorou hovor\u00ed pribli\u017ene 10 mili\u00f3nov \u013eud\u00ed preva\u017ene v Katal\u00e1nsku, Valencii a na Bale\u00e1rskych ostrovoch, m\u00e1 jedine\u010dn\u00fa zmes vplyvov z latin\u010diny, \u0161paniel\u010diny a franc\u00faz\u0161tiny. Rovnako ako vy a ja, <a href=\"https:\/\/talkpal.ai\/what-language-is-spoken-on-the-international-space-station\/\">jazyky<\/a> sa \u010falej obohacuj\u00fa t\u00fdm, \u017ee si \u010dasom po\u017ei\u010diavaj\u00fa r\u00f4zne nuansy. Ak\u00e9 vzru\u0161uj\u00face!<\/p>\n\n\n\n<p><strong>Teraz sa nau\u010dme niektor\u00e9 z\u00e1kladn\u00e9 aspekty katal\u00e1nskej gramatiky:<\/strong><\/p>\n\n\n\n<h3 class=\"wp-block-heading\" id=\"h-1-nouns-and-gender\">1. Podstatn\u00e9 men\u00e1 a rod:<\/h3>\n\n\n\n<p>Spievajte so mnou &#8211; &#8222;Ka\u017ed\u00e9 podstatn\u00e9 meno m\u00e1 moc! Podobne ako v in\u00fdch rom\u00e1nskych jazykoch, aj katal\u00e1nske podstatn\u00e9 men\u00e1 s\u00fa bu\u010f mu\u017esk\u00e9ho, alebo \u017eensk\u00e9ho rodu a tento &#8222;rod&#8220; ovplyv\u0148uje ich pou\u017e\u00edvanie s \u010dlenmi a pr\u00eddavn\u00fdmi menami. Nemajte v\u0161ak obavy! Podstatn\u00e9 men\u00e1 zakon\u010den\u00e9 na &#8222;-a&#8220; s\u00fa v\u00e4\u010d\u0161inou \u017eensk\u00e9ho rodu, zatia\u013e \u010do podstatn\u00e9 men\u00e1 zakon\u010den\u00e9 na &#8222;-o&#8220; (alebo in\u00e9 spoluhl\u00e1sky) s\u00fa mu\u017esk\u00e9ho rodu. Majte v\u0161ak na pam\u00e4ti v\u00fdnimky &#8211; radi sa k v\u00e1m pl\u00ed\u017eia!<\/p>\n\n\n\n<h3 class=\"wp-block-heading\" id=\"h-2-articles\">2. \u010cl\u00e1nky:<\/h3>\n\n\n\n<p>\u017divot bez \u010dl\u00e1nkov by bol nudn\u00fd, v\u0161ak? V katal\u00e1n\u010dine m\u00e1me ur\u010dit\u00e9 \u010dleny na ozna\u010denie konkr\u00e9tnych vec\u00ed alebo os\u00f4b (napr\u00edklad \u201epes\u201c alebo \u201ekniha\u201c) a neur\u010dit\u00e9 \u010dleny na v\u0161eobecn\u00e9 odkazy (napr\u00edklad \u201epes\u201c alebo \u201ekniha\u201c).  <\/p>\n\n\n\n<p>Ur\u010dit\u00e9 \u010dleny v katal\u00e1n\u010dine s\u00fa &#8222;el&#8220; pre podstatn\u00e9 men\u00e1 mu\u017esk\u00e9ho rodu jednotn\u00e9ho \u010d\u00edsla, &#8222;la&#8220; pre podstatn\u00e9 men\u00e1 \u017eensk\u00e9ho rodu jednotn\u00e9ho \u010d\u00edsla, &#8222;els&#8220; pre podstatn\u00e9 men\u00e1 mu\u017esk\u00e9ho rodu mno\u017en\u00e9ho \u010d\u00edsla a &#8222;les&#8220; pre podstatn\u00e9 men\u00e1 \u017eensk\u00e9ho rodu mno\u017en\u00e9ho \u010d\u00edsla. Na druhej strane, neur\u010dit\u00e9 \u010dleny s\u00fa &#8222;un&#8220; pre podstatn\u00e9 men\u00e1 mu\u017esk\u00e9ho rodu a &#8222;una&#8220; pre podstatn\u00e9 men\u00e1 \u017eensk\u00e9ho rodu. V mno\u017enom \u010d\u00edsle neexistuj\u00fa \u017eiadne konkr\u00e9tne neur\u010dit\u00e9 \u010dl\u00e1nky. \u013dahk\u00e9, v\u0161ak?<\/p>\n\n\n\n<h3 class=\"wp-block-heading\" id=\"h-3-adjectives\">3. Pr\u00eddavn\u00e9 men\u00e1:<\/h3>\n\n\n\n<p>Pr\u00eddavn\u00e9 men\u00e1 dod\u00e1vaj\u00fa va\u0161im vet\u00e1m chu\u0165 opisom podstatn\u00fdch mien a v katal\u00e1n\u010dine s\u00fahlasia v rode a po\u010dte s podstatn\u00fdmi menami, ktor\u00e9 upravuj\u00fa. Vo v\u00e4\u010d\u0161ine pr\u00edpadov s\u00fa pr\u00eddavn\u00e9 men\u00e1 zakon\u010den\u00e9 na &#8222;-o&#8220; mu\u017esk\u00e9ho rodu a pr\u00eddavn\u00e9 men\u00e1 zakon\u010den\u00e9 na &#8222;-a&#8220; \u017eensk\u00e9ho rodu. Ak chcete vytvori\u0165 mno\u017en\u00e9 \u010d\u00edslo, zme\u0148te &#8222;-o&#8220; na &#8222;-os&#8220; (mu\u017esk\u00fd rod) a &#8222;-a&#8220; na &#8222;-es&#8220; (\u017eensk\u00fd rod). Majte na pam\u00e4ti, \u017ee niektor\u00e9 pr\u00eddavn\u00e9 men\u00e1 maj\u00fa jedine\u010dn\u00fa formu pre obe pohlavia a men\u00ed sa iba zna\u010dka mno\u017en\u00e9ho \u010d\u00edsla. Znie to z\u00e1bavne, v\u0161ak?<\/p>\n\n\n\n<h3 class=\"wp-block-heading\" id=\"h-4-verbs-and-conjugation\">4. Sloves\u00e1 a \u010dasovanie:<\/h3>\n\n\n\n<p>Srdce ka\u017ed\u00e9ho jazyka! Sloves\u00e1 v katal\u00e1n\u010dine sa delia do troch skup\u00edn na z\u00e1klade ich infinit\u00edvnych koncoviek: &#8222;-ar&#8220;, &#8222;-er&#8220; a &#8222;-ir&#8220;. Ka\u017ed\u00e1 skupina m\u00e1 svoj odli\u0161n\u00fd \u010dasovac\u00ed vzor pre r\u00f4zne \u010dasy, n\u00e1lady a z\u00e1men\u00e1 &#8211; rovnako ako tanec do r\u00f4znych rytmov. Katal\u00e1n\u010dina m\u00e1 aj pomocn\u00e9 sloves\u00e1 (ako &#8222;ma\u0165&#8220; a &#8222;by\u0165&#8220;), ktor\u00e9 sa kombinuj\u00fa s in\u00fdmi slovesami a vytv\u00e1raj\u00fa zlo\u017een\u00e9 \u010dasy a pas\u00edvny hlas. Obujte si teda tane\u010dn\u00e9 top\u00e1nky a za\u010dnite objavova\u0165 \u017eiv\u00fd svet katal\u00e1nskych slovies.<\/p>\n\n\n\n<h3 class=\"wp-block-heading\" id=\"h-5-word-order\">5. Slovosled:<\/h3>\n\n\n\n<p>Zara\u010fme tieto slov\u00e1 do spr\u00e1vneho poradia! Katal\u00e1n\u010dina sa zvy\u010dajne riadi slovosledom podmet-sloveso-objekt (SVO), rovnako ako <a href=\"https:\/\/talkpal.ai\/learn-english-with-ai\/\">angli\u010dtina<\/a>. Flexibilita v slovoslede je v\u0161ak povolen\u00e1 na zd\u00f4raznenie alebo \u0161tylistick\u00e9 \u00fa\u010dely. Pr\u00eddavn\u00e9 men\u00e1 zvy\u010dajne prich\u00e1dzaj\u00fa za podstatn\u00fdm menom, ktor\u00e9 opisuj\u00fa, ale m\u00f4\u017eete ich vidie\u0165 pred podstatn\u00fdm menom, aby ste zd\u00f4raznili ich d\u00f4le\u017eitos\u0165. Pam\u00e4tajte si, \u017ee prax rob\u00ed majstra, pokia\u013e ide o zvl\u00e1dnutie slovosledu v katal\u00e1n\u010dine.<\/p>\n\n\n\n<h3 class=\"wp-block-heading\" id=\"h-6-pronouns-and-prepositions\">6. Z\u00e1men\u00e1 a predlo\u017eky:<\/h3>\n\n\n\n<p>V neposlednom rade! Katal\u00e1n\u010dina m\u00e1 podmetov\u00e9 z\u00e1men\u00e1 (ja, ty, on, ona at\u010f.) a predmetov\u00e9 z\u00e1men\u00e1 (ja, ty, on, ona at\u010f.), Ktor\u00e9 m\u00f4\u017eu prejs\u0165 r\u00f4znymi zmenami v z\u00e1vislosti od ich funkcie vo vete. Okrem toho v\u00e1m katal\u00e1nske predlo\u017eky (ako napr\u00edklad &#8222;a&#8220;, &#8222;de&#8220;, &#8222;en&#8220;, &#8222;amb&#8220;) pom\u00e1haj\u00fa sp\u00e1ja\u0165 slov\u00e1 a fr\u00e1zy a ukazova\u0165 vz\u0165ahy medzi nimi.<\/p>\n\n\n\n<p>P\u00e1ni! Teraz u\u017e m\u00e1te z\u00e1klady katal\u00e1nskej gramatiky za sebou. Pokra\u010dujte v sk\u00faman\u00ed, kladen\u00ed ot\u00e1zok a precvi\u010dovan\u00ed tohto kr\u00e1sneho jazyka. Pam\u00e4tajte si, \u017ee <a href=\"https:\/\/talkpal.ai\/sk\/ucenie\/\">u\u010denie sa<\/a> nov\u00e9ho jazyka je ako vyda\u0165 sa na vzru\u0161uj\u00facu cestu. \u010cakaj\u00fa v\u00e1s vzostupy a p\u00e1dy, ale odmena stoj\u00ed za t\u00fa n\u00e1mahu. Bon viatge!<\/p>\n<\/div><\/div>\n\r\n<section class=\"learnNavigationSection\">\r\n            \r\n        <a href=\"https:\/\/talkpal.ai\/sk\/naucte-sa-katalancinu\/\">\r\n            <div class=\"learnNavigationWrapper\">\r\n                <div class=\"learnNavigationContent\">\r\n                    <img decoding=\"async\" src=\"https:\/\/talkpal.ai\/wp-content\/uploads\/2024\/08\/Catalan.jpg\" alt=\"Catalan Flag\">\r\n                    <div>\r\n                        <h4>O katal\u00e1nskom vzdel\u00e1van\u00ed<\/h4>\r\n                        <p>Zistite v\u0161etko o katal\u00e1nskej gramatike.<\/p>\r\n                    <\/div>\r\n                <\/div>\r\n            <\/div>\r\n        <\/a>\r\n\r\n        \r\n        <a href=\"https:\/\/talkpal.ai\/sk\/katalanske-gramaticke-cvicenia\/\">\r\n            <div class=\"learnNavigationWrapper\">\r\n                <div class=\"learnNavigationContent\">\r\n                    <img decoding=\"async\" src=\"https:\/\/talkpal.ai\/wp-content\/uploads\/2024\/08\/Catalan.jpg\" alt=\"Catalan Flag\">\r\n                    <div>\r\n                        <h4>Cvi\u010denie z katal\u00e1nskej gramatiky<\/h4>\r\n                        <p>Precvi\u010dte si katal\u00e1nsku gramatiku.<\/p>\r\n                    <\/div>\r\n                <\/div>\r\n            <\/div>\r\n        <\/a>\r\n\r\n        \r\n        <a href=\"https:\/\/talkpal.ai\/vocabulary_language\/catalan\/\">\r\n            <div class=\"learnNavigationWrapper\">\r\n                <div class=\"learnNavigationContent\">\r\n                    <img decoding=\"async\" src=\"https:\/\/talkpal.ai\/wp-content\/uploads\/2024\/08\/Catalan.jpg\" alt=\"Catalan Flag\">\r\n                    <div>\r\n                        <h4>Katal\u00e1nska slovn\u00e1 z\u00e1soba<\/h4>\r\n                        <p>Roz\u0161\u00edrte si slovn\u00fa z\u00e1sobu katal\u00e1n\u010diny.<\/p>\r\n                    <\/div>\r\n                <\/div>\r\n            <\/div>\r\n        <\/a>\r\n\r\n            <\/section>","protected":false},"excerpt":{"rendered":"<p>Katal\u00e1nska gramatika: R\u00fdchly sprievodca pre jazykov\u00fdch nad\u0161encov Pl\u00e1nujete sa nau\u010di\u0165 katal\u00e1n\u010dinu alebo ste len zvedav\u00ed na tento kr\u00e1sny rom\u00e1nsky jazyk? U\u017e neh\u013eadajte! Sme tu, aby sme v\u00e1s stru\u010dne obozn\u00e1mili s katal\u00e1nskou gramatikou a poskytli v\u00e1m z\u00e1kladn\u00e9 inform\u00e1cie. Po\u010fme sa ponori\u0165 do tohto o\u010daruj\u00faceho jazyka a presk\u00fama\u0165, ako funguje na gramatickej \u00farovni. Katal\u00e1n\u010dina, ktorou hovor\u00ed pribli\u017ene [&hellip;]<\/p>\n","protected":false},"author":1,"featured_media":141991,"parent":0,"menu_order":0,"comment_status":"closed","ping_status":"closed","template":"LearningContentPage.php","meta":{"_acf_changed":false,"footnotes":""},"class_list":["post-141981","page","type-page","status-publish","has-post-thumbnail","hentry"],"acf":[],"yoast_head":"<!-- This site is optimized with the Yoast SEO Premium plugin v27.2 (Yoast SEO v27.2) - https:\/\/yoast.com\/product\/yoast-seo-premium-wordpress\/ -->\n<title>Katal\u00e1nska gramatika - Talkpal<\/title>\n<meta name=\"description\" content=\"Objavte z\u00e1klady katal\u00e1nskej gramatiky a za\u010dnite svoju cestu do tohto kr\u00e1sneho rom\u00e1nskeho jazyka e\u0161te dnes!\" \/>\n<meta name=\"robots\" content=\"index, follow, max-snippet:-1, max-image-preview:large, max-video-preview:-1\" \/>\n<link rel=\"canonical\" href=\"https:\/\/talkpal.ai\/sk\/katalanska-gramatika\/\" \/>\n<meta property=\"og:locale\" content=\"sk_SK\" \/>\n<meta property=\"og:type\" content=\"article\" \/>\n<meta property=\"og:title\" content=\"Katal\u00e1nska gramatika\" \/>\n<meta property=\"og:description\" content=\"Katal\u00e1nska gramatika: R\u00fdchly sprievodca pre jazykov\u00fdch nad\u0161encov Pl\u00e1nujete sa nau\u010di\u0165 katal\u00e1n\u010dinu alebo ste len zvedav\u00ed na tento kr\u00e1sny rom\u00e1nsky jazyk? U\u017e\" \/>\n<meta property=\"og:url\" content=\"https:\/\/talkpal.ai\/sk\/katalanska-gramatika\/\" \/>\n<meta property=\"og:site_name\" content=\"Talkpal\" \/>\n<meta property=\"article:publisher\" content=\"https:\/\/www.facebook.com\/profile.php?id=100090733639311\" \/>\n<meta property=\"article:modified_time\" content=\"2025-05-22T18:35:09+00:00\" \/>\n<meta property=\"og:image\" content=\"https:\/\/talkpal.ai\/wp-content\/uploads\/2023\/08\/Catalan.png\" \/>\n\t<meta property=\"og:image:width\" content=\"479\" \/>\n\t<meta property=\"og:image:height\" content=\"479\" \/>\n\t<meta property=\"og:image:type\" content=\"image\/png\" \/>\n<meta name=\"twitter:card\" content=\"summary_large_image\" \/>\n<meta name=\"twitter:site\" content=\"@talkpalai\" \/>\n<meta name=\"twitter:label1\" content=\"Predpokladan\u00fd \u010das \u010d\u00edtania\" \/>\n\t<meta name=\"twitter:data1\" content=\"4 min\u00faty\" \/>\n<script type=\"application\/ld+json\" class=\"yoast-schema-graph\">{\"@context\":\"https:\/\/schema.org\",\"@graph\":[{\"@type\":\"WebPage\",\"@id\":\"https:\/\/talkpal.ai\/sk\/katalanska-gramatika\/\",\"url\":\"https:\/\/talkpal.ai\/sk\/katalanska-gramatika\/\",\"name\":\"Katal\u00e1nska gramatika - Talkpal\",\"isPartOf\":{\"@id\":\"https:\/\/talkpal.ai\/sk\/#website\"},\"primaryImageOfPage\":{\"@id\":\"https:\/\/talkpal.ai\/sk\/katalanska-gramatika\/#primaryimage\"},\"image\":{\"@id\":\"https:\/\/talkpal.ai\/sk\/katalanska-gramatika\/#primaryimage\"},\"thumbnailUrl\":\"https:\/\/talkpal.ai\/wp-content\/uploads\/2023\/08\/Catalan.png\",\"datePublished\":\"2023-05-14T14:00:56+00:00\",\"dateModified\":\"2025-05-22T18:35:09+00:00\",\"description\":\"Objavte z\u00e1klady katal\u00e1nskej gramatiky a za\u010dnite svoju cestu do tohto kr\u00e1sneho rom\u00e1nskeho jazyka e\u0161te dnes!\",\"breadcrumb\":{\"@id\":\"https:\/\/talkpal.ai\/sk\/katalanska-gramatika\/#breadcrumb\"},\"inLanguage\":\"sk-SK\",\"potentialAction\":[{\"@type\":\"ReadAction\",\"target\":[\"https:\/\/talkpal.ai\/sk\/katalanska-gramatika\/\"]}]},{\"@type\":\"ImageObject\",\"inLanguage\":\"sk-SK\",\"@id\":\"https:\/\/talkpal.ai\/sk\/katalanska-gramatika\/#primaryimage\",\"url\":\"https:\/\/talkpal.ai\/wp-content\/uploads\/2023\/08\/Catalan.png\",\"contentUrl\":\"https:\/\/talkpal.ai\/wp-content\/uploads\/2023\/08\/Catalan.png\",\"width\":479,\"height\":479},{\"@type\":\"BreadcrumbList\",\"@id\":\"https:\/\/talkpal.ai\/sk\/katalanska-gramatika\/#breadcrumb\",\"itemListElement\":[{\"@type\":\"ListItem\",\"position\":1,\"name\":\"Homepage\",\"item\":\"https:\/\/talkpal.ai\/sk\/\"},{\"@type\":\"ListItem\",\"position\":2,\"name\":\"Katal\u00e1nska gramatika\"}]},{\"@type\":\"WebSite\",\"@id\":\"https:\/\/talkpal.ai\/sk\/#website\",\"url\":\"https:\/\/talkpal.ai\/sk\/\",\"name\":\"Talkpal\",\"description\":\"AI Language Learning\",\"publisher\":{\"@id\":\"https:\/\/talkpal.ai\/sk\/#organization\"},\"alternateName\":\"Talkpal AI\",\"potentialAction\":[{\"@type\":\"SearchAction\",\"target\":{\"@type\":\"EntryPoint\",\"urlTemplate\":\"https:\/\/talkpal.ai\/sk\/?s={search_term_string}\"},\"query-input\":{\"@type\":\"PropertyValueSpecification\",\"valueRequired\":true,\"valueName\":\"search_term_string\"}}],\"inLanguage\":\"sk-SK\"},{\"@type\":\"Organization\",\"@id\":\"https:\/\/talkpal.ai\/sk\/#organization\",\"name\":\"Talkpal, Inc.\",\"alternateName\":\"Talkpal AI\",\"url\":\"https:\/\/talkpal.ai\/sk\/\",\"logo\":{\"@type\":\"ImageObject\",\"inLanguage\":\"sk-SK\",\"@id\":\"https:\/\/talkpal.ai\/sk\/#\/schema\/logo\/image\/\",\"url\":\"https:\/\/talkpal.ai\/wp-content\/uploads\/2024\/03\/Talkpal-Logo-Icon.png\",\"contentUrl\":\"https:\/\/talkpal.ai\/wp-content\/uploads\/2024\/03\/Talkpal-Logo-Icon.png\",\"width\":2880,\"height\":2880,\"caption\":\"Talkpal, Inc.\"},\"image\":{\"@id\":\"https:\/\/talkpal.ai\/sk\/#\/schema\/logo\/image\/\"},\"sameAs\":[\"https:\/\/www.facebook.com\/profile.php?id=100090733639311\",\"https:\/\/x.com\/talkpalai\",\"https:\/\/www.linkedin.com\/company\/talkpal\/\",\"https:\/\/www.youtube.com\/@TalkPal\/\",\"https:\/\/www.tiktok.com\/@talkpal\",\"https:\/\/www.instagram.com\/talkpal_ai\/\",\"https:\/\/www.crunchbase.com\/organization\/talkpal-9cde\",\"https:\/\/www.g2.com\/products\/talkpal-for-business\/\",\"https:\/\/www.trustpilot.com\/review\/talkpal.ai\",\"https:\/\/www.capterra.com\/p\/10006800\/TalkPal\/\"],\"description\":\"Talkpal is a language learning web and mobile education app, powered by the latest AI technologies, that provides engaging experiences to its customers in many different languages to help them improve their language skills. Users can chat about unlimited amount of topics with the app and use other modes to practice their language learning.\",\"email\":\"support@talkpal.ai\",\"legalName\":\"Talkpal, Inc.\",\"foundingDate\":\"2023-04-03\",\"duns\":\"118989042\",\"numberOfEmployees\":{\"@type\":\"QuantitativeValue\",\"minValue\":\"11\",\"maxValue\":\"50\"},\"publishingPrinciples\":\"https:\/\/talkpal.ai\/publishing-principles\/\",\"actionableFeedbackPolicy\":\"https:\/\/talkpal.ai\/actionable-feedback-policy\/\",\"correctionsPolicy\":\"https:\/\/talkpal.ai\/corrections-policy\/\",\"ethicsPolicy\":\"https:\/\/talkpal.ai\/ethics-policy\/\",\"diversityPolicy\":\"https:\/\/talkpal.ai\/diversity-policy\/\",\"diversityStaffingReport\":\"https:\/\/talkpal.ai\/diversity-policy\/\"}]}<\/script>\n<!-- \/ Yoast SEO Premium plugin. -->","yoast_head_json":{"title":"Katal\u00e1nska gramatika - Talkpal","description":"Objavte z\u00e1klady katal\u00e1nskej gramatiky a za\u010dnite svoju cestu do tohto kr\u00e1sneho rom\u00e1nskeho jazyka e\u0161te dnes!","robots":{"index":"index","follow":"follow","max-snippet":"max-snippet:-1","max-image-preview":"max-image-preview:large","max-video-preview":"max-video-preview:-1"},"canonical":"https:\/\/talkpal.ai\/sk\/katalanska-gramatika\/","og_locale":"sk_SK","og_type":"article","og_title":"Katal\u00e1nska gramatika","og_description":"Katal\u00e1nska gramatika: R\u00fdchly sprievodca pre jazykov\u00fdch nad\u0161encov Pl\u00e1nujete sa nau\u010di\u0165 katal\u00e1n\u010dinu alebo ste len zvedav\u00ed na tento kr\u00e1sny rom\u00e1nsky jazyk? U\u017e","og_url":"https:\/\/talkpal.ai\/sk\/katalanska-gramatika\/","og_site_name":"Talkpal","article_publisher":"https:\/\/www.facebook.com\/profile.php?id=100090733639311","article_modified_time":"2025-05-22T18:35:09+00:00","og_image":[{"width":479,"height":479,"url":"https:\/\/talkpal.ai\/wp-content\/uploads\/2023\/08\/Catalan.png","type":"image\/png"}],"twitter_card":"summary_large_image","twitter_site":"@talkpalai","twitter_misc":{"Predpokladan\u00fd \u010das \u010d\u00edtania":"4 min\u00faty"},"schema":{"@context":"https:\/\/schema.org","@graph":[{"@type":"WebPage","@id":"https:\/\/talkpal.ai\/sk\/katalanska-gramatika\/","url":"https:\/\/talkpal.ai\/sk\/katalanska-gramatika\/","name":"Katal\u00e1nska gramatika - Talkpal","isPartOf":{"@id":"https:\/\/talkpal.ai\/sk\/#website"},"primaryImageOfPage":{"@id":"https:\/\/talkpal.ai\/sk\/katalanska-gramatika\/#primaryimage"},"image":{"@id":"https:\/\/talkpal.ai\/sk\/katalanska-gramatika\/#primaryimage"},"thumbnailUrl":"https:\/\/talkpal.ai\/wp-content\/uploads\/2023\/08\/Catalan.png","datePublished":"2023-05-14T14:00:56+00:00","dateModified":"2025-05-22T18:35:09+00:00","description":"Objavte z\u00e1klady katal\u00e1nskej gramatiky a za\u010dnite svoju cestu do tohto kr\u00e1sneho rom\u00e1nskeho jazyka e\u0161te dnes!","breadcrumb":{"@id":"https:\/\/talkpal.ai\/sk\/katalanska-gramatika\/#breadcrumb"},"inLanguage":"sk-SK","potentialAction":[{"@type":"ReadAction","target":["https:\/\/talkpal.ai\/sk\/katalanska-gramatika\/"]}]},{"@type":"ImageObject","inLanguage":"sk-SK","@id":"https:\/\/talkpal.ai\/sk\/katalanska-gramatika\/#primaryimage","url":"https:\/\/talkpal.ai\/wp-content\/uploads\/2023\/08\/Catalan.png","contentUrl":"https:\/\/talkpal.ai\/wp-content\/uploads\/2023\/08\/Catalan.png","width":479,"height":479},{"@type":"BreadcrumbList","@id":"https:\/\/talkpal.ai\/sk\/katalanska-gramatika\/#breadcrumb","itemListElement":[{"@type":"ListItem","position":1,"name":"Homepage","item":"https:\/\/talkpal.ai\/sk\/"},{"@type":"ListItem","position":2,"name":"Katal\u00e1nska gramatika"}]},{"@type":"WebSite","@id":"https:\/\/talkpal.ai\/sk\/#website","url":"https:\/\/talkpal.ai\/sk\/","name":"Talkpal","description":"AI Language Learning","publisher":{"@id":"https:\/\/talkpal.ai\/sk\/#organization"},"alternateName":"Talkpal AI","potentialAction":[{"@type":"SearchAction","target":{"@type":"EntryPoint","urlTemplate":"https:\/\/talkpal.ai\/sk\/?s={search_term_string}"},"query-input":{"@type":"PropertyValueSpecification","valueRequired":true,"valueName":"search_term_string"}}],"inLanguage":"sk-SK"},{"@type":"Organization","@id":"https:\/\/talkpal.ai\/sk\/#organization","name":"Talkpal, Inc.","alternateName":"Talkpal AI","url":"https:\/\/talkpal.ai\/sk\/","logo":{"@type":"ImageObject","inLanguage":"sk-SK","@id":"https:\/\/talkpal.ai\/sk\/#\/schema\/logo\/image\/","url":"https:\/\/talkpal.ai\/wp-content\/uploads\/2024\/03\/Talkpal-Logo-Icon.png","contentUrl":"https:\/\/talkpal.ai\/wp-content\/uploads\/2024\/03\/Talkpal-Logo-Icon.png","width":2880,"height":2880,"caption":"Talkpal, Inc."},"image":{"@id":"https:\/\/talkpal.ai\/sk\/#\/schema\/logo\/image\/"},"sameAs":["https:\/\/www.facebook.com\/profile.php?id=100090733639311","https:\/\/x.com\/talkpalai","https:\/\/www.linkedin.com\/company\/talkpal\/","https:\/\/www.youtube.com\/@TalkPal\/","https:\/\/www.tiktok.com\/@talkpal","https:\/\/www.instagram.com\/talkpal_ai\/","https:\/\/www.crunchbase.com\/organization\/talkpal-9cde","https:\/\/www.g2.com\/products\/talkpal-for-business\/","https:\/\/www.trustpilot.com\/review\/talkpal.ai","https:\/\/www.capterra.com\/p\/10006800\/TalkPal\/"],"description":"Talkpal is a language learning web and mobile education app, powered by the latest AI technologies, that provides engaging experiences to its customers in many different languages to help them improve their language skills. Users can chat about unlimited amount of topics with the app and use other modes to practice their language learning.","email":"support@talkpal.ai","legalName":"Talkpal, Inc.","foundingDate":"2023-04-03","duns":"118989042","numberOfEmployees":{"@type":"QuantitativeValue","minValue":"11","maxValue":"50"},"publishingPrinciples":"https:\/\/talkpal.ai\/publishing-principles\/","actionableFeedbackPolicy":"https:\/\/talkpal.ai\/actionable-feedback-policy\/","correctionsPolicy":"https:\/\/talkpal.ai\/corrections-policy\/","ethicsPolicy":"https:\/\/talkpal.ai\/ethics-policy\/","diversityPolicy":"https:\/\/talkpal.ai\/diversity-policy\/","diversityStaffingReport":"https:\/\/talkpal.ai\/diversity-policy\/"}]}},"_links":{"self":[{"href":"https:\/\/talkpal.ai\/sk\/wp-json\/wp\/v2\/pages\/141981","targetHints":{"allow":["GET"]}}],"collection":[{"href":"https:\/\/talkpal.ai\/sk\/wp-json\/wp\/v2\/pages"}],"about":[{"href":"https:\/\/talkpal.ai\/sk\/wp-json\/wp\/v2\/types\/page"}],"author":[{"embeddable":true,"href":"https:\/\/talkpal.ai\/sk\/wp-json\/wp\/v2\/users\/1"}],"replies":[{"embeddable":true,"href":"https:\/\/talkpal.ai\/sk\/wp-json\/wp\/v2\/comments?post=141981"}],"version-history":[{"count":0,"href":"https:\/\/talkpal.ai\/sk\/wp-json\/wp\/v2\/pages\/141981\/revisions"}],"wp:featuredmedia":[{"embeddable":true,"href":"https:\/\/talkpal.ai\/sk\/wp-json\/wp\/v2\/media\/141991"}],"wp:attachment":[{"href":"https:\/\/talkpal.ai\/sk\/wp-json\/wp\/v2\/media?parent=141981"}],"curies":[{"name":"wp","href":"https:\/\/api.w.org\/{rel}","templated":true}]}}