{"id":141608,"date":"2023-05-14T14:00:39","date_gmt":"2023-05-14T14:00:39","guid":{"rendered":"http:\/\/talkpal.ai\/bulharska-gramatika\/"},"modified":"2025-05-22T14:37:37","modified_gmt":"2025-05-22T14:37:37","slug":"bulharska-gramatika","status":"publish","type":"page","link":"https:\/\/talkpal.ai\/sk\/bulharska-gramatika\/","title":{"rendered":"Bulharsk\u00e1 gramatika"},"content":{"rendered":"\r\n\r\n\r\n<section class=\"languageChallengeSection\">\r\n    <div class=\"languageInfoWrapper\">\r\n        \r\n        <h1>Bulharsk\u00e1 gramatika<\/h1>\r\n        <p>Presk\u00famajte jedine\u010dn\u00e9 \u010drty bulharskej gramatiky a z\u00edskajte n\u00e1stroje na sebavedom\u00fa komunik\u00e1ciu v tomto \u017eivom slovanskom jazyku. Pochopen\u00edm jeho z\u00e1kladn\u00fdch pravidiel zlep\u0161\u00edte svoju schopnos\u0165 nadviaza\u0165 kontakt s roden\u00fdmi hovorcami a hlb\u0161ie sa ponor\u00edte do bohat\u00e9ho bulharsk\u00e9ho dedi\u010dstva. Za\u010dnite svoju cestu k bulharskej gramatike dnes a urobte prv\u00fd krok k ovl\u00e1dnutiu jazyka!<\/p>\r\n\r\n                            <a class=\"getStartedHidden\" href=\"https:\/\/app.talkpal.ai\/sk\/signup?lng=\">Za\u010dni<\/a>\r\n        \r\n    <\/div>\r\n\r\n    <figure>\r\n    <img decoding=\"async\" width=\"768\" height=\"768\" src=\"https:\/\/talkpal.ai\/wp-content\/uploads\/2023\/06\/bulgarian-768x768.png\" class=\"languageImage no-lazy\" alt=\"Language learning for deeper cultural understanding\" fetchpriority=\"high\" sizes=\"(max-width: 768px) 150px, 768px\" srcset=\"https:\/\/talkpal.ai\/wp-content\/uploads\/2023\/06\/bulgarian-768x768.png 768w, https:\/\/talkpal.ai\/wp-content\/uploads\/2023\/06\/bulgarian-300x300.png 300w\" \/>\r\n    \r\n\r\n    <\/figure>\r\n\r\n            <a class=\"getStartedVisible\" href=\"https:\/\/app.talkpal.ai\/sk\/signup?lng=\">Za\u010dni<\/a>\r\n    \r\n<\/section>\r\n<section class=\"promotionalBanner\">\r\n    <p class=\"promotionalText\">Najefekt\u00edvnej\u0161\u00ed sp\u00f4sob, ako sa nau\u010di\u0165 jazyk<\/p>\r\n    <a class=\"promotionalLink\" href=\"https:\/\/app.talkpal.ai\/sk\/signup?lng=\">Vysk\u00fa\u0161ajte Talkpal zadarmo<\/a>\r\n<\/section>\n<div class=\"wp-block-group pageContainerStyle\"><div class=\"wp-block-group__inner-container is-layout-constrained wp-block-group-is-layout-constrained\">\n<h2 class=\"wp-block-heading\" id=\"h-the-ultimate-guide-to-bulgarian-grammar-navigating-the-intricacies-of-a-rich-language\">Kone\u010dn\u00fd sprievodca bulharskou gramatikou: navig\u00e1cia v zlo\u017eitosti bohat\u00e9ho jazyka<\/h2>\n\n\n\n<p><a href=\"https:\/\/talkpal.ai\/bulgarian-grammar\/\">Bulharsk\u00e1 gramatika<\/a>, rovnako ako samotn\u00fd jazyk, je fascinuj\u00facou zmesou jednoduchosti, zlo\u017eitosti a bohatej kult\u00farnej hist\u00f3rie. Ako jeden z najstar\u0161\u00edch slovansk\u00fdch jazykov pon\u00faka <a href=\"https:\/\/talkpal.ai\/learn-bulgarian\/\">bulhar\u010dina<\/a> jazykov\u00e9 vzru\u0161enie \u0161tudentom a vyz\u00fdva aj t\u00fdch najzdatnej\u0161\u00edch re\u010dn\u00edkov. V tejto pr\u00edru\u010dke sa zozn\u00e1mime s k\u013e\u00fa\u010dov\u00fdmi z\u00e1sadami bulharskej gramatiky, objasn\u00edme jej zlo\u017eitos\u0165 a pom\u00f4\u017eeme v\u00e1m na ceste k zvl\u00e1dnutiu tohto kr\u00e1sneho jazyka. Po\u010fme sa ponori\u0165!<\/p>\n\n\n\n<h2 class=\"wp-block-heading\" id=\"h-the-nuts-and-bolts-bulgarian-sentence-structure\">Matice a skrutky: bulharsk\u00e1 vetn\u00e1 \u0161trukt\u00fara<\/h2>\n\n\n\n<p>Vo svojej podstate je <a href=\"https:\/\/talkpal.ai\/bulgarian-grammar\/\">bulharsk\u00e1 gramatika<\/a> celkom jednoduch\u00e1. Jazyk sa riadi vetnou \u0161trukt\u00farou subjekt-sloveso-objekt (SVO), podobne ako <a href=\"https:\/\/talkpal.ai\/learn-english-with-ai\/\">angli\u010dtina<\/a> a mnoho \u010fal\u0161\u00edch jazykov. Napr\u00edklad veta &#8222;Jem jablko&#8220; sa preklad\u00e1 ako &#8222;\u0410\u0437 \u044f\u043c \u044f\u0431\u044a\u043b\u043a\u0430&#8220; (Az yam yabalka). Jednoduch\u00e9, v\u0161ak? Ke\u010f v\u0161ak prenikneme hlb\u0161ie, zist\u00edte, \u017ee bulharsk\u00e1 <a href=\"https:\/\/talkpal.ai\/sq\/gramatika\/\">gramatika<\/a> je pln\u00e1 prekvapen\u00ed a jedine\u010dn\u00fdch vlastnost\u00ed.<\/p>\n\n\n\n<h3 class=\"wp-block-heading\" id=\"h-meet-the-family-bulgarian-nouns-and-their-genders\">Zozn\u00e1mte sa s rodinou: bulharsk\u00e9 podstatn\u00e9 men\u00e1 a ich rody<\/h3>\n\n\n\n<p>Jedn\u00fdm z najviac m\u00e4t\u00facich aspektov bulharskej gramatiky pre anglicky hovoriacich je pojem gramatick\u00e9ho rodu. V bulhar\u010dine je ka\u017ed\u00e9 podstatn\u00e9 meno zaraden\u00e9 do jedn\u00e9ho z troch rodov &#8211; mu\u017esk\u00e9ho, \u017eensk\u00e9ho a stredn\u00e9ho. Je d\u00f4le\u017eit\u00e9 rozozna\u0165 rod podstatn\u00e9ho mena, preto\u017ee ovplyv\u0148uje tvar pr\u00eddavn\u00fdch mien a z\u00e1men, ako aj \u010dasovanie slovies, ktor\u00e9 nasleduj\u00fa.<\/p>\n\n\n\n<p>Ako teda ur\u010d\u00edte pohlavie podstatn\u00e9ho mena? Vo v\u0161eobecnosti je to v\u0161etko o z\u00e1vere:<\/p>\n\n\n\n<p><strong>&#8211; Podstatn\u00e9 men\u00e1 mu\u017esk\u00e9ho rodu sa zvy\u010dajne kon\u010dia na spoluhl\u00e1sku.<\/strong><\/p>\n\n\n\n<p><strong>&#8211; Podstatn\u00e9 men\u00e1 \u017eensk\u00e9ho rodu sa zvy\u010dajne kon\u010dia na -\u0430 (-a) alebo -\u044f (-ya).<\/strong><\/p>\n\n\n\n<p><strong>&#8211; Podstatn\u00e9 men\u00e1 stredn\u00e9ho rodu sa \u010dasto kon\u010dia na -\u043e (-o) alebo -\u0435 (-\u0435).<\/strong><\/p>\n\n\n\n<p>Napr\u00edklad &#8222;\u043c\u044a\u0436&#8220; (mazh) znamen\u00e1 &#8222;mu\u017e&#8220; a je mu\u017esk\u00e9ho rodu, &#8222;\u0436\u0435\u043d\u0430&#8220; (zhena) znamen\u00e1 &#8222;\u017eena&#8220; a je \u017eensk\u00e9ho rodu a &#8222;\u0434\u0435\u0442\u0435&#8220; (dete) znamen\u00e1 &#8222;die\u0165a&#8220; a je stredn\u00e9ho rodu.<\/p>\n\n\n\n<p>Samozrejme, existuj\u00fa aj v\u00fdnimky, preto je d\u00f4le\u017eit\u00e9 <a href=\"https:\/\/talkpal.ai\/sk\/ucit-sa-po-slovensky\/\">u\u010di\u0165 sa<\/a> podstatn\u00e9 men\u00e1 spolu s ich rodmi.<\/p>\n\n\n\n<h3 class=\"wp-block-heading\" id=\"h-playing-with-numbers-bulgarian-plurals\">Hra s \u010d\u00edslami: bulharsk\u00e9 mno\u017en\u00e9 \u010d\u00edslo<\/h3>\n\n\n\n<p>Ke\u010f ste zvl\u00e1dli rod bulharsk\u00fdch podstatn\u00fdch mien, je \u010das zaobera\u0165 sa ich mno\u017en\u00fdm \u010d\u00edslom. Vo v\u0161eobecnosti sa mno\u017en\u00e9 \u010d\u00edslo tvor\u00ed pridan\u00edm \u0161pecifick\u00fdch koncoviek, ktor\u00e9 zodpovedaj\u00fa rodu podstatn\u00e9ho mena:<\/p>\n\n\n\n<p><strong>&#8211; Podstatn\u00e9 men\u00e1 mu\u017esk\u00e9ho rodu menia posledn\u00fa spoluhl\u00e1sku na -\u00ed (-i) alebo prid\u00e1vaj\u00fa -\u043e\u0432\u0435 (-ove).<\/strong><\/p>\n\n\n\n<p><strong>&#8211; Podstatn\u00e9 men\u00e1 \u017eensk\u00e9ho rodu nahr\u00e1dzaj\u00fa pr\u00edponu -\u0430 alebo -\u044f pr\u00edponou -\u0438 alebo -\u0435.<\/strong><\/p>\n\n\n\n<p><strong>&#8211; Podstatn\u00e9 men\u00e1 stredn\u00e9ho rodu nahr\u00e1dzaj\u00fa pr\u00edponu -\u043e alebo -\u0435 pr\u00edponou -\u0430.<\/strong><\/p>\n\n\n\n<p>Napr\u00edklad &#8222;\u0443\u0447\u0435\u043d\u0438\u043a&#8220; (u\u010denik, mu\u017esk\u00fd rod) sa st\u00e1va &#8222;\u0443\u0447\u0435\u043d\u0438\u0446\u0438&#8220; (uchenici, <a href=\"https:\/\/talkpal.ai\/talkpal-discount-for-students\/\">\u0161tudenti<\/a>) a &#8222;\u043a\u043d\u0438\u0433\u0430&#8220; (kniga, \u017eensk\u00fd rod) sa st\u00e1va &#8222;\u043a\u043d\u0438\u0433\u0438&#8220; (knigi, knihy).<\/p>\n\n\n\n<p>Toto pravidlo m\u00e1 v\u00fdnimky, preto d\u00e1vajte pozor na nepravideln\u00e9 mno\u017en\u00e9 \u010d\u00edsla a pod\u013ea toho roz\u0161\u00edrte svoju slovn\u00fa z\u00e1sobu.<\/p>\n\n\n\n<h3 class=\"wp-block-heading\" id=\"h-the-art-of-conjugation-bulgarian-verbs\">Umenie \u010dasovania: bulharsk\u00e9 sloves\u00e1<\/h3>\n\n\n\n<p>Bulharsk\u00e9 sloves\u00e1 m\u00f4\u017eu by\u0165 zastra\u0161uj\u00face kv\u00f4li ich ve\u013ek\u00e9mu po\u010dtu \u010dasov, n\u00e1lad a \u010dasovania. K\u013e\u00fa\u010dom k ich rozl\u00fasknutiu je v\u0161ak rozpozn\u00e1vanie vzorov a pravideln\u00e9 cvi\u010denie.<\/p>\n\n\n\n<p>V bulhar\u010dine s\u00fa sloves\u00e1 rozdelen\u00e9 do troch skup\u00edn na z\u00e1klade ich infinit\u00edvnej koncovky, -\u0430 (-a), -\u0435 (-\u0435) alebo -\u0438 (-i). Ka\u017ed\u00e1 skupina m\u00e1 svoje \u0161pecifick\u00e9 pravidl\u00e1 konjug\u00e1cie. Vezmime si napr\u00edklad sloveso &#8222;\u043f\u0438\u0448\u0430&#8220; (pisha, &#8222;p\u00edsa\u0165&#8220;):<\/p>\n\n\n\n<p><strong>Pr\u00edtomn\u00fd \u010das: (Az pisha, &#8222;P\u00ed\u0161em&#8220;)<\/strong><\/p>\n\n\n\n<p><strong>Minul\u00fd \u010das: (Az pisah, &#8222;nap\u00edsal som&#8220;)<\/strong><\/p>\n\n\n\n<p><strong>Bud\u00faci \u010das: (Az shte pisha, &#8222;budem p\u00edsa\u0165&#8220;)<\/strong><\/p>\n\n\n\n<p>Ako vid\u00edte, konce sa menia pod\u013ea \u010dasu. A to e\u0161te ani nie je povrch bulharsk\u00fdch slovies! Nedovo\u013ete v\u0161ak, aby v\u00e1s to premohlo. S praxou a trpezlivos\u0165ou za\u010dnete rozpozn\u00e1va\u0165 vzory a zdol\u00e1te t\u00fato v\u00fdzvu.<\/p>\n\n\n\n<h3 class=\"wp-block-heading\" id=\"h-the-finishing-touches-bulgarian-adjectives-adverbs-and-more\">Posledn\u00e9 \u00fapravy: bulharsk\u00e9 pr\u00eddavn\u00e9 men\u00e1, pr\u00edslovky a \u010fal\u0161ie<\/h3>\n\n\n\n<p>Pokia\u013e ide o bulharsk\u00e9 pr\u00eddavn\u00e9 men\u00e1 a pr\u00edslovky, zohr\u00e1vaj\u00fa k\u013e\u00fa\u010dov\u00fa \u00falohu pri prid\u00e1van\u00ed h\u013abky a zlo\u017eitosti v\u00e1\u0161mu prejavu. Pr\u00eddavn\u00e9 men\u00e1 sa musia zhodova\u0165 s podstatn\u00fdmi menami, ktor\u00e9 modifikuj\u00fa, pokia\u013e ide o rod, a zvy\u010dajne n\u00e1jdete 3 tvary &#8211; mu\u017esk\u00fd, \u017eensk\u00fd a stredn\u00fd.<\/p>\n\n\n\n<p>Napr\u00edklad &#8222;\u0434\u043e\u0431\u044a\u0440&#8220; (dobur) znamen\u00e1 &#8222;dobr\u00fd&#8220; a vyskytuje sa ako &#8222;\u0434\u043e\u0431\u044a\u0440 \u043c\u044a\u0436&#8220; (dobur mazh, &#8222;dobr\u00fd mu\u017e&#8220;), &#8222;\u0434\u043e\u0431\u0440\u0430 \u0436\u0435\u043d\u0430&#8220; (dobra zhena, &#8222;dobr\u00e1 \u017eena&#8220;) a &#8222;\u0434\u043e\u0431\u0440\u043e \u0434\u0435\u0442\u0435&#8220; (dobro dete, &#8222;dobr\u00e9 die\u0165a&#8220;). Pr\u00edslovky sa riadia podobn\u00fdmi vzormi, \u010dasto odvoden\u00fdmi z pr\u00eddavn\u00fdch mien.<\/p>\n\n\n\n<p>Z\u00e1verom mo\u017eno poveda\u0165, \u017ee bulharsk\u00e1 gramatika je s\u00edce zlo\u017eit\u00e1, ale jej zlo\u017eitos\u0165 dod\u00e1va jazyku podmaniv\u00fa kr\u00e1su a charakter. V\u010faka kombin\u00e1cii vytrvalosti, zvedavosti a praktick\u00e9ho vyu\u017eitia sa \u010doskoro budete s \u013eahkos\u0165ou a istotou orientova\u0165 v bulharskej gramatike. \u0160\u0165astn\u00e9 u\u010denie!<\/p>\n<\/div><\/div>\n\r\n<section class=\"learnNavigationSection\">\r\n            \r\n        <a href=\"https:\/\/talkpal.ai\/sk\/naucte-sa-bulharsky\/\">\r\n            <div class=\"learnNavigationWrapper\">\r\n                <div class=\"learnNavigationContent\">\r\n                    <img decoding=\"async\" src=\"https:\/\/talkpal.ai\/wp-content\/uploads\/2024\/08\/Bulgarian.jpg\" alt=\"Bulgarian Flag\">\r\n                    <div>\r\n                        <h4>O \u0161t\u00fadiu bulhar\u010diny<\/h4>\r\n                        <p>Zistite v\u0161etko o bulharskej gramatike.<\/p>\r\n                    <\/div>\r\n                <\/div>\r\n            <\/div>\r\n        <\/a>\r\n\r\n        \r\n        <a href=\"https:\/\/talkpal.ai\/sk\/bulharske-gramaticke-cvicenia\/\">\r\n            <div class=\"learnNavigationWrapper\">\r\n                <div class=\"learnNavigationContent\">\r\n                    <img decoding=\"async\" src=\"https:\/\/talkpal.ai\/wp-content\/uploads\/2024\/08\/Bulgarian.jpg\" alt=\"Bulgarian Flag\">\r\n                    <div>\r\n                        <h4>Cvi\u010denie z bulharskej gramatiky<\/h4>\r\n                        <p>Precvi\u010dte si bulharsk\u00fa gramatiku.<\/p>\r\n                    <\/div>\r\n                <\/div>\r\n            <\/div>\r\n        <\/a>\r\n\r\n        \r\n        <a href=\"https:\/\/talkpal.ai\/vocabulary_language\/bulgarian\/\">\r\n            <div class=\"learnNavigationWrapper\">\r\n                <div class=\"learnNavigationContent\">\r\n                    <img decoding=\"async\" src=\"https:\/\/talkpal.ai\/wp-content\/uploads\/2024\/08\/Bulgarian.jpg\" alt=\"Bulgarian Flag\">\r\n                    <div>\r\n                        <h4>Bulharsk\u00e1 slovn\u00e1 z\u00e1soba<\/h4>\r\n                        <p>Roz\u0161\u00edrte si slovn\u00fa z\u00e1sobu bulhar\u010diny.<\/p>\r\n                    <\/div>\r\n                <\/div>\r\n            <\/div>\r\n        <\/a>\r\n\r\n            <\/section>","protected":false},"excerpt":{"rendered":"<p>Kone\u010dn\u00fd sprievodca bulharskou gramatikou: navig\u00e1cia v zlo\u017eitosti bohat\u00e9ho jazyka Bulharsk\u00e1 gramatika, rovnako ako samotn\u00fd jazyk, je fascinuj\u00facou zmesou jednoduchosti, zlo\u017eitosti a bohatej kult\u00farnej hist\u00f3rie. Ako jeden z najstar\u0161\u00edch slovansk\u00fdch jazykov pon\u00faka bulhar\u010dina jazykov\u00e9 vzru\u0161enie \u0161tudentom a vyz\u00fdva aj t\u00fdch najzdatnej\u0161\u00edch re\u010dn\u00edkov. V tejto pr\u00edru\u010dke sa zozn\u00e1mime s k\u013e\u00fa\u010dov\u00fdmi z\u00e1sadami bulharskej gramatiky, objasn\u00edme jej zlo\u017eitos\u0165 a [&hellip;]<\/p>\n","protected":false},"author":1,"featured_media":111153,"parent":0,"menu_order":0,"comment_status":"closed","ping_status":"closed","template":"LearningContentPage.php","meta":{"_acf_changed":false,"footnotes":""},"class_list":["post-141608","page","type-page","status-publish","has-post-thumbnail","hentry"],"acf":[],"yoast_head":"<!-- This site is optimized with the Yoast SEO Premium plugin v27.2 (Yoast SEO v27.2) - https:\/\/yoast.com\/product\/yoast-seo-premium-wordpress\/ -->\n<title>Bulharsk\u00e1 gramatika - Talkpal<\/title>\n<meta name=\"description\" content=\"Presk\u00famajte z\u00e1klady bulharskej gramatiky pre lep\u0161ie porozumenie jazyku a komunika\u010dn\u00e9 zru\u010dnosti.\" \/>\n<meta name=\"robots\" content=\"index, follow, max-snippet:-1, max-image-preview:large, max-video-preview:-1\" \/>\n<link rel=\"canonical\" href=\"https:\/\/talkpal.ai\/sk\/bulharska-gramatika\/\" \/>\n<meta property=\"og:locale\" content=\"sk_SK\" \/>\n<meta property=\"og:type\" content=\"article\" \/>\n<meta property=\"og:title\" content=\"Bulharsk\u00e1 gramatika\" \/>\n<meta property=\"og:description\" content=\"Kone\u010dn\u00fd sprievodca bulharskou gramatikou: navig\u00e1cia v zlo\u017eitosti bohat\u00e9ho jazyka Bulharsk\u00e1 gramatika, rovnako ako samotn\u00fd jazyk, je fascinuj\u00facou zmesou\" \/>\n<meta property=\"og:url\" content=\"https:\/\/talkpal.ai\/sk\/bulharska-gramatika\/\" \/>\n<meta property=\"og:site_name\" content=\"Talkpal\" \/>\n<meta property=\"article:publisher\" content=\"https:\/\/www.facebook.com\/profile.php?id=100090733639311\" \/>\n<meta property=\"article:modified_time\" content=\"2025-05-22T14:37:37+00:00\" \/>\n<meta property=\"og:image\" content=\"https:\/\/talkpal.ai\/wp-content\/uploads\/2023\/05\/bulgaria.png\" \/>\n\t<meta property=\"og:image:width\" content=\"512\" \/>\n\t<meta property=\"og:image:height\" content=\"512\" \/>\n\t<meta property=\"og:image:type\" content=\"image\/png\" \/>\n<meta name=\"twitter:card\" content=\"summary_large_image\" \/>\n<meta name=\"twitter:site\" content=\"@talkpalai\" \/>\n<meta name=\"twitter:label1\" content=\"Predpokladan\u00fd \u010das \u010d\u00edtania\" \/>\n\t<meta name=\"twitter:data1\" content=\"4 min\u00faty\" \/>\n<script type=\"application\/ld+json\" class=\"yoast-schema-graph\">{\"@context\":\"https:\/\/schema.org\",\"@graph\":[{\"@type\":\"WebPage\",\"@id\":\"https:\/\/talkpal.ai\/sk\/bulharska-gramatika\/\",\"url\":\"https:\/\/talkpal.ai\/sk\/bulharska-gramatika\/\",\"name\":\"Bulharsk\u00e1 gramatika - Talkpal\",\"isPartOf\":{\"@id\":\"https:\/\/talkpal.ai\/sk\/#website\"},\"primaryImageOfPage\":{\"@id\":\"https:\/\/talkpal.ai\/sk\/bulharska-gramatika\/#primaryimage\"},\"image\":{\"@id\":\"https:\/\/talkpal.ai\/sk\/bulharska-gramatika\/#primaryimage\"},\"thumbnailUrl\":\"https:\/\/talkpal.ai\/wp-content\/uploads\/2023\/05\/bulgaria.png\",\"datePublished\":\"2023-05-14T14:00:39+00:00\",\"dateModified\":\"2025-05-22T14:37:37+00:00\",\"description\":\"Presk\u00famajte z\u00e1klady bulharskej gramatiky pre lep\u0161ie porozumenie jazyku a komunika\u010dn\u00e9 zru\u010dnosti.\",\"breadcrumb\":{\"@id\":\"https:\/\/talkpal.ai\/sk\/bulharska-gramatika\/#breadcrumb\"},\"inLanguage\":\"sk-SK\",\"potentialAction\":[{\"@type\":\"ReadAction\",\"target\":[\"https:\/\/talkpal.ai\/sk\/bulharska-gramatika\/\"]}]},{\"@type\":\"ImageObject\",\"inLanguage\":\"sk-SK\",\"@id\":\"https:\/\/talkpal.ai\/sk\/bulharska-gramatika\/#primaryimage\",\"url\":\"https:\/\/talkpal.ai\/wp-content\/uploads\/2023\/05\/bulgaria.png\",\"contentUrl\":\"https:\/\/talkpal.ai\/wp-content\/uploads\/2023\/05\/bulgaria.png\",\"width\":512,\"height\":512},{\"@type\":\"BreadcrumbList\",\"@id\":\"https:\/\/talkpal.ai\/sk\/bulharska-gramatika\/#breadcrumb\",\"itemListElement\":[{\"@type\":\"ListItem\",\"position\":1,\"name\":\"Homepage\",\"item\":\"https:\/\/talkpal.ai\/sk\/\"},{\"@type\":\"ListItem\",\"position\":2,\"name\":\"Bulharsk\u00e1 gramatika\"}]},{\"@type\":\"WebSite\",\"@id\":\"https:\/\/talkpal.ai\/sk\/#website\",\"url\":\"https:\/\/talkpal.ai\/sk\/\",\"name\":\"Talkpal\",\"description\":\"AI Language Learning\",\"publisher\":{\"@id\":\"https:\/\/talkpal.ai\/sk\/#organization\"},\"alternateName\":\"Talkpal AI\",\"potentialAction\":[{\"@type\":\"SearchAction\",\"target\":{\"@type\":\"EntryPoint\",\"urlTemplate\":\"https:\/\/talkpal.ai\/sk\/?s={search_term_string}\"},\"query-input\":{\"@type\":\"PropertyValueSpecification\",\"valueRequired\":true,\"valueName\":\"search_term_string\"}}],\"inLanguage\":\"sk-SK\"},{\"@type\":\"Organization\",\"@id\":\"https:\/\/talkpal.ai\/sk\/#organization\",\"name\":\"Talkpal, Inc.\",\"alternateName\":\"Talkpal AI\",\"url\":\"https:\/\/talkpal.ai\/sk\/\",\"logo\":{\"@type\":\"ImageObject\",\"inLanguage\":\"sk-SK\",\"@id\":\"https:\/\/talkpal.ai\/sk\/#\/schema\/logo\/image\/\",\"url\":\"https:\/\/talkpal.ai\/wp-content\/uploads\/2024\/03\/Talkpal-Logo-Icon.png\",\"contentUrl\":\"https:\/\/talkpal.ai\/wp-content\/uploads\/2024\/03\/Talkpal-Logo-Icon.png\",\"width\":2880,\"height\":2880,\"caption\":\"Talkpal, Inc.\"},\"image\":{\"@id\":\"https:\/\/talkpal.ai\/sk\/#\/schema\/logo\/image\/\"},\"sameAs\":[\"https:\/\/www.facebook.com\/profile.php?id=100090733639311\",\"https:\/\/x.com\/talkpalai\",\"https:\/\/www.linkedin.com\/company\/talkpal\/\",\"https:\/\/www.youtube.com\/@TalkPal\/\",\"https:\/\/www.tiktok.com\/@talkpal\",\"https:\/\/www.instagram.com\/talkpal_ai\/\",\"https:\/\/www.crunchbase.com\/organization\/talkpal-9cde\",\"https:\/\/www.g2.com\/products\/talkpal-for-business\/\",\"https:\/\/www.trustpilot.com\/review\/talkpal.ai\",\"https:\/\/www.capterra.com\/p\/10006800\/TalkPal\/\"],\"description\":\"Talkpal is a language learning web and mobile education app, powered by the latest AI technologies, that provides engaging experiences to its customers in many different languages to help them improve their language skills. Users can chat about unlimited amount of topics with the app and use other modes to practice their language learning.\",\"email\":\"support@talkpal.ai\",\"legalName\":\"Talkpal, Inc.\",\"foundingDate\":\"2023-04-03\",\"duns\":\"118989042\",\"numberOfEmployees\":{\"@type\":\"QuantitativeValue\",\"minValue\":\"11\",\"maxValue\":\"50\"},\"publishingPrinciples\":\"https:\/\/talkpal.ai\/publishing-principles\/\",\"actionableFeedbackPolicy\":\"https:\/\/talkpal.ai\/actionable-feedback-policy\/\",\"correctionsPolicy\":\"https:\/\/talkpal.ai\/corrections-policy\/\",\"ethicsPolicy\":\"https:\/\/talkpal.ai\/ethics-policy\/\",\"diversityPolicy\":\"https:\/\/talkpal.ai\/diversity-policy\/\",\"diversityStaffingReport\":\"https:\/\/talkpal.ai\/diversity-policy\/\"}]}<\/script>\n<!-- \/ Yoast SEO Premium plugin. -->","yoast_head_json":{"title":"Bulharsk\u00e1 gramatika - Talkpal","description":"Presk\u00famajte z\u00e1klady bulharskej gramatiky pre lep\u0161ie porozumenie jazyku a komunika\u010dn\u00e9 zru\u010dnosti.","robots":{"index":"index","follow":"follow","max-snippet":"max-snippet:-1","max-image-preview":"max-image-preview:large","max-video-preview":"max-video-preview:-1"},"canonical":"https:\/\/talkpal.ai\/sk\/bulharska-gramatika\/","og_locale":"sk_SK","og_type":"article","og_title":"Bulharsk\u00e1 gramatika","og_description":"Kone\u010dn\u00fd sprievodca bulharskou gramatikou: navig\u00e1cia v zlo\u017eitosti bohat\u00e9ho jazyka Bulharsk\u00e1 gramatika, rovnako ako samotn\u00fd jazyk, je fascinuj\u00facou zmesou","og_url":"https:\/\/talkpal.ai\/sk\/bulharska-gramatika\/","og_site_name":"Talkpal","article_publisher":"https:\/\/www.facebook.com\/profile.php?id=100090733639311","article_modified_time":"2025-05-22T14:37:37+00:00","og_image":[{"width":512,"height":512,"url":"https:\/\/talkpal.ai\/wp-content\/uploads\/2023\/05\/bulgaria.png","type":"image\/png"}],"twitter_card":"summary_large_image","twitter_site":"@talkpalai","twitter_misc":{"Predpokladan\u00fd \u010das \u010d\u00edtania":"4 min\u00faty"},"schema":{"@context":"https:\/\/schema.org","@graph":[{"@type":"WebPage","@id":"https:\/\/talkpal.ai\/sk\/bulharska-gramatika\/","url":"https:\/\/talkpal.ai\/sk\/bulharska-gramatika\/","name":"Bulharsk\u00e1 gramatika - Talkpal","isPartOf":{"@id":"https:\/\/talkpal.ai\/sk\/#website"},"primaryImageOfPage":{"@id":"https:\/\/talkpal.ai\/sk\/bulharska-gramatika\/#primaryimage"},"image":{"@id":"https:\/\/talkpal.ai\/sk\/bulharska-gramatika\/#primaryimage"},"thumbnailUrl":"https:\/\/talkpal.ai\/wp-content\/uploads\/2023\/05\/bulgaria.png","datePublished":"2023-05-14T14:00:39+00:00","dateModified":"2025-05-22T14:37:37+00:00","description":"Presk\u00famajte z\u00e1klady bulharskej gramatiky pre lep\u0161ie porozumenie jazyku a komunika\u010dn\u00e9 zru\u010dnosti.","breadcrumb":{"@id":"https:\/\/talkpal.ai\/sk\/bulharska-gramatika\/#breadcrumb"},"inLanguage":"sk-SK","potentialAction":[{"@type":"ReadAction","target":["https:\/\/talkpal.ai\/sk\/bulharska-gramatika\/"]}]},{"@type":"ImageObject","inLanguage":"sk-SK","@id":"https:\/\/talkpal.ai\/sk\/bulharska-gramatika\/#primaryimage","url":"https:\/\/talkpal.ai\/wp-content\/uploads\/2023\/05\/bulgaria.png","contentUrl":"https:\/\/talkpal.ai\/wp-content\/uploads\/2023\/05\/bulgaria.png","width":512,"height":512},{"@type":"BreadcrumbList","@id":"https:\/\/talkpal.ai\/sk\/bulharska-gramatika\/#breadcrumb","itemListElement":[{"@type":"ListItem","position":1,"name":"Homepage","item":"https:\/\/talkpal.ai\/sk\/"},{"@type":"ListItem","position":2,"name":"Bulharsk\u00e1 gramatika"}]},{"@type":"WebSite","@id":"https:\/\/talkpal.ai\/sk\/#website","url":"https:\/\/talkpal.ai\/sk\/","name":"Talkpal","description":"AI Language Learning","publisher":{"@id":"https:\/\/talkpal.ai\/sk\/#organization"},"alternateName":"Talkpal AI","potentialAction":[{"@type":"SearchAction","target":{"@type":"EntryPoint","urlTemplate":"https:\/\/talkpal.ai\/sk\/?s={search_term_string}"},"query-input":{"@type":"PropertyValueSpecification","valueRequired":true,"valueName":"search_term_string"}}],"inLanguage":"sk-SK"},{"@type":"Organization","@id":"https:\/\/talkpal.ai\/sk\/#organization","name":"Talkpal, Inc.","alternateName":"Talkpal AI","url":"https:\/\/talkpal.ai\/sk\/","logo":{"@type":"ImageObject","inLanguage":"sk-SK","@id":"https:\/\/talkpal.ai\/sk\/#\/schema\/logo\/image\/","url":"https:\/\/talkpal.ai\/wp-content\/uploads\/2024\/03\/Talkpal-Logo-Icon.png","contentUrl":"https:\/\/talkpal.ai\/wp-content\/uploads\/2024\/03\/Talkpal-Logo-Icon.png","width":2880,"height":2880,"caption":"Talkpal, Inc."},"image":{"@id":"https:\/\/talkpal.ai\/sk\/#\/schema\/logo\/image\/"},"sameAs":["https:\/\/www.facebook.com\/profile.php?id=100090733639311","https:\/\/x.com\/talkpalai","https:\/\/www.linkedin.com\/company\/talkpal\/","https:\/\/www.youtube.com\/@TalkPal\/","https:\/\/www.tiktok.com\/@talkpal","https:\/\/www.instagram.com\/talkpal_ai\/","https:\/\/www.crunchbase.com\/organization\/talkpal-9cde","https:\/\/www.g2.com\/products\/talkpal-for-business\/","https:\/\/www.trustpilot.com\/review\/talkpal.ai","https:\/\/www.capterra.com\/p\/10006800\/TalkPal\/"],"description":"Talkpal is a language learning web and mobile education app, powered by the latest AI technologies, that provides engaging experiences to its customers in many different languages to help them improve their language skills. Users can chat about unlimited amount of topics with the app and use other modes to practice their language learning.","email":"support@talkpal.ai","legalName":"Talkpal, Inc.","foundingDate":"2023-04-03","duns":"118989042","numberOfEmployees":{"@type":"QuantitativeValue","minValue":"11","maxValue":"50"},"publishingPrinciples":"https:\/\/talkpal.ai\/publishing-principles\/","actionableFeedbackPolicy":"https:\/\/talkpal.ai\/actionable-feedback-policy\/","correctionsPolicy":"https:\/\/talkpal.ai\/corrections-policy\/","ethicsPolicy":"https:\/\/talkpal.ai\/ethics-policy\/","diversityPolicy":"https:\/\/talkpal.ai\/diversity-policy\/","diversityStaffingReport":"https:\/\/talkpal.ai\/diversity-policy\/"}]}},"_links":{"self":[{"href":"https:\/\/talkpal.ai\/sk\/wp-json\/wp\/v2\/pages\/141608","targetHints":{"allow":["GET"]}}],"collection":[{"href":"https:\/\/talkpal.ai\/sk\/wp-json\/wp\/v2\/pages"}],"about":[{"href":"https:\/\/talkpal.ai\/sk\/wp-json\/wp\/v2\/types\/page"}],"author":[{"embeddable":true,"href":"https:\/\/talkpal.ai\/sk\/wp-json\/wp\/v2\/users\/1"}],"replies":[{"embeddable":true,"href":"https:\/\/talkpal.ai\/sk\/wp-json\/wp\/v2\/comments?post=141608"}],"version-history":[{"count":0,"href":"https:\/\/talkpal.ai\/sk\/wp-json\/wp\/v2\/pages\/141608\/revisions"}],"wp:featuredmedia":[{"embeddable":true,"href":"https:\/\/talkpal.ai\/sk\/wp-json\/wp\/v2\/media\/111153"}],"wp:attachment":[{"href":"https:\/\/talkpal.ai\/sk\/wp-json\/wp\/v2\/media?parent=141608"}],"curies":[{"name":"wp","href":"https:\/\/api.w.org\/{rel}","templated":true}]}}