{"id":141278,"date":"2023-05-14T14:00:03","date_gmt":"2023-05-14T14:00:03","guid":{"rendered":"http:\/\/talkpal.ai\/bosnianska-gramatika\/"},"modified":"2025-05-22T14:40:22","modified_gmt":"2025-05-22T14:40:22","slug":"bosnianska-gramatika","status":"publish","type":"page","link":"https:\/\/talkpal.ai\/sk\/bosnianska-gramatika\/","title":{"rendered":"Bosnianska gramatika"},"content":{"rendered":"\r\n\r\n\r\n<section class=\"languageChallengeSection\">\r\n    <div class=\"languageInfoWrapper\">\r\n        \r\n        <h1>Bosnianska gramatika<\/h1>\r\n        <p>Odha\u013ete bohat\u00fd a v\u00fdrazn\u00fd svet bosnianskeho jazyka zvl\u00e1dnut\u00edm z\u00e1kladov jeho gramatiky. Dobr\u00e1 znalos\u0165 bosnianskej gramatiky v\u00e1m pom\u00f4\u017ee sebavedomo komunikova\u0165 a hlb\u0161ie spozna\u0165 kult\u00faru. Za\u010dnite sa u\u010di\u0165 bosniansku gramatiku e\u0161te dnes a urobte prv\u00fd krok k plynulosti!<\/p>\r\n\r\n                            <a class=\"getStartedHidden\" href=\"https:\/\/app.talkpal.ai\/sk\/signup?lng=\">Za\u010dni<\/a>\r\n        \r\n    <\/div>\r\n\r\n    <figure>\r\n    <img decoding=\"async\" width=\"768\" height=\"768\" src=\"https:\/\/talkpal.ai\/wp-content\/uploads\/2023\/06\/bosinian-768x768.png\" class=\"languageImage no-lazy\" alt=\"Language learning for increasing employability\" fetchpriority=\"high\" sizes=\"(max-width: 768px) 150px, 768px\" srcset=\"https:\/\/talkpal.ai\/wp-content\/uploads\/2023\/06\/bosinian-768x768.png 768w, https:\/\/talkpal.ai\/wp-content\/uploads\/2023\/06\/bosinian-300x300.png 300w\" \/>\r\n    \r\n\r\n    <\/figure>\r\n\r\n            <a class=\"getStartedVisible\" href=\"https:\/\/app.talkpal.ai\/sk\/signup?lng=\">Za\u010dni<\/a>\r\n    \r\n<\/section>\r\n<section class=\"promotionalBanner\">\r\n    <p class=\"promotionalText\">Najefekt\u00edvnej\u0161\u00ed sp\u00f4sob, ako sa nau\u010di\u0165 jazyk<\/p>\r\n    <a class=\"promotionalLink\" href=\"https:\/\/app.talkpal.ai\/sk\/signup?lng=\">Vysk\u00fa\u0161ajte Talkpal zadarmo<\/a>\r\n<\/section>\n<div class=\"wp-block-group pageContainerStyle\"><div class=\"wp-block-group__inner-container is-layout-constrained wp-block-group-is-layout-constrained\">\n<h2 class=\"wp-block-heading\" id=\"h-bosnian-grammar-a-guide-to-understanding-its-unique-features\">Bosnianska gramatika: Sprievodca pochopen\u00edm jej jedine\u010dn\u00fdch vlastnost\u00ed<\/h2>\n\n\n\n<p>U\u010d\u00edte sa bosniansky a l\u00e1mete si hlavu nad gramatikou tohto jazyka? Nebojte sa! V tomto \u010dl\u00e1nku sa ponor\u00edme do tajov bosnianskej gramatiky a pom\u00f4\u017eeme v\u00e1m pochopi\u0165 jej jedine\u010dn\u00e9 vlastnosti, a to v\u0161etko pri zachovan\u00ed jednoduchosti a p\u00fatavosti. Ste pripraven\u00ed vyda\u0165 sa na t\u00fato vzru\u0161uj\u00facu jazykov\u00fa cestu? Za\u010dnime!<\/p>\n\n\n\n<h3 class=\"wp-block-heading\" id=\"h-the-fundamentals-nouns-and-pronouns\">Z\u00e1klady: podstatn\u00e9 men\u00e1 a z\u00e1men\u00e1<\/h3>\n\n\n\n<p>Po prv\u00e9, je nevyhnutn\u00e9 vedie\u0165, \u017ee bosniansky jazyk, podobne ako in\u00e9 slovansk\u00e9 <a href=\"https:\/\/talkpal.ai\/what-language-is-spoken-on-the-international-space-station\/\">jazyky<\/a>, m\u00e1 tri gramatick\u00e9 rody: mu\u017esk\u00fd, \u017eensk\u00fd a stredn\u00fd. Ako zist\u00edte, do ktor\u00e9ho rodu podstatn\u00e9 meno patr\u00ed? To je jednoduch\u00e9! V\u0161etko je to o konci. Tu je stru\u010dn\u00fd n\u00e1vod:<\/p>\n\n\n\n<p><strong>&#8211; Podstatn\u00e9 men\u00e1 mu\u017esk\u00e9ho rodu sa zvy\u010dajne kon\u010dia na spoluhl\u00e1sku,<\/strong><\/p>\n\n\n\n<p><strong>&#8211; Podstatn\u00e9 men\u00e1 \u017eensk\u00e9ho rodu sa zvy\u010dajne kon\u010dia na -a,<\/strong><\/p>\n\n\n\n<p><strong>&#8211; Podstatn\u00e9 men\u00e1 stredn\u00e9ho rodu sa naj\u010dastej\u0161ie kon\u010dia na -o alebo -e.<\/strong><\/p>\n\n\n\n<p>Majte na pam\u00e4ti, \u017ee ide o v\u0161eobecn\u00e9 pravidl\u00e1 a m\u00f4\u017eu existova\u0165 v\u00fdnimky. Teraz sa porozpr\u00e1vajme o z\u00e1men\u00e1ch. <a href=\"https:\/\/talkpal.ai\/sk\/grammar\/pronomi-personali-v-talianskej-gramatike\/\">Osobn\u00e9 z\u00e1men\u00e1<\/a> v bosnianskom jazyku sa menia pod\u013ea rodu podstatn\u00e9ho mena, \u010d\u00edsla (jednotn\u00e9 alebo mno\u017en\u00e9 \u010d\u00edslo) a p\u00e1du (o p\u00e1doch sa zmienime nesk\u00f4r). V bosnian\u010dine existuje sedem osobn\u00fdch z\u00e1men: ja (I), ti (ty, jednotn\u00e9 \/ neform\u00e1lne \u010d\u00edslo), on (on), ona (ona), <a href=\"https:\/\/talkpal.ai\/locations\/language-courses-in-ono\/\">ono<\/a> (to), mi (my) a vi (ty, mno\u017en\u00e9 \u010d\u00edslo \/ form\u00e1l). Pam\u00e4tajte, \u017ee bosnian\u010dina m\u00e1 neform\u00e1lny aj form\u00e1lny sp\u00f4sob oslovovania \u013eud\u00ed &#8211; tak\u017ee sa uistite, \u017ee pou\u017e\u00edvate spr\u00e1vne z\u00e1meno, ke\u010f s niek\u00fdm hovor\u00edte!<\/p>\n\n\n\n<h3 class=\"wp-block-heading\" id=\"h-next-up-verb-conjugation\">\u010ealej: \u010casovanie slovies<\/h3>\n\n\n\n<p>Sloves\u00e1 s\u00fa chrbtovou kos\u0165ou ka\u017ed\u00e9ho jazyka a bosnian\u010dina nie je in\u00e1. Bosnianske sloves\u00e1 maj\u00fa dva hlavn\u00e9 \u010dasovacie vzory: jeden pre sloves\u00e1, ktor\u00e9 kon\u010dia na -ti (prv\u00e9 \u010dasovanie) a druh\u00fd pre sloves\u00e1 kon\u010diace na -\u0107i (druh\u00e9 \u010dasovanie). V oboch pr\u00edpadoch sa koncovky slovies menia v z\u00e1vislosti od rodu, \u010d\u00edsla a \u010dasu predmetu.<\/p>\n\n\n\n<p>Ke\u010f u\u017e hovor\u00edme o \u010dasoch, bosnian\u010dina m\u00e1 tri jednoduch\u00e9 \u010dasy: pr\u00edtomn\u00fd, minul\u00fd a bud\u00faci. Pr\u00edtomn\u00fd \u010das je tvoren\u00fd pridan\u00edm \u0161pecifick\u00fdch koncoviek k slovesn\u00e9mu kme\u0148u. Na druhej strane, minul\u00fd \u010das sa tvor\u00ed pomocou pomocn\u00e9ho slovesa &#8222;biti&#8220; (by\u0165) v infinit\u00edvnom tvare &#8222;bio&#8220; a minul\u00e9ho pr\u00ed\u010dastia. Bud\u00faci \u010das sa napokon vytvor\u00ed spojen\u00edm pomocn\u00e9ho slovesa &#8222;htjeti&#8220; (bude) a infinit\u00edvneho tvaru hlavn\u00e9ho slovesa.<\/p>\n\n\n\n<h3 class=\"wp-block-heading\" id=\"h-the-magic-of-cases\">K\u00fazlo pr\u00edpadov<\/h3>\n\n\n\n<p><a href=\"https:\/\/talkpal.ai\/bosnian-grammar\/\">Bosnianska gramatika<\/a> pou\u017e\u00edva pr\u00edpadov\u00fd syst\u00e9m, \u010do znamen\u00e1, \u017ee podstatn\u00e9 men\u00e1, z\u00e1men\u00e1, pr\u00eddavn\u00e9 men\u00e1 a niekedy dokonca sloves\u00e1 menia svoje tvary pod\u013ea svojej funkcie vo vete. V bosnian\u010dine je sedem pr\u00edpadov: nominat\u00edv, genit\u00edv, dat\u00edv, akuzat\u00edv, vokat\u00edv, in\u0161trument\u00e1lny a lokat\u00edv.<\/p>\n\n\n\n<p>Nenechajte sa t\u00fdmito pojmami zastra\u0161i\u0165! Je to len ot\u00e1zka praxe. Ka\u017ed\u00fd pr\u00edpad sl\u00fa\u017ei konkr\u00e9tnemu \u00fa\u010delu a odpoved\u00e1 na konkr\u00e9tne ot\u00e1zky:<\/p>\n\n\n\n<p><strong>1. Nominat\u00edv:<\/strong> Predmet vety. Kto alebo \u010do rob\u00ed akciu?<\/p>\n\n\n\n<p><strong>2. Genit\u00edv:<\/strong> Ozna\u010duje vlastn\u00edctvo, p\u00f4vod alebo \u010das\u0165 nie\u010doho. Koho alebo z \u010doho?<\/p>\n\n\n\n<p><strong>3. Dat\u00edv:<\/strong> Nepriamy objekt &#8211; komu alebo komu je nie\u010do dan\u00e9 alebo uroben\u00e9?<\/p>\n\n\n\n<p><strong>4. Akuzat\u00edv:<\/strong> Priamy predmet \u2013 kto alebo \u010do prij\u00edma \u017ealobu?<\/p>\n\n\n\n<p><strong>5. Vokat\u00edv:<\/strong> Pou\u017e\u00edva sa na priame oslovenie niekoho alebo nie\u010doho &#8211; Hej, ty!<\/p>\n\n\n\n<p><strong>6. In\u0161trument\u00e1lny:<\/strong> Predstavuje prostriedok alebo met\u00f3du akcie &#8211; s \u010d\u00edm alebo k\u00fdm?<\/p>\n\n\n\n<p><strong>7. Lokaliz\u00e1cia:<\/strong> Demon\u0161truje umiestnenie alebo polohu nie\u010doho &#8211; kde alebo v \u010dom?<\/p>\n\n\n\n<h3 class=\"wp-block-heading\" id=\"h-loving-the-adjectives\">Milovanie pr\u00eddavn\u00fdch mien<\/h3>\n\n\n\n<p>Pr\u00eddavn\u00e9 men\u00e1 v bosnian\u010dine s\u00fahlasia s podstatn\u00fdm menom, ktor\u00e9 modifikuj\u00fa z h\u013eadiska pohlavia, \u010d\u00edsla a p\u00e1du. To znamen\u00e1, \u017ee pr\u00eddavn\u00e9 men\u00e1, rovnako ako podstatn\u00e9 men\u00e1 a z\u00e1men\u00e1, maj\u00fa r\u00f4zne tvary v z\u00e1vislosti od podstatn\u00e9ho mena, ktor\u00e9 opisuj\u00fa.<\/p>\n\n\n\n<p>Ak chcete napr\u00edklad poveda\u0165 &#8222;ve\u013ek\u00fd dom&#8220; v bosnian\u010dine (\u010do je podstatn\u00e9 meno \u017eensk\u00e9ho rodu), povedali by ste &#8222;velika ku\u0107a&#8220;. Ak v\u0161ak hovor\u00edte o &#8222;ve\u013ekom aute&#8220; (podstatn\u00e9 meno mu\u017esk\u00e9ho rodu), povedali by ste &#8222;veliki auto&#8220;.<\/p>\n\n\n\n<h3 class=\"wp-block-heading\" id=\"h-final-thoughts\">Z\u00e1vere\u010dn\u00e9 my\u0161lienky<\/h3>\n\n\n\n<p>Bosnianska <a href=\"https:\/\/talkpal.ai\/sq\/gramatika\/\">gramatika<\/a> so svoj\u00edm rodom, p\u00e1dmi a \u010dasovan\u00edm slovies sa m\u00f4\u017ee spo\u010diatku zda\u0165 zlo\u017eit\u00e1, ale pam\u00e4tajte: prax rob\u00ed majstra! Ide o pochopenie syst\u00e9mu a jeho pou\u017e\u00edvanie v re\u00e1lnych situ\u00e1ci\u00e1ch. Bu\u010fte trpezliv\u00ed, tr\u00e9nujte a \u010doskoro zist\u00edte, \u017ee ovl\u00e1date kr\u00e1sny jazyk Bosny. Sretno! (Ve\u013ea \u0161\u0165astia!)<\/p>\n<\/div><\/div>\n\r\n<section class=\"learnNavigationSection\">\r\n            \r\n        <a href=\"https:\/\/talkpal.ai\/sk\/naucte-sa-bosniansky\/\">\r\n            <div class=\"learnNavigationWrapper\">\r\n                <div class=\"learnNavigationContent\">\r\n                    <img decoding=\"async\" src=\"https:\/\/talkpal.ai\/wp-content\/uploads\/2024\/08\/Bosnian.jpg\" alt=\"Bosnian Flag\">\r\n                    <div>\r\n                        <h4>O bosnianskom vzdel\u00e1van\u00ed<\/h4>\r\n                        <p>Zistite v\u0161etko o bosnianskej gramatike.<\/p>\r\n                    <\/div>\r\n                <\/div>\r\n            <\/div>\r\n        <\/a>\r\n\r\n        \r\n        <a href=\"https:\/\/talkpal.ai\/sk\/bosnianske-gramaticke-cvicenia\/\">\r\n            <div class=\"learnNavigationWrapper\">\r\n                <div class=\"learnNavigationContent\">\r\n                    <img decoding=\"async\" src=\"https:\/\/talkpal.ai\/wp-content\/uploads\/2024\/08\/Bosnian.jpg\" alt=\"Bosnian Flag\">\r\n                    <div>\r\n                        <h4>Cvi\u010denie z bosnianskej gramatiky<\/h4>\r\n                        <p>Precvi\u010dte si bosniansku gramatiku.<\/p>\r\n                    <\/div>\r\n                <\/div>\r\n            <\/div>\r\n        <\/a>\r\n\r\n        \r\n        <a href=\"https:\/\/talkpal.ai\/vocabulary_language\/bosnian\/\">\r\n            <div class=\"learnNavigationWrapper\">\r\n                <div class=\"learnNavigationContent\">\r\n                    <img decoding=\"async\" src=\"https:\/\/talkpal.ai\/wp-content\/uploads\/2024\/08\/Bosnian.jpg\" alt=\"Bosnian Flag\">\r\n                    <div>\r\n                        <h4>Bosniansky slovn\u00edk<\/h4>\r\n                        <p>Roz\u0161\u00edrte si slovn\u00fa z\u00e1sobu bosnian\u010diny.<\/p>\r\n                    <\/div>\r\n                <\/div>\r\n            <\/div>\r\n        <\/a>\r\n\r\n            <\/section>","protected":false},"excerpt":{"rendered":"<p>Bosnianska gramatika: Sprievodca pochopen\u00edm jej jedine\u010dn\u00fdch vlastnost\u00ed U\u010d\u00edte sa bosniansky a l\u00e1mete si hlavu nad gramatikou tohto jazyka? Nebojte sa! V tomto \u010dl\u00e1nku sa ponor\u00edme do tajov bosnianskej gramatiky a pom\u00f4\u017eeme v\u00e1m pochopi\u0165 jej jedine\u010dn\u00e9 vlastnosti, a to v\u0161etko pri zachovan\u00ed jednoduchosti a p\u00fatavosti. Ste pripraven\u00ed vyda\u0165 sa na t\u00fato vzru\u0161uj\u00facu jazykov\u00fa cestu? Za\u010dnime! Z\u00e1klady: [&hellip;]<\/p>\n","protected":false},"author":1,"featured_media":111355,"parent":0,"menu_order":0,"comment_status":"closed","ping_status":"closed","template":"LearningContentPage.php","meta":{"_acf_changed":false,"footnotes":""},"class_list":["post-141278","page","type-page","status-publish","has-post-thumbnail","hentry"],"acf":[],"yoast_head":"<!-- This site is optimized with the Yoast SEO Premium plugin v27.2 (Yoast SEO v27.2) - https:\/\/yoast.com\/product\/yoast-seo-premium-wordpress\/ -->\n<title>Bosnianska gramatika - Talkpal<\/title>\n<meta name=\"description\" content=\"Ovl\u00e1dajte bosniansku gramatiku bez n\u00e1mahy pomocou Talkpal, v\u00e1\u0161 jazykov\u00fd t\u00fator poh\u00e1\u0148an\u00fd umelou inteligenciou. Objavte jednoduch\u00e9 vysvetlenia, praktick\u00e9 tipy a interakt\u00edvne cvi\u010denia!\" \/>\n<meta name=\"robots\" content=\"index, follow, max-snippet:-1, max-image-preview:large, max-video-preview:-1\" \/>\n<link rel=\"canonical\" href=\"https:\/\/talkpal.ai\/sk\/bosnianska-gramatika\/\" \/>\n<meta property=\"og:locale\" content=\"sk_SK\" \/>\n<meta property=\"og:type\" content=\"article\" \/>\n<meta property=\"og:title\" content=\"Bosnianska gramatika\" \/>\n<meta property=\"og:description\" content=\"Bosnianska gramatika: Sprievodca pochopen\u00edm jej jedine\u010dn\u00fdch vlastnost\u00ed U\u010d\u00edte sa bosniansky a l\u00e1mete si hlavu nad gramatikou tohto jazyka? Nebojte sa! V\" \/>\n<meta property=\"og:url\" content=\"https:\/\/talkpal.ai\/sk\/bosnianska-gramatika\/\" \/>\n<meta property=\"og:site_name\" content=\"Talkpal\" \/>\n<meta property=\"article:publisher\" content=\"https:\/\/www.facebook.com\/profile.php?id=100090733639311\" \/>\n<meta property=\"article:modified_time\" content=\"2025-05-22T14:40:22+00:00\" \/>\n<meta property=\"og:image\" content=\"https:\/\/talkpal.ai\/wp-content\/uploads\/2023\/05\/bosnia-and-herzegovina.png\" \/>\n\t<meta property=\"og:image:width\" content=\"512\" \/>\n\t<meta property=\"og:image:height\" content=\"512\" \/>\n\t<meta property=\"og:image:type\" content=\"image\/png\" \/>\n<meta name=\"twitter:card\" content=\"summary_large_image\" \/>\n<meta name=\"twitter:site\" content=\"@talkpalai\" \/>\n<meta name=\"twitter:label1\" content=\"Predpokladan\u00fd \u010das \u010d\u00edtania\" \/>\n\t<meta name=\"twitter:data1\" content=\"4 min\u00faty\" \/>\n<script type=\"application\/ld+json\" class=\"yoast-schema-graph\">{\"@context\":\"https:\/\/schema.org\",\"@graph\":[{\"@type\":\"WebPage\",\"@id\":\"https:\/\/talkpal.ai\/sk\/bosnianska-gramatika\/\",\"url\":\"https:\/\/talkpal.ai\/sk\/bosnianska-gramatika\/\",\"name\":\"Bosnianska gramatika - Talkpal\",\"isPartOf\":{\"@id\":\"https:\/\/talkpal.ai\/sk\/#website\"},\"primaryImageOfPage\":{\"@id\":\"https:\/\/talkpal.ai\/sk\/bosnianska-gramatika\/#primaryimage\"},\"image\":{\"@id\":\"https:\/\/talkpal.ai\/sk\/bosnianska-gramatika\/#primaryimage\"},\"thumbnailUrl\":\"https:\/\/talkpal.ai\/wp-content\/uploads\/2023\/05\/bosnia-and-herzegovina.png\",\"datePublished\":\"2023-05-14T14:00:03+00:00\",\"dateModified\":\"2025-05-22T14:40:22+00:00\",\"description\":\"Ovl\u00e1dajte bosniansku gramatiku bez n\u00e1mahy pomocou Talkpal, v\u00e1\u0161 jazykov\u00fd t\u00fator poh\u00e1\u0148an\u00fd umelou inteligenciou. Objavte jednoduch\u00e9 vysvetlenia, praktick\u00e9 tipy a interakt\u00edvne cvi\u010denia!\",\"breadcrumb\":{\"@id\":\"https:\/\/talkpal.ai\/sk\/bosnianska-gramatika\/#breadcrumb\"},\"inLanguage\":\"sk-SK\",\"potentialAction\":[{\"@type\":\"ReadAction\",\"target\":[\"https:\/\/talkpal.ai\/sk\/bosnianska-gramatika\/\"]}]},{\"@type\":\"ImageObject\",\"inLanguage\":\"sk-SK\",\"@id\":\"https:\/\/talkpal.ai\/sk\/bosnianska-gramatika\/#primaryimage\",\"url\":\"https:\/\/talkpal.ai\/wp-content\/uploads\/2023\/05\/bosnia-and-herzegovina.png\",\"contentUrl\":\"https:\/\/talkpal.ai\/wp-content\/uploads\/2023\/05\/bosnia-and-herzegovina.png\",\"width\":512,\"height\":512},{\"@type\":\"BreadcrumbList\",\"@id\":\"https:\/\/talkpal.ai\/sk\/bosnianska-gramatika\/#breadcrumb\",\"itemListElement\":[{\"@type\":\"ListItem\",\"position\":1,\"name\":\"Homepage\",\"item\":\"https:\/\/talkpal.ai\/sk\/\"},{\"@type\":\"ListItem\",\"position\":2,\"name\":\"Bosnianska gramatika\"}]},{\"@type\":\"WebSite\",\"@id\":\"https:\/\/talkpal.ai\/sk\/#website\",\"url\":\"https:\/\/talkpal.ai\/sk\/\",\"name\":\"Talkpal\",\"description\":\"AI Language Learning\",\"publisher\":{\"@id\":\"https:\/\/talkpal.ai\/sk\/#organization\"},\"alternateName\":\"Talkpal AI\",\"potentialAction\":[{\"@type\":\"SearchAction\",\"target\":{\"@type\":\"EntryPoint\",\"urlTemplate\":\"https:\/\/talkpal.ai\/sk\/?s={search_term_string}\"},\"query-input\":{\"@type\":\"PropertyValueSpecification\",\"valueRequired\":true,\"valueName\":\"search_term_string\"}}],\"inLanguage\":\"sk-SK\"},{\"@type\":\"Organization\",\"@id\":\"https:\/\/talkpal.ai\/sk\/#organization\",\"name\":\"Talkpal, Inc.\",\"alternateName\":\"Talkpal AI\",\"url\":\"https:\/\/talkpal.ai\/sk\/\",\"logo\":{\"@type\":\"ImageObject\",\"inLanguage\":\"sk-SK\",\"@id\":\"https:\/\/talkpal.ai\/sk\/#\/schema\/logo\/image\/\",\"url\":\"https:\/\/talkpal.ai\/wp-content\/uploads\/2024\/03\/Talkpal-Logo-Icon.png\",\"contentUrl\":\"https:\/\/talkpal.ai\/wp-content\/uploads\/2024\/03\/Talkpal-Logo-Icon.png\",\"width\":2880,\"height\":2880,\"caption\":\"Talkpal, Inc.\"},\"image\":{\"@id\":\"https:\/\/talkpal.ai\/sk\/#\/schema\/logo\/image\/\"},\"sameAs\":[\"https:\/\/www.facebook.com\/profile.php?id=100090733639311\",\"https:\/\/x.com\/talkpalai\",\"https:\/\/www.linkedin.com\/company\/talkpal\/\",\"https:\/\/www.youtube.com\/@TalkPal\/\",\"https:\/\/www.tiktok.com\/@talkpal\",\"https:\/\/www.instagram.com\/talkpal_ai\/\",\"https:\/\/www.crunchbase.com\/organization\/talkpal-9cde\",\"https:\/\/www.g2.com\/products\/talkpal-for-business\/\",\"https:\/\/www.trustpilot.com\/review\/talkpal.ai\",\"https:\/\/www.capterra.com\/p\/10006800\/TalkPal\/\"],\"description\":\"Talkpal is a language learning web and mobile education app, powered by the latest AI technologies, that provides engaging experiences to its customers in many different languages to help them improve their language skills. Users can chat about unlimited amount of topics with the app and use other modes to practice their language learning.\",\"email\":\"support@talkpal.ai\",\"legalName\":\"Talkpal, Inc.\",\"foundingDate\":\"2023-04-03\",\"duns\":\"118989042\",\"numberOfEmployees\":{\"@type\":\"QuantitativeValue\",\"minValue\":\"11\",\"maxValue\":\"50\"},\"publishingPrinciples\":\"https:\/\/talkpal.ai\/publishing-principles\/\",\"actionableFeedbackPolicy\":\"https:\/\/talkpal.ai\/actionable-feedback-policy\/\",\"correctionsPolicy\":\"https:\/\/talkpal.ai\/corrections-policy\/\",\"ethicsPolicy\":\"https:\/\/talkpal.ai\/ethics-policy\/\",\"diversityPolicy\":\"https:\/\/talkpal.ai\/diversity-policy\/\",\"diversityStaffingReport\":\"https:\/\/talkpal.ai\/diversity-policy\/\"}]}<\/script>\n<!-- \/ Yoast SEO Premium plugin. -->","yoast_head_json":{"title":"Bosnianska gramatika - Talkpal","description":"Ovl\u00e1dajte bosniansku gramatiku bez n\u00e1mahy pomocou Talkpal, v\u00e1\u0161 jazykov\u00fd t\u00fator poh\u00e1\u0148an\u00fd umelou inteligenciou. Objavte jednoduch\u00e9 vysvetlenia, praktick\u00e9 tipy a interakt\u00edvne cvi\u010denia!","robots":{"index":"index","follow":"follow","max-snippet":"max-snippet:-1","max-image-preview":"max-image-preview:large","max-video-preview":"max-video-preview:-1"},"canonical":"https:\/\/talkpal.ai\/sk\/bosnianska-gramatika\/","og_locale":"sk_SK","og_type":"article","og_title":"Bosnianska gramatika","og_description":"Bosnianska gramatika: Sprievodca pochopen\u00edm jej jedine\u010dn\u00fdch vlastnost\u00ed U\u010d\u00edte sa bosniansky a l\u00e1mete si hlavu nad gramatikou tohto jazyka? Nebojte sa! V","og_url":"https:\/\/talkpal.ai\/sk\/bosnianska-gramatika\/","og_site_name":"Talkpal","article_publisher":"https:\/\/www.facebook.com\/profile.php?id=100090733639311","article_modified_time":"2025-05-22T14:40:22+00:00","og_image":[{"width":512,"height":512,"url":"https:\/\/talkpal.ai\/wp-content\/uploads\/2023\/05\/bosnia-and-herzegovina.png","type":"image\/png"}],"twitter_card":"summary_large_image","twitter_site":"@talkpalai","twitter_misc":{"Predpokladan\u00fd \u010das \u010d\u00edtania":"4 min\u00faty"},"schema":{"@context":"https:\/\/schema.org","@graph":[{"@type":"WebPage","@id":"https:\/\/talkpal.ai\/sk\/bosnianska-gramatika\/","url":"https:\/\/talkpal.ai\/sk\/bosnianska-gramatika\/","name":"Bosnianska gramatika - Talkpal","isPartOf":{"@id":"https:\/\/talkpal.ai\/sk\/#website"},"primaryImageOfPage":{"@id":"https:\/\/talkpal.ai\/sk\/bosnianska-gramatika\/#primaryimage"},"image":{"@id":"https:\/\/talkpal.ai\/sk\/bosnianska-gramatika\/#primaryimage"},"thumbnailUrl":"https:\/\/talkpal.ai\/wp-content\/uploads\/2023\/05\/bosnia-and-herzegovina.png","datePublished":"2023-05-14T14:00:03+00:00","dateModified":"2025-05-22T14:40:22+00:00","description":"Ovl\u00e1dajte bosniansku gramatiku bez n\u00e1mahy pomocou Talkpal, v\u00e1\u0161 jazykov\u00fd t\u00fator poh\u00e1\u0148an\u00fd umelou inteligenciou. Objavte jednoduch\u00e9 vysvetlenia, praktick\u00e9 tipy a interakt\u00edvne cvi\u010denia!","breadcrumb":{"@id":"https:\/\/talkpal.ai\/sk\/bosnianska-gramatika\/#breadcrumb"},"inLanguage":"sk-SK","potentialAction":[{"@type":"ReadAction","target":["https:\/\/talkpal.ai\/sk\/bosnianska-gramatika\/"]}]},{"@type":"ImageObject","inLanguage":"sk-SK","@id":"https:\/\/talkpal.ai\/sk\/bosnianska-gramatika\/#primaryimage","url":"https:\/\/talkpal.ai\/wp-content\/uploads\/2023\/05\/bosnia-and-herzegovina.png","contentUrl":"https:\/\/talkpal.ai\/wp-content\/uploads\/2023\/05\/bosnia-and-herzegovina.png","width":512,"height":512},{"@type":"BreadcrumbList","@id":"https:\/\/talkpal.ai\/sk\/bosnianska-gramatika\/#breadcrumb","itemListElement":[{"@type":"ListItem","position":1,"name":"Homepage","item":"https:\/\/talkpal.ai\/sk\/"},{"@type":"ListItem","position":2,"name":"Bosnianska gramatika"}]},{"@type":"WebSite","@id":"https:\/\/talkpal.ai\/sk\/#website","url":"https:\/\/talkpal.ai\/sk\/","name":"Talkpal","description":"AI Language Learning","publisher":{"@id":"https:\/\/talkpal.ai\/sk\/#organization"},"alternateName":"Talkpal AI","potentialAction":[{"@type":"SearchAction","target":{"@type":"EntryPoint","urlTemplate":"https:\/\/talkpal.ai\/sk\/?s={search_term_string}"},"query-input":{"@type":"PropertyValueSpecification","valueRequired":true,"valueName":"search_term_string"}}],"inLanguage":"sk-SK"},{"@type":"Organization","@id":"https:\/\/talkpal.ai\/sk\/#organization","name":"Talkpal, Inc.","alternateName":"Talkpal AI","url":"https:\/\/talkpal.ai\/sk\/","logo":{"@type":"ImageObject","inLanguage":"sk-SK","@id":"https:\/\/talkpal.ai\/sk\/#\/schema\/logo\/image\/","url":"https:\/\/talkpal.ai\/wp-content\/uploads\/2024\/03\/Talkpal-Logo-Icon.png","contentUrl":"https:\/\/talkpal.ai\/wp-content\/uploads\/2024\/03\/Talkpal-Logo-Icon.png","width":2880,"height":2880,"caption":"Talkpal, Inc."},"image":{"@id":"https:\/\/talkpal.ai\/sk\/#\/schema\/logo\/image\/"},"sameAs":["https:\/\/www.facebook.com\/profile.php?id=100090733639311","https:\/\/x.com\/talkpalai","https:\/\/www.linkedin.com\/company\/talkpal\/","https:\/\/www.youtube.com\/@TalkPal\/","https:\/\/www.tiktok.com\/@talkpal","https:\/\/www.instagram.com\/talkpal_ai\/","https:\/\/www.crunchbase.com\/organization\/talkpal-9cde","https:\/\/www.g2.com\/products\/talkpal-for-business\/","https:\/\/www.trustpilot.com\/review\/talkpal.ai","https:\/\/www.capterra.com\/p\/10006800\/TalkPal\/"],"description":"Talkpal is a language learning web and mobile education app, powered by the latest AI technologies, that provides engaging experiences to its customers in many different languages to help them improve their language skills. Users can chat about unlimited amount of topics with the app and use other modes to practice their language learning.","email":"support@talkpal.ai","legalName":"Talkpal, Inc.","foundingDate":"2023-04-03","duns":"118989042","numberOfEmployees":{"@type":"QuantitativeValue","minValue":"11","maxValue":"50"},"publishingPrinciples":"https:\/\/talkpal.ai\/publishing-principles\/","actionableFeedbackPolicy":"https:\/\/talkpal.ai\/actionable-feedback-policy\/","correctionsPolicy":"https:\/\/talkpal.ai\/corrections-policy\/","ethicsPolicy":"https:\/\/talkpal.ai\/ethics-policy\/","diversityPolicy":"https:\/\/talkpal.ai\/diversity-policy\/","diversityStaffingReport":"https:\/\/talkpal.ai\/diversity-policy\/"}]}},"_links":{"self":[{"href":"https:\/\/talkpal.ai\/sk\/wp-json\/wp\/v2\/pages\/141278","targetHints":{"allow":["GET"]}}],"collection":[{"href":"https:\/\/talkpal.ai\/sk\/wp-json\/wp\/v2\/pages"}],"about":[{"href":"https:\/\/talkpal.ai\/sk\/wp-json\/wp\/v2\/types\/page"}],"author":[{"embeddable":true,"href":"https:\/\/talkpal.ai\/sk\/wp-json\/wp\/v2\/users\/1"}],"replies":[{"embeddable":true,"href":"https:\/\/talkpal.ai\/sk\/wp-json\/wp\/v2\/comments?post=141278"}],"version-history":[{"count":0,"href":"https:\/\/talkpal.ai\/sk\/wp-json\/wp\/v2\/pages\/141278\/revisions"}],"wp:featuredmedia":[{"embeddable":true,"href":"https:\/\/talkpal.ai\/sk\/wp-json\/wp\/v2\/media\/111355"}],"wp:attachment":[{"href":"https:\/\/talkpal.ai\/sk\/wp-json\/wp\/v2\/media?parent=141278"}],"curies":[{"name":"wp","href":"https:\/\/api.w.org\/{rel}","templated":true}]}}