{"id":140999,"date":"2023-05-14T13:59:42","date_gmt":"2023-05-14T13:59:42","guid":{"rendered":"http:\/\/talkpal.ai\/bieloruska-gramatika\/"},"modified":"2025-05-22T13:48:43","modified_gmt":"2025-05-22T13:48:43","slug":"bieloruska-gramatika","status":"publish","type":"page","link":"https:\/\/talkpal.ai\/sk\/bieloruska-gramatika\/","title":{"rendered":"Bielorusk\u00e1 gramatika"},"content":{"rendered":"\r\n\r\n\r\n<section class=\"languageChallengeSection\">\r\n    <div class=\"languageInfoWrapper\">\r\n        \r\n        <h1>Bielorusk\u00e1 gramatika<\/h1>\r\n        <p>Objavte kr\u00e1su a bohatstvo bieloru\u0161tiny t\u00fdm, \u017ee sa nau\u010d\u00edte jej z\u00e1kladn\u00e9 gramatick\u00e9 pravidl\u00e1. Dobr\u00e9 znalosti bieloruskej gramatiky v\u00e1m pom\u00f4\u017eu komunikova\u0165 s istotou a nadviaza\u0165 kontakt s bieloruskou kult\u00farou. Ponorte sa a za\u010dnite svoju cestu k zvl\u00e1dnutiu bieloru\u0161tiny e\u0161te dnes!<\/p>\r\n\r\n                            <a class=\"getStartedHidden\" href=\"https:\/\/app.talkpal.ai\/sk\/signup?lng=\">Za\u010dni<\/a>\r\n        \r\n    <\/div>\r\n\r\n    <figure>\r\n    <img decoding=\"async\" width=\"768\" height=\"768\" src=\"https:\/\/talkpal.ai\/wp-content\/uploads\/2023\/06\/belarusian-768x768.png\" class=\"languageImage no-lazy\" alt=\"Language learning for academic excellence\" fetchpriority=\"high\" sizes=\"(max-width: 768px) 150px, 768px\" srcset=\"https:\/\/talkpal.ai\/wp-content\/uploads\/2023\/06\/belarusian-768x768.png 768w, https:\/\/talkpal.ai\/wp-content\/uploads\/2023\/06\/belarusian-300x300.png 300w\" \/>\r\n    \r\n\r\n    <\/figure>\r\n\r\n            <a class=\"getStartedVisible\" href=\"https:\/\/app.talkpal.ai\/sk\/signup?lng=\">Za\u010dni<\/a>\r\n    \r\n<\/section>\r\n<section class=\"promotionalBanner\">\r\n    <p class=\"promotionalText\">Najefekt\u00edvnej\u0161\u00ed sp\u00f4sob, ako sa nau\u010di\u0165 jazyk<\/p>\r\n    <a class=\"promotionalLink\" href=\"https:\/\/app.talkpal.ai\/sk\/signup?lng=\">Vysk\u00fa\u0161ajte Talkpal zadarmo<\/a>\r\n<\/section>\n<div class=\"wp-block-group pageContainerStyle\"><div class=\"wp-block-group__inner-container is-layout-constrained wp-block-group-is-layout-constrained\">\n<h2 class=\"wp-block-heading\" id=\"h-belarusian-grammar-a-closer-look-at-the-slavic-language-s-intricacies\">Bielorusk\u00e1 gramatika: bli\u017e\u0161\u00ed poh\u013ead na zlo\u017eitosti slovansk\u00e9ho jazyka<\/h2>\n\n\n\n<p>Ste cti\u017eiadostiv\u00fd polyglot s fascin\u00e1ciou slovansk\u00fdmi jazykmi? Alebo ste len zvedav\u00ed na gramatick\u00e9 \u00faskalia jazykov z tohto zauj\u00edmav\u00e9ho regi\u00f3nu? Ak \u00e1no, prip\u00fatajte sa! V tomto \u010dl\u00e1nku presk\u00famame n\u00e1dhern\u00fd svet bieloruskej gramatiky, menej zn\u00e1meho, ale fascinuj\u00faceho \u010dlena slovanskej jazykovej rodiny.<\/p>\n\n\n\n<p>Po\u010fme sa do toho ponori\u0165, dobre?<\/p>\n\n\n\n<h3 class=\"wp-block-heading\" id=\"h-first-things-first-what-is-belarusian\">Najprv to najd\u00f4le\u017eitej\u0161ie: \u010co je bieloru\u0161tina?<\/h3>\n\n\n\n<p>Bieloru\u0161tina je \u00faradn\u00fdm jazykom Bieloruska, vn\u00fatrozemskej krajiny nach\u00e1dzaj\u00facej sa vo v\u00fdchodnej Eur\u00f3pe medzi Ruskom, Ukrajinou, Po\u013eskom, Litvou a Loty\u0161skom. S pribli\u017ene 7,9 mili\u00f3nmi re\u010dn\u00edkov m\u00e1 bieloru\u0161tina roztomil\u00e9 \u010daro pre lingvistov aj jazykov\u00fdch nad\u0161encov. Ako slovansk\u00fd jazyk m\u00e1 bieloru\u0161tina ve\u013ea podobnost\u00ed s ru\u0161tinou, ukrajin\u010dinou a po\u013e\u0161tinou; Zah\u0155\u0148a v\u0161ak aj svoje vlastn\u00e9 jedine\u010dn\u00e9 vlastnosti, ktor\u00e9 ho odli\u0161uj\u00fa od jeho s\u00farodencov.<\/p>\n\n\n\n<h3 class=\"wp-block-heading\" id=\"h-the-building-blocks-nouns-pronouns-and-cases\">Stavebn\u00e9 kamene: podstatn\u00e9 men\u00e1, z\u00e1men\u00e1 a p\u00e1dy<\/h3>\n\n\n\n<p>Rovnako ako in\u00e9 slovansk\u00e9 <a href=\"https:\/\/talkpal.ai\/what-language-is-spoken-on-the-international-space-station\/\">jazyky<\/a>, <a href=\"https:\/\/talkpal.ai\/belarusian-grammar\/\">bielorusk\u00e1 gramatika<\/a> sa to\u010d\u00ed okolo sklo\u0148ovania slov. To znamen\u00e1, \u017ee konce slov sa menia pod\u013ea ich gramatickej funkcie vo vete. Najviac sa to prejavuje pri podstatn\u00fdch men\u00e1ch, z\u00e1men\u00e1ch a pr\u00eddavn\u00fdch men\u00e1ch, ke\u010f sa pou\u017e\u00edvaj\u00fa v r\u00f4znych p\u00e1doch. Bieloru\u0161tina m\u00e1 \u0161es\u0165 pr\u00edpadov, ktor\u00e9 s\u00fa nasledovn\u00e9:<\/p>\n\n\n\n<p><strong>1. Nominat\u00edv &#8211; ozna\u010duje predmet vety<\/strong><\/p>\n\n\n\n<p><strong>2. Genit\u00edv &#8211; vyjadruje vlastn\u00edctvo alebo predmet neg\u00e1cie<\/strong><\/p>\n\n\n\n<p><strong>3. Dat\u00edv &#8211; ozna\u010duje nepriamy predmet vety<\/strong><\/p>\n\n\n\n<p><strong>4. Akuzat\u00edv &#8211; ozna\u010duje priamy predmet vety<\/strong><\/p>\n\n\n\n<p><strong>5. In\u0161trument\u00e1l &#8211; vyjadruje prostriedok alebo sp\u00f4sob, ktor\u00fdm sa vykon\u00e1va \u010dinnos\u0165<\/strong><\/p>\n\n\n\n<p><strong>6. Predlo\u017ekov\u00fd alebo lok\u00e1lov\u00fd &#8211; ur\u010duje miesto alebo predmet predlo\u017eky<\/strong><\/p>\n\n\n\n<p>Okrem pr\u00edpadov maj\u00fa bielorusk\u00e9 podstatn\u00e9 men\u00e1 aj tri rody (mu\u017esk\u00fd, \u017eensk\u00fd a kastrovan\u00fd) a dve \u010d\u00edsla (jednotn\u00e9 a mno\u017en\u00e9 \u010d\u00edslo). Ka\u017ed\u00e1 kombin\u00e1cia pohlavia a \u010d\u00edsla m\u00e1 v ka\u017edom pr\u00edpade \u0161pecifick\u00e9 koncovky, tak\u017ee je d\u00f4le\u017eit\u00e9 si ich zapam\u00e4ta\u0165, aby bolo mo\u017en\u00e9 zostavi\u0165 gramaticky spr\u00e1vne vety.<\/p>\n\n\n\n<h3 class=\"wp-block-heading\" id=\"h-let-s-talk-verbs-tenses-aspects-and-moods\">Hovorme o sloves\u00e1ch: \u010casy, aspekty a n\u00e1lady<\/h3>\n\n\n\n<p>Bielorusk\u00e9 sloves\u00e1 s\u00fa \u00fa\u017easne zlo\u017eit\u00e9, pln\u00e9 nuansy a zlo\u017eitosti. Maj\u00fa tri \u010dasy (minul\u00fd, pr\u00edtomn\u00fd a bud\u00faci), dva aspekty (dokonal\u00fd a nedokonal\u00fd), ako aj tri n\u00e1lady (indikat\u00edvne, imperat\u00edvne a podmienen\u00e9). \u010co odli\u0161uje bielorusk\u00e9 sloves\u00e1 od in\u00fdch slovansk\u00fdch jazykov, je ich rozsiahle vyu\u017e\u00edvanie aspektu.<\/p>\n\n\n\n<p>Aspekt sa vz\u0165ahuje na to, \u010di sa akcia pova\u017euje za dokon\u010den\u00fa (dokonal\u00fa) alebo prebiehaj\u00facu (nedokonal\u00fa). Mnoh\u00e9 sloves\u00e1 prich\u00e1dzaj\u00fa v p\u00e1roch, ktor\u00e9 ozna\u010duj\u00fa r\u00f4zne aspekty, \u010dasto pomocou jedine\u010dnej predpony alebo pr\u00edpony. Zvl\u00e1dnutie aspektu je nevyhnutn\u00e9 na pochopenie jemnosti bielorusk\u00e9ho jazyka.<\/p>\n\n\n\n<h3 class=\"wp-block-heading\" id=\"h-adjectives-adverbs-and-other-delights\">Pr\u00eddavn\u00e9 men\u00e1, pr\u00edslovky a in\u00e9 p\u00f4\u017eitky<\/h3>\n\n\n\n<p>Bielorusk\u00e9 pr\u00eddavn\u00e9 men\u00e1 s\u00fahlasia s podstatn\u00fdmi menami, ktor\u00e9 upravuj\u00fa z h\u013eadiska pohlavia, \u010d\u00edsla a p\u00e1du. Maj\u00fa tie\u017e porovn\u00e1vacie a superlat\u00edvne formy na vyjadrenie r\u00f4znych stup\u0148ov kval\u00edt. Okrem toho sa mnoh\u00e9 pr\u00edslovky odvodzuj\u00fa od pr\u00eddavn\u00fdch mien jednoduch\u00fdm pridan\u00edm pr\u00edpony &#8222;-\u0430&#8220; pre mu\u017esk\u00fd rod a &#8222;-\u044b&#8220; pre \u017eensk\u00fd rod.<\/p>\n\n\n\n<p><a href=\"https:\/\/talkpal.ai\/learn-belarusian\/\">Bielorusk\u00fd<\/a> jazyk tie\u017e obsahuje fascinuj\u00facu \u0161k\u00e1lu spojok, predlo\u017eiek, \u010d\u00edslic a \u010dast\u00edc, ktor\u00e9 v\u00e1m pom\u00f4\u017eu vytvori\u0165 prepracovan\u00e9 a expres\u00edvne vety. S dostato\u010dn\u00fdm tr\u00e9ningom budete \u010doskoro schopn\u00ed splieta\u0165 slov\u00e1 ako prav\u00fd <a href=\"https:\/\/talkpal.ai\/learn-belarusian\/\">bielorusk\u00fd<\/a> slovn\u00edk.<\/p>\n\n\n\n<h3 class=\"wp-block-heading\" id=\"h-in-closing-the-magic-of-belarusian-grammar\">Na z\u00e1ver: K\u00fazlo bieloruskej gramatiky<\/h3>\n\n\n\n<p>Na prv\u00fd poh\u013ead sa <a href=\"https:\/\/talkpal.ai\/belarusian-grammar\/\">bielorusk\u00e1 gramatika<\/a> m\u00f4\u017ee zda\u0165 sk\u013eu\u010duj\u00faca. Ke\u010f sa v\u0161ak ponor\u00edte hlb\u0161ie do jeho bohatej mozaiky p\u00e1dov, aspektov a in\u00fdch jazykov\u00fdch zvl\u00e1\u0161tnost\u00ed, objav\u00edte jazyk pln\u00fd h\u013abky, nu\u00e1ns a v\u00fdraznosti. Prijatie v\u00fdzvy bieloruskej gramatiky v\u00e1m nielen poskytne lep\u0161ie pochopenie slovanskej rodiny ako celku, ale tie\u017e v\u00e1m umo\u017en\u00ed pr\u00edstup ku kr\u00e1snej a \u017eivej kult\u00fare, ktor\u00e1 \u010dak\u00e1 na va\u0161e presk\u00famanie.<\/p>\n\n\n\n<p>Teraz, vyzbrojen\u00ed novoobjaven\u00fdm ch\u00e1pan\u00edm bieloruskej gramatiky, pre\u010do sa neponori\u0165 hlb\u0161ie do tohto fascinuj\u00faceho jazyka? Kto vie &#8211; mo\u017eno sa jedn\u00e9ho d\u0148a budete prech\u00e1dza\u0165 po uliciach Minska a bez probl\u00e9mov sa rozpr\u00e1va\u0165 s miestnymi obyvate\u013emi v ich rodnom jazyku. \u0160\u0165astn\u00e9 u\u010denie!<\/p>\n<\/div><\/div>\n\r\n<section class=\"learnNavigationSection\">\r\n            \r\n        <a href=\"https:\/\/talkpal.ai\/sk\/naucte-sa-po-bielorusky\/\">\r\n            <div class=\"learnNavigationWrapper\">\r\n                <div class=\"learnNavigationContent\">\r\n                    <img decoding=\"async\" src=\"https:\/\/talkpal.ai\/wp-content\/uploads\/2024\/08\/Belarusian.jpg\" alt=\"Belarusian Flag\">\r\n                    <div>\r\n                        <h4>O bieloruskom vzdel\u00e1van\u00ed<\/h4>\r\n                        <p>Zistite v\u0161etko o bieloruskej gramatike.<\/p>\r\n                    <\/div>\r\n                <\/div>\r\n            <\/div>\r\n        <\/a>\r\n\r\n        \r\n        <a href=\"https:\/\/talkpal.ai\/sk\/bieloruske-gramaticke-cvicenia\/\">\r\n            <div class=\"learnNavigationWrapper\">\r\n                <div class=\"learnNavigationContent\">\r\n                    <img decoding=\"async\" src=\"https:\/\/talkpal.ai\/wp-content\/uploads\/2024\/08\/Belarusian.jpg\" alt=\"Belarusian Flag\">\r\n                    <div>\r\n                        <h4>Cvi\u010denie z bieloruskej gramatiky<\/h4>\r\n                        <p>Precvi\u010dte si bielorusk\u00fa gramatiku.<\/p>\r\n                    <\/div>\r\n                <\/div>\r\n            <\/div>\r\n        <\/a>\r\n\r\n        \r\n        <a href=\"https:\/\/talkpal.ai\/vocabulary_language\/belarusian\/\">\r\n            <div class=\"learnNavigationWrapper\">\r\n                <div class=\"learnNavigationContent\">\r\n                    <img decoding=\"async\" src=\"https:\/\/talkpal.ai\/wp-content\/uploads\/2024\/08\/Belarusian.jpg\" alt=\"Belarusian Flag\">\r\n                    <div>\r\n                        <h4>Bielorusk\u00fd slovn\u00edk<\/h4>\r\n                        <p>Roz\u0161\u00edrte si slovn\u00fa z\u00e1sobu bieloru\u0161tiny.<\/p>\r\n                    <\/div>\r\n                <\/div>\r\n            <\/div>\r\n        <\/a>\r\n\r\n            <\/section>","protected":false},"excerpt":{"rendered":"<p>Bielorusk\u00e1 gramatika: bli\u017e\u0161\u00ed poh\u013ead na zlo\u017eitosti slovansk\u00e9ho jazyka Ste cti\u017eiadostiv\u00fd polyglot s fascin\u00e1ciou slovansk\u00fdmi jazykmi? Alebo ste len zvedav\u00ed na gramatick\u00e9 \u00faskalia jazykov z tohto zauj\u00edmav\u00e9ho regi\u00f3nu? Ak \u00e1no, prip\u00fatajte sa! V tomto \u010dl\u00e1nku presk\u00famame n\u00e1dhern\u00fd svet bieloruskej gramatiky, menej zn\u00e1meho, ale fascinuj\u00faceho \u010dlena slovanskej jazykovej rodiny. Po\u010fme sa do toho ponori\u0165, dobre? Najprv to [&hellip;]<\/p>\n","protected":false},"author":1,"featured_media":110570,"parent":0,"menu_order":0,"comment_status":"closed","ping_status":"closed","template":"LearningContentPage.php","meta":{"_acf_changed":false,"footnotes":""},"class_list":["post-140999","page","type-page","status-publish","has-post-thumbnail","hentry"],"acf":[],"yoast_head":"<!-- This site is optimized with the Yoast SEO Premium plugin v27.2 (Yoast SEO v27.2) - https:\/\/yoast.com\/product\/yoast-seo-premium-wordpress\/ -->\n<title>Bielorusk\u00e1 gramatika - Talkpal<\/title>\n<meta name=\"description\" content=\"Zvl\u00e1dnite bielorusk\u00fa gramatiku bez n\u00e1mahy s Talkpal, v\u00e1\u0161 jazykov\u00fd t\u00fator poh\u00e1\u0148an\u00fd umelou inteligenciou. Z\u00edskajte jasn\u00e9 vysvetlenia, u\u017eito\u010dn\u00e9 tipy a interakt\u00edvne cvi\u010denia!\" \/>\n<meta name=\"robots\" content=\"index, follow, max-snippet:-1, max-image-preview:large, max-video-preview:-1\" \/>\n<link rel=\"canonical\" href=\"https:\/\/talkpal.ai\/sk\/bieloruska-gramatika\/\" \/>\n<meta property=\"og:locale\" content=\"sk_SK\" \/>\n<meta property=\"og:type\" content=\"article\" \/>\n<meta property=\"og:title\" content=\"Bielorusk\u00e1 gramatika\" \/>\n<meta property=\"og:description\" content=\"Bielorusk\u00e1 gramatika: bli\u017e\u0161\u00ed poh\u013ead na zlo\u017eitosti slovansk\u00e9ho jazyka Ste cti\u017eiadostiv\u00fd polyglot s fascin\u00e1ciou slovansk\u00fdmi jazykmi? Alebo ste len zvedav\u00ed\" \/>\n<meta property=\"og:url\" content=\"https:\/\/talkpal.ai\/sk\/bieloruska-gramatika\/\" \/>\n<meta property=\"og:site_name\" content=\"Talkpal\" \/>\n<meta property=\"article:publisher\" content=\"https:\/\/www.facebook.com\/profile.php?id=100090733639311\" \/>\n<meta property=\"article:modified_time\" content=\"2025-05-22T13:48:43+00:00\" \/>\n<meta property=\"og:image\" content=\"https:\/\/talkpal.ai\/wp-content\/uploads\/2023\/05\/belarus.png\" \/>\n\t<meta property=\"og:image:width\" content=\"512\" \/>\n\t<meta property=\"og:image:height\" content=\"512\" \/>\n\t<meta property=\"og:image:type\" content=\"image\/png\" \/>\n<meta name=\"twitter:card\" content=\"summary_large_image\" \/>\n<meta name=\"twitter:site\" content=\"@talkpalai\" \/>\n<meta name=\"twitter:label1\" content=\"Predpokladan\u00fd \u010das \u010d\u00edtania\" \/>\n\t<meta name=\"twitter:data1\" content=\"4 min\u00faty\" \/>\n<script type=\"application\/ld+json\" class=\"yoast-schema-graph\">{\"@context\":\"https:\/\/schema.org\",\"@graph\":[{\"@type\":\"WebPage\",\"@id\":\"https:\/\/talkpal.ai\/sk\/bieloruska-gramatika\/\",\"url\":\"https:\/\/talkpal.ai\/sk\/bieloruska-gramatika\/\",\"name\":\"Bielorusk\u00e1 gramatika - Talkpal\",\"isPartOf\":{\"@id\":\"https:\/\/talkpal.ai\/sk\/#website\"},\"primaryImageOfPage\":{\"@id\":\"https:\/\/talkpal.ai\/sk\/bieloruska-gramatika\/#primaryimage\"},\"image\":{\"@id\":\"https:\/\/talkpal.ai\/sk\/bieloruska-gramatika\/#primaryimage\"},\"thumbnailUrl\":\"https:\/\/talkpal.ai\/wp-content\/uploads\/2023\/05\/belarus.png\",\"datePublished\":\"2023-05-14T13:59:42+00:00\",\"dateModified\":\"2025-05-22T13:48:43+00:00\",\"description\":\"Zvl\u00e1dnite bielorusk\u00fa gramatiku bez n\u00e1mahy s Talkpal, v\u00e1\u0161 jazykov\u00fd t\u00fator poh\u00e1\u0148an\u00fd umelou inteligenciou. Z\u00edskajte jasn\u00e9 vysvetlenia, u\u017eito\u010dn\u00e9 tipy a interakt\u00edvne cvi\u010denia!\",\"breadcrumb\":{\"@id\":\"https:\/\/talkpal.ai\/sk\/bieloruska-gramatika\/#breadcrumb\"},\"inLanguage\":\"sk-SK\",\"potentialAction\":[{\"@type\":\"ReadAction\",\"target\":[\"https:\/\/talkpal.ai\/sk\/bieloruska-gramatika\/\"]}]},{\"@type\":\"ImageObject\",\"inLanguage\":\"sk-SK\",\"@id\":\"https:\/\/talkpal.ai\/sk\/bieloruska-gramatika\/#primaryimage\",\"url\":\"https:\/\/talkpal.ai\/wp-content\/uploads\/2023\/05\/belarus.png\",\"contentUrl\":\"https:\/\/talkpal.ai\/wp-content\/uploads\/2023\/05\/belarus.png\",\"width\":512,\"height\":512},{\"@type\":\"BreadcrumbList\",\"@id\":\"https:\/\/talkpal.ai\/sk\/bieloruska-gramatika\/#breadcrumb\",\"itemListElement\":[{\"@type\":\"ListItem\",\"position\":1,\"name\":\"Homepage\",\"item\":\"https:\/\/talkpal.ai\/sk\/\"},{\"@type\":\"ListItem\",\"position\":2,\"name\":\"Bielorusk\u00e1 gramatika\"}]},{\"@type\":\"WebSite\",\"@id\":\"https:\/\/talkpal.ai\/sk\/#website\",\"url\":\"https:\/\/talkpal.ai\/sk\/\",\"name\":\"Talkpal\",\"description\":\"AI Language Learning\",\"publisher\":{\"@id\":\"https:\/\/talkpal.ai\/sk\/#organization\"},\"alternateName\":\"Talkpal AI\",\"potentialAction\":[{\"@type\":\"SearchAction\",\"target\":{\"@type\":\"EntryPoint\",\"urlTemplate\":\"https:\/\/talkpal.ai\/sk\/?s={search_term_string}\"},\"query-input\":{\"@type\":\"PropertyValueSpecification\",\"valueRequired\":true,\"valueName\":\"search_term_string\"}}],\"inLanguage\":\"sk-SK\"},{\"@type\":\"Organization\",\"@id\":\"https:\/\/talkpal.ai\/sk\/#organization\",\"name\":\"Talkpal, Inc.\",\"alternateName\":\"Talkpal AI\",\"url\":\"https:\/\/talkpal.ai\/sk\/\",\"logo\":{\"@type\":\"ImageObject\",\"inLanguage\":\"sk-SK\",\"@id\":\"https:\/\/talkpal.ai\/sk\/#\/schema\/logo\/image\/\",\"url\":\"https:\/\/talkpal.ai\/wp-content\/uploads\/2024\/03\/Talkpal-Logo-Icon.png\",\"contentUrl\":\"https:\/\/talkpal.ai\/wp-content\/uploads\/2024\/03\/Talkpal-Logo-Icon.png\",\"width\":2880,\"height\":2880,\"caption\":\"Talkpal, Inc.\"},\"image\":{\"@id\":\"https:\/\/talkpal.ai\/sk\/#\/schema\/logo\/image\/\"},\"sameAs\":[\"https:\/\/www.facebook.com\/profile.php?id=100090733639311\",\"https:\/\/x.com\/talkpalai\",\"https:\/\/www.linkedin.com\/company\/talkpal\/\",\"https:\/\/www.youtube.com\/@TalkPal\/\",\"https:\/\/www.tiktok.com\/@talkpal\",\"https:\/\/www.instagram.com\/talkpal_ai\/\",\"https:\/\/www.crunchbase.com\/organization\/talkpal-9cde\",\"https:\/\/www.g2.com\/products\/talkpal-for-business\/\",\"https:\/\/www.trustpilot.com\/review\/talkpal.ai\",\"https:\/\/www.capterra.com\/p\/10006800\/TalkPal\/\"],\"description\":\"Talkpal is a language learning web and mobile education app, powered by the latest AI technologies, that provides engaging experiences to its customers in many different languages to help them improve their language skills. Users can chat about unlimited amount of topics with the app and use other modes to practice their language learning.\",\"email\":\"support@talkpal.ai\",\"legalName\":\"Talkpal, Inc.\",\"foundingDate\":\"2023-04-03\",\"duns\":\"118989042\",\"numberOfEmployees\":{\"@type\":\"QuantitativeValue\",\"minValue\":\"11\",\"maxValue\":\"50\"},\"publishingPrinciples\":\"https:\/\/talkpal.ai\/publishing-principles\/\",\"actionableFeedbackPolicy\":\"https:\/\/talkpal.ai\/actionable-feedback-policy\/\",\"correctionsPolicy\":\"https:\/\/talkpal.ai\/corrections-policy\/\",\"ethicsPolicy\":\"https:\/\/talkpal.ai\/ethics-policy\/\",\"diversityPolicy\":\"https:\/\/talkpal.ai\/diversity-policy\/\",\"diversityStaffingReport\":\"https:\/\/talkpal.ai\/diversity-policy\/\"}]}<\/script>\n<!-- \/ Yoast SEO Premium plugin. -->","yoast_head_json":{"title":"Bielorusk\u00e1 gramatika - Talkpal","description":"Zvl\u00e1dnite bielorusk\u00fa gramatiku bez n\u00e1mahy s Talkpal, v\u00e1\u0161 jazykov\u00fd t\u00fator poh\u00e1\u0148an\u00fd umelou inteligenciou. Z\u00edskajte jasn\u00e9 vysvetlenia, u\u017eito\u010dn\u00e9 tipy a interakt\u00edvne cvi\u010denia!","robots":{"index":"index","follow":"follow","max-snippet":"max-snippet:-1","max-image-preview":"max-image-preview:large","max-video-preview":"max-video-preview:-1"},"canonical":"https:\/\/talkpal.ai\/sk\/bieloruska-gramatika\/","og_locale":"sk_SK","og_type":"article","og_title":"Bielorusk\u00e1 gramatika","og_description":"Bielorusk\u00e1 gramatika: bli\u017e\u0161\u00ed poh\u013ead na zlo\u017eitosti slovansk\u00e9ho jazyka Ste cti\u017eiadostiv\u00fd polyglot s fascin\u00e1ciou slovansk\u00fdmi jazykmi? Alebo ste len zvedav\u00ed","og_url":"https:\/\/talkpal.ai\/sk\/bieloruska-gramatika\/","og_site_name":"Talkpal","article_publisher":"https:\/\/www.facebook.com\/profile.php?id=100090733639311","article_modified_time":"2025-05-22T13:48:43+00:00","og_image":[{"width":512,"height":512,"url":"https:\/\/talkpal.ai\/wp-content\/uploads\/2023\/05\/belarus.png","type":"image\/png"}],"twitter_card":"summary_large_image","twitter_site":"@talkpalai","twitter_misc":{"Predpokladan\u00fd \u010das \u010d\u00edtania":"4 min\u00faty"},"schema":{"@context":"https:\/\/schema.org","@graph":[{"@type":"WebPage","@id":"https:\/\/talkpal.ai\/sk\/bieloruska-gramatika\/","url":"https:\/\/talkpal.ai\/sk\/bieloruska-gramatika\/","name":"Bielorusk\u00e1 gramatika - Talkpal","isPartOf":{"@id":"https:\/\/talkpal.ai\/sk\/#website"},"primaryImageOfPage":{"@id":"https:\/\/talkpal.ai\/sk\/bieloruska-gramatika\/#primaryimage"},"image":{"@id":"https:\/\/talkpal.ai\/sk\/bieloruska-gramatika\/#primaryimage"},"thumbnailUrl":"https:\/\/talkpal.ai\/wp-content\/uploads\/2023\/05\/belarus.png","datePublished":"2023-05-14T13:59:42+00:00","dateModified":"2025-05-22T13:48:43+00:00","description":"Zvl\u00e1dnite bielorusk\u00fa gramatiku bez n\u00e1mahy s Talkpal, v\u00e1\u0161 jazykov\u00fd t\u00fator poh\u00e1\u0148an\u00fd umelou inteligenciou. Z\u00edskajte jasn\u00e9 vysvetlenia, u\u017eito\u010dn\u00e9 tipy a interakt\u00edvne cvi\u010denia!","breadcrumb":{"@id":"https:\/\/talkpal.ai\/sk\/bieloruska-gramatika\/#breadcrumb"},"inLanguage":"sk-SK","potentialAction":[{"@type":"ReadAction","target":["https:\/\/talkpal.ai\/sk\/bieloruska-gramatika\/"]}]},{"@type":"ImageObject","inLanguage":"sk-SK","@id":"https:\/\/talkpal.ai\/sk\/bieloruska-gramatika\/#primaryimage","url":"https:\/\/talkpal.ai\/wp-content\/uploads\/2023\/05\/belarus.png","contentUrl":"https:\/\/talkpal.ai\/wp-content\/uploads\/2023\/05\/belarus.png","width":512,"height":512},{"@type":"BreadcrumbList","@id":"https:\/\/talkpal.ai\/sk\/bieloruska-gramatika\/#breadcrumb","itemListElement":[{"@type":"ListItem","position":1,"name":"Homepage","item":"https:\/\/talkpal.ai\/sk\/"},{"@type":"ListItem","position":2,"name":"Bielorusk\u00e1 gramatika"}]},{"@type":"WebSite","@id":"https:\/\/talkpal.ai\/sk\/#website","url":"https:\/\/talkpal.ai\/sk\/","name":"Talkpal","description":"AI Language Learning","publisher":{"@id":"https:\/\/talkpal.ai\/sk\/#organization"},"alternateName":"Talkpal AI","potentialAction":[{"@type":"SearchAction","target":{"@type":"EntryPoint","urlTemplate":"https:\/\/talkpal.ai\/sk\/?s={search_term_string}"},"query-input":{"@type":"PropertyValueSpecification","valueRequired":true,"valueName":"search_term_string"}}],"inLanguage":"sk-SK"},{"@type":"Organization","@id":"https:\/\/talkpal.ai\/sk\/#organization","name":"Talkpal, Inc.","alternateName":"Talkpal AI","url":"https:\/\/talkpal.ai\/sk\/","logo":{"@type":"ImageObject","inLanguage":"sk-SK","@id":"https:\/\/talkpal.ai\/sk\/#\/schema\/logo\/image\/","url":"https:\/\/talkpal.ai\/wp-content\/uploads\/2024\/03\/Talkpal-Logo-Icon.png","contentUrl":"https:\/\/talkpal.ai\/wp-content\/uploads\/2024\/03\/Talkpal-Logo-Icon.png","width":2880,"height":2880,"caption":"Talkpal, Inc."},"image":{"@id":"https:\/\/talkpal.ai\/sk\/#\/schema\/logo\/image\/"},"sameAs":["https:\/\/www.facebook.com\/profile.php?id=100090733639311","https:\/\/x.com\/talkpalai","https:\/\/www.linkedin.com\/company\/talkpal\/","https:\/\/www.youtube.com\/@TalkPal\/","https:\/\/www.tiktok.com\/@talkpal","https:\/\/www.instagram.com\/talkpal_ai\/","https:\/\/www.crunchbase.com\/organization\/talkpal-9cde","https:\/\/www.g2.com\/products\/talkpal-for-business\/","https:\/\/www.trustpilot.com\/review\/talkpal.ai","https:\/\/www.capterra.com\/p\/10006800\/TalkPal\/"],"description":"Talkpal is a language learning web and mobile education app, powered by the latest AI technologies, that provides engaging experiences to its customers in many different languages to help them improve their language skills. Users can chat about unlimited amount of topics with the app and use other modes to practice their language learning.","email":"support@talkpal.ai","legalName":"Talkpal, Inc.","foundingDate":"2023-04-03","duns":"118989042","numberOfEmployees":{"@type":"QuantitativeValue","minValue":"11","maxValue":"50"},"publishingPrinciples":"https:\/\/talkpal.ai\/publishing-principles\/","actionableFeedbackPolicy":"https:\/\/talkpal.ai\/actionable-feedback-policy\/","correctionsPolicy":"https:\/\/talkpal.ai\/corrections-policy\/","ethicsPolicy":"https:\/\/talkpal.ai\/ethics-policy\/","diversityPolicy":"https:\/\/talkpal.ai\/diversity-policy\/","diversityStaffingReport":"https:\/\/talkpal.ai\/diversity-policy\/"}]}},"_links":{"self":[{"href":"https:\/\/talkpal.ai\/sk\/wp-json\/wp\/v2\/pages\/140999","targetHints":{"allow":["GET"]}}],"collection":[{"href":"https:\/\/talkpal.ai\/sk\/wp-json\/wp\/v2\/pages"}],"about":[{"href":"https:\/\/talkpal.ai\/sk\/wp-json\/wp\/v2\/types\/page"}],"author":[{"embeddable":true,"href":"https:\/\/talkpal.ai\/sk\/wp-json\/wp\/v2\/users\/1"}],"replies":[{"embeddable":true,"href":"https:\/\/talkpal.ai\/sk\/wp-json\/wp\/v2\/comments?post=140999"}],"version-history":[{"count":0,"href":"https:\/\/talkpal.ai\/sk\/wp-json\/wp\/v2\/pages\/140999\/revisions"}],"wp:featuredmedia":[{"embeddable":true,"href":"https:\/\/talkpal.ai\/sk\/wp-json\/wp\/v2\/media\/110570"}],"wp:attachment":[{"href":"https:\/\/talkpal.ai\/sk\/wp-json\/wp\/v2\/media?parent=140999"}],"curies":[{"name":"wp","href":"https:\/\/api.w.org\/{rel}","templated":true}]}}