{"id":140694,"date":"2023-05-14T13:59:24","date_gmt":"2023-05-14T13:59:24","guid":{"rendered":"http:\/\/talkpal.ai\/afrikanska-gramatika\/"},"modified":"2025-05-22T19:03:52","modified_gmt":"2025-05-22T19:03:52","slug":"afrikanska-gramatika","status":"publish","type":"page","link":"https:\/\/talkpal.ai\/sk\/afrikanska-gramatika\/","title":{"rendered":"Afrik\u00e1nska gramatika"},"content":{"rendered":"\r\n\r\n\r\n<section class=\"languageChallengeSection\">\r\n    <div class=\"languageInfoWrapper\">\r\n        \r\n        <h1>Afrik\u00e1nska gramatika<\/h1>\r\n        <p>Objavte jednoduch\u00fa kr\u00e1su afrik\u00e1n\u010diny t\u00fdm, \u017ee sa nau\u010d\u00edte jej z\u00e1kladn\u00e9 gramatick\u00e9 pravidl\u00e1. Zvl\u00e1dnutie afrik\u00e1nskej gramatiky v\u00e1m umo\u017en\u00ed efekt\u00edvne komunikova\u0165 a vychutna\u0165 si bohat\u00fa kult\u00faru jej hovoriacich. Za\u010dnite svoju cestu za afrik\u00e1nskou gramatikou e\u0161te dnes a urobte prv\u00fd krok k plynulosti!<\/p>\r\n\r\n                            <a class=\"getStartedHidden\" href=\"https:\/\/app.talkpal.ai\/sk\/signup?lng=\">Za\u010dni<\/a>\r\n        \r\n    <\/div>\r\n\r\n    <figure>\r\n    <img decoding=\"async\" width=\"768\" height=\"768\" src=\"https:\/\/talkpal.ai\/wp-content\/uploads\/2023\/06\/TalkPal-Afrikaans-768x768.png\" class=\"languageImage no-lazy\" alt=\"Language learning for global awareness\" fetchpriority=\"high\" sizes=\"(max-width: 768px) 150px, 768px\" srcset=\"https:\/\/talkpal.ai\/wp-content\/uploads\/2023\/06\/TalkPal-Afrikaans-768x768.png 768w, https:\/\/talkpal.ai\/wp-content\/uploads\/2023\/06\/TalkPal-Afrikaans-300x300.png 300w\" \/>\r\n    \r\n\r\n    <\/figure>\r\n\r\n            <a class=\"getStartedVisible\" href=\"https:\/\/app.talkpal.ai\/sk\/signup?lng=\">Za\u010dni<\/a>\r\n    \r\n<\/section>\r\n<section class=\"promotionalBanner\">\r\n    <p class=\"promotionalText\">Najefekt\u00edvnej\u0161\u00ed sp\u00f4sob, ako sa nau\u010di\u0165 jazyk<\/p>\r\n    <a class=\"promotionalLink\" href=\"https:\/\/app.talkpal.ai\/sk\/signup?lng=\">Vysk\u00fa\u0161ajte Talkpal zadarmo<\/a>\r\n<\/section>\n<div class=\"wp-block-group pageContainerStyle\"><div class=\"wp-block-group__inner-container is-layout-constrained wp-block-group-is-layout-constrained\">\n<h2 class=\"wp-block-heading\" id=\"h-mastering-afrikaans-grammar-your-ultimate-guide\">Zvl\u00e1dnutie afrik\u00e1nskej gramatiky: V\u00e1\u0161 kone\u010dn\u00fd sprievodca<\/h2>\n\n\n\n<p><strong>Goeie dag<\/strong>, <a href=\"https:\/\/talkpal.ai\/talkpal-discount-for-language-enthusiasts\/\">jazykov\u00ed nad\u0161enci<\/a>! Ste pripraven\u00ed vyda\u0165 sa na cestu do sveta afrik\u00e1nskej gramatiky? Ste na spr\u00e1vnom mieste. Tento \u010dl\u00e1nok, pln\u00fd \u013eahko zrozumite\u013en\u00fdch inform\u00e1ci\u00ed a konverza\u010dn\u00e9ho t\u00f3nu, v\u00e1s prevedie fascinuj\u00facou r\u00ed\u0161ou afrik\u00e1nskej gramatiky. \u010coskoro budete schopn\u00ed tvori\u0165 vety a vies\u0165 zmyslupln\u00e9 rozhovory s roden\u00fdmi hovorcami. Tak za\u010dnime!<\/p>\n\n\n\n<p><strong>Ale najprv, pre\u010do afrik\u00e1nska gramatika?<\/strong><\/p>\n\n\n\n<p>Ak sa u\u010d\u00edte afrik\u00e1n\u010dinu, pre plynul\u00e9 rozpr\u00e1vanie, \u010d\u00edtanie a p\u00edsanie s\u00fa nevyhnutn\u00e9 siln\u00e9 z\u00e1klady gramatiky. Hoci sa <a href=\"https:\/\/talkpal.ai\/sq\/gramatika\/\">gramatika<\/a> afrik\u00e1n\u010diny m\u00f4\u017ee na prv\u00fd poh\u013ead zda\u0165 zlo\u017eit\u00e1, je pomerne jednoduch\u00e1, ke\u010f ju rozdel\u00edte na men\u0161ie, \u013eah\u0161ie zvl\u00e1dnute\u013en\u00e9 \u010dasti. Tak za\u010dnime va\u0161u cestu k zvl\u00e1dnutiu afrik\u00e1nskej gramatiky!<\/p>\n\n\n\n<h3 class=\"wp-block-heading\" id=\"h-1-nouns-gender-and-articles\">1. Podstatn\u00e9 men\u00e1, rod a \u010dl\u00e1nky<\/h3>\n\n\n\n<p>Na rozdiel od mnoh\u00fdch in\u00fdch jazykov afrik\u00e1nske podstatn\u00e9 men\u00e1 nemaj\u00fa rod, \u010do u\u013eah\u010duje ich u\u010denie. Ur\u010dit\u00fd \u010dlen &#8222;die&#8220; (the) sa pou\u017e\u00edva pre v\u0161etky podstatn\u00e9 men\u00e1, zatia\u013e \u010do neur\u010dit\u00e9 \u010dleny &#8220; &#8218;n &#8220; alebo &#8222;een&#8220; (a\/an) s\u00fa tie\u017e rodovo neutr\u00e1lne.  <\/p>\n\n\n\n<p>Napr\u00edklad:<\/p>\n\n\n\n<p>&#8211; die hond (pes)<\/p>\n\n\n\n<p>&#8211; &#8218;n hond (pes)<\/p>\n\n\n\n<h3 class=\"wp-block-heading\" id=\"h-2-adjectives\">2. Pr\u00eddavn\u00e9 men\u00e1<\/h3>\n\n\n\n<p>V afrik\u00e1n\u010dine pr\u00eddavn\u00e9 men\u00e1 zvy\u010dajne predch\u00e1dzaj\u00fa podstatn\u00e9mu menu, ktor\u00e9 upravuj\u00fa a s\u00fahlasia s podstatn\u00fdm menom v po\u010dte. Pr\u00eddavn\u00e9 men\u00e1 nemaj\u00fa rodov\u00fa dohodu. Napr\u00edklad:<\/p>\n\n\n\n<p>&#8211; &#8218;n groot huis (ve\u013ek\u00fd dom)<\/p>\n\n\n\n<p>&#8211; twee groot huise (dva ve\u013ek\u00e9 domy)<\/p>\n\n\n\n<p>Pri niektor\u00fdch pr\u00eddavn\u00fdch men\u00e1ch sa pri opise mno\u017en\u00e9ho \u010d\u00edsla podstatn\u00e9ho mena vy\u017eaduje pr\u00eddavn\u00e9 meno &#8222;-e&#8220;:<\/p>\n\n\n\n<p>&#8211; &#8218;n ou man (star\u00fd mu\u017e)<\/p>\n\n\n\n<p>&#8211; twee ou manne (dvaja star\u00ed mu\u017ei)<\/p>\n\n\n\n<h3 class=\"wp-block-heading\" id=\"h-3-verbs-and-tense\">3. Sloves\u00e1 a \u010das<\/h3>\n\n\n\n<p>Afrik\u00e1nske sloves\u00e1 sa daj\u00fa relat\u00edvne \u013eahko nau\u010di\u0165, preto\u017ee nie s\u00fa \u010dasovan\u00e9 na z\u00e1klade predmetu vety. <a href=\"https:\/\/talkpal.ai\/learn-afrikaans\/\">Afrik\u00e1n\u010dina<\/a> m\u00e1 tie\u017e menej \u010dasu ako mnoho in\u00fdch jazykov. Aby ste sa obozn\u00e1mili s afrik\u00e1nskymi slovesami, preberieme si pravideln\u00e9 sloves\u00e1 v pr\u00edtomnom \u010dase:<\/p>\n\n\n\n<p>&#8211; Ek <a href=\"https:\/\/talkpal.ai\/locations\/language-courses-in-leer\/\">leer<\/a> (U\u010d\u00edm sa)<\/p>\n\n\n\n<p>&#8211; Jy\/u leer (u\u010d\u00ed\u0161 sa, neform\u00e1lne\/form\u00e1lne)<\/p>\n\n\n\n<p>&#8211; Hy\/sy\/dit leer (on\/ona\/to sa u\u010d\u00ed)<\/p>\n\n\n\n<p>&#8211; Ons\/julle leer (my\/vy v\u0161etci sa u\u010d\u00edme)<\/p>\n\n\n\n<p>&#8211; Hulle leer (u\u010dia sa)<\/p>\n\n\n\n<p>Pam\u00e4tajte, \u017ee toto je len \u0161pi\u010dka \u013eadovca! Ako budete postupova\u0165 v \u0161t\u00fadiu, stretnete sa s r\u00f4znymi in\u00fdmi \u010dasmi a niektor\u00fdmi nepravideln\u00fdmi slovesami.<\/p>\n\n\n\n<h3 class=\"wp-block-heading\" id=\"h-4-pronouns-prepositions-and-more\">4. Z\u00e1men\u00e1, predlo\u017eky a \u010fal\u0161ie!<\/h3>\n\n\n\n<p><a href=\"https:\/\/talkpal.ai\/es\/gramatica-afrikaans\/\">Afrik\u00e1nska gramatika<\/a> zah\u0155\u0148a \u010fal\u0161ie zlo\u017eky, ako s\u00fa z\u00e1men\u00e1 (ek, jy, hy, sy at\u010f.), predlo\u017eky (in, op, met at\u010f.) a idiomatick\u00e9 v\u00fdrazy. Pri u\u010den\u00ed sa jazyka mus\u00edte zvl\u00e1dnu\u0165 ka\u017ed\u00fd z t\u00fdchto prvkov, aby ste dosiahli plynul\u00fa znalos\u0165 jazyka.<\/p>\n\n\n\n<p>Na z\u00e1ver, zvl\u00e1dnutie afrik\u00e1nskej gramatiky si vy\u017eaduje vytrvalos\u0165, prax a trpezlivos\u0165. Ke\u010f v\u0161ak pochop\u00edte zlo\u017eitosti jazyka, budete na dobrej ceste konverzova\u0165 s roden\u00fdmi hovoriacimi, spozn\u00e1va\u0165 bohat\u00fa kult\u00faru a hist\u00f3riu afrik\u00e1nsky hovoriaceho sveta a preh\u013abi\u0165 svoju l\u00e1sku k tomuto jazyku. Sterkte (ve\u013ea \u0161\u0165astia)!<\/p>\n<\/div><\/div>\n\r\n<section class=\"learnNavigationSection\">\r\n            \r\n        <a href=\"https:\/\/talkpal.ai\/sk\/naucte-sa-afrikancinu\/\">\r\n            <div class=\"learnNavigationWrapper\">\r\n                <div class=\"learnNavigationContent\">\r\n                    <img decoding=\"async\" src=\"https:\/\/talkpal.ai\/wp-content\/uploads\/2024\/08\/Afrikaans.jpg\" alt=\"South Africa Flag\">\r\n                    <div>\r\n                        <h4>O u\u010den\u00ed afrik\u00e1n\u010diny<\/h4>\r\n                        <p>Zistite v\u0161etko o afrik\u00e1nskej gramatike.<\/p>\r\n                    <\/div>\r\n                <\/div>\r\n            <\/div>\r\n        <\/a>\r\n\r\n        \r\n        <a href=\"https:\/\/talkpal.ai\/sk\/afrikanske-gramaticke-cvicenia\/\">\r\n            <div class=\"learnNavigationWrapper\">\r\n                <div class=\"learnNavigationContent\">\r\n                    <img decoding=\"async\" src=\"https:\/\/talkpal.ai\/wp-content\/uploads\/2024\/08\/Afrikaans.jpg\" alt=\"South Africa Flag\">\r\n                    <div>\r\n                        <h4>Cvi\u010denie z afrik\u00e1nskej gramatiky<\/h4>\r\n                        <p>Precvi\u010dte si afrik\u00e1nsku gramatiku.<\/p>\r\n                    <\/div>\r\n                <\/div>\r\n            <\/div>\r\n        <\/a>\r\n\r\n        \r\n        <a href=\"https:\/\/talkpal.ai\/vocabulary_language\/afrikaans\/\">\r\n            <div class=\"learnNavigationWrapper\">\r\n                <div class=\"learnNavigationContent\">\r\n                    <img decoding=\"async\" src=\"https:\/\/talkpal.ai\/wp-content\/uploads\/2024\/08\/Afrikaans.jpg\" alt=\"South Africa Flag\">\r\n                    <div>\r\n                        <h4>Slovn\u00e1 z\u00e1soba afrik\u00e1n\u010diny<\/h4>\r\n                        <p>Roz\u0161\u00edrte si slovn\u00fa z\u00e1sobu afrik\u00e1n\u010diny.<\/p>\r\n                    <\/div>\r\n                <\/div>\r\n            <\/div>\r\n        <\/a>\r\n\r\n            <\/section>","protected":false},"excerpt":{"rendered":"<p>Zvl\u00e1dnutie afrik\u00e1nskej gramatiky: V\u00e1\u0161 kone\u010dn\u00fd sprievodca Goeie dag, jazykov\u00ed nad\u0161enci! Ste pripraven\u00ed vyda\u0165 sa na cestu do sveta afrik\u00e1nskej gramatiky? Ste na spr\u00e1vnom mieste. Tento \u010dl\u00e1nok, pln\u00fd \u013eahko zrozumite\u013en\u00fdch inform\u00e1ci\u00ed a konverza\u010dn\u00e9ho t\u00f3nu, v\u00e1s prevedie fascinuj\u00facou r\u00ed\u0161ou afrik\u00e1nskej gramatiky. \u010coskoro budete schopn\u00ed tvori\u0165 vety a vies\u0165 zmyslupln\u00e9 rozhovory s roden\u00fdmi hovorcami. Tak za\u010dnime! Ale najprv, [&hellip;]<\/p>\n","protected":false},"author":1,"featured_media":108869,"parent":0,"menu_order":0,"comment_status":"closed","ping_status":"closed","template":"LearningContentPage.php","meta":{"_acf_changed":false,"footnotes":""},"class_list":["post-140694","page","type-page","status-publish","has-post-thumbnail","hentry"],"acf":[],"yoast_head":"<!-- This site is optimized with the Yoast SEO Premium plugin v27.2 (Yoast SEO v27.2) - https:\/\/yoast.com\/product\/yoast-seo-premium-wordpress\/ -->\n<title>Afrik\u00e1nska gramatika - Talkpal<\/title>\n<meta name=\"description\" content=\"Presk\u00famajte afrik\u00e1nsku gramatiku s na\u0161\u00edm sprievodcom pre za\u010diato\u010dn\u00edkov. Osvojte si stavbu vety a zlep\u0161ite svoje konverza\u010dn\u00e9 schopnosti.\" \/>\n<meta name=\"robots\" content=\"index, follow, max-snippet:-1, max-image-preview:large, max-video-preview:-1\" \/>\n<link rel=\"canonical\" href=\"https:\/\/talkpal.ai\/sk\/afrikanska-gramatika\/\" \/>\n<meta property=\"og:locale\" content=\"sk_SK\" \/>\n<meta property=\"og:type\" content=\"article\" \/>\n<meta property=\"og:title\" content=\"Afrik\u00e1nska gramatika\" \/>\n<meta property=\"og:description\" content=\"Zvl\u00e1dnutie afrik\u00e1nskej gramatiky: V\u00e1\u0161 kone\u010dn\u00fd sprievodca Goeie dag, jazykov\u00ed nad\u0161enci! Ste pripraven\u00ed vyda\u0165 sa na cestu do sveta afrik\u00e1nskej gramatiky?\" \/>\n<meta property=\"og:url\" content=\"https:\/\/talkpal.ai\/sk\/afrikanska-gramatika\/\" \/>\n<meta property=\"og:site_name\" content=\"Talkpal\" \/>\n<meta property=\"article:publisher\" content=\"https:\/\/www.facebook.com\/profile.php?id=100090733639311\" \/>\n<meta property=\"article:modified_time\" content=\"2025-05-22T19:03:52+00:00\" \/>\n<meta property=\"og:image\" content=\"https:\/\/talkpal.ai\/wp-content\/uploads\/2023\/05\/south-africa.png\" \/>\n\t<meta property=\"og:image:width\" content=\"512\" \/>\n\t<meta property=\"og:image:height\" content=\"512\" \/>\n\t<meta property=\"og:image:type\" content=\"image\/png\" \/>\n<meta name=\"twitter:card\" content=\"summary_large_image\" \/>\n<meta name=\"twitter:site\" content=\"@talkpalai\" \/>\n<meta name=\"twitter:label1\" content=\"Predpokladan\u00fd \u010das \u010d\u00edtania\" \/>\n\t<meta name=\"twitter:data1\" content=\"3 min\u00faty\" \/>\n<script type=\"application\/ld+json\" class=\"yoast-schema-graph\">{\"@context\":\"https:\/\/schema.org\",\"@graph\":[{\"@type\":\"WebPage\",\"@id\":\"https:\/\/talkpal.ai\/sk\/afrikanska-gramatika\/\",\"url\":\"https:\/\/talkpal.ai\/sk\/afrikanska-gramatika\/\",\"name\":\"Afrik\u00e1nska gramatika - Talkpal\",\"isPartOf\":{\"@id\":\"https:\/\/talkpal.ai\/sk\/#website\"},\"primaryImageOfPage\":{\"@id\":\"https:\/\/talkpal.ai\/sk\/afrikanska-gramatika\/#primaryimage\"},\"image\":{\"@id\":\"https:\/\/talkpal.ai\/sk\/afrikanska-gramatika\/#primaryimage\"},\"thumbnailUrl\":\"https:\/\/talkpal.ai\/wp-content\/uploads\/2023\/05\/south-africa.png\",\"datePublished\":\"2023-05-14T13:59:24+00:00\",\"dateModified\":\"2025-05-22T19:03:52+00:00\",\"description\":\"Presk\u00famajte afrik\u00e1nsku gramatiku s na\u0161\u00edm sprievodcom pre za\u010diato\u010dn\u00edkov. Osvojte si stavbu vety a zlep\u0161ite svoje konverza\u010dn\u00e9 schopnosti.\",\"breadcrumb\":{\"@id\":\"https:\/\/talkpal.ai\/sk\/afrikanska-gramatika\/#breadcrumb\"},\"inLanguage\":\"sk-SK\",\"potentialAction\":[{\"@type\":\"ReadAction\",\"target\":[\"https:\/\/talkpal.ai\/sk\/afrikanska-gramatika\/\"]}]},{\"@type\":\"ImageObject\",\"inLanguage\":\"sk-SK\",\"@id\":\"https:\/\/talkpal.ai\/sk\/afrikanska-gramatika\/#primaryimage\",\"url\":\"https:\/\/talkpal.ai\/wp-content\/uploads\/2023\/05\/south-africa.png\",\"contentUrl\":\"https:\/\/talkpal.ai\/wp-content\/uploads\/2023\/05\/south-africa.png\",\"width\":512,\"height\":512},{\"@type\":\"BreadcrumbList\",\"@id\":\"https:\/\/talkpal.ai\/sk\/afrikanska-gramatika\/#breadcrumb\",\"itemListElement\":[{\"@type\":\"ListItem\",\"position\":1,\"name\":\"Homepage\",\"item\":\"https:\/\/talkpal.ai\/sk\/\"},{\"@type\":\"ListItem\",\"position\":2,\"name\":\"Afrik\u00e1nska gramatika\"}]},{\"@type\":\"WebSite\",\"@id\":\"https:\/\/talkpal.ai\/sk\/#website\",\"url\":\"https:\/\/talkpal.ai\/sk\/\",\"name\":\"Talkpal\",\"description\":\"AI Language Learning\",\"publisher\":{\"@id\":\"https:\/\/talkpal.ai\/sk\/#organization\"},\"alternateName\":\"Talkpal AI\",\"potentialAction\":[{\"@type\":\"SearchAction\",\"target\":{\"@type\":\"EntryPoint\",\"urlTemplate\":\"https:\/\/talkpal.ai\/sk\/?s={search_term_string}\"},\"query-input\":{\"@type\":\"PropertyValueSpecification\",\"valueRequired\":true,\"valueName\":\"search_term_string\"}}],\"inLanguage\":\"sk-SK\"},{\"@type\":\"Organization\",\"@id\":\"https:\/\/talkpal.ai\/sk\/#organization\",\"name\":\"Talkpal, Inc.\",\"alternateName\":\"Talkpal AI\",\"url\":\"https:\/\/talkpal.ai\/sk\/\",\"logo\":{\"@type\":\"ImageObject\",\"inLanguage\":\"sk-SK\",\"@id\":\"https:\/\/talkpal.ai\/sk\/#\/schema\/logo\/image\/\",\"url\":\"https:\/\/talkpal.ai\/wp-content\/uploads\/2024\/03\/Talkpal-Logo-Icon.png\",\"contentUrl\":\"https:\/\/talkpal.ai\/wp-content\/uploads\/2024\/03\/Talkpal-Logo-Icon.png\",\"width\":2880,\"height\":2880,\"caption\":\"Talkpal, Inc.\"},\"image\":{\"@id\":\"https:\/\/talkpal.ai\/sk\/#\/schema\/logo\/image\/\"},\"sameAs\":[\"https:\/\/www.facebook.com\/profile.php?id=100090733639311\",\"https:\/\/x.com\/talkpalai\",\"https:\/\/www.linkedin.com\/company\/talkpal\/\",\"https:\/\/www.youtube.com\/@TalkPal\/\",\"https:\/\/www.tiktok.com\/@talkpal\",\"https:\/\/www.instagram.com\/talkpal_ai\/\",\"https:\/\/www.crunchbase.com\/organization\/talkpal-9cde\",\"https:\/\/www.g2.com\/products\/talkpal-for-business\/\",\"https:\/\/www.trustpilot.com\/review\/talkpal.ai\",\"https:\/\/www.capterra.com\/p\/10006800\/TalkPal\/\"],\"description\":\"Talkpal is a language learning web and mobile education app, powered by the latest AI technologies, that provides engaging experiences to its customers in many different languages to help them improve their language skills. Users can chat about unlimited amount of topics with the app and use other modes to practice their language learning.\",\"email\":\"support@talkpal.ai\",\"legalName\":\"Talkpal, Inc.\",\"foundingDate\":\"2023-04-03\",\"duns\":\"118989042\",\"numberOfEmployees\":{\"@type\":\"QuantitativeValue\",\"minValue\":\"11\",\"maxValue\":\"50\"},\"publishingPrinciples\":\"https:\/\/talkpal.ai\/publishing-principles\/\",\"actionableFeedbackPolicy\":\"https:\/\/talkpal.ai\/actionable-feedback-policy\/\",\"correctionsPolicy\":\"https:\/\/talkpal.ai\/corrections-policy\/\",\"ethicsPolicy\":\"https:\/\/talkpal.ai\/ethics-policy\/\",\"diversityPolicy\":\"https:\/\/talkpal.ai\/diversity-policy\/\",\"diversityStaffingReport\":\"https:\/\/talkpal.ai\/diversity-policy\/\"}]}<\/script>\n<!-- \/ Yoast SEO Premium plugin. -->","yoast_head_json":{"title":"Afrik\u00e1nska gramatika - Talkpal","description":"Presk\u00famajte afrik\u00e1nsku gramatiku s na\u0161\u00edm sprievodcom pre za\u010diato\u010dn\u00edkov. Osvojte si stavbu vety a zlep\u0161ite svoje konverza\u010dn\u00e9 schopnosti.","robots":{"index":"index","follow":"follow","max-snippet":"max-snippet:-1","max-image-preview":"max-image-preview:large","max-video-preview":"max-video-preview:-1"},"canonical":"https:\/\/talkpal.ai\/sk\/afrikanska-gramatika\/","og_locale":"sk_SK","og_type":"article","og_title":"Afrik\u00e1nska gramatika","og_description":"Zvl\u00e1dnutie afrik\u00e1nskej gramatiky: V\u00e1\u0161 kone\u010dn\u00fd sprievodca Goeie dag, jazykov\u00ed nad\u0161enci! Ste pripraven\u00ed vyda\u0165 sa na cestu do sveta afrik\u00e1nskej gramatiky?","og_url":"https:\/\/talkpal.ai\/sk\/afrikanska-gramatika\/","og_site_name":"Talkpal","article_publisher":"https:\/\/www.facebook.com\/profile.php?id=100090733639311","article_modified_time":"2025-05-22T19:03:52+00:00","og_image":[{"width":512,"height":512,"url":"https:\/\/talkpal.ai\/wp-content\/uploads\/2023\/05\/south-africa.png","type":"image\/png"}],"twitter_card":"summary_large_image","twitter_site":"@talkpalai","twitter_misc":{"Predpokladan\u00fd \u010das \u010d\u00edtania":"3 min\u00faty"},"schema":{"@context":"https:\/\/schema.org","@graph":[{"@type":"WebPage","@id":"https:\/\/talkpal.ai\/sk\/afrikanska-gramatika\/","url":"https:\/\/talkpal.ai\/sk\/afrikanska-gramatika\/","name":"Afrik\u00e1nska gramatika - Talkpal","isPartOf":{"@id":"https:\/\/talkpal.ai\/sk\/#website"},"primaryImageOfPage":{"@id":"https:\/\/talkpal.ai\/sk\/afrikanska-gramatika\/#primaryimage"},"image":{"@id":"https:\/\/talkpal.ai\/sk\/afrikanska-gramatika\/#primaryimage"},"thumbnailUrl":"https:\/\/talkpal.ai\/wp-content\/uploads\/2023\/05\/south-africa.png","datePublished":"2023-05-14T13:59:24+00:00","dateModified":"2025-05-22T19:03:52+00:00","description":"Presk\u00famajte afrik\u00e1nsku gramatiku s na\u0161\u00edm sprievodcom pre za\u010diato\u010dn\u00edkov. Osvojte si stavbu vety a zlep\u0161ite svoje konverza\u010dn\u00e9 schopnosti.","breadcrumb":{"@id":"https:\/\/talkpal.ai\/sk\/afrikanska-gramatika\/#breadcrumb"},"inLanguage":"sk-SK","potentialAction":[{"@type":"ReadAction","target":["https:\/\/talkpal.ai\/sk\/afrikanska-gramatika\/"]}]},{"@type":"ImageObject","inLanguage":"sk-SK","@id":"https:\/\/talkpal.ai\/sk\/afrikanska-gramatika\/#primaryimage","url":"https:\/\/talkpal.ai\/wp-content\/uploads\/2023\/05\/south-africa.png","contentUrl":"https:\/\/talkpal.ai\/wp-content\/uploads\/2023\/05\/south-africa.png","width":512,"height":512},{"@type":"BreadcrumbList","@id":"https:\/\/talkpal.ai\/sk\/afrikanska-gramatika\/#breadcrumb","itemListElement":[{"@type":"ListItem","position":1,"name":"Homepage","item":"https:\/\/talkpal.ai\/sk\/"},{"@type":"ListItem","position":2,"name":"Afrik\u00e1nska gramatika"}]},{"@type":"WebSite","@id":"https:\/\/talkpal.ai\/sk\/#website","url":"https:\/\/talkpal.ai\/sk\/","name":"Talkpal","description":"AI Language Learning","publisher":{"@id":"https:\/\/talkpal.ai\/sk\/#organization"},"alternateName":"Talkpal AI","potentialAction":[{"@type":"SearchAction","target":{"@type":"EntryPoint","urlTemplate":"https:\/\/talkpal.ai\/sk\/?s={search_term_string}"},"query-input":{"@type":"PropertyValueSpecification","valueRequired":true,"valueName":"search_term_string"}}],"inLanguage":"sk-SK"},{"@type":"Organization","@id":"https:\/\/talkpal.ai\/sk\/#organization","name":"Talkpal, Inc.","alternateName":"Talkpal AI","url":"https:\/\/talkpal.ai\/sk\/","logo":{"@type":"ImageObject","inLanguage":"sk-SK","@id":"https:\/\/talkpal.ai\/sk\/#\/schema\/logo\/image\/","url":"https:\/\/talkpal.ai\/wp-content\/uploads\/2024\/03\/Talkpal-Logo-Icon.png","contentUrl":"https:\/\/talkpal.ai\/wp-content\/uploads\/2024\/03\/Talkpal-Logo-Icon.png","width":2880,"height":2880,"caption":"Talkpal, Inc."},"image":{"@id":"https:\/\/talkpal.ai\/sk\/#\/schema\/logo\/image\/"},"sameAs":["https:\/\/www.facebook.com\/profile.php?id=100090733639311","https:\/\/x.com\/talkpalai","https:\/\/www.linkedin.com\/company\/talkpal\/","https:\/\/www.youtube.com\/@TalkPal\/","https:\/\/www.tiktok.com\/@talkpal","https:\/\/www.instagram.com\/talkpal_ai\/","https:\/\/www.crunchbase.com\/organization\/talkpal-9cde","https:\/\/www.g2.com\/products\/talkpal-for-business\/","https:\/\/www.trustpilot.com\/review\/talkpal.ai","https:\/\/www.capterra.com\/p\/10006800\/TalkPal\/"],"description":"Talkpal is a language learning web and mobile education app, powered by the latest AI technologies, that provides engaging experiences to its customers in many different languages to help them improve their language skills. Users can chat about unlimited amount of topics with the app and use other modes to practice their language learning.","email":"support@talkpal.ai","legalName":"Talkpal, Inc.","foundingDate":"2023-04-03","duns":"118989042","numberOfEmployees":{"@type":"QuantitativeValue","minValue":"11","maxValue":"50"},"publishingPrinciples":"https:\/\/talkpal.ai\/publishing-principles\/","actionableFeedbackPolicy":"https:\/\/talkpal.ai\/actionable-feedback-policy\/","correctionsPolicy":"https:\/\/talkpal.ai\/corrections-policy\/","ethicsPolicy":"https:\/\/talkpal.ai\/ethics-policy\/","diversityPolicy":"https:\/\/talkpal.ai\/diversity-policy\/","diversityStaffingReport":"https:\/\/talkpal.ai\/diversity-policy\/"}]}},"_links":{"self":[{"href":"https:\/\/talkpal.ai\/sk\/wp-json\/wp\/v2\/pages\/140694","targetHints":{"allow":["GET"]}}],"collection":[{"href":"https:\/\/talkpal.ai\/sk\/wp-json\/wp\/v2\/pages"}],"about":[{"href":"https:\/\/talkpal.ai\/sk\/wp-json\/wp\/v2\/types\/page"}],"author":[{"embeddable":true,"href":"https:\/\/talkpal.ai\/sk\/wp-json\/wp\/v2\/users\/1"}],"replies":[{"embeddable":true,"href":"https:\/\/talkpal.ai\/sk\/wp-json\/wp\/v2\/comments?post=140694"}],"version-history":[{"count":0,"href":"https:\/\/talkpal.ai\/sk\/wp-json\/wp\/v2\/pages\/140694\/revisions"}],"wp:featuredmedia":[{"embeddable":true,"href":"https:\/\/talkpal.ai\/sk\/wp-json\/wp\/v2\/media\/108869"}],"wp:attachment":[{"href":"https:\/\/talkpal.ai\/sk\/wp-json\/wp\/v2\/media?parent=140694"}],"curies":[{"name":"wp","href":"https:\/\/api.w.org\/{rel}","templated":true}]}}